{"id":44344,"date":"2026-04-02T14:59:17","date_gmt":"2026-04-02T19:59:17","guid":{"rendered":"https:\/\/kmtwaterjet.com\/?page_id=44344"},"modified":"2026-04-02T15:00:38","modified_gmt":"2026-04-02T20:00:38","slug":"maquina-northwood-oem-sawjet-8","status":"publish","type":"page","link":"https:\/\/kmtwaterjet.com\/pt-br\/maquina-northwood-oem-sawjet-8\/","title":{"rendered":"M\u00c1QUINA NORTHWOOD OEM SAWJET"},"content":{"rendered":"\t\t<div data-elementor-type=\"wp-page\" data-elementor-id=\"44344\" class=\"elementor elementor-44344 elementor-44336\" data-elementor-post-type=\"page\">\n\t\t\t\t<div class=\"elementor-element elementor-element-a5186ce e-flex e-con-boxed e-con e-parent\" data-id=\"a5186ce\" data-element_type=\"container\" data-e-type=\"container\">\n\t\t\t\t\t<div class=\"e-con-inner\">\n\t\t\t\t<div class=\"elementor-element elementor-element-27eaaf2 elementor-widget elementor-widget-heading\" data-id=\"27eaaf2\" data-element_type=\"widget\" data-e-type=\"widget\" data-widget_type=\"heading.default\">\n\t\t\t\t<div class=\"elementor-widget-container\">\n\t\t\t\t\t<h1 class=\"elementor-heading-title elementor-size-default\">NORTHWOOD MACHINE - CORTE COM SERRA A JATO DE \u00c1GUA PARA PEDRAS, CENTROS DE USINAGEM E MUITO MAIS<\/h1>\t\t\t\t<\/div>\n\t\t\t\t<\/div>\n\t\t\t\t<div class=\"elementor-element elementor-element-9016e52 elementor-widget-divider--view-line elementor-widget elementor-widget-divider\" data-id=\"9016e52\" data-element_type=\"widget\" data-e-type=\"widget\" data-widget_type=\"divider.default\">\n\t\t\t\t<div class=\"elementor-widget-container\">\n\t\t\t\t\t\t\t<div class=\"elementor-divider\">\n\t\t\t<span class=\"elementor-divider-separator\">\n\t\t\t\t\t\t<\/span>\n\t\t<\/div>\n\t\t\t\t\t\t<\/div>\n\t\t\t\t<\/div>\n\t\t\t\t\t<\/div>\n\t\t\t\t<\/div>\n\t\t<div class=\"elementor-element elementor-element-08404e0 e-flex e-con-boxed e-con e-parent\" data-id=\"08404e0\" data-element_type=\"container\" data-e-type=\"container\">\n\t\t\t\t\t<div class=\"e-con-inner\">\n\t\t\t\t<div class=\"elementor-element elementor-element-7e9b4d7 elementor-widget elementor-widget-image\" data-id=\"7e9b4d7\" data-element_type=\"widget\" data-e-type=\"widget\" data-widget_type=\"image.default\">\n\t\t\t\t<div class=\"elementor-widget-container\">\n\t\t\t\t\t\t\t\t\t\t\t\t\t\t\t<img fetchpriority=\"high\" decoding=\"async\" width=\"2000\" height=\"429\" src=\"https:\/\/kmtwaterjet.com\/wp-content\/uploads\/MULTICAM-WATERJET-CUTTING-TABLES-BANNER.jpg\" class=\"attachment-full size-full wp-image-43999\" alt=\"\" srcset=\"https:\/\/kmtwaterjet.com\/wp-content\/uploads\/MULTICAM-WATERJET-CUTTING-TABLES-BANNER.jpg 2000w, https:\/\/kmtwaterjet.com\/wp-content\/uploads\/MULTICAM-WATERJET-CUTTING-TABLES-BANNER-300x64.jpg 300w, https:\/\/kmtwaterjet.com\/wp-content\/uploads\/MULTICAM-WATERJET-CUTTING-TABLES-BANNER-1024x220.jpg 1024w, https:\/\/kmtwaterjet.com\/wp-content\/uploads\/MULTICAM-WATERJET-CUTTING-TABLES-BANNER-768x165.jpg 768w, https:\/\/kmtwaterjet.com\/wp-content\/uploads\/MULTICAM-WATERJET-CUTTING-TABLES-BANNER-1536x329.jpg 1536w\" sizes=\"(max-width: 2000px) 100vw, 2000px\" \/>\t\t\t\t\t\t\t\t\t\t\t\t\t\t\t<\/div>\n\t\t\t\t<\/div>\n\t\t\t\t\t<\/div>\n\t\t\t\t<\/div>\n\t\t<div class=\"elementor-element elementor-element-5761e3a e-grid e-con-boxed e-con e-parent\" data-id=\"5761e3a\" data-element_type=\"container\" data-e-type=\"container\">\n\t\t\t\t\t<div class=\"e-con-inner\">\n\t\t\t\t<div class=\"elementor-element elementor-element-b79cae4 elementor-widget elementor-widget-image\" data-id=\"b79cae4\" data-element_type=\"widget\" data-e-type=\"widget\" data-widget_type=\"image.default\">\n\t\t\t\t<div class=\"elementor-widget-container\">\n\t\t\t\t\t\t\t\t\t\t\t\t\t\t\t<img decoding=\"async\" width=\"478\" height=\"152\" data-src=\"https:\/\/kmtwaterjet.com\/wp-content\/uploads\/MULTICAM-WATERJET-CUTTING-TABLES-LOGO.jpg\" class=\"attachment-large size-large wp-image-43994 lazyload\" alt=\"\" data-srcset=\"https:\/\/kmtwaterjet.com\/wp-content\/uploads\/MULTICAM-WATERJET-CUTTING-TABLES-LOGO.jpg 478w, https:\/\/kmtwaterjet.com\/wp-content\/uploads\/MULTICAM-WATERJET-CUTTING-TABLES-LOGO-300x95.jpg 300w\" data-sizes=\"(max-width: 478px) 100vw, 478px\" src=\"data:image\/svg+xml;base64,PHN2ZyB3aWR0aD0iMSIgaGVpZ2h0PSIxIiB4bWxucz0iaHR0cDovL3d3dy53My5vcmcvMjAwMC9zdmciPjwvc3ZnPg==\" style=\"--smush-placeholder-width: 478px; --smush-placeholder-aspect-ratio: 478\/152;\" \/>\t\t\t\t\t\t\t\t\t\t\t\t\t\t\t<\/div>\n\t\t\t\t<\/div>\n\t\t\t\t<div class=\"elementor-element elementor-element-932967f elementor-widget elementor-widget-text-editor\" data-id=\"932967f\" data-element_type=\"widget\" data-e-type=\"widget\" data-widget_type=\"text-editor.default\">\n\t\t\t\t<div class=\"elementor-widget-container\">\n\t\t\t\t\t\t\t\t\t<p><span style=\"color: #000080;\"><em><strong>M\u00e1quinas com engenharia legada, constru\u00eddas para resistir ao teste do tempo.<\/strong><\/em><\/span><\/p><p>H\u00e1 mais de 25 anos, a Northwood Machine constr\u00f3i m\u00e1quinas de jato de \u00e1gua personalizadas com componentes da mais alta qualidade. Nunca alteramos a aplica\u00e7\u00e3o de um cliente para adequ\u00e1-la \u00e0 nossa m\u00e1quina. A Northwood projetar\u00e1 e entregar\u00e1 a m\u00e1quina certa, personalizada para voc\u00ea e sua empresa.  <\/p>\t\t\t\t\t\t\t\t<\/div>\n\t\t\t\t<\/div>\n\t\t\t\t\t<\/div>\n\t\t\t\t<\/div>\n\t\t<div class=\"elementor-element elementor-element-ea56cbc e-flex e-con-boxed e-con e-parent\" data-id=\"ea56cbc\" data-element_type=\"container\" data-e-type=\"container\">\n\t\t\t\t\t<div class=\"e-con-inner\">\n\t\t\t\t<div class=\"elementor-element elementor-element-3b30ee9 elementor-widget-divider--view-line elementor-widget elementor-widget-divider\" data-id=\"3b30ee9\" data-element_type=\"widget\" data-e-type=\"widget\" data-widget_type=\"divider.default\">\n\t\t\t\t<div class=\"elementor-widget-container\">\n\t\t\t\t\t\t\t<div class=\"elementor-divider\">\n\t\t\t<span class=\"elementor-divider-separator\">\n\t\t\t\t\t\t<\/span>\n\t\t<\/div>\n\t\t\t\t\t\t<\/div>\n\t\t\t\t<\/div>\n\t\t\t\t\t<\/div>\n\t\t\t\t<\/div>\n\t\t<div class=\"elementor-element elementor-element-56cd23b e-grid e-con-boxed e-con e-parent\" data-id=\"56cd23b\" data-element_type=\"container\" data-e-type=\"container\">\n\t\t\t\t\t<div class=\"e-con-inner\">\n\t\t\t\t<div class=\"elementor-element elementor-element-63f321b elementor-widget elementor-widget-image\" data-id=\"63f321b\" data-element_type=\"widget\" data-e-type=\"widget\" data-widget_type=\"image.default\">\n\t\t\t\t<div class=\"elementor-widget-container\">\n\t\t\t\t\t\t\t\t\t\t\t\t<figure class=\"wp-caption\">\n\t\t\t\t\t\t\t\t\t\t<img decoding=\"async\" width=\"800\" height=\"384\" data-src=\"https:\/\/kmtwaterjet.com\/wp-content\/uploads\/MultiCam-1000-Series-CNC-Waterjet-Cutting-Table-1024x492.jpg\" class=\"attachment-large size-large wp-image-43996 lazyload\" alt=\"\" data-srcset=\"https:\/\/kmtwaterjet.com\/wp-content\/uploads\/MultiCam-1000-Series-CNC-Waterjet-Cutting-Table-1024x492.jpg 1024w, https:\/\/kmtwaterjet.com\/wp-content\/uploads\/MultiCam-1000-Series-CNC-Waterjet-Cutting-Table-300x144.jpg 300w, https:\/\/kmtwaterjet.com\/wp-content\/uploads\/MultiCam-1000-Series-CNC-Waterjet-Cutting-Table-768x369.jpg 768w, https:\/\/kmtwaterjet.com\/wp-content\/uploads\/MultiCam-1000-Series-CNC-Waterjet-Cutting-Table.jpg 1400w\" data-sizes=\"(max-width: 800px) 100vw, 800px\" src=\"data:image\/svg+xml;base64,PHN2ZyB3aWR0aD0iMSIgaGVpZ2h0PSIxIiB4bWxucz0iaHR0cDovL3d3dy53My5vcmcvMjAwMC9zdmciPjwvc3ZnPg==\" style=\"--smush-placeholder-width: 800px; --smush-placeholder-aspect-ratio: 800\/384;\" \/>\t\t\t\t\t\t\t\t\t\t\t<figcaption class=\"widget-image-caption wp-caption-text\">MultiCam 1000 Series CNC Waterjet Cutting Table<\/figcaption>\n\t\t\t\t\t\t\t\t\t\t<\/figure>\n\t\t\t\t\t\t\t\t\t<\/div>\n\t\t\t\t<\/div>\n\t\t\t\t<div class=\"elementor-element elementor-element-82a276b elementor-widget elementor-widget-image\" data-id=\"82a276b\" data-element_type=\"widget\" data-e-type=\"widget\" data-widget_type=\"image.default\">\n\t\t\t\t<div class=\"elementor-widget-container\">\n\t\t\t\t\t\t\t\t\t\t\t\t<figure class=\"wp-caption\">\n\t\t\t\t\t\t\t\t\t\t<img decoding=\"async\" width=\"800\" height=\"384\" data-src=\"https:\/\/kmtwaterjet.com\/wp-content\/uploads\/MultiCam-EZ-Control-G-Code-and-Coreo-Software-1024x492.jpg\" class=\"attachment-large size-large wp-image-43998 lazyload\" alt=\"\" data-srcset=\"https:\/\/kmtwaterjet.com\/wp-content\/uploads\/MultiCam-EZ-Control-G-Code-and-Coreo-Software-1024x492.jpg 1024w, https:\/\/kmtwaterjet.com\/wp-content\/uploads\/MultiCam-EZ-Control-G-Code-and-Coreo-Software-300x144.jpg 300w, https:\/\/kmtwaterjet.com\/wp-content\/uploads\/MultiCam-EZ-Control-G-Code-and-Coreo-Software-768x369.jpg 768w, https:\/\/kmtwaterjet.com\/wp-content\/uploads\/MultiCam-EZ-Control-G-Code-and-Coreo-Software.jpg 1400w\" data-sizes=\"(max-width: 800px) 100vw, 800px\" src=\"data:image\/svg+xml;base64,PHN2ZyB3aWR0aD0iMSIgaGVpZ2h0PSIxIiB4bWxucz0iaHR0cDovL3d3dy53My5vcmcvMjAwMC9zdmciPjwvc3ZnPg==\" style=\"--smush-placeholder-width: 800px; --smush-placeholder-aspect-ratio: 800\/384;\" \/>\t\t\t\t\t\t\t\t\t\t\t<figcaption class=\"widget-image-caption wp-caption-text\">MultiCam EZ Control G-Code and Coreo Software<\/figcaption>\n\t\t\t\t\t\t\t\t\t\t<\/figure>\n\t\t\t\t\t\t\t\t\t<\/div>\n\t\t\t\t<\/div>\n\t\t\t\t\t<\/div>\n\t\t\t\t<\/div>\n\t\t<div class=\"elementor-element elementor-element-6b78d1e e-flex e-con-boxed e-con e-parent\" data-id=\"6b78d1e\" data-element_type=\"container\" data-e-type=\"container\">\n\t\t\t\t\t<div class=\"e-con-inner\">\n\t\t\t\t<div class=\"elementor-element elementor-element-9115298 elementor-widget elementor-widget-spacer\" data-id=\"9115298\" data-element_type=\"widget\" data-e-type=\"widget\" data-widget_type=\"spacer.default\">\n\t\t\t\t<div class=\"elementor-widget-container\">\n\t\t\t\t\t\t\t<div class=\"elementor-spacer\">\n\t\t\t<div class=\"elementor-spacer-inner\"><\/div>\n\t\t<\/div>\n\t\t\t\t\t\t<\/div>\n\t\t\t\t<\/div>\n\t\t\t\t\t<\/div>\n\t\t\t\t<\/div>\n\t\t<div class=\"elementor-element elementor-element-5abe2a5 e-flex e-con-boxed e-con e-parent\" data-id=\"5abe2a5\" data-element_type=\"container\" data-e-type=\"container\">\n\t\t\t\t\t<div class=\"e-con-inner\">\n\t\t\t\t<div class=\"elementor-element elementor-element-ae0216d elementor-widget elementor-widget-heading\" data-id=\"ae0216d\" data-element_type=\"widget\" data-e-type=\"widget\" data-widget_type=\"heading.default\">\n\t\t\t\t<div class=\"elementor-widget-container\">\n\t\t\t\t\t<h2 class=\"elementor-heading-title elementor-size-default\">M\u00c1QUINAS DE CORTE CNC DA NORTHWOOD<\/h2>\t\t\t\t<\/div>\n\t\t\t\t<\/div>\n\t\t\t\t<div class=\"elementor-element elementor-element-8b293f1 elementor-widget elementor-widget-text-editor\" data-id=\"8b293f1\" data-element_type=\"widget\" data-e-type=\"widget\" data-widget_type=\"text-editor.default\">\n\t\t\t\t<div class=\"elementor-widget-container\">\n\t\t\t\t\t\t\t\t\t<div class=\"section\"><ul><li>Fabricamos roteadores CNC para servi\u00e7os pesados e centros de usinagem CNC para corte com jato de \u00e1gua nos setores aeroespacial, de madeira, pl\u00e1stico, compostos e<br>pedra.<\/li><li>Criada com base em tr\u00eas princ\u00edpios fundamentais: Fabricado nos EUA, componentes padronizados de alta qualidade e pessoas excepcionais<br>.<\/li><li>A Northwood oferece suporte dom\u00e9stico com engenheiros, instala\u00e7\u00f5es de montagem e departamentos de servi\u00e7o sediados nos EUA.<\/li><\/ul><\/div><div class=\"section\"><h2>Equipamento de corte especializado<\/h2><h3><span style=\"color: #000080;\">M\u00e1quinas CNC de 3 eixos<\/span><\/h3><ul><li>Centros de usinagem CNC de 3 eixos com mesas de trabalho m\u00f3veis &#8211; Solu\u00e7\u00f5es de usinagem vers\u00e1teis com superf\u00edcies de trabalho m\u00f3veis<br>.<\/li><li>P\u00f3rtico m\u00f3vel de 3 eixos &#8211; Mesa de trabalho fixa com design de p\u00f3rtico m\u00f3vel para aumentar a capacidade.<\/li><li>Roteadores CNC de tr\u00eas eixos com reten\u00e7\u00e3o de roletes &#8211; Roteadores especializados com sistemas de reten\u00e7\u00e3o de roletes para manuseio seguro de pe\u00e7as de trabalho<br>.<\/li><\/ul><h3><span style=\"color: #000080;\">M\u00e1quinas CNC de 5 eixos<\/span><\/h3><ul><li>Centro de usinagem CNC a jato de \u00e1gua de 5 eixos com mesa de trabalho m\u00f3vel &#8211; Usinagem multidirecional avan\u00e7ada com trabalho m\u00f3vel<br>superf\u00edcie.<\/li><li>M\u00e1quinas CNC de p\u00f3rtico m\u00f3vel de 5 eixos &#8211; Mesa fixa com design de p\u00f3rtico m\u00f3vel que fornece envelopes de trabalho de at\u00e9<br>12 p\u00e9s x 12 p\u00e9s (3658 mm x 3658 mm).<\/li><li>CNC de 5 eixos para a ind\u00fastria do vidro &#8211; Ar\u00edete para servi\u00e7o pesado com curso de at\u00e9 72&#8243; (1829 mm) no eixo Z e articula\u00e7\u00e3o de ferro fundido no eixo 2<br>.<\/li><\/ul><\/div><div class=\"section\"><h2>Especializa\u00e7\u00f5es no setor de pedras<\/h2><ul><li>Northwood FabCenter (UFC 138) &#8211; O melhor centro de fabrica\u00e7\u00e3o com motor de serra Saccardo acionado por Fanuc.<\/li><li>Stone Router &#8211; M\u00e1quina projetada especificamente para o processamento de pedras.<\/li><li>CNC Raptor SawJet &#8211; Inova\u00e7\u00e3o revolucion\u00e1ria no processamento de pedras em 2006 que combina tecnologia de corte e jato de \u00e1gua.<\/li><li>Iris Slab Scanner &#8211; Scanner vertical de placas de pedra com resolu\u00e7\u00e3o de 12K para visualiza\u00e7\u00e3o detalhada das pedras.<\/li><\/ul><\/div><div class=\"section\"><h2>Op\u00e7\u00f5es adicionais<\/h2><ul><li>M\u00e1quinas usadas certificadas &#8211; M\u00e1quinas usadas mantidas de acordo com os padr\u00f5es da Northwood, com suporte vital\u00edcio e treinamento em<br>.<br><hr><\/li><\/ul><p><em><span style=\"color: #000080;\"><strong>\u221a Preencha o formul\u00e1rio abaixo e um representante entrar\u00e1 em contato em breve.<\/strong><\/span><\/em><\/p><\/div>\t\t\t\t\t\t\t\t<\/div>\n\t\t\t\t<\/div>\n\t\t\t\t\t<\/div>\n\t\t\t\t<\/div>\n\t\t\t\t<\/div>\n\t\t","protected":false},"excerpt":{"rendered":"<p>NORTHWOOD MACHINE &#8211; CORTE COM SERRA A JATO DE \u00c1GUA PARA PEDRAS, CENTROS DE USINAGEM E MUITO MAIS M\u00e1quinas com engenharia legada, constru\u00eddas para resistir ao teste do tempo. H\u00e1 mais de 25 anos, a Northwood Machine constr\u00f3i m\u00e1quinas de jato de \u00e1gua personalizadas com componentes da mais alta qualidade. Nunca alteramos a aplica\u00e7\u00e3o de [&hellip;]<\/p>\n","protected":false},"author":12,"featured_media":0,"parent":0,"menu_order":0,"comment_status":"closed","ping_status":"closed","template":"","meta":{"_acf_changed":false,"footnotes":""},"page-type":[],"class_list":["post-44344","page","type-page","status-publish","hentry"],"acf":[],"yoast_head":"<!-- This site is optimized with the Yoast SEO plugin v27.3 - https:\/\/yoast.com\/product\/yoast-seo-wordpress\/ -->\n<title>M\u00c1QUINA NORTHWOOD OEM SAWJET | KMT Waterjet<\/title>\n<meta name=\"robots\" content=\"index, follow, max-snippet:-1, max-image-preview:large, max-video-preview:-1\" \/>\n<link rel=\"canonical\" href=\"https:\/\/kmtwaterjet.com\/pt-br\/maquina-northwood-oem-sawjet-8\/\" \/>\n<meta property=\"og:locale\" content=\"pt_BR\" \/>\n<meta property=\"og:type\" content=\"article\" \/>\n<meta property=\"og:title\" content=\"M\u00c1QUINA NORTHWOOD OEM SAWJET | KMT Waterjet\" \/>\n<meta property=\"og:description\" content=\"NORTHWOOD MACHINE &#8211; CORTE COM SERRA A JATO DE \u00c1GUA PARA PEDRAS, CENTROS DE USINAGEM E MUITO MAIS M\u00e1quinas com engenharia legada, constru\u00eddas para resistir ao teste do tempo. H\u00e1 mais de 25 anos, a Northwood Machine constr\u00f3i m\u00e1quinas de jato de \u00e1gua personalizadas com componentes da mais alta qualidade. Nunca alteramos a aplica\u00e7\u00e3o de [&hellip;]\" \/>\n<meta property=\"og:url\" content=\"https:\/\/kmtwaterjet.com\/pt-br\/maquina-northwood-oem-sawjet-8\/\" \/>\n<meta property=\"og:site_name\" content=\"KMT Waterjet\" \/>\n<meta property=\"article:modified_time\" content=\"2026-04-02T20:00:38+00:00\" \/>\n<meta property=\"og:image\" content=\"https:\/\/kmtwaterjet.com\/wp-content\/uploads\/MULTICAM-WATERJET-CUTTING-TABLES-BANNER.jpg\" \/>\n<meta name=\"twitter:card\" content=\"summary_large_image\" \/>\n<meta name=\"twitter:label1\" content=\"Est. tempo de leitura\" \/>\n\t<meta name=\"twitter:data1\" content=\"2 minutos\" \/>\n<script type=\"application\/ld+json\" class=\"yoast-schema-graph\">{\"@context\":\"https:\\\/\\\/schema.org\",\"@graph\":[{\"@type\":\"WebPage\",\"@id\":\"https:\\\/\\\/kmtwaterjet.com\\\/pt-br\\\/maquina-northwood-oem-sawjet-8\\\/\",\"url\":\"https:\\\/\\\/kmtwaterjet.com\\\/pt-br\\\/maquina-northwood-oem-sawjet-8\\\/\",\"name\":\"M\u00c1QUINA NORTHWOOD OEM SAWJET | KMT Waterjet\",\"isPartOf\":{\"@id\":\"https:\\\/\\\/kmtwaterjet.com\\\/pt-br\\\/#website\"},\"primaryImageOfPage\":{\"@id\":\"https:\\\/\\\/kmtwaterjet.com\\\/pt-br\\\/maquina-northwood-oem-sawjet-8\\\/#primaryimage\"},\"image\":{\"@id\":\"https:\\\/\\\/kmtwaterjet.com\\\/pt-br\\\/maquina-northwood-oem-sawjet-8\\\/#primaryimage\"},\"thumbnailUrl\":\"https:\\\/\\\/kmtwaterjet.com\\\/wp-content\\\/uploads\\\/MULTICAM-WATERJET-CUTTING-TABLES-BANNER.jpg\",\"datePublished\":\"2026-04-02T19:59:17+00:00\",\"dateModified\":\"2026-04-02T20:00:38+00:00\",\"breadcrumb\":{\"@id\":\"https:\\\/\\\/kmtwaterjet.com\\\/pt-br\\\/maquina-northwood-oem-sawjet-8\\\/#breadcrumb\"},\"inLanguage\":\"pt-BR\",\"potentialAction\":[{\"@type\":\"ReadAction\",\"target\":[\"https:\\\/\\\/kmtwaterjet.com\\\/pt-br\\\/maquina-northwood-oem-sawjet-8\\\/\"]}]},{\"@type\":\"ImageObject\",\"inLanguage\":\"pt-BR\",\"@id\":\"https:\\\/\\\/kmtwaterjet.com\\\/pt-br\\\/maquina-northwood-oem-sawjet-8\\\/#primaryimage\",\"url\":\"https:\\\/\\\/kmtwaterjet.com\\\/wp-content\\\/uploads\\\/MULTICAM-WATERJET-CUTTING-TABLES-BANNER.jpg\",\"contentUrl\":\"https:\\\/\\\/kmtwaterjet.com\\\/wp-content\\\/uploads\\\/MULTICAM-WATERJET-CUTTING-TABLES-BANNER.jpg\"},{\"@type\":\"BreadcrumbList\",\"@id\":\"https:\\\/\\\/kmtwaterjet.com\\\/pt-br\\\/maquina-northwood-oem-sawjet-8\\\/#breadcrumb\",\"itemListElement\":[{\"@type\":\"ListItem\",\"position\":1,\"name\":\"Home\",\"item\":\"https:\\\/\\\/kmtwaterjet.com\\\/pt-br\\\/\"},{\"@type\":\"ListItem\",\"position\":2,\"name\":\"M\u00c1QUINA NORTHWOOD OEM SAWJET\"}]},{\"@type\":\"WebSite\",\"@id\":\"https:\\\/\\\/kmtwaterjet.com\\\/pt-br\\\/#website\",\"url\":\"https:\\\/\\\/kmtwaterjet.com\\\/pt-br\\\/\",\"name\":\"KMT Waterjet\",\"description\":\"KMT Waterjet for waterjet cutting metal, stone, glass, steel and more\",\"publisher\":{\"@id\":\"https:\\\/\\\/kmtwaterjet.com\\\/pt-br\\\/#organization\"},\"potentialAction\":[{\"@type\":\"SearchAction\",\"target\":{\"@type\":\"EntryPoint\",\"urlTemplate\":\"https:\\\/\\\/kmtwaterjet.com\\\/pt-br\\\/?s={search_term_string}\"},\"query-input\":{\"@type\":\"PropertyValueSpecification\",\"valueRequired\":true,\"valueName\":\"search_term_string\"}}],\"inLanguage\":\"pt-BR\"},{\"@type\":\"Organization\",\"@id\":\"https:\\\/\\\/kmtwaterjet.com\\\/pt-br\\\/#organization\",\"name\":\"KMT Waterjet\",\"url\":\"https:\\\/\\\/kmtwaterjet.com\\\/pt-br\\\/\",\"logo\":{\"@type\":\"ImageObject\",\"inLanguage\":\"pt-BR\",\"@id\":\"https:\\\/\\\/kmtwaterjet.com\\\/pt-br\\\/#\\\/schema\\\/logo\\\/image\\\/\",\"url\":\"https:\\\/\\\/kmtwaterjet.com\\\/wp-content\\\/uploads\\\/kmt_logo_2020.png\",\"contentUrl\":\"https:\\\/\\\/kmtwaterjet.com\\\/wp-content\\\/uploads\\\/kmt_logo_2020.png\",\"width\":1002,\"height\":605,\"caption\":\"KMT Waterjet\"},\"image\":{\"@id\":\"https:\\\/\\\/kmtwaterjet.com\\\/pt-br\\\/#\\\/schema\\\/logo\\\/image\\\/\"}}]}<\/script>\n<!-- \/ Yoast SEO plugin. -->","yoast_head_json":{"title":"M\u00c1QUINA NORTHWOOD OEM SAWJET | KMT Waterjet","robots":{"index":"index","follow":"follow","max-snippet":"max-snippet:-1","max-image-preview":"max-image-preview:large","max-video-preview":"max-video-preview:-1"},"canonical":"https:\/\/kmtwaterjet.com\/pt-br\/maquina-northwood-oem-sawjet-8\/","og_locale":"pt_BR","og_type":"article","og_title":"M\u00c1QUINA NORTHWOOD OEM SAWJET | KMT Waterjet","og_description":"NORTHWOOD MACHINE &#8211; CORTE COM SERRA A JATO DE \u00c1GUA PARA PEDRAS, CENTROS DE USINAGEM E MUITO MAIS M\u00e1quinas com engenharia legada, constru\u00eddas para resistir ao teste do tempo. H\u00e1 mais de 25 anos, a Northwood Machine constr\u00f3i m\u00e1quinas de jato de \u00e1gua personalizadas com componentes da mais alta qualidade. Nunca alteramos a aplica\u00e7\u00e3o de [&hellip;]","og_url":"https:\/\/kmtwaterjet.com\/pt-br\/maquina-northwood-oem-sawjet-8\/","og_site_name":"KMT Waterjet","article_modified_time":"2026-04-02T20:00:38+00:00","og_image":[{"url":"https:\/\/kmtwaterjet.com\/wp-content\/uploads\/MULTICAM-WATERJET-CUTTING-TABLES-BANNER.jpg","type":"","width":"","height":""}],"twitter_card":"summary_large_image","twitter_misc":{"Est. tempo de leitura":"2 minutos"},"schema":{"@context":"https:\/\/schema.org","@graph":[{"@type":"WebPage","@id":"https:\/\/kmtwaterjet.com\/pt-br\/maquina-northwood-oem-sawjet-8\/","url":"https:\/\/kmtwaterjet.com\/pt-br\/maquina-northwood-oem-sawjet-8\/","name":"M\u00c1QUINA NORTHWOOD OEM SAWJET | KMT Waterjet","isPartOf":{"@id":"https:\/\/kmtwaterjet.com\/pt-br\/#website"},"primaryImageOfPage":{"@id":"https:\/\/kmtwaterjet.com\/pt-br\/maquina-northwood-oem-sawjet-8\/#primaryimage"},"image":{"@id":"https:\/\/kmtwaterjet.com\/pt-br\/maquina-northwood-oem-sawjet-8\/#primaryimage"},"thumbnailUrl":"https:\/\/kmtwaterjet.com\/wp-content\/uploads\/MULTICAM-WATERJET-CUTTING-TABLES-BANNER.jpg","datePublished":"2026-04-02T19:59:17+00:00","dateModified":"2026-04-02T20:00:38+00:00","breadcrumb":{"@id":"https:\/\/kmtwaterjet.com\/pt-br\/maquina-northwood-oem-sawjet-8\/#breadcrumb"},"inLanguage":"pt-BR","potentialAction":[{"@type":"ReadAction","target":["https:\/\/kmtwaterjet.com\/pt-br\/maquina-northwood-oem-sawjet-8\/"]}]},{"@type":"ImageObject","inLanguage":"pt-BR","@id":"https:\/\/kmtwaterjet.com\/pt-br\/maquina-northwood-oem-sawjet-8\/#primaryimage","url":"https:\/\/kmtwaterjet.com\/wp-content\/uploads\/MULTICAM-WATERJET-CUTTING-TABLES-BANNER.jpg","contentUrl":"https:\/\/kmtwaterjet.com\/wp-content\/uploads\/MULTICAM-WATERJET-CUTTING-TABLES-BANNER.jpg"},{"@type":"BreadcrumbList","@id":"https:\/\/kmtwaterjet.com\/pt-br\/maquina-northwood-oem-sawjet-8\/#breadcrumb","itemListElement":[{"@type":"ListItem","position":1,"name":"Home","item":"https:\/\/kmtwaterjet.com\/pt-br\/"},{"@type":"ListItem","position":2,"name":"M\u00c1QUINA NORTHWOOD OEM SAWJET"}]},{"@type":"WebSite","@id":"https:\/\/kmtwaterjet.com\/pt-br\/#website","url":"https:\/\/kmtwaterjet.com\/pt-br\/","name":"KMT Waterjet","description":"KMT Waterjet for waterjet cutting metal, stone, glass, steel and more","publisher":{"@id":"https:\/\/kmtwaterjet.com\/pt-br\/#organization"},"potentialAction":[{"@type":"SearchAction","target":{"@type":"EntryPoint","urlTemplate":"https:\/\/kmtwaterjet.com\/pt-br\/?s={search_term_string}"},"query-input":{"@type":"PropertyValueSpecification","valueRequired":true,"valueName":"search_term_string"}}],"inLanguage":"pt-BR"},{"@type":"Organization","@id":"https:\/\/kmtwaterjet.com\/pt-br\/#organization","name":"KMT Waterjet","url":"https:\/\/kmtwaterjet.com\/pt-br\/","logo":{"@type":"ImageObject","inLanguage":"pt-BR","@id":"https:\/\/kmtwaterjet.com\/pt-br\/#\/schema\/logo\/image\/","url":"https:\/\/kmtwaterjet.com\/wp-content\/uploads\/kmt_logo_2020.png","contentUrl":"https:\/\/kmtwaterjet.com\/wp-content\/uploads\/kmt_logo_2020.png","width":1002,"height":605,"caption":"KMT Waterjet"},"image":{"@id":"https:\/\/kmtwaterjet.com\/pt-br\/#\/schema\/logo\/image\/"}}]}},"_links":{"self":[{"href":"https:\/\/kmtwaterjet.com\/pt-br\/wp-json\/wp\/v2\/pages\/44344","targetHints":{"allow":["GET"]}}],"collection":[{"href":"https:\/\/kmtwaterjet.com\/pt-br\/wp-json\/wp\/v2\/pages"}],"about":[{"href":"https:\/\/kmtwaterjet.com\/pt-br\/wp-json\/wp\/v2\/types\/page"}],"author":[{"embeddable":true,"href":"https:\/\/kmtwaterjet.com\/pt-br\/wp-json\/wp\/v2\/users\/12"}],"replies":[{"embeddable":true,"href":"https:\/\/kmtwaterjet.com\/pt-br\/wp-json\/wp\/v2\/comments?post=44344"}],"version-history":[{"count":0,"href":"https:\/\/kmtwaterjet.com\/pt-br\/wp-json\/wp\/v2\/pages\/44344\/revisions"}],"wp:attachment":[{"href":"https:\/\/kmtwaterjet.com\/pt-br\/wp-json\/wp\/v2\/media?parent=44344"}],"wp:term":[{"taxonomy":"page-type","embeddable":true,"href":"https:\/\/kmtwaterjet.com\/pt-br\/wp-json\/wp\/v2\/page-type?post=44344"}],"curies":[{"name":"wp","href":"https:\/\/api.w.org\/{rel}","templated":true}]}}