{"id":43917,"date":"2026-04-01T09:53:42","date_gmt":"2026-04-01T14:53:42","guid":{"rendered":"https:\/\/kmtwaterjet.com\/?page_id=43917"},"modified":"2026-04-02T14:26:13","modified_gmt":"2026-04-02T19:26:13","slug":"maquina-northwood-oem-sawjet-5","status":"publish","type":"page","link":"https:\/\/kmtwaterjet.com\/pt-br\/maquina-northwood-oem-sawjet-5\/","title":{"rendered":"CORTADORES A JATO DE \u00c1GUA CNC OEM LAGUNA"},"content":{"rendered":"\t\t<div data-elementor-type=\"wp-page\" data-elementor-id=\"43917\" class=\"elementor elementor-43917 elementor-43909\" data-elementor-post-type=\"page\">\n\t\t\t\t<div class=\"elementor-element elementor-element-a5186ce e-flex e-con-boxed e-con e-parent\" data-id=\"a5186ce\" data-element_type=\"container\" data-e-type=\"container\">\n\t\t\t\t\t<div class=\"e-con-inner\">\n\t\t\t\t<div class=\"elementor-element elementor-element-27eaaf2 elementor-widget elementor-widget-heading\" data-id=\"27eaaf2\" data-element_type=\"widget\" data-e-type=\"widget\" data-widget_type=\"heading.default\">\n\t\t\t\t<div class=\"elementor-widget-container\">\n\t\t\t\t\t<h1 class=\"elementor-heading-title elementor-size-default\">M\u00c1QUINAS DE CORTE CNC A JATO DE \u00c1GUA DA LAGUNA TOOLS<\/h1>\t\t\t\t<\/div>\n\t\t\t\t<\/div>\n\t\t\t\t<div class=\"elementor-element elementor-element-9016e52 elementor-widget-divider--view-line elementor-widget elementor-widget-divider\" data-id=\"9016e52\" data-element_type=\"widget\" data-e-type=\"widget\" data-widget_type=\"divider.default\">\n\t\t\t\t<div class=\"elementor-widget-container\">\n\t\t\t\t\t\t\t<div class=\"elementor-divider\">\n\t\t\t<span class=\"elementor-divider-separator\">\n\t\t\t\t\t\t<\/span>\n\t\t<\/div>\n\t\t\t\t\t\t<\/div>\n\t\t\t\t<\/div>\n\t\t\t\t\t<\/div>\n\t\t\t\t<\/div>\n\t\t<div class=\"elementor-element elementor-element-08404e0 e-flex e-con-boxed e-con e-parent\" data-id=\"08404e0\" data-element_type=\"container\" data-e-type=\"container\">\n\t\t\t\t\t<div class=\"e-con-inner\">\n\t\t\t\t<div class=\"elementor-element elementor-element-7e9b4d7 elementor-widget elementor-widget-image\" data-id=\"7e9b4d7\" data-element_type=\"widget\" data-e-type=\"widget\" data-widget_type=\"image.default\">\n\t\t\t\t<div class=\"elementor-widget-container\">\n\t\t\t\t\t\t\t\t\t\t\t\t\t\t\t<img fetchpriority=\"high\" decoding=\"async\" width=\"1392\" height=\"518\" src=\"https:\/\/kmtwaterjet.com\/wp-content\/uploads\/LAGUNA-WATERJET-CUTTING-SYSTEM-TABLES-BANNER.jpg\" class=\"attachment-full size-full wp-image-43935\" alt=\"Laguna Waterjet Cutting Tables\" srcset=\"https:\/\/kmtwaterjet.com\/wp-content\/uploads\/LAGUNA-WATERJET-CUTTING-SYSTEM-TABLES-BANNER.jpg 1392w, https:\/\/kmtwaterjet.com\/wp-content\/uploads\/LAGUNA-WATERJET-CUTTING-SYSTEM-TABLES-BANNER-300x112.jpg 300w, https:\/\/kmtwaterjet.com\/wp-content\/uploads\/LAGUNA-WATERJET-CUTTING-SYSTEM-TABLES-BANNER-1024x381.jpg 1024w, https:\/\/kmtwaterjet.com\/wp-content\/uploads\/LAGUNA-WATERJET-CUTTING-SYSTEM-TABLES-BANNER-768x286.jpg 768w\" sizes=\"(max-width: 1392px) 100vw, 1392px\" \/>\t\t\t\t\t\t\t\t\t\t\t\t\t\t\t<\/div>\n\t\t\t\t<\/div>\n\t\t\t\t\t<\/div>\n\t\t\t\t<\/div>\n\t\t<div class=\"elementor-element elementor-element-5761e3a e-grid e-con-boxed e-con e-parent\" data-id=\"5761e3a\" data-element_type=\"container\" data-e-type=\"container\">\n\t\t\t\t\t<div class=\"e-con-inner\">\n\t\t\t\t<div class=\"elementor-element elementor-element-b79cae4 elementor-widget elementor-widget-image\" data-id=\"b79cae4\" data-element_type=\"widget\" data-e-type=\"widget\" data-widget_type=\"image.default\">\n\t\t\t\t<div class=\"elementor-widget-container\">\n\t\t\t\t\t\t\t\t\t\t\t\t\t\t\t<img decoding=\"async\" width=\"474\" height=\"263\" data-src=\"https:\/\/kmtwaterjet.com\/wp-content\/uploads\/LAGUNA-TOOLS-CNC-WATERJET-CUTTING-LOGO.jpg\" class=\"attachment-large size-large wp-image-43936 lazyload\" alt=\"Laguna Logo\" data-srcset=\"https:\/\/kmtwaterjet.com\/wp-content\/uploads\/LAGUNA-TOOLS-CNC-WATERJET-CUTTING-LOGO.jpg 474w, https:\/\/kmtwaterjet.com\/wp-content\/uploads\/LAGUNA-TOOLS-CNC-WATERJET-CUTTING-LOGO-300x166.jpg 300w\" data-sizes=\"(max-width: 474px) 100vw, 474px\" src=\"data:image\/svg+xml;base64,PHN2ZyB3aWR0aD0iMSIgaGVpZ2h0PSIxIiB4bWxucz0iaHR0cDovL3d3dy53My5vcmcvMjAwMC9zdmciPjwvc3ZnPg==\" style=\"--smush-placeholder-width: 474px; --smush-placeholder-aspect-ratio: 474\/263;\" \/>\t\t\t\t\t\t\t\t\t\t\t\t\t\t\t<\/div>\n\t\t\t\t<\/div>\n\t\t\t\t<div class=\"elementor-element elementor-element-932967f elementor-widget elementor-widget-text-editor\" data-id=\"932967f\" data-element_type=\"widget\" data-e-type=\"widget\" data-widget_type=\"text-editor.default\">\n\t\t\t\t<div class=\"elementor-widget-container\">\n\t\t\t\t\t\t\t\t\t<p><em><strong>Qualidade de borda incompar\u00e1vel com as m\u00e1quinas CNC a jato de \u00e1gua da Laguna Tools<\/strong><\/em><\/p><p><strong>Cortadores a jato de \u00e1gua<\/strong><br>As m\u00e1quinas CNC a jato de \u00e1gua usam \u00e1gua de alta press\u00e3o para cortar v\u00e1rios materiais, comumente usados em aplica\u00e7\u00f5es nos setores aeroespacial, automotivo e eletr\u00f4nico. Os cortadores a jato de \u00e1gua CNC da Laguna oferecem corte de alto desempenho em metais mais espessos e produtos sens\u00edveis ao calor sem sacrificar a qualidade da borda. <\/p>\t\t\t\t\t\t\t\t<\/div>\n\t\t\t\t<\/div>\n\t\t\t\t\t<\/div>\n\t\t\t\t<\/div>\n\t\t<div class=\"elementor-element elementor-element-ea56cbc e-flex e-con-boxed e-con e-parent\" data-id=\"ea56cbc\" data-element_type=\"container\" data-e-type=\"container\">\n\t\t\t\t\t<div class=\"e-con-inner\">\n\t\t\t\t<div class=\"elementor-element elementor-element-3b30ee9 elementor-widget-divider--view-line elementor-widget elementor-widget-divider\" data-id=\"3b30ee9\" data-element_type=\"widget\" data-e-type=\"widget\" data-widget_type=\"divider.default\">\n\t\t\t\t<div class=\"elementor-widget-container\">\n\t\t\t\t\t\t\t<div class=\"elementor-divider\">\n\t\t\t<span class=\"elementor-divider-separator\">\n\t\t\t\t\t\t<\/span>\n\t\t<\/div>\n\t\t\t\t\t\t<\/div>\n\t\t\t\t<\/div>\n\t\t\t\t\t<\/div>\n\t\t\t\t<\/div>\n\t\t<div class=\"elementor-element elementor-element-56cd23b e-grid e-con-boxed e-con e-parent\" data-id=\"56cd23b\" data-element_type=\"container\" data-e-type=\"container\">\n\t\t\t\t\t<div class=\"e-con-inner\">\n\t\t\t\t<div class=\"elementor-element elementor-element-63f321b elementor-widget elementor-widget-image\" data-id=\"63f321b\" data-element_type=\"widget\" data-e-type=\"widget\" data-widget_type=\"image.default\">\n\t\t\t\t<div class=\"elementor-widget-container\">\n\t\t\t\t\t\t\t\t\t\t\t\t<figure class=\"wp-caption\">\n\t\t\t\t\t\t\t\t\t\t<img decoding=\"async\" width=\"800\" height=\"384\" data-src=\"https:\/\/kmtwaterjet.com\/wp-content\/uploads\/Laguna-SmartJet-Waterjet-Cutter-Table-1024x492.jpg\" class=\"attachment-large size-large wp-image-44322 lazyload\" alt=\"Laguna SmartJet Waterjet Cutter Table\" data-srcset=\"https:\/\/kmtwaterjet.com\/wp-content\/uploads\/Laguna-SmartJet-Waterjet-Cutter-Table-1024x492.jpg 1024w, https:\/\/kmtwaterjet.com\/wp-content\/uploads\/Laguna-SmartJet-Waterjet-Cutter-Table-300x144.jpg 300w, https:\/\/kmtwaterjet.com\/wp-content\/uploads\/Laguna-SmartJet-Waterjet-Cutter-Table-768x369.jpg 768w, https:\/\/kmtwaterjet.com\/wp-content\/uploads\/Laguna-SmartJet-Waterjet-Cutter-Table.jpg 1400w\" data-sizes=\"(max-width: 800px) 100vw, 800px\" src=\"data:image\/svg+xml;base64,PHN2ZyB3aWR0aD0iMSIgaGVpZ2h0PSIxIiB4bWxucz0iaHR0cDovL3d3dy53My5vcmcvMjAwMC9zdmciPjwvc3ZnPg==\" style=\"--smush-placeholder-width: 800px; --smush-placeholder-aspect-ratio: 800\/384;\" \/>\t\t\t\t\t\t\t\t\t\t\t<figcaption class=\"widget-image-caption wp-caption-text\">Mesa de corte a jato de \u00e1gua Laguna SmartJet<\/figcaption>\n\t\t\t\t\t\t\t\t\t\t<\/figure>\n\t\t\t\t\t\t\t\t\t<\/div>\n\t\t\t\t<\/div>\n\t\t\t\t<div class=\"elementor-element elementor-element-82a276b elementor-widget elementor-widget-image\" data-id=\"82a276b\" data-element_type=\"widget\" data-e-type=\"widget\" data-widget_type=\"image.default\">\n\t\t\t\t<div class=\"elementor-widget-container\">\n\t\t\t\t\t\t\t\t\t\t\t\t<figure class=\"wp-caption\">\n\t\t\t\t\t\t\t\t\t\t<img decoding=\"async\" width=\"800\" height=\"384\" data-src=\"https:\/\/kmtwaterjet.com\/wp-content\/uploads\/LAGUNA-STEM-Education-Services-1024x492.jpg\" class=\"attachment-large size-large wp-image-44323 lazyload\" alt=\"CNC Machine Education Logo\" data-srcset=\"https:\/\/kmtwaterjet.com\/wp-content\/uploads\/LAGUNA-STEM-Education-Services-1024x492.jpg 1024w, https:\/\/kmtwaterjet.com\/wp-content\/uploads\/LAGUNA-STEM-Education-Services-300x144.jpg 300w, https:\/\/kmtwaterjet.com\/wp-content\/uploads\/LAGUNA-STEM-Education-Services-768x369.jpg 768w, https:\/\/kmtwaterjet.com\/wp-content\/uploads\/LAGUNA-STEM-Education-Services.jpg 1400w\" data-sizes=\"(max-width: 800px) 100vw, 800px\" src=\"data:image\/svg+xml;base64,PHN2ZyB3aWR0aD0iMSIgaGVpZ2h0PSIxIiB4bWxucz0iaHR0cDovL3d3dy53My5vcmcvMjAwMC9zdmciPjwvc3ZnPg==\" style=\"--smush-placeholder-width: 800px; --smush-placeholder-aspect-ratio: 800\/384;\" \/>\t\t\t\t\t\t\t\t\t\t\t<figcaption class=\"widget-image-caption wp-caption-text\">Servi\u00e7os educacionais LAGUNA STEM<\/figcaption>\n\t\t\t\t\t\t\t\t\t\t<\/figure>\n\t\t\t\t\t\t\t\t\t<\/div>\n\t\t\t\t<\/div>\n\t\t\t\t\t<\/div>\n\t\t\t\t<\/div>\n\t\t<div class=\"elementor-element elementor-element-6b78d1e e-flex e-con-boxed e-con e-parent\" data-id=\"6b78d1e\" data-element_type=\"container\" data-e-type=\"container\">\n\t\t\t\t\t<div class=\"e-con-inner\">\n\t\t\t\t<div class=\"elementor-element elementor-element-9115298 elementor-widget elementor-widget-spacer\" data-id=\"9115298\" data-element_type=\"widget\" data-e-type=\"widget\" data-widget_type=\"spacer.default\">\n\t\t\t\t<div class=\"elementor-widget-container\">\n\t\t\t\t\t\t\t<div class=\"elementor-spacer\">\n\t\t\t<div class=\"elementor-spacer-inner\"><\/div>\n\t\t<\/div>\n\t\t\t\t\t\t<\/div>\n\t\t\t\t<\/div>\n\t\t\t\t\t<\/div>\n\t\t\t\t<\/div>\n\t\t<div class=\"elementor-element elementor-element-5abe2a5 e-flex e-con-boxed e-con e-parent\" data-id=\"5abe2a5\" data-element_type=\"container\" data-e-type=\"container\">\n\t\t\t\t\t<div class=\"e-con-inner\">\n\t\t\t\t<div class=\"elementor-element elementor-element-ae0216d elementor-widget elementor-widget-heading\" data-id=\"ae0216d\" data-element_type=\"widget\" data-e-type=\"widget\" data-widget_type=\"heading.default\">\n\t\t\t\t<div class=\"elementor-widget-container\">\n\t\t\t\t\t<h2 class=\"elementor-heading-title elementor-size-default\">SOBRE OS EQUIPAMENTOS DE CORTE A JATO DE \u00c1GUA DA LAGUNA<\/h2>\t\t\t\t<\/div>\n\t\t\t\t<\/div>\n\t\t\t\t<div class=\"elementor-element elementor-element-8b293f1 elementor-widget elementor-widget-text-editor\" data-id=\"8b293f1\" data-element_type=\"widget\" data-e-type=\"widget\" data-widget_type=\"text-editor.default\">\n\t\t\t\t<div class=\"elementor-widget-container\">\n\t\t\t\t\t\t\t\t\t<div class=\"section\"><ul class=\"list-inside list-disc whitespace-normal [li_&amp;]:pl-6\" data-streamdown=\"unordered-list\"><li class=\"py-1 [&amp;&gt;p]:inline\" data-streamdown=\"list-item\"><strong>Qualidade de borda incompar\u00e1vel com as m\u00e1quinas CNC a jato de \u00e1gua da Laguna Tools<\/strong><br>Quando a precis\u00e3o e a qualidade superior da borda s\u00e3o essenciais para a sua empresa, as m\u00e1quinas CNC a jato de \u00e1gua da Laguna Tools s\u00e3o a escolha ideal. Utilizando sistemas premium de bombas de alta press\u00e3o, essas m\u00e1quinas proporcionam cortes excepcionalmente limpos, suaves e precisos em uma ampla gama de materiais, incluindo metais, vidro e compostos, sem induzir zonas afetadas pelo calor. Essa t\u00e9cnica de corte a frio garante que seus projetos intrincados e fabrica\u00e7\u00f5es detalhadas sejam executados sem falhas, eliminando problemas como esc\u00f3ria e rebarbas comumente associados a outros m\u00e9todos de corte. Com o compromisso da Laguna Tools com a inova\u00e7\u00e3o e a qualidade, nossas m\u00e1quinas CNC a jato de \u00e1gua fornecem a confiabilidade e a excel\u00eancia necess\u00e1rias para os projetos mais exigentes.   <\/li><\/ul><ul><li><strong>Escolhendo a m\u00e1quina de jato de \u00e1gua certa<\/strong><br>Com tantas op\u00e7\u00f5es no mercado, pode ser dif\u00edcil discernir que tipo de m\u00e1quina CNC \u00e9 melhor para o seu neg\u00f3cio. Tenha em mente estes fatores ao selecionar uma m\u00e1quina: <\/li><\/ul><p><strong>Finalidade:<\/strong> Como voc\u00ea usar\u00e1 a m\u00e1quina e que materiais cortar\u00e1? Isso determinar\u00e1 o tipo de m\u00e1quina e o tamanho da mesa de corte que voc\u00ea precisa. <br><strong>M\u00e9todo de corte:<\/strong> Voc\u00ea precisa de um sistema somente com \u00e1gua ou prefere um cabe\u00e7ote de corte com jato de \u00e1gua abrasivo?<br><strong>Recursos de corte:<\/strong> Dependendo do tipo de pe\u00e7as que voc\u00ea produz, voc\u00ea pode precisar de uma m\u00e1quina de jato de \u00e1gua de tr\u00eas ou cinco eixos.<br><strong>Personaliza\u00e7\u00e3o:<\/strong> Voc\u00ea precisa de uma solu\u00e7\u00e3o de software pronta para uso ou est\u00e1 procurando configura\u00e7\u00f5es e recursos mais personaliz\u00e1veis?<\/p><ul><li><strong>Compromisso da Laguna Tools com a precis\u00e3o e a excel\u00eancia<\/strong><br>Como fornecedora l\u00edder de equipamentos de controle CNC e maquin\u00e1rio industrial, a Laguna Tools \u00e9 a sua fonte de refer\u00eancia para CNCs a jato de \u00e1gua, m\u00e1quinas de corte a plasma e muito mais. Fundada em 1983, a equipe da Laguna Tools tem ampla experi\u00eancia no atendimento a profissionais de metalurgia, sinaliza\u00e7\u00e3o e ind\u00fastrias relacionadas. A Laguna Tools tem revendedores nos Estados Unidos e em outros pa\u00edses, oferecendo pronto atendimento ao cliente e treinamento em CNC. O financiamento de CNC de terceiros est\u00e1 dispon\u00edvel para os clientes que se qualificam.   <\/li><\/ul><p> <\/p><hr><p> <\/p><p><span style=\"color: #000000;\"><em><strong>\u221a Preencha o formul\u00e1rio abaixo e um representante entrar\u00e1 em contato em breve.<\/strong><\/em><\/span><\/p><\/div>\t\t\t\t\t\t\t\t<\/div>\n\t\t\t\t<\/div>\n\t\t\t\t\t<\/div>\n\t\t\t\t<\/div>\n\t\t\t\t<\/div>\n\t\t","protected":false},"excerpt":{"rendered":"<p>M\u00c1QUINAS DE CORTE CNC A JATO DE \u00c1GUA DA LAGUNA TOOLS Qualidade de borda incompar\u00e1vel com as m\u00e1quinas CNC a jato de \u00e1gua da Laguna Tools Cortadores a jato de \u00e1guaAs m\u00e1quinas CNC a jato de \u00e1gua usam \u00e1gua de alta press\u00e3o para cortar v\u00e1rios materiais, comumente usados em aplica\u00e7\u00f5es nos setores aeroespacial, automotivo e [&hellip;]<\/p>\n","protected":false},"author":12,"featured_media":0,"parent":0,"menu_order":0,"comment_status":"closed","ping_status":"closed","template":"","meta":{"_acf_changed":false,"footnotes":""},"page-type":[],"class_list":["post-43917","page","type-page","status-publish","hentry"],"acf":[],"yoast_head":"<!-- This site is optimized with the Yoast SEO plugin v27.3 - https:\/\/yoast.com\/product\/yoast-seo-wordpress\/ -->\n<title>CORTADORES A JATO DE \u00c1GUA CNC OEM LAGUNA | KMT Waterjet<\/title>\n<meta name=\"robots\" content=\"index, follow, max-snippet:-1, max-image-preview:large, max-video-preview:-1\" \/>\n<link rel=\"canonical\" href=\"https:\/\/kmtwaterjet.com\/pt-br\/maquina-northwood-oem-sawjet-5\/\" \/>\n<meta property=\"og:locale\" content=\"pt_BR\" \/>\n<meta property=\"og:type\" content=\"article\" \/>\n<meta property=\"og:title\" content=\"CORTADORES A JATO DE \u00c1GUA CNC OEM LAGUNA | KMT Waterjet\" \/>\n<meta property=\"og:description\" content=\"M\u00c1QUINAS DE CORTE CNC A JATO DE \u00c1GUA DA LAGUNA TOOLS Qualidade de borda incompar\u00e1vel com as m\u00e1quinas CNC a jato de \u00e1gua da Laguna Tools Cortadores a jato de \u00e1guaAs m\u00e1quinas CNC a jato de \u00e1gua usam \u00e1gua de alta press\u00e3o para cortar v\u00e1rios materiais, comumente usados em aplica\u00e7\u00f5es nos setores aeroespacial, automotivo e [&hellip;]\" \/>\n<meta property=\"og:url\" content=\"https:\/\/kmtwaterjet.com\/pt-br\/maquina-northwood-oem-sawjet-5\/\" \/>\n<meta property=\"og:site_name\" content=\"KMT Waterjet\" \/>\n<meta property=\"article:modified_time\" content=\"2026-04-02T19:26:13+00:00\" \/>\n<meta property=\"og:image\" content=\"https:\/\/kmtwaterjet.com\/wp-content\/uploads\/LAGUNA-WATERJET-CUTTING-SYSTEM-TABLES-BANNER.jpg\" \/>\n\t<meta property=\"og:image:width\" content=\"1392\" \/>\n\t<meta property=\"og:image:height\" content=\"518\" \/>\n\t<meta property=\"og:image:type\" content=\"image\/jpeg\" \/>\n<meta name=\"twitter:card\" content=\"summary_large_image\" \/>\n<meta name=\"twitter:label1\" content=\"Est. tempo de leitura\" \/>\n\t<meta name=\"twitter:data1\" content=\"3 minutos\" \/>\n<script type=\"application\/ld+json\" class=\"yoast-schema-graph\">{\"@context\":\"https:\\\/\\\/schema.org\",\"@graph\":[{\"@type\":\"WebPage\",\"@id\":\"https:\\\/\\\/kmtwaterjet.com\\\/pt-br\\\/maquina-northwood-oem-sawjet-5\\\/\",\"url\":\"https:\\\/\\\/kmtwaterjet.com\\\/pt-br\\\/maquina-northwood-oem-sawjet-5\\\/\",\"name\":\"CORTADORES A JATO DE \u00c1GUA CNC OEM LAGUNA | KMT Waterjet\",\"isPartOf\":{\"@id\":\"https:\\\/\\\/kmtwaterjet.com\\\/pt-br\\\/#website\"},\"primaryImageOfPage\":{\"@id\":\"https:\\\/\\\/kmtwaterjet.com\\\/pt-br\\\/maquina-northwood-oem-sawjet-5\\\/#primaryimage\"},\"image\":{\"@id\":\"https:\\\/\\\/kmtwaterjet.com\\\/pt-br\\\/maquina-northwood-oem-sawjet-5\\\/#primaryimage\"},\"thumbnailUrl\":\"https:\\\/\\\/kmtwaterjet.com\\\/wp-content\\\/uploads\\\/LAGUNA-WATERJET-CUTTING-SYSTEM-TABLES-BANNER.jpg\",\"datePublished\":\"2026-04-01T14:53:42+00:00\",\"dateModified\":\"2026-04-02T19:26:13+00:00\",\"breadcrumb\":{\"@id\":\"https:\\\/\\\/kmtwaterjet.com\\\/pt-br\\\/maquina-northwood-oem-sawjet-5\\\/#breadcrumb\"},\"inLanguage\":\"pt-BR\",\"potentialAction\":[{\"@type\":\"ReadAction\",\"target\":[\"https:\\\/\\\/kmtwaterjet.com\\\/pt-br\\\/maquina-northwood-oem-sawjet-5\\\/\"]}]},{\"@type\":\"ImageObject\",\"inLanguage\":\"pt-BR\",\"@id\":\"https:\\\/\\\/kmtwaterjet.com\\\/pt-br\\\/maquina-northwood-oem-sawjet-5\\\/#primaryimage\",\"url\":\"https:\\\/\\\/kmtwaterjet.com\\\/wp-content\\\/uploads\\\/LAGUNA-WATERJET-CUTTING-SYSTEM-TABLES-BANNER.jpg\",\"contentUrl\":\"https:\\\/\\\/kmtwaterjet.com\\\/wp-content\\\/uploads\\\/LAGUNA-WATERJET-CUTTING-SYSTEM-TABLES-BANNER.jpg\"},{\"@type\":\"BreadcrumbList\",\"@id\":\"https:\\\/\\\/kmtwaterjet.com\\\/pt-br\\\/maquina-northwood-oem-sawjet-5\\\/#breadcrumb\",\"itemListElement\":[{\"@type\":\"ListItem\",\"position\":1,\"name\":\"Home\",\"item\":\"https:\\\/\\\/kmtwaterjet.com\\\/pt-br\\\/\"},{\"@type\":\"ListItem\",\"position\":2,\"name\":\"CORTADORES A JATO DE \u00c1GUA CNC OEM LAGUNA\"}]},{\"@type\":\"WebSite\",\"@id\":\"https:\\\/\\\/kmtwaterjet.com\\\/pt-br\\\/#website\",\"url\":\"https:\\\/\\\/kmtwaterjet.com\\\/pt-br\\\/\",\"name\":\"KMT Waterjet\",\"description\":\"KMT Waterjet for waterjet cutting metal, stone, glass, steel and more\",\"publisher\":{\"@id\":\"https:\\\/\\\/kmtwaterjet.com\\\/pt-br\\\/#organization\"},\"potentialAction\":[{\"@type\":\"SearchAction\",\"target\":{\"@type\":\"EntryPoint\",\"urlTemplate\":\"https:\\\/\\\/kmtwaterjet.com\\\/pt-br\\\/?s={search_term_string}\"},\"query-input\":{\"@type\":\"PropertyValueSpecification\",\"valueRequired\":true,\"valueName\":\"search_term_string\"}}],\"inLanguage\":\"pt-BR\"},{\"@type\":\"Organization\",\"@id\":\"https:\\\/\\\/kmtwaterjet.com\\\/pt-br\\\/#organization\",\"name\":\"KMT Waterjet\",\"url\":\"https:\\\/\\\/kmtwaterjet.com\\\/pt-br\\\/\",\"logo\":{\"@type\":\"ImageObject\",\"inLanguage\":\"pt-BR\",\"@id\":\"https:\\\/\\\/kmtwaterjet.com\\\/pt-br\\\/#\\\/schema\\\/logo\\\/image\\\/\",\"url\":\"https:\\\/\\\/kmtwaterjet.com\\\/wp-content\\\/uploads\\\/kmt_logo_2020.png\",\"contentUrl\":\"https:\\\/\\\/kmtwaterjet.com\\\/wp-content\\\/uploads\\\/kmt_logo_2020.png\",\"width\":1002,\"height\":605,\"caption\":\"KMT Waterjet\"},\"image\":{\"@id\":\"https:\\\/\\\/kmtwaterjet.com\\\/pt-br\\\/#\\\/schema\\\/logo\\\/image\\\/\"}}]}<\/script>\n<!-- \/ Yoast SEO plugin. -->","yoast_head_json":{"title":"CORTADORES A JATO DE \u00c1GUA CNC OEM LAGUNA | KMT Waterjet","robots":{"index":"index","follow":"follow","max-snippet":"max-snippet:-1","max-image-preview":"max-image-preview:large","max-video-preview":"max-video-preview:-1"},"canonical":"https:\/\/kmtwaterjet.com\/pt-br\/maquina-northwood-oem-sawjet-5\/","og_locale":"pt_BR","og_type":"article","og_title":"CORTADORES A JATO DE \u00c1GUA CNC OEM LAGUNA | KMT Waterjet","og_description":"M\u00c1QUINAS DE CORTE CNC A JATO DE \u00c1GUA DA LAGUNA TOOLS Qualidade de borda incompar\u00e1vel com as m\u00e1quinas CNC a jato de \u00e1gua da Laguna Tools Cortadores a jato de \u00e1guaAs m\u00e1quinas CNC a jato de \u00e1gua usam \u00e1gua de alta press\u00e3o para cortar v\u00e1rios materiais, comumente usados em aplica\u00e7\u00f5es nos setores aeroespacial, automotivo e [&hellip;]","og_url":"https:\/\/kmtwaterjet.com\/pt-br\/maquina-northwood-oem-sawjet-5\/","og_site_name":"KMT Waterjet","article_modified_time":"2026-04-02T19:26:13+00:00","og_image":[{"width":1392,"height":518,"url":"https:\/\/kmtwaterjet.com\/wp-content\/uploads\/LAGUNA-WATERJET-CUTTING-SYSTEM-TABLES-BANNER.jpg","type":"image\/jpeg"}],"twitter_card":"summary_large_image","twitter_misc":{"Est. tempo de leitura":"3 minutos"},"schema":{"@context":"https:\/\/schema.org","@graph":[{"@type":"WebPage","@id":"https:\/\/kmtwaterjet.com\/pt-br\/maquina-northwood-oem-sawjet-5\/","url":"https:\/\/kmtwaterjet.com\/pt-br\/maquina-northwood-oem-sawjet-5\/","name":"CORTADORES A JATO DE \u00c1GUA CNC OEM LAGUNA | KMT Waterjet","isPartOf":{"@id":"https:\/\/kmtwaterjet.com\/pt-br\/#website"},"primaryImageOfPage":{"@id":"https:\/\/kmtwaterjet.com\/pt-br\/maquina-northwood-oem-sawjet-5\/#primaryimage"},"image":{"@id":"https:\/\/kmtwaterjet.com\/pt-br\/maquina-northwood-oem-sawjet-5\/#primaryimage"},"thumbnailUrl":"https:\/\/kmtwaterjet.com\/wp-content\/uploads\/LAGUNA-WATERJET-CUTTING-SYSTEM-TABLES-BANNER.jpg","datePublished":"2026-04-01T14:53:42+00:00","dateModified":"2026-04-02T19:26:13+00:00","breadcrumb":{"@id":"https:\/\/kmtwaterjet.com\/pt-br\/maquina-northwood-oem-sawjet-5\/#breadcrumb"},"inLanguage":"pt-BR","potentialAction":[{"@type":"ReadAction","target":["https:\/\/kmtwaterjet.com\/pt-br\/maquina-northwood-oem-sawjet-5\/"]}]},{"@type":"ImageObject","inLanguage":"pt-BR","@id":"https:\/\/kmtwaterjet.com\/pt-br\/maquina-northwood-oem-sawjet-5\/#primaryimage","url":"https:\/\/kmtwaterjet.com\/wp-content\/uploads\/LAGUNA-WATERJET-CUTTING-SYSTEM-TABLES-BANNER.jpg","contentUrl":"https:\/\/kmtwaterjet.com\/wp-content\/uploads\/LAGUNA-WATERJET-CUTTING-SYSTEM-TABLES-BANNER.jpg"},{"@type":"BreadcrumbList","@id":"https:\/\/kmtwaterjet.com\/pt-br\/maquina-northwood-oem-sawjet-5\/#breadcrumb","itemListElement":[{"@type":"ListItem","position":1,"name":"Home","item":"https:\/\/kmtwaterjet.com\/pt-br\/"},{"@type":"ListItem","position":2,"name":"CORTADORES A JATO DE \u00c1GUA CNC OEM LAGUNA"}]},{"@type":"WebSite","@id":"https:\/\/kmtwaterjet.com\/pt-br\/#website","url":"https:\/\/kmtwaterjet.com\/pt-br\/","name":"KMT Waterjet","description":"KMT Waterjet for waterjet cutting metal, stone, glass, steel and more","publisher":{"@id":"https:\/\/kmtwaterjet.com\/pt-br\/#organization"},"potentialAction":[{"@type":"SearchAction","target":{"@type":"EntryPoint","urlTemplate":"https:\/\/kmtwaterjet.com\/pt-br\/?s={search_term_string}"},"query-input":{"@type":"PropertyValueSpecification","valueRequired":true,"valueName":"search_term_string"}}],"inLanguage":"pt-BR"},{"@type":"Organization","@id":"https:\/\/kmtwaterjet.com\/pt-br\/#organization","name":"KMT Waterjet","url":"https:\/\/kmtwaterjet.com\/pt-br\/","logo":{"@type":"ImageObject","inLanguage":"pt-BR","@id":"https:\/\/kmtwaterjet.com\/pt-br\/#\/schema\/logo\/image\/","url":"https:\/\/kmtwaterjet.com\/wp-content\/uploads\/kmt_logo_2020.png","contentUrl":"https:\/\/kmtwaterjet.com\/wp-content\/uploads\/kmt_logo_2020.png","width":1002,"height":605,"caption":"KMT Waterjet"},"image":{"@id":"https:\/\/kmtwaterjet.com\/pt-br\/#\/schema\/logo\/image\/"}}]}},"_links":{"self":[{"href":"https:\/\/kmtwaterjet.com\/pt-br\/wp-json\/wp\/v2\/pages\/43917","targetHints":{"allow":["GET"]}}],"collection":[{"href":"https:\/\/kmtwaterjet.com\/pt-br\/wp-json\/wp\/v2\/pages"}],"about":[{"href":"https:\/\/kmtwaterjet.com\/pt-br\/wp-json\/wp\/v2\/types\/page"}],"author":[{"embeddable":true,"href":"https:\/\/kmtwaterjet.com\/pt-br\/wp-json\/wp\/v2\/users\/12"}],"replies":[{"embeddable":true,"href":"https:\/\/kmtwaterjet.com\/pt-br\/wp-json\/wp\/v2\/comments?post=43917"}],"version-history":[{"count":0,"href":"https:\/\/kmtwaterjet.com\/pt-br\/wp-json\/wp\/v2\/pages\/43917\/revisions"}],"wp:attachment":[{"href":"https:\/\/kmtwaterjet.com\/pt-br\/wp-json\/wp\/v2\/media?parent=43917"}],"wp:term":[{"taxonomy":"page-type","embeddable":true,"href":"https:\/\/kmtwaterjet.com\/pt-br\/wp-json\/wp\/v2\/page-type?post=43917"}],"curies":[{"name":"wp","href":"https:\/\/api.w.org\/{rel}","templated":true}]}}