{"id":43894,"date":"2026-03-30T15:17:29","date_gmt":"2026-03-30T20:17:29","guid":{"rendered":"https:\/\/kmtwaterjet.com\/?page_id=43894"},"modified":"2026-04-02T14:26:07","modified_gmt":"2026-04-02T19:26:07","slug":"maquina-northwood-oem-sawjet-4","status":"publish","type":"page","link":"https:\/\/kmtwaterjet.com\/pt-br\/maquina-northwood-oem-sawjet-4\/","title":{"rendered":"M\u00c1QUINAS DE CORTE DE PEDRA A JATO DE \u00c1GUA DA BRETON"},"content":{"rendered":"\t\t<div data-elementor-type=\"wp-page\" data-elementor-id=\"43894\" class=\"elementor elementor-43894 elementor-43886\" data-elementor-post-type=\"page\">\n\t\t\t\t<div class=\"elementor-element elementor-element-a5186ce e-flex e-con-boxed e-con e-parent\" data-id=\"a5186ce\" data-element_type=\"container\" data-e-type=\"container\">\n\t\t\t\t\t<div class=\"e-con-inner\">\n\t\t\t\t<div class=\"elementor-element elementor-element-27eaaf2 elementor-widget elementor-widget-heading\" data-id=\"27eaaf2\" data-element_type=\"widget\" data-e-type=\"widget\" data-widget_type=\"heading.default\">\n\t\t\t\t<div class=\"elementor-widget-container\">\n\t\t\t\t\t<h1 class=\"elementor-heading-title elementor-size-default\">M\u00c1QUINAS DE CORTE DE PLACAS COM JATO DE SERRA DA BRETON<\/h1>\t\t\t\t<\/div>\n\t\t\t\t<\/div>\n\t\t\t\t<div class=\"elementor-element elementor-element-9016e52 elementor-widget-divider--view-line elementor-widget elementor-widget-divider\" data-id=\"9016e52\" data-element_type=\"widget\" data-e-type=\"widget\" data-widget_type=\"divider.default\">\n\t\t\t\t<div class=\"elementor-widget-container\">\n\t\t\t\t\t\t\t<div class=\"elementor-divider\">\n\t\t\t<span class=\"elementor-divider-separator\">\n\t\t\t\t\t\t<\/span>\n\t\t<\/div>\n\t\t\t\t\t\t<\/div>\n\t\t\t\t<\/div>\n\t\t\t\t\t<\/div>\n\t\t\t\t<\/div>\n\t\t<div class=\"elementor-element elementor-element-08404e0 e-flex e-con-boxed e-con e-parent\" data-id=\"08404e0\" data-element_type=\"container\" data-e-type=\"container\">\n\t\t\t\t\t<div class=\"e-con-inner\">\n\t\t\t\t<div class=\"elementor-element elementor-element-7e9b4d7 elementor-widget elementor-widget-image\" data-id=\"7e9b4d7\" data-element_type=\"widget\" data-e-type=\"widget\" data-widget_type=\"image.default\">\n\t\t\t\t<div class=\"elementor-widget-container\">\n\t\t\t\t\t\t\t\t\t\t\t\t\t\t\t<img fetchpriority=\"high\" decoding=\"async\" width=\"800\" height=\"320\" src=\"https:\/\/kmtwaterjet.com\/wp-content\/uploads\/BRETON-TRINITY-SAWJET-STONE-CUTTING-MACHINE-1024x409.jpg\" class=\"attachment-large size-large wp-image-44307\" alt=\"Breton Trinity Sawjet machine\" srcset=\"https:\/\/kmtwaterjet.com\/wp-content\/uploads\/BRETON-TRINITY-SAWJET-STONE-CUTTING-MACHINE-1024x409.jpg 1024w, https:\/\/kmtwaterjet.com\/wp-content\/uploads\/BRETON-TRINITY-SAWJET-STONE-CUTTING-MACHINE-300x120.jpg 300w, https:\/\/kmtwaterjet.com\/wp-content\/uploads\/BRETON-TRINITY-SAWJET-STONE-CUTTING-MACHINE-768x307.jpg 768w, https:\/\/kmtwaterjet.com\/wp-content\/uploads\/BRETON-TRINITY-SAWJET-STONE-CUTTING-MACHINE.jpg 1285w\" sizes=\"(max-width: 800px) 100vw, 800px\" \/>\t\t\t\t\t\t\t\t\t\t\t\t\t\t\t<\/div>\n\t\t\t\t<\/div>\n\t\t\t\t\t<\/div>\n\t\t\t\t<\/div>\n\t\t<div class=\"elementor-element elementor-element-5761e3a e-grid e-con-boxed e-con e-parent\" data-id=\"5761e3a\" data-element_type=\"container\" data-e-type=\"container\">\n\t\t\t\t\t<div class=\"e-con-inner\">\n\t\t\t\t<div class=\"elementor-element elementor-element-b79cae4 elementor-widget elementor-widget-image\" data-id=\"b79cae4\" data-element_type=\"widget\" data-e-type=\"widget\" data-widget_type=\"image.default\">\n\t\t\t\t<div class=\"elementor-widget-container\">\n\t\t\t\t\t\t\t\t\t\t\t\t\t\t\t<img decoding=\"async\" width=\"800\" height=\"236\" data-src=\"https:\/\/kmtwaterjet.com\/wp-content\/uploads\/BRETON-STONE-CUTTING-LOGO.jpg\" class=\"attachment-large size-large wp-image-43904 lazyload\" alt=\"Breton logo\" data-srcset=\"https:\/\/kmtwaterjet.com\/wp-content\/uploads\/BRETON-STONE-CUTTING-LOGO.jpg 800w, https:\/\/kmtwaterjet.com\/wp-content\/uploads\/BRETON-STONE-CUTTING-LOGO-300x89.jpg 300w, https:\/\/kmtwaterjet.com\/wp-content\/uploads\/BRETON-STONE-CUTTING-LOGO-768x227.jpg 768w\" data-sizes=\"(max-width: 800px) 100vw, 800px\" src=\"data:image\/svg+xml;base64,PHN2ZyB3aWR0aD0iMSIgaGVpZ2h0PSIxIiB4bWxucz0iaHR0cDovL3d3dy53My5vcmcvMjAwMC9zdmciPjwvc3ZnPg==\" style=\"--smush-placeholder-width: 800px; --smush-placeholder-aspect-ratio: 800\/236;\" \/>\t\t\t\t\t\t\t\t\t\t\t\t\t\t\t<\/div>\n\t\t\t\t<\/div>\n\t\t\t\t<div class=\"elementor-element elementor-element-932967f elementor-widget elementor-widget-text-editor\" data-id=\"932967f\" data-element_type=\"widget\" data-e-type=\"widget\" data-widget_type=\"text-editor.default\">\n\t\t\t\t<div class=\"elementor-widget-container\">\n\t\t\t\t\t\t\t\t\t<p><span style=\"color: #9b0137;\"><em><strong>Projeto e produ\u00e7\u00e3o de maquin\u00e1rio avan\u00e7ado, plantas industriais, tecnologia e software<\/strong><\/em><\/span><\/p><p>A Breton inventa, projeta e constr\u00f3i centros de usinagem espec\u00edficos de alta tecnologia e alta produ\u00e7\u00e3o, linhas e m\u00e1quinas aut\u00f4nomas para o processamento de materiais (pedra natural, m\u00e1rmore, granito, quartzo, cer\u00e2mica, argila pesada, superf\u00edcie mineral, resinas e espumas, pol\u00edmeros e metais) e para manufatura aditiva.<\/p><p>A m\u00e1quina Breton Trinity Sawjet \u00e9 o mais moderno centro de corte combinado de serra e jato de \u00e1gua. A combina\u00e7\u00e3o de corte com serra e jato de \u00e1gua, juntamente com ferramentas como ventosas, c\u00e2mera na ponte e mesa basculante, fazem da Trinity, evolu\u00e7\u00e3o da Breton Combi, o centro de corte mais avan\u00e7ado para a cria\u00e7\u00e3o de bancadas de cozinha, tampos de banheiro e revestimentos. <\/p>\t\t\t\t\t\t\t\t<\/div>\n\t\t\t\t<\/div>\n\t\t\t\t\t<\/div>\n\t\t\t\t<\/div>\n\t\t<div class=\"elementor-element elementor-element-ea56cbc e-flex e-con-boxed e-con e-parent\" data-id=\"ea56cbc\" data-element_type=\"container\" data-e-type=\"container\">\n\t\t\t\t\t<div class=\"e-con-inner\">\n\t\t\t\t<div class=\"elementor-element elementor-element-3b30ee9 elementor-widget-divider--view-line elementor-widget elementor-widget-divider\" data-id=\"3b30ee9\" data-element_type=\"widget\" data-e-type=\"widget\" data-widget_type=\"divider.default\">\n\t\t\t\t<div class=\"elementor-widget-container\">\n\t\t\t\t\t\t\t<div class=\"elementor-divider\">\n\t\t\t<span class=\"elementor-divider-separator\">\n\t\t\t\t\t\t<\/span>\n\t\t<\/div>\n\t\t\t\t\t\t<\/div>\n\t\t\t\t<\/div>\n\t\t\t\t\t<\/div>\n\t\t\t\t<\/div>\n\t\t<div class=\"elementor-element elementor-element-02c348a e-flex e-con-boxed e-con e-parent\" data-id=\"02c348a\" data-element_type=\"container\" data-e-type=\"container\">\n\t\t\t\t\t<div class=\"e-con-inner\">\n\t\t\t\t<div class=\"elementor-element elementor-element-45adaeb elementor-widget elementor-widget-image\" data-id=\"45adaeb\" data-element_type=\"widget\" data-e-type=\"widget\" data-widget_type=\"image.default\">\n\t\t\t\t<div class=\"elementor-widget-container\">\n\t\t\t\t\t\t\t\t\t\t\t\t<figure class=\"wp-caption\">\n\t\t\t\t\t\t\t\t\t\t<img decoding=\"async\" width=\"1800\" height=\"963\" data-src=\"https:\/\/kmtwaterjet.com\/wp-content\/uploads\/BRETON-TRINITY-SAWJET-PHOTO-LAYOUT.jpg\" class=\"attachment-full size-full wp-image-44306 lazyload\" alt=\"Brenton Trinity Sawjet Features\" data-srcset=\"https:\/\/kmtwaterjet.com\/wp-content\/uploads\/BRETON-TRINITY-SAWJET-PHOTO-LAYOUT.jpg 1800w, https:\/\/kmtwaterjet.com\/wp-content\/uploads\/BRETON-TRINITY-SAWJET-PHOTO-LAYOUT-300x161.jpg 300w, https:\/\/kmtwaterjet.com\/wp-content\/uploads\/BRETON-TRINITY-SAWJET-PHOTO-LAYOUT-1024x548.jpg 1024w, https:\/\/kmtwaterjet.com\/wp-content\/uploads\/BRETON-TRINITY-SAWJET-PHOTO-LAYOUT-768x411.jpg 768w, https:\/\/kmtwaterjet.com\/wp-content\/uploads\/BRETON-TRINITY-SAWJET-PHOTO-LAYOUT-1536x822.jpg 1536w\" data-sizes=\"(max-width: 1800px) 100vw, 1800px\" src=\"data:image\/svg+xml;base64,PHN2ZyB3aWR0aD0iMSIgaGVpZ2h0PSIxIiB4bWxucz0iaHR0cDovL3d3dy53My5vcmcvMjAwMC9zdmciPjwvc3ZnPg==\" style=\"--smush-placeholder-width: 1800px; --smush-placeholder-aspect-ratio: 1800\/963;\" \/>\t\t\t\t\t\t\t\t\t\t\t<figcaption class=\"widget-image-caption wp-caption-text\">Caracter\u00edsticas da m\u00e1quina a jato de serra Breton Trinity<\/figcaption>\n\t\t\t\t\t\t\t\t\t\t<\/figure>\n\t\t\t\t\t\t\t\t\t<\/div>\n\t\t\t\t<\/div>\n\t\t\t\t\t<\/div>\n\t\t\t\t<\/div>\n\t\t<div class=\"elementor-element elementor-element-6b78d1e e-flex e-con-boxed e-con e-parent\" data-id=\"6b78d1e\" data-element_type=\"container\" data-e-type=\"container\">\n\t\t\t\t\t<div class=\"e-con-inner\">\n\t\t\t\t<div class=\"elementor-element elementor-element-9115298 elementor-widget elementor-widget-spacer\" data-id=\"9115298\" data-element_type=\"widget\" data-e-type=\"widget\" data-widget_type=\"spacer.default\">\n\t\t\t\t<div class=\"elementor-widget-container\">\n\t\t\t\t\t\t\t<div class=\"elementor-spacer\">\n\t\t\t<div class=\"elementor-spacer-inner\"><\/div>\n\t\t<\/div>\n\t\t\t\t\t\t<\/div>\n\t\t\t\t<\/div>\n\t\t\t\t\t<\/div>\n\t\t\t\t<\/div>\n\t\t<div class=\"elementor-element elementor-element-5abe2a5 e-flex e-con-boxed e-con e-parent\" data-id=\"5abe2a5\" data-element_type=\"container\" data-e-type=\"container\">\n\t\t\t\t\t<div class=\"e-con-inner\">\n\t\t\t\t<div class=\"elementor-element elementor-element-ae0216d elementor-widget elementor-widget-heading\" data-id=\"ae0216d\" data-element_type=\"widget\" data-e-type=\"widget\" data-widget_type=\"heading.default\">\n\t\t\t\t<div class=\"elementor-widget-container\">\n\t\t\t\t\t<h2 class=\"elementor-heading-title elementor-size-default\">M\u00e1quina de jato de serra breton trinity<\/h2>\t\t\t\t<\/div>\n\t\t\t\t<\/div>\n\t\t\t\t<div class=\"elementor-element elementor-element-8b293f1 elementor-widget elementor-widget-text-editor\" data-id=\"8b293f1\" data-element_type=\"widget\" data-e-type=\"widget\" data-widget_type=\"text-editor.default\">\n\t\t\t\t<div class=\"elementor-widget-container\">\n\t\t\t\t\t\t\t\t\t<div class=\"section\"><p>A Breton Trinity \u00e9 mais do que uma m\u00e1quina; \u00e9 um processo, uma tecnologia projetada especificamente para o processamento de materiais cer\u00e2micos, mas que tamb\u00e9m se adapta de forma brilhante a outros produtos.<\/p><h3 class=\"mt-6 mb-2 font-semibold text-xl\" data-streamdown=\"heading-3\"><span style=\"color: #9b0137;\"><strong>Principais recursos<\/strong><\/span><\/h3><ul class=\"list-inside list-disc whitespace-normal [li_&amp;]:pl-6\" data-streamdown=\"unordered-list\"><li data-section-id=\"uiwlcy\" data-start=\"0\" data-end=\"102\">Sistema de corte avan\u00e7ado que combina serra e tecnologia de jato de \u00e1gua duplo para materiais de cer\u00e2mica e pedra<\/li><li data-section-id=\"bfors1\" data-start=\"103\" data-end=\"219\">Seleciona automaticamente o m\u00e9todo mais eficiente: serra + jato de \u00e1gua para economia de custos ou jato de \u00e1gua puro quando necess\u00e1rio<\/li><li data-section-id=\"4b48n4\" data-start=\"220\" data-end=\"308\">Permite o corte simult\u00e2neo sem mover a placa, reduzindo o tempo, o desperd\u00edcio e o custo<\/li><li data-section-id=\"ii435m\" data-start=\"309\" data-end=\"415\">Processa lajes diretamente em uma grade de metal &#8211; elimina a necessidade de suportes de sacrif\u00edcio e o tempo de inatividade relacionado<\/li><li data-section-id=\"h59ip\" data-start=\"416\" data-end=\"499\">Oferece corte em alta velocidade com o m\u00ednimo de lascas, rachaduras ou tens\u00e3o no material<\/li><li data-section-id=\"11ph5yk\" data-start=\"500\" data-end=\"589\">A serra garante uma remo\u00e7\u00e3o r\u00e1pida e est\u00e1vel do material; o jato de \u00e1gua duplo proporciona um acabamento preciso<\/li><li data-section-id=\"1u21ek6\" data-start=\"590\" data-end=\"692\">Capaz de produzir cortes angulares usando jato de \u00e1gua de inclina\u00e7\u00e3o vari\u00e1vel (n\u00e3o \u00e9 necess\u00e1rio fresar a superf\u00edcie)<\/li><li data-section-id=\"1hja68d\" data-start=\"693\" data-end=\"766\">O sistema de ventosas permite f\u00e1cil reposicionamento para otimizar o corte com serra<\/li><li data-section-id=\"u9r69c\" data-start=\"767\" data-end=\"870\">O eixo Rocket Tool opcional (at\u00e9 14.000 rpm) suporta opera\u00e7\u00f5es de perfura\u00e7\u00e3o, fresagem e rebaixamento<\/li><li data-section-id=\"o6nc9y\" data-start=\"871\" data-end=\"951\">Aumenta a capacidade de produ\u00e7\u00e3o em at\u00e9 3 vezes em compara\u00e7\u00e3o com os sistemas de jato de \u00e1gua padr\u00e3o<\/li><li data-section-id=\"1k290sx\" data-start=\"952\" data-end=\"1021\" data-is-last-node=\"\">Reduz significativamente a quebra de placas, melhorando o rendimento e a efici\u00eancia<\/li><\/ul><p> <\/p><hr><p> <\/p><p><span style=\"color: #9b0137;\"><em><strong>\u221a Para obter mais informa\u00e7\u00f5es sobre a Trinity ou qualquer outra m\u00e1quina de processamento de pedras da Breton, preencha o formul\u00e1rio abaixo e um representante entrar\u00e1 em contato em breve.<\/strong><\/em><\/span><\/p><\/div>\t\t\t\t\t\t\t\t<\/div>\n\t\t\t\t<\/div>\n\t\t\t\t\t<\/div>\n\t\t\t\t<\/div>\n\t\t\t\t<\/div>\n\t\t","protected":false},"excerpt":{"rendered":"<p>M\u00c1QUINAS DE CORTE DE PLACAS COM JATO DE SERRA DA BRETON Projeto e produ\u00e7\u00e3o de maquin\u00e1rio avan\u00e7ado, plantas industriais, tecnologia e software A Breton inventa, projeta e constr\u00f3i centros de usinagem espec\u00edficos de alta tecnologia e alta produ\u00e7\u00e3o, linhas e m\u00e1quinas aut\u00f4nomas para o processamento de materiais (pedra natural, m\u00e1rmore, granito, quartzo, cer\u00e2mica, argila pesada, [&hellip;]<\/p>\n","protected":false},"author":12,"featured_media":0,"parent":0,"menu_order":0,"comment_status":"closed","ping_status":"closed","template":"","meta":{"_acf_changed":false,"footnotes":""},"page-type":[],"class_list":["post-43894","page","type-page","status-publish","hentry"],"acf":[],"yoast_head":"<!-- This site is optimized with the Yoast SEO plugin v27.3 - https:\/\/yoast.com\/product\/yoast-seo-wordpress\/ -->\n<title>M\u00c1QUINAS DE CORTE DE PEDRA A JATO DE \u00c1GUA DA BRETON | KMT Waterjet<\/title>\n<meta name=\"robots\" content=\"index, follow, max-snippet:-1, max-image-preview:large, max-video-preview:-1\" \/>\n<link rel=\"canonical\" href=\"https:\/\/kmtwaterjet.com\/pt-br\/maquina-northwood-oem-sawjet-4\/\" \/>\n<meta property=\"og:locale\" content=\"pt_BR\" \/>\n<meta property=\"og:type\" content=\"article\" \/>\n<meta property=\"og:title\" content=\"M\u00c1QUINAS DE CORTE DE PEDRA A JATO DE \u00c1GUA DA BRETON | KMT Waterjet\" \/>\n<meta property=\"og:description\" content=\"M\u00c1QUINAS DE CORTE DE PLACAS COM JATO DE SERRA DA BRETON Projeto e produ\u00e7\u00e3o de maquin\u00e1rio avan\u00e7ado, plantas industriais, tecnologia e software A Breton inventa, projeta e constr\u00f3i centros de usinagem espec\u00edficos de alta tecnologia e alta produ\u00e7\u00e3o, linhas e m\u00e1quinas aut\u00f4nomas para o processamento de materiais (pedra natural, m\u00e1rmore, granito, quartzo, cer\u00e2mica, argila pesada, [&hellip;]\" \/>\n<meta property=\"og:url\" content=\"https:\/\/kmtwaterjet.com\/pt-br\/maquina-northwood-oem-sawjet-4\/\" \/>\n<meta property=\"og:site_name\" content=\"KMT Waterjet\" \/>\n<meta property=\"article:modified_time\" content=\"2026-04-02T19:26:07+00:00\" \/>\n<meta property=\"og:image\" content=\"https:\/\/kmtwaterjet.com\/wp-content\/uploads\/BRETON-TRINITY-SAWJET-STONE-CUTTING-MACHINE.jpg\" \/>\n\t<meta property=\"og:image:width\" content=\"1285\" \/>\n\t<meta property=\"og:image:height\" content=\"513\" \/>\n\t<meta property=\"og:image:type\" content=\"image\/jpeg\" \/>\n<meta name=\"twitter:card\" content=\"summary_large_image\" \/>\n<meta name=\"twitter:label1\" content=\"Est. tempo de leitura\" \/>\n\t<meta name=\"twitter:data1\" content=\"2 minutos\" \/>\n<script type=\"application\/ld+json\" class=\"yoast-schema-graph\">{\"@context\":\"https:\\\/\\\/schema.org\",\"@graph\":[{\"@type\":\"WebPage\",\"@id\":\"https:\\\/\\\/kmtwaterjet.com\\\/pt-br\\\/maquina-northwood-oem-sawjet-4\\\/\",\"url\":\"https:\\\/\\\/kmtwaterjet.com\\\/pt-br\\\/maquina-northwood-oem-sawjet-4\\\/\",\"name\":\"M\u00c1QUINAS DE CORTE DE PEDRA A JATO DE \u00c1GUA DA BRETON | KMT Waterjet\",\"isPartOf\":{\"@id\":\"https:\\\/\\\/kmtwaterjet.com\\\/pt-br\\\/#website\"},\"primaryImageOfPage\":{\"@id\":\"https:\\\/\\\/kmtwaterjet.com\\\/pt-br\\\/maquina-northwood-oem-sawjet-4\\\/#primaryimage\"},\"image\":{\"@id\":\"https:\\\/\\\/kmtwaterjet.com\\\/pt-br\\\/maquina-northwood-oem-sawjet-4\\\/#primaryimage\"},\"thumbnailUrl\":\"https:\\\/\\\/kmtwaterjet.com\\\/wp-content\\\/uploads\\\/BRETON-TRINITY-SAWJET-STONE-CUTTING-MACHINE-1024x409.jpg\",\"datePublished\":\"2026-03-30T20:17:29+00:00\",\"dateModified\":\"2026-04-02T19:26:07+00:00\",\"breadcrumb\":{\"@id\":\"https:\\\/\\\/kmtwaterjet.com\\\/pt-br\\\/maquina-northwood-oem-sawjet-4\\\/#breadcrumb\"},\"inLanguage\":\"pt-BR\",\"potentialAction\":[{\"@type\":\"ReadAction\",\"target\":[\"https:\\\/\\\/kmtwaterjet.com\\\/pt-br\\\/maquina-northwood-oem-sawjet-4\\\/\"]}]},{\"@type\":\"ImageObject\",\"inLanguage\":\"pt-BR\",\"@id\":\"https:\\\/\\\/kmtwaterjet.com\\\/pt-br\\\/maquina-northwood-oem-sawjet-4\\\/#primaryimage\",\"url\":\"https:\\\/\\\/kmtwaterjet.com\\\/wp-content\\\/uploads\\\/BRETON-TRINITY-SAWJET-STONE-CUTTING-MACHINE-1024x409.jpg\",\"contentUrl\":\"https:\\\/\\\/kmtwaterjet.com\\\/wp-content\\\/uploads\\\/BRETON-TRINITY-SAWJET-STONE-CUTTING-MACHINE-1024x409.jpg\"},{\"@type\":\"BreadcrumbList\",\"@id\":\"https:\\\/\\\/kmtwaterjet.com\\\/pt-br\\\/maquina-northwood-oem-sawjet-4\\\/#breadcrumb\",\"itemListElement\":[{\"@type\":\"ListItem\",\"position\":1,\"name\":\"Home\",\"item\":\"https:\\\/\\\/kmtwaterjet.com\\\/pt-br\\\/\"},{\"@type\":\"ListItem\",\"position\":2,\"name\":\"M\u00c1QUINAS DE CORTE DE PEDRA A JATO DE \u00c1GUA DA BRETON\"}]},{\"@type\":\"WebSite\",\"@id\":\"https:\\\/\\\/kmtwaterjet.com\\\/pt-br\\\/#website\",\"url\":\"https:\\\/\\\/kmtwaterjet.com\\\/pt-br\\\/\",\"name\":\"KMT Waterjet\",\"description\":\"KMT Waterjet for waterjet cutting metal, stone, glass, steel and more\",\"publisher\":{\"@id\":\"https:\\\/\\\/kmtwaterjet.com\\\/pt-br\\\/#organization\"},\"potentialAction\":[{\"@type\":\"SearchAction\",\"target\":{\"@type\":\"EntryPoint\",\"urlTemplate\":\"https:\\\/\\\/kmtwaterjet.com\\\/pt-br\\\/?s={search_term_string}\"},\"query-input\":{\"@type\":\"PropertyValueSpecification\",\"valueRequired\":true,\"valueName\":\"search_term_string\"}}],\"inLanguage\":\"pt-BR\"},{\"@type\":\"Organization\",\"@id\":\"https:\\\/\\\/kmtwaterjet.com\\\/pt-br\\\/#organization\",\"name\":\"KMT Waterjet\",\"url\":\"https:\\\/\\\/kmtwaterjet.com\\\/pt-br\\\/\",\"logo\":{\"@type\":\"ImageObject\",\"inLanguage\":\"pt-BR\",\"@id\":\"https:\\\/\\\/kmtwaterjet.com\\\/pt-br\\\/#\\\/schema\\\/logo\\\/image\\\/\",\"url\":\"https:\\\/\\\/kmtwaterjet.com\\\/wp-content\\\/uploads\\\/kmt_logo_2020.png\",\"contentUrl\":\"https:\\\/\\\/kmtwaterjet.com\\\/wp-content\\\/uploads\\\/kmt_logo_2020.png\",\"width\":1002,\"height\":605,\"caption\":\"KMT Waterjet\"},\"image\":{\"@id\":\"https:\\\/\\\/kmtwaterjet.com\\\/pt-br\\\/#\\\/schema\\\/logo\\\/image\\\/\"}}]}<\/script>\n<!-- \/ Yoast SEO plugin. -->","yoast_head_json":{"title":"M\u00c1QUINAS DE CORTE DE PEDRA A JATO DE \u00c1GUA DA BRETON | KMT Waterjet","robots":{"index":"index","follow":"follow","max-snippet":"max-snippet:-1","max-image-preview":"max-image-preview:large","max-video-preview":"max-video-preview:-1"},"canonical":"https:\/\/kmtwaterjet.com\/pt-br\/maquina-northwood-oem-sawjet-4\/","og_locale":"pt_BR","og_type":"article","og_title":"M\u00c1QUINAS DE CORTE DE PEDRA A JATO DE \u00c1GUA DA BRETON | KMT Waterjet","og_description":"M\u00c1QUINAS DE CORTE DE PLACAS COM JATO DE SERRA DA BRETON Projeto e produ\u00e7\u00e3o de maquin\u00e1rio avan\u00e7ado, plantas industriais, tecnologia e software A Breton inventa, projeta e constr\u00f3i centros de usinagem espec\u00edficos de alta tecnologia e alta produ\u00e7\u00e3o, linhas e m\u00e1quinas aut\u00f4nomas para o processamento de materiais (pedra natural, m\u00e1rmore, granito, quartzo, cer\u00e2mica, argila pesada, [&hellip;]","og_url":"https:\/\/kmtwaterjet.com\/pt-br\/maquina-northwood-oem-sawjet-4\/","og_site_name":"KMT Waterjet","article_modified_time":"2026-04-02T19:26:07+00:00","og_image":[{"width":1285,"height":513,"url":"https:\/\/kmtwaterjet.com\/wp-content\/uploads\/BRETON-TRINITY-SAWJET-STONE-CUTTING-MACHINE.jpg","type":"image\/jpeg"}],"twitter_card":"summary_large_image","twitter_misc":{"Est. tempo de leitura":"2 minutos"},"schema":{"@context":"https:\/\/schema.org","@graph":[{"@type":"WebPage","@id":"https:\/\/kmtwaterjet.com\/pt-br\/maquina-northwood-oem-sawjet-4\/","url":"https:\/\/kmtwaterjet.com\/pt-br\/maquina-northwood-oem-sawjet-4\/","name":"M\u00c1QUINAS DE CORTE DE PEDRA A JATO DE \u00c1GUA DA BRETON | KMT Waterjet","isPartOf":{"@id":"https:\/\/kmtwaterjet.com\/pt-br\/#website"},"primaryImageOfPage":{"@id":"https:\/\/kmtwaterjet.com\/pt-br\/maquina-northwood-oem-sawjet-4\/#primaryimage"},"image":{"@id":"https:\/\/kmtwaterjet.com\/pt-br\/maquina-northwood-oem-sawjet-4\/#primaryimage"},"thumbnailUrl":"https:\/\/kmtwaterjet.com\/wp-content\/uploads\/BRETON-TRINITY-SAWJET-STONE-CUTTING-MACHINE-1024x409.jpg","datePublished":"2026-03-30T20:17:29+00:00","dateModified":"2026-04-02T19:26:07+00:00","breadcrumb":{"@id":"https:\/\/kmtwaterjet.com\/pt-br\/maquina-northwood-oem-sawjet-4\/#breadcrumb"},"inLanguage":"pt-BR","potentialAction":[{"@type":"ReadAction","target":["https:\/\/kmtwaterjet.com\/pt-br\/maquina-northwood-oem-sawjet-4\/"]}]},{"@type":"ImageObject","inLanguage":"pt-BR","@id":"https:\/\/kmtwaterjet.com\/pt-br\/maquina-northwood-oem-sawjet-4\/#primaryimage","url":"https:\/\/kmtwaterjet.com\/wp-content\/uploads\/BRETON-TRINITY-SAWJET-STONE-CUTTING-MACHINE-1024x409.jpg","contentUrl":"https:\/\/kmtwaterjet.com\/wp-content\/uploads\/BRETON-TRINITY-SAWJET-STONE-CUTTING-MACHINE-1024x409.jpg"},{"@type":"BreadcrumbList","@id":"https:\/\/kmtwaterjet.com\/pt-br\/maquina-northwood-oem-sawjet-4\/#breadcrumb","itemListElement":[{"@type":"ListItem","position":1,"name":"Home","item":"https:\/\/kmtwaterjet.com\/pt-br\/"},{"@type":"ListItem","position":2,"name":"M\u00c1QUINAS DE CORTE DE PEDRA A JATO DE \u00c1GUA DA BRETON"}]},{"@type":"WebSite","@id":"https:\/\/kmtwaterjet.com\/pt-br\/#website","url":"https:\/\/kmtwaterjet.com\/pt-br\/","name":"KMT Waterjet","description":"KMT Waterjet for waterjet cutting metal, stone, glass, steel and more","publisher":{"@id":"https:\/\/kmtwaterjet.com\/pt-br\/#organization"},"potentialAction":[{"@type":"SearchAction","target":{"@type":"EntryPoint","urlTemplate":"https:\/\/kmtwaterjet.com\/pt-br\/?s={search_term_string}"},"query-input":{"@type":"PropertyValueSpecification","valueRequired":true,"valueName":"search_term_string"}}],"inLanguage":"pt-BR"},{"@type":"Organization","@id":"https:\/\/kmtwaterjet.com\/pt-br\/#organization","name":"KMT Waterjet","url":"https:\/\/kmtwaterjet.com\/pt-br\/","logo":{"@type":"ImageObject","inLanguage":"pt-BR","@id":"https:\/\/kmtwaterjet.com\/pt-br\/#\/schema\/logo\/image\/","url":"https:\/\/kmtwaterjet.com\/wp-content\/uploads\/kmt_logo_2020.png","contentUrl":"https:\/\/kmtwaterjet.com\/wp-content\/uploads\/kmt_logo_2020.png","width":1002,"height":605,"caption":"KMT Waterjet"},"image":{"@id":"https:\/\/kmtwaterjet.com\/pt-br\/#\/schema\/logo\/image\/"}}]}},"_links":{"self":[{"href":"https:\/\/kmtwaterjet.com\/pt-br\/wp-json\/wp\/v2\/pages\/43894","targetHints":{"allow":["GET"]}}],"collection":[{"href":"https:\/\/kmtwaterjet.com\/pt-br\/wp-json\/wp\/v2\/pages"}],"about":[{"href":"https:\/\/kmtwaterjet.com\/pt-br\/wp-json\/wp\/v2\/types\/page"}],"author":[{"embeddable":true,"href":"https:\/\/kmtwaterjet.com\/pt-br\/wp-json\/wp\/v2\/users\/12"}],"replies":[{"embeddable":true,"href":"https:\/\/kmtwaterjet.com\/pt-br\/wp-json\/wp\/v2\/comments?post=43894"}],"version-history":[{"count":0,"href":"https:\/\/kmtwaterjet.com\/pt-br\/wp-json\/wp\/v2\/pages\/43894\/revisions"}],"wp:attachment":[{"href":"https:\/\/kmtwaterjet.com\/pt-br\/wp-json\/wp\/v2\/media?parent=43894"}],"wp:term":[{"taxonomy":"page-type","embeddable":true,"href":"https:\/\/kmtwaterjet.com\/pt-br\/wp-json\/wp\/v2\/page-type?post=43894"}],"curies":[{"name":"wp","href":"https:\/\/api.w.org\/{rel}","templated":true}]}}