{"id":43431,"date":"2026-02-23T12:58:12","date_gmt":"2026-02-23T18:58:12","guid":{"rendered":"https:\/\/kmtwaterjet.com\/?page_id=43431"},"modified":"2026-03-19T10:26:42","modified_gmt":"2026-03-19T15:26:42","slug":"declaracao-de-missao-visao-e-valores-da-kmt","status":"publish","type":"page","link":"https:\/\/kmtwaterjet.com\/pt-br\/declaracao-de-missao-visao-e-valores-da-kmt\/","title":{"rendered":"KMT PE\u00c7AS COMUNS SL VI 50 STD OAE S\/N 11606101"},"content":{"rendered":"\t\t<div data-elementor-type=\"wp-page\" data-elementor-id=\"43431\" class=\"elementor elementor-43431 elementor-43422\" data-elementor-post-type=\"page\">\n\t\t\t\t<div class=\"elementor-element elementor-element-cb093e1 e-con-full e-flex e-con e-parent\" data-id=\"cb093e1\" data-element_type=\"container\" data-e-type=\"container\" data-settings=\"{&quot;background_background&quot;:&quot;classic&quot;}\">\n\t\t<div class=\"elementor-element elementor-element-180e2e1 e-flex e-con-boxed e-con e-child\" data-id=\"180e2e1\" data-element_type=\"container\" data-e-type=\"container\" data-settings=\"{&quot;background_background&quot;:&quot;classic&quot;}\">\n\t\t\t\t\t<div class=\"e-con-inner\">\n\t\t\t\t<div class=\"elementor-element elementor-element-ef50307 elementor-widget__width-initial elementor-widget elementor-widget-heading\" data-id=\"ef50307\" data-element_type=\"widget\" data-e-type=\"widget\" data-widget_type=\"heading.default\">\n\t\t\t\t<div class=\"elementor-widget-container\">\n\t\t\t\t\t<h1 class=\"elementor-heading-title elementor-size-default\">PE\u00c7AS COMUNS - SL VI 50 STD OAE S\/N 11606101<\/h1>\t\t\t\t<\/div>\n\t\t\t\t<\/div>\n\t\t\t\t\t<\/div>\n\t\t\t\t<\/div>\n\t\t\t\t<\/div>\n\t\t<div class=\"elementor-element elementor-element-aefc5ec e-flex e-con-boxed e-con e-parent\" data-id=\"aefc5ec\" data-element_type=\"container\" data-e-type=\"container\">\n\t\t\t\t\t<div class=\"e-con-inner\">\n\t\t\t\t<div class=\"elementor-element elementor-element-fbbc009 elementor-widget__width-initial eael-dt-th-align-center eael-table-align-center elementor-widget elementor-widget-eael-data-table\" data-id=\"fbbc009\" data-element_type=\"widget\" data-e-type=\"widget\" data-widget_type=\"eael-data-table.default\">\n\t\t\t\t<div class=\"elementor-widget-container\">\n\t\t\t\t\t\t\t<div class=\"eael-data-table-wrap\" data-table_id=\"fbbc009\" id=\"eael-data-table-wrapper-fbbc009\" data-custom_responsive=\"false\">\n\t\t\t<table class=\"tablesorter eael-data-table center\" id=\"eael-data-table-fbbc009\">\n\t\t\t    <thead>\n\t\t\t        <tr class=\"table-header\">\n\t\t\t\t\t\t\t\t\t            <th class=\"\" id=\"\" colspan=\"\">\n\t\t\t\t\t\t\t\t\t\t\t\t\t\t<span class=\"data-table-header-text\">DESCRI\u00c7\u00c3O<\/span><\/th>\n\t\t\t        \t\t\t\t            <th class=\"\" id=\"\" colspan=\"\">\n\t\t\t\t\t\t\t\t\t\t\t\t\t\t<span class=\"data-table-header-text\">NO. DA PE\u00c7A<\/span><\/th>\n\t\t\t        \t\t\t\t            <th class=\"\" id=\"\" colspan=\"\">\n\t\t\t\t\t\t\t\t\t\t\t\t\t\t<span class=\"data-table-header-text\">PARTE DA FOTO<\/span><\/th>\n\t\t\t        \t\t\t\t        <\/tr>\n\t\t\t    <\/thead>\n\t\t\t  \t<tbody>\n\t\t\t\t\t\t\t\t\t\t\t<tr>\n\t\t\t\t\t\t\t\t\t\t\t\t\t<\/tr>\n\t\t\t        \t\t\t    <\/tbody>\n\t\t\t<\/table>\n\t\t<\/div>\n\t  \t\t\t\t\t<\/div>\n\t\t\t\t<\/div>\n\t\t\t\t\t<\/div>\n\t\t\t\t<\/div>\n\t\t<div class=\"elementor-element elementor-element-cb8705f e-grid e-con-boxed e-con e-parent\" data-id=\"cb8705f\" data-element_type=\"container\" data-e-type=\"container\">\n\t\t\t\t\t<div class=\"e-con-inner\">\n\t\t<div class=\"elementor-element elementor-element-094772e e-con-full e-flex e-con e-child\" data-id=\"094772e\" data-element_type=\"container\" data-e-type=\"container\">\n\t\t\t\t<div class=\"elementor-element elementor-element-df9f8dc elementor-widget elementor-widget-text-editor\" data-id=\"df9f8dc\" data-element_type=\"widget\" data-e-type=\"widget\" data-widget_type=\"text-editor.default\">\n\t\t\t\t<div class=\"elementor-widget-container\">\n\t\t\t\t\t\t\t\t\t<p>HP SEAL<\/p>\t\t\t\t\t\t\t\t<\/div>\n\t\t\t\t<\/div>\n\t\t\t\t<\/div>\n\t\t<div class=\"elementor-element elementor-element-bcc4105 e-con-full e-flex e-con e-child\" data-id=\"bcc4105\" data-element_type=\"container\" data-e-type=\"container\">\n\t\t\t\t<div class=\"elementor-element elementor-element-6ee340a elementor-widget elementor-widget-text-editor\" data-id=\"6ee340a\" data-element_type=\"widget\" data-e-type=\"widget\" data-widget_type=\"text-editor.default\">\n\t\t\t\t<div class=\"elementor-widget-container\">\n\t\t\t\t\t\t\t\t\t<p><strong>20422243<\/strong><\/p>\t\t\t\t\t\t\t\t<\/div>\n\t\t\t\t<\/div>\n\t\t\t\t<\/div>\n\t\t<div class=\"elementor-element elementor-element-3747d5f e-con-full e-flex e-con e-child\" data-id=\"3747d5f\" data-element_type=\"container\" data-e-type=\"container\">\n\t\t\t\t<div class=\"elementor-element elementor-element-05c52df elementor-widget elementor-widget-image\" data-id=\"05c52df\" data-element_type=\"widget\" data-e-type=\"widget\" data-widget_type=\"image.default\">\n\t\t\t\t<div class=\"elementor-widget-container\">\n\t\t\t\t\t\t\t\t\t\t\t\t\t\t\t<img fetchpriority=\"high\" decoding=\"async\" width=\"416\" height=\"401\" src=\"https:\/\/kmtwaterjet.com\/wp-content\/uploads\/20422243-Seal-Assembly-Kit-60000psi-KMT-Waterjet-Parts.png\" class=\"attachment-large size-large wp-image-43441\" alt=\"\" srcset=\"https:\/\/kmtwaterjet.com\/wp-content\/uploads\/20422243-Seal-Assembly-Kit-60000psi-KMT-Waterjet-Parts.png 416w, https:\/\/kmtwaterjet.com\/wp-content\/uploads\/20422243-Seal-Assembly-Kit-60000psi-KMT-Waterjet-Parts-300x289.png 300w\" sizes=\"(max-width: 416px) 100vw, 416px\" \/>\t\t\t\t\t\t\t\t\t\t\t\t\t\t\t<\/div>\n\t\t\t\t<\/div>\n\t\t\t\t<\/div>\n\t\t<div class=\"elementor-element elementor-element-69ca704 e-con-full e-flex e-con e-child\" data-id=\"69ca704\" data-element_type=\"container\" data-e-type=\"container\" data-settings=\"{&quot;background_background&quot;:&quot;classic&quot;}\">\n\t\t\t\t<div class=\"elementor-element elementor-element-8fe6e28 elementor-widget elementor-widget-text-editor\" data-id=\"8fe6e28\" data-element_type=\"widget\" data-e-type=\"widget\" data-widget_type=\"text-editor.default\">\n\t\t\t\t<div class=\"elementor-widget-container\">\n\t\t\t\t\t\t\t\t\t<p>KIT DE REPARO DA V\u00c1LVULA DE RETEN\u00c7\u00c3O<\/p>\t\t\t\t\t\t\t\t<\/div>\n\t\t\t\t<\/div>\n\t\t\t\t<\/div>\n\t\t<div class=\"elementor-element elementor-element-c842181 e-con-full e-flex e-con e-child\" data-id=\"c842181\" data-element_type=\"container\" data-e-type=\"container\" data-settings=\"{&quot;background_background&quot;:&quot;classic&quot;}\">\n\t\t\t\t<div class=\"elementor-element elementor-element-52f2128 elementor-widget elementor-widget-text-editor\" data-id=\"52f2128\" data-element_type=\"widget\" data-e-type=\"widget\" data-widget_type=\"text-editor.default\">\n\t\t\t\t<div class=\"elementor-widget-container\">\n\t\t\t\t\t\t\t\t\t<p><strong>20489495<\/strong><\/p>\t\t\t\t\t\t\t\t<\/div>\n\t\t\t\t<\/div>\n\t\t\t\t<\/div>\n\t\t<div class=\"elementor-element elementor-element-58fcdd2 e-con-full e-flex e-con e-child\" data-id=\"58fcdd2\" data-element_type=\"container\" data-e-type=\"container\" data-settings=\"{&quot;background_background&quot;:&quot;classic&quot;}\">\n\t\t\t\t<div class=\"elementor-element elementor-element-adfb68f elementor-widget elementor-widget-image\" data-id=\"adfb68f\" data-element_type=\"widget\" data-e-type=\"widget\" data-widget_type=\"image.default\">\n\t\t\t\t<div class=\"elementor-widget-container\">\n\t\t\t\t\t\t\t\t\t\t\t\t\t\t\t<img decoding=\"async\" width=\"416\" height=\"401\" data-src=\"https:\/\/kmtwaterjet.com\/wp-content\/uploads\/20489495-check-valve-rebuild-kit-KMT-Genuine-Parts.png\" class=\"attachment-large size-large wp-image-43453 lazyload\" alt=\"\" data-srcset=\"https:\/\/kmtwaterjet.com\/wp-content\/uploads\/20489495-check-valve-rebuild-kit-KMT-Genuine-Parts.png 416w, https:\/\/kmtwaterjet.com\/wp-content\/uploads\/20489495-check-valve-rebuild-kit-KMT-Genuine-Parts-300x289.png 300w\" data-sizes=\"(max-width: 416px) 100vw, 416px\" src=\"data:image\/svg+xml;base64,PHN2ZyB3aWR0aD0iMSIgaGVpZ2h0PSIxIiB4bWxucz0iaHR0cDovL3d3dy53My5vcmcvMjAwMC9zdmciPjwvc3ZnPg==\" style=\"--smush-placeholder-width: 416px; --smush-placeholder-aspect-ratio: 416\/401;\" \/>\t\t\t\t\t\t\t\t\t\t\t\t\t\t\t<\/div>\n\t\t\t\t<\/div>\n\t\t\t\t<\/div>\n\t\t<div class=\"elementor-element elementor-element-6def929 e-con-full e-flex e-con e-child\" data-id=\"6def929\" data-element_type=\"container\" data-e-type=\"container\">\n\t\t\t\t<div class=\"elementor-element elementor-element-89f02c9 elementor-widget elementor-widget-text-editor\" data-id=\"89f02c9\" data-element_type=\"widget\" data-e-type=\"widget\" data-widget_type=\"text-editor.default\">\n\t\t\t\t<div class=\"elementor-widget-container\">\n\t\t\t\t\t\t\t\t\t<p>LINER<\/p>\t\t\t\t\t\t\t\t<\/div>\n\t\t\t\t<\/div>\n\t\t\t\t<\/div>\n\t\t<div class=\"elementor-element elementor-element-c1b6e8f e-con-full e-flex e-con e-child\" data-id=\"c1b6e8f\" data-element_type=\"container\" data-e-type=\"container\">\n\t\t\t\t<div class=\"elementor-element elementor-element-5868408 elementor-widget elementor-widget-text-editor\" data-id=\"5868408\" data-element_type=\"widget\" data-e-type=\"widget\" data-widget_type=\"text-editor.default\">\n\t\t\t\t<div class=\"elementor-widget-container\">\n\t\t\t\t\t\t\t\t\t<p><strong>20497767<\/strong><\/p>\t\t\t\t\t\t\t\t<\/div>\n\t\t\t\t<\/div>\n\t\t\t\t<\/div>\n\t\t<div class=\"elementor-element elementor-element-5a009e8 e-con-full e-flex e-con e-child\" data-id=\"5a009e8\" data-element_type=\"container\" data-e-type=\"container\">\n\t\t\t\t<div class=\"elementor-element elementor-element-ca65159 elementor-widget elementor-widget-image\" data-id=\"ca65159\" data-element_type=\"widget\" data-e-type=\"widget\" data-widget_type=\"image.default\">\n\t\t\t\t<div class=\"elementor-widget-container\">\n\t\t\t\t\t\t\t\t\t\t\t\t\t\t\t<img decoding=\"async\" width=\"416\" height=\"401\" data-src=\"https:\/\/kmtwaterjet.com\/wp-content\/uploads\/20497767-liner-KMT-Genuine-Parts.png\" class=\"attachment-large size-large wp-image-43464 lazyload\" alt=\"\" data-srcset=\"https:\/\/kmtwaterjet.com\/wp-content\/uploads\/20497767-liner-KMT-Genuine-Parts.png 416w, https:\/\/kmtwaterjet.com\/wp-content\/uploads\/20497767-liner-KMT-Genuine-Parts-300x289.png 300w\" data-sizes=\"(max-width: 416px) 100vw, 416px\" src=\"data:image\/svg+xml;base64,PHN2ZyB3aWR0aD0iMSIgaGVpZ2h0PSIxIiB4bWxucz0iaHR0cDovL3d3dy53My5vcmcvMjAwMC9zdmciPjwvc3ZnPg==\" style=\"--smush-placeholder-width: 416px; --smush-placeholder-aspect-ratio: 416\/401;\" \/>\t\t\t\t\t\t\t\t\t\t\t\t\t\t\t<\/div>\n\t\t\t\t<\/div>\n\t\t\t\t<\/div>\n\t\t<div class=\"elementor-element elementor-element-dcb66ed e-con-full e-flex e-con e-child\" data-id=\"dcb66ed\" data-element_type=\"container\" data-e-type=\"container\" data-settings=\"{&quot;background_background&quot;:&quot;classic&quot;}\">\n\t\t\t\t<div class=\"elementor-element elementor-element-192260b elementor-widget elementor-widget-text-editor\" data-id=\"192260b\" data-element_type=\"widget\" data-e-type=\"widget\" data-widget_type=\"text-editor.default\">\n\t\t\t\t<div class=\"elementor-widget-container\">\n\t\t\t\t\t\t\t\t\t<p>KIT DE REPARO DA V\u00c1LVULA DE RETEN\u00c7\u00c3O<\/p>\t\t\t\t\t\t\t\t<\/div>\n\t\t\t\t<\/div>\n\t\t\t\t<\/div>\n\t\t<div class=\"elementor-element elementor-element-4a39786 e-con-full e-flex e-con e-child\" data-id=\"4a39786\" data-element_type=\"container\" data-e-type=\"container\" data-settings=\"{&quot;background_background&quot;:&quot;classic&quot;}\">\n\t\t\t\t<div class=\"elementor-element elementor-element-bd78801 elementor-widget elementor-widget-text-editor\" data-id=\"bd78801\" data-element_type=\"widget\" data-e-type=\"widget\" data-widget_type=\"text-editor.default\">\n\t\t\t\t<div class=\"elementor-widget-container\">\n\t\t\t\t\t\t\t\t\t<p><strong>20489495<\/strong><\/p>\t\t\t\t\t\t\t\t<\/div>\n\t\t\t\t<\/div>\n\t\t\t\t<\/div>\n\t\t<div class=\"elementor-element elementor-element-e085c50 e-con-full e-flex e-con e-child\" data-id=\"e085c50\" data-element_type=\"container\" data-e-type=\"container\" data-settings=\"{&quot;background_background&quot;:&quot;classic&quot;}\">\n\t\t\t\t<div class=\"elementor-element elementor-element-acf27d2 elementor-widget elementor-widget-image\" data-id=\"acf27d2\" data-element_type=\"widget\" data-e-type=\"widget\" data-widget_type=\"image.default\">\n\t\t\t\t<div class=\"elementor-widget-container\">\n\t\t\t\t\t\t\t\t\t\t\t\t\t\t\t<img decoding=\"async\" width=\"416\" height=\"401\" data-src=\"https:\/\/kmtwaterjet.com\/wp-content\/uploads\/20489495-check-valve-rebuild-kit-KMT-Genuine-Parts.png\" class=\"attachment-large size-large wp-image-43453 lazyload\" alt=\"\" data-srcset=\"https:\/\/kmtwaterjet.com\/wp-content\/uploads\/20489495-check-valve-rebuild-kit-KMT-Genuine-Parts.png 416w, https:\/\/kmtwaterjet.com\/wp-content\/uploads\/20489495-check-valve-rebuild-kit-KMT-Genuine-Parts-300x289.png 300w\" data-sizes=\"(max-width: 416px) 100vw, 416px\" src=\"data:image\/svg+xml;base64,PHN2ZyB3aWR0aD0iMSIgaGVpZ2h0PSIxIiB4bWxucz0iaHR0cDovL3d3dy53My5vcmcvMjAwMC9zdmciPjwvc3ZnPg==\" style=\"--smush-placeholder-width: 416px; --smush-placeholder-aspect-ratio: 416\/401;\" \/>\t\t\t\t\t\t\t\t\t\t\t\t\t\t\t<\/div>\n\t\t\t\t<\/div>\n\t\t\t\t<\/div>\n\t\t<div class=\"elementor-element elementor-element-ef1202e e-con-full e-flex e-con e-child\" data-id=\"ef1202e\" data-element_type=\"container\" data-e-type=\"container\">\n\t\t\t\t<div class=\"elementor-element elementor-element-1c06a58 elementor-widget elementor-widget-text-editor\" data-id=\"1c06a58\" data-element_type=\"widget\" data-e-type=\"widget\" data-widget_type=\"text-editor.default\">\n\t\t\t\t<div class=\"elementor-widget-container\">\n\t\t\t\t\t\t\t\t\t<p>KIT DE PIST\u00c3O HIDR\u00c1ULICO<\/p>\t\t\t\t\t\t\t\t<\/div>\n\t\t\t\t<\/div>\n\t\t\t\t<\/div>\n\t\t<div class=\"elementor-element elementor-element-959e2e4 e-con-full e-flex e-con e-child\" data-id=\"959e2e4\" data-element_type=\"container\" data-e-type=\"container\">\n\t\t\t\t<div class=\"elementor-element elementor-element-bca0358 elementor-widget elementor-widget-text-editor\" data-id=\"bca0358\" data-element_type=\"widget\" data-e-type=\"widget\" data-widget_type=\"text-editor.default\">\n\t\t\t\t<div class=\"elementor-widget-container\">\n\t\t\t\t\t\t\t\t\t<p><strong>05115951<\/strong><\/p>\t\t\t\t\t\t\t\t<\/div>\n\t\t\t\t<\/div>\n\t\t\t\t<\/div>\n\t\t<div class=\"elementor-element elementor-element-5d6fde7 e-con-full e-flex e-con e-child\" data-id=\"5d6fde7\" data-element_type=\"container\" data-e-type=\"container\">\n\t\t\t\t<div class=\"elementor-element elementor-element-4812384 elementor-widget elementor-widget-image\" data-id=\"4812384\" data-element_type=\"widget\" data-e-type=\"widget\" data-widget_type=\"image.default\">\n\t\t\t\t<div class=\"elementor-widget-container\">\n\t\t\t\t\t\t\t\t\t\t\t\t\t\t\t<img decoding=\"async\" width=\"800\" height=\"741\" data-src=\"https:\/\/kmtwaterjet.com\/wp-content\/uploads\/05115951-1024x948.png\" class=\"attachment-large size-large wp-image-43477 lazyload\" alt=\"\" data-srcset=\"https:\/\/kmtwaterjet.com\/wp-content\/uploads\/05115951-1024x948.png 1024w, https:\/\/kmtwaterjet.com\/wp-content\/uploads\/05115951-300x278.png 300w, https:\/\/kmtwaterjet.com\/wp-content\/uploads\/05115951-768x711.png 768w, https:\/\/kmtwaterjet.com\/wp-content\/uploads\/05115951.png 1200w\" data-sizes=\"(max-width: 800px) 100vw, 800px\" src=\"data:image\/svg+xml;base64,PHN2ZyB3aWR0aD0iMSIgaGVpZ2h0PSIxIiB4bWxucz0iaHR0cDovL3d3dy53My5vcmcvMjAwMC9zdmciPjwvc3ZnPg==\" style=\"--smush-placeholder-width: 800px; --smush-placeholder-aspect-ratio: 800\/741;\" \/>\t\t\t\t\t\t\t\t\t\t\t\t\t\t\t<\/div>\n\t\t\t\t<\/div>\n\t\t\t\t<\/div>\n\t\t\t\t\t<\/div>\n\t\t\t\t<\/div>\n\t\t\t\t<\/div>\n\t\t","protected":false},"excerpt":{"rendered":"<p>PE\u00c7AS COMUNS &#8211; SL VI 50 STD OAE S\/N 11606101 DESCRI\u00c7\u00c3O NO. DA PE\u00c7A PARTE DA FOTO HP SEAL 20422243 KIT DE REPARO DA V\u00c1LVULA DE RETEN\u00c7\u00c3O 20489495 LINER 20497767 KIT DE REPARO DA V\u00c1LVULA DE RETEN\u00c7\u00c3O 20489495 KIT DE PIST\u00c3O HIDR\u00c1ULICO 05115951<\/p>\n","protected":false},"author":12,"featured_media":0,"parent":0,"menu_order":0,"comment_status":"closed","ping_status":"closed","template":"elementor_header_footer","meta":{"_acf_changed":false,"footnotes":""},"page-type":[],"class_list":["post-43431","page","type-page","status-publish","hentry"],"acf":[],"yoast_head":"<!-- This site is optimized with the Yoast SEO plugin v27.3 - https:\/\/yoast.com\/product\/yoast-seo-wordpress\/ -->\n<title>KMT PE\u00c7AS COMUNS SL VI 50 STD OAE S\/N 11606101 | KMT Waterjet<\/title>\n<meta name=\"description\" content=\"Descubra a miss\u00e3o, a vis\u00e3o e os valores da KMT Waterjet, focados em inova\u00e7\u00e3o, servi\u00e7o, seguran\u00e7a e sucesso do cliente.\" \/>\n<meta name=\"robots\" content=\"index, follow, max-snippet:-1, max-image-preview:large, max-video-preview:-1\" \/>\n<link rel=\"canonical\" href=\"https:\/\/kmtwaterjet.com\/pt-br\/declaracao-de-missao-visao-e-valores-da-kmt\/\" \/>\n<meta property=\"og:locale\" content=\"pt_BR\" \/>\n<meta property=\"og:type\" content=\"article\" \/>\n<meta property=\"og:title\" content=\"KMT PE\u00c7AS COMUNS SL VI 50 STD OAE S\/N 11606101 | KMT Waterjet\" \/>\n<meta property=\"og:description\" content=\"Descubra a miss\u00e3o, a vis\u00e3o e os valores da KMT Waterjet, focados em inova\u00e7\u00e3o, servi\u00e7o, seguran\u00e7a e sucesso do cliente.\" \/>\n<meta property=\"og:url\" content=\"https:\/\/kmtwaterjet.com\/pt-br\/declaracao-de-missao-visao-e-valores-da-kmt\/\" \/>\n<meta property=\"og:site_name\" content=\"KMT Waterjet\" \/>\n<meta property=\"article:modified_time\" content=\"2026-03-19T15:26:42+00:00\" \/>\n<meta property=\"og:image\" content=\"https:\/\/kmtwaterjet.com\/wp-content\/uploads\/20422243-Seal-Assembly-Kit-60000psi-KMT-Waterjet-Parts.png\" \/>\n\t<meta property=\"og:image:width\" content=\"416\" \/>\n\t<meta property=\"og:image:height\" content=\"401\" \/>\n\t<meta property=\"og:image:type\" content=\"image\/png\" \/>\n<meta name=\"twitter:card\" content=\"summary_large_image\" \/>\n<script type=\"application\/ld+json\" class=\"yoast-schema-graph\">{\"@context\":\"https:\\\/\\\/schema.org\",\"@graph\":[{\"@type\":\"WebPage\",\"@id\":\"https:\\\/\\\/kmtwaterjet.com\\\/pt-br\\\/declaracao-de-missao-visao-e-valores-da-kmt\\\/\",\"url\":\"https:\\\/\\\/kmtwaterjet.com\\\/pt-br\\\/declaracao-de-missao-visao-e-valores-da-kmt\\\/\",\"name\":\"KMT PE\u00c7AS COMUNS SL VI 50 STD OAE S\\\/N 11606101 | KMT Waterjet\",\"isPartOf\":{\"@id\":\"https:\\\/\\\/kmtwaterjet.com\\\/pt-br\\\/#website\"},\"primaryImageOfPage\":{\"@id\":\"https:\\\/\\\/kmtwaterjet.com\\\/pt-br\\\/declaracao-de-missao-visao-e-valores-da-kmt\\\/#primaryimage\"},\"image\":{\"@id\":\"https:\\\/\\\/kmtwaterjet.com\\\/pt-br\\\/declaracao-de-missao-visao-e-valores-da-kmt\\\/#primaryimage\"},\"thumbnailUrl\":\"https:\\\/\\\/kmtwaterjet.com\\\/wp-content\\\/uploads\\\/20422243-Seal-Assembly-Kit-60000psi-KMT-Waterjet-Parts.png\",\"datePublished\":\"2026-02-23T18:58:12+00:00\",\"dateModified\":\"2026-03-19T15:26:42+00:00\",\"description\":\"Descubra a miss\u00e3o, a vis\u00e3o e os valores da KMT Waterjet, focados em inova\u00e7\u00e3o, servi\u00e7o, seguran\u00e7a e sucesso do cliente.\",\"breadcrumb\":{\"@id\":\"https:\\\/\\\/kmtwaterjet.com\\\/pt-br\\\/declaracao-de-missao-visao-e-valores-da-kmt\\\/#breadcrumb\"},\"inLanguage\":\"pt-BR\",\"potentialAction\":[{\"@type\":\"ReadAction\",\"target\":[\"https:\\\/\\\/kmtwaterjet.com\\\/pt-br\\\/declaracao-de-missao-visao-e-valores-da-kmt\\\/\"]}]},{\"@type\":\"ImageObject\",\"inLanguage\":\"pt-BR\",\"@id\":\"https:\\\/\\\/kmtwaterjet.com\\\/pt-br\\\/declaracao-de-missao-visao-e-valores-da-kmt\\\/#primaryimage\",\"url\":\"https:\\\/\\\/kmtwaterjet.com\\\/wp-content\\\/uploads\\\/20422243-Seal-Assembly-Kit-60000psi-KMT-Waterjet-Parts.png\",\"contentUrl\":\"https:\\\/\\\/kmtwaterjet.com\\\/wp-content\\\/uploads\\\/20422243-Seal-Assembly-Kit-60000psi-KMT-Waterjet-Parts.png\"},{\"@type\":\"BreadcrumbList\",\"@id\":\"https:\\\/\\\/kmtwaterjet.com\\\/pt-br\\\/declaracao-de-missao-visao-e-valores-da-kmt\\\/#breadcrumb\",\"itemListElement\":[{\"@type\":\"ListItem\",\"position\":1,\"name\":\"Home\",\"item\":\"https:\\\/\\\/kmtwaterjet.com\\\/pt-br\\\/\"},{\"@type\":\"ListItem\",\"position\":2,\"name\":\"KMT PE\u00c7AS COMUNS SL VI 50 STD OAE S\\\/N 11606101\"}]},{\"@type\":\"WebSite\",\"@id\":\"https:\\\/\\\/kmtwaterjet.com\\\/pt-br\\\/#website\",\"url\":\"https:\\\/\\\/kmtwaterjet.com\\\/pt-br\\\/\",\"name\":\"KMT Waterjet\",\"description\":\"KMT Waterjet for waterjet cutting metal, stone, glass, steel and more\",\"publisher\":{\"@id\":\"https:\\\/\\\/kmtwaterjet.com\\\/pt-br\\\/#organization\"},\"potentialAction\":[{\"@type\":\"SearchAction\",\"target\":{\"@type\":\"EntryPoint\",\"urlTemplate\":\"https:\\\/\\\/kmtwaterjet.com\\\/pt-br\\\/?s={search_term_string}\"},\"query-input\":{\"@type\":\"PropertyValueSpecification\",\"valueRequired\":true,\"valueName\":\"search_term_string\"}}],\"inLanguage\":\"pt-BR\"},{\"@type\":\"Organization\",\"@id\":\"https:\\\/\\\/kmtwaterjet.com\\\/pt-br\\\/#organization\",\"name\":\"KMT Waterjet\",\"url\":\"https:\\\/\\\/kmtwaterjet.com\\\/pt-br\\\/\",\"logo\":{\"@type\":\"ImageObject\",\"inLanguage\":\"pt-BR\",\"@id\":\"https:\\\/\\\/kmtwaterjet.com\\\/pt-br\\\/#\\\/schema\\\/logo\\\/image\\\/\",\"url\":\"https:\\\/\\\/kmtwaterjet.com\\\/wp-content\\\/uploads\\\/kmt_logo_2020.png\",\"contentUrl\":\"https:\\\/\\\/kmtwaterjet.com\\\/wp-content\\\/uploads\\\/kmt_logo_2020.png\",\"width\":1002,\"height\":605,\"caption\":\"KMT Waterjet\"},\"image\":{\"@id\":\"https:\\\/\\\/kmtwaterjet.com\\\/pt-br\\\/#\\\/schema\\\/logo\\\/image\\\/\"}}]}<\/script>\n<!-- \/ Yoast SEO plugin. -->","yoast_head_json":{"title":"KMT PE\u00c7AS COMUNS SL VI 50 STD OAE S\/N 11606101 | KMT Waterjet","description":"Descubra a miss\u00e3o, a vis\u00e3o e os valores da KMT Waterjet, focados em inova\u00e7\u00e3o, servi\u00e7o, seguran\u00e7a e sucesso do cliente.","robots":{"index":"index","follow":"follow","max-snippet":"max-snippet:-1","max-image-preview":"max-image-preview:large","max-video-preview":"max-video-preview:-1"},"canonical":"https:\/\/kmtwaterjet.com\/pt-br\/declaracao-de-missao-visao-e-valores-da-kmt\/","og_locale":"pt_BR","og_type":"article","og_title":"KMT PE\u00c7AS COMUNS SL VI 50 STD OAE S\/N 11606101 | KMT Waterjet","og_description":"Descubra a miss\u00e3o, a vis\u00e3o e os valores da KMT Waterjet, focados em inova\u00e7\u00e3o, servi\u00e7o, seguran\u00e7a e sucesso do cliente.","og_url":"https:\/\/kmtwaterjet.com\/pt-br\/declaracao-de-missao-visao-e-valores-da-kmt\/","og_site_name":"KMT Waterjet","article_modified_time":"2026-03-19T15:26:42+00:00","og_image":[{"width":416,"height":401,"url":"https:\/\/kmtwaterjet.com\/wp-content\/uploads\/20422243-Seal-Assembly-Kit-60000psi-KMT-Waterjet-Parts.png","type":"image\/png"}],"twitter_card":"summary_large_image","schema":{"@context":"https:\/\/schema.org","@graph":[{"@type":"WebPage","@id":"https:\/\/kmtwaterjet.com\/pt-br\/declaracao-de-missao-visao-e-valores-da-kmt\/","url":"https:\/\/kmtwaterjet.com\/pt-br\/declaracao-de-missao-visao-e-valores-da-kmt\/","name":"KMT PE\u00c7AS COMUNS SL VI 50 STD OAE S\/N 11606101 | KMT Waterjet","isPartOf":{"@id":"https:\/\/kmtwaterjet.com\/pt-br\/#website"},"primaryImageOfPage":{"@id":"https:\/\/kmtwaterjet.com\/pt-br\/declaracao-de-missao-visao-e-valores-da-kmt\/#primaryimage"},"image":{"@id":"https:\/\/kmtwaterjet.com\/pt-br\/declaracao-de-missao-visao-e-valores-da-kmt\/#primaryimage"},"thumbnailUrl":"https:\/\/kmtwaterjet.com\/wp-content\/uploads\/20422243-Seal-Assembly-Kit-60000psi-KMT-Waterjet-Parts.png","datePublished":"2026-02-23T18:58:12+00:00","dateModified":"2026-03-19T15:26:42+00:00","description":"Descubra a miss\u00e3o, a vis\u00e3o e os valores da KMT Waterjet, focados em inova\u00e7\u00e3o, servi\u00e7o, seguran\u00e7a e sucesso do cliente.","breadcrumb":{"@id":"https:\/\/kmtwaterjet.com\/pt-br\/declaracao-de-missao-visao-e-valores-da-kmt\/#breadcrumb"},"inLanguage":"pt-BR","potentialAction":[{"@type":"ReadAction","target":["https:\/\/kmtwaterjet.com\/pt-br\/declaracao-de-missao-visao-e-valores-da-kmt\/"]}]},{"@type":"ImageObject","inLanguage":"pt-BR","@id":"https:\/\/kmtwaterjet.com\/pt-br\/declaracao-de-missao-visao-e-valores-da-kmt\/#primaryimage","url":"https:\/\/kmtwaterjet.com\/wp-content\/uploads\/20422243-Seal-Assembly-Kit-60000psi-KMT-Waterjet-Parts.png","contentUrl":"https:\/\/kmtwaterjet.com\/wp-content\/uploads\/20422243-Seal-Assembly-Kit-60000psi-KMT-Waterjet-Parts.png"},{"@type":"BreadcrumbList","@id":"https:\/\/kmtwaterjet.com\/pt-br\/declaracao-de-missao-visao-e-valores-da-kmt\/#breadcrumb","itemListElement":[{"@type":"ListItem","position":1,"name":"Home","item":"https:\/\/kmtwaterjet.com\/pt-br\/"},{"@type":"ListItem","position":2,"name":"KMT PE\u00c7AS COMUNS SL VI 50 STD OAE S\/N 11606101"}]},{"@type":"WebSite","@id":"https:\/\/kmtwaterjet.com\/pt-br\/#website","url":"https:\/\/kmtwaterjet.com\/pt-br\/","name":"KMT Waterjet","description":"KMT Waterjet for waterjet cutting metal, stone, glass, steel and more","publisher":{"@id":"https:\/\/kmtwaterjet.com\/pt-br\/#organization"},"potentialAction":[{"@type":"SearchAction","target":{"@type":"EntryPoint","urlTemplate":"https:\/\/kmtwaterjet.com\/pt-br\/?s={search_term_string}"},"query-input":{"@type":"PropertyValueSpecification","valueRequired":true,"valueName":"search_term_string"}}],"inLanguage":"pt-BR"},{"@type":"Organization","@id":"https:\/\/kmtwaterjet.com\/pt-br\/#organization","name":"KMT Waterjet","url":"https:\/\/kmtwaterjet.com\/pt-br\/","logo":{"@type":"ImageObject","inLanguage":"pt-BR","@id":"https:\/\/kmtwaterjet.com\/pt-br\/#\/schema\/logo\/image\/","url":"https:\/\/kmtwaterjet.com\/wp-content\/uploads\/kmt_logo_2020.png","contentUrl":"https:\/\/kmtwaterjet.com\/wp-content\/uploads\/kmt_logo_2020.png","width":1002,"height":605,"caption":"KMT Waterjet"},"image":{"@id":"https:\/\/kmtwaterjet.com\/pt-br\/#\/schema\/logo\/image\/"}}]}},"_links":{"self":[{"href":"https:\/\/kmtwaterjet.com\/pt-br\/wp-json\/wp\/v2\/pages\/43431","targetHints":{"allow":["GET"]}}],"collection":[{"href":"https:\/\/kmtwaterjet.com\/pt-br\/wp-json\/wp\/v2\/pages"}],"about":[{"href":"https:\/\/kmtwaterjet.com\/pt-br\/wp-json\/wp\/v2\/types\/page"}],"author":[{"embeddable":true,"href":"https:\/\/kmtwaterjet.com\/pt-br\/wp-json\/wp\/v2\/users\/12"}],"replies":[{"embeddable":true,"href":"https:\/\/kmtwaterjet.com\/pt-br\/wp-json\/wp\/v2\/comments?post=43431"}],"version-history":[{"count":0,"href":"https:\/\/kmtwaterjet.com\/pt-br\/wp-json\/wp\/v2\/pages\/43431\/revisions"}],"wp:attachment":[{"href":"https:\/\/kmtwaterjet.com\/pt-br\/wp-json\/wp\/v2\/media?parent=43431"}],"wp:term":[{"taxonomy":"page-type","embeddable":true,"href":"https:\/\/kmtwaterjet.com\/pt-br\/wp-json\/wp\/v2\/page-type?post=43431"}],"curies":[{"name":"wp","href":"https:\/\/api.w.org\/{rel}","templated":true}]}}