{"id":42314,"date":"2025-06-03T08:15:34","date_gmt":"2025-06-03T13:15:34","guid":{"rendered":"https:\/\/kmtwaterjet.com\/?page_id=42314"},"modified":"2025-10-29T10:18:37","modified_gmt":"2025-10-29T15:18:37","slug":"politica-de-privacidade-da-kmt-2","status":"publish","type":"page","link":"https:\/\/kmtwaterjet.com\/pt-br\/politica-de-privacidade-da-kmt-2\/","title":{"rendered":"Pol\u00edtica de privacidade da KMT"},"content":{"rendered":"\t\t<div data-elementor-type=\"wp-page\" data-elementor-id=\"42314\" class=\"elementor elementor-42314 elementor-42306\" data-elementor-post-type=\"page\">\n\t\t\t\t<div class=\"elementor-element elementor-element-20e8b0c e-flex e-con-boxed e-con e-parent\" data-id=\"20e8b0c\" data-element_type=\"container\" data-e-type=\"container\" data-settings=\"{&quot;background_background&quot;:&quot;classic&quot;,&quot;shape_divider_bottom&quot;:&quot;waves&quot;,&quot;shape_divider_bottom_negative&quot;:&quot;yes&quot;}\">\n\t\t\t\t\t<div class=\"e-con-inner\">\n\t\t\t\t<div class=\"elementor-shape elementor-shape-bottom\" aria-hidden=\"true\" data-negative=\"true\">\n\t\t\t<svg xmlns=\"http:\/\/www.w3.org\/2000\/svg\" viewBox=\"0 0 1000 100\" preserveAspectRatio=\"none\">\n\t<path class=\"elementor-shape-fill\" d=\"M790.5,93.1c-59.3-5.3-116.8-18-192.6-50c-29.6-12.7-76.9-31-100.5-35.9c-23.6-4.9-52.6-7.8-75.5-5.3\n\tc-10.2,1.1-22.6,1.4-50.1,7.4c-27.2,6.3-58.2,16.6-79.4,24.7c-41.3,15.9-94.9,21.9-134,22.6C72,58.2,0,25.8,0,25.8V100h1000V65.3\n\tc0,0-51.5,19.4-106.2,25.7C839.5,97,814.1,95.2,790.5,93.1z\"\/>\n<\/svg>\t\t<\/div>\n\t\t<div class=\"elementor-element elementor-element-3db032c e-con-full e-flex e-con e-child\" data-id=\"3db032c\" data-element_type=\"container\" data-e-type=\"container\">\n\t\t\t\t<div class=\"elementor-element elementor-element-d577189 elementor-widget__width-initial elementor-widget elementor-widget-heading\" data-id=\"d577189\" data-element_type=\"widget\" data-e-type=\"widget\" data-widget_type=\"heading.default\">\n\t\t\t\t<div class=\"elementor-widget-container\">\n\t\t\t\t\t<h2 class=\"elementor-heading-title elementor-size-default\">TERMOS E CONDI\u00c7\u00d5ES DE VENDA<\/h2>\t\t\t\t<\/div>\n\t\t\t\t<\/div>\n\t\t\t\t<div class=\"elementor-element elementor-element-8ac114c elementor-widget-divider--view-line elementor-widget elementor-widget-divider\" data-id=\"8ac114c\" data-element_type=\"widget\" data-e-type=\"widget\" data-widget_type=\"divider.default\">\n\t\t\t\t<div class=\"elementor-widget-container\">\n\t\t\t\t\t\t\t<div class=\"elementor-divider\">\n\t\t\t<span class=\"elementor-divider-separator\">\n\t\t\t\t\t\t<\/span>\n\t\t<\/div>\n\t\t\t\t\t\t<\/div>\n\t\t\t\t<\/div>\n\t\t<div class=\"elementor-element elementor-element-cf345b2 e-con-full e-flex e-con e-child\" data-id=\"cf345b2\" data-element_type=\"container\" data-e-type=\"container\">\n\t\t\t\t<div class=\"elementor-element elementor-element-b64b37c elementor-widget elementor-widget-text-editor\" data-id=\"b64b37c\" data-element_type=\"widget\" data-e-type=\"widget\" data-widget_type=\"text-editor.default\">\n\t\t\t\t<div class=\"elementor-widget-container\">\n\t\t\t\t\t\t\t\t\t<ol><li><strong>  Geral  <\/strong><\/li><\/ol><p>Os Termos e Condi\u00e7\u00f5es de Venda aqui descritos se aplicam \u00e0 venda, pela KMT Waterjet Systems Inc. (doravante denominada Empresa), de produtos, equipamentos e pe\u00e7as relacionados a eles (doravante denominados Equipamentos). A menos que voc\u00ea chegue a um acordo pr\u00e9vio por escrito, ser\u00e1 entendido que o prosseguimento de qualquer trabalho por parte da Empresa dever\u00e1 estar de acordo com os termos e condi\u00e7\u00f5es aqui descritos. A Empresa cumprir\u00e1 as leis e os regulamentos aplic\u00e1veis em vigor na data da proposta da Empresa, conforme possam se aplicar \u00e0 fabrica\u00e7\u00e3o do Equipamento. A conformidade com quaisquer leis ou regulamentos governamentais locais relacionados \u00e0 localiza\u00e7\u00e3o, uso ou opera\u00e7\u00e3o do Equipamento, ou seu uso em conjunto com outros equipamentos, ser\u00e1 de responsabilidade exclusiva do Comprador.  <\/p><ol start=\"2\"><li><strong>  T\u00edtulo e risco de perda  <\/strong><\/li><\/ol><p>A titularidade e o risco de perda ou dano ao Equipamento ser\u00e3o transferidos ao Comprador mediante a proposta de entrega F.O.B. instala\u00e7\u00e3o de fabrica\u00e7\u00e3o, a menos que acordado de outra forma entre as partes, exceto pelo fato de que um interesse de seguran\u00e7a no Equipamento permanecer\u00e1 na Empresa, independentemente do modo de vincula\u00e7\u00e3o ao im\u00f3vel ou outra propriedade, at\u00e9 que o pagamento integral tenha sido feito. O Comprador concorda, mediante solicita\u00e7\u00e3o, em realizar todas as a\u00e7\u00f5es e atos necess\u00e1rios para aperfei\u00e7oar e manter o referido direito de garantia e proteger\u00e1 os interesses da Empresa ao segurar adequadamente o Equipamento contra perdas ou danos por qualquer causa em que a Empresa seja nomeada como segurada adicional. <\/p><ol start=\"3\"><li><strong>  Atribui\u00e7\u00e3o  <\/strong><\/li><\/ol><p>Nenhuma das partes poder\u00e1 ceder ou transferir este contrato sem o consentimento pr\u00e9vio por escrito da outra parte. No entanto, ser\u00e1 permitido \u00e0 Empresa ceder ou transferir, sem o consentimento pr\u00e9vio por escrito do Comprador, o direito da Empresa de receber todo ou qualquer parte do pagamento devido pelo Comprador nos termos deste contrato. <\/p><ol start=\"4\"><li><strong>  Entrega e atrasos  <\/strong><\/li><\/ol><p>As datas de entrega dever\u00e3o ser interpretadas como estimadas e, em nenhuma hip\u00f3tese, as datas dever\u00e3o ser interpretadas como se enquadrando no significado de &#8220;o tempo \u00e9 essencial&#8221;. A Empresa n\u00e3o ser\u00e1 respons\u00e1vel por qualquer perda ou atraso devido a guerra, tumultos, inc\u00eandios, inunda\u00e7\u00f5es, greves ou outras dificuldades trabalhistas, atos de autoridade civil ou militar, incluindo leis, ordens, prioridades ou regulamentos governamentais, atos do Comprador, embargo, escassez de carros, danos ou atrasos no transporte, incapacidade de obter a m\u00e3o de obra ou os materiais necess\u00e1rios de fontes usuais, pe\u00e7as forjadas ou fundidas defeituosas ou outras causas al\u00e9m do controle razo\u00e1vel da Empresa. No caso de atraso no desempenho devido a qualquer uma dessas causas, a data de entrega ou o prazo de conclus\u00e3o ser\u00e1 ajustado para refletir o per\u00edodo real de tempo perdido em raz\u00e3o de tal atraso. O recebimento do Equipamento pelo Comprador constituir\u00e1 uma ren\u00fancia a qualquer reivindica\u00e7\u00e3o por atraso.    <\/p><ol start=\"5\"><li><strong>  Impostos  <\/strong><\/li><\/ol><p>O pre\u00e7o n\u00e3o inclui nenhuma propriedade federal, estadual ou local, licen\u00e7a, privil\u00e9gio, vendas, uso, consumo, receitas brutas ou outros impostos ou avalia\u00e7\u00f5es semelhantes, presentes ou futuros, que possam ser aplic\u00e1veis, medidos, impostos ou resultantes desta transa\u00e7\u00e3o ou de quaisquer servi\u00e7os prestados em conex\u00e3o com ela. Esses impostos ser\u00e3o discriminados separadamente para o Comprador, que dever\u00e1 efetuar o pagamento imediato \u00e0 Empresa. A Empresa aceitar\u00e1 um certificado de isen\u00e7\u00e3o v\u00e1lido do Comprador, se aplic\u00e1vel, se tal certificado de isen\u00e7\u00e3o n\u00e3o for reconhecido pela autoridade tribut\u00e1ria governamental envolvida. O Comprador concorda em reembolsar prontamente a Empresa por quaisquer impostos cobertos por tal certificado de isen\u00e7\u00e3o que a Empresa seja obrigada a pagar.    <\/p><ol start=\"6\"><li><strong>  Compensa\u00e7\u00f5es  <\/strong><\/li><\/ol><p>Nem o Comprador nem qualquer empresa afiliada ou cession\u00e1ria ter\u00e1 o direito de reivindicar indeniza\u00e7\u00e3o ou de compensar quaisquer valores que se tornem pag\u00e1veis \u00e0 Empresa nos termos deste contrato ou de outra forma.<\/p><ol start=\"7\"><li><strong>  Patentes  <\/strong><\/li><\/ol><p>A Empresa defender\u00e1 qualquer a\u00e7\u00e3o ou processo movido contra o Comprador e pagar\u00e1 qualquer senten\u00e7a adversa nele proferida, desde que tal a\u00e7\u00e3o ou processo se baseie em uma alega\u00e7\u00e3o de que o uso do Equipamento fabricado pela Empresa e fornecido nos termos deste contrato constitua viola\u00e7\u00e3o de qualquer patente dos Estados Unidos da Am\u00e9rica, desde que a Empresa seja prontamente notificada por escrito e receba autoridade, informa\u00e7\u00f5es e assist\u00eancia para a defesa do mesmo; e a Empresa dever\u00e1, a seu crit\u00e9rio, obter para o Comprador o direito de continuar a usar o referido Equipamento, ou modific\u00e1-lo para que n\u00e3o viole a patente, ou substitu\u00ed-lo por equipamento que n\u00e3o viole a patente, ou remover o referido Equipamento e reembolsar o pre\u00e7o de compra. O disposto acima n\u00e3o dever\u00e1 ser interpretado como incluindo qualquer acordo da Empresa para aceitar qualquer responsabilidade com rela\u00e7\u00e3o a patentes de inven\u00e7\u00f5es que incluam mais do que o Equipamento fornecido nos termos deste instrumento ou com rela\u00e7\u00e3o a patentes de m\u00e9todos e processos a serem executados com o aux\u00edlio do referido Equipamento. O acima exposto declara a responsabilidade total da Empresa com rela\u00e7\u00e3o \u00e0 viola\u00e7\u00e3o de patentes.   <\/p><ol start=\"8\"><li><strong>  Garantia  <\/strong><\/li><\/ol><p>A Empresa garante que o Equipamento fabricado por ela e entregue nos termos deste instrumento estar\u00e1 livre de defeitos de material e m\u00e3o de obra por um per\u00edodo de doze meses a partir da data de envio ou 2.000 horas de opera\u00e7\u00e3o, o que ocorrer primeiro. A garantia cobre apenas a substitui\u00e7\u00e3o de pe\u00e7as &#8211; sem m\u00e3o de obra. Quanto \u00e0 garantia para a venda de pe\u00e7as sobressalentes, as pe\u00e7as n\u00e3o consum\u00edveis s\u00e3o garantidas por 3 meses a partir da data de remessa e os componentes el\u00e9tricos s\u00e3o garantidos por um m\u00eas a partir da data de remessa. N\u00e3o h\u00e1 garantia para consum\u00edveis, como veda\u00e7\u00f5es de alta press\u00e3o, v\u00e1lvulas de reten\u00e7\u00e3o, cartuchos de veda\u00e7\u00e3o hidr\u00e1ulica, tubos HP.   <\/p><p>  O Comprador ser\u00e1 obrigado a relatar prontamente qualquer falha de conformidade com esta garantia, por escrito, \u00e0 empresa dentro do referido per\u00edodo, ap\u00f3s o que a Empresa, a seu crit\u00e9rio, corrigir\u00e1 tal n\u00e3o conformidade, por meio de reparo adequado do Equipamento ou fornecer\u00e1 uma pe\u00e7a de reposi\u00e7\u00e3o F.O.B. no ponto de embarque, desde que o Comprador tenha armazenado, instalado, mantido e operado o Equipamento de acordo com as boas pr\u00e1ticas do setor e tenha cumprido as recomenda\u00e7\u00f5es espec\u00edficas da Empresa. Os acess\u00f3rios ou equipamentos fornecidos pela Empresa, mas fabricados por terceiros, ter\u00e3o qualquer garantia que os fabricantes tenham transmitido \u00e0 Empresa e que possa ser repassada ao Comprador. A Empresa n\u00e3o ser\u00e1 respons\u00e1vel por quaisquer reparos, substitui\u00e7\u00f5es ou ajustes no Equipamento ou por quaisquer custos de m\u00e3o de obra realizados pelo Comprador ou por terceiros sem a aprova\u00e7\u00e3o pr\u00e9via por escrito da Empresa. Os efeitos de corros\u00e3o, eros\u00e3o e desgaste normal s\u00e3o especificamente exclu\u00eddos. As garantias de desempenho est\u00e3o limitadas \u00e0quelas especificamente declaradas na proposta da Empresa. A menos que a responsabilidade pelo cumprimento de tais garantias de desempenho seja limitada a testes de campo ou de loja especificados, a obriga\u00e7\u00e3o da Empresa ser\u00e1 a de corrigir da maneira e pelo per\u00edodo de tempo previstos acima. A EMPRESA N\u00c3O OFERECE NENHUMA OUTRA GARANTIA OU REPRESENTA\u00c7\u00c3O DE QUALQUER TIPO, EXPRESSA OU IMPL\u00cdCITA, EXCETO A DE TITULARIDADE, E TODAS AS GARANTIAS IMPL\u00cdCITAS DE COMERCIALIZA\u00c7\u00c3O E ADEQUA\u00c7\u00c3O A UMA FINALIDADE ESPEC\u00cdFICA S\u00c3O, POR MEIO DESTE, REJEITADAS.      <\/p><p>A corre\u00e7\u00e3o pela Empresa de n\u00e3o conformidades, sejam elas patentes ou latentes, na forma e pelo per\u00edodo de tempo previstos acima, constituir\u00e1 o cumprimento de todas as responsabilidades da Empresa por tais n\u00e3o conformidades, sejam elas baseadas em contrato, garantia, neglig\u00eancia, indeniza\u00e7\u00e3o, responsabilidade estrita ou de outra forma com rela\u00e7\u00e3o a ou decorrentes de tal Equipamento. O Comprador n\u00e3o operar\u00e1 o Equipamento que for considerado defeituoso sem antes notificar a Empresa por escrito de sua inten\u00e7\u00e3o de faz\u00ea-lo. Qualquer uso do Equipamento ser\u00e1 feito por conta e risco do Comprador. Qualquer uso do Equipamento ser\u00e1 de responsabilidade e risco exclusivos do Comprador.   <\/p><ol start=\"9\"><li><strong>  Limita\u00e7\u00e3o de responsabilidade  <\/strong><\/li><\/ol><p>OS RECURSOS DO COMPRADOR ESTABELECIDOS NESTE DOCUMENTO S\u00c3O EXCLUSIVOS E A RESPONSABILIDADE TOTAL DA EMPRESA COM RELA\u00c7\u00c3O A ESTE CONTRATO OU AOS EQUIPAMENTOS E SERVI\u00c7OS FORNECIDOS DE ACORDO COM O MESMO. EM CONEX\u00c3O COM A EXECU\u00c7\u00c3O OU VIOLA\u00c7\u00c3O DO MESMO, OU DA FABRICA\u00c7\u00c3O, VENDA, ENTREGA, INSTALA\u00c7\u00c3O, REPARO OU DIRE\u00c7\u00c3O T\u00c9CNICA COBERTA OU FORNECIDA DE ACORDO COM ESTE CONTRATO, SEJA COM BASE EM CONTRATO. GARANTIA, NEGLIG\u00caNCIA, INDENIZA\u00c7\u00c3O, RESPONSABILIDADE ESTRITA OU DE OUTRA FORMA, N\u00c3O DEVER\u00c1 EXCEDER O PRE\u00c7O DE COMPRA DA UNIDADE DE EQUIPAMENTO NA QUAL TAL RESPONSABILIDADE SE BASEIA. A EMPRESA E SEUS FORNECEDORES N\u00c3O SER\u00c3O, EM HIP\u00d3TESE ALGUMA, RESPONS\u00c1VEIS PERANTE O COMPRADOR. QUAISQUER SUCESSORES EM INTERESSE OU QUALQUER BENEFICI\u00c1RIO OU CESSION\u00c1RIO DESTE CONTRATO POR QUAISQUER DANOS CONSEQUENCIAIS. INCIDENTAIS, INDIRETOS. DANOS ESPECIAIS OU PUNITIVOS DECORRENTES DESTE CONTRATO OU DE QUALQUER VIOLA\u00c7\u00c3O DO MESMO, OU DE QUALQUER DEFEITO, FALHA OU MAU FUNCIONAMENTO DO PRODUTO. OU FALHA OU MAU FUNCIONAMENTO DO EQUIPAMENTO AQUI DESCRITO, SEJA COM BASE EM PERDA DE USO, PERDA DE LUCROS OU RECEITA, JUROS, PERDA DE FUNDO DE COM\u00c9RCIO, PARALISA\u00c7\u00c3O DO TRABALHO. PERDA POR MOTIVO DE PARALISA\u00c7\u00c3O OU N\u00c3O OPERA\u00c7\u00c3O, AUMENTO DE DESPESAS DE OPERA\u00c7\u00c3O, CUSTO DE COMPRA DE ENERGIA DE REPOSI\u00c7\u00c3O OU RECLAMA\u00c7\u00d5ES DO COMPRADOR OU DE CLIENTES DO COMPRADOR POR INTERRUP\u00c7\u00c3O DE SERVI\u00c7O, INDEPENDENTEMENTE DE TAL PERDA OU DANO SER OU N\u00c3O BASEADO EM CONTRATO, GARANTIA, NEGLIG\u00caNCIA, INDENIZA\u00c7\u00c3O, RESPONSABILIDADE ESTRITA OU DE OUTRA FORMA.        <\/p><ol start=\"10\"><li><strong>  Responsabilidade nuclear  <\/strong><\/li><\/ol><p>Caso o Equipamento vendido nos termos deste instrumento venha a ser usado em uma instala\u00e7\u00e3o nuclear, o Comprador dever\u00e1, antes de tal uso, providenciar um seguro ou indeniza\u00e7\u00e3o governamental que proteja a Empresa contra responsabilidade e, por meio deste instrumento, libera e concorda em indenizar a Empresa e seus fornecedores por qualquer dano nuclear, incluindo perda de uso, de qualquer forma decorrente de um incidente nuclear, seja ele alegadamente devido, no todo ou em parte, \u00e0 neglig\u00eancia ou a qualquer outro motivo da Empresa ou de seus fornecedores. <\/p><ol start=\"11\"><li><strong>  Legisla\u00e7\u00e3o aplic\u00e1vel  <\/strong><\/li><\/ol><p>Os direitos e obriga\u00e7\u00f5es das partes ser\u00e3o regidos pelas leis do Estado de Delaware, excluindo quaisquer conflitos de disposi\u00e7\u00f5es legais. A Conven\u00e7\u00e3o das Na\u00e7\u00f5es Unidas sobre Contratos para a Venda Internacional de Mercadorias n\u00e3o se aplicar\u00e1 a este contrato. <\/p><ol start=\"12\"><li><strong>  Controle de exporta\u00e7\u00e3o  <\/strong><\/li><\/ol><p>Os produtos da Empresa s\u00e3o itens origin\u00e1rios dos EUA e est\u00e3o sujeitos \u00e0s leis de controle de exporta\u00e7\u00e3o dos EUA, incluindo os Regulamentos de Administra\u00e7\u00e3o de Exporta\u00e7\u00e3o. O Cliente concorda que cumprir\u00e1 as leis de controle de exporta\u00e7\u00e3o dos EUA e n\u00e3o exportar\u00e1, reexportar\u00e1, transferir\u00e1, retransferir\u00e1, vender\u00e1, revender\u00e1 ou desviar\u00e1 os produtos da Empresa de forma contr\u00e1ria \u00e0s leis dos EUA. O Cliente tamb\u00e9m concorda que obter\u00e1 todas as licen\u00e7as de exporta\u00e7\u00e3o necess\u00e1rias.  <\/p><ol start=\"13\"><li><strong>  Execu\u00e7\u00e3o  <\/strong><\/li><\/ol><p>A Empresa n\u00e3o estar\u00e1 vinculada a nenhum contrato ou modifica\u00e7\u00e3o do mesmo at\u00e9 que seja aprovado por escrito por um diretor da Empresa. O contrato, quando assim aprovado, substituir\u00e1 todas as comunica\u00e7\u00f5es anteriores, sejam elas orais ou escritas. <\/p><p><a href=\"https:\/\/kmtwaterjet.com\/wp-content\/uploads\/TERMS-AND-CONDITIONS-OF-SALE-KMT-APAC.pdf\"><strong>KMT Waterjet Systems Inc. (LD-101) 07-2009<\/strong><\/a><\/p>\t\t\t\t\t\t\t\t<\/div>\n\t\t\t\t<\/div>\n\t\t\t\t<\/div>\n\t\t\t\t<\/div>\n\t\t\t\t\t<\/div>\n\t\t\t\t<\/div>\n\t\t\t\t<\/div>\n\t\t","protected":false},"excerpt":{"rendered":"<p>TERMOS E CONDI\u00c7\u00d5ES DE VENDA Geral Os Termos e Condi\u00e7\u00f5es de Venda aqui descritos se aplicam \u00e0 venda, pela KMT Waterjet Systems Inc. (doravante denominada Empresa), de produtos, equipamentos e pe\u00e7as relacionados a eles (doravante denominados Equipamentos). A menos que voc\u00ea chegue a um acordo pr\u00e9vio por escrito, ser\u00e1 entendido que o prosseguimento de qualquer [&hellip;]<\/p>\n","protected":false},"author":12,"featured_media":0,"parent":0,"menu_order":0,"comment_status":"closed","ping_status":"closed","template":"elementor_header_footer","meta":{"_acf_changed":false,"footnotes":""},"page-type":[],"class_list":["post-42314","page","type-page","status-publish","hentry"],"acf":[],"yoast_head":"<!-- This site is optimized with the Yoast SEO plugin v27.3 - https:\/\/yoast.com\/product\/yoast-seo-wordpress\/ -->\n<title>Pol\u00edtica de privacidade da KMT | KMT Waterjet<\/title>\n<meta name=\"description\" content=\"Pol\u00edtica de privacidade da KMT: Protegendo suas informa\u00e7\u00f5es pessoais com medidas de seguran\u00e7a. Mantenha-se informado sobre nossas pr\u00e1ticas e atualiza\u00e7\u00f5es.\" \/>\n<meta name=\"robots\" content=\"index, follow, max-snippet:-1, max-image-preview:large, max-video-preview:-1\" \/>\n<link rel=\"canonical\" href=\"https:\/\/kmtwaterjet.com\/pt-br\/politica-de-privacidade-da-kmt-2\/\" \/>\n<meta property=\"og:locale\" content=\"pt_BR\" \/>\n<meta property=\"og:type\" content=\"article\" \/>\n<meta property=\"og:title\" content=\"Pol\u00edtica de privacidade da KMT | KMT Waterjet\" \/>\n<meta property=\"og:description\" content=\"Pol\u00edtica de privacidade da KMT: Protegendo suas informa\u00e7\u00f5es pessoais com medidas de seguran\u00e7a. Mantenha-se informado sobre nossas pr\u00e1ticas e atualiza\u00e7\u00f5es.\" \/>\n<meta property=\"og:url\" content=\"https:\/\/kmtwaterjet.com\/pt-br\/politica-de-privacidade-da-kmt-2\/\" \/>\n<meta property=\"og:site_name\" content=\"KMT Waterjet\" \/>\n<meta property=\"article:modified_time\" content=\"2025-10-29T15:18:37+00:00\" \/>\n<meta property=\"og:image\" content=\"https:\/\/kmtwaterjet.com\/wp-content\/uploads\/KMT-Social-Sharing.jpg\" \/>\n\t<meta property=\"og:image:width\" content=\"1200\" \/>\n\t<meta property=\"og:image:height\" content=\"675\" \/>\n\t<meta property=\"og:image:type\" content=\"image\/jpeg\" \/>\n<meta name=\"twitter:card\" content=\"summary_large_image\" \/>\n<meta name=\"twitter:label1\" content=\"Est. tempo de leitura\" \/>\n\t<meta name=\"twitter:data1\" content=\"10 minutos\" \/>\n<script type=\"application\/ld+json\" class=\"yoast-schema-graph\">{\"@context\":\"https:\\\/\\\/schema.org\",\"@graph\":[{\"@type\":\"WebPage\",\"@id\":\"https:\\\/\\\/kmtwaterjet.com\\\/pt-br\\\/politica-de-privacidade-da-kmt-2\\\/\",\"url\":\"https:\\\/\\\/kmtwaterjet.com\\\/pt-br\\\/politica-de-privacidade-da-kmt-2\\\/\",\"name\":\"Pol\u00edtica de privacidade da KMT | KMT Waterjet\",\"isPartOf\":{\"@id\":\"https:\\\/\\\/kmtwaterjet.com\\\/pt-br\\\/#website\"},\"datePublished\":\"2025-06-03T13:15:34+00:00\",\"dateModified\":\"2025-10-29T15:18:37+00:00\",\"description\":\"Pol\u00edtica de privacidade da KMT: Protegendo suas informa\u00e7\u00f5es pessoais com medidas de seguran\u00e7a. Mantenha-se informado sobre nossas pr\u00e1ticas e atualiza\u00e7\u00f5es.\",\"breadcrumb\":{\"@id\":\"https:\\\/\\\/kmtwaterjet.com\\\/pt-br\\\/politica-de-privacidade-da-kmt-2\\\/#breadcrumb\"},\"inLanguage\":\"pt-BR\",\"potentialAction\":[{\"@type\":\"ReadAction\",\"target\":[\"https:\\\/\\\/kmtwaterjet.com\\\/pt-br\\\/politica-de-privacidade-da-kmt-2\\\/\"]}]},{\"@type\":\"BreadcrumbList\",\"@id\":\"https:\\\/\\\/kmtwaterjet.com\\\/pt-br\\\/politica-de-privacidade-da-kmt-2\\\/#breadcrumb\",\"itemListElement\":[{\"@type\":\"ListItem\",\"position\":1,\"name\":\"Home\",\"item\":\"https:\\\/\\\/kmtwaterjet.com\\\/pt-br\\\/\"},{\"@type\":\"ListItem\",\"position\":2,\"name\":\"Pol\u00edtica de privacidade da KMT\"}]},{\"@type\":\"WebSite\",\"@id\":\"https:\\\/\\\/kmtwaterjet.com\\\/pt-br\\\/#website\",\"url\":\"https:\\\/\\\/kmtwaterjet.com\\\/pt-br\\\/\",\"name\":\"KMT Waterjet\",\"description\":\"KMT Waterjet for waterjet cutting metal, stone, glass, steel and more\",\"publisher\":{\"@id\":\"https:\\\/\\\/kmtwaterjet.com\\\/pt-br\\\/#organization\"},\"potentialAction\":[{\"@type\":\"SearchAction\",\"target\":{\"@type\":\"EntryPoint\",\"urlTemplate\":\"https:\\\/\\\/kmtwaterjet.com\\\/pt-br\\\/?s={search_term_string}\"},\"query-input\":{\"@type\":\"PropertyValueSpecification\",\"valueRequired\":true,\"valueName\":\"search_term_string\"}}],\"inLanguage\":\"pt-BR\"},{\"@type\":\"Organization\",\"@id\":\"https:\\\/\\\/kmtwaterjet.com\\\/pt-br\\\/#organization\",\"name\":\"KMT Waterjet\",\"url\":\"https:\\\/\\\/kmtwaterjet.com\\\/pt-br\\\/\",\"logo\":{\"@type\":\"ImageObject\",\"inLanguage\":\"pt-BR\",\"@id\":\"https:\\\/\\\/kmtwaterjet.com\\\/pt-br\\\/#\\\/schema\\\/logo\\\/image\\\/\",\"url\":\"https:\\\/\\\/kmtwaterjet.com\\\/wp-content\\\/uploads\\\/kmt_logo_2020.png\",\"contentUrl\":\"https:\\\/\\\/kmtwaterjet.com\\\/wp-content\\\/uploads\\\/kmt_logo_2020.png\",\"width\":1002,\"height\":605,\"caption\":\"KMT Waterjet\"},\"image\":{\"@id\":\"https:\\\/\\\/kmtwaterjet.com\\\/pt-br\\\/#\\\/schema\\\/logo\\\/image\\\/\"}}]}<\/script>\n<!-- \/ Yoast SEO plugin. -->","yoast_head_json":{"title":"Pol\u00edtica de privacidade da KMT | KMT Waterjet","description":"Pol\u00edtica de privacidade da KMT: Protegendo suas informa\u00e7\u00f5es pessoais com medidas de seguran\u00e7a. Mantenha-se informado sobre nossas pr\u00e1ticas e atualiza\u00e7\u00f5es.","robots":{"index":"index","follow":"follow","max-snippet":"max-snippet:-1","max-image-preview":"max-image-preview:large","max-video-preview":"max-video-preview:-1"},"canonical":"https:\/\/kmtwaterjet.com\/pt-br\/politica-de-privacidade-da-kmt-2\/","og_locale":"pt_BR","og_type":"article","og_title":"Pol\u00edtica de privacidade da KMT | KMT Waterjet","og_description":"Pol\u00edtica de privacidade da KMT: Protegendo suas informa\u00e7\u00f5es pessoais com medidas de seguran\u00e7a. Mantenha-se informado sobre nossas pr\u00e1ticas e atualiza\u00e7\u00f5es.","og_url":"https:\/\/kmtwaterjet.com\/pt-br\/politica-de-privacidade-da-kmt-2\/","og_site_name":"KMT Waterjet","article_modified_time":"2025-10-29T15:18:37+00:00","og_image":[{"width":1200,"height":675,"url":"https:\/\/kmtwaterjet.com\/wp-content\/uploads\/KMT-Social-Sharing.jpg","type":"image\/jpeg"}],"twitter_card":"summary_large_image","twitter_misc":{"Est. tempo de leitura":"10 minutos"},"schema":{"@context":"https:\/\/schema.org","@graph":[{"@type":"WebPage","@id":"https:\/\/kmtwaterjet.com\/pt-br\/politica-de-privacidade-da-kmt-2\/","url":"https:\/\/kmtwaterjet.com\/pt-br\/politica-de-privacidade-da-kmt-2\/","name":"Pol\u00edtica de privacidade da KMT | KMT Waterjet","isPartOf":{"@id":"https:\/\/kmtwaterjet.com\/pt-br\/#website"},"datePublished":"2025-06-03T13:15:34+00:00","dateModified":"2025-10-29T15:18:37+00:00","description":"Pol\u00edtica de privacidade da KMT: Protegendo suas informa\u00e7\u00f5es pessoais com medidas de seguran\u00e7a. Mantenha-se informado sobre nossas pr\u00e1ticas e atualiza\u00e7\u00f5es.","breadcrumb":{"@id":"https:\/\/kmtwaterjet.com\/pt-br\/politica-de-privacidade-da-kmt-2\/#breadcrumb"},"inLanguage":"pt-BR","potentialAction":[{"@type":"ReadAction","target":["https:\/\/kmtwaterjet.com\/pt-br\/politica-de-privacidade-da-kmt-2\/"]}]},{"@type":"BreadcrumbList","@id":"https:\/\/kmtwaterjet.com\/pt-br\/politica-de-privacidade-da-kmt-2\/#breadcrumb","itemListElement":[{"@type":"ListItem","position":1,"name":"Home","item":"https:\/\/kmtwaterjet.com\/pt-br\/"},{"@type":"ListItem","position":2,"name":"Pol\u00edtica de privacidade da KMT"}]},{"@type":"WebSite","@id":"https:\/\/kmtwaterjet.com\/pt-br\/#website","url":"https:\/\/kmtwaterjet.com\/pt-br\/","name":"KMT Waterjet","description":"KMT Waterjet for waterjet cutting metal, stone, glass, steel and more","publisher":{"@id":"https:\/\/kmtwaterjet.com\/pt-br\/#organization"},"potentialAction":[{"@type":"SearchAction","target":{"@type":"EntryPoint","urlTemplate":"https:\/\/kmtwaterjet.com\/pt-br\/?s={search_term_string}"},"query-input":{"@type":"PropertyValueSpecification","valueRequired":true,"valueName":"search_term_string"}}],"inLanguage":"pt-BR"},{"@type":"Organization","@id":"https:\/\/kmtwaterjet.com\/pt-br\/#organization","name":"KMT Waterjet","url":"https:\/\/kmtwaterjet.com\/pt-br\/","logo":{"@type":"ImageObject","inLanguage":"pt-BR","@id":"https:\/\/kmtwaterjet.com\/pt-br\/#\/schema\/logo\/image\/","url":"https:\/\/kmtwaterjet.com\/wp-content\/uploads\/kmt_logo_2020.png","contentUrl":"https:\/\/kmtwaterjet.com\/wp-content\/uploads\/kmt_logo_2020.png","width":1002,"height":605,"caption":"KMT Waterjet"},"image":{"@id":"https:\/\/kmtwaterjet.com\/pt-br\/#\/schema\/logo\/image\/"}}]}},"_links":{"self":[{"href":"https:\/\/kmtwaterjet.com\/pt-br\/wp-json\/wp\/v2\/pages\/42314","targetHints":{"allow":["GET"]}}],"collection":[{"href":"https:\/\/kmtwaterjet.com\/pt-br\/wp-json\/wp\/v2\/pages"}],"about":[{"href":"https:\/\/kmtwaterjet.com\/pt-br\/wp-json\/wp\/v2\/types\/page"}],"author":[{"embeddable":true,"href":"https:\/\/kmtwaterjet.com\/pt-br\/wp-json\/wp\/v2\/users\/12"}],"replies":[{"embeddable":true,"href":"https:\/\/kmtwaterjet.com\/pt-br\/wp-json\/wp\/v2\/comments?post=42314"}],"version-history":[{"count":0,"href":"https:\/\/kmtwaterjet.com\/pt-br\/wp-json\/wp\/v2\/pages\/42314\/revisions"}],"wp:attachment":[{"href":"https:\/\/kmtwaterjet.com\/pt-br\/wp-json\/wp\/v2\/media?parent=42314"}],"wp:term":[{"taxonomy":"page-type","embeddable":true,"href":"https:\/\/kmtwaterjet.com\/pt-br\/wp-json\/wp\/v2\/page-type?post=42314"}],"curies":[{"name":"wp","href":"https:\/\/api.w.org\/{rel}","templated":true}]}}