{"id":28895,"date":"2024-01-26T11:11:48","date_gmt":"2024-01-26T17:11:48","guid":{"rendered":"https:\/\/kmtwaterjet.com\/politica-de-privacidade-da-kmt\/"},"modified":"2025-02-17T13:05:22","modified_gmt":"2025-02-17T19:05:22","slug":"politica-de-privacidade-da-kmt","status":"publish","type":"page","link":"https:\/\/kmtwaterjet.com\/pt-br\/politica-de-privacidade-da-kmt\/","title":{"rendered":"Pol\u00edtica de privacidade da KMT"},"content":{"rendered":"\t\t<div data-elementor-type=\"wp-page\" data-elementor-id=\"28895\" class=\"elementor elementor-28895 elementor-3781\" data-elementor-post-type=\"page\">\n\t\t\t\t<div class=\"elementor-element elementor-element-20e8b0c e-flex e-con-boxed e-con e-parent\" data-id=\"20e8b0c\" data-element_type=\"container\" data-e-type=\"container\" data-settings=\"{&quot;background_background&quot;:&quot;classic&quot;,&quot;shape_divider_bottom&quot;:&quot;waves&quot;,&quot;shape_divider_bottom_negative&quot;:&quot;yes&quot;}\">\n\t\t\t\t\t<div class=\"e-con-inner\">\n\t\t\t\t<div class=\"elementor-shape elementor-shape-bottom\" aria-hidden=\"true\" data-negative=\"true\">\n\t\t\t<svg xmlns=\"http:\/\/www.w3.org\/2000\/svg\" viewBox=\"0 0 1000 100\" preserveAspectRatio=\"none\">\n\t<path class=\"elementor-shape-fill\" d=\"M790.5,93.1c-59.3-5.3-116.8-18-192.6-50c-29.6-12.7-76.9-31-100.5-35.9c-23.6-4.9-52.6-7.8-75.5-5.3\n\tc-10.2,1.1-22.6,1.4-50.1,7.4c-27.2,6.3-58.2,16.6-79.4,24.7c-41.3,15.9-94.9,21.9-134,22.6C72,58.2,0,25.8,0,25.8V100h1000V65.3\n\tc0,0-51.5,19.4-106.2,25.7C839.5,97,814.1,95.2,790.5,93.1z\"\/>\n<\/svg>\t\t<\/div>\n\t\t<div class=\"elementor-element elementor-element-3db032c e-con-full e-flex e-con e-child\" data-id=\"3db032c\" data-element_type=\"container\" data-e-type=\"container\">\n\t\t\t\t<div class=\"elementor-element elementor-element-d577189 elementor-widget__width-initial elementor-widget elementor-widget-heading\" data-id=\"d577189\" data-element_type=\"widget\" data-e-type=\"widget\" data-widget_type=\"heading.default\">\n\t\t\t\t<div class=\"elementor-widget-container\">\n\t\t\t\t\t<h2 class=\"elementor-heading-title elementor-size-default\">POL\u00cdTICA DE PRIVACIDADE DO KMT<\/h2>\t\t\t\t<\/div>\n\t\t\t\t<\/div>\n\t\t\t\t<div class=\"elementor-element elementor-element-8ac114c elementor-widget-divider--view-line elementor-widget elementor-widget-divider\" data-id=\"8ac114c\" data-element_type=\"widget\" data-e-type=\"widget\" data-widget_type=\"divider.default\">\n\t\t\t\t<div class=\"elementor-widget-container\">\n\t\t\t\t\t\t\t<div class=\"elementor-divider\">\n\t\t\t<span class=\"elementor-divider-separator\">\n\t\t\t\t\t\t<\/span>\n\t\t<\/div>\n\t\t\t\t\t\t<\/div>\n\t\t\t\t<\/div>\n\t\t<div class=\"elementor-element elementor-element-cf345b2 e-con-full e-flex e-con e-child\" data-id=\"cf345b2\" data-element_type=\"container\" data-e-type=\"container\">\n\t\t\t\t<div class=\"elementor-element elementor-element-b64b37c elementor-widget elementor-widget-text-editor\" data-id=\"b64b37c\" data-element_type=\"widget\" data-e-type=\"widget\" data-widget_type=\"text-editor.default\">\n\t\t\t\t<div class=\"elementor-widget-container\">\n\t\t\t\t\t\t\t\t\t<p>Obrigado por voc\u00ea visitar o site da KMT Waterjet Systems, Inc. (&#8220;KMT&#8221;) na Internet (&#8220;Site&#8221;), localizado em www.kmtwaterjet.com e www.kmtgenuineparts.com. Esta Pol\u00edtica de Privacidade detalha certas pol\u00edticas implementadas em toda a KMT que regem o uso que a KMT faz de informa\u00e7\u00f5es pessoalmente identific\u00e1veis sobre os usu\u00e1rios do nosso Site.<\/p>\n<p>A KMT reconhece a import\u00e2ncia da prote\u00e7\u00e3o de informa\u00e7\u00f5es pessoais e as protege de maneira adequada.<br \/>\nA KMT segue as regras e os regulamentos relativos \u00e0 aquisi\u00e7\u00e3o, ao uso e ao fornecimento, etc., de informa\u00e7\u00f5es pessoais e, com base neles, trata as informa\u00e7\u00f5es pessoais de forma adequada. <\/p>\n<p>Para garantir a precis\u00e3o e a seguran\u00e7a das informa\u00e7\u00f5es pessoais, a KMT adota medidas de seguran\u00e7a e controle de dados\/informa\u00e7\u00f5es, esfor\u00e7ando-se, assim, para impedir o acesso n\u00e3o autorizado a informa\u00e7\u00f5es pessoais ou impedir a perda, a destrui\u00e7\u00e3o, a falsifica\u00e7\u00e3o e o vazamento de informa\u00e7\u00f5es pessoais.<\/p>\n<p>A KMT pode coletar informa\u00e7\u00f5es sobre a visita de usu\u00e1rios individuais ao site da KMT.<br \/>\nA KMT tamb\u00e9m pode usar informa\u00e7\u00f5es sobre usu\u00e1rios individuais para enviar informa\u00e7\u00f5es sobre produtos e material promocional sobre a KMT ou suas afiliadas.<br \/>\nAs informa\u00e7\u00f5es pessoais coletadas no site da KMT podem ser armazenadas e processadas na Su\u00e9cia ou em qualquer outro pa\u00eds em que a KMT ou suas afiliadas mantenham instala\u00e7\u00f5es e, ao usar o site ou os servi\u00e7os da KMT, voc\u00ea concorda com qualquer transfer\u00eancia de informa\u00e7\u00f5es para fora do seu pa\u00eds.  <\/p>\n<p>Respeitando os direitos dos usu\u00e1rios\/clientes individuais \u00e0s informa\u00e7\u00f5es, a KMT atender\u00e1 \u00e0s solicita\u00e7\u00f5es dos usu\u00e1rios\/clientes individuais envolvidos para divulga\u00e7\u00e3o de suas informa\u00e7\u00f5es pessoais, altera\u00e7\u00e3o, adi\u00e7\u00e3o ou exclus\u00e3o e apagamento do conte\u00fado de suas informa\u00e7\u00f5es pessoais e suspens\u00e3o do fornecimento de informa\u00e7\u00f5es a terceiros, de acordo com as disposi\u00e7\u00f5es das leis pertinentes.  <\/p><\/p>\n\t\t\t\t\t\t\t\t<\/div>\n\t\t\t\t<\/div>\n\t\t\t\t<div class=\"elementor-element elementor-element-94b04af elementor-widget elementor-widget-heading\" data-id=\"94b04af\" data-element_type=\"widget\" data-e-type=\"widget\" data-widget_type=\"heading.default\">\n\t\t\t\t<div class=\"elementor-widget-container\">\n\t\t\t\t\t<h4 class=\"elementor-heading-title elementor-size-default\">Atualiza\u00e7\u00f5es da pol\u00edtica de privacidade<\/h4>\t\t\t\t<\/div>\n\t\t\t\t<\/div>\n\t\t\t\t<div class=\"elementor-element elementor-element-344d3f9 elementor-widget elementor-widget-text-editor\" data-id=\"344d3f9\" data-element_type=\"widget\" data-e-type=\"widget\" data-widget_type=\"text-editor.default\">\n\t\t\t\t<div class=\"elementor-widget-container\">\n\t\t\t\t\t\t\t\t\t<p>Devido \u00e0 natureza em r\u00e1pida evolu\u00e7\u00e3o da Internet, a KMT pode precisar atualizar esta Pol\u00edtica de Privacidade de tempos em tempos. A Pol\u00edtica de Privacidade atualizada da KMT estar\u00e1 dispon\u00edvel em https:\/\/kmtwaterjet.com\/a-kmt-genuine-parts-privacy.aspx <\/p>\n<p>A KMT pode enviar um e-mail aos usu\u00e1rios registrados, para que voc\u00ea esteja sempre ciente de quais informa\u00e7\u00f5es de identifica\u00e7\u00e3o pessoal podemos coletar e como podemos usar essas informa\u00e7\u00f5es.<br \/>\nA KMT incentiva voc\u00ea a revisar esta Pol\u00edtica de Privacidade regularmente para verificar se houve alguma altera\u00e7\u00e3o.<br \/>\nO uso continuado deste Site e\/ou o fornecimento continuado de informa\u00e7\u00f5es pessoalmente identific\u00e1veis a n\u00f3s estar\u00e1 sujeito aos termos da Pol\u00edtica de Privacidade ent\u00e3o vigente.  <\/p>\n\t\t\t\t\t\t\t\t<\/div>\n\t\t\t\t<\/div>\n\t\t\t\t<div class=\"elementor-element elementor-element-1d1691a elementor-widget elementor-widget-heading\" data-id=\"1d1691a\" data-element_type=\"widget\" data-e-type=\"widget\" data-widget_type=\"heading.default\">\n\t\t\t\t<div class=\"elementor-widget-container\">\n\t\t\t\t\t<h4 class=\"elementor-heading-title elementor-size-default\">Coleta e uso de informa\u00e7\u00f5es<\/h4>\t\t\t\t<\/div>\n\t\t\t\t<\/div>\n\t\t\t\t<div class=\"elementor-element elementor-element-5ed9843 elementor-widget elementor-widget-text-editor\" data-id=\"5ed9843\" data-element_type=\"widget\" data-e-type=\"widget\" data-widget_type=\"text-editor.default\">\n\t\t\t\t<div class=\"elementor-widget-container\">\n\t\t\t\t\t\t\t\t\t<p>Este site \u00e9 baseado no registro e, em seguida, na inser\u00e7\u00e3o de uma identifica\u00e7\u00e3o de usu\u00e1rio e senha.<br \/>\nSe voc\u00ea comprar produtos, poderemos convid\u00e1-lo a entrar em contato conosco para fazer perguntas ou coment\u00e1rios, solicitar informa\u00e7\u00f5es, fornecer feedback ou preencher um formul\u00e1rio de registro.<br \/>\nDevido \u00e0 natureza de algumas dessas atividades, coletaremos informa\u00e7\u00f5es de identifica\u00e7\u00e3o pessoal, como seu nome, dados de contato, como seu endere\u00e7o, endere\u00e7o de e-mail, n\u00famero de telefone, nome de usu\u00e1rio, senha, n\u00famero de cart\u00e3o de cr\u00e9dito ou outras informa\u00e7\u00f5es de conta financeira e outras informa\u00e7\u00f5es de contato que voc\u00ea transmite voluntariamente em sua comunica\u00e7\u00e3o conosco.  <br \/>Podemos usar suas informa\u00e7\u00f5es de identifica\u00e7\u00e3o pessoal para registr\u00e1-lo para usar nosso Site, entregar determinados produtos, fornecer avisos sobre produtos que voc\u00ea comprou, fornecer avisos sobre produtos e\/ou servi\u00e7os que voc\u00ea pode querer comprar no futuro e verificar sua autoridade para entrar em nosso Site, melhorar o conte\u00fado e a administra\u00e7\u00e3o geral do Site e de nossos Servi\u00e7os e para publicidade direcionada.<\/p>\n\t\t\t\t\t\t\t\t<\/div>\n\t\t\t\t<\/div>\n\t\t\t\t<div class=\"elementor-element elementor-element-8e5967b elementor-widget elementor-widget-heading\" data-id=\"8e5967b\" data-element_type=\"widget\" data-e-type=\"widget\" data-widget_type=\"heading.default\">\n\t\t\t\t<div class=\"elementor-widget-container\">\n\t\t\t\t\t<h4 class=\"elementor-heading-title elementor-size-default\">Cookies<\/h4>\t\t\t\t<\/div>\n\t\t\t\t<\/div>\n\t\t\t\t<div class=\"elementor-element elementor-element-0fa3487 elementor-widget elementor-widget-text-editor\" data-id=\"0fa3487\" data-element_type=\"widget\" data-e-type=\"widget\" data-widget_type=\"text-editor.default\">\n\t\t\t\t<div class=\"elementor-widget-container\">\n\t\t\t\t\t\t\t\t\t<p>Podemos usar pequenos arquivos de texto chamados cookies para melhorar a experi\u00eancia geral no Site.<br \/>\nUm cookie \u00e9 um peda\u00e7o de dados armazenado no disco r\u00edgido do usu\u00e1rio contendo informa\u00e7\u00f5es sobre ele.<br \/>\nEm geral, os cookies n\u00e3o nos permitem identificar voc\u00ea pessoalmente.  <\/p>\n\t\t\t\t\t\t\t\t<\/div>\n\t\t\t\t<\/div>\n\t\t\t\t<div class=\"elementor-element elementor-element-dd13168 elementor-widget elementor-widget-heading\" data-id=\"dd13168\" data-element_type=\"widget\" data-e-type=\"widget\" data-widget_type=\"heading.default\">\n\t\t\t\t<div class=\"elementor-widget-container\">\n\t\t\t\t\t<h4 class=\"elementor-heading-title elementor-size-default\">Informa\u00e7\u00f5es agregadas<\/h4>\t\t\t\t<\/div>\n\t\t\t\t<\/div>\n\t\t\t\t<div class=\"elementor-element elementor-element-c180bd3 elementor-widget elementor-widget-text-editor\" data-id=\"c180bd3\" data-element_type=\"widget\" data-e-type=\"widget\" data-widget_type=\"text-editor.default\">\n\t\t\t\t<div class=\"elementor-widget-container\">\n\t\t\t\t\t\t\t\t\t<p>O Site pode rastrear o n\u00famero total de visitantes do nosso Site, o n\u00famero de visitantes de cada p\u00e1gina do nosso Site, o tipo de navegador e os endere\u00e7os IP, e podemos analisar esses dados para tend\u00eancias e estat\u00edsticas agregadas, mas essas informa\u00e7\u00f5es ser\u00e3o mantidas, usadas e divulgadas apenas de forma agregada e n\u00e3o conter\u00e3o informa\u00e7\u00f5es de identifica\u00e7\u00e3o pessoal.<br \/>\nPodemos usar essas informa\u00e7\u00f5es agregadas para analisar tend\u00eancias, administrar o Site, rastrear o movimento dos usu\u00e1rios e reunir informa\u00e7\u00f5es demogr\u00e1ficas amplas para uso agregado. <\/p>\n\t\t\t\t\t\t\t\t<\/div>\n\t\t\t\t<\/div>\n\t\t\t\t<div class=\"elementor-element elementor-element-450ac95 elementor-widget elementor-widget-heading\" data-id=\"450ac95\" data-element_type=\"widget\" data-e-type=\"widget\" data-widget_type=\"heading.default\">\n\t\t\t\t<div class=\"elementor-widget-container\">\n\t\t\t\t\t<h4 class=\"elementor-heading-title elementor-size-default\">Divulga\u00e7\u00e3o<\/h4>\t\t\t\t<\/div>\n\t\t\t\t<\/div>\n\t\t\t\t<div class=\"elementor-element elementor-element-c264c5c elementor-widget elementor-widget-text-editor\" data-id=\"c264c5c\" data-element_type=\"widget\" data-e-type=\"widget\" data-widget_type=\"text-editor.default\">\n\t\t\t\t<div class=\"elementor-widget-container\">\n\t\t\t\t\t\t\t\t\t<p>Podemos fornecer suas informa\u00e7\u00f5es de identifica\u00e7\u00e3o pessoal e os dados gerados por cookies e as informa\u00e7\u00f5es agregadas aos fornecedores e ag\u00eancias de servi\u00e7os que podemos contratar para nos ajudar a fornecer nossos Servi\u00e7os a voc\u00ea.<br \/>\nPor exemplo, podemos fornecer suas informa\u00e7\u00f5es de identifica\u00e7\u00e3o pessoal a uma empresa de processamento de cart\u00e3o de cr\u00e9dito para processar seu pagamento ou a uma ag\u00eancia de marketing, pesquisa e\/ou publicidade para enviar publicidade a voc\u00ea em nosso nome.<br \/>\nEssas entidades terceirizadas podem ser impedidas de distribuir suas informa\u00e7\u00f5es de identifica\u00e7\u00e3o pessoal e de us\u00e1-las para fins comerciais e podem ser obrigadas a assinar um contrato de confidencialidade por escrito que seja, no m\u00ednimo, t\u00e3o protetor em rela\u00e7\u00e3o \u00e0s suas informa\u00e7\u00f5es de identifica\u00e7\u00e3o pessoal quanto os termos desta Pol\u00edtica de Privacidade.<br \/>\nDivulgaremos suas informa\u00e7\u00f5es de identifica\u00e7\u00e3o pessoal se acreditarmos razoavelmente que somos obrigados a faz\u00ea-lo por lei, regulamento ou outra autoridade governamental.<br \/>\nN\u00e3o venderemos suas informa\u00e7\u00f5es de identifica\u00e7\u00e3o pessoal a nenhuma empresa ou organiza\u00e7\u00e3o, exceto se pudermos transferir suas informa\u00e7\u00f5es de identifica\u00e7\u00e3o pessoal a uma entidade sucessora em caso de fus\u00e3o, consolida\u00e7\u00e3o ou outra reorganiza\u00e7\u00e3o corporativa da qual a KMT participe ou a um comprador de todos ou substancialmente todos os ativos da KMT aos quais este Site esteja relacionado.    <\/p>\n\t\t\t\t\t\t\t\t<\/div>\n\t\t\t\t<\/div>\n\t\t\t\t<div class=\"elementor-element elementor-element-b04d651 elementor-widget elementor-widget-heading\" data-id=\"b04d651\" data-element_type=\"widget\" data-e-type=\"widget\" data-widget_type=\"heading.default\">\n\t\t\t\t<div class=\"elementor-widget-container\">\n\t\t\t\t\t<h4 class=\"elementor-heading-title elementor-size-default\">Links para sites de terceiros<\/h4>\t\t\t\t<\/div>\n\t\t\t\t<\/div>\n\t\t\t\t<div class=\"elementor-element elementor-element-9e062e2 elementor-widget elementor-widget-text-editor\" data-id=\"9e062e2\" data-element_type=\"widget\" data-e-type=\"widget\" data-widget_type=\"text-editor.default\">\n\t\t\t\t<div class=\"elementor-widget-container\">\n\t\t\t\t\t\t\t\t\t<p>O Site pode fornecer links para outros sites ou recursos sobre os quais a KMT n\u00e3o tem controle (&#8220;Sites Externos&#8221;).<br \/>\nEsses links n\u00e3o constituem um endosso da KMT a esses sites externos.<br \/>\nVoc\u00ea reconhece que a KMT est\u00e1 fornecendo esses links para voc\u00ea apenas como uma conveni\u00eancia, e concorda ainda que a KMT n\u00e3o \u00e9 respons\u00e1vel pelo conte\u00fado de tais Sites Externos.<br \/>\nO uso que voc\u00ea faz de sites externos est\u00e1 sujeito aos termos de uso e \u00e0s pol\u00edticas de privacidade localizados nos sites externos vinculados.   <\/p>\n\t\t\t\t\t\t\t\t<\/div>\n\t\t\t\t<\/div>\n\t\t\t\t<div class=\"elementor-element elementor-element-3223930 elementor-widget elementor-widget-heading\" data-id=\"3223930\" data-element_type=\"widget\" data-e-type=\"widget\" data-widget_type=\"heading.default\">\n\t\t\t\t<div class=\"elementor-widget-container\">\n\t\t\t\t\t<h4 class=\"elementor-heading-title elementor-size-default\">Seguran\u00e7a<\/h4>\t\t\t\t<\/div>\n\t\t\t\t<\/div>\n\t\t\t\t<div class=\"elementor-element elementor-element-1abf053 elementor-widget elementor-widget-text-editor\" data-id=\"1abf053\" data-element_type=\"widget\" data-e-type=\"widget\" data-widget_type=\"text-editor.default\">\n\t\t\t\t<div class=\"elementor-widget-container\">\n\t\t\t\t\t\t\t\t\t<p>Podemos empregar medidas de seguran\u00e7a processuais e tecnol\u00f3gicas que s\u00e3o razoavelmente projetadas para ajudar a proteger suas informa\u00e7\u00f5es de identifica\u00e7\u00e3o pessoal contra perda, acesso n\u00e3o autorizado, divulga\u00e7\u00e3o, altera\u00e7\u00e3o ou destrui\u00e7\u00e3o. A KMT pode usar camada de soquete seguro, prote\u00e7\u00e3o por senha e outras medidas de seguran\u00e7a para ajudar a impedir o acesso n\u00e3o autorizado \u00e0s suas informa\u00e7\u00f5es de identifica\u00e7\u00e3o pessoal.<br \/>Corre\u00e7\u00e3o\/Atualiza\u00e7\u00e3o de informa\u00e7\u00f5es de identifica\u00e7\u00e3o pessoal<br \/>A KMT oferece a voc\u00ea a capacidade de revisar, corrigir e excluir qualquer informa\u00e7\u00e3o de identifica\u00e7\u00e3o pessoal que voc\u00ea tenha nos fornecido. Se desejar revisar ou corrigir qualquer informa\u00e7\u00e3o que nos tenha fornecido, voc\u00ea pode enviar uma solicita\u00e7\u00e3o para n\u00f3s usando as informa\u00e7\u00f5es de contato abaixo ou acessar sua conta on-line.  <\/p>\n<p>Se voc\u00ea tiver alguma d\u00favida sobre esta Pol\u00edtica de Privacidade, entre em contato conosco pelo e-mail sales@kmtwaterjet.com.<\/p>\n<p>Esta Pol\u00edtica de Privacidade entra em vigor a partir de: 1\u00ba de maio de 2011<\/p>\n<p><a href=\"https:\/\/kmtwaterjet.com\/pt-br\/politica-de-privacidade-de-processamento-de-dados-do-gdpr\/\">AVISO DA POL\u00cdTICA DE PRIVACIDADE DE PROCESSAMENTO DE DADOS DA GDPR (EU)  &gt; <\/a><\/p>\n\t\t\t\t\t\t\t\t<\/div>\n\t\t\t\t<\/div>\n\t\t\t\t<\/div>\n\t\t\t\t<\/div>\n\t\t\t\t\t<\/div>\n\t\t\t\t<\/div>\n\t\t\t\t<\/div>\n\t\t","protected":false},"excerpt":{"rendered":"<p>POL\u00cdTICA DE PRIVACIDADE DO KMT Obrigado por voc\u00ea visitar o site da KMT Waterjet Systems, Inc. (&#8220;KMT&#8221;) na Internet (&#8220;Site&#8221;), localizado em www.kmtwaterjet.com e www.kmtgenuineparts.com. Esta Pol\u00edtica de Privacidade detalha certas pol\u00edticas implementadas em toda a KMT que regem o uso que a KMT faz de informa\u00e7\u00f5es pessoalmente identific\u00e1veis sobre os usu\u00e1rios do nosso Site. [&hellip;]<\/p>\n","protected":false},"author":17,"featured_media":0,"parent":0,"menu_order":0,"comment_status":"closed","ping_status":"closed","template":"elementor_header_footer","meta":{"_acf_changed":false,"footnotes":""},"page-type":[],"class_list":["post-28895","page","type-page","status-publish","hentry"],"acf":[],"yoast_head":"<!-- This site is optimized with the Yoast SEO plugin v27.3 - https:\/\/yoast.com\/product\/yoast-seo-wordpress\/ -->\n<title>Pol\u00edtica de privacidade da KMT | KMT Waterjet<\/title>\n<meta name=\"description\" content=\"Pol\u00edtica de privacidade da KMT: Protegendo suas informa\u00e7\u00f5es pessoais com medidas de seguran\u00e7a. Mantenha-se informado sobre nossas pr\u00e1ticas e atualiza\u00e7\u00f5es.\" \/>\n<meta name=\"robots\" content=\"index, follow, max-snippet:-1, max-image-preview:large, max-video-preview:-1\" \/>\n<link rel=\"canonical\" href=\"https:\/\/kmtwaterjet.com\/pt-br\/politica-de-privacidade-da-kmt\/\" \/>\n<meta property=\"og:locale\" content=\"pt_BR\" \/>\n<meta property=\"og:type\" content=\"article\" \/>\n<meta property=\"og:title\" content=\"Pol\u00edtica de privacidade da KMT | KMT Waterjet\" \/>\n<meta property=\"og:description\" content=\"Pol\u00edtica de privacidade da KMT: Protegendo suas informa\u00e7\u00f5es pessoais com medidas de seguran\u00e7a. Mantenha-se informado sobre nossas pr\u00e1ticas e atualiza\u00e7\u00f5es.\" \/>\n<meta property=\"og:url\" content=\"https:\/\/kmtwaterjet.com\/pt-br\/politica-de-privacidade-da-kmt\/\" \/>\n<meta property=\"og:site_name\" content=\"KMT Waterjet\" \/>\n<meta property=\"article:modified_time\" content=\"2025-02-17T19:05:22+00:00\" \/>\n<meta property=\"og:image\" content=\"https:\/\/kmtwaterjet.com\/wp-content\/uploads\/KMT-Social-Sharing.jpg\" \/>\n\t<meta property=\"og:image:width\" content=\"1200\" \/>\n\t<meta property=\"og:image:height\" content=\"675\" \/>\n\t<meta property=\"og:image:type\" content=\"image\/jpeg\" \/>\n<meta name=\"twitter:card\" content=\"summary_large_image\" \/>\n<meta name=\"twitter:label1\" content=\"Est. tempo de leitura\" \/>\n\t<meta name=\"twitter:data1\" content=\"7 minutos\" \/>\n<script type=\"application\/ld+json\" class=\"yoast-schema-graph\">{\"@context\":\"https:\\\/\\\/schema.org\",\"@graph\":[{\"@type\":\"WebPage\",\"@id\":\"https:\\\/\\\/kmtwaterjet.com\\\/pt-br\\\/politica-de-privacidade-da-kmt\\\/\",\"url\":\"https:\\\/\\\/kmtwaterjet.com\\\/pt-br\\\/politica-de-privacidade-da-kmt\\\/\",\"name\":\"Pol\u00edtica de privacidade da KMT | KMT Waterjet\",\"isPartOf\":{\"@id\":\"https:\\\/\\\/kmtwaterjet.com\\\/pt-br\\\/#website\"},\"datePublished\":\"2024-01-26T17:11:48+00:00\",\"dateModified\":\"2025-02-17T19:05:22+00:00\",\"description\":\"Pol\u00edtica de privacidade da KMT: Protegendo suas informa\u00e7\u00f5es pessoais com medidas de seguran\u00e7a. Mantenha-se informado sobre nossas pr\u00e1ticas e atualiza\u00e7\u00f5es.\",\"breadcrumb\":{\"@id\":\"https:\\\/\\\/kmtwaterjet.com\\\/pt-br\\\/politica-de-privacidade-da-kmt\\\/#breadcrumb\"},\"inLanguage\":\"pt-BR\",\"potentialAction\":[{\"@type\":\"ReadAction\",\"target\":[\"https:\\\/\\\/kmtwaterjet.com\\\/pt-br\\\/politica-de-privacidade-da-kmt\\\/\"]}]},{\"@type\":\"BreadcrumbList\",\"@id\":\"https:\\\/\\\/kmtwaterjet.com\\\/pt-br\\\/politica-de-privacidade-da-kmt\\\/#breadcrumb\",\"itemListElement\":[{\"@type\":\"ListItem\",\"position\":1,\"name\":\"Home\",\"item\":\"https:\\\/\\\/kmtwaterjet.com\\\/pt-br\\\/\"},{\"@type\":\"ListItem\",\"position\":2,\"name\":\"Pol\u00edtica de privacidade da KMT\"}]},{\"@type\":\"WebSite\",\"@id\":\"https:\\\/\\\/kmtwaterjet.com\\\/pt-br\\\/#website\",\"url\":\"https:\\\/\\\/kmtwaterjet.com\\\/pt-br\\\/\",\"name\":\"KMT Waterjet\",\"description\":\"KMT Waterjet for waterjet cutting metal, stone, glass, steel and more\",\"publisher\":{\"@id\":\"https:\\\/\\\/kmtwaterjet.com\\\/pt-br\\\/#organization\"},\"potentialAction\":[{\"@type\":\"SearchAction\",\"target\":{\"@type\":\"EntryPoint\",\"urlTemplate\":\"https:\\\/\\\/kmtwaterjet.com\\\/pt-br\\\/?s={search_term_string}\"},\"query-input\":{\"@type\":\"PropertyValueSpecification\",\"valueRequired\":true,\"valueName\":\"search_term_string\"}}],\"inLanguage\":\"pt-BR\"},{\"@type\":\"Organization\",\"@id\":\"https:\\\/\\\/kmtwaterjet.com\\\/pt-br\\\/#organization\",\"name\":\"KMT Waterjet\",\"url\":\"https:\\\/\\\/kmtwaterjet.com\\\/pt-br\\\/\",\"logo\":{\"@type\":\"ImageObject\",\"inLanguage\":\"pt-BR\",\"@id\":\"https:\\\/\\\/kmtwaterjet.com\\\/pt-br\\\/#\\\/schema\\\/logo\\\/image\\\/\",\"url\":\"https:\\\/\\\/kmtwaterjet.com\\\/wp-content\\\/uploads\\\/kmt_logo_2020.png\",\"contentUrl\":\"https:\\\/\\\/kmtwaterjet.com\\\/wp-content\\\/uploads\\\/kmt_logo_2020.png\",\"width\":1002,\"height\":605,\"caption\":\"KMT Waterjet\"},\"image\":{\"@id\":\"https:\\\/\\\/kmtwaterjet.com\\\/pt-br\\\/#\\\/schema\\\/logo\\\/image\\\/\"}}]}<\/script>\n<!-- \/ Yoast SEO plugin. -->","yoast_head_json":{"title":"Pol\u00edtica de privacidade da KMT | KMT Waterjet","description":"Pol\u00edtica de privacidade da KMT: Protegendo suas informa\u00e7\u00f5es pessoais com medidas de seguran\u00e7a. Mantenha-se informado sobre nossas pr\u00e1ticas e atualiza\u00e7\u00f5es.","robots":{"index":"index","follow":"follow","max-snippet":"max-snippet:-1","max-image-preview":"max-image-preview:large","max-video-preview":"max-video-preview:-1"},"canonical":"https:\/\/kmtwaterjet.com\/pt-br\/politica-de-privacidade-da-kmt\/","og_locale":"pt_BR","og_type":"article","og_title":"Pol\u00edtica de privacidade da KMT | KMT Waterjet","og_description":"Pol\u00edtica de privacidade da KMT: Protegendo suas informa\u00e7\u00f5es pessoais com medidas de seguran\u00e7a. Mantenha-se informado sobre nossas pr\u00e1ticas e atualiza\u00e7\u00f5es.","og_url":"https:\/\/kmtwaterjet.com\/pt-br\/politica-de-privacidade-da-kmt\/","og_site_name":"KMT Waterjet","article_modified_time":"2025-02-17T19:05:22+00:00","og_image":[{"width":1200,"height":675,"url":"https:\/\/kmtwaterjet.com\/wp-content\/uploads\/KMT-Social-Sharing.jpg","type":"image\/jpeg"}],"twitter_card":"summary_large_image","twitter_misc":{"Est. tempo de leitura":"7 minutos"},"schema":{"@context":"https:\/\/schema.org","@graph":[{"@type":"WebPage","@id":"https:\/\/kmtwaterjet.com\/pt-br\/politica-de-privacidade-da-kmt\/","url":"https:\/\/kmtwaterjet.com\/pt-br\/politica-de-privacidade-da-kmt\/","name":"Pol\u00edtica de privacidade da KMT | KMT Waterjet","isPartOf":{"@id":"https:\/\/kmtwaterjet.com\/pt-br\/#website"},"datePublished":"2024-01-26T17:11:48+00:00","dateModified":"2025-02-17T19:05:22+00:00","description":"Pol\u00edtica de privacidade da KMT: Protegendo suas informa\u00e7\u00f5es pessoais com medidas de seguran\u00e7a. Mantenha-se informado sobre nossas pr\u00e1ticas e atualiza\u00e7\u00f5es.","breadcrumb":{"@id":"https:\/\/kmtwaterjet.com\/pt-br\/politica-de-privacidade-da-kmt\/#breadcrumb"},"inLanguage":"pt-BR","potentialAction":[{"@type":"ReadAction","target":["https:\/\/kmtwaterjet.com\/pt-br\/politica-de-privacidade-da-kmt\/"]}]},{"@type":"BreadcrumbList","@id":"https:\/\/kmtwaterjet.com\/pt-br\/politica-de-privacidade-da-kmt\/#breadcrumb","itemListElement":[{"@type":"ListItem","position":1,"name":"Home","item":"https:\/\/kmtwaterjet.com\/pt-br\/"},{"@type":"ListItem","position":2,"name":"Pol\u00edtica de privacidade da KMT"}]},{"@type":"WebSite","@id":"https:\/\/kmtwaterjet.com\/pt-br\/#website","url":"https:\/\/kmtwaterjet.com\/pt-br\/","name":"KMT Waterjet","description":"KMT Waterjet for waterjet cutting metal, stone, glass, steel and more","publisher":{"@id":"https:\/\/kmtwaterjet.com\/pt-br\/#organization"},"potentialAction":[{"@type":"SearchAction","target":{"@type":"EntryPoint","urlTemplate":"https:\/\/kmtwaterjet.com\/pt-br\/?s={search_term_string}"},"query-input":{"@type":"PropertyValueSpecification","valueRequired":true,"valueName":"search_term_string"}}],"inLanguage":"pt-BR"},{"@type":"Organization","@id":"https:\/\/kmtwaterjet.com\/pt-br\/#organization","name":"KMT Waterjet","url":"https:\/\/kmtwaterjet.com\/pt-br\/","logo":{"@type":"ImageObject","inLanguage":"pt-BR","@id":"https:\/\/kmtwaterjet.com\/pt-br\/#\/schema\/logo\/image\/","url":"https:\/\/kmtwaterjet.com\/wp-content\/uploads\/kmt_logo_2020.png","contentUrl":"https:\/\/kmtwaterjet.com\/wp-content\/uploads\/kmt_logo_2020.png","width":1002,"height":605,"caption":"KMT Waterjet"},"image":{"@id":"https:\/\/kmtwaterjet.com\/pt-br\/#\/schema\/logo\/image\/"}}]}},"_links":{"self":[{"href":"https:\/\/kmtwaterjet.com\/pt-br\/wp-json\/wp\/v2\/pages\/28895","targetHints":{"allow":["GET"]}}],"collection":[{"href":"https:\/\/kmtwaterjet.com\/pt-br\/wp-json\/wp\/v2\/pages"}],"about":[{"href":"https:\/\/kmtwaterjet.com\/pt-br\/wp-json\/wp\/v2\/types\/page"}],"author":[{"embeddable":true,"href":"https:\/\/kmtwaterjet.com\/pt-br\/wp-json\/wp\/v2\/users\/17"}],"replies":[{"embeddable":true,"href":"https:\/\/kmtwaterjet.com\/pt-br\/wp-json\/wp\/v2\/comments?post=28895"}],"version-history":[{"count":0,"href":"https:\/\/kmtwaterjet.com\/pt-br\/wp-json\/wp\/v2\/pages\/28895\/revisions"}],"wp:attachment":[{"href":"https:\/\/kmtwaterjet.com\/pt-br\/wp-json\/wp\/v2\/media?parent=28895"}],"wp:term":[{"taxonomy":"page-type","embeddable":true,"href":"https:\/\/kmtwaterjet.com\/pt-br\/wp-json\/wp\/v2\/page-type?post=28895"}],"curies":[{"name":"wp","href":"https:\/\/api.w.org\/{rel}","templated":true}]}}