{"id":27943,"date":"2024-05-01T23:10:21","date_gmt":"2024-05-02T04:10:21","guid":{"rendered":"https:\/\/kmtwaterjet.com\/teste-o-corte-de-seu-material-no-kmt-cut-lab\/"},"modified":"2025-03-20T12:39:39","modified_gmt":"2025-03-20T17:39:39","slug":"teste-o-corte-de-seu-material-no-kmt-cut-lab","status":"publish","type":"page","link":"https:\/\/kmtwaterjet.com\/pt-br\/teste-o-corte-de-seu-material-no-kmt-cut-lab\/","title":{"rendered":"Teste o corte de seu material no KMT Cut Lab"},"content":{"rendered":"\t\t<div data-elementor-type=\"wp-page\" data-elementor-id=\"27943\" class=\"elementor elementor-27943 elementor-3215\" data-elementor-post-type=\"page\">\n\t\t\t\t<div class=\"elementor-element elementor-element-0e9108d e-flex e-con-boxed e-con e-parent\" data-id=\"0e9108d\" data-element_type=\"container\" data-e-type=\"container\" data-settings=\"{&quot;shape_divider_bottom&quot;:&quot;waves&quot;}\">\n\t\t\t\t\t<div class=\"e-con-inner\">\n\t\t\t\t<div class=\"elementor-shape elementor-shape-bottom\" aria-hidden=\"true\" data-negative=\"false\">\n\t\t\t<svg xmlns=\"http:\/\/www.w3.org\/2000\/svg\" viewBox=\"0 0 1000 100\" preserveAspectRatio=\"none\">\n\t<path class=\"elementor-shape-fill\" d=\"M421.9,6.5c22.6-2.5,51.5,0.4,75.5,5.3c23.6,4.9,70.9,23.5,100.5,35.7c75.8,32.2,133.7,44.5,192.6,49.7\n\tc23.6,2.1,48.7,3.5,103.4-2.5c54.7-6,106.2-25.6,106.2-25.6V0H0v30.3c0,0,72,32.6,158.4,30.5c39.2-0.7,92.8-6.7,134-22.4\n\tc21.2-8.1,52.2-18.2,79.7-24.2C399.3,7.9,411.6,7.5,421.9,6.5z\"\/>\n<\/svg>\t\t<\/div>\n\t\t<div class=\"elementor-element elementor-element-41b8436 e-flex e-con-boxed e-con e-child\" data-id=\"41b8436\" data-element_type=\"container\" data-e-type=\"container\">\n\t\t\t\t\t<div class=\"e-con-inner\">\n\t\t\t\t<div class=\"elementor-element elementor-element-4b20a65 elementor-widget elementor-widget-heading\" data-id=\"4b20a65\" data-element_type=\"widget\" data-e-type=\"widget\" data-settings=\"{&quot;motion_fx_motion_fx_scrolling&quot;:&quot;yes&quot;,&quot;motion_fx_opacity_effect&quot;:&quot;yes&quot;,&quot;motion_fx_opacity_direction&quot;:&quot;out-in-out&quot;,&quot;motion_fx_opacity_level&quot;:{&quot;unit&quot;:&quot;px&quot;,&quot;size&quot;:10,&quot;sizes&quot;:[]},&quot;motion_fx_opacity_range&quot;:{&quot;unit&quot;:&quot;%&quot;,&quot;size&quot;:&quot;&quot;,&quot;sizes&quot;:{&quot;start&quot;:20,&quot;end&quot;:80}},&quot;motion_fx_devices&quot;:[&quot;desktop&quot;,&quot;tablet&quot;,&quot;mobile&quot;]}\" data-widget_type=\"heading.default\">\n\t\t\t\t<div class=\"elementor-widget-container\">\n\t\t\t\t\t<h1 class=\"elementor-heading-title elementor-size-default\">O que voc\u00ea est\u00e1 cortando?<\/h1>\t\t\t\t<\/div>\n\t\t\t\t<\/div>\n\t\t\t\t\t<\/div>\n\t\t\t\t<\/div>\n\t\t\t\t\t<\/div>\n\t\t\t\t<\/div>\n\t\t<div class=\"elementor-element elementor-element-b79c8e0 e-flex e-con-boxed e-con e-parent\" data-id=\"b79c8e0\" data-element_type=\"container\" data-e-type=\"container\">\n\t\t\t\t\t<div class=\"e-con-inner\">\n\t\t\t\t<div class=\"elementor-element elementor-element-1bfab22 elementor-widget elementor-widget-heading\" data-id=\"1bfab22\" data-element_type=\"widget\" data-e-type=\"widget\" data-widget_type=\"heading.default\">\n\t\t\t\t<div class=\"elementor-widget-container\">\n\t\t\t\t\t<h2 class=\"elementor-heading-title elementor-size-default\">DIGA-NOS O QUE VOC\u00ca EST\u00c1 CORTANDO<\/h2>\t\t\t\t<\/div>\n\t\t\t\t<\/div>\n\t\t\t\t<div class=\"elementor-element elementor-element-585b345 elementor-widget elementor-widget-spacer\" data-id=\"585b345\" data-element_type=\"widget\" data-e-type=\"widget\" data-widget_type=\"spacer.default\">\n\t\t\t\t<div class=\"elementor-widget-container\">\n\t\t\t\t\t\t\t<div class=\"elementor-spacer\">\n\t\t\t<div class=\"elementor-spacer-inner\"><\/div>\n\t\t<\/div>\n\t\t\t\t\t\t<\/div>\n\t\t\t\t<\/div>\n\t\t\t\t<div class=\"elementor-element elementor-element-380dd1a elementor-widget elementor-widget-text-editor\" data-id=\"380dd1a\" data-element_type=\"widget\" data-e-type=\"widget\" data-widget_type=\"text-editor.default\">\n\t\t\t\t<div class=\"elementor-widget-container\">\n\t\t\t\t\t\t\t\t\t<p>H\u00e1 uma variedade de materiais que podem ser cortados com a tecnologia de jato de \u00e1gua. Se voc\u00ea estiver procurando por m\u00e1quinas de jato de \u00e1gua abrasivo, mesas de jato de \u00e1gua somente com \u00e1gua pura ou servi\u00e7os de corte a jato de \u00e1gua, o site KMT Waterjet oferece a mais ampla gama de fabricantes de jato de \u00e1gua abrasivo e centros de corte a jato de \u00e1gua perto de voc\u00ea, para atender \u00e0s suas necessidades. Preencha este breve formul\u00e1rio e verifique todos os materiais que voc\u00ea est\u00e1 cortando para determinar o melhor sistema de jato de \u00e1gua completo para as suas necessidades.  <\/p>\t\t\t\t\t\t\t\t<\/div>\n\t\t\t\t<\/div>\n\t\t\t\t\t<\/div>\n\t\t\t\t<\/div>\n\t\t<div class=\"elementor-element elementor-element-fb2c255 e-flex e-con-boxed e-con e-parent\" data-id=\"fb2c255\" data-element_type=\"container\" data-e-type=\"container\">\n\t\t\t\t\t<div class=\"e-con-inner\">\n\t\t\t\t<div class=\"elementor-element elementor-element-972d3c6 elementor-button-align-stretch elementor-widget elementor-widget-form\" data-id=\"972d3c6\" data-element_type=\"widget\" data-e-type=\"widget\" data-settings=\"{&quot;step_next_label&quot;:&quot;Pr\\u00f3ximo&quot;,&quot;step_previous_label&quot;:&quot;Anterior&quot;,&quot;button_width&quot;:&quot;100&quot;,&quot;step_type&quot;:&quot;number_text&quot;,&quot;step_icon_shape&quot;:&quot;circle&quot;}\" data-widget_type=\"form.default\">\n\t\t\t\t<div class=\"elementor-widget-container\">\n\t\t\t\t\t\t\t<form class=\"elementor-form\" method=\"post\" name=\"Novo formul\u00e1rio\" aria-label=\"Novo formul\u00e1rio\">\n\t\t\t<input type=\"hidden\" name=\"post_id\" value=\"27943\"\/>\n\t\t\t<input type=\"hidden\" name=\"form_id\" value=\"972d3c6\"\/>\n\t\t\t<input type=\"hidden\" name=\"referer_title\" value=\"Teste o corte de seu material no KMT Cut Lab | KMT Waterjet\" \/>\n\n\t\t\t\t\t\t\t<input type=\"hidden\" name=\"queried_id\" value=\"27943\"\/>\n\t\t\t\n\t\t\t<div class=\"elementor-form-fields-wrapper elementor-labels-above\">\n\t\t\t\t\t\t\t\t<div class=\"elementor-field-type-text elementor-field-group elementor-column elementor-field-group-name elementor-col-100 elementor-field-required elementor-mark-required\">\n\t\t\t\t\t\t\t\t\t\t\t\t<label for=\"form-field-name\" class=\"elementor-field-label\">\n\t\t\t\t\t\t\t\tNome\t\t\t\t\t\t\t<\/label>\n\t\t\t\t\t\t\t\t\t\t\t\t\t\t<input size=\"1\" type=\"text\" name=\"form_fields[name]\" id=\"form-field-name\" class=\"elementor-field elementor-size-sm  elementor-field-textual\" required=\"required\">\n\t\t\t\t\t\t\t\t\t\t\t<\/div>\n\t\t\t\t\t\t\t\t<div class=\"elementor-field-type-email elementor-field-group elementor-column elementor-field-group-email elementor-col-100 elementor-field-required elementor-mark-required\">\n\t\t\t\t\t\t\t\t\t\t\t\t<label for=\"form-field-email\" class=\"elementor-field-label\">\n\t\t\t\t\t\t\t\tE-mail\t\t\t\t\t\t\t<\/label>\n\t\t\t\t\t\t\t\t\t\t\t\t\t\t<input size=\"1\" type=\"email\" name=\"form_fields[email]\" id=\"form-field-email\" class=\"elementor-field elementor-size-sm  elementor-field-textual\" required=\"required\">\n\t\t\t\t\t\t\t\t\t\t\t<\/div>\n\t\t\t\t\t\t\t\t<div class=\"elementor-field-type-textarea elementor-field-group elementor-column elementor-field-group-message elementor-col-100 elementor-field-required elementor-mark-required\">\n\t\t\t\t\t\t\t\t\t\t\t\t<label for=\"form-field-message\" class=\"elementor-field-label\">\n\t\t\t\t\t\t\t\tEmpresa e endere\u00e7o\t\t\t\t\t\t\t<\/label>\n\t\t\t\t\t\t<textarea class=\"elementor-field-textual elementor-field  elementor-size-sm\" name=\"form_fields[message]\" id=\"form-field-message\" rows=\"4\" required=\"required\"><\/textarea>\t\t\t\t<\/div>\n\t\t\t\t\t\t\t\t<div class=\"elementor-field-type-tel elementor-field-group elementor-column elementor-field-group-field_852289d elementor-col-100\">\n\t\t\t\t\t\t\t\t\t\t\t\t<label for=\"form-field-field_852289d\" class=\"elementor-field-label\">\n\t\t\t\t\t\t\t\tTelefone\t\t\t\t\t\t\t<\/label>\n\t\t\t\t\t\t\t\t<input size=\"1\" type=\"tel\" name=\"form_fields[field_852289d]\" id=\"form-field-field_852289d\" class=\"elementor-field elementor-size-sm  elementor-field-textual\" pattern=\"[0-9()#&amp;+*-=.]+\" title=\"Apenas n\u00fameros e caracteres de telefone (#, -, *, etc.) s\u00e3o aceitos.\">\n\n\t\t\t\t\t\t<\/div>\n\t\t\t\t\t\t\t\t<div class=\"elementor-field-type-checkbox elementor-field-group elementor-column elementor-field-group-field_41b48c7 elementor-col-100\">\n\t\t\t\t\t\t\t\t\t\t\t\t<label for=\"form-field-field_41b48c7\" class=\"elementor-field-label\">\n\t\t\t\t\t\t\t\tDiga-nos o que voc\u00ea est\u00e1 cortando (marque todas as op\u00e7\u00f5es aplic\u00e1veis)\t\t\t\t\t\t\t<\/label>\n\t\t\t\t\t\t<div class=\"elementor-field-subgroup  \"><span class=\"elementor-field-option\"><input type=\"checkbox\" value=\"Pedra\" id=\"form-field-field_41b48c7-0\" name=\"form_fields[field_41b48c7][]\"> <label for=\"form-field-field_41b48c7-0\">Pedra<\/label><\/span><span class=\"elementor-field-option\"><input type=\"checkbox\" value=\"Metal\" id=\"form-field-field_41b48c7-1\" name=\"form_fields[field_41b48c7][]\"> <label for=\"form-field-field_41b48c7-1\">Metal<\/label><\/span><span class=\"elementor-field-option\"><input type=\"checkbox\" value=\"Vidro\" id=\"form-field-field_41b48c7-2\" name=\"form_fields[field_41b48c7][]\"> <label for=\"form-field-field_41b48c7-2\">Vidro<\/label><\/span><span class=\"elementor-field-option\"><input type=\"checkbox\" value=\"Borracha\" id=\"form-field-field_41b48c7-3\" name=\"form_fields[field_41b48c7][]\"> <label for=\"form-field-field_41b48c7-3\">Borracha<\/label><\/span><span class=\"elementor-field-option\"><input type=\"checkbox\" value=\"Papel\" id=\"form-field-field_41b48c7-4\" name=\"form_fields[field_41b48c7][]\"> <label for=\"form-field-field_41b48c7-4\">Papel<\/label><\/span><span class=\"elementor-field-option\"><input type=\"checkbox\" value=\"Compostos\" id=\"form-field-field_41b48c7-5\" name=\"form_fields[field_41b48c7][]\"> <label for=\"form-field-field_41b48c7-5\">Compostos<\/label><\/span><span class=\"elementor-field-option\"><input type=\"checkbox\" value=\"Alimentos (produtos agr\u00edcolas)\" id=\"form-field-field_41b48c7-6\" name=\"form_fields[field_41b48c7][]\"> <label for=\"form-field-field_41b48c7-6\">Alimentos (produtos agr\u00edcolas)<\/label><\/span><span class=\"elementor-field-option\"><input type=\"checkbox\" value=\"Alimentos (produtos de panifica\u00e7\u00e3o)\" id=\"form-field-field_41b48c7-7\" name=\"form_fields[field_41b48c7][]\"> <label for=\"form-field-field_41b48c7-7\">Alimentos (produtos de panifica\u00e7\u00e3o)<\/label><\/span><span class=\"elementor-field-option\"><input type=\"checkbox\" value=\"Micro-corte\" id=\"form-field-field_41b48c7-8\" name=\"form_fields[field_41b48c7][]\"> <label for=\"form-field-field_41b48c7-8\">Micro-corte<\/label><\/span><span class=\"elementor-field-option\"><input type=\"checkbox\" value=\"Rob\u00f3tica\" id=\"form-field-field_41b48c7-9\" name=\"form_fields[field_41b48c7][]\"> <label for=\"form-field-field_41b48c7-9\">Rob\u00f3tica<\/label><\/span><span class=\"elementor-field-option\"><input type=\"checkbox\" value=\"Outros\" id=\"form-field-field_41b48c7-10\" name=\"form_fields[field_41b48c7][]\"> <label for=\"form-field-field_41b48c7-10\">Outros<\/label><\/span><\/div>\t\t\t\t<\/div>\n\t\t\t\t\t\t\t\t<div class=\"elementor-field-type-text elementor-field-group elementor-column elementor-field-group-field_213a9d9 elementor-col-100\">\n\t\t\t\t\t\t\t\t\t\t\t\t<label for=\"form-field-field_213a9d9\" class=\"elementor-field-label\">\n\t\t\t\t\t\t\t\tPrazo para a aquisi\u00e7\u00e3o de sua solu\u00e7\u00e3o de corte a jato de \u00e1gua\t\t\t\t\t\t\t<\/label>\n\t\t\t\t\t\t\t\t\t\t\t\t\t\t<input size=\"1\" type=\"text\" name=\"form_fields[field_213a9d9]\" id=\"form-field-field_213a9d9\" class=\"elementor-field elementor-size-sm  elementor-field-textual\">\n\t\t\t\t\t\t\t\t\t\t\t<\/div>\n\t\t\t\t\t\t\t\t<div class=\"elementor-field-type-radio elementor-field-group elementor-column elementor-field-group-field_ea4c173 elementor-col-100\">\n\t\t\t\t\t\t\t\t\t\t\t\t<label for=\"form-field-field_ea4c173\" class=\"elementor-field-label\">\n\t\t\t\t\t\t\t\tVoc\u00ea est\u00e1 interessado em um corte de teste gratuito?\t\t\t\t\t\t\t<\/label>\n\t\t\t\t\t\t<div class=\"elementor-field-subgroup  \"><span class=\"elementor-field-option\"><input type=\"radio\" value=\"SIM\" id=\"form-field-field_ea4c173-0\" name=\"form_fields[field_ea4c173]\"> <label for=\"form-field-field_ea4c173-0\">SIM<\/label><\/span><span class=\"elementor-field-option\"><input type=\"radio\" value=\"N\u00c3O\" id=\"form-field-field_ea4c173-1\" name=\"form_fields[field_ea4c173]\"> <label for=\"form-field-field_ea4c173-1\">N\u00c3O<\/label><\/span><\/div>\t\t\t\t<\/div>\n\t\t\t\t\t\t\t\t<div class=\"elementor-field-type-text elementor-field-group elementor-column elementor-field-group-field_f07d75a elementor-col-100\">\n\t\t\t\t\t\t\t\t\t\t\t\t<label for=\"form-field-field_f07d75a\" class=\"elementor-field-label\">\n\t\t\t\t\t\t\t\tEm caso afirmativo, entraremos em contato com voc\u00ea com instru\u00e7\u00f5es para nos enviar seus materiais de amostra.\t\t\t\t\t\t\t<\/label>\n\t\t\t\t\t\t\t\t\t\t\t\t\t\t<input size=\"1\" type=\"text\" name=\"form_fields[field_f07d75a]\" id=\"form-field-field_f07d75a\" class=\"elementor-field elementor-size-sm  elementor-field-textual\">\n\t\t\t\t\t\t\t\t\t\t\t<\/div>\n\t\t\t\t\t\t\t\t<div class=\"elementor-field-type-recaptcha_v3 elementor-field-group elementor-column elementor-field-group-field_8f57043 elementor-col-100 recaptcha_v3-bottomright\">\n\t\t\t\t\t<div class=\"elementor-field\" id=\"form-field-field_8f57043\"><div class=\"elementor-g-recaptcha\" data-sitekey=\"6LefhigpAAAAAD825_DqOXPGyX6NWofLlrVKzWoy\" data-type=\"v3\" data-action=\"Form\" data-badge=\"bottomright\" data-size=\"invisible\"><\/div><\/div>\t\t\t\t<\/div>\n\t\t\t\t\t\t\t\t<div class=\"elementor-field-type-text\">\n\t\t\t\t\t<input size=\"1\" type=\"text\" name=\"form_fields[field_3010412]\" id=\"form-field-field_3010412\" class=\"elementor-field elementor-size-sm \" style=\"display:none !important;\">\t\t\t\t<\/div>\n\t\t\t\t\t\t\t\t<div class=\"elementor-field-group elementor-column elementor-field-type-submit elementor-col-100 e-form__buttons\">\n\t\t\t\t\t<button class=\"elementor-button elementor-size-sm\" type=\"submit\">\n\t\t\t\t\t\t<span class=\"elementor-button-content-wrapper\">\n\t\t\t\t\t\t\t\t\t\t\t\t\t\t\t\t\t\t\t\t\t\t<span class=\"elementor-button-text\">Enviar<\/span>\n\t\t\t\t\t\t\t\t\t\t\t\t\t<\/span>\n\t\t\t\t\t<\/button>\n\t\t\t\t<\/div>\n\t\t\t<\/div>\n\t\t<\/form>\n\t\t\t\t\t\t<\/div>\n\t\t\t\t<\/div>\n\t\t\t\t\t<\/div>\n\t\t\t\t<\/div>\n\t\t\t\t<\/div>\n\t\t","protected":false},"excerpt":{"rendered":"<p>O que voc\u00ea est\u00e1 cortando? DIGA-NOS O QUE VOC\u00ca EST\u00c1 CORTANDO H\u00e1 uma variedade de materiais que podem ser cortados com a tecnologia de jato de \u00e1gua. Se voc\u00ea estiver procurando por m\u00e1quinas de jato de \u00e1gua abrasivo, mesas de jato de \u00e1gua somente com \u00e1gua pura ou servi\u00e7os de corte a jato de \u00e1gua, [&hellip;]<\/p>\n","protected":false},"author":11,"featured_media":0,"parent":0,"menu_order":0,"comment_status":"closed","ping_status":"closed","template":"","meta":{"_acf_changed":false,"footnotes":""},"page-type":[],"class_list":["post-27943","page","type-page","status-publish","hentry"],"acf":[],"yoast_head":"<!-- This site is optimized with the Yoast SEO plugin v27.3 - https:\/\/yoast.com\/product\/yoast-seo-wordpress\/ -->\n<title>Teste o corte de seu material no KMT Cut Lab | KMT Waterjet<\/title>\n<meta name=\"description\" content=\"Teste o corte de seu material no laborat\u00f3rio de corte do KMT Waterjet. Cortes de teste de jato de \u00e1gua gratuitos. Jato de \u00e1gua em alum\u00ednio, a\u00e7o, alimentos, compostos, corte de teste a 90.000 psi\" \/>\n<meta name=\"robots\" content=\"index, follow, max-snippet:-1, max-image-preview:large, max-video-preview:-1\" \/>\n<link rel=\"canonical\" href=\"https:\/\/kmtwaterjet.com\/pt-br\/teste-o-corte-de-seu-material-no-kmt-cut-lab\/\" \/>\n<meta property=\"og:locale\" content=\"pt_BR\" \/>\n<meta property=\"og:type\" content=\"article\" \/>\n<meta property=\"og:title\" content=\"Teste o corte de seu material no KMT Cut Lab | KMT Waterjet\" \/>\n<meta property=\"og:description\" content=\"Teste o corte de seu material no laborat\u00f3rio de corte do KMT Waterjet. Cortes de teste de jato de \u00e1gua gratuitos. Jato de \u00e1gua em alum\u00ednio, a\u00e7o, alimentos, compostos, corte de teste a 90.000 psi\" \/>\n<meta property=\"og:url\" content=\"https:\/\/kmtwaterjet.com\/pt-br\/teste-o-corte-de-seu-material-no-kmt-cut-lab\/\" \/>\n<meta property=\"og:site_name\" content=\"KMT Waterjet\" \/>\n<meta property=\"article:modified_time\" content=\"2025-03-20T17:39:39+00:00\" \/>\n<meta property=\"og:image\" content=\"https:\/\/kmtwaterjet.com\/wp-content\/uploads\/KMT-Social-Sharing.jpg\" \/>\n\t<meta property=\"og:image:width\" content=\"1200\" \/>\n\t<meta property=\"og:image:height\" content=\"675\" \/>\n\t<meta property=\"og:image:type\" content=\"image\/jpeg\" \/>\n<meta name=\"twitter:card\" content=\"summary_large_image\" \/>\n<meta name=\"twitter:label1\" content=\"Est. tempo de leitura\" \/>\n\t<meta name=\"twitter:data1\" content=\"1 minuto\" \/>\n<script type=\"application\/ld+json\" class=\"yoast-schema-graph\">{\"@context\":\"https:\\\/\\\/schema.org\",\"@graph\":[{\"@type\":\"WebPage\",\"@id\":\"https:\\\/\\\/kmtwaterjet.com\\\/pt-br\\\/teste-o-corte-de-seu-material-no-kmt-cut-lab\\\/\",\"url\":\"https:\\\/\\\/kmtwaterjet.com\\\/pt-br\\\/teste-o-corte-de-seu-material-no-kmt-cut-lab\\\/\",\"name\":\"Teste o corte de seu material no KMT Cut Lab | KMT Waterjet\",\"isPartOf\":{\"@id\":\"https:\\\/\\\/kmtwaterjet.com\\\/pt-br\\\/#website\"},\"datePublished\":\"2024-05-02T04:10:21+00:00\",\"dateModified\":\"2025-03-20T17:39:39+00:00\",\"description\":\"Teste o corte de seu material no laborat\u00f3rio de corte do KMT Waterjet. Cortes de teste de jato de \u00e1gua gratuitos. Jato de \u00e1gua em alum\u00ednio, a\u00e7o, alimentos, compostos, corte de teste a 90.000 psi\",\"breadcrumb\":{\"@id\":\"https:\\\/\\\/kmtwaterjet.com\\\/pt-br\\\/teste-o-corte-de-seu-material-no-kmt-cut-lab\\\/#breadcrumb\"},\"inLanguage\":\"pt-BR\",\"potentialAction\":[{\"@type\":\"ReadAction\",\"target\":[\"https:\\\/\\\/kmtwaterjet.com\\\/pt-br\\\/teste-o-corte-de-seu-material-no-kmt-cut-lab\\\/\"]}]},{\"@type\":\"BreadcrumbList\",\"@id\":\"https:\\\/\\\/kmtwaterjet.com\\\/pt-br\\\/teste-o-corte-de-seu-material-no-kmt-cut-lab\\\/#breadcrumb\",\"itemListElement\":[{\"@type\":\"ListItem\",\"position\":1,\"name\":\"Home\",\"item\":\"https:\\\/\\\/kmtwaterjet.com\\\/pt-br\\\/\"},{\"@type\":\"ListItem\",\"position\":2,\"name\":\"Teste o corte de seu material no KMT Cut Lab\"}]},{\"@type\":\"WebSite\",\"@id\":\"https:\\\/\\\/kmtwaterjet.com\\\/pt-br\\\/#website\",\"url\":\"https:\\\/\\\/kmtwaterjet.com\\\/pt-br\\\/\",\"name\":\"KMT Waterjet\",\"description\":\"KMT Waterjet for waterjet cutting metal, stone, glass, steel and more\",\"publisher\":{\"@id\":\"https:\\\/\\\/kmtwaterjet.com\\\/pt-br\\\/#organization\"},\"potentialAction\":[{\"@type\":\"SearchAction\",\"target\":{\"@type\":\"EntryPoint\",\"urlTemplate\":\"https:\\\/\\\/kmtwaterjet.com\\\/pt-br\\\/?s={search_term_string}\"},\"query-input\":{\"@type\":\"PropertyValueSpecification\",\"valueRequired\":true,\"valueName\":\"search_term_string\"}}],\"inLanguage\":\"pt-BR\"},{\"@type\":\"Organization\",\"@id\":\"https:\\\/\\\/kmtwaterjet.com\\\/pt-br\\\/#organization\",\"name\":\"KMT Waterjet\",\"url\":\"https:\\\/\\\/kmtwaterjet.com\\\/pt-br\\\/\",\"logo\":{\"@type\":\"ImageObject\",\"inLanguage\":\"pt-BR\",\"@id\":\"https:\\\/\\\/kmtwaterjet.com\\\/pt-br\\\/#\\\/schema\\\/logo\\\/image\\\/\",\"url\":\"https:\\\/\\\/kmtwaterjet.com\\\/wp-content\\\/uploads\\\/kmt_logo_2020.png\",\"contentUrl\":\"https:\\\/\\\/kmtwaterjet.com\\\/wp-content\\\/uploads\\\/kmt_logo_2020.png\",\"width\":1002,\"height\":605,\"caption\":\"KMT Waterjet\"},\"image\":{\"@id\":\"https:\\\/\\\/kmtwaterjet.com\\\/pt-br\\\/#\\\/schema\\\/logo\\\/image\\\/\"}}]}<\/script>\n<!-- \/ Yoast SEO plugin. -->","yoast_head_json":{"title":"Teste o corte de seu material no KMT Cut Lab | KMT Waterjet","description":"Teste o corte de seu material no laborat\u00f3rio de corte do KMT Waterjet. Cortes de teste de jato de \u00e1gua gratuitos. Jato de \u00e1gua em alum\u00ednio, a\u00e7o, alimentos, compostos, corte de teste a 90.000 psi","robots":{"index":"index","follow":"follow","max-snippet":"max-snippet:-1","max-image-preview":"max-image-preview:large","max-video-preview":"max-video-preview:-1"},"canonical":"https:\/\/kmtwaterjet.com\/pt-br\/teste-o-corte-de-seu-material-no-kmt-cut-lab\/","og_locale":"pt_BR","og_type":"article","og_title":"Teste o corte de seu material no KMT Cut Lab | KMT Waterjet","og_description":"Teste o corte de seu material no laborat\u00f3rio de corte do KMT Waterjet. Cortes de teste de jato de \u00e1gua gratuitos. Jato de \u00e1gua em alum\u00ednio, a\u00e7o, alimentos, compostos, corte de teste a 90.000 psi","og_url":"https:\/\/kmtwaterjet.com\/pt-br\/teste-o-corte-de-seu-material-no-kmt-cut-lab\/","og_site_name":"KMT Waterjet","article_modified_time":"2025-03-20T17:39:39+00:00","og_image":[{"width":1200,"height":675,"url":"https:\/\/kmtwaterjet.com\/wp-content\/uploads\/KMT-Social-Sharing.jpg","type":"image\/jpeg"}],"twitter_card":"summary_large_image","twitter_misc":{"Est. tempo de leitura":"1 minuto"},"schema":{"@context":"https:\/\/schema.org","@graph":[{"@type":"WebPage","@id":"https:\/\/kmtwaterjet.com\/pt-br\/teste-o-corte-de-seu-material-no-kmt-cut-lab\/","url":"https:\/\/kmtwaterjet.com\/pt-br\/teste-o-corte-de-seu-material-no-kmt-cut-lab\/","name":"Teste o corte de seu material no KMT Cut Lab | KMT Waterjet","isPartOf":{"@id":"https:\/\/kmtwaterjet.com\/pt-br\/#website"},"datePublished":"2024-05-02T04:10:21+00:00","dateModified":"2025-03-20T17:39:39+00:00","description":"Teste o corte de seu material no laborat\u00f3rio de corte do KMT Waterjet. Cortes de teste de jato de \u00e1gua gratuitos. Jato de \u00e1gua em alum\u00ednio, a\u00e7o, alimentos, compostos, corte de teste a 90.000 psi","breadcrumb":{"@id":"https:\/\/kmtwaterjet.com\/pt-br\/teste-o-corte-de-seu-material-no-kmt-cut-lab\/#breadcrumb"},"inLanguage":"pt-BR","potentialAction":[{"@type":"ReadAction","target":["https:\/\/kmtwaterjet.com\/pt-br\/teste-o-corte-de-seu-material-no-kmt-cut-lab\/"]}]},{"@type":"BreadcrumbList","@id":"https:\/\/kmtwaterjet.com\/pt-br\/teste-o-corte-de-seu-material-no-kmt-cut-lab\/#breadcrumb","itemListElement":[{"@type":"ListItem","position":1,"name":"Home","item":"https:\/\/kmtwaterjet.com\/pt-br\/"},{"@type":"ListItem","position":2,"name":"Teste o corte de seu material no KMT Cut Lab"}]},{"@type":"WebSite","@id":"https:\/\/kmtwaterjet.com\/pt-br\/#website","url":"https:\/\/kmtwaterjet.com\/pt-br\/","name":"KMT Waterjet","description":"KMT Waterjet for waterjet cutting metal, stone, glass, steel and more","publisher":{"@id":"https:\/\/kmtwaterjet.com\/pt-br\/#organization"},"potentialAction":[{"@type":"SearchAction","target":{"@type":"EntryPoint","urlTemplate":"https:\/\/kmtwaterjet.com\/pt-br\/?s={search_term_string}"},"query-input":{"@type":"PropertyValueSpecification","valueRequired":true,"valueName":"search_term_string"}}],"inLanguage":"pt-BR"},{"@type":"Organization","@id":"https:\/\/kmtwaterjet.com\/pt-br\/#organization","name":"KMT Waterjet","url":"https:\/\/kmtwaterjet.com\/pt-br\/","logo":{"@type":"ImageObject","inLanguage":"pt-BR","@id":"https:\/\/kmtwaterjet.com\/pt-br\/#\/schema\/logo\/image\/","url":"https:\/\/kmtwaterjet.com\/wp-content\/uploads\/kmt_logo_2020.png","contentUrl":"https:\/\/kmtwaterjet.com\/wp-content\/uploads\/kmt_logo_2020.png","width":1002,"height":605,"caption":"KMT Waterjet"},"image":{"@id":"https:\/\/kmtwaterjet.com\/pt-br\/#\/schema\/logo\/image\/"}}]}},"_links":{"self":[{"href":"https:\/\/kmtwaterjet.com\/pt-br\/wp-json\/wp\/v2\/pages\/27943","targetHints":{"allow":["GET"]}}],"collection":[{"href":"https:\/\/kmtwaterjet.com\/pt-br\/wp-json\/wp\/v2\/pages"}],"about":[{"href":"https:\/\/kmtwaterjet.com\/pt-br\/wp-json\/wp\/v2\/types\/page"}],"author":[{"embeddable":true,"href":"https:\/\/kmtwaterjet.com\/pt-br\/wp-json\/wp\/v2\/users\/11"}],"replies":[{"embeddable":true,"href":"https:\/\/kmtwaterjet.com\/pt-br\/wp-json\/wp\/v2\/comments?post=27943"}],"version-history":[{"count":0,"href":"https:\/\/kmtwaterjet.com\/pt-br\/wp-json\/wp\/v2\/pages\/27943\/revisions"}],"wp:attachment":[{"href":"https:\/\/kmtwaterjet.com\/pt-br\/wp-json\/wp\/v2\/media?parent=27943"}],"wp:term":[{"taxonomy":"page-type","embeddable":true,"href":"https:\/\/kmtwaterjet.com\/pt-br\/wp-json\/wp\/v2\/page-type?post=27943"}],"curies":[{"name":"wp","href":"https:\/\/api.w.org\/{rel}","templated":true}]}}