{"id":27211,"date":"2024-06-13T10:32:02","date_gmt":"2024-06-13T15:32:02","guid":{"rendered":"https:\/\/kmtwaterjet.com\/kmt-waterjet-obrigado-por-entrar-em-contato-conosco\/"},"modified":"2025-02-17T13:16:11","modified_gmt":"2025-02-17T19:16:11","slug":"kmt-waterjet-obrigado-por-entrar-em-contato-conosco","status":"publish","type":"page","link":"https:\/\/kmtwaterjet.com\/pt-br\/kmt-waterjet-obrigado-por-entrar-em-contato-conosco\/","title":{"rendered":"KMT Waterjet Obrigado por entrar em contato conosco"},"content":{"rendered":"\t\t<div data-elementor-type=\"wp-page\" data-elementor-id=\"27211\" class=\"elementor elementor-27211 elementor-2737\" data-elementor-post-type=\"page\">\n\t\t\t\t<div class=\"elementor-element elementor-element-0e9108d e-flex e-con-boxed e-con e-parent\" data-id=\"0e9108d\" data-element_type=\"container\" data-e-type=\"container\" data-settings=\"{&quot;background_background&quot;:&quot;classic&quot;,&quot;shape_divider_bottom&quot;:&quot;waves&quot;}\">\n\t\t\t\t\t<div class=\"e-con-inner\">\n\t\t\t\t<div class=\"elementor-shape elementor-shape-bottom\" aria-hidden=\"true\" data-negative=\"false\">\n\t\t\t<svg xmlns=\"http:\/\/www.w3.org\/2000\/svg\" viewBox=\"0 0 1000 100\" preserveAspectRatio=\"none\">\n\t<path class=\"elementor-shape-fill\" d=\"M421.9,6.5c22.6-2.5,51.5,0.4,75.5,5.3c23.6,4.9,70.9,23.5,100.5,35.7c75.8,32.2,133.7,44.5,192.6,49.7\n\tc23.6,2.1,48.7,3.5,103.4-2.5c54.7-6,106.2-25.6,106.2-25.6V0H0v30.3c0,0,72,32.6,158.4,30.5c39.2-0.7,92.8-6.7,134-22.4\n\tc21.2-8.1,52.2-18.2,79.7-24.2C399.3,7.9,411.6,7.5,421.9,6.5z\"\/>\n<\/svg>\t\t<\/div>\n\t\t<div class=\"elementor-element elementor-element-41b8436 e-flex e-con-boxed e-con e-child\" data-id=\"41b8436\" data-element_type=\"container\" data-e-type=\"container\">\n\t\t\t\t\t<div class=\"e-con-inner\">\n\t\t\t\t<div class=\"elementor-element elementor-element-4b20a65 elementor-widget elementor-widget-heading\" data-id=\"4b20a65\" data-element_type=\"widget\" data-e-type=\"widget\" data-settings=\"{&quot;motion_fx_motion_fx_scrolling&quot;:&quot;yes&quot;,&quot;motion_fx_opacity_effect&quot;:&quot;yes&quot;,&quot;motion_fx_opacity_direction&quot;:&quot;out-in-out&quot;,&quot;motion_fx_opacity_level&quot;:{&quot;unit&quot;:&quot;px&quot;,&quot;size&quot;:10,&quot;sizes&quot;:[]},&quot;motion_fx_opacity_range&quot;:{&quot;unit&quot;:&quot;%&quot;,&quot;size&quot;:&quot;&quot;,&quot;sizes&quot;:{&quot;start&quot;:20,&quot;end&quot;:80}},&quot;motion_fx_devices&quot;:[&quot;desktop&quot;,&quot;tablet&quot;,&quot;mobile&quot;]}\" data-widget_type=\"heading.default\">\n\t\t\t\t<div class=\"elementor-widget-container\">\n\t\t\t\t\t<h1 class=\"elementor-heading-title elementor-size-default\">Obrigado a voc\u00ea!<\/h1>\t\t\t\t<\/div>\n\t\t\t\t<\/div>\n\t\t\t\t\t<\/div>\n\t\t\t\t<\/div>\n\t\t\t\t\t<\/div>\n\t\t\t\t<\/div>\n\t\t<div class=\"elementor-element elementor-element-20e8b0c e-flex e-con-boxed e-con e-parent\" data-id=\"20e8b0c\" data-element_type=\"container\" data-e-type=\"container\" data-settings=\"{&quot;background_background&quot;:&quot;classic&quot;,&quot;shape_divider_bottom&quot;:&quot;wave-brush&quot;}\">\n\t\t\t\t\t<div class=\"e-con-inner\">\n\t\t\t\t<div class=\"elementor-shape elementor-shape-bottom\" aria-hidden=\"true\" data-negative=\"false\">\n\t\t\t<svg xmlns=\"http:\/\/www.w3.org\/2000\/svg\" viewBox=\"0 0 283.5 27.8\" preserveAspectRatio=\"none\">\n\t<path class=\"elementor-shape-fill\" d=\"M283.5,9.7c0,0-7.3,4.3-14,4.6c-6.8,0.3-12.6,0-20.9-1.5c-11.3-2-33.1-10.1-44.7-5.7\ts-12.1,4.6-18,7.4c-6.6,3.2-20,9.6-36.6,9.3C131.6,23.5,99.5,7.2,86.3,8c-1.4,0.1-6.6,0.8-10.5,2c-3.8,1.2-9.4,3.8-17,4.7\tc-3.2,0.4-8.3,1.1-14.2,0.9c-1.5-0.1-6.3-0.4-12-1.6c-5.7-1.2-11-3.1-15.8-3.7C6.5,9.2,0,10.8,0,10.8V0h283.5V9.7z M260.8,11.3\tc-0.7-1-2-0.4-4.3-0.4c-2.3,0-6.1-1.2-5.8-1.1c0.3,0.1,3.1,1.5,6,1.9C259.7,12.2,261.4,12.3,260.8,11.3z M242.4,8.6\tc0,0-2.4-0.2-5.6-0.9c-3.2-0.8-10.3-2.8-15.1-3.5c-8.2-1.1-15.8,0-15.1,0.1c0.8,0.1,9.6-0.6,17.6,1.1c3.3,0.7,9.3,2.2,12.4,2.7\tC239.9,8.7,242.4,8.6,242.4,8.6z M185.2,8.5c1.7-0.7-13.3,4.7-18.5,6.1c-2.1,0.6-6.2,1.6-10,2c-3.9,0.4-8.9,0.4-8.8,0.5\tc0,0.2,5.8,0.8,11.2,0c5.4-0.8,5.2-1.1,7.6-1.6C170.5,14.7,183.5,9.2,185.2,8.5z M199.1,6.9c0.2,0-0.8-0.4-4.8,1.1\tc-4,1.5-6.7,3.5-6.9,3.7c-0.2,0.1,3.5-1.8,6.6-3C197,7.5,199,6.9,199.1,6.9z M283,6c-0.1,0.1-1.9,1.1-4.8,2.5s-6.9,2.8-6.7,2.7\tc0.2,0,3.5-0.6,7.4-2.5C282.8,6.8,283.1,5.9,283,6z M31.3,11.6c0.1-0.2-1.9-0.2-4.5-1.2s-5.4-1.6-7.8-2C15,7.6,7.3,8.5,7.7,8.6\tC8,8.7,15.9,8.3,20.2,9.3c2.2,0.5,2.4,0.5,5.7,1.6S31.2,11.9,31.3,11.6z M73,9.2c0.4-0.1,3.5-1.6,8.4-2.6c4.9-1.1,8.9-0.5,8.9-0.8\tc0-0.3-1-0.9-6.2-0.3S72.6,9.3,73,9.2z M71.6,6.7C71.8,6.8,75,5.4,77.3,5c2.3-0.3,1.9-0.5,1.9-0.6c0-0.1-1.1-0.2-2.7,0.2\tC74.8,5.1,71.4,6.6,71.6,6.7z M93.6,4.4c0.1,0.2,3.5,0.8,5.6,1.8c2.1,1,1.8,0.6,1.9,0.5c0.1-0.1-0.8-0.8-2.4-1.3\tC97.1,4.8,93.5,4.2,93.6,4.4z M65.4,11.1c-0.1,0.3,0.3,0.5,1.9-0.2s2.6-1.3,2.2-1.2s-0.9,0.4-2.5,0.8C65.3,10.9,65.5,10.8,65.4,11.1\tz M34.5,12.4c-0.2,0,2.1,0.8,3.3,0.9c1.2,0.1,2,0.1,2-0.2c0-0.3-0.1-0.5-1.6-0.4C36.6,12.8,34.7,12.4,34.5,12.4z M152.2,21.1\tc-0.1,0.1-2.4-0.3-7.5-0.3c-5,0-13.6-2.4-17.2-3.5c-3.6-1.1,10,3.9,16.5,4.1C150.5,21.6,152.3,21,152.2,21.1z\"\/>\n\t<path class=\"elementor-shape-fill\" d=\"M269.6,18c-0.1-0.1-4.6,0.3-7.2,0c-7.3-0.7-17-3.2-16.6-2.9c0.4,0.3,13.7,3.1,17,3.3\tC267.7,18.8,269.7,18,269.6,18z\"\/>\n\t<path class=\"elementor-shape-fill\" d=\"M227.4,9.8c-0.2-0.1-4.5-1-9.5-1.2c-5-0.2-12.7,0.6-12.3,0.5c0.3-0.1,5.9-1.8,13.3-1.2\tS227.6,9.9,227.4,9.8z\"\/>\n\t<path class=\"elementor-shape-fill\" d=\"M204.5,13.4c-0.1-0.1,2-1,3.2-1.1c1.2-0.1,2,0,2,0.3c0,0.3-0.1,0.5-1.6,0.4\tC206.4,12.9,204.6,13.5,204.5,13.4z\"\/>\n\t<path class=\"elementor-shape-fill\" d=\"M201,10.6c0-0.1-4.4,1.2-6.3,2.2c-1.9,0.9-6.2,3.1-6.1,3.1c0.1,0.1,4.2-1.6,6.3-2.6\tS201,10.7,201,10.6z\"\/>\n\t<path class=\"elementor-shape-fill\" d=\"M154.5,26.7c-0.1-0.1-4.6,0.3-7.2,0c-7.3-0.7-17-3.2-16.6-2.9c0.4,0.3,13.7,3.1,17,3.3\tC152.6,27.5,154.6,26.8,154.5,26.7z\"\/>\n\t<path class=\"elementor-shape-fill\" d=\"M41.9,19.3c0,0,1.2-0.3,2.9-0.1c1.7,0.2,5.8,0.9,8.2,0.7c4.2-0.4,7.4-2.7,7-2.6\tc-0.4,0-4.3,2.2-8.6,1.9c-1.8-0.1-5.1-0.5-6.7-0.4S41.9,19.3,41.9,19.3z\"\/>\n\t<path class=\"elementor-shape-fill\" d=\"M75.5,12.6c0.2,0.1,2-0.8,4.3-1.1c2.3-0.2,2.1-0.3,2.1-0.5c0-0.1-1.8-0.4-3.4,0\tC76.9,11.5,75.3,12.5,75.5,12.6z\"\/>\n\t<path class=\"elementor-shape-fill\" d=\"M15.6,13.2c0-0.1,4.3,0,6.7,0.5c2.4,0.5,5,1.9,5,2c0,0.1-2.7-0.8-5.1-1.4\tC19.9,13.7,15.7,13.3,15.6,13.2z\"\/>\n<\/svg>\t\t<\/div>\n\t\t<div class=\"elementor-element elementor-element-3db032c e-con-full e-flex e-con e-child\" data-id=\"3db032c\" data-element_type=\"container\" data-e-type=\"container\">\n\t\t\t\t<div class=\"elementor-element elementor-element-d577189 elementor-widget__width-initial elementor-widget elementor-widget-heading\" data-id=\"d577189\" data-element_type=\"widget\" data-e-type=\"widget\" data-widget_type=\"heading.default\">\n\t\t\t\t<div class=\"elementor-widget-container\">\n\t\t\t\t\t<h2 class=\"elementor-heading-title elementor-size-default\">KMT Waterjet Obrigado por escolher nossa equipe para um sistema completo de jato de \u00e1gua, bomba de press\u00e3o ultra-alta ou servi\u00e7os t\u00e9cnicos e suporte da KMT.  <\/h2>\t\t\t\t<\/div>\n\t\t\t\t<\/div>\n\t\t\t\t<div class=\"elementor-element elementor-element-8ac114c elementor-widget-divider--view-line elementor-widget elementor-widget-divider\" data-id=\"8ac114c\" data-element_type=\"widget\" data-e-type=\"widget\" data-widget_type=\"divider.default\">\n\t\t\t\t<div class=\"elementor-widget-container\">\n\t\t\t\t\t\t\t<div class=\"elementor-divider\">\n\t\t\t<span class=\"elementor-divider-separator\">\n\t\t\t\t\t\t<\/span>\n\t\t<\/div>\n\t\t\t\t\t\t<\/div>\n\t\t\t\t<\/div>\n\t\t\t\t<div class=\"elementor-element elementor-element-7503a8e elementor-widget elementor-widget-text-editor\" data-id=\"7503a8e\" data-element_type=\"widget\" data-e-type=\"widget\" data-widget_type=\"text-editor.default\">\n\t\t\t\t<div class=\"elementor-widget-container\">\n\t\t\t\t\t\t\t\t\t<p>Um representante da KMT entrar\u00e1 em contato com voc\u00ea em breve para dar seguimento \u00e0 sua solicita\u00e7\u00e3o. Se voc\u00ea ainda precisar de aten\u00e7\u00e3o imediata, ligue para nossa sede corporativa no n\u00famero 800-826-9274 ou envie um e-mail para sales@kmtwaterjet.com. <\/p>\n\t\t\t\t\t\t\t\t<\/div>\n\t\t\t\t<\/div>\n\t\t\t\t<\/div>\n\t\t\t\t\t<\/div>\n\t\t\t\t<\/div>\n\t\t\t\t<\/div>\n\t\t","protected":false},"excerpt":{"rendered":"<p>Obrigado a voc\u00ea! KMT Waterjet Obrigado por escolher nossa equipe para um sistema completo de jato de \u00e1gua, bomba de press\u00e3o ultra-alta ou servi\u00e7os t\u00e9cnicos e suporte da KMT. Um representante da KMT entrar\u00e1 em contato com voc\u00ea em breve para dar seguimento \u00e0 sua solicita\u00e7\u00e3o. Se voc\u00ea ainda precisar de aten\u00e7\u00e3o imediata, ligue para [&hellip;]<\/p>\n","protected":false},"author":11,"featured_media":0,"parent":0,"menu_order":0,"comment_status":"closed","ping_status":"closed","template":"elementor_header_footer","meta":{"_acf_changed":false,"footnotes":""},"page-type":[],"class_list":["post-27211","page","type-page","status-publish","hentry"],"acf":[],"yoast_head":"<!-- This site is optimized with the Yoast SEO plugin v27.3 - https:\/\/yoast.com\/product\/yoast-seo-wordpress\/ -->\n<title>KMT Waterjet Obrigado por entrar em contato conosco | KMT Waterjet<\/title>\n<meta name=\"description\" content=\"KMT Waterjet Obrigado por escolher nossa equipe para um sistema completo de jato de \u00e1gua, bomba de press\u00e3o ultra-alta ou servi\u00e7os t\u00e9cnicos e suporte da KMT.\" \/>\n<meta name=\"robots\" content=\"index, follow, max-snippet:-1, max-image-preview:large, max-video-preview:-1\" \/>\n<link rel=\"canonical\" href=\"https:\/\/kmtwaterjet.com\/pt-br\/kmt-waterjet-obrigado-por-entrar-em-contato-conosco\/\" \/>\n<meta property=\"og:locale\" content=\"pt_BR\" \/>\n<meta property=\"og:type\" content=\"article\" \/>\n<meta property=\"og:title\" content=\"KMT Waterjet Obrigado por entrar em contato conosco | KMT Waterjet\" \/>\n<meta property=\"og:description\" content=\"KMT Waterjet Obrigado por escolher nossa equipe para um sistema completo de jato de \u00e1gua, bomba de press\u00e3o ultra-alta ou servi\u00e7os t\u00e9cnicos e suporte da KMT.\" \/>\n<meta property=\"og:url\" content=\"https:\/\/kmtwaterjet.com\/pt-br\/kmt-waterjet-obrigado-por-entrar-em-contato-conosco\/\" \/>\n<meta property=\"og:site_name\" content=\"KMT Waterjet\" \/>\n<meta property=\"article:modified_time\" content=\"2025-02-17T19:16:11+00:00\" \/>\n<meta property=\"og:image\" content=\"https:\/\/kmtwaterjet.com\/wp-content\/uploads\/KMT-Social-Sharing.jpg\" \/>\n\t<meta property=\"og:image:width\" content=\"1200\" \/>\n\t<meta property=\"og:image:height\" content=\"675\" \/>\n\t<meta property=\"og:image:type\" content=\"image\/jpeg\" \/>\n<meta name=\"twitter:card\" content=\"summary_large_image\" \/>\n<script type=\"application\/ld+json\" class=\"yoast-schema-graph\">{\"@context\":\"https:\\\/\\\/schema.org\",\"@graph\":[{\"@type\":\"WebPage\",\"@id\":\"https:\\\/\\\/kmtwaterjet.com\\\/pt-br\\\/kmt-waterjet-obrigado-por-entrar-em-contato-conosco\\\/\",\"url\":\"https:\\\/\\\/kmtwaterjet.com\\\/pt-br\\\/kmt-waterjet-obrigado-por-entrar-em-contato-conosco\\\/\",\"name\":\"KMT Waterjet Obrigado por entrar em contato conosco | KMT Waterjet\",\"isPartOf\":{\"@id\":\"https:\\\/\\\/kmtwaterjet.com\\\/pt-br\\\/#website\"},\"datePublished\":\"2024-06-13T15:32:02+00:00\",\"dateModified\":\"2025-02-17T19:16:11+00:00\",\"description\":\"KMT Waterjet Obrigado por escolher nossa equipe para um sistema completo de jato de \u00e1gua, bomba de press\u00e3o ultra-alta ou servi\u00e7os t\u00e9cnicos e suporte da KMT.\",\"breadcrumb\":{\"@id\":\"https:\\\/\\\/kmtwaterjet.com\\\/pt-br\\\/kmt-waterjet-obrigado-por-entrar-em-contato-conosco\\\/#breadcrumb\"},\"inLanguage\":\"pt-BR\",\"potentialAction\":[{\"@type\":\"ReadAction\",\"target\":[\"https:\\\/\\\/kmtwaterjet.com\\\/pt-br\\\/kmt-waterjet-obrigado-por-entrar-em-contato-conosco\\\/\"]}]},{\"@type\":\"BreadcrumbList\",\"@id\":\"https:\\\/\\\/kmtwaterjet.com\\\/pt-br\\\/kmt-waterjet-obrigado-por-entrar-em-contato-conosco\\\/#breadcrumb\",\"itemListElement\":[{\"@type\":\"ListItem\",\"position\":1,\"name\":\"Home\",\"item\":\"https:\\\/\\\/kmtwaterjet.com\\\/pt-br\\\/\"},{\"@type\":\"ListItem\",\"position\":2,\"name\":\"KMT Waterjet Obrigado por entrar em contato conosco\"}]},{\"@type\":\"WebSite\",\"@id\":\"https:\\\/\\\/kmtwaterjet.com\\\/pt-br\\\/#website\",\"url\":\"https:\\\/\\\/kmtwaterjet.com\\\/pt-br\\\/\",\"name\":\"KMT Waterjet\",\"description\":\"KMT Waterjet for waterjet cutting metal, stone, glass, steel and more\",\"publisher\":{\"@id\":\"https:\\\/\\\/kmtwaterjet.com\\\/pt-br\\\/#organization\"},\"potentialAction\":[{\"@type\":\"SearchAction\",\"target\":{\"@type\":\"EntryPoint\",\"urlTemplate\":\"https:\\\/\\\/kmtwaterjet.com\\\/pt-br\\\/?s={search_term_string}\"},\"query-input\":{\"@type\":\"PropertyValueSpecification\",\"valueRequired\":true,\"valueName\":\"search_term_string\"}}],\"inLanguage\":\"pt-BR\"},{\"@type\":\"Organization\",\"@id\":\"https:\\\/\\\/kmtwaterjet.com\\\/pt-br\\\/#organization\",\"name\":\"KMT Waterjet\",\"url\":\"https:\\\/\\\/kmtwaterjet.com\\\/pt-br\\\/\",\"logo\":{\"@type\":\"ImageObject\",\"inLanguage\":\"pt-BR\",\"@id\":\"https:\\\/\\\/kmtwaterjet.com\\\/pt-br\\\/#\\\/schema\\\/logo\\\/image\\\/\",\"url\":\"https:\\\/\\\/kmtwaterjet.com\\\/wp-content\\\/uploads\\\/kmt_logo_2020.png\",\"contentUrl\":\"https:\\\/\\\/kmtwaterjet.com\\\/wp-content\\\/uploads\\\/kmt_logo_2020.png\",\"width\":1002,\"height\":605,\"caption\":\"KMT Waterjet\"},\"image\":{\"@id\":\"https:\\\/\\\/kmtwaterjet.com\\\/pt-br\\\/#\\\/schema\\\/logo\\\/image\\\/\"}}]}<\/script>\n<!-- \/ Yoast SEO plugin. -->","yoast_head_json":{"title":"KMT Waterjet Obrigado por entrar em contato conosco | KMT Waterjet","description":"KMT Waterjet Obrigado por escolher nossa equipe para um sistema completo de jato de \u00e1gua, bomba de press\u00e3o ultra-alta ou servi\u00e7os t\u00e9cnicos e suporte da KMT.","robots":{"index":"index","follow":"follow","max-snippet":"max-snippet:-1","max-image-preview":"max-image-preview:large","max-video-preview":"max-video-preview:-1"},"canonical":"https:\/\/kmtwaterjet.com\/pt-br\/kmt-waterjet-obrigado-por-entrar-em-contato-conosco\/","og_locale":"pt_BR","og_type":"article","og_title":"KMT Waterjet Obrigado por entrar em contato conosco | KMT Waterjet","og_description":"KMT Waterjet Obrigado por escolher nossa equipe para um sistema completo de jato de \u00e1gua, bomba de press\u00e3o ultra-alta ou servi\u00e7os t\u00e9cnicos e suporte da KMT.","og_url":"https:\/\/kmtwaterjet.com\/pt-br\/kmt-waterjet-obrigado-por-entrar-em-contato-conosco\/","og_site_name":"KMT Waterjet","article_modified_time":"2025-02-17T19:16:11+00:00","og_image":[{"width":1200,"height":675,"url":"https:\/\/kmtwaterjet.com\/wp-content\/uploads\/KMT-Social-Sharing.jpg","type":"image\/jpeg"}],"twitter_card":"summary_large_image","schema":{"@context":"https:\/\/schema.org","@graph":[{"@type":"WebPage","@id":"https:\/\/kmtwaterjet.com\/pt-br\/kmt-waterjet-obrigado-por-entrar-em-contato-conosco\/","url":"https:\/\/kmtwaterjet.com\/pt-br\/kmt-waterjet-obrigado-por-entrar-em-contato-conosco\/","name":"KMT Waterjet Obrigado por entrar em contato conosco | KMT Waterjet","isPartOf":{"@id":"https:\/\/kmtwaterjet.com\/pt-br\/#website"},"datePublished":"2024-06-13T15:32:02+00:00","dateModified":"2025-02-17T19:16:11+00:00","description":"KMT Waterjet Obrigado por escolher nossa equipe para um sistema completo de jato de \u00e1gua, bomba de press\u00e3o ultra-alta ou servi\u00e7os t\u00e9cnicos e suporte da KMT.","breadcrumb":{"@id":"https:\/\/kmtwaterjet.com\/pt-br\/kmt-waterjet-obrigado-por-entrar-em-contato-conosco\/#breadcrumb"},"inLanguage":"pt-BR","potentialAction":[{"@type":"ReadAction","target":["https:\/\/kmtwaterjet.com\/pt-br\/kmt-waterjet-obrigado-por-entrar-em-contato-conosco\/"]}]},{"@type":"BreadcrumbList","@id":"https:\/\/kmtwaterjet.com\/pt-br\/kmt-waterjet-obrigado-por-entrar-em-contato-conosco\/#breadcrumb","itemListElement":[{"@type":"ListItem","position":1,"name":"Home","item":"https:\/\/kmtwaterjet.com\/pt-br\/"},{"@type":"ListItem","position":2,"name":"KMT Waterjet Obrigado por entrar em contato conosco"}]},{"@type":"WebSite","@id":"https:\/\/kmtwaterjet.com\/pt-br\/#website","url":"https:\/\/kmtwaterjet.com\/pt-br\/","name":"KMT Waterjet","description":"KMT Waterjet for waterjet cutting metal, stone, glass, steel and more","publisher":{"@id":"https:\/\/kmtwaterjet.com\/pt-br\/#organization"},"potentialAction":[{"@type":"SearchAction","target":{"@type":"EntryPoint","urlTemplate":"https:\/\/kmtwaterjet.com\/pt-br\/?s={search_term_string}"},"query-input":{"@type":"PropertyValueSpecification","valueRequired":true,"valueName":"search_term_string"}}],"inLanguage":"pt-BR"},{"@type":"Organization","@id":"https:\/\/kmtwaterjet.com\/pt-br\/#organization","name":"KMT Waterjet","url":"https:\/\/kmtwaterjet.com\/pt-br\/","logo":{"@type":"ImageObject","inLanguage":"pt-BR","@id":"https:\/\/kmtwaterjet.com\/pt-br\/#\/schema\/logo\/image\/","url":"https:\/\/kmtwaterjet.com\/wp-content\/uploads\/kmt_logo_2020.png","contentUrl":"https:\/\/kmtwaterjet.com\/wp-content\/uploads\/kmt_logo_2020.png","width":1002,"height":605,"caption":"KMT Waterjet"},"image":{"@id":"https:\/\/kmtwaterjet.com\/pt-br\/#\/schema\/logo\/image\/"}}]}},"_links":{"self":[{"href":"https:\/\/kmtwaterjet.com\/pt-br\/wp-json\/wp\/v2\/pages\/27211","targetHints":{"allow":["GET"]}}],"collection":[{"href":"https:\/\/kmtwaterjet.com\/pt-br\/wp-json\/wp\/v2\/pages"}],"about":[{"href":"https:\/\/kmtwaterjet.com\/pt-br\/wp-json\/wp\/v2\/types\/page"}],"author":[{"embeddable":true,"href":"https:\/\/kmtwaterjet.com\/pt-br\/wp-json\/wp\/v2\/users\/11"}],"replies":[{"embeddable":true,"href":"https:\/\/kmtwaterjet.com\/pt-br\/wp-json\/wp\/v2\/comments?post=27211"}],"version-history":[{"count":0,"href":"https:\/\/kmtwaterjet.com\/pt-br\/wp-json\/wp\/v2\/pages\/27211\/revisions"}],"wp:attachment":[{"href":"https:\/\/kmtwaterjet.com\/pt-br\/wp-json\/wp\/v2\/media?parent=27211"}],"wp:term":[{"taxonomy":"page-type","embeddable":true,"href":"https:\/\/kmtwaterjet.com\/pt-br\/wp-json\/wp\/v2\/page-type?post=27211"}],"curies":[{"name":"wp","href":"https:\/\/api.w.org\/{rel}","templated":true}]}}