{"id":44343,"date":"2026-04-02T14:59:17","date_gmt":"2026-04-02T19:59:17","guid":{"rendered":"https:\/\/kmtwaterjet.com\/?page_id=44343"},"modified":"2026-04-02T15:00:37","modified_gmt":"2026-04-02T20:00:37","slug":"oem-northwood-machine-sawjet-8","status":"publish","type":"page","link":"https:\/\/kmtwaterjet.com\/pl\/oem-northwood-machine-sawjet-8\/","title":{"rendered":"OEM NORTHWOOD MACHINE SAWJET"},"content":{"rendered":"\t\t<div data-elementor-type=\"wp-page\" data-elementor-id=\"44343\" class=\"elementor elementor-44343 elementor-44336\" data-elementor-post-type=\"page\">\n\t\t\t\t<div class=\"elementor-element elementor-element-a5186ce e-flex e-con-boxed e-con e-parent\" data-id=\"a5186ce\" data-element_type=\"container\" data-e-type=\"container\">\n\t\t\t\t\t<div class=\"e-con-inner\">\n\t\t\t\t<div class=\"elementor-element elementor-element-27eaaf2 elementor-widget elementor-widget-heading\" data-id=\"27eaaf2\" data-element_type=\"widget\" data-e-type=\"widget\" data-widget_type=\"heading.default\">\n\t\t\t\t<div class=\"elementor-widget-container\">\n\t\t\t\t\t<h1 class=\"elementor-heading-title elementor-size-default\">NORTHWOOD MACHINE - CI\u0118CIE STRUMIENIEM WODY KAMIENIA, CENTRA OBR\u00d3BCZE I WI\u0118CEJ<\/h1>\t\t\t\t<\/div>\n\t\t\t\t<\/div>\n\t\t\t\t<div class=\"elementor-element elementor-element-9016e52 elementor-widget-divider--view-line elementor-widget elementor-widget-divider\" data-id=\"9016e52\" data-element_type=\"widget\" data-e-type=\"widget\" data-widget_type=\"divider.default\">\n\t\t\t\t<div class=\"elementor-widget-container\">\n\t\t\t\t\t\t\t<div class=\"elementor-divider\">\n\t\t\t<span class=\"elementor-divider-separator\">\n\t\t\t\t\t\t<\/span>\n\t\t<\/div>\n\t\t\t\t\t\t<\/div>\n\t\t\t\t<\/div>\n\t\t\t\t\t<\/div>\n\t\t\t\t<\/div>\n\t\t<div class=\"elementor-element elementor-element-08404e0 e-flex e-con-boxed e-con e-parent\" data-id=\"08404e0\" data-element_type=\"container\" data-e-type=\"container\">\n\t\t\t\t\t<div class=\"e-con-inner\">\n\t\t\t\t<div class=\"elementor-element elementor-element-7e9b4d7 elementor-widget elementor-widget-image\" data-id=\"7e9b4d7\" data-element_type=\"widget\" data-e-type=\"widget\" data-widget_type=\"image.default\">\n\t\t\t\t<div class=\"elementor-widget-container\">\n\t\t\t\t\t\t\t\t\t\t\t\t\t\t\t<img fetchpriority=\"high\" decoding=\"async\" width=\"2000\" height=\"429\" src=\"https:\/\/kmtwaterjet.com\/wp-content\/uploads\/MULTICAM-WATERJET-CUTTING-TABLES-BANNER.jpg\" class=\"attachment-full size-full wp-image-43999\" alt=\"\" srcset=\"https:\/\/kmtwaterjet.com\/wp-content\/uploads\/MULTICAM-WATERJET-CUTTING-TABLES-BANNER.jpg 2000w, https:\/\/kmtwaterjet.com\/wp-content\/uploads\/MULTICAM-WATERJET-CUTTING-TABLES-BANNER-300x64.jpg 300w, https:\/\/kmtwaterjet.com\/wp-content\/uploads\/MULTICAM-WATERJET-CUTTING-TABLES-BANNER-1024x220.jpg 1024w, https:\/\/kmtwaterjet.com\/wp-content\/uploads\/MULTICAM-WATERJET-CUTTING-TABLES-BANNER-768x165.jpg 768w, https:\/\/kmtwaterjet.com\/wp-content\/uploads\/MULTICAM-WATERJET-CUTTING-TABLES-BANNER-1536x329.jpg 1536w\" sizes=\"(max-width: 2000px) 100vw, 2000px\" \/>\t\t\t\t\t\t\t\t\t\t\t\t\t\t\t<\/div>\n\t\t\t\t<\/div>\n\t\t\t\t\t<\/div>\n\t\t\t\t<\/div>\n\t\t<div class=\"elementor-element elementor-element-5761e3a e-grid e-con-boxed e-con e-parent\" data-id=\"5761e3a\" data-element_type=\"container\" data-e-type=\"container\">\n\t\t\t\t\t<div class=\"e-con-inner\">\n\t\t\t\t<div class=\"elementor-element elementor-element-b79cae4 elementor-widget elementor-widget-image\" data-id=\"b79cae4\" data-element_type=\"widget\" data-e-type=\"widget\" data-widget_type=\"image.default\">\n\t\t\t\t<div class=\"elementor-widget-container\">\n\t\t\t\t\t\t\t\t\t\t\t\t\t\t\t<img decoding=\"async\" width=\"478\" height=\"152\" data-src=\"https:\/\/kmtwaterjet.com\/wp-content\/uploads\/MULTICAM-WATERJET-CUTTING-TABLES-LOGO.jpg\" class=\"attachment-large size-large wp-image-43993 lazyload\" alt=\"\" data-srcset=\"https:\/\/kmtwaterjet.com\/wp-content\/uploads\/MULTICAM-WATERJET-CUTTING-TABLES-LOGO.jpg 478w, https:\/\/kmtwaterjet.com\/wp-content\/uploads\/MULTICAM-WATERJET-CUTTING-TABLES-LOGO-300x95.jpg 300w\" data-sizes=\"(max-width: 478px) 100vw, 478px\" src=\"data:image\/svg+xml;base64,PHN2ZyB3aWR0aD0iMSIgaGVpZ2h0PSIxIiB4bWxucz0iaHR0cDovL3d3dy53My5vcmcvMjAwMC9zdmciPjwvc3ZnPg==\" style=\"--smush-placeholder-width: 478px; --smush-placeholder-aspect-ratio: 478\/152;\" \/>\t\t\t\t\t\t\t\t\t\t\t\t\t\t\t<\/div>\n\t\t\t\t<\/div>\n\t\t\t\t<div class=\"elementor-element elementor-element-932967f elementor-widget elementor-widget-text-editor\" data-id=\"932967f\" data-element_type=\"widget\" data-e-type=\"widget\" data-widget_type=\"text-editor.default\">\n\t\t\t\t<div class=\"elementor-widget-container\">\n\t\t\t\t\t\t\t\t\t<p><span style=\"color: #000080;\"><em><strong>Starsze maszyny zaprojektowane tak, aby przetrwa\u0142y pr\u00f3b\u0119 czasu.<\/strong><\/em><\/span><\/p><p>Od ponad 25 lat Northwood Machine buduje niestandardowe maszyny do ci\u0119cia strumieniem wody z najwy\u017cszej jako\u015bci komponent\u00f3w. Nigdy nie zmienili\u015bmy aplikacji klienta, aby dopasowa\u0107 j\u0105 do naszej maszyny. Northwood zaprojektuje i dostarczy odpowiedni\u0105 maszyn\u0119 dostosowan\u0105 do potrzeb klienta i jego firmy.  <\/p>\t\t\t\t\t\t\t\t<\/div>\n\t\t\t\t<\/div>\n\t\t\t\t\t<\/div>\n\t\t\t\t<\/div>\n\t\t<div class=\"elementor-element elementor-element-ea56cbc e-flex e-con-boxed e-con e-parent\" data-id=\"ea56cbc\" data-element_type=\"container\" data-e-type=\"container\">\n\t\t\t\t\t<div class=\"e-con-inner\">\n\t\t\t\t<div class=\"elementor-element elementor-element-3b30ee9 elementor-widget-divider--view-line elementor-widget elementor-widget-divider\" data-id=\"3b30ee9\" data-element_type=\"widget\" data-e-type=\"widget\" data-widget_type=\"divider.default\">\n\t\t\t\t<div class=\"elementor-widget-container\">\n\t\t\t\t\t\t\t<div class=\"elementor-divider\">\n\t\t\t<span class=\"elementor-divider-separator\">\n\t\t\t\t\t\t<\/span>\n\t\t<\/div>\n\t\t\t\t\t\t<\/div>\n\t\t\t\t<\/div>\n\t\t\t\t\t<\/div>\n\t\t\t\t<\/div>\n\t\t<div class=\"elementor-element elementor-element-56cd23b e-grid e-con-boxed e-con e-parent\" data-id=\"56cd23b\" data-element_type=\"container\" data-e-type=\"container\">\n\t\t\t\t\t<div class=\"e-con-inner\">\n\t\t\t\t<div class=\"elementor-element elementor-element-63f321b elementor-widget elementor-widget-image\" data-id=\"63f321b\" data-element_type=\"widget\" data-e-type=\"widget\" data-widget_type=\"image.default\">\n\t\t\t\t<div class=\"elementor-widget-container\">\n\t\t\t\t\t\t\t\t\t\t\t\t<figure class=\"wp-caption\">\n\t\t\t\t\t\t\t\t\t\t<img decoding=\"async\" width=\"800\" height=\"384\" data-src=\"https:\/\/kmtwaterjet.com\/wp-content\/uploads\/MultiCam-1000-Series-CNC-Waterjet-Cutting-Table-1024x492.jpg\" class=\"attachment-large size-large wp-image-43996 lazyload\" alt=\"\" data-srcset=\"https:\/\/kmtwaterjet.com\/wp-content\/uploads\/MultiCam-1000-Series-CNC-Waterjet-Cutting-Table-1024x492.jpg 1024w, https:\/\/kmtwaterjet.com\/wp-content\/uploads\/MultiCam-1000-Series-CNC-Waterjet-Cutting-Table-300x144.jpg 300w, https:\/\/kmtwaterjet.com\/wp-content\/uploads\/MultiCam-1000-Series-CNC-Waterjet-Cutting-Table-768x369.jpg 768w, https:\/\/kmtwaterjet.com\/wp-content\/uploads\/MultiCam-1000-Series-CNC-Waterjet-Cutting-Table.jpg 1400w\" data-sizes=\"(max-width: 800px) 100vw, 800px\" src=\"data:image\/svg+xml;base64,PHN2ZyB3aWR0aD0iMSIgaGVpZ2h0PSIxIiB4bWxucz0iaHR0cDovL3d3dy53My5vcmcvMjAwMC9zdmciPjwvc3ZnPg==\" style=\"--smush-placeholder-width: 800px; --smush-placeholder-aspect-ratio: 800\/384;\" \/>\t\t\t\t\t\t\t\t\t\t\t<figcaption class=\"widget-image-caption wp-caption-text\">MultiCam 1000 Series CNC Waterjet Cutting Table<\/figcaption>\n\t\t\t\t\t\t\t\t\t\t<\/figure>\n\t\t\t\t\t\t\t\t\t<\/div>\n\t\t\t\t<\/div>\n\t\t\t\t<div class=\"elementor-element elementor-element-82a276b elementor-widget elementor-widget-image\" data-id=\"82a276b\" data-element_type=\"widget\" data-e-type=\"widget\" data-widget_type=\"image.default\">\n\t\t\t\t<div class=\"elementor-widget-container\">\n\t\t\t\t\t\t\t\t\t\t\t\t<figure class=\"wp-caption\">\n\t\t\t\t\t\t\t\t\t\t<img decoding=\"async\" width=\"800\" height=\"384\" data-src=\"https:\/\/kmtwaterjet.com\/wp-content\/uploads\/MultiCam-EZ-Control-G-Code-and-Coreo-Software-1024x492.jpg\" class=\"attachment-large size-large wp-image-43998 lazyload\" alt=\"\" data-srcset=\"https:\/\/kmtwaterjet.com\/wp-content\/uploads\/MultiCam-EZ-Control-G-Code-and-Coreo-Software-1024x492.jpg 1024w, https:\/\/kmtwaterjet.com\/wp-content\/uploads\/MultiCam-EZ-Control-G-Code-and-Coreo-Software-300x144.jpg 300w, https:\/\/kmtwaterjet.com\/wp-content\/uploads\/MultiCam-EZ-Control-G-Code-and-Coreo-Software-768x369.jpg 768w, https:\/\/kmtwaterjet.com\/wp-content\/uploads\/MultiCam-EZ-Control-G-Code-and-Coreo-Software.jpg 1400w\" data-sizes=\"(max-width: 800px) 100vw, 800px\" src=\"data:image\/svg+xml;base64,PHN2ZyB3aWR0aD0iMSIgaGVpZ2h0PSIxIiB4bWxucz0iaHR0cDovL3d3dy53My5vcmcvMjAwMC9zdmciPjwvc3ZnPg==\" style=\"--smush-placeholder-width: 800px; --smush-placeholder-aspect-ratio: 800\/384;\" \/>\t\t\t\t\t\t\t\t\t\t\t<figcaption class=\"widget-image-caption wp-caption-text\">MultiCam EZ Control G-Code and Coreo Software<\/figcaption>\n\t\t\t\t\t\t\t\t\t\t<\/figure>\n\t\t\t\t\t\t\t\t\t<\/div>\n\t\t\t\t<\/div>\n\t\t\t\t\t<\/div>\n\t\t\t\t<\/div>\n\t\t<div class=\"elementor-element elementor-element-6b78d1e e-flex e-con-boxed e-con e-parent\" data-id=\"6b78d1e\" data-element_type=\"container\" data-e-type=\"container\">\n\t\t\t\t\t<div class=\"e-con-inner\">\n\t\t\t\t<div class=\"elementor-element elementor-element-9115298 elementor-widget elementor-widget-spacer\" data-id=\"9115298\" data-element_type=\"widget\" data-e-type=\"widget\" data-widget_type=\"spacer.default\">\n\t\t\t\t<div class=\"elementor-widget-container\">\n\t\t\t\t\t\t\t<div class=\"elementor-spacer\">\n\t\t\t<div class=\"elementor-spacer-inner\"><\/div>\n\t\t<\/div>\n\t\t\t\t\t\t<\/div>\n\t\t\t\t<\/div>\n\t\t\t\t\t<\/div>\n\t\t\t\t<\/div>\n\t\t<div class=\"elementor-element elementor-element-5abe2a5 e-flex e-con-boxed e-con e-parent\" data-id=\"5abe2a5\" data-element_type=\"container\" data-e-type=\"container\">\n\t\t\t\t\t<div class=\"e-con-inner\">\n\t\t\t\t<div class=\"elementor-element elementor-element-ae0216d elementor-widget elementor-widget-heading\" data-id=\"ae0216d\" data-element_type=\"widget\" data-e-type=\"widget\" data-widget_type=\"heading.default\">\n\t\t\t\t<div class=\"elementor-widget-container\">\n\t\t\t\t\t<h2 class=\"elementor-heading-title elementor-size-default\">MASZYNY DO CI\u0118CIA CNC NORTHWOOD<\/h2>\t\t\t\t<\/div>\n\t\t\t\t<\/div>\n\t\t\t\t<div class=\"elementor-element elementor-element-8b293f1 elementor-widget elementor-widget-text-editor\" data-id=\"8b293f1\" data-element_type=\"widget\" data-e-type=\"widget\" data-widget_type=\"text-editor.default\">\n\t\t\t\t<div class=\"elementor-widget-container\">\n\t\t\t\t\t\t\t\t\t<div class=\"section\"><ul><li>Produkujemy wytrzyma\u0142e plotery CNC i centra obr\u00f3bcze CNC do ci\u0119cia strumieniem wody w przemy\u015ble lotniczym, drzewnym, tworzyw sztucznych, kompozyt\u00f3w i<br>kamienia.<\/li><li>Zbudowany na trzech podstawowych zasadach: Made in USA, wysokiej jako\u015bci znormalizowane komponenty i wyj\u0105tkowi pracownicy<br>.<\/li><li>Northwood zapewnia krajowe wsparcie dzi\u0119ki in\u017cynierom, zak\u0142adom monta\u017cowym i dzia\u0142om serwisowym z siedzib\u0105 w USA.<\/li><\/ul><\/div><div class=\"section\"><h2>Specjalistyczny sprz\u0119t do ci\u0119cia<\/h2><h3><span style=\"color: #000080;\">3-osiowe maszyny CNC<\/span><\/h3><ul><li>3-osiowe centra obr\u00f3bcze CNC z ruchomymi sto\u0142ami roboczymi &#8211; Wszechstronne rozwi\u0105zania obr\u00f3bcze z ruchomymi powierzchniami roboczymi<br>.<\/li><li>3-osiowa ruchoma suwnica &#8211; Sta\u0142y st\u00f3\u0142 roboczy z ruchom\u0105 suwnic\u0105 dla zwi\u0119kszenia wydajno\u015bci.<\/li><li>Trzyosiowe frezarki CNC z rolkami dociskowymi &#8211; Specjalistyczne frezarki z rolkami dociskowymi do bezpiecznego przenoszenia element\u00f3w<br>.<\/li><\/ul><h3><span style=\"color: #000080;\">5-osiowe maszyny CNC<\/span><\/h3><ul><li>5-osiowe wodne centrum obr\u00f3bcze CNC z ruchomym sto\u0142em roboczym &#8211; zaawansowana obr\u00f3bka wielokierunkowa z ruchom\u0105 powierzchni\u0105 robocz\u0105<br>.<\/li><li>5-osiowe maszyny CNC z ruchom\u0105 suwnic\u0105 &#8211; Sta\u0142y st\u00f3\u0142 z ruchom\u0105 suwnic\u0105 zapewniaj\u0105cy obszar roboczy do<br>12 st\u00f3p x 12 st\u00f3p (3658 mm x 3658 mm).<\/li><li>5-osiowe CNC dla przemys\u0142u szklarskiego &#8211; wytrzyma\u0142y si\u0142ownik ze skokiem osi Z do 72&#8243; (1829 mm) i \u017celiwn\u0105 zwrotnic\u0105 2-osiow\u0105<br>.<\/li><\/ul><\/div><div class=\"section\"><h2>Specjalizacje w bran\u017cy kamieniarskiej<\/h2><ul><li>Northwood FabCenter (UFC 138) &#8211; centrum produkcyjne z silnikiem pi\u0142y Saccardo nap\u0119dzanym przez Fanuc.<\/li><li>Frez do kamienia &#8211; specjalnie skonstruowana maszyna zaprojektowana specjalnie do obr\u00f3bki kamienia.<\/li><li>CNC Raptor SawJet &#8211; Rewolucyjna innowacja z 2006 roku w obr\u00f3bce kamienia \u0142\u0105cz\u0105ca technologi\u0119 ci\u0119cia i strumienia wody.<\/li><li>Iris Slab Scanner &#8211; pionowy skaner p\u0142yt kamiennych o rozdzielczo\u015bci 12K do szczeg\u00f3\u0142owego przegl\u0105dania kamieni.<\/li><\/ul><\/div><div class=\"section\"><h2>Opcje dodatkowe<\/h2><ul><li>Certyfikowane maszyny u\u017cywane &#8211; u\u017cywane maszyny utrzymywane zgodnie ze standardami Northwood z do\u017cywotnim wsparciem i szkoleniami<br>.<br><hr><\/li><\/ul><p><em><span style=\"color: #000080;\"><strong>\u221a Wype\u0142nij poni\u017cszy formularz, a nasz przedstawiciel wkr\u00f3tce si\u0119 z Tob\u0105 skontaktuje.<\/strong><\/span><\/em><\/p><\/div>\t\t\t\t\t\t\t\t<\/div>\n\t\t\t\t<\/div>\n\t\t\t\t\t<\/div>\n\t\t\t\t<\/div>\n\t\t\t\t<\/div>\n\t\t","protected":false},"excerpt":{"rendered":"<p>NORTHWOOD MACHINE &#8211; CI\u0118CIE STRUMIENIEM WODY KAMIENIA, CENTRA OBR\u00d3BCZE I WI\u0118CEJ Starsze maszyny zaprojektowane tak, aby przetrwa\u0142y pr\u00f3b\u0119 czasu. Od ponad 25 lat Northwood Machine buduje niestandardowe maszyny do ci\u0119cia strumieniem wody z najwy\u017cszej jako\u015bci komponent\u00f3w. Nigdy nie zmienili\u015bmy aplikacji klienta, aby dopasowa\u0107 j\u0105 do naszej maszyny. Northwood zaprojektuje i dostarczy odpowiedni\u0105 maszyn\u0119 dostosowan\u0105 do [&hellip;]<\/p>\n","protected":false},"author":12,"featured_media":0,"parent":0,"menu_order":0,"comment_status":"closed","ping_status":"closed","template":"","meta":{"_acf_changed":false,"footnotes":""},"page-type":[],"class_list":["post-44343","page","type-page","status-publish","hentry"],"acf":[],"yoast_head":"<!-- This site is optimized with the Yoast SEO plugin v27.3 - https:\/\/yoast.com\/product\/yoast-seo-wordpress\/ -->\n<title>OEM NORTHWOOD MACHINE SAWJET | KMT Waterjet<\/title>\n<meta name=\"robots\" content=\"index, follow, max-snippet:-1, max-image-preview:large, max-video-preview:-1\" \/>\n<link rel=\"canonical\" href=\"https:\/\/kmtwaterjet.com\/pl\/oem-northwood-machine-sawjet-8\/\" \/>\n<meta property=\"og:locale\" content=\"pl_PL\" \/>\n<meta property=\"og:type\" content=\"article\" \/>\n<meta property=\"og:title\" content=\"OEM NORTHWOOD MACHINE SAWJET | KMT Waterjet\" \/>\n<meta property=\"og:description\" content=\"NORTHWOOD MACHINE &#8211; CI\u0118CIE STRUMIENIEM WODY KAMIENIA, CENTRA OBR\u00d3BCZE I WI\u0118CEJ Starsze maszyny zaprojektowane tak, aby przetrwa\u0142y pr\u00f3b\u0119 czasu. Od ponad 25 lat Northwood Machine buduje niestandardowe maszyny do ci\u0119cia strumieniem wody z najwy\u017cszej jako\u015bci komponent\u00f3w. Nigdy nie zmienili\u015bmy aplikacji klienta, aby dopasowa\u0107 j\u0105 do naszej maszyny. Northwood zaprojektuje i dostarczy odpowiedni\u0105 maszyn\u0119 dostosowan\u0105 do [&hellip;]\" \/>\n<meta property=\"og:url\" content=\"https:\/\/kmtwaterjet.com\/pl\/oem-northwood-machine-sawjet-8\/\" \/>\n<meta property=\"og:site_name\" content=\"KMT Waterjet\" \/>\n<meta property=\"article:modified_time\" content=\"2026-04-02T20:00:37+00:00\" \/>\n<meta property=\"og:image\" content=\"https:\/\/kmtwaterjet.com\/wp-content\/uploads\/MULTICAM-WATERJET-CUTTING-TABLES-BANNER.jpg\" \/>\n<meta name=\"twitter:card\" content=\"summary_large_image\" \/>\n<meta name=\"twitter:label1\" content=\"Szacowany czas czytania\" \/>\n\t<meta name=\"twitter:data1\" content=\"2 minuty\" \/>\n<script type=\"application\/ld+json\" class=\"yoast-schema-graph\">{\"@context\":\"https:\\\/\\\/schema.org\",\"@graph\":[{\"@type\":\"WebPage\",\"@id\":\"https:\\\/\\\/kmtwaterjet.com\\\/pl\\\/oem-northwood-machine-sawjet-8\\\/\",\"url\":\"https:\\\/\\\/kmtwaterjet.com\\\/pl\\\/oem-northwood-machine-sawjet-8\\\/\",\"name\":\"OEM NORTHWOOD MACHINE SAWJET | KMT Waterjet\",\"isPartOf\":{\"@id\":\"https:\\\/\\\/kmtwaterjet.com\\\/pl\\\/#website\"},\"primaryImageOfPage\":{\"@id\":\"https:\\\/\\\/kmtwaterjet.com\\\/pl\\\/oem-northwood-machine-sawjet-8\\\/#primaryimage\"},\"image\":{\"@id\":\"https:\\\/\\\/kmtwaterjet.com\\\/pl\\\/oem-northwood-machine-sawjet-8\\\/#primaryimage\"},\"thumbnailUrl\":\"https:\\\/\\\/kmtwaterjet.com\\\/wp-content\\\/uploads\\\/MULTICAM-WATERJET-CUTTING-TABLES-BANNER.jpg\",\"datePublished\":\"2026-04-02T19:59:17+00:00\",\"dateModified\":\"2026-04-02T20:00:37+00:00\",\"breadcrumb\":{\"@id\":\"https:\\\/\\\/kmtwaterjet.com\\\/pl\\\/oem-northwood-machine-sawjet-8\\\/#breadcrumb\"},\"inLanguage\":\"pl-PL\",\"potentialAction\":[{\"@type\":\"ReadAction\",\"target\":[\"https:\\\/\\\/kmtwaterjet.com\\\/pl\\\/oem-northwood-machine-sawjet-8\\\/\"]}]},{\"@type\":\"ImageObject\",\"inLanguage\":\"pl-PL\",\"@id\":\"https:\\\/\\\/kmtwaterjet.com\\\/pl\\\/oem-northwood-machine-sawjet-8\\\/#primaryimage\",\"url\":\"https:\\\/\\\/kmtwaterjet.com\\\/wp-content\\\/uploads\\\/MULTICAM-WATERJET-CUTTING-TABLES-BANNER.jpg\",\"contentUrl\":\"https:\\\/\\\/kmtwaterjet.com\\\/wp-content\\\/uploads\\\/MULTICAM-WATERJET-CUTTING-TABLES-BANNER.jpg\"},{\"@type\":\"BreadcrumbList\",\"@id\":\"https:\\\/\\\/kmtwaterjet.com\\\/pl\\\/oem-northwood-machine-sawjet-8\\\/#breadcrumb\",\"itemListElement\":[{\"@type\":\"ListItem\",\"position\":1,\"name\":\"Home\",\"item\":\"https:\\\/\\\/kmtwaterjet.com\\\/pl\\\/\"},{\"@type\":\"ListItem\",\"position\":2,\"name\":\"OEM NORTHWOOD MACHINE SAWJET\"}]},{\"@type\":\"WebSite\",\"@id\":\"https:\\\/\\\/kmtwaterjet.com\\\/pl\\\/#website\",\"url\":\"https:\\\/\\\/kmtwaterjet.com\\\/pl\\\/\",\"name\":\"KMT Waterjet\",\"description\":\"KMT Waterjet for waterjet cutting metal, stone, glass, steel and more\",\"publisher\":{\"@id\":\"https:\\\/\\\/kmtwaterjet.com\\\/pl\\\/#organization\"},\"potentialAction\":[{\"@type\":\"SearchAction\",\"target\":{\"@type\":\"EntryPoint\",\"urlTemplate\":\"https:\\\/\\\/kmtwaterjet.com\\\/pl\\\/?s={search_term_string}\"},\"query-input\":{\"@type\":\"PropertyValueSpecification\",\"valueRequired\":true,\"valueName\":\"search_term_string\"}}],\"inLanguage\":\"pl-PL\"},{\"@type\":\"Organization\",\"@id\":\"https:\\\/\\\/kmtwaterjet.com\\\/pl\\\/#organization\",\"name\":\"KMT Waterjet\",\"url\":\"https:\\\/\\\/kmtwaterjet.com\\\/pl\\\/\",\"logo\":{\"@type\":\"ImageObject\",\"inLanguage\":\"pl-PL\",\"@id\":\"https:\\\/\\\/kmtwaterjet.com\\\/pl\\\/#\\\/schema\\\/logo\\\/image\\\/\",\"url\":\"https:\\\/\\\/kmtwaterjet.com\\\/wp-content\\\/uploads\\\/kmt_logo_2020.png\",\"contentUrl\":\"https:\\\/\\\/kmtwaterjet.com\\\/wp-content\\\/uploads\\\/kmt_logo_2020.png\",\"width\":1002,\"height\":605,\"caption\":\"KMT Waterjet\"},\"image\":{\"@id\":\"https:\\\/\\\/kmtwaterjet.com\\\/pl\\\/#\\\/schema\\\/logo\\\/image\\\/\"}}]}<\/script>\n<!-- \/ Yoast SEO plugin. -->","yoast_head_json":{"title":"OEM NORTHWOOD MACHINE SAWJET | KMT Waterjet","robots":{"index":"index","follow":"follow","max-snippet":"max-snippet:-1","max-image-preview":"max-image-preview:large","max-video-preview":"max-video-preview:-1"},"canonical":"https:\/\/kmtwaterjet.com\/pl\/oem-northwood-machine-sawjet-8\/","og_locale":"pl_PL","og_type":"article","og_title":"OEM NORTHWOOD MACHINE SAWJET | KMT Waterjet","og_description":"NORTHWOOD MACHINE &#8211; CI\u0118CIE STRUMIENIEM WODY KAMIENIA, CENTRA OBR\u00d3BCZE I WI\u0118CEJ Starsze maszyny zaprojektowane tak, aby przetrwa\u0142y pr\u00f3b\u0119 czasu. Od ponad 25 lat Northwood Machine buduje niestandardowe maszyny do ci\u0119cia strumieniem wody z najwy\u017cszej jako\u015bci komponent\u00f3w. Nigdy nie zmienili\u015bmy aplikacji klienta, aby dopasowa\u0107 j\u0105 do naszej maszyny. Northwood zaprojektuje i dostarczy odpowiedni\u0105 maszyn\u0119 dostosowan\u0105 do [&hellip;]","og_url":"https:\/\/kmtwaterjet.com\/pl\/oem-northwood-machine-sawjet-8\/","og_site_name":"KMT Waterjet","article_modified_time":"2026-04-02T20:00:37+00:00","og_image":[{"url":"https:\/\/kmtwaterjet.com\/wp-content\/uploads\/MULTICAM-WATERJET-CUTTING-TABLES-BANNER.jpg","type":"","width":"","height":""}],"twitter_card":"summary_large_image","twitter_misc":{"Szacowany czas czytania":"2 minuty"},"schema":{"@context":"https:\/\/schema.org","@graph":[{"@type":"WebPage","@id":"https:\/\/kmtwaterjet.com\/pl\/oem-northwood-machine-sawjet-8\/","url":"https:\/\/kmtwaterjet.com\/pl\/oem-northwood-machine-sawjet-8\/","name":"OEM NORTHWOOD MACHINE SAWJET | KMT Waterjet","isPartOf":{"@id":"https:\/\/kmtwaterjet.com\/pl\/#website"},"primaryImageOfPage":{"@id":"https:\/\/kmtwaterjet.com\/pl\/oem-northwood-machine-sawjet-8\/#primaryimage"},"image":{"@id":"https:\/\/kmtwaterjet.com\/pl\/oem-northwood-machine-sawjet-8\/#primaryimage"},"thumbnailUrl":"https:\/\/kmtwaterjet.com\/wp-content\/uploads\/MULTICAM-WATERJET-CUTTING-TABLES-BANNER.jpg","datePublished":"2026-04-02T19:59:17+00:00","dateModified":"2026-04-02T20:00:37+00:00","breadcrumb":{"@id":"https:\/\/kmtwaterjet.com\/pl\/oem-northwood-machine-sawjet-8\/#breadcrumb"},"inLanguage":"pl-PL","potentialAction":[{"@type":"ReadAction","target":["https:\/\/kmtwaterjet.com\/pl\/oem-northwood-machine-sawjet-8\/"]}]},{"@type":"ImageObject","inLanguage":"pl-PL","@id":"https:\/\/kmtwaterjet.com\/pl\/oem-northwood-machine-sawjet-8\/#primaryimage","url":"https:\/\/kmtwaterjet.com\/wp-content\/uploads\/MULTICAM-WATERJET-CUTTING-TABLES-BANNER.jpg","contentUrl":"https:\/\/kmtwaterjet.com\/wp-content\/uploads\/MULTICAM-WATERJET-CUTTING-TABLES-BANNER.jpg"},{"@type":"BreadcrumbList","@id":"https:\/\/kmtwaterjet.com\/pl\/oem-northwood-machine-sawjet-8\/#breadcrumb","itemListElement":[{"@type":"ListItem","position":1,"name":"Home","item":"https:\/\/kmtwaterjet.com\/pl\/"},{"@type":"ListItem","position":2,"name":"OEM NORTHWOOD MACHINE SAWJET"}]},{"@type":"WebSite","@id":"https:\/\/kmtwaterjet.com\/pl\/#website","url":"https:\/\/kmtwaterjet.com\/pl\/","name":"KMT Waterjet","description":"KMT Waterjet for waterjet cutting metal, stone, glass, steel and more","publisher":{"@id":"https:\/\/kmtwaterjet.com\/pl\/#organization"},"potentialAction":[{"@type":"SearchAction","target":{"@type":"EntryPoint","urlTemplate":"https:\/\/kmtwaterjet.com\/pl\/?s={search_term_string}"},"query-input":{"@type":"PropertyValueSpecification","valueRequired":true,"valueName":"search_term_string"}}],"inLanguage":"pl-PL"},{"@type":"Organization","@id":"https:\/\/kmtwaterjet.com\/pl\/#organization","name":"KMT Waterjet","url":"https:\/\/kmtwaterjet.com\/pl\/","logo":{"@type":"ImageObject","inLanguage":"pl-PL","@id":"https:\/\/kmtwaterjet.com\/pl\/#\/schema\/logo\/image\/","url":"https:\/\/kmtwaterjet.com\/wp-content\/uploads\/kmt_logo_2020.png","contentUrl":"https:\/\/kmtwaterjet.com\/wp-content\/uploads\/kmt_logo_2020.png","width":1002,"height":605,"caption":"KMT Waterjet"},"image":{"@id":"https:\/\/kmtwaterjet.com\/pl\/#\/schema\/logo\/image\/"}}]}},"_links":{"self":[{"href":"https:\/\/kmtwaterjet.com\/pl\/wp-json\/wp\/v2\/pages\/44343","targetHints":{"allow":["GET"]}}],"collection":[{"href":"https:\/\/kmtwaterjet.com\/pl\/wp-json\/wp\/v2\/pages"}],"about":[{"href":"https:\/\/kmtwaterjet.com\/pl\/wp-json\/wp\/v2\/types\/page"}],"author":[{"embeddable":true,"href":"https:\/\/kmtwaterjet.com\/pl\/wp-json\/wp\/v2\/users\/12"}],"replies":[{"embeddable":true,"href":"https:\/\/kmtwaterjet.com\/pl\/wp-json\/wp\/v2\/comments?post=44343"}],"version-history":[{"count":0,"href":"https:\/\/kmtwaterjet.com\/pl\/wp-json\/wp\/v2\/pages\/44343\/revisions"}],"wp:attachment":[{"href":"https:\/\/kmtwaterjet.com\/pl\/wp-json\/wp\/v2\/media?parent=44343"}],"wp:term":[{"taxonomy":"page-type","embeddable":true,"href":"https:\/\/kmtwaterjet.com\/pl\/wp-json\/wp\/v2\/page-type?post=44343"}],"curies":[{"name":"wp","href":"https:\/\/api.w.org\/{rel}","templated":true}]}}