{"id":43916,"date":"2026-04-01T09:53:42","date_gmt":"2026-04-01T14:53:42","guid":{"rendered":"https:\/\/kmtwaterjet.com\/?page_id=43916"},"modified":"2026-04-02T14:26:13","modified_gmt":"2026-04-02T19:26:13","slug":"oem-northwood-machine-sawjet-5","status":"publish","type":"page","link":"https:\/\/kmtwaterjet.com\/pl\/oem-northwood-machine-sawjet-5\/","title":{"rendered":"OEM LAGUNA CNC WATERJET CUTTERS"},"content":{"rendered":"\t\t<div data-elementor-type=\"wp-page\" data-elementor-id=\"43916\" class=\"elementor elementor-43916 elementor-43909\" data-elementor-post-type=\"page\">\n\t\t\t\t<div class=\"elementor-element elementor-element-a5186ce e-flex e-con-boxed e-con e-parent\" data-id=\"a5186ce\" data-element_type=\"container\" data-e-type=\"container\">\n\t\t\t\t\t<div class=\"e-con-inner\">\n\t\t\t\t<div class=\"elementor-element elementor-element-27eaaf2 elementor-widget elementor-widget-heading\" data-id=\"27eaaf2\" data-element_type=\"widget\" data-e-type=\"widget\" data-widget_type=\"heading.default\">\n\t\t\t\t<div class=\"elementor-widget-container\">\n\t\t\t\t\t<h1 class=\"elementor-heading-title elementor-size-default\">LAGUNA TOOLS MASZYNY DO CI\u0118CIA STRUMIENIEM WODY CNC<\/h1>\t\t\t\t<\/div>\n\t\t\t\t<\/div>\n\t\t\t\t<div class=\"elementor-element elementor-element-9016e52 elementor-widget-divider--view-line elementor-widget elementor-widget-divider\" data-id=\"9016e52\" data-element_type=\"widget\" data-e-type=\"widget\" data-widget_type=\"divider.default\">\n\t\t\t\t<div class=\"elementor-widget-container\">\n\t\t\t\t\t\t\t<div class=\"elementor-divider\">\n\t\t\t<span class=\"elementor-divider-separator\">\n\t\t\t\t\t\t<\/span>\n\t\t<\/div>\n\t\t\t\t\t\t<\/div>\n\t\t\t\t<\/div>\n\t\t\t\t\t<\/div>\n\t\t\t\t<\/div>\n\t\t<div class=\"elementor-element elementor-element-08404e0 e-flex e-con-boxed e-con e-parent\" data-id=\"08404e0\" data-element_type=\"container\" data-e-type=\"container\">\n\t\t\t\t\t<div class=\"e-con-inner\">\n\t\t\t\t<div class=\"elementor-element elementor-element-7e9b4d7 elementor-widget elementor-widget-image\" data-id=\"7e9b4d7\" data-element_type=\"widget\" data-e-type=\"widget\" data-widget_type=\"image.default\">\n\t\t\t\t<div class=\"elementor-widget-container\">\n\t\t\t\t\t\t\t\t\t\t\t\t\t\t\t<img fetchpriority=\"high\" decoding=\"async\" width=\"1392\" height=\"518\" src=\"https:\/\/kmtwaterjet.com\/wp-content\/uploads\/LAGUNA-WATERJET-CUTTING-SYSTEM-TABLES-BANNER.jpg\" class=\"attachment-full size-full wp-image-43933\" alt=\"Laguna Waterjet Cutting Tables\" srcset=\"https:\/\/kmtwaterjet.com\/wp-content\/uploads\/LAGUNA-WATERJET-CUTTING-SYSTEM-TABLES-BANNER.jpg 1392w, https:\/\/kmtwaterjet.com\/wp-content\/uploads\/LAGUNA-WATERJET-CUTTING-SYSTEM-TABLES-BANNER-300x112.jpg 300w, https:\/\/kmtwaterjet.com\/wp-content\/uploads\/LAGUNA-WATERJET-CUTTING-SYSTEM-TABLES-BANNER-1024x381.jpg 1024w, https:\/\/kmtwaterjet.com\/wp-content\/uploads\/LAGUNA-WATERJET-CUTTING-SYSTEM-TABLES-BANNER-768x286.jpg 768w\" sizes=\"(max-width: 1392px) 100vw, 1392px\" \/>\t\t\t\t\t\t\t\t\t\t\t\t\t\t\t<\/div>\n\t\t\t\t<\/div>\n\t\t\t\t\t<\/div>\n\t\t\t\t<\/div>\n\t\t<div class=\"elementor-element elementor-element-5761e3a e-grid e-con-boxed e-con e-parent\" data-id=\"5761e3a\" data-element_type=\"container\" data-e-type=\"container\">\n\t\t\t\t\t<div class=\"e-con-inner\">\n\t\t\t\t<div class=\"elementor-element elementor-element-b79cae4 elementor-widget elementor-widget-image\" data-id=\"b79cae4\" data-element_type=\"widget\" data-e-type=\"widget\" data-widget_type=\"image.default\">\n\t\t\t\t<div class=\"elementor-widget-container\">\n\t\t\t\t\t\t\t\t\t\t\t\t\t\t\t<img decoding=\"async\" width=\"474\" height=\"263\" data-src=\"https:\/\/kmtwaterjet.com\/wp-content\/uploads\/LAGUNA-TOOLS-CNC-WATERJET-CUTTING-LOGO.jpg\" class=\"attachment-large size-large wp-image-43934 lazyload\" alt=\"Laguna Logo\" data-srcset=\"https:\/\/kmtwaterjet.com\/wp-content\/uploads\/LAGUNA-TOOLS-CNC-WATERJET-CUTTING-LOGO.jpg 474w, https:\/\/kmtwaterjet.com\/wp-content\/uploads\/LAGUNA-TOOLS-CNC-WATERJET-CUTTING-LOGO-300x166.jpg 300w\" data-sizes=\"(max-width: 474px) 100vw, 474px\" src=\"data:image\/svg+xml;base64,PHN2ZyB3aWR0aD0iMSIgaGVpZ2h0PSIxIiB4bWxucz0iaHR0cDovL3d3dy53My5vcmcvMjAwMC9zdmciPjwvc3ZnPg==\" style=\"--smush-placeholder-width: 474px; --smush-placeholder-aspect-ratio: 474\/263;\" \/>\t\t\t\t\t\t\t\t\t\t\t\t\t\t\t<\/div>\n\t\t\t\t<\/div>\n\t\t\t\t<div class=\"elementor-element elementor-element-932967f elementor-widget elementor-widget-text-editor\" data-id=\"932967f\" data-element_type=\"widget\" data-e-type=\"widget\" data-widget_type=\"text-editor.default\">\n\t\t\t\t<div class=\"elementor-widget-container\">\n\t\t\t\t\t\t\t\t\t<p><em><strong>Niezr\u00f3wnana jako\u015b\u0107 kraw\u0119dzi dzi\u0119ki maszynom Laguna Tools Waterjet CNC<\/strong><\/em><\/p><p>Maszyny do ci\u0119cia <strong>strumieniem<\/strong> wody<br>Maszyny CNC do ci\u0119cia strumieniem wody wykorzystuj\u0105 wod\u0119 pod wysokim ci\u015bnieniem do ci\u0119cia r\u00f3\u017cnych materia\u0142\u00f3w, powszechnie stosowanych w przemy\u015ble lotniczym, motoryzacyjnym i elektronicznym. Wycinarki strumieniowe Laguna CNC oferuj\u0105 wysok\u0105 wydajno\u015b\u0107 ci\u0119cia grubszych metali i produkt\u00f3w wra\u017cliwych na ciep\u0142o bez utraty jako\u015bci kraw\u0119dzi. <\/p>\t\t\t\t\t\t\t\t<\/div>\n\t\t\t\t<\/div>\n\t\t\t\t\t<\/div>\n\t\t\t\t<\/div>\n\t\t<div class=\"elementor-element elementor-element-ea56cbc e-flex e-con-boxed e-con e-parent\" data-id=\"ea56cbc\" data-element_type=\"container\" data-e-type=\"container\">\n\t\t\t\t\t<div class=\"e-con-inner\">\n\t\t\t\t<div class=\"elementor-element elementor-element-3b30ee9 elementor-widget-divider--view-line elementor-widget elementor-widget-divider\" data-id=\"3b30ee9\" data-element_type=\"widget\" data-e-type=\"widget\" data-widget_type=\"divider.default\">\n\t\t\t\t<div class=\"elementor-widget-container\">\n\t\t\t\t\t\t\t<div class=\"elementor-divider\">\n\t\t\t<span class=\"elementor-divider-separator\">\n\t\t\t\t\t\t<\/span>\n\t\t<\/div>\n\t\t\t\t\t\t<\/div>\n\t\t\t\t<\/div>\n\t\t\t\t\t<\/div>\n\t\t\t\t<\/div>\n\t\t<div class=\"elementor-element elementor-element-56cd23b e-grid e-con-boxed e-con e-parent\" data-id=\"56cd23b\" data-element_type=\"container\" data-e-type=\"container\">\n\t\t\t\t\t<div class=\"e-con-inner\">\n\t\t\t\t<div class=\"elementor-element elementor-element-63f321b elementor-widget elementor-widget-image\" data-id=\"63f321b\" data-element_type=\"widget\" data-e-type=\"widget\" data-widget_type=\"image.default\">\n\t\t\t\t<div class=\"elementor-widget-container\">\n\t\t\t\t\t\t\t\t\t\t\t\t<figure class=\"wp-caption\">\n\t\t\t\t\t\t\t\t\t\t<img decoding=\"async\" width=\"800\" height=\"384\" data-src=\"https:\/\/kmtwaterjet.com\/wp-content\/uploads\/Laguna-SmartJet-Waterjet-Cutter-Table-1024x492.jpg\" class=\"attachment-large size-large wp-image-44326 lazyload\" alt=\"Laguna SmartJet Waterjet Cutter Table\" data-srcset=\"https:\/\/kmtwaterjet.com\/wp-content\/uploads\/Laguna-SmartJet-Waterjet-Cutter-Table-1024x492.jpg 1024w, https:\/\/kmtwaterjet.com\/wp-content\/uploads\/Laguna-SmartJet-Waterjet-Cutter-Table-300x144.jpg 300w, https:\/\/kmtwaterjet.com\/wp-content\/uploads\/Laguna-SmartJet-Waterjet-Cutter-Table-768x369.jpg 768w, https:\/\/kmtwaterjet.com\/wp-content\/uploads\/Laguna-SmartJet-Waterjet-Cutter-Table.jpg 1400w\" data-sizes=\"(max-width: 800px) 100vw, 800px\" src=\"data:image\/svg+xml;base64,PHN2ZyB3aWR0aD0iMSIgaGVpZ2h0PSIxIiB4bWxucz0iaHR0cDovL3d3dy53My5vcmcvMjAwMC9zdmciPjwvc3ZnPg==\" style=\"--smush-placeholder-width: 800px; --smush-placeholder-aspect-ratio: 800\/384;\" \/>\t\t\t\t\t\t\t\t\t\t\t<figcaption class=\"widget-image-caption wp-caption-text\">St\u00f3\u0142 do ci\u0119cia strumieniem wody Laguna SmartJet<\/figcaption>\n\t\t\t\t\t\t\t\t\t\t<\/figure>\n\t\t\t\t\t\t\t\t\t<\/div>\n\t\t\t\t<\/div>\n\t\t\t\t<div class=\"elementor-element elementor-element-82a276b elementor-widget elementor-widget-image\" data-id=\"82a276b\" data-element_type=\"widget\" data-e-type=\"widget\" data-widget_type=\"image.default\">\n\t\t\t\t<div class=\"elementor-widget-container\">\n\t\t\t\t\t\t\t\t\t\t\t\t<figure class=\"wp-caption\">\n\t\t\t\t\t\t\t\t\t\t<img decoding=\"async\" width=\"800\" height=\"384\" data-src=\"https:\/\/kmtwaterjet.com\/wp-content\/uploads\/LAGUNA-STEM-Education-Services-1024x492.jpg\" class=\"attachment-large size-large wp-image-44327 lazyload\" alt=\"CNC Machine Education Logo\" data-srcset=\"https:\/\/kmtwaterjet.com\/wp-content\/uploads\/LAGUNA-STEM-Education-Services-1024x492.jpg 1024w, https:\/\/kmtwaterjet.com\/wp-content\/uploads\/LAGUNA-STEM-Education-Services-300x144.jpg 300w, https:\/\/kmtwaterjet.com\/wp-content\/uploads\/LAGUNA-STEM-Education-Services-768x369.jpg 768w, https:\/\/kmtwaterjet.com\/wp-content\/uploads\/LAGUNA-STEM-Education-Services.jpg 1400w\" data-sizes=\"(max-width: 800px) 100vw, 800px\" src=\"data:image\/svg+xml;base64,PHN2ZyB3aWR0aD0iMSIgaGVpZ2h0PSIxIiB4bWxucz0iaHR0cDovL3d3dy53My5vcmcvMjAwMC9zdmciPjwvc3ZnPg==\" style=\"--smush-placeholder-width: 800px; --smush-placeholder-aspect-ratio: 800\/384;\" \/>\t\t\t\t\t\t\t\t\t\t\t<figcaption class=\"widget-image-caption wp-caption-text\">Us\u0142ugi edukacyjne LAGUNA STEM<\/figcaption>\n\t\t\t\t\t\t\t\t\t\t<\/figure>\n\t\t\t\t\t\t\t\t\t<\/div>\n\t\t\t\t<\/div>\n\t\t\t\t\t<\/div>\n\t\t\t\t<\/div>\n\t\t<div class=\"elementor-element elementor-element-6b78d1e e-flex e-con-boxed e-con e-parent\" data-id=\"6b78d1e\" data-element_type=\"container\" data-e-type=\"container\">\n\t\t\t\t\t<div class=\"e-con-inner\">\n\t\t\t\t<div class=\"elementor-element elementor-element-9115298 elementor-widget elementor-widget-spacer\" data-id=\"9115298\" data-element_type=\"widget\" data-e-type=\"widget\" data-widget_type=\"spacer.default\">\n\t\t\t\t<div class=\"elementor-widget-container\">\n\t\t\t\t\t\t\t<div class=\"elementor-spacer\">\n\t\t\t<div class=\"elementor-spacer-inner\"><\/div>\n\t\t<\/div>\n\t\t\t\t\t\t<\/div>\n\t\t\t\t<\/div>\n\t\t\t\t\t<\/div>\n\t\t\t\t<\/div>\n\t\t<div class=\"elementor-element elementor-element-5abe2a5 e-flex e-con-boxed e-con e-parent\" data-id=\"5abe2a5\" data-element_type=\"container\" data-e-type=\"container\">\n\t\t\t\t\t<div class=\"e-con-inner\">\n\t\t\t\t<div class=\"elementor-element elementor-element-ae0216d elementor-widget elementor-widget-heading\" data-id=\"ae0216d\" data-element_type=\"widget\" data-e-type=\"widget\" data-widget_type=\"heading.default\">\n\t\t\t\t<div class=\"elementor-widget-container\">\n\t\t\t\t\t<h2 class=\"elementor-heading-title elementor-size-default\">O URZ\u0104DZENIACH DO CI\u0118CIA STRUMIENIEM WODY LAGUNA<\/h2>\t\t\t\t<\/div>\n\t\t\t\t<\/div>\n\t\t\t\t<div class=\"elementor-element elementor-element-8b293f1 elementor-widget elementor-widget-text-editor\" data-id=\"8b293f1\" data-element_type=\"widget\" data-e-type=\"widget\" data-widget_type=\"text-editor.default\">\n\t\t\t\t<div class=\"elementor-widget-container\">\n\t\t\t\t\t\t\t\t\t<div class=\"section\"><ul class=\"list-inside list-disc whitespace-normal [li_&amp;]:pl-6\" data-streamdown=\"unordered-list\"><li class=\"py-1 [&amp;&gt;p]:inline\" data-streamdown=\"list-item\"><strong>Niezr\u00f3wnana jako\u015b\u0107 kraw\u0119dzi dzi\u0119ki maszynom Lag<\/strong>una Tools Waterjet CNC<br>Gdy precyzja i najwy\u017csza jako\u015b\u0107 kraw\u0119dzi maj\u0105 kluczowe znaczenie dla Twojej firmy, maszyny Laguna Tools Waterjet CNC stanowi\u0105 optymalny wyb\u00f3r. Wykorzystuj\u0105c wysokiej klasy systemy pomp wysokoci\u015bnieniowych, maszyny te zapewniaj\u0105 wyj\u0105tkowo czyste, g\u0142adkie i precyzyjne ci\u0119cie w r\u00f3\u017cnych materia\u0142ach, w tym metalach, szkle i kompozytach, bez wywo\u0142ywania stref wp\u0142ywu ciep\u0142a. Ta technika ci\u0119cia na zimno zapewnia bezb\u0142\u0119dne wykonanie skomplikowanych projekt\u00f3w i szczeg\u00f3\u0142owych wyrob\u00f3w, eliminuj\u0105c takie problemy jak \u017cu\u017cel i zadziory, kt\u00f3re s\u0105 powszechnie kojarzone z innymi metodami ci\u0119cia. Dzi\u0119ki zaanga\u017cowaniu Laguna Tools w innowacyjno\u015b\u0107 i jako\u015b\u0107, nasze maszyny CNC Waterjet zapewniaj\u0105 niezawodno\u015b\u0107 i doskona\u0142o\u015b\u0107 wymagan\u0105 w najbardziej wymagaj\u0105cych projektach.   <\/li><\/ul><ul><li><strong>Wyb\u00f3r odpowiedniej maszyny do ci\u0119cia strumieniem wody<\/strong><br>Przy tak wielu opcjach na rynku mo\u017ce by\u0107 trudno okre\u015bli\u0107, jaki typ maszyny CNC jest najlepszy dla Twojej firmy. Przy wyborze maszyny nale\u017cy pami\u0119ta\u0107 o nast\u0119puj\u0105cych czynnikach: <\/li><\/ul><p><strong>Przeznaczenie:<\/strong> Jak b\u0119dzie wykorzystywana maszyna i jakie materia\u0142y b\u0119d\u0105 ci\u0119te? Pozwoli to okre\u015bli\u0107 typ maszyny i rozmiar sto\u0142u do ci\u0119cia. <br><strong>Metoda ci\u0119cia:<\/strong> Czy potrzebny jest system wykorzystuj\u0105cy wy\u0142\u0105cznie wod\u0119, czy te\u017c preferowana jest g\u0142owica do ci\u0119cia strumieniem wody o w\u0142a\u015bciwo\u015bciach \u015bciernych?<br><strong>Mo\u017cliwo\u015bci ci\u0119cia:<\/strong> W zale\u017cno\u015bci od rodzaju produkowanych element\u00f3w mo\u017ce by\u0107 potrzebna trzyosiowa lub 5-osiowa maszyna do ci\u0119cia strumieniem wody.<br><strong>Personalizacja:<\/strong> Czy potrzebujesz gotowego rozwi\u0105zania programowego, czy te\u017c szukasz bardziej konfigurowalnych ustawie\u0144 i funkcji?<\/p><ul><li><strong>Zaanga\u017cowanie Laguna Tools w precyzj\u0119 i doskona\u0142o\u015b\u0107<\/strong><br>Jako wiod\u0105cy dostawca sprz\u0119tu steruj\u0105cego CNC i maszyn przemys\u0142owych, Laguna Tools jest \u017ar\u00f3d\u0142em strumienia wody CNC, maszyn do ci\u0119cia plazmowego i nie tylko. Za\u0142o\u017cony w 1983 roku zesp\u00f3\u0142 Laguna Tools ma bogate do\u015bwiadczenie w obs\u0142udze profesjonalist\u00f3w z bran\u017cy obr\u00f3bki metali, produkcji znak\u00f3w i bran\u017c pokrewnych. Laguna Tools posiada dealer\u00f3w w ca\u0142ych Stanach Zjednoczonych i poza nimi, oferuj\u0105c szybk\u0105 obs\u0142ug\u0119 klienta i edukacj\u0119 w zakresie CNC. Zewn\u0119trzne finansowanie CNC jest dost\u0119pne dla klient\u00f3w, kt\u00f3rzy si\u0119 kwalifikuj\u0105.   <\/li><\/ul><p> <\/p><hr><p> <\/p><p><span style=\"color: #000000;\"><em><strong>\u221a Wype\u0142nij poni\u017cszy formularz, a nasz przedstawiciel wkr\u00f3tce si\u0119 z Tob\u0105 skontaktuje.<\/strong><\/em><\/span><\/p><\/div>\t\t\t\t\t\t\t\t<\/div>\n\t\t\t\t<\/div>\n\t\t\t\t\t<\/div>\n\t\t\t\t<\/div>\n\t\t\t\t<\/div>\n\t\t","protected":false},"excerpt":{"rendered":"<p>LAGUNA TOOLS MASZYNY DO CI\u0118CIA STRUMIENIEM WODY CNC Niezr\u00f3wnana jako\u015b\u0107 kraw\u0119dzi dzi\u0119ki maszynom Laguna Tools Waterjet CNC Maszyny do ci\u0119cia strumieniem wodyMaszyny CNC do ci\u0119cia strumieniem wody wykorzystuj\u0105 wod\u0119 pod wysokim ci\u015bnieniem do ci\u0119cia r\u00f3\u017cnych materia\u0142\u00f3w, powszechnie stosowanych w przemy\u015ble lotniczym, motoryzacyjnym i elektronicznym. Wycinarki strumieniowe Laguna CNC oferuj\u0105 wysok\u0105 wydajno\u015b\u0107 ci\u0119cia grubszych metali i [&hellip;]<\/p>\n","protected":false},"author":12,"featured_media":0,"parent":0,"menu_order":0,"comment_status":"closed","ping_status":"closed","template":"","meta":{"_acf_changed":false,"footnotes":""},"page-type":[],"class_list":["post-43916","page","type-page","status-publish","hentry"],"acf":[],"yoast_head":"<!-- This site is optimized with the Yoast SEO plugin v27.3 - https:\/\/yoast.com\/product\/yoast-seo-wordpress\/ -->\n<title>OEM LAGUNA CNC WATERJET CUTTERS | KMT Waterjet<\/title>\n<meta name=\"robots\" content=\"index, follow, max-snippet:-1, max-image-preview:large, max-video-preview:-1\" \/>\n<link rel=\"canonical\" href=\"https:\/\/kmtwaterjet.com\/pl\/oem-northwood-machine-sawjet-5\/\" \/>\n<meta property=\"og:locale\" content=\"pl_PL\" \/>\n<meta property=\"og:type\" content=\"article\" \/>\n<meta property=\"og:title\" content=\"OEM LAGUNA CNC WATERJET CUTTERS | KMT Waterjet\" \/>\n<meta property=\"og:description\" content=\"LAGUNA TOOLS MASZYNY DO CI\u0118CIA STRUMIENIEM WODY CNC Niezr\u00f3wnana jako\u015b\u0107 kraw\u0119dzi dzi\u0119ki maszynom Laguna Tools Waterjet CNC Maszyny do ci\u0119cia strumieniem wodyMaszyny CNC do ci\u0119cia strumieniem wody wykorzystuj\u0105 wod\u0119 pod wysokim ci\u015bnieniem do ci\u0119cia r\u00f3\u017cnych materia\u0142\u00f3w, powszechnie stosowanych w przemy\u015ble lotniczym, motoryzacyjnym i elektronicznym. Wycinarki strumieniowe Laguna CNC oferuj\u0105 wysok\u0105 wydajno\u015b\u0107 ci\u0119cia grubszych metali i [&hellip;]\" \/>\n<meta property=\"og:url\" content=\"https:\/\/kmtwaterjet.com\/pl\/oem-northwood-machine-sawjet-5\/\" \/>\n<meta property=\"og:site_name\" content=\"KMT Waterjet\" \/>\n<meta property=\"article:modified_time\" content=\"2026-04-02T19:26:13+00:00\" \/>\n<meta property=\"og:image\" content=\"https:\/\/kmtwaterjet.com\/wp-content\/uploads\/LAGUNA-WATERJET-CUTTING-SYSTEM-TABLES-BANNER.jpg\" \/>\n\t<meta property=\"og:image:width\" content=\"1392\" \/>\n\t<meta property=\"og:image:height\" content=\"518\" \/>\n\t<meta property=\"og:image:type\" content=\"image\/jpeg\" \/>\n<meta name=\"twitter:card\" content=\"summary_large_image\" \/>\n<meta name=\"twitter:label1\" content=\"Szacowany czas czytania\" \/>\n\t<meta name=\"twitter:data1\" content=\"2 minuty\" \/>\n<script type=\"application\/ld+json\" class=\"yoast-schema-graph\">{\"@context\":\"https:\\\/\\\/schema.org\",\"@graph\":[{\"@type\":\"WebPage\",\"@id\":\"https:\\\/\\\/kmtwaterjet.com\\\/pl\\\/oem-northwood-machine-sawjet-5\\\/\",\"url\":\"https:\\\/\\\/kmtwaterjet.com\\\/pl\\\/oem-northwood-machine-sawjet-5\\\/\",\"name\":\"OEM LAGUNA CNC WATERJET CUTTERS | KMT Waterjet\",\"isPartOf\":{\"@id\":\"https:\\\/\\\/kmtwaterjet.com\\\/pl\\\/#website\"},\"primaryImageOfPage\":{\"@id\":\"https:\\\/\\\/kmtwaterjet.com\\\/pl\\\/oem-northwood-machine-sawjet-5\\\/#primaryimage\"},\"image\":{\"@id\":\"https:\\\/\\\/kmtwaterjet.com\\\/pl\\\/oem-northwood-machine-sawjet-5\\\/#primaryimage\"},\"thumbnailUrl\":\"https:\\\/\\\/kmtwaterjet.com\\\/wp-content\\\/uploads\\\/LAGUNA-WATERJET-CUTTING-SYSTEM-TABLES-BANNER.jpg\",\"datePublished\":\"2026-04-01T14:53:42+00:00\",\"dateModified\":\"2026-04-02T19:26:13+00:00\",\"breadcrumb\":{\"@id\":\"https:\\\/\\\/kmtwaterjet.com\\\/pl\\\/oem-northwood-machine-sawjet-5\\\/#breadcrumb\"},\"inLanguage\":\"pl-PL\",\"potentialAction\":[{\"@type\":\"ReadAction\",\"target\":[\"https:\\\/\\\/kmtwaterjet.com\\\/pl\\\/oem-northwood-machine-sawjet-5\\\/\"]}]},{\"@type\":\"ImageObject\",\"inLanguage\":\"pl-PL\",\"@id\":\"https:\\\/\\\/kmtwaterjet.com\\\/pl\\\/oem-northwood-machine-sawjet-5\\\/#primaryimage\",\"url\":\"https:\\\/\\\/kmtwaterjet.com\\\/wp-content\\\/uploads\\\/LAGUNA-WATERJET-CUTTING-SYSTEM-TABLES-BANNER.jpg\",\"contentUrl\":\"https:\\\/\\\/kmtwaterjet.com\\\/wp-content\\\/uploads\\\/LAGUNA-WATERJET-CUTTING-SYSTEM-TABLES-BANNER.jpg\"},{\"@type\":\"BreadcrumbList\",\"@id\":\"https:\\\/\\\/kmtwaterjet.com\\\/pl\\\/oem-northwood-machine-sawjet-5\\\/#breadcrumb\",\"itemListElement\":[{\"@type\":\"ListItem\",\"position\":1,\"name\":\"Home\",\"item\":\"https:\\\/\\\/kmtwaterjet.com\\\/pl\\\/\"},{\"@type\":\"ListItem\",\"position\":2,\"name\":\"OEM LAGUNA CNC WATERJET CUTTERS\"}]},{\"@type\":\"WebSite\",\"@id\":\"https:\\\/\\\/kmtwaterjet.com\\\/pl\\\/#website\",\"url\":\"https:\\\/\\\/kmtwaterjet.com\\\/pl\\\/\",\"name\":\"KMT Waterjet\",\"description\":\"KMT Waterjet for waterjet cutting metal, stone, glass, steel and more\",\"publisher\":{\"@id\":\"https:\\\/\\\/kmtwaterjet.com\\\/pl\\\/#organization\"},\"potentialAction\":[{\"@type\":\"SearchAction\",\"target\":{\"@type\":\"EntryPoint\",\"urlTemplate\":\"https:\\\/\\\/kmtwaterjet.com\\\/pl\\\/?s={search_term_string}\"},\"query-input\":{\"@type\":\"PropertyValueSpecification\",\"valueRequired\":true,\"valueName\":\"search_term_string\"}}],\"inLanguage\":\"pl-PL\"},{\"@type\":\"Organization\",\"@id\":\"https:\\\/\\\/kmtwaterjet.com\\\/pl\\\/#organization\",\"name\":\"KMT Waterjet\",\"url\":\"https:\\\/\\\/kmtwaterjet.com\\\/pl\\\/\",\"logo\":{\"@type\":\"ImageObject\",\"inLanguage\":\"pl-PL\",\"@id\":\"https:\\\/\\\/kmtwaterjet.com\\\/pl\\\/#\\\/schema\\\/logo\\\/image\\\/\",\"url\":\"https:\\\/\\\/kmtwaterjet.com\\\/wp-content\\\/uploads\\\/kmt_logo_2020.png\",\"contentUrl\":\"https:\\\/\\\/kmtwaterjet.com\\\/wp-content\\\/uploads\\\/kmt_logo_2020.png\",\"width\":1002,\"height\":605,\"caption\":\"KMT Waterjet\"},\"image\":{\"@id\":\"https:\\\/\\\/kmtwaterjet.com\\\/pl\\\/#\\\/schema\\\/logo\\\/image\\\/\"}}]}<\/script>\n<!-- \/ Yoast SEO plugin. -->","yoast_head_json":{"title":"OEM LAGUNA CNC WATERJET CUTTERS | KMT Waterjet","robots":{"index":"index","follow":"follow","max-snippet":"max-snippet:-1","max-image-preview":"max-image-preview:large","max-video-preview":"max-video-preview:-1"},"canonical":"https:\/\/kmtwaterjet.com\/pl\/oem-northwood-machine-sawjet-5\/","og_locale":"pl_PL","og_type":"article","og_title":"OEM LAGUNA CNC WATERJET CUTTERS | KMT Waterjet","og_description":"LAGUNA TOOLS MASZYNY DO CI\u0118CIA STRUMIENIEM WODY CNC Niezr\u00f3wnana jako\u015b\u0107 kraw\u0119dzi dzi\u0119ki maszynom Laguna Tools Waterjet CNC Maszyny do ci\u0119cia strumieniem wodyMaszyny CNC do ci\u0119cia strumieniem wody wykorzystuj\u0105 wod\u0119 pod wysokim ci\u015bnieniem do ci\u0119cia r\u00f3\u017cnych materia\u0142\u00f3w, powszechnie stosowanych w przemy\u015ble lotniczym, motoryzacyjnym i elektronicznym. Wycinarki strumieniowe Laguna CNC oferuj\u0105 wysok\u0105 wydajno\u015b\u0107 ci\u0119cia grubszych metali i [&hellip;]","og_url":"https:\/\/kmtwaterjet.com\/pl\/oem-northwood-machine-sawjet-5\/","og_site_name":"KMT Waterjet","article_modified_time":"2026-04-02T19:26:13+00:00","og_image":[{"width":1392,"height":518,"url":"https:\/\/kmtwaterjet.com\/wp-content\/uploads\/LAGUNA-WATERJET-CUTTING-SYSTEM-TABLES-BANNER.jpg","type":"image\/jpeg"}],"twitter_card":"summary_large_image","twitter_misc":{"Szacowany czas czytania":"2 minuty"},"schema":{"@context":"https:\/\/schema.org","@graph":[{"@type":"WebPage","@id":"https:\/\/kmtwaterjet.com\/pl\/oem-northwood-machine-sawjet-5\/","url":"https:\/\/kmtwaterjet.com\/pl\/oem-northwood-machine-sawjet-5\/","name":"OEM LAGUNA CNC WATERJET CUTTERS | KMT Waterjet","isPartOf":{"@id":"https:\/\/kmtwaterjet.com\/pl\/#website"},"primaryImageOfPage":{"@id":"https:\/\/kmtwaterjet.com\/pl\/oem-northwood-machine-sawjet-5\/#primaryimage"},"image":{"@id":"https:\/\/kmtwaterjet.com\/pl\/oem-northwood-machine-sawjet-5\/#primaryimage"},"thumbnailUrl":"https:\/\/kmtwaterjet.com\/wp-content\/uploads\/LAGUNA-WATERJET-CUTTING-SYSTEM-TABLES-BANNER.jpg","datePublished":"2026-04-01T14:53:42+00:00","dateModified":"2026-04-02T19:26:13+00:00","breadcrumb":{"@id":"https:\/\/kmtwaterjet.com\/pl\/oem-northwood-machine-sawjet-5\/#breadcrumb"},"inLanguage":"pl-PL","potentialAction":[{"@type":"ReadAction","target":["https:\/\/kmtwaterjet.com\/pl\/oem-northwood-machine-sawjet-5\/"]}]},{"@type":"ImageObject","inLanguage":"pl-PL","@id":"https:\/\/kmtwaterjet.com\/pl\/oem-northwood-machine-sawjet-5\/#primaryimage","url":"https:\/\/kmtwaterjet.com\/wp-content\/uploads\/LAGUNA-WATERJET-CUTTING-SYSTEM-TABLES-BANNER.jpg","contentUrl":"https:\/\/kmtwaterjet.com\/wp-content\/uploads\/LAGUNA-WATERJET-CUTTING-SYSTEM-TABLES-BANNER.jpg"},{"@type":"BreadcrumbList","@id":"https:\/\/kmtwaterjet.com\/pl\/oem-northwood-machine-sawjet-5\/#breadcrumb","itemListElement":[{"@type":"ListItem","position":1,"name":"Home","item":"https:\/\/kmtwaterjet.com\/pl\/"},{"@type":"ListItem","position":2,"name":"OEM LAGUNA CNC WATERJET CUTTERS"}]},{"@type":"WebSite","@id":"https:\/\/kmtwaterjet.com\/pl\/#website","url":"https:\/\/kmtwaterjet.com\/pl\/","name":"KMT Waterjet","description":"KMT Waterjet for waterjet cutting metal, stone, glass, steel and more","publisher":{"@id":"https:\/\/kmtwaterjet.com\/pl\/#organization"},"potentialAction":[{"@type":"SearchAction","target":{"@type":"EntryPoint","urlTemplate":"https:\/\/kmtwaterjet.com\/pl\/?s={search_term_string}"},"query-input":{"@type":"PropertyValueSpecification","valueRequired":true,"valueName":"search_term_string"}}],"inLanguage":"pl-PL"},{"@type":"Organization","@id":"https:\/\/kmtwaterjet.com\/pl\/#organization","name":"KMT Waterjet","url":"https:\/\/kmtwaterjet.com\/pl\/","logo":{"@type":"ImageObject","inLanguage":"pl-PL","@id":"https:\/\/kmtwaterjet.com\/pl\/#\/schema\/logo\/image\/","url":"https:\/\/kmtwaterjet.com\/wp-content\/uploads\/kmt_logo_2020.png","contentUrl":"https:\/\/kmtwaterjet.com\/wp-content\/uploads\/kmt_logo_2020.png","width":1002,"height":605,"caption":"KMT Waterjet"},"image":{"@id":"https:\/\/kmtwaterjet.com\/pl\/#\/schema\/logo\/image\/"}}]}},"_links":{"self":[{"href":"https:\/\/kmtwaterjet.com\/pl\/wp-json\/wp\/v2\/pages\/43916","targetHints":{"allow":["GET"]}}],"collection":[{"href":"https:\/\/kmtwaterjet.com\/pl\/wp-json\/wp\/v2\/pages"}],"about":[{"href":"https:\/\/kmtwaterjet.com\/pl\/wp-json\/wp\/v2\/types\/page"}],"author":[{"embeddable":true,"href":"https:\/\/kmtwaterjet.com\/pl\/wp-json\/wp\/v2\/users\/12"}],"replies":[{"embeddable":true,"href":"https:\/\/kmtwaterjet.com\/pl\/wp-json\/wp\/v2\/comments?post=43916"}],"version-history":[{"count":0,"href":"https:\/\/kmtwaterjet.com\/pl\/wp-json\/wp\/v2\/pages\/43916\/revisions"}],"wp:attachment":[{"href":"https:\/\/kmtwaterjet.com\/pl\/wp-json\/wp\/v2\/media?parent=43916"}],"wp:term":[{"taxonomy":"page-type","embeddable":true,"href":"https:\/\/kmtwaterjet.com\/pl\/wp-json\/wp\/v2\/page-type?post=43916"}],"curies":[{"name":"wp","href":"https:\/\/api.w.org\/{rel}","templated":true}]}}