{"id":43893,"date":"2026-03-30T15:17:29","date_gmt":"2026-03-30T20:17:29","guid":{"rendered":"https:\/\/kmtwaterjet.com\/?page_id=43893"},"modified":"2026-04-02T14:26:06","modified_gmt":"2026-04-02T19:26:06","slug":"oem-northwood-machine-sawjet-4","status":"publish","type":"page","link":"https:\/\/kmtwaterjet.com\/pl\/oem-northwood-machine-sawjet-4\/","title":{"rendered":"OEM BRETON WATERJET MASZYNY DO CI\u0118CIA KAMIENIA"},"content":{"rendered":"\t\t<div data-elementor-type=\"wp-page\" data-elementor-id=\"43893\" class=\"elementor elementor-43893 elementor-43886\" data-elementor-post-type=\"page\">\n\t\t\t\t<div class=\"elementor-element elementor-element-a5186ce e-flex e-con-boxed e-con e-parent\" data-id=\"a5186ce\" data-element_type=\"container\" data-e-type=\"container\">\n\t\t\t\t\t<div class=\"e-con-inner\">\n\t\t\t\t<div class=\"elementor-element elementor-element-27eaaf2 elementor-widget elementor-widget-heading\" data-id=\"27eaaf2\" data-element_type=\"widget\" data-e-type=\"widget\" data-widget_type=\"heading.default\">\n\t\t\t\t<div class=\"elementor-widget-container\">\n\t\t\t\t\t<h1 class=\"elementor-heading-title elementor-size-default\">MASZYNY DO CI\u0118CIA P\u0141YT BRETON SAWJET<\/h1>\t\t\t\t<\/div>\n\t\t\t\t<\/div>\n\t\t\t\t<div class=\"elementor-element elementor-element-9016e52 elementor-widget-divider--view-line elementor-widget elementor-widget-divider\" data-id=\"9016e52\" data-element_type=\"widget\" data-e-type=\"widget\" data-widget_type=\"divider.default\">\n\t\t\t\t<div class=\"elementor-widget-container\">\n\t\t\t\t\t\t\t<div class=\"elementor-divider\">\n\t\t\t<span class=\"elementor-divider-separator\">\n\t\t\t\t\t\t<\/span>\n\t\t<\/div>\n\t\t\t\t\t\t<\/div>\n\t\t\t\t<\/div>\n\t\t\t\t\t<\/div>\n\t\t\t\t<\/div>\n\t\t<div class=\"elementor-element elementor-element-08404e0 e-flex e-con-boxed e-con e-parent\" data-id=\"08404e0\" data-element_type=\"container\" data-e-type=\"container\">\n\t\t\t\t\t<div class=\"e-con-inner\">\n\t\t\t\t<div class=\"elementor-element elementor-element-7e9b4d7 elementor-widget elementor-widget-image\" data-id=\"7e9b4d7\" data-element_type=\"widget\" data-e-type=\"widget\" data-widget_type=\"image.default\">\n\t\t\t\t<div class=\"elementor-widget-container\">\n\t\t\t\t\t\t\t\t\t\t\t\t\t\t\t<img fetchpriority=\"high\" decoding=\"async\" width=\"800\" height=\"320\" src=\"https:\/\/kmtwaterjet.com\/wp-content\/uploads\/BRETON-TRINITY-SAWJET-STONE-CUTTING-MACHINE-1024x409.jpg\" class=\"attachment-large size-large wp-image-44286\" alt=\"Breton Trinity Sawjet machine\" srcset=\"https:\/\/kmtwaterjet.com\/wp-content\/uploads\/BRETON-TRINITY-SAWJET-STONE-CUTTING-MACHINE-1024x409.jpg 1024w, https:\/\/kmtwaterjet.com\/wp-content\/uploads\/BRETON-TRINITY-SAWJET-STONE-CUTTING-MACHINE-300x120.jpg 300w, https:\/\/kmtwaterjet.com\/wp-content\/uploads\/BRETON-TRINITY-SAWJET-STONE-CUTTING-MACHINE-768x307.jpg 768w, https:\/\/kmtwaterjet.com\/wp-content\/uploads\/BRETON-TRINITY-SAWJET-STONE-CUTTING-MACHINE.jpg 1285w\" sizes=\"(max-width: 800px) 100vw, 800px\" \/>\t\t\t\t\t\t\t\t\t\t\t\t\t\t\t<\/div>\n\t\t\t\t<\/div>\n\t\t\t\t\t<\/div>\n\t\t\t\t<\/div>\n\t\t<div class=\"elementor-element elementor-element-5761e3a e-grid e-con-boxed e-con e-parent\" data-id=\"5761e3a\" data-element_type=\"container\" data-e-type=\"container\">\n\t\t\t\t\t<div class=\"e-con-inner\">\n\t\t\t\t<div class=\"elementor-element elementor-element-b79cae4 elementor-widget elementor-widget-image\" data-id=\"b79cae4\" data-element_type=\"widget\" data-e-type=\"widget\" data-widget_type=\"image.default\">\n\t\t\t\t<div class=\"elementor-widget-container\">\n\t\t\t\t\t\t\t\t\t\t\t\t\t\t\t<img decoding=\"async\" width=\"800\" height=\"236\" data-src=\"https:\/\/kmtwaterjet.com\/wp-content\/uploads\/BRETON-STONE-CUTTING-LOGO.jpg\" class=\"attachment-large size-large wp-image-43903 lazyload\" alt=\"Breton logo\" data-srcset=\"https:\/\/kmtwaterjet.com\/wp-content\/uploads\/BRETON-STONE-CUTTING-LOGO.jpg 800w, https:\/\/kmtwaterjet.com\/wp-content\/uploads\/BRETON-STONE-CUTTING-LOGO-300x89.jpg 300w, https:\/\/kmtwaterjet.com\/wp-content\/uploads\/BRETON-STONE-CUTTING-LOGO-768x227.jpg 768w\" data-sizes=\"(max-width: 800px) 100vw, 800px\" src=\"data:image\/svg+xml;base64,PHN2ZyB3aWR0aD0iMSIgaGVpZ2h0PSIxIiB4bWxucz0iaHR0cDovL3d3dy53My5vcmcvMjAwMC9zdmciPjwvc3ZnPg==\" style=\"--smush-placeholder-width: 800px; --smush-placeholder-aspect-ratio: 800\/236;\" \/>\t\t\t\t\t\t\t\t\t\t\t\t\t\t\t<\/div>\n\t\t\t\t<\/div>\n\t\t\t\t<div class=\"elementor-element elementor-element-932967f elementor-widget elementor-widget-text-editor\" data-id=\"932967f\" data-element_type=\"widget\" data-e-type=\"widget\" data-widget_type=\"text-editor.default\">\n\t\t\t\t<div class=\"elementor-widget-container\">\n\t\t\t\t\t\t\t\t\t<p><span style=\"color: #9b0137;\"><em><strong>Projektowanie i produkcja zaawansowanych maszyn, instalacji przemys\u0142owych, technologii i oprogramowania<\/strong><\/em><\/span><\/p><p>Breton opracowuje, projektuje i buduje zaawansowane technologicznie i wysokowydajne centra obr\u00f3bcze, linie i samodzielne maszyny do obr\u00f3bki materia\u0142\u00f3w (kamie\u0144 naturalny, marmur, granit, kwarc, ceramika, glina ci\u0119\u017cka, powierzchnie mineralne, \u017cywice i pianki, polimery i metale) oraz do produkcji addytywnej.<\/p><p>Breton Trinity Sawjet Machine to najbardziej zaawansowane centrum do ci\u0119cia pi\u0142\u0105 i strumieniem wody. Po\u0142\u0105czenie ci\u0119cia pi\u0142\u0105 i strumieniem wody, wraz z narz\u0119dziami takimi jak kubki pr\u00f3\u017cniowe, kamera na mostku i st\u00f3\u0142 uchylny, sprawiaj\u0105, \u017ce Trinity, ewolucja Breton Combi, jest najbardziej zaawansowanym centrum tn\u0105cym do tworzenia blat\u00f3w kuchennych, blat\u00f3w toaletowych i ok\u0142adzin. <\/p>\t\t\t\t\t\t\t\t<\/div>\n\t\t\t\t<\/div>\n\t\t\t\t\t<\/div>\n\t\t\t\t<\/div>\n\t\t<div class=\"elementor-element elementor-element-ea56cbc e-flex e-con-boxed e-con e-parent\" data-id=\"ea56cbc\" data-element_type=\"container\" data-e-type=\"container\">\n\t\t\t\t\t<div class=\"e-con-inner\">\n\t\t\t\t<div class=\"elementor-element elementor-element-3b30ee9 elementor-widget-divider--view-line elementor-widget elementor-widget-divider\" data-id=\"3b30ee9\" data-element_type=\"widget\" data-e-type=\"widget\" data-widget_type=\"divider.default\">\n\t\t\t\t<div class=\"elementor-widget-container\">\n\t\t\t\t\t\t\t<div class=\"elementor-divider\">\n\t\t\t<span class=\"elementor-divider-separator\">\n\t\t\t\t\t\t<\/span>\n\t\t<\/div>\n\t\t\t\t\t\t<\/div>\n\t\t\t\t<\/div>\n\t\t\t\t\t<\/div>\n\t\t\t\t<\/div>\n\t\t<div class=\"elementor-element elementor-element-02c348a e-flex e-con-boxed e-con e-parent\" data-id=\"02c348a\" data-element_type=\"container\" data-e-type=\"container\">\n\t\t\t\t\t<div class=\"e-con-inner\">\n\t\t\t\t<div class=\"elementor-element elementor-element-45adaeb elementor-widget elementor-widget-image\" data-id=\"45adaeb\" data-element_type=\"widget\" data-e-type=\"widget\" data-widget_type=\"image.default\">\n\t\t\t\t<div class=\"elementor-widget-container\">\n\t\t\t\t\t\t\t\t\t\t\t\t<figure class=\"wp-caption\">\n\t\t\t\t\t\t\t\t\t\t<img decoding=\"async\" width=\"1800\" height=\"963\" data-src=\"https:\/\/kmtwaterjet.com\/wp-content\/uploads\/BRETON-TRINITY-SAWJET-PHOTO-LAYOUT.jpg\" class=\"attachment-full size-full wp-image-44285 lazyload\" alt=\"Brenton Trinity Sawjet Features\" data-srcset=\"https:\/\/kmtwaterjet.com\/wp-content\/uploads\/BRETON-TRINITY-SAWJET-PHOTO-LAYOUT.jpg 1800w, https:\/\/kmtwaterjet.com\/wp-content\/uploads\/BRETON-TRINITY-SAWJET-PHOTO-LAYOUT-300x161.jpg 300w, https:\/\/kmtwaterjet.com\/wp-content\/uploads\/BRETON-TRINITY-SAWJET-PHOTO-LAYOUT-1024x548.jpg 1024w, https:\/\/kmtwaterjet.com\/wp-content\/uploads\/BRETON-TRINITY-SAWJET-PHOTO-LAYOUT-768x411.jpg 768w, https:\/\/kmtwaterjet.com\/wp-content\/uploads\/BRETON-TRINITY-SAWJET-PHOTO-LAYOUT-1536x822.jpg 1536w\" data-sizes=\"(max-width: 1800px) 100vw, 1800px\" src=\"data:image\/svg+xml;base64,PHN2ZyB3aWR0aD0iMSIgaGVpZ2h0PSIxIiB4bWxucz0iaHR0cDovL3d3dy53My5vcmcvMjAwMC9zdmciPjwvc3ZnPg==\" style=\"--smush-placeholder-width: 1800px; --smush-placeholder-aspect-ratio: 1800\/963;\" \/>\t\t\t\t\t\t\t\t\t\t\t<figcaption class=\"widget-image-caption wp-caption-text\">Cechy maszyny Breton Trinity Sawjet<\/figcaption>\n\t\t\t\t\t\t\t\t\t\t<\/figure>\n\t\t\t\t\t\t\t\t\t<\/div>\n\t\t\t\t<\/div>\n\t\t\t\t\t<\/div>\n\t\t\t\t<\/div>\n\t\t<div class=\"elementor-element elementor-element-6b78d1e e-flex e-con-boxed e-con e-parent\" data-id=\"6b78d1e\" data-element_type=\"container\" data-e-type=\"container\">\n\t\t\t\t\t<div class=\"e-con-inner\">\n\t\t\t\t<div class=\"elementor-element elementor-element-9115298 elementor-widget elementor-widget-spacer\" data-id=\"9115298\" data-element_type=\"widget\" data-e-type=\"widget\" data-widget_type=\"spacer.default\">\n\t\t\t\t<div class=\"elementor-widget-container\">\n\t\t\t\t\t\t\t<div class=\"elementor-spacer\">\n\t\t\t<div class=\"elementor-spacer-inner\"><\/div>\n\t\t<\/div>\n\t\t\t\t\t\t<\/div>\n\t\t\t\t<\/div>\n\t\t\t\t\t<\/div>\n\t\t\t\t<\/div>\n\t\t<div class=\"elementor-element elementor-element-5abe2a5 e-flex e-con-boxed e-con e-parent\" data-id=\"5abe2a5\" data-element_type=\"container\" data-e-type=\"container\">\n\t\t\t\t\t<div class=\"e-con-inner\">\n\t\t\t\t<div class=\"elementor-element elementor-element-ae0216d elementor-widget elementor-widget-heading\" data-id=\"ae0216d\" data-element_type=\"widget\" data-e-type=\"widget\" data-widget_type=\"heading.default\">\n\t\t\t\t<div class=\"elementor-widget-container\">\n\t\t\t\t\t<h2 class=\"elementor-heading-title elementor-size-default\">maszyna breton trinity sawjet<\/h2>\t\t\t\t<\/div>\n\t\t\t\t<\/div>\n\t\t\t\t<div class=\"elementor-element elementor-element-8b293f1 elementor-widget elementor-widget-text-editor\" data-id=\"8b293f1\" data-element_type=\"widget\" data-e-type=\"widget\" data-widget_type=\"text-editor.default\">\n\t\t\t\t<div class=\"elementor-widget-container\">\n\t\t\t\t\t\t\t\t\t<div class=\"section\"><p>Breton Trinity to co\u015b wi\u0119cej ni\u017c maszyna; to proces, technologia zaprojektowana specjalnie do przetwarzania materia\u0142\u00f3w ceramicznych, ale doskonale dostosowuje si\u0119 r\u00f3wnie\u017c do innych produkt\u00f3w.<\/p><h3 class=\"mt-6 mb-2 font-semibold text-xl\" data-streamdown=\"heading-3\"><span style=\"color: #9b0137;\"><strong>Kluczowe cechy<\/strong><\/span><\/h3><ul class=\"list-inside list-disc whitespace-normal [li_&amp;]:pl-6\" data-streamdown=\"unordered-list\"><li data-section-id=\"uiwlcy\" data-start=\"0\" data-end=\"102\">Zaawansowany system ci\u0119cia \u0142\u0105cz\u0105cy technologi\u0119 pi\u0142y i podw\u00f3jnego strumienia wody do materia\u0142\u00f3w ceramicznych i kamiennych<\/li><li data-section-id=\"bfors1\" data-start=\"103\" data-end=\"219\">Automatycznie wybiera najbardziej wydajn\u0105 metod\u0119: pi\u0142a + strumie\u0144 wody dla oszcz\u0119dno\u015bci koszt\u00f3w lub czysty strumie\u0144 wody, gdy jest to wymagane.<\/li><li data-section-id=\"4b48n4\" data-start=\"220\" data-end=\"308\">Umo\u017cliwia jednoczesne ci\u0119cie bez przesuwania p\u0142yty, co skraca czas, zmniejsza ilo\u015b\u0107 odpad\u00f3w i obni\u017ca koszty.<\/li><li data-section-id=\"ii435m\" data-start=\"309\" data-end=\"415\">Przetwarza p\u0142yty bezpo\u015brednio na metalowej siatce &#8211; eliminuje potrzeb\u0119 stosowania podp\u00f3r i zwi\u0105zanych z tym przestoj\u00f3w.<\/li><li data-section-id=\"h59ip\" data-start=\"416\" data-end=\"499\">Zapewnia szybkie ci\u0119cie przy minimalnych odpryskach, p\u0119kni\u0119ciach lub napr\u0119\u017ceniach materia\u0142u.<\/li><li data-section-id=\"11ph5yk\" data-start=\"500\" data-end=\"589\">Pi\u0142a zapewnia szybkie i stabilne usuwanie materia\u0142u; podw\u00f3jny strumie\u0144 wody zapewnia precyzyjne wyko\u0144czenie<\/li><li data-section-id=\"1u21ek6\" data-start=\"590\" data-end=\"692\">Mo\u017cliwo\u015b\u0107 wykonywania ci\u0119\u0107 pod k\u0105tem przy u\u017cyciu strumienia wody o zmiennym nachyleniu (bez konieczno\u015bci frezowania powierzchni)<\/li><li data-section-id=\"1hja68d\" data-start=\"693\" data-end=\"766\">System kubk\u00f3w podci\u015bnieniowych umo\u017cliwia \u0142atw\u0105 zmian\u0119 po\u0142o\u017cenia w celu zoptymalizowania ci\u0119cia.<\/li><li data-section-id=\"u9r69c\" data-start=\"767\" data-end=\"870\">Opcjonalne wrzeciono Rocket Tool (do 14 000 obr.\/min) obs\u0142uguje operacje wiercenia, frezowania i wr\u0119gowania.<\/li><li data-section-id=\"o6nc9y\" data-start=\"871\" data-end=\"951\">Zwi\u0119ksza wydajno\u015b\u0107 produkcyjn\u0105 do 3x w por\u00f3wnaniu do standardowych system\u00f3w strumieniowych<\/li><li data-section-id=\"1k290sx\" data-start=\"952\" data-end=\"1021\" data-is-last-node=\"\">Znacz\u0105co zmniejsza p\u0119kanie p\u0142yt, poprawiaj\u0105c wydajno\u015b\u0107 i produktywno\u015b\u0107<\/li><\/ul><p> <\/p><hr><p> <\/p><p><span style=\"color: #9b0137;\"><em><strong>\u221a Aby uzyska\u0107 wi\u0119cej informacji na temat Trinity lub innych maszyn do obr\u00f3bki kamienia Breton, prosimy o wype\u0142nienie poni\u017cszego formularza, a nasz przedstawiciel wkr\u00f3tce si\u0119 z Pa\u0144stwem skontaktuje.<\/strong><\/em><\/span><\/p><\/div>\t\t\t\t\t\t\t\t<\/div>\n\t\t\t\t<\/div>\n\t\t\t\t\t<\/div>\n\t\t\t\t<\/div>\n\t\t\t\t<\/div>\n\t\t","protected":false},"excerpt":{"rendered":"<p>MASZYNY DO CI\u0118CIA P\u0141YT BRETON SAWJET Projektowanie i produkcja zaawansowanych maszyn, instalacji przemys\u0142owych, technologii i oprogramowania Breton opracowuje, projektuje i buduje zaawansowane technologicznie i wysokowydajne centra obr\u00f3bcze, linie i samodzielne maszyny do obr\u00f3bki materia\u0142\u00f3w (kamie\u0144 naturalny, marmur, granit, kwarc, ceramika, glina ci\u0119\u017cka, powierzchnie mineralne, \u017cywice i pianki, polimery i metale) oraz do produkcji addytywnej. Breton [&hellip;]<\/p>\n","protected":false},"author":12,"featured_media":0,"parent":0,"menu_order":0,"comment_status":"closed","ping_status":"closed","template":"","meta":{"_acf_changed":false,"footnotes":""},"page-type":[],"class_list":["post-43893","page","type-page","status-publish","hentry"],"acf":[],"yoast_head":"<!-- This site is optimized with the Yoast SEO plugin v27.3 - https:\/\/yoast.com\/product\/yoast-seo-wordpress\/ -->\n<title>OEM BRETON WATERJET MASZYNY DO CI\u0118CIA KAMIENIA | KMT Waterjet<\/title>\n<meta name=\"robots\" content=\"index, follow, max-snippet:-1, max-image-preview:large, max-video-preview:-1\" \/>\n<link rel=\"canonical\" href=\"https:\/\/kmtwaterjet.com\/pl\/oem-northwood-machine-sawjet-4\/\" \/>\n<meta property=\"og:locale\" content=\"pl_PL\" \/>\n<meta property=\"og:type\" content=\"article\" \/>\n<meta property=\"og:title\" content=\"OEM BRETON WATERJET MASZYNY DO CI\u0118CIA KAMIENIA | KMT Waterjet\" \/>\n<meta property=\"og:description\" content=\"MASZYNY DO CI\u0118CIA P\u0141YT BRETON SAWJET Projektowanie i produkcja zaawansowanych maszyn, instalacji przemys\u0142owych, technologii i oprogramowania Breton opracowuje, projektuje i buduje zaawansowane technologicznie i wysokowydajne centra obr\u00f3bcze, linie i samodzielne maszyny do obr\u00f3bki materia\u0142\u00f3w (kamie\u0144 naturalny, marmur, granit, kwarc, ceramika, glina ci\u0119\u017cka, powierzchnie mineralne, \u017cywice i pianki, polimery i metale) oraz do produkcji addytywnej. Breton [&hellip;]\" \/>\n<meta property=\"og:url\" content=\"https:\/\/kmtwaterjet.com\/pl\/oem-northwood-machine-sawjet-4\/\" \/>\n<meta property=\"og:site_name\" content=\"KMT Waterjet\" \/>\n<meta property=\"article:modified_time\" content=\"2026-04-02T19:26:06+00:00\" \/>\n<meta property=\"og:image\" content=\"https:\/\/kmtwaterjet.com\/wp-content\/uploads\/BRETON-TRINITY-SAWJET-STONE-CUTTING-MACHINE.jpg\" \/>\n\t<meta property=\"og:image:width\" content=\"1285\" \/>\n\t<meta property=\"og:image:height\" content=\"513\" \/>\n\t<meta property=\"og:image:type\" content=\"image\/jpeg\" \/>\n<meta name=\"twitter:card\" content=\"summary_large_image\" \/>\n<meta name=\"twitter:label1\" content=\"Szacowany czas czytania\" \/>\n\t<meta name=\"twitter:data1\" content=\"2 minuty\" \/>\n<script type=\"application\/ld+json\" class=\"yoast-schema-graph\">{\"@context\":\"https:\\\/\\\/schema.org\",\"@graph\":[{\"@type\":\"WebPage\",\"@id\":\"https:\\\/\\\/kmtwaterjet.com\\\/pl\\\/oem-northwood-machine-sawjet-4\\\/\",\"url\":\"https:\\\/\\\/kmtwaterjet.com\\\/pl\\\/oem-northwood-machine-sawjet-4\\\/\",\"name\":\"OEM BRETON WATERJET MASZYNY DO CI\u0118CIA KAMIENIA | KMT Waterjet\",\"isPartOf\":{\"@id\":\"https:\\\/\\\/kmtwaterjet.com\\\/pl\\\/#website\"},\"primaryImageOfPage\":{\"@id\":\"https:\\\/\\\/kmtwaterjet.com\\\/pl\\\/oem-northwood-machine-sawjet-4\\\/#primaryimage\"},\"image\":{\"@id\":\"https:\\\/\\\/kmtwaterjet.com\\\/pl\\\/oem-northwood-machine-sawjet-4\\\/#primaryimage\"},\"thumbnailUrl\":\"https:\\\/\\\/kmtwaterjet.com\\\/wp-content\\\/uploads\\\/BRETON-TRINITY-SAWJET-STONE-CUTTING-MACHINE-1024x409.jpg\",\"datePublished\":\"2026-03-30T20:17:29+00:00\",\"dateModified\":\"2026-04-02T19:26:06+00:00\",\"breadcrumb\":{\"@id\":\"https:\\\/\\\/kmtwaterjet.com\\\/pl\\\/oem-northwood-machine-sawjet-4\\\/#breadcrumb\"},\"inLanguage\":\"pl-PL\",\"potentialAction\":[{\"@type\":\"ReadAction\",\"target\":[\"https:\\\/\\\/kmtwaterjet.com\\\/pl\\\/oem-northwood-machine-sawjet-4\\\/\"]}]},{\"@type\":\"ImageObject\",\"inLanguage\":\"pl-PL\",\"@id\":\"https:\\\/\\\/kmtwaterjet.com\\\/pl\\\/oem-northwood-machine-sawjet-4\\\/#primaryimage\",\"url\":\"https:\\\/\\\/kmtwaterjet.com\\\/wp-content\\\/uploads\\\/BRETON-TRINITY-SAWJET-STONE-CUTTING-MACHINE-1024x409.jpg\",\"contentUrl\":\"https:\\\/\\\/kmtwaterjet.com\\\/wp-content\\\/uploads\\\/BRETON-TRINITY-SAWJET-STONE-CUTTING-MACHINE-1024x409.jpg\"},{\"@type\":\"BreadcrumbList\",\"@id\":\"https:\\\/\\\/kmtwaterjet.com\\\/pl\\\/oem-northwood-machine-sawjet-4\\\/#breadcrumb\",\"itemListElement\":[{\"@type\":\"ListItem\",\"position\":1,\"name\":\"Home\",\"item\":\"https:\\\/\\\/kmtwaterjet.com\\\/pl\\\/\"},{\"@type\":\"ListItem\",\"position\":2,\"name\":\"OEM BRETON WATERJET MASZYNY DO CI\u0118CIA KAMIENIA\"}]},{\"@type\":\"WebSite\",\"@id\":\"https:\\\/\\\/kmtwaterjet.com\\\/pl\\\/#website\",\"url\":\"https:\\\/\\\/kmtwaterjet.com\\\/pl\\\/\",\"name\":\"KMT Waterjet\",\"description\":\"KMT Waterjet for waterjet cutting metal, stone, glass, steel and more\",\"publisher\":{\"@id\":\"https:\\\/\\\/kmtwaterjet.com\\\/pl\\\/#organization\"},\"potentialAction\":[{\"@type\":\"SearchAction\",\"target\":{\"@type\":\"EntryPoint\",\"urlTemplate\":\"https:\\\/\\\/kmtwaterjet.com\\\/pl\\\/?s={search_term_string}\"},\"query-input\":{\"@type\":\"PropertyValueSpecification\",\"valueRequired\":true,\"valueName\":\"search_term_string\"}}],\"inLanguage\":\"pl-PL\"},{\"@type\":\"Organization\",\"@id\":\"https:\\\/\\\/kmtwaterjet.com\\\/pl\\\/#organization\",\"name\":\"KMT Waterjet\",\"url\":\"https:\\\/\\\/kmtwaterjet.com\\\/pl\\\/\",\"logo\":{\"@type\":\"ImageObject\",\"inLanguage\":\"pl-PL\",\"@id\":\"https:\\\/\\\/kmtwaterjet.com\\\/pl\\\/#\\\/schema\\\/logo\\\/image\\\/\",\"url\":\"https:\\\/\\\/kmtwaterjet.com\\\/wp-content\\\/uploads\\\/kmt_logo_2020.png\",\"contentUrl\":\"https:\\\/\\\/kmtwaterjet.com\\\/wp-content\\\/uploads\\\/kmt_logo_2020.png\",\"width\":1002,\"height\":605,\"caption\":\"KMT Waterjet\"},\"image\":{\"@id\":\"https:\\\/\\\/kmtwaterjet.com\\\/pl\\\/#\\\/schema\\\/logo\\\/image\\\/\"}}]}<\/script>\n<!-- \/ Yoast SEO plugin. -->","yoast_head_json":{"title":"OEM BRETON WATERJET MASZYNY DO CI\u0118CIA KAMIENIA | KMT Waterjet","robots":{"index":"index","follow":"follow","max-snippet":"max-snippet:-1","max-image-preview":"max-image-preview:large","max-video-preview":"max-video-preview:-1"},"canonical":"https:\/\/kmtwaterjet.com\/pl\/oem-northwood-machine-sawjet-4\/","og_locale":"pl_PL","og_type":"article","og_title":"OEM BRETON WATERJET MASZYNY DO CI\u0118CIA KAMIENIA | KMT Waterjet","og_description":"MASZYNY DO CI\u0118CIA P\u0141YT BRETON SAWJET Projektowanie i produkcja zaawansowanych maszyn, instalacji przemys\u0142owych, technologii i oprogramowania Breton opracowuje, projektuje i buduje zaawansowane technologicznie i wysokowydajne centra obr\u00f3bcze, linie i samodzielne maszyny do obr\u00f3bki materia\u0142\u00f3w (kamie\u0144 naturalny, marmur, granit, kwarc, ceramika, glina ci\u0119\u017cka, powierzchnie mineralne, \u017cywice i pianki, polimery i metale) oraz do produkcji addytywnej. Breton [&hellip;]","og_url":"https:\/\/kmtwaterjet.com\/pl\/oem-northwood-machine-sawjet-4\/","og_site_name":"KMT Waterjet","article_modified_time":"2026-04-02T19:26:06+00:00","og_image":[{"width":1285,"height":513,"url":"https:\/\/kmtwaterjet.com\/wp-content\/uploads\/BRETON-TRINITY-SAWJET-STONE-CUTTING-MACHINE.jpg","type":"image\/jpeg"}],"twitter_card":"summary_large_image","twitter_misc":{"Szacowany czas czytania":"2 minuty"},"schema":{"@context":"https:\/\/schema.org","@graph":[{"@type":"WebPage","@id":"https:\/\/kmtwaterjet.com\/pl\/oem-northwood-machine-sawjet-4\/","url":"https:\/\/kmtwaterjet.com\/pl\/oem-northwood-machine-sawjet-4\/","name":"OEM BRETON WATERJET MASZYNY DO CI\u0118CIA KAMIENIA | KMT Waterjet","isPartOf":{"@id":"https:\/\/kmtwaterjet.com\/pl\/#website"},"primaryImageOfPage":{"@id":"https:\/\/kmtwaterjet.com\/pl\/oem-northwood-machine-sawjet-4\/#primaryimage"},"image":{"@id":"https:\/\/kmtwaterjet.com\/pl\/oem-northwood-machine-sawjet-4\/#primaryimage"},"thumbnailUrl":"https:\/\/kmtwaterjet.com\/wp-content\/uploads\/BRETON-TRINITY-SAWJET-STONE-CUTTING-MACHINE-1024x409.jpg","datePublished":"2026-03-30T20:17:29+00:00","dateModified":"2026-04-02T19:26:06+00:00","breadcrumb":{"@id":"https:\/\/kmtwaterjet.com\/pl\/oem-northwood-machine-sawjet-4\/#breadcrumb"},"inLanguage":"pl-PL","potentialAction":[{"@type":"ReadAction","target":["https:\/\/kmtwaterjet.com\/pl\/oem-northwood-machine-sawjet-4\/"]}]},{"@type":"ImageObject","inLanguage":"pl-PL","@id":"https:\/\/kmtwaterjet.com\/pl\/oem-northwood-machine-sawjet-4\/#primaryimage","url":"https:\/\/kmtwaterjet.com\/wp-content\/uploads\/BRETON-TRINITY-SAWJET-STONE-CUTTING-MACHINE-1024x409.jpg","contentUrl":"https:\/\/kmtwaterjet.com\/wp-content\/uploads\/BRETON-TRINITY-SAWJET-STONE-CUTTING-MACHINE-1024x409.jpg"},{"@type":"BreadcrumbList","@id":"https:\/\/kmtwaterjet.com\/pl\/oem-northwood-machine-sawjet-4\/#breadcrumb","itemListElement":[{"@type":"ListItem","position":1,"name":"Home","item":"https:\/\/kmtwaterjet.com\/pl\/"},{"@type":"ListItem","position":2,"name":"OEM BRETON WATERJET MASZYNY DO CI\u0118CIA KAMIENIA"}]},{"@type":"WebSite","@id":"https:\/\/kmtwaterjet.com\/pl\/#website","url":"https:\/\/kmtwaterjet.com\/pl\/","name":"KMT Waterjet","description":"KMT Waterjet for waterjet cutting metal, stone, glass, steel and more","publisher":{"@id":"https:\/\/kmtwaterjet.com\/pl\/#organization"},"potentialAction":[{"@type":"SearchAction","target":{"@type":"EntryPoint","urlTemplate":"https:\/\/kmtwaterjet.com\/pl\/?s={search_term_string}"},"query-input":{"@type":"PropertyValueSpecification","valueRequired":true,"valueName":"search_term_string"}}],"inLanguage":"pl-PL"},{"@type":"Organization","@id":"https:\/\/kmtwaterjet.com\/pl\/#organization","name":"KMT Waterjet","url":"https:\/\/kmtwaterjet.com\/pl\/","logo":{"@type":"ImageObject","inLanguage":"pl-PL","@id":"https:\/\/kmtwaterjet.com\/pl\/#\/schema\/logo\/image\/","url":"https:\/\/kmtwaterjet.com\/wp-content\/uploads\/kmt_logo_2020.png","contentUrl":"https:\/\/kmtwaterjet.com\/wp-content\/uploads\/kmt_logo_2020.png","width":1002,"height":605,"caption":"KMT Waterjet"},"image":{"@id":"https:\/\/kmtwaterjet.com\/pl\/#\/schema\/logo\/image\/"}}]}},"_links":{"self":[{"href":"https:\/\/kmtwaterjet.com\/pl\/wp-json\/wp\/v2\/pages\/43893","targetHints":{"allow":["GET"]}}],"collection":[{"href":"https:\/\/kmtwaterjet.com\/pl\/wp-json\/wp\/v2\/pages"}],"about":[{"href":"https:\/\/kmtwaterjet.com\/pl\/wp-json\/wp\/v2\/types\/page"}],"author":[{"embeddable":true,"href":"https:\/\/kmtwaterjet.com\/pl\/wp-json\/wp\/v2\/users\/12"}],"replies":[{"embeddable":true,"href":"https:\/\/kmtwaterjet.com\/pl\/wp-json\/wp\/v2\/comments?post=43893"}],"version-history":[{"count":0,"href":"https:\/\/kmtwaterjet.com\/pl\/wp-json\/wp\/v2\/pages\/43893\/revisions"}],"wp:attachment":[{"href":"https:\/\/kmtwaterjet.com\/pl\/wp-json\/wp\/v2\/media?parent=43893"}],"wp:term":[{"taxonomy":"page-type","embeddable":true,"href":"https:\/\/kmtwaterjet.com\/pl\/wp-json\/wp\/v2\/page-type?post=43893"}],"curies":[{"name":"wp","href":"https:\/\/api.w.org\/{rel}","templated":true}]}}