{"id":41156,"date":"2025-04-02T08:55:56","date_gmt":"2025-04-02T13:55:56","guid":{"rendered":"https:\/\/kmtwaterjet.com\/?page_id=41156"},"modified":"2025-10-29T10:19:31","modified_gmt":"2025-10-29T15:19:31","slug":"kontakt-dziekujemy-2","status":"publish","type":"page","link":"https:\/\/kmtwaterjet.com\/pl\/kontakt-dziekujemy-2\/","title":{"rendered":"Komunikaty prasowe KMT"},"content":{"rendered":"\t\t<div data-elementor-type=\"wp-page\" data-elementor-id=\"41156\" class=\"elementor elementor-41156 elementor-41148\" data-elementor-post-type=\"page\">\n\t\t\t\t<div class=\"elementor-element elementor-element-0e9108d e-flex e-con-boxed e-con e-parent\" data-id=\"0e9108d\" data-element_type=\"container\" data-e-type=\"container\" data-settings=\"{&quot;background_background&quot;:&quot;classic&quot;,&quot;shape_divider_bottom&quot;:&quot;waves&quot;}\">\n\t\t\t\t\t<div class=\"e-con-inner\">\n\t\t\t\t<div class=\"elementor-shape elementor-shape-bottom\" aria-hidden=\"true\" data-negative=\"false\">\n\t\t\t<svg xmlns=\"http:\/\/www.w3.org\/2000\/svg\" viewBox=\"0 0 1000 100\" preserveAspectRatio=\"none\">\n\t<path class=\"elementor-shape-fill\" d=\"M421.9,6.5c22.6-2.5,51.5,0.4,75.5,5.3c23.6,4.9,70.9,23.5,100.5,35.7c75.8,32.2,133.7,44.5,192.6,49.7\n\tc23.6,2.1,48.7,3.5,103.4-2.5c54.7-6,106.2-25.6,106.2-25.6V0H0v30.3c0,0,72,32.6,158.4,30.5c39.2-0.7,92.8-6.7,134-22.4\n\tc21.2-8.1,52.2-18.2,79.7-24.2C399.3,7.9,411.6,7.5,421.9,6.5z\"\/>\n<\/svg>\t\t<\/div>\n\t\t<div class=\"elementor-element elementor-element-41b8436 e-flex e-con-boxed e-con e-child\" data-id=\"41b8436\" data-element_type=\"container\" data-e-type=\"container\">\n\t\t\t\t\t<div class=\"e-con-inner\">\n\t\t\t\t<div class=\"elementor-element elementor-element-4b20a65 elementor-widget elementor-widget-heading\" data-id=\"4b20a65\" data-element_type=\"widget\" data-e-type=\"widget\" data-settings=\"{&quot;motion_fx_motion_fx_scrolling&quot;:&quot;yes&quot;,&quot;motion_fx_opacity_effect&quot;:&quot;yes&quot;,&quot;motion_fx_opacity_direction&quot;:&quot;out-in-out&quot;,&quot;motion_fx_opacity_level&quot;:{&quot;unit&quot;:&quot;px&quot;,&quot;size&quot;:10,&quot;sizes&quot;:[]},&quot;motion_fx_opacity_range&quot;:{&quot;unit&quot;:&quot;%&quot;,&quot;size&quot;:&quot;&quot;,&quot;sizes&quot;:{&quot;start&quot;:20,&quot;end&quot;:80}},&quot;motion_fx_devices&quot;:[&quot;desktop&quot;,&quot;tablet&quot;,&quot;mobile&quot;]}\" data-widget_type=\"heading.default\">\n\t\t\t\t<div class=\"elementor-widget-container\">\n\t\t\t\t\t<h1 class=\"elementor-heading-title elementor-size-default\">Komunikaty prasowe<\/h1>\t\t\t\t<\/div>\n\t\t\t\t<\/div>\n\t\t\t\t\t<\/div>\n\t\t\t\t<\/div>\n\t\t\t\t\t<\/div>\n\t\t\t\t<\/div>\n\t\t<div class=\"elementor-element elementor-element-20e8b0c e-flex e-con-boxed e-con e-parent\" data-id=\"20e8b0c\" data-element_type=\"container\" data-e-type=\"container\" data-settings=\"{&quot;background_background&quot;:&quot;classic&quot;}\">\n\t\t\t\t\t<div class=\"e-con-inner\">\n\t\t<div class=\"elementor-element elementor-element-3db032c e-con-full e-flex e-con e-child\" data-id=\"3db032c\" data-element_type=\"container\" data-e-type=\"container\">\n\t\t\t\t<div class=\"elementor-element elementor-element-d577189 elementor-widget__width-initial elementor-widget elementor-widget-heading\" data-id=\"d577189\" data-element_type=\"widget\" data-e-type=\"widget\" data-widget_type=\"heading.default\">\n\t\t\t\t<div class=\"elementor-widget-container\">\n\t\t\t\t\t<h2 class=\"elementor-heading-title elementor-size-default\">Kwiecie\u0144 2025 r.<\/h2>\t\t\t\t<\/div>\n\t\t\t\t<\/div>\n\t\t\t\t<div class=\"elementor-element elementor-element-8ac114c elementor-widget-divider--view-line elementor-widget elementor-widget-divider\" data-id=\"8ac114c\" data-element_type=\"widget\" data-e-type=\"widget\" data-widget_type=\"divider.default\">\n\t\t\t\t<div class=\"elementor-widget-container\">\n\t\t\t\t\t\t\t<div class=\"elementor-divider\">\n\t\t\t<span class=\"elementor-divider-separator\">\n\t\t\t\t\t\t<\/span>\n\t\t<\/div>\n\t\t\t\t\t\t<\/div>\n\t\t\t\t<\/div>\n\t\t\t\t<\/div>\n\t\t\t\t\t<\/div>\n\t\t\t\t<\/div>\n\t\t<div class=\"elementor-element elementor-element-faa60c3 e-grid e-con-boxed e-con e-parent\" data-id=\"faa60c3\" data-element_type=\"container\" data-e-type=\"container\">\n\t\t\t\t\t<div class=\"e-con-inner\">\n\t\t\t\t<div class=\"elementor-element elementor-element-11a221b elementor-widget elementor-widget-image\" data-id=\"11a221b\" data-element_type=\"widget\" data-e-type=\"widget\" data-widget_type=\"image.default\">\n\t\t\t\t<div class=\"elementor-widget-container\">\n\t\t\t\t\t\t\t\t\t\t\t\t\t\t\t<img fetchpriority=\"high\" decoding=\"async\" width=\"960\" height=\"540\" src=\"https:\/\/kmtwaterjet.com\/wp-content\/uploads\/KMT-Group-Logo-72dpi.png\" class=\"attachment-full size-full wp-image-41178\" alt=\"KMT Group logo\" srcset=\"https:\/\/kmtwaterjet.com\/wp-content\/uploads\/KMT-Group-Logo-72dpi.png 960w, https:\/\/kmtwaterjet.com\/wp-content\/uploads\/KMT-Group-Logo-72dpi-300x169.png 300w, https:\/\/kmtwaterjet.com\/wp-content\/uploads\/KMT-Group-Logo-72dpi-768x432.png 768w\" sizes=\"(max-width: 960px) 100vw, 960px\" \/>\t\t\t\t\t\t\t\t\t\t\t\t\t\t\t<\/div>\n\t\t\t\t<\/div>\n\t\t\t\t<div class=\"elementor-element elementor-element-5cea7a5 elementor-widget elementor-widget-image\" data-id=\"5cea7a5\" data-element_type=\"widget\" data-e-type=\"widget\" data-widget_type=\"image.default\">\n\t\t\t\t<div class=\"elementor-widget-container\">\n\t\t\t\t\t\t\t\t\t\t\t\t\t\t\t<img decoding=\"async\" width=\"400\" height=\"182\" data-src=\"https:\/\/kmtwaterjet.com\/wp-content\/uploads\/SHAPE-TECHNOLOGIES-LOGO.jpg\" class=\"attachment-large size-large wp-image-41190 lazyload\" alt=\"shape technologies group logo\" data-srcset=\"https:\/\/kmtwaterjet.com\/wp-content\/uploads\/SHAPE-TECHNOLOGIES-LOGO.jpg 400w, https:\/\/kmtwaterjet.com\/wp-content\/uploads\/SHAPE-TECHNOLOGIES-LOGO-300x137.jpg 300w\" data-sizes=\"(max-width: 400px) 100vw, 400px\" src=\"data:image\/svg+xml;base64,PHN2ZyB3aWR0aD0iMSIgaGVpZ2h0PSIxIiB4bWxucz0iaHR0cDovL3d3dy53My5vcmcvMjAwMC9zdmciPjwvc3ZnPg==\" style=\"--smush-placeholder-width: 400px; --smush-placeholder-aspect-ratio: 400\/182;\" \/>\t\t\t\t\t\t\t\t\t\t\t\t\t\t\t<\/div>\n\t\t\t\t<\/div>\n\t\t\t\t\t<\/div>\n\t\t\t\t<\/div>\n\t\t<div class=\"elementor-element elementor-element-653ab06 e-flex e-con-boxed e-con e-parent\" data-id=\"653ab06\" data-element_type=\"container\" data-e-type=\"container\">\n\t\t\t\t\t<div class=\"e-con-inner\">\n\t\t\t\t<div class=\"elementor-element elementor-element-417c5e4 elementor-widget elementor-widget-heading\" data-id=\"417c5e4\" data-element_type=\"widget\" data-e-type=\"widget\" data-widget_type=\"heading.default\">\n\t\t\t\t<div class=\"elementor-widget-container\">\n\t\t\t\t\t<h2 class=\"elementor-heading-title elementor-size-default\">Grupa KMT rozpoczyna dzia\u0142alno\u015b\u0107: Zapocz\u0105tkowanie nowej ery w strumieniu wody ORAZ \nInnowacje w zakresie ultrawysokiego ci\u015bnienia (UHP)<\/h2>\t\t\t\t<\/div>\n\t\t\t\t<\/div>\n\t\t\t\t\t<\/div>\n\t\t\t\t<\/div>\n\t\t<div class=\"elementor-element elementor-element-73cbc2e e-flex e-con-boxed e-con e-parent\" data-id=\"73cbc2e\" data-element_type=\"container\" data-e-type=\"container\">\n\t\t\t\t\t<div class=\"e-con-inner\">\n\t\t\t\t<div class=\"elementor-element elementor-element-893dca2 elementor-widget elementor-widget-text-editor\" data-id=\"893dca2\" data-element_type=\"widget\" data-e-type=\"widget\" data-widget_type=\"text-editor.default\">\n\t\t\t\t<div class=\"elementor-widget-container\">\n\t\t\t\t\t\t\t\t\t<p>2 kwietnia 2025 | Informacja prasowa, Grupa KMT<\/p><p><strong>Baxter Springs, Kansas<\/strong> &#8211; Shape Technologies Group, \u015bwiatowy lider w dziedzinie technologii waterjet, automatyzacji zrobotyzowanej i ultra wysokoci\u015bnieniowych (UHP) rozwi\u0105za\u0144 procesowych, og\u0142osi\u0142 dzi\u015b, \u017ce KMT Waterjet, H20 Jet i McCartney Engineering rozszerz\u0105 swoj\u0105 globaln\u0105 wsp\u00f3\u0142prac\u0119 w ramach nowo utworzonej Grupy KMT.<\/p><p>Grupa KMT wykorzysta wyj\u0105tkowe atuty tych historycznych marek.<\/p><p><strong>KMT Waterjet<\/strong> oferuje szerok\u0105 gam\u0119 modeli pomp, w tym pompy z nap\u0119dem bezpo\u015brednim o ci\u015bnieniu 55.000 PSI\/3.800 bar, pompy ze wzmacniaczem o ci\u015bnieniu 60.000 PSI\/4.100 bar oraz pompy ultra wysokoci\u015bnieniowe PRO 90.000 PSI\/6.200 bar. Dzi\u0119ki tak bogatej ofercie i wsp\u00f3\u0142pracy z ponad 180 globalnymi producentami OEM, KMT oferuje najszersz\u0105 gam\u0119 system\u00f3w Waterjet dla wszystkich bran\u017c na ca\u0142ym \u015bwiecie. <\/p><p>Marka <strong>H2O<\/strong> Jet jest znana na ca\u0142ym \u015bwiecie z projektowania precyzyjnych cz\u0119\u015bci i komponent\u00f3w wysokoci\u015bnieniowych. Ich zesp\u00f3\u0142 in\u017cynier\u00f3w posiada rozleg\u0142e do\u015bwiadczenie w zakresie wysokiego ci\u015bnienia i dzi\u0119ki wsp\u00f3\u0142pracy z klientami przenosi technologi\u0119 na nowy poziom innowacyjnych produkt\u00f3w. <\/p><p>Od momentu za\u0142o\u017cenia w 1946 roku, <strong>McCartney Engineering<\/strong> jest \u015bwiatowym liderem w dziedzinie system\u00f3w wysokoci\u015bnieniowych dla przemys\u0142u LDPE, pionierem w wynalezieniu technologii ci\u0119cia strumieniem wody w 1971 roku (sprzedawanej pod mark\u0105 KMT Waterjet). Zdolno\u015b\u0107 in\u017cynier\u00f3w McCartney do precyzyjnej obr\u00f3bki idealnie pasowa\u0142a do wysokoci\u015bnieniowego sprz\u0119tu produkcyjnego stosowanego w produkcji poliuretanu o niskiej g\u0119sto\u015bci. <\/p><p>&#8222;Cieszymy si\u0119, \u017ce mo\u017cemy lepiej s\u0142u\u017cy\u0107 naszym klientom, \u0142\u0105cz\u0105c zasoby, aby lepiej nap\u0119dza\u0107 innowacje i dostarcza\u0107 najlepsze rozwi\u0105zania dostosowane do ich potrzeb &#8211; czy to poprzez standardowe w bran\u017cy systemy Waterjet Systems i LDPE, czy te\u017c innowacyjne, niestandardowe systemy wysokoci\u015bnieniowe, kt\u00f3re nie zosta\u0142y jeszcze wprowadzone na rynek&#8221; &#8211; powiedzia\u0142 Brendan Shackelford, globalny prezes KMT Waterjet Group. &#8222;Ten ruch stanowi ekscytuj\u0105cy rozw\u00f3j dla naszego zespo\u0142u i naszych klient\u00f3w&#8221;. <\/p><p>&#8222;Po\u0142\u0105czenie naszych marek KMT, H2O i McCartney w ramach KMT Group otwiera globaln\u0105 mo\u017cliwo\u015b\u0107 zwi\u0119kszenia innowacyjno\u015bci i wydajno\u015bci na rynku pomp i komponent\u00f3w UHP&#8221; &#8211; powiedzia\u0142 Nino LaDuca, dyrektor generalny Shape Technologies Group. &#8222;Ta globalna wsp\u00f3\u0142praca zapewni synergi\u0119, kt\u00f3ra znacznie zwi\u0119kszy warto\u015b\u0107 dla klienta i wzmocni nasz\u0105 pozycj\u0119 w bran\u017cy&#8221;. <\/p><p>Wraz z dzisiejsz\u0105 premier\u0105 globalnej marki, Grupa KMT zaprezentowa\u0142a r\u00f3wnie\u017c swoje nowe logo i oczekuje na udost\u0119pnienie zaktualizowanych materia\u0142\u00f3w dotycz\u0105cych marki, w tym nowej ujednoliconej strony internetowej dla swoich marek produkt\u00f3w, jeszcze w tym roku.<\/p><p>Grupa KMT pragnie wyrazi\u0107 wdzi\u0119czno\u015b\u0107 klientom, partnerom i pracownikom za ich wsparcie i wk\u0142ad w sukces firmy. Jest to znacz\u0105cy krok naprz\u00f3d w misji firmy, aby umo\u017cliwi\u0107 klientom, dostawcom i pracownikom sukces i rozw\u00f3j poprzez oferowanie innowacyjnych i niezawodnych rozwi\u0105za\u0144 produkcyjnych. <\/p><p><strong>Informacje o Shape Technologies Group  <\/strong><\/p><p>Shape Technologies Group, Inc. (&#8222;SHAPE&#8221;) jest wiod\u0105cym na \u015bwiecie deweloperem i dostawc\u0105 ultra wysokoci\u015bnieniowych rozwi\u0105za\u0144 procesowych dla zaawansowanych zastosowa\u0144 produkcyjnych i przetwarzania materia\u0142\u00f3w. Firmy SHAPE dostarczaj\u0105 innowacyjne rozwi\u0105zania w zakresie proces\u00f3w produkcyjnych klientom w 100 krajach i wielu bran\u017cach. Wi\u0119cej informacji mo\u017cna znale\u017a\u0107 na stronie <a href=\"https:\/\/www.shapetechnologies.com\/\">shapetechnologies.com<\/a>.  <\/p><p><strong>O Grupie KMT  <\/strong><\/p><p>KMT Group, Inc. jest wiod\u0105cym na \u015bwiecie dostawc\u0105 ultra wysokoci\u015bnieniowych rozwi\u0105za\u0144 procesowych dla zaawansowanej produkcji. Firmy z Grupy KMT dostarczaj\u0105 innowacyjne rozwi\u0105zania produktowe klientom w 100 krajach i wielu bran\u017cach. Wi\u0119cej informacji mo\u017cna znale\u017a\u0107 na stronie <a href=\"https:\/\/kmtwaterjet.com\/pl\/rozwiazania-do-ciecia\/strona-docelowa-maszyny-wodne-2\/\">kmtwaterjet.com<\/a>.  <\/p><p><strong>Kontakt dla medi\u00f3w:<\/strong><\/p><p>Kyle Keith, dyrektor ds. marketingu i do\u015bwiadcze\u0144 klient\u00f3w, KMT Group <a href=\"mailto:kyle.keith@kmtwaterjet.com\">kyle.keith@kmtwaterjet.com.<\/a><\/p><p><a href=\"https:\/\/kmtwaterjet.com\/wp-content\/uploads\/KMT-Group-Brands-Announcement_4.2.25.pdf\">KMT GROUP Wydanie &#8211; kwiecie\u0144 2025 r.<\/a><\/p>\t\t\t\t\t\t\t\t<\/div>\n\t\t\t\t<\/div>\n\t\t\t\t\t<\/div>\n\t\t\t\t<\/div>\n\t\t\t\t<\/div>\n\t\t","protected":false},"excerpt":{"rendered":"<p>Komunikaty prasowe Kwiecie\u0144 2025 r. Grupa KMT rozpoczyna dzia\u0142alno\u015b\u0107: Zapocz\u0105tkowanie nowej ery w strumieniu wody ORAZ Innowacje w zakresie ultrawysokiego ci\u015bnienia (UHP) 2 kwietnia 2025 | Informacja prasowa, Grupa KMT Baxter Springs, Kansas &#8211; Shape Technologies Group, \u015bwiatowy lider w dziedzinie technologii waterjet, automatyzacji zrobotyzowanej i ultra wysokoci\u015bnieniowych (UHP) rozwi\u0105za\u0144 procesowych, og\u0142osi\u0142 dzi\u015b, \u017ce KMT [&hellip;]<\/p>\n","protected":false},"author":12,"featured_media":0,"parent":0,"menu_order":0,"comment_status":"closed","ping_status":"closed","template":"elementor_header_footer","meta":{"_acf_changed":false,"footnotes":""},"page-type":[],"class_list":["post-41156","page","type-page","status-publish","hentry"],"acf":[],"yoast_head":"<!-- This site is optimized with the Yoast SEO plugin v27.3 - https:\/\/yoast.com\/product\/yoast-seo-wordpress\/ -->\n<title>Komunikaty prasowe KMT | KMT Waterjet<\/title>\n<meta name=\"description\" content=\"Dzi\u0119kujemy za zainteresowanie informacjami prasowymi KMT Waterjet Systems.\" \/>\n<meta name=\"robots\" content=\"index, follow, max-snippet:-1, max-image-preview:large, max-video-preview:-1\" \/>\n<link rel=\"canonical\" href=\"https:\/\/kmtwaterjet.com\/pl\/kontakt-dziekujemy-2\/\" \/>\n<meta property=\"og:locale\" content=\"pl_PL\" \/>\n<meta property=\"og:type\" content=\"article\" \/>\n<meta property=\"og:title\" content=\"Komunikaty prasowe KMT | KMT Waterjet\" \/>\n<meta property=\"og:description\" content=\"Dzi\u0119kujemy za zainteresowanie informacjami prasowymi KMT Waterjet Systems.\" \/>\n<meta property=\"og:url\" content=\"https:\/\/kmtwaterjet.com\/pl\/kontakt-dziekujemy-2\/\" \/>\n<meta property=\"og:site_name\" content=\"KMT Waterjet\" \/>\n<meta property=\"article:modified_time\" content=\"2025-10-29T15:19:31+00:00\" \/>\n<meta property=\"og:image\" content=\"https:\/\/kmtwaterjet.com\/wp-content\/uploads\/KMT-Group-Logo-72dpi.png\" \/>\n\t<meta property=\"og:image:width\" content=\"960\" \/>\n\t<meta property=\"og:image:height\" content=\"540\" \/>\n\t<meta property=\"og:image:type\" content=\"image\/png\" \/>\n<meta name=\"twitter:card\" content=\"summary_large_image\" \/>\n<meta name=\"twitter:label1\" content=\"Szacowany czas czytania\" \/>\n\t<meta name=\"twitter:data1\" content=\"3 minuty\" \/>\n<script type=\"application\/ld+json\" class=\"yoast-schema-graph\">{\"@context\":\"https:\\\/\\\/schema.org\",\"@graph\":[{\"@type\":\"WebPage\",\"@id\":\"https:\\\/\\\/kmtwaterjet.com\\\/pl\\\/kontakt-dziekujemy-2\\\/\",\"url\":\"https:\\\/\\\/kmtwaterjet.com\\\/pl\\\/kontakt-dziekujemy-2\\\/\",\"name\":\"Komunikaty prasowe KMT | KMT Waterjet\",\"isPartOf\":{\"@id\":\"https:\\\/\\\/kmtwaterjet.com\\\/pl\\\/#website\"},\"primaryImageOfPage\":{\"@id\":\"https:\\\/\\\/kmtwaterjet.com\\\/pl\\\/kontakt-dziekujemy-2\\\/#primaryimage\"},\"image\":{\"@id\":\"https:\\\/\\\/kmtwaterjet.com\\\/pl\\\/kontakt-dziekujemy-2\\\/#primaryimage\"},\"thumbnailUrl\":\"https:\\\/\\\/kmtwaterjet.com\\\/wp-content\\\/uploads\\\/KMT-Group-Logo-72dpi.png\",\"datePublished\":\"2025-04-02T13:55:56+00:00\",\"dateModified\":\"2025-10-29T15:19:31+00:00\",\"description\":\"Dzi\u0119kujemy za zainteresowanie informacjami prasowymi KMT Waterjet Systems.\",\"breadcrumb\":{\"@id\":\"https:\\\/\\\/kmtwaterjet.com\\\/pl\\\/kontakt-dziekujemy-2\\\/#breadcrumb\"},\"inLanguage\":\"pl-PL\",\"potentialAction\":[{\"@type\":\"ReadAction\",\"target\":[\"https:\\\/\\\/kmtwaterjet.com\\\/pl\\\/kontakt-dziekujemy-2\\\/\"]}]},{\"@type\":\"ImageObject\",\"inLanguage\":\"pl-PL\",\"@id\":\"https:\\\/\\\/kmtwaterjet.com\\\/pl\\\/kontakt-dziekujemy-2\\\/#primaryimage\",\"url\":\"https:\\\/\\\/kmtwaterjet.com\\\/wp-content\\\/uploads\\\/KMT-Group-Logo-72dpi.png\",\"contentUrl\":\"https:\\\/\\\/kmtwaterjet.com\\\/wp-content\\\/uploads\\\/KMT-Group-Logo-72dpi.png\"},{\"@type\":\"BreadcrumbList\",\"@id\":\"https:\\\/\\\/kmtwaterjet.com\\\/pl\\\/kontakt-dziekujemy-2\\\/#breadcrumb\",\"itemListElement\":[{\"@type\":\"ListItem\",\"position\":1,\"name\":\"Home\",\"item\":\"https:\\\/\\\/kmtwaterjet.com\\\/pl\\\/\"},{\"@type\":\"ListItem\",\"position\":2,\"name\":\"Komunikaty prasowe KMT\"}]},{\"@type\":\"WebSite\",\"@id\":\"https:\\\/\\\/kmtwaterjet.com\\\/pl\\\/#website\",\"url\":\"https:\\\/\\\/kmtwaterjet.com\\\/pl\\\/\",\"name\":\"KMT Waterjet\",\"description\":\"KMT Waterjet for waterjet cutting metal, stone, glass, steel and more\",\"publisher\":{\"@id\":\"https:\\\/\\\/kmtwaterjet.com\\\/pl\\\/#organization\"},\"potentialAction\":[{\"@type\":\"SearchAction\",\"target\":{\"@type\":\"EntryPoint\",\"urlTemplate\":\"https:\\\/\\\/kmtwaterjet.com\\\/pl\\\/?s={search_term_string}\"},\"query-input\":{\"@type\":\"PropertyValueSpecification\",\"valueRequired\":true,\"valueName\":\"search_term_string\"}}],\"inLanguage\":\"pl-PL\"},{\"@type\":\"Organization\",\"@id\":\"https:\\\/\\\/kmtwaterjet.com\\\/pl\\\/#organization\",\"name\":\"KMT Waterjet\",\"url\":\"https:\\\/\\\/kmtwaterjet.com\\\/pl\\\/\",\"logo\":{\"@type\":\"ImageObject\",\"inLanguage\":\"pl-PL\",\"@id\":\"https:\\\/\\\/kmtwaterjet.com\\\/pl\\\/#\\\/schema\\\/logo\\\/image\\\/\",\"url\":\"https:\\\/\\\/kmtwaterjet.com\\\/wp-content\\\/uploads\\\/kmt_logo_2020.png\",\"contentUrl\":\"https:\\\/\\\/kmtwaterjet.com\\\/wp-content\\\/uploads\\\/kmt_logo_2020.png\",\"width\":1002,\"height\":605,\"caption\":\"KMT Waterjet\"},\"image\":{\"@id\":\"https:\\\/\\\/kmtwaterjet.com\\\/pl\\\/#\\\/schema\\\/logo\\\/image\\\/\"}}]}<\/script>\n<!-- \/ Yoast SEO plugin. -->","yoast_head_json":{"title":"Komunikaty prasowe KMT | KMT Waterjet","description":"Dzi\u0119kujemy za zainteresowanie informacjami prasowymi KMT Waterjet Systems.","robots":{"index":"index","follow":"follow","max-snippet":"max-snippet:-1","max-image-preview":"max-image-preview:large","max-video-preview":"max-video-preview:-1"},"canonical":"https:\/\/kmtwaterjet.com\/pl\/kontakt-dziekujemy-2\/","og_locale":"pl_PL","og_type":"article","og_title":"Komunikaty prasowe KMT | KMT Waterjet","og_description":"Dzi\u0119kujemy za zainteresowanie informacjami prasowymi KMT Waterjet Systems.","og_url":"https:\/\/kmtwaterjet.com\/pl\/kontakt-dziekujemy-2\/","og_site_name":"KMT Waterjet","article_modified_time":"2025-10-29T15:19:31+00:00","og_image":[{"width":960,"height":540,"url":"https:\/\/kmtwaterjet.com\/wp-content\/uploads\/KMT-Group-Logo-72dpi.png","type":"image\/png"}],"twitter_card":"summary_large_image","twitter_misc":{"Szacowany czas czytania":"3 minuty"},"schema":{"@context":"https:\/\/schema.org","@graph":[{"@type":"WebPage","@id":"https:\/\/kmtwaterjet.com\/pl\/kontakt-dziekujemy-2\/","url":"https:\/\/kmtwaterjet.com\/pl\/kontakt-dziekujemy-2\/","name":"Komunikaty prasowe KMT | KMT Waterjet","isPartOf":{"@id":"https:\/\/kmtwaterjet.com\/pl\/#website"},"primaryImageOfPage":{"@id":"https:\/\/kmtwaterjet.com\/pl\/kontakt-dziekujemy-2\/#primaryimage"},"image":{"@id":"https:\/\/kmtwaterjet.com\/pl\/kontakt-dziekujemy-2\/#primaryimage"},"thumbnailUrl":"https:\/\/kmtwaterjet.com\/wp-content\/uploads\/KMT-Group-Logo-72dpi.png","datePublished":"2025-04-02T13:55:56+00:00","dateModified":"2025-10-29T15:19:31+00:00","description":"Dzi\u0119kujemy za zainteresowanie informacjami prasowymi KMT Waterjet Systems.","breadcrumb":{"@id":"https:\/\/kmtwaterjet.com\/pl\/kontakt-dziekujemy-2\/#breadcrumb"},"inLanguage":"pl-PL","potentialAction":[{"@type":"ReadAction","target":["https:\/\/kmtwaterjet.com\/pl\/kontakt-dziekujemy-2\/"]}]},{"@type":"ImageObject","inLanguage":"pl-PL","@id":"https:\/\/kmtwaterjet.com\/pl\/kontakt-dziekujemy-2\/#primaryimage","url":"https:\/\/kmtwaterjet.com\/wp-content\/uploads\/KMT-Group-Logo-72dpi.png","contentUrl":"https:\/\/kmtwaterjet.com\/wp-content\/uploads\/KMT-Group-Logo-72dpi.png"},{"@type":"BreadcrumbList","@id":"https:\/\/kmtwaterjet.com\/pl\/kontakt-dziekujemy-2\/#breadcrumb","itemListElement":[{"@type":"ListItem","position":1,"name":"Home","item":"https:\/\/kmtwaterjet.com\/pl\/"},{"@type":"ListItem","position":2,"name":"Komunikaty prasowe KMT"}]},{"@type":"WebSite","@id":"https:\/\/kmtwaterjet.com\/pl\/#website","url":"https:\/\/kmtwaterjet.com\/pl\/","name":"KMT Waterjet","description":"KMT Waterjet for waterjet cutting metal, stone, glass, steel and more","publisher":{"@id":"https:\/\/kmtwaterjet.com\/pl\/#organization"},"potentialAction":[{"@type":"SearchAction","target":{"@type":"EntryPoint","urlTemplate":"https:\/\/kmtwaterjet.com\/pl\/?s={search_term_string}"},"query-input":{"@type":"PropertyValueSpecification","valueRequired":true,"valueName":"search_term_string"}}],"inLanguage":"pl-PL"},{"@type":"Organization","@id":"https:\/\/kmtwaterjet.com\/pl\/#organization","name":"KMT Waterjet","url":"https:\/\/kmtwaterjet.com\/pl\/","logo":{"@type":"ImageObject","inLanguage":"pl-PL","@id":"https:\/\/kmtwaterjet.com\/pl\/#\/schema\/logo\/image\/","url":"https:\/\/kmtwaterjet.com\/wp-content\/uploads\/kmt_logo_2020.png","contentUrl":"https:\/\/kmtwaterjet.com\/wp-content\/uploads\/kmt_logo_2020.png","width":1002,"height":605,"caption":"KMT Waterjet"},"image":{"@id":"https:\/\/kmtwaterjet.com\/pl\/#\/schema\/logo\/image\/"}}]}},"_links":{"self":[{"href":"https:\/\/kmtwaterjet.com\/pl\/wp-json\/wp\/v2\/pages\/41156","targetHints":{"allow":["GET"]}}],"collection":[{"href":"https:\/\/kmtwaterjet.com\/pl\/wp-json\/wp\/v2\/pages"}],"about":[{"href":"https:\/\/kmtwaterjet.com\/pl\/wp-json\/wp\/v2\/types\/page"}],"author":[{"embeddable":true,"href":"https:\/\/kmtwaterjet.com\/pl\/wp-json\/wp\/v2\/users\/12"}],"replies":[{"embeddable":true,"href":"https:\/\/kmtwaterjet.com\/pl\/wp-json\/wp\/v2\/comments?post=41156"}],"version-history":[{"count":0,"href":"https:\/\/kmtwaterjet.com\/pl\/wp-json\/wp\/v2\/pages\/41156\/revisions"}],"wp:attachment":[{"href":"https:\/\/kmtwaterjet.com\/pl\/wp-json\/wp\/v2\/media?parent=41156"}],"wp:term":[{"taxonomy":"page-type","embeddable":true,"href":"https:\/\/kmtwaterjet.com\/pl\/wp-json\/wp\/v2\/page-type?post=41156"}],"curies":[{"name":"wp","href":"https:\/\/api.w.org\/{rel}","templated":true}]}}