{"id":31981,"date":"2024-03-07T11:33:07","date_gmt":"2024-03-07T17:33:07","guid":{"rendered":"https:\/\/kmtwaterjet.com\/kmt-contract-cutting-form-new-2019\/"},"modified":"2025-02-17T13:20:09","modified_gmt":"2025-02-17T19:20:09","slug":"kmt-contract-cutting-form-new-2019","status":"publish","type":"page","link":"https:\/\/kmtwaterjet.com\/pl\/kmt-contract-cutting-form-new-2019\/","title":{"rendered":"kmt-contract-cutting-form-new-2019"},"content":{"rendered":"\t\t<div data-elementor-type=\"wp-page\" data-elementor-id=\"31981\" class=\"elementor elementor-31981 elementor-9981\" data-elementor-post-type=\"page\">\n\t\t\t\t<div class=\"elementor-element elementor-element-0e9108d e-flex e-con-boxed e-con e-parent\" data-id=\"0e9108d\" data-element_type=\"container\" data-e-type=\"container\" data-settings=\"{&quot;background_background&quot;:&quot;classic&quot;,&quot;shape_divider_bottom&quot;:&quot;waves&quot;}\">\n\t\t\t\t\t<div class=\"e-con-inner\">\n\t\t\t\t<div class=\"elementor-shape elementor-shape-bottom\" aria-hidden=\"true\" data-negative=\"false\">\n\t\t\t<svg xmlns=\"http:\/\/www.w3.org\/2000\/svg\" viewBox=\"0 0 1000 100\" preserveAspectRatio=\"none\">\n\t<path class=\"elementor-shape-fill\" d=\"M421.9,6.5c22.6-2.5,51.5,0.4,75.5,5.3c23.6,4.9,70.9,23.5,100.5,35.7c75.8,32.2,133.7,44.5,192.6,49.7\n\tc23.6,2.1,48.7,3.5,103.4-2.5c54.7-6,106.2-25.6,106.2-25.6V0H0v30.3c0,0,72,32.6,158.4,30.5c39.2-0.7,92.8-6.7,134-22.4\n\tc21.2-8.1,52.2-18.2,79.7-24.2C399.3,7.9,411.6,7.5,421.9,6.5z\"\/>\n<\/svg>\t\t<\/div>\n\t\t<div class=\"elementor-element elementor-element-41b8436 e-flex e-con-boxed e-con e-child\" data-id=\"41b8436\" data-element_type=\"container\" data-e-type=\"container\">\n\t\t\t\t\t<div class=\"e-con-inner\">\n\t\t\t\t<div class=\"elementor-element elementor-element-4b20a65 elementor-widget elementor-widget-heading\" data-id=\"4b20a65\" data-element_type=\"widget\" data-e-type=\"widget\" data-settings=\"{&quot;motion_fx_motion_fx_scrolling&quot;:&quot;yes&quot;,&quot;motion_fx_opacity_effect&quot;:&quot;yes&quot;,&quot;motion_fx_opacity_direction&quot;:&quot;out-in-out&quot;,&quot;motion_fx_opacity_level&quot;:{&quot;unit&quot;:&quot;px&quot;,&quot;size&quot;:10,&quot;sizes&quot;:[]},&quot;motion_fx_opacity_range&quot;:{&quot;unit&quot;:&quot;%&quot;,&quot;size&quot;:&quot;&quot;,&quot;sizes&quot;:{&quot;start&quot;:20,&quot;end&quot;:80}},&quot;motion_fx_devices&quot;:[&quot;desktop&quot;,&quot;tablet&quot;,&quot;mobile&quot;]}\" data-widget_type=\"heading.default\">\n\t\t\t\t<div class=\"elementor-widget-container\">\n\t\t\t\t\t<h1 class=\"elementor-heading-title elementor-size-default\">Ci\u0119cie kontraktowe<\/h1>\t\t\t\t<\/div>\n\t\t\t\t<\/div>\n\t\t\t\t\t<\/div>\n\t\t\t\t<\/div>\n\t\t\t\t\t<\/div>\n\t\t\t\t<\/div>\n\t\t<div class=\"elementor-element elementor-element-20e8b0c e-flex e-con-boxed e-con e-parent\" data-id=\"20e8b0c\" data-element_type=\"container\" data-e-type=\"container\" data-settings=\"{&quot;background_background&quot;:&quot;classic&quot;,&quot;shape_divider_bottom&quot;:&quot;waves&quot;,&quot;shape_divider_bottom_negative&quot;:&quot;yes&quot;}\">\n\t\t\t\t\t<div class=\"e-con-inner\">\n\t\t\t\t<div class=\"elementor-shape elementor-shape-bottom\" aria-hidden=\"true\" data-negative=\"true\">\n\t\t\t<svg xmlns=\"http:\/\/www.w3.org\/2000\/svg\" viewBox=\"0 0 1000 100\" preserveAspectRatio=\"none\">\n\t<path class=\"elementor-shape-fill\" d=\"M790.5,93.1c-59.3-5.3-116.8-18-192.6-50c-29.6-12.7-76.9-31-100.5-35.9c-23.6-4.9-52.6-7.8-75.5-5.3\n\tc-10.2,1.1-22.6,1.4-50.1,7.4c-27.2,6.3-58.2,16.6-79.4,24.7c-41.3,15.9-94.9,21.9-134,22.6C72,58.2,0,25.8,0,25.8V100h1000V65.3\n\tc0,0-51.5,19.4-106.2,25.7C839.5,97,814.1,95.2,790.5,93.1z\"\/>\n<\/svg>\t\t<\/div>\n\t\t<div class=\"elementor-element elementor-element-3db032c e-con-full e-flex e-con e-child\" data-id=\"3db032c\" data-element_type=\"container\" data-e-type=\"container\">\n\t\t\t\t<div class=\"elementor-element elementor-element-d577189 elementor-widget__width-initial elementor-widget elementor-widget-heading\" data-id=\"d577189\" data-element_type=\"widget\" data-e-type=\"widget\" data-widget_type=\"heading.default\">\n\t\t\t\t<div class=\"elementor-widget-container\">\n\t\t\t\t\t<h2 class=\"elementor-heading-title elementor-size-default\">Formularz ci\u0119cia umowy<\/h2>\t\t\t\t<\/div>\n\t\t\t\t<\/div>\n\t\t\t\t<div class=\"elementor-element elementor-element-8ac114c elementor-widget-divider--view-line elementor-widget elementor-widget-divider\" data-id=\"8ac114c\" data-element_type=\"widget\" data-e-type=\"widget\" data-widget_type=\"divider.default\">\n\t\t\t\t<div class=\"elementor-widget-container\">\n\t\t\t\t\t\t\t<div class=\"elementor-divider\">\n\t\t\t<span class=\"elementor-divider-separator\">\n\t\t\t\t\t\t<\/span>\n\t\t<\/div>\n\t\t\t\t\t\t<\/div>\n\t\t\t\t<\/div>\n\t\t\t\t<div class=\"elementor-element elementor-element-7503a8e elementor-widget elementor-widget-text-editor\" data-id=\"7503a8e\" data-element_type=\"widget\" data-e-type=\"widget\" data-widget_type=\"text-editor.default\">\n\t\t\t\t<div class=\"elementor-widget-container\">\n\t\t\t\t\t\t\t\t\t<p>Je\u015bli szukasz wykonawcy ci\u0119cia strumieniem wody w swojej okolicy, wype\u0142nij poni\u017cszy formularz, a KMT znajdzie najbli\u017cszego operatora systemu Waterjet w Twojej okolicy.<\/p>\n\t\t\t\t\t\t\t\t<\/div>\n\t\t\t\t<\/div>\n\t\t\t\t<div class=\"elementor-element elementor-element-620adb9 elementor-button-align-start elementor-widget elementor-widget-form\" data-id=\"620adb9\" data-element_type=\"widget\" data-e-type=\"widget\" data-settings=\"{&quot;step_next_label&quot;:&quot;Nast\\u0119pny&quot;,&quot;step_previous_label&quot;:&quot;Poprzedni&quot;,&quot;button_width&quot;:&quot;100&quot;,&quot;step_type&quot;:&quot;number_text&quot;,&quot;step_icon_shape&quot;:&quot;circle&quot;}\" data-widget_type=\"form.default\">\n\t\t\t\t<div class=\"elementor-widget-container\">\n\t\t\t\t\t\t\t<form class=\"elementor-form\" method=\"post\" name=\"Nowy formularz\" aria-label=\"Nowy formularz\">\n\t\t\t<input type=\"hidden\" name=\"post_id\" value=\"31981\"\/>\n\t\t\t<input type=\"hidden\" name=\"form_id\" value=\"620adb9\"\/>\n\t\t\t<input type=\"hidden\" name=\"referer_title\" value=\"kmt-contract-cutting-form-new-2019 | KMT Waterjet\" \/>\n\n\t\t\t\t\t\t\t<input type=\"hidden\" name=\"queried_id\" value=\"31981\"\/>\n\t\t\t\n\t\t\t<div class=\"elementor-form-fields-wrapper elementor-labels-above\">\n\t\t\t\t\t\t\t\t<div class=\"elementor-field-type-checkbox elementor-field-group elementor-column elementor-field-group-name elementor-col-100\">\n\t\t\t\t\t\t\t\t\t\t\t\t<label for=\"form-field-name\" class=\"elementor-field-label\">\n\t\t\t\t\t\t\t\t  Moja firma g\u0142\u00f3wnie tnie (zaznacz wszystkie, kt\u00f3re maj\u0105 zastosowanie):\t\t\t\t\t\t\t<\/label>\n\t\t\t\t\t\t<div class=\"elementor-field-subgroup  \"><span class=\"elementor-field-option\"><input type=\"checkbox\" value=\"Aluminium\/\u017celazo\/stal\" id=\"form-field-name-0\" name=\"form_fields[name][]\"> <label for=\"form-field-name-0\">Aluminium\/\u017celazo\/stal<\/label><\/span><span class=\"elementor-field-option\"><input type=\"checkbox\" value=\"Kamie\u0144\/marmur\/p\u0142ytki\" id=\"form-field-name-1\" name=\"form_fields[name][]\"> <label for=\"form-field-name-1\">Kamie\u0144\/marmur\/p\u0142ytki<\/label><\/span><span class=\"elementor-field-option\"><input type=\"checkbox\" value=\"Stal nierdzewna\/tytan\/stal hartowana\" id=\"form-field-name-2\" name=\"form_fields[name][]\"> <label for=\"form-field-name-2\">Stal nierdzewna\/tytan\/stal hartowana<\/label><\/span><span class=\"elementor-field-option\"><input type=\"checkbox\" value=\"Pianka\/guma\" id=\"form-field-name-3\" name=\"form_fields[name][]\"> <label for=\"form-field-name-3\">Pianka\/guma<\/label><\/span><span class=\"elementor-field-option\"><input type=\"checkbox\" value=\"\u017bywno\u015b\u0107\" id=\"form-field-name-4\" name=\"form_fields[name][]\"> <label for=\"form-field-name-4\">\u017bywno\u015b\u0107<\/label><\/span><span class=\"elementor-field-option\"><input type=\"checkbox\" value=\"Szk\u0142o\" id=\"form-field-name-5\" name=\"form_fields[name][]\"> <label for=\"form-field-name-5\">Szk\u0142o<\/label><\/span><span class=\"elementor-field-option\"><input type=\"checkbox\" value=\"W\u0142\u00f3kno w\u0119glowe\/materia\u0142 specjalny\" id=\"form-field-name-6\" name=\"form_fields[name][]\"> <label for=\"form-field-name-6\">W\u0142\u00f3kno w\u0119glowe\/materia\u0142 specjalny<\/label><\/span><\/div>\t\t\t\t<\/div>\n\t\t\t\t\t\t\t\t<div class=\"elementor-field-type-text elementor-field-group elementor-column elementor-field-group-field_0ffc97f elementor-col-100 elementor-field-required\">\n\t\t\t\t\t\t\t\t\t\t\t\t\t<input size=\"1\" type=\"text\" name=\"form_fields[field_0ffc97f]\" id=\"form-field-field_0ffc97f\" class=\"elementor-field elementor-size-sm  elementor-field-textual\" placeholder=\"Opis us\u0142ugi \u015bwiadczonej przez firm\u0119:\" required=\"required\">\n\t\t\t\t\t\t\t\t\t\t\t<\/div>\n\t\t\t\t\t\t\t\t<div class=\"elementor-field-type-text elementor-field-group elementor-column elementor-field-group-field_08fbfb3 elementor-col-100 elementor-field-required\">\n\t\t\t\t\t\t\t\t\t\t\t\t\t<input size=\"1\" type=\"text\" name=\"form_fields[field_08fbfb3]\" id=\"form-field-field_08fbfb3\" class=\"elementor-field elementor-size-sm  elementor-field-textual\" placeholder=\"Nazwa firmy\" required=\"required\">\n\t\t\t\t\t\t\t\t\t\t\t<\/div>\n\t\t\t\t\t\t\t\t<div class=\"elementor-field-type-text elementor-field-group elementor-column elementor-field-group-email elementor-col-100 elementor-field-required\">\n\t\t\t\t\t\t\t\t\t\t\t\t\t<input size=\"1\" type=\"text\" name=\"form_fields[email]\" id=\"form-field-email\" class=\"elementor-field elementor-size-sm  elementor-field-textual\" placeholder=\"Adres do korespondencji\" required=\"required\">\n\t\t\t\t\t\t\t\t\t\t\t<\/div>\n\t\t\t\t\t\t\t\t<div class=\"elementor-field-type-text elementor-field-group elementor-column elementor-field-group-field_898180c elementor-col-100 elementor-field-required\">\n\t\t\t\t\t\t\t\t\t\t\t\t\t<input size=\"1\" type=\"text\" name=\"form_fields[field_898180c]\" id=\"form-field-field_898180c\" class=\"elementor-field elementor-size-sm  elementor-field-textual\" placeholder=\"Miasto\" required=\"required\">\n\t\t\t\t\t\t\t\t\t\t\t<\/div>\n\t\t\t\t\t\t\t\t<div class=\"elementor-field-type-text elementor-field-group elementor-column elementor-field-group-field_2665c84 elementor-col-100 elementor-field-required\">\n\t\t\t\t\t\t\t\t\t\t\t\t\t<input size=\"1\" type=\"text\" name=\"form_fields[field_2665c84]\" id=\"form-field-field_2665c84\" class=\"elementor-field elementor-size-sm  elementor-field-textual\" placeholder=\"Stan\" required=\"required\">\n\t\t\t\t\t\t\t\t\t\t\t<\/div>\n\t\t\t\t\t\t\t\t<div class=\"elementor-field-type-text elementor-field-group elementor-column elementor-field-group-field_2b32b6a elementor-col-100 elementor-field-required\">\n\t\t\t\t\t\t\t\t\t\t\t\t\t<input size=\"1\" type=\"text\" name=\"form_fields[field_2b32b6a]\" id=\"form-field-field_2b32b6a\" class=\"elementor-field elementor-size-sm  elementor-field-textual\" placeholder=\"Zamek b\u0142yskawiczny\" required=\"required\">\n\t\t\t\t\t\t\t\t\t\t\t<\/div>\n\t\t\t\t\t\t\t\t<div class=\"elementor-field-type-text elementor-field-group elementor-column elementor-field-group-field_895169d elementor-col-100 elementor-field-required\">\n\t\t\t\t\t\t\t\t\t\t\t\t\t<input size=\"1\" type=\"text\" name=\"form_fields[field_895169d]\" id=\"form-field-field_895169d\" class=\"elementor-field elementor-size-sm  elementor-field-textual\" placeholder=\"Adres internetowy firmy\" required=\"required\">\n\t\t\t\t\t\t\t\t\t\t\t<\/div>\n\t\t\t\t\t\t\t\t<div class=\"elementor-field-type-text elementor-field-group elementor-column elementor-field-group-field_6ca3caa elementor-col-100 elementor-field-required\">\n\t\t\t\t\t\t\t\t\t\t\t\t\t<input size=\"1\" type=\"text\" name=\"form_fields[field_6ca3caa]\" id=\"form-field-field_6ca3caa\" class=\"elementor-field elementor-size-sm  elementor-field-textual\" placeholder=\"Nazwa kontaktu\" required=\"required\">\n\t\t\t\t\t\t\t\t\t\t\t<\/div>\n\t\t\t\t\t\t\t\t<div class=\"elementor-field-type-tel elementor-field-group elementor-column elementor-field-group-field_6bec390 elementor-col-100 elementor-field-required\">\n\t\t\t\t\t\t\t<input size=\"1\" type=\"tel\" name=\"form_fields[field_6bec390]\" id=\"form-field-field_6bec390\" class=\"elementor-field elementor-size-sm  elementor-field-textual\" placeholder=\"Numer telefonu do biura\" required=\"required\" pattern=\"[0-9()#&amp;+*-=.]+\" title=\"Akceptowane s\u0105 jedynie cyfry i znaki telefoniczne (#,-,*).\">\n\n\t\t\t\t\t\t<\/div>\n\t\t\t\t\t\t\t\t<div class=\"elementor-field-type-tel elementor-field-group elementor-column elementor-field-group-field_08cb0c3 elementor-col-100 elementor-field-required\">\n\t\t\t\t\t\t\t<input size=\"1\" type=\"tel\" name=\"form_fields[field_08cb0c3]\" id=\"form-field-field_08cb0c3\" class=\"elementor-field elementor-size-sm  elementor-field-textual\" placeholder=\"Numer telefonu kom\u00f3rkowego\" required=\"required\" pattern=\"[0-9()#&amp;+*-=.]+\" title=\"Akceptowane s\u0105 jedynie cyfry i znaki telefoniczne (#,-,*).\">\n\n\t\t\t\t\t\t<\/div>\n\t\t\t\t\t\t\t\t<div class=\"elementor-field-type-email elementor-field-group elementor-column elementor-field-group-field_83b6f6d elementor-col-100 elementor-field-required\">\n\t\t\t\t\t\t\t\t\t\t\t\t\t<input size=\"1\" type=\"email\" name=\"form_fields[field_83b6f6d]\" id=\"form-field-field_83b6f6d\" class=\"elementor-field elementor-size-sm  elementor-field-textual\" placeholder=\"Adres e-mail\" required=\"required\">\n\t\t\t\t\t\t\t\t\t\t\t<\/div>\n\t\t\t\t\t\t\t\t<div class=\"elementor-field-group elementor-column elementor-field-type-submit elementor-col-100 e-form__buttons\">\n\t\t\t\t\t<button class=\"elementor-button elementor-size-sm\" type=\"submit\">\n\t\t\t\t\t\t<span class=\"elementor-button-content-wrapper\">\n\t\t\t\t\t\t\t\t\t\t\t\t\t\t\t\t\t\t\t\t\t\t<span class=\"elementor-button-text\">Prze\u015blij<\/span>\n\t\t\t\t\t\t\t\t\t\t\t\t\t<\/span>\n\t\t\t\t\t<\/button>\n\t\t\t\t<\/div>\n\t\t\t<\/div>\n\t\t<\/form>\n\t\t\t\t\t\t<\/div>\n\t\t\t\t<\/div>\n\t\t\t\t<\/div>\n\t\t\t\t\t<\/div>\n\t\t\t\t<\/div>\n\t\t\t\t<\/div>\n\t\t","protected":false},"excerpt":{"rendered":"<p>Ci\u0119cie kontraktowe Formularz ci\u0119cia umowy Je\u015bli szukasz wykonawcy ci\u0119cia strumieniem wody w swojej okolicy, wype\u0142nij poni\u017cszy formularz, a KMT znajdzie najbli\u017cszego operatora systemu Waterjet w Twojej okolicy.<\/p>\n","protected":false},"author":18,"featured_media":0,"parent":0,"menu_order":0,"comment_status":"closed","ping_status":"closed","template":"elementor_header_footer","meta":{"_acf_changed":false,"footnotes":""},"page-type":[],"class_list":["post-31981","page","type-page","status-publish","hentry"],"acf":[],"yoast_head":"<!-- This site is optimized with the Yoast SEO plugin v27.3 - https:\/\/yoast.com\/product\/yoast-seo-wordpress\/ -->\n<title>kmt-contract-cutting-form-new-2019 | KMT Waterjet<\/title>\n<meta name=\"description\" content=\"Wype\u0142nij formularz, aby po\u0142\u0105czy\u0107 si\u0119 z pobliskim wykonawc\u0105 us\u0142ug ci\u0119cia strumieniem wody.\" \/>\n<meta name=\"robots\" content=\"index, follow, max-snippet:-1, max-image-preview:large, max-video-preview:-1\" \/>\n<link rel=\"canonical\" href=\"https:\/\/kmtwaterjet.com\/pl\/kmt-contract-cutting-form-new-2019\/\" \/>\n<meta property=\"og:locale\" content=\"pl_PL\" \/>\n<meta property=\"og:type\" content=\"article\" \/>\n<meta property=\"og:title\" content=\"kmt-contract-cutting-form-new-2019 | KMT Waterjet\" \/>\n<meta property=\"og:description\" content=\"Wype\u0142nij formularz, aby po\u0142\u0105czy\u0107 si\u0119 z pobliskim wykonawc\u0105 us\u0142ug ci\u0119cia strumieniem wody.\" \/>\n<meta property=\"og:url\" content=\"https:\/\/kmtwaterjet.com\/pl\/kmt-contract-cutting-form-new-2019\/\" \/>\n<meta property=\"og:site_name\" content=\"KMT Waterjet\" \/>\n<meta property=\"article:modified_time\" content=\"2025-02-17T19:20:09+00:00\" \/>\n<meta property=\"og:image\" content=\"https:\/\/kmtwaterjet.com\/wp-content\/uploads\/KMT-Social-Sharing.jpg\" \/>\n\t<meta property=\"og:image:width\" content=\"1200\" \/>\n\t<meta property=\"og:image:height\" content=\"675\" \/>\n\t<meta property=\"og:image:type\" content=\"image\/jpeg\" \/>\n<meta name=\"twitter:card\" content=\"summary_large_image\" \/>\n<script type=\"application\/ld+json\" class=\"yoast-schema-graph\">{\"@context\":\"https:\\\/\\\/schema.org\",\"@graph\":[{\"@type\":\"WebPage\",\"@id\":\"https:\\\/\\\/kmtwaterjet.com\\\/pl\\\/kmt-contract-cutting-form-new-2019\\\/\",\"url\":\"https:\\\/\\\/kmtwaterjet.com\\\/pl\\\/kmt-contract-cutting-form-new-2019\\\/\",\"name\":\"kmt-contract-cutting-form-new-2019 | KMT Waterjet\",\"isPartOf\":{\"@id\":\"https:\\\/\\\/kmtwaterjet.com\\\/pl\\\/#website\"},\"datePublished\":\"2024-03-07T17:33:07+00:00\",\"dateModified\":\"2025-02-17T19:20:09+00:00\",\"description\":\"Wype\u0142nij formularz, aby po\u0142\u0105czy\u0107 si\u0119 z pobliskim wykonawc\u0105 us\u0142ug ci\u0119cia strumieniem wody.\",\"breadcrumb\":{\"@id\":\"https:\\\/\\\/kmtwaterjet.com\\\/pl\\\/kmt-contract-cutting-form-new-2019\\\/#breadcrumb\"},\"inLanguage\":\"pl-PL\",\"potentialAction\":[{\"@type\":\"ReadAction\",\"target\":[\"https:\\\/\\\/kmtwaterjet.com\\\/pl\\\/kmt-contract-cutting-form-new-2019\\\/\"]}]},{\"@type\":\"BreadcrumbList\",\"@id\":\"https:\\\/\\\/kmtwaterjet.com\\\/pl\\\/kmt-contract-cutting-form-new-2019\\\/#breadcrumb\",\"itemListElement\":[{\"@type\":\"ListItem\",\"position\":1,\"name\":\"Home\",\"item\":\"https:\\\/\\\/kmtwaterjet.com\\\/pl\\\/\"},{\"@type\":\"ListItem\",\"position\":2,\"name\":\"kmt-contract-cutting-form-new-2019\"}]},{\"@type\":\"WebSite\",\"@id\":\"https:\\\/\\\/kmtwaterjet.com\\\/pl\\\/#website\",\"url\":\"https:\\\/\\\/kmtwaterjet.com\\\/pl\\\/\",\"name\":\"KMT Waterjet\",\"description\":\"KMT Waterjet for waterjet cutting metal, stone, glass, steel and more\",\"publisher\":{\"@id\":\"https:\\\/\\\/kmtwaterjet.com\\\/pl\\\/#organization\"},\"potentialAction\":[{\"@type\":\"SearchAction\",\"target\":{\"@type\":\"EntryPoint\",\"urlTemplate\":\"https:\\\/\\\/kmtwaterjet.com\\\/pl\\\/?s={search_term_string}\"},\"query-input\":{\"@type\":\"PropertyValueSpecification\",\"valueRequired\":true,\"valueName\":\"search_term_string\"}}],\"inLanguage\":\"pl-PL\"},{\"@type\":\"Organization\",\"@id\":\"https:\\\/\\\/kmtwaterjet.com\\\/pl\\\/#organization\",\"name\":\"KMT Waterjet\",\"url\":\"https:\\\/\\\/kmtwaterjet.com\\\/pl\\\/\",\"logo\":{\"@type\":\"ImageObject\",\"inLanguage\":\"pl-PL\",\"@id\":\"https:\\\/\\\/kmtwaterjet.com\\\/pl\\\/#\\\/schema\\\/logo\\\/image\\\/\",\"url\":\"https:\\\/\\\/kmtwaterjet.com\\\/wp-content\\\/uploads\\\/kmt_logo_2020.png\",\"contentUrl\":\"https:\\\/\\\/kmtwaterjet.com\\\/wp-content\\\/uploads\\\/kmt_logo_2020.png\",\"width\":1002,\"height\":605,\"caption\":\"KMT Waterjet\"},\"image\":{\"@id\":\"https:\\\/\\\/kmtwaterjet.com\\\/pl\\\/#\\\/schema\\\/logo\\\/image\\\/\"}}]}<\/script>\n<!-- \/ Yoast SEO plugin. -->","yoast_head_json":{"title":"kmt-contract-cutting-form-new-2019 | KMT Waterjet","description":"Wype\u0142nij formularz, aby po\u0142\u0105czy\u0107 si\u0119 z pobliskim wykonawc\u0105 us\u0142ug ci\u0119cia strumieniem wody.","robots":{"index":"index","follow":"follow","max-snippet":"max-snippet:-1","max-image-preview":"max-image-preview:large","max-video-preview":"max-video-preview:-1"},"canonical":"https:\/\/kmtwaterjet.com\/pl\/kmt-contract-cutting-form-new-2019\/","og_locale":"pl_PL","og_type":"article","og_title":"kmt-contract-cutting-form-new-2019 | KMT Waterjet","og_description":"Wype\u0142nij formularz, aby po\u0142\u0105czy\u0107 si\u0119 z pobliskim wykonawc\u0105 us\u0142ug ci\u0119cia strumieniem wody.","og_url":"https:\/\/kmtwaterjet.com\/pl\/kmt-contract-cutting-form-new-2019\/","og_site_name":"KMT Waterjet","article_modified_time":"2025-02-17T19:20:09+00:00","og_image":[{"width":1200,"height":675,"url":"https:\/\/kmtwaterjet.com\/wp-content\/uploads\/KMT-Social-Sharing.jpg","type":"image\/jpeg"}],"twitter_card":"summary_large_image","schema":{"@context":"https:\/\/schema.org","@graph":[{"@type":"WebPage","@id":"https:\/\/kmtwaterjet.com\/pl\/kmt-contract-cutting-form-new-2019\/","url":"https:\/\/kmtwaterjet.com\/pl\/kmt-contract-cutting-form-new-2019\/","name":"kmt-contract-cutting-form-new-2019 | KMT Waterjet","isPartOf":{"@id":"https:\/\/kmtwaterjet.com\/pl\/#website"},"datePublished":"2024-03-07T17:33:07+00:00","dateModified":"2025-02-17T19:20:09+00:00","description":"Wype\u0142nij formularz, aby po\u0142\u0105czy\u0107 si\u0119 z pobliskim wykonawc\u0105 us\u0142ug ci\u0119cia strumieniem wody.","breadcrumb":{"@id":"https:\/\/kmtwaterjet.com\/pl\/kmt-contract-cutting-form-new-2019\/#breadcrumb"},"inLanguage":"pl-PL","potentialAction":[{"@type":"ReadAction","target":["https:\/\/kmtwaterjet.com\/pl\/kmt-contract-cutting-form-new-2019\/"]}]},{"@type":"BreadcrumbList","@id":"https:\/\/kmtwaterjet.com\/pl\/kmt-contract-cutting-form-new-2019\/#breadcrumb","itemListElement":[{"@type":"ListItem","position":1,"name":"Home","item":"https:\/\/kmtwaterjet.com\/pl\/"},{"@type":"ListItem","position":2,"name":"kmt-contract-cutting-form-new-2019"}]},{"@type":"WebSite","@id":"https:\/\/kmtwaterjet.com\/pl\/#website","url":"https:\/\/kmtwaterjet.com\/pl\/","name":"KMT Waterjet","description":"KMT Waterjet for waterjet cutting metal, stone, glass, steel and more","publisher":{"@id":"https:\/\/kmtwaterjet.com\/pl\/#organization"},"potentialAction":[{"@type":"SearchAction","target":{"@type":"EntryPoint","urlTemplate":"https:\/\/kmtwaterjet.com\/pl\/?s={search_term_string}"},"query-input":{"@type":"PropertyValueSpecification","valueRequired":true,"valueName":"search_term_string"}}],"inLanguage":"pl-PL"},{"@type":"Organization","@id":"https:\/\/kmtwaterjet.com\/pl\/#organization","name":"KMT Waterjet","url":"https:\/\/kmtwaterjet.com\/pl\/","logo":{"@type":"ImageObject","inLanguage":"pl-PL","@id":"https:\/\/kmtwaterjet.com\/pl\/#\/schema\/logo\/image\/","url":"https:\/\/kmtwaterjet.com\/wp-content\/uploads\/kmt_logo_2020.png","contentUrl":"https:\/\/kmtwaterjet.com\/wp-content\/uploads\/kmt_logo_2020.png","width":1002,"height":605,"caption":"KMT Waterjet"},"image":{"@id":"https:\/\/kmtwaterjet.com\/pl\/#\/schema\/logo\/image\/"}}]}},"_links":{"self":[{"href":"https:\/\/kmtwaterjet.com\/pl\/wp-json\/wp\/v2\/pages\/31981","targetHints":{"allow":["GET"]}}],"collection":[{"href":"https:\/\/kmtwaterjet.com\/pl\/wp-json\/wp\/v2\/pages"}],"about":[{"href":"https:\/\/kmtwaterjet.com\/pl\/wp-json\/wp\/v2\/types\/page"}],"author":[{"embeddable":true,"href":"https:\/\/kmtwaterjet.com\/pl\/wp-json\/wp\/v2\/users\/18"}],"replies":[{"embeddable":true,"href":"https:\/\/kmtwaterjet.com\/pl\/wp-json\/wp\/v2\/comments?post=31981"}],"version-history":[{"count":0,"href":"https:\/\/kmtwaterjet.com\/pl\/wp-json\/wp\/v2\/pages\/31981\/revisions"}],"wp:attachment":[{"href":"https:\/\/kmtwaterjet.com\/pl\/wp-json\/wp\/v2\/media?parent=31981"}],"wp:term":[{"taxonomy":"page-type","embeddable":true,"href":"https:\/\/kmtwaterjet.com\/pl\/wp-json\/wp\/v2\/page-type?post=31981"}],"curies":[{"name":"wp","href":"https:\/\/api.w.org\/{rel}","templated":true}]}}