{"id":31144,"date":"2024-06-13T10:51:26","date_gmt":"2024-06-13T15:51:26","guid":{"rendered":"https:\/\/kmtwaterjet.com\/misc-krojenie-chleba-strumieniem-wody-korzysci-z-krojenia-zywnosci\/"},"modified":"2025-03-20T12:53:33","modified_gmt":"2025-03-20T17:53:33","slug":"misc-krojenie-chleba-strumieniem-wody-korzysci-z-krojenia-zywnosci","status":"publish","type":"page","link":"https:\/\/kmtwaterjet.com\/pl\/misc-krojenie-chleba-strumieniem-wody-korzysci-z-krojenia-zywnosci\/","title":{"rendered":"Ci\u0119cie chleba strumieniem wody: Korzy\u015bci z krojenia \u017cywno\u015bci"},"content":{"rendered":"\t\t<div data-elementor-type=\"wp-page\" data-elementor-id=\"31144\" class=\"elementor elementor-31144 elementor-2256\" data-elementor-post-type=\"page\">\n\t\t\t\t<div class=\"elementor-element elementor-element-0e9108d e-flex e-con-boxed e-con e-parent\" data-id=\"0e9108d\" data-element_type=\"container\" data-e-type=\"container\" data-settings=\"{&quot;background_background&quot;:&quot;classic&quot;,&quot;shape_divider_bottom&quot;:&quot;mountains&quot;}\">\n\t\t\t\t\t<div class=\"e-con-inner\">\n\t\t\t\t<div class=\"elementor-shape elementor-shape-bottom\" aria-hidden=\"true\" data-negative=\"false\">\n\t\t\t<svg xmlns=\"http:\/\/www.w3.org\/2000\/svg\" viewBox=\"0 0 1000 100\" preserveAspectRatio=\"none\">\n\t<path class=\"elementor-shape-fill\" opacity=\"0.33\" d=\"M473,67.3c-203.9,88.3-263.1-34-320.3,0C66,119.1,0,59.7,0,59.7V0h1000v59.7 c0,0-62.1,26.1-94.9,29.3c-32.8,3.3-62.8-12.3-75.8-22.1C806,49.6,745.3,8.7,694.9,4.7S492.4,59,473,67.3z\"\/>\n\t<path class=\"elementor-shape-fill\" opacity=\"0.66\" d=\"M734,67.3c-45.5,0-77.2-23.2-129.1-39.1c-28.6-8.7-150.3-10.1-254,39.1 s-91.7-34.4-149.2,0C115.7,118.3,0,39.8,0,39.8V0h1000v36.5c0,0-28.2-18.5-92.1-18.5C810.2,18.1,775.7,67.3,734,67.3z\"\/>\n\t<path class=\"elementor-shape-fill\" d=\"M766.1,28.9c-200-57.5-266,65.5-395.1,19.5C242,1.8,242,5.4,184.8,20.6C128,35.8,132.3,44.9,89.9,52.5C28.6,63.7,0,0,0,0 h1000c0,0-9.9,40.9-83.6,48.1S829.6,47,766.1,28.9z\"\/>\n<\/svg>\t\t<\/div>\n\t\t<div class=\"elementor-element elementor-element-41b8436 e-con-full e-flex e-con e-child\" data-id=\"41b8436\" data-element_type=\"container\" data-e-type=\"container\">\n\t\t\t\t<div class=\"elementor-element elementor-element-4b20a65 elementor-widget elementor-widget-heading\" data-id=\"4b20a65\" data-element_type=\"widget\" data-e-type=\"widget\" data-settings=\"{&quot;motion_fx_motion_fx_scrolling&quot;:&quot;yes&quot;,&quot;motion_fx_opacity_effect&quot;:&quot;yes&quot;,&quot;motion_fx_opacity_direction&quot;:&quot;out-in-out&quot;,&quot;motion_fx_opacity_level&quot;:{&quot;unit&quot;:&quot;px&quot;,&quot;size&quot;:10,&quot;sizes&quot;:[]},&quot;motion_fx_opacity_range&quot;:{&quot;unit&quot;:&quot;%&quot;,&quot;size&quot;:&quot;&quot;,&quot;sizes&quot;:{&quot;start&quot;:20,&quot;end&quot;:80}},&quot;motion_fx_devices&quot;:[&quot;desktop&quot;,&quot;tablet&quot;,&quot;mobile&quot;]}\" data-widget_type=\"heading.default\">\n\t\t\t\t<div class=\"elementor-widget-container\">\n\t\t\t\t\t<h1 class=\"elementor-heading-title elementor-size-default\">Systemy strumienia wody do ci\u0119cia chleba i grzanek<\/h1>\t\t\t\t<\/div>\n\t\t\t\t<\/div>\n\t\t\t\t<\/div>\n\t\t\t\t\t<\/div>\n\t\t\t\t<\/div>\n\t\t<div class=\"elementor-element elementor-element-20e8b0c e-flex e-con-boxed e-con e-parent\" data-id=\"20e8b0c\" data-element_type=\"container\" data-e-type=\"container\" data-settings=\"{&quot;background_background&quot;:&quot;classic&quot;}\">\n\t\t\t\t\t<div class=\"e-con-inner\">\n\t\t<div class=\"elementor-element elementor-element-3db032c e-con-full e-flex e-con e-child\" data-id=\"3db032c\" data-element_type=\"container\" data-e-type=\"container\">\n\t\t\t\t<div class=\"elementor-element elementor-element-d577189 elementor-widget__width-initial elementor-widget elementor-widget-heading\" data-id=\"d577189\" data-element_type=\"widget\" data-e-type=\"widget\" data-widget_type=\"heading.default\">\n\t\t\t\t<div class=\"elementor-widget-container\">\n\t\t\t\t\t<h2 class=\"elementor-heading-title elementor-size-default\">Krojenie chleba na grzanki za pomoc\u0105 KMT Waterjet\n<\/h2>\t\t\t\t<\/div>\n\t\t\t\t<\/div>\n\t\t\t\t<div class=\"elementor-element elementor-element-8ac114c elementor-widget-divider--view-line elementor-widget elementor-widget-divider\" data-id=\"8ac114c\" data-element_type=\"widget\" data-e-type=\"widget\" data-widget_type=\"divider.default\">\n\t\t\t\t<div class=\"elementor-widget-container\">\n\t\t\t\t\t\t\t<div class=\"elementor-divider\">\n\t\t\t<span class=\"elementor-divider-separator\">\n\t\t\t\t\t\t<\/span>\n\t\t<\/div>\n\t\t\t\t\t\t<\/div>\n\t\t\t\t<\/div>\n\t\t<div class=\"elementor-element elementor-element-cf345b2 e-flex e-con-boxed e-con e-child\" data-id=\"cf345b2\" data-element_type=\"container\" data-e-type=\"container\">\n\t\t\t\t\t<div class=\"e-con-inner\">\n\t\t\t\t<div class=\"elementor-element elementor-element-7503a8e elementor-widget elementor-widget-text-editor\" data-id=\"7503a8e\" data-element_type=\"widget\" data-e-type=\"widget\" data-widget_type=\"text-editor.default\">\n\t\t\t\t<div class=\"elementor-widget-container\">\n\t\t\t\t\t\t\t\t\t<p>Ci\u0119cie chleba strumieniem wody. Nigdy o tym nie s\u0142ysza\u0142e\u015b? <\/p><p>W produkcji \u017cywno\u015bci tradycyjne metody krojenia stwarzaj\u0105 wyzwania, takie jak cz\u0119sta wymiana ostrzy i odpady. Ci\u0119cie strumieniem wody zapewnia precyzyjne, wydajne krojenie bez zu\u017cycia ostrza i przestoj\u00f3w. <\/p><p><strong>Ostrza wymagaj\u0105 cz\u0119stej wymiany<\/strong>, czyszczenia i konserwacji, co prowadzi do strat i przestoj\u00f3w.<\/p><p><strong>Ci\u0119cie strumieniem wody <\/strong>z pr\u0119dko\u015bci\u0105 Mach II zapewnia precyzyjne ci\u0119cie bez mia\u017cd\u017cenia chleba.<img fetchpriority=\"high\" decoding=\"async\" class=\"alignright size-medium wp-image-23333\" src=\"https:\/\/kmtwaterjet.com\/wp-content\/uploads\/WATERJET-CUTTING-BREAD-CAKE-BAKED-GOODS-300x200.jpg\" alt=\"\" width=\"300\" height=\"200\" srcset=\"https:\/\/kmtwaterjet.com\/wp-content\/uploads\/WATERJET-CUTTING-BREAD-CAKE-BAKED-GOODS-300x200.jpg 300w, https:\/\/kmtwaterjet.com\/wp-content\/uploads\/WATERJET-CUTTING-BREAD-CAKE-BAKED-GOODS-768x512.jpg 768w, https:\/\/kmtwaterjet.com\/wp-content\/uploads\/WATERJET-CUTTING-BREAD-CAKE-BAKED-GOODS.jpg 900w\" sizes=\"(max-width: 300px) 100vw, 300px\" \/><\/p><p><strong>Praktycznie nie ma odpad\u00f3w<\/strong>, co skutkuje wy\u017csz\u0105 wydajno\u015bci\u0105 i sp\u00f3jnymi produktami ko\u0144cowymi.<\/p><p><strong>Wiele dysz do ci\u0119cia czystym strumieniem wody<\/strong> maksymalizuje produktywno\u015b\u0107 i wydajno\u015b\u0107, dostosowuj\u0105c si\u0119 do r\u00f3\u017cnych rodzaj\u00f3w i rozmiar\u00f3w pieczywa.<\/p><p><strong>Standardy higieny<\/strong> i eliminuje potrzeb\u0119 wymiany ostrza, skracaj\u0105c czas przestoju.\nCi\u0119cie strumieniem wody pozwala zachowa\u0107 wysokie standardy higieny, co ma kluczowe znaczenie w przetw\u00f3rstwie \u017cywno\u015bci. <\/p><p><strong>Zwi\u0119kszona wydajno\u015b\u0107 <\/strong>i oszcz\u0119dno\u015b\u0107 czasu dzi\u0119ki ci\u0119ciu strumieniem wody, nawet do podwojenia wydajno\u015bci w por\u00f3wnaniu z tradycyjnymi metodami.<\/p><p><strong>Precyzyjne ci\u0119cia:<\/strong> Technologia strumienia wody zapewnia precyzyjne krojenie bez mia\u017cd\u017cenia chleba.<\/p><p><strong>Brak odpad\u00f3w:<\/strong> Dzi\u0119ki ci\u0119ciu strumieniem wody praktycznie nie ma odpad\u00f3w, co skutkuje wy\u017csz\u0105 wydajno\u015bci\u0105.<\/p><p><strong>Sta\u0142e ci\u0119cie strumieniem wody<\/strong>: Za ka\u017cdym razem mo\u017cna cieszy\u0107 si\u0119 sp\u00f3jnym ci\u0119ciem strumieniem wody, co zapewnia jednolit\u0105 prezentacj\u0119 produktu.<\/p><p><strong>Wydajno\u015b\u0107:<\/strong> Ci\u0119cie strumieniem wody minimalizuje przestoje zwi\u0105zane z wymian\u0105 ostrza i konserwacj\u0105.<\/p><p><strong>Wszechstronno\u015b\u0107:<\/strong> Dostosowanie technologii strumienia wody do r\u00f3\u017cnych rodzaj\u00f3w i rozmiar\u00f3w pieczywa, zwi\u0119kszaj\u0105ce elastyczno\u015b\u0107 produkcji.<\/p><p><strong>\u0141atwo\u015b\u0107 czyszczenia:<\/strong> Wszystkie przeno\u015bniki KMT OEM s\u0105 wykonane ze stali nierdzewnej, co umo\u017cliwia ich szybkie czyszczenie na koniec dnia produkcyjnego.<\/p>\t\t\t\t\t\t\t\t<\/div>\n\t\t\t\t<\/div>\n\t\t\t\t\t<\/div>\n\t\t\t\t<\/div>\n\t\t\t\t<\/div>\n\t\t\t\t\t<\/div>\n\t\t\t\t<\/div>\n\t\t<div class=\"elementor-element elementor-element-226af80 e-flex e-con-boxed e-con e-parent\" data-id=\"226af80\" data-element_type=\"container\" data-e-type=\"container\" data-settings=\"{&quot;background_background&quot;:&quot;classic&quot;,&quot;shape_divider_top&quot;:&quot;mountains&quot;,&quot;shape_divider_bottom&quot;:&quot;mountains&quot;}\">\n\t\t\t\t\t<div class=\"e-con-inner\">\n\t\t\t\t<div class=\"elementor-shape elementor-shape-top\" aria-hidden=\"true\" data-negative=\"false\">\n\t\t\t<svg xmlns=\"http:\/\/www.w3.org\/2000\/svg\" viewBox=\"0 0 1000 100\" preserveAspectRatio=\"none\">\n\t<path class=\"elementor-shape-fill\" opacity=\"0.33\" d=\"M473,67.3c-203.9,88.3-263.1-34-320.3,0C66,119.1,0,59.7,0,59.7V0h1000v59.7 c0,0-62.1,26.1-94.9,29.3c-32.8,3.3-62.8-12.3-75.8-22.1C806,49.6,745.3,8.7,694.9,4.7S492.4,59,473,67.3z\"\/>\n\t<path class=\"elementor-shape-fill\" opacity=\"0.66\" d=\"M734,67.3c-45.5,0-77.2-23.2-129.1-39.1c-28.6-8.7-150.3-10.1-254,39.1 s-91.7-34.4-149.2,0C115.7,118.3,0,39.8,0,39.8V0h1000v36.5c0,0-28.2-18.5-92.1-18.5C810.2,18.1,775.7,67.3,734,67.3z\"\/>\n\t<path class=\"elementor-shape-fill\" d=\"M766.1,28.9c-200-57.5-266,65.5-395.1,19.5C242,1.8,242,5.4,184.8,20.6C128,35.8,132.3,44.9,89.9,52.5C28.6,63.7,0,0,0,0 h1000c0,0-9.9,40.9-83.6,48.1S829.6,47,766.1,28.9z\"\/>\n<\/svg>\t\t<\/div>\n\t\t\t\t<div class=\"elementor-shape elementor-shape-bottom\" aria-hidden=\"true\" data-negative=\"false\">\n\t\t\t<svg xmlns=\"http:\/\/www.w3.org\/2000\/svg\" viewBox=\"0 0 1000 100\" preserveAspectRatio=\"none\">\n\t<path class=\"elementor-shape-fill\" opacity=\"0.33\" d=\"M473,67.3c-203.9,88.3-263.1-34-320.3,0C66,119.1,0,59.7,0,59.7V0h1000v59.7 c0,0-62.1,26.1-94.9,29.3c-32.8,3.3-62.8-12.3-75.8-22.1C806,49.6,745.3,8.7,694.9,4.7S492.4,59,473,67.3z\"\/>\n\t<path class=\"elementor-shape-fill\" opacity=\"0.66\" d=\"M734,67.3c-45.5,0-77.2-23.2-129.1-39.1c-28.6-8.7-150.3-10.1-254,39.1 s-91.7-34.4-149.2,0C115.7,118.3,0,39.8,0,39.8V0h1000v36.5c0,0-28.2-18.5-92.1-18.5C810.2,18.1,775.7,67.3,734,67.3z\"\/>\n\t<path class=\"elementor-shape-fill\" d=\"M766.1,28.9c-200-57.5-266,65.5-395.1,19.5C242,1.8,242,5.4,184.8,20.6C128,35.8,132.3,44.9,89.9,52.5C28.6,63.7,0,0,0,0 h1000c0,0-9.9,40.9-83.6,48.1S829.6,47,766.1,28.9z\"\/>\n<\/svg>\t\t<\/div>\n\t\t<div class=\"elementor-element elementor-element-f50af5f e-con-full e-flex e-con e-child\" data-id=\"f50af5f\" data-element_type=\"container\" data-e-type=\"container\">\n\t\t<div class=\"elementor-element elementor-element-a5b59f0 e-flex e-con-boxed e-con e-child\" data-id=\"a5b59f0\" data-element_type=\"container\" data-e-type=\"container\">\n\t\t\t\t\t<div class=\"e-con-inner\">\n\t\t<div class=\"elementor-element elementor-element-f465617 e-flex e-con-boxed e-con e-child\" data-id=\"f465617\" data-element_type=\"container\" data-e-type=\"container\">\n\t\t\t\t\t<div class=\"e-con-inner\">\n\t\t\t\t<div class=\"elementor-element elementor-element-864a62e elementor-widget elementor-widget-video\" data-id=\"864a62e\" data-element_type=\"widget\" data-e-type=\"widget\" data-settings=\"{&quot;video_type&quot;:&quot;vimeo&quot;,&quot;show_image_overlay&quot;:&quot;yes&quot;,&quot;image_overlay&quot;:{&quot;url&quot;:&quot;https:\\\/\\\/kmtwaterjet.com\\\/wp-content\\\/uploads\\\/KMT-WATERJET-CUTTING-BREAD-CROUTONS.jpg&quot;,&quot;id&quot;:31147,&quot;size&quot;:&quot;&quot;,&quot;alt&quot;:&quot;&quot;,&quot;source&quot;:&quot;library&quot;}}\" data-widget_type=\"video.default\">\n\t\t\t\t<div class=\"elementor-widget-container\">\n\t\t\t\t\t\t\t<div class=\"elementor-wrapper elementor-open-inline\">\n\t\t\t<iframe class=\"elementor-video-iframe\" allowfullscreen allow=\"clipboard-write\" title=\" Odtwarzacz video vimeo\" src=\"https:\/\/player.vimeo.com\/video\/914455827?color&amp;autopause=0&amp;loop=0&amp;muted=0&amp;title=0&amp;portrait=0&amp;byline=0#t=\"><\/iframe>\t\t\t\t<div class=\"elementor-custom-embed-image-overlay lazyload\" style=\"background-image:inherit;\" data-bg-image=\"url(https:\/\/kmtwaterjet.com\/wp-content\/uploads\/KMT-WATERJET-CUTTING-BREAD-CROUTONS.jpg)\">\n\t\t\t\t\t\t\t\t\t\t\t\t\t\t\t\t<div class=\"elementor-custom-embed-play\" role=\"button\" aria-label=\"Odtw\u00f3rz wideo\" tabindex=\"0\">\n\t\t\t\t\t\t\t<i aria-hidden=\"true\" class=\"eicon-play\"><\/i>\t\t\t\t\t\t<\/div>\n\t\t\t\t\t\t\t\t\t<\/div>\n\t\t\t\t\t<\/div>\n\t\t\t\t\t\t<\/div>\n\t\t\t\t<\/div>\n\t\t\t\t<div class=\"elementor-element elementor-element-37f3b99 elementor-widget elementor-widget-spacer\" data-id=\"37f3b99\" data-element_type=\"widget\" data-e-type=\"widget\" data-widget_type=\"spacer.default\">\n\t\t\t\t<div class=\"elementor-widget-container\">\n\t\t\t\t\t\t\t<div class=\"elementor-spacer\">\n\t\t\t<div class=\"elementor-spacer-inner\"><\/div>\n\t\t<\/div>\n\t\t\t\t\t\t<\/div>\n\t\t\t\t<\/div>\n\t\t\t\t<div class=\"elementor-element elementor-element-51d0f79 elementor-widget elementor-widget-global elementor-global-33538 elementor-global-25337 elementor-widget-button\" data-id=\"51d0f79\" data-element_type=\"widget\" data-e-type=\"widget\" data-widget_type=\"button.default\">\n\t\t\t\t<div class=\"elementor-widget-container\">\n\t\t\t\t\t\t\t\t\t<div class=\"elementor-button-wrapper\">\n\t\t\t\t\t<a class=\"elementor-button elementor-button-link elementor-size-sm\" href=\"https:\/\/kmtwaterjet.com\/kmt-waterjet-videos\/\">\n\t\t\t\t\t\t<span class=\"elementor-button-content-wrapper\">\n\t\t\t\t\t\t\t\t\t<span class=\"elementor-button-text\">WI\u0118CEJ FILM\u00d3W<\/span>\n\t\t\t\t\t<\/span>\n\t\t\t\t\t<\/a>\n\t\t\t\t<\/div>\n\t\t\t\t\t\t\t\t<\/div>\n\t\t\t\t<\/div>\n\t\t\t\t\t<\/div>\n\t\t\t\t<\/div>\n\t\t\t\t\t<\/div>\n\t\t\t\t<\/div>\n\t\t\t\t<\/div>\n\t\t\t\t\t<\/div>\n\t\t\t\t<\/div>\n\t\t\t\t<\/div>\n\t\t","protected":false},"excerpt":{"rendered":"<p>Systemy strumienia wody do ci\u0119cia chleba i grzanek Krojenie chleba na grzanki za pomoc\u0105 KMT Waterjet Ci\u0119cie chleba strumieniem wody. Nigdy o tym nie s\u0142ysza\u0142e\u015b? W produkcji \u017cywno\u015bci tradycyjne metody krojenia stwarzaj\u0105 wyzwania, takie jak cz\u0119sta wymiana ostrzy i odpady. Ci\u0119cie strumieniem wody zapewnia precyzyjne, wydajne krojenie bez zu\u017cycia ostrza i przestoj\u00f3w. Ostrza wymagaj\u0105 cz\u0119stej [&hellip;]<\/p>\n","protected":false},"author":11,"featured_media":0,"parent":0,"menu_order":0,"comment_status":"closed","ping_status":"closed","template":"","meta":{"_acf_changed":false,"footnotes":""},"page-type":[],"class_list":["post-31144","page","type-page","status-publish","hentry"],"acf":[],"yoast_head":"<!-- This site is optimized with the Yoast SEO plugin v27.3 - https:\/\/yoast.com\/product\/yoast-seo-wordpress\/ -->\n<title>Ci\u0119cie chleba strumieniem wody: Korzy\u015bci z krojenia \u017cywno\u015bci | KMT Waterjet<\/title>\n<meta name=\"description\" content=\"KMT Waterjet tnie chleb i grzanki z precyzj\u0105, bez odpad\u00f3w i bez zu\u017cycia ostrza, zapewniaj\u0105c wy\u017csz\u0105 wydajno\u015b\u0107 i efektywno\u015b\u0107.\" \/>\n<meta name=\"robots\" content=\"index, follow, max-snippet:-1, max-image-preview:large, max-video-preview:-1\" \/>\n<link rel=\"canonical\" href=\"https:\/\/kmtwaterjet.com\/pl\/misc-krojenie-chleba-strumieniem-wody-korzysci-z-krojenia-zywnosci\/\" \/>\n<meta property=\"og:locale\" content=\"pl_PL\" \/>\n<meta property=\"og:type\" content=\"article\" \/>\n<meta property=\"og:title\" content=\"Ci\u0119cie chleba strumieniem wody: Korzy\u015bci z krojenia \u017cywno\u015bci | KMT Waterjet\" \/>\n<meta property=\"og:description\" content=\"KMT Waterjet tnie chleb i grzanki z precyzj\u0105, bez odpad\u00f3w i bez zu\u017cycia ostrza, zapewniaj\u0105c wy\u017csz\u0105 wydajno\u015b\u0107 i efektywno\u015b\u0107.\" \/>\n<meta property=\"og:url\" content=\"https:\/\/kmtwaterjet.com\/pl\/misc-krojenie-chleba-strumieniem-wody-korzysci-z-krojenia-zywnosci\/\" \/>\n<meta property=\"og:site_name\" content=\"KMT Waterjet\" \/>\n<meta property=\"article:modified_time\" content=\"2025-03-20T17:53:33+00:00\" \/>\n<meta property=\"og:image\" content=\"https:\/\/kmtwaterjet.com\/wp-content\/uploads\/WATERJET-CUTTING-BREAD-CAKE-BAKED-GOODS-300x200.jpg\" \/>\n<meta name=\"twitter:card\" content=\"summary_large_image\" \/>\n<meta name=\"twitter:label1\" content=\"Szacowany czas czytania\" \/>\n\t<meta name=\"twitter:data1\" content=\"2 minuty\" \/>\n<script type=\"application\/ld+json\" class=\"yoast-schema-graph\">{\"@context\":\"https:\\\/\\\/schema.org\",\"@graph\":[{\"@type\":\"WebPage\",\"@id\":\"https:\\\/\\\/kmtwaterjet.com\\\/pl\\\/misc-krojenie-chleba-strumieniem-wody-korzysci-z-krojenia-zywnosci\\\/\",\"url\":\"https:\\\/\\\/kmtwaterjet.com\\\/pl\\\/misc-krojenie-chleba-strumieniem-wody-korzysci-z-krojenia-zywnosci\\\/\",\"name\":\"Ci\u0119cie chleba strumieniem wody: Korzy\u015bci z krojenia \u017cywno\u015bci | KMT Waterjet\",\"isPartOf\":{\"@id\":\"https:\\\/\\\/kmtwaterjet.com\\\/pl\\\/#website\"},\"primaryImageOfPage\":{\"@id\":\"https:\\\/\\\/kmtwaterjet.com\\\/pl\\\/misc-krojenie-chleba-strumieniem-wody-korzysci-z-krojenia-zywnosci\\\/#primaryimage\"},\"image\":{\"@id\":\"https:\\\/\\\/kmtwaterjet.com\\\/pl\\\/misc-krojenie-chleba-strumieniem-wody-korzysci-z-krojenia-zywnosci\\\/#primaryimage\"},\"thumbnailUrl\":\"https:\\\/\\\/kmtwaterjet.com\\\/wp-content\\\/uploads\\\/WATERJET-CUTTING-BREAD-CAKE-BAKED-GOODS-300x200.jpg\",\"datePublished\":\"2024-06-13T15:51:26+00:00\",\"dateModified\":\"2025-03-20T17:53:33+00:00\",\"description\":\"KMT Waterjet tnie chleb i grzanki z precyzj\u0105, bez odpad\u00f3w i bez zu\u017cycia ostrza, zapewniaj\u0105c wy\u017csz\u0105 wydajno\u015b\u0107 i efektywno\u015b\u0107.\",\"breadcrumb\":{\"@id\":\"https:\\\/\\\/kmtwaterjet.com\\\/pl\\\/misc-krojenie-chleba-strumieniem-wody-korzysci-z-krojenia-zywnosci\\\/#breadcrumb\"},\"inLanguage\":\"pl-PL\",\"potentialAction\":[{\"@type\":\"ReadAction\",\"target\":[\"https:\\\/\\\/kmtwaterjet.com\\\/pl\\\/misc-krojenie-chleba-strumieniem-wody-korzysci-z-krojenia-zywnosci\\\/\"]}]},{\"@type\":\"ImageObject\",\"inLanguage\":\"pl-PL\",\"@id\":\"https:\\\/\\\/kmtwaterjet.com\\\/pl\\\/misc-krojenie-chleba-strumieniem-wody-korzysci-z-krojenia-zywnosci\\\/#primaryimage\",\"url\":\"https:\\\/\\\/kmtwaterjet.com\\\/wp-content\\\/uploads\\\/WATERJET-CUTTING-BREAD-CAKE-BAKED-GOODS-300x200.jpg\",\"contentUrl\":\"https:\\\/\\\/kmtwaterjet.com\\\/wp-content\\\/uploads\\\/WATERJET-CUTTING-BREAD-CAKE-BAKED-GOODS-300x200.jpg\"},{\"@type\":\"BreadcrumbList\",\"@id\":\"https:\\\/\\\/kmtwaterjet.com\\\/pl\\\/misc-krojenie-chleba-strumieniem-wody-korzysci-z-krojenia-zywnosci\\\/#breadcrumb\",\"itemListElement\":[{\"@type\":\"ListItem\",\"position\":1,\"name\":\"Home\",\"item\":\"https:\\\/\\\/kmtwaterjet.com\\\/pl\\\/\"},{\"@type\":\"ListItem\",\"position\":2,\"name\":\"Ci\u0119cie chleba strumieniem wody: Korzy\u015bci z krojenia \u017cywno\u015bci\"}]},{\"@type\":\"WebSite\",\"@id\":\"https:\\\/\\\/kmtwaterjet.com\\\/pl\\\/#website\",\"url\":\"https:\\\/\\\/kmtwaterjet.com\\\/pl\\\/\",\"name\":\"KMT Waterjet\",\"description\":\"KMT Waterjet for waterjet cutting metal, stone, glass, steel and more\",\"publisher\":{\"@id\":\"https:\\\/\\\/kmtwaterjet.com\\\/pl\\\/#organization\"},\"potentialAction\":[{\"@type\":\"SearchAction\",\"target\":{\"@type\":\"EntryPoint\",\"urlTemplate\":\"https:\\\/\\\/kmtwaterjet.com\\\/pl\\\/?s={search_term_string}\"},\"query-input\":{\"@type\":\"PropertyValueSpecification\",\"valueRequired\":true,\"valueName\":\"search_term_string\"}}],\"inLanguage\":\"pl-PL\"},{\"@type\":\"Organization\",\"@id\":\"https:\\\/\\\/kmtwaterjet.com\\\/pl\\\/#organization\",\"name\":\"KMT Waterjet\",\"url\":\"https:\\\/\\\/kmtwaterjet.com\\\/pl\\\/\",\"logo\":{\"@type\":\"ImageObject\",\"inLanguage\":\"pl-PL\",\"@id\":\"https:\\\/\\\/kmtwaterjet.com\\\/pl\\\/#\\\/schema\\\/logo\\\/image\\\/\",\"url\":\"https:\\\/\\\/kmtwaterjet.com\\\/wp-content\\\/uploads\\\/kmt_logo_2020.png\",\"contentUrl\":\"https:\\\/\\\/kmtwaterjet.com\\\/wp-content\\\/uploads\\\/kmt_logo_2020.png\",\"width\":1002,\"height\":605,\"caption\":\"KMT Waterjet\"},\"image\":{\"@id\":\"https:\\\/\\\/kmtwaterjet.com\\\/pl\\\/#\\\/schema\\\/logo\\\/image\\\/\"}}]}<\/script>\n<!-- \/ Yoast SEO plugin. -->","yoast_head_json":{"title":"Ci\u0119cie chleba strumieniem wody: Korzy\u015bci z krojenia \u017cywno\u015bci | KMT Waterjet","description":"KMT Waterjet tnie chleb i grzanki z precyzj\u0105, bez odpad\u00f3w i bez zu\u017cycia ostrza, zapewniaj\u0105c wy\u017csz\u0105 wydajno\u015b\u0107 i efektywno\u015b\u0107.","robots":{"index":"index","follow":"follow","max-snippet":"max-snippet:-1","max-image-preview":"max-image-preview:large","max-video-preview":"max-video-preview:-1"},"canonical":"https:\/\/kmtwaterjet.com\/pl\/misc-krojenie-chleba-strumieniem-wody-korzysci-z-krojenia-zywnosci\/","og_locale":"pl_PL","og_type":"article","og_title":"Ci\u0119cie chleba strumieniem wody: Korzy\u015bci z krojenia \u017cywno\u015bci | KMT Waterjet","og_description":"KMT Waterjet tnie chleb i grzanki z precyzj\u0105, bez odpad\u00f3w i bez zu\u017cycia ostrza, zapewniaj\u0105c wy\u017csz\u0105 wydajno\u015b\u0107 i efektywno\u015b\u0107.","og_url":"https:\/\/kmtwaterjet.com\/pl\/misc-krojenie-chleba-strumieniem-wody-korzysci-z-krojenia-zywnosci\/","og_site_name":"KMT Waterjet","article_modified_time":"2025-03-20T17:53:33+00:00","og_image":[{"url":"https:\/\/kmtwaterjet.com\/wp-content\/uploads\/WATERJET-CUTTING-BREAD-CAKE-BAKED-GOODS-300x200.jpg","type":"","width":"","height":""}],"twitter_card":"summary_large_image","twitter_misc":{"Szacowany czas czytania":"2 minuty"},"schema":{"@context":"https:\/\/schema.org","@graph":[{"@type":"WebPage","@id":"https:\/\/kmtwaterjet.com\/pl\/misc-krojenie-chleba-strumieniem-wody-korzysci-z-krojenia-zywnosci\/","url":"https:\/\/kmtwaterjet.com\/pl\/misc-krojenie-chleba-strumieniem-wody-korzysci-z-krojenia-zywnosci\/","name":"Ci\u0119cie chleba strumieniem wody: Korzy\u015bci z krojenia \u017cywno\u015bci | KMT Waterjet","isPartOf":{"@id":"https:\/\/kmtwaterjet.com\/pl\/#website"},"primaryImageOfPage":{"@id":"https:\/\/kmtwaterjet.com\/pl\/misc-krojenie-chleba-strumieniem-wody-korzysci-z-krojenia-zywnosci\/#primaryimage"},"image":{"@id":"https:\/\/kmtwaterjet.com\/pl\/misc-krojenie-chleba-strumieniem-wody-korzysci-z-krojenia-zywnosci\/#primaryimage"},"thumbnailUrl":"https:\/\/kmtwaterjet.com\/wp-content\/uploads\/WATERJET-CUTTING-BREAD-CAKE-BAKED-GOODS-300x200.jpg","datePublished":"2024-06-13T15:51:26+00:00","dateModified":"2025-03-20T17:53:33+00:00","description":"KMT Waterjet tnie chleb i grzanki z precyzj\u0105, bez odpad\u00f3w i bez zu\u017cycia ostrza, zapewniaj\u0105c wy\u017csz\u0105 wydajno\u015b\u0107 i efektywno\u015b\u0107.","breadcrumb":{"@id":"https:\/\/kmtwaterjet.com\/pl\/misc-krojenie-chleba-strumieniem-wody-korzysci-z-krojenia-zywnosci\/#breadcrumb"},"inLanguage":"pl-PL","potentialAction":[{"@type":"ReadAction","target":["https:\/\/kmtwaterjet.com\/pl\/misc-krojenie-chleba-strumieniem-wody-korzysci-z-krojenia-zywnosci\/"]}]},{"@type":"ImageObject","inLanguage":"pl-PL","@id":"https:\/\/kmtwaterjet.com\/pl\/misc-krojenie-chleba-strumieniem-wody-korzysci-z-krojenia-zywnosci\/#primaryimage","url":"https:\/\/kmtwaterjet.com\/wp-content\/uploads\/WATERJET-CUTTING-BREAD-CAKE-BAKED-GOODS-300x200.jpg","contentUrl":"https:\/\/kmtwaterjet.com\/wp-content\/uploads\/WATERJET-CUTTING-BREAD-CAKE-BAKED-GOODS-300x200.jpg"},{"@type":"BreadcrumbList","@id":"https:\/\/kmtwaterjet.com\/pl\/misc-krojenie-chleba-strumieniem-wody-korzysci-z-krojenia-zywnosci\/#breadcrumb","itemListElement":[{"@type":"ListItem","position":1,"name":"Home","item":"https:\/\/kmtwaterjet.com\/pl\/"},{"@type":"ListItem","position":2,"name":"Ci\u0119cie chleba strumieniem wody: Korzy\u015bci z krojenia \u017cywno\u015bci"}]},{"@type":"WebSite","@id":"https:\/\/kmtwaterjet.com\/pl\/#website","url":"https:\/\/kmtwaterjet.com\/pl\/","name":"KMT Waterjet","description":"KMT Waterjet for waterjet cutting metal, stone, glass, steel and more","publisher":{"@id":"https:\/\/kmtwaterjet.com\/pl\/#organization"},"potentialAction":[{"@type":"SearchAction","target":{"@type":"EntryPoint","urlTemplate":"https:\/\/kmtwaterjet.com\/pl\/?s={search_term_string}"},"query-input":{"@type":"PropertyValueSpecification","valueRequired":true,"valueName":"search_term_string"}}],"inLanguage":"pl-PL"},{"@type":"Organization","@id":"https:\/\/kmtwaterjet.com\/pl\/#organization","name":"KMT Waterjet","url":"https:\/\/kmtwaterjet.com\/pl\/","logo":{"@type":"ImageObject","inLanguage":"pl-PL","@id":"https:\/\/kmtwaterjet.com\/pl\/#\/schema\/logo\/image\/","url":"https:\/\/kmtwaterjet.com\/wp-content\/uploads\/kmt_logo_2020.png","contentUrl":"https:\/\/kmtwaterjet.com\/wp-content\/uploads\/kmt_logo_2020.png","width":1002,"height":605,"caption":"KMT Waterjet"},"image":{"@id":"https:\/\/kmtwaterjet.com\/pl\/#\/schema\/logo\/image\/"}}]}},"_links":{"self":[{"href":"https:\/\/kmtwaterjet.com\/pl\/wp-json\/wp\/v2\/pages\/31144","targetHints":{"allow":["GET"]}}],"collection":[{"href":"https:\/\/kmtwaterjet.com\/pl\/wp-json\/wp\/v2\/pages"}],"about":[{"href":"https:\/\/kmtwaterjet.com\/pl\/wp-json\/wp\/v2\/types\/page"}],"author":[{"embeddable":true,"href":"https:\/\/kmtwaterjet.com\/pl\/wp-json\/wp\/v2\/users\/11"}],"replies":[{"embeddable":true,"href":"https:\/\/kmtwaterjet.com\/pl\/wp-json\/wp\/v2\/comments?post=31144"}],"version-history":[{"count":0,"href":"https:\/\/kmtwaterjet.com\/pl\/wp-json\/wp\/v2\/pages\/31144\/revisions"}],"wp:attachment":[{"href":"https:\/\/kmtwaterjet.com\/pl\/wp-json\/wp\/v2\/media?parent=31144"}],"wp:term":[{"taxonomy":"page-type","embeddable":true,"href":"https:\/\/kmtwaterjet.com\/pl\/wp-json\/wp\/v2\/page-type?post=31144"}],"curies":[{"name":"wp","href":"https:\/\/api.w.org\/{rel}","templated":true}]}}