{"id":30867,"date":"2024-06-13T10:24:36","date_gmt":"2024-06-13T15:24:36","guid":{"rendered":"https:\/\/kmtwaterjet.com\/o-nas-pionierach-ciecia-strumieniem-wody__trashed\/misja-wizja-deklaracja-wartosci-kmt\/"},"modified":"2026-03-26T10:59:49","modified_gmt":"2026-03-26T15:59:49","slug":"misja-wizja-deklaracja-wartosci-kmt","status":"publish","type":"page","link":"https:\/\/kmtwaterjet.com\/pl\/o-nas-pionierach-ciecia-strumieniem-wody__trashed\/misja-wizja-deklaracja-wartosci-kmt\/","title":{"rendered":"Misja, wizja i deklaracja warto\u015bci KMT"},"content":{"rendered":"\t\t<div data-elementor-type=\"wp-page\" data-elementor-id=\"30867\" class=\"elementor elementor-30867 elementor-19356\" data-elementor-post-type=\"page\">\n\t\t\t\t<div class=\"elementor-element elementor-element-cb093e1 e-con-full e-flex e-con e-parent\" data-id=\"cb093e1\" data-element_type=\"container\" data-e-type=\"container\" data-settings=\"{&quot;background_background&quot;:&quot;classic&quot;,&quot;shape_divider_top&quot;:&quot;mountains&quot;}\">\n\t\t\t\t<div class=\"elementor-shape elementor-shape-top\" aria-hidden=\"true\" data-negative=\"false\">\n\t\t\t<svg xmlns=\"http:\/\/www.w3.org\/2000\/svg\" viewBox=\"0 0 1000 100\" preserveAspectRatio=\"none\">\n\t<path class=\"elementor-shape-fill\" opacity=\"0.33\" d=\"M473,67.3c-203.9,88.3-263.1-34-320.3,0C66,119.1,0,59.7,0,59.7V0h1000v59.7 c0,0-62.1,26.1-94.9,29.3c-32.8,3.3-62.8-12.3-75.8-22.1C806,49.6,745.3,8.7,694.9,4.7S492.4,59,473,67.3z\"\/>\n\t<path class=\"elementor-shape-fill\" opacity=\"0.66\" d=\"M734,67.3c-45.5,0-77.2-23.2-129.1-39.1c-28.6-8.7-150.3-10.1-254,39.1 s-91.7-34.4-149.2,0C115.7,118.3,0,39.8,0,39.8V0h1000v36.5c0,0-28.2-18.5-92.1-18.5C810.2,18.1,775.7,67.3,734,67.3z\"\/>\n\t<path class=\"elementor-shape-fill\" d=\"M766.1,28.9c-200-57.5-266,65.5-395.1,19.5C242,1.8,242,5.4,184.8,20.6C128,35.8,132.3,44.9,89.9,52.5C28.6,63.7,0,0,0,0 h1000c0,0-9.9,40.9-83.6,48.1S829.6,47,766.1,28.9z\"\/>\n<\/svg>\t\t<\/div>\n\t\t<div class=\"elementor-element elementor-element-180e2e1 e-flex e-con-boxed e-con e-child\" data-id=\"180e2e1\" data-element_type=\"container\" data-e-type=\"container\" data-settings=\"{&quot;background_background&quot;:&quot;classic&quot;,&quot;shape_divider_bottom&quot;:&quot;waves&quot;}\">\n\t\t\t\t\t<div class=\"e-con-inner\">\n\t\t\t\t<div class=\"elementor-shape elementor-shape-bottom\" aria-hidden=\"true\" data-negative=\"false\">\n\t\t\t<svg xmlns=\"http:\/\/www.w3.org\/2000\/svg\" viewBox=\"0 0 1000 100\" preserveAspectRatio=\"none\">\n\t<path class=\"elementor-shape-fill\" d=\"M421.9,6.5c22.6-2.5,51.5,0.4,75.5,5.3c23.6,4.9,70.9,23.5,100.5,35.7c75.8,32.2,133.7,44.5,192.6,49.7\n\tc23.6,2.1,48.7,3.5,103.4-2.5c54.7-6,106.2-25.6,106.2-25.6V0H0v30.3c0,0,72,32.6,158.4,30.5c39.2-0.7,92.8-6.7,134-22.4\n\tc21.2-8.1,52.2-18.2,79.7-24.2C399.3,7.9,411.6,7.5,421.9,6.5z\"\/>\n<\/svg>\t\t<\/div>\n\t\t\t\t<div class=\"elementor-element elementor-element-ef50307 elementor-widget__width-initial elementor-widget elementor-widget-heading\" data-id=\"ef50307\" data-element_type=\"widget\" data-e-type=\"widget\" data-widget_type=\"heading.default\">\n\t\t\t\t<div class=\"elementor-widget-container\">\n\t\t\t\t\t<h1 class=\"elementor-heading-title elementor-size-default\">MISJA, WIZJA I WARTO\u015aCI KMT WATERJET<\/h1>\t\t\t\t<\/div>\n\t\t\t\t<\/div>\n\t\t\t\t\t<\/div>\n\t\t\t\t<\/div>\n\t\t\t\t<\/div>\n\t\t<div class=\"elementor-element elementor-element-9ae9aca e-flex e-con-boxed e-con e-parent\" data-id=\"9ae9aca\" data-element_type=\"container\" data-e-type=\"container\">\n\t\t\t\t\t<div class=\"e-con-inner\">\n\t\t<div class=\"elementor-element elementor-element-e6d123b e-con-full e-flex e-con e-child\" data-id=\"e6d123b\" data-element_type=\"container\" data-e-type=\"container\">\n\t\t\t\t<div class=\"elementor-element elementor-element-ad0efbc elementor-widget elementor-widget-heading\" data-id=\"ad0efbc\" data-element_type=\"widget\" data-e-type=\"widget\" data-widget_type=\"heading.default\">\n\t\t\t\t<div class=\"elementor-widget-container\">\n\t\t\t\t\t<h2 class=\"elementor-heading-title elementor-size-default\">MISJA<\/h2>\t\t\t\t<\/div>\n\t\t\t\t<\/div>\n\t\t\t\t<div class=\"elementor-element elementor-element-e7f9a70 elementor-widget-divider--view-line elementor-widget elementor-widget-divider\" data-id=\"e7f9a70\" data-element_type=\"widget\" data-e-type=\"widget\" data-widget_type=\"divider.default\">\n\t\t\t\t<div class=\"elementor-widget-container\">\n\t\t\t\t\t\t\t<div class=\"elementor-divider\">\n\t\t\t<span class=\"elementor-divider-separator\">\n\t\t\t\t\t\t<\/span>\n\t\t<\/div>\n\t\t\t\t\t\t<\/div>\n\t\t\t\t<\/div>\n\t\t\t\t<div class=\"elementor-element elementor-element-6bc129c elementor-widget elementor-widget-text-editor\" data-id=\"6bc129c\" data-element_type=\"widget\" data-e-type=\"widget\" data-widget_type=\"text-editor.default\">\n\t\t\t\t<div class=\"elementor-widget-container\">\n\t\t\t\t\t\t\t\t\t<p>KMT b\u0119dzie odwa\u017cnie i nieust\u0119pliwie realizowa\u0107 nasze zobowi\u0105zanie do umo\u017cliwiania naszym klientom korzystania z innowacyjnych produkt\u00f3w popartych fanatyczn\u0105 obs\u0142ug\u0105 i wsparciem, zapewniania stymuluj\u0105cego i wspieraj\u0105cego \u015brodowiska pracy i rozwoju dla naszych pracownik\u00f3w oraz u\u0142atwiania sukcesu naszym dostawcom i partnerom poprzez solidn\u0105 komunikacj\u0119 i nasze zaanga\u017cowanie w kultur\u0119 wsp\u00f3\u0142pracy.<\/p>\t\t\t\t\t\t\t\t<\/div>\n\t\t\t\t<\/div>\n\t\t\t\t<div class=\"elementor-element elementor-element-2652cf8 elementor-widget elementor-widget-heading\" data-id=\"2652cf8\" data-element_type=\"widget\" data-e-type=\"widget\" data-widget_type=\"heading.default\">\n\t\t\t\t<div class=\"elementor-widget-container\">\n\t\t\t\t\t<h2 class=\"elementor-heading-title elementor-size-default\">WIZJA<\/h2>\t\t\t\t<\/div>\n\t\t\t\t<\/div>\n\t\t\t\t<div class=\"elementor-element elementor-element-7692b5b elementor-widget-divider--view-line elementor-widget elementor-widget-divider\" data-id=\"7692b5b\" data-element_type=\"widget\" data-e-type=\"widget\" data-widget_type=\"divider.default\">\n\t\t\t\t<div class=\"elementor-widget-container\">\n\t\t\t\t\t\t\t<div class=\"elementor-divider\">\n\t\t\t<span class=\"elementor-divider-separator\">\n\t\t\t\t\t\t<\/span>\n\t\t<\/div>\n\t\t\t\t\t\t<\/div>\n\t\t\t\t<\/div>\n\t\t\t\t<div class=\"elementor-element elementor-element-673cd8a elementor-widget elementor-widget-text-editor\" data-id=\"673cd8a\" data-element_type=\"widget\" data-e-type=\"widget\" data-widget_type=\"text-editor.default\">\n\t\t\t\t<div class=\"elementor-widget-container\">\n\t\t\t\t\t\t\t\t\t<p>Jako pionier w technologii wody pod bardzo wysokim ci\u015bnieniem, KMT jest zdeterminowane, aby kontynuowa\u0107 nasze dziedzictwo jako innowator wybierany przez globaln\u0105 spo\u0142eczno\u015b\u0107 producent\u00f3w, dostarczaj\u0105c inspiruj\u0105co zaprojektowane technologie ci\u0119cia, formowania i zwi\u0119kszania ci\u015bnienia oraz zwi\u0119kszaj\u0105c ich warto\u015b\u0107 poprzez niezr\u00f3wnan\u0105 obs\u0142ug\u0119 i wsparcie naszych klient\u00f3w.<\/p><p><img fetchpriority=\"high\" decoding=\"async\" class=\"alignright size-full wp-image-17466\" src=\"https:\/\/kmtwaterjet.com\/wp-content\/uploads\/KMT-WATERJET-COMPLETE-CUTTING-SYSTEM-COMPONENTS-GRAPHIC.png\" alt=\"\" width=\"1000\" height=\"424\" srcset=\"https:\/\/kmtwaterjet.com\/wp-content\/uploads\/KMT-WATERJET-COMPLETE-CUTTING-SYSTEM-COMPONENTS-GRAPHIC.png 1000w, https:\/\/kmtwaterjet.com\/wp-content\/uploads\/KMT-WATERJET-COMPLETE-CUTTING-SYSTEM-COMPONENTS-GRAPHIC-300x127.png 300w, https:\/\/kmtwaterjet.com\/wp-content\/uploads\/KMT-WATERJET-COMPLETE-CUTTING-SYSTEM-COMPONENTS-GRAPHIC-768x326.png 768w\" sizes=\"(max-width: 1000px) 100vw, 1000px\" \/><\/p>\t\t\t\t\t\t\t\t<\/div>\n\t\t\t\t<\/div>\n\t\t\t\t<\/div>\n\t\t<div class=\"elementor-element elementor-element-6c64f62 e-con-full e-flex e-con e-child\" data-id=\"6c64f62\" data-element_type=\"container\" data-e-type=\"container\">\n\t\t<div class=\"elementor-element elementor-element-26bb391 e-con-full e-flex e-con e-child\" data-id=\"26bb391\" data-element_type=\"container\" data-e-type=\"container\">\n\t\t\t\t<div class=\"elementor-element elementor-element-f7fc0ed elementor-widget elementor-widget-heading\" data-id=\"f7fc0ed\" data-element_type=\"widget\" data-e-type=\"widget\" data-widget_type=\"heading.default\">\n\t\t\t\t<div class=\"elementor-widget-container\">\n\t\t\t\t\t<h2 class=\"elementor-heading-title elementor-size-default\">WARTO\u015aCI<\/h2>\t\t\t\t<\/div>\n\t\t\t\t<\/div>\n\t\t\t\t<div class=\"elementor-element elementor-element-e0a1126 elementor-widget-divider--view-line elementor-widget elementor-widget-divider\" data-id=\"e0a1126\" data-element_type=\"widget\" data-e-type=\"widget\" data-widget_type=\"divider.default\">\n\t\t\t\t<div class=\"elementor-widget-container\">\n\t\t\t\t\t\t\t<div class=\"elementor-divider\">\n\t\t\t<span class=\"elementor-divider-separator\">\n\t\t\t\t\t\t<\/span>\n\t\t<\/div>\n\t\t\t\t\t\t<\/div>\n\t\t\t\t<\/div>\n\t\t\t\t<div class=\"elementor-element elementor-element-e8d5bbf elementor-widget elementor-widget-text-editor\" data-id=\"e8d5bbf\" data-element_type=\"widget\" data-e-type=\"widget\" data-widget_type=\"text-editor.default\">\n\t\t\t\t<div class=\"elementor-widget-container\">\n\t\t\t\t\t\t\t\t\t<p><strong>Zdrowie i bezpiecze\u0144stwo &#8211;<\/strong> Bezkompromisowo dbamy o zdrowie i bezpiecze\u0144stwo naszych pracownik\u00f3w, podwykonawc\u00f3w i klient\u00f3w. Bezpiecze\u0144stwo jest obowi\u0105zkiem ka\u017cdego z nas. <\/p><p><strong>Nasi pracownicy &#8211;<\/strong> Wierzymy, \u017ce nasi pracownicy s\u0105 naszymi najwi\u0119kszymi atutami i zapewniamy im globalne mo\u017cliwo\u015bci wzrostu i rozwoju.<\/p><p><strong>Klienci &#8211;<\/strong> Nasi klienci, podobnie jak nasi pracownicy, s\u0105 podstaw\u0105 naszej dzia\u0142alno\u015bci. Cenimy te relacje ponad wszystko. <\/p><p><strong>Rozwi\u0105zania &#8211;<\/strong> Przesuwamy granice zaawansowanej technologii, aby dostarcza\u0107 innowacyjne rozwi\u0105zania, kt\u00f3re usprawniaj\u0105 dzia\u0142ania naszych klient\u00f3w.<\/p><p><strong>Jako\u015b\u0107 &#8211;<\/strong> D\u0105\u017cymy do wysokich standard\u00f3w naszych us\u0142ug, produkt\u00f3w i metodologii zarz\u0105dzania projektami. Wychodzimy ponad oczekiwania naszych klient\u00f3w. <\/p><p><strong>Elastyczno\u015b\u0107 &#8211;<\/strong> Jeste\u015bmy dumni z tego, \u017ce jeste\u015bmy zwinni i elastyczni, a jednocze\u015bnie \u0142atwo z nami wsp\u00f3\u0142pracowa\u0107. Jeste\u015bmy przedsi\u0119biorczy. <\/p><p><strong>Zr\u00f3wnowa\u017cony rozw\u00f3j &#8211;<\/strong> dzia\u0142amy w spos\u00f3b odpowiedzialny spo\u0142ecznie, z poszanowaniem wszystkich praw cz\u0142owieka i chroni\u0105c nasze \u015brodowisko.<\/p>\t\t\t\t\t\t\t\t<\/div>\n\t\t\t\t<\/div>\n\t\t\t\t<\/div>\n\t\t\t\t<\/div>\n\t\t\t\t\t<\/div>\n\t\t\t\t<\/div>\n\t\t\t\t<\/div>\n\t\t","protected":false},"excerpt":{"rendered":"<p>MISJA, WIZJA I WARTO\u015aCI KMT WATERJET MISJA KMT b\u0119dzie odwa\u017cnie i nieust\u0119pliwie realizowa\u0107 nasze zobowi\u0105zanie do umo\u017cliwiania naszym klientom korzystania z innowacyjnych produkt\u00f3w popartych fanatyczn\u0105 obs\u0142ug\u0105 i wsparciem, zapewniania stymuluj\u0105cego i wspieraj\u0105cego \u015brodowiska pracy i rozwoju dla naszych pracownik\u00f3w oraz u\u0142atwiania sukcesu naszym dostawcom i partnerom poprzez solidn\u0105 komunikacj\u0119 i nasze zaanga\u017cowanie w kultur\u0119 wsp\u00f3\u0142pracy. [&hellip;]<\/p>\n","protected":false},"author":11,"featured_media":0,"parent":25199,"menu_order":0,"comment_status":"closed","ping_status":"closed","template":"elementor_header_footer","meta":{"_acf_changed":false,"footnotes":""},"page-type":[],"class_list":["post-30867","page","type-page","status-publish","hentry"],"acf":[],"yoast_head":"<!-- This site is optimized with the Yoast SEO plugin v27.3 - https:\/\/yoast.com\/product\/yoast-seo-wordpress\/ -->\n<title>Misja, wizja i deklaracja warto\u015bci KMT | KMT Waterjet<\/title>\n<meta name=\"description\" content=\"KMT dostarcza innowacyjne rozwi\u0105zania w zakresie wody pod bardzo wysokim ci\u015bnieniem poparte wyj\u0105tkow\u0105 obs\u0142ug\u0105, bezpiecze\u0144stwem i zaanga\u017cowaniem w sukces klienta.\" \/>\n<meta name=\"robots\" content=\"index, follow, max-snippet:-1, max-image-preview:large, max-video-preview:-1\" \/>\n<link rel=\"canonical\" href=\"https:\/\/kmtwaterjet.com\/pl\/o-nas-pionierach-ciecia-strumieniem-wody__trashed\/misja-wizja-deklaracja-wartosci-kmt\/\" \/>\n<meta property=\"og:locale\" content=\"pl_PL\" \/>\n<meta property=\"og:type\" content=\"article\" \/>\n<meta property=\"og:title\" content=\"Misja, wizja i deklaracja warto\u015bci KMT | KMT Waterjet\" \/>\n<meta property=\"og:description\" content=\"KMT dostarcza innowacyjne rozwi\u0105zania w zakresie wody pod bardzo wysokim ci\u015bnieniem poparte wyj\u0105tkow\u0105 obs\u0142ug\u0105, bezpiecze\u0144stwem i zaanga\u017cowaniem w sukces klienta.\" \/>\n<meta property=\"og:url\" content=\"https:\/\/kmtwaterjet.com\/pl\/o-nas-pionierach-ciecia-strumieniem-wody__trashed\/misja-wizja-deklaracja-wartosci-kmt\/\" \/>\n<meta property=\"og:site_name\" content=\"KMT Waterjet\" \/>\n<meta property=\"article:modified_time\" content=\"2026-03-26T15:59:49+00:00\" \/>\n<meta property=\"og:image\" content=\"https:\/\/kmtwaterjet.com\/wp-content\/uploads\/KMT-WATERJET-COMPLETE-CUTTING-SYSTEM-COMPONENTS-GRAPHIC.png\" \/>\n\t<meta property=\"og:image:width\" content=\"1000\" \/>\n\t<meta property=\"og:image:height\" content=\"424\" \/>\n\t<meta property=\"og:image:type\" content=\"image\/png\" \/>\n<meta name=\"twitter:card\" content=\"summary_large_image\" \/>\n<meta name=\"twitter:label1\" content=\"Szacowany czas czytania\" \/>\n\t<meta name=\"twitter:data1\" content=\"1 minuta\" \/>\n<script type=\"application\/ld+json\" class=\"yoast-schema-graph\">{\"@context\":\"https:\\\/\\\/schema.org\",\"@graph\":[{\"@type\":\"WebPage\",\"@id\":\"https:\\\/\\\/kmtwaterjet.com\\\/pl\\\/o-nas-pionierach-ciecia-strumieniem-wody__trashed\\\/misja-wizja-deklaracja-wartosci-kmt\\\/\",\"url\":\"https:\\\/\\\/kmtwaterjet.com\\\/pl\\\/o-nas-pionierach-ciecia-strumieniem-wody__trashed\\\/misja-wizja-deklaracja-wartosci-kmt\\\/\",\"name\":\"Misja, wizja i deklaracja warto\u015bci KMT | KMT Waterjet\",\"isPartOf\":{\"@id\":\"https:\\\/\\\/kmtwaterjet.com\\\/pl\\\/#website\"},\"primaryImageOfPage\":{\"@id\":\"https:\\\/\\\/kmtwaterjet.com\\\/pl\\\/o-nas-pionierach-ciecia-strumieniem-wody__trashed\\\/misja-wizja-deklaracja-wartosci-kmt\\\/#primaryimage\"},\"image\":{\"@id\":\"https:\\\/\\\/kmtwaterjet.com\\\/pl\\\/o-nas-pionierach-ciecia-strumieniem-wody__trashed\\\/misja-wizja-deklaracja-wartosci-kmt\\\/#primaryimage\"},\"thumbnailUrl\":\"https:\\\/\\\/kmtwaterjet.com\\\/wp-content\\\/uploads\\\/KMT-WATERJET-COMPLETE-CUTTING-SYSTEM-COMPONENTS-GRAPHIC.png\",\"datePublished\":\"2024-06-13T15:24:36+00:00\",\"dateModified\":\"2026-03-26T15:59:49+00:00\",\"description\":\"KMT dostarcza innowacyjne rozwi\u0105zania w zakresie wody pod bardzo wysokim ci\u015bnieniem poparte wyj\u0105tkow\u0105 obs\u0142ug\u0105, bezpiecze\u0144stwem i zaanga\u017cowaniem w sukces klienta.\",\"breadcrumb\":{\"@id\":\"https:\\\/\\\/kmtwaterjet.com\\\/pl\\\/o-nas-pionierach-ciecia-strumieniem-wody__trashed\\\/misja-wizja-deklaracja-wartosci-kmt\\\/#breadcrumb\"},\"inLanguage\":\"pl-PL\",\"potentialAction\":[{\"@type\":\"ReadAction\",\"target\":[\"https:\\\/\\\/kmtwaterjet.com\\\/pl\\\/o-nas-pionierach-ciecia-strumieniem-wody__trashed\\\/misja-wizja-deklaracja-wartosci-kmt\\\/\"]}]},{\"@type\":\"ImageObject\",\"inLanguage\":\"pl-PL\",\"@id\":\"https:\\\/\\\/kmtwaterjet.com\\\/pl\\\/o-nas-pionierach-ciecia-strumieniem-wody__trashed\\\/misja-wizja-deklaracja-wartosci-kmt\\\/#primaryimage\",\"url\":\"https:\\\/\\\/kmtwaterjet.com\\\/wp-content\\\/uploads\\\/KMT-WATERJET-COMPLETE-CUTTING-SYSTEM-COMPONENTS-GRAPHIC.png\",\"contentUrl\":\"https:\\\/\\\/kmtwaterjet.com\\\/wp-content\\\/uploads\\\/KMT-WATERJET-COMPLETE-CUTTING-SYSTEM-COMPONENTS-GRAPHIC.png\"},{\"@type\":\"BreadcrumbList\",\"@id\":\"https:\\\/\\\/kmtwaterjet.com\\\/pl\\\/o-nas-pionierach-ciecia-strumieniem-wody__trashed\\\/misja-wizja-deklaracja-wartosci-kmt\\\/#breadcrumb\",\"itemListElement\":[{\"@type\":\"ListItem\",\"position\":1,\"name\":\"Home\",\"item\":\"https:\\\/\\\/kmtwaterjet.com\\\/pl\\\/\"},{\"@type\":\"ListItem\",\"position\":2,\"name\":\"O nas: Pionierzy ci\u0119cia strumieniem wody\",\"item\":\"https:\\\/\\\/kmtwaterjet.com\\\/pl\\\/o-nas-pionierach-ciecia-strumieniem-wody__trashed\\\/\"},{\"@type\":\"ListItem\",\"position\":3,\"name\":\"Misja, wizja i deklaracja warto\u015bci KMT\"}]},{\"@type\":\"WebSite\",\"@id\":\"https:\\\/\\\/kmtwaterjet.com\\\/pl\\\/#website\",\"url\":\"https:\\\/\\\/kmtwaterjet.com\\\/pl\\\/\",\"name\":\"KMT Waterjet\",\"description\":\"KMT Waterjet for waterjet cutting metal, stone, glass, steel and more\",\"publisher\":{\"@id\":\"https:\\\/\\\/kmtwaterjet.com\\\/pl\\\/#organization\"},\"potentialAction\":[{\"@type\":\"SearchAction\",\"target\":{\"@type\":\"EntryPoint\",\"urlTemplate\":\"https:\\\/\\\/kmtwaterjet.com\\\/pl\\\/?s={search_term_string}\"},\"query-input\":{\"@type\":\"PropertyValueSpecification\",\"valueRequired\":true,\"valueName\":\"search_term_string\"}}],\"inLanguage\":\"pl-PL\"},{\"@type\":\"Organization\",\"@id\":\"https:\\\/\\\/kmtwaterjet.com\\\/pl\\\/#organization\",\"name\":\"KMT Waterjet\",\"url\":\"https:\\\/\\\/kmtwaterjet.com\\\/pl\\\/\",\"logo\":{\"@type\":\"ImageObject\",\"inLanguage\":\"pl-PL\",\"@id\":\"https:\\\/\\\/kmtwaterjet.com\\\/pl\\\/#\\\/schema\\\/logo\\\/image\\\/\",\"url\":\"https:\\\/\\\/kmtwaterjet.com\\\/wp-content\\\/uploads\\\/kmt_logo_2020.png\",\"contentUrl\":\"https:\\\/\\\/kmtwaterjet.com\\\/wp-content\\\/uploads\\\/kmt_logo_2020.png\",\"width\":1002,\"height\":605,\"caption\":\"KMT Waterjet\"},\"image\":{\"@id\":\"https:\\\/\\\/kmtwaterjet.com\\\/pl\\\/#\\\/schema\\\/logo\\\/image\\\/\"}}]}<\/script>\n<!-- \/ Yoast SEO plugin. -->","yoast_head_json":{"title":"Misja, wizja i deklaracja warto\u015bci KMT | KMT Waterjet","description":"KMT dostarcza innowacyjne rozwi\u0105zania w zakresie wody pod bardzo wysokim ci\u015bnieniem poparte wyj\u0105tkow\u0105 obs\u0142ug\u0105, bezpiecze\u0144stwem i zaanga\u017cowaniem w sukces klienta.","robots":{"index":"index","follow":"follow","max-snippet":"max-snippet:-1","max-image-preview":"max-image-preview:large","max-video-preview":"max-video-preview:-1"},"canonical":"https:\/\/kmtwaterjet.com\/pl\/o-nas-pionierach-ciecia-strumieniem-wody__trashed\/misja-wizja-deklaracja-wartosci-kmt\/","og_locale":"pl_PL","og_type":"article","og_title":"Misja, wizja i deklaracja warto\u015bci KMT | KMT Waterjet","og_description":"KMT dostarcza innowacyjne rozwi\u0105zania w zakresie wody pod bardzo wysokim ci\u015bnieniem poparte wyj\u0105tkow\u0105 obs\u0142ug\u0105, bezpiecze\u0144stwem i zaanga\u017cowaniem w sukces klienta.","og_url":"https:\/\/kmtwaterjet.com\/pl\/o-nas-pionierach-ciecia-strumieniem-wody__trashed\/misja-wizja-deklaracja-wartosci-kmt\/","og_site_name":"KMT Waterjet","article_modified_time":"2026-03-26T15:59:49+00:00","og_image":[{"width":1000,"height":424,"url":"https:\/\/kmtwaterjet.com\/wp-content\/uploads\/KMT-WATERJET-COMPLETE-CUTTING-SYSTEM-COMPONENTS-GRAPHIC.png","type":"image\/png"}],"twitter_card":"summary_large_image","twitter_misc":{"Szacowany czas czytania":"1 minuta"},"schema":{"@context":"https:\/\/schema.org","@graph":[{"@type":"WebPage","@id":"https:\/\/kmtwaterjet.com\/pl\/o-nas-pionierach-ciecia-strumieniem-wody__trashed\/misja-wizja-deklaracja-wartosci-kmt\/","url":"https:\/\/kmtwaterjet.com\/pl\/o-nas-pionierach-ciecia-strumieniem-wody__trashed\/misja-wizja-deklaracja-wartosci-kmt\/","name":"Misja, wizja i deklaracja warto\u015bci KMT | KMT Waterjet","isPartOf":{"@id":"https:\/\/kmtwaterjet.com\/pl\/#website"},"primaryImageOfPage":{"@id":"https:\/\/kmtwaterjet.com\/pl\/o-nas-pionierach-ciecia-strumieniem-wody__trashed\/misja-wizja-deklaracja-wartosci-kmt\/#primaryimage"},"image":{"@id":"https:\/\/kmtwaterjet.com\/pl\/o-nas-pionierach-ciecia-strumieniem-wody__trashed\/misja-wizja-deklaracja-wartosci-kmt\/#primaryimage"},"thumbnailUrl":"https:\/\/kmtwaterjet.com\/wp-content\/uploads\/KMT-WATERJET-COMPLETE-CUTTING-SYSTEM-COMPONENTS-GRAPHIC.png","datePublished":"2024-06-13T15:24:36+00:00","dateModified":"2026-03-26T15:59:49+00:00","description":"KMT dostarcza innowacyjne rozwi\u0105zania w zakresie wody pod bardzo wysokim ci\u015bnieniem poparte wyj\u0105tkow\u0105 obs\u0142ug\u0105, bezpiecze\u0144stwem i zaanga\u017cowaniem w sukces klienta.","breadcrumb":{"@id":"https:\/\/kmtwaterjet.com\/pl\/o-nas-pionierach-ciecia-strumieniem-wody__trashed\/misja-wizja-deklaracja-wartosci-kmt\/#breadcrumb"},"inLanguage":"pl-PL","potentialAction":[{"@type":"ReadAction","target":["https:\/\/kmtwaterjet.com\/pl\/o-nas-pionierach-ciecia-strumieniem-wody__trashed\/misja-wizja-deklaracja-wartosci-kmt\/"]}]},{"@type":"ImageObject","inLanguage":"pl-PL","@id":"https:\/\/kmtwaterjet.com\/pl\/o-nas-pionierach-ciecia-strumieniem-wody__trashed\/misja-wizja-deklaracja-wartosci-kmt\/#primaryimage","url":"https:\/\/kmtwaterjet.com\/wp-content\/uploads\/KMT-WATERJET-COMPLETE-CUTTING-SYSTEM-COMPONENTS-GRAPHIC.png","contentUrl":"https:\/\/kmtwaterjet.com\/wp-content\/uploads\/KMT-WATERJET-COMPLETE-CUTTING-SYSTEM-COMPONENTS-GRAPHIC.png"},{"@type":"BreadcrumbList","@id":"https:\/\/kmtwaterjet.com\/pl\/o-nas-pionierach-ciecia-strumieniem-wody__trashed\/misja-wizja-deklaracja-wartosci-kmt\/#breadcrumb","itemListElement":[{"@type":"ListItem","position":1,"name":"Home","item":"https:\/\/kmtwaterjet.com\/pl\/"},{"@type":"ListItem","position":2,"name":"O nas: Pionierzy ci\u0119cia strumieniem wody","item":"https:\/\/kmtwaterjet.com\/pl\/o-nas-pionierach-ciecia-strumieniem-wody__trashed\/"},{"@type":"ListItem","position":3,"name":"Misja, wizja i deklaracja warto\u015bci KMT"}]},{"@type":"WebSite","@id":"https:\/\/kmtwaterjet.com\/pl\/#website","url":"https:\/\/kmtwaterjet.com\/pl\/","name":"KMT Waterjet","description":"KMT Waterjet for waterjet cutting metal, stone, glass, steel and more","publisher":{"@id":"https:\/\/kmtwaterjet.com\/pl\/#organization"},"potentialAction":[{"@type":"SearchAction","target":{"@type":"EntryPoint","urlTemplate":"https:\/\/kmtwaterjet.com\/pl\/?s={search_term_string}"},"query-input":{"@type":"PropertyValueSpecification","valueRequired":true,"valueName":"search_term_string"}}],"inLanguage":"pl-PL"},{"@type":"Organization","@id":"https:\/\/kmtwaterjet.com\/pl\/#organization","name":"KMT Waterjet","url":"https:\/\/kmtwaterjet.com\/pl\/","logo":{"@type":"ImageObject","inLanguage":"pl-PL","@id":"https:\/\/kmtwaterjet.com\/pl\/#\/schema\/logo\/image\/","url":"https:\/\/kmtwaterjet.com\/wp-content\/uploads\/kmt_logo_2020.png","contentUrl":"https:\/\/kmtwaterjet.com\/wp-content\/uploads\/kmt_logo_2020.png","width":1002,"height":605,"caption":"KMT Waterjet"},"image":{"@id":"https:\/\/kmtwaterjet.com\/pl\/#\/schema\/logo\/image\/"}}]}},"_links":{"self":[{"href":"https:\/\/kmtwaterjet.com\/pl\/wp-json\/wp\/v2\/pages\/30867","targetHints":{"allow":["GET"]}}],"collection":[{"href":"https:\/\/kmtwaterjet.com\/pl\/wp-json\/wp\/v2\/pages"}],"about":[{"href":"https:\/\/kmtwaterjet.com\/pl\/wp-json\/wp\/v2\/types\/page"}],"author":[{"embeddable":true,"href":"https:\/\/kmtwaterjet.com\/pl\/wp-json\/wp\/v2\/users\/11"}],"replies":[{"embeddable":true,"href":"https:\/\/kmtwaterjet.com\/pl\/wp-json\/wp\/v2\/comments?post=30867"}],"version-history":[{"count":0,"href":"https:\/\/kmtwaterjet.com\/pl\/wp-json\/wp\/v2\/pages\/30867\/revisions"}],"up":[{"embeddable":true,"href":"https:\/\/kmtwaterjet.com\/pl\/wp-json\/wp\/v2\/pages\/25199"}],"wp:attachment":[{"href":"https:\/\/kmtwaterjet.com\/pl\/wp-json\/wp\/v2\/media?parent=30867"}],"wp:term":[{"taxonomy":"page-type","embeddable":true,"href":"https:\/\/kmtwaterjet.com\/pl\/wp-json\/wp\/v2\/page-type?post=30867"}],"curies":[{"name":"wp","href":"https:\/\/api.w.org\/{rel}","templated":true}]}}