{"id":44342,"date":"2026-04-02T14:59:17","date_gmt":"2026-04-02T19:59:17","guid":{"rendered":"https:\/\/kmtwaterjet.com\/?page_id=44342"},"modified":"2026-04-02T15:00:37","modified_gmt":"2026-04-02T20:00:37","slug":"macchina-oem-northwood-sawjet-8","status":"publish","type":"page","link":"https:\/\/kmtwaterjet.com\/it\/macchina-oem-northwood-sawjet-8\/","title":{"rendered":"MACCHINA OEM NORTHWOOD SAWJET"},"content":{"rendered":"\t\t<div data-elementor-type=\"wp-page\" data-elementor-id=\"44342\" class=\"elementor elementor-44342 elementor-44336\" data-elementor-post-type=\"page\">\n\t\t\t\t<div class=\"elementor-element elementor-element-a5186ce e-flex e-con-boxed e-con e-parent\" data-id=\"a5186ce\" data-element_type=\"container\" data-e-type=\"container\">\n\t\t\t\t\t<div class=\"e-con-inner\">\n\t\t\t\t<div class=\"elementor-element elementor-element-27eaaf2 elementor-widget elementor-widget-heading\" data-id=\"27eaaf2\" data-element_type=\"widget\" data-e-type=\"widget\" data-widget_type=\"heading.default\">\n\t\t\t\t<div class=\"elementor-widget-container\">\n\t\t\t\t\t<h1 class=\"elementor-heading-title elementor-size-default\">NORTHWOOD MACHINE - TAGLIO A GETTO D'ACQUA DELLA PIETRA, CENTRI DI LAVORO E ALTRO ANCORA<\/h1>\t\t\t\t<\/div>\n\t\t\t\t<\/div>\n\t\t\t\t<div class=\"elementor-element elementor-element-9016e52 elementor-widget-divider--view-line elementor-widget elementor-widget-divider\" data-id=\"9016e52\" data-element_type=\"widget\" data-e-type=\"widget\" data-widget_type=\"divider.default\">\n\t\t\t\t<div class=\"elementor-widget-container\">\n\t\t\t\t\t\t\t<div class=\"elementor-divider\">\n\t\t\t<span class=\"elementor-divider-separator\">\n\t\t\t\t\t\t<\/span>\n\t\t<\/div>\n\t\t\t\t\t\t<\/div>\n\t\t\t\t<\/div>\n\t\t\t\t\t<\/div>\n\t\t\t\t<\/div>\n\t\t<div class=\"elementor-element elementor-element-08404e0 e-flex e-con-boxed e-con e-parent\" data-id=\"08404e0\" data-element_type=\"container\" data-e-type=\"container\">\n\t\t\t\t\t<div class=\"e-con-inner\">\n\t\t\t\t<div class=\"elementor-element elementor-element-7e9b4d7 elementor-widget elementor-widget-image\" data-id=\"7e9b4d7\" data-element_type=\"widget\" data-e-type=\"widget\" data-widget_type=\"image.default\">\n\t\t\t\t<div class=\"elementor-widget-container\">\n\t\t\t\t\t\t\t\t\t\t\t\t\t\t\t<img fetchpriority=\"high\" decoding=\"async\" width=\"2000\" height=\"429\" src=\"https:\/\/kmtwaterjet.com\/wp-content\/uploads\/MULTICAM-WATERJET-CUTTING-TABLES-BANNER.jpg\" class=\"attachment-full size-full wp-image-43999\" alt=\"\" srcset=\"https:\/\/kmtwaterjet.com\/wp-content\/uploads\/MULTICAM-WATERJET-CUTTING-TABLES-BANNER.jpg 2000w, https:\/\/kmtwaterjet.com\/wp-content\/uploads\/MULTICAM-WATERJET-CUTTING-TABLES-BANNER-300x64.jpg 300w, https:\/\/kmtwaterjet.com\/wp-content\/uploads\/MULTICAM-WATERJET-CUTTING-TABLES-BANNER-1024x220.jpg 1024w, https:\/\/kmtwaterjet.com\/wp-content\/uploads\/MULTICAM-WATERJET-CUTTING-TABLES-BANNER-768x165.jpg 768w, https:\/\/kmtwaterjet.com\/wp-content\/uploads\/MULTICAM-WATERJET-CUTTING-TABLES-BANNER-1536x329.jpg 1536w\" sizes=\"(max-width: 2000px) 100vw, 2000px\" \/>\t\t\t\t\t\t\t\t\t\t\t\t\t\t\t<\/div>\n\t\t\t\t<\/div>\n\t\t\t\t\t<\/div>\n\t\t\t\t<\/div>\n\t\t<div class=\"elementor-element elementor-element-5761e3a e-grid e-con-boxed e-con e-parent\" data-id=\"5761e3a\" data-element_type=\"container\" data-e-type=\"container\">\n\t\t\t\t\t<div class=\"e-con-inner\">\n\t\t\t\t<div class=\"elementor-element elementor-element-b79cae4 elementor-widget elementor-widget-image\" data-id=\"b79cae4\" data-element_type=\"widget\" data-e-type=\"widget\" data-widget_type=\"image.default\">\n\t\t\t\t<div class=\"elementor-widget-container\">\n\t\t\t\t\t\t\t\t\t\t\t\t\t\t\t<img decoding=\"async\" width=\"478\" height=\"152\" data-src=\"https:\/\/kmtwaterjet.com\/wp-content\/uploads\/MULTICAM-WATERJET-CUTTING-TABLES-LOGO.jpg\" class=\"attachment-large size-large wp-image-43992 lazyload\" alt=\"\" data-srcset=\"https:\/\/kmtwaterjet.com\/wp-content\/uploads\/MULTICAM-WATERJET-CUTTING-TABLES-LOGO.jpg 478w, https:\/\/kmtwaterjet.com\/wp-content\/uploads\/MULTICAM-WATERJET-CUTTING-TABLES-LOGO-300x95.jpg 300w\" data-sizes=\"(max-width: 478px) 100vw, 478px\" src=\"data:image\/svg+xml;base64,PHN2ZyB3aWR0aD0iMSIgaGVpZ2h0PSIxIiB4bWxucz0iaHR0cDovL3d3dy53My5vcmcvMjAwMC9zdmciPjwvc3ZnPg==\" style=\"--smush-placeholder-width: 478px; --smush-placeholder-aspect-ratio: 478\/152;\" \/>\t\t\t\t\t\t\t\t\t\t\t\t\t\t\t<\/div>\n\t\t\t\t<\/div>\n\t\t\t\t<div class=\"elementor-element elementor-element-932967f elementor-widget elementor-widget-text-editor\" data-id=\"932967f\" data-element_type=\"widget\" data-e-type=\"widget\" data-widget_type=\"text-editor.default\">\n\t\t\t\t<div class=\"elementor-widget-container\">\n\t\t\t\t\t\t\t\t\t<p><span style=\"color: #000080;\"><em><strong>Macchine costruite per resistere alla prova del tempo.<\/strong><\/em><\/span><\/p><p>Da oltre 25 anni, Northwood Machine costruisce macchine a getto d&#8217;acqua personalizzate con componenti di altissima qualit\u00e0. Non abbiamo mai cambiato l&#8217;applicazione di un cliente per adattarla alla nostra macchina. Northwood progetter\u00e0 e consegner\u00e0 la macchina giusta e personalizzata per te e per la tua attivit\u00e0.  <\/p>\t\t\t\t\t\t\t\t<\/div>\n\t\t\t\t<\/div>\n\t\t\t\t\t<\/div>\n\t\t\t\t<\/div>\n\t\t<div class=\"elementor-element elementor-element-ea56cbc e-flex e-con-boxed e-con e-parent\" data-id=\"ea56cbc\" data-element_type=\"container\" data-e-type=\"container\">\n\t\t\t\t\t<div class=\"e-con-inner\">\n\t\t\t\t<div class=\"elementor-element elementor-element-3b30ee9 elementor-widget-divider--view-line elementor-widget elementor-widget-divider\" data-id=\"3b30ee9\" data-element_type=\"widget\" data-e-type=\"widget\" data-widget_type=\"divider.default\">\n\t\t\t\t<div class=\"elementor-widget-container\">\n\t\t\t\t\t\t\t<div class=\"elementor-divider\">\n\t\t\t<span class=\"elementor-divider-separator\">\n\t\t\t\t\t\t<\/span>\n\t\t<\/div>\n\t\t\t\t\t\t<\/div>\n\t\t\t\t<\/div>\n\t\t\t\t\t<\/div>\n\t\t\t\t<\/div>\n\t\t<div class=\"elementor-element elementor-element-56cd23b e-grid e-con-boxed e-con e-parent\" data-id=\"56cd23b\" data-element_type=\"container\" data-e-type=\"container\">\n\t\t\t\t\t<div class=\"e-con-inner\">\n\t\t\t\t<div class=\"elementor-element elementor-element-63f321b elementor-widget elementor-widget-image\" data-id=\"63f321b\" data-element_type=\"widget\" data-e-type=\"widget\" data-widget_type=\"image.default\">\n\t\t\t\t<div class=\"elementor-widget-container\">\n\t\t\t\t\t\t\t\t\t\t\t\t<figure class=\"wp-caption\">\n\t\t\t\t\t\t\t\t\t\t<img decoding=\"async\" width=\"800\" height=\"384\" data-src=\"https:\/\/kmtwaterjet.com\/wp-content\/uploads\/MultiCam-1000-Series-CNC-Waterjet-Cutting-Table-1024x492.jpg\" class=\"attachment-large size-large wp-image-43996 lazyload\" alt=\"\" data-srcset=\"https:\/\/kmtwaterjet.com\/wp-content\/uploads\/MultiCam-1000-Series-CNC-Waterjet-Cutting-Table-1024x492.jpg 1024w, https:\/\/kmtwaterjet.com\/wp-content\/uploads\/MultiCam-1000-Series-CNC-Waterjet-Cutting-Table-300x144.jpg 300w, https:\/\/kmtwaterjet.com\/wp-content\/uploads\/MultiCam-1000-Series-CNC-Waterjet-Cutting-Table-768x369.jpg 768w, https:\/\/kmtwaterjet.com\/wp-content\/uploads\/MultiCam-1000-Series-CNC-Waterjet-Cutting-Table.jpg 1400w\" data-sizes=\"(max-width: 800px) 100vw, 800px\" src=\"data:image\/svg+xml;base64,PHN2ZyB3aWR0aD0iMSIgaGVpZ2h0PSIxIiB4bWxucz0iaHR0cDovL3d3dy53My5vcmcvMjAwMC9zdmciPjwvc3ZnPg==\" style=\"--smush-placeholder-width: 800px; --smush-placeholder-aspect-ratio: 800\/384;\" \/>\t\t\t\t\t\t\t\t\t\t\t<figcaption class=\"widget-image-caption wp-caption-text\">MultiCam 1000 Series CNC Waterjet Cutting Table<\/figcaption>\n\t\t\t\t\t\t\t\t\t\t<\/figure>\n\t\t\t\t\t\t\t\t\t<\/div>\n\t\t\t\t<\/div>\n\t\t\t\t<div class=\"elementor-element elementor-element-82a276b elementor-widget elementor-widget-image\" data-id=\"82a276b\" data-element_type=\"widget\" data-e-type=\"widget\" data-widget_type=\"image.default\">\n\t\t\t\t<div class=\"elementor-widget-container\">\n\t\t\t\t\t\t\t\t\t\t\t\t<figure class=\"wp-caption\">\n\t\t\t\t\t\t\t\t\t\t<img decoding=\"async\" width=\"800\" height=\"384\" data-src=\"https:\/\/kmtwaterjet.com\/wp-content\/uploads\/MultiCam-EZ-Control-G-Code-and-Coreo-Software-1024x492.jpg\" class=\"attachment-large size-large wp-image-43998 lazyload\" alt=\"\" data-srcset=\"https:\/\/kmtwaterjet.com\/wp-content\/uploads\/MultiCam-EZ-Control-G-Code-and-Coreo-Software-1024x492.jpg 1024w, https:\/\/kmtwaterjet.com\/wp-content\/uploads\/MultiCam-EZ-Control-G-Code-and-Coreo-Software-300x144.jpg 300w, https:\/\/kmtwaterjet.com\/wp-content\/uploads\/MultiCam-EZ-Control-G-Code-and-Coreo-Software-768x369.jpg 768w, https:\/\/kmtwaterjet.com\/wp-content\/uploads\/MultiCam-EZ-Control-G-Code-and-Coreo-Software.jpg 1400w\" data-sizes=\"(max-width: 800px) 100vw, 800px\" src=\"data:image\/svg+xml;base64,PHN2ZyB3aWR0aD0iMSIgaGVpZ2h0PSIxIiB4bWxucz0iaHR0cDovL3d3dy53My5vcmcvMjAwMC9zdmciPjwvc3ZnPg==\" style=\"--smush-placeholder-width: 800px; --smush-placeholder-aspect-ratio: 800\/384;\" \/>\t\t\t\t\t\t\t\t\t\t\t<figcaption class=\"widget-image-caption wp-caption-text\">MultiCam EZ Control G-Code and Coreo Software<\/figcaption>\n\t\t\t\t\t\t\t\t\t\t<\/figure>\n\t\t\t\t\t\t\t\t\t<\/div>\n\t\t\t\t<\/div>\n\t\t\t\t\t<\/div>\n\t\t\t\t<\/div>\n\t\t<div class=\"elementor-element elementor-element-6b78d1e e-flex e-con-boxed e-con e-parent\" data-id=\"6b78d1e\" data-element_type=\"container\" data-e-type=\"container\">\n\t\t\t\t\t<div class=\"e-con-inner\">\n\t\t\t\t<div class=\"elementor-element elementor-element-9115298 elementor-widget elementor-widget-spacer\" data-id=\"9115298\" data-element_type=\"widget\" data-e-type=\"widget\" data-widget_type=\"spacer.default\">\n\t\t\t\t<div class=\"elementor-widget-container\">\n\t\t\t\t\t\t\t<div class=\"elementor-spacer\">\n\t\t\t<div class=\"elementor-spacer-inner\"><\/div>\n\t\t<\/div>\n\t\t\t\t\t\t<\/div>\n\t\t\t\t<\/div>\n\t\t\t\t\t<\/div>\n\t\t\t\t<\/div>\n\t\t<div class=\"elementor-element elementor-element-5abe2a5 e-flex e-con-boxed e-con e-parent\" data-id=\"5abe2a5\" data-element_type=\"container\" data-e-type=\"container\">\n\t\t\t\t\t<div class=\"e-con-inner\">\n\t\t\t\t<div class=\"elementor-element elementor-element-ae0216d elementor-widget elementor-widget-heading\" data-id=\"ae0216d\" data-element_type=\"widget\" data-e-type=\"widget\" data-widget_type=\"heading.default\">\n\t\t\t\t<div class=\"elementor-widget-container\">\n\t\t\t\t\t<h2 class=\"elementor-heading-title elementor-size-default\">MACCHINE DA TAGLIO CNC NORTHWOOD<\/h2>\t\t\t\t<\/div>\n\t\t\t\t<\/div>\n\t\t\t\t<div class=\"elementor-element elementor-element-8b293f1 elementor-widget elementor-widget-text-editor\" data-id=\"8b293f1\" data-element_type=\"widget\" data-e-type=\"widget\" data-widget_type=\"text-editor.default\">\n\t\t\t\t<div class=\"elementor-widget-container\">\n\t\t\t\t\t\t\t\t\t<div class=\"section\"><ul><li>Produciamo frese CNC e centri di lavoro CNC per il taglio a getto d&#8217;acqua nell&#8217;industria aerospaziale, del legno, della plastica, dei compositi e della pietra<br>.<\/li><li>Costruito su tre principi fondamentali: Made in USA, componenti standardizzati di alta qualit\u00e0 e persone eccezionali<br>.<\/li><li>Northwood offre un supporto nazionale con ingegneri, strutture di assemblaggio e reparti di assistenza con sede negli Stati Uniti.<\/li><\/ul><\/div><div class=\"section\"><h2>Attrezzature da taglio specializzate<\/h2><h3><span style=\"color: #000080;\">Macchine CNC a 3 assi<\/span><\/h3><ul><li>Centri di lavoro CNC a 3 assi con piani di lavoro mobili &#8211; Soluzioni di lavorazione versatili con superfici di lavoro mobili<br>.<\/li><li>Gantry mobile a 3 assi &#8211; Tavola di lavoro fissa con design a portale mobile per una maggiore capacit\u00e0.<\/li><li>Fresatrici CNC a rulli a tre assi &#8211; Fresatrici specializzate con sistemi a rulli per una gestione sicura dei pezzi<br>.<\/li><\/ul><h3><span style=\"color: #000080;\">Macchine CNC a 5 assi<\/span><\/h3><ul><li>Centro di lavoro CNC a getto d&#8217;acqua a 5 assi con piano di lavoro mobile &#8211; Lavorazione multidirezionale avanzata con piano di lavoro mobile<br>.<\/li><li>Macchine CNC a portale mobile a 5 assi &#8211; Tavola fissa con design a portale mobile che consente di lavorare fino a<br>12ft x 12ft (3658mm x 3658mm).<\/li><li>CNC a 5 assi per l&#8217;industria del vetro &#8211; Slittone per impieghi gravosi con corsa dell&#8217;asse Z fino a 1829 mm (72&#8243;) e snodo a 2 assi in ghisa<br>.<\/li><\/ul><\/div><div class=\"section\"><h2>Specializzazioni dell&#8217;industria della pietra<\/h2><ul><li>Northwood FabCenter (UFC 138) &#8211; Centro di fabbricazione all&#8217;avanguardia con motore di taglio Saccardo azionato da Fanuc.<\/li><li>Router per pietra &#8211; Macchina appositamente progettata per la lavorazione della pietra.<\/li><li>CNC Raptor SawJet &#8211; Rivoluzionaria innovazione del 2006 nella lavorazione della pietra che combina la tecnologia della sega e del getto d&#8217;acqua.<\/li><li>Iris Slab Scanner &#8211; Scanner verticale per lastre di pietra con risoluzione a 12K per una visualizzazione dettagliata della pietra.<\/li><\/ul><\/div><div class=\"section\"><h2>Opzioni aggiuntive<\/h2><ul><li>Macchine usate certificate &#8211; Macchine usate mantenute secondo gli standard Northwood con assistenza a vita e formazione<br>.<br><hr><\/li><\/ul><p><em><span style=\"color: #000080;\"><strong>\u221a Compila il modulo sottostante e un rappresentante ti contatter\u00e0 a breve.<\/strong><\/span><\/em><\/p><\/div>\t\t\t\t\t\t\t\t<\/div>\n\t\t\t\t<\/div>\n\t\t\t\t\t<\/div>\n\t\t\t\t<\/div>\n\t\t\t\t<\/div>\n\t\t","protected":false},"excerpt":{"rendered":"<p>NORTHWOOD MACHINE &#8211; TAGLIO A GETTO D&#8217;ACQUA DELLA PIETRA, CENTRI DI LAVORO E ALTRO ANCORA Macchine costruite per resistere alla prova del tempo. Da oltre 25 anni, Northwood Machine costruisce macchine a getto d&#8217;acqua personalizzate con componenti di altissima qualit\u00e0. Non abbiamo mai cambiato l&#8217;applicazione di un cliente per adattarla alla nostra macchina. Northwood progetter\u00e0 [&hellip;]<\/p>\n","protected":false},"author":12,"featured_media":0,"parent":0,"menu_order":0,"comment_status":"closed","ping_status":"closed","template":"","meta":{"_acf_changed":false,"footnotes":""},"page-type":[],"class_list":["post-44342","page","type-page","status-publish","hentry"],"acf":[],"yoast_head":"<!-- This site is optimized with the Yoast SEO plugin v27.3 - https:\/\/yoast.com\/product\/yoast-seo-wordpress\/ -->\n<title>MACCHINA OEM NORTHWOOD SAWJET | KMT Waterjet<\/title>\n<meta name=\"robots\" content=\"index, follow, max-snippet:-1, max-image-preview:large, max-video-preview:-1\" \/>\n<link rel=\"canonical\" href=\"https:\/\/kmtwaterjet.com\/it\/macchina-oem-northwood-sawjet-8\/\" \/>\n<meta property=\"og:locale\" content=\"it_IT\" \/>\n<meta property=\"og:type\" content=\"article\" \/>\n<meta property=\"og:title\" content=\"MACCHINA OEM NORTHWOOD SAWJET | KMT Waterjet\" \/>\n<meta property=\"og:description\" content=\"NORTHWOOD MACHINE &#8211; TAGLIO A GETTO D&#8217;ACQUA DELLA PIETRA, CENTRI DI LAVORO E ALTRO ANCORA Macchine costruite per resistere alla prova del tempo. Da oltre 25 anni, Northwood Machine costruisce macchine a getto d&#8217;acqua personalizzate con componenti di altissima qualit\u00e0. Non abbiamo mai cambiato l&#8217;applicazione di un cliente per adattarla alla nostra macchina. Northwood progetter\u00e0 [&hellip;]\" \/>\n<meta property=\"og:url\" content=\"https:\/\/kmtwaterjet.com\/it\/macchina-oem-northwood-sawjet-8\/\" \/>\n<meta property=\"og:site_name\" content=\"KMT Waterjet\" \/>\n<meta property=\"article:modified_time\" content=\"2026-04-02T20:00:37+00:00\" \/>\n<meta property=\"og:image\" content=\"https:\/\/kmtwaterjet.com\/wp-content\/uploads\/MULTICAM-WATERJET-CUTTING-TABLES-BANNER.jpg\" \/>\n<meta name=\"twitter:card\" content=\"summary_large_image\" \/>\n<meta name=\"twitter:label1\" content=\"Tempo di lettura stimato\" \/>\n\t<meta name=\"twitter:data1\" content=\"2 minuti\" \/>\n<script type=\"application\/ld+json\" class=\"yoast-schema-graph\">{\"@context\":\"https:\\\/\\\/schema.org\",\"@graph\":[{\"@type\":\"WebPage\",\"@id\":\"https:\\\/\\\/kmtwaterjet.com\\\/it\\\/macchina-oem-northwood-sawjet-8\\\/\",\"url\":\"https:\\\/\\\/kmtwaterjet.com\\\/it\\\/macchina-oem-northwood-sawjet-8\\\/\",\"name\":\"MACCHINA OEM NORTHWOOD SAWJET | KMT Waterjet\",\"isPartOf\":{\"@id\":\"https:\\\/\\\/kmtwaterjet.com\\\/it\\\/#website\"},\"primaryImageOfPage\":{\"@id\":\"https:\\\/\\\/kmtwaterjet.com\\\/it\\\/macchina-oem-northwood-sawjet-8\\\/#primaryimage\"},\"image\":{\"@id\":\"https:\\\/\\\/kmtwaterjet.com\\\/it\\\/macchina-oem-northwood-sawjet-8\\\/#primaryimage\"},\"thumbnailUrl\":\"https:\\\/\\\/kmtwaterjet.com\\\/wp-content\\\/uploads\\\/MULTICAM-WATERJET-CUTTING-TABLES-BANNER.jpg\",\"datePublished\":\"2026-04-02T19:59:17+00:00\",\"dateModified\":\"2026-04-02T20:00:37+00:00\",\"breadcrumb\":{\"@id\":\"https:\\\/\\\/kmtwaterjet.com\\\/it\\\/macchina-oem-northwood-sawjet-8\\\/#breadcrumb\"},\"inLanguage\":\"it-IT\",\"potentialAction\":[{\"@type\":\"ReadAction\",\"target\":[\"https:\\\/\\\/kmtwaterjet.com\\\/it\\\/macchina-oem-northwood-sawjet-8\\\/\"]}]},{\"@type\":\"ImageObject\",\"inLanguage\":\"it-IT\",\"@id\":\"https:\\\/\\\/kmtwaterjet.com\\\/it\\\/macchina-oem-northwood-sawjet-8\\\/#primaryimage\",\"url\":\"https:\\\/\\\/kmtwaterjet.com\\\/wp-content\\\/uploads\\\/MULTICAM-WATERJET-CUTTING-TABLES-BANNER.jpg\",\"contentUrl\":\"https:\\\/\\\/kmtwaterjet.com\\\/wp-content\\\/uploads\\\/MULTICAM-WATERJET-CUTTING-TABLES-BANNER.jpg\"},{\"@type\":\"BreadcrumbList\",\"@id\":\"https:\\\/\\\/kmtwaterjet.com\\\/it\\\/macchina-oem-northwood-sawjet-8\\\/#breadcrumb\",\"itemListElement\":[{\"@type\":\"ListItem\",\"position\":1,\"name\":\"Home\",\"item\":\"https:\\\/\\\/kmtwaterjet.com\\\/it\\\/\"},{\"@type\":\"ListItem\",\"position\":2,\"name\":\"MACCHINA OEM NORTHWOOD SAWJET\"}]},{\"@type\":\"WebSite\",\"@id\":\"https:\\\/\\\/kmtwaterjet.com\\\/it\\\/#website\",\"url\":\"https:\\\/\\\/kmtwaterjet.com\\\/it\\\/\",\"name\":\"KMT Waterjet\",\"description\":\"KMT Waterjet for waterjet cutting metal, stone, glass, steel and more\",\"publisher\":{\"@id\":\"https:\\\/\\\/kmtwaterjet.com\\\/it\\\/#organization\"},\"potentialAction\":[{\"@type\":\"SearchAction\",\"target\":{\"@type\":\"EntryPoint\",\"urlTemplate\":\"https:\\\/\\\/kmtwaterjet.com\\\/it\\\/?s={search_term_string}\"},\"query-input\":{\"@type\":\"PropertyValueSpecification\",\"valueRequired\":true,\"valueName\":\"search_term_string\"}}],\"inLanguage\":\"it-IT\"},{\"@type\":\"Organization\",\"@id\":\"https:\\\/\\\/kmtwaterjet.com\\\/it\\\/#organization\",\"name\":\"KMT Waterjet\",\"url\":\"https:\\\/\\\/kmtwaterjet.com\\\/it\\\/\",\"logo\":{\"@type\":\"ImageObject\",\"inLanguage\":\"it-IT\",\"@id\":\"https:\\\/\\\/kmtwaterjet.com\\\/it\\\/#\\\/schema\\\/logo\\\/image\\\/\",\"url\":\"https:\\\/\\\/kmtwaterjet.com\\\/wp-content\\\/uploads\\\/kmt_logo_2020.png\",\"contentUrl\":\"https:\\\/\\\/kmtwaterjet.com\\\/wp-content\\\/uploads\\\/kmt_logo_2020.png\",\"width\":1002,\"height\":605,\"caption\":\"KMT Waterjet\"},\"image\":{\"@id\":\"https:\\\/\\\/kmtwaterjet.com\\\/it\\\/#\\\/schema\\\/logo\\\/image\\\/\"}}]}<\/script>\n<!-- \/ Yoast SEO plugin. -->","yoast_head_json":{"title":"MACCHINA OEM NORTHWOOD SAWJET | KMT Waterjet","robots":{"index":"index","follow":"follow","max-snippet":"max-snippet:-1","max-image-preview":"max-image-preview:large","max-video-preview":"max-video-preview:-1"},"canonical":"https:\/\/kmtwaterjet.com\/it\/macchina-oem-northwood-sawjet-8\/","og_locale":"it_IT","og_type":"article","og_title":"MACCHINA OEM NORTHWOOD SAWJET | KMT Waterjet","og_description":"NORTHWOOD MACHINE &#8211; TAGLIO A GETTO D&#8217;ACQUA DELLA PIETRA, CENTRI DI LAVORO E ALTRO ANCORA Macchine costruite per resistere alla prova del tempo. Da oltre 25 anni, Northwood Machine costruisce macchine a getto d&#8217;acqua personalizzate con componenti di altissima qualit\u00e0. Non abbiamo mai cambiato l&#8217;applicazione di un cliente per adattarla alla nostra macchina. Northwood progetter\u00e0 [&hellip;]","og_url":"https:\/\/kmtwaterjet.com\/it\/macchina-oem-northwood-sawjet-8\/","og_site_name":"KMT Waterjet","article_modified_time":"2026-04-02T20:00:37+00:00","og_image":[{"url":"https:\/\/kmtwaterjet.com\/wp-content\/uploads\/MULTICAM-WATERJET-CUTTING-TABLES-BANNER.jpg","type":"","width":"","height":""}],"twitter_card":"summary_large_image","twitter_misc":{"Tempo di lettura stimato":"2 minuti"},"schema":{"@context":"https:\/\/schema.org","@graph":[{"@type":"WebPage","@id":"https:\/\/kmtwaterjet.com\/it\/macchina-oem-northwood-sawjet-8\/","url":"https:\/\/kmtwaterjet.com\/it\/macchina-oem-northwood-sawjet-8\/","name":"MACCHINA OEM NORTHWOOD SAWJET | KMT Waterjet","isPartOf":{"@id":"https:\/\/kmtwaterjet.com\/it\/#website"},"primaryImageOfPage":{"@id":"https:\/\/kmtwaterjet.com\/it\/macchina-oem-northwood-sawjet-8\/#primaryimage"},"image":{"@id":"https:\/\/kmtwaterjet.com\/it\/macchina-oem-northwood-sawjet-8\/#primaryimage"},"thumbnailUrl":"https:\/\/kmtwaterjet.com\/wp-content\/uploads\/MULTICAM-WATERJET-CUTTING-TABLES-BANNER.jpg","datePublished":"2026-04-02T19:59:17+00:00","dateModified":"2026-04-02T20:00:37+00:00","breadcrumb":{"@id":"https:\/\/kmtwaterjet.com\/it\/macchina-oem-northwood-sawjet-8\/#breadcrumb"},"inLanguage":"it-IT","potentialAction":[{"@type":"ReadAction","target":["https:\/\/kmtwaterjet.com\/it\/macchina-oem-northwood-sawjet-8\/"]}]},{"@type":"ImageObject","inLanguage":"it-IT","@id":"https:\/\/kmtwaterjet.com\/it\/macchina-oem-northwood-sawjet-8\/#primaryimage","url":"https:\/\/kmtwaterjet.com\/wp-content\/uploads\/MULTICAM-WATERJET-CUTTING-TABLES-BANNER.jpg","contentUrl":"https:\/\/kmtwaterjet.com\/wp-content\/uploads\/MULTICAM-WATERJET-CUTTING-TABLES-BANNER.jpg"},{"@type":"BreadcrumbList","@id":"https:\/\/kmtwaterjet.com\/it\/macchina-oem-northwood-sawjet-8\/#breadcrumb","itemListElement":[{"@type":"ListItem","position":1,"name":"Home","item":"https:\/\/kmtwaterjet.com\/it\/"},{"@type":"ListItem","position":2,"name":"MACCHINA OEM NORTHWOOD SAWJET"}]},{"@type":"WebSite","@id":"https:\/\/kmtwaterjet.com\/it\/#website","url":"https:\/\/kmtwaterjet.com\/it\/","name":"KMT Waterjet","description":"KMT Waterjet for waterjet cutting metal, stone, glass, steel and more","publisher":{"@id":"https:\/\/kmtwaterjet.com\/it\/#organization"},"potentialAction":[{"@type":"SearchAction","target":{"@type":"EntryPoint","urlTemplate":"https:\/\/kmtwaterjet.com\/it\/?s={search_term_string}"},"query-input":{"@type":"PropertyValueSpecification","valueRequired":true,"valueName":"search_term_string"}}],"inLanguage":"it-IT"},{"@type":"Organization","@id":"https:\/\/kmtwaterjet.com\/it\/#organization","name":"KMT Waterjet","url":"https:\/\/kmtwaterjet.com\/it\/","logo":{"@type":"ImageObject","inLanguage":"it-IT","@id":"https:\/\/kmtwaterjet.com\/it\/#\/schema\/logo\/image\/","url":"https:\/\/kmtwaterjet.com\/wp-content\/uploads\/kmt_logo_2020.png","contentUrl":"https:\/\/kmtwaterjet.com\/wp-content\/uploads\/kmt_logo_2020.png","width":1002,"height":605,"caption":"KMT Waterjet"},"image":{"@id":"https:\/\/kmtwaterjet.com\/it\/#\/schema\/logo\/image\/"}}]}},"_links":{"self":[{"href":"https:\/\/kmtwaterjet.com\/it\/wp-json\/wp\/v2\/pages\/44342","targetHints":{"allow":["GET"]}}],"collection":[{"href":"https:\/\/kmtwaterjet.com\/it\/wp-json\/wp\/v2\/pages"}],"about":[{"href":"https:\/\/kmtwaterjet.com\/it\/wp-json\/wp\/v2\/types\/page"}],"author":[{"embeddable":true,"href":"https:\/\/kmtwaterjet.com\/it\/wp-json\/wp\/v2\/users\/12"}],"replies":[{"embeddable":true,"href":"https:\/\/kmtwaterjet.com\/it\/wp-json\/wp\/v2\/comments?post=44342"}],"version-history":[{"count":0,"href":"https:\/\/kmtwaterjet.com\/it\/wp-json\/wp\/v2\/pages\/44342\/revisions"}],"wp:attachment":[{"href":"https:\/\/kmtwaterjet.com\/it\/wp-json\/wp\/v2\/media?parent=44342"}],"wp:term":[{"taxonomy":"page-type","embeddable":true,"href":"https:\/\/kmtwaterjet.com\/it\/wp-json\/wp\/v2\/page-type?post=44342"}],"curies":[{"name":"wp","href":"https:\/\/api.w.org\/{rel}","templated":true}]}}