{"id":43892,"date":"2026-03-30T15:17:29","date_gmt":"2026-03-30T20:17:29","guid":{"rendered":"https:\/\/kmtwaterjet.com\/?page_id=43892"},"modified":"2026-04-02T14:26:06","modified_gmt":"2026-04-02T19:26:06","slug":"macchina-oem-northwood-sawjet-4","status":"publish","type":"page","link":"https:\/\/kmtwaterjet.com\/it\/macchina-oem-northwood-sawjet-4\/","title":{"rendered":"MACCHINE PER IL TAGLIO DELLA PIETRA A GETTO D&#8217;ACQUA OEM BRETON"},"content":{"rendered":"\t\t<div data-elementor-type=\"wp-page\" data-elementor-id=\"43892\" class=\"elementor elementor-43892 elementor-43886\" data-elementor-post-type=\"page\">\n\t\t\t\t<div class=\"elementor-element elementor-element-a5186ce e-flex e-con-boxed e-con e-parent\" data-id=\"a5186ce\" data-element_type=\"container\" data-e-type=\"container\">\n\t\t\t\t\t<div class=\"e-con-inner\">\n\t\t\t\t<div class=\"elementor-element elementor-element-27eaaf2 elementor-widget elementor-widget-heading\" data-id=\"27eaaf2\" data-element_type=\"widget\" data-e-type=\"widget\" data-widget_type=\"heading.default\">\n\t\t\t\t<div class=\"elementor-widget-container\">\n\t\t\t\t\t<h1 class=\"elementor-heading-title elementor-size-default\">MACCHINE PER IL TAGLIO DI LASTRE A GETTO DI SEGA BRETONI<\/h1>\t\t\t\t<\/div>\n\t\t\t\t<\/div>\n\t\t\t\t<div class=\"elementor-element elementor-element-9016e52 elementor-widget-divider--view-line elementor-widget elementor-widget-divider\" data-id=\"9016e52\" data-element_type=\"widget\" data-e-type=\"widget\" data-widget_type=\"divider.default\">\n\t\t\t\t<div class=\"elementor-widget-container\">\n\t\t\t\t\t\t\t<div class=\"elementor-divider\">\n\t\t\t<span class=\"elementor-divider-separator\">\n\t\t\t\t\t\t<\/span>\n\t\t<\/div>\n\t\t\t\t\t\t<\/div>\n\t\t\t\t<\/div>\n\t\t\t\t\t<\/div>\n\t\t\t\t<\/div>\n\t\t<div class=\"elementor-element elementor-element-08404e0 e-flex e-con-boxed e-con e-parent\" data-id=\"08404e0\" data-element_type=\"container\" data-e-type=\"container\">\n\t\t\t\t\t<div class=\"e-con-inner\">\n\t\t\t\t<div class=\"elementor-element elementor-element-7e9b4d7 elementor-widget elementor-widget-image\" data-id=\"7e9b4d7\" data-element_type=\"widget\" data-e-type=\"widget\" data-widget_type=\"image.default\">\n\t\t\t\t<div class=\"elementor-widget-container\">\n\t\t\t\t\t\t\t\t\t\t\t\t\t\t\t<img fetchpriority=\"high\" decoding=\"async\" width=\"800\" height=\"320\" src=\"https:\/\/kmtwaterjet.com\/wp-content\/uploads\/BRETON-TRINITY-SAWJET-STONE-CUTTING-MACHINE-1024x409.jpg\" class=\"attachment-large size-large wp-image-44288\" alt=\"Breton Trinity Sawjet machine\" srcset=\"https:\/\/kmtwaterjet.com\/wp-content\/uploads\/BRETON-TRINITY-SAWJET-STONE-CUTTING-MACHINE-1024x409.jpg 1024w, https:\/\/kmtwaterjet.com\/wp-content\/uploads\/BRETON-TRINITY-SAWJET-STONE-CUTTING-MACHINE-300x120.jpg 300w, https:\/\/kmtwaterjet.com\/wp-content\/uploads\/BRETON-TRINITY-SAWJET-STONE-CUTTING-MACHINE-768x307.jpg 768w, https:\/\/kmtwaterjet.com\/wp-content\/uploads\/BRETON-TRINITY-SAWJET-STONE-CUTTING-MACHINE.jpg 1285w\" sizes=\"(max-width: 800px) 100vw, 800px\" \/>\t\t\t\t\t\t\t\t\t\t\t\t\t\t\t<\/div>\n\t\t\t\t<\/div>\n\t\t\t\t\t<\/div>\n\t\t\t\t<\/div>\n\t\t<div class=\"elementor-element elementor-element-5761e3a e-grid e-con-boxed e-con e-parent\" data-id=\"5761e3a\" data-element_type=\"container\" data-e-type=\"container\">\n\t\t\t\t\t<div class=\"e-con-inner\">\n\t\t\t\t<div class=\"elementor-element elementor-element-b79cae4 elementor-widget elementor-widget-image\" data-id=\"b79cae4\" data-element_type=\"widget\" data-e-type=\"widget\" data-widget_type=\"image.default\">\n\t\t\t\t<div class=\"elementor-widget-container\">\n\t\t\t\t\t\t\t\t\t\t\t\t\t\t\t<img decoding=\"async\" width=\"800\" height=\"236\" data-src=\"https:\/\/kmtwaterjet.com\/wp-content\/uploads\/BRETON-STONE-CUTTING-LOGO.jpg\" class=\"attachment-large size-large wp-image-43902 lazyload\" alt=\"Breton logo\" data-srcset=\"https:\/\/kmtwaterjet.com\/wp-content\/uploads\/BRETON-STONE-CUTTING-LOGO.jpg 800w, https:\/\/kmtwaterjet.com\/wp-content\/uploads\/BRETON-STONE-CUTTING-LOGO-300x89.jpg 300w, https:\/\/kmtwaterjet.com\/wp-content\/uploads\/BRETON-STONE-CUTTING-LOGO-768x227.jpg 768w\" data-sizes=\"(max-width: 800px) 100vw, 800px\" src=\"data:image\/svg+xml;base64,PHN2ZyB3aWR0aD0iMSIgaGVpZ2h0PSIxIiB4bWxucz0iaHR0cDovL3d3dy53My5vcmcvMjAwMC9zdmciPjwvc3ZnPg==\" style=\"--smush-placeholder-width: 800px; --smush-placeholder-aspect-ratio: 800\/236;\" \/>\t\t\t\t\t\t\t\t\t\t\t\t\t\t\t<\/div>\n\t\t\t\t<\/div>\n\t\t\t\t<div class=\"elementor-element elementor-element-932967f elementor-widget elementor-widget-text-editor\" data-id=\"932967f\" data-element_type=\"widget\" data-e-type=\"widget\" data-widget_type=\"text-editor.default\">\n\t\t\t\t<div class=\"elementor-widget-container\">\n\t\t\t\t\t\t\t\t\t<p><span style=\"color: #9b0137;\"><em><strong>Progettazione e produzione di macchinari avanzati, impianti industriali, tecnologie e software<\/strong><\/em><\/span><\/p><p>Breton inventa, progetta e costruisce centri di lavoro specifici ad alta tecnologia e ad alta produzione, linee e macchine autonome per la lavorazione di materiali (pietra naturale, marmo, granito, quarzo, ceramica, argilla pesante, superfici minerali, resine e schiume, polimeri e metalli) e per la produzione additiva.<\/p><p>La macchina Breton Trinity Sawjet \u00e8 il centro di taglio combinato a sega e a getto d&#8217;acqua per eccellenza. La combinazione di taglio a sega e a getto d&#8217;acqua, insieme a strumenti come le ventose, la telecamera sul ponte e il tavolo inclinabile, fanno della Trinity, evoluzione della Breton Combi, il centro di taglio pi\u00f9 avanzato per la creazione di piani di lavoro per cucine, piani d&#8217;appoggio e rivestimenti. <\/p>\t\t\t\t\t\t\t\t<\/div>\n\t\t\t\t<\/div>\n\t\t\t\t\t<\/div>\n\t\t\t\t<\/div>\n\t\t<div class=\"elementor-element elementor-element-ea56cbc e-flex e-con-boxed e-con e-parent\" data-id=\"ea56cbc\" data-element_type=\"container\" data-e-type=\"container\">\n\t\t\t\t\t<div class=\"e-con-inner\">\n\t\t\t\t<div class=\"elementor-element elementor-element-3b30ee9 elementor-widget-divider--view-line elementor-widget elementor-widget-divider\" data-id=\"3b30ee9\" data-element_type=\"widget\" data-e-type=\"widget\" data-widget_type=\"divider.default\">\n\t\t\t\t<div class=\"elementor-widget-container\">\n\t\t\t\t\t\t\t<div class=\"elementor-divider\">\n\t\t\t<span class=\"elementor-divider-separator\">\n\t\t\t\t\t\t<\/span>\n\t\t<\/div>\n\t\t\t\t\t\t<\/div>\n\t\t\t\t<\/div>\n\t\t\t\t\t<\/div>\n\t\t\t\t<\/div>\n\t\t<div class=\"elementor-element elementor-element-02c348a e-flex e-con-boxed e-con e-parent\" data-id=\"02c348a\" data-element_type=\"container\" data-e-type=\"container\">\n\t\t\t\t\t<div class=\"e-con-inner\">\n\t\t\t\t<div class=\"elementor-element elementor-element-45adaeb elementor-widget elementor-widget-image\" data-id=\"45adaeb\" data-element_type=\"widget\" data-e-type=\"widget\" data-widget_type=\"image.default\">\n\t\t\t\t<div class=\"elementor-widget-container\">\n\t\t\t\t\t\t\t\t\t\t\t\t<figure class=\"wp-caption\">\n\t\t\t\t\t\t\t\t\t\t<img decoding=\"async\" width=\"1800\" height=\"963\" data-src=\"https:\/\/kmtwaterjet.com\/wp-content\/uploads\/BRETON-TRINITY-SAWJET-PHOTO-LAYOUT.jpg\" class=\"attachment-full size-full wp-image-44287 lazyload\" alt=\"Brenton Trinity Sawjet Features\" data-srcset=\"https:\/\/kmtwaterjet.com\/wp-content\/uploads\/BRETON-TRINITY-SAWJET-PHOTO-LAYOUT.jpg 1800w, https:\/\/kmtwaterjet.com\/wp-content\/uploads\/BRETON-TRINITY-SAWJET-PHOTO-LAYOUT-300x161.jpg 300w, https:\/\/kmtwaterjet.com\/wp-content\/uploads\/BRETON-TRINITY-SAWJET-PHOTO-LAYOUT-1024x548.jpg 1024w, https:\/\/kmtwaterjet.com\/wp-content\/uploads\/BRETON-TRINITY-SAWJET-PHOTO-LAYOUT-768x411.jpg 768w, https:\/\/kmtwaterjet.com\/wp-content\/uploads\/BRETON-TRINITY-SAWJET-PHOTO-LAYOUT-1536x822.jpg 1536w\" data-sizes=\"(max-width: 1800px) 100vw, 1800px\" src=\"data:image\/svg+xml;base64,PHN2ZyB3aWR0aD0iMSIgaGVpZ2h0PSIxIiB4bWxucz0iaHR0cDovL3d3dy53My5vcmcvMjAwMC9zdmciPjwvc3ZnPg==\" style=\"--smush-placeholder-width: 1800px; --smush-placeholder-aspect-ratio: 1800\/963;\" \/>\t\t\t\t\t\t\t\t\t\t\t<figcaption class=\"widget-image-caption wp-caption-text\">Caratteristiche della macchina a getto di sega Breton Trinity<\/figcaption>\n\t\t\t\t\t\t\t\t\t\t<\/figure>\n\t\t\t\t\t\t\t\t\t<\/div>\n\t\t\t\t<\/div>\n\t\t\t\t\t<\/div>\n\t\t\t\t<\/div>\n\t\t<div class=\"elementor-element elementor-element-6b78d1e e-flex e-con-boxed e-con e-parent\" data-id=\"6b78d1e\" data-element_type=\"container\" data-e-type=\"container\">\n\t\t\t\t\t<div class=\"e-con-inner\">\n\t\t\t\t<div class=\"elementor-element elementor-element-9115298 elementor-widget elementor-widget-spacer\" data-id=\"9115298\" data-element_type=\"widget\" data-e-type=\"widget\" data-widget_type=\"spacer.default\">\n\t\t\t\t<div class=\"elementor-widget-container\">\n\t\t\t\t\t\t\t<div class=\"elementor-spacer\">\n\t\t\t<div class=\"elementor-spacer-inner\"><\/div>\n\t\t<\/div>\n\t\t\t\t\t\t<\/div>\n\t\t\t\t<\/div>\n\t\t\t\t\t<\/div>\n\t\t\t\t<\/div>\n\t\t<div class=\"elementor-element elementor-element-5abe2a5 e-flex e-con-boxed e-con e-parent\" data-id=\"5abe2a5\" data-element_type=\"container\" data-e-type=\"container\">\n\t\t\t\t\t<div class=\"e-con-inner\">\n\t\t\t\t<div class=\"elementor-element elementor-element-ae0216d elementor-widget elementor-widget-heading\" data-id=\"ae0216d\" data-element_type=\"widget\" data-e-type=\"widget\" data-widget_type=\"heading.default\">\n\t\t\t\t<div class=\"elementor-widget-container\">\n\t\t\t\t\t<h2 class=\"elementor-heading-title elementor-size-default\">macchina a getto di sega breton trinity<\/h2>\t\t\t\t<\/div>\n\t\t\t\t<\/div>\n\t\t\t\t<div class=\"elementor-element elementor-element-8b293f1 elementor-widget elementor-widget-text-editor\" data-id=\"8b293f1\" data-element_type=\"widget\" data-e-type=\"widget\" data-widget_type=\"text-editor.default\">\n\t\t\t\t<div class=\"elementor-widget-container\">\n\t\t\t\t\t\t\t\t\t<div class=\"section\"><p>Breton Trinity \u00e8 pi\u00f9 di una macchina; \u00e8 un processo, una tecnologia progettata appositamente per la lavorazione dei materiali ceramici, ma si adatta brillantemente anche ad altri prodotti.<\/p><h3 class=\"mt-6 mb-2 font-semibold text-xl\" data-streamdown=\"heading-3\"><span style=\"color: #9b0137;\"><strong>Caratteristiche principali<\/strong><\/span><\/h3><ul class=\"list-inside list-disc whitespace-normal [li_&amp;]:pl-6\" data-streamdown=\"unordered-list\"><li data-section-id=\"uiwlcy\" data-start=\"0\" data-end=\"102\">Sistema di taglio avanzato che combina la tecnologia della sega e del doppio getto d&#8217;acqua per i materiali ceramici e lapidei<\/li><li data-section-id=\"bfors1\" data-start=\"103\" data-end=\"219\">Seleziona automaticamente il metodo pi\u00f9 efficiente: sega + getto d&#8217;acqua per risparmiare sui costi, o getto d&#8217;acqua puro quando necessario<\/li><li data-section-id=\"4b48n4\" data-start=\"220\" data-end=\"308\">Consente il taglio simultaneo senza spostare la lastra, riducendo tempi, sprechi e costi.<\/li><li data-section-id=\"ii435m\" data-start=\"309\" data-end=\"415\">Lavora le lastre direttamente su una griglia metallica, eliminando la necessit\u00e0 di supporti sacrificali e i relativi tempi di inattivit\u00e0.<\/li><li data-section-id=\"h59ip\" data-start=\"416\" data-end=\"499\">Offre un taglio ad alta velocit\u00e0 con scheggiature, crepe e stress del materiale ridotti al minimo.<\/li><li data-section-id=\"11ph5yk\" data-start=\"500\" data-end=\"589\">La sega assicura una rimozione rapida e stabile del materiale; il doppio getto d&#8217;acqua garantisce una finitura di precisione<\/li><li data-section-id=\"1u21ek6\" data-start=\"590\" data-end=\"692\">\u00c8 in grado di produrre tagli angolati utilizzando il getto d&#8217;acqua a inclinazione variabile (non \u00e8 necessaria la fresatura della superficie)<\/li><li data-section-id=\"1hja68d\" data-start=\"693\" data-end=\"766\">Il sistema a ventosa consente un facile riposizionamento per ottimizzare il taglio della sega.<\/li><li data-section-id=\"u9r69c\" data-start=\"767\" data-end=\"870\">Il mandrino opzionale Rocket Tool (fino a 14.000 giri\/min) supporta le operazioni di foratura, fresatura e ribattitura<\/li><li data-section-id=\"o6nc9y\" data-start=\"871\" data-end=\"951\">Aumenta la capacit\u00e0 produttiva fino a tre volte rispetto ai sistemi a getto d&#8217;acqua standard<\/li><li data-section-id=\"1k290sx\" data-start=\"952\" data-end=\"1021\" data-is-last-node=\"\">Riduce in modo significativo la rottura delle lastre, migliorando la resa e l&#8217;efficienza<\/li><\/ul><p> <\/p><hr><p> <\/p><p><span style=\"color: #9b0137;\"><em><strong>\u221a Per ulteriori informazioni sul Trinity o su altre macchine per la lavorazione della pietra Breton, compila il modulo sottostante e un rappresentante ti contatter\u00e0 a breve.<\/strong><\/em><\/span><\/p><\/div>\t\t\t\t\t\t\t\t<\/div>\n\t\t\t\t<\/div>\n\t\t\t\t\t<\/div>\n\t\t\t\t<\/div>\n\t\t\t\t<\/div>\n\t\t","protected":false},"excerpt":{"rendered":"<p>MACCHINE PER IL TAGLIO DI LASTRE A GETTO DI SEGA BRETONI Progettazione e produzione di macchinari avanzati, impianti industriali, tecnologie e software Breton inventa, progetta e costruisce centri di lavoro specifici ad alta tecnologia e ad alta produzione, linee e macchine autonome per la lavorazione di materiali (pietra naturale, marmo, granito, quarzo, ceramica, argilla pesante, [&hellip;]<\/p>\n","protected":false},"author":12,"featured_media":0,"parent":0,"menu_order":0,"comment_status":"closed","ping_status":"closed","template":"","meta":{"_acf_changed":false,"footnotes":""},"page-type":[],"class_list":["post-43892","page","type-page","status-publish","hentry"],"acf":[],"yoast_head":"<!-- This site is optimized with the Yoast SEO plugin v27.3 - https:\/\/yoast.com\/product\/yoast-seo-wordpress\/ -->\n<title>MACCHINE PER IL TAGLIO DELLA PIETRA A GETTO D&#039;ACQUA OEM BRETON | KMT Waterjet<\/title>\n<meta name=\"robots\" content=\"index, follow, max-snippet:-1, max-image-preview:large, max-video-preview:-1\" \/>\n<link rel=\"canonical\" href=\"https:\/\/kmtwaterjet.com\/it\/macchina-oem-northwood-sawjet-4\/\" \/>\n<meta property=\"og:locale\" content=\"it_IT\" \/>\n<meta property=\"og:type\" content=\"article\" \/>\n<meta property=\"og:title\" content=\"MACCHINE PER IL TAGLIO DELLA PIETRA A GETTO D&#039;ACQUA OEM BRETON | KMT Waterjet\" \/>\n<meta property=\"og:description\" content=\"MACCHINE PER IL TAGLIO DI LASTRE A GETTO DI SEGA BRETONI Progettazione e produzione di macchinari avanzati, impianti industriali, tecnologie e software Breton inventa, progetta e costruisce centri di lavoro specifici ad alta tecnologia e ad alta produzione, linee e macchine autonome per la lavorazione di materiali (pietra naturale, marmo, granito, quarzo, ceramica, argilla pesante, [&hellip;]\" \/>\n<meta property=\"og:url\" content=\"https:\/\/kmtwaterjet.com\/it\/macchina-oem-northwood-sawjet-4\/\" \/>\n<meta property=\"og:site_name\" content=\"KMT Waterjet\" \/>\n<meta property=\"article:modified_time\" content=\"2026-04-02T19:26:06+00:00\" \/>\n<meta property=\"og:image\" content=\"https:\/\/kmtwaterjet.com\/wp-content\/uploads\/BRETON-TRINITY-SAWJET-STONE-CUTTING-MACHINE.jpg\" \/>\n\t<meta property=\"og:image:width\" content=\"1285\" \/>\n\t<meta property=\"og:image:height\" content=\"513\" \/>\n\t<meta property=\"og:image:type\" content=\"image\/jpeg\" \/>\n<meta name=\"twitter:card\" content=\"summary_large_image\" \/>\n<meta name=\"twitter:label1\" content=\"Tempo di lettura stimato\" \/>\n\t<meta name=\"twitter:data1\" content=\"2 minuti\" \/>\n<script type=\"application\/ld+json\" class=\"yoast-schema-graph\">{\"@context\":\"https:\\\/\\\/schema.org\",\"@graph\":[{\"@type\":\"WebPage\",\"@id\":\"https:\\\/\\\/kmtwaterjet.com\\\/it\\\/macchina-oem-northwood-sawjet-4\\\/\",\"url\":\"https:\\\/\\\/kmtwaterjet.com\\\/it\\\/macchina-oem-northwood-sawjet-4\\\/\",\"name\":\"MACCHINE PER IL TAGLIO DELLA PIETRA A GETTO D'ACQUA OEM BRETON | KMT Waterjet\",\"isPartOf\":{\"@id\":\"https:\\\/\\\/kmtwaterjet.com\\\/it\\\/#website\"},\"primaryImageOfPage\":{\"@id\":\"https:\\\/\\\/kmtwaterjet.com\\\/it\\\/macchina-oem-northwood-sawjet-4\\\/#primaryimage\"},\"image\":{\"@id\":\"https:\\\/\\\/kmtwaterjet.com\\\/it\\\/macchina-oem-northwood-sawjet-4\\\/#primaryimage\"},\"thumbnailUrl\":\"https:\\\/\\\/kmtwaterjet.com\\\/wp-content\\\/uploads\\\/BRETON-TRINITY-SAWJET-STONE-CUTTING-MACHINE-1024x409.jpg\",\"datePublished\":\"2026-03-30T20:17:29+00:00\",\"dateModified\":\"2026-04-02T19:26:06+00:00\",\"breadcrumb\":{\"@id\":\"https:\\\/\\\/kmtwaterjet.com\\\/it\\\/macchina-oem-northwood-sawjet-4\\\/#breadcrumb\"},\"inLanguage\":\"it-IT\",\"potentialAction\":[{\"@type\":\"ReadAction\",\"target\":[\"https:\\\/\\\/kmtwaterjet.com\\\/it\\\/macchina-oem-northwood-sawjet-4\\\/\"]}]},{\"@type\":\"ImageObject\",\"inLanguage\":\"it-IT\",\"@id\":\"https:\\\/\\\/kmtwaterjet.com\\\/it\\\/macchina-oem-northwood-sawjet-4\\\/#primaryimage\",\"url\":\"https:\\\/\\\/kmtwaterjet.com\\\/wp-content\\\/uploads\\\/BRETON-TRINITY-SAWJET-STONE-CUTTING-MACHINE-1024x409.jpg\",\"contentUrl\":\"https:\\\/\\\/kmtwaterjet.com\\\/wp-content\\\/uploads\\\/BRETON-TRINITY-SAWJET-STONE-CUTTING-MACHINE-1024x409.jpg\"},{\"@type\":\"BreadcrumbList\",\"@id\":\"https:\\\/\\\/kmtwaterjet.com\\\/it\\\/macchina-oem-northwood-sawjet-4\\\/#breadcrumb\",\"itemListElement\":[{\"@type\":\"ListItem\",\"position\":1,\"name\":\"Home\",\"item\":\"https:\\\/\\\/kmtwaterjet.com\\\/it\\\/\"},{\"@type\":\"ListItem\",\"position\":2,\"name\":\"MACCHINE PER IL TAGLIO DELLA PIETRA A GETTO D&#8217;ACQUA OEM BRETON\"}]},{\"@type\":\"WebSite\",\"@id\":\"https:\\\/\\\/kmtwaterjet.com\\\/it\\\/#website\",\"url\":\"https:\\\/\\\/kmtwaterjet.com\\\/it\\\/\",\"name\":\"KMT Waterjet\",\"description\":\"KMT Waterjet for waterjet cutting metal, stone, glass, steel and more\",\"publisher\":{\"@id\":\"https:\\\/\\\/kmtwaterjet.com\\\/it\\\/#organization\"},\"potentialAction\":[{\"@type\":\"SearchAction\",\"target\":{\"@type\":\"EntryPoint\",\"urlTemplate\":\"https:\\\/\\\/kmtwaterjet.com\\\/it\\\/?s={search_term_string}\"},\"query-input\":{\"@type\":\"PropertyValueSpecification\",\"valueRequired\":true,\"valueName\":\"search_term_string\"}}],\"inLanguage\":\"it-IT\"},{\"@type\":\"Organization\",\"@id\":\"https:\\\/\\\/kmtwaterjet.com\\\/it\\\/#organization\",\"name\":\"KMT Waterjet\",\"url\":\"https:\\\/\\\/kmtwaterjet.com\\\/it\\\/\",\"logo\":{\"@type\":\"ImageObject\",\"inLanguage\":\"it-IT\",\"@id\":\"https:\\\/\\\/kmtwaterjet.com\\\/it\\\/#\\\/schema\\\/logo\\\/image\\\/\",\"url\":\"https:\\\/\\\/kmtwaterjet.com\\\/wp-content\\\/uploads\\\/kmt_logo_2020.png\",\"contentUrl\":\"https:\\\/\\\/kmtwaterjet.com\\\/wp-content\\\/uploads\\\/kmt_logo_2020.png\",\"width\":1002,\"height\":605,\"caption\":\"KMT Waterjet\"},\"image\":{\"@id\":\"https:\\\/\\\/kmtwaterjet.com\\\/it\\\/#\\\/schema\\\/logo\\\/image\\\/\"}}]}<\/script>\n<!-- \/ Yoast SEO plugin. -->","yoast_head_json":{"title":"MACCHINE PER IL TAGLIO DELLA PIETRA A GETTO D'ACQUA OEM BRETON | KMT Waterjet","robots":{"index":"index","follow":"follow","max-snippet":"max-snippet:-1","max-image-preview":"max-image-preview:large","max-video-preview":"max-video-preview:-1"},"canonical":"https:\/\/kmtwaterjet.com\/it\/macchina-oem-northwood-sawjet-4\/","og_locale":"it_IT","og_type":"article","og_title":"MACCHINE PER IL TAGLIO DELLA PIETRA A GETTO D'ACQUA OEM BRETON | KMT Waterjet","og_description":"MACCHINE PER IL TAGLIO DI LASTRE A GETTO DI SEGA BRETONI Progettazione e produzione di macchinari avanzati, impianti industriali, tecnologie e software Breton inventa, progetta e costruisce centri di lavoro specifici ad alta tecnologia e ad alta produzione, linee e macchine autonome per la lavorazione di materiali (pietra naturale, marmo, granito, quarzo, ceramica, argilla pesante, [&hellip;]","og_url":"https:\/\/kmtwaterjet.com\/it\/macchina-oem-northwood-sawjet-4\/","og_site_name":"KMT Waterjet","article_modified_time":"2026-04-02T19:26:06+00:00","og_image":[{"width":1285,"height":513,"url":"https:\/\/kmtwaterjet.com\/wp-content\/uploads\/BRETON-TRINITY-SAWJET-STONE-CUTTING-MACHINE.jpg","type":"image\/jpeg"}],"twitter_card":"summary_large_image","twitter_misc":{"Tempo di lettura stimato":"2 minuti"},"schema":{"@context":"https:\/\/schema.org","@graph":[{"@type":"WebPage","@id":"https:\/\/kmtwaterjet.com\/it\/macchina-oem-northwood-sawjet-4\/","url":"https:\/\/kmtwaterjet.com\/it\/macchina-oem-northwood-sawjet-4\/","name":"MACCHINE PER IL TAGLIO DELLA PIETRA A GETTO D'ACQUA OEM BRETON | KMT Waterjet","isPartOf":{"@id":"https:\/\/kmtwaterjet.com\/it\/#website"},"primaryImageOfPage":{"@id":"https:\/\/kmtwaterjet.com\/it\/macchina-oem-northwood-sawjet-4\/#primaryimage"},"image":{"@id":"https:\/\/kmtwaterjet.com\/it\/macchina-oem-northwood-sawjet-4\/#primaryimage"},"thumbnailUrl":"https:\/\/kmtwaterjet.com\/wp-content\/uploads\/BRETON-TRINITY-SAWJET-STONE-CUTTING-MACHINE-1024x409.jpg","datePublished":"2026-03-30T20:17:29+00:00","dateModified":"2026-04-02T19:26:06+00:00","breadcrumb":{"@id":"https:\/\/kmtwaterjet.com\/it\/macchina-oem-northwood-sawjet-4\/#breadcrumb"},"inLanguage":"it-IT","potentialAction":[{"@type":"ReadAction","target":["https:\/\/kmtwaterjet.com\/it\/macchina-oem-northwood-sawjet-4\/"]}]},{"@type":"ImageObject","inLanguage":"it-IT","@id":"https:\/\/kmtwaterjet.com\/it\/macchina-oem-northwood-sawjet-4\/#primaryimage","url":"https:\/\/kmtwaterjet.com\/wp-content\/uploads\/BRETON-TRINITY-SAWJET-STONE-CUTTING-MACHINE-1024x409.jpg","contentUrl":"https:\/\/kmtwaterjet.com\/wp-content\/uploads\/BRETON-TRINITY-SAWJET-STONE-CUTTING-MACHINE-1024x409.jpg"},{"@type":"BreadcrumbList","@id":"https:\/\/kmtwaterjet.com\/it\/macchina-oem-northwood-sawjet-4\/#breadcrumb","itemListElement":[{"@type":"ListItem","position":1,"name":"Home","item":"https:\/\/kmtwaterjet.com\/it\/"},{"@type":"ListItem","position":2,"name":"MACCHINE PER IL TAGLIO DELLA PIETRA A GETTO D&#8217;ACQUA OEM BRETON"}]},{"@type":"WebSite","@id":"https:\/\/kmtwaterjet.com\/it\/#website","url":"https:\/\/kmtwaterjet.com\/it\/","name":"KMT Waterjet","description":"KMT Waterjet for waterjet cutting metal, stone, glass, steel and more","publisher":{"@id":"https:\/\/kmtwaterjet.com\/it\/#organization"},"potentialAction":[{"@type":"SearchAction","target":{"@type":"EntryPoint","urlTemplate":"https:\/\/kmtwaterjet.com\/it\/?s={search_term_string}"},"query-input":{"@type":"PropertyValueSpecification","valueRequired":true,"valueName":"search_term_string"}}],"inLanguage":"it-IT"},{"@type":"Organization","@id":"https:\/\/kmtwaterjet.com\/it\/#organization","name":"KMT Waterjet","url":"https:\/\/kmtwaterjet.com\/it\/","logo":{"@type":"ImageObject","inLanguage":"it-IT","@id":"https:\/\/kmtwaterjet.com\/it\/#\/schema\/logo\/image\/","url":"https:\/\/kmtwaterjet.com\/wp-content\/uploads\/kmt_logo_2020.png","contentUrl":"https:\/\/kmtwaterjet.com\/wp-content\/uploads\/kmt_logo_2020.png","width":1002,"height":605,"caption":"KMT Waterjet"},"image":{"@id":"https:\/\/kmtwaterjet.com\/it\/#\/schema\/logo\/image\/"}}]}},"_links":{"self":[{"href":"https:\/\/kmtwaterjet.com\/it\/wp-json\/wp\/v2\/pages\/43892","targetHints":{"allow":["GET"]}}],"collection":[{"href":"https:\/\/kmtwaterjet.com\/it\/wp-json\/wp\/v2\/pages"}],"about":[{"href":"https:\/\/kmtwaterjet.com\/it\/wp-json\/wp\/v2\/types\/page"}],"author":[{"embeddable":true,"href":"https:\/\/kmtwaterjet.com\/it\/wp-json\/wp\/v2\/users\/12"}],"replies":[{"embeddable":true,"href":"https:\/\/kmtwaterjet.com\/it\/wp-json\/wp\/v2\/comments?post=43892"}],"version-history":[{"count":0,"href":"https:\/\/kmtwaterjet.com\/it\/wp-json\/wp\/v2\/pages\/43892\/revisions"}],"wp:attachment":[{"href":"https:\/\/kmtwaterjet.com\/it\/wp-json\/wp\/v2\/media?parent=43892"}],"wp:term":[{"taxonomy":"page-type","embeddable":true,"href":"https:\/\/kmtwaterjet.com\/it\/wp-json\/wp\/v2\/page-type?post=43892"}],"curies":[{"name":"wp","href":"https:\/\/api.w.org\/{rel}","templated":true}]}}