{"id":43611,"date":"2026-03-23T13:45:42","date_gmt":"2026-03-23T18:45:42","guid":{"rendered":"https:\/\/kmtwaterjet.com\/?page_id=43611"},"modified":"2026-04-27T11:48:47","modified_gmt":"2026-04-27T16:48:47","slug":"taglio-a-getto-dacqua-vs-laser-3","status":"publish","type":"page","link":"https:\/\/kmtwaterjet.com\/it\/taglio-a-getto-dacqua-vs-laser-3\/","title":{"rendered":"AUTOMAZIONE DEI PROCESSI DI FORMA OEM"},"content":{"rendered":"\t\t<div data-elementor-type=\"wp-page\" data-elementor-id=\"43611\" class=\"elementor elementor-43611 elementor-43599\" data-elementor-post-type=\"page\">\n\t\t\t\t<div class=\"elementor-element elementor-element-a5186ce e-flex e-con-boxed e-con e-parent\" data-id=\"a5186ce\" data-element_type=\"container\" data-e-type=\"container\">\n\t\t\t\t\t<div class=\"e-con-inner\">\n\t\t\t\t<div class=\"elementor-element elementor-element-27eaaf2 elementor-widget elementor-widget-heading\" data-id=\"27eaaf2\" data-element_type=\"widget\" data-e-type=\"widget\" data-widget_type=\"heading.default\">\n\t\t\t\t<div class=\"elementor-widget-container\">\n\t\t\t\t\t<h1 class=\"elementor-heading-title elementor-size-default\">AUTOMAZIONE DEI PROCESSI DI FORMA - TAGLIO A GETTO D'ACQUA ROBOTIZZATO E LAVORAZIONE DEI MATERIALI<\/h1>\t\t\t\t<\/div>\n\t\t\t\t<\/div>\n\t\t\t\t<div class=\"elementor-element elementor-element-9016e52 elementor-widget-divider--view-line elementor-widget elementor-widget-divider\" data-id=\"9016e52\" data-element_type=\"widget\" data-e-type=\"widget\" data-widget_type=\"divider.default\">\n\t\t\t\t<div class=\"elementor-widget-container\">\n\t\t\t\t\t\t\t<div class=\"elementor-divider\">\n\t\t\t<span class=\"elementor-divider-separator\">\n\t\t\t\t\t\t<\/span>\n\t\t<\/div>\n\t\t\t\t\t\t<\/div>\n\t\t\t\t<\/div>\n\t\t\t\t\t<\/div>\n\t\t\t\t<\/div>\n\t\t<div class=\"elementor-element elementor-element-d39161e e-con-full e-flex e-con e-parent\" data-id=\"d39161e\" data-element_type=\"container\" data-e-type=\"container\">\n\t\t\t\t<div class=\"elementor-element elementor-element-06f8879 elementor-widget elementor-widget-image\" data-id=\"06f8879\" data-element_type=\"widget\" data-e-type=\"widget\" data-widget_type=\"image.default\">\n\t\t\t\t<div class=\"elementor-widget-container\">\n\t\t\t\t\t\t\t\t\t\t\t\t\t\t\t<img fetchpriority=\"high\" decoding=\"async\" width=\"1800\" height=\"797\" src=\"https:\/\/kmtwaterjet.com\/wp-content\/uploads\/SPA-WATERJET-CUTTING-BANNER-ABB-Single-WJ-Plumbing-Pk.jpg\" class=\"attachment-full size-full wp-image-44427\" alt=\"Shape Process Automation waterjet cutting machine\" srcset=\"https:\/\/kmtwaterjet.com\/wp-content\/uploads\/SPA-WATERJET-CUTTING-BANNER-ABB-Single-WJ-Plumbing-Pk.jpg 1800w, https:\/\/kmtwaterjet.com\/wp-content\/uploads\/SPA-WATERJET-CUTTING-BANNER-ABB-Single-WJ-Plumbing-Pk-300x133.jpg 300w, https:\/\/kmtwaterjet.com\/wp-content\/uploads\/SPA-WATERJET-CUTTING-BANNER-ABB-Single-WJ-Plumbing-Pk-1024x453.jpg 1024w, https:\/\/kmtwaterjet.com\/wp-content\/uploads\/SPA-WATERJET-CUTTING-BANNER-ABB-Single-WJ-Plumbing-Pk-768x340.jpg 768w, https:\/\/kmtwaterjet.com\/wp-content\/uploads\/SPA-WATERJET-CUTTING-BANNER-ABB-Single-WJ-Plumbing-Pk-1536x680.jpg 1536w\" sizes=\"(max-width: 1800px) 100vw, 1800px\" \/>\t\t\t\t\t\t\t\t\t\t\t\t\t\t\t<\/div>\n\t\t\t\t<\/div>\n\t\t\t\t<\/div>\n\t\t<div class=\"elementor-element elementor-element-5761e3a e-grid e-con-boxed e-con e-parent\" data-id=\"5761e3a\" data-element_type=\"container\" data-e-type=\"container\">\n\t\t\t\t\t<div class=\"e-con-inner\">\n\t\t\t\t<div class=\"elementor-element elementor-element-b79cae4 elementor-widget elementor-widget-image\" data-id=\"b79cae4\" data-element_type=\"widget\" data-e-type=\"widget\" data-widget_type=\"image.default\">\n\t\t\t\t<div class=\"elementor-widget-container\">\n\t\t\t\t\t\t\t\t\t\t\t\t\t\t\t<img decoding=\"async\" width=\"800\" height=\"201\" data-src=\"https:\/\/kmtwaterjet.com\/wp-content\/uploads\/SPA-SHAPE-PROCESS-AUTOMATION-LOGO.jpg\" class=\"attachment-large size-large wp-image-43625 lazyload\" alt=\"Shape Process Automation logo\" data-srcset=\"https:\/\/kmtwaterjet.com\/wp-content\/uploads\/SPA-SHAPE-PROCESS-AUTOMATION-LOGO.jpg 800w, https:\/\/kmtwaterjet.com\/wp-content\/uploads\/SPA-SHAPE-PROCESS-AUTOMATION-LOGO-300x75.jpg 300w, https:\/\/kmtwaterjet.com\/wp-content\/uploads\/SPA-SHAPE-PROCESS-AUTOMATION-LOGO-768x193.jpg 768w\" data-sizes=\"(max-width: 800px) 100vw, 800px\" src=\"data:image\/svg+xml;base64,PHN2ZyB3aWR0aD0iMSIgaGVpZ2h0PSIxIiB4bWxucz0iaHR0cDovL3d3dy53My5vcmcvMjAwMC9zdmciPjwvc3ZnPg==\" style=\"--smush-placeholder-width: 800px; --smush-placeholder-aspect-ratio: 800\/201;\" \/>\t\t\t\t\t\t\t\t\t\t\t\t\t\t\t<\/div>\n\t\t\t\t<\/div>\n\t\t\t\t<div class=\"elementor-element elementor-element-932967f elementor-widget elementor-widget-text-editor\" data-id=\"932967f\" data-element_type=\"widget\" data-e-type=\"widget\" data-widget_type=\"text-editor.default\">\n\t\t\t\t<div class=\"elementor-widget-container\">\n\t\t\t\t\t\t\t\t\t<p><span style=\"color: #006aa8;\"><em><strong>Spingendo i limiti dell&#8217;automazione<\/strong><\/em><\/span><\/p><p>Shape Process Automation \u00e8 il tuo fornitore globale di ingegneria e automazione di processo ad alta tecnologia. Sviluppiamo<strong> strategie di produzione integrate<\/strong> e <strong>soluzioni di automazione industriale<\/strong> per fornitori Tier I e Tier II e non solo. Il nostro approccio completo e il team appassionato che lo sostiene sono il modo in cui stiamo ridefinendo la produzione con l&#8217;automazione robotica.  <\/p>\t\t\t\t\t\t\t\t<\/div>\n\t\t\t\t<\/div>\n\t\t\t\t\t<\/div>\n\t\t\t\t<\/div>\n\t\t<div class=\"elementor-element elementor-element-ea56cbc e-flex e-con-boxed e-con e-parent\" data-id=\"ea56cbc\" data-element_type=\"container\" data-e-type=\"container\">\n\t\t\t\t\t<div class=\"e-con-inner\">\n\t\t\t\t<div class=\"elementor-element elementor-element-3b30ee9 elementor-widget-divider--view-line elementor-widget elementor-widget-divider\" data-id=\"3b30ee9\" data-element_type=\"widget\" data-e-type=\"widget\" data-widget_type=\"divider.default\">\n\t\t\t\t<div class=\"elementor-widget-container\">\n\t\t\t\t\t\t\t<div class=\"elementor-divider\">\n\t\t\t<span class=\"elementor-divider-separator\">\n\t\t\t\t\t\t<\/span>\n\t\t<\/div>\n\t\t\t\t\t\t<\/div>\n\t\t\t\t<\/div>\n\t\t\t\t\t<\/div>\n\t\t\t\t<\/div>\n\t\t<div class=\"elementor-element elementor-element-56cd23b e-grid e-con-boxed e-con e-parent\" data-id=\"56cd23b\" data-element_type=\"container\" data-e-type=\"container\">\n\t\t\t\t\t<div class=\"e-con-inner\">\n\t\t\t\t<div class=\"elementor-element elementor-element-63f321b elementor-widget elementor-widget-image\" data-id=\"63f321b\" data-element_type=\"widget\" data-e-type=\"widget\" data-widget_type=\"image.default\">\n\t\t\t\t<div class=\"elementor-widget-container\">\n\t\t\t\t\t\t\t\t\t\t\t\t<figure class=\"wp-caption\">\n\t\t\t\t\t\t\t\t\t\t<img decoding=\"async\" width=\"800\" height=\"384\" data-src=\"https:\/\/kmtwaterjet.com\/wp-content\/uploads\/SPA-ROBOTIC-WATER-ONLY-CUTTING-CELL-1024x492.jpg\" class=\"attachment-large size-large wp-image-44108 lazyload\" alt=\"SPA Robotic water only cutting cell\" data-srcset=\"https:\/\/kmtwaterjet.com\/wp-content\/uploads\/SPA-ROBOTIC-WATER-ONLY-CUTTING-CELL-1024x492.jpg 1024w, https:\/\/kmtwaterjet.com\/wp-content\/uploads\/SPA-ROBOTIC-WATER-ONLY-CUTTING-CELL-300x144.jpg 300w, https:\/\/kmtwaterjet.com\/wp-content\/uploads\/SPA-ROBOTIC-WATER-ONLY-CUTTING-CELL-768x369.jpg 768w, https:\/\/kmtwaterjet.com\/wp-content\/uploads\/SPA-ROBOTIC-WATER-ONLY-CUTTING-CELL.jpg 1400w\" data-sizes=\"(max-width: 800px) 100vw, 800px\" src=\"data:image\/svg+xml;base64,PHN2ZyB3aWR0aD0iMSIgaGVpZ2h0PSIxIiB4bWxucz0iaHR0cDovL3d3dy53My5vcmcvMjAwMC9zdmciPjwvc3ZnPg==\" style=\"--smush-placeholder-width: 800px; --smush-placeholder-aspect-ratio: 800\/384;\" \/>\t\t\t\t\t\t\t\t\t\t\t<figcaption class=\"widget-image-caption wp-caption-text\">Shape Process Automation Cella di taglio robotizzata solo ad acqua<\/figcaption>\n\t\t\t\t\t\t\t\t\t\t<\/figure>\n\t\t\t\t\t\t\t\t\t<\/div>\n\t\t\t\t<\/div>\n\t\t\t\t<div class=\"elementor-element elementor-element-82a276b elementor-widget elementor-widget-image\" data-id=\"82a276b\" data-element_type=\"widget\" data-e-type=\"widget\" data-widget_type=\"image.default\">\n\t\t\t\t<div class=\"elementor-widget-container\">\n\t\t\t\t\t\t\t\t\t\t\t\t<figure class=\"wp-caption\">\n\t\t\t\t\t\t\t\t\t\t<img decoding=\"async\" width=\"800\" height=\"384\" data-src=\"https:\/\/kmtwaterjet.com\/wp-content\/uploads\/SPA-ROBOTIC-CUTTING-AUTOMOTIVE-GLASS-1024x492.jpg\" class=\"attachment-large size-large wp-image-44109 lazyload\" alt=\"SPA Robotic cutting automotive glass\" data-srcset=\"https:\/\/kmtwaterjet.com\/wp-content\/uploads\/SPA-ROBOTIC-CUTTING-AUTOMOTIVE-GLASS-1024x492.jpg 1024w, https:\/\/kmtwaterjet.com\/wp-content\/uploads\/SPA-ROBOTIC-CUTTING-AUTOMOTIVE-GLASS-300x144.jpg 300w, https:\/\/kmtwaterjet.com\/wp-content\/uploads\/SPA-ROBOTIC-CUTTING-AUTOMOTIVE-GLASS-768x369.jpg 768w, https:\/\/kmtwaterjet.com\/wp-content\/uploads\/SPA-ROBOTIC-CUTTING-AUTOMOTIVE-GLASS.jpg 1400w\" data-sizes=\"(max-width: 800px) 100vw, 800px\" src=\"data:image\/svg+xml;base64,PHN2ZyB3aWR0aD0iMSIgaGVpZ2h0PSIxIiB4bWxucz0iaHR0cDovL3d3dy53My5vcmcvMjAwMC9zdmciPjwvc3ZnPg==\" style=\"--smush-placeholder-width: 800px; --smush-placeholder-aspect-ratio: 800\/384;\" \/>\t\t\t\t\t\t\t\t\t\t\t<figcaption class=\"widget-image-caption wp-caption-text\">Automazione dei processi di forma Taglio robotizzato del vetro automobilistico<\/figcaption>\n\t\t\t\t\t\t\t\t\t\t<\/figure>\n\t\t\t\t\t\t\t\t\t<\/div>\n\t\t\t\t<\/div>\n\t\t\t\t<div class=\"elementor-element elementor-element-928e5c0 elementor-widget elementor-widget-image\" data-id=\"928e5c0\" data-element_type=\"widget\" data-e-type=\"widget\" data-widget_type=\"image.default\">\n\t\t\t\t<div class=\"elementor-widget-container\">\n\t\t\t\t\t\t\t\t\t\t\t\t<figure class=\"wp-caption\">\n\t\t\t\t\t\t\t\t\t\t<img decoding=\"async\" width=\"800\" height=\"384\" data-src=\"https:\/\/kmtwaterjet.com\/wp-content\/uploads\/SPA-WATER-ONLY-ROBOT-CUTTING-AUTO-HEADLINERS-1024x492.jpg\" class=\"attachment-large size-large wp-image-44110 lazyload\" alt=\"SPA Water Only robot cutting auto headliners\" data-srcset=\"https:\/\/kmtwaterjet.com\/wp-content\/uploads\/SPA-WATER-ONLY-ROBOT-CUTTING-AUTO-HEADLINERS-1024x492.jpg 1024w, https:\/\/kmtwaterjet.com\/wp-content\/uploads\/SPA-WATER-ONLY-ROBOT-CUTTING-AUTO-HEADLINERS-300x144.jpg 300w, https:\/\/kmtwaterjet.com\/wp-content\/uploads\/SPA-WATER-ONLY-ROBOT-CUTTING-AUTO-HEADLINERS-768x369.jpg 768w, https:\/\/kmtwaterjet.com\/wp-content\/uploads\/SPA-WATER-ONLY-ROBOT-CUTTING-AUTO-HEADLINERS.jpg 1400w\" data-sizes=\"(max-width: 800px) 100vw, 800px\" src=\"data:image\/svg+xml;base64,PHN2ZyB3aWR0aD0iMSIgaGVpZ2h0PSIxIiB4bWxucz0iaHR0cDovL3d3dy53My5vcmcvMjAwMC9zdmciPjwvc3ZnPg==\" style=\"--smush-placeholder-width: 800px; --smush-placeholder-aspect-ratio: 800\/384;\" \/>\t\t\t\t\t\t\t\t\t\t\t<figcaption class=\"widget-image-caption wp-caption-text\">Automazione del processo di forma Taglio ad acqua dei rivestimenti per auto<\/figcaption>\n\t\t\t\t\t\t\t\t\t\t<\/figure>\n\t\t\t\t\t\t\t\t\t<\/div>\n\t\t\t\t<\/div>\n\t\t\t\t<div class=\"elementor-element elementor-element-d9a738d elementor-widget elementor-widget-image\" data-id=\"d9a738d\" data-element_type=\"widget\" data-e-type=\"widget\" data-widget_type=\"image.default\">\n\t\t\t\t<div class=\"elementor-widget-container\">\n\t\t\t\t\t\t\t\t\t\t\t\t<figure class=\"wp-caption\">\n\t\t\t\t\t\t\t\t\t\t<img decoding=\"async\" width=\"800\" height=\"384\" data-src=\"https:\/\/kmtwaterjet.com\/wp-content\/uploads\/SPA-6-AXIS-ROBOTIC-CUTTING-BOX-1024x492.jpg\" class=\"attachment-large size-large wp-image-44111 lazyload\" alt=\"SPA 6 axis robotic cutting box\" data-srcset=\"https:\/\/kmtwaterjet.com\/wp-content\/uploads\/SPA-6-AXIS-ROBOTIC-CUTTING-BOX-1024x492.jpg 1024w, https:\/\/kmtwaterjet.com\/wp-content\/uploads\/SPA-6-AXIS-ROBOTIC-CUTTING-BOX-300x144.jpg 300w, https:\/\/kmtwaterjet.com\/wp-content\/uploads\/SPA-6-AXIS-ROBOTIC-CUTTING-BOX-768x369.jpg 768w, https:\/\/kmtwaterjet.com\/wp-content\/uploads\/SPA-6-AXIS-ROBOTIC-CUTTING-BOX.jpg 1400w\" data-sizes=\"(max-width: 800px) 100vw, 800px\" src=\"data:image\/svg+xml;base64,PHN2ZyB3aWR0aD0iMSIgaGVpZ2h0PSIxIiB4bWxucz0iaHR0cDovL3d3dy53My5vcmcvMjAwMC9zdmciPjwvc3ZnPg==\" style=\"--smush-placeholder-width: 800px; --smush-placeholder-aspect-ratio: 800\/384;\" \/>\t\t\t\t\t\t\t\t\t\t\t<figcaption class=\"widget-image-caption wp-caption-text\">Scatola di taglio robotizzata a 6 assi Shape Process Automation<\/figcaption>\n\t\t\t\t\t\t\t\t\t\t<\/figure>\n\t\t\t\t\t\t\t\t\t<\/div>\n\t\t\t\t<\/div>\n\t\t\t\t\t<\/div>\n\t\t\t\t<\/div>\n\t\t<div class=\"elementor-element elementor-element-5abe2a5 e-flex e-con-boxed e-con e-parent\" data-id=\"5abe2a5\" data-element_type=\"container\" data-e-type=\"container\">\n\t\t\t\t\t<div class=\"e-con-inner\">\n\t\t\t\t<div class=\"elementor-element elementor-element-ae0216d elementor-widget elementor-widget-heading\" data-id=\"ae0216d\" data-element_type=\"widget\" data-e-type=\"widget\" data-widget_type=\"heading.default\">\n\t\t\t\t<div class=\"elementor-widget-container\">\n\t\t\t\t\t<h2 class=\"elementor-heading-title elementor-size-default\">SULL'AUTOMAZIONE DEI PROCESSI SHAPE<\/h2>\t\t\t\t<\/div>\n\t\t\t\t<\/div>\n\t\t\t\t<div class=\"elementor-element elementor-element-8b293f1 elementor-widget elementor-widget-text-editor\" data-id=\"8b293f1\" data-element_type=\"widget\" data-e-type=\"widget\" data-widget_type=\"text-editor.default\">\n\t\t\t\t<div class=\"elementor-widget-container\">\n\t\t\t\t\t\t\t\t\t<div class=\"section\"><p><span style=\"color: #006aa8;\"><em><strong>Aumenta la produzione in fabbrica con il Waterjet!<\/strong><\/em> <\/span><\/p><p>Le soluzioni di taglio a getto d&#8217;acqua robotizzato combinano la versatilit\u00e0 del getto d&#8217;acqua con la potenza produttiva intelligente dell&#8217;automazione, aumentando la flessibilit\u00e0 produttiva, la capacit\u00e0 e la produzione.<\/p><p>Riconosciuto come la soluzione pi\u00f9 versatile per la lavorazione dei materiali, il getto d&#8217;acqua taglia praticamente qualsiasi materiale, di qualsiasi forma, con estrema facilit\u00e0. Dal materiale piatto bidimensionale ai componenti stampati tridimensionali, dai metalli ai tessuti, ai compositi plastici e agli alimenti, il waterjet \u00e8 una soluzione di taglio efficace ed efficiente.<\/p><\/div><div class=\"section\"><h2><span style=\"color: #006aa8;\">Soluzioni di taglio a getto d&#8217;acqua personalizzate &#8211; Progettate per te.<\/span><\/h2><\/div><div class=\"section\"><p>Progettiamo con cura l&#8217;integrazione del getto d&#8217;acqua nel tuo impianto di produzione per creare un&#8217;installazione perfetta e un aumento della produttivit\u00e0.<\/p><p>Ogni cella di taglio a getto d&#8217;acqua robotizzata a 6 assi \u00e8 progettata e configurata per soddisfare le tue specifiche esigenze di produzione: da un singolo robot a celle multiple, complete di attrezzature per i prodotti e movimentazione dei materiali. I nostri esperti sono al tuo fianco, da un capo all&#8217;altro, mentre lavori per migliorare la tua produzione. <\/p><ul><li data-rocket-lazy-bg-2ba85613-f305-45a5-87a2-7b2f32935cc6=\"excluded\">Strutture composite<\/li><li data-rocket-lazy-bg-2ba85613-f305-45a5-87a2-7b2f32935cc6=\"excluded\">Tappeti per autoveicoli<\/li><li data-rocket-lazy-bg-2ba85613-f305-45a5-87a2-7b2f32935cc6=\"excluded\">Rifinitura di rivestimenti per autoveicoli<\/li><li data-rocket-lazy-bg-2ba85613-f305-45a5-87a2-7b2f32935cc6=\"excluded\">Pannelli porta per autoveicoli<\/li><li data-rocket-lazy-bg-2ba85613-f305-45a5-87a2-7b2f32935cc6=\"excluded\">Componenti esterni di autocarri pesanti in vetroresina<\/li><li data-rocket-lazy-bg-2ba85613-f305-45a5-87a2-7b2f32935cc6=\"excluded\">Barattoli di vetro per alimenti (industria alimentare)<\/li><li data-rocket-lazy-bg-2ba85613-f305-45a5-87a2-7b2f32935cc6=\"excluded\">Suole di scarpe in gomma (industria generale)<\/li><li data-rocket-lazy-bg-2ba85613-f305-45a5-87a2-7b2f32935cc6=\"excluded\">Barche, veicoli da diporto<\/li><li data-rocket-lazy-bg-2ba85613-f305-45a5-87a2-7b2f32935cc6=\"excluded\">Vasche idromassaggio<\/li><li data-rocket-lazy-bg-2ba85613-f305-45a5-87a2-7b2f32935cc6=\"excluded\">E altro ancora&#8230;<\/li><\/ul><p> <\/p><hr><p> <\/p><p><span style=\"color: #006aa8;\"><em><strong>\u221a Compila il modulo sottostante e un rappresentante ti contatter\u00e0 a breve.<\/strong><\/em><\/span><\/p><\/div>\t\t\t\t\t\t\t\t<\/div>\n\t\t\t\t<\/div>\n\t\t\t\t\t<\/div>\n\t\t\t\t<\/div>\n\t\t\t\t<\/div>\n\t\t","protected":false},"excerpt":{"rendered":"<p>AUTOMAZIONE DEI PROCESSI DI FORMA &#8211; TAGLIO A GETTO D&#8217;ACQUA ROBOTIZZATO E LAVORAZIONE DEI MATERIALI Spingendo i limiti dell&#8217;automazione Shape Process Automation \u00e8 il tuo fornitore globale di ingegneria e automazione di processo ad alta tecnologia. Sviluppiamo strategie di produzione integrate e soluzioni di automazione industriale per fornitori Tier I e Tier II e non [&hellip;]<\/p>\n","protected":false},"author":12,"featured_media":0,"parent":0,"menu_order":0,"comment_status":"closed","ping_status":"closed","template":"","meta":{"_acf_changed":false,"footnotes":""},"page-type":[],"class_list":["post-43611","page","type-page","status-publish","hentry"],"acf":[],"yoast_head":"<!-- This site is optimized with the Yoast SEO plugin v27.3 - https:\/\/yoast.com\/product\/yoast-seo-wordpress\/ -->\n<title>AUTOMAZIONE DEI PROCESSI DI FORMA OEM | KMT Waterjet<\/title>\n<meta name=\"robots\" content=\"index, follow, max-snippet:-1, max-image-preview:large, max-video-preview:-1\" \/>\n<link rel=\"canonical\" href=\"https:\/\/kmtwaterjet.com\/it\/taglio-a-getto-dacqua-vs-laser-3\/\" \/>\n<meta property=\"og:locale\" content=\"it_IT\" \/>\n<meta property=\"og:type\" content=\"article\" \/>\n<meta property=\"og:title\" content=\"AUTOMAZIONE DEI PROCESSI DI FORMA OEM | KMT Waterjet\" \/>\n<meta property=\"og:description\" content=\"AUTOMAZIONE DEI PROCESSI DI FORMA &#8211; TAGLIO A GETTO D&#8217;ACQUA ROBOTIZZATO E LAVORAZIONE DEI MATERIALI Spingendo i limiti dell&#8217;automazione Shape Process Automation \u00e8 il tuo fornitore globale di ingegneria e automazione di processo ad alta tecnologia. Sviluppiamo strategie di produzione integrate e soluzioni di automazione industriale per fornitori Tier I e Tier II e non [&hellip;]\" \/>\n<meta property=\"og:url\" content=\"https:\/\/kmtwaterjet.com\/it\/taglio-a-getto-dacqua-vs-laser-3\/\" \/>\n<meta property=\"og:site_name\" content=\"KMT Waterjet\" \/>\n<meta property=\"article:modified_time\" content=\"2026-04-27T16:48:47+00:00\" \/>\n<meta property=\"og:image\" content=\"https:\/\/kmtwaterjet.com\/wp-content\/uploads\/SPA-WATERJET-CUTTING-BANNER-ABB-Single-WJ-Plumbing-Pk.jpg\" \/>\n\t<meta property=\"og:image:width\" content=\"1800\" \/>\n\t<meta property=\"og:image:height\" content=\"797\" \/>\n\t<meta property=\"og:image:type\" content=\"image\/jpeg\" \/>\n<meta name=\"twitter:card\" content=\"summary_large_image\" \/>\n<meta name=\"twitter:label1\" content=\"Tempo di lettura stimato\" \/>\n\t<meta name=\"twitter:data1\" content=\"2 minuti\" \/>\n<script type=\"application\/ld+json\" class=\"yoast-schema-graph\">{\"@context\":\"https:\\\/\\\/schema.org\",\"@graph\":[{\"@type\":\"WebPage\",\"@id\":\"https:\\\/\\\/kmtwaterjet.com\\\/it\\\/taglio-a-getto-dacqua-vs-laser-3\\\/\",\"url\":\"https:\\\/\\\/kmtwaterjet.com\\\/it\\\/taglio-a-getto-dacqua-vs-laser-3\\\/\",\"name\":\"AUTOMAZIONE DEI PROCESSI DI FORMA OEM | KMT Waterjet\",\"isPartOf\":{\"@id\":\"https:\\\/\\\/kmtwaterjet.com\\\/it\\\/#website\"},\"primaryImageOfPage\":{\"@id\":\"https:\\\/\\\/kmtwaterjet.com\\\/it\\\/taglio-a-getto-dacqua-vs-laser-3\\\/#primaryimage\"},\"image\":{\"@id\":\"https:\\\/\\\/kmtwaterjet.com\\\/it\\\/taglio-a-getto-dacqua-vs-laser-3\\\/#primaryimage\"},\"thumbnailUrl\":\"https:\\\/\\\/kmtwaterjet.com\\\/wp-content\\\/uploads\\\/SPA-WATERJET-CUTTING-BANNER-ABB-Single-WJ-Plumbing-Pk.jpg\",\"datePublished\":\"2026-03-23T18:45:42+00:00\",\"dateModified\":\"2026-04-27T16:48:47+00:00\",\"breadcrumb\":{\"@id\":\"https:\\\/\\\/kmtwaterjet.com\\\/it\\\/taglio-a-getto-dacqua-vs-laser-3\\\/#breadcrumb\"},\"inLanguage\":\"it-IT\",\"potentialAction\":[{\"@type\":\"ReadAction\",\"target\":[\"https:\\\/\\\/kmtwaterjet.com\\\/it\\\/taglio-a-getto-dacqua-vs-laser-3\\\/\"]}]},{\"@type\":\"ImageObject\",\"inLanguage\":\"it-IT\",\"@id\":\"https:\\\/\\\/kmtwaterjet.com\\\/it\\\/taglio-a-getto-dacqua-vs-laser-3\\\/#primaryimage\",\"url\":\"https:\\\/\\\/kmtwaterjet.com\\\/wp-content\\\/uploads\\\/SPA-WATERJET-CUTTING-BANNER-ABB-Single-WJ-Plumbing-Pk.jpg\",\"contentUrl\":\"https:\\\/\\\/kmtwaterjet.com\\\/wp-content\\\/uploads\\\/SPA-WATERJET-CUTTING-BANNER-ABB-Single-WJ-Plumbing-Pk.jpg\"},{\"@type\":\"BreadcrumbList\",\"@id\":\"https:\\\/\\\/kmtwaterjet.com\\\/it\\\/taglio-a-getto-dacqua-vs-laser-3\\\/#breadcrumb\",\"itemListElement\":[{\"@type\":\"ListItem\",\"position\":1,\"name\":\"Home\",\"item\":\"https:\\\/\\\/kmtwaterjet.com\\\/it\\\/\"},{\"@type\":\"ListItem\",\"position\":2,\"name\":\"AUTOMAZIONE DEI PROCESSI DI FORMA OEM\"}]},{\"@type\":\"WebSite\",\"@id\":\"https:\\\/\\\/kmtwaterjet.com\\\/it\\\/#website\",\"url\":\"https:\\\/\\\/kmtwaterjet.com\\\/it\\\/\",\"name\":\"KMT Waterjet\",\"description\":\"KMT Waterjet for waterjet cutting metal, stone, glass, steel and more\",\"publisher\":{\"@id\":\"https:\\\/\\\/kmtwaterjet.com\\\/it\\\/#organization\"},\"potentialAction\":[{\"@type\":\"SearchAction\",\"target\":{\"@type\":\"EntryPoint\",\"urlTemplate\":\"https:\\\/\\\/kmtwaterjet.com\\\/it\\\/?s={search_term_string}\"},\"query-input\":{\"@type\":\"PropertyValueSpecification\",\"valueRequired\":true,\"valueName\":\"search_term_string\"}}],\"inLanguage\":\"it-IT\"},{\"@type\":\"Organization\",\"@id\":\"https:\\\/\\\/kmtwaterjet.com\\\/it\\\/#organization\",\"name\":\"KMT Waterjet\",\"url\":\"https:\\\/\\\/kmtwaterjet.com\\\/it\\\/\",\"logo\":{\"@type\":\"ImageObject\",\"inLanguage\":\"it-IT\",\"@id\":\"https:\\\/\\\/kmtwaterjet.com\\\/it\\\/#\\\/schema\\\/logo\\\/image\\\/\",\"url\":\"https:\\\/\\\/kmtwaterjet.com\\\/wp-content\\\/uploads\\\/kmt_logo_2020.png\",\"contentUrl\":\"https:\\\/\\\/kmtwaterjet.com\\\/wp-content\\\/uploads\\\/kmt_logo_2020.png\",\"width\":1002,\"height\":605,\"caption\":\"KMT Waterjet\"},\"image\":{\"@id\":\"https:\\\/\\\/kmtwaterjet.com\\\/it\\\/#\\\/schema\\\/logo\\\/image\\\/\"}}]}<\/script>\n<!-- \/ Yoast SEO plugin. -->","yoast_head_json":{"title":"AUTOMAZIONE DEI PROCESSI DI FORMA OEM | KMT Waterjet","robots":{"index":"index","follow":"follow","max-snippet":"max-snippet:-1","max-image-preview":"max-image-preview:large","max-video-preview":"max-video-preview:-1"},"canonical":"https:\/\/kmtwaterjet.com\/it\/taglio-a-getto-dacqua-vs-laser-3\/","og_locale":"it_IT","og_type":"article","og_title":"AUTOMAZIONE DEI PROCESSI DI FORMA OEM | KMT Waterjet","og_description":"AUTOMAZIONE DEI PROCESSI DI FORMA &#8211; TAGLIO A GETTO D&#8217;ACQUA ROBOTIZZATO E LAVORAZIONE DEI MATERIALI Spingendo i limiti dell&#8217;automazione Shape Process Automation \u00e8 il tuo fornitore globale di ingegneria e automazione di processo ad alta tecnologia. Sviluppiamo strategie di produzione integrate e soluzioni di automazione industriale per fornitori Tier I e Tier II e non [&hellip;]","og_url":"https:\/\/kmtwaterjet.com\/it\/taglio-a-getto-dacqua-vs-laser-3\/","og_site_name":"KMT Waterjet","article_modified_time":"2026-04-27T16:48:47+00:00","og_image":[{"width":1800,"height":797,"url":"https:\/\/kmtwaterjet.com\/wp-content\/uploads\/SPA-WATERJET-CUTTING-BANNER-ABB-Single-WJ-Plumbing-Pk.jpg","type":"image\/jpeg"}],"twitter_card":"summary_large_image","twitter_misc":{"Tempo di lettura stimato":"2 minuti"},"schema":{"@context":"https:\/\/schema.org","@graph":[{"@type":"WebPage","@id":"https:\/\/kmtwaterjet.com\/it\/taglio-a-getto-dacqua-vs-laser-3\/","url":"https:\/\/kmtwaterjet.com\/it\/taglio-a-getto-dacqua-vs-laser-3\/","name":"AUTOMAZIONE DEI PROCESSI DI FORMA OEM | KMT Waterjet","isPartOf":{"@id":"https:\/\/kmtwaterjet.com\/it\/#website"},"primaryImageOfPage":{"@id":"https:\/\/kmtwaterjet.com\/it\/taglio-a-getto-dacqua-vs-laser-3\/#primaryimage"},"image":{"@id":"https:\/\/kmtwaterjet.com\/it\/taglio-a-getto-dacqua-vs-laser-3\/#primaryimage"},"thumbnailUrl":"https:\/\/kmtwaterjet.com\/wp-content\/uploads\/SPA-WATERJET-CUTTING-BANNER-ABB-Single-WJ-Plumbing-Pk.jpg","datePublished":"2026-03-23T18:45:42+00:00","dateModified":"2026-04-27T16:48:47+00:00","breadcrumb":{"@id":"https:\/\/kmtwaterjet.com\/it\/taglio-a-getto-dacqua-vs-laser-3\/#breadcrumb"},"inLanguage":"it-IT","potentialAction":[{"@type":"ReadAction","target":["https:\/\/kmtwaterjet.com\/it\/taglio-a-getto-dacqua-vs-laser-3\/"]}]},{"@type":"ImageObject","inLanguage":"it-IT","@id":"https:\/\/kmtwaterjet.com\/it\/taglio-a-getto-dacqua-vs-laser-3\/#primaryimage","url":"https:\/\/kmtwaterjet.com\/wp-content\/uploads\/SPA-WATERJET-CUTTING-BANNER-ABB-Single-WJ-Plumbing-Pk.jpg","contentUrl":"https:\/\/kmtwaterjet.com\/wp-content\/uploads\/SPA-WATERJET-CUTTING-BANNER-ABB-Single-WJ-Plumbing-Pk.jpg"},{"@type":"BreadcrumbList","@id":"https:\/\/kmtwaterjet.com\/it\/taglio-a-getto-dacqua-vs-laser-3\/#breadcrumb","itemListElement":[{"@type":"ListItem","position":1,"name":"Home","item":"https:\/\/kmtwaterjet.com\/it\/"},{"@type":"ListItem","position":2,"name":"AUTOMAZIONE DEI PROCESSI DI FORMA OEM"}]},{"@type":"WebSite","@id":"https:\/\/kmtwaterjet.com\/it\/#website","url":"https:\/\/kmtwaterjet.com\/it\/","name":"KMT Waterjet","description":"KMT Waterjet for waterjet cutting metal, stone, glass, steel and more","publisher":{"@id":"https:\/\/kmtwaterjet.com\/it\/#organization"},"potentialAction":[{"@type":"SearchAction","target":{"@type":"EntryPoint","urlTemplate":"https:\/\/kmtwaterjet.com\/it\/?s={search_term_string}"},"query-input":{"@type":"PropertyValueSpecification","valueRequired":true,"valueName":"search_term_string"}}],"inLanguage":"it-IT"},{"@type":"Organization","@id":"https:\/\/kmtwaterjet.com\/it\/#organization","name":"KMT Waterjet","url":"https:\/\/kmtwaterjet.com\/it\/","logo":{"@type":"ImageObject","inLanguage":"it-IT","@id":"https:\/\/kmtwaterjet.com\/it\/#\/schema\/logo\/image\/","url":"https:\/\/kmtwaterjet.com\/wp-content\/uploads\/kmt_logo_2020.png","contentUrl":"https:\/\/kmtwaterjet.com\/wp-content\/uploads\/kmt_logo_2020.png","width":1002,"height":605,"caption":"KMT Waterjet"},"image":{"@id":"https:\/\/kmtwaterjet.com\/it\/#\/schema\/logo\/image\/"}}]}},"_links":{"self":[{"href":"https:\/\/kmtwaterjet.com\/it\/wp-json\/wp\/v2\/pages\/43611","targetHints":{"allow":["GET"]}}],"collection":[{"href":"https:\/\/kmtwaterjet.com\/it\/wp-json\/wp\/v2\/pages"}],"about":[{"href":"https:\/\/kmtwaterjet.com\/it\/wp-json\/wp\/v2\/types\/page"}],"author":[{"embeddable":true,"href":"https:\/\/kmtwaterjet.com\/it\/wp-json\/wp\/v2\/users\/12"}],"replies":[{"embeddable":true,"href":"https:\/\/kmtwaterjet.com\/it\/wp-json\/wp\/v2\/comments?post=43611"}],"version-history":[{"count":0,"href":"https:\/\/kmtwaterjet.com\/it\/wp-json\/wp\/v2\/pages\/43611\/revisions"}],"wp:attachment":[{"href":"https:\/\/kmtwaterjet.com\/it\/wp-json\/wp\/v2\/media?parent=43611"}],"wp:term":[{"taxonomy":"page-type","embeddable":true,"href":"https:\/\/kmtwaterjet.com\/it\/wp-json\/wp\/v2\/page-type?post=43611"}],"curies":[{"name":"wp","href":"https:\/\/api.w.org\/{rel}","templated":true}]}}