{"id":42312,"date":"2025-06-03T08:15:34","date_gmt":"2025-06-03T13:15:34","guid":{"rendered":"https:\/\/kmtwaterjet.com\/?page_id=42312"},"modified":"2025-10-29T10:18:53","modified_gmt":"2025-10-29T15:18:53","slug":"informativa-sulla-privacy-di-kmt-2","status":"publish","type":"page","link":"https:\/\/kmtwaterjet.com\/it\/informativa-sulla-privacy-di-kmt-2\/","title":{"rendered":"Informativa sulla privacy di KMT"},"content":{"rendered":"\t\t<div data-elementor-type=\"wp-page\" data-elementor-id=\"42312\" class=\"elementor elementor-42312 elementor-42306\" data-elementor-post-type=\"page\">\n\t\t\t\t<div class=\"elementor-element elementor-element-20e8b0c e-flex e-con-boxed e-con e-parent\" data-id=\"20e8b0c\" data-element_type=\"container\" data-e-type=\"container\" data-settings=\"{&quot;background_background&quot;:&quot;classic&quot;,&quot;shape_divider_bottom&quot;:&quot;waves&quot;,&quot;shape_divider_bottom_negative&quot;:&quot;yes&quot;}\">\n\t\t\t\t\t<div class=\"e-con-inner\">\n\t\t\t\t<div class=\"elementor-shape elementor-shape-bottom\" aria-hidden=\"true\" data-negative=\"true\">\n\t\t\t<svg xmlns=\"http:\/\/www.w3.org\/2000\/svg\" viewBox=\"0 0 1000 100\" preserveAspectRatio=\"none\">\n\t<path class=\"elementor-shape-fill\" d=\"M790.5,93.1c-59.3-5.3-116.8-18-192.6-50c-29.6-12.7-76.9-31-100.5-35.9c-23.6-4.9-52.6-7.8-75.5-5.3\n\tc-10.2,1.1-22.6,1.4-50.1,7.4c-27.2,6.3-58.2,16.6-79.4,24.7c-41.3,15.9-94.9,21.9-134,22.6C72,58.2,0,25.8,0,25.8V100h1000V65.3\n\tc0,0-51.5,19.4-106.2,25.7C839.5,97,814.1,95.2,790.5,93.1z\"\/>\n<\/svg>\t\t<\/div>\n\t\t<div class=\"elementor-element elementor-element-3db032c e-con-full e-flex e-con e-child\" data-id=\"3db032c\" data-element_type=\"container\" data-e-type=\"container\">\n\t\t\t\t<div class=\"elementor-element elementor-element-d577189 elementor-widget__width-initial elementor-widget elementor-widget-heading\" data-id=\"d577189\" data-element_type=\"widget\" data-e-type=\"widget\" data-widget_type=\"heading.default\">\n\t\t\t\t<div class=\"elementor-widget-container\">\n\t\t\t\t\t<h2 class=\"elementor-heading-title elementor-size-default\">TERMINI E CONDIZIONI DI VENDITA<\/h2>\t\t\t\t<\/div>\n\t\t\t\t<\/div>\n\t\t\t\t<div class=\"elementor-element elementor-element-8ac114c elementor-widget-divider--view-line elementor-widget elementor-widget-divider\" data-id=\"8ac114c\" data-element_type=\"widget\" data-e-type=\"widget\" data-widget_type=\"divider.default\">\n\t\t\t\t<div class=\"elementor-widget-container\">\n\t\t\t\t\t\t\t<div class=\"elementor-divider\">\n\t\t\t<span class=\"elementor-divider-separator\">\n\t\t\t\t\t\t<\/span>\n\t\t<\/div>\n\t\t\t\t\t\t<\/div>\n\t\t\t\t<\/div>\n\t\t<div class=\"elementor-element elementor-element-cf345b2 e-con-full e-flex e-con e-child\" data-id=\"cf345b2\" data-element_type=\"container\" data-e-type=\"container\">\n\t\t\t\t<div class=\"elementor-element elementor-element-b64b37c elementor-widget elementor-widget-text-editor\" data-id=\"b64b37c\" data-element_type=\"widget\" data-e-type=\"widget\" data-widget_type=\"text-editor.default\">\n\t\t\t\t<div class=\"elementor-widget-container\">\n\t\t\t\t\t\t\t\t\t<ol><li><strong>  Generale  <\/strong><\/li><\/ol><p>I Termini e le Condizioni di Vendita qui descritti si applicano alla vendita da parte di KMT Waterjet Systems Inc. (d&#8217;ora in poi denominata Azienda) di prodotti, attrezzature e relative parti (d&#8217;ora in poi denominate Apparecchiature). A meno che non si raggiunga un accordo scritto, si intende che la Societ\u00e0 proceder\u00e0 con qualsiasi lavoro in conformit\u00e0 con i termini e le condizioni qui delineati La Societ\u00e0 rispetter\u00e0 le leggi e i regolamenti applicabili in vigore alla data della proposta della Societ\u00e0, in quanto applicabili alla produzione delle Apparecchiature. La conformit\u00e0 a qualsiasi legge o regolamento governativo locale relativo all&#8217;ubicazione, all&#8217;uso o al funzionamento dell&#8217;Apparecchiatura, o al suo utilizzo in combinazione con altre apparecchiature, sar\u00e0 di esclusiva responsabilit\u00e0 dell&#8217;Acquirente.  <\/p><ol start=\"2\"><li><strong>  Titolo e rischio di perdita  <\/strong><\/li><\/ol><p>Il titolo e il rischio di perdita o danneggiamento dell&#8217;Attrezzatura passeranno all&#8217;Acquirente al momento della consegna F.O.B. presso lo stabilimento di produzione, se non diversamente concordato dalle parti, ad eccezione del fatto che l&#8217;interesse di sicurezza sull&#8217;Attrezzatura rimarr\u00e0 in capo alla Societ\u00e0, indipendentemente dal modo in cui \u00e8 stata pignorata, fino a quando non sar\u00e0 stato effettuato il pagamento completo. L&#8217;Acquirente accetta, su richiesta, di fare tutte le cose e gli atti necessari per perfezionare e mantenere tale interesse di sicurezza e protegger\u00e0 l&#8217;interesse della Societ\u00e0 assicurando adeguatamente l&#8217;Attrezzatura contro la perdita o il danneggiamento da qualsiasi causa in cui la Societ\u00e0 sar\u00e0 nominata come assicurata aggiuntiva. <\/p><ol start=\"3\"><li><strong>  Assegnazione  <\/strong><\/li><\/ol><p>Nessuna delle parti potr\u00e0 cedere o trasferire il presente contratto senza il preventivo consenso scritto dell&#8217;altra parte. Tuttavia, la Societ\u00e0 potr\u00e0 cedere o trasferire, senza il previo consenso scritto dell&#8217;Acquirente, il diritto della Societ\u00e0 a ricevere tutti o parte dei pagamenti dovuti dall&#8217;Acquirente ai sensi del presente contratto. <\/p><ol start=\"4\"><li><strong>  Consegna e ritardi  <\/strong><\/li><\/ol><p>Le date di consegna devono essere interpretate come date stimate e in nessun caso le date dovranno essere interpretate come rientranti nel significato di &#8220;il tempo \u00e8 essenziale&#8221;. La Societ\u00e0 non sar\u00e0 responsabile di eventuali perdite o ritardi dovuti a guerre, sommosse, incendi, inondazioni, scioperi o altre difficolt\u00e0 lavorative, atti di autorit\u00e0 civili o militari, comprese leggi, ordini, priorit\u00e0 o regolamenti governativi, atti dell&#8217;Acquirente, embargo, carenza di mezzi di trasporto, danni o ritardi nel trasporto, impossibilit\u00e0 di ottenere la manodopera o i materiali necessari da fonti abituali, pezzi fusi o forgiati difettosi o altre cause al di fuori del ragionevole controllo della Societ\u00e0. In caso di ritardo nell&#8217;esecuzione a causa di una di tali cause, la data di consegna o il tempo di completamento saranno adeguati per riflettere l&#8217;effettivo tempo perso a causa di tale ritardo. Il ricevimento dell&#8217;Attrezzatura da parte dell&#8217;Acquirente costituir\u00e0 una rinuncia a qualsiasi reclamo per ritardo.    <\/p><ol start=\"5\"><li><strong>  Tasse  <\/strong><\/li><\/ol><p>Il prezzo non include alcuna imposta presente o futura federale, statale o locale sulla propriet\u00e0, la licenza, il privilegio, la vendita, l&#8217;uso, l&#8217;accisa, le entrate lorde o altre imposte o valutazioni simili che possano essere applicabili, misurate, imposte o risultanti da questa transazione o da qualsiasi servizio prestato in relazione ad essa. Tali imposte saranno indicate separatamente all&#8217;Acquirente, che provveder\u00e0 a pagarle tempestivamente alla Societ\u00e0. La Societ\u00e0 accetter\u00e0 un certificato di esenzione valido dell&#8217;Acquirente, se applicabile. se tale certificato di esenzione non \u00e8 riconosciuto dall&#8217;autorit\u00e0 fiscale governativa interessata. L&#8217;Acquirente si impegna a rimborsare prontamente alla Societ\u00e0 le imposte coperte da tale certificato di esenzione che la Societ\u00e0 \u00e8 tenuta a pagare.    <\/p><ol start=\"6\"><li><strong>  Compensazioni  <\/strong><\/li><\/ol><p>N\u00e9 l&#8217;Acquirente n\u00e9 alcuna societ\u00e0 affiliata o cessionaria avranno il diritto di chiedere un risarcimento o di compensare qualsiasi importo che diventi esigibile dalla Societ\u00e0 ai sensi del presente contratto o in altro modo.<\/p><ol start=\"7\"><li><strong>  Brevetti  <\/strong><\/li><\/ol><p>L&#8217;Azienda difender\u00e0 qualsiasi causa o procedimento intentato contro l&#8217;Acquirente e pagher\u00e0 qualsiasi sentenza sfavorevole emessa nel caso in cui tale causa o procedimento si basi sull&#8217;affermazione che l&#8217;uso dell&#8217;Apparecchiatura prodotta dall&#8217;Azienda e fornita ai sensi del presente contratto costituisca una violazione di qualsiasi brevetto degli Stati Uniti d&#8217;America, a condizione che l&#8217;Azienda venga prontamente informata per iscritto e le vengano fornite autorit\u00e0, informazioni e assistenza per la difesa; e la Societ\u00e0 dovr\u00e0, a sua discrezione, procurare all&#8217;Acquirente il diritto di continuare a utilizzare tale Apparecchiatura, o di modificarla in modo da renderla non in violazione, o di sostituirla con un&#8217;apparecchiatura non in violazione, o di rimuovere tale Apparecchiatura e rimborsare il prezzo di acquisto. Quanto sopra non deve essere interpretato come un accordo da parte della Societ\u00e0 di accettare qualsiasi responsabilit\u00e0 in relazione a brevetti per invenzioni che includano pi\u00f9 delle Apparecchiature fornite ai sensi del presente contratto o in relazione a brevetti per metodi e processi da realizzare con l&#8217;ausilio di tali Apparecchiature. Quanto precede indica l&#8217;intera responsabilit\u00e0 della Societ\u00e0 in relazione alla violazione di brevetti.   <\/p><ol start=\"8\"><li><strong>  Garanzia  <\/strong><\/li><\/ol><p>La Societ\u00e0 garantisce che l&#8217;Apparecchiatura da essa prodotta e consegnata in base al presente documento sar\u00e0 priva di difetti di materiale e di lavorazione per un periodo di dodici mesi dalla data di spedizione o di 2.000 ore di funzionamento, a seconda di quale dei due eventi si verifichi per primo. La garanzia copre solo la sostituzione dei pezzi e non la manodopera. Per quanto riguarda la garanzia sulla vendita di parti di ricambio, le parti non consumabili sono garantite per 3 mesi dalla data di spedizione, mentre i componenti elettrici sono garantiti per un mese dalla data di spedizione. Non \u00e8 prevista alcuna garanzia per i materiali di consumo, come guarnizioni ad alta pressione, valvole di non ritorno, cartucce di tenuta idraulica e tubi HP.   <\/p><p>  L&#8217;Acquirente avr\u00e0 l&#8217;obbligo di segnalare tempestivamente per iscritto alla Societ\u00e0, entro il suddetto periodo, qualsiasi difetto di conformit\u00e0 alla presente garanzia; in tal caso la Societ\u00e0 provveder\u00e0, a sua discrezione, a correggere tale non conformit\u00e0 mediante un&#8217;adeguata riparazione dell&#8217;Apparecchiatura o a fornire un pezzo di ricambio F.O.B. al punto di spedizione, a condizione che l&#8217;Acquirente abbia immagazzinato, installato, mantenuto e fatto funzionare l&#8217;Apparecchiatura in conformit\u00e0 alle buone pratiche industriali e si sia attenuto alle specifiche raccomandazioni della Societ\u00e0. Gli accessori o le attrezzature forniti dalla Societ\u00e0, ma prodotti da altri, saranno coperti dalla garanzia che i produttori hanno fornito alla Societ\u00e0 e che pu\u00f2 essere trasmessa all&#8217;Acquirente. La Societ\u00e0 non sar\u00e0 responsabile di eventuali riparazioni, sostituzioni o regolazioni dell&#8217;Apparecchiatura o dei costi di manodopera eseguiti dall&#8217;Acquirente o da altri senza la preventiva approvazione scritta della Societ\u00e0. Sono specificamente esclusi gli effetti della corrosione, dell&#8217;erosione e della normale usura. Le garanzie sulle prestazioni sono limitate a quelle specificamente indicate nella proposta della Societ\u00e0. A meno che la responsabilit\u00e0 del rispetto di tali garanzie di prestazione non sia limitata a specifiche prove in officina o sul campo, l&#8217;obbligo della Societ\u00e0 sar\u00e0 quello di correggere nel modo e per il periodo di tempo sopra indicati. LA SOCIET\u00c0 NON RILASCIA NESSUN&#8217;ALTRA GARANZIA O DICHIARAZIONE DI ALCUN TIPO, ESPRESSA O IMPLICITA, AD ECCEZIONE DI QUELLA DI TITOLARIT\u00c0, E TUTTE LE GARANZIE IMPLICITE DI COMMERCIABILIT\u00c0 E IDONEIT\u00c0 PER UNO SCOPO PARTICOLARE SONO QUI DECLINATE.      <\/p><p>La correzione da parte dell&#8217;Azienda delle non conformit\u00e0, siano esse brevettate o latenti, nel modo e per il periodo di tempo sopra indicato, costituir\u00e0 l&#8217;adempimento di tutte le responsabilit\u00e0 dell&#8217;Azienda per tali non conformit\u00e0, siano esse basate su contratto, garanzia, negligenza, indennizzo, responsabilit\u00e0 oggettiva o altro in relazione a o derivanti da tali Apparecchiature. L&#8217;Acquirente non utilizzer\u00e0 l&#8217;Apparecchiatura considerata difettosa senza aver prima notificato per iscritto alla Societ\u00e0 la sua intenzione di farlo. Qualsiasi utilizzo dell&#8217;Apparecchiatura sar\u00e0 ad esclusivo rischio e responsabilit\u00e0 dell&#8217;Acquirente.   <\/p><ol start=\"9\"><li><strong>  Limitazione di responsabilit\u00e0  <\/strong><\/li><\/ol><p>I RIMEDI DELL&#8217;ACQUIRENTE QUI INDICATI SONO ESCLUSIVI E LA RESPONSABILIT\u00c0 TOTALE DELLA SOCIET\u00c0 IN RELAZIONE AL PRESENTE CONTRATTO O ALLE APPARECCHIATURE E AI SERVIZI FORNITI IN BASE ALLO STESSO. IN RELAZIONE ALL&#8217;ESECUZIONE O ALLA VIOLAZIONE DELLO STESSO, O ALLA PRODUZIONE, ALLA VENDITA, ALLA CONSEGNA, ALL&#8217;INSTALLAZIONE, ALLA RIPARAZIONE O ALLA DIREZIONE TECNICA COPERTA O FORNITA NELL&#8217;AMBITO DEL PRESENTE CONTRATTO, SIA IN BASE AL CONTRATTO. GARANZIA, NEGLIGENZA, INDENNIZZO, RESPONSABILIT\u00c0 OGGETTIVA O ALTRO, NON SUPERER\u00c0 IL PREZZO DI ACQUISTO DELL&#8217;UNIT\u00c0 DI APPARECCHIATURA SU CUI SI BASA TALE RESPONSABILIT\u00c0. LA SOCIET\u00c0 E I SUOI FORNITORI NON SARANNO IN ALCUN CASO RESPONSABILI NEI CONFRONTI DELL&#8217;ACQUIRENTE. QUALSIASI SUCCESSORE O BENEFICIARIO O CESSIONARIO DEL PRESENTE CONTRATTO PER QUALSIASI CONSEGUENZA. INCIDENTALI, INDIRETTI. DANNI SPECIALI O PUNITIVI DERIVANTI DAL PRESENTE CONTRATTO O DA QUALSIASI VIOLAZIONE DELLO STESSO, O DA QUALSIASI DIFETTO. O GUASTO O MALFUNZIONAMENTO DELLE APPARECCHIATURE OGGETTO DEL PRESENTE CONTRATTO, SIA ESSO BASATO SU PERDITA D&#8217;USO, PERDITA DI PROFITTI O RICAVI, INTERESSI, PERDITA DI AVVIAMENTO, INTERRUZIONE DEL LAVORO. PERDITA DI ALTRI BENI, PERDITA A CAUSA DELL&#8217;ARRESTO O DEL MANCATO FUNZIONAMENTO, AUMENTO DELLE SPESE DI FUNZIONAMENTO, COSTO DELL&#8217;ACQUISTO DI ENERGIA SOSTITUTIVA O RECLAMI DELL&#8217;ACQUIRENTE O DEI CLIENTI DELL&#8217;ACQUIRENTE PER L&#8217;INTERRUZIONE DEL SERVIZIO, INDIPENDENTEMENTE DAL FATTO CHE TALE PERDITA O DANNO SIA O MENO BASATO SU CONTRATTO, GARANZIA, NEGLIGENZA, INDENNIZZO, RESPONSABILIT\u00c0 OGGETTIVA O ALTRO.        <\/p><ol start=\"10\"><li><strong>  Responsabilit\u00e0 nucleare  <\/strong><\/li><\/ol><p>Nel caso in cui le Apparecchiature qui vendute debbano essere utilizzate in un impianto nucleare, l&#8217;Acquirente, prima di tale utilizzo, dovr\u00e0 provvedere a stipulare un&#8217;assicurazione o un&#8217;indennit\u00e0 governativa che protegga la Societ\u00e0 da eventuali responsabilit\u00e0 e con la presente esonera e accetta di indennizzare la Societ\u00e0 e i suoi fornitori per qualsiasi danno nucleare, compresa la perdita d&#8217;uso, in qualsiasi modo derivante da un incidente nucleare, che sia presumibilmente dovuto, in tutto o in parte, alla negligenza o ad altro della Societ\u00e0 o dei suoi fornitori. <\/p><ol start=\"11\"><li><strong>  Legge applicabile  <\/strong><\/li><\/ol><p>I diritti e gli obblighi delle parti saranno disciplinati dalle leggi dello Stato del Delaware, ad esclusione di qualsiasi conflitto di leggi. La Convenzione delle Nazioni Unite sui contratti di vendita internazionale di beni non si applicher\u00e0 al presente accordo. <\/p><ol start=\"12\"><li><strong>  Controllo delle esportazioni  <\/strong><\/li><\/ol><p>I prodotti della Societ\u00e0 sono di origine statunitense e sono soggetti alle leggi statunitensi sul controllo delle esportazioni, compresi i regolamenti sull&#8217;amministrazione delle esportazioni. Il Cliente si impegna a rispettare le leggi statunitensi sul controllo delle esportazioni e a non esportare, riesportare, trasferire, ritrasferire, vendere, rivendere o deviare in altro modo i prodotti della Societ\u00e0 in contrasto con le leggi statunitensi. Il Cliente accetta inoltre di ottenere tutte le licenze di esportazione richieste.  <\/p><ol start=\"13\"><li><strong>  Esecuzione  <\/strong><\/li><\/ol><p>La Societ\u00e0 non sar\u00e0 vincolata da alcun contratto o modifica dello stesso fino a quando non sar\u00e0 approvato per iscritto da un funzionario della Societ\u00e0. Il contratto, una volta approvato, sostituir\u00e0 tutte le comunicazioni precedenti, sia orali che scritte. <\/p><p><a href=\"https:\/\/kmtwaterjet.com\/wp-content\/uploads\/TERMS-AND-CONDITIONS-OF-SALE-KMT-APAC.pdf\"><strong>KMT Waterjet Systems Inc. (LD-101) 07-2009<\/strong><\/a><\/p>\t\t\t\t\t\t\t\t<\/div>\n\t\t\t\t<\/div>\n\t\t\t\t<\/div>\n\t\t\t\t<\/div>\n\t\t\t\t\t<\/div>\n\t\t\t\t<\/div>\n\t\t\t\t<\/div>\n\t\t","protected":false},"excerpt":{"rendered":"<p>TERMINI E CONDIZIONI DI VENDITA Generale I Termini e le Condizioni di Vendita qui descritti si applicano alla vendita da parte di KMT Waterjet Systems Inc. (d&#8217;ora in poi denominata Azienda) di prodotti, attrezzature e relative parti (d&#8217;ora in poi denominate Apparecchiature). A meno che non si raggiunga un accordo scritto, si intende che la [&hellip;]<\/p>\n","protected":false},"author":12,"featured_media":0,"parent":0,"menu_order":0,"comment_status":"closed","ping_status":"closed","template":"elementor_header_footer","meta":{"_acf_changed":false,"footnotes":""},"page-type":[],"class_list":["post-42312","page","type-page","status-publish","hentry"],"acf":[],"yoast_head":"<!-- This site is optimized with the Yoast SEO plugin v27.3 - https:\/\/yoast.com\/product\/yoast-seo-wordpress\/ -->\n<title>Informativa sulla privacy di KMT | KMT Waterjet<\/title>\n<meta name=\"description\" content=\"Informativa sulla privacy di KMT: Proteggere i tuoi dati personali con misure di sicurezza. Rimani informato sulle nostre pratiche e sugli aggiornamenti.\" \/>\n<meta name=\"robots\" content=\"index, follow, max-snippet:-1, max-image-preview:large, max-video-preview:-1\" \/>\n<link rel=\"canonical\" href=\"https:\/\/kmtwaterjet.com\/it\/informativa-sulla-privacy-di-kmt-2\/\" \/>\n<meta property=\"og:locale\" content=\"it_IT\" \/>\n<meta property=\"og:type\" content=\"article\" \/>\n<meta property=\"og:title\" content=\"Informativa sulla privacy di KMT | KMT Waterjet\" \/>\n<meta property=\"og:description\" content=\"Informativa sulla privacy di KMT: Proteggere i tuoi dati personali con misure di sicurezza. Rimani informato sulle nostre pratiche e sugli aggiornamenti.\" \/>\n<meta property=\"og:url\" content=\"https:\/\/kmtwaterjet.com\/it\/informativa-sulla-privacy-di-kmt-2\/\" \/>\n<meta property=\"og:site_name\" content=\"KMT Waterjet\" \/>\n<meta property=\"article:modified_time\" content=\"2025-10-29T15:18:53+00:00\" \/>\n<meta property=\"og:image\" content=\"https:\/\/kmtwaterjet.com\/wp-content\/uploads\/KMT-Social-Sharing.jpg\" \/>\n\t<meta property=\"og:image:width\" content=\"1200\" \/>\n\t<meta property=\"og:image:height\" content=\"675\" \/>\n\t<meta property=\"og:image:type\" content=\"image\/jpeg\" \/>\n<meta name=\"twitter:card\" content=\"summary_large_image\" \/>\n<meta name=\"twitter:label1\" content=\"Tempo di lettura stimato\" \/>\n\t<meta name=\"twitter:data1\" content=\"8 minuti\" \/>\n<script type=\"application\/ld+json\" class=\"yoast-schema-graph\">{\"@context\":\"https:\\\/\\\/schema.org\",\"@graph\":[{\"@type\":\"WebPage\",\"@id\":\"https:\\\/\\\/kmtwaterjet.com\\\/it\\\/informativa-sulla-privacy-di-kmt-2\\\/\",\"url\":\"https:\\\/\\\/kmtwaterjet.com\\\/it\\\/informativa-sulla-privacy-di-kmt-2\\\/\",\"name\":\"Informativa sulla privacy di KMT | KMT Waterjet\",\"isPartOf\":{\"@id\":\"https:\\\/\\\/kmtwaterjet.com\\\/it\\\/#website\"},\"datePublished\":\"2025-06-03T13:15:34+00:00\",\"dateModified\":\"2025-10-29T15:18:53+00:00\",\"description\":\"Informativa sulla privacy di KMT: Proteggere i tuoi dati personali con misure di sicurezza. Rimani informato sulle nostre pratiche e sugli aggiornamenti.\",\"breadcrumb\":{\"@id\":\"https:\\\/\\\/kmtwaterjet.com\\\/it\\\/informativa-sulla-privacy-di-kmt-2\\\/#breadcrumb\"},\"inLanguage\":\"it-IT\",\"potentialAction\":[{\"@type\":\"ReadAction\",\"target\":[\"https:\\\/\\\/kmtwaterjet.com\\\/it\\\/informativa-sulla-privacy-di-kmt-2\\\/\"]}]},{\"@type\":\"BreadcrumbList\",\"@id\":\"https:\\\/\\\/kmtwaterjet.com\\\/it\\\/informativa-sulla-privacy-di-kmt-2\\\/#breadcrumb\",\"itemListElement\":[{\"@type\":\"ListItem\",\"position\":1,\"name\":\"Home\",\"item\":\"https:\\\/\\\/kmtwaterjet.com\\\/it\\\/\"},{\"@type\":\"ListItem\",\"position\":2,\"name\":\"Informativa sulla privacy di KMT\"}]},{\"@type\":\"WebSite\",\"@id\":\"https:\\\/\\\/kmtwaterjet.com\\\/it\\\/#website\",\"url\":\"https:\\\/\\\/kmtwaterjet.com\\\/it\\\/\",\"name\":\"KMT Waterjet\",\"description\":\"KMT Waterjet for waterjet cutting metal, stone, glass, steel and more\",\"publisher\":{\"@id\":\"https:\\\/\\\/kmtwaterjet.com\\\/it\\\/#organization\"},\"potentialAction\":[{\"@type\":\"SearchAction\",\"target\":{\"@type\":\"EntryPoint\",\"urlTemplate\":\"https:\\\/\\\/kmtwaterjet.com\\\/it\\\/?s={search_term_string}\"},\"query-input\":{\"@type\":\"PropertyValueSpecification\",\"valueRequired\":true,\"valueName\":\"search_term_string\"}}],\"inLanguage\":\"it-IT\"},{\"@type\":\"Organization\",\"@id\":\"https:\\\/\\\/kmtwaterjet.com\\\/it\\\/#organization\",\"name\":\"KMT Waterjet\",\"url\":\"https:\\\/\\\/kmtwaterjet.com\\\/it\\\/\",\"logo\":{\"@type\":\"ImageObject\",\"inLanguage\":\"it-IT\",\"@id\":\"https:\\\/\\\/kmtwaterjet.com\\\/it\\\/#\\\/schema\\\/logo\\\/image\\\/\",\"url\":\"https:\\\/\\\/kmtwaterjet.com\\\/wp-content\\\/uploads\\\/kmt_logo_2020.png\",\"contentUrl\":\"https:\\\/\\\/kmtwaterjet.com\\\/wp-content\\\/uploads\\\/kmt_logo_2020.png\",\"width\":1002,\"height\":605,\"caption\":\"KMT Waterjet\"},\"image\":{\"@id\":\"https:\\\/\\\/kmtwaterjet.com\\\/it\\\/#\\\/schema\\\/logo\\\/image\\\/\"}}]}<\/script>\n<!-- \/ Yoast SEO plugin. -->","yoast_head_json":{"title":"Informativa sulla privacy di KMT | KMT Waterjet","description":"Informativa sulla privacy di KMT: Proteggere i tuoi dati personali con misure di sicurezza. Rimani informato sulle nostre pratiche e sugli aggiornamenti.","robots":{"index":"index","follow":"follow","max-snippet":"max-snippet:-1","max-image-preview":"max-image-preview:large","max-video-preview":"max-video-preview:-1"},"canonical":"https:\/\/kmtwaterjet.com\/it\/informativa-sulla-privacy-di-kmt-2\/","og_locale":"it_IT","og_type":"article","og_title":"Informativa sulla privacy di KMT | KMT Waterjet","og_description":"Informativa sulla privacy di KMT: Proteggere i tuoi dati personali con misure di sicurezza. Rimani informato sulle nostre pratiche e sugli aggiornamenti.","og_url":"https:\/\/kmtwaterjet.com\/it\/informativa-sulla-privacy-di-kmt-2\/","og_site_name":"KMT Waterjet","article_modified_time":"2025-10-29T15:18:53+00:00","og_image":[{"width":1200,"height":675,"url":"https:\/\/kmtwaterjet.com\/wp-content\/uploads\/KMT-Social-Sharing.jpg","type":"image\/jpeg"}],"twitter_card":"summary_large_image","twitter_misc":{"Tempo di lettura stimato":"8 minuti"},"schema":{"@context":"https:\/\/schema.org","@graph":[{"@type":"WebPage","@id":"https:\/\/kmtwaterjet.com\/it\/informativa-sulla-privacy-di-kmt-2\/","url":"https:\/\/kmtwaterjet.com\/it\/informativa-sulla-privacy-di-kmt-2\/","name":"Informativa sulla privacy di KMT | KMT Waterjet","isPartOf":{"@id":"https:\/\/kmtwaterjet.com\/it\/#website"},"datePublished":"2025-06-03T13:15:34+00:00","dateModified":"2025-10-29T15:18:53+00:00","description":"Informativa sulla privacy di KMT: Proteggere i tuoi dati personali con misure di sicurezza. Rimani informato sulle nostre pratiche e sugli aggiornamenti.","breadcrumb":{"@id":"https:\/\/kmtwaterjet.com\/it\/informativa-sulla-privacy-di-kmt-2\/#breadcrumb"},"inLanguage":"it-IT","potentialAction":[{"@type":"ReadAction","target":["https:\/\/kmtwaterjet.com\/it\/informativa-sulla-privacy-di-kmt-2\/"]}]},{"@type":"BreadcrumbList","@id":"https:\/\/kmtwaterjet.com\/it\/informativa-sulla-privacy-di-kmt-2\/#breadcrumb","itemListElement":[{"@type":"ListItem","position":1,"name":"Home","item":"https:\/\/kmtwaterjet.com\/it\/"},{"@type":"ListItem","position":2,"name":"Informativa sulla privacy di KMT"}]},{"@type":"WebSite","@id":"https:\/\/kmtwaterjet.com\/it\/#website","url":"https:\/\/kmtwaterjet.com\/it\/","name":"KMT Waterjet","description":"KMT Waterjet for waterjet cutting metal, stone, glass, steel and more","publisher":{"@id":"https:\/\/kmtwaterjet.com\/it\/#organization"},"potentialAction":[{"@type":"SearchAction","target":{"@type":"EntryPoint","urlTemplate":"https:\/\/kmtwaterjet.com\/it\/?s={search_term_string}"},"query-input":{"@type":"PropertyValueSpecification","valueRequired":true,"valueName":"search_term_string"}}],"inLanguage":"it-IT"},{"@type":"Organization","@id":"https:\/\/kmtwaterjet.com\/it\/#organization","name":"KMT Waterjet","url":"https:\/\/kmtwaterjet.com\/it\/","logo":{"@type":"ImageObject","inLanguage":"it-IT","@id":"https:\/\/kmtwaterjet.com\/it\/#\/schema\/logo\/image\/","url":"https:\/\/kmtwaterjet.com\/wp-content\/uploads\/kmt_logo_2020.png","contentUrl":"https:\/\/kmtwaterjet.com\/wp-content\/uploads\/kmt_logo_2020.png","width":1002,"height":605,"caption":"KMT Waterjet"},"image":{"@id":"https:\/\/kmtwaterjet.com\/it\/#\/schema\/logo\/image\/"}}]}},"_links":{"self":[{"href":"https:\/\/kmtwaterjet.com\/it\/wp-json\/wp\/v2\/pages\/42312","targetHints":{"allow":["GET"]}}],"collection":[{"href":"https:\/\/kmtwaterjet.com\/it\/wp-json\/wp\/v2\/pages"}],"about":[{"href":"https:\/\/kmtwaterjet.com\/it\/wp-json\/wp\/v2\/types\/page"}],"author":[{"embeddable":true,"href":"https:\/\/kmtwaterjet.com\/it\/wp-json\/wp\/v2\/users\/12"}],"replies":[{"embeddable":true,"href":"https:\/\/kmtwaterjet.com\/it\/wp-json\/wp\/v2\/comments?post=42312"}],"version-history":[{"count":0,"href":"https:\/\/kmtwaterjet.com\/it\/wp-json\/wp\/v2\/pages\/42312\/revisions"}],"wp:attachment":[{"href":"https:\/\/kmtwaterjet.com\/it\/wp-json\/wp\/v2\/media?parent=42312"}],"wp:term":[{"taxonomy":"page-type","embeddable":true,"href":"https:\/\/kmtwaterjet.com\/it\/wp-json\/wp\/v2\/page-type?post=42312"}],"curies":[{"name":"wp","href":"https:\/\/api.w.org\/{rel}","templated":true}]}}