{"id":32409,"date":"2024-01-18T22:05:28","date_gmt":"2024-01-19T04:05:28","guid":{"rendered":"https:\/\/kmtwaterjet.com\/termini-e-condizioni-dellordine-di-acquisto\/"},"modified":"2025-03-20T12:37:12","modified_gmt":"2025-03-20T17:37:12","slug":"termini-e-condizioni-dellordine-di-acquisto","status":"publish","type":"page","link":"https:\/\/kmtwaterjet.com\/it\/termini-e-condizioni-dellordine-di-acquisto\/","title":{"rendered":"Termini e condizioni dell&#8217;ordine di acquisto"},"content":{"rendered":"\t\t<div data-elementor-type=\"wp-page\" data-elementor-id=\"32409\" class=\"elementor elementor-32409 elementor-2902\" data-elementor-post-type=\"page\">\n\t\t\t\t<div class=\"elementor-element elementor-element-0e9108d e-flex e-con-boxed e-con e-parent\" data-id=\"0e9108d\" data-element_type=\"container\" data-e-type=\"container\" data-settings=\"{&quot;background_background&quot;:&quot;gradient&quot;,&quot;shape_divider_bottom&quot;:&quot;waves&quot;}\">\n\t\t\t\t\t<div class=\"e-con-inner\">\n\t\t\t\t<div class=\"elementor-shape elementor-shape-bottom\" aria-hidden=\"true\" data-negative=\"false\">\n\t\t\t<svg xmlns=\"http:\/\/www.w3.org\/2000\/svg\" viewBox=\"0 0 1000 100\" preserveAspectRatio=\"none\">\n\t<path class=\"elementor-shape-fill\" d=\"M421.9,6.5c22.6-2.5,51.5,0.4,75.5,5.3c23.6,4.9,70.9,23.5,100.5,35.7c75.8,32.2,133.7,44.5,192.6,49.7\n\tc23.6,2.1,48.7,3.5,103.4-2.5c54.7-6,106.2-25.6,106.2-25.6V0H0v30.3c0,0,72,32.6,158.4,30.5c39.2-0.7,92.8-6.7,134-22.4\n\tc21.2-8.1,52.2-18.2,79.7-24.2C399.3,7.9,411.6,7.5,421.9,6.5z\"\/>\n<\/svg>\t\t<\/div>\n\t\t<div class=\"elementor-element elementor-element-41b8436 e-flex e-con-boxed e-con e-child\" data-id=\"41b8436\" data-element_type=\"container\" data-e-type=\"container\">\n\t\t\t\t\t<div class=\"e-con-inner\">\n\t\t\t\t<div class=\"elementor-element elementor-element-4b20a65 elementor-widget elementor-widget-heading\" data-id=\"4b20a65\" data-element_type=\"widget\" data-e-type=\"widget\" data-settings=\"{&quot;motion_fx_motion_fx_scrolling&quot;:&quot;yes&quot;,&quot;motion_fx_opacity_effect&quot;:&quot;yes&quot;,&quot;motion_fx_opacity_direction&quot;:&quot;out-in-out&quot;,&quot;motion_fx_opacity_level&quot;:{&quot;unit&quot;:&quot;px&quot;,&quot;size&quot;:10,&quot;sizes&quot;:[]},&quot;motion_fx_opacity_range&quot;:{&quot;unit&quot;:&quot;%&quot;,&quot;size&quot;:&quot;&quot;,&quot;sizes&quot;:{&quot;start&quot;:20,&quot;end&quot;:80}},&quot;motion_fx_devices&quot;:[&quot;desktop&quot;,&quot;tablet&quot;,&quot;mobile&quot;]}\" data-widget_type=\"heading.default\">\n\t\t\t\t<div class=\"elementor-widget-container\">\n\t\t\t\t\t<h1 class=\"elementor-heading-title elementor-size-default\">TERMINI E CONDIZIONI DI VENDITA<\/h1>\t\t\t\t<\/div>\n\t\t\t\t<\/div>\n\t\t\t\t\t<\/div>\n\t\t\t\t<\/div>\n\t\t\t\t\t<\/div>\n\t\t\t\t<\/div>\n\t\t<div class=\"elementor-element elementor-element-20e8b0c e-flex e-con-boxed e-con e-parent\" data-id=\"20e8b0c\" data-element_type=\"container\" data-e-type=\"container\" data-settings=\"{&quot;background_background&quot;:&quot;classic&quot;,&quot;shape_divider_bottom&quot;:&quot;waves&quot;,&quot;shape_divider_bottom_negative&quot;:&quot;yes&quot;}\">\n\t\t\t\t\t<div class=\"e-con-inner\">\n\t\t\t\t<div class=\"elementor-shape elementor-shape-bottom\" aria-hidden=\"true\" data-negative=\"true\">\n\t\t\t<svg xmlns=\"http:\/\/www.w3.org\/2000\/svg\" viewBox=\"0 0 1000 100\" preserveAspectRatio=\"none\">\n\t<path class=\"elementor-shape-fill\" d=\"M790.5,93.1c-59.3-5.3-116.8-18-192.6-50c-29.6-12.7-76.9-31-100.5-35.9c-23.6-4.9-52.6-7.8-75.5-5.3\n\tc-10.2,1.1-22.6,1.4-50.1,7.4c-27.2,6.3-58.2,16.6-79.4,24.7c-41.3,15.9-94.9,21.9-134,22.6C72,58.2,0,25.8,0,25.8V100h1000V65.3\n\tc0,0-51.5,19.4-106.2,25.7C839.5,97,814.1,95.2,790.5,93.1z\"\/>\n<\/svg>\t\t<\/div>\n\t\t\t\t<div class=\"elementor-element elementor-element-7721e1d elementor-widget__width-initial elementor-widget elementor-widget-text-editor\" data-id=\"7721e1d\" data-element_type=\"widget\" data-e-type=\"widget\" data-widget_type=\"text-editor.default\">\n\t\t\t\t<div class=\"elementor-widget-container\">\n\t\t\t\t\t\t\t\t\t<p><strong>1. Generale<\/strong><br>I Termini e le Condizioni di Vendita qui descritti si applicano alla vendita da parte di KMT Waterjet Systems Inc. (di seguito denominata Azienda) di prodotti, apparecchiature e relative parti (di seguito denominate Apparecchiature). A meno che non si raggiunga un accordo scritto, si intende che la Societ\u00e0 proceder\u00e0 con qualsiasi lavoro in conformit\u00e0 con i termini e le condizioni qui delineati La Societ\u00e0 si conformer\u00e0 alle leggi e ai regolamenti applicabili in vigore alla data della proposta della Societ\u00e0, in quanto applicabili alla produzione dell&#8217;Apparecchiatura. La conformit\u00e0 a qualsiasi legge o regolamento governativo locale relativo all&#8217;ubicazione, all&#8217;uso o al funzionamento dell&#8217;Apparecchiatura, o al suo utilizzo in combinazione con altre apparecchiature, sar\u00e0 di esclusiva responsabilit\u00e0 dell&#8217;Acquirente.  <br><strong>2. Titolo e rischio di perdita<\/strong><br>Il titolo e il rischio di perdita o danno dell&#8217;Apparecchiatura passer\u00e0 all&#8217;Acquirente al momento della consegna F.O.B. presso l&#8217;impianto di produzione, se non diversamente concordato dalle parti, ad eccezione del fatto che un interesse di garanzia sull&#8217;Apparecchiatura rimarr\u00e0 in capo alla Societ\u00e0, indipendentemente dal modo in cui \u00e8 stato effettuato il pignoramento di beni immobili o di altre propriet\u00e0, fino a quando non sar\u00e0 stato effettuato il pagamento completo. L&#8217;Acquirente accetta, su richiesta, di fare tutte le cose e gli atti necessari per perfezionare e mantenere tale interesse di sicurezza e protegger\u00e0 l&#8217;interesse della Societ\u00e0 assicurando adeguatamente l&#8217;Attrezzatura contro la perdita o il danneggiamento da qualsiasi causa in cui la Societ\u00e0 sar\u00e0 nominata come assicurata aggiuntiva. <br><strong>3. Cessione<\/strong><br>Nessuna delle parti potr\u00e0 cedere o trasferire il presente contratto senza il preventivo consenso scritto dell&#8217;altra parte. Tuttavia, la Societ\u00e0 potr\u00e0 cedere o trasferire, senza il previo consenso scritto dell&#8217;Acquirente, il diritto della Societ\u00e0 a ricevere tutti o parte dei pagamenti dovuti dall&#8217;Acquirente ai sensi del presente contratto. <br><strong>4. Consegna e ritardi<\/strong><br>Le date di consegna saranno interpretate come date stimate e in nessun caso le date potranno essere interpretate come rientranti nel significato di &#8220;il tempo \u00e8 essenziale&#8221;. La Societ\u00e0 non sar\u00e0 responsabile di eventuali perdite o ritardi dovuti a guerre, sommosse, incendi, inondazioni, scioperi o altre difficolt\u00e0 lavorative, atti di autorit\u00e0 civili o militari, comprese leggi, ordini, priorit\u00e0 o regolamenti governativi, atti dell&#8217;Acquirente, embargo, carenza di mezzi di trasporto, danni o ritardi nel trasporto, impossibilit\u00e0 di ottenere la manodopera o i materiali necessari da fonti abituali, pezzi fusi o forgiati difettosi o altre cause al di fuori del ragionevole controllo della Societ\u00e0. In caso di ritardo nell&#8217;esecuzione a causa di una di tali cause, la data di consegna o il tempo di completamento saranno adeguati per riflettere l&#8217;effettivo tempo perso a causa di tale ritardo. Il ricevimento dell&#8217;Apparecchiatura da parte dell&#8217;Acquirente costituir\u00e0 una rinuncia a qualsiasi reclamo per ritardo.    <br><strong>5. Imposte<\/strong><br>Il prezzo non include alcuna imposta presente o futura federale, statale o locale sulla propriet\u00e0, la licenza, il privilegio, la vendita, l&#8217;uso, l&#8217;accisa, le entrate lorde o altre imposte o valutazioni simili che possano essere applicabili, misurate, imposte o risultanti da questa transazione o da qualsiasi servizio prestato in relazione ad essa. Tali imposte saranno indicate separatamente all&#8217;Acquirente, che provveder\u00e0 a pagarle tempestivamente alla Societ\u00e0. La Societ\u00e0 accetter\u00e0 un certificato di esenzione valido dell&#8217;Acquirente, se applicabile. se tale certificato di esenzione non \u00e8 riconosciuto dall&#8217;autorit\u00e0 fiscale governativa interessata. L&#8217;Acquirente si impegna a rimborsare tempestivamente alla Societ\u00e0 le imposte coperte da tale certificato di esenzione che la Societ\u00e0 \u00e8 tenuta a pagare.<br>6. Compensazioni<br>N\u00e9 l&#8217;Acquirente n\u00e9 le societ\u00e0 affiliate o gli assegnatari avranno il diritto di richiedere compensazioni o compensazioni con qualsiasi importo che diventi esigibile dalla Societ\u00e0 ai sensi del presente contratto o di altro tipo.    <br><strong>7. Brevetti<\/strong><br>L&#8217;Azienda difender\u00e0 qualsiasi causa o procedimento intentato contro l&#8217;Acquirente e pagher\u00e0 qualsiasi sentenza sfavorevole emessa nel caso in cui tale causa o procedimento si basi sull&#8217;affermazione che l&#8217;uso dell&#8217;Apparecchiatura prodotta dall&#8217;Azienda e fornita ai sensi del presente contratto costituisca una violazione di qualsiasi brevetto degli Stati Uniti d&#8217;America, a condizione che l&#8217;Azienda venga prontamente informata per iscritto e le vengano fornite autorit\u00e0, informazioni e assistenza per la difesa; e la Societ\u00e0 dovr\u00e0, a sua discrezione, procurare all&#8217;Acquirente il diritto di continuare a utilizzare tale Apparecchiatura, o di modificarla in modo da renderla non in violazione, o di sostituirla con un&#8217;apparecchiatura non in violazione, o di rimuovere tale Apparecchiatura e rimborsare il prezzo di acquisto. Quanto sopra non deve essere interpretato come un accordo da parte della Societ\u00e0 di accettare qualsiasi responsabilit\u00e0 in relazione a brevetti per invenzioni che includano pi\u00f9 delle Apparecchiature fornite ai sensi del presente contratto o in relazione a brevetti per metodi e processi da realizzare con l&#8217;ausilio di tali Apparecchiature. Quanto precede indica l&#8217;intera responsabilit\u00e0 della Societ\u00e0 in relazione alla violazione di brevetti.   <br><strong>8. Garanzia<\/strong><br>La Societ\u00e0 garantisce che l&#8217;Apparecchiatura da essa prodotta e consegnata ai sensi del presente documento sar\u00e0 priva di difetti di materiale e di lavorazione per un periodo di dodici mesi dalla data di messa in funzione dell&#8217;Apparecchiatura o di diciotto mesi dalla data di spedizione, a seconda di quale dei due eventi si verifichi per primo. Le parti non consumabili sono garantite per 180 giorni dalla data di spedizione, ad eccezione delle parti garantite per [30-180] giorni dalla data di spedizione. L&#8217;Acquirente avr\u00e0 l&#8217;obbligo di segnalare tempestivamente per iscritto alla Societ\u00e0 qualsiasi difetto di conformit\u00e0 alla presente garanzia entro il suddetto periodo; in tal caso la Societ\u00e0 provveder\u00e0, a sua discrezione, a correggere tale non conformit\u00e0 mediante un&#8217;adeguata riparazione dell&#8217;Apparecchiatura o a fornire una parte sostitutiva F.O.B. al punto di spedizione, a condizione che l&#8217;Acquirente abbia immagazzinato, installato, mantenuto e fatto funzionare l&#8217;Apparecchiatura in conformit\u00e0 alle buone pratiche industriali e si sia attenuto alle specifiche raccomandazioni della Societ\u00e0. Gli accessori o le attrezzature forniti dalla Societ\u00e0, ma prodotti da altri, saranno coperti dalla garanzia che i produttori hanno fornito alla Societ\u00e0 e che pu\u00f2 essere trasmessa all&#8217;Acquirente. La Societ\u00e0 non sar\u00e0 responsabile di eventuali riparazioni, sostituzioni o regolazioni dell&#8217;Apparecchiatura o dei costi di manodopera eseguiti dall&#8217;Acquirente o da altri senza la preventiva approvazione scritta della Societ\u00e0. Sono specificamente esclusi gli effetti della corrosione, dell&#8217;erosione e della normale usura. Le garanzie sulle prestazioni sono limitate a quelle specificamente indicate nella proposta della Societ\u00e0. A meno che la responsabilit\u00e0 del rispetto di tali garanzie di prestazione non sia limitata a specifiche prove in officina o sul campo, l&#8217;obbligo della Societ\u00e0 sar\u00e0 quello di correggere nel modo e per il periodo di tempo sopra indicati. LA SOCIET\u00c0 NON RILASCIA NESSUN&#8217;ALTRA GARANZIA O DICHIARAZIONE DI ALCUN TIPO, ESPRESSA O IMPLICITA, AD ECCEZIONE DI QUELLA DEL TITOLO, E TUTTE LE GARANZIE IMPLICITE DI COMMERCIABILIT\u00c0 E IDONEIT\u00c0 PER UNO SCOPO PARTICOLARE SONO QUI DECLINATE.<br>La correzione da parte dell&#8217;Azienda delle non conformit\u00e0, siano esse brevettate o latenti, nei modi e per il periodo di tempo sopra indicati, costituir\u00e0 l&#8217;adempimento di tutte le responsabilit\u00e0 dell&#8217;Azienda per tali non conformit\u00e0, siano esse basate su contratto, garanzia, negligenza, indennit\u00e0, responsabilit\u00e0 oggettiva o altro in relazione a o derivanti da tali Apparecchiature. L&#8217;Acquirente non utilizzer\u00e0 l&#8217;Apparecchiatura considerata difettosa senza aver prima notificato per iscritto alla Societ\u00e0 la sua intenzione di farlo. Qualsiasi utilizzo dell&#8217;Apparecchiatura sar\u00e0 ad esclusivo rischio e responsabilit\u00e0 dell&#8217;Acquirente.           <br><strong>9. Limitazione di Responsabilit\u00e0<\/strong><br>I RIMEDI DELL&#8217;ACQUIRENTE PREVISTI NEL PRESENTE CONTRATTO SONO ESCLUSIVI, E LA TOTALE RESPONSABILIT\u00c0 DELLA SOCIET\u00c0 PER QUANTO RIGUARDA IL PRESENTE CONTRATTO O LE APPARECCHIATURE E I SERVIZI FORNITI NEL PRESENTE CONTRATTO. IN RELAZIONE ALL&#8217;ESECUZIONE O ALLA VIOLAZIONE DELLO STESSO, O ALLA FABBRICAZIONE, ALLA VENDITA, ALLA CONSEGNA, ALL&#8217;INSTALLAZIONE, ALLA RIPARAZIONE O ALLA DIREZIONE TECNICA COPERTA O FORNITA NELL&#8217;AMBITO DEL PRESENTE CONTRATTO, SIA IN BASE AL CONTRATTO. GARANZIA, NEGLIGENZA, INDENNIZZO, RESPONSABILIT\u00c0 OGGETTIVA O ALTRO, NON SUPERER\u00c0 IL PREZZO DI ACQUISTO DELL&#8217;UNIT\u00c0 DI APPARECCHIATURA SU CUI SI BASA TALE RESPONSABILIT\u00c0. LA SOCIET\u00c0 E I SUOI FORNITORI NON SARANNO IN ALCUN CASO RESPONSABILI NEI CONFRONTI DELL&#8217;ACQUIRENTE. QUALSIASI SUCCESSORE O BENEFICIARIO O CESSIONARIO DEL PRESENTE CONTRATTO PER QUALSIASI CONSEGUENZA. INCIDENTALI, INDIRETTI. DANNI SPECIALI O PUNITIVI DERIVANTI DAL PRESENTE CONTRATTO O DA QUALSIASI VIOLAZIONE DELLO STESSO, O DA QUALSIASI DIFETTO. O GUASTO O MALFUNZIONAMENTO DELL&#8217;APPARECCHIATURA OGGETTO DEL PRESENTE CONTRATTO, SIA ESSO BASATO SU PERDITA D&#8217;USO, PERDITA DI PROFITTI O RICAVI, INTERESSI, PERDITA DI AVVIAMENTO, INTERRUZIONE DEL LAVORO. PERDITA DI ALTRI BENI, PERDITA A CAUSA DELL&#8217;ARRESTO O DEL MANCATO FUNZIONAMENTO, AUMENTO DELLE SPESE DI FUNZIONAMENTO, COSTO DELL&#8217;ACQUISTO DI ENERGIA SOSTITUTIVA O RECLAMI DELL&#8217;ACQUIRENTE O DEI CLIENTI DELL&#8217;ACQUIRENTE PER L&#8217;INTERRUZIONE DEL SERVIZIO, INDIPENDENTEMENTE DAL FATTO CHE TALE PERDITA O DANNO SIA O MENO BASATO SU CONTRATTO, GARANZIA, NEGLIGENZA, INDENNIT\u00c0, RESPONSABILIT\u00c0 OGGETTIVA O ALTRO.        <br><strong>10. Responsabilit\u00e0 nucleare<\/strong><br>Nel caso in cui l&#8217;Apparecchiatura qui venduta debba essere utilizzata in un impianto nucleare, l&#8217;Acquirente, prima di tale utilizzo, dovr\u00e0 provvedere a stipulare un&#8217;assicurazione o un&#8217;indennit\u00e0 governativa che protegga la Societ\u00e0 da eventuali responsabilit\u00e0 e con la presente esonera e accetta di risarcire la Societ\u00e0 e i suoi fornitori per qualsiasi danno nucleare, compresa la perdita di utilizzo, in qualsiasi modo derivante da un incidente nucleare, sia che si presuma sia dovuto, in tutto o in parte, alla negligenza o ad altro della Societ\u00e0 o dei suoi fornitori. <br><strong>11. Legge applicabile<\/strong><br>I diritti e gli obblighi delle parti saranno disciplinati dalle leggi dello Stato del Delaware, ad esclusione di qualsiasi conflitto di leggi. La Convenzione delle Nazioni Unite sui contratti di vendita internazionale di beni non si applicher\u00e0 al presente accordo.<br>12. Controllo delle esportazioni<br>I prodotti della Societ\u00e0 sono di origine statunitense e sono soggetti alle leggi statunitensi sul controllo delle esportazioni, compresi i Regolamenti sull&#8217;amministrazione delle esportazioni. Il Cliente si impegna a rispettare le leggi sul controllo delle esportazioni degli Stati Uniti e a non esportare, riesportare, trasferire, ritrasferire, vendere, rivendere o deviare in altro modo i prodotti della Societ\u00e0 in contrasto con le leggi degli Stati Uniti. Il Cliente accetta inoltre di ottenere tutte le licenze di esportazione richieste.   <br><strong>13. Esecuzione<\/strong><br>La Societ\u00e0 non sar\u00e0 vincolata da alcun contratto o modifica dello stesso fino a quando non sar\u00e0 approvato per iscritto da un funzionario della Societ\u00e0. Il contratto, una volta approvato, sostituir\u00e0 tutte le comunicazioni precedenti, sia orali che scritte. <\/p><p><br><a href=\"https:\/\/kmtwaterjet.com\/wp-content\/uploads\/KMT-LD-101-07-2009.pdf\"><strong>KMT Waterjet Systems Inc. (LD-101) 07-2009 (PDF)<\/strong><\/a><\/p>\t\t\t\t\t\t\t\t<\/div>\n\t\t\t\t<\/div>\n\t\t\t\t\t<\/div>\n\t\t\t\t<\/div>\n\t\t\t\t<\/div>\n\t\t","protected":false},"excerpt":{"rendered":"<p>TERMINI E CONDIZIONI DI VENDITA 1. GeneraleI Termini e le Condizioni di Vendita qui descritti si applicano alla vendita da parte di KMT Waterjet Systems Inc. (di seguito denominata Azienda) di prodotti, apparecchiature e relative parti (di seguito denominate Apparecchiature). A meno che non si raggiunga un accordo scritto, si intende che la Societ\u00e0 proceder\u00e0 [&hellip;]<\/p>\n","protected":false},"author":12,"featured_media":0,"parent":0,"menu_order":0,"comment_status":"closed","ping_status":"closed","template":"elementor_header_footer","meta":{"_acf_changed":false,"footnotes":""},"page-type":[],"class_list":["post-32409","page","type-page","status-publish","hentry"],"acf":[],"yoast_head":"<!-- This site is optimized with the Yoast SEO plugin v27.3 - https:\/\/yoast.com\/product\/yoast-seo-wordpress\/ -->\n<title>Termini e condizioni dell&#039;ordine di acquisto | KMT Waterjet<\/title>\n<meta name=\"description\" content=\"Esplora i Termini e le Condizioni dell&#039;Ordine di Acquisto (Supply Chain) di KMT Waterjet per le soluzioni di precisione a getto d&#039;acqua. Chiarimenti su consegna, garanzia e altro ancora.\" \/>\n<meta name=\"robots\" content=\"index, follow, max-snippet:-1, max-image-preview:large, max-video-preview:-1\" \/>\n<link rel=\"canonical\" href=\"https:\/\/kmtwaterjet.com\/it\/termini-e-condizioni-dellordine-di-acquisto\/\" \/>\n<meta property=\"og:locale\" content=\"it_IT\" \/>\n<meta property=\"og:type\" content=\"article\" \/>\n<meta property=\"og:title\" content=\"Termini e condizioni dell&#039;ordine di acquisto | KMT Waterjet\" \/>\n<meta property=\"og:description\" content=\"Esplora i Termini e le Condizioni dell&#039;Ordine di Acquisto (Supply Chain) di KMT Waterjet per le soluzioni di precisione a getto d&#039;acqua. Chiarimenti su consegna, garanzia e altro ancora.\" \/>\n<meta property=\"og:url\" content=\"https:\/\/kmtwaterjet.com\/it\/termini-e-condizioni-dellordine-di-acquisto\/\" \/>\n<meta property=\"og:site_name\" content=\"KMT Waterjet\" \/>\n<meta property=\"article:modified_time\" content=\"2025-03-20T17:37:12+00:00\" \/>\n<meta property=\"og:image\" content=\"https:\/\/kmtwaterjet.com\/wp-content\/uploads\/KMT-Social-Sharing.jpg\" \/>\n\t<meta property=\"og:image:width\" content=\"1200\" \/>\n\t<meta property=\"og:image:height\" content=\"675\" \/>\n\t<meta property=\"og:image:type\" content=\"image\/jpeg\" \/>\n<meta name=\"twitter:card\" content=\"summary_large_image\" \/>\n<meta name=\"twitter:label1\" content=\"Tempo di lettura stimato\" \/>\n\t<meta name=\"twitter:data1\" content=\"8 minuti\" \/>\n<script type=\"application\/ld+json\" class=\"yoast-schema-graph\">{\"@context\":\"https:\\\/\\\/schema.org\",\"@graph\":[{\"@type\":\"WebPage\",\"@id\":\"https:\\\/\\\/kmtwaterjet.com\\\/it\\\/termini-e-condizioni-dellordine-di-acquisto\\\/\",\"url\":\"https:\\\/\\\/kmtwaterjet.com\\\/it\\\/termini-e-condizioni-dellordine-di-acquisto\\\/\",\"name\":\"Termini e condizioni dell'ordine di acquisto | KMT Waterjet\",\"isPartOf\":{\"@id\":\"https:\\\/\\\/kmtwaterjet.com\\\/it\\\/#website\"},\"datePublished\":\"2024-01-19T04:05:28+00:00\",\"dateModified\":\"2025-03-20T17:37:12+00:00\",\"description\":\"Esplora i Termini e le Condizioni dell'Ordine di Acquisto (Supply Chain) di KMT Waterjet per le soluzioni di precisione a getto d'acqua. Chiarimenti su consegna, garanzia e altro ancora.\",\"breadcrumb\":{\"@id\":\"https:\\\/\\\/kmtwaterjet.com\\\/it\\\/termini-e-condizioni-dellordine-di-acquisto\\\/#breadcrumb\"},\"inLanguage\":\"it-IT\",\"potentialAction\":[{\"@type\":\"ReadAction\",\"target\":[\"https:\\\/\\\/kmtwaterjet.com\\\/it\\\/termini-e-condizioni-dellordine-di-acquisto\\\/\"]}]},{\"@type\":\"BreadcrumbList\",\"@id\":\"https:\\\/\\\/kmtwaterjet.com\\\/it\\\/termini-e-condizioni-dellordine-di-acquisto\\\/#breadcrumb\",\"itemListElement\":[{\"@type\":\"ListItem\",\"position\":1,\"name\":\"Home\",\"item\":\"https:\\\/\\\/kmtwaterjet.com\\\/it\\\/\"},{\"@type\":\"ListItem\",\"position\":2,\"name\":\"Termini e condizioni dell&#8217;ordine di acquisto\"}]},{\"@type\":\"WebSite\",\"@id\":\"https:\\\/\\\/kmtwaterjet.com\\\/it\\\/#website\",\"url\":\"https:\\\/\\\/kmtwaterjet.com\\\/it\\\/\",\"name\":\"KMT Waterjet\",\"description\":\"KMT Waterjet for waterjet cutting metal, stone, glass, steel and more\",\"publisher\":{\"@id\":\"https:\\\/\\\/kmtwaterjet.com\\\/it\\\/#organization\"},\"potentialAction\":[{\"@type\":\"SearchAction\",\"target\":{\"@type\":\"EntryPoint\",\"urlTemplate\":\"https:\\\/\\\/kmtwaterjet.com\\\/it\\\/?s={search_term_string}\"},\"query-input\":{\"@type\":\"PropertyValueSpecification\",\"valueRequired\":true,\"valueName\":\"search_term_string\"}}],\"inLanguage\":\"it-IT\"},{\"@type\":\"Organization\",\"@id\":\"https:\\\/\\\/kmtwaterjet.com\\\/it\\\/#organization\",\"name\":\"KMT Waterjet\",\"url\":\"https:\\\/\\\/kmtwaterjet.com\\\/it\\\/\",\"logo\":{\"@type\":\"ImageObject\",\"inLanguage\":\"it-IT\",\"@id\":\"https:\\\/\\\/kmtwaterjet.com\\\/it\\\/#\\\/schema\\\/logo\\\/image\\\/\",\"url\":\"https:\\\/\\\/kmtwaterjet.com\\\/wp-content\\\/uploads\\\/kmt_logo_2020.png\",\"contentUrl\":\"https:\\\/\\\/kmtwaterjet.com\\\/wp-content\\\/uploads\\\/kmt_logo_2020.png\",\"width\":1002,\"height\":605,\"caption\":\"KMT Waterjet\"},\"image\":{\"@id\":\"https:\\\/\\\/kmtwaterjet.com\\\/it\\\/#\\\/schema\\\/logo\\\/image\\\/\"}}]}<\/script>\n<!-- \/ Yoast SEO plugin. -->","yoast_head_json":{"title":"Termini e condizioni dell'ordine di acquisto | KMT Waterjet","description":"Esplora i Termini e le Condizioni dell'Ordine di Acquisto (Supply Chain) di KMT Waterjet per le soluzioni di precisione a getto d'acqua. Chiarimenti su consegna, garanzia e altro ancora.","robots":{"index":"index","follow":"follow","max-snippet":"max-snippet:-1","max-image-preview":"max-image-preview:large","max-video-preview":"max-video-preview:-1"},"canonical":"https:\/\/kmtwaterjet.com\/it\/termini-e-condizioni-dellordine-di-acquisto\/","og_locale":"it_IT","og_type":"article","og_title":"Termini e condizioni dell'ordine di acquisto | KMT Waterjet","og_description":"Esplora i Termini e le Condizioni dell'Ordine di Acquisto (Supply Chain) di KMT Waterjet per le soluzioni di precisione a getto d'acqua. Chiarimenti su consegna, garanzia e altro ancora.","og_url":"https:\/\/kmtwaterjet.com\/it\/termini-e-condizioni-dellordine-di-acquisto\/","og_site_name":"KMT Waterjet","article_modified_time":"2025-03-20T17:37:12+00:00","og_image":[{"width":1200,"height":675,"url":"https:\/\/kmtwaterjet.com\/wp-content\/uploads\/KMT-Social-Sharing.jpg","type":"image\/jpeg"}],"twitter_card":"summary_large_image","twitter_misc":{"Tempo di lettura stimato":"8 minuti"},"schema":{"@context":"https:\/\/schema.org","@graph":[{"@type":"WebPage","@id":"https:\/\/kmtwaterjet.com\/it\/termini-e-condizioni-dellordine-di-acquisto\/","url":"https:\/\/kmtwaterjet.com\/it\/termini-e-condizioni-dellordine-di-acquisto\/","name":"Termini e condizioni dell'ordine di acquisto | KMT Waterjet","isPartOf":{"@id":"https:\/\/kmtwaterjet.com\/it\/#website"},"datePublished":"2024-01-19T04:05:28+00:00","dateModified":"2025-03-20T17:37:12+00:00","description":"Esplora i Termini e le Condizioni dell'Ordine di Acquisto (Supply Chain) di KMT Waterjet per le soluzioni di precisione a getto d'acqua. Chiarimenti su consegna, garanzia e altro ancora.","breadcrumb":{"@id":"https:\/\/kmtwaterjet.com\/it\/termini-e-condizioni-dellordine-di-acquisto\/#breadcrumb"},"inLanguage":"it-IT","potentialAction":[{"@type":"ReadAction","target":["https:\/\/kmtwaterjet.com\/it\/termini-e-condizioni-dellordine-di-acquisto\/"]}]},{"@type":"BreadcrumbList","@id":"https:\/\/kmtwaterjet.com\/it\/termini-e-condizioni-dellordine-di-acquisto\/#breadcrumb","itemListElement":[{"@type":"ListItem","position":1,"name":"Home","item":"https:\/\/kmtwaterjet.com\/it\/"},{"@type":"ListItem","position":2,"name":"Termini e condizioni dell&#8217;ordine di acquisto"}]},{"@type":"WebSite","@id":"https:\/\/kmtwaterjet.com\/it\/#website","url":"https:\/\/kmtwaterjet.com\/it\/","name":"KMT Waterjet","description":"KMT Waterjet for waterjet cutting metal, stone, glass, steel and more","publisher":{"@id":"https:\/\/kmtwaterjet.com\/it\/#organization"},"potentialAction":[{"@type":"SearchAction","target":{"@type":"EntryPoint","urlTemplate":"https:\/\/kmtwaterjet.com\/it\/?s={search_term_string}"},"query-input":{"@type":"PropertyValueSpecification","valueRequired":true,"valueName":"search_term_string"}}],"inLanguage":"it-IT"},{"@type":"Organization","@id":"https:\/\/kmtwaterjet.com\/it\/#organization","name":"KMT Waterjet","url":"https:\/\/kmtwaterjet.com\/it\/","logo":{"@type":"ImageObject","inLanguage":"it-IT","@id":"https:\/\/kmtwaterjet.com\/it\/#\/schema\/logo\/image\/","url":"https:\/\/kmtwaterjet.com\/wp-content\/uploads\/kmt_logo_2020.png","contentUrl":"https:\/\/kmtwaterjet.com\/wp-content\/uploads\/kmt_logo_2020.png","width":1002,"height":605,"caption":"KMT Waterjet"},"image":{"@id":"https:\/\/kmtwaterjet.com\/it\/#\/schema\/logo\/image\/"}}]}},"_links":{"self":[{"href":"https:\/\/kmtwaterjet.com\/it\/wp-json\/wp\/v2\/pages\/32409","targetHints":{"allow":["GET"]}}],"collection":[{"href":"https:\/\/kmtwaterjet.com\/it\/wp-json\/wp\/v2\/pages"}],"about":[{"href":"https:\/\/kmtwaterjet.com\/it\/wp-json\/wp\/v2\/types\/page"}],"author":[{"embeddable":true,"href":"https:\/\/kmtwaterjet.com\/it\/wp-json\/wp\/v2\/users\/12"}],"replies":[{"embeddable":true,"href":"https:\/\/kmtwaterjet.com\/it\/wp-json\/wp\/v2\/comments?post=32409"}],"version-history":[{"count":0,"href":"https:\/\/kmtwaterjet.com\/it\/wp-json\/wp\/v2\/pages\/32409\/revisions"}],"wp:attachment":[{"href":"https:\/\/kmtwaterjet.com\/it\/wp-json\/wp\/v2\/media?parent=32409"}],"wp:term":[{"taxonomy":"page-type","embeddable":true,"href":"https:\/\/kmtwaterjet.com\/it\/wp-json\/wp\/v2\/page-type?post=32409"}],"curies":[{"name":"wp","href":"https:\/\/api.w.org\/{rel}","templated":true}]}}