{"id":44340,"date":"2026-04-02T14:59:17","date_gmt":"2026-04-02T19:59:17","guid":{"rendered":"https:\/\/kmtwaterjet.com\/?page_id=44340"},"modified":"2026-04-02T17:05:53","modified_gmt":"2026-04-02T22:05:53","slug":"oem-northwood-machine-sawjet-8","status":"publish","type":"page","link":"https:\/\/kmtwaterjet.com\/fr\/oem-northwood-machine-sawjet-8\/","title":{"rendered":"OEM LONE STAR WATERJET CUTTING SOLUTIONS"},"content":{"rendered":"\t\t<div data-elementor-type=\"wp-page\" data-elementor-id=\"44340\" class=\"elementor elementor-44340 elementor-44336\" data-elementor-post-type=\"page\">\n\t\t\t\t<div class=\"elementor-element elementor-element-a5186ce e-flex e-con-boxed e-con e-parent\" data-id=\"a5186ce\" data-element_type=\"container\" data-e-type=\"container\">\n\t\t\t\t\t<div class=\"e-con-inner\">\n\t\t\t\t<div class=\"elementor-element elementor-element-27eaaf2 elementor-widget elementor-widget-heading\" data-id=\"27eaaf2\" data-element_type=\"widget\" data-e-type=\"widget\" data-widget_type=\"heading.default\">\n\t\t\t\t<div class=\"elementor-widget-container\">\n\t\t\t\t\t<h1 class=\"elementor-heading-title elementor-size-default\">LONE STAR CNC WATERJET CUTTING SOLUTIONS<\/h1>\t\t\t\t<\/div>\n\t\t\t\t<\/div>\n\t\t\t\t<div class=\"elementor-element elementor-element-9016e52 elementor-widget-divider--view-line elementor-widget elementor-widget-divider\" data-id=\"9016e52\" data-element_type=\"widget\" data-e-type=\"widget\" data-widget_type=\"divider.default\">\n\t\t\t\t<div class=\"elementor-widget-container\">\n\t\t\t\t\t\t\t<div class=\"elementor-divider\">\n\t\t\t<span class=\"elementor-divider-separator\">\n\t\t\t\t\t\t<\/span>\n\t\t<\/div>\n\t\t\t\t\t\t<\/div>\n\t\t\t\t<\/div>\n\t\t\t\t\t<\/div>\n\t\t\t\t<\/div>\n\t\t<div class=\"elementor-element elementor-element-08404e0 e-flex e-con-boxed e-con e-parent\" data-id=\"08404e0\" data-element_type=\"container\" data-e-type=\"container\">\n\t\t\t\t\t<div class=\"e-con-inner\">\n\t\t\t\t<div class=\"elementor-element elementor-element-7e9b4d7 elementor-widget elementor-widget-image\" data-id=\"7e9b4d7\" data-element_type=\"widget\" data-e-type=\"widget\" data-widget_type=\"image.default\">\n\t\t\t\t<div class=\"elementor-widget-container\">\n\t\t\t\t\t\t\t\t\t\t\t\t\t\t\t<img fetchpriority=\"high\" decoding=\"async\" width=\"1800\" height=\"464\" src=\"https:\/\/kmtwaterjet.com\/wp-content\/uploads\/LONE-STAR-WATERJET-CUTTING-MACHINES-SHOW-ROOM.jpg\" class=\"attachment-full size-full wp-image-43964\" alt=\"\" srcset=\"https:\/\/kmtwaterjet.com\/wp-content\/uploads\/LONE-STAR-WATERJET-CUTTING-MACHINES-SHOW-ROOM.jpg 1800w, https:\/\/kmtwaterjet.com\/wp-content\/uploads\/LONE-STAR-WATERJET-CUTTING-MACHINES-SHOW-ROOM-300x77.jpg 300w, https:\/\/kmtwaterjet.com\/wp-content\/uploads\/LONE-STAR-WATERJET-CUTTING-MACHINES-SHOW-ROOM-1024x264.jpg 1024w, https:\/\/kmtwaterjet.com\/wp-content\/uploads\/LONE-STAR-WATERJET-CUTTING-MACHINES-SHOW-ROOM-768x198.jpg 768w, https:\/\/kmtwaterjet.com\/wp-content\/uploads\/LONE-STAR-WATERJET-CUTTING-MACHINES-SHOW-ROOM-1536x396.jpg 1536w\" sizes=\"(max-width: 1800px) 100vw, 1800px\" \/>\t\t\t\t\t\t\t\t\t\t\t\t\t\t\t<\/div>\n\t\t\t\t<\/div>\n\t\t\t\t\t<\/div>\n\t\t\t\t<\/div>\n\t\t<div class=\"elementor-element elementor-element-5761e3a e-grid e-con-boxed e-con e-parent\" data-id=\"5761e3a\" data-element_type=\"container\" data-e-type=\"container\">\n\t\t\t\t\t<div class=\"e-con-inner\">\n\t\t\t\t<div class=\"elementor-element elementor-element-b79cae4 elementor-widget elementor-widget-image\" data-id=\"b79cae4\" data-element_type=\"widget\" data-e-type=\"widget\" data-widget_type=\"image.default\">\n\t\t\t\t<div class=\"elementor-widget-container\">\n\t\t\t\t\t\t\t\t\t\t\t\t\t\t\t<img decoding=\"async\" width=\"652\" height=\"420\" data-src=\"https:\/\/kmtwaterjet.com\/wp-content\/uploads\/LONE-STAR-WATERJET-BOTTOM-PAGE-LOGO___Source.png\" class=\"attachment-large size-large wp-image-2623 lazyload\" alt=\"Logo de Lone Star Cutting Solutions\" data-srcset=\"https:\/\/kmtwaterjet.com\/wp-content\/uploads\/LONE-STAR-WATERJET-BOTTOM-PAGE-LOGO___Source.png 652w, https:\/\/kmtwaterjet.com\/wp-content\/uploads\/LONE-STAR-WATERJET-BOTTOM-PAGE-LOGO___Source-300x193.png 300w\" data-sizes=\"(max-width: 652px) 100vw, 652px\" src=\"data:image\/svg+xml;base64,PHN2ZyB3aWR0aD0iMSIgaGVpZ2h0PSIxIiB4bWxucz0iaHR0cDovL3d3dy53My5vcmcvMjAwMC9zdmciPjwvc3ZnPg==\" style=\"--smush-placeholder-width: 652px; --smush-placeholder-aspect-ratio: 652\/420;\" \/>\t\t\t\t\t\t\t\t\t\t\t\t\t\t\t<\/div>\n\t\t\t\t<\/div>\n\t\t\t\t<div class=\"elementor-element elementor-element-932967f elementor-widget elementor-widget-text-editor\" data-id=\"932967f\" data-element_type=\"widget\" data-e-type=\"widget\" data-widget_type=\"text-editor.default\">\n\t\t\t\t<div class=\"elementor-widget-container\">\n\t\t\t\t\t\t\t\t\t<p><span style=\"color: #800000;\"><em><strong>Solutions de jet d&rsquo;eau CNC pour chaque application<\/strong><\/em><\/span><\/p><p>Lone Star Cutting Solutions propose les machines de d\u00e9coupe au jet d&rsquo;eau les plus performantes du secteur, offrant aux entreprises des solutions de d\u00e9coupe efficaces, pr\u00e9cises et polyvalentes. Nos machines de d\u00e9coupe au jet d&rsquo;eau CNC conviennent \u00e0 une grande vari\u00e9t\u00e9 de substrats et d&rsquo;applications, permettant aux utilisateurs de d\u00e9couper les mat\u00e9riaux avec pr\u00e9cision et exactitude. <\/p><p data-start=\"0\" data-end=\"215\">La table \u00e0 jet d&rsquo;eau Lariat de Lone Star Cutting Solutions, associ\u00e9e \u00e0 la technologie \u00e0 jet d&rsquo;eau KMT Waterjet, constitue un syst\u00e8me tr\u00e8s performant, con\u00e7u pour d\u00e9couper pratiquement n&rsquo;importe quel mat\u00e9riau en utilisant de l&rsquo;eau pure ou des m\u00e9thodes abrasives.<\/p><p data-start=\"217\" data-end=\"428\" data-is-last-node=\"\" data-is-only-node=\"\">Les machines \u00e0 jet d&rsquo;eau Lariat CNC sont aliment\u00e9es par des pompes, des t\u00eates de coupe et des syst\u00e8mes d&rsquo;abrasifs KMT, combinant puissance, efficacit\u00e9 et pr\u00e9cision pour cr\u00e9er l&rsquo;une des solutions de coupe \u00e0 jet d&rsquo;eau les plus avanc\u00e9es de l&rsquo;industrie.<\/p>\t\t\t\t\t\t\t\t<\/div>\n\t\t\t\t<\/div>\n\t\t\t\t\t<\/div>\n\t\t\t\t<\/div>\n\t\t<div class=\"elementor-element elementor-element-ea56cbc e-flex e-con-boxed e-con e-parent\" data-id=\"ea56cbc\" data-element_type=\"container\" data-e-type=\"container\">\n\t\t\t\t\t<div class=\"e-con-inner\">\n\t\t\t\t<div class=\"elementor-element elementor-element-3b30ee9 elementor-widget-divider--view-line elementor-widget elementor-widget-divider\" data-id=\"3b30ee9\" data-element_type=\"widget\" data-e-type=\"widget\" data-widget_type=\"divider.default\">\n\t\t\t\t<div class=\"elementor-widget-container\">\n\t\t\t\t\t\t\t<div class=\"elementor-divider\">\n\t\t\t<span class=\"elementor-divider-separator\">\n\t\t\t\t\t\t<\/span>\n\t\t<\/div>\n\t\t\t\t\t\t<\/div>\n\t\t\t\t<\/div>\n\t\t\t\t\t<\/div>\n\t\t\t\t<\/div>\n\t\t<div class=\"elementor-element elementor-element-56cd23b e-grid e-con-boxed e-con e-parent\" data-id=\"56cd23b\" data-element_type=\"container\" data-e-type=\"container\">\n\t\t\t\t\t<div class=\"e-con-inner\">\n\t\t\t\t<div class=\"elementor-element elementor-element-63f321b elementor-widget elementor-widget-image\" data-id=\"63f321b\" data-element_type=\"widget\" data-e-type=\"widget\" data-widget_type=\"image.default\">\n\t\t\t\t<div class=\"elementor-widget-container\">\n\t\t\t\t\t\t\t\t\t\t\t\t<figure class=\"wp-caption\">\n\t\t\t\t\t\t\t\t\t\t<img decoding=\"async\" width=\"800\" height=\"384\" data-src=\"https:\/\/kmtwaterjet.com\/wp-content\/uploads\/LONE-STAR-Lariat-Waterjet-Table--1024x492.jpg\" class=\"attachment-large size-large wp-image-43965 lazyload\" alt=\"\" data-srcset=\"https:\/\/kmtwaterjet.com\/wp-content\/uploads\/LONE-STAR-Lariat-Waterjet-Table--1024x492.jpg 1024w, https:\/\/kmtwaterjet.com\/wp-content\/uploads\/LONE-STAR-Lariat-Waterjet-Table--300x144.jpg 300w, https:\/\/kmtwaterjet.com\/wp-content\/uploads\/LONE-STAR-Lariat-Waterjet-Table--768x369.jpg 768w, https:\/\/kmtwaterjet.com\/wp-content\/uploads\/LONE-STAR-Lariat-Waterjet-Table-.jpg 1400w\" data-sizes=\"(max-width: 800px) 100vw, 800px\" src=\"data:image\/svg+xml;base64,PHN2ZyB3aWR0aD0iMSIgaGVpZ2h0PSIxIiB4bWxucz0iaHR0cDovL3d3dy53My5vcmcvMjAwMC9zdmciPjwvc3ZnPg==\" style=\"--smush-placeholder-width: 800px; --smush-placeholder-aspect-ratio: 800\/384;\" \/>\t\t\t\t\t\t\t\t\t\t\t<figcaption class=\"widget-image-caption wp-caption-text\">Table \u00e0 jet d'eau LONE STAR Lariat  <\/figcaption>\n\t\t\t\t\t\t\t\t\t\t<\/figure>\n\t\t\t\t\t\t\t\t\t<\/div>\n\t\t\t\t<\/div>\n\t\t\t\t<div class=\"elementor-element elementor-element-82a276b elementor-widget elementor-widget-image\" data-id=\"82a276b\" data-element_type=\"widget\" data-e-type=\"widget\" data-widget_type=\"image.default\">\n\t\t\t\t<div class=\"elementor-widget-container\">\n\t\t\t\t\t\t\t\t\t\t\t\t<figure class=\"wp-caption\">\n\t\t\t\t\t\t\t\t\t\t<img decoding=\"async\" width=\"800\" height=\"384\" data-src=\"https:\/\/kmtwaterjet.com\/wp-content\/uploads\/LONE-STAR-Lariat-Waterjet-Table-Custom-Sizes-Available-1024x492.jpg\" class=\"attachment-large size-large wp-image-43966 lazyload\" alt=\"\" data-srcset=\"https:\/\/kmtwaterjet.com\/wp-content\/uploads\/LONE-STAR-Lariat-Waterjet-Table-Custom-Sizes-Available-1024x492.jpg 1024w, https:\/\/kmtwaterjet.com\/wp-content\/uploads\/LONE-STAR-Lariat-Waterjet-Table-Custom-Sizes-Available-300x144.jpg 300w, https:\/\/kmtwaterjet.com\/wp-content\/uploads\/LONE-STAR-Lariat-Waterjet-Table-Custom-Sizes-Available-768x369.jpg 768w, https:\/\/kmtwaterjet.com\/wp-content\/uploads\/LONE-STAR-Lariat-Waterjet-Table-Custom-Sizes-Available.jpg 1400w\" data-sizes=\"(max-width: 800px) 100vw, 800px\" src=\"data:image\/svg+xml;base64,PHN2ZyB3aWR0aD0iMSIgaGVpZ2h0PSIxIiB4bWxucz0iaHR0cDovL3d3dy53My5vcmcvMjAwMC9zdmciPjwvc3ZnPg==\" style=\"--smush-placeholder-width: 800px; --smush-placeholder-aspect-ratio: 800\/384;\" \/>\t\t\t\t\t\t\t\t\t\t\t<figcaption class=\"widget-image-caption wp-caption-text\">Table \u00e0 jet d'eau LONE STAR Lariat - Dimensions personnalis\u00e9es disponibles<\/figcaption>\n\t\t\t\t\t\t\t\t\t\t<\/figure>\n\t\t\t\t\t\t\t\t\t<\/div>\n\t\t\t\t<\/div>\n\t\t\t\t\t<\/div>\n\t\t\t\t<\/div>\n\t\t<div class=\"elementor-element elementor-element-6b78d1e e-flex e-con-boxed e-con e-parent\" data-id=\"6b78d1e\" data-element_type=\"container\" data-e-type=\"container\">\n\t\t\t\t\t<div class=\"e-con-inner\">\n\t\t\t\t<div class=\"elementor-element elementor-element-9115298 elementor-widget elementor-widget-spacer\" data-id=\"9115298\" data-element_type=\"widget\" data-e-type=\"widget\" data-widget_type=\"spacer.default\">\n\t\t\t\t<div class=\"elementor-widget-container\">\n\t\t\t\t\t\t\t<div class=\"elementor-spacer\">\n\t\t\t<div class=\"elementor-spacer-inner\"><\/div>\n\t\t<\/div>\n\t\t\t\t\t\t<\/div>\n\t\t\t\t<\/div>\n\t\t\t\t\t<\/div>\n\t\t\t\t<\/div>\n\t\t<div class=\"elementor-element elementor-element-5abe2a5 e-flex e-con-boxed e-con e-parent\" data-id=\"5abe2a5\" data-element_type=\"container\" data-e-type=\"container\">\n\t\t\t\t\t<div class=\"e-con-inner\">\n\t\t\t\t<div class=\"elementor-element elementor-element-ae0216d elementor-widget elementor-widget-heading\" data-id=\"ae0216d\" data-element_type=\"widget\" data-e-type=\"widget\" data-widget_type=\"heading.default\">\n\t\t\t\t<div class=\"elementor-widget-container\">\n\t\t\t\t\t<h2 class=\"elementor-heading-title elementor-size-default\">\u00c0 PROPOS DE Lone Star Lariat Machines<\/h2>\t\t\t\t<\/div>\n\t\t\t\t<\/div>\n\t\t\t\t<div class=\"elementor-element elementor-element-8b293f1 elementor-widget elementor-widget-text-editor\" data-id=\"8b293f1\" data-element_type=\"widget\" data-e-type=\"widget\" data-widget_type=\"text-editor.default\">\n\t\t\t\t<div class=\"elementor-widget-container\">\n\t\t\t\t\t\t\t\t\t<div class=\"section\"><p>Notre table de d\u00e9coupe au jet d&rsquo;eau Lariat est con\u00e7ue pour s&rsquo;int\u00e9grer parfaitement au syst\u00e8me de d\u00e9coupe au jet d&rsquo;eau KMT. Ce duo dynamique permet de d\u00e9couper diff\u00e9rents substrats en utilisant soit de l&rsquo;eau pure, soit de l&rsquo;abrasif pour le processus de d\u00e9coupe. La conception de la table de d\u00e9coupe au jet d&rsquo;eau Lariat garantit sa durabilit\u00e9 et sa facilit\u00e9 d&rsquo;utilisation, ce qui en fait une machine de d\u00e9coupe au jet d&rsquo;eau fiable pour r\u00e9pondre aux besoins de d\u00e9coupe de votre entreprise.  <\/p><p>Notre machine CNC \u00e0 jet d&rsquo;eau est \u00e9galement adapt\u00e9e \u00e0 diff\u00e9rentes formes et tailles, con\u00e7ue pour s&rsquo;adapter \u00e0 divers mat\u00e9riaux et \u00e9paisseurs. Que vous souhaitiez d\u00e9couper des m\u00e9taux, des plastiques, du verre, des tissus ou des mousses, Lone Star Cutting Solutions dispose de la machine CNC \u00e0 jet d&rsquo;eau id\u00e9ale pour r\u00e9pondre aux besoins sp\u00e9cifiques de votre entreprise. <\/p><p>Investir dans une machine de d\u00e9coupe au jet d&rsquo;eau professionnelle, informative et simple de Lone Star Cutting Solutions garantit une solution de d\u00e9coupe fiable pour am\u00e9liorer le succ\u00e8s de votre entreprise. Choisissez votre machine de d\u00e9coupe au jet d&rsquo;eau CNC d\u00e8s aujourd&rsquo;hui et profitez des avantages d&rsquo;une pr\u00e9cision et d&rsquo;une exactitude \u00e9lev\u00e9es dans toutes vos activit\u00e9s de d\u00e9coupe. <\/p><p><span style=\"color: #c30b4c;\"><strong>CARACT\u00c9RISTIQUES DE LA MACHINE<\/strong><\/span><\/p><p>&#8211; Construit avec des parois en acier lourd de 3\/8&Prime; d&rsquo;\u00e9paisseur et un ch\u00e2ssis de 1\/2 pouce d&rsquo;\u00e9paisseur.<br>&#8211; Syst\u00e8me d&rsquo;entra\u00eenement \u00e0 axe Y double<br>&#8211; Rails lin\u00e9aires et roulements HIWIN de pr\u00e9cision de 20 mm sur les deux axes<br>&#8211; Axe Y prot\u00e9g\u00e9 par un syst\u00e8me de rail longitudinal<br>&#8211; Servomoteurs KOLL-MORGEN A\/C<br>&#8211; Soufflet de protection enti\u00e8rement ferm\u00e9<br>&#8211; Capteur de d\u00e9bit d&rsquo;abrasif<br>&#8211; Syst\u00e8me de pointeur laser<br>&#8211; GARANTIE DE DEUX ANS<\/p><p><strong><span style=\"color: #c30b4c;\">SP\u00c9CIFICATIONS DE LA MACHINE<\/span><\/strong><\/p><p>&#8211; Largeur de coupe effective &#8211; 4ft 4 inches (52 INCHES)<br>&#8211; Longueur de coupe effective &#8211; 8ft 4 inches (100 INCHES)<br>&#8211; Hauteur de la machine : 72 inches<br>&#8211; Hauteur du r\u00e9servoir : 36 inches<br>&#8211; Largeur de l&#8217;empreinte globale : 123 inches<br>&#8211; Longueur de l&#8217;empreinte globale : 164 inches<br>&#8211; Pr\u00e9cision lin\u00e9aire &#8211; .002 inches<br>&#8211; R\u00e9p\u00e9tabilit\u00e9 &#8211; .001 inches<br>&#8211; Vitesse de coupe minimale &#8211; .01 IPM<br>&#8211; Vitesse de d\u00e9placement maximale &#8211; 500 IPM<\/p><p> <\/p><hr><p> <\/p><p><span style=\"color: #c30b4c;\"><em><strong>\u221a Veuillez remplir le formulaire ci-dessous et un repr\u00e9sentant vous contactera dans les plus brefs d\u00e9lais.<\/strong><\/em><\/span><\/p><\/div>\t\t\t\t\t\t\t\t<\/div>\n\t\t\t\t<\/div>\n\t\t\t\t\t<\/div>\n\t\t\t\t<\/div>\n\t\t\t\t<\/div>\n\t\t","protected":false},"excerpt":{"rendered":"<p>LONE STAR CNC WATERJET CUTTING SOLUTIONS Solutions de jet d&rsquo;eau CNC pour chaque application Lone Star Cutting Solutions propose les machines de d\u00e9coupe au jet d&rsquo;eau les plus performantes du secteur, offrant aux entreprises des solutions de d\u00e9coupe efficaces, pr\u00e9cises et polyvalentes. Nos machines de d\u00e9coupe au jet d&rsquo;eau CNC conviennent \u00e0 une grande vari\u00e9t\u00e9 [&hellip;]<\/p>\n","protected":false},"author":12,"featured_media":0,"parent":0,"menu_order":0,"comment_status":"closed","ping_status":"closed","template":"","meta":{"_acf_changed":false,"footnotes":""},"page-type":[],"class_list":["post-44340","page","type-page","status-publish","hentry"],"acf":[],"yoast_head":"<!-- This site is optimized with the Yoast SEO plugin v27.3 - https:\/\/yoast.com\/product\/yoast-seo-wordpress\/ -->\n<title>OEM LONE STAR WATERJET CUTTING SOLUTIONS | KMT Waterjet<\/title>\n<meta name=\"robots\" content=\"index, follow, max-snippet:-1, max-image-preview:large, max-video-preview:-1\" \/>\n<link rel=\"canonical\" href=\"https:\/\/kmtwaterjet.com\/fr\/oem-northwood-machine-sawjet-8\/\" \/>\n<meta property=\"og:locale\" content=\"fr_FR\" \/>\n<meta property=\"og:type\" content=\"article\" \/>\n<meta property=\"og:title\" content=\"OEM LONE STAR WATERJET CUTTING SOLUTIONS | KMT Waterjet\" \/>\n<meta property=\"og:description\" content=\"LONE STAR CNC WATERJET CUTTING SOLUTIONS Solutions de jet d&rsquo;eau CNC pour chaque application Lone Star Cutting Solutions propose les machines de d\u00e9coupe au jet d&rsquo;eau les plus performantes du secteur, offrant aux entreprises des solutions de d\u00e9coupe efficaces, pr\u00e9cises et polyvalentes. Nos machines de d\u00e9coupe au jet d&rsquo;eau CNC conviennent \u00e0 une grande vari\u00e9t\u00e9 [&hellip;]\" \/>\n<meta property=\"og:url\" content=\"https:\/\/kmtwaterjet.com\/fr\/oem-northwood-machine-sawjet-8\/\" \/>\n<meta property=\"og:site_name\" content=\"KMT Waterjet\" \/>\n<meta property=\"article:modified_time\" content=\"2026-04-02T22:05:53+00:00\" \/>\n<meta property=\"og:image\" content=\"https:\/\/kmtwaterjet.com\/wp-content\/uploads\/LONE-STAR-WATERJET-CUTTING-MACHINES-SHOW-ROOM.jpg\" \/>\n\t<meta property=\"og:image:width\" content=\"1800\" \/>\n\t<meta property=\"og:image:height\" content=\"464\" \/>\n\t<meta property=\"og:image:type\" content=\"image\/jpeg\" \/>\n<meta name=\"twitter:card\" content=\"summary_large_image\" \/>\n<meta name=\"twitter:label1\" content=\"Dur\u00e9e de lecture estim\u00e9e\" \/>\n\t<meta name=\"twitter:data1\" content=\"3 minutes\" \/>\n<script type=\"application\/ld+json\" class=\"yoast-schema-graph\">{\"@context\":\"https:\\\/\\\/schema.org\",\"@graph\":[{\"@type\":\"WebPage\",\"@id\":\"https:\\\/\\\/kmtwaterjet.com\\\/fr\\\/oem-northwood-machine-sawjet-8\\\/\",\"url\":\"https:\\\/\\\/kmtwaterjet.com\\\/fr\\\/oem-northwood-machine-sawjet-8\\\/\",\"name\":\"OEM LONE STAR WATERJET CUTTING SOLUTIONS | KMT Waterjet\",\"isPartOf\":{\"@id\":\"https:\\\/\\\/kmtwaterjet.com\\\/fr\\\/#website\"},\"primaryImageOfPage\":{\"@id\":\"https:\\\/\\\/kmtwaterjet.com\\\/fr\\\/oem-northwood-machine-sawjet-8\\\/#primaryimage\"},\"image\":{\"@id\":\"https:\\\/\\\/kmtwaterjet.com\\\/fr\\\/oem-northwood-machine-sawjet-8\\\/#primaryimage\"},\"thumbnailUrl\":\"https:\\\/\\\/kmtwaterjet.com\\\/wp-content\\\/uploads\\\/LONE-STAR-WATERJET-CUTTING-MACHINES-SHOW-ROOM.jpg\",\"datePublished\":\"2026-04-02T19:59:17+00:00\",\"dateModified\":\"2026-04-02T22:05:53+00:00\",\"breadcrumb\":{\"@id\":\"https:\\\/\\\/kmtwaterjet.com\\\/fr\\\/oem-northwood-machine-sawjet-8\\\/#breadcrumb\"},\"inLanguage\":\"fr-FR\",\"potentialAction\":[{\"@type\":\"ReadAction\",\"target\":[\"https:\\\/\\\/kmtwaterjet.com\\\/fr\\\/oem-northwood-machine-sawjet-8\\\/\"]}]},{\"@type\":\"ImageObject\",\"inLanguage\":\"fr-FR\",\"@id\":\"https:\\\/\\\/kmtwaterjet.com\\\/fr\\\/oem-northwood-machine-sawjet-8\\\/#primaryimage\",\"url\":\"https:\\\/\\\/kmtwaterjet.com\\\/wp-content\\\/uploads\\\/LONE-STAR-WATERJET-CUTTING-MACHINES-SHOW-ROOM.jpg\",\"contentUrl\":\"https:\\\/\\\/kmtwaterjet.com\\\/wp-content\\\/uploads\\\/LONE-STAR-WATERJET-CUTTING-MACHINES-SHOW-ROOM.jpg\"},{\"@type\":\"BreadcrumbList\",\"@id\":\"https:\\\/\\\/kmtwaterjet.com\\\/fr\\\/oem-northwood-machine-sawjet-8\\\/#breadcrumb\",\"itemListElement\":[{\"@type\":\"ListItem\",\"position\":1,\"name\":\"Home\",\"item\":\"https:\\\/\\\/kmtwaterjet.com\\\/fr\\\/\"},{\"@type\":\"ListItem\",\"position\":2,\"name\":\"OEM LONE STAR WATERJET CUTTING SOLUTIONS\"}]},{\"@type\":\"WebSite\",\"@id\":\"https:\\\/\\\/kmtwaterjet.com\\\/fr\\\/#website\",\"url\":\"https:\\\/\\\/kmtwaterjet.com\\\/fr\\\/\",\"name\":\"KMT Waterjet\",\"description\":\"KMT Waterjet for waterjet cutting metal, stone, glass, steel and more\",\"publisher\":{\"@id\":\"https:\\\/\\\/kmtwaterjet.com\\\/fr\\\/#organization\"},\"potentialAction\":[{\"@type\":\"SearchAction\",\"target\":{\"@type\":\"EntryPoint\",\"urlTemplate\":\"https:\\\/\\\/kmtwaterjet.com\\\/fr\\\/?s={search_term_string}\"},\"query-input\":{\"@type\":\"PropertyValueSpecification\",\"valueRequired\":true,\"valueName\":\"search_term_string\"}}],\"inLanguage\":\"fr-FR\"},{\"@type\":\"Organization\",\"@id\":\"https:\\\/\\\/kmtwaterjet.com\\\/fr\\\/#organization\",\"name\":\"KMT Waterjet\",\"url\":\"https:\\\/\\\/kmtwaterjet.com\\\/fr\\\/\",\"logo\":{\"@type\":\"ImageObject\",\"inLanguage\":\"fr-FR\",\"@id\":\"https:\\\/\\\/kmtwaterjet.com\\\/fr\\\/#\\\/schema\\\/logo\\\/image\\\/\",\"url\":\"https:\\\/\\\/kmtwaterjet.com\\\/wp-content\\\/uploads\\\/kmt_logo_2020.png\",\"contentUrl\":\"https:\\\/\\\/kmtwaterjet.com\\\/wp-content\\\/uploads\\\/kmt_logo_2020.png\",\"width\":1002,\"height\":605,\"caption\":\"KMT Waterjet\"},\"image\":{\"@id\":\"https:\\\/\\\/kmtwaterjet.com\\\/fr\\\/#\\\/schema\\\/logo\\\/image\\\/\"}}]}<\/script>\n<!-- \/ Yoast SEO plugin. -->","yoast_head_json":{"title":"OEM LONE STAR WATERJET CUTTING SOLUTIONS | KMT Waterjet","robots":{"index":"index","follow":"follow","max-snippet":"max-snippet:-1","max-image-preview":"max-image-preview:large","max-video-preview":"max-video-preview:-1"},"canonical":"https:\/\/kmtwaterjet.com\/fr\/oem-northwood-machine-sawjet-8\/","og_locale":"fr_FR","og_type":"article","og_title":"OEM LONE STAR WATERJET CUTTING SOLUTIONS | KMT Waterjet","og_description":"LONE STAR CNC WATERJET CUTTING SOLUTIONS Solutions de jet d&rsquo;eau CNC pour chaque application Lone Star Cutting Solutions propose les machines de d\u00e9coupe au jet d&rsquo;eau les plus performantes du secteur, offrant aux entreprises des solutions de d\u00e9coupe efficaces, pr\u00e9cises et polyvalentes. Nos machines de d\u00e9coupe au jet d&rsquo;eau CNC conviennent \u00e0 une grande vari\u00e9t\u00e9 [&hellip;]","og_url":"https:\/\/kmtwaterjet.com\/fr\/oem-northwood-machine-sawjet-8\/","og_site_name":"KMT Waterjet","article_modified_time":"2026-04-02T22:05:53+00:00","og_image":[{"width":1800,"height":464,"url":"https:\/\/kmtwaterjet.com\/wp-content\/uploads\/LONE-STAR-WATERJET-CUTTING-MACHINES-SHOW-ROOM.jpg","type":"image\/jpeg"}],"twitter_card":"summary_large_image","twitter_misc":{"Dur\u00e9e de lecture estim\u00e9e":"3 minutes"},"schema":{"@context":"https:\/\/schema.org","@graph":[{"@type":"WebPage","@id":"https:\/\/kmtwaterjet.com\/fr\/oem-northwood-machine-sawjet-8\/","url":"https:\/\/kmtwaterjet.com\/fr\/oem-northwood-machine-sawjet-8\/","name":"OEM LONE STAR WATERJET CUTTING SOLUTIONS | KMT Waterjet","isPartOf":{"@id":"https:\/\/kmtwaterjet.com\/fr\/#website"},"primaryImageOfPage":{"@id":"https:\/\/kmtwaterjet.com\/fr\/oem-northwood-machine-sawjet-8\/#primaryimage"},"image":{"@id":"https:\/\/kmtwaterjet.com\/fr\/oem-northwood-machine-sawjet-8\/#primaryimage"},"thumbnailUrl":"https:\/\/kmtwaterjet.com\/wp-content\/uploads\/LONE-STAR-WATERJET-CUTTING-MACHINES-SHOW-ROOM.jpg","datePublished":"2026-04-02T19:59:17+00:00","dateModified":"2026-04-02T22:05:53+00:00","breadcrumb":{"@id":"https:\/\/kmtwaterjet.com\/fr\/oem-northwood-machine-sawjet-8\/#breadcrumb"},"inLanguage":"fr-FR","potentialAction":[{"@type":"ReadAction","target":["https:\/\/kmtwaterjet.com\/fr\/oem-northwood-machine-sawjet-8\/"]}]},{"@type":"ImageObject","inLanguage":"fr-FR","@id":"https:\/\/kmtwaterjet.com\/fr\/oem-northwood-machine-sawjet-8\/#primaryimage","url":"https:\/\/kmtwaterjet.com\/wp-content\/uploads\/LONE-STAR-WATERJET-CUTTING-MACHINES-SHOW-ROOM.jpg","contentUrl":"https:\/\/kmtwaterjet.com\/wp-content\/uploads\/LONE-STAR-WATERJET-CUTTING-MACHINES-SHOW-ROOM.jpg"},{"@type":"BreadcrumbList","@id":"https:\/\/kmtwaterjet.com\/fr\/oem-northwood-machine-sawjet-8\/#breadcrumb","itemListElement":[{"@type":"ListItem","position":1,"name":"Home","item":"https:\/\/kmtwaterjet.com\/fr\/"},{"@type":"ListItem","position":2,"name":"OEM LONE STAR WATERJET CUTTING SOLUTIONS"}]},{"@type":"WebSite","@id":"https:\/\/kmtwaterjet.com\/fr\/#website","url":"https:\/\/kmtwaterjet.com\/fr\/","name":"KMT Waterjet","description":"KMT Waterjet for waterjet cutting metal, stone, glass, steel and more","publisher":{"@id":"https:\/\/kmtwaterjet.com\/fr\/#organization"},"potentialAction":[{"@type":"SearchAction","target":{"@type":"EntryPoint","urlTemplate":"https:\/\/kmtwaterjet.com\/fr\/?s={search_term_string}"},"query-input":{"@type":"PropertyValueSpecification","valueRequired":true,"valueName":"search_term_string"}}],"inLanguage":"fr-FR"},{"@type":"Organization","@id":"https:\/\/kmtwaterjet.com\/fr\/#organization","name":"KMT Waterjet","url":"https:\/\/kmtwaterjet.com\/fr\/","logo":{"@type":"ImageObject","inLanguage":"fr-FR","@id":"https:\/\/kmtwaterjet.com\/fr\/#\/schema\/logo\/image\/","url":"https:\/\/kmtwaterjet.com\/wp-content\/uploads\/kmt_logo_2020.png","contentUrl":"https:\/\/kmtwaterjet.com\/wp-content\/uploads\/kmt_logo_2020.png","width":1002,"height":605,"caption":"KMT Waterjet"},"image":{"@id":"https:\/\/kmtwaterjet.com\/fr\/#\/schema\/logo\/image\/"}}]}},"_links":{"self":[{"href":"https:\/\/kmtwaterjet.com\/fr\/wp-json\/wp\/v2\/pages\/44340","targetHints":{"allow":["GET"]}}],"collection":[{"href":"https:\/\/kmtwaterjet.com\/fr\/wp-json\/wp\/v2\/pages"}],"about":[{"href":"https:\/\/kmtwaterjet.com\/fr\/wp-json\/wp\/v2\/types\/page"}],"author":[{"embeddable":true,"href":"https:\/\/kmtwaterjet.com\/fr\/wp-json\/wp\/v2\/users\/12"}],"replies":[{"embeddable":true,"href":"https:\/\/kmtwaterjet.com\/fr\/wp-json\/wp\/v2\/comments?post=44340"}],"version-history":[{"count":0,"href":"https:\/\/kmtwaterjet.com\/fr\/wp-json\/wp\/v2\/pages\/44340\/revisions"}],"wp:attachment":[{"href":"https:\/\/kmtwaterjet.com\/fr\/wp-json\/wp\/v2\/media?parent=44340"}],"wp:term":[{"taxonomy":"page-type","embeddable":true,"href":"https:\/\/kmtwaterjet.com\/fr\/wp-json\/wp\/v2\/page-type?post=44340"}],"curies":[{"name":"wp","href":"https:\/\/api.w.org\/{rel}","templated":true}]}}