{"id":41153,"date":"2025-04-02T08:55:56","date_gmt":"2025-04-02T13:55:56","guid":{"rendered":"https:\/\/kmtwaterjet.com\/?page_id=41153"},"modified":"2025-10-29T10:19:30","modified_gmt":"2025-10-29T15:19:30","slug":"contactez-nous-merci-2","status":"publish","type":"page","link":"https:\/\/kmtwaterjet.com\/fr\/contactez-nous-merci-2\/","title":{"rendered":"Communiqu\u00e9s de presse KMT"},"content":{"rendered":"\t\t<div data-elementor-type=\"wp-page\" data-elementor-id=\"41153\" class=\"elementor elementor-41153 elementor-41148\" data-elementor-post-type=\"page\">\n\t\t\t\t<div class=\"elementor-element elementor-element-0e9108d e-flex e-con-boxed e-con e-parent\" data-id=\"0e9108d\" data-element_type=\"container\" data-e-type=\"container\" data-settings=\"{&quot;background_background&quot;:&quot;classic&quot;,&quot;shape_divider_bottom&quot;:&quot;waves&quot;}\">\n\t\t\t\t\t<div class=\"e-con-inner\">\n\t\t\t\t<div class=\"elementor-shape elementor-shape-bottom\" aria-hidden=\"true\" data-negative=\"false\">\n\t\t\t<svg xmlns=\"http:\/\/www.w3.org\/2000\/svg\" viewBox=\"0 0 1000 100\" preserveAspectRatio=\"none\">\n\t<path class=\"elementor-shape-fill\" d=\"M421.9,6.5c22.6-2.5,51.5,0.4,75.5,5.3c23.6,4.9,70.9,23.5,100.5,35.7c75.8,32.2,133.7,44.5,192.6,49.7\n\tc23.6,2.1,48.7,3.5,103.4-2.5c54.7-6,106.2-25.6,106.2-25.6V0H0v30.3c0,0,72,32.6,158.4,30.5c39.2-0.7,92.8-6.7,134-22.4\n\tc21.2-8.1,52.2-18.2,79.7-24.2C399.3,7.9,411.6,7.5,421.9,6.5z\"\/>\n<\/svg>\t\t<\/div>\n\t\t<div class=\"elementor-element elementor-element-41b8436 e-flex e-con-boxed e-con e-child\" data-id=\"41b8436\" data-element_type=\"container\" data-e-type=\"container\">\n\t\t\t\t\t<div class=\"e-con-inner\">\n\t\t\t\t<div class=\"elementor-element elementor-element-4b20a65 elementor-widget elementor-widget-heading\" data-id=\"4b20a65\" data-element_type=\"widget\" data-e-type=\"widget\" data-settings=\"{&quot;motion_fx_motion_fx_scrolling&quot;:&quot;yes&quot;,&quot;motion_fx_opacity_effect&quot;:&quot;yes&quot;,&quot;motion_fx_opacity_direction&quot;:&quot;out-in-out&quot;,&quot;motion_fx_opacity_level&quot;:{&quot;unit&quot;:&quot;px&quot;,&quot;size&quot;:10,&quot;sizes&quot;:[]},&quot;motion_fx_opacity_range&quot;:{&quot;unit&quot;:&quot;%&quot;,&quot;size&quot;:&quot;&quot;,&quot;sizes&quot;:{&quot;start&quot;:20,&quot;end&quot;:80}},&quot;motion_fx_devices&quot;:[&quot;desktop&quot;,&quot;tablet&quot;,&quot;mobile&quot;]}\" data-widget_type=\"heading.default\">\n\t\t\t\t<div class=\"elementor-widget-container\">\n\t\t\t\t\t<h1 class=\"elementor-heading-title elementor-size-default\">Communiqu\u00e9s de presse<\/h1>\t\t\t\t<\/div>\n\t\t\t\t<\/div>\n\t\t\t\t\t<\/div>\n\t\t\t\t<\/div>\n\t\t\t\t\t<\/div>\n\t\t\t\t<\/div>\n\t\t<div class=\"elementor-element elementor-element-20e8b0c e-flex e-con-boxed e-con e-parent\" data-id=\"20e8b0c\" data-element_type=\"container\" data-e-type=\"container\" data-settings=\"{&quot;background_background&quot;:&quot;classic&quot;}\">\n\t\t\t\t\t<div class=\"e-con-inner\">\n\t\t<div class=\"elementor-element elementor-element-3db032c e-con-full e-flex e-con e-child\" data-id=\"3db032c\" data-element_type=\"container\" data-e-type=\"container\">\n\t\t\t\t<div class=\"elementor-element elementor-element-d577189 elementor-widget__width-initial elementor-widget elementor-widget-heading\" data-id=\"d577189\" data-element_type=\"widget\" data-e-type=\"widget\" data-widget_type=\"heading.default\">\n\t\t\t\t<div class=\"elementor-widget-container\">\n\t\t\t\t\t<h2 class=\"elementor-heading-title elementor-size-default\">Avril 2025<\/h2>\t\t\t\t<\/div>\n\t\t\t\t<\/div>\n\t\t\t\t<div class=\"elementor-element elementor-element-8ac114c elementor-widget-divider--view-line elementor-widget elementor-widget-divider\" data-id=\"8ac114c\" data-element_type=\"widget\" data-e-type=\"widget\" data-widget_type=\"divider.default\">\n\t\t\t\t<div class=\"elementor-widget-container\">\n\t\t\t\t\t\t\t<div class=\"elementor-divider\">\n\t\t\t<span class=\"elementor-divider-separator\">\n\t\t\t\t\t\t<\/span>\n\t\t<\/div>\n\t\t\t\t\t\t<\/div>\n\t\t\t\t<\/div>\n\t\t\t\t<\/div>\n\t\t\t\t\t<\/div>\n\t\t\t\t<\/div>\n\t\t<div class=\"elementor-element elementor-element-faa60c3 e-grid e-con-boxed e-con e-parent\" data-id=\"faa60c3\" data-element_type=\"container\" data-e-type=\"container\">\n\t\t\t\t\t<div class=\"e-con-inner\">\n\t\t\t\t<div class=\"elementor-element elementor-element-11a221b elementor-widget elementor-widget-image\" data-id=\"11a221b\" data-element_type=\"widget\" data-e-type=\"widget\" data-widget_type=\"image.default\">\n\t\t\t\t<div class=\"elementor-widget-container\">\n\t\t\t\t\t\t\t\t\t\t\t\t\t\t\t<img fetchpriority=\"high\" decoding=\"async\" width=\"960\" height=\"540\" src=\"https:\/\/kmtwaterjet.com\/wp-content\/uploads\/KMT-Group-Logo-72dpi.png\" class=\"attachment-full size-full wp-image-41174\" alt=\"KMT Group logo\" srcset=\"https:\/\/kmtwaterjet.com\/wp-content\/uploads\/KMT-Group-Logo-72dpi.png 960w, https:\/\/kmtwaterjet.com\/wp-content\/uploads\/KMT-Group-Logo-72dpi-300x169.png 300w, https:\/\/kmtwaterjet.com\/wp-content\/uploads\/KMT-Group-Logo-72dpi-768x432.png 768w\" sizes=\"(max-width: 960px) 100vw, 960px\" \/>\t\t\t\t\t\t\t\t\t\t\t\t\t\t\t<\/div>\n\t\t\t\t<\/div>\n\t\t\t\t<div class=\"elementor-element elementor-element-5cea7a5 elementor-widget elementor-widget-image\" data-id=\"5cea7a5\" data-element_type=\"widget\" data-e-type=\"widget\" data-widget_type=\"image.default\">\n\t\t\t\t<div class=\"elementor-widget-container\">\n\t\t\t\t\t\t\t\t\t\t\t\t\t\t\t<img decoding=\"async\" width=\"400\" height=\"182\" data-src=\"https:\/\/kmtwaterjet.com\/wp-content\/uploads\/SHAPE-TECHNOLOGIES-LOGO.jpg\" class=\"attachment-large size-large wp-image-41186 lazyload\" alt=\"shape technologies group logo\" data-srcset=\"https:\/\/kmtwaterjet.com\/wp-content\/uploads\/SHAPE-TECHNOLOGIES-LOGO.jpg 400w, https:\/\/kmtwaterjet.com\/wp-content\/uploads\/SHAPE-TECHNOLOGIES-LOGO-300x137.jpg 300w\" data-sizes=\"(max-width: 400px) 100vw, 400px\" src=\"data:image\/svg+xml;base64,PHN2ZyB3aWR0aD0iMSIgaGVpZ2h0PSIxIiB4bWxucz0iaHR0cDovL3d3dy53My5vcmcvMjAwMC9zdmciPjwvc3ZnPg==\" style=\"--smush-placeholder-width: 400px; --smush-placeholder-aspect-ratio: 400\/182;\" \/>\t\t\t\t\t\t\t\t\t\t\t\t\t\t\t<\/div>\n\t\t\t\t<\/div>\n\t\t\t\t\t<\/div>\n\t\t\t\t<\/div>\n\t\t<div class=\"elementor-element elementor-element-653ab06 e-flex e-con-boxed e-con e-parent\" data-id=\"653ab06\" data-element_type=\"container\" data-e-type=\"container\">\n\t\t\t\t\t<div class=\"e-con-inner\">\n\t\t\t\t<div class=\"elementor-element elementor-element-417c5e4 elementor-widget elementor-widget-heading\" data-id=\"417c5e4\" data-element_type=\"widget\" data-e-type=\"widget\" data-widget_type=\"heading.default\">\n\t\t\t\t<div class=\"elementor-widget-container\">\n\t\t\t\t\t<h2 class=\"elementor-heading-title elementor-size-default\">Le groupe KMT se lance : Lancement d'une nouvelle \u00e8re d'innovation dans le domaine de la d\u00e9coupe au jet d'eau et de l'ultra-haute pression (UHP) \n<\/h2>\t\t\t\t<\/div>\n\t\t\t\t<\/div>\n\t\t\t\t\t<\/div>\n\t\t\t\t<\/div>\n\t\t<div class=\"elementor-element elementor-element-73cbc2e e-flex e-con-boxed e-con e-parent\" data-id=\"73cbc2e\" data-element_type=\"container\" data-e-type=\"container\">\n\t\t\t\t\t<div class=\"e-con-inner\">\n\t\t\t\t<div class=\"elementor-element elementor-element-893dca2 elementor-widget elementor-widget-text-editor\" data-id=\"893dca2\" data-element_type=\"widget\" data-e-type=\"widget\" data-widget_type=\"text-editor.default\">\n\t\t\t\t<div class=\"elementor-widget-container\">\n\t\t\t\t\t\t\t\t\t<p>2 avril 2025 | Communiqu\u00e9 de presse, Groupe KMT<\/p><p><strong>Baxter Springs, Kansas<\/strong> &#8211; Le groupe Shape Technologies, leader mondial de la technologie du jet d&rsquo;eau, de l&rsquo;automatisation robotique et des solutions de processus de fabrication \u00e0 ultra-haute pression (UHP), a annonc\u00e9 aujourd&rsquo;hui que KMT Waterjet, H20 Jet et McCartney Engineering allaient \u00e9tendre leur collaboration mondiale dans le cadre du groupe KMT nouvellement form\u00e9.<\/p><p>Le groupe KMT s&rsquo;appuiera sur les atouts uniques de ces marques historiques.<\/p><p><strong>KMT Waterjet<\/strong> propose une large gamme de mod\u00e8les de pompes, notamment des pompes \u00e0 entra\u00eenement direct de 3 800 bars, des pompes \u00e0 intensification de 4 100 bars et des pompes \u00e0 ultra-haute pression PRO 6 200 bars. Avec cette gamme \u00e9tendue et son partenariat avec plus de 180 OEM, KMT Waterjet Systems offre la plus large gamme de syst\u00e8mes de d\u00e9coupe au jet d&rsquo;eau pour toutes les industries \u00e0 travers le monde. <\/p><p>La marque <strong>H2O Jet<\/strong> est mondialement connue pour la conception de pi\u00e8ces et de composants haute pression de pr\u00e9cision. Son \u00e9quipe d&rsquo;ing\u00e9nieurs poss\u00e8de une vaste exp\u00e9rience de la haute pression et, gr\u00e2ce \u00e0 la collaboration de ses clients, fait passer la technologie \u00e0 un nouveau niveau de produits innovants. <\/p><p>Depuis sa cr\u00e9ation en 1946, <strong>McCartney Engineering<\/strong> est un leader mondial dans le domaine des syst\u00e8mes \u00e0 haute pression pour l&rsquo;industrie du PEBD. En 1971, elle a \u00e9t\u00e9 la premi\u00e8re \u00e0 inventer la technologie de d\u00e9coupe au jet d&rsquo;eau (vendue sous la marque KMT Waterjet). La capacit\u00e9 des ing\u00e9nieurs de McCartney \u00e0 r\u00e9aliser des usinages de pr\u00e9cision correspondait parfaitement aux \u00e9quipements de production \u00e0 haute pression utilis\u00e9s dans la production de polyur\u00e9thane \u00e0 basse densit\u00e9. <\/p><p>\u00a0\u00bb Nous sommes enthousiastes \u00e0 l&rsquo;id\u00e9e de mieux servir nos clients en combinant nos ressources pour mieux stimuler l&rsquo;innovation et fournir les solutions les mieux adapt\u00e9es &#8211; que ce soit par le biais de syst\u00e8mes \u00e0 jet d&rsquo;eau et LDPE conformes aux normes de l&rsquo;industrie ou de syst\u00e8mes \u00e0 haute pression innovants et con\u00e7us sur mesure qui n&rsquo;ont pas encore \u00e9t\u00e9 introduits sur le march\u00e9 \u00ab\u00a0, a d\u00e9clar\u00e9 Brendan Shackelford, pr\u00e9sident mondial du groupe KMT. \u00ab\u00a0Ce d\u00e9m\u00e9nagement repr\u00e9sente un d\u00e9veloppement passionnant pour notre \u00e9quipe et nos clients\u00a0\u00bb. <\/p><p>\u00ab\u00a0L&rsquo;alignement de nos marques KMT, H2O et McCartney sous le groupe KMT offre une opportunit\u00e9 globale d&rsquo;am\u00e9liorer l&rsquo;innovation et l&rsquo;efficacit\u00e9 sur le march\u00e9 des pompes UHP et des composants\u00a0\u00bb, a d\u00e9clar\u00e9 Nino LaDuca, PDG du groupe Shape Technologies. \u00ab\u00a0Cette collaboration mondiale cr\u00e9era des synergies qui augmenteront de mani\u00e8re significative la valeur ajout\u00e9e pour les clients et renforcera notre position dans l&rsquo;industrie.\u00a0\u00bb <\/p><p>Avec le lancement aujourd&rsquo;hui de la marque globale, le groupe KMT d\u00e9voile \u00e9galement son nouveau logo et se r\u00e9jouit \u00e0 l&rsquo;id\u00e9e de partager dans le courant de l&rsquo;ann\u00e9e des supports de marque actualis\u00e9s, y compris un nouveau site web unifi\u00e9 pour ses marques de produits.<\/p><p>Le groupe KMT tient \u00e0 remercier ses clients, ses partenaires et ses employ\u00e9s pour leur soutien et leur contribution au succ\u00e8s de l&rsquo;entreprise. Il s&rsquo;agit d&rsquo;une \u00e9tape importante dans la mission de l&rsquo;entreprise qui consiste \u00e0 permettre aux clients, aux fournisseurs et aux employ\u00e9s de r\u00e9ussir et de se d\u00e9velopper en offrant des solutions de fabrication innovantes et fiables. <\/p><p><strong>\u00c0 propos du groupe Shape Technologies  <\/strong><\/p><p>Shape Technologies Group, Inc. (\u00ab\u00a0SHAPE\u00a0\u00bb) est le premier d\u00e9veloppeur et fournisseur mondial de solutions de proc\u00e9d\u00e9s \u00e0 ultra-haute pression pour les applications de fabrication avanc\u00e9e et de traitement des mat\u00e9riaux. Les entreprises du groupe SHAPE fournissent des solutions innovantes en mati\u00e8re de processus de fabrication \u00e0 des clients r\u00e9partis dans 100 pays et dans un large \u00e9ventail d&rsquo;industries. Pour plus d&rsquo;informations, visitez le site <a href=\"https:\/\/www.shapetechnologies.com\/\">shapetechnologies.com.<\/a>  <\/p><p><strong>\u00c0 propos du groupe KMT  <\/strong><\/p><p>Le groupe KMT, Inc. est le premier fournisseur mondial de solutions de traitement \u00e0 ultra-haute pression pour la fabrication de pointe. Les entreprises du groupe KMT fournissent des solutions innovantes \u00e0 des clients r\u00e9partis dans 100 pays et dans un large \u00e9ventail d&rsquo;industries. Pour plus d&rsquo;informations, visitez <a href=\"https:\/\/kmtwaterjet.com\/fr\/solutions-de-coupe\/page-datterrissage-machines-a-jet-deau-2\/\">kmtwaterjet.com.<\/a>  <\/p><p><strong>Contact m\u00e9dias :<\/strong><\/p><p>Kyle Keith Directeur du marketing et de l&rsquo;exp\u00e9rience client, Groupe KMT <a href=\"mailto:kyle.keith@kmtwaterjet.com\">kyle.keith@kmtwaterjet.com.<\/a><\/p><p><a href=\"https:\/\/kmtwaterjet.com\/wp-content\/uploads\/KMT-Group-Brands-Announcement_4.2.25.pdf\">Communiqu\u00e9 du GROUPE KMT &#8211; avril 2025<\/a><\/p>\t\t\t\t\t\t\t\t<\/div>\n\t\t\t\t<\/div>\n\t\t\t\t\t<\/div>\n\t\t\t\t<\/div>\n\t\t\t\t<\/div>\n\t\t","protected":false},"excerpt":{"rendered":"<p>Communiqu\u00e9s de presse Avril 2025 Le groupe KMT se lance : Lancement d&rsquo;une nouvelle \u00e8re d&rsquo;innovation dans le domaine de la d\u00e9coupe au jet d&rsquo;eau et de l&rsquo;ultra-haute pression (UHP) 2 avril 2025 | Communiqu\u00e9 de presse, Groupe KMT Baxter Springs, Kansas &#8211; Le groupe Shape Technologies, leader mondial de la technologie du jet d&rsquo;eau, [&hellip;]<\/p>\n","protected":false},"author":12,"featured_media":0,"parent":0,"menu_order":0,"comment_status":"closed","ping_status":"closed","template":"elementor_header_footer","meta":{"_acf_changed":false,"footnotes":""},"page-type":[],"class_list":["post-41153","page","type-page","status-publish","hentry"],"acf":[],"yoast_head":"<!-- This site is optimized with the Yoast SEO plugin v27.3 - https:\/\/yoast.com\/product\/yoast-seo-wordpress\/ -->\n<title>Communiqu\u00e9s de presse KMT | KMT Waterjet<\/title>\n<meta name=\"description\" content=\"Nous vous remercions de l&#039;int\u00e9r\u00eat que vous portez aux communiqu\u00e9s de presse de KMT Waterjet Systems.\" \/>\n<meta name=\"robots\" content=\"index, follow, max-snippet:-1, max-image-preview:large, max-video-preview:-1\" \/>\n<link rel=\"canonical\" href=\"https:\/\/kmtwaterjet.com\/fr\/contactez-nous-merci-2\/\" \/>\n<meta property=\"og:locale\" content=\"fr_FR\" \/>\n<meta property=\"og:type\" content=\"article\" \/>\n<meta property=\"og:title\" content=\"Communiqu\u00e9s de presse KMT | KMT Waterjet\" \/>\n<meta property=\"og:description\" content=\"Nous vous remercions de l&#039;int\u00e9r\u00eat que vous portez aux communiqu\u00e9s de presse de KMT Waterjet Systems.\" \/>\n<meta property=\"og:url\" content=\"https:\/\/kmtwaterjet.com\/fr\/contactez-nous-merci-2\/\" \/>\n<meta property=\"og:site_name\" content=\"KMT Waterjet\" \/>\n<meta property=\"article:modified_time\" content=\"2025-10-29T15:19:30+00:00\" \/>\n<meta property=\"og:image\" content=\"https:\/\/kmtwaterjet.com\/wp-content\/uploads\/KMT-Group-Logo-72dpi.png\" \/>\n\t<meta property=\"og:image:width\" content=\"960\" \/>\n\t<meta property=\"og:image:height\" content=\"540\" \/>\n\t<meta property=\"og:image:type\" content=\"image\/png\" \/>\n<meta name=\"twitter:card\" content=\"summary_large_image\" \/>\n<meta name=\"twitter:label1\" content=\"Dur\u00e9e de lecture estim\u00e9e\" \/>\n\t<meta name=\"twitter:data1\" content=\"4 minutes\" \/>\n<script type=\"application\/ld+json\" class=\"yoast-schema-graph\">{\"@context\":\"https:\\\/\\\/schema.org\",\"@graph\":[{\"@type\":\"WebPage\",\"@id\":\"https:\\\/\\\/kmtwaterjet.com\\\/fr\\\/contactez-nous-merci-2\\\/\",\"url\":\"https:\\\/\\\/kmtwaterjet.com\\\/fr\\\/contactez-nous-merci-2\\\/\",\"name\":\"Communiqu\u00e9s de presse KMT | KMT Waterjet\",\"isPartOf\":{\"@id\":\"https:\\\/\\\/kmtwaterjet.com\\\/fr\\\/#website\"},\"primaryImageOfPage\":{\"@id\":\"https:\\\/\\\/kmtwaterjet.com\\\/fr\\\/contactez-nous-merci-2\\\/#primaryimage\"},\"image\":{\"@id\":\"https:\\\/\\\/kmtwaterjet.com\\\/fr\\\/contactez-nous-merci-2\\\/#primaryimage\"},\"thumbnailUrl\":\"https:\\\/\\\/kmtwaterjet.com\\\/wp-content\\\/uploads\\\/KMT-Group-Logo-72dpi.png\",\"datePublished\":\"2025-04-02T13:55:56+00:00\",\"dateModified\":\"2025-10-29T15:19:30+00:00\",\"description\":\"Nous vous remercions de l'int\u00e9r\u00eat que vous portez aux communiqu\u00e9s de presse de KMT Waterjet Systems.\",\"breadcrumb\":{\"@id\":\"https:\\\/\\\/kmtwaterjet.com\\\/fr\\\/contactez-nous-merci-2\\\/#breadcrumb\"},\"inLanguage\":\"fr-FR\",\"potentialAction\":[{\"@type\":\"ReadAction\",\"target\":[\"https:\\\/\\\/kmtwaterjet.com\\\/fr\\\/contactez-nous-merci-2\\\/\"]}]},{\"@type\":\"ImageObject\",\"inLanguage\":\"fr-FR\",\"@id\":\"https:\\\/\\\/kmtwaterjet.com\\\/fr\\\/contactez-nous-merci-2\\\/#primaryimage\",\"url\":\"https:\\\/\\\/kmtwaterjet.com\\\/wp-content\\\/uploads\\\/KMT-Group-Logo-72dpi.png\",\"contentUrl\":\"https:\\\/\\\/kmtwaterjet.com\\\/wp-content\\\/uploads\\\/KMT-Group-Logo-72dpi.png\"},{\"@type\":\"BreadcrumbList\",\"@id\":\"https:\\\/\\\/kmtwaterjet.com\\\/fr\\\/contactez-nous-merci-2\\\/#breadcrumb\",\"itemListElement\":[{\"@type\":\"ListItem\",\"position\":1,\"name\":\"Home\",\"item\":\"https:\\\/\\\/kmtwaterjet.com\\\/fr\\\/\"},{\"@type\":\"ListItem\",\"position\":2,\"name\":\"Communiqu\u00e9s de presse KMT\"}]},{\"@type\":\"WebSite\",\"@id\":\"https:\\\/\\\/kmtwaterjet.com\\\/fr\\\/#website\",\"url\":\"https:\\\/\\\/kmtwaterjet.com\\\/fr\\\/\",\"name\":\"KMT Waterjet\",\"description\":\"KMT Waterjet for waterjet cutting metal, stone, glass, steel and more\",\"publisher\":{\"@id\":\"https:\\\/\\\/kmtwaterjet.com\\\/fr\\\/#organization\"},\"potentialAction\":[{\"@type\":\"SearchAction\",\"target\":{\"@type\":\"EntryPoint\",\"urlTemplate\":\"https:\\\/\\\/kmtwaterjet.com\\\/fr\\\/?s={search_term_string}\"},\"query-input\":{\"@type\":\"PropertyValueSpecification\",\"valueRequired\":true,\"valueName\":\"search_term_string\"}}],\"inLanguage\":\"fr-FR\"},{\"@type\":\"Organization\",\"@id\":\"https:\\\/\\\/kmtwaterjet.com\\\/fr\\\/#organization\",\"name\":\"KMT Waterjet\",\"url\":\"https:\\\/\\\/kmtwaterjet.com\\\/fr\\\/\",\"logo\":{\"@type\":\"ImageObject\",\"inLanguage\":\"fr-FR\",\"@id\":\"https:\\\/\\\/kmtwaterjet.com\\\/fr\\\/#\\\/schema\\\/logo\\\/image\\\/\",\"url\":\"https:\\\/\\\/kmtwaterjet.com\\\/wp-content\\\/uploads\\\/kmt_logo_2020.png\",\"contentUrl\":\"https:\\\/\\\/kmtwaterjet.com\\\/wp-content\\\/uploads\\\/kmt_logo_2020.png\",\"width\":1002,\"height\":605,\"caption\":\"KMT Waterjet\"},\"image\":{\"@id\":\"https:\\\/\\\/kmtwaterjet.com\\\/fr\\\/#\\\/schema\\\/logo\\\/image\\\/\"}}]}<\/script>\n<!-- \/ Yoast SEO plugin. -->","yoast_head_json":{"title":"Communiqu\u00e9s de presse KMT | KMT Waterjet","description":"Nous vous remercions de l'int\u00e9r\u00eat que vous portez aux communiqu\u00e9s de presse de KMT Waterjet Systems.","robots":{"index":"index","follow":"follow","max-snippet":"max-snippet:-1","max-image-preview":"max-image-preview:large","max-video-preview":"max-video-preview:-1"},"canonical":"https:\/\/kmtwaterjet.com\/fr\/contactez-nous-merci-2\/","og_locale":"fr_FR","og_type":"article","og_title":"Communiqu\u00e9s de presse KMT | KMT Waterjet","og_description":"Nous vous remercions de l'int\u00e9r\u00eat que vous portez aux communiqu\u00e9s de presse de KMT Waterjet Systems.","og_url":"https:\/\/kmtwaterjet.com\/fr\/contactez-nous-merci-2\/","og_site_name":"KMT Waterjet","article_modified_time":"2025-10-29T15:19:30+00:00","og_image":[{"width":960,"height":540,"url":"https:\/\/kmtwaterjet.com\/wp-content\/uploads\/KMT-Group-Logo-72dpi.png","type":"image\/png"}],"twitter_card":"summary_large_image","twitter_misc":{"Dur\u00e9e de lecture estim\u00e9e":"4 minutes"},"schema":{"@context":"https:\/\/schema.org","@graph":[{"@type":"WebPage","@id":"https:\/\/kmtwaterjet.com\/fr\/contactez-nous-merci-2\/","url":"https:\/\/kmtwaterjet.com\/fr\/contactez-nous-merci-2\/","name":"Communiqu\u00e9s de presse KMT | KMT Waterjet","isPartOf":{"@id":"https:\/\/kmtwaterjet.com\/fr\/#website"},"primaryImageOfPage":{"@id":"https:\/\/kmtwaterjet.com\/fr\/contactez-nous-merci-2\/#primaryimage"},"image":{"@id":"https:\/\/kmtwaterjet.com\/fr\/contactez-nous-merci-2\/#primaryimage"},"thumbnailUrl":"https:\/\/kmtwaterjet.com\/wp-content\/uploads\/KMT-Group-Logo-72dpi.png","datePublished":"2025-04-02T13:55:56+00:00","dateModified":"2025-10-29T15:19:30+00:00","description":"Nous vous remercions de l'int\u00e9r\u00eat que vous portez aux communiqu\u00e9s de presse de KMT Waterjet Systems.","breadcrumb":{"@id":"https:\/\/kmtwaterjet.com\/fr\/contactez-nous-merci-2\/#breadcrumb"},"inLanguage":"fr-FR","potentialAction":[{"@type":"ReadAction","target":["https:\/\/kmtwaterjet.com\/fr\/contactez-nous-merci-2\/"]}]},{"@type":"ImageObject","inLanguage":"fr-FR","@id":"https:\/\/kmtwaterjet.com\/fr\/contactez-nous-merci-2\/#primaryimage","url":"https:\/\/kmtwaterjet.com\/wp-content\/uploads\/KMT-Group-Logo-72dpi.png","contentUrl":"https:\/\/kmtwaterjet.com\/wp-content\/uploads\/KMT-Group-Logo-72dpi.png"},{"@type":"BreadcrumbList","@id":"https:\/\/kmtwaterjet.com\/fr\/contactez-nous-merci-2\/#breadcrumb","itemListElement":[{"@type":"ListItem","position":1,"name":"Home","item":"https:\/\/kmtwaterjet.com\/fr\/"},{"@type":"ListItem","position":2,"name":"Communiqu\u00e9s de presse KMT"}]},{"@type":"WebSite","@id":"https:\/\/kmtwaterjet.com\/fr\/#website","url":"https:\/\/kmtwaterjet.com\/fr\/","name":"KMT Waterjet","description":"KMT Waterjet for waterjet cutting metal, stone, glass, steel and more","publisher":{"@id":"https:\/\/kmtwaterjet.com\/fr\/#organization"},"potentialAction":[{"@type":"SearchAction","target":{"@type":"EntryPoint","urlTemplate":"https:\/\/kmtwaterjet.com\/fr\/?s={search_term_string}"},"query-input":{"@type":"PropertyValueSpecification","valueRequired":true,"valueName":"search_term_string"}}],"inLanguage":"fr-FR"},{"@type":"Organization","@id":"https:\/\/kmtwaterjet.com\/fr\/#organization","name":"KMT Waterjet","url":"https:\/\/kmtwaterjet.com\/fr\/","logo":{"@type":"ImageObject","inLanguage":"fr-FR","@id":"https:\/\/kmtwaterjet.com\/fr\/#\/schema\/logo\/image\/","url":"https:\/\/kmtwaterjet.com\/wp-content\/uploads\/kmt_logo_2020.png","contentUrl":"https:\/\/kmtwaterjet.com\/wp-content\/uploads\/kmt_logo_2020.png","width":1002,"height":605,"caption":"KMT Waterjet"},"image":{"@id":"https:\/\/kmtwaterjet.com\/fr\/#\/schema\/logo\/image\/"}}]}},"_links":{"self":[{"href":"https:\/\/kmtwaterjet.com\/fr\/wp-json\/wp\/v2\/pages\/41153","targetHints":{"allow":["GET"]}}],"collection":[{"href":"https:\/\/kmtwaterjet.com\/fr\/wp-json\/wp\/v2\/pages"}],"about":[{"href":"https:\/\/kmtwaterjet.com\/fr\/wp-json\/wp\/v2\/types\/page"}],"author":[{"embeddable":true,"href":"https:\/\/kmtwaterjet.com\/fr\/wp-json\/wp\/v2\/users\/12"}],"replies":[{"embeddable":true,"href":"https:\/\/kmtwaterjet.com\/fr\/wp-json\/wp\/v2\/comments?post=41153"}],"version-history":[{"count":0,"href":"https:\/\/kmtwaterjet.com\/fr\/wp-json\/wp\/v2\/pages\/41153\/revisions"}],"wp:attachment":[{"href":"https:\/\/kmtwaterjet.com\/fr\/wp-json\/wp\/v2\/media?parent=41153"}],"wp:term":[{"taxonomy":"page-type","embeddable":true,"href":"https:\/\/kmtwaterjet.com\/fr\/wp-json\/wp\/v2\/page-type?post=41153"}],"curies":[{"name":"wp","href":"https:\/\/api.w.org\/{rel}","templated":true}]}}