{"id":40693,"date":"2024-10-09T13:47:16","date_gmt":"2024-10-09T18:47:16","guid":{"rendered":"https:\/\/kmtwaterjet.com\/choisissez-la-langue\/"},"modified":"2025-10-08T11:42:28","modified_gmt":"2025-10-08T16:42:28","slug":"choisissez-la-langue","status":"publish","type":"page","link":"https:\/\/kmtwaterjet.com\/fr\/choisissez-la-langue\/","title":{"rendered":"Choisissez la langue"},"content":{"rendered":"\t\t<div data-elementor-type=\"wp-page\" data-elementor-id=\"40693\" class=\"elementor elementor-40693 elementor-39153\" data-elementor-post-type=\"page\">\n\t\t\t\t<div class=\"elementor-element elementor-element-de0f076 e-flex e-con-boxed e-con e-parent\" data-id=\"de0f076\" data-element_type=\"container\" data-e-type=\"container\" data-settings=\"{&quot;background_background&quot;:&quot;video&quot;,&quot;background_video_link&quot;:&quot;https:\\\/\\\/vimeo.com\\\/908900539&quot;,&quot;background_play_on_mobile&quot;:&quot;yes&quot;}\">\n\t\t\t\t\t<div class=\"e-con-inner\">\n\t\t<div class=\"elementor-background-video-container\">\n\t\t\t\t\t\t\t<div class=\"elementor-background-video-embed\" role=\"presentation\"><\/div>\n\t\t\t\t\t\t<\/div><div class=\"elementor-element elementor-element-ff4f9ba e-con-full e-flex e-con e-child\" data-id=\"ff4f9ba\" data-element_type=\"container\" data-e-type=\"container\" data-settings=\"{&quot;background_background&quot;:&quot;classic&quot;}\">\n\t\t<div class=\"elementor-element elementor-element-5a00db8 e-con-full e-flex e-con e-child\" data-id=\"5a00db8\" data-element_type=\"container\" data-e-type=\"container\" data-settings=\"{&quot;background_background&quot;:&quot;classic&quot;}\">\n\t\t\t\t<div class=\"elementor-element elementor-element-4afb690 elementor-widget elementor-widget-image\" data-id=\"4afb690\" data-element_type=\"widget\" data-e-type=\"widget\" data-widget_type=\"image.default\">\n\t\t\t\t<div class=\"elementor-widget-container\">\n\t\t\t\t\t\t\t\t\t\t\t\t\t\t\t<img fetchpriority=\"high\" decoding=\"async\" width=\"1002\" height=\"605\" src=\"https:\/\/kmtwaterjet.com\/wp-content\/uploads\/kmt_logo_2020.png\" class=\"attachment-full size-full wp-image-1001\" alt=\"KMT waterjet logo\" srcset=\"https:\/\/kmtwaterjet.com\/wp-content\/uploads\/kmt_logo_2020.png 1002w, https:\/\/kmtwaterjet.com\/wp-content\/uploads\/kmt_logo_2020-300x181.png 300w, https:\/\/kmtwaterjet.com\/wp-content\/uploads\/kmt_logo_2020-768x464.png 768w\" sizes=\"(max-width: 1002px) 100vw, 1002px\" \/>\t\t\t\t\t\t\t\t\t\t\t\t\t\t\t<\/div>\n\t\t\t\t<\/div>\n\t\t\t\t<div class=\"elementor-element elementor-element-de467ae elementor-widget__width-initial elementor-widget elementor-widget-text-editor\" data-id=\"de467ae\" data-element_type=\"widget\" data-e-type=\"widget\" data-widget_type=\"text-editor.default\">\n\t\t\t\t<div class=\"elementor-widget-container\">\n\t\t\t\t\t\t\t\t\t<p>Bienvenue sur le site KMT Waterjet. Pour continuer, veuillez s\u00e9lectionner une langue parmi les options ci-dessous. <\/p>\t\t\t\t\t\t\t\t<\/div>\n\t\t\t\t<\/div>\n\t\t\t\t<\/div>\n\t\t<div class=\"elementor-element elementor-element-79c5154 e-con-full e-flex e-con e-child\" data-id=\"79c5154\" data-element_type=\"container\" data-e-type=\"container\">\n\t\t\t\t<div class=\"elementor-element elementor-element-b32f2f2 elementor-widget__width-initial eael-infobox-shape-square eael-infobox-hover-img-shape-square elementor-widget elementor-widget-eael-info-box\" data-id=\"b32f2f2\" data-element_type=\"widget\" data-e-type=\"widget\" data-widget_type=\"eael-info-box.default\">\n\t\t\t\t<div class=\"elementor-widget-container\">\n\t\t\t\t\t            <a href=\"#\">\n\t            <div class=\"eael-infobox icon-on-left\">\n\t            <div class=\"infobox-icon\">\n\n                            <img decoding=\"async\" data-src=\"https:\/\/kmtwaterjet.com\/wp-content\/uploads\/USA.png\" alt=\"USA flag\" src=\"data:image\/svg+xml;base64,PHN2ZyB3aWR0aD0iMSIgaGVpZ2h0PSIxIiB4bWxucz0iaHR0cDovL3d3dy53My5vcmcvMjAwMC9zdmciPjwvc3ZnPg==\" class=\"lazyload\" style=\"--smush-placeholder-width: 510px; --smush-placeholder-aspect-ratio: 510\/510;\">\n            \n            \n            \n        <\/div>\n            <div class=\"infobox-content\">\n                    <div class=\"infobox-title-section\">\n                <h2 class=\"title\">Anglais<\/h2>            <\/div>\n            <div><p>N&amp;S Americas<\/p><\/div>        <\/div>\n            <\/div>\n\n\t\t            <\/a>\n\t\t\t\t\t\t<\/div>\n\t\t\t\t<\/div>\n\t\t\t\t<div class=\"elementor-element elementor-element-c9cbd84 elementor-widget__width-initial eael-infobox-shape-square eael-infobox-hover-img-shape-square elementor-widget elementor-widget-eael-info-box\" data-id=\"c9cbd84\" data-element_type=\"widget\" data-e-type=\"widget\" data-widget_type=\"eael-info-box.default\">\n\t\t\t\t<div class=\"elementor-widget-container\">\n\t\t\t\t\t            <a href=\"#\">\n\t            <div class=\"eael-infobox icon-on-left\">\n\t            <div class=\"infobox-icon\">\n\n                            <img decoding=\"async\" data-src=\"https:\/\/kmtwaterjet.com\/wp-content\/uploads\/EU.png\" alt=\"European Union flag\" src=\"data:image\/svg+xml;base64,PHN2ZyB3aWR0aD0iMSIgaGVpZ2h0PSIxIiB4bWxucz0iaHR0cDovL3d3dy53My5vcmcvMjAwMC9zdmciPjwvc3ZnPg==\" class=\"lazyload\" style=\"--smush-placeholder-width: 510px; --smush-placeholder-aspect-ratio: 510\/510;\">\n            \n            \n            \n        <\/div>\n            <div class=\"infobox-content\">\n                    <div class=\"infobox-title-section\">\n                <h2 class=\"title\">Anglais<\/h2>            <\/div>\n            <div><p>EMEA<\/p><\/div>        <\/div>\n            <\/div>\n\n\t\t            <\/a>\n\t\t\t\t\t\t<\/div>\n\t\t\t\t<\/div>\n\t\t\t\t<div class=\"elementor-element elementor-element-feabf23 elementor-widget__width-initial eael-infobox-shape-square eael-infobox-hover-img-shape-square elementor-widget elementor-widget-eael-info-box\" data-id=\"feabf23\" data-element_type=\"widget\" data-e-type=\"widget\" data-widget_type=\"eael-info-box.default\">\n\t\t\t\t<div class=\"elementor-widget-container\">\n\t\t\t\t\t            <a href=\"#\">\n\t            <div class=\"eael-infobox icon-on-left\">\n\t            <div class=\"infobox-icon\">\n\n                            <img decoding=\"async\" data-src=\"https:\/\/kmtwaterjet.com\/wp-content\/uploads\/SPAIN.png\" alt=\"Spain&#039;s flag\" src=\"data:image\/svg+xml;base64,PHN2ZyB3aWR0aD0iMSIgaGVpZ2h0PSIxIiB4bWxucz0iaHR0cDovL3d3dy53My5vcmcvMjAwMC9zdmciPjwvc3ZnPg==\" class=\"lazyload\" style=\"--smush-placeholder-width: 510px; --smush-placeholder-aspect-ratio: 510\/510;\">\n            \n            \n            \n        <\/div>\n            <div class=\"infobox-content\">\n                    <div class=\"infobox-title-section\">\n                <h2 class=\"title\">Espagnol<\/h2>            <\/div>\n            <div><p>Espagne<\/p><\/div>        <\/div>\n            <\/div>\n\n\t\t            <\/a>\n\t\t\t\t\t\t<\/div>\n\t\t\t\t<\/div>\n\t\t\t\t<div class=\"elementor-element elementor-element-d41c516 elementor-widget__width-initial eael-infobox-shape-square eael-infobox-hover-img-shape-square elementor-widget elementor-widget-eael-info-box\" data-id=\"d41c516\" data-element_type=\"widget\" data-e-type=\"widget\" data-widget_type=\"eael-info-box.default\">\n\t\t\t\t<div class=\"elementor-widget-container\">\n\t\t\t\t\t            <a href=\"#\">\n\t            <div class=\"eael-infobox icon-on-left\">\n\t            <div class=\"infobox-icon\">\n\n                            <img decoding=\"async\" data-src=\"https:\/\/kmtwaterjet.com\/wp-content\/uploads\/MEXICO.png\" alt=\"Mexico&#039;s flag\" src=\"data:image\/svg+xml;base64,PHN2ZyB3aWR0aD0iMSIgaGVpZ2h0PSIxIiB4bWxucz0iaHR0cDovL3d3dy53My5vcmcvMjAwMC9zdmciPjwvc3ZnPg==\" class=\"lazyload\" style=\"--smush-placeholder-width: 510px; --smush-placeholder-aspect-ratio: 510\/511;\">\n            \n            \n            \n        <\/div>\n            <div class=\"infobox-content\">\n                    <div class=\"infobox-title-section\">\n                <h2 class=\"title\">Espagnol<\/h2>            <\/div>\n            <div><p>Mexique<\/p><\/div>        <\/div>\n            <\/div>\n\n\t\t            <\/a>\n\t\t\t\t\t\t<\/div>\n\t\t\t\t<\/div>\n\t\t\t\t<div class=\"elementor-element elementor-element-151fb4d elementor-widget__width-initial eael-infobox-shape-square eael-infobox-hover-img-shape-square elementor-widget elementor-widget-eael-info-box\" data-id=\"151fb4d\" data-element_type=\"widget\" data-e-type=\"widget\" data-widget_type=\"eael-info-box.default\">\n\t\t\t\t<div class=\"elementor-widget-container\">\n\t\t\t\t\t            <a href=\"#\">\n\t            <div class=\"eael-infobox icon-on-left\">\n\t            <div class=\"infobox-icon\">\n\n                            <img decoding=\"async\" data-src=\"https:\/\/kmtwaterjet.com\/wp-content\/uploads\/FRANCE.png\" alt=\"French flag\" src=\"data:image\/svg+xml;base64,PHN2ZyB3aWR0aD0iMSIgaGVpZ2h0PSIxIiB4bWxucz0iaHR0cDovL3d3dy53My5vcmcvMjAwMC9zdmciPjwvc3ZnPg==\" class=\"lazyload\" style=\"--smush-placeholder-width: 510px; --smush-placeholder-aspect-ratio: 510\/510;\">\n            \n            \n            \n        <\/div>\n            <div class=\"infobox-content\">\n                    <div class=\"infobox-title-section\">\n                <h2 class=\"title\">Fran\u00e7ais<\/h2>            <\/div>\n            <div><p>France<\/p><\/div>        <\/div>\n            <\/div>\n\n\t\t            <\/a>\n\t\t\t\t\t\t<\/div>\n\t\t\t\t<\/div>\n\t\t\t\t<div class=\"elementor-element elementor-element-f41b070 elementor-widget__width-initial eael-infobox-shape-square eael-infobox-hover-img-shape-square elementor-widget elementor-widget-eael-info-box\" data-id=\"f41b070\" data-element_type=\"widget\" data-e-type=\"widget\" data-widget_type=\"eael-info-box.default\">\n\t\t\t\t<div class=\"elementor-widget-container\">\n\t\t\t\t\t            <a href=\"#\">\n\t            <div class=\"eael-infobox icon-on-left\">\n\t            <div class=\"infobox-icon\">\n\n                            <img decoding=\"async\" data-src=\"https:\/\/kmtwaterjet.com\/wp-content\/uploads\/QUEBEC.png\" alt=\"Quebec&#039;s flag\" src=\"data:image\/svg+xml;base64,PHN2ZyB3aWR0aD0iMSIgaGVpZ2h0PSIxIiB4bWxucz0iaHR0cDovL3d3dy53My5vcmcvMjAwMC9zdmciPjwvc3ZnPg==\" class=\"lazyload\" style=\"--smush-placeholder-width: 510px; --smush-placeholder-aspect-ratio: 510\/510;\">\n            \n            \n            \n        <\/div>\n            <div class=\"infobox-content\">\n                    <div class=\"infobox-title-section\">\n                <h2 class=\"title\">Fran\u00e7ais<\/h2>            <\/div>\n            <div><p>Qu\u00e9bec<\/p><\/div>        <\/div>\n            <\/div>\n\n\t\t            <\/a>\n\t\t\t\t\t\t<\/div>\n\t\t\t\t<\/div>\n\t\t\t\t<div class=\"elementor-element elementor-element-6630d8f elementor-widget__width-initial eael-infobox-shape-square eael-infobox-hover-img-shape-square elementor-widget elementor-widget-eael-info-box\" data-id=\"6630d8f\" data-element_type=\"widget\" data-e-type=\"widget\" data-widget_type=\"eael-info-box.default\">\n\t\t\t\t<div class=\"elementor-widget-container\">\n\t\t\t\t\t            <a href=\"#\">\n\t            <div class=\"eael-infobox icon-on-left\">\n\t            <div class=\"infobox-icon\">\n\n                            <img decoding=\"async\" data-src=\"https:\/\/kmtwaterjet.com\/wp-content\/uploads\/GERMANY.png\" alt=\"Germany&#039;s flag\" src=\"data:image\/svg+xml;base64,PHN2ZyB3aWR0aD0iMSIgaGVpZ2h0PSIxIiB4bWxucz0iaHR0cDovL3d3dy53My5vcmcvMjAwMC9zdmciPjwvc3ZnPg==\" class=\"lazyload\" style=\"--smush-placeholder-width: 511px; --smush-placeholder-aspect-ratio: 511\/511;\">\n            \n            \n            \n        <\/div>\n            <div class=\"infobox-content\">\n                    <div class=\"infobox-title-section\">\n                <h2 class=\"title\">Allemand<\/h2>            <\/div>\n            <div><p>Allemagne<\/p><\/div>        <\/div>\n            <\/div>\n\n\t\t            <\/a>\n\t\t\t\t\t\t<\/div>\n\t\t\t\t<\/div>\n\t\t\t\t<div class=\"elementor-element elementor-element-8636a89 elementor-widget__width-initial eael-infobox-shape-square eael-infobox-hover-img-shape-square elementor-widget elementor-widget-eael-info-box\" data-id=\"8636a89\" data-element_type=\"widget\" data-e-type=\"widget\" data-widget_type=\"eael-info-box.default\">\n\t\t\t\t<div class=\"elementor-widget-container\">\n\t\t\t\t\t            <a href=\"#\">\n\t            <div class=\"eael-infobox icon-on-left\">\n\t            <div class=\"infobox-icon\">\n\n                            <img decoding=\"async\" data-src=\"https:\/\/kmtwaterjet.com\/wp-content\/uploads\/ITAL.png\" alt=\"Italy&#039;s flag\" src=\"data:image\/svg+xml;base64,PHN2ZyB3aWR0aD0iMSIgaGVpZ2h0PSIxIiB4bWxucz0iaHR0cDovL3d3dy53My5vcmcvMjAwMC9zdmciPjwvc3ZnPg==\" class=\"lazyload\" style=\"--smush-placeholder-width: 510px; --smush-placeholder-aspect-ratio: 510\/511;\">\n            \n            \n            \n        <\/div>\n            <div class=\"infobox-content\">\n                    <div class=\"infobox-title-section\">\n                <h2 class=\"title\">Italien<\/h2>            <\/div>\n            <div><p>Italie<\/p><\/div>        <\/div>\n            <\/div>\n\n\t\t            <\/a>\n\t\t\t\t\t\t<\/div>\n\t\t\t\t<\/div>\n\t\t\t\t<div class=\"elementor-element elementor-element-23cf5ac elementor-widget__width-initial eael-infobox-shape-square eael-infobox-hover-img-shape-square elementor-widget elementor-widget-eael-info-box\" data-id=\"23cf5ac\" data-element_type=\"widget\" data-e-type=\"widget\" data-widget_type=\"eael-info-box.default\">\n\t\t\t\t<div class=\"elementor-widget-container\">\n\t\t\t\t\t            <a href=\"#\">\n\t            <div class=\"eael-infobox icon-on-left\">\n\t            <div class=\"infobox-icon\">\n\n                            <img decoding=\"async\" data-src=\"https:\/\/kmtwaterjet.com\/wp-content\/uploads\/POLAND.png\" alt=\"Poland&#039;s flag\" src=\"data:image\/svg+xml;base64,PHN2ZyB3aWR0aD0iMSIgaGVpZ2h0PSIxIiB4bWxucz0iaHR0cDovL3d3dy53My5vcmcvMjAwMC9zdmciPjwvc3ZnPg==\" class=\"lazyload\" style=\"--smush-placeholder-width: 511px; --smush-placeholder-aspect-ratio: 511\/510;\">\n            \n            \n            \n        <\/div>\n            <div class=\"infobox-content\">\n                    <div class=\"infobox-title-section\">\n                <h2 class=\"title\">Polski<\/h2>            <\/div>\n            <div><p>Pologne<\/p><\/div>        <\/div>\n            <\/div>\n\n\t\t            <\/a>\n\t\t\t\t\t\t<\/div>\n\t\t\t\t<\/div>\n\t\t\t\t<div class=\"elementor-element elementor-element-812e817 elementor-widget__width-initial eael-infobox-shape-square eael-infobox-hover-img-shape-square elementor-widget elementor-widget-eael-info-box\" data-id=\"812e817\" data-element_type=\"widget\" data-e-type=\"widget\" data-widget_type=\"eael-info-box.default\">\n\t\t\t\t<div class=\"elementor-widget-container\">\n\t\t\t\t\t            <a href=\"#\">\n\t            <div class=\"eael-infobox icon-on-left\">\n\t            <div class=\"infobox-icon\">\n\n                            <img decoding=\"async\" data-src=\"https:\/\/kmtwaterjet.com\/wp-content\/uploads\/BRAZIL.png\" alt=\"Brazil&#039;s flag\" src=\"data:image\/svg+xml;base64,PHN2ZyB3aWR0aD0iMSIgaGVpZ2h0PSIxIiB4bWxucz0iaHR0cDovL3d3dy53My5vcmcvMjAwMC9zdmciPjwvc3ZnPg==\" class=\"lazyload\" style=\"--smush-placeholder-width: 510px; --smush-placeholder-aspect-ratio: 510\/510;\">\n            \n            \n            \n        <\/div>\n            <div class=\"infobox-content\">\n                    <div class=\"infobox-title-section\">\n                <h2 class=\"title\">Portugais<\/h2>            <\/div>\n            <div><p>Br\u00e9sil<\/p><\/div>        <\/div>\n            <\/div>\n\n\t\t            <\/a>\n\t\t\t\t\t\t<\/div>\n\t\t\t\t<\/div>\n\t\t\t\t<div class=\"elementor-element elementor-element-f56b464 elementor-widget__width-initial eael-infobox-shape-square eael-infobox-hover-img-shape-square elementor-widget elementor-widget-eael-info-box\" data-id=\"f56b464\" data-element_type=\"widget\" data-e-type=\"widget\" data-widget_type=\"eael-info-box.default\">\n\t\t\t\t<div class=\"elementor-widget-container\">\n\t\t\t\t\t            <a href=\"#\">\n\t            <div class=\"eael-infobox icon-on-left\">\n\t            <div class=\"infobox-icon\">\n\n                            <img decoding=\"async\" data-src=\"https:\/\/kmtwaterjet.com\/wp-content\/uploads\/CHINA.png\" alt=\"China&#039;s flag\" src=\"data:image\/svg+xml;base64,PHN2ZyB3aWR0aD0iMSIgaGVpZ2h0PSIxIiB4bWxucz0iaHR0cDovL3d3dy53My5vcmcvMjAwMC9zdmciPjwvc3ZnPg==\" class=\"lazyload\" style=\"--smush-placeholder-width: 510px; --smush-placeholder-aspect-ratio: 510\/510;\">\n            \n            \n            \n        <\/div>\n            <div class=\"infobox-content\">\n                    <div class=\"infobox-title-section\">\n                <h2 class=\"title\">\u7b80\u4f53\u4e2d\u6587<\/h2>            <\/div>\n            <div><p>Chinois simplifi\u00e9<\/p><\/div>        <\/div>\n            <\/div>\n\n\t\t            <\/a>\n\t\t\t\t\t\t<\/div>\n\t\t\t\t<\/div>\n\t\t\t\t<\/div>\n\t\t\t\t<\/div>\n\t\t\t\t\t<\/div>\n\t\t\t\t<\/div>\n\t\t\t\t<\/div>\n\t\t","protected":false},"excerpt":{"rendered":"<p>Bienvenue sur le site KMT Waterjet. Pour continuer, veuillez s\u00e9lectionner une langue parmi les options ci-dessous. Anglais N&amp;S Americas Anglais EMEA Espagnol Espagne Espagnol Mexique Fran\u00e7ais France Fran\u00e7ais Qu\u00e9bec Allemand Allemagne Italien Italie Polski Pologne Portugais Br\u00e9sil \u7b80\u4f53\u4e2d\u6587 Chinois simplifi\u00e9<\/p>\n","protected":false},"author":12,"featured_media":0,"parent":0,"menu_order":0,"comment_status":"closed","ping_status":"closed","template":"elementor_canvas","meta":{"_acf_changed":false,"footnotes":""},"page-type":[],"class_list":["post-40693","page","type-page","status-publish","hentry"],"acf":[],"yoast_head":"<!-- This site is optimized with the Yoast SEO plugin v27.3 - https:\/\/yoast.com\/product\/yoast-seo-wordpress\/ -->\n<title>Choisissez la langue | KMT Waterjet<\/title>\n<meta name=\"description\" content=\"Choisissez votre langue pour d\u00e9couvrir les solutions de coupe innovantes, les produits, les services et l&#039;expertise mondiale de KMT Waterjet.\" \/>\n<meta name=\"robots\" content=\"index, follow, max-snippet:-1, max-image-preview:large, max-video-preview:-1\" \/>\n<link rel=\"canonical\" href=\"https:\/\/kmtwaterjet.com\/fr\/choisissez-la-langue\/\" \/>\n<meta property=\"og:locale\" content=\"fr_FR\" \/>\n<meta property=\"og:type\" content=\"article\" \/>\n<meta property=\"og:title\" content=\"Choisissez la langue | KMT Waterjet\" \/>\n<meta property=\"og:description\" content=\"Choisissez votre langue pour d\u00e9couvrir les solutions de coupe innovantes, les produits, les services et l&#039;expertise mondiale de KMT Waterjet.\" \/>\n<meta property=\"og:url\" content=\"https:\/\/kmtwaterjet.com\/fr\/choisissez-la-langue\/\" \/>\n<meta property=\"og:site_name\" content=\"KMT Waterjet\" \/>\n<meta property=\"article:modified_time\" content=\"2025-10-08T16:42:28+00:00\" \/>\n<meta property=\"og:image\" content=\"https:\/\/kmtwaterjet.com\/wp-content\/uploads\/kmt_logo_2020.png\" \/>\n\t<meta property=\"og:image:width\" content=\"1002\" \/>\n\t<meta property=\"og:image:height\" content=\"605\" \/>\n\t<meta property=\"og:image:type\" content=\"image\/png\" \/>\n<meta name=\"twitter:card\" content=\"summary_large_image\" \/>\n<script type=\"application\/ld+json\" class=\"yoast-schema-graph\">{\"@context\":\"https:\\\/\\\/schema.org\",\"@graph\":[{\"@type\":\"WebPage\",\"@id\":\"https:\\\/\\\/kmtwaterjet.com\\\/fr\\\/choisissez-la-langue\\\/\",\"url\":\"https:\\\/\\\/kmtwaterjet.com\\\/fr\\\/choisissez-la-langue\\\/\",\"name\":\"Choisissez la langue | KMT Waterjet\",\"isPartOf\":{\"@id\":\"https:\\\/\\\/kmtwaterjet.com\\\/fr\\\/#website\"},\"primaryImageOfPage\":{\"@id\":\"https:\\\/\\\/kmtwaterjet.com\\\/fr\\\/choisissez-la-langue\\\/#primaryimage\"},\"image\":{\"@id\":\"https:\\\/\\\/kmtwaterjet.com\\\/fr\\\/choisissez-la-langue\\\/#primaryimage\"},\"thumbnailUrl\":\"https:\\\/\\\/kmtwaterjet.com\\\/wp-content\\\/uploads\\\/kmt_logo_2020.png\",\"datePublished\":\"2024-10-09T18:47:16+00:00\",\"dateModified\":\"2025-10-08T16:42:28+00:00\",\"description\":\"Choisissez votre langue pour d\u00e9couvrir les solutions de coupe innovantes, les produits, les services et l'expertise mondiale de KMT Waterjet.\",\"breadcrumb\":{\"@id\":\"https:\\\/\\\/kmtwaterjet.com\\\/fr\\\/choisissez-la-langue\\\/#breadcrumb\"},\"inLanguage\":\"fr-FR\",\"potentialAction\":[{\"@type\":\"ReadAction\",\"target\":[\"https:\\\/\\\/kmtwaterjet.com\\\/fr\\\/choisissez-la-langue\\\/\"]}]},{\"@type\":\"ImageObject\",\"inLanguage\":\"fr-FR\",\"@id\":\"https:\\\/\\\/kmtwaterjet.com\\\/fr\\\/choisissez-la-langue\\\/#primaryimage\",\"url\":\"https:\\\/\\\/kmtwaterjet.com\\\/wp-content\\\/uploads\\\/kmt_logo_2020.png\",\"contentUrl\":\"https:\\\/\\\/kmtwaterjet.com\\\/wp-content\\\/uploads\\\/kmt_logo_2020.png\"},{\"@type\":\"BreadcrumbList\",\"@id\":\"https:\\\/\\\/kmtwaterjet.com\\\/fr\\\/choisissez-la-langue\\\/#breadcrumb\",\"itemListElement\":[{\"@type\":\"ListItem\",\"position\":1,\"name\":\"Home\",\"item\":\"https:\\\/\\\/kmtwaterjet.com\\\/fr\\\/\"},{\"@type\":\"ListItem\",\"position\":2,\"name\":\"Choisissez la langue\"}]},{\"@type\":\"WebSite\",\"@id\":\"https:\\\/\\\/kmtwaterjet.com\\\/fr\\\/#website\",\"url\":\"https:\\\/\\\/kmtwaterjet.com\\\/fr\\\/\",\"name\":\"KMT Waterjet\",\"description\":\"KMT Waterjet for waterjet cutting metal, stone, glass, steel and more\",\"publisher\":{\"@id\":\"https:\\\/\\\/kmtwaterjet.com\\\/fr\\\/#organization\"},\"potentialAction\":[{\"@type\":\"SearchAction\",\"target\":{\"@type\":\"EntryPoint\",\"urlTemplate\":\"https:\\\/\\\/kmtwaterjet.com\\\/fr\\\/?s={search_term_string}\"},\"query-input\":{\"@type\":\"PropertyValueSpecification\",\"valueRequired\":true,\"valueName\":\"search_term_string\"}}],\"inLanguage\":\"fr-FR\"},{\"@type\":\"Organization\",\"@id\":\"https:\\\/\\\/kmtwaterjet.com\\\/fr\\\/#organization\",\"name\":\"KMT Waterjet\",\"url\":\"https:\\\/\\\/kmtwaterjet.com\\\/fr\\\/\",\"logo\":{\"@type\":\"ImageObject\",\"inLanguage\":\"fr-FR\",\"@id\":\"https:\\\/\\\/kmtwaterjet.com\\\/fr\\\/#\\\/schema\\\/logo\\\/image\\\/\",\"url\":\"https:\\\/\\\/kmtwaterjet.com\\\/wp-content\\\/uploads\\\/kmt_logo_2020.png\",\"contentUrl\":\"https:\\\/\\\/kmtwaterjet.com\\\/wp-content\\\/uploads\\\/kmt_logo_2020.png\",\"width\":1002,\"height\":605,\"caption\":\"KMT Waterjet\"},\"image\":{\"@id\":\"https:\\\/\\\/kmtwaterjet.com\\\/fr\\\/#\\\/schema\\\/logo\\\/image\\\/\"}}]}<\/script>\n<!-- \/ Yoast SEO plugin. -->","yoast_head_json":{"title":"Choisissez la langue | KMT Waterjet","description":"Choisissez votre langue pour d\u00e9couvrir les solutions de coupe innovantes, les produits, les services et l'expertise mondiale de KMT Waterjet.","robots":{"index":"index","follow":"follow","max-snippet":"max-snippet:-1","max-image-preview":"max-image-preview:large","max-video-preview":"max-video-preview:-1"},"canonical":"https:\/\/kmtwaterjet.com\/fr\/choisissez-la-langue\/","og_locale":"fr_FR","og_type":"article","og_title":"Choisissez la langue | KMT Waterjet","og_description":"Choisissez votre langue pour d\u00e9couvrir les solutions de coupe innovantes, les produits, les services et l'expertise mondiale de KMT Waterjet.","og_url":"https:\/\/kmtwaterjet.com\/fr\/choisissez-la-langue\/","og_site_name":"KMT Waterjet","article_modified_time":"2025-10-08T16:42:28+00:00","og_image":[{"width":1002,"height":605,"url":"https:\/\/kmtwaterjet.com\/wp-content\/uploads\/kmt_logo_2020.png","type":"image\/png"}],"twitter_card":"summary_large_image","schema":{"@context":"https:\/\/schema.org","@graph":[{"@type":"WebPage","@id":"https:\/\/kmtwaterjet.com\/fr\/choisissez-la-langue\/","url":"https:\/\/kmtwaterjet.com\/fr\/choisissez-la-langue\/","name":"Choisissez la langue | KMT Waterjet","isPartOf":{"@id":"https:\/\/kmtwaterjet.com\/fr\/#website"},"primaryImageOfPage":{"@id":"https:\/\/kmtwaterjet.com\/fr\/choisissez-la-langue\/#primaryimage"},"image":{"@id":"https:\/\/kmtwaterjet.com\/fr\/choisissez-la-langue\/#primaryimage"},"thumbnailUrl":"https:\/\/kmtwaterjet.com\/wp-content\/uploads\/kmt_logo_2020.png","datePublished":"2024-10-09T18:47:16+00:00","dateModified":"2025-10-08T16:42:28+00:00","description":"Choisissez votre langue pour d\u00e9couvrir les solutions de coupe innovantes, les produits, les services et l'expertise mondiale de KMT Waterjet.","breadcrumb":{"@id":"https:\/\/kmtwaterjet.com\/fr\/choisissez-la-langue\/#breadcrumb"},"inLanguage":"fr-FR","potentialAction":[{"@type":"ReadAction","target":["https:\/\/kmtwaterjet.com\/fr\/choisissez-la-langue\/"]}]},{"@type":"ImageObject","inLanguage":"fr-FR","@id":"https:\/\/kmtwaterjet.com\/fr\/choisissez-la-langue\/#primaryimage","url":"https:\/\/kmtwaterjet.com\/wp-content\/uploads\/kmt_logo_2020.png","contentUrl":"https:\/\/kmtwaterjet.com\/wp-content\/uploads\/kmt_logo_2020.png"},{"@type":"BreadcrumbList","@id":"https:\/\/kmtwaterjet.com\/fr\/choisissez-la-langue\/#breadcrumb","itemListElement":[{"@type":"ListItem","position":1,"name":"Home","item":"https:\/\/kmtwaterjet.com\/fr\/"},{"@type":"ListItem","position":2,"name":"Choisissez la langue"}]},{"@type":"WebSite","@id":"https:\/\/kmtwaterjet.com\/fr\/#website","url":"https:\/\/kmtwaterjet.com\/fr\/","name":"KMT Waterjet","description":"KMT Waterjet for waterjet cutting metal, stone, glass, steel and more","publisher":{"@id":"https:\/\/kmtwaterjet.com\/fr\/#organization"},"potentialAction":[{"@type":"SearchAction","target":{"@type":"EntryPoint","urlTemplate":"https:\/\/kmtwaterjet.com\/fr\/?s={search_term_string}"},"query-input":{"@type":"PropertyValueSpecification","valueRequired":true,"valueName":"search_term_string"}}],"inLanguage":"fr-FR"},{"@type":"Organization","@id":"https:\/\/kmtwaterjet.com\/fr\/#organization","name":"KMT Waterjet","url":"https:\/\/kmtwaterjet.com\/fr\/","logo":{"@type":"ImageObject","inLanguage":"fr-FR","@id":"https:\/\/kmtwaterjet.com\/fr\/#\/schema\/logo\/image\/","url":"https:\/\/kmtwaterjet.com\/wp-content\/uploads\/kmt_logo_2020.png","contentUrl":"https:\/\/kmtwaterjet.com\/wp-content\/uploads\/kmt_logo_2020.png","width":1002,"height":605,"caption":"KMT Waterjet"},"image":{"@id":"https:\/\/kmtwaterjet.com\/fr\/#\/schema\/logo\/image\/"}}]}},"_links":{"self":[{"href":"https:\/\/kmtwaterjet.com\/fr\/wp-json\/wp\/v2\/pages\/40693","targetHints":{"allow":["GET"]}}],"collection":[{"href":"https:\/\/kmtwaterjet.com\/fr\/wp-json\/wp\/v2\/pages"}],"about":[{"href":"https:\/\/kmtwaterjet.com\/fr\/wp-json\/wp\/v2\/types\/page"}],"author":[{"embeddable":true,"href":"https:\/\/kmtwaterjet.com\/fr\/wp-json\/wp\/v2\/users\/12"}],"replies":[{"embeddable":true,"href":"https:\/\/kmtwaterjet.com\/fr\/wp-json\/wp\/v2\/comments?post=40693"}],"version-history":[{"count":0,"href":"https:\/\/kmtwaterjet.com\/fr\/wp-json\/wp\/v2\/pages\/40693\/revisions"}],"wp:attachment":[{"href":"https:\/\/kmtwaterjet.com\/fr\/wp-json\/wp\/v2\/media?parent=40693"}],"wp:term":[{"taxonomy":"page-type","embeddable":true,"href":"https:\/\/kmtwaterjet.com\/fr\/wp-json\/wp\/v2\/page-type?post=40693"}],"curies":[{"name":"wp","href":"https:\/\/api.w.org\/{rel}","templated":true}]}}