{"id":31487,"date":"2024-01-26T14:04:57","date_gmt":"2024-01-26T20:04:57","guid":{"rendered":"https:\/\/kmtwaterjet.com\/oem-water-jet-sweden-near-net-cutting-decoupe-nette\/"},"modified":"2025-03-20T12:39:33","modified_gmt":"2025-03-20T17:39:33","slug":"oem-water-jet-sweden-near-net-cutting-decoupe-nette","status":"publish","type":"page","link":"https:\/\/kmtwaterjet.com\/fr\/oem-water-jet-sweden-near-net-cutting-decoupe-nette\/","title":{"rendered":"Jet d&rsquo;eau Su\u00e8de | Near Net Cutting"},"content":{"rendered":"\t\t<div data-elementor-type=\"wp-page\" data-elementor-id=\"31487\" class=\"elementor elementor-31487 elementor-3834\" data-elementor-post-type=\"page\">\n\t\t\t\t<div class=\"elementor-element elementor-element-0e9108d e-flex e-con-boxed e-con e-parent\" data-id=\"0e9108d\" data-element_type=\"container\" data-e-type=\"container\" data-settings=\"{&quot;background_background&quot;:&quot;gradient&quot;,&quot;shape_divider_bottom&quot;:&quot;waves&quot;}\">\n\t\t\t\t\t<div class=\"e-con-inner\">\n\t\t\t\t<div class=\"elementor-shape elementor-shape-bottom\" aria-hidden=\"true\" data-negative=\"false\">\n\t\t\t<svg xmlns=\"http:\/\/www.w3.org\/2000\/svg\" viewBox=\"0 0 1000 100\" preserveAspectRatio=\"none\">\n\t<path class=\"elementor-shape-fill\" d=\"M421.9,6.5c22.6-2.5,51.5,0.4,75.5,5.3c23.6,4.9,70.9,23.5,100.5,35.7c75.8,32.2,133.7,44.5,192.6,49.7\n\tc23.6,2.1,48.7,3.5,103.4-2.5c54.7-6,106.2-25.6,106.2-25.6V0H0v30.3c0,0,72,32.6,158.4,30.5c39.2-0.7,92.8-6.7,134-22.4\n\tc21.2-8.1,52.2-18.2,79.7-24.2C399.3,7.9,411.6,7.5,421.9,6.5z\"\/>\n<\/svg>\t\t<\/div>\n\t\t<div class=\"elementor-element elementor-element-41b8436 e-flex e-con-boxed e-con e-child\" data-id=\"41b8436\" data-element_type=\"container\" data-e-type=\"container\">\n\t\t\t\t\t<div class=\"e-con-inner\">\n\t\t\t\t<div class=\"elementor-element elementor-element-4b20a65 elementor-widget elementor-widget-heading\" data-id=\"4b20a65\" data-element_type=\"widget\" data-e-type=\"widget\" data-widget_type=\"heading.default\">\n\t\t\t\t<div class=\"elementor-widget-container\">\n\t\t\t\t\t<h1 class=\"elementor-heading-title elementor-size-default\">Jet d'eau Su\u00e8de | Near Net Cutting<\/h1>\t\t\t\t<\/div>\n\t\t\t\t<\/div>\n\t\t\t\t\t<\/div>\n\t\t\t\t<\/div>\n\t\t\t\t\t<\/div>\n\t\t\t\t<\/div>\n\t\t<div class=\"elementor-element elementor-element-20e8b0c e-flex e-con-boxed e-con e-parent\" data-id=\"20e8b0c\" data-element_type=\"container\" data-e-type=\"container\" data-settings=\"{&quot;background_background&quot;:&quot;classic&quot;}\">\n\t\t\t\t\t<div class=\"e-con-inner\">\n\t\t<div class=\"elementor-element elementor-element-3db032c e-con-full e-flex e-con e-child\" data-id=\"3db032c\" data-element_type=\"container\" data-e-type=\"container\">\n\t\t<div class=\"elementor-element elementor-element-7338999 e-flex e-con-boxed e-con e-child\" data-id=\"7338999\" data-element_type=\"container\" data-e-type=\"container\">\n\t\t\t\t\t<div class=\"e-con-inner\">\n\t\t\t\t<div class=\"elementor-element elementor-element-1d65ce3 elementor-widget__width-initial elementor-widget elementor-widget-image\" data-id=\"1d65ce3\" data-element_type=\"widget\" data-e-type=\"widget\" data-widget_type=\"image.default\">\n\t\t\t\t<div class=\"elementor-widget-container\">\n\t\t\t\t\t\t\t\t\t\t\t\t\t\t\t<img decoding=\"async\" width=\"166\" height=\"123\" data-src=\"https:\/\/kmtwaterjet.com\/wp-content\/uploads\/WATERJET-SWEDEN-STONE-CUTTING-headline-LOGO___Source.jpg\" class=\"attachment-full size-full wp-image-3837 lazyload\" alt=\"Water Jet Sweden logo\" src=\"data:image\/svg+xml;base64,PHN2ZyB3aWR0aD0iMSIgaGVpZ2h0PSIxIiB4bWxucz0iaHR0cDovL3d3dy53My5vcmcvMjAwMC9zdmciPjwvc3ZnPg==\" style=\"--smush-placeholder-width: 166px; --smush-placeholder-aspect-ratio: 166\/123;\" \/>\t\t\t\t\t\t\t\t\t\t\t\t\t\t\t<\/div>\n\t\t\t\t<\/div>\n\t\t\t\t<div class=\"elementor-element elementor-element-d577189 elementor-widget__width-initial elementor-widget elementor-widget-heading\" data-id=\"d577189\" data-element_type=\"widget\" data-e-type=\"widget\" data-widget_type=\"heading.default\">\n\t\t\t\t<div class=\"elementor-widget-container\">\n\t\t\t\t\t<h2 class=\"elementor-heading-title elementor-size-default\">Le jet d'eau est le proc\u00e9d\u00e9 de d\u00e9coupe le plus polyvalent.<\/h2>\t\t\t\t<\/div>\n\t\t\t\t<\/div>\n\t\t\t\t\t<\/div>\n\t\t\t\t<\/div>\n\t\t\t\t<div class=\"elementor-element elementor-element-8ac114c elementor-widget-divider--view-line elementor-widget elementor-widget-divider\" data-id=\"8ac114c\" data-element_type=\"widget\" data-e-type=\"widget\" data-widget_type=\"divider.default\">\n\t\t\t\t<div class=\"elementor-widget-container\">\n\t\t\t\t\t\t\t<div class=\"elementor-divider\">\n\t\t\t<span class=\"elementor-divider-separator\">\n\t\t\t\t\t\t<\/span>\n\t\t<\/div>\n\t\t\t\t\t\t<\/div>\n\t\t\t\t<\/div>\n\t\t\t\t<div class=\"elementor-element elementor-element-7503a8e elementor-widget elementor-widget-text-editor\" data-id=\"7503a8e\" data-element_type=\"widget\" data-e-type=\"widget\" data-widget_type=\"text-editor.default\">\n\t\t\t\t<div class=\"elementor-widget-container\">\n\t\t\t\t\t\t\t\t\t<p>Que vous souhaitiez en savoir plus sur le fonctionnement de la technologie, sur les solutions compl\u00e8tes que nous proposons ou que vous ayez besoin de trouver un atelier, nous sommes l\u00e0 pour vous aider.<\/p>\t\t\t\t\t\t\t\t<\/div>\n\t\t\t\t<\/div>\n\t\t\t\t<\/div>\n\t\t\t\t\t<\/div>\n\t\t\t\t<\/div>\n\t\t<div class=\"elementor-element elementor-element-623910e e-flex e-con-boxed e-con e-parent\" data-id=\"623910e\" data-element_type=\"container\" data-e-type=\"container\" data-settings=\"{&quot;shape_divider_bottom&quot;:&quot;waves&quot;,&quot;background_background&quot;:&quot;classic&quot;,&quot;shape_divider_top&quot;:&quot;waves&quot;}\">\n\t\t\t\t\t<div class=\"e-con-inner\">\n\t\t\t\t<div class=\"elementor-shape elementor-shape-top\" aria-hidden=\"true\" data-negative=\"false\">\n\t\t\t<svg xmlns=\"http:\/\/www.w3.org\/2000\/svg\" viewBox=\"0 0 1000 100\" preserveAspectRatio=\"none\">\n\t<path class=\"elementor-shape-fill\" d=\"M421.9,6.5c22.6-2.5,51.5,0.4,75.5,5.3c23.6,4.9,70.9,23.5,100.5,35.7c75.8,32.2,133.7,44.5,192.6,49.7\n\tc23.6,2.1,48.7,3.5,103.4-2.5c54.7-6,106.2-25.6,106.2-25.6V0H0v30.3c0,0,72,32.6,158.4,30.5c39.2-0.7,92.8-6.7,134-22.4\n\tc21.2-8.1,52.2-18.2,79.7-24.2C399.3,7.9,411.6,7.5,421.9,6.5z\"\/>\n<\/svg>\t\t<\/div>\n\t\t\t\t<div class=\"elementor-shape elementor-shape-bottom\" aria-hidden=\"true\" data-negative=\"false\">\n\t\t\t<svg xmlns=\"http:\/\/www.w3.org\/2000\/svg\" viewBox=\"0 0 1000 100\" preserveAspectRatio=\"none\">\n\t<path class=\"elementor-shape-fill\" d=\"M421.9,6.5c22.6-2.5,51.5,0.4,75.5,5.3c23.6,4.9,70.9,23.5,100.5,35.7c75.8,32.2,133.7,44.5,192.6,49.7\n\tc23.6,2.1,48.7,3.5,103.4-2.5c54.7-6,106.2-25.6,106.2-25.6V0H0v30.3c0,0,72,32.6,158.4,30.5c39.2-0.7,92.8-6.7,134-22.4\n\tc21.2-8.1,52.2-18.2,79.7-24.2C399.3,7.9,411.6,7.5,421.9,6.5z\"\/>\n<\/svg>\t\t<\/div>\n\t\t<div class=\"elementor-element elementor-element-e7b88e3 e-con-full e-flex e-con e-child\" data-id=\"e7b88e3\" data-element_type=\"container\" data-e-type=\"container\">\n\t\t<div class=\"elementor-element elementor-element-1cc3e9c e-flex e-con-boxed e-con e-child\" data-id=\"1cc3e9c\" data-element_type=\"container\" data-e-type=\"container\" data-settings=\"{&quot;background_background&quot;:&quot;classic&quot;}\">\n\t\t\t\t\t<div class=\"e-con-inner\">\n\t\t\t\t<div class=\"elementor-element elementor-element-86e0a89 elementor-widget elementor-widget-video\" data-id=\"86e0a89\" data-element_type=\"widget\" data-e-type=\"widget\" data-settings=\"{&quot;youtube_url&quot;:&quot;https:\\\/\\\/www.youtube.com\\\/watch?v=Lkp_CAGOQM0&quot;,&quot;show_image_overlay&quot;:&quot;yes&quot;,&quot;image_overlay&quot;:{&quot;url&quot;:&quot;https:\\\/\\\/kmtwaterjet.com\\\/wp-content\\\/uploads\\\/Water-Jet-Sweden-Recycling-Cutting-Video-Overlay___Source.jpg&quot;,&quot;id&quot;:3843,&quot;size&quot;:&quot;&quot;,&quot;alt&quot;:&quot;&quot;,&quot;source&quot;:&quot;library&quot;},&quot;video_type&quot;:&quot;youtube&quot;,&quot;controls&quot;:&quot;yes&quot;}\" data-widget_type=\"video.default\">\n\t\t\t\t<div class=\"elementor-widget-container\">\n\t\t\t\t\t\t\t<div class=\"elementor-wrapper elementor-open-inline\">\n\t\t\t<div class=\"elementor-video\"><\/div>\t\t\t\t<div class=\"elementor-custom-embed-image-overlay lazyload\" style=\"background-image:inherit;\" data-bg-image=\"url(https:\/\/kmtwaterjet.com\/wp-content\/uploads\/Water-Jet-Sweden-Recycling-Cutting-Video-Overlay___Source.jpg)\">\n\t\t\t\t\t\t\t\t\t\t\t\t\t\t\t\t<div class=\"elementor-custom-embed-play\" role=\"button\" aria-label=\"Lire la vid\u00e9o\" tabindex=\"0\">\n\t\t\t\t\t\t\t<i aria-hidden=\"true\" class=\"eicon-play\"><\/i>\t\t\t\t\t\t<\/div>\n\t\t\t\t\t\t\t\t\t<\/div>\n\t\t\t\t\t<\/div>\n\t\t\t\t\t\t<\/div>\n\t\t\t\t<\/div>\n\t\t\t\t\t<\/div>\n\t\t\t\t<\/div>\n\t\t\t\t<\/div>\n\t\t<div class=\"elementor-element elementor-element-58b1c35 e-con-full e-flex e-con e-child\" data-id=\"58b1c35\" data-element_type=\"container\" data-e-type=\"container\">\n\t\t\t\t<div class=\"elementor-element elementor-element-c162202 elementor-widget elementor-widget-heading\" data-id=\"c162202\" data-element_type=\"widget\" data-e-type=\"widget\" data-widget_type=\"heading.default\">\n\t\t\t\t<div class=\"elementor-widget-container\">\n\t\t\t\t\t<h2 class=\"elementor-heading-title elementor-size-default\">Water Jet Sweden AB | Possibilit\u00e9s de recyclage !\n<\/h2>\t\t\t\t<\/div>\n\t\t\t\t<\/div>\n\t\t\t\t<div class=\"elementor-element elementor-element-f70183e elementor-widget elementor-widget-text-editor\" data-id=\"f70183e\" data-element_type=\"widget\" data-e-type=\"widget\" data-widget_type=\"text-editor.default\">\n\t\t\t\t<div class=\"elementor-widget-container\">\n\t\t\t\t\t\t\t\t\t<p>Am\u00e9lioration du recyclage et de l&rsquo;utilisation des mat\u00e9riaux gr\u00e2ce \u00e0 la d\u00e9coupe au jet d&rsquo;eau &#8211; La d\u00e9coupe au jet d&rsquo;eau pr\u00e8s du filet transforme les d\u00e9chets en valeur ajout\u00e9e.<\/p>\t\t\t\t\t\t\t\t<\/div>\n\t\t\t\t<\/div>\n\t\t\t\t<\/div>\n\t\t\t\t\t<\/div>\n\t\t\t\t<\/div>\n\t\t\t\t<\/div>\n\t\t","protected":false},"excerpt":{"rendered":"<p>Jet d&rsquo;eau Su\u00e8de | Near Net Cutting Le jet d&rsquo;eau est le proc\u00e9d\u00e9 de d\u00e9coupe le plus polyvalent. Que vous souhaitiez en savoir plus sur le fonctionnement de la technologie, sur les solutions compl\u00e8tes que nous proposons ou que vous ayez besoin de trouver un atelier, nous sommes l\u00e0 pour vous aider. https:\/\/www.youtube.com\/watch?v=Lkp_CAGOQM0 Water Jet [&hellip;]<\/p>\n","protected":false},"author":17,"featured_media":0,"parent":0,"menu_order":0,"comment_status":"closed","ping_status":"closed","template":"elementor_header_footer","meta":{"_acf_changed":false,"footnotes":""},"page-type":[87],"class_list":["post-31487","page","type-page","status-publish","hentry","page-type-oem"],"acf":[],"yoast_head":"<!-- This site is optimized with the Yoast SEO plugin v27.3 - https:\/\/yoast.com\/product\/yoast-seo-wordpress\/ -->\n<title>Jet d&#039;eau Su\u00e8de | Near Net Cutting | KMT Waterjet<\/title>\n<meta name=\"description\" content=\"D\u00e9couvrez Water Jet Sweden near net cutting pour une meilleure pr\u00e9cision du recyclage des mat\u00e9riaux et des solutions polyvalentes de jet d&#039;eau.\" \/>\n<meta name=\"robots\" content=\"index, follow, max-snippet:-1, max-image-preview:large, max-video-preview:-1\" \/>\n<link rel=\"canonical\" href=\"https:\/\/kmtwaterjet.com\/fr\/oem-water-jet-sweden-near-net-cutting-decoupe-nette\/\" \/>\n<meta property=\"og:locale\" content=\"fr_FR\" \/>\n<meta property=\"og:type\" content=\"article\" \/>\n<meta property=\"og:title\" content=\"Jet d&#039;eau Su\u00e8de | Near Net Cutting | KMT Waterjet\" \/>\n<meta property=\"og:description\" content=\"D\u00e9couvrez Water Jet Sweden near net cutting pour une meilleure pr\u00e9cision du recyclage des mat\u00e9riaux et des solutions polyvalentes de jet d&#039;eau.\" \/>\n<meta property=\"og:url\" content=\"https:\/\/kmtwaterjet.com\/fr\/oem-water-jet-sweden-near-net-cutting-decoupe-nette\/\" \/>\n<meta property=\"og:site_name\" content=\"KMT Waterjet\" \/>\n<meta property=\"article:modified_time\" content=\"2025-03-20T17:39:33+00:00\" \/>\n<meta property=\"og:image\" content=\"https:\/\/kmtwaterjet.com\/wp-content\/uploads\/WATERJET-SWEDEN-STONE-CUTTING-headline-LOGO___Source.jpg\" \/>\n\t<meta property=\"og:image:width\" content=\"166\" \/>\n\t<meta property=\"og:image:height\" content=\"123\" \/>\n\t<meta property=\"og:image:type\" content=\"image\/jpeg\" \/>\n<meta name=\"twitter:card\" content=\"summary_large_image\" \/>\n<meta name=\"twitter:label1\" content=\"Dur\u00e9e de lecture estim\u00e9e\" \/>\n\t<meta name=\"twitter:data1\" content=\"1 minute\" \/>\n<script type=\"application\/ld+json\" class=\"yoast-schema-graph\">{\"@context\":\"https:\\\/\\\/schema.org\",\"@graph\":[{\"@type\":\"WebPage\",\"@id\":\"https:\\\/\\\/kmtwaterjet.com\\\/fr\\\/oem-water-jet-sweden-near-net-cutting-decoupe-nette\\\/\",\"url\":\"https:\\\/\\\/kmtwaterjet.com\\\/fr\\\/oem-water-jet-sweden-near-net-cutting-decoupe-nette\\\/\",\"name\":\"Jet d'eau Su\u00e8de | Near Net Cutting | KMT Waterjet\",\"isPartOf\":{\"@id\":\"https:\\\/\\\/kmtwaterjet.com\\\/fr\\\/#website\"},\"primaryImageOfPage\":{\"@id\":\"https:\\\/\\\/kmtwaterjet.com\\\/fr\\\/oem-water-jet-sweden-near-net-cutting-decoupe-nette\\\/#primaryimage\"},\"image\":{\"@id\":\"https:\\\/\\\/kmtwaterjet.com\\\/fr\\\/oem-water-jet-sweden-near-net-cutting-decoupe-nette\\\/#primaryimage\"},\"thumbnailUrl\":\"https:\\\/\\\/kmtwaterjet.com\\\/wp-content\\\/uploads\\\/WATERJET-SWEDEN-STONE-CUTTING-headline-LOGO___Source.jpg\",\"datePublished\":\"2024-01-26T20:04:57+00:00\",\"dateModified\":\"2025-03-20T17:39:33+00:00\",\"description\":\"D\u00e9couvrez Water Jet Sweden near net cutting pour une meilleure pr\u00e9cision du recyclage des mat\u00e9riaux et des solutions polyvalentes de jet d'eau.\",\"breadcrumb\":{\"@id\":\"https:\\\/\\\/kmtwaterjet.com\\\/fr\\\/oem-water-jet-sweden-near-net-cutting-decoupe-nette\\\/#breadcrumb\"},\"inLanguage\":\"fr-FR\",\"potentialAction\":[{\"@type\":\"ReadAction\",\"target\":[\"https:\\\/\\\/kmtwaterjet.com\\\/fr\\\/oem-water-jet-sweden-near-net-cutting-decoupe-nette\\\/\"]}]},{\"@type\":\"ImageObject\",\"inLanguage\":\"fr-FR\",\"@id\":\"https:\\\/\\\/kmtwaterjet.com\\\/fr\\\/oem-water-jet-sweden-near-net-cutting-decoupe-nette\\\/#primaryimage\",\"url\":\"https:\\\/\\\/kmtwaterjet.com\\\/wp-content\\\/uploads\\\/WATERJET-SWEDEN-STONE-CUTTING-headline-LOGO___Source.jpg\",\"contentUrl\":\"https:\\\/\\\/kmtwaterjet.com\\\/wp-content\\\/uploads\\\/WATERJET-SWEDEN-STONE-CUTTING-headline-LOGO___Source.jpg\"},{\"@type\":\"BreadcrumbList\",\"@id\":\"https:\\\/\\\/kmtwaterjet.com\\\/fr\\\/oem-water-jet-sweden-near-net-cutting-decoupe-nette\\\/#breadcrumb\",\"itemListElement\":[{\"@type\":\"ListItem\",\"position\":1,\"name\":\"Home\",\"item\":\"https:\\\/\\\/kmtwaterjet.com\\\/fr\\\/\"},{\"@type\":\"ListItem\",\"position\":2,\"name\":\"Jet d&#8217;eau Su\u00e8de | Near Net Cutting\"}]},{\"@type\":\"WebSite\",\"@id\":\"https:\\\/\\\/kmtwaterjet.com\\\/fr\\\/#website\",\"url\":\"https:\\\/\\\/kmtwaterjet.com\\\/fr\\\/\",\"name\":\"KMT Waterjet\",\"description\":\"KMT Waterjet for waterjet cutting metal, stone, glass, steel and more\",\"publisher\":{\"@id\":\"https:\\\/\\\/kmtwaterjet.com\\\/fr\\\/#organization\"},\"potentialAction\":[{\"@type\":\"SearchAction\",\"target\":{\"@type\":\"EntryPoint\",\"urlTemplate\":\"https:\\\/\\\/kmtwaterjet.com\\\/fr\\\/?s={search_term_string}\"},\"query-input\":{\"@type\":\"PropertyValueSpecification\",\"valueRequired\":true,\"valueName\":\"search_term_string\"}}],\"inLanguage\":\"fr-FR\"},{\"@type\":\"Organization\",\"@id\":\"https:\\\/\\\/kmtwaterjet.com\\\/fr\\\/#organization\",\"name\":\"KMT Waterjet\",\"url\":\"https:\\\/\\\/kmtwaterjet.com\\\/fr\\\/\",\"logo\":{\"@type\":\"ImageObject\",\"inLanguage\":\"fr-FR\",\"@id\":\"https:\\\/\\\/kmtwaterjet.com\\\/fr\\\/#\\\/schema\\\/logo\\\/image\\\/\",\"url\":\"https:\\\/\\\/kmtwaterjet.com\\\/wp-content\\\/uploads\\\/kmt_logo_2020.png\",\"contentUrl\":\"https:\\\/\\\/kmtwaterjet.com\\\/wp-content\\\/uploads\\\/kmt_logo_2020.png\",\"width\":1002,\"height\":605,\"caption\":\"KMT Waterjet\"},\"image\":{\"@id\":\"https:\\\/\\\/kmtwaterjet.com\\\/fr\\\/#\\\/schema\\\/logo\\\/image\\\/\"}}]}<\/script>\n<!-- \/ Yoast SEO plugin. -->","yoast_head_json":{"title":"Jet d'eau Su\u00e8de | Near Net Cutting | KMT Waterjet","description":"D\u00e9couvrez Water Jet Sweden near net cutting pour une meilleure pr\u00e9cision du recyclage des mat\u00e9riaux et des solutions polyvalentes de jet d'eau.","robots":{"index":"index","follow":"follow","max-snippet":"max-snippet:-1","max-image-preview":"max-image-preview:large","max-video-preview":"max-video-preview:-1"},"canonical":"https:\/\/kmtwaterjet.com\/fr\/oem-water-jet-sweden-near-net-cutting-decoupe-nette\/","og_locale":"fr_FR","og_type":"article","og_title":"Jet d'eau Su\u00e8de | Near Net Cutting | KMT Waterjet","og_description":"D\u00e9couvrez Water Jet Sweden near net cutting pour une meilleure pr\u00e9cision du recyclage des mat\u00e9riaux et des solutions polyvalentes de jet d'eau.","og_url":"https:\/\/kmtwaterjet.com\/fr\/oem-water-jet-sweden-near-net-cutting-decoupe-nette\/","og_site_name":"KMT Waterjet","article_modified_time":"2025-03-20T17:39:33+00:00","og_image":[{"width":166,"height":123,"url":"https:\/\/kmtwaterjet.com\/wp-content\/uploads\/WATERJET-SWEDEN-STONE-CUTTING-headline-LOGO___Source.jpg","type":"image\/jpeg"}],"twitter_card":"summary_large_image","twitter_misc":{"Dur\u00e9e de lecture estim\u00e9e":"1 minute"},"schema":{"@context":"https:\/\/schema.org","@graph":[{"@type":"WebPage","@id":"https:\/\/kmtwaterjet.com\/fr\/oem-water-jet-sweden-near-net-cutting-decoupe-nette\/","url":"https:\/\/kmtwaterjet.com\/fr\/oem-water-jet-sweden-near-net-cutting-decoupe-nette\/","name":"Jet d'eau Su\u00e8de | Near Net Cutting | KMT Waterjet","isPartOf":{"@id":"https:\/\/kmtwaterjet.com\/fr\/#website"},"primaryImageOfPage":{"@id":"https:\/\/kmtwaterjet.com\/fr\/oem-water-jet-sweden-near-net-cutting-decoupe-nette\/#primaryimage"},"image":{"@id":"https:\/\/kmtwaterjet.com\/fr\/oem-water-jet-sweden-near-net-cutting-decoupe-nette\/#primaryimage"},"thumbnailUrl":"https:\/\/kmtwaterjet.com\/wp-content\/uploads\/WATERJET-SWEDEN-STONE-CUTTING-headline-LOGO___Source.jpg","datePublished":"2024-01-26T20:04:57+00:00","dateModified":"2025-03-20T17:39:33+00:00","description":"D\u00e9couvrez Water Jet Sweden near net cutting pour une meilleure pr\u00e9cision du recyclage des mat\u00e9riaux et des solutions polyvalentes de jet d'eau.","breadcrumb":{"@id":"https:\/\/kmtwaterjet.com\/fr\/oem-water-jet-sweden-near-net-cutting-decoupe-nette\/#breadcrumb"},"inLanguage":"fr-FR","potentialAction":[{"@type":"ReadAction","target":["https:\/\/kmtwaterjet.com\/fr\/oem-water-jet-sweden-near-net-cutting-decoupe-nette\/"]}]},{"@type":"ImageObject","inLanguage":"fr-FR","@id":"https:\/\/kmtwaterjet.com\/fr\/oem-water-jet-sweden-near-net-cutting-decoupe-nette\/#primaryimage","url":"https:\/\/kmtwaterjet.com\/wp-content\/uploads\/WATERJET-SWEDEN-STONE-CUTTING-headline-LOGO___Source.jpg","contentUrl":"https:\/\/kmtwaterjet.com\/wp-content\/uploads\/WATERJET-SWEDEN-STONE-CUTTING-headline-LOGO___Source.jpg"},{"@type":"BreadcrumbList","@id":"https:\/\/kmtwaterjet.com\/fr\/oem-water-jet-sweden-near-net-cutting-decoupe-nette\/#breadcrumb","itemListElement":[{"@type":"ListItem","position":1,"name":"Home","item":"https:\/\/kmtwaterjet.com\/fr\/"},{"@type":"ListItem","position":2,"name":"Jet d&#8217;eau Su\u00e8de | Near Net Cutting"}]},{"@type":"WebSite","@id":"https:\/\/kmtwaterjet.com\/fr\/#website","url":"https:\/\/kmtwaterjet.com\/fr\/","name":"KMT Waterjet","description":"KMT Waterjet for waterjet cutting metal, stone, glass, steel and more","publisher":{"@id":"https:\/\/kmtwaterjet.com\/fr\/#organization"},"potentialAction":[{"@type":"SearchAction","target":{"@type":"EntryPoint","urlTemplate":"https:\/\/kmtwaterjet.com\/fr\/?s={search_term_string}"},"query-input":{"@type":"PropertyValueSpecification","valueRequired":true,"valueName":"search_term_string"}}],"inLanguage":"fr-FR"},{"@type":"Organization","@id":"https:\/\/kmtwaterjet.com\/fr\/#organization","name":"KMT Waterjet","url":"https:\/\/kmtwaterjet.com\/fr\/","logo":{"@type":"ImageObject","inLanguage":"fr-FR","@id":"https:\/\/kmtwaterjet.com\/fr\/#\/schema\/logo\/image\/","url":"https:\/\/kmtwaterjet.com\/wp-content\/uploads\/kmt_logo_2020.png","contentUrl":"https:\/\/kmtwaterjet.com\/wp-content\/uploads\/kmt_logo_2020.png","width":1002,"height":605,"caption":"KMT Waterjet"},"image":{"@id":"https:\/\/kmtwaterjet.com\/fr\/#\/schema\/logo\/image\/"}}]}},"_links":{"self":[{"href":"https:\/\/kmtwaterjet.com\/fr\/wp-json\/wp\/v2\/pages\/31487","targetHints":{"allow":["GET"]}}],"collection":[{"href":"https:\/\/kmtwaterjet.com\/fr\/wp-json\/wp\/v2\/pages"}],"about":[{"href":"https:\/\/kmtwaterjet.com\/fr\/wp-json\/wp\/v2\/types\/page"}],"author":[{"embeddable":true,"href":"https:\/\/kmtwaterjet.com\/fr\/wp-json\/wp\/v2\/users\/17"}],"replies":[{"embeddable":true,"href":"https:\/\/kmtwaterjet.com\/fr\/wp-json\/wp\/v2\/comments?post=31487"}],"version-history":[{"count":0,"href":"https:\/\/kmtwaterjet.com\/fr\/wp-json\/wp\/v2\/pages\/31487\/revisions"}],"wp:attachment":[{"href":"https:\/\/kmtwaterjet.com\/fr\/wp-json\/wp\/v2\/media?parent=31487"}],"wp:term":[{"taxonomy":"page-type","embeddable":true,"href":"https:\/\/kmtwaterjet.com\/fr\/wp-json\/wp\/v2\/page-type?post=31487"}],"curies":[{"name":"wp","href":"https:\/\/api.w.org\/{rel}","templated":true}]}}