{"id":30884,"date":"2024-06-13T10:24:36","date_gmt":"2024-06-13T15:24:36","guid":{"rendered":"https:\/\/kmtwaterjet.com\/a-propos-de-nous-les-pionniers-de-la-decoupe-au-jet-deau\/declaration-de-mission-de-vision-et-de-valeurs-du-kmt\/"},"modified":"2026-03-26T10:59:53","modified_gmt":"2026-03-26T15:59:53","slug":"declaration-de-mission-de-vision-et-de-valeurs-du-kmt","status":"publish","type":"page","link":"https:\/\/kmtwaterjet.com\/fr\/a-propos-de-nous-les-pionniers-de-la-decoupe-au-jet-deau\/declaration-de-mission-de-vision-et-de-valeurs-du-kmt\/","title":{"rendered":"Mission, vision et valeurs de KMT"},"content":{"rendered":"\t\t<div data-elementor-type=\"wp-page\" data-elementor-id=\"30884\" class=\"elementor elementor-30884 elementor-19356\" data-elementor-post-type=\"page\">\n\t\t\t\t<div class=\"elementor-element elementor-element-cb093e1 e-con-full e-flex e-con e-parent\" data-id=\"cb093e1\" data-element_type=\"container\" data-e-type=\"container\" data-settings=\"{&quot;background_background&quot;:&quot;classic&quot;,&quot;shape_divider_top&quot;:&quot;mountains&quot;}\">\n\t\t\t\t<div class=\"elementor-shape elementor-shape-top\" aria-hidden=\"true\" data-negative=\"false\">\n\t\t\t<svg xmlns=\"http:\/\/www.w3.org\/2000\/svg\" viewBox=\"0 0 1000 100\" preserveAspectRatio=\"none\">\n\t<path class=\"elementor-shape-fill\" opacity=\"0.33\" d=\"M473,67.3c-203.9,88.3-263.1-34-320.3,0C66,119.1,0,59.7,0,59.7V0h1000v59.7 c0,0-62.1,26.1-94.9,29.3c-32.8,3.3-62.8-12.3-75.8-22.1C806,49.6,745.3,8.7,694.9,4.7S492.4,59,473,67.3z\"\/>\n\t<path class=\"elementor-shape-fill\" opacity=\"0.66\" d=\"M734,67.3c-45.5,0-77.2-23.2-129.1-39.1c-28.6-8.7-150.3-10.1-254,39.1 s-91.7-34.4-149.2,0C115.7,118.3,0,39.8,0,39.8V0h1000v36.5c0,0-28.2-18.5-92.1-18.5C810.2,18.1,775.7,67.3,734,67.3z\"\/>\n\t<path class=\"elementor-shape-fill\" d=\"M766.1,28.9c-200-57.5-266,65.5-395.1,19.5C242,1.8,242,5.4,184.8,20.6C128,35.8,132.3,44.9,89.9,52.5C28.6,63.7,0,0,0,0 h1000c0,0-9.9,40.9-83.6,48.1S829.6,47,766.1,28.9z\"\/>\n<\/svg>\t\t<\/div>\n\t\t<div class=\"elementor-element elementor-element-180e2e1 e-flex e-con-boxed e-con e-child\" data-id=\"180e2e1\" data-element_type=\"container\" data-e-type=\"container\" data-settings=\"{&quot;background_background&quot;:&quot;classic&quot;,&quot;shape_divider_bottom&quot;:&quot;waves&quot;}\">\n\t\t\t\t\t<div class=\"e-con-inner\">\n\t\t\t\t<div class=\"elementor-shape elementor-shape-bottom\" aria-hidden=\"true\" data-negative=\"false\">\n\t\t\t<svg xmlns=\"http:\/\/www.w3.org\/2000\/svg\" viewBox=\"0 0 1000 100\" preserveAspectRatio=\"none\">\n\t<path class=\"elementor-shape-fill\" d=\"M421.9,6.5c22.6-2.5,51.5,0.4,75.5,5.3c23.6,4.9,70.9,23.5,100.5,35.7c75.8,32.2,133.7,44.5,192.6,49.7\n\tc23.6,2.1,48.7,3.5,103.4-2.5c54.7-6,106.2-25.6,106.2-25.6V0H0v30.3c0,0,72,32.6,158.4,30.5c39.2-0.7,92.8-6.7,134-22.4\n\tc21.2-8.1,52.2-18.2,79.7-24.2C399.3,7.9,411.6,7.5,421.9,6.5z\"\/>\n<\/svg>\t\t<\/div>\n\t\t\t\t<div class=\"elementor-element elementor-element-ef50307 elementor-widget__width-initial elementor-widget elementor-widget-heading\" data-id=\"ef50307\" data-element_type=\"widget\" data-e-type=\"widget\" data-widget_type=\"heading.default\">\n\t\t\t\t<div class=\"elementor-widget-container\">\n\t\t\t\t\t<h1 class=\"elementor-heading-title elementor-size-default\">MISSION, VISION ET VALEURS DE KMT WATERJET<\/h1>\t\t\t\t<\/div>\n\t\t\t\t<\/div>\n\t\t\t\t\t<\/div>\n\t\t\t\t<\/div>\n\t\t\t\t<\/div>\n\t\t<div class=\"elementor-element elementor-element-9ae9aca e-flex e-con-boxed e-con e-parent\" data-id=\"9ae9aca\" data-element_type=\"container\" data-e-type=\"container\">\n\t\t\t\t\t<div class=\"e-con-inner\">\n\t\t<div class=\"elementor-element elementor-element-e6d123b e-con-full e-flex e-con e-child\" data-id=\"e6d123b\" data-element_type=\"container\" data-e-type=\"container\">\n\t\t\t\t<div class=\"elementor-element elementor-element-ad0efbc elementor-widget elementor-widget-heading\" data-id=\"ad0efbc\" data-element_type=\"widget\" data-e-type=\"widget\" data-widget_type=\"heading.default\">\n\t\t\t\t<div class=\"elementor-widget-container\">\n\t\t\t\t\t<h2 class=\"elementor-heading-title elementor-size-default\">MISSION<\/h2>\t\t\t\t<\/div>\n\t\t\t\t<\/div>\n\t\t\t\t<div class=\"elementor-element elementor-element-e7f9a70 elementor-widget-divider--view-line elementor-widget elementor-widget-divider\" data-id=\"e7f9a70\" data-element_type=\"widget\" data-e-type=\"widget\" data-widget_type=\"divider.default\">\n\t\t\t\t<div class=\"elementor-widget-container\">\n\t\t\t\t\t\t\t<div class=\"elementor-divider\">\n\t\t\t<span class=\"elementor-divider-separator\">\n\t\t\t\t\t\t<\/span>\n\t\t<\/div>\n\t\t\t\t\t\t<\/div>\n\t\t\t\t<\/div>\n\t\t\t\t<div class=\"elementor-element elementor-element-6bc129c elementor-widget elementor-widget-text-editor\" data-id=\"6bc129c\" data-element_type=\"widget\" data-e-type=\"widget\" data-widget_type=\"text-editor.default\">\n\t\t\t\t<div class=\"elementor-widget-container\">\n\t\t\t\t\t\t\t\t\t<p>KMT poursuivra avec audace et sans rel\u00e2che son engagement \u00e0 permettre \u00e0 ses clients de b\u00e9n\u00e9ficier de produits innovants soutenus par un service et une assistance fanatiques, \u00e0 fournir un environnement stimulant et favorable au travail et au d\u00e9veloppement de ses employ\u00e9s, et \u00e0 faciliter la r\u00e9ussite de ses fournisseurs et de ses partenaires gr\u00e2ce \u00e0 une communication solide et \u00e0 son attachement \u00e0 une culture de la collaboration.<\/p>\t\t\t\t\t\t\t\t<\/div>\n\t\t\t\t<\/div>\n\t\t\t\t<div class=\"elementor-element elementor-element-2652cf8 elementor-widget elementor-widget-heading\" data-id=\"2652cf8\" data-element_type=\"widget\" data-e-type=\"widget\" data-widget_type=\"heading.default\">\n\t\t\t\t<div class=\"elementor-widget-container\">\n\t\t\t\t\t<h2 class=\"elementor-heading-title elementor-size-default\">VISION<\/h2>\t\t\t\t<\/div>\n\t\t\t\t<\/div>\n\t\t\t\t<div class=\"elementor-element elementor-element-7692b5b elementor-widget-divider--view-line elementor-widget elementor-widget-divider\" data-id=\"7692b5b\" data-element_type=\"widget\" data-e-type=\"widget\" data-widget_type=\"divider.default\">\n\t\t\t\t<div class=\"elementor-widget-container\">\n\t\t\t\t\t\t\t<div class=\"elementor-divider\">\n\t\t\t<span class=\"elementor-divider-separator\">\n\t\t\t\t\t\t<\/span>\n\t\t<\/div>\n\t\t\t\t\t\t<\/div>\n\t\t\t\t<\/div>\n\t\t\t\t<div class=\"elementor-element elementor-element-673cd8a elementor-widget elementor-widget-text-editor\" data-id=\"673cd8a\" data-element_type=\"widget\" data-e-type=\"widget\" data-widget_type=\"text-editor.default\">\n\t\t\t\t<div class=\"elementor-widget-container\">\n\t\t\t\t\t\t\t\t\t<p>En tant que pionnier de la technologie de l&rsquo;eau \u00e0 ultra-haute pression, KMT est d\u00e9termin\u00e9 \u00e0 poursuivre son h\u00e9ritage en tant qu&rsquo;innovateur de choix pour la communaut\u00e9 mondiale des fabricants, en fournissant des technologies de d\u00e9coupe, de formage et de pressurisation con\u00e7ues avec inspiration et en prolongeant leur valeur gr\u00e2ce \u00e0 un service et un soutien in\u00e9gal\u00e9s pour nos clients.<\/p><p><img fetchpriority=\"high\" decoding=\"async\" class=\"alignright size-full wp-image-17466\" src=\"https:\/\/kmtwaterjet.com\/wp-content\/uploads\/KMT-WATERJET-COMPLETE-CUTTING-SYSTEM-COMPONENTS-GRAPHIC.png\" alt=\"\" width=\"1000\" height=\"424\" srcset=\"https:\/\/kmtwaterjet.com\/wp-content\/uploads\/KMT-WATERJET-COMPLETE-CUTTING-SYSTEM-COMPONENTS-GRAPHIC.png 1000w, https:\/\/kmtwaterjet.com\/wp-content\/uploads\/KMT-WATERJET-COMPLETE-CUTTING-SYSTEM-COMPONENTS-GRAPHIC-300x127.png 300w, https:\/\/kmtwaterjet.com\/wp-content\/uploads\/KMT-WATERJET-COMPLETE-CUTTING-SYSTEM-COMPONENTS-GRAPHIC-768x326.png 768w\" sizes=\"(max-width: 1000px) 100vw, 1000px\" \/><\/p>\t\t\t\t\t\t\t\t<\/div>\n\t\t\t\t<\/div>\n\t\t\t\t<\/div>\n\t\t<div class=\"elementor-element elementor-element-6c64f62 e-con-full e-flex e-con e-child\" data-id=\"6c64f62\" data-element_type=\"container\" data-e-type=\"container\">\n\t\t<div class=\"elementor-element elementor-element-26bb391 e-con-full e-flex e-con e-child\" data-id=\"26bb391\" data-element_type=\"container\" data-e-type=\"container\">\n\t\t\t\t<div class=\"elementor-element elementor-element-f7fc0ed elementor-widget elementor-widget-heading\" data-id=\"f7fc0ed\" data-element_type=\"widget\" data-e-type=\"widget\" data-widget_type=\"heading.default\">\n\t\t\t\t<div class=\"elementor-widget-container\">\n\t\t\t\t\t<h2 class=\"elementor-heading-title elementor-size-default\">VALEURS<\/h2>\t\t\t\t<\/div>\n\t\t\t\t<\/div>\n\t\t\t\t<div class=\"elementor-element elementor-element-e0a1126 elementor-widget-divider--view-line elementor-widget elementor-widget-divider\" data-id=\"e0a1126\" data-element_type=\"widget\" data-e-type=\"widget\" data-widget_type=\"divider.default\">\n\t\t\t\t<div class=\"elementor-widget-container\">\n\t\t\t\t\t\t\t<div class=\"elementor-divider\">\n\t\t\t<span class=\"elementor-divider-separator\">\n\t\t\t\t\t\t<\/span>\n\t\t<\/div>\n\t\t\t\t\t\t<\/div>\n\t\t\t\t<\/div>\n\t\t\t\t<div class=\"elementor-element elementor-element-e8d5bbf elementor-widget elementor-widget-text-editor\" data-id=\"e8d5bbf\" data-element_type=\"widget\" data-e-type=\"widget\" data-widget_type=\"text-editor.default\">\n\t\t\t\t<div class=\"elementor-widget-container\">\n\t\t\t\t\t\t\t\t\t<p><strong>Sant\u00e9 et s\u00e9curit\u00e9 &#8211;<\/strong> Nous sommes intransigeants quant \u00e0 notre engagement en faveur de la sant\u00e9 et de la s\u00e9curit\u00e9 de nos employ\u00e9s, de nos sous-traitants et de nos clients. La s\u00e9curit\u00e9 est la responsabilit\u00e9 de chacun. <\/p><p>Nos collaborateurs <strong>&#8211;<\/strong> Nous pensons que nos collaborateurs sont nos meilleurs atouts et nous leur offrons des possibilit\u00e9s de croissance et de d\u00e9veloppement \u00e0 l&rsquo;\u00e9chelle mondiale.<\/p><p><strong>Clients &#8211;<\/strong> Nos clients, comme nos collaborateurs, sont au c\u0153ur de notre activit\u00e9. Nous accordons une importance primordiale \u00e0 ces relations. <\/p><p><strong>Solutions &#8211;<\/strong> Nous repoussons les limites de la technologie avanc\u00e9e pour fournir des solutions innovantes qui am\u00e9liorent les op\u00e9rations de nos clients.<\/p><p><strong>Qualit\u00e9 &#8211;<\/strong> Nous nous effor\u00e7ons d&rsquo;atteindre des normes \u00e9lev\u00e9es dans nos services, nos produits et nos m\u00e9thodologies de gestion de projet. Nous allons au-del\u00e0 des attentes de nos clients. <\/p><p><strong>Flexibilit\u00e9 &#8211;<\/strong> Nous sommes fiers d&rsquo;\u00eatre agiles et flexibles tout en restant faciles \u00e0 g\u00e9rer. Nous avons l&rsquo;esprit d&rsquo;entreprise. <\/p><p><strong>Durabilit\u00e9 &#8211;<\/strong> Nous nous comportons de mani\u00e8re socialement responsable, en respectant tous les droits de l&rsquo;homme et en prot\u00e9geant notre environnement.<\/p>\t\t\t\t\t\t\t\t<\/div>\n\t\t\t\t<\/div>\n\t\t\t\t<\/div>\n\t\t\t\t<\/div>\n\t\t\t\t\t<\/div>\n\t\t\t\t<\/div>\n\t\t\t\t<\/div>\n\t\t","protected":false},"excerpt":{"rendered":"<p>MISSION, VISION ET VALEURS DE KMT WATERJET MISSION KMT poursuivra avec audace et sans rel\u00e2che son engagement \u00e0 permettre \u00e0 ses clients de b\u00e9n\u00e9ficier de produits innovants soutenus par un service et une assistance fanatiques, \u00e0 fournir un environnement stimulant et favorable au travail et au d\u00e9veloppement de ses employ\u00e9s, et \u00e0 faciliter la r\u00e9ussite [&hellip;]<\/p>\n","protected":false},"author":11,"featured_media":0,"parent":25177,"menu_order":0,"comment_status":"closed","ping_status":"closed","template":"elementor_header_footer","meta":{"_acf_changed":false,"footnotes":""},"page-type":[],"class_list":["post-30884","page","type-page","status-publish","hentry"],"acf":[],"yoast_head":"<!-- This site is optimized with the Yoast SEO plugin v27.3 - https:\/\/yoast.com\/product\/yoast-seo-wordpress\/ -->\n<title>Mission, vision et valeurs de KMT | KMT Waterjet<\/title>\n<meta name=\"description\" content=\"KMT fournit des solutions innovantes pour l&#039;eau \u00e0 tr\u00e8s haute pression, soutenues par un service exceptionnel, la s\u00e9curit\u00e9 et un engagement \u00e0 la r\u00e9ussite du client.\" \/>\n<meta name=\"robots\" content=\"index, follow, max-snippet:-1, max-image-preview:large, max-video-preview:-1\" \/>\n<link rel=\"canonical\" href=\"https:\/\/kmtwaterjet.com\/fr\/a-propos-de-nous-les-pionniers-de-la-decoupe-au-jet-deau\/declaration-de-mission-de-vision-et-de-valeurs-du-kmt\/\" \/>\n<meta property=\"og:locale\" content=\"fr_FR\" \/>\n<meta property=\"og:type\" content=\"article\" \/>\n<meta property=\"og:title\" content=\"Mission, vision et valeurs de KMT | KMT Waterjet\" \/>\n<meta property=\"og:description\" content=\"KMT fournit des solutions innovantes pour l&#039;eau \u00e0 tr\u00e8s haute pression, soutenues par un service exceptionnel, la s\u00e9curit\u00e9 et un engagement \u00e0 la r\u00e9ussite du client.\" \/>\n<meta property=\"og:url\" content=\"https:\/\/kmtwaterjet.com\/fr\/a-propos-de-nous-les-pionniers-de-la-decoupe-au-jet-deau\/declaration-de-mission-de-vision-et-de-valeurs-du-kmt\/\" \/>\n<meta property=\"og:site_name\" content=\"KMT Waterjet\" \/>\n<meta property=\"article:modified_time\" content=\"2026-03-26T15:59:53+00:00\" \/>\n<meta property=\"og:image\" content=\"https:\/\/kmtwaterjet.com\/wp-content\/uploads\/KMT-WATERJET-COMPLETE-CUTTING-SYSTEM-COMPONENTS-GRAPHIC.png\" \/>\n\t<meta property=\"og:image:width\" content=\"1000\" \/>\n\t<meta property=\"og:image:height\" content=\"424\" \/>\n\t<meta property=\"og:image:type\" content=\"image\/png\" \/>\n<meta name=\"twitter:card\" content=\"summary_large_image\" \/>\n<meta name=\"twitter:label1\" content=\"Dur\u00e9e de lecture estim\u00e9e\" \/>\n\t<meta name=\"twitter:data1\" content=\"2 minutes\" \/>\n<script type=\"application\/ld+json\" class=\"yoast-schema-graph\">{\"@context\":\"https:\\\/\\\/schema.org\",\"@graph\":[{\"@type\":\"WebPage\",\"@id\":\"https:\\\/\\\/kmtwaterjet.com\\\/fr\\\/a-propos-de-nous-les-pionniers-de-la-decoupe-au-jet-deau\\\/declaration-de-mission-de-vision-et-de-valeurs-du-kmt\\\/\",\"url\":\"https:\\\/\\\/kmtwaterjet.com\\\/fr\\\/a-propos-de-nous-les-pionniers-de-la-decoupe-au-jet-deau\\\/declaration-de-mission-de-vision-et-de-valeurs-du-kmt\\\/\",\"name\":\"Mission, vision et valeurs de KMT | KMT Waterjet\",\"isPartOf\":{\"@id\":\"https:\\\/\\\/kmtwaterjet.com\\\/fr\\\/#website\"},\"primaryImageOfPage\":{\"@id\":\"https:\\\/\\\/kmtwaterjet.com\\\/fr\\\/a-propos-de-nous-les-pionniers-de-la-decoupe-au-jet-deau\\\/declaration-de-mission-de-vision-et-de-valeurs-du-kmt\\\/#primaryimage\"},\"image\":{\"@id\":\"https:\\\/\\\/kmtwaterjet.com\\\/fr\\\/a-propos-de-nous-les-pionniers-de-la-decoupe-au-jet-deau\\\/declaration-de-mission-de-vision-et-de-valeurs-du-kmt\\\/#primaryimage\"},\"thumbnailUrl\":\"https:\\\/\\\/kmtwaterjet.com\\\/wp-content\\\/uploads\\\/KMT-WATERJET-COMPLETE-CUTTING-SYSTEM-COMPONENTS-GRAPHIC.png\",\"datePublished\":\"2024-06-13T15:24:36+00:00\",\"dateModified\":\"2026-03-26T15:59:53+00:00\",\"description\":\"KMT fournit des solutions innovantes pour l'eau \u00e0 tr\u00e8s haute pression, soutenues par un service exceptionnel, la s\u00e9curit\u00e9 et un engagement \u00e0 la r\u00e9ussite du client.\",\"breadcrumb\":{\"@id\":\"https:\\\/\\\/kmtwaterjet.com\\\/fr\\\/a-propos-de-nous-les-pionniers-de-la-decoupe-au-jet-deau\\\/declaration-de-mission-de-vision-et-de-valeurs-du-kmt\\\/#breadcrumb\"},\"inLanguage\":\"fr-FR\",\"potentialAction\":[{\"@type\":\"ReadAction\",\"target\":[\"https:\\\/\\\/kmtwaterjet.com\\\/fr\\\/a-propos-de-nous-les-pionniers-de-la-decoupe-au-jet-deau\\\/declaration-de-mission-de-vision-et-de-valeurs-du-kmt\\\/\"]}]},{\"@type\":\"ImageObject\",\"inLanguage\":\"fr-FR\",\"@id\":\"https:\\\/\\\/kmtwaterjet.com\\\/fr\\\/a-propos-de-nous-les-pionniers-de-la-decoupe-au-jet-deau\\\/declaration-de-mission-de-vision-et-de-valeurs-du-kmt\\\/#primaryimage\",\"url\":\"https:\\\/\\\/kmtwaterjet.com\\\/wp-content\\\/uploads\\\/KMT-WATERJET-COMPLETE-CUTTING-SYSTEM-COMPONENTS-GRAPHIC.png\",\"contentUrl\":\"https:\\\/\\\/kmtwaterjet.com\\\/wp-content\\\/uploads\\\/KMT-WATERJET-COMPLETE-CUTTING-SYSTEM-COMPONENTS-GRAPHIC.png\"},{\"@type\":\"BreadcrumbList\",\"@id\":\"https:\\\/\\\/kmtwaterjet.com\\\/fr\\\/a-propos-de-nous-les-pionniers-de-la-decoupe-au-jet-deau\\\/declaration-de-mission-de-vision-et-de-valeurs-du-kmt\\\/#breadcrumb\",\"itemListElement\":[{\"@type\":\"ListItem\",\"position\":1,\"name\":\"Home\",\"item\":\"https:\\\/\\\/kmtwaterjet.com\\\/fr\\\/\"},{\"@type\":\"ListItem\",\"position\":2,\"name\":\"\u00c0 propos de nous : Les pionniers de la d\u00e9coupe au jet d&#8217;eau\",\"item\":\"https:\\\/\\\/kmtwaterjet.com\\\/fr\\\/a-propos-de-nous-les-pionniers-de-la-decoupe-au-jet-deau\\\/\"},{\"@type\":\"ListItem\",\"position\":3,\"name\":\"Mission, vision et valeurs de KMT\"}]},{\"@type\":\"WebSite\",\"@id\":\"https:\\\/\\\/kmtwaterjet.com\\\/fr\\\/#website\",\"url\":\"https:\\\/\\\/kmtwaterjet.com\\\/fr\\\/\",\"name\":\"KMT Waterjet\",\"description\":\"KMT Waterjet for waterjet cutting metal, stone, glass, steel and more\",\"publisher\":{\"@id\":\"https:\\\/\\\/kmtwaterjet.com\\\/fr\\\/#organization\"},\"potentialAction\":[{\"@type\":\"SearchAction\",\"target\":{\"@type\":\"EntryPoint\",\"urlTemplate\":\"https:\\\/\\\/kmtwaterjet.com\\\/fr\\\/?s={search_term_string}\"},\"query-input\":{\"@type\":\"PropertyValueSpecification\",\"valueRequired\":true,\"valueName\":\"search_term_string\"}}],\"inLanguage\":\"fr-FR\"},{\"@type\":\"Organization\",\"@id\":\"https:\\\/\\\/kmtwaterjet.com\\\/fr\\\/#organization\",\"name\":\"KMT Waterjet\",\"url\":\"https:\\\/\\\/kmtwaterjet.com\\\/fr\\\/\",\"logo\":{\"@type\":\"ImageObject\",\"inLanguage\":\"fr-FR\",\"@id\":\"https:\\\/\\\/kmtwaterjet.com\\\/fr\\\/#\\\/schema\\\/logo\\\/image\\\/\",\"url\":\"https:\\\/\\\/kmtwaterjet.com\\\/wp-content\\\/uploads\\\/kmt_logo_2020.png\",\"contentUrl\":\"https:\\\/\\\/kmtwaterjet.com\\\/wp-content\\\/uploads\\\/kmt_logo_2020.png\",\"width\":1002,\"height\":605,\"caption\":\"KMT Waterjet\"},\"image\":{\"@id\":\"https:\\\/\\\/kmtwaterjet.com\\\/fr\\\/#\\\/schema\\\/logo\\\/image\\\/\"}}]}<\/script>\n<!-- \/ Yoast SEO plugin. -->","yoast_head_json":{"title":"Mission, vision et valeurs de KMT | KMT Waterjet","description":"KMT fournit des solutions innovantes pour l'eau \u00e0 tr\u00e8s haute pression, soutenues par un service exceptionnel, la s\u00e9curit\u00e9 et un engagement \u00e0 la r\u00e9ussite du client.","robots":{"index":"index","follow":"follow","max-snippet":"max-snippet:-1","max-image-preview":"max-image-preview:large","max-video-preview":"max-video-preview:-1"},"canonical":"https:\/\/kmtwaterjet.com\/fr\/a-propos-de-nous-les-pionniers-de-la-decoupe-au-jet-deau\/declaration-de-mission-de-vision-et-de-valeurs-du-kmt\/","og_locale":"fr_FR","og_type":"article","og_title":"Mission, vision et valeurs de KMT | KMT Waterjet","og_description":"KMT fournit des solutions innovantes pour l'eau \u00e0 tr\u00e8s haute pression, soutenues par un service exceptionnel, la s\u00e9curit\u00e9 et un engagement \u00e0 la r\u00e9ussite du client.","og_url":"https:\/\/kmtwaterjet.com\/fr\/a-propos-de-nous-les-pionniers-de-la-decoupe-au-jet-deau\/declaration-de-mission-de-vision-et-de-valeurs-du-kmt\/","og_site_name":"KMT Waterjet","article_modified_time":"2026-03-26T15:59:53+00:00","og_image":[{"width":1000,"height":424,"url":"https:\/\/kmtwaterjet.com\/wp-content\/uploads\/KMT-WATERJET-COMPLETE-CUTTING-SYSTEM-COMPONENTS-GRAPHIC.png","type":"image\/png"}],"twitter_card":"summary_large_image","twitter_misc":{"Dur\u00e9e de lecture estim\u00e9e":"2 minutes"},"schema":{"@context":"https:\/\/schema.org","@graph":[{"@type":"WebPage","@id":"https:\/\/kmtwaterjet.com\/fr\/a-propos-de-nous-les-pionniers-de-la-decoupe-au-jet-deau\/declaration-de-mission-de-vision-et-de-valeurs-du-kmt\/","url":"https:\/\/kmtwaterjet.com\/fr\/a-propos-de-nous-les-pionniers-de-la-decoupe-au-jet-deau\/declaration-de-mission-de-vision-et-de-valeurs-du-kmt\/","name":"Mission, vision et valeurs de KMT | KMT Waterjet","isPartOf":{"@id":"https:\/\/kmtwaterjet.com\/fr\/#website"},"primaryImageOfPage":{"@id":"https:\/\/kmtwaterjet.com\/fr\/a-propos-de-nous-les-pionniers-de-la-decoupe-au-jet-deau\/declaration-de-mission-de-vision-et-de-valeurs-du-kmt\/#primaryimage"},"image":{"@id":"https:\/\/kmtwaterjet.com\/fr\/a-propos-de-nous-les-pionniers-de-la-decoupe-au-jet-deau\/declaration-de-mission-de-vision-et-de-valeurs-du-kmt\/#primaryimage"},"thumbnailUrl":"https:\/\/kmtwaterjet.com\/wp-content\/uploads\/KMT-WATERJET-COMPLETE-CUTTING-SYSTEM-COMPONENTS-GRAPHIC.png","datePublished":"2024-06-13T15:24:36+00:00","dateModified":"2026-03-26T15:59:53+00:00","description":"KMT fournit des solutions innovantes pour l'eau \u00e0 tr\u00e8s haute pression, soutenues par un service exceptionnel, la s\u00e9curit\u00e9 et un engagement \u00e0 la r\u00e9ussite du client.","breadcrumb":{"@id":"https:\/\/kmtwaterjet.com\/fr\/a-propos-de-nous-les-pionniers-de-la-decoupe-au-jet-deau\/declaration-de-mission-de-vision-et-de-valeurs-du-kmt\/#breadcrumb"},"inLanguage":"fr-FR","potentialAction":[{"@type":"ReadAction","target":["https:\/\/kmtwaterjet.com\/fr\/a-propos-de-nous-les-pionniers-de-la-decoupe-au-jet-deau\/declaration-de-mission-de-vision-et-de-valeurs-du-kmt\/"]}]},{"@type":"ImageObject","inLanguage":"fr-FR","@id":"https:\/\/kmtwaterjet.com\/fr\/a-propos-de-nous-les-pionniers-de-la-decoupe-au-jet-deau\/declaration-de-mission-de-vision-et-de-valeurs-du-kmt\/#primaryimage","url":"https:\/\/kmtwaterjet.com\/wp-content\/uploads\/KMT-WATERJET-COMPLETE-CUTTING-SYSTEM-COMPONENTS-GRAPHIC.png","contentUrl":"https:\/\/kmtwaterjet.com\/wp-content\/uploads\/KMT-WATERJET-COMPLETE-CUTTING-SYSTEM-COMPONENTS-GRAPHIC.png"},{"@type":"BreadcrumbList","@id":"https:\/\/kmtwaterjet.com\/fr\/a-propos-de-nous-les-pionniers-de-la-decoupe-au-jet-deau\/declaration-de-mission-de-vision-et-de-valeurs-du-kmt\/#breadcrumb","itemListElement":[{"@type":"ListItem","position":1,"name":"Home","item":"https:\/\/kmtwaterjet.com\/fr\/"},{"@type":"ListItem","position":2,"name":"\u00c0 propos de nous : Les pionniers de la d\u00e9coupe au jet d&#8217;eau","item":"https:\/\/kmtwaterjet.com\/fr\/a-propos-de-nous-les-pionniers-de-la-decoupe-au-jet-deau\/"},{"@type":"ListItem","position":3,"name":"Mission, vision et valeurs de KMT"}]},{"@type":"WebSite","@id":"https:\/\/kmtwaterjet.com\/fr\/#website","url":"https:\/\/kmtwaterjet.com\/fr\/","name":"KMT Waterjet","description":"KMT Waterjet for waterjet cutting metal, stone, glass, steel and more","publisher":{"@id":"https:\/\/kmtwaterjet.com\/fr\/#organization"},"potentialAction":[{"@type":"SearchAction","target":{"@type":"EntryPoint","urlTemplate":"https:\/\/kmtwaterjet.com\/fr\/?s={search_term_string}"},"query-input":{"@type":"PropertyValueSpecification","valueRequired":true,"valueName":"search_term_string"}}],"inLanguage":"fr-FR"},{"@type":"Organization","@id":"https:\/\/kmtwaterjet.com\/fr\/#organization","name":"KMT Waterjet","url":"https:\/\/kmtwaterjet.com\/fr\/","logo":{"@type":"ImageObject","inLanguage":"fr-FR","@id":"https:\/\/kmtwaterjet.com\/fr\/#\/schema\/logo\/image\/","url":"https:\/\/kmtwaterjet.com\/wp-content\/uploads\/kmt_logo_2020.png","contentUrl":"https:\/\/kmtwaterjet.com\/wp-content\/uploads\/kmt_logo_2020.png","width":1002,"height":605,"caption":"KMT Waterjet"},"image":{"@id":"https:\/\/kmtwaterjet.com\/fr\/#\/schema\/logo\/image\/"}}]}},"_links":{"self":[{"href":"https:\/\/kmtwaterjet.com\/fr\/wp-json\/wp\/v2\/pages\/30884","targetHints":{"allow":["GET"]}}],"collection":[{"href":"https:\/\/kmtwaterjet.com\/fr\/wp-json\/wp\/v2\/pages"}],"about":[{"href":"https:\/\/kmtwaterjet.com\/fr\/wp-json\/wp\/v2\/types\/page"}],"author":[{"embeddable":true,"href":"https:\/\/kmtwaterjet.com\/fr\/wp-json\/wp\/v2\/users\/11"}],"replies":[{"embeddable":true,"href":"https:\/\/kmtwaterjet.com\/fr\/wp-json\/wp\/v2\/comments?post=30884"}],"version-history":[{"count":0,"href":"https:\/\/kmtwaterjet.com\/fr\/wp-json\/wp\/v2\/pages\/30884\/revisions"}],"up":[{"embeddable":true,"href":"https:\/\/kmtwaterjet.com\/fr\/wp-json\/wp\/v2\/pages\/25177"}],"wp:attachment":[{"href":"https:\/\/kmtwaterjet.com\/fr\/wp-json\/wp\/v2\/media?parent=30884"}],"wp:term":[{"taxonomy":"page-type","embeddable":true,"href":"https:\/\/kmtwaterjet.com\/fr\/wp-json\/wp\/v2\/page-type?post=30884"}],"curies":[{"name":"wp","href":"https:\/\/api.w.org\/{rel}","templated":true}]}}