{"id":43914,"date":"2026-04-01T09:53:42","date_gmt":"2026-04-01T14:53:42","guid":{"rendered":"https:\/\/kmtwaterjet.com\/?page_id=43914"},"modified":"2026-04-02T14:26:13","modified_gmt":"2026-04-02T19:26:13","slug":"oem-northwood-machine-sawjet-5","status":"publish","type":"page","link":"https:\/\/kmtwaterjet.com\/fr-ca\/oem-northwood-machine-sawjet-5\/","title":{"rendered":"OEM LAGUNA CNC WATERJET CUTTERS"},"content":{"rendered":"\t\t<div data-elementor-type=\"wp-page\" data-elementor-id=\"43914\" class=\"elementor elementor-43914 elementor-43909\" data-elementor-post-type=\"page\">\n\t\t\t\t<div class=\"elementor-element elementor-element-a5186ce e-flex e-con-boxed e-con e-parent\" data-id=\"a5186ce\" data-element_type=\"container\" data-e-type=\"container\">\n\t\t\t\t\t<div class=\"e-con-inner\">\n\t\t\t\t<div class=\"elementor-element elementor-element-27eaaf2 elementor-widget elementor-widget-heading\" data-id=\"27eaaf2\" data-element_type=\"widget\" data-e-type=\"widget\" data-widget_type=\"heading.default\">\n\t\t\t\t<div class=\"elementor-widget-container\">\n\t\t\t\t\t<h1 class=\"elementor-heading-title elementor-size-default\">LAGUNA TOOLS MACHINES DE D\u00c9COUPE AU JET D'EAU CNC<\/h1>\t\t\t\t<\/div>\n\t\t\t\t<\/div>\n\t\t\t\t<div class=\"elementor-element elementor-element-9016e52 elementor-widget-divider--view-line elementor-widget elementor-widget-divider\" data-id=\"9016e52\" data-element_type=\"widget\" data-e-type=\"widget\" data-widget_type=\"divider.default\">\n\t\t\t\t<div class=\"elementor-widget-container\">\n\t\t\t\t\t\t\t<div class=\"elementor-divider\">\n\t\t\t<span class=\"elementor-divider-separator\">\n\t\t\t\t\t\t<\/span>\n\t\t<\/div>\n\t\t\t\t\t\t<\/div>\n\t\t\t\t<\/div>\n\t\t\t\t\t<\/div>\n\t\t\t\t<\/div>\n\t\t<div class=\"elementor-element elementor-element-08404e0 e-flex e-con-boxed e-con e-parent\" data-id=\"08404e0\" data-element_type=\"container\" data-e-type=\"container\">\n\t\t\t\t\t<div class=\"e-con-inner\">\n\t\t\t\t<div class=\"elementor-element elementor-element-7e9b4d7 elementor-widget elementor-widget-image\" data-id=\"7e9b4d7\" data-element_type=\"widget\" data-e-type=\"widget\" data-widget_type=\"image.default\">\n\t\t\t\t<div class=\"elementor-widget-container\">\n\t\t\t\t\t\t\t\t\t\t\t\t\t\t\t<img fetchpriority=\"high\" decoding=\"async\" width=\"1392\" height=\"518\" src=\"https:\/\/kmtwaterjet.com\/wp-content\/uploads\/LAGUNA-WATERJET-CUTTING-SYSTEM-TABLES-BANNER.jpg\" class=\"attachment-full size-full wp-image-43929\" alt=\"Laguna Waterjet Cutting Tables\" srcset=\"https:\/\/kmtwaterjet.com\/wp-content\/uploads\/LAGUNA-WATERJET-CUTTING-SYSTEM-TABLES-BANNER.jpg 1392w, https:\/\/kmtwaterjet.com\/wp-content\/uploads\/LAGUNA-WATERJET-CUTTING-SYSTEM-TABLES-BANNER-300x112.jpg 300w, https:\/\/kmtwaterjet.com\/wp-content\/uploads\/LAGUNA-WATERJET-CUTTING-SYSTEM-TABLES-BANNER-1024x381.jpg 1024w, https:\/\/kmtwaterjet.com\/wp-content\/uploads\/LAGUNA-WATERJET-CUTTING-SYSTEM-TABLES-BANNER-768x286.jpg 768w\" sizes=\"(max-width: 1392px) 100vw, 1392px\" \/>\t\t\t\t\t\t\t\t\t\t\t\t\t\t\t<\/div>\n\t\t\t\t<\/div>\n\t\t\t\t\t<\/div>\n\t\t\t\t<\/div>\n\t\t<div class=\"elementor-element elementor-element-5761e3a e-grid e-con-boxed e-con e-parent\" data-id=\"5761e3a\" data-element_type=\"container\" data-e-type=\"container\">\n\t\t\t\t\t<div class=\"e-con-inner\">\n\t\t\t\t<div class=\"elementor-element elementor-element-b79cae4 elementor-widget elementor-widget-image\" data-id=\"b79cae4\" data-element_type=\"widget\" data-e-type=\"widget\" data-widget_type=\"image.default\">\n\t\t\t\t<div class=\"elementor-widget-container\">\n\t\t\t\t\t\t\t\t\t\t\t\t\t\t\t<img decoding=\"async\" width=\"474\" height=\"263\" data-src=\"https:\/\/kmtwaterjet.com\/wp-content\/uploads\/LAGUNA-TOOLS-CNC-WATERJET-CUTTING-LOGO.jpg\" class=\"attachment-large size-large wp-image-43930 lazyload\" alt=\"Laguna Logo\" data-srcset=\"https:\/\/kmtwaterjet.com\/wp-content\/uploads\/LAGUNA-TOOLS-CNC-WATERJET-CUTTING-LOGO.jpg 474w, https:\/\/kmtwaterjet.com\/wp-content\/uploads\/LAGUNA-TOOLS-CNC-WATERJET-CUTTING-LOGO-300x166.jpg 300w\" data-sizes=\"(max-width: 474px) 100vw, 474px\" src=\"data:image\/svg+xml;base64,PHN2ZyB3aWR0aD0iMSIgaGVpZ2h0PSIxIiB4bWxucz0iaHR0cDovL3d3dy53My5vcmcvMjAwMC9zdmciPjwvc3ZnPg==\" style=\"--smush-placeholder-width: 474px; --smush-placeholder-aspect-ratio: 474\/263;\" \/>\t\t\t\t\t\t\t\t\t\t\t\t\t\t\t<\/div>\n\t\t\t\t<\/div>\n\t\t\t\t<div class=\"elementor-element elementor-element-932967f elementor-widget elementor-widget-text-editor\" data-id=\"932967f\" data-element_type=\"widget\" data-e-type=\"widget\" data-widget_type=\"text-editor.default\">\n\t\t\t\t<div class=\"elementor-widget-container\">\n\t\t\t\t\t\t\t\t\t<p><em><strong>Qualit\u00e9 in\u00e9gal\u00e9e des ar\u00eates avec les machines CNC \u00e0 jet d&rsquo;eau de Laguna Tools<\/strong><\/em><\/p><p><strong>D\u00e9coupeurs \u00e0 jet d&rsquo;eau<\/strong><br>Les machines CNC \u00e0 jet d&rsquo;eau utilisent de l&rsquo;eau \u00e0 haute pression pour d\u00e9couper divers mat\u00e9riaux, couramment utilis\u00e9s dans l&rsquo;a\u00e9rospatiale, l&rsquo;automobile et l&rsquo;\u00e9lectronique. Les machines de d\u00e9coupe au jet d&rsquo;eau CNC de Laguna offrent des performances \u00e9lev\u00e9es pour la d\u00e9coupe de m\u00e9taux plus \u00e9pais et de produits sensibles \u00e0 la chaleur, sans sacrifier la qualit\u00e9 des ar\u00eates. <\/p>\t\t\t\t\t\t\t\t<\/div>\n\t\t\t\t<\/div>\n\t\t\t\t\t<\/div>\n\t\t\t\t<\/div>\n\t\t<div class=\"elementor-element elementor-element-ea56cbc e-flex e-con-boxed e-con e-parent\" data-id=\"ea56cbc\" data-element_type=\"container\" data-e-type=\"container\">\n\t\t\t\t\t<div class=\"e-con-inner\">\n\t\t\t\t<div class=\"elementor-element elementor-element-3b30ee9 elementor-widget-divider--view-line elementor-widget elementor-widget-divider\" data-id=\"3b30ee9\" data-element_type=\"widget\" data-e-type=\"widget\" data-widget_type=\"divider.default\">\n\t\t\t\t<div class=\"elementor-widget-container\">\n\t\t\t\t\t\t\t<div class=\"elementor-divider\">\n\t\t\t<span class=\"elementor-divider-separator\">\n\t\t\t\t\t\t<\/span>\n\t\t<\/div>\n\t\t\t\t\t\t<\/div>\n\t\t\t\t<\/div>\n\t\t\t\t\t<\/div>\n\t\t\t\t<\/div>\n\t\t<div class=\"elementor-element elementor-element-56cd23b e-grid e-con-boxed e-con e-parent\" data-id=\"56cd23b\" data-element_type=\"container\" data-e-type=\"container\">\n\t\t\t\t\t<div class=\"e-con-inner\">\n\t\t\t\t<div class=\"elementor-element elementor-element-63f321b elementor-widget elementor-widget-image\" data-id=\"63f321b\" data-element_type=\"widget\" data-e-type=\"widget\" data-widget_type=\"image.default\">\n\t\t\t\t<div class=\"elementor-widget-container\">\n\t\t\t\t\t\t\t\t\t\t\t\t<figure class=\"wp-caption\">\n\t\t\t\t\t\t\t\t\t\t<img decoding=\"async\" width=\"800\" height=\"384\" data-src=\"https:\/\/kmtwaterjet.com\/wp-content\/uploads\/Laguna-SmartJet-Waterjet-Cutter-Table-1024x492.jpg\" class=\"attachment-large size-large wp-image-44320 lazyload\" alt=\"Laguna SmartJet Waterjet Cutter Table\" data-srcset=\"https:\/\/kmtwaterjet.com\/wp-content\/uploads\/Laguna-SmartJet-Waterjet-Cutter-Table-1024x492.jpg 1024w, https:\/\/kmtwaterjet.com\/wp-content\/uploads\/Laguna-SmartJet-Waterjet-Cutter-Table-300x144.jpg 300w, https:\/\/kmtwaterjet.com\/wp-content\/uploads\/Laguna-SmartJet-Waterjet-Cutter-Table-768x369.jpg 768w, https:\/\/kmtwaterjet.com\/wp-content\/uploads\/Laguna-SmartJet-Waterjet-Cutter-Table.jpg 1400w\" data-sizes=\"(max-width: 800px) 100vw, 800px\" src=\"data:image\/svg+xml;base64,PHN2ZyB3aWR0aD0iMSIgaGVpZ2h0PSIxIiB4bWxucz0iaHR0cDovL3d3dy53My5vcmcvMjAwMC9zdmciPjwvc3ZnPg==\" style=\"--smush-placeholder-width: 800px; --smush-placeholder-aspect-ratio: 800\/384;\" \/>\t\t\t\t\t\t\t\t\t\t\t<figcaption class=\"widget-image-caption wp-caption-text\">Table de d\u00e9coupe au jet d'eau Laguna SmartJet<\/figcaption>\n\t\t\t\t\t\t\t\t\t\t<\/figure>\n\t\t\t\t\t\t\t\t\t<\/div>\n\t\t\t\t<\/div>\n\t\t\t\t<div class=\"elementor-element elementor-element-82a276b elementor-widget elementor-widget-image\" data-id=\"82a276b\" data-element_type=\"widget\" data-e-type=\"widget\" data-widget_type=\"image.default\">\n\t\t\t\t<div class=\"elementor-widget-container\">\n\t\t\t\t\t\t\t\t\t\t\t\t<figure class=\"wp-caption\">\n\t\t\t\t\t\t\t\t\t\t<img decoding=\"async\" width=\"800\" height=\"384\" data-src=\"https:\/\/kmtwaterjet.com\/wp-content\/uploads\/LAGUNA-STEM-Education-Services-1024x492.jpg\" class=\"attachment-large size-large wp-image-44321 lazyload\" alt=\"CNC Machine Education Logo\" data-srcset=\"https:\/\/kmtwaterjet.com\/wp-content\/uploads\/LAGUNA-STEM-Education-Services-1024x492.jpg 1024w, https:\/\/kmtwaterjet.com\/wp-content\/uploads\/LAGUNA-STEM-Education-Services-300x144.jpg 300w, https:\/\/kmtwaterjet.com\/wp-content\/uploads\/LAGUNA-STEM-Education-Services-768x369.jpg 768w, https:\/\/kmtwaterjet.com\/wp-content\/uploads\/LAGUNA-STEM-Education-Services.jpg 1400w\" data-sizes=\"(max-width: 800px) 100vw, 800px\" src=\"data:image\/svg+xml;base64,PHN2ZyB3aWR0aD0iMSIgaGVpZ2h0PSIxIiB4bWxucz0iaHR0cDovL3d3dy53My5vcmcvMjAwMC9zdmciPjwvc3ZnPg==\" style=\"--smush-placeholder-width: 800px; --smush-placeholder-aspect-ratio: 800\/384;\" \/>\t\t\t\t\t\t\t\t\t\t\t<figcaption class=\"widget-image-caption wp-caption-text\">LAGUNA STEM Services \u00e9ducatifs<\/figcaption>\n\t\t\t\t\t\t\t\t\t\t<\/figure>\n\t\t\t\t\t\t\t\t\t<\/div>\n\t\t\t\t<\/div>\n\t\t\t\t\t<\/div>\n\t\t\t\t<\/div>\n\t\t<div class=\"elementor-element elementor-element-6b78d1e e-flex e-con-boxed e-con e-parent\" data-id=\"6b78d1e\" data-element_type=\"container\" data-e-type=\"container\">\n\t\t\t\t\t<div class=\"e-con-inner\">\n\t\t\t\t<div class=\"elementor-element elementor-element-9115298 elementor-widget elementor-widget-spacer\" data-id=\"9115298\" data-element_type=\"widget\" data-e-type=\"widget\" data-widget_type=\"spacer.default\">\n\t\t\t\t<div class=\"elementor-widget-container\">\n\t\t\t\t\t\t\t<div class=\"elementor-spacer\">\n\t\t\t<div class=\"elementor-spacer-inner\"><\/div>\n\t\t<\/div>\n\t\t\t\t\t\t<\/div>\n\t\t\t\t<\/div>\n\t\t\t\t\t<\/div>\n\t\t\t\t<\/div>\n\t\t<div class=\"elementor-element elementor-element-5abe2a5 e-flex e-con-boxed e-con e-parent\" data-id=\"5abe2a5\" data-element_type=\"container\" data-e-type=\"container\">\n\t\t\t\t\t<div class=\"e-con-inner\">\n\t\t\t\t<div class=\"elementor-element elementor-element-ae0216d elementor-widget elementor-widget-heading\" data-id=\"ae0216d\" data-element_type=\"widget\" data-e-type=\"widget\" data-widget_type=\"heading.default\">\n\t\t\t\t<div class=\"elementor-widget-container\">\n\t\t\t\t\t<h2 class=\"elementor-heading-title elementor-size-default\">A PROPOS DES EQUIPEMENTS DE DECOUPE AU JET D'EAU LAGUNA<\/h2>\t\t\t\t<\/div>\n\t\t\t\t<\/div>\n\t\t\t\t<div class=\"elementor-element elementor-element-8b293f1 elementor-widget elementor-widget-text-editor\" data-id=\"8b293f1\" data-element_type=\"widget\" data-e-type=\"widget\" data-widget_type=\"text-editor.default\">\n\t\t\t\t<div class=\"elementor-widget-container\">\n\t\t\t\t\t\t\t\t\t<div class=\"section\"><ul class=\"list-inside list-disc whitespace-normal [li_&amp;]:pl-6\" data-streamdown=\"unordered-list\"><li class=\"py-1 [&amp;&gt;p]:inline\" data-streamdown=\"list-item\"><strong>Qualit\u00e9 des bords in\u00e9gal\u00e9e avec les machines CNC Waterjet de Laguna Tools<\/strong><br>Lorsque la pr\u00e9cision et la qualit\u00e9 sup\u00e9rieure des bords sont essentielles pour votre entreprise, les machines CNC Waterjet de Laguna Tools constituent le choix optimal. Utilisant des syst\u00e8mes de pompe \u00e0 haute pression de premi\u00e8re qualit\u00e9, ces machines fournissent des coupes exceptionnellement propres, lisses et pr\u00e9cises sur une large gamme de mat\u00e9riaux, y compris les m\u00e9taux, le verre et les composites, sans induire de zones affect\u00e9es par la chaleur. Cette technique de d\u00e9coupe \u00e0 froid garantit que vos conceptions complexes et vos fabrications d\u00e9taill\u00e9es sont ex\u00e9cut\u00e9es de mani\u00e8re impeccable, en \u00e9liminant les probl\u00e8mes tels que l&rsquo;\u00e9cume et les bavures g\u00e9n\u00e9ralement associ\u00e9s \u00e0 d&rsquo;autres m\u00e9thodes de d\u00e9coupe. Gr\u00e2ce \u00e0 l&rsquo;engagement de Laguna Tools en mati\u00e8re d&rsquo;innovation et de qualit\u00e9, nos machines CNC \u00e0 jet d&rsquo;eau offrent la fiabilit\u00e9 et l&rsquo;excellence requises pour les projets les plus exigeants.   <\/li><\/ul><ul><li><strong>Choisir la bonne machine \u00e0 jet d&rsquo;eau<\/strong><br>Avec autant d&rsquo;options sur le march\u00e9, il peut \u00eatre difficile de discerner le type de machine CNC qui convient le mieux \u00e0 votre entreprise. Gardez les facteurs suivants \u00e0 l&rsquo;esprit lorsque vous choisissez une machine : <\/li><\/ul><p><strong>Objectif :<\/strong> comment utiliserez-vous la machine et quels mat\u00e9riaux allez-vous d\u00e9couper ? Cela d\u00e9terminera le type de machine et la taille de la table de d\u00e9coupe dont vous avez besoin. <br><strong>M\u00e9thode de d\u00e9coupe :<\/strong> Avez-vous besoin d&rsquo;un syst\u00e8me \u00e0 eau uniquement ou pr\u00e9f\u00e9rez-vous une t\u00eate de d\u00e9coupe \u00e0 jet d&rsquo;eau abrasif ?<br><strong>Capacit\u00e9s de coupe :<\/strong> Selon le type de pi\u00e8ces que vous produisez, vous pouvez avoir besoin d&rsquo;une machine \u00e0 jet d&rsquo;eau \u00e0 trois ou cinq axes.<br><strong>Personnalisation :<\/strong> Avez-vous besoin d&rsquo;une solution logicielle pr\u00eate \u00e0 l&#8217;emploi ou recherchez-vous des param\u00e8tres et des fonctions plus personnalisables ?<\/p><ul><li>L<strong>&lsquo;engagement de Laguna Tools en faveur de la pr\u00e9cision et de l&rsquo;excellence<\/strong><br>En tant que fournisseur de premier plan d&rsquo;\u00e9quipements de contr\u00f4le CNC et de machines industrielles, Laguna Tools est votre source privil\u00e9gi\u00e9e pour les machines CNC \u00e0 jet d&rsquo;eau, les machines de d\u00e9coupe au plasma, et bien plus encore. Fond\u00e9e en 1983, l&rsquo;\u00e9quipe de Laguna Tools poss\u00e8de une vaste exp\u00e9rience au service des professionnels du travail des m\u00e9taux, de la fabrication d&rsquo;enseignes et des industries connexes. Laguna Tools a des distributeurs \u00e0 travers les Etats-Unis et au-del\u00e0, offrant un service client rapide et une formation CNC. Le financement CNC par un tiers est disponible pour les clients qui remplissent les conditions requises.   <\/li><\/ul><p> <\/p><hr><p> <\/p><p><span style=\"color: #000000;\"><em><strong>\u221a Veuillez remplir le formulaire ci-dessous et un repr\u00e9sentant vous contactera dans les plus brefs d\u00e9lais.<\/strong><\/em><\/span><\/p><\/div>\t\t\t\t\t\t\t\t<\/div>\n\t\t\t\t<\/div>\n\t\t\t\t\t<\/div>\n\t\t\t\t<\/div>\n\t\t\t\t<\/div>\n\t\t","protected":false},"excerpt":{"rendered":"<p>LAGUNA TOOLS MACHINES DE D\u00c9COUPE AU JET D&rsquo;EAU CNC Qualit\u00e9 in\u00e9gal\u00e9e des ar\u00eates avec les machines CNC \u00e0 jet d&rsquo;eau de Laguna Tools D\u00e9coupeurs \u00e0 jet d&rsquo;eauLes machines CNC \u00e0 jet d&rsquo;eau utilisent de l&rsquo;eau \u00e0 haute pression pour d\u00e9couper divers mat\u00e9riaux, couramment utilis\u00e9s dans l&rsquo;a\u00e9rospatiale, l&rsquo;automobile et l&rsquo;\u00e9lectronique. Les machines de d\u00e9coupe au jet [&hellip;]<\/p>\n","protected":false},"author":12,"featured_media":0,"parent":0,"menu_order":0,"comment_status":"closed","ping_status":"closed","template":"","meta":{"_acf_changed":false,"footnotes":""},"page-type":[],"class_list":["post-43914","page","type-page","status-publish","hentry"],"acf":[],"yoast_head":"<!-- This site is optimized with the Yoast SEO plugin v27.3 - https:\/\/yoast.com\/product\/yoast-seo-wordpress\/ -->\n<title>OEM LAGUNA CNC WATERJET CUTTERS | KMT Waterjet<\/title>\n<meta name=\"robots\" content=\"index, follow, max-snippet:-1, max-image-preview:large, max-video-preview:-1\" \/>\n<link rel=\"canonical\" href=\"https:\/\/kmtwaterjet.com\/fr-ca\/oem-northwood-machine-sawjet-5\/\" \/>\n<meta property=\"og:locale\" content=\"fr_CA\" \/>\n<meta property=\"og:type\" content=\"article\" \/>\n<meta property=\"og:title\" content=\"OEM LAGUNA CNC WATERJET CUTTERS | KMT Waterjet\" \/>\n<meta property=\"og:description\" content=\"LAGUNA TOOLS MACHINES DE D\u00c9COUPE AU JET D&rsquo;EAU CNC Qualit\u00e9 in\u00e9gal\u00e9e des ar\u00eates avec les machines CNC \u00e0 jet d&rsquo;eau de Laguna Tools D\u00e9coupeurs \u00e0 jet d&rsquo;eauLes machines CNC \u00e0 jet d&rsquo;eau utilisent de l&rsquo;eau \u00e0 haute pression pour d\u00e9couper divers mat\u00e9riaux, couramment utilis\u00e9s dans l&rsquo;a\u00e9rospatiale, l&rsquo;automobile et l&rsquo;\u00e9lectronique. Les machines de d\u00e9coupe au jet [&hellip;]\" \/>\n<meta property=\"og:url\" content=\"https:\/\/kmtwaterjet.com\/fr-ca\/oem-northwood-machine-sawjet-5\/\" \/>\n<meta property=\"og:site_name\" content=\"KMT Waterjet\" \/>\n<meta property=\"article:modified_time\" content=\"2026-04-02T19:26:13+00:00\" \/>\n<meta property=\"og:image\" content=\"https:\/\/kmtwaterjet.com\/wp-content\/uploads\/LAGUNA-WATERJET-CUTTING-SYSTEM-TABLES-BANNER.jpg\" \/>\n\t<meta property=\"og:image:width\" content=\"1392\" \/>\n\t<meta property=\"og:image:height\" content=\"518\" \/>\n\t<meta property=\"og:image:type\" content=\"image\/jpeg\" \/>\n<meta name=\"twitter:card\" content=\"summary_large_image\" \/>\n<meta name=\"twitter:label1\" content=\"Estimation du temps de lecture\" \/>\n\t<meta name=\"twitter:data1\" content=\"3 minutes\" \/>\n<script type=\"application\/ld+json\" class=\"yoast-schema-graph\">{\"@context\":\"https:\\\/\\\/schema.org\",\"@graph\":[{\"@type\":\"WebPage\",\"@id\":\"https:\\\/\\\/kmtwaterjet.com\\\/fr-ca\\\/oem-northwood-machine-sawjet-5\\\/\",\"url\":\"https:\\\/\\\/kmtwaterjet.com\\\/fr-ca\\\/oem-northwood-machine-sawjet-5\\\/\",\"name\":\"OEM LAGUNA CNC WATERJET CUTTERS | KMT Waterjet\",\"isPartOf\":{\"@id\":\"https:\\\/\\\/kmtwaterjet.com\\\/fr-ca\\\/#website\"},\"primaryImageOfPage\":{\"@id\":\"https:\\\/\\\/kmtwaterjet.com\\\/fr-ca\\\/oem-northwood-machine-sawjet-5\\\/#primaryimage\"},\"image\":{\"@id\":\"https:\\\/\\\/kmtwaterjet.com\\\/fr-ca\\\/oem-northwood-machine-sawjet-5\\\/#primaryimage\"},\"thumbnailUrl\":\"https:\\\/\\\/kmtwaterjet.com\\\/wp-content\\\/uploads\\\/LAGUNA-WATERJET-CUTTING-SYSTEM-TABLES-BANNER.jpg\",\"datePublished\":\"2026-04-01T14:53:42+00:00\",\"dateModified\":\"2026-04-02T19:26:13+00:00\",\"breadcrumb\":{\"@id\":\"https:\\\/\\\/kmtwaterjet.com\\\/fr-ca\\\/oem-northwood-machine-sawjet-5\\\/#breadcrumb\"},\"inLanguage\":\"fr-CA\",\"potentialAction\":[{\"@type\":\"ReadAction\",\"target\":[\"https:\\\/\\\/kmtwaterjet.com\\\/fr-ca\\\/oem-northwood-machine-sawjet-5\\\/\"]}]},{\"@type\":\"ImageObject\",\"inLanguage\":\"fr-CA\",\"@id\":\"https:\\\/\\\/kmtwaterjet.com\\\/fr-ca\\\/oem-northwood-machine-sawjet-5\\\/#primaryimage\",\"url\":\"https:\\\/\\\/kmtwaterjet.com\\\/wp-content\\\/uploads\\\/LAGUNA-WATERJET-CUTTING-SYSTEM-TABLES-BANNER.jpg\",\"contentUrl\":\"https:\\\/\\\/kmtwaterjet.com\\\/wp-content\\\/uploads\\\/LAGUNA-WATERJET-CUTTING-SYSTEM-TABLES-BANNER.jpg\"},{\"@type\":\"BreadcrumbList\",\"@id\":\"https:\\\/\\\/kmtwaterjet.com\\\/fr-ca\\\/oem-northwood-machine-sawjet-5\\\/#breadcrumb\",\"itemListElement\":[{\"@type\":\"ListItem\",\"position\":1,\"name\":\"Home\",\"item\":\"https:\\\/\\\/kmtwaterjet.com\\\/fr-ca\\\/\"},{\"@type\":\"ListItem\",\"position\":2,\"name\":\"OEM LAGUNA CNC WATERJET CUTTERS\"}]},{\"@type\":\"WebSite\",\"@id\":\"https:\\\/\\\/kmtwaterjet.com\\\/fr-ca\\\/#website\",\"url\":\"https:\\\/\\\/kmtwaterjet.com\\\/fr-ca\\\/\",\"name\":\"KMT Waterjet\",\"description\":\"KMT Waterjet for waterjet cutting metal, stone, glass, steel and more\",\"publisher\":{\"@id\":\"https:\\\/\\\/kmtwaterjet.com\\\/fr-ca\\\/#organization\"},\"potentialAction\":[{\"@type\":\"SearchAction\",\"target\":{\"@type\":\"EntryPoint\",\"urlTemplate\":\"https:\\\/\\\/kmtwaterjet.com\\\/fr-ca\\\/?s={search_term_string}\"},\"query-input\":{\"@type\":\"PropertyValueSpecification\",\"valueRequired\":true,\"valueName\":\"search_term_string\"}}],\"inLanguage\":\"fr-CA\"},{\"@type\":\"Organization\",\"@id\":\"https:\\\/\\\/kmtwaterjet.com\\\/fr-ca\\\/#organization\",\"name\":\"KMT Waterjet\",\"url\":\"https:\\\/\\\/kmtwaterjet.com\\\/fr-ca\\\/\",\"logo\":{\"@type\":\"ImageObject\",\"inLanguage\":\"fr-CA\",\"@id\":\"https:\\\/\\\/kmtwaterjet.com\\\/fr-ca\\\/#\\\/schema\\\/logo\\\/image\\\/\",\"url\":\"https:\\\/\\\/kmtwaterjet.com\\\/wp-content\\\/uploads\\\/kmt_logo_2020.png\",\"contentUrl\":\"https:\\\/\\\/kmtwaterjet.com\\\/wp-content\\\/uploads\\\/kmt_logo_2020.png\",\"width\":1002,\"height\":605,\"caption\":\"KMT Waterjet\"},\"image\":{\"@id\":\"https:\\\/\\\/kmtwaterjet.com\\\/fr-ca\\\/#\\\/schema\\\/logo\\\/image\\\/\"}}]}<\/script>\n<!-- \/ Yoast SEO plugin. -->","yoast_head_json":{"title":"OEM LAGUNA CNC WATERJET CUTTERS | KMT Waterjet","robots":{"index":"index","follow":"follow","max-snippet":"max-snippet:-1","max-image-preview":"max-image-preview:large","max-video-preview":"max-video-preview:-1"},"canonical":"https:\/\/kmtwaterjet.com\/fr-ca\/oem-northwood-machine-sawjet-5\/","og_locale":"fr_CA","og_type":"article","og_title":"OEM LAGUNA CNC WATERJET CUTTERS | KMT Waterjet","og_description":"LAGUNA TOOLS MACHINES DE D\u00c9COUPE AU JET D&rsquo;EAU CNC Qualit\u00e9 in\u00e9gal\u00e9e des ar\u00eates avec les machines CNC \u00e0 jet d&rsquo;eau de Laguna Tools D\u00e9coupeurs \u00e0 jet d&rsquo;eauLes machines CNC \u00e0 jet d&rsquo;eau utilisent de l&rsquo;eau \u00e0 haute pression pour d\u00e9couper divers mat\u00e9riaux, couramment utilis\u00e9s dans l&rsquo;a\u00e9rospatiale, l&rsquo;automobile et l&rsquo;\u00e9lectronique. Les machines de d\u00e9coupe au jet [&hellip;]","og_url":"https:\/\/kmtwaterjet.com\/fr-ca\/oem-northwood-machine-sawjet-5\/","og_site_name":"KMT Waterjet","article_modified_time":"2026-04-02T19:26:13+00:00","og_image":[{"width":1392,"height":518,"url":"https:\/\/kmtwaterjet.com\/wp-content\/uploads\/LAGUNA-WATERJET-CUTTING-SYSTEM-TABLES-BANNER.jpg","type":"image\/jpeg"}],"twitter_card":"summary_large_image","twitter_misc":{"Estimation du temps de lecture":"3 minutes"},"schema":{"@context":"https:\/\/schema.org","@graph":[{"@type":"WebPage","@id":"https:\/\/kmtwaterjet.com\/fr-ca\/oem-northwood-machine-sawjet-5\/","url":"https:\/\/kmtwaterjet.com\/fr-ca\/oem-northwood-machine-sawjet-5\/","name":"OEM LAGUNA CNC WATERJET CUTTERS | KMT Waterjet","isPartOf":{"@id":"https:\/\/kmtwaterjet.com\/fr-ca\/#website"},"primaryImageOfPage":{"@id":"https:\/\/kmtwaterjet.com\/fr-ca\/oem-northwood-machine-sawjet-5\/#primaryimage"},"image":{"@id":"https:\/\/kmtwaterjet.com\/fr-ca\/oem-northwood-machine-sawjet-5\/#primaryimage"},"thumbnailUrl":"https:\/\/kmtwaterjet.com\/wp-content\/uploads\/LAGUNA-WATERJET-CUTTING-SYSTEM-TABLES-BANNER.jpg","datePublished":"2026-04-01T14:53:42+00:00","dateModified":"2026-04-02T19:26:13+00:00","breadcrumb":{"@id":"https:\/\/kmtwaterjet.com\/fr-ca\/oem-northwood-machine-sawjet-5\/#breadcrumb"},"inLanguage":"fr-CA","potentialAction":[{"@type":"ReadAction","target":["https:\/\/kmtwaterjet.com\/fr-ca\/oem-northwood-machine-sawjet-5\/"]}]},{"@type":"ImageObject","inLanguage":"fr-CA","@id":"https:\/\/kmtwaterjet.com\/fr-ca\/oem-northwood-machine-sawjet-5\/#primaryimage","url":"https:\/\/kmtwaterjet.com\/wp-content\/uploads\/LAGUNA-WATERJET-CUTTING-SYSTEM-TABLES-BANNER.jpg","contentUrl":"https:\/\/kmtwaterjet.com\/wp-content\/uploads\/LAGUNA-WATERJET-CUTTING-SYSTEM-TABLES-BANNER.jpg"},{"@type":"BreadcrumbList","@id":"https:\/\/kmtwaterjet.com\/fr-ca\/oem-northwood-machine-sawjet-5\/#breadcrumb","itemListElement":[{"@type":"ListItem","position":1,"name":"Home","item":"https:\/\/kmtwaterjet.com\/fr-ca\/"},{"@type":"ListItem","position":2,"name":"OEM LAGUNA CNC WATERJET CUTTERS"}]},{"@type":"WebSite","@id":"https:\/\/kmtwaterjet.com\/fr-ca\/#website","url":"https:\/\/kmtwaterjet.com\/fr-ca\/","name":"KMT Waterjet","description":"KMT Waterjet for waterjet cutting metal, stone, glass, steel and more","publisher":{"@id":"https:\/\/kmtwaterjet.com\/fr-ca\/#organization"},"potentialAction":[{"@type":"SearchAction","target":{"@type":"EntryPoint","urlTemplate":"https:\/\/kmtwaterjet.com\/fr-ca\/?s={search_term_string}"},"query-input":{"@type":"PropertyValueSpecification","valueRequired":true,"valueName":"search_term_string"}}],"inLanguage":"fr-CA"},{"@type":"Organization","@id":"https:\/\/kmtwaterjet.com\/fr-ca\/#organization","name":"KMT Waterjet","url":"https:\/\/kmtwaterjet.com\/fr-ca\/","logo":{"@type":"ImageObject","inLanguage":"fr-CA","@id":"https:\/\/kmtwaterjet.com\/fr-ca\/#\/schema\/logo\/image\/","url":"https:\/\/kmtwaterjet.com\/wp-content\/uploads\/kmt_logo_2020.png","contentUrl":"https:\/\/kmtwaterjet.com\/wp-content\/uploads\/kmt_logo_2020.png","width":1002,"height":605,"caption":"KMT Waterjet"},"image":{"@id":"https:\/\/kmtwaterjet.com\/fr-ca\/#\/schema\/logo\/image\/"}}]}},"_links":{"self":[{"href":"https:\/\/kmtwaterjet.com\/fr-ca\/wp-json\/wp\/v2\/pages\/43914","targetHints":{"allow":["GET"]}}],"collection":[{"href":"https:\/\/kmtwaterjet.com\/fr-ca\/wp-json\/wp\/v2\/pages"}],"about":[{"href":"https:\/\/kmtwaterjet.com\/fr-ca\/wp-json\/wp\/v2\/types\/page"}],"author":[{"embeddable":true,"href":"https:\/\/kmtwaterjet.com\/fr-ca\/wp-json\/wp\/v2\/users\/12"}],"replies":[{"embeddable":true,"href":"https:\/\/kmtwaterjet.com\/fr-ca\/wp-json\/wp\/v2\/comments?post=43914"}],"version-history":[{"count":0,"href":"https:\/\/kmtwaterjet.com\/fr-ca\/wp-json\/wp\/v2\/pages\/43914\/revisions"}],"wp:attachment":[{"href":"https:\/\/kmtwaterjet.com\/fr-ca\/wp-json\/wp\/v2\/media?parent=43914"}],"wp:term":[{"taxonomy":"page-type","embeddable":true,"href":"https:\/\/kmtwaterjet.com\/fr-ca\/wp-json\/wp\/v2\/page-type?post=43914"}],"curies":[{"name":"wp","href":"https:\/\/api.w.org\/{rel}","templated":true}]}}