{"id":43891,"date":"2026-03-30T15:17:29","date_gmt":"2026-03-30T20:17:29","guid":{"rendered":"https:\/\/kmtwaterjet.com\/?page_id=43891"},"modified":"2026-04-02T14:26:06","modified_gmt":"2026-04-02T19:26:06","slug":"oem-northwood-machine-sawjet-4","status":"publish","type":"page","link":"https:\/\/kmtwaterjet.com\/fr-ca\/oem-northwood-machine-sawjet-4\/","title":{"rendered":"OEM BRETON WATERJET STONE CUTTING MACHINES"},"content":{"rendered":"\t\t<div data-elementor-type=\"wp-page\" data-elementor-id=\"43891\" class=\"elementor elementor-43891 elementor-43886\" data-elementor-post-type=\"page\">\n\t\t\t\t<div class=\"elementor-element elementor-element-a5186ce e-flex e-con-boxed e-con e-parent\" data-id=\"a5186ce\" data-element_type=\"container\" data-e-type=\"container\">\n\t\t\t\t\t<div class=\"e-con-inner\">\n\t\t\t\t<div class=\"elementor-element elementor-element-27eaaf2 elementor-widget elementor-widget-heading\" data-id=\"27eaaf2\" data-element_type=\"widget\" data-e-type=\"widget\" data-widget_type=\"heading.default\">\n\t\t\t\t<div class=\"elementor-widget-container\">\n\t\t\t\t\t<h1 class=\"elementor-heading-title elementor-size-default\">MACHINES BRETONNES DE D\u00c9COUPE DE DALLES PAR JET DE SCIE<\/h1>\t\t\t\t<\/div>\n\t\t\t\t<\/div>\n\t\t\t\t<div class=\"elementor-element elementor-element-9016e52 elementor-widget-divider--view-line elementor-widget elementor-widget-divider\" data-id=\"9016e52\" data-element_type=\"widget\" data-e-type=\"widget\" data-widget_type=\"divider.default\">\n\t\t\t\t<div class=\"elementor-widget-container\">\n\t\t\t\t\t\t\t<div class=\"elementor-divider\">\n\t\t\t<span class=\"elementor-divider-separator\">\n\t\t\t\t\t\t<\/span>\n\t\t<\/div>\n\t\t\t\t\t\t<\/div>\n\t\t\t\t<\/div>\n\t\t\t\t\t<\/div>\n\t\t\t\t<\/div>\n\t\t<div class=\"elementor-element elementor-element-08404e0 e-flex e-con-boxed e-con e-parent\" data-id=\"08404e0\" data-element_type=\"container\" data-e-type=\"container\">\n\t\t\t\t\t<div class=\"e-con-inner\">\n\t\t\t\t<div class=\"elementor-element elementor-element-7e9b4d7 elementor-widget elementor-widget-image\" data-id=\"7e9b4d7\" data-element_type=\"widget\" data-e-type=\"widget\" data-widget_type=\"image.default\">\n\t\t\t\t<div class=\"elementor-widget-container\">\n\t\t\t\t\t\t\t\t\t\t\t\t\t\t\t<img fetchpriority=\"high\" decoding=\"async\" width=\"800\" height=\"320\" src=\"https:\/\/kmtwaterjet.com\/wp-content\/uploads\/BRETON-TRINITY-SAWJET-STONE-CUTTING-MACHINE-1024x409.jpg\" class=\"attachment-large size-large wp-image-44301\" alt=\"Breton Trinity Sawjet machine\" srcset=\"https:\/\/kmtwaterjet.com\/wp-content\/uploads\/BRETON-TRINITY-SAWJET-STONE-CUTTING-MACHINE-1024x409.jpg 1024w, https:\/\/kmtwaterjet.com\/wp-content\/uploads\/BRETON-TRINITY-SAWJET-STONE-CUTTING-MACHINE-300x120.jpg 300w, https:\/\/kmtwaterjet.com\/wp-content\/uploads\/BRETON-TRINITY-SAWJET-STONE-CUTTING-MACHINE-768x307.jpg 768w, https:\/\/kmtwaterjet.com\/wp-content\/uploads\/BRETON-TRINITY-SAWJET-STONE-CUTTING-MACHINE.jpg 1285w\" sizes=\"(max-width: 800px) 100vw, 800px\" \/>\t\t\t\t\t\t\t\t\t\t\t\t\t\t\t<\/div>\n\t\t\t\t<\/div>\n\t\t\t\t\t<\/div>\n\t\t\t\t<\/div>\n\t\t<div class=\"elementor-element elementor-element-5761e3a e-grid e-con-boxed e-con e-parent\" data-id=\"5761e3a\" data-element_type=\"container\" data-e-type=\"container\">\n\t\t\t\t\t<div class=\"e-con-inner\">\n\t\t\t\t<div class=\"elementor-element elementor-element-b79cae4 elementor-widget elementor-widget-image\" data-id=\"b79cae4\" data-element_type=\"widget\" data-e-type=\"widget\" data-widget_type=\"image.default\">\n\t\t\t\t<div class=\"elementor-widget-container\">\n\t\t\t\t\t\t\t\t\t\t\t\t\t\t\t<img decoding=\"async\" width=\"800\" height=\"236\" data-src=\"https:\/\/kmtwaterjet.com\/wp-content\/uploads\/BRETON-STONE-CUTTING-LOGO.jpg\" class=\"attachment-large size-large wp-image-43901 lazyload\" alt=\"Breton logo\" data-srcset=\"https:\/\/kmtwaterjet.com\/wp-content\/uploads\/BRETON-STONE-CUTTING-LOGO.jpg 800w, https:\/\/kmtwaterjet.com\/wp-content\/uploads\/BRETON-STONE-CUTTING-LOGO-300x89.jpg 300w, https:\/\/kmtwaterjet.com\/wp-content\/uploads\/BRETON-STONE-CUTTING-LOGO-768x227.jpg 768w\" data-sizes=\"(max-width: 800px) 100vw, 800px\" src=\"data:image\/svg+xml;base64,PHN2ZyB3aWR0aD0iMSIgaGVpZ2h0PSIxIiB4bWxucz0iaHR0cDovL3d3dy53My5vcmcvMjAwMC9zdmciPjwvc3ZnPg==\" style=\"--smush-placeholder-width: 800px; --smush-placeholder-aspect-ratio: 800\/236;\" \/>\t\t\t\t\t\t\t\t\t\t\t\t\t\t\t<\/div>\n\t\t\t\t<\/div>\n\t\t\t\t<div class=\"elementor-element elementor-element-932967f elementor-widget elementor-widget-text-editor\" data-id=\"932967f\" data-element_type=\"widget\" data-e-type=\"widget\" data-widget_type=\"text-editor.default\">\n\t\t\t\t<div class=\"elementor-widget-container\">\n\t\t\t\t\t\t\t\t\t<p><span style=\"color: #9b0137;\"><em><strong>Conception et production de machines, d&rsquo;installations industrielles, de technologies et de logiciels de pointe<\/strong><\/em><\/span><\/p><p>Breton invente, con\u00e7oit et construit des centres d&rsquo;usinage sp\u00e9cifiques de haute technologie et de haute production, des lignes et des machines autonomes pour le traitement des mat\u00e9riaux (pierre naturelle, marbre, granit, quartz, c\u00e9ramique, argile lourde, surface min\u00e9rale, r\u00e9sines et mousses, polym\u00e8res et m\u00e9taux) et pour la fabrication additive.<\/p><p>La machine Breton Trinity Sawjet est le nec plus ultra des centres de d\u00e9coupe combinant scie et jet d&rsquo;eau. La combinaison de la d\u00e9coupe \u00e0 la scie et au jet d&rsquo;eau, ainsi que des outils tels que les ventouses, la cam\u00e9ra sur le pont et la table inclinable, font de la Trinity, \u00e9volution du Combi Breton, le centre de d\u00e9coupe le plus avanc\u00e9 pour la cr\u00e9ation de plans de travail de cuisine, de plans de toilette et de rev\u00eatements. <\/p>\t\t\t\t\t\t\t\t<\/div>\n\t\t\t\t<\/div>\n\t\t\t\t\t<\/div>\n\t\t\t\t<\/div>\n\t\t<div class=\"elementor-element elementor-element-ea56cbc e-flex e-con-boxed e-con e-parent\" data-id=\"ea56cbc\" data-element_type=\"container\" data-e-type=\"container\">\n\t\t\t\t\t<div class=\"e-con-inner\">\n\t\t\t\t<div class=\"elementor-element elementor-element-3b30ee9 elementor-widget-divider--view-line elementor-widget elementor-widget-divider\" data-id=\"3b30ee9\" data-element_type=\"widget\" data-e-type=\"widget\" data-widget_type=\"divider.default\">\n\t\t\t\t<div class=\"elementor-widget-container\">\n\t\t\t\t\t\t\t<div class=\"elementor-divider\">\n\t\t\t<span class=\"elementor-divider-separator\">\n\t\t\t\t\t\t<\/span>\n\t\t<\/div>\n\t\t\t\t\t\t<\/div>\n\t\t\t\t<\/div>\n\t\t\t\t\t<\/div>\n\t\t\t\t<\/div>\n\t\t<div class=\"elementor-element elementor-element-02c348a e-flex e-con-boxed e-con e-parent\" data-id=\"02c348a\" data-element_type=\"container\" data-e-type=\"container\">\n\t\t\t\t\t<div class=\"e-con-inner\">\n\t\t\t\t<div class=\"elementor-element elementor-element-45adaeb elementor-widget elementor-widget-image\" data-id=\"45adaeb\" data-element_type=\"widget\" data-e-type=\"widget\" data-widget_type=\"image.default\">\n\t\t\t\t<div class=\"elementor-widget-container\">\n\t\t\t\t\t\t\t\t\t\t\t\t<figure class=\"wp-caption\">\n\t\t\t\t\t\t\t\t\t\t<img decoding=\"async\" width=\"1800\" height=\"963\" data-src=\"https:\/\/kmtwaterjet.com\/wp-content\/uploads\/BRETON-TRINITY-SAWJET-PHOTO-LAYOUT.jpg\" class=\"attachment-full size-full wp-image-44300 lazyload\" alt=\"Brenton Trinity Sawjet Features\" data-srcset=\"https:\/\/kmtwaterjet.com\/wp-content\/uploads\/BRETON-TRINITY-SAWJET-PHOTO-LAYOUT.jpg 1800w, https:\/\/kmtwaterjet.com\/wp-content\/uploads\/BRETON-TRINITY-SAWJET-PHOTO-LAYOUT-300x161.jpg 300w, https:\/\/kmtwaterjet.com\/wp-content\/uploads\/BRETON-TRINITY-SAWJET-PHOTO-LAYOUT-1024x548.jpg 1024w, https:\/\/kmtwaterjet.com\/wp-content\/uploads\/BRETON-TRINITY-SAWJET-PHOTO-LAYOUT-768x411.jpg 768w, https:\/\/kmtwaterjet.com\/wp-content\/uploads\/BRETON-TRINITY-SAWJET-PHOTO-LAYOUT-1536x822.jpg 1536w\" data-sizes=\"(max-width: 1800px) 100vw, 1800px\" src=\"data:image\/svg+xml;base64,PHN2ZyB3aWR0aD0iMSIgaGVpZ2h0PSIxIiB4bWxucz0iaHR0cDovL3d3dy53My5vcmcvMjAwMC9zdmciPjwvc3ZnPg==\" style=\"--smush-placeholder-width: 1800px; --smush-placeholder-aspect-ratio: 1800\/963;\" \/>\t\t\t\t\t\t\t\t\t\t\t<figcaption class=\"widget-image-caption wp-caption-text\">Caract\u00e9ristiques de la machine \u00e0 scier Breton Trinity<\/figcaption>\n\t\t\t\t\t\t\t\t\t\t<\/figure>\n\t\t\t\t\t\t\t\t\t<\/div>\n\t\t\t\t<\/div>\n\t\t\t\t\t<\/div>\n\t\t\t\t<\/div>\n\t\t<div class=\"elementor-element elementor-element-6b78d1e e-flex e-con-boxed e-con e-parent\" data-id=\"6b78d1e\" data-element_type=\"container\" data-e-type=\"container\">\n\t\t\t\t\t<div class=\"e-con-inner\">\n\t\t\t\t<div class=\"elementor-element elementor-element-9115298 elementor-widget elementor-widget-spacer\" data-id=\"9115298\" data-element_type=\"widget\" data-e-type=\"widget\" data-widget_type=\"spacer.default\">\n\t\t\t\t<div class=\"elementor-widget-container\">\n\t\t\t\t\t\t\t<div class=\"elementor-spacer\">\n\t\t\t<div class=\"elementor-spacer-inner\"><\/div>\n\t\t<\/div>\n\t\t\t\t\t\t<\/div>\n\t\t\t\t<\/div>\n\t\t\t\t\t<\/div>\n\t\t\t\t<\/div>\n\t\t<div class=\"elementor-element elementor-element-5abe2a5 e-flex e-con-boxed e-con e-parent\" data-id=\"5abe2a5\" data-element_type=\"container\" data-e-type=\"container\">\n\t\t\t\t\t<div class=\"e-con-inner\">\n\t\t\t\t<div class=\"elementor-element elementor-element-ae0216d elementor-widget elementor-widget-heading\" data-id=\"ae0216d\" data-element_type=\"widget\" data-e-type=\"widget\" data-widget_type=\"heading.default\">\n\t\t\t\t<div class=\"elementor-widget-container\">\n\t\t\t\t\t<h2 class=\"elementor-heading-title elementor-size-default\">machine \u00e0 scier bretonne trinity<\/h2>\t\t\t\t<\/div>\n\t\t\t\t<\/div>\n\t\t\t\t<div class=\"elementor-element elementor-element-8b293f1 elementor-widget elementor-widget-text-editor\" data-id=\"8b293f1\" data-element_type=\"widget\" data-e-type=\"widget\" data-widget_type=\"text-editor.default\">\n\t\t\t\t<div class=\"elementor-widget-container\">\n\t\t\t\t\t\t\t\t\t<div class=\"section\"><p>Breton Trinity est plus qu&rsquo;une machine, c&rsquo;est un processus, une technologie con\u00e7ue sp\u00e9cifiquement pour le traitement des mat\u00e9riaux c\u00e9ramiques, mais qui s&rsquo;adapte aussi brillamment \u00e0 d&rsquo;autres produits.<\/p><h3 class=\"mt-6 mb-2 font-semibold text-xl\" data-streamdown=\"heading-3\"><span style=\"color: #9b0137;\"><strong>Caract\u00e9ristiques principales<\/strong><\/span><\/h3><ul class=\"list-inside list-disc whitespace-normal [li_&amp;]:pl-6\" data-streamdown=\"unordered-list\"><li data-section-id=\"uiwlcy\" data-start=\"0\" data-end=\"102\">Syst\u00e8me de d\u00e9coupe avanc\u00e9 combinant la technologie de la scie et du double jet d&rsquo;eau pour les mat\u00e9riaux c\u00e9ramiques et pierreux<\/li><li data-section-id=\"bfors1\" data-start=\"103\" data-end=\"219\">S\u00e9lectionne automatiquement la m\u00e9thode la plus efficace : scie + jet d&rsquo;eau pour r\u00e9duire les co\u00fbts, ou jet d&rsquo;eau pur si n\u00e9cessaire.<\/li><li data-section-id=\"4b48n4\" data-start=\"220\" data-end=\"308\">Permet la d\u00e9coupe simultan\u00e9e sans d\u00e9placer la dalle, ce qui r\u00e9duit le temps, les d\u00e9chets et les co\u00fbts.<\/li><li data-section-id=\"ii435m\" data-start=\"309\" data-end=\"415\">Traite les dalles directement sur une grille m\u00e9tallique &#8211; \u00e9limine le besoin de supports sacrificiels et les temps d&rsquo;arr\u00eat qui en d\u00e9coulent.<\/li><li data-section-id=\"h59ip\" data-start=\"416\" data-end=\"499\">Permet une coupe \u00e0 grande vitesse avec un minimum d&rsquo;\u00e9caillage, de fissuration ou de contrainte sur le mat\u00e9riau.<\/li><li data-section-id=\"11ph5yk\" data-start=\"500\" data-end=\"589\">La scie assure un enl\u00e8vement rapide et stable des mat\u00e9riaux ; le double jet d&rsquo;eau assure une finition de pr\u00e9cision.<\/li><li data-section-id=\"1u21ek6\" data-start=\"590\" data-end=\"692\">Capable de produire des coupes angulaires \u00e0 l&rsquo;aide d&rsquo;un jet d&rsquo;eau \u00e0 inclinaison variable (aucun fraisage de surface n&rsquo;est n\u00e9cessaire).<\/li><li data-section-id=\"1hja68d\" data-start=\"693\" data-end=\"766\">Le syst\u00e8me de ventouses permet un repositionnement facile pour une coupe optimis\u00e9e \u00e0 la scie.<\/li><li data-section-id=\"u9r69c\" data-start=\"767\" data-end=\"870\">La broche Rocket Tool en option (jusqu&rsquo;\u00e0 14 000 tr\/min) prend en charge les op\u00e9rations de per\u00e7age, de fraisage et de feuillurage.<\/li><li data-section-id=\"o6nc9y\" data-start=\"871\" data-end=\"951\">Augmente la capacit\u00e9 de production jusqu&rsquo;\u00e0 3 fois par rapport aux syst\u00e8mes \u00e0 jet d&rsquo;eau standard<\/li><li data-section-id=\"1k290sx\" data-start=\"952\" data-end=\"1021\" data-is-last-node=\"\">R\u00e9duit consid\u00e9rablement la casse des brames, am\u00e9liorant ainsi le rendement et l&rsquo;efficacit\u00e9.<\/li><\/ul><p> <\/p><hr><p> <\/p><p><span style=\"color: #9b0137;\"><em><strong>\u221a Pour plus d&rsquo;informations sur la Trinity ou toute autre machine de traitement de la pierre de Breton, veuillez remplir le formulaire ci-dessous et un repr\u00e9sentant vous contactera dans les plus brefs d\u00e9lais.<\/strong><\/em><\/span><\/p><\/div>\t\t\t\t\t\t\t\t<\/div>\n\t\t\t\t<\/div>\n\t\t\t\t\t<\/div>\n\t\t\t\t<\/div>\n\t\t\t\t<\/div>\n\t\t","protected":false},"excerpt":{"rendered":"<p>MACHINES BRETONNES DE D\u00c9COUPE DE DALLES PAR JET DE SCIE Conception et production de machines, d&rsquo;installations industrielles, de technologies et de logiciels de pointe Breton invente, con\u00e7oit et construit des centres d&rsquo;usinage sp\u00e9cifiques de haute technologie et de haute production, des lignes et des machines autonomes pour le traitement des mat\u00e9riaux (pierre naturelle, marbre, granit, [&hellip;]<\/p>\n","protected":false},"author":12,"featured_media":0,"parent":0,"menu_order":0,"comment_status":"closed","ping_status":"closed","template":"","meta":{"_acf_changed":false,"footnotes":""},"page-type":[],"class_list":["post-43891","page","type-page","status-publish","hentry"],"acf":[],"yoast_head":"<!-- This site is optimized with the Yoast SEO plugin v27.3 - https:\/\/yoast.com\/product\/yoast-seo-wordpress\/ -->\n<title>OEM BRETON WATERJET STONE CUTTING MACHINES | KMT Waterjet<\/title>\n<meta name=\"robots\" content=\"index, follow, max-snippet:-1, max-image-preview:large, max-video-preview:-1\" \/>\n<link rel=\"canonical\" href=\"https:\/\/kmtwaterjet.com\/fr-ca\/oem-northwood-machine-sawjet-4\/\" \/>\n<meta property=\"og:locale\" content=\"fr_CA\" \/>\n<meta property=\"og:type\" content=\"article\" \/>\n<meta property=\"og:title\" content=\"OEM BRETON WATERJET STONE CUTTING MACHINES | KMT Waterjet\" \/>\n<meta property=\"og:description\" content=\"MACHINES BRETONNES DE D\u00c9COUPE DE DALLES PAR JET DE SCIE Conception et production de machines, d&rsquo;installations industrielles, de technologies et de logiciels de pointe Breton invente, con\u00e7oit et construit des centres d&rsquo;usinage sp\u00e9cifiques de haute technologie et de haute production, des lignes et des machines autonomes pour le traitement des mat\u00e9riaux (pierre naturelle, marbre, granit, [&hellip;]\" \/>\n<meta property=\"og:url\" content=\"https:\/\/kmtwaterjet.com\/fr-ca\/oem-northwood-machine-sawjet-4\/\" \/>\n<meta property=\"og:site_name\" content=\"KMT Waterjet\" \/>\n<meta property=\"article:modified_time\" content=\"2026-04-02T19:26:06+00:00\" \/>\n<meta property=\"og:image\" content=\"https:\/\/kmtwaterjet.com\/wp-content\/uploads\/BRETON-TRINITY-SAWJET-STONE-CUTTING-MACHINE.jpg\" \/>\n\t<meta property=\"og:image:width\" content=\"1285\" \/>\n\t<meta property=\"og:image:height\" content=\"513\" \/>\n\t<meta property=\"og:image:type\" content=\"image\/jpeg\" \/>\n<meta name=\"twitter:card\" content=\"summary_large_image\" \/>\n<meta name=\"twitter:label1\" content=\"Estimation du temps de lecture\" \/>\n\t<meta name=\"twitter:data1\" content=\"2 minutes\" \/>\n<script type=\"application\/ld+json\" class=\"yoast-schema-graph\">{\"@context\":\"https:\\\/\\\/schema.org\",\"@graph\":[{\"@type\":\"WebPage\",\"@id\":\"https:\\\/\\\/kmtwaterjet.com\\\/fr-ca\\\/oem-northwood-machine-sawjet-4\\\/\",\"url\":\"https:\\\/\\\/kmtwaterjet.com\\\/fr-ca\\\/oem-northwood-machine-sawjet-4\\\/\",\"name\":\"OEM BRETON WATERJET STONE CUTTING MACHINES | KMT Waterjet\",\"isPartOf\":{\"@id\":\"https:\\\/\\\/kmtwaterjet.com\\\/fr-ca\\\/#website\"},\"primaryImageOfPage\":{\"@id\":\"https:\\\/\\\/kmtwaterjet.com\\\/fr-ca\\\/oem-northwood-machine-sawjet-4\\\/#primaryimage\"},\"image\":{\"@id\":\"https:\\\/\\\/kmtwaterjet.com\\\/fr-ca\\\/oem-northwood-machine-sawjet-4\\\/#primaryimage\"},\"thumbnailUrl\":\"https:\\\/\\\/kmtwaterjet.com\\\/wp-content\\\/uploads\\\/BRETON-TRINITY-SAWJET-STONE-CUTTING-MACHINE-1024x409.jpg\",\"datePublished\":\"2026-03-30T20:17:29+00:00\",\"dateModified\":\"2026-04-02T19:26:06+00:00\",\"breadcrumb\":{\"@id\":\"https:\\\/\\\/kmtwaterjet.com\\\/fr-ca\\\/oem-northwood-machine-sawjet-4\\\/#breadcrumb\"},\"inLanguage\":\"fr-CA\",\"potentialAction\":[{\"@type\":\"ReadAction\",\"target\":[\"https:\\\/\\\/kmtwaterjet.com\\\/fr-ca\\\/oem-northwood-machine-sawjet-4\\\/\"]}]},{\"@type\":\"ImageObject\",\"inLanguage\":\"fr-CA\",\"@id\":\"https:\\\/\\\/kmtwaterjet.com\\\/fr-ca\\\/oem-northwood-machine-sawjet-4\\\/#primaryimage\",\"url\":\"https:\\\/\\\/kmtwaterjet.com\\\/wp-content\\\/uploads\\\/BRETON-TRINITY-SAWJET-STONE-CUTTING-MACHINE-1024x409.jpg\",\"contentUrl\":\"https:\\\/\\\/kmtwaterjet.com\\\/wp-content\\\/uploads\\\/BRETON-TRINITY-SAWJET-STONE-CUTTING-MACHINE-1024x409.jpg\"},{\"@type\":\"BreadcrumbList\",\"@id\":\"https:\\\/\\\/kmtwaterjet.com\\\/fr-ca\\\/oem-northwood-machine-sawjet-4\\\/#breadcrumb\",\"itemListElement\":[{\"@type\":\"ListItem\",\"position\":1,\"name\":\"Home\",\"item\":\"https:\\\/\\\/kmtwaterjet.com\\\/fr-ca\\\/\"},{\"@type\":\"ListItem\",\"position\":2,\"name\":\"OEM BRETON WATERJET STONE CUTTING MACHINES\"}]},{\"@type\":\"WebSite\",\"@id\":\"https:\\\/\\\/kmtwaterjet.com\\\/fr-ca\\\/#website\",\"url\":\"https:\\\/\\\/kmtwaterjet.com\\\/fr-ca\\\/\",\"name\":\"KMT Waterjet\",\"description\":\"KMT Waterjet for waterjet cutting metal, stone, glass, steel and more\",\"publisher\":{\"@id\":\"https:\\\/\\\/kmtwaterjet.com\\\/fr-ca\\\/#organization\"},\"potentialAction\":[{\"@type\":\"SearchAction\",\"target\":{\"@type\":\"EntryPoint\",\"urlTemplate\":\"https:\\\/\\\/kmtwaterjet.com\\\/fr-ca\\\/?s={search_term_string}\"},\"query-input\":{\"@type\":\"PropertyValueSpecification\",\"valueRequired\":true,\"valueName\":\"search_term_string\"}}],\"inLanguage\":\"fr-CA\"},{\"@type\":\"Organization\",\"@id\":\"https:\\\/\\\/kmtwaterjet.com\\\/fr-ca\\\/#organization\",\"name\":\"KMT Waterjet\",\"url\":\"https:\\\/\\\/kmtwaterjet.com\\\/fr-ca\\\/\",\"logo\":{\"@type\":\"ImageObject\",\"inLanguage\":\"fr-CA\",\"@id\":\"https:\\\/\\\/kmtwaterjet.com\\\/fr-ca\\\/#\\\/schema\\\/logo\\\/image\\\/\",\"url\":\"https:\\\/\\\/kmtwaterjet.com\\\/wp-content\\\/uploads\\\/kmt_logo_2020.png\",\"contentUrl\":\"https:\\\/\\\/kmtwaterjet.com\\\/wp-content\\\/uploads\\\/kmt_logo_2020.png\",\"width\":1002,\"height\":605,\"caption\":\"KMT Waterjet\"},\"image\":{\"@id\":\"https:\\\/\\\/kmtwaterjet.com\\\/fr-ca\\\/#\\\/schema\\\/logo\\\/image\\\/\"}}]}<\/script>\n<!-- \/ Yoast SEO plugin. -->","yoast_head_json":{"title":"OEM BRETON WATERJET STONE CUTTING MACHINES | KMT Waterjet","robots":{"index":"index","follow":"follow","max-snippet":"max-snippet:-1","max-image-preview":"max-image-preview:large","max-video-preview":"max-video-preview:-1"},"canonical":"https:\/\/kmtwaterjet.com\/fr-ca\/oem-northwood-machine-sawjet-4\/","og_locale":"fr_CA","og_type":"article","og_title":"OEM BRETON WATERJET STONE CUTTING MACHINES | KMT Waterjet","og_description":"MACHINES BRETONNES DE D\u00c9COUPE DE DALLES PAR JET DE SCIE Conception et production de machines, d&rsquo;installations industrielles, de technologies et de logiciels de pointe Breton invente, con\u00e7oit et construit des centres d&rsquo;usinage sp\u00e9cifiques de haute technologie et de haute production, des lignes et des machines autonomes pour le traitement des mat\u00e9riaux (pierre naturelle, marbre, granit, [&hellip;]","og_url":"https:\/\/kmtwaterjet.com\/fr-ca\/oem-northwood-machine-sawjet-4\/","og_site_name":"KMT Waterjet","article_modified_time":"2026-04-02T19:26:06+00:00","og_image":[{"width":1285,"height":513,"url":"https:\/\/kmtwaterjet.com\/wp-content\/uploads\/BRETON-TRINITY-SAWJET-STONE-CUTTING-MACHINE.jpg","type":"image\/jpeg"}],"twitter_card":"summary_large_image","twitter_misc":{"Estimation du temps de lecture":"2 minutes"},"schema":{"@context":"https:\/\/schema.org","@graph":[{"@type":"WebPage","@id":"https:\/\/kmtwaterjet.com\/fr-ca\/oem-northwood-machine-sawjet-4\/","url":"https:\/\/kmtwaterjet.com\/fr-ca\/oem-northwood-machine-sawjet-4\/","name":"OEM BRETON WATERJET STONE CUTTING MACHINES | KMT Waterjet","isPartOf":{"@id":"https:\/\/kmtwaterjet.com\/fr-ca\/#website"},"primaryImageOfPage":{"@id":"https:\/\/kmtwaterjet.com\/fr-ca\/oem-northwood-machine-sawjet-4\/#primaryimage"},"image":{"@id":"https:\/\/kmtwaterjet.com\/fr-ca\/oem-northwood-machine-sawjet-4\/#primaryimage"},"thumbnailUrl":"https:\/\/kmtwaterjet.com\/wp-content\/uploads\/BRETON-TRINITY-SAWJET-STONE-CUTTING-MACHINE-1024x409.jpg","datePublished":"2026-03-30T20:17:29+00:00","dateModified":"2026-04-02T19:26:06+00:00","breadcrumb":{"@id":"https:\/\/kmtwaterjet.com\/fr-ca\/oem-northwood-machine-sawjet-4\/#breadcrumb"},"inLanguage":"fr-CA","potentialAction":[{"@type":"ReadAction","target":["https:\/\/kmtwaterjet.com\/fr-ca\/oem-northwood-machine-sawjet-4\/"]}]},{"@type":"ImageObject","inLanguage":"fr-CA","@id":"https:\/\/kmtwaterjet.com\/fr-ca\/oem-northwood-machine-sawjet-4\/#primaryimage","url":"https:\/\/kmtwaterjet.com\/wp-content\/uploads\/BRETON-TRINITY-SAWJET-STONE-CUTTING-MACHINE-1024x409.jpg","contentUrl":"https:\/\/kmtwaterjet.com\/wp-content\/uploads\/BRETON-TRINITY-SAWJET-STONE-CUTTING-MACHINE-1024x409.jpg"},{"@type":"BreadcrumbList","@id":"https:\/\/kmtwaterjet.com\/fr-ca\/oem-northwood-machine-sawjet-4\/#breadcrumb","itemListElement":[{"@type":"ListItem","position":1,"name":"Home","item":"https:\/\/kmtwaterjet.com\/fr-ca\/"},{"@type":"ListItem","position":2,"name":"OEM BRETON WATERJET STONE CUTTING MACHINES"}]},{"@type":"WebSite","@id":"https:\/\/kmtwaterjet.com\/fr-ca\/#website","url":"https:\/\/kmtwaterjet.com\/fr-ca\/","name":"KMT Waterjet","description":"KMT Waterjet for waterjet cutting metal, stone, glass, steel and more","publisher":{"@id":"https:\/\/kmtwaterjet.com\/fr-ca\/#organization"},"potentialAction":[{"@type":"SearchAction","target":{"@type":"EntryPoint","urlTemplate":"https:\/\/kmtwaterjet.com\/fr-ca\/?s={search_term_string}"},"query-input":{"@type":"PropertyValueSpecification","valueRequired":true,"valueName":"search_term_string"}}],"inLanguage":"fr-CA"},{"@type":"Organization","@id":"https:\/\/kmtwaterjet.com\/fr-ca\/#organization","name":"KMT Waterjet","url":"https:\/\/kmtwaterjet.com\/fr-ca\/","logo":{"@type":"ImageObject","inLanguage":"fr-CA","@id":"https:\/\/kmtwaterjet.com\/fr-ca\/#\/schema\/logo\/image\/","url":"https:\/\/kmtwaterjet.com\/wp-content\/uploads\/kmt_logo_2020.png","contentUrl":"https:\/\/kmtwaterjet.com\/wp-content\/uploads\/kmt_logo_2020.png","width":1002,"height":605,"caption":"KMT Waterjet"},"image":{"@id":"https:\/\/kmtwaterjet.com\/fr-ca\/#\/schema\/logo\/image\/"}}]}},"_links":{"self":[{"href":"https:\/\/kmtwaterjet.com\/fr-ca\/wp-json\/wp\/v2\/pages\/43891","targetHints":{"allow":["GET"]}}],"collection":[{"href":"https:\/\/kmtwaterjet.com\/fr-ca\/wp-json\/wp\/v2\/pages"}],"about":[{"href":"https:\/\/kmtwaterjet.com\/fr-ca\/wp-json\/wp\/v2\/types\/page"}],"author":[{"embeddable":true,"href":"https:\/\/kmtwaterjet.com\/fr-ca\/wp-json\/wp\/v2\/users\/12"}],"replies":[{"embeddable":true,"href":"https:\/\/kmtwaterjet.com\/fr-ca\/wp-json\/wp\/v2\/comments?post=43891"}],"version-history":[{"count":0,"href":"https:\/\/kmtwaterjet.com\/fr-ca\/wp-json\/wp\/v2\/pages\/43891\/revisions"}],"wp:attachment":[{"href":"https:\/\/kmtwaterjet.com\/fr-ca\/wp-json\/wp\/v2\/media?parent=43891"}],"wp:term":[{"taxonomy":"page-type","embeddable":true,"href":"https:\/\/kmtwaterjet.com\/fr-ca\/wp-json\/wp\/v2\/page-type?post=43891"}],"curies":[{"name":"wp","href":"https:\/\/api.w.org\/{rel}","templated":true}]}}