{"id":43575,"date":"2026-03-19T14:02:52","date_gmt":"2026-03-19T19:02:52","guid":{"rendered":"https:\/\/kmtwaterjet.com\/?page_id=43575"},"modified":"2026-04-27T12:01:22","modified_gmt":"2026-04-27T17:01:22","slug":"decoupe-au-jet-deau-ou-au-laser-2","status":"publish","type":"page","link":"https:\/\/kmtwaterjet.com\/fr-ca\/decoupe-au-jet-deau-ou-au-laser-2\/","title":{"rendered":"OEM NORTHWOOD MACHINE SAWJET"},"content":{"rendered":"\t\t<div data-elementor-type=\"wp-page\" data-elementor-id=\"43575\" class=\"elementor elementor-43575 elementor-43570\" data-elementor-post-type=\"page\">\n\t\t\t\t<div class=\"elementor-element elementor-element-a5186ce e-flex e-con-boxed e-con e-parent\" data-id=\"a5186ce\" data-element_type=\"container\" data-e-type=\"container\">\n\t\t\t\t\t<div class=\"e-con-inner\">\n\t\t\t\t<div class=\"elementor-element elementor-element-27eaaf2 elementor-widget elementor-widget-heading\" data-id=\"27eaaf2\" data-element_type=\"widget\" data-e-type=\"widget\" data-widget_type=\"heading.default\">\n\t\t\t\t<div class=\"elementor-widget-container\">\n\t\t\t\t\t<h1 class=\"elementor-heading-title elementor-size-default\">NORTHWOOD MACHINE - D\u00c9COUPE DE PIERRE AU JET D'EAU, CENTRES D'USINAGE ET AUTRES<\/h1>\t\t\t\t<\/div>\n\t\t\t\t<\/div>\n\t\t\t\t<div class=\"elementor-element elementor-element-9016e52 elementor-widget-divider--view-line elementor-widget elementor-widget-divider\" data-id=\"9016e52\" data-element_type=\"widget\" data-e-type=\"widget\" data-widget_type=\"divider.default\">\n\t\t\t\t<div class=\"elementor-widget-container\">\n\t\t\t\t\t\t\t<div class=\"elementor-divider\">\n\t\t\t<span class=\"elementor-divider-separator\">\n\t\t\t\t\t\t<\/span>\n\t\t<\/div>\n\t\t\t\t\t\t<\/div>\n\t\t\t\t<\/div>\n\t\t\t\t\t<\/div>\n\t\t\t\t<\/div>\n\t\t<div class=\"elementor-element elementor-element-08404e0 e-flex e-con-boxed e-con e-parent\" data-id=\"08404e0\" data-element_type=\"container\" data-e-type=\"container\">\n\t\t\t\t\t<div class=\"e-con-inner\">\n\t\t\t\t<div class=\"elementor-element elementor-element-7e9b4d7 elementor-widget elementor-widget-image\" data-id=\"7e9b4d7\" data-element_type=\"widget\" data-e-type=\"widget\" data-widget_type=\"image.default\">\n\t\t\t\t<div class=\"elementor-widget-container\">\n\t\t\t\t\t\t\t\t\t\t\t\t\t\t\t<img fetchpriority=\"high\" decoding=\"async\" width=\"800\" height=\"405\" src=\"https:\/\/kmtwaterjet.com\/wp-content\/uploads\/NORTHWOOD-MACHINE-WATERJET-CUTTING-STONE-GLASS-METAL-PLASTIC-1024x519.jpg\" class=\"attachment-large size-large wp-image-43735\" alt=\"\" srcset=\"https:\/\/kmtwaterjet.com\/wp-content\/uploads\/NORTHWOOD-MACHINE-WATERJET-CUTTING-STONE-GLASS-METAL-PLASTIC-1024x519.jpg 1024w, https:\/\/kmtwaterjet.com\/wp-content\/uploads\/NORTHWOOD-MACHINE-WATERJET-CUTTING-STONE-GLASS-METAL-PLASTIC-300x152.jpg 300w, https:\/\/kmtwaterjet.com\/wp-content\/uploads\/NORTHWOOD-MACHINE-WATERJET-CUTTING-STONE-GLASS-METAL-PLASTIC-768x389.jpg 768w, https:\/\/kmtwaterjet.com\/wp-content\/uploads\/NORTHWOOD-MACHINE-WATERJET-CUTTING-STONE-GLASS-METAL-PLASTIC.jpg 1402w\" sizes=\"(max-width: 800px) 100vw, 800px\" \/>\t\t\t\t\t\t\t\t\t\t\t\t\t\t\t<\/div>\n\t\t\t\t<\/div>\n\t\t\t\t\t<\/div>\n\t\t\t\t<\/div>\n\t\t<div class=\"elementor-element elementor-element-5761e3a e-grid e-con-boxed e-con e-parent\" data-id=\"5761e3a\" data-element_type=\"container\" data-e-type=\"container\">\n\t\t\t\t\t<div class=\"e-con-inner\">\n\t\t\t\t<div class=\"elementor-element elementor-element-b79cae4 elementor-widget elementor-widget-image\" data-id=\"b79cae4\" data-element_type=\"widget\" data-e-type=\"widget\" data-widget_type=\"image.default\">\n\t\t\t\t<div class=\"elementor-widget-container\">\n\t\t\t\t\t\t\t\t\t\t\t\t\t\t\t<img decoding=\"async\" width=\"800\" height=\"94\" data-src=\"https:\/\/kmtwaterjet.com\/wp-content\/uploads\/NorthwoodMachine_Horizontal-Logo.jpg\" class=\"attachment-large size-large wp-image-43694 lazyload\" alt=\"\" data-srcset=\"https:\/\/kmtwaterjet.com\/wp-content\/uploads\/NorthwoodMachine_Horizontal-Logo.jpg 800w, https:\/\/kmtwaterjet.com\/wp-content\/uploads\/NorthwoodMachine_Horizontal-Logo-300x35.jpg 300w, https:\/\/kmtwaterjet.com\/wp-content\/uploads\/NorthwoodMachine_Horizontal-Logo-768x90.jpg 768w\" data-sizes=\"(max-width: 800px) 100vw, 800px\" src=\"data:image\/svg+xml;base64,PHN2ZyB3aWR0aD0iMSIgaGVpZ2h0PSIxIiB4bWxucz0iaHR0cDovL3d3dy53My5vcmcvMjAwMC9zdmciPjwvc3ZnPg==\" style=\"--smush-placeholder-width: 800px; --smush-placeholder-aspect-ratio: 800\/94;\" \/>\t\t\t\t\t\t\t\t\t\t\t\t\t\t\t<\/div>\n\t\t\t\t<\/div>\n\t\t\t\t<div class=\"elementor-element elementor-element-932967f elementor-widget elementor-widget-text-editor\" data-id=\"932967f\" data-element_type=\"widget\" data-e-type=\"widget\" data-widget_type=\"text-editor.default\">\n\t\t\t\t<div class=\"elementor-widget-container\">\n\t\t\t\t\t\t\t\t\t<p><span style=\"color: #000080;\"><em><strong>Des machines con\u00e7ues pour r\u00e9sister \u00e0 l&rsquo;\u00e9preuve du temps.<\/strong><\/em><\/span><\/p><p>Depuis plus de 25 ans, Northwood Machine construit des machines \u00e0 jet d&rsquo;eau personnalis\u00e9es avec des composants de la plus haute qualit\u00e9. Nous n&rsquo;avons jamais modifi\u00e9 l&rsquo;application d&rsquo;un client pour l&rsquo;adapter \u00e0 notre machine. Northwood concevra et livrera la machine adapt\u00e9e \u00e0 vos besoins et \u00e0 ceux de votre entreprise.  <\/p>\t\t\t\t\t\t\t\t<\/div>\n\t\t\t\t<\/div>\n\t\t\t\t\t<\/div>\n\t\t\t\t<\/div>\n\t\t<div class=\"elementor-element elementor-element-ea56cbc e-flex e-con-boxed e-con e-parent\" data-id=\"ea56cbc\" data-element_type=\"container\" data-e-type=\"container\">\n\t\t\t\t\t<div class=\"e-con-inner\">\n\t\t\t\t<div class=\"elementor-element elementor-element-3b30ee9 elementor-widget-divider--view-line elementor-widget elementor-widget-divider\" data-id=\"3b30ee9\" data-element_type=\"widget\" data-e-type=\"widget\" data-widget_type=\"divider.default\">\n\t\t\t\t<div class=\"elementor-widget-container\">\n\t\t\t\t\t\t\t<div class=\"elementor-divider\">\n\t\t\t<span class=\"elementor-divider-separator\">\n\t\t\t\t\t\t<\/span>\n\t\t<\/div>\n\t\t\t\t\t\t<\/div>\n\t\t\t\t<\/div>\n\t\t\t\t\t<\/div>\n\t\t\t\t<\/div>\n\t\t<div class=\"elementor-element elementor-element-56cd23b e-grid e-con-boxed e-con e-parent\" data-id=\"56cd23b\" data-element_type=\"container\" data-e-type=\"container\">\n\t\t\t\t\t<div class=\"e-con-inner\">\n\t\t\t\t<div class=\"elementor-element elementor-element-63f321b elementor-widget elementor-widget-image\" data-id=\"63f321b\" data-element_type=\"widget\" data-e-type=\"widget\" data-widget_type=\"image.default\">\n\t\t\t\t<div class=\"elementor-widget-container\">\n\t\t\t\t\t\t\t\t\t\t\t\t<figure class=\"wp-caption\">\n\t\t\t\t\t\t\t\t\t\t<img decoding=\"async\" width=\"800\" height=\"384\" data-src=\"https:\/\/kmtwaterjet.com\/wp-content\/uploads\/5-Axis-CNC-Sawjet-for-Saw-WaterJet-Saw-Miter-Cuts-and-WaterJet-Miter-Cuts-1024x492.jpg\" class=\"attachment-large size-large wp-image-43695 lazyload\" alt=\"Northwood Raptor Dual Table Saw.  5-Axis CNC Sawjet for Saw, WaterJet, Saw Miter Cuts and WaterJet Miter Cuts\" data-srcset=\"https:\/\/kmtwaterjet.com\/wp-content\/uploads\/5-Axis-CNC-Sawjet-for-Saw-WaterJet-Saw-Miter-Cuts-and-WaterJet-Miter-Cuts-1024x492.jpg 1024w, https:\/\/kmtwaterjet.com\/wp-content\/uploads\/5-Axis-CNC-Sawjet-for-Saw-WaterJet-Saw-Miter-Cuts-and-WaterJet-Miter-Cuts-300x144.jpg 300w, https:\/\/kmtwaterjet.com\/wp-content\/uploads\/5-Axis-CNC-Sawjet-for-Saw-WaterJet-Saw-Miter-Cuts-and-WaterJet-Miter-Cuts-768x369.jpg 768w, https:\/\/kmtwaterjet.com\/wp-content\/uploads\/5-Axis-CNC-Sawjet-for-Saw-WaterJet-Saw-Miter-Cuts-and-WaterJet-Miter-Cuts.jpg 1400w\" data-sizes=\"(max-width: 800px) 100vw, 800px\" src=\"data:image\/svg+xml;base64,PHN2ZyB3aWR0aD0iMSIgaGVpZ2h0PSIxIiB4bWxucz0iaHR0cDovL3d3dy53My5vcmcvMjAwMC9zdmciPjwvc3ZnPg==\" style=\"--smush-placeholder-width: 800px; --smush-placeholder-aspect-ratio: 800\/384;\" \/>\t\t\t\t\t\t\t\t\t\t\t<figcaption class=\"widget-image-caption wp-caption-text\">Scie \u00e0 table Northwood Raptor Dual. Scie CNC 5 axes pour scie, jet d'eau, coupes biaises \u00e0 la scie et coupes biaises au jet d'eau. <\/figcaption>\n\t\t\t\t\t\t\t\t\t\t<\/figure>\n\t\t\t\t\t\t\t\t\t<\/div>\n\t\t\t\t<\/div>\n\t\t\t\t<div class=\"elementor-element elementor-element-82a276b elementor-widget elementor-widget-image\" data-id=\"82a276b\" data-element_type=\"widget\" data-e-type=\"widget\" data-widget_type=\"image.default\">\n\t\t\t\t<div class=\"elementor-widget-container\">\n\t\t\t\t\t\t\t\t\t\t\t\t<figure class=\"wp-caption\">\n\t\t\t\t\t\t\t\t\t\t<img decoding=\"async\" width=\"800\" height=\"384\" data-src=\"https:\/\/kmtwaterjet.com\/wp-content\/uploads\/Northwood-Raptor-Single-Table-Saw.-5-Axis-CNC-Sawjet-for-Saw-WaterJet-Saw-Miter-Cuts-and-WaterJet-Miter-Cuts-1024x492.jpg\" class=\"attachment-large size-large wp-image-43696 lazyload\" alt=\"Northwood Raptor Single Table Saw.  5-Axis CNC Sawjet for Saw, WaterJet, Saw-Miter Cuts and WaterJet Miter Cuts\" data-srcset=\"https:\/\/kmtwaterjet.com\/wp-content\/uploads\/Northwood-Raptor-Single-Table-Saw.-5-Axis-CNC-Sawjet-for-Saw-WaterJet-Saw-Miter-Cuts-and-WaterJet-Miter-Cuts-1024x492.jpg 1024w, https:\/\/kmtwaterjet.com\/wp-content\/uploads\/Northwood-Raptor-Single-Table-Saw.-5-Axis-CNC-Sawjet-for-Saw-WaterJet-Saw-Miter-Cuts-and-WaterJet-Miter-Cuts-300x144.jpg 300w, https:\/\/kmtwaterjet.com\/wp-content\/uploads\/Northwood-Raptor-Single-Table-Saw.-5-Axis-CNC-Sawjet-for-Saw-WaterJet-Saw-Miter-Cuts-and-WaterJet-Miter-Cuts-768x369.jpg 768w, https:\/\/kmtwaterjet.com\/wp-content\/uploads\/Northwood-Raptor-Single-Table-Saw.-5-Axis-CNC-Sawjet-for-Saw-WaterJet-Saw-Miter-Cuts-and-WaterJet-Miter-Cuts.jpg 1400w\" data-sizes=\"(max-width: 800px) 100vw, 800px\" src=\"data:image\/svg+xml;base64,PHN2ZyB3aWR0aD0iMSIgaGVpZ2h0PSIxIiB4bWxucz0iaHR0cDovL3d3dy53My5vcmcvMjAwMC9zdmciPjwvc3ZnPg==\" style=\"--smush-placeholder-width: 800px; --smush-placeholder-aspect-ratio: 800\/384;\" \/>\t\t\t\t\t\t\t\t\t\t\t<figcaption class=\"widget-image-caption wp-caption-text\">Scie \u00e0 table Northwood Raptor. Scie CNC 5 axes pour scie, jet d'eau, coupes d'onglet \u00e0 la scie et coupes d'onglet au jet d'eau. <\/figcaption>\n\t\t\t\t\t\t\t\t\t\t<\/figure>\n\t\t\t\t\t\t\t\t\t<\/div>\n\t\t\t\t<\/div>\n\t\t\t\t\t<\/div>\n\t\t\t\t<\/div>\n\t\t<div class=\"elementor-element elementor-element-5abe2a5 e-flex e-con-boxed e-con e-parent\" data-id=\"5abe2a5\" data-element_type=\"container\" data-e-type=\"container\">\n\t\t\t\t\t<div class=\"e-con-inner\">\n\t\t\t\t<div class=\"elementor-element elementor-element-ae0216d elementor-widget elementor-widget-heading\" data-id=\"ae0216d\" data-element_type=\"widget\" data-e-type=\"widget\" data-widget_type=\"heading.default\">\n\t\t\t\t<div class=\"elementor-widget-container\">\n\t\t\t\t\t<h2 class=\"elementor-heading-title elementor-size-default\">MACHINES DE D\u00c9COUPE \u00c0 COMMANDE NUM\u00c9RIQUE NORTHWOOD<\/h2>\t\t\t\t<\/div>\n\t\t\t\t<\/div>\n\t\t\t\t<div class=\"elementor-element elementor-element-8b293f1 elementor-widget elementor-widget-text-editor\" data-id=\"8b293f1\" data-element_type=\"widget\" data-e-type=\"widget\" data-widget_type=\"text-editor.default\">\n\t\t\t\t<div class=\"elementor-widget-container\">\n\t\t\t\t\t\t\t\t\t<div class=\"section\"><p>Nous fabriquons des toupies et des centres d&rsquo;usinage CNC robustes pour la d\u00e9coupe au jet d&rsquo;eau dans les secteurs de l&rsquo;a\u00e9rospatiale, du bois, du plastique, des mat\u00e9riaux composites et de la pierre (<br>).<\/p><ul><li>Elle repose sur trois principes fondamentaux : Fabriqu\u00e9 aux \u00c9tats-Unis, des composants standardis\u00e9s de haute qualit\u00e9 et un personnel exceptionnel (<br>).<\/li><li>Northwood fournit un support national avec des ing\u00e9nieurs, des installations d&rsquo;assemblage et des d\u00e9partements de service bas\u00e9s aux \u00c9tats-Unis.<\/li><\/ul><\/div><div class=\"section\"><h2>\u00c9quipement de coupe sp\u00e9cialis\u00e9<\/h2><h3><span style=\"color: #000080;\">Machines CNC \u00e0 3 axes<\/span><\/h3><ul><li>Centres d&rsquo;usinage CNC \u00e0 3 axes avec tables de travail mobiles &#8211; Solutions d&rsquo;usinage polyvalentes avec surfaces de travail mobiles<br>.<\/li><li>Portique mobile \u00e0 3 axes &#8211; Table de travail fixe avec portique mobile pour une plus grande capacit\u00e9.<\/li><li>D\u00e9fonceuses CNC \u00e0 trois axes avec maintien des rouleaux &#8211; D\u00e9fonceuses sp\u00e9cialis\u00e9es avec syst\u00e8mes de maintien des rouleaux pour une manipulation s\u00fbre des pi\u00e8ces \u00e0 l&rsquo;adresse<br>.<\/li><\/ul><h3><span style=\"color: #000080;\">Machines CNC \u00e0 5 axes<\/span><\/h3><ul><li>Centre d&rsquo;usinage CNC \u00e0 jet d&rsquo;eau 5 axes avec table de travail mobile &#8211; Usinage multidirectionnel avanc\u00e9 avec surface de travail mobile<br>.<\/li><li>Machines CNC \u00e0 portique mobile 5 axes &#8211; Table fixe avec conception \u00e0 portique mobile offrant des enveloppes de travail jusqu&rsquo;\u00e0<br>12ft x 12ft (3658mm x 3658mm).<\/li><li>CNC 5 axes pour l&rsquo;industrie du verre &#8211; V\u00e9rin robuste avec une course de 1829 mm (72&Prime;) sur l&rsquo;axe Z et une articulation en fonte sur l&rsquo;axe 2 (<br>).<\/li><\/ul><\/div><div class=\"section\"><h2>Sp\u00e9cialisations dans l&rsquo;industrie de la pierre<\/h2><ul><li>Northwood FabCenter (UFC 138) &#8211; Centre de fabrication ultime avec moteur de sciage Saccardo entra\u00een\u00e9 par Fanuc.<\/li><li>Routeur de pierre &#8211; Machine sp\u00e9cialement con\u00e7ue pour le traitement de la pierre.<\/li><li>CNC Raptor SawJet &#8211; Innovation r\u00e9volutionnaire en 2006 pour le traitement de la pierre, combinant la technologie du sciage et du jet d&rsquo;eau.<\/li><li>Iris Slab Scanner &#8211; Scanner vertical de dalles de pierre avec une r\u00e9solution de 12K pour une visualisation d\u00e9taill\u00e9e de la pierre.<\/li><\/ul><\/div><div class=\"section\"><h2>Options suppl\u00e9mentaires<\/h2><ul><li>Machines d&rsquo;occasion certifi\u00e9es &#8211; Machines d&rsquo;occasion entretenues selon les normes Northwood avec une assistance \u00e0 vie et une formation sur<br>.<hr><\/li><\/ul><p> <\/p><p><em><span style=\"color: #000080;\"><strong>\u221a Veuillez remplir le formulaire ci-dessous et un repr\u00e9sentant vous contactera dans les plus brefs d\u00e9lais.<\/strong><\/span><\/em><\/p><\/div>\t\t\t\t\t\t\t\t<\/div>\n\t\t\t\t<\/div>\n\t\t\t\t\t<\/div>\n\t\t\t\t<\/div>\n\t\t\t\t<\/div>\n\t\t","protected":false},"excerpt":{"rendered":"<p>NORTHWOOD MACHINE &#8211; D\u00c9COUPE DE PIERRE AU JET D&rsquo;EAU, CENTRES D&rsquo;USINAGE ET AUTRES Des machines con\u00e7ues pour r\u00e9sister \u00e0 l&rsquo;\u00e9preuve du temps. Depuis plus de 25 ans, Northwood Machine construit des machines \u00e0 jet d&rsquo;eau personnalis\u00e9es avec des composants de la plus haute qualit\u00e9. Nous n&rsquo;avons jamais modifi\u00e9 l&rsquo;application d&rsquo;un client pour l&rsquo;adapter \u00e0 notre [&hellip;]<\/p>\n","protected":false},"author":12,"featured_media":0,"parent":0,"menu_order":0,"comment_status":"closed","ping_status":"closed","template":"","meta":{"_acf_changed":false,"footnotes":""},"page-type":[],"class_list":["post-43575","page","type-page","status-publish","hentry"],"acf":[],"yoast_head":"<!-- This site is optimized with the Yoast SEO plugin v27.3 - https:\/\/yoast.com\/product\/yoast-seo-wordpress\/ -->\n<title>OEM NORTHWOOD MACHINE SAWJET | KMT Waterjet<\/title>\n<meta name=\"robots\" content=\"index, follow, max-snippet:-1, max-image-preview:large, max-video-preview:-1\" \/>\n<link rel=\"canonical\" href=\"https:\/\/kmtwaterjet.com\/fr-ca\/decoupe-au-jet-deau-ou-au-laser-2\/\" \/>\n<meta property=\"og:locale\" content=\"fr_CA\" \/>\n<meta property=\"og:type\" content=\"article\" \/>\n<meta property=\"og:title\" content=\"OEM NORTHWOOD MACHINE SAWJET | KMT Waterjet\" \/>\n<meta property=\"og:description\" content=\"NORTHWOOD MACHINE &#8211; D\u00c9COUPE DE PIERRE AU JET D&rsquo;EAU, CENTRES D&rsquo;USINAGE ET AUTRES Des machines con\u00e7ues pour r\u00e9sister \u00e0 l&rsquo;\u00e9preuve du temps. Depuis plus de 25 ans, Northwood Machine construit des machines \u00e0 jet d&rsquo;eau personnalis\u00e9es avec des composants de la plus haute qualit\u00e9. Nous n&rsquo;avons jamais modifi\u00e9 l&rsquo;application d&rsquo;un client pour l&rsquo;adapter \u00e0 notre [&hellip;]\" \/>\n<meta property=\"og:url\" content=\"https:\/\/kmtwaterjet.com\/fr-ca\/decoupe-au-jet-deau-ou-au-laser-2\/\" \/>\n<meta property=\"og:site_name\" content=\"KMT Waterjet\" \/>\n<meta property=\"article:modified_time\" content=\"2026-04-27T17:01:22+00:00\" \/>\n<meta property=\"og:image\" content=\"https:\/\/kmtwaterjet.com\/wp-content\/uploads\/NORTHWOOD-MACHINE-WATERJET-CUTTING-STONE-GLASS-METAL-PLASTIC.jpg\" \/>\n\t<meta property=\"og:image:width\" content=\"1402\" \/>\n\t<meta property=\"og:image:height\" content=\"711\" \/>\n\t<meta property=\"og:image:type\" content=\"image\/jpeg\" \/>\n<meta name=\"twitter:card\" content=\"summary_large_image\" \/>\n<meta name=\"twitter:label1\" content=\"Estimation du temps de lecture\" \/>\n\t<meta name=\"twitter:data1\" content=\"2 minutes\" \/>\n<script type=\"application\/ld+json\" class=\"yoast-schema-graph\">{\"@context\":\"https:\\\/\\\/schema.org\",\"@graph\":[{\"@type\":\"WebPage\",\"@id\":\"https:\\\/\\\/kmtwaterjet.com\\\/fr-ca\\\/decoupe-au-jet-deau-ou-au-laser-2\\\/\",\"url\":\"https:\\\/\\\/kmtwaterjet.com\\\/fr-ca\\\/decoupe-au-jet-deau-ou-au-laser-2\\\/\",\"name\":\"OEM NORTHWOOD MACHINE SAWJET | KMT Waterjet\",\"isPartOf\":{\"@id\":\"https:\\\/\\\/kmtwaterjet.com\\\/fr-ca\\\/#website\"},\"primaryImageOfPage\":{\"@id\":\"https:\\\/\\\/kmtwaterjet.com\\\/fr-ca\\\/decoupe-au-jet-deau-ou-au-laser-2\\\/#primaryimage\"},\"image\":{\"@id\":\"https:\\\/\\\/kmtwaterjet.com\\\/fr-ca\\\/decoupe-au-jet-deau-ou-au-laser-2\\\/#primaryimage\"},\"thumbnailUrl\":\"https:\\\/\\\/kmtwaterjet.com\\\/wp-content\\\/uploads\\\/NORTHWOOD-MACHINE-WATERJET-CUTTING-STONE-GLASS-METAL-PLASTIC-1024x519.jpg\",\"datePublished\":\"2026-03-19T19:02:52+00:00\",\"dateModified\":\"2026-04-27T17:01:22+00:00\",\"breadcrumb\":{\"@id\":\"https:\\\/\\\/kmtwaterjet.com\\\/fr-ca\\\/decoupe-au-jet-deau-ou-au-laser-2\\\/#breadcrumb\"},\"inLanguage\":\"fr-CA\",\"potentialAction\":[{\"@type\":\"ReadAction\",\"target\":[\"https:\\\/\\\/kmtwaterjet.com\\\/fr-ca\\\/decoupe-au-jet-deau-ou-au-laser-2\\\/\"]}]},{\"@type\":\"ImageObject\",\"inLanguage\":\"fr-CA\",\"@id\":\"https:\\\/\\\/kmtwaterjet.com\\\/fr-ca\\\/decoupe-au-jet-deau-ou-au-laser-2\\\/#primaryimage\",\"url\":\"https:\\\/\\\/kmtwaterjet.com\\\/wp-content\\\/uploads\\\/NORTHWOOD-MACHINE-WATERJET-CUTTING-STONE-GLASS-METAL-PLASTIC-1024x519.jpg\",\"contentUrl\":\"https:\\\/\\\/kmtwaterjet.com\\\/wp-content\\\/uploads\\\/NORTHWOOD-MACHINE-WATERJET-CUTTING-STONE-GLASS-METAL-PLASTIC-1024x519.jpg\"},{\"@type\":\"BreadcrumbList\",\"@id\":\"https:\\\/\\\/kmtwaterjet.com\\\/fr-ca\\\/decoupe-au-jet-deau-ou-au-laser-2\\\/#breadcrumb\",\"itemListElement\":[{\"@type\":\"ListItem\",\"position\":1,\"name\":\"Home\",\"item\":\"https:\\\/\\\/kmtwaterjet.com\\\/fr-ca\\\/\"},{\"@type\":\"ListItem\",\"position\":2,\"name\":\"OEM NORTHWOOD MACHINE SAWJET\"}]},{\"@type\":\"WebSite\",\"@id\":\"https:\\\/\\\/kmtwaterjet.com\\\/fr-ca\\\/#website\",\"url\":\"https:\\\/\\\/kmtwaterjet.com\\\/fr-ca\\\/\",\"name\":\"KMT Waterjet\",\"description\":\"KMT Waterjet for waterjet cutting metal, stone, glass, steel and more\",\"publisher\":{\"@id\":\"https:\\\/\\\/kmtwaterjet.com\\\/fr-ca\\\/#organization\"},\"potentialAction\":[{\"@type\":\"SearchAction\",\"target\":{\"@type\":\"EntryPoint\",\"urlTemplate\":\"https:\\\/\\\/kmtwaterjet.com\\\/fr-ca\\\/?s={search_term_string}\"},\"query-input\":{\"@type\":\"PropertyValueSpecification\",\"valueRequired\":true,\"valueName\":\"search_term_string\"}}],\"inLanguage\":\"fr-CA\"},{\"@type\":\"Organization\",\"@id\":\"https:\\\/\\\/kmtwaterjet.com\\\/fr-ca\\\/#organization\",\"name\":\"KMT Waterjet\",\"url\":\"https:\\\/\\\/kmtwaterjet.com\\\/fr-ca\\\/\",\"logo\":{\"@type\":\"ImageObject\",\"inLanguage\":\"fr-CA\",\"@id\":\"https:\\\/\\\/kmtwaterjet.com\\\/fr-ca\\\/#\\\/schema\\\/logo\\\/image\\\/\",\"url\":\"https:\\\/\\\/kmtwaterjet.com\\\/wp-content\\\/uploads\\\/kmt_logo_2020.png\",\"contentUrl\":\"https:\\\/\\\/kmtwaterjet.com\\\/wp-content\\\/uploads\\\/kmt_logo_2020.png\",\"width\":1002,\"height\":605,\"caption\":\"KMT Waterjet\"},\"image\":{\"@id\":\"https:\\\/\\\/kmtwaterjet.com\\\/fr-ca\\\/#\\\/schema\\\/logo\\\/image\\\/\"}}]}<\/script>\n<!-- \/ Yoast SEO plugin. -->","yoast_head_json":{"title":"OEM NORTHWOOD MACHINE SAWJET | KMT Waterjet","robots":{"index":"index","follow":"follow","max-snippet":"max-snippet:-1","max-image-preview":"max-image-preview:large","max-video-preview":"max-video-preview:-1"},"canonical":"https:\/\/kmtwaterjet.com\/fr-ca\/decoupe-au-jet-deau-ou-au-laser-2\/","og_locale":"fr_CA","og_type":"article","og_title":"OEM NORTHWOOD MACHINE SAWJET | KMT Waterjet","og_description":"NORTHWOOD MACHINE &#8211; D\u00c9COUPE DE PIERRE AU JET D&rsquo;EAU, CENTRES D&rsquo;USINAGE ET AUTRES Des machines con\u00e7ues pour r\u00e9sister \u00e0 l&rsquo;\u00e9preuve du temps. Depuis plus de 25 ans, Northwood Machine construit des machines \u00e0 jet d&rsquo;eau personnalis\u00e9es avec des composants de la plus haute qualit\u00e9. Nous n&rsquo;avons jamais modifi\u00e9 l&rsquo;application d&rsquo;un client pour l&rsquo;adapter \u00e0 notre [&hellip;]","og_url":"https:\/\/kmtwaterjet.com\/fr-ca\/decoupe-au-jet-deau-ou-au-laser-2\/","og_site_name":"KMT Waterjet","article_modified_time":"2026-04-27T17:01:22+00:00","og_image":[{"width":1402,"height":711,"url":"https:\/\/kmtwaterjet.com\/wp-content\/uploads\/NORTHWOOD-MACHINE-WATERJET-CUTTING-STONE-GLASS-METAL-PLASTIC.jpg","type":"image\/jpeg"}],"twitter_card":"summary_large_image","twitter_misc":{"Estimation du temps de lecture":"2 minutes"},"schema":{"@context":"https:\/\/schema.org","@graph":[{"@type":"WebPage","@id":"https:\/\/kmtwaterjet.com\/fr-ca\/decoupe-au-jet-deau-ou-au-laser-2\/","url":"https:\/\/kmtwaterjet.com\/fr-ca\/decoupe-au-jet-deau-ou-au-laser-2\/","name":"OEM NORTHWOOD MACHINE SAWJET | KMT Waterjet","isPartOf":{"@id":"https:\/\/kmtwaterjet.com\/fr-ca\/#website"},"primaryImageOfPage":{"@id":"https:\/\/kmtwaterjet.com\/fr-ca\/decoupe-au-jet-deau-ou-au-laser-2\/#primaryimage"},"image":{"@id":"https:\/\/kmtwaterjet.com\/fr-ca\/decoupe-au-jet-deau-ou-au-laser-2\/#primaryimage"},"thumbnailUrl":"https:\/\/kmtwaterjet.com\/wp-content\/uploads\/NORTHWOOD-MACHINE-WATERJET-CUTTING-STONE-GLASS-METAL-PLASTIC-1024x519.jpg","datePublished":"2026-03-19T19:02:52+00:00","dateModified":"2026-04-27T17:01:22+00:00","breadcrumb":{"@id":"https:\/\/kmtwaterjet.com\/fr-ca\/decoupe-au-jet-deau-ou-au-laser-2\/#breadcrumb"},"inLanguage":"fr-CA","potentialAction":[{"@type":"ReadAction","target":["https:\/\/kmtwaterjet.com\/fr-ca\/decoupe-au-jet-deau-ou-au-laser-2\/"]}]},{"@type":"ImageObject","inLanguage":"fr-CA","@id":"https:\/\/kmtwaterjet.com\/fr-ca\/decoupe-au-jet-deau-ou-au-laser-2\/#primaryimage","url":"https:\/\/kmtwaterjet.com\/wp-content\/uploads\/NORTHWOOD-MACHINE-WATERJET-CUTTING-STONE-GLASS-METAL-PLASTIC-1024x519.jpg","contentUrl":"https:\/\/kmtwaterjet.com\/wp-content\/uploads\/NORTHWOOD-MACHINE-WATERJET-CUTTING-STONE-GLASS-METAL-PLASTIC-1024x519.jpg"},{"@type":"BreadcrumbList","@id":"https:\/\/kmtwaterjet.com\/fr-ca\/decoupe-au-jet-deau-ou-au-laser-2\/#breadcrumb","itemListElement":[{"@type":"ListItem","position":1,"name":"Home","item":"https:\/\/kmtwaterjet.com\/fr-ca\/"},{"@type":"ListItem","position":2,"name":"OEM NORTHWOOD MACHINE SAWJET"}]},{"@type":"WebSite","@id":"https:\/\/kmtwaterjet.com\/fr-ca\/#website","url":"https:\/\/kmtwaterjet.com\/fr-ca\/","name":"KMT Waterjet","description":"KMT Waterjet for waterjet cutting metal, stone, glass, steel and more","publisher":{"@id":"https:\/\/kmtwaterjet.com\/fr-ca\/#organization"},"potentialAction":[{"@type":"SearchAction","target":{"@type":"EntryPoint","urlTemplate":"https:\/\/kmtwaterjet.com\/fr-ca\/?s={search_term_string}"},"query-input":{"@type":"PropertyValueSpecification","valueRequired":true,"valueName":"search_term_string"}}],"inLanguage":"fr-CA"},{"@type":"Organization","@id":"https:\/\/kmtwaterjet.com\/fr-ca\/#organization","name":"KMT Waterjet","url":"https:\/\/kmtwaterjet.com\/fr-ca\/","logo":{"@type":"ImageObject","inLanguage":"fr-CA","@id":"https:\/\/kmtwaterjet.com\/fr-ca\/#\/schema\/logo\/image\/","url":"https:\/\/kmtwaterjet.com\/wp-content\/uploads\/kmt_logo_2020.png","contentUrl":"https:\/\/kmtwaterjet.com\/wp-content\/uploads\/kmt_logo_2020.png","width":1002,"height":605,"caption":"KMT Waterjet"},"image":{"@id":"https:\/\/kmtwaterjet.com\/fr-ca\/#\/schema\/logo\/image\/"}}]}},"_links":{"self":[{"href":"https:\/\/kmtwaterjet.com\/fr-ca\/wp-json\/wp\/v2\/pages\/43575","targetHints":{"allow":["GET"]}}],"collection":[{"href":"https:\/\/kmtwaterjet.com\/fr-ca\/wp-json\/wp\/v2\/pages"}],"about":[{"href":"https:\/\/kmtwaterjet.com\/fr-ca\/wp-json\/wp\/v2\/types\/page"}],"author":[{"embeddable":true,"href":"https:\/\/kmtwaterjet.com\/fr-ca\/wp-json\/wp\/v2\/users\/12"}],"replies":[{"embeddable":true,"href":"https:\/\/kmtwaterjet.com\/fr-ca\/wp-json\/wp\/v2\/comments?post=43575"}],"version-history":[{"count":0,"href":"https:\/\/kmtwaterjet.com\/fr-ca\/wp-json\/wp\/v2\/pages\/43575\/revisions"}],"wp:attachment":[{"href":"https:\/\/kmtwaterjet.com\/fr-ca\/wp-json\/wp\/v2\/media?parent=43575"}],"wp:term":[{"taxonomy":"page-type","embeddable":true,"href":"https:\/\/kmtwaterjet.com\/fr-ca\/wp-json\/wp\/v2\/page-type?post=43575"}],"curies":[{"name":"wp","href":"https:\/\/api.w.org\/{rel}","templated":true}]}}