{"id":29211,"date":"2024-01-18T21:50:11","date_gmt":"2024-01-19T03:50:11","guid":{"rendered":"https:\/\/kmtwaterjet.com\/politique-de-confidentialite\/"},"modified":"2025-02-17T13:24:05","modified_gmt":"2025-02-17T19:24:05","slug":"politique-de-confidentialite","status":"publish","type":"page","link":"https:\/\/kmtwaterjet.com\/fr-ca\/politique-de-confidentialite\/","title":{"rendered":"Politique de confidentialit\u00e9"},"content":{"rendered":"\t\t<div data-elementor-type=\"wp-page\" data-elementor-id=\"29211\" class=\"elementor elementor-29211 elementor-2894\" data-elementor-post-type=\"page\">\n\t\t\t\t<div class=\"elementor-element elementor-element-20e8b0c e-flex e-con-boxed e-con e-parent\" data-id=\"20e8b0c\" data-element_type=\"container\" data-e-type=\"container\" data-settings=\"{&quot;background_background&quot;:&quot;classic&quot;,&quot;shape_divider_bottom&quot;:&quot;waves&quot;,&quot;shape_divider_bottom_negative&quot;:&quot;yes&quot;}\">\n\t\t\t\t\t<div class=\"e-con-inner\">\n\t\t\t\t<div class=\"elementor-shape elementor-shape-bottom\" aria-hidden=\"true\" data-negative=\"true\">\n\t\t\t<svg xmlns=\"http:\/\/www.w3.org\/2000\/svg\" viewBox=\"0 0 1000 100\" preserveAspectRatio=\"none\">\n\t<path class=\"elementor-shape-fill\" d=\"M790.5,93.1c-59.3-5.3-116.8-18-192.6-50c-29.6-12.7-76.9-31-100.5-35.9c-23.6-4.9-52.6-7.8-75.5-5.3\n\tc-10.2,1.1-22.6,1.4-50.1,7.4c-27.2,6.3-58.2,16.6-79.4,24.7c-41.3,15.9-94.9,21.9-134,22.6C72,58.2,0,25.8,0,25.8V100h1000V65.3\n\tc0,0-51.5,19.4-106.2,25.7C839.5,97,814.1,95.2,790.5,93.1z\"\/>\n<\/svg>\t\t<\/div>\n\t\t<div class=\"elementor-element elementor-element-3db032c e-con-full e-flex e-con e-child\" data-id=\"3db032c\" data-element_type=\"container\" data-e-type=\"container\">\n\t\t\t\t<div class=\"elementor-element elementor-element-d577189 elementor-widget__width-initial elementor-widget elementor-widget-heading\" data-id=\"d577189\" data-element_type=\"widget\" data-e-type=\"widget\" data-widget_type=\"heading.default\">\n\t\t\t\t<div class=\"elementor-widget-container\">\n\t\t\t\t\t<h2 class=\"elementor-heading-title elementor-size-default\">Politique de confidentialit\u00e9<\/h2>\t\t\t\t<\/div>\n\t\t\t\t<\/div>\n\t\t\t\t<div class=\"elementor-element elementor-element-8ac114c elementor-widget-divider--view-line elementor-widget elementor-widget-divider\" data-id=\"8ac114c\" data-element_type=\"widget\" data-e-type=\"widget\" data-widget_type=\"divider.default\">\n\t\t\t\t<div class=\"elementor-widget-container\">\n\t\t\t\t\t\t\t<div class=\"elementor-divider\">\n\t\t\t<span class=\"elementor-divider-separator\">\n\t\t\t\t\t\t<\/span>\n\t\t<\/div>\n\t\t\t\t\t\t<\/div>\n\t\t\t\t<\/div>\n\t\t<div class=\"elementor-element elementor-element-cf345b2 e-flex e-con-boxed e-con e-child\" data-id=\"cf345b2\" data-element_type=\"container\" data-e-type=\"container\">\n\t\t\t\t\t<div class=\"e-con-inner\">\n\t\t\t\t<div class=\"elementor-element elementor-element-7503a8e elementor-widget__width-initial elementor-widget elementor-widget-text-editor\" data-id=\"7503a8e\" data-element_type=\"widget\" data-e-type=\"widget\" data-widget_type=\"text-editor.default\">\n\t\t\t\t<div class=\"elementor-widget-container\">\n\t\t\t\t\t\t\t\t\t<p>KMT reconna\u00eet l&rsquo;importance de la protection des informations personnelles et les prot\u00e8ge de mani\u00e8re appropri\u00e9e. KMT respecte les r\u00e8gles et r\u00e8glements concernant l&rsquo;acquisition, l&rsquo;utilisation, la fourniture, etc. d&rsquo;informations personnelles et, sur la base de ces r\u00e8gles et r\u00e8glements, traite les informations personnelles de mani\u00e8re appropri\u00e9e. <\/p>\n<p>Pour garantir l&rsquo;exactitude et la s\u00e9curit\u00e9 des informations personnelles, KMT prend des mesures de s\u00e9curit\u00e9 et de contr\u00f4le des donn\u00e9es\/informations, s&rsquo;effor\u00e7ant ainsi d&#8217;emp\u00eacher l&rsquo;acc\u00e8s non autoris\u00e9 aux informations personnelles ou d&#8217;emp\u00eacher la perte, la destruction, la falsification et la fuite d&rsquo;informations personnelles.<\/p>\n<p>KMT peut recueillir des informations sur les visites des utilisateurs individuels sur son site. KMT peut \u00e9galement utiliser les informations concernant les utilisateurs individuels afin d&rsquo;envoyer des informations sur les produits et du mat\u00e9riel promotionnel concernant KMT ou ses filiales. Les informations personnelles collect\u00e9es sur le site de KMT peuvent \u00eatre stock\u00e9es et trait\u00e9es en Su\u00e8de ou dans tout autre pays dans lequel KMT ou ses filiales poss\u00e8dent des installations, et en utilisant le site ou les services de KMT, vous consentez \u00e0 un tel transfert d&rsquo;informations en dehors de votre pays.  <\/p>\n<p>Respectant les droits \u00e0 l&rsquo;information des utilisateurs\/clients individuels, KMT se conformera aux demandes des utilisateurs\/clients individuels concern\u00e9s concernant la divulgation de leurs informations personnelles, la modification, l&rsquo;ajout ou la suppression et l&rsquo;effacement du contenu de leurs informations personnelles, ainsi que la suspension de la fourniture d&rsquo;informations \u00e0 des tiers, conform\u00e9ment aux dispositions des lois pertinentes.<\/p>\n\t\t\t\t\t\t\t\t<\/div>\n\t\t\t\t<\/div>\n\t\t\t\t\t<\/div>\n\t\t\t\t<\/div>\n\t\t\t\t<\/div>\n\t\t\t\t\t<\/div>\n\t\t\t\t<\/div>\n\t\t\t\t<\/div>\n\t\t","protected":false},"excerpt":{"rendered":"<p>Politique de confidentialit\u00e9 KMT reconna\u00eet l&rsquo;importance de la protection des informations personnelles et les prot\u00e8ge de mani\u00e8re appropri\u00e9e. KMT respecte les r\u00e8gles et r\u00e8glements concernant l&rsquo;acquisition, l&rsquo;utilisation, la fourniture, etc. d&rsquo;informations personnelles et, sur la base de ces r\u00e8gles et r\u00e8glements, traite les informations personnelles de mani\u00e8re appropri\u00e9e. Pour garantir l&rsquo;exactitude et la s\u00e9curit\u00e9 des [&hellip;]<\/p>\n","protected":false},"author":12,"featured_media":0,"parent":0,"menu_order":0,"comment_status":"closed","ping_status":"closed","template":"elementor_header_footer","meta":{"_acf_changed":false,"footnotes":""},"page-type":[],"class_list":["post-29211","page","type-page","status-publish","hentry"],"acf":[],"yoast_head":"<!-- This site is optimized with the Yoast SEO plugin v27.3 - https:\/\/yoast.com\/product\/yoast-seo-wordpress\/ -->\n<title>Politique de confidentialit\u00e9 | KMT Waterjet<\/title>\n<meta name=\"description\" content=\"KMT suit des r\u00e8gles strictes pour s\u00e9curiser les informations personnelles. Pour en savoir plus sur notre engagement en mati\u00e8re de protection des donn\u00e9es, consultez notre politique de confidentialit\u00e9.\" \/>\n<meta name=\"robots\" content=\"index, follow, max-snippet:-1, max-image-preview:large, max-video-preview:-1\" \/>\n<link rel=\"canonical\" href=\"https:\/\/kmtwaterjet.com\/fr-ca\/politique-de-confidentialite\/\" \/>\n<meta property=\"og:locale\" content=\"fr_CA\" \/>\n<meta property=\"og:type\" content=\"article\" \/>\n<meta property=\"og:title\" content=\"Politique de confidentialit\u00e9 | KMT Waterjet\" \/>\n<meta property=\"og:description\" content=\"KMT suit des r\u00e8gles strictes pour s\u00e9curiser les informations personnelles. Pour en savoir plus sur notre engagement en mati\u00e8re de protection des donn\u00e9es, consultez notre politique de confidentialit\u00e9.\" \/>\n<meta property=\"og:url\" content=\"https:\/\/kmtwaterjet.com\/fr-ca\/politique-de-confidentialite\/\" \/>\n<meta property=\"og:site_name\" content=\"KMT Waterjet\" \/>\n<meta property=\"article:modified_time\" content=\"2025-02-17T19:24:05+00:00\" \/>\n<meta property=\"og:image\" content=\"https:\/\/kmtwaterjet.com\/wp-content\/uploads\/KMT-Social-Sharing.jpg\" \/>\n\t<meta property=\"og:image:width\" content=\"1200\" \/>\n\t<meta property=\"og:image:height\" content=\"675\" \/>\n\t<meta property=\"og:image:type\" content=\"image\/jpeg\" \/>\n<meta name=\"twitter:card\" content=\"summary_large_image\" \/>\n<meta name=\"twitter:label1\" content=\"Estimation du temps de lecture\" \/>\n\t<meta name=\"twitter:data1\" content=\"1 minute\" \/>\n<script type=\"application\/ld+json\" class=\"yoast-schema-graph\">{\"@context\":\"https:\\\/\\\/schema.org\",\"@graph\":[{\"@type\":\"WebPage\",\"@id\":\"https:\\\/\\\/kmtwaterjet.com\\\/fr-ca\\\/politique-de-confidentialite\\\/\",\"url\":\"https:\\\/\\\/kmtwaterjet.com\\\/fr-ca\\\/politique-de-confidentialite\\\/\",\"name\":\"Politique de confidentialit\u00e9 | KMT Waterjet\",\"isPartOf\":{\"@id\":\"https:\\\/\\\/kmtwaterjet.com\\\/fr-ca\\\/#website\"},\"datePublished\":\"2024-01-19T03:50:11+00:00\",\"dateModified\":\"2025-02-17T19:24:05+00:00\",\"description\":\"KMT suit des r\u00e8gles strictes pour s\u00e9curiser les informations personnelles. Pour en savoir plus sur notre engagement en mati\u00e8re de protection des donn\u00e9es, consultez notre politique de confidentialit\u00e9.\",\"breadcrumb\":{\"@id\":\"https:\\\/\\\/kmtwaterjet.com\\\/fr-ca\\\/politique-de-confidentialite\\\/#breadcrumb\"},\"inLanguage\":\"fr-CA\",\"potentialAction\":[{\"@type\":\"ReadAction\",\"target\":[\"https:\\\/\\\/kmtwaterjet.com\\\/fr-ca\\\/politique-de-confidentialite\\\/\"]}]},{\"@type\":\"BreadcrumbList\",\"@id\":\"https:\\\/\\\/kmtwaterjet.com\\\/fr-ca\\\/politique-de-confidentialite\\\/#breadcrumb\",\"itemListElement\":[{\"@type\":\"ListItem\",\"position\":1,\"name\":\"Home\",\"item\":\"https:\\\/\\\/kmtwaterjet.com\\\/fr-ca\\\/\"},{\"@type\":\"ListItem\",\"position\":2,\"name\":\"Politique de confidentialit\u00e9\"}]},{\"@type\":\"WebSite\",\"@id\":\"https:\\\/\\\/kmtwaterjet.com\\\/fr-ca\\\/#website\",\"url\":\"https:\\\/\\\/kmtwaterjet.com\\\/fr-ca\\\/\",\"name\":\"KMT Waterjet\",\"description\":\"KMT Waterjet for waterjet cutting metal, stone, glass, steel and more\",\"publisher\":{\"@id\":\"https:\\\/\\\/kmtwaterjet.com\\\/fr-ca\\\/#organization\"},\"potentialAction\":[{\"@type\":\"SearchAction\",\"target\":{\"@type\":\"EntryPoint\",\"urlTemplate\":\"https:\\\/\\\/kmtwaterjet.com\\\/fr-ca\\\/?s={search_term_string}\"},\"query-input\":{\"@type\":\"PropertyValueSpecification\",\"valueRequired\":true,\"valueName\":\"search_term_string\"}}],\"inLanguage\":\"fr-CA\"},{\"@type\":\"Organization\",\"@id\":\"https:\\\/\\\/kmtwaterjet.com\\\/fr-ca\\\/#organization\",\"name\":\"KMT Waterjet\",\"url\":\"https:\\\/\\\/kmtwaterjet.com\\\/fr-ca\\\/\",\"logo\":{\"@type\":\"ImageObject\",\"inLanguage\":\"fr-CA\",\"@id\":\"https:\\\/\\\/kmtwaterjet.com\\\/fr-ca\\\/#\\\/schema\\\/logo\\\/image\\\/\",\"url\":\"https:\\\/\\\/kmtwaterjet.com\\\/wp-content\\\/uploads\\\/kmt_logo_2020.png\",\"contentUrl\":\"https:\\\/\\\/kmtwaterjet.com\\\/wp-content\\\/uploads\\\/kmt_logo_2020.png\",\"width\":1002,\"height\":605,\"caption\":\"KMT Waterjet\"},\"image\":{\"@id\":\"https:\\\/\\\/kmtwaterjet.com\\\/fr-ca\\\/#\\\/schema\\\/logo\\\/image\\\/\"}}]}<\/script>\n<!-- \/ Yoast SEO plugin. -->","yoast_head_json":{"title":"Politique de confidentialit\u00e9 | KMT Waterjet","description":"KMT suit des r\u00e8gles strictes pour s\u00e9curiser les informations personnelles. Pour en savoir plus sur notre engagement en mati\u00e8re de protection des donn\u00e9es, consultez notre politique de confidentialit\u00e9.","robots":{"index":"index","follow":"follow","max-snippet":"max-snippet:-1","max-image-preview":"max-image-preview:large","max-video-preview":"max-video-preview:-1"},"canonical":"https:\/\/kmtwaterjet.com\/fr-ca\/politique-de-confidentialite\/","og_locale":"fr_CA","og_type":"article","og_title":"Politique de confidentialit\u00e9 | KMT Waterjet","og_description":"KMT suit des r\u00e8gles strictes pour s\u00e9curiser les informations personnelles. Pour en savoir plus sur notre engagement en mati\u00e8re de protection des donn\u00e9es, consultez notre politique de confidentialit\u00e9.","og_url":"https:\/\/kmtwaterjet.com\/fr-ca\/politique-de-confidentialite\/","og_site_name":"KMT Waterjet","article_modified_time":"2025-02-17T19:24:05+00:00","og_image":[{"width":1200,"height":675,"url":"https:\/\/kmtwaterjet.com\/wp-content\/uploads\/KMT-Social-Sharing.jpg","type":"image\/jpeg"}],"twitter_card":"summary_large_image","twitter_misc":{"Estimation du temps de lecture":"1 minute"},"schema":{"@context":"https:\/\/schema.org","@graph":[{"@type":"WebPage","@id":"https:\/\/kmtwaterjet.com\/fr-ca\/politique-de-confidentialite\/","url":"https:\/\/kmtwaterjet.com\/fr-ca\/politique-de-confidentialite\/","name":"Politique de confidentialit\u00e9 | KMT Waterjet","isPartOf":{"@id":"https:\/\/kmtwaterjet.com\/fr-ca\/#website"},"datePublished":"2024-01-19T03:50:11+00:00","dateModified":"2025-02-17T19:24:05+00:00","description":"KMT suit des r\u00e8gles strictes pour s\u00e9curiser les informations personnelles. Pour en savoir plus sur notre engagement en mati\u00e8re de protection des donn\u00e9es, consultez notre politique de confidentialit\u00e9.","breadcrumb":{"@id":"https:\/\/kmtwaterjet.com\/fr-ca\/politique-de-confidentialite\/#breadcrumb"},"inLanguage":"fr-CA","potentialAction":[{"@type":"ReadAction","target":["https:\/\/kmtwaterjet.com\/fr-ca\/politique-de-confidentialite\/"]}]},{"@type":"BreadcrumbList","@id":"https:\/\/kmtwaterjet.com\/fr-ca\/politique-de-confidentialite\/#breadcrumb","itemListElement":[{"@type":"ListItem","position":1,"name":"Home","item":"https:\/\/kmtwaterjet.com\/fr-ca\/"},{"@type":"ListItem","position":2,"name":"Politique de confidentialit\u00e9"}]},{"@type":"WebSite","@id":"https:\/\/kmtwaterjet.com\/fr-ca\/#website","url":"https:\/\/kmtwaterjet.com\/fr-ca\/","name":"KMT Waterjet","description":"KMT Waterjet for waterjet cutting metal, stone, glass, steel and more","publisher":{"@id":"https:\/\/kmtwaterjet.com\/fr-ca\/#organization"},"potentialAction":[{"@type":"SearchAction","target":{"@type":"EntryPoint","urlTemplate":"https:\/\/kmtwaterjet.com\/fr-ca\/?s={search_term_string}"},"query-input":{"@type":"PropertyValueSpecification","valueRequired":true,"valueName":"search_term_string"}}],"inLanguage":"fr-CA"},{"@type":"Organization","@id":"https:\/\/kmtwaterjet.com\/fr-ca\/#organization","name":"KMT Waterjet","url":"https:\/\/kmtwaterjet.com\/fr-ca\/","logo":{"@type":"ImageObject","inLanguage":"fr-CA","@id":"https:\/\/kmtwaterjet.com\/fr-ca\/#\/schema\/logo\/image\/","url":"https:\/\/kmtwaterjet.com\/wp-content\/uploads\/kmt_logo_2020.png","contentUrl":"https:\/\/kmtwaterjet.com\/wp-content\/uploads\/kmt_logo_2020.png","width":1002,"height":605,"caption":"KMT Waterjet"},"image":{"@id":"https:\/\/kmtwaterjet.com\/fr-ca\/#\/schema\/logo\/image\/"}}]}},"_links":{"self":[{"href":"https:\/\/kmtwaterjet.com\/fr-ca\/wp-json\/wp\/v2\/pages\/29211","targetHints":{"allow":["GET"]}}],"collection":[{"href":"https:\/\/kmtwaterjet.com\/fr-ca\/wp-json\/wp\/v2\/pages"}],"about":[{"href":"https:\/\/kmtwaterjet.com\/fr-ca\/wp-json\/wp\/v2\/types\/page"}],"author":[{"embeddable":true,"href":"https:\/\/kmtwaterjet.com\/fr-ca\/wp-json\/wp\/v2\/users\/12"}],"replies":[{"embeddable":true,"href":"https:\/\/kmtwaterjet.com\/fr-ca\/wp-json\/wp\/v2\/comments?post=29211"}],"version-history":[{"count":0,"href":"https:\/\/kmtwaterjet.com\/fr-ca\/wp-json\/wp\/v2\/pages\/29211\/revisions"}],"wp:attachment":[{"href":"https:\/\/kmtwaterjet.com\/fr-ca\/wp-json\/wp\/v2\/media?parent=29211"}],"wp:term":[{"taxonomy":"page-type","embeddable":true,"href":"https:\/\/kmtwaterjet.com\/fr-ca\/wp-json\/wp\/v2\/page-type?post=29211"}],"curies":[{"name":"wp","href":"https:\/\/api.w.org\/{rel}","templated":true}]}}