{"id":28106,"date":"2024-04-22T10:31:24","date_gmt":"2024-04-22T15:31:24","guid":{"rendered":"https:\/\/kmtwaterjet.com\/a-propos-de-nous-les-pionniers-de-la-decoupe-au-jet-deau\/salons-et-evenements-de-kmt-waterjet\/"},"modified":"2026-03-19T10:26:12","modified_gmt":"2026-03-19T15:26:12","slug":"salons-et-evenements-de-kmt-waterjet","status":"publish","type":"page","link":"https:\/\/kmtwaterjet.com\/fr-ca\/a-propos-de-nous-les-pionniers-de-la-decoupe-au-jet-deau\/salons-et-evenements-de-kmt-waterjet\/","title":{"rendered":"Salons et \u00e9v\u00e9nements de KMT Waterjet"},"content":{"rendered":"\t\t<div data-elementor-type=\"wp-page\" data-elementor-id=\"28106\" class=\"elementor elementor-28106 elementor-3427\" data-elementor-post-type=\"page\">\n\t\t\t\t<div class=\"elementor-element elementor-element-0e9108d e-flex e-con-boxed e-con e-parent\" data-id=\"0e9108d\" data-element_type=\"container\" data-e-type=\"container\" data-settings=\"{&quot;background_background&quot;:&quot;classic&quot;,&quot;shape_divider_bottom&quot;:&quot;mountains&quot;}\">\n\t\t\t\t\t<div class=\"e-con-inner\">\n\t\t\t\t<div class=\"elementor-shape elementor-shape-bottom\" aria-hidden=\"true\" data-negative=\"false\">\n\t\t\t<svg xmlns=\"http:\/\/www.w3.org\/2000\/svg\" viewBox=\"0 0 1000 100\" preserveAspectRatio=\"none\">\n\t<path class=\"elementor-shape-fill\" opacity=\"0.33\" d=\"M473,67.3c-203.9,88.3-263.1-34-320.3,0C66,119.1,0,59.7,0,59.7V0h1000v59.7 c0,0-62.1,26.1-94.9,29.3c-32.8,3.3-62.8-12.3-75.8-22.1C806,49.6,745.3,8.7,694.9,4.7S492.4,59,473,67.3z\"\/>\n\t<path class=\"elementor-shape-fill\" opacity=\"0.66\" d=\"M734,67.3c-45.5,0-77.2-23.2-129.1-39.1c-28.6-8.7-150.3-10.1-254,39.1 s-91.7-34.4-149.2,0C115.7,118.3,0,39.8,0,39.8V0h1000v36.5c0,0-28.2-18.5-92.1-18.5C810.2,18.1,775.7,67.3,734,67.3z\"\/>\n\t<path class=\"elementor-shape-fill\" d=\"M766.1,28.9c-200-57.5-266,65.5-395.1,19.5C242,1.8,242,5.4,184.8,20.6C128,35.8,132.3,44.9,89.9,52.5C28.6,63.7,0,0,0,0 h1000c0,0-9.9,40.9-83.6,48.1S829.6,47,766.1,28.9z\"\/>\n<\/svg>\t\t<\/div>\n\t\t<div class=\"elementor-element elementor-element-41b8436 e-flex e-con-boxed e-con e-child\" data-id=\"41b8436\" data-element_type=\"container\" data-e-type=\"container\">\n\t\t\t\t\t<div class=\"e-con-inner\">\n\t\t\t\t<div class=\"elementor-element elementor-element-4b20a65 elementor-widget elementor-widget-heading\" data-id=\"4b20a65\" data-element_type=\"widget\" data-e-type=\"widget\" data-widget_type=\"heading.default\">\n\t\t\t\t<div class=\"elementor-widget-container\">\n\t\t\t\t\t<h1 class=\"elementor-heading-title elementor-size-default\">Salons et \u00e9v\u00e9nements KMT<\/h1>\t\t\t\t<\/div>\n\t\t\t\t<\/div>\n\t\t\t\t\t<\/div>\n\t\t\t\t<\/div>\n\t\t\t\t\t<\/div>\n\t\t\t\t<\/div>\n\t\t<div class=\"elementor-element elementor-element-ee4a15f e-flex e-con-boxed e-con e-parent\" data-id=\"ee4a15f\" data-element_type=\"container\" data-e-type=\"container\" data-settings=\"{&quot;background_background&quot;:&quot;classic&quot;,&quot;shape_divider_bottom_negative&quot;:&quot;yes&quot;,&quot;shape_divider_bottom&quot;:&quot;waves&quot;}\">\n\t\t\t\t\t<div class=\"e-con-inner\">\n\t\t\t\t<div class=\"elementor-shape elementor-shape-bottom\" aria-hidden=\"true\" data-negative=\"true\">\n\t\t\t<svg xmlns=\"http:\/\/www.w3.org\/2000\/svg\" viewBox=\"0 0 1000 100\" preserveAspectRatio=\"none\">\n\t<path class=\"elementor-shape-fill\" d=\"M790.5,93.1c-59.3-5.3-116.8-18-192.6-50c-29.6-12.7-76.9-31-100.5-35.9c-23.6-4.9-52.6-7.8-75.5-5.3\n\tc-10.2,1.1-22.6,1.4-50.1,7.4c-27.2,6.3-58.2,16.6-79.4,24.7c-41.3,15.9-94.9,21.9-134,22.6C72,58.2,0,25.8,0,25.8V100h1000V65.3\n\tc0,0-51.5,19.4-106.2,25.7C839.5,97,814.1,95.2,790.5,93.1z\"\/>\n<\/svg>\t\t<\/div>\n\t\t<div class=\"elementor-element elementor-element-5074101 e-con-full e-flex e-con e-child\" data-id=\"5074101\" data-element_type=\"container\" data-e-type=\"container\">\n\t\t<div class=\"elementor-element elementor-element-ef2ceaa e-flex e-con-boxed e-con e-child\" data-id=\"ef2ceaa\" data-element_type=\"container\" data-e-type=\"container\">\n\t\t\t\t\t<div class=\"e-con-inner\">\n\t\t<div class=\"elementor-element elementor-element-4a9e43f e-con-full e-flex e-con e-child\" data-id=\"4a9e43f\" data-element_type=\"container\" data-e-type=\"container\">\n\t\t\t\t<div class=\"elementor-element elementor-element-f4bd8b9 elementor-widget__width-initial elementor-widget elementor-widget-heading\" data-id=\"f4bd8b9\" data-element_type=\"widget\" data-e-type=\"widget\" data-widget_type=\"heading.default\">\n\t\t\t\t<div class=\"elementor-widget-container\">\n\t\t\t\t\t<h2 class=\"elementor-heading-title elementor-size-default\">Salons professionnels de KMT Waterjet| \u00c9v\u00e9nements<\/h2>\t\t\t\t<\/div>\n\t\t\t\t<\/div>\n\t\t\t\t<div class=\"elementor-element elementor-element-7198359 elementor-widget-divider--view-line elementor-widget elementor-widget-divider\" data-id=\"7198359\" data-element_type=\"widget\" data-e-type=\"widget\" data-widget_type=\"divider.default\">\n\t\t\t\t<div class=\"elementor-widget-container\">\n\t\t\t\t\t\t\t<div class=\"elementor-divider\">\n\t\t\t<span class=\"elementor-divider-separator\">\n\t\t\t\t\t\t<\/span>\n\t\t<\/div>\n\t\t\t\t\t\t<\/div>\n\t\t\t\t<\/div>\n\t\t\t\t<div class=\"elementor-element elementor-element-0796ad0 elementor-widget elementor-widget-text-editor\" data-id=\"0796ad0\" data-element_type=\"widget\" data-e-type=\"widget\" data-widget_type=\"text-editor.default\">\n\t\t\t\t<div class=\"elementor-widget-container\">\n\t\t\t\t\t\t\t\t\t<p>KMT Waterjet participe aux salons de l&rsquo;industrie alimentaire, de la pierre et du m\u00e9tal dans le monde entier. Notre r\u00e9seau mondial d&rsquo;\u00e9quipementiers pr\u00e9sente une vari\u00e9t\u00e9 de syst\u00e8mes de d\u00e9coupe au jet d&rsquo;eau dans de multiples industries et applications.<\/p>\t\t\t\t\t\t\t\t<\/div>\n\t\t\t\t<\/div>\n\t\t\t\t<div class=\"elementor-element elementor-element-5187224 elementor-widget__width-initial elementor-widget elementor-widget-heading\" data-id=\"5187224\" data-element_type=\"widget\" data-e-type=\"widget\" data-widget_type=\"heading.default\">\n\t\t\t\t<div class=\"elementor-widget-container\">\n\t\t\t\t\t<h2 class=\"elementor-heading-title elementor-size-default\">Salons professionnels KMT. La plus large gamme de solutions de d\u00e9coupe au jet d'eau de l'industrie ! <\/h2>\t\t\t\t<\/div>\n\t\t\t\t<\/div>\n\t\t\t\t<\/div>\n\t\t\t\t\t<\/div>\n\t\t\t\t<\/div>\n\t\t<div class=\"elementor-element elementor-element-bc7d6b0 e-con-full e-flex e-con e-child\" data-id=\"bc7d6b0\" data-element_type=\"container\" data-e-type=\"container\">\n\t\t<div class=\"elementor-element elementor-element-dee0bf3 e-flex e-con-boxed e-con e-child\" data-id=\"dee0bf3\" data-element_type=\"container\" data-e-type=\"container\">\n\t\t\t\t\t<div class=\"e-con-inner\">\n\t\t\t\t<div class=\"elementor-element elementor-element-36da1b6 elementor-widget elementor-widget-image\" data-id=\"36da1b6\" data-element_type=\"widget\" data-e-type=\"widget\" data-widget_type=\"image.default\">\n\t\t\t\t<div class=\"elementor-widget-container\">\n\t\t\t\t\t\t\t\t\t\t\t\t\t\t\t\t<a href=\"https:\/\/www.fabtechexpo.com\/\">\n\t\t\t\t\t\t\t<img decoding=\"async\" width=\"200\" height=\"200\" data-src=\"https:\/\/kmtwaterjet.com\/wp-content\/uploads\/FABTECH-MANUFACTURING-TRADE-SHOW-Logo___Source.jpg\" class=\"attachment-full size-full wp-image-28110 lazyload\" alt=\"\" data-srcset=\"https:\/\/kmtwaterjet.com\/wp-content\/uploads\/FABTECH-MANUFACTURING-TRADE-SHOW-Logo___Source.jpg 200w, https:\/\/kmtwaterjet.com\/wp-content\/uploads\/FABTECH-MANUFACTURING-TRADE-SHOW-Logo___Source-150x150.jpg 150w\" data-sizes=\"(max-width: 200px) 100vw, 200px\" src=\"data:image\/svg+xml;base64,PHN2ZyB3aWR0aD0iMSIgaGVpZ2h0PSIxIiB4bWxucz0iaHR0cDovL3d3dy53My5vcmcvMjAwMC9zdmciPjwvc3ZnPg==\" style=\"--smush-placeholder-width: 200px; --smush-placeholder-aspect-ratio: 200\/200;\" \/>\t\t\t\t\t\t\t\t<\/a>\n\t\t\t\t\t\t\t\t\t\t\t\t\t\t\t<\/div>\n\t\t\t\t<\/div>\n\t\t\t\t<div class=\"elementor-element elementor-element-77f7b25 elementor-widget elementor-widget-text-editor\" data-id=\"77f7b25\" data-element_type=\"widget\" data-e-type=\"widget\" data-widget_type=\"text-editor.default\">\n\t\t\t\t<div class=\"elementor-widget-container\">\n\t\t\t\t\t\t\t\t\t<p><a href=\"https:\/\/www.fabtechexpo.com\/\">FABTECH<\/a> &#8211; Las Vegas, NV &#8211; USA<\/p><p>21 &#8211; 23 octobre 2026<\/p><p>Stand : <a class=\"boothLabel\" href=\"https:\/\/s36.a2zinc.net\/clients\/SME\/FABTECH2026\/Public\/Eventmap.aspx?shmode=E&amp;ID=7063&amp;thumbnail=1&amp;_gl=1*1dddxfg*_gcl_aw*R0NMLjE3NTM3MjA4NDUuQ2p3S0NBand2NXpFQmhCd0Vpd0FPZzJZS0poMkRMRmptWXh0WnBZQ1Nhckp3SEQ5NUFuRnRSZkVDYVVuU3hDMVlYdE1wSzlReXB6YnFCb0MtdTBRQXZEX0J3RQ..*_gcl_au*NTExMDA5MzI1LjE3NTM5NzM2NDE.*_ga*MTg3MzYzMzYxNi4xNzQ2MTkxMjg0*_ga_BG3F2CPB27*czE3NTg4MTQ3NTgkbzI4MSRnMSR0MTc1ODgxNTQ1NCRqNjAkbDAkaDA.#\" target=\"_blank\" rel=\"noopener\" data-boothlabels=\"C6341\" data-feathr-click-track=\"true\" data-feathr-link-aids=\"57c5a0fe8e802745c211161c\">#C6341<\/a><\/p>\t\t\t\t\t\t\t\t<\/div>\n\t\t\t\t<\/div>\n\t\t\t\t\t<\/div>\n\t\t\t\t<\/div>\n\t\t\t\t<\/div>\n\t\t\t\t<\/div>\n\t\t\t\t\t<\/div>\n\t\t\t\t<\/div>\n\t\t\t\t<\/div>\n\t\t","protected":false},"excerpt":{"rendered":"<p>Salons et \u00e9v\u00e9nements KMT Salons professionnels de KMT Waterjet| \u00c9v\u00e9nements KMT Waterjet participe aux salons de l&rsquo;industrie alimentaire, de la pierre et du m\u00e9tal dans le monde entier. Notre r\u00e9seau mondial d&rsquo;\u00e9quipementiers pr\u00e9sente une vari\u00e9t\u00e9 de syst\u00e8mes de d\u00e9coupe au jet d&rsquo;eau dans de multiples industries et applications. Salons professionnels KMT. La plus large gamme [&hellip;]<\/p>\n","protected":false},"author":12,"featured_media":0,"parent":26065,"menu_order":0,"comment_status":"closed","ping_status":"closed","template":"","meta":{"_acf_changed":false,"footnotes":""},"page-type":[],"class_list":["post-28106","page","type-page","status-publish","hentry"],"acf":[],"yoast_head":"<!-- This site is optimized with the Yoast SEO plugin v27.3 - https:\/\/yoast.com\/product\/yoast-seo-wordpress\/ -->\n<title>Salons et \u00e9v\u00e9nements de KMT Waterjet | KMT Waterjet<\/title>\n<meta name=\"description\" content=\"Explorez le site KMT Waterjet et participez \u00e0 des salons et \u00e9v\u00e9nements dans le monde entier, pr\u00e9sentant des solutions de pointe en mati\u00e8re de jet d&#039;eau pour de nombreuses industries.\" \/>\n<meta name=\"robots\" content=\"index, follow, max-snippet:-1, max-image-preview:large, max-video-preview:-1\" \/>\n<link rel=\"canonical\" href=\"https:\/\/kmtwaterjet.com\/fr-ca\/a-propos-de-nous-les-pionniers-de-la-decoupe-au-jet-deau\/salons-et-evenements-de-kmt-waterjet\/\" \/>\n<meta property=\"og:locale\" content=\"fr_CA\" \/>\n<meta property=\"og:type\" content=\"article\" \/>\n<meta property=\"og:title\" content=\"Salons et \u00e9v\u00e9nements de KMT Waterjet | KMT Waterjet\" \/>\n<meta property=\"og:description\" content=\"Explorez le site KMT Waterjet et participez \u00e0 des salons et \u00e9v\u00e9nements dans le monde entier, pr\u00e9sentant des solutions de pointe en mati\u00e8re de jet d&#039;eau pour de nombreuses industries.\" \/>\n<meta property=\"og:url\" content=\"https:\/\/kmtwaterjet.com\/fr-ca\/a-propos-de-nous-les-pionniers-de-la-decoupe-au-jet-deau\/salons-et-evenements-de-kmt-waterjet\/\" \/>\n<meta property=\"og:site_name\" content=\"KMT Waterjet\" \/>\n<meta property=\"article:modified_time\" content=\"2026-03-19T15:26:12+00:00\" \/>\n<meta property=\"og:image\" content=\"https:\/\/kmtwaterjet.com\/wp-content\/uploads\/FABTECH-MANUFACTURING-TRADE-SHOW-Logo___Source.jpg\" \/>\n\t<meta property=\"og:image:width\" content=\"200\" \/>\n\t<meta property=\"og:image:height\" content=\"200\" \/>\n\t<meta property=\"og:image:type\" content=\"image\/jpeg\" \/>\n<meta name=\"twitter:card\" content=\"summary_large_image\" \/>\n<script type=\"application\/ld+json\" class=\"yoast-schema-graph\">{\"@context\":\"https:\\\/\\\/schema.org\",\"@graph\":[{\"@type\":\"WebPage\",\"@id\":\"https:\\\/\\\/kmtwaterjet.com\\\/fr-ca\\\/a-propos-de-nous-les-pionniers-de-la-decoupe-au-jet-deau\\\/salons-et-evenements-de-kmt-waterjet\\\/\",\"url\":\"https:\\\/\\\/kmtwaterjet.com\\\/fr-ca\\\/a-propos-de-nous-les-pionniers-de-la-decoupe-au-jet-deau\\\/salons-et-evenements-de-kmt-waterjet\\\/\",\"name\":\"Salons et \u00e9v\u00e9nements de KMT Waterjet | KMT Waterjet\",\"isPartOf\":{\"@id\":\"https:\\\/\\\/kmtwaterjet.com\\\/fr-ca\\\/#website\"},\"primaryImageOfPage\":{\"@id\":\"https:\\\/\\\/kmtwaterjet.com\\\/fr-ca\\\/a-propos-de-nous-les-pionniers-de-la-decoupe-au-jet-deau\\\/salons-et-evenements-de-kmt-waterjet\\\/#primaryimage\"},\"image\":{\"@id\":\"https:\\\/\\\/kmtwaterjet.com\\\/fr-ca\\\/a-propos-de-nous-les-pionniers-de-la-decoupe-au-jet-deau\\\/salons-et-evenements-de-kmt-waterjet\\\/#primaryimage\"},\"thumbnailUrl\":\"https:\\\/\\\/kmtwaterjet.com\\\/wp-content\\\/uploads\\\/FABTECH-MANUFACTURING-TRADE-SHOW-Logo___Source.jpg\",\"datePublished\":\"2024-04-22T15:31:24+00:00\",\"dateModified\":\"2026-03-19T15:26:12+00:00\",\"description\":\"Explorez le site KMT Waterjet et participez \u00e0 des salons et \u00e9v\u00e9nements dans le monde entier, pr\u00e9sentant des solutions de pointe en mati\u00e8re de jet d'eau pour de nombreuses industries.\",\"breadcrumb\":{\"@id\":\"https:\\\/\\\/kmtwaterjet.com\\\/fr-ca\\\/a-propos-de-nous-les-pionniers-de-la-decoupe-au-jet-deau\\\/salons-et-evenements-de-kmt-waterjet\\\/#breadcrumb\"},\"inLanguage\":\"fr-CA\",\"potentialAction\":[{\"@type\":\"ReadAction\",\"target\":[\"https:\\\/\\\/kmtwaterjet.com\\\/fr-ca\\\/a-propos-de-nous-les-pionniers-de-la-decoupe-au-jet-deau\\\/salons-et-evenements-de-kmt-waterjet\\\/\"]}]},{\"@type\":\"ImageObject\",\"inLanguage\":\"fr-CA\",\"@id\":\"https:\\\/\\\/kmtwaterjet.com\\\/fr-ca\\\/a-propos-de-nous-les-pionniers-de-la-decoupe-au-jet-deau\\\/salons-et-evenements-de-kmt-waterjet\\\/#primaryimage\",\"url\":\"https:\\\/\\\/kmtwaterjet.com\\\/wp-content\\\/uploads\\\/FABTECH-MANUFACTURING-TRADE-SHOW-Logo___Source.jpg\",\"contentUrl\":\"https:\\\/\\\/kmtwaterjet.com\\\/wp-content\\\/uploads\\\/FABTECH-MANUFACTURING-TRADE-SHOW-Logo___Source.jpg\"},{\"@type\":\"BreadcrumbList\",\"@id\":\"https:\\\/\\\/kmtwaterjet.com\\\/fr-ca\\\/a-propos-de-nous-les-pionniers-de-la-decoupe-au-jet-deau\\\/salons-et-evenements-de-kmt-waterjet\\\/#breadcrumb\",\"itemListElement\":[{\"@type\":\"ListItem\",\"position\":1,\"name\":\"Home\",\"item\":\"https:\\\/\\\/kmtwaterjet.com\\\/fr-ca\\\/\"},{\"@type\":\"ListItem\",\"position\":2,\"name\":\"\u00c0 propos de nous : Les pionniers de la d\u00e9coupe au jet d&#8217;eau\",\"item\":\"https:\\\/\\\/kmtwaterjet.com\\\/fr-ca\\\/a-propos-de-nous-les-pionniers-de-la-decoupe-au-jet-deau\\\/\"},{\"@type\":\"ListItem\",\"position\":3,\"name\":\"Salons et \u00e9v\u00e9nements de KMT Waterjet\"}]},{\"@type\":\"WebSite\",\"@id\":\"https:\\\/\\\/kmtwaterjet.com\\\/fr-ca\\\/#website\",\"url\":\"https:\\\/\\\/kmtwaterjet.com\\\/fr-ca\\\/\",\"name\":\"KMT Waterjet\",\"description\":\"KMT Waterjet for waterjet cutting metal, stone, glass, steel and more\",\"publisher\":{\"@id\":\"https:\\\/\\\/kmtwaterjet.com\\\/fr-ca\\\/#organization\"},\"potentialAction\":[{\"@type\":\"SearchAction\",\"target\":{\"@type\":\"EntryPoint\",\"urlTemplate\":\"https:\\\/\\\/kmtwaterjet.com\\\/fr-ca\\\/?s={search_term_string}\"},\"query-input\":{\"@type\":\"PropertyValueSpecification\",\"valueRequired\":true,\"valueName\":\"search_term_string\"}}],\"inLanguage\":\"fr-CA\"},{\"@type\":\"Organization\",\"@id\":\"https:\\\/\\\/kmtwaterjet.com\\\/fr-ca\\\/#organization\",\"name\":\"KMT Waterjet\",\"url\":\"https:\\\/\\\/kmtwaterjet.com\\\/fr-ca\\\/\",\"logo\":{\"@type\":\"ImageObject\",\"inLanguage\":\"fr-CA\",\"@id\":\"https:\\\/\\\/kmtwaterjet.com\\\/fr-ca\\\/#\\\/schema\\\/logo\\\/image\\\/\",\"url\":\"https:\\\/\\\/kmtwaterjet.com\\\/wp-content\\\/uploads\\\/kmt_logo_2020.png\",\"contentUrl\":\"https:\\\/\\\/kmtwaterjet.com\\\/wp-content\\\/uploads\\\/kmt_logo_2020.png\",\"width\":1002,\"height\":605,\"caption\":\"KMT Waterjet\"},\"image\":{\"@id\":\"https:\\\/\\\/kmtwaterjet.com\\\/fr-ca\\\/#\\\/schema\\\/logo\\\/image\\\/\"}}]}<\/script>\n<!-- \/ Yoast SEO plugin. -->","yoast_head_json":{"title":"Salons et \u00e9v\u00e9nements de KMT Waterjet | KMT Waterjet","description":"Explorez le site KMT Waterjet et participez \u00e0 des salons et \u00e9v\u00e9nements dans le monde entier, pr\u00e9sentant des solutions de pointe en mati\u00e8re de jet d'eau pour de nombreuses industries.","robots":{"index":"index","follow":"follow","max-snippet":"max-snippet:-1","max-image-preview":"max-image-preview:large","max-video-preview":"max-video-preview:-1"},"canonical":"https:\/\/kmtwaterjet.com\/fr-ca\/a-propos-de-nous-les-pionniers-de-la-decoupe-au-jet-deau\/salons-et-evenements-de-kmt-waterjet\/","og_locale":"fr_CA","og_type":"article","og_title":"Salons et \u00e9v\u00e9nements de KMT Waterjet | KMT Waterjet","og_description":"Explorez le site KMT Waterjet et participez \u00e0 des salons et \u00e9v\u00e9nements dans le monde entier, pr\u00e9sentant des solutions de pointe en mati\u00e8re de jet d'eau pour de nombreuses industries.","og_url":"https:\/\/kmtwaterjet.com\/fr-ca\/a-propos-de-nous-les-pionniers-de-la-decoupe-au-jet-deau\/salons-et-evenements-de-kmt-waterjet\/","og_site_name":"KMT Waterjet","article_modified_time":"2026-03-19T15:26:12+00:00","og_image":[{"width":200,"height":200,"url":"https:\/\/kmtwaterjet.com\/wp-content\/uploads\/FABTECH-MANUFACTURING-TRADE-SHOW-Logo___Source.jpg","type":"image\/jpeg"}],"twitter_card":"summary_large_image","schema":{"@context":"https:\/\/schema.org","@graph":[{"@type":"WebPage","@id":"https:\/\/kmtwaterjet.com\/fr-ca\/a-propos-de-nous-les-pionniers-de-la-decoupe-au-jet-deau\/salons-et-evenements-de-kmt-waterjet\/","url":"https:\/\/kmtwaterjet.com\/fr-ca\/a-propos-de-nous-les-pionniers-de-la-decoupe-au-jet-deau\/salons-et-evenements-de-kmt-waterjet\/","name":"Salons et \u00e9v\u00e9nements de KMT Waterjet | KMT Waterjet","isPartOf":{"@id":"https:\/\/kmtwaterjet.com\/fr-ca\/#website"},"primaryImageOfPage":{"@id":"https:\/\/kmtwaterjet.com\/fr-ca\/a-propos-de-nous-les-pionniers-de-la-decoupe-au-jet-deau\/salons-et-evenements-de-kmt-waterjet\/#primaryimage"},"image":{"@id":"https:\/\/kmtwaterjet.com\/fr-ca\/a-propos-de-nous-les-pionniers-de-la-decoupe-au-jet-deau\/salons-et-evenements-de-kmt-waterjet\/#primaryimage"},"thumbnailUrl":"https:\/\/kmtwaterjet.com\/wp-content\/uploads\/FABTECH-MANUFACTURING-TRADE-SHOW-Logo___Source.jpg","datePublished":"2024-04-22T15:31:24+00:00","dateModified":"2026-03-19T15:26:12+00:00","description":"Explorez le site KMT Waterjet et participez \u00e0 des salons et \u00e9v\u00e9nements dans le monde entier, pr\u00e9sentant des solutions de pointe en mati\u00e8re de jet d'eau pour de nombreuses industries.","breadcrumb":{"@id":"https:\/\/kmtwaterjet.com\/fr-ca\/a-propos-de-nous-les-pionniers-de-la-decoupe-au-jet-deau\/salons-et-evenements-de-kmt-waterjet\/#breadcrumb"},"inLanguage":"fr-CA","potentialAction":[{"@type":"ReadAction","target":["https:\/\/kmtwaterjet.com\/fr-ca\/a-propos-de-nous-les-pionniers-de-la-decoupe-au-jet-deau\/salons-et-evenements-de-kmt-waterjet\/"]}]},{"@type":"ImageObject","inLanguage":"fr-CA","@id":"https:\/\/kmtwaterjet.com\/fr-ca\/a-propos-de-nous-les-pionniers-de-la-decoupe-au-jet-deau\/salons-et-evenements-de-kmt-waterjet\/#primaryimage","url":"https:\/\/kmtwaterjet.com\/wp-content\/uploads\/FABTECH-MANUFACTURING-TRADE-SHOW-Logo___Source.jpg","contentUrl":"https:\/\/kmtwaterjet.com\/wp-content\/uploads\/FABTECH-MANUFACTURING-TRADE-SHOW-Logo___Source.jpg"},{"@type":"BreadcrumbList","@id":"https:\/\/kmtwaterjet.com\/fr-ca\/a-propos-de-nous-les-pionniers-de-la-decoupe-au-jet-deau\/salons-et-evenements-de-kmt-waterjet\/#breadcrumb","itemListElement":[{"@type":"ListItem","position":1,"name":"Home","item":"https:\/\/kmtwaterjet.com\/fr-ca\/"},{"@type":"ListItem","position":2,"name":"\u00c0 propos de nous : Les pionniers de la d\u00e9coupe au jet d&#8217;eau","item":"https:\/\/kmtwaterjet.com\/fr-ca\/a-propos-de-nous-les-pionniers-de-la-decoupe-au-jet-deau\/"},{"@type":"ListItem","position":3,"name":"Salons et \u00e9v\u00e9nements de KMT Waterjet"}]},{"@type":"WebSite","@id":"https:\/\/kmtwaterjet.com\/fr-ca\/#website","url":"https:\/\/kmtwaterjet.com\/fr-ca\/","name":"KMT Waterjet","description":"KMT Waterjet for waterjet cutting metal, stone, glass, steel and more","publisher":{"@id":"https:\/\/kmtwaterjet.com\/fr-ca\/#organization"},"potentialAction":[{"@type":"SearchAction","target":{"@type":"EntryPoint","urlTemplate":"https:\/\/kmtwaterjet.com\/fr-ca\/?s={search_term_string}"},"query-input":{"@type":"PropertyValueSpecification","valueRequired":true,"valueName":"search_term_string"}}],"inLanguage":"fr-CA"},{"@type":"Organization","@id":"https:\/\/kmtwaterjet.com\/fr-ca\/#organization","name":"KMT Waterjet","url":"https:\/\/kmtwaterjet.com\/fr-ca\/","logo":{"@type":"ImageObject","inLanguage":"fr-CA","@id":"https:\/\/kmtwaterjet.com\/fr-ca\/#\/schema\/logo\/image\/","url":"https:\/\/kmtwaterjet.com\/wp-content\/uploads\/kmt_logo_2020.png","contentUrl":"https:\/\/kmtwaterjet.com\/wp-content\/uploads\/kmt_logo_2020.png","width":1002,"height":605,"caption":"KMT Waterjet"},"image":{"@id":"https:\/\/kmtwaterjet.com\/fr-ca\/#\/schema\/logo\/image\/"}}]}},"_links":{"self":[{"href":"https:\/\/kmtwaterjet.com\/fr-ca\/wp-json\/wp\/v2\/pages\/28106","targetHints":{"allow":["GET"]}}],"collection":[{"href":"https:\/\/kmtwaterjet.com\/fr-ca\/wp-json\/wp\/v2\/pages"}],"about":[{"href":"https:\/\/kmtwaterjet.com\/fr-ca\/wp-json\/wp\/v2\/types\/page"}],"author":[{"embeddable":true,"href":"https:\/\/kmtwaterjet.com\/fr-ca\/wp-json\/wp\/v2\/users\/12"}],"replies":[{"embeddable":true,"href":"https:\/\/kmtwaterjet.com\/fr-ca\/wp-json\/wp\/v2\/comments?post=28106"}],"version-history":[{"count":0,"href":"https:\/\/kmtwaterjet.com\/fr-ca\/wp-json\/wp\/v2\/pages\/28106\/revisions"}],"up":[{"embeddable":true,"href":"https:\/\/kmtwaterjet.com\/fr-ca\/wp-json\/wp\/v2\/pages\/26065"}],"wp:attachment":[{"href":"https:\/\/kmtwaterjet.com\/fr-ca\/wp-json\/wp\/v2\/media?parent=28106"}],"wp:term":[{"taxonomy":"page-type","embeddable":true,"href":"https:\/\/kmtwaterjet.com\/fr-ca\/wp-json\/wp\/v2\/page-type?post=28106"}],"curies":[{"name":"wp","href":"https:\/\/api.w.org\/{rel}","templated":true}]}}