{"id":26970,"date":"2024-07-11T09:51:35","date_gmt":"2024-07-11T14:51:35","guid":{"rendered":"https:\/\/kmtwaterjet.com\/vente-et-service\/"},"modified":"2025-03-20T12:37:14","modified_gmt":"2025-03-20T17:37:14","slug":"vente-et-service","status":"publish","type":"page","link":"https:\/\/kmtwaterjet.com\/fr-ca\/vente-et-service\/","title":{"rendered":"Vente et service"},"content":{"rendered":"","protected":false},"excerpt":{"rendered":"","protected":false},"author":7,"featured_media":0,"parent":0,"menu_order":0,"comment_status":"closed","ping_status":"closed","template":"","meta":{"_acf_changed":false,"footnotes":""},"page-type":[],"class_list":["post-26970","page","type-page","status-publish","hentry"],"acf":[],"yoast_head":"<!-- This site is optimized with the Yoast SEO plugin v27.3 - https:\/\/yoast.com\/product\/yoast-seo-wordpress\/ -->\n<title>Vente et service | KMT Waterjet<\/title>\n<meta name=\"description\" content=\"Contactez KMT Waterjet pour la vente et le service de pi\u00e8ces d\u00e9tach\u00e9es de pompes. Nos bureaux dans le monde entier fournissent une assistance experte pour vos besoins en mati\u00e8re de jet d&#039;eau.\" \/>\n<meta name=\"robots\" content=\"index, follow, max-snippet:-1, max-image-preview:large, max-video-preview:-1\" \/>\n<link rel=\"canonical\" href=\"https:\/\/kmtwaterjet.com\/fr-ca\/vente-et-service\/\" \/>\n<meta property=\"og:locale\" content=\"fr_CA\" \/>\n<meta property=\"og:type\" content=\"article\" \/>\n<meta property=\"og:title\" content=\"Vente et service | KMT Waterjet\" \/>\n<meta property=\"og:description\" content=\"Contactez KMT Waterjet pour la vente et le service de pi\u00e8ces d\u00e9tach\u00e9es de pompes. Nos bureaux dans le monde entier fournissent une assistance experte pour vos besoins en mati\u00e8re de jet d&#039;eau.\" \/>\n<meta property=\"og:url\" content=\"https:\/\/kmtwaterjet.com\/fr-ca\/vente-et-service\/\" \/>\n<meta property=\"og:site_name\" content=\"KMT Waterjet\" \/>\n<meta property=\"article:modified_time\" content=\"2025-03-20T17:37:14+00:00\" \/>\n<meta property=\"og:image\" content=\"https:\/\/kmtwaterjet.com\/wp-content\/uploads\/KMT-Social-Sharing.jpg\" \/>\n\t<meta property=\"og:image:width\" content=\"1200\" \/>\n\t<meta property=\"og:image:height\" content=\"675\" \/>\n\t<meta property=\"og:image:type\" content=\"image\/jpeg\" \/>\n<meta name=\"twitter:card\" content=\"summary_large_image\" \/>\n<script type=\"application\/ld+json\" class=\"yoast-schema-graph\">{\"@context\":\"https:\\\/\\\/schema.org\",\"@graph\":[{\"@type\":\"WebPage\",\"@id\":\"https:\\\/\\\/kmtwaterjet.com\\\/fr-ca\\\/vente-et-service\\\/\",\"url\":\"https:\\\/\\\/kmtwaterjet.com\\\/fr-ca\\\/vente-et-service\\\/\",\"name\":\"Vente et service | KMT Waterjet\",\"isPartOf\":{\"@id\":\"https:\\\/\\\/kmtwaterjet.com\\\/fr-ca\\\/#website\"},\"datePublished\":\"2024-07-11T14:51:35+00:00\",\"dateModified\":\"2025-03-20T17:37:14+00:00\",\"description\":\"Contactez KMT Waterjet pour la vente et le service de pi\u00e8ces d\u00e9tach\u00e9es de pompes. Nos bureaux dans le monde entier fournissent une assistance experte pour vos besoins en mati\u00e8re de jet d'eau.\",\"breadcrumb\":{\"@id\":\"https:\\\/\\\/kmtwaterjet.com\\\/fr-ca\\\/vente-et-service\\\/#breadcrumb\"},\"inLanguage\":\"fr-CA\",\"potentialAction\":[{\"@type\":\"ReadAction\",\"target\":[\"https:\\\/\\\/kmtwaterjet.com\\\/fr-ca\\\/vente-et-service\\\/\"]}]},{\"@type\":\"BreadcrumbList\",\"@id\":\"https:\\\/\\\/kmtwaterjet.com\\\/fr-ca\\\/vente-et-service\\\/#breadcrumb\",\"itemListElement\":[{\"@type\":\"ListItem\",\"position\":1,\"name\":\"Home\",\"item\":\"https:\\\/\\\/kmtwaterjet.com\\\/fr-ca\\\/\"},{\"@type\":\"ListItem\",\"position\":2,\"name\":\"Vente et service\"}]},{\"@type\":\"WebSite\",\"@id\":\"https:\\\/\\\/kmtwaterjet.com\\\/fr-ca\\\/#website\",\"url\":\"https:\\\/\\\/kmtwaterjet.com\\\/fr-ca\\\/\",\"name\":\"KMT Waterjet\",\"description\":\"KMT Waterjet for waterjet cutting metal, stone, glass, steel and more\",\"publisher\":{\"@id\":\"https:\\\/\\\/kmtwaterjet.com\\\/fr-ca\\\/#organization\"},\"potentialAction\":[{\"@type\":\"SearchAction\",\"target\":{\"@type\":\"EntryPoint\",\"urlTemplate\":\"https:\\\/\\\/kmtwaterjet.com\\\/fr-ca\\\/?s={search_term_string}\"},\"query-input\":{\"@type\":\"PropertyValueSpecification\",\"valueRequired\":true,\"valueName\":\"search_term_string\"}}],\"inLanguage\":\"fr-CA\"},{\"@type\":\"Organization\",\"@id\":\"https:\\\/\\\/kmtwaterjet.com\\\/fr-ca\\\/#organization\",\"name\":\"KMT Waterjet\",\"url\":\"https:\\\/\\\/kmtwaterjet.com\\\/fr-ca\\\/\",\"logo\":{\"@type\":\"ImageObject\",\"inLanguage\":\"fr-CA\",\"@id\":\"https:\\\/\\\/kmtwaterjet.com\\\/fr-ca\\\/#\\\/schema\\\/logo\\\/image\\\/\",\"url\":\"https:\\\/\\\/kmtwaterjet.com\\\/wp-content\\\/uploads\\\/kmt_logo_2020.png\",\"contentUrl\":\"https:\\\/\\\/kmtwaterjet.com\\\/wp-content\\\/uploads\\\/kmt_logo_2020.png\",\"width\":1002,\"height\":605,\"caption\":\"KMT Waterjet\"},\"image\":{\"@id\":\"https:\\\/\\\/kmtwaterjet.com\\\/fr-ca\\\/#\\\/schema\\\/logo\\\/image\\\/\"}}]}<\/script>\n<!-- \/ Yoast SEO plugin. -->","yoast_head_json":{"title":"Vente et service | KMT Waterjet","description":"Contactez KMT Waterjet pour la vente et le service de pi\u00e8ces d\u00e9tach\u00e9es de pompes. Nos bureaux dans le monde entier fournissent une assistance experte pour vos besoins en mati\u00e8re de jet d'eau.","robots":{"index":"index","follow":"follow","max-snippet":"max-snippet:-1","max-image-preview":"max-image-preview:large","max-video-preview":"max-video-preview:-1"},"canonical":"https:\/\/kmtwaterjet.com\/fr-ca\/vente-et-service\/","og_locale":"fr_CA","og_type":"article","og_title":"Vente et service | KMT Waterjet","og_description":"Contactez KMT Waterjet pour la vente et le service de pi\u00e8ces d\u00e9tach\u00e9es de pompes. Nos bureaux dans le monde entier fournissent une assistance experte pour vos besoins en mati\u00e8re de jet d'eau.","og_url":"https:\/\/kmtwaterjet.com\/fr-ca\/vente-et-service\/","og_site_name":"KMT Waterjet","article_modified_time":"2025-03-20T17:37:14+00:00","og_image":[{"width":1200,"height":675,"url":"https:\/\/kmtwaterjet.com\/wp-content\/uploads\/KMT-Social-Sharing.jpg","type":"image\/jpeg"}],"twitter_card":"summary_large_image","schema":{"@context":"https:\/\/schema.org","@graph":[{"@type":"WebPage","@id":"https:\/\/kmtwaterjet.com\/fr-ca\/vente-et-service\/","url":"https:\/\/kmtwaterjet.com\/fr-ca\/vente-et-service\/","name":"Vente et service | KMT Waterjet","isPartOf":{"@id":"https:\/\/kmtwaterjet.com\/fr-ca\/#website"},"datePublished":"2024-07-11T14:51:35+00:00","dateModified":"2025-03-20T17:37:14+00:00","description":"Contactez KMT Waterjet pour la vente et le service de pi\u00e8ces d\u00e9tach\u00e9es de pompes. Nos bureaux dans le monde entier fournissent une assistance experte pour vos besoins en mati\u00e8re de jet d'eau.","breadcrumb":{"@id":"https:\/\/kmtwaterjet.com\/fr-ca\/vente-et-service\/#breadcrumb"},"inLanguage":"fr-CA","potentialAction":[{"@type":"ReadAction","target":["https:\/\/kmtwaterjet.com\/fr-ca\/vente-et-service\/"]}]},{"@type":"BreadcrumbList","@id":"https:\/\/kmtwaterjet.com\/fr-ca\/vente-et-service\/#breadcrumb","itemListElement":[{"@type":"ListItem","position":1,"name":"Home","item":"https:\/\/kmtwaterjet.com\/fr-ca\/"},{"@type":"ListItem","position":2,"name":"Vente et service"}]},{"@type":"WebSite","@id":"https:\/\/kmtwaterjet.com\/fr-ca\/#website","url":"https:\/\/kmtwaterjet.com\/fr-ca\/","name":"KMT Waterjet","description":"KMT Waterjet for waterjet cutting metal, stone, glass, steel and more","publisher":{"@id":"https:\/\/kmtwaterjet.com\/fr-ca\/#organization"},"potentialAction":[{"@type":"SearchAction","target":{"@type":"EntryPoint","urlTemplate":"https:\/\/kmtwaterjet.com\/fr-ca\/?s={search_term_string}"},"query-input":{"@type":"PropertyValueSpecification","valueRequired":true,"valueName":"search_term_string"}}],"inLanguage":"fr-CA"},{"@type":"Organization","@id":"https:\/\/kmtwaterjet.com\/fr-ca\/#organization","name":"KMT Waterjet","url":"https:\/\/kmtwaterjet.com\/fr-ca\/","logo":{"@type":"ImageObject","inLanguage":"fr-CA","@id":"https:\/\/kmtwaterjet.com\/fr-ca\/#\/schema\/logo\/image\/","url":"https:\/\/kmtwaterjet.com\/wp-content\/uploads\/kmt_logo_2020.png","contentUrl":"https:\/\/kmtwaterjet.com\/wp-content\/uploads\/kmt_logo_2020.png","width":1002,"height":605,"caption":"KMT Waterjet"},"image":{"@id":"https:\/\/kmtwaterjet.com\/fr-ca\/#\/schema\/logo\/image\/"}}]}},"_links":{"self":[{"href":"https:\/\/kmtwaterjet.com\/fr-ca\/wp-json\/wp\/v2\/pages\/26970","targetHints":{"allow":["GET"]}}],"collection":[{"href":"https:\/\/kmtwaterjet.com\/fr-ca\/wp-json\/wp\/v2\/pages"}],"about":[{"href":"https:\/\/kmtwaterjet.com\/fr-ca\/wp-json\/wp\/v2\/types\/page"}],"author":[{"embeddable":true,"href":"https:\/\/kmtwaterjet.com\/fr-ca\/wp-json\/wp\/v2\/users\/7"}],"replies":[{"embeddable":true,"href":"https:\/\/kmtwaterjet.com\/fr-ca\/wp-json\/wp\/v2\/comments?post=26970"}],"version-history":[{"count":0,"href":"https:\/\/kmtwaterjet.com\/fr-ca\/wp-json\/wp\/v2\/pages\/26970\/revisions"}],"wp:attachment":[{"href":"https:\/\/kmtwaterjet.com\/fr-ca\/wp-json\/wp\/v2\/media?parent=26970"}],"wp:term":[{"taxonomy":"page-type","embeddable":true,"href":"https:\/\/kmtwaterjet.com\/fr-ca\/wp-json\/wp\/v2\/page-type?post=26970"}],"curies":[{"name":"wp","href":"https:\/\/api.w.org\/{rel}","templated":true}]}}