{"id":26904,"date":"2024-06-13T10:51:26","date_gmt":"2024-06-13T15:51:26","guid":{"rendered":"https:\/\/kmtwaterjet.com\/misc-decoupe-du-pain-par-jet-deau-les-avantages-du-tranchage-des-aliments\/"},"modified":"2025-03-20T12:53:34","modified_gmt":"2025-03-20T17:53:34","slug":"misc-decoupe-du-pain-par-jet-deau-les-avantages-du-tranchage-des-aliments","status":"publish","type":"page","link":"https:\/\/kmtwaterjet.com\/fr-ca\/misc-decoupe-du-pain-par-jet-deau-les-avantages-du-tranchage-des-aliments\/","title":{"rendered":"D\u00e9coupe du pain au jet d&rsquo;eau : Les avantages du tranchage des aliments"},"content":{"rendered":"\t\t<div data-elementor-type=\"wp-page\" data-elementor-id=\"26904\" class=\"elementor elementor-26904 elementor-2256\" data-elementor-post-type=\"page\">\n\t\t\t\t<div class=\"elementor-element elementor-element-0e9108d e-flex e-con-boxed e-con e-parent\" data-id=\"0e9108d\" data-element_type=\"container\" data-e-type=\"container\" data-settings=\"{&quot;background_background&quot;:&quot;classic&quot;,&quot;shape_divider_bottom&quot;:&quot;mountains&quot;}\">\n\t\t\t\t\t<div class=\"e-con-inner\">\n\t\t\t\t<div class=\"elementor-shape elementor-shape-bottom\" aria-hidden=\"true\" data-negative=\"false\">\n\t\t\t<svg xmlns=\"http:\/\/www.w3.org\/2000\/svg\" viewBox=\"0 0 1000 100\" preserveAspectRatio=\"none\">\n\t<path class=\"elementor-shape-fill\" opacity=\"0.33\" d=\"M473,67.3c-203.9,88.3-263.1-34-320.3,0C66,119.1,0,59.7,0,59.7V0h1000v59.7 c0,0-62.1,26.1-94.9,29.3c-32.8,3.3-62.8-12.3-75.8-22.1C806,49.6,745.3,8.7,694.9,4.7S492.4,59,473,67.3z\"\/>\n\t<path class=\"elementor-shape-fill\" opacity=\"0.66\" d=\"M734,67.3c-45.5,0-77.2-23.2-129.1-39.1c-28.6-8.7-150.3-10.1-254,39.1 s-91.7-34.4-149.2,0C115.7,118.3,0,39.8,0,39.8V0h1000v36.5c0,0-28.2-18.5-92.1-18.5C810.2,18.1,775.7,67.3,734,67.3z\"\/>\n\t<path class=\"elementor-shape-fill\" d=\"M766.1,28.9c-200-57.5-266,65.5-395.1,19.5C242,1.8,242,5.4,184.8,20.6C128,35.8,132.3,44.9,89.9,52.5C28.6,63.7,0,0,0,0 h1000c0,0-9.9,40.9-83.6,48.1S829.6,47,766.1,28.9z\"\/>\n<\/svg>\t\t<\/div>\n\t\t<div class=\"elementor-element elementor-element-41b8436 e-con-full e-flex e-con e-child\" data-id=\"41b8436\" data-element_type=\"container\" data-e-type=\"container\">\n\t\t\t\t<div class=\"elementor-element elementor-element-4b20a65 elementor-widget elementor-widget-heading\" data-id=\"4b20a65\" data-element_type=\"widget\" data-e-type=\"widget\" data-settings=\"{&quot;motion_fx_motion_fx_scrolling&quot;:&quot;yes&quot;,&quot;motion_fx_opacity_effect&quot;:&quot;yes&quot;,&quot;motion_fx_opacity_direction&quot;:&quot;out-in-out&quot;,&quot;motion_fx_opacity_level&quot;:{&quot;unit&quot;:&quot;px&quot;,&quot;size&quot;:10,&quot;sizes&quot;:[]},&quot;motion_fx_opacity_range&quot;:{&quot;unit&quot;:&quot;%&quot;,&quot;size&quot;:&quot;&quot;,&quot;sizes&quot;:{&quot;start&quot;:20,&quot;end&quot;:80}},&quot;motion_fx_devices&quot;:[&quot;desktop&quot;,&quot;tablet&quot;,&quot;mobile&quot;]}\" data-widget_type=\"heading.default\">\n\t\t\t\t<div class=\"elementor-widget-container\">\n\t\t\t\t\t<h1 class=\"elementor-heading-title elementor-size-default\">Syst\u00e8mes de d\u00e9coupe au jet d'eau pour le pain et les cro\u00fbtons<\/h1>\t\t\t\t<\/div>\n\t\t\t\t<\/div>\n\t\t\t\t<\/div>\n\t\t\t\t\t<\/div>\n\t\t\t\t<\/div>\n\t\t<div class=\"elementor-element elementor-element-20e8b0c e-flex e-con-boxed e-con e-parent\" data-id=\"20e8b0c\" data-element_type=\"container\" data-e-type=\"container\" data-settings=\"{&quot;background_background&quot;:&quot;classic&quot;}\">\n\t\t\t\t\t<div class=\"e-con-inner\">\n\t\t<div class=\"elementor-element elementor-element-3db032c e-con-full e-flex e-con e-child\" data-id=\"3db032c\" data-element_type=\"container\" data-e-type=\"container\">\n\t\t\t\t<div class=\"elementor-element elementor-element-d577189 elementor-widget__width-initial elementor-widget elementor-widget-heading\" data-id=\"d577189\" data-element_type=\"widget\" data-e-type=\"widget\" data-widget_type=\"heading.default\">\n\t\t\t\t<div class=\"elementor-widget-container\">\n\t\t\t\t\t<h2 class=\"elementor-heading-title elementor-size-default\">Couper le pain pour les cro\u00fbtons avec KMT Waterjet\n<\/h2>\t\t\t\t<\/div>\n\t\t\t\t<\/div>\n\t\t\t\t<div class=\"elementor-element elementor-element-8ac114c elementor-widget-divider--view-line elementor-widget elementor-widget-divider\" data-id=\"8ac114c\" data-element_type=\"widget\" data-e-type=\"widget\" data-widget_type=\"divider.default\">\n\t\t\t\t<div class=\"elementor-widget-container\">\n\t\t\t\t\t\t\t<div class=\"elementor-divider\">\n\t\t\t<span class=\"elementor-divider-separator\">\n\t\t\t\t\t\t<\/span>\n\t\t<\/div>\n\t\t\t\t\t\t<\/div>\n\t\t\t\t<\/div>\n\t\t<div class=\"elementor-element elementor-element-cf345b2 e-flex e-con-boxed e-con e-child\" data-id=\"cf345b2\" data-element_type=\"container\" data-e-type=\"container\">\n\t\t\t\t\t<div class=\"e-con-inner\">\n\t\t\t\t<div class=\"elementor-element elementor-element-7503a8e elementor-widget elementor-widget-text-editor\" data-id=\"7503a8e\" data-element_type=\"widget\" data-e-type=\"widget\" data-widget_type=\"text-editor.default\">\n\t\t\t\t<div class=\"elementor-widget-container\">\n\t\t\t\t\t\t\t\t\t<p>D\u00e9coupe du pain au jet d&rsquo;eau. Vous n&rsquo;avez jamais entendu parler de cela ? <\/p><p>Dans l&rsquo;industrie alimentaire, les m\u00e9thodes traditionnelles de tranchage posent des probl\u00e8mes tels que le changement fr\u00e9quent des lames et le gaspillage.\nLa d\u00e9coupe au jet d&rsquo;eau permet un tranchage pr\u00e9cis et efficace, sans usure des lames ni temps d&rsquo;arr\u00eat. <\/p><p><strong>Les lames doivent \u00eatre chang\u00e9es<\/strong>, nettoy\u00e9es et entretenues <strong>fr\u00e9quemment<\/strong>, ce qui entra\u00eene des pertes et des temps d&rsquo;arr\u00eat.<\/p><p>La d\u00e9coupe <strong>au jet d&rsquo;eau <\/strong>\u00e0 la vitesse Mach II permet des coupes pr\u00e9cises sans \u00e9craser le pain.<img fetchpriority=\"high\" decoding=\"async\" class=\"alignright size-medium wp-image-23333\" src=\"https:\/\/kmtwaterjet.com\/wp-content\/uploads\/WATERJET-CUTTING-BREAD-CAKE-BAKED-GOODS-300x200.jpg\" alt=\"\" width=\"300\" height=\"200\" srcset=\"https:\/\/kmtwaterjet.com\/wp-content\/uploads\/WATERJET-CUTTING-BREAD-CAKE-BAKED-GOODS-300x200.jpg 300w, https:\/\/kmtwaterjet.com\/wp-content\/uploads\/WATERJET-CUTTING-BREAD-CAKE-BAKED-GOODS-768x512.jpg 768w, https:\/\/kmtwaterjet.com\/wp-content\/uploads\/WATERJET-CUTTING-BREAD-CAKE-BAKED-GOODS.jpg 900w\" sizes=\"(max-width: 300px) 100vw, 300px\" \/><\/p><p>Il <strong>n&rsquo;y a pratiquement pas de d\u00e9chets<\/strong>, ce qui se traduit par des rendements plus \u00e9lev\u00e9s et des produits finis homog\u00e8nes.<\/p><p>Les <strong>multiples buses de d\u00e9coupe au jet d&rsquo;eau pure<\/strong> maximisent la productivit\u00e9 et le rendement, en s&rsquo;adaptant aux diff\u00e9rents types et tailles de pain.<\/p><p>La d\u00e9coupe au jet d&rsquo;eau <strong>respecte les normes d&rsquo;hygi\u00e8ne<\/strong> et \u00e9limine la n\u00e9cessit\u00e9 de remplacer les lames, ce qui r\u00e9duit les temps d&rsquo;arr\u00eat. La d\u00e9coupe au jet d&rsquo;eau permet de maintenir des normes d&rsquo;hygi\u00e8ne \u00e9lev\u00e9es, ce qui est essentiel dans l&rsquo;industrie alimentaire. <\/p><p><strong>Augmentation du <\/strong>rendement et des gains de temps gr\u00e2ce \u00e0 la d\u00e9coupe au jet d&rsquo;eau, jusqu&rsquo;\u00e0 un doublement du rendement par rapport aux m\u00e9thodes traditionnelles.<\/p><p><strong>Des coupes pr\u00e9cises :<\/strong> La technologie du jet d&rsquo;eau permet de trancher avec pr\u00e9cision sans \u00e9craser le pain.<\/p><p><strong>Pas de d\u00e9chets :<\/strong> Avec la d\u00e9coupe au jet d&rsquo;eau, il n&rsquo;y a pratiquement pas de d\u00e9chets, ce qui se traduit par des rendements plus \u00e9lev\u00e9s.<\/p><p>Des d\u00e9coupes au <strong>jet d&rsquo;eau homog\u00e8nes<\/strong>: B\u00e9n\u00e9ficiez de coupes au jet d&rsquo;eau homog\u00e8nes \u00e0 chaque fois, ce qui garantit l&rsquo;uniformit\u00e9 de la pr\u00e9sentation des produits.<\/p><p><strong>Efficacit\u00e9 :<\/strong> La d\u00e9coupe au jet d&rsquo;eau minimise les temps d&rsquo;arr\u00eat li\u00e9s au changement de lame et \u00e0 la maintenance.<\/p><p><strong>Polyvalence :<\/strong> Adaptez la technologie du jet d&rsquo;eau \u00e0 diff\u00e9rents types et tailles de pain, afin d&rsquo;am\u00e9liorer la flexibilit\u00e9 de la production.<\/p><p><strong>Facilit\u00e9 de nettoyage :<\/strong> Tous les convoyeurs de KMT OEM sont en acier inoxydable, ce qui permet un nettoyage rapide \u00e0 la fin de la journ\u00e9e de production.<\/p>\t\t\t\t\t\t\t\t<\/div>\n\t\t\t\t<\/div>\n\t\t\t\t\t<\/div>\n\t\t\t\t<\/div>\n\t\t\t\t<\/div>\n\t\t\t\t\t<\/div>\n\t\t\t\t<\/div>\n\t\t<div class=\"elementor-element elementor-element-226af80 e-flex e-con-boxed e-con e-parent\" data-id=\"226af80\" data-element_type=\"container\" data-e-type=\"container\" data-settings=\"{&quot;background_background&quot;:&quot;classic&quot;,&quot;shape_divider_top&quot;:&quot;mountains&quot;,&quot;shape_divider_bottom&quot;:&quot;mountains&quot;}\">\n\t\t\t\t\t<div class=\"e-con-inner\">\n\t\t\t\t<div class=\"elementor-shape elementor-shape-top\" aria-hidden=\"true\" data-negative=\"false\">\n\t\t\t<svg xmlns=\"http:\/\/www.w3.org\/2000\/svg\" viewBox=\"0 0 1000 100\" preserveAspectRatio=\"none\">\n\t<path class=\"elementor-shape-fill\" opacity=\"0.33\" d=\"M473,67.3c-203.9,88.3-263.1-34-320.3,0C66,119.1,0,59.7,0,59.7V0h1000v59.7 c0,0-62.1,26.1-94.9,29.3c-32.8,3.3-62.8-12.3-75.8-22.1C806,49.6,745.3,8.7,694.9,4.7S492.4,59,473,67.3z\"\/>\n\t<path class=\"elementor-shape-fill\" opacity=\"0.66\" d=\"M734,67.3c-45.5,0-77.2-23.2-129.1-39.1c-28.6-8.7-150.3-10.1-254,39.1 s-91.7-34.4-149.2,0C115.7,118.3,0,39.8,0,39.8V0h1000v36.5c0,0-28.2-18.5-92.1-18.5C810.2,18.1,775.7,67.3,734,67.3z\"\/>\n\t<path class=\"elementor-shape-fill\" d=\"M766.1,28.9c-200-57.5-266,65.5-395.1,19.5C242,1.8,242,5.4,184.8,20.6C128,35.8,132.3,44.9,89.9,52.5C28.6,63.7,0,0,0,0 h1000c0,0-9.9,40.9-83.6,48.1S829.6,47,766.1,28.9z\"\/>\n<\/svg>\t\t<\/div>\n\t\t\t\t<div class=\"elementor-shape elementor-shape-bottom\" aria-hidden=\"true\" data-negative=\"false\">\n\t\t\t<svg xmlns=\"http:\/\/www.w3.org\/2000\/svg\" viewBox=\"0 0 1000 100\" preserveAspectRatio=\"none\">\n\t<path class=\"elementor-shape-fill\" opacity=\"0.33\" d=\"M473,67.3c-203.9,88.3-263.1-34-320.3,0C66,119.1,0,59.7,0,59.7V0h1000v59.7 c0,0-62.1,26.1-94.9,29.3c-32.8,3.3-62.8-12.3-75.8-22.1C806,49.6,745.3,8.7,694.9,4.7S492.4,59,473,67.3z\"\/>\n\t<path class=\"elementor-shape-fill\" opacity=\"0.66\" d=\"M734,67.3c-45.5,0-77.2-23.2-129.1-39.1c-28.6-8.7-150.3-10.1-254,39.1 s-91.7-34.4-149.2,0C115.7,118.3,0,39.8,0,39.8V0h1000v36.5c0,0-28.2-18.5-92.1-18.5C810.2,18.1,775.7,67.3,734,67.3z\"\/>\n\t<path class=\"elementor-shape-fill\" d=\"M766.1,28.9c-200-57.5-266,65.5-395.1,19.5C242,1.8,242,5.4,184.8,20.6C128,35.8,132.3,44.9,89.9,52.5C28.6,63.7,0,0,0,0 h1000c0,0-9.9,40.9-83.6,48.1S829.6,47,766.1,28.9z\"\/>\n<\/svg>\t\t<\/div>\n\t\t<div class=\"elementor-element elementor-element-f50af5f e-con-full e-flex e-con e-child\" data-id=\"f50af5f\" data-element_type=\"container\" data-e-type=\"container\">\n\t\t<div class=\"elementor-element elementor-element-a5b59f0 e-flex e-con-boxed e-con e-child\" data-id=\"a5b59f0\" data-element_type=\"container\" data-e-type=\"container\">\n\t\t\t\t\t<div class=\"e-con-inner\">\n\t\t<div class=\"elementor-element elementor-element-f465617 e-flex e-con-boxed e-con e-child\" data-id=\"f465617\" data-element_type=\"container\" data-e-type=\"container\">\n\t\t\t\t\t<div class=\"e-con-inner\">\n\t\t\t\t<div class=\"elementor-element elementor-element-864a62e elementor-widget elementor-widget-video\" data-id=\"864a62e\" data-element_type=\"widget\" data-e-type=\"widget\" data-settings=\"{&quot;video_type&quot;:&quot;vimeo&quot;,&quot;show_image_overlay&quot;:&quot;yes&quot;,&quot;image_overlay&quot;:{&quot;url&quot;:&quot;https:\\\/\\\/kmtwaterjet.com\\\/wp-content\\\/uploads\\\/KMT-WATERJET-CUTTING-BREAD-CROUTONS.jpg&quot;,&quot;id&quot;:26907,&quot;size&quot;:&quot;&quot;,&quot;alt&quot;:&quot;&quot;,&quot;source&quot;:&quot;library&quot;}}\" data-widget_type=\"video.default\">\n\t\t\t\t<div class=\"elementor-widget-container\">\n\t\t\t\t\t\t\t<div class=\"elementor-wrapper elementor-open-inline\">\n\t\t\t<iframe class=\"elementor-video-iframe\" allowfullscreen allow=\"clipboard-write\" title=\"Lecteur vid\u00e9o vimeo\" src=\"https:\/\/player.vimeo.com\/video\/914455827?color&amp;autopause=0&amp;loop=0&amp;muted=0&amp;title=0&amp;portrait=0&amp;byline=0#t=\"><\/iframe>\t\t\t\t<div class=\"elementor-custom-embed-image-overlay lazyload\" style=\"background-image:inherit;\" data-bg-image=\"url(https:\/\/kmtwaterjet.com\/wp-content\/uploads\/KMT-WATERJET-CUTTING-BREAD-CROUTONS.jpg)\">\n\t\t\t\t\t\t\t\t\t\t\t\t\t\t\t\t<div class=\"elementor-custom-embed-play\" role=\"button\" aria-label=\"Lire la vid\u00e9o\" tabindex=\"0\">\n\t\t\t\t\t\t\t<i aria-hidden=\"true\" class=\"eicon-play\"><\/i>\t\t\t\t\t\t<\/div>\n\t\t\t\t\t\t\t\t\t<\/div>\n\t\t\t\t\t<\/div>\n\t\t\t\t\t\t<\/div>\n\t\t\t\t<\/div>\n\t\t\t\t<div class=\"elementor-element elementor-element-37f3b99 elementor-widget elementor-widget-spacer\" data-id=\"37f3b99\" data-element_type=\"widget\" data-e-type=\"widget\" data-widget_type=\"spacer.default\">\n\t\t\t\t<div class=\"elementor-widget-container\">\n\t\t\t\t\t\t\t<div class=\"elementor-spacer\">\n\t\t\t<div class=\"elementor-spacer-inner\"><\/div>\n\t\t<\/div>\n\t\t\t\t\t\t<\/div>\n\t\t\t\t<\/div>\n\t\t\t\t<div class=\"elementor-element elementor-element-51d0f79 elementor-widget elementor-widget-global elementor-global-33549 elementor-global-25337 elementor-widget-button\" data-id=\"51d0f79\" data-element_type=\"widget\" data-e-type=\"widget\" data-widget_type=\"button.default\">\n\t\t\t\t<div class=\"elementor-widget-container\">\n\t\t\t\t\t\t\t\t\t<div class=\"elementor-button-wrapper\">\n\t\t\t\t\t<a class=\"elementor-button elementor-button-link elementor-size-sm\" href=\"https:\/\/kmtwaterjet.com\/kmt-waterjet-videos\/\">\n\t\t\t\t\t\t<span class=\"elementor-button-content-wrapper\">\n\t\t\t\t\t\t\t\t\t<span class=\"elementor-button-text\">PLUS DE VID\u00c9OS<\/span>\n\t\t\t\t\t<\/span>\n\t\t\t\t\t<\/a>\n\t\t\t\t<\/div>\n\t\t\t\t\t\t\t\t<\/div>\n\t\t\t\t<\/div>\n\t\t\t\t\t<\/div>\n\t\t\t\t<\/div>\n\t\t\t\t\t<\/div>\n\t\t\t\t<\/div>\n\t\t\t\t<\/div>\n\t\t\t\t\t<\/div>\n\t\t\t\t<\/div>\n\t\t\t\t<\/div>\n\t\t","protected":false},"excerpt":{"rendered":"<p>Syst\u00e8mes de d\u00e9coupe au jet d&rsquo;eau pour le pain et les cro\u00fbtons Couper le pain pour les cro\u00fbtons avec KMT Waterjet D\u00e9coupe du pain au jet d&rsquo;eau. Vous n&rsquo;avez jamais entendu parler de cela ? Dans l&rsquo;industrie alimentaire, les m\u00e9thodes traditionnelles de tranchage posent des probl\u00e8mes tels que le changement fr\u00e9quent des lames et le [&hellip;]<\/p>\n","protected":false},"author":11,"featured_media":0,"parent":0,"menu_order":0,"comment_status":"closed","ping_status":"closed","template":"","meta":{"_acf_changed":false,"footnotes":""},"page-type":[],"class_list":["post-26904","page","type-page","status-publish","hentry"],"acf":[],"yoast_head":"<!-- This site is optimized with the Yoast SEO plugin v27.3 - https:\/\/yoast.com\/product\/yoast-seo-wordpress\/ -->\n<title>D\u00e9coupe du pain au jet d&#039;eau : Les avantages du tranchage des aliments | KMT Waterjet<\/title>\n<meta name=\"description\" content=\"KMT Waterjet coupe le pain et les cro\u00fbtons avec pr\u00e9cision, sans gaspillage et sans usure de la lame, ce qui garantit un rendement et une efficacit\u00e9 accrus.\" \/>\n<meta name=\"robots\" content=\"index, follow, max-snippet:-1, max-image-preview:large, max-video-preview:-1\" \/>\n<link rel=\"canonical\" href=\"https:\/\/kmtwaterjet.com\/fr-ca\/misc-decoupe-du-pain-par-jet-deau-les-avantages-du-tranchage-des-aliments\/\" \/>\n<meta property=\"og:locale\" content=\"fr_CA\" \/>\n<meta property=\"og:type\" content=\"article\" \/>\n<meta property=\"og:title\" content=\"D\u00e9coupe du pain au jet d&#039;eau : Les avantages du tranchage des aliments | KMT Waterjet\" \/>\n<meta property=\"og:description\" content=\"KMT Waterjet coupe le pain et les cro\u00fbtons avec pr\u00e9cision, sans gaspillage et sans usure de la lame, ce qui garantit un rendement et une efficacit\u00e9 accrus.\" \/>\n<meta property=\"og:url\" content=\"https:\/\/kmtwaterjet.com\/fr-ca\/misc-decoupe-du-pain-par-jet-deau-les-avantages-du-tranchage-des-aliments\/\" \/>\n<meta property=\"og:site_name\" content=\"KMT Waterjet\" \/>\n<meta property=\"article:modified_time\" content=\"2025-03-20T17:53:34+00:00\" \/>\n<meta property=\"og:image\" content=\"https:\/\/kmtwaterjet.com\/wp-content\/uploads\/WATERJET-CUTTING-BREAD-CAKE-BAKED-GOODS.jpg\" \/>\n\t<meta property=\"og:image:width\" content=\"900\" \/>\n\t<meta property=\"og:image:height\" content=\"600\" \/>\n\t<meta property=\"og:image:type\" content=\"image\/jpeg\" \/>\n<meta name=\"twitter:card\" content=\"summary_large_image\" \/>\n<meta name=\"twitter:label1\" content=\"Estimation du temps de lecture\" \/>\n\t<meta name=\"twitter:data1\" content=\"2 minutes\" \/>\n<script type=\"application\/ld+json\" class=\"yoast-schema-graph\">{\"@context\":\"https:\\\/\\\/schema.org\",\"@graph\":[{\"@type\":\"WebPage\",\"@id\":\"https:\\\/\\\/kmtwaterjet.com\\\/fr-ca\\\/misc-decoupe-du-pain-par-jet-deau-les-avantages-du-tranchage-des-aliments\\\/\",\"url\":\"https:\\\/\\\/kmtwaterjet.com\\\/fr-ca\\\/misc-decoupe-du-pain-par-jet-deau-les-avantages-du-tranchage-des-aliments\\\/\",\"name\":\"D\u00e9coupe du pain au jet d'eau : Les avantages du tranchage des aliments | KMT Waterjet\",\"isPartOf\":{\"@id\":\"https:\\\/\\\/kmtwaterjet.com\\\/fr-ca\\\/#website\"},\"primaryImageOfPage\":{\"@id\":\"https:\\\/\\\/kmtwaterjet.com\\\/fr-ca\\\/misc-decoupe-du-pain-par-jet-deau-les-avantages-du-tranchage-des-aliments\\\/#primaryimage\"},\"image\":{\"@id\":\"https:\\\/\\\/kmtwaterjet.com\\\/fr-ca\\\/misc-decoupe-du-pain-par-jet-deau-les-avantages-du-tranchage-des-aliments\\\/#primaryimage\"},\"thumbnailUrl\":\"https:\\\/\\\/kmtwaterjet.com\\\/wp-content\\\/uploads\\\/WATERJET-CUTTING-BREAD-CAKE-BAKED-GOODS-300x200.jpg\",\"datePublished\":\"2024-06-13T15:51:26+00:00\",\"dateModified\":\"2025-03-20T17:53:34+00:00\",\"description\":\"KMT Waterjet coupe le pain et les cro\u00fbtons avec pr\u00e9cision, sans gaspillage et sans usure de la lame, ce qui garantit un rendement et une efficacit\u00e9 accrus.\",\"breadcrumb\":{\"@id\":\"https:\\\/\\\/kmtwaterjet.com\\\/fr-ca\\\/misc-decoupe-du-pain-par-jet-deau-les-avantages-du-tranchage-des-aliments\\\/#breadcrumb\"},\"inLanguage\":\"fr-CA\",\"potentialAction\":[{\"@type\":\"ReadAction\",\"target\":[\"https:\\\/\\\/kmtwaterjet.com\\\/fr-ca\\\/misc-decoupe-du-pain-par-jet-deau-les-avantages-du-tranchage-des-aliments\\\/\"]}]},{\"@type\":\"ImageObject\",\"inLanguage\":\"fr-CA\",\"@id\":\"https:\\\/\\\/kmtwaterjet.com\\\/fr-ca\\\/misc-decoupe-du-pain-par-jet-deau-les-avantages-du-tranchage-des-aliments\\\/#primaryimage\",\"url\":\"https:\\\/\\\/kmtwaterjet.com\\\/wp-content\\\/uploads\\\/WATERJET-CUTTING-BREAD-CAKE-BAKED-GOODS-300x200.jpg\",\"contentUrl\":\"https:\\\/\\\/kmtwaterjet.com\\\/wp-content\\\/uploads\\\/WATERJET-CUTTING-BREAD-CAKE-BAKED-GOODS-300x200.jpg\"},{\"@type\":\"BreadcrumbList\",\"@id\":\"https:\\\/\\\/kmtwaterjet.com\\\/fr-ca\\\/misc-decoupe-du-pain-par-jet-deau-les-avantages-du-tranchage-des-aliments\\\/#breadcrumb\",\"itemListElement\":[{\"@type\":\"ListItem\",\"position\":1,\"name\":\"Home\",\"item\":\"https:\\\/\\\/kmtwaterjet.com\\\/fr-ca\\\/\"},{\"@type\":\"ListItem\",\"position\":2,\"name\":\"D\u00e9coupe du pain au jet d&#8217;eau : Les avantages du tranchage des aliments\"}]},{\"@type\":\"WebSite\",\"@id\":\"https:\\\/\\\/kmtwaterjet.com\\\/fr-ca\\\/#website\",\"url\":\"https:\\\/\\\/kmtwaterjet.com\\\/fr-ca\\\/\",\"name\":\"KMT Waterjet\",\"description\":\"KMT Waterjet for waterjet cutting metal, stone, glass, steel and more\",\"publisher\":{\"@id\":\"https:\\\/\\\/kmtwaterjet.com\\\/fr-ca\\\/#organization\"},\"potentialAction\":[{\"@type\":\"SearchAction\",\"target\":{\"@type\":\"EntryPoint\",\"urlTemplate\":\"https:\\\/\\\/kmtwaterjet.com\\\/fr-ca\\\/?s={search_term_string}\"},\"query-input\":{\"@type\":\"PropertyValueSpecification\",\"valueRequired\":true,\"valueName\":\"search_term_string\"}}],\"inLanguage\":\"fr-CA\"},{\"@type\":\"Organization\",\"@id\":\"https:\\\/\\\/kmtwaterjet.com\\\/fr-ca\\\/#organization\",\"name\":\"KMT Waterjet\",\"url\":\"https:\\\/\\\/kmtwaterjet.com\\\/fr-ca\\\/\",\"logo\":{\"@type\":\"ImageObject\",\"inLanguage\":\"fr-CA\",\"@id\":\"https:\\\/\\\/kmtwaterjet.com\\\/fr-ca\\\/#\\\/schema\\\/logo\\\/image\\\/\",\"url\":\"https:\\\/\\\/kmtwaterjet.com\\\/wp-content\\\/uploads\\\/kmt_logo_2020.png\",\"contentUrl\":\"https:\\\/\\\/kmtwaterjet.com\\\/wp-content\\\/uploads\\\/kmt_logo_2020.png\",\"width\":1002,\"height\":605,\"caption\":\"KMT Waterjet\"},\"image\":{\"@id\":\"https:\\\/\\\/kmtwaterjet.com\\\/fr-ca\\\/#\\\/schema\\\/logo\\\/image\\\/\"}}]}<\/script>\n<!-- \/ Yoast SEO plugin. -->","yoast_head_json":{"title":"D\u00e9coupe du pain au jet d'eau : Les avantages du tranchage des aliments | KMT Waterjet","description":"KMT Waterjet coupe le pain et les cro\u00fbtons avec pr\u00e9cision, sans gaspillage et sans usure de la lame, ce qui garantit un rendement et une efficacit\u00e9 accrus.","robots":{"index":"index","follow":"follow","max-snippet":"max-snippet:-1","max-image-preview":"max-image-preview:large","max-video-preview":"max-video-preview:-1"},"canonical":"https:\/\/kmtwaterjet.com\/fr-ca\/misc-decoupe-du-pain-par-jet-deau-les-avantages-du-tranchage-des-aliments\/","og_locale":"fr_CA","og_type":"article","og_title":"D\u00e9coupe du pain au jet d'eau : Les avantages du tranchage des aliments | KMT Waterjet","og_description":"KMT Waterjet coupe le pain et les cro\u00fbtons avec pr\u00e9cision, sans gaspillage et sans usure de la lame, ce qui garantit un rendement et une efficacit\u00e9 accrus.","og_url":"https:\/\/kmtwaterjet.com\/fr-ca\/misc-decoupe-du-pain-par-jet-deau-les-avantages-du-tranchage-des-aliments\/","og_site_name":"KMT Waterjet","article_modified_time":"2025-03-20T17:53:34+00:00","og_image":[{"width":900,"height":600,"url":"https:\/\/kmtwaterjet.com\/wp-content\/uploads\/WATERJET-CUTTING-BREAD-CAKE-BAKED-GOODS.jpg","type":"image\/jpeg"}],"twitter_card":"summary_large_image","twitter_misc":{"Estimation du temps de lecture":"2 minutes"},"schema":{"@context":"https:\/\/schema.org","@graph":[{"@type":"WebPage","@id":"https:\/\/kmtwaterjet.com\/fr-ca\/misc-decoupe-du-pain-par-jet-deau-les-avantages-du-tranchage-des-aliments\/","url":"https:\/\/kmtwaterjet.com\/fr-ca\/misc-decoupe-du-pain-par-jet-deau-les-avantages-du-tranchage-des-aliments\/","name":"D\u00e9coupe du pain au jet d'eau : Les avantages du tranchage des aliments | KMT Waterjet","isPartOf":{"@id":"https:\/\/kmtwaterjet.com\/fr-ca\/#website"},"primaryImageOfPage":{"@id":"https:\/\/kmtwaterjet.com\/fr-ca\/misc-decoupe-du-pain-par-jet-deau-les-avantages-du-tranchage-des-aliments\/#primaryimage"},"image":{"@id":"https:\/\/kmtwaterjet.com\/fr-ca\/misc-decoupe-du-pain-par-jet-deau-les-avantages-du-tranchage-des-aliments\/#primaryimage"},"thumbnailUrl":"https:\/\/kmtwaterjet.com\/wp-content\/uploads\/WATERJET-CUTTING-BREAD-CAKE-BAKED-GOODS-300x200.jpg","datePublished":"2024-06-13T15:51:26+00:00","dateModified":"2025-03-20T17:53:34+00:00","description":"KMT Waterjet coupe le pain et les cro\u00fbtons avec pr\u00e9cision, sans gaspillage et sans usure de la lame, ce qui garantit un rendement et une efficacit\u00e9 accrus.","breadcrumb":{"@id":"https:\/\/kmtwaterjet.com\/fr-ca\/misc-decoupe-du-pain-par-jet-deau-les-avantages-du-tranchage-des-aliments\/#breadcrumb"},"inLanguage":"fr-CA","potentialAction":[{"@type":"ReadAction","target":["https:\/\/kmtwaterjet.com\/fr-ca\/misc-decoupe-du-pain-par-jet-deau-les-avantages-du-tranchage-des-aliments\/"]}]},{"@type":"ImageObject","inLanguage":"fr-CA","@id":"https:\/\/kmtwaterjet.com\/fr-ca\/misc-decoupe-du-pain-par-jet-deau-les-avantages-du-tranchage-des-aliments\/#primaryimage","url":"https:\/\/kmtwaterjet.com\/wp-content\/uploads\/WATERJET-CUTTING-BREAD-CAKE-BAKED-GOODS-300x200.jpg","contentUrl":"https:\/\/kmtwaterjet.com\/wp-content\/uploads\/WATERJET-CUTTING-BREAD-CAKE-BAKED-GOODS-300x200.jpg"},{"@type":"BreadcrumbList","@id":"https:\/\/kmtwaterjet.com\/fr-ca\/misc-decoupe-du-pain-par-jet-deau-les-avantages-du-tranchage-des-aliments\/#breadcrumb","itemListElement":[{"@type":"ListItem","position":1,"name":"Home","item":"https:\/\/kmtwaterjet.com\/fr-ca\/"},{"@type":"ListItem","position":2,"name":"D\u00e9coupe du pain au jet d&#8217;eau : Les avantages du tranchage des aliments"}]},{"@type":"WebSite","@id":"https:\/\/kmtwaterjet.com\/fr-ca\/#website","url":"https:\/\/kmtwaterjet.com\/fr-ca\/","name":"KMT Waterjet","description":"KMT Waterjet for waterjet cutting metal, stone, glass, steel and more","publisher":{"@id":"https:\/\/kmtwaterjet.com\/fr-ca\/#organization"},"potentialAction":[{"@type":"SearchAction","target":{"@type":"EntryPoint","urlTemplate":"https:\/\/kmtwaterjet.com\/fr-ca\/?s={search_term_string}"},"query-input":{"@type":"PropertyValueSpecification","valueRequired":true,"valueName":"search_term_string"}}],"inLanguage":"fr-CA"},{"@type":"Organization","@id":"https:\/\/kmtwaterjet.com\/fr-ca\/#organization","name":"KMT Waterjet","url":"https:\/\/kmtwaterjet.com\/fr-ca\/","logo":{"@type":"ImageObject","inLanguage":"fr-CA","@id":"https:\/\/kmtwaterjet.com\/fr-ca\/#\/schema\/logo\/image\/","url":"https:\/\/kmtwaterjet.com\/wp-content\/uploads\/kmt_logo_2020.png","contentUrl":"https:\/\/kmtwaterjet.com\/wp-content\/uploads\/kmt_logo_2020.png","width":1002,"height":605,"caption":"KMT Waterjet"},"image":{"@id":"https:\/\/kmtwaterjet.com\/fr-ca\/#\/schema\/logo\/image\/"}}]}},"_links":{"self":[{"href":"https:\/\/kmtwaterjet.com\/fr-ca\/wp-json\/wp\/v2\/pages\/26904","targetHints":{"allow":["GET"]}}],"collection":[{"href":"https:\/\/kmtwaterjet.com\/fr-ca\/wp-json\/wp\/v2\/pages"}],"about":[{"href":"https:\/\/kmtwaterjet.com\/fr-ca\/wp-json\/wp\/v2\/types\/page"}],"author":[{"embeddable":true,"href":"https:\/\/kmtwaterjet.com\/fr-ca\/wp-json\/wp\/v2\/users\/11"}],"replies":[{"embeddable":true,"href":"https:\/\/kmtwaterjet.com\/fr-ca\/wp-json\/wp\/v2\/comments?post=26904"}],"version-history":[{"count":0,"href":"https:\/\/kmtwaterjet.com\/fr-ca\/wp-json\/wp\/v2\/pages\/26904\/revisions"}],"wp:attachment":[{"href":"https:\/\/kmtwaterjet.com\/fr-ca\/wp-json\/wp\/v2\/media?parent=26904"}],"wp:term":[{"taxonomy":"page-type","embeddable":true,"href":"https:\/\/kmtwaterjet.com\/fr-ca\/wp-json\/wp\/v2\/page-type?post=26904"}],"curies":[{"name":"wp","href":"https:\/\/api.w.org\/{rel}","templated":true}]}}