{"id":25801,"date":"2024-01-25T12:35:21","date_gmt":"2024-01-25T18:35:21","guid":{"rendered":"https:\/\/kmtwaterjet.com\/carrieres\/"},"modified":"2025-10-08T11:30:55","modified_gmt":"2025-10-08T16:30:55","slug":"carrieres","status":"publish","type":"page","link":"https:\/\/kmtwaterjet.com\/fr-ca\/carrieres\/","title":{"rendered":"Carri\u00e8res"},"content":{"rendered":"\t\t<div data-elementor-type=\"wp-page\" data-elementor-id=\"25801\" class=\"elementor elementor-25801 elementor-3524\" data-elementor-post-type=\"page\">\n\t\t\t\t<div class=\"elementor-element elementor-element-0e9108d e-flex e-con-boxed e-con e-parent\" data-id=\"0e9108d\" data-element_type=\"container\" data-e-type=\"container\" data-settings=\"{&quot;background_background&quot;:&quot;classic&quot;,&quot;shape_divider_bottom&quot;:&quot;waves&quot;}\">\n\t\t\t\t\t<div class=\"e-con-inner\">\n\t\t\t\t<div class=\"elementor-shape elementor-shape-bottom\" aria-hidden=\"true\" data-negative=\"false\">\n\t\t\t<svg xmlns=\"http:\/\/www.w3.org\/2000\/svg\" viewBox=\"0 0 1000 100\" preserveAspectRatio=\"none\">\n\t<path class=\"elementor-shape-fill\" d=\"M421.9,6.5c22.6-2.5,51.5,0.4,75.5,5.3c23.6,4.9,70.9,23.5,100.5,35.7c75.8,32.2,133.7,44.5,192.6,49.7\n\tc23.6,2.1,48.7,3.5,103.4-2.5c54.7-6,106.2-25.6,106.2-25.6V0H0v30.3c0,0,72,32.6,158.4,30.5c39.2-0.7,92.8-6.7,134-22.4\n\tc21.2-8.1,52.2-18.2,79.7-24.2C399.3,7.9,411.6,7.5,421.9,6.5z\"\/>\n<\/svg>\t\t<\/div>\n\t\t<div class=\"elementor-element elementor-element-41b8436 e-flex e-con-boxed e-con e-child\" data-id=\"41b8436\" data-element_type=\"container\" data-e-type=\"container\">\n\t\t\t\t\t<div class=\"e-con-inner\">\n\t\t\t\t<div class=\"elementor-element elementor-element-4b20a65 elementor-widget elementor-widget-heading\" data-id=\"4b20a65\" data-element_type=\"widget\" data-e-type=\"widget\" data-widget_type=\"heading.default\">\n\t\t\t\t<div class=\"elementor-widget-container\">\n\t\t\t\t\t<h1 class=\"elementor-heading-title elementor-size-default\">Rejoignez l'\u00e9quipe de KMT Waterjet, le leader mondial de la technologie des pompes de d\u00e9coupe au jet d'eau.<\/h1>\t\t\t\t<\/div>\n\t\t\t\t<\/div>\n\t\t\t\t\t<\/div>\n\t\t\t\t<\/div>\n\t\t\t\t\t<\/div>\n\t\t\t\t<\/div>\n\t\t<div class=\"elementor-element elementor-element-20e8b0c e-flex e-con-boxed e-con e-parent\" data-id=\"20e8b0c\" data-element_type=\"container\" data-e-type=\"container\" data-settings=\"{&quot;background_background&quot;:&quot;classic&quot;}\">\n\t\t\t\t\t<div class=\"e-con-inner\">\n\t\t<div class=\"elementor-element elementor-element-3db032c e-con-full e-flex e-con e-child\" data-id=\"3db032c\" data-element_type=\"container\" data-e-type=\"container\">\n\t\t\t\t<div class=\"elementor-element elementor-element-d577189 elementor-widget__width-initial elementor-widget elementor-widget-heading\" data-id=\"d577189\" data-element_type=\"widget\" data-e-type=\"widget\" data-widget_type=\"heading.default\">\n\t\t\t\t<div class=\"elementor-widget-container\">\n\t\t\t\t\t<h2 class=\"elementor-heading-title elementor-size-default\">Les avantages de faire partie de l'\u00e9quipe KMT Waterjet<\/h2>\t\t\t\t<\/div>\n\t\t\t\t<\/div>\n\t\t\t\t<div class=\"elementor-element elementor-element-2e64844 elementor-widget__width-initial elementor-widget elementor-widget-heading\" data-id=\"2e64844\" data-element_type=\"widget\" data-e-type=\"widget\" data-widget_type=\"heading.default\">\n\t\t\t\t<div class=\"elementor-widget-container\">\n\t\t\t\t\t<h4 class=\"elementor-heading-title elementor-size-default\">KMT - Les pionniers de la d\u00e9coupe au jet d'eau.<\/h4>\t\t\t\t<\/div>\n\t\t\t\t<\/div>\n\t\t\t\t<div class=\"elementor-element elementor-element-7503a8e elementor-widget elementor-widget-text-editor\" data-id=\"7503a8e\" data-element_type=\"widget\" data-e-type=\"widget\" data-widget_type=\"text-editor.default\">\n\t\t\t\t<div class=\"elementor-widget-container\">\n\t\t\t\t\t\t\t\t\t<p><strong>MONTRER LA VOIE  <\/strong><\/p><p>Faites partie d&rsquo;un groupe unique de personnes qui aiment non seulement ce qu&rsquo;elles font, mais aussi la technologie. Notre \u00e9quipe est compos\u00e9e de personnes talentueuses qui ont un but, de la cr\u00e9ativit\u00e9 et de la passion. Notre pr\u00e9sence mondiale, nos produits et notre personnel \u00e9largissent la d\u00e9finition du possible, en reliant les clients et les march\u00e9s \u00e9mergents aux processus de fabrication de demain.  <\/p><p>Nous nous engageons \u00e0 favoriser le d\u00e9veloppement professionnel et le bien-\u00eatre personnel de notre \u00e9quipe. KMT Waterjet propose un ensemble d&rsquo;avantages comp\u00e9titifs pour r\u00e9pondre \u00e0 vos besoins financiers, physiques et \u00e9motionnels. Nos programmes d&rsquo;avantages sociaux sont con\u00e7us pour soutenir la croissance des individus, permettant aux membres de l&rsquo;\u00e9quipe de se concentrer sur la vision de l&rsquo;entreprise et de s&rsquo;engager pleinement tant au travail qu&rsquo;\u00e0 la maison.    <\/p><p><em>KMT Waterjet. Regardez notre TeamWork Together. <\/em><\/p><p><strong>CONFORMIT\u00c9<\/strong><\/p><p>Cliquez <a href=\"https:\/\/www.shapetechnologies.com\/careers\/\">\n  <u>\n    <b>ici<\/b>\n  <\/u>\n<\/a> pour visiter le Centre de Conformit\u00e9 du Groupe Shape Technologies.<\/p><p>Le groupe Shape Technologies est un employeur qui souscrit au principe de l&rsquo;\u00e9galit\u00e9 des chances.<\/p>\t\t\t\t\t\t\t\t<\/div>\n\t\t\t\t<\/div>\n\t\t\t\t<div class=\"elementor-element elementor-element-a2480d4 elementor-align-left elementor-mobile-align-center elementor-widget elementor-widget-button\" data-id=\"a2480d4\" data-element_type=\"widget\" data-e-type=\"widget\" data-settings=\"{&quot;motion_fx_motion_fx_scrolling&quot;:&quot;yes&quot;,&quot;motion_fx_opacity_effect&quot;:&quot;yes&quot;,&quot;motion_fx_opacity_direction&quot;:&quot;out-in-out&quot;,&quot;motion_fx_opacity_level&quot;:{&quot;unit&quot;:&quot;px&quot;,&quot;size&quot;:10,&quot;sizes&quot;:[]},&quot;motion_fx_opacity_range&quot;:{&quot;unit&quot;:&quot;%&quot;,&quot;size&quot;:&quot;&quot;,&quot;sizes&quot;:{&quot;start&quot;:20,&quot;end&quot;:80}},&quot;motion_fx_devices&quot;:[&quot;desktop&quot;,&quot;tablet&quot;,&quot;mobile&quot;]}\" data-widget_type=\"button.default\">\n\t\t\t\t<div class=\"elementor-widget-container\">\n\t\t\t\t\t\t\t\t\t<div class=\"elementor-button-wrapper\">\n\t\t\t\t\t<a class=\"elementor-button elementor-button-link elementor-size-sm\" href=\"https:\/\/recruiting2.ultipro.com\/FLO1003FLOIN\/JobBoard\/fad74a99-2903-4490-82a9-062cfacb1948\/?q=&#038;o=postedDateDesc&#038;w=&#038;wc=&#038;we=&#038;wpst=\" target=\"_blank\">\n\t\t\t\t\t\t<span class=\"elementor-button-content-wrapper\">\n\t\t\t\t\t\t\t\t\t<span class=\"elementor-button-text\">Visitez le site d'offres d'emploi de KMT Careers &gt;<\/span>\n\t\t\t\t\t<\/span>\n\t\t\t\t\t<\/a>\n\t\t\t\t<\/div>\n\t\t\t\t\t\t\t\t<\/div>\n\t\t\t\t<\/div>\n\t\t\t\t<\/div>\n\t\t\t\t\t<\/div>\n\t\t\t\t<\/div>\n\t\t\t\t<\/div>\n\t\t","protected":false},"excerpt":{"rendered":"<p>Rejoignez l&rsquo;\u00e9quipe de KMT Waterjet, le leader mondial de la technologie des pompes de d\u00e9coupe au jet d&rsquo;eau. Les avantages de faire partie de l&rsquo;\u00e9quipe KMT Waterjet KMT &#8211; Les pionniers de la d\u00e9coupe au jet d&rsquo;eau. MONTRER LA VOIE Faites partie d&rsquo;un groupe unique de personnes qui aiment non seulement ce qu&rsquo;elles font, mais [&hellip;]<\/p>\n","protected":false},"author":17,"featured_media":0,"parent":0,"menu_order":0,"comment_status":"closed","ping_status":"closed","template":"elementor_header_footer","meta":{"_acf_changed":false,"footnotes":""},"page-type":[],"class_list":["post-25801","page","type-page","status-publish","hentry"],"acf":[],"yoast_head":"<!-- This site is optimized with the Yoast SEO plugin v27.3 - https:\/\/yoast.com\/product\/yoast-seo-wordpress\/ -->\n<title>Carri\u00e8res | KMT Waterjet<\/title>\n<meta name=\"description\" content=\"Rejoignez KMT Waterjet - Leader mondial de la technologie des pompes \u00e0 jet d&#039;eau. Lib\u00e9rez votre potentiel, adoptez l&#039;innovation. Explorez les carri\u00e8res de KMT d\u00e8s maintenant !\" \/>\n<meta name=\"robots\" content=\"index, follow, max-snippet:-1, max-image-preview:large, max-video-preview:-1\" \/>\n<link rel=\"canonical\" href=\"https:\/\/kmtwaterjet.com\/fr-ca\/carrieres\/\" \/>\n<meta property=\"og:locale\" content=\"fr_CA\" \/>\n<meta property=\"og:type\" content=\"article\" \/>\n<meta property=\"og:title\" content=\"Carri\u00e8res | KMT Waterjet\" \/>\n<meta property=\"og:description\" content=\"Rejoignez KMT Waterjet - Leader mondial de la technologie des pompes \u00e0 jet d&#039;eau. Lib\u00e9rez votre potentiel, adoptez l&#039;innovation. Explorez les carri\u00e8res de KMT d\u00e8s maintenant !\" \/>\n<meta property=\"og:url\" content=\"https:\/\/kmtwaterjet.com\/fr-ca\/carrieres\/\" \/>\n<meta property=\"og:site_name\" content=\"KMT Waterjet\" \/>\n<meta property=\"article:modified_time\" content=\"2025-10-08T16:30:55+00:00\" \/>\n<meta property=\"og:image\" content=\"https:\/\/kmtwaterjet.com\/wp-content\/uploads\/KMT-Social-Sharing.jpg\" \/>\n\t<meta property=\"og:image:width\" content=\"1200\" \/>\n\t<meta property=\"og:image:height\" content=\"675\" \/>\n\t<meta property=\"og:image:type\" content=\"image\/jpeg\" \/>\n<meta name=\"twitter:card\" content=\"summary_large_image\" \/>\n<meta name=\"twitter:label1\" content=\"Estimation du temps de lecture\" \/>\n\t<meta name=\"twitter:data1\" content=\"1 minute\" \/>\n<script type=\"application\/ld+json\" class=\"yoast-schema-graph\">{\"@context\":\"https:\\\/\\\/schema.org\",\"@graph\":[{\"@type\":\"WebPage\",\"@id\":\"https:\\\/\\\/kmtwaterjet.com\\\/fr-ca\\\/carrieres\\\/\",\"url\":\"https:\\\/\\\/kmtwaterjet.com\\\/fr-ca\\\/carrieres\\\/\",\"name\":\"Carri\u00e8res | KMT Waterjet\",\"isPartOf\":{\"@id\":\"https:\\\/\\\/kmtwaterjet.com\\\/fr-ca\\\/#website\"},\"datePublished\":\"2024-01-25T18:35:21+00:00\",\"dateModified\":\"2025-10-08T16:30:55+00:00\",\"description\":\"Rejoignez KMT Waterjet - Leader mondial de la technologie des pompes \u00e0 jet d'eau. Lib\u00e9rez votre potentiel, adoptez l'innovation. Explorez les carri\u00e8res de KMT d\u00e8s maintenant !\",\"breadcrumb\":{\"@id\":\"https:\\\/\\\/kmtwaterjet.com\\\/fr-ca\\\/carrieres\\\/#breadcrumb\"},\"inLanguage\":\"fr-CA\",\"potentialAction\":[{\"@type\":\"ReadAction\",\"target\":[\"https:\\\/\\\/kmtwaterjet.com\\\/fr-ca\\\/carrieres\\\/\"]}]},{\"@type\":\"BreadcrumbList\",\"@id\":\"https:\\\/\\\/kmtwaterjet.com\\\/fr-ca\\\/carrieres\\\/#breadcrumb\",\"itemListElement\":[{\"@type\":\"ListItem\",\"position\":1,\"name\":\"Home\",\"item\":\"https:\\\/\\\/kmtwaterjet.com\\\/fr-ca\\\/\"},{\"@type\":\"ListItem\",\"position\":2,\"name\":\"Carri\u00e8res\"}]},{\"@type\":\"WebSite\",\"@id\":\"https:\\\/\\\/kmtwaterjet.com\\\/fr-ca\\\/#website\",\"url\":\"https:\\\/\\\/kmtwaterjet.com\\\/fr-ca\\\/\",\"name\":\"KMT Waterjet\",\"description\":\"KMT Waterjet for waterjet cutting metal, stone, glass, steel and more\",\"publisher\":{\"@id\":\"https:\\\/\\\/kmtwaterjet.com\\\/fr-ca\\\/#organization\"},\"potentialAction\":[{\"@type\":\"SearchAction\",\"target\":{\"@type\":\"EntryPoint\",\"urlTemplate\":\"https:\\\/\\\/kmtwaterjet.com\\\/fr-ca\\\/?s={search_term_string}\"},\"query-input\":{\"@type\":\"PropertyValueSpecification\",\"valueRequired\":true,\"valueName\":\"search_term_string\"}}],\"inLanguage\":\"fr-CA\"},{\"@type\":\"Organization\",\"@id\":\"https:\\\/\\\/kmtwaterjet.com\\\/fr-ca\\\/#organization\",\"name\":\"KMT Waterjet\",\"url\":\"https:\\\/\\\/kmtwaterjet.com\\\/fr-ca\\\/\",\"logo\":{\"@type\":\"ImageObject\",\"inLanguage\":\"fr-CA\",\"@id\":\"https:\\\/\\\/kmtwaterjet.com\\\/fr-ca\\\/#\\\/schema\\\/logo\\\/image\\\/\",\"url\":\"https:\\\/\\\/kmtwaterjet.com\\\/wp-content\\\/uploads\\\/kmt_logo_2020.png\",\"contentUrl\":\"https:\\\/\\\/kmtwaterjet.com\\\/wp-content\\\/uploads\\\/kmt_logo_2020.png\",\"width\":1002,\"height\":605,\"caption\":\"KMT Waterjet\"},\"image\":{\"@id\":\"https:\\\/\\\/kmtwaterjet.com\\\/fr-ca\\\/#\\\/schema\\\/logo\\\/image\\\/\"}}]}<\/script>\n<!-- \/ Yoast SEO plugin. -->","yoast_head_json":{"title":"Carri\u00e8res | KMT Waterjet","description":"Rejoignez KMT Waterjet - Leader mondial de la technologie des pompes \u00e0 jet d'eau. Lib\u00e9rez votre potentiel, adoptez l'innovation. Explorez les carri\u00e8res de KMT d\u00e8s maintenant !","robots":{"index":"index","follow":"follow","max-snippet":"max-snippet:-1","max-image-preview":"max-image-preview:large","max-video-preview":"max-video-preview:-1"},"canonical":"https:\/\/kmtwaterjet.com\/fr-ca\/carrieres\/","og_locale":"fr_CA","og_type":"article","og_title":"Carri\u00e8res | KMT Waterjet","og_description":"Rejoignez KMT Waterjet - Leader mondial de la technologie des pompes \u00e0 jet d'eau. Lib\u00e9rez votre potentiel, adoptez l'innovation. Explorez les carri\u00e8res de KMT d\u00e8s maintenant !","og_url":"https:\/\/kmtwaterjet.com\/fr-ca\/carrieres\/","og_site_name":"KMT Waterjet","article_modified_time":"2025-10-08T16:30:55+00:00","og_image":[{"width":1200,"height":675,"url":"https:\/\/kmtwaterjet.com\/wp-content\/uploads\/KMT-Social-Sharing.jpg","type":"image\/jpeg"}],"twitter_card":"summary_large_image","twitter_misc":{"Estimation du temps de lecture":"1 minute"},"schema":{"@context":"https:\/\/schema.org","@graph":[{"@type":"WebPage","@id":"https:\/\/kmtwaterjet.com\/fr-ca\/carrieres\/","url":"https:\/\/kmtwaterjet.com\/fr-ca\/carrieres\/","name":"Carri\u00e8res | KMT Waterjet","isPartOf":{"@id":"https:\/\/kmtwaterjet.com\/fr-ca\/#website"},"datePublished":"2024-01-25T18:35:21+00:00","dateModified":"2025-10-08T16:30:55+00:00","description":"Rejoignez KMT Waterjet - Leader mondial de la technologie des pompes \u00e0 jet d'eau. Lib\u00e9rez votre potentiel, adoptez l'innovation. Explorez les carri\u00e8res de KMT d\u00e8s maintenant !","breadcrumb":{"@id":"https:\/\/kmtwaterjet.com\/fr-ca\/carrieres\/#breadcrumb"},"inLanguage":"fr-CA","potentialAction":[{"@type":"ReadAction","target":["https:\/\/kmtwaterjet.com\/fr-ca\/carrieres\/"]}]},{"@type":"BreadcrumbList","@id":"https:\/\/kmtwaterjet.com\/fr-ca\/carrieres\/#breadcrumb","itemListElement":[{"@type":"ListItem","position":1,"name":"Home","item":"https:\/\/kmtwaterjet.com\/fr-ca\/"},{"@type":"ListItem","position":2,"name":"Carri\u00e8res"}]},{"@type":"WebSite","@id":"https:\/\/kmtwaterjet.com\/fr-ca\/#website","url":"https:\/\/kmtwaterjet.com\/fr-ca\/","name":"KMT Waterjet","description":"KMT Waterjet for waterjet cutting metal, stone, glass, steel and more","publisher":{"@id":"https:\/\/kmtwaterjet.com\/fr-ca\/#organization"},"potentialAction":[{"@type":"SearchAction","target":{"@type":"EntryPoint","urlTemplate":"https:\/\/kmtwaterjet.com\/fr-ca\/?s={search_term_string}"},"query-input":{"@type":"PropertyValueSpecification","valueRequired":true,"valueName":"search_term_string"}}],"inLanguage":"fr-CA"},{"@type":"Organization","@id":"https:\/\/kmtwaterjet.com\/fr-ca\/#organization","name":"KMT Waterjet","url":"https:\/\/kmtwaterjet.com\/fr-ca\/","logo":{"@type":"ImageObject","inLanguage":"fr-CA","@id":"https:\/\/kmtwaterjet.com\/fr-ca\/#\/schema\/logo\/image\/","url":"https:\/\/kmtwaterjet.com\/wp-content\/uploads\/kmt_logo_2020.png","contentUrl":"https:\/\/kmtwaterjet.com\/wp-content\/uploads\/kmt_logo_2020.png","width":1002,"height":605,"caption":"KMT Waterjet"},"image":{"@id":"https:\/\/kmtwaterjet.com\/fr-ca\/#\/schema\/logo\/image\/"}}]}},"_links":{"self":[{"href":"https:\/\/kmtwaterjet.com\/fr-ca\/wp-json\/wp\/v2\/pages\/25801","targetHints":{"allow":["GET"]}}],"collection":[{"href":"https:\/\/kmtwaterjet.com\/fr-ca\/wp-json\/wp\/v2\/pages"}],"about":[{"href":"https:\/\/kmtwaterjet.com\/fr-ca\/wp-json\/wp\/v2\/types\/page"}],"author":[{"embeddable":true,"href":"https:\/\/kmtwaterjet.com\/fr-ca\/wp-json\/wp\/v2\/users\/17"}],"replies":[{"embeddable":true,"href":"https:\/\/kmtwaterjet.com\/fr-ca\/wp-json\/wp\/v2\/comments?post=25801"}],"version-history":[{"count":0,"href":"https:\/\/kmtwaterjet.com\/fr-ca\/wp-json\/wp\/v2\/pages\/25801\/revisions"}],"wp:attachment":[{"href":"https:\/\/kmtwaterjet.com\/fr-ca\/wp-json\/wp\/v2\/media?parent=25801"}],"wp:term":[{"taxonomy":"page-type","embeddable":true,"href":"https:\/\/kmtwaterjet.com\/fr-ca\/wp-json\/wp\/v2\/page-type?post=25801"}],"curies":[{"name":"wp","href":"https:\/\/api.w.org\/{rel}","templated":true}]}}