{"id":44338,"date":"2026-04-02T14:59:17","date_gmt":"2026-04-02T19:59:17","guid":{"rendered":"https:\/\/kmtwaterjet.com\/?page_id=44338"},"modified":"2026-04-02T15:00:35","modified_gmt":"2026-04-02T20:00:35","slug":"maquina-northwood-oem-sawjet-8","status":"publish","type":"page","link":"https:\/\/kmtwaterjet.com\/es\/maquina-northwood-oem-sawjet-8\/","title":{"rendered":"M\u00c1QUINA NORTHWOOD OEM SAWJET"},"content":{"rendered":"\t\t<div data-elementor-type=\"wp-page\" data-elementor-id=\"44338\" class=\"elementor elementor-44338 elementor-44336\" data-elementor-post-type=\"page\">\n\t\t\t\t<div class=\"elementor-element elementor-element-a5186ce e-flex e-con-boxed e-con e-parent\" data-id=\"a5186ce\" data-element_type=\"container\" data-e-type=\"container\">\n\t\t\t\t\t<div class=\"e-con-inner\">\n\t\t\t\t<div class=\"elementor-element elementor-element-27eaaf2 elementor-widget elementor-widget-heading\" data-id=\"27eaaf2\" data-element_type=\"widget\" data-e-type=\"widget\" data-widget_type=\"heading.default\">\n\t\t\t\t<div class=\"elementor-widget-container\">\n\t\t\t\t\t<h1 class=\"elementor-heading-title elementor-size-default\">NORTHWOOD MACHINE - CORTE DE PIEDRA POR CHORRO DE AGUA, CENTROS DE MECANIZADO Y M\u00c1S<\/h1>\t\t\t\t<\/div>\n\t\t\t\t<\/div>\n\t\t\t\t<div class=\"elementor-element elementor-element-9016e52 elementor-widget-divider--view-line elementor-widget elementor-widget-divider\" data-id=\"9016e52\" data-element_type=\"widget\" data-e-type=\"widget\" data-widget_type=\"divider.default\">\n\t\t\t\t<div class=\"elementor-widget-container\">\n\t\t\t\t\t\t\t<div class=\"elementor-divider\">\n\t\t\t<span class=\"elementor-divider-separator\">\n\t\t\t\t\t\t<\/span>\n\t\t<\/div>\n\t\t\t\t\t\t<\/div>\n\t\t\t\t<\/div>\n\t\t\t\t\t<\/div>\n\t\t\t\t<\/div>\n\t\t<div class=\"elementor-element elementor-element-08404e0 e-flex e-con-boxed e-con e-parent\" data-id=\"08404e0\" data-element_type=\"container\" data-e-type=\"container\">\n\t\t\t\t\t<div class=\"e-con-inner\">\n\t\t\t\t<div class=\"elementor-element elementor-element-7e9b4d7 elementor-widget elementor-widget-image\" data-id=\"7e9b4d7\" data-element_type=\"widget\" data-e-type=\"widget\" data-widget_type=\"image.default\">\n\t\t\t\t<div class=\"elementor-widget-container\">\n\t\t\t\t\t\t\t\t\t\t\t\t\t\t\t<img fetchpriority=\"high\" decoding=\"async\" width=\"2000\" height=\"429\" src=\"https:\/\/kmtwaterjet.com\/wp-content\/uploads\/MULTICAM-WATERJET-CUTTING-TABLES-BANNER.jpg\" class=\"attachment-full size-full wp-image-43999\" alt=\"\" srcset=\"https:\/\/kmtwaterjet.com\/wp-content\/uploads\/MULTICAM-WATERJET-CUTTING-TABLES-BANNER.jpg 2000w, https:\/\/kmtwaterjet.com\/wp-content\/uploads\/MULTICAM-WATERJET-CUTTING-TABLES-BANNER-300x64.jpg 300w, https:\/\/kmtwaterjet.com\/wp-content\/uploads\/MULTICAM-WATERJET-CUTTING-TABLES-BANNER-1024x220.jpg 1024w, https:\/\/kmtwaterjet.com\/wp-content\/uploads\/MULTICAM-WATERJET-CUTTING-TABLES-BANNER-768x165.jpg 768w, https:\/\/kmtwaterjet.com\/wp-content\/uploads\/MULTICAM-WATERJET-CUTTING-TABLES-BANNER-1536x329.jpg 1536w\" sizes=\"(max-width: 2000px) 100vw, 2000px\" \/>\t\t\t\t\t\t\t\t\t\t\t\t\t\t\t<\/div>\n\t\t\t\t<\/div>\n\t\t\t\t\t<\/div>\n\t\t\t\t<\/div>\n\t\t<div class=\"elementor-element elementor-element-5761e3a e-grid e-con-boxed e-con e-parent\" data-id=\"5761e3a\" data-element_type=\"container\" data-e-type=\"container\">\n\t\t\t\t\t<div class=\"e-con-inner\">\n\t\t\t\t<div class=\"elementor-element elementor-element-b79cae4 elementor-widget elementor-widget-image\" data-id=\"b79cae4\" data-element_type=\"widget\" data-e-type=\"widget\" data-widget_type=\"image.default\">\n\t\t\t\t<div class=\"elementor-widget-container\">\n\t\t\t\t\t\t\t\t\t\t\t\t\t\t\t<img decoding=\"async\" width=\"478\" height=\"152\" data-src=\"https:\/\/kmtwaterjet.com\/wp-content\/uploads\/MULTICAM-WATERJET-CUTTING-TABLES-LOGO.jpg\" class=\"attachment-large size-large wp-image-43988 lazyload\" alt=\"\" data-srcset=\"https:\/\/kmtwaterjet.com\/wp-content\/uploads\/MULTICAM-WATERJET-CUTTING-TABLES-LOGO.jpg 478w, https:\/\/kmtwaterjet.com\/wp-content\/uploads\/MULTICAM-WATERJET-CUTTING-TABLES-LOGO-300x95.jpg 300w\" data-sizes=\"(max-width: 478px) 100vw, 478px\" src=\"data:image\/svg+xml;base64,PHN2ZyB3aWR0aD0iMSIgaGVpZ2h0PSIxIiB4bWxucz0iaHR0cDovL3d3dy53My5vcmcvMjAwMC9zdmciPjwvc3ZnPg==\" style=\"--smush-placeholder-width: 478px; --smush-placeholder-aspect-ratio: 478\/152;\" \/>\t\t\t\t\t\t\t\t\t\t\t\t\t\t\t<\/div>\n\t\t\t\t<\/div>\n\t\t\t\t<div class=\"elementor-element elementor-element-932967f elementor-widget elementor-widget-text-editor\" data-id=\"932967f\" data-element_type=\"widget\" data-e-type=\"widget\" data-widget_type=\"text-editor.default\">\n\t\t\t\t<div class=\"elementor-widget-container\">\n\t\t\t\t\t\t\t\t\t<p><span style=\"color: #000080;\"><em><strong>M\u00e1quinas dise\u00f1adas para resistir el paso del tiempo.<\/strong><\/em><\/span><\/p><p>Durante m\u00e1s de 25 a\u00f1os, Northwood Machine ha construido m\u00e1quinas de chorro de agua a medida con componentes de la m\u00e1xima calidad. Nunca hemos cambiado la aplicaci\u00f3n de un cliente para adaptarla a nuestra m\u00e1quina. Northwood dise\u00f1ar\u00e1 y entregar\u00e1 la m\u00e1quina adecuada y personalizada para ti y tu negocio.  <\/p>\t\t\t\t\t\t\t\t<\/div>\n\t\t\t\t<\/div>\n\t\t\t\t\t<\/div>\n\t\t\t\t<\/div>\n\t\t<div class=\"elementor-element elementor-element-ea56cbc e-flex e-con-boxed e-con e-parent\" data-id=\"ea56cbc\" data-element_type=\"container\" data-e-type=\"container\">\n\t\t\t\t\t<div class=\"e-con-inner\">\n\t\t\t\t<div class=\"elementor-element elementor-element-3b30ee9 elementor-widget-divider--view-line elementor-widget elementor-widget-divider\" data-id=\"3b30ee9\" data-element_type=\"widget\" data-e-type=\"widget\" data-widget_type=\"divider.default\">\n\t\t\t\t<div class=\"elementor-widget-container\">\n\t\t\t\t\t\t\t<div class=\"elementor-divider\">\n\t\t\t<span class=\"elementor-divider-separator\">\n\t\t\t\t\t\t<\/span>\n\t\t<\/div>\n\t\t\t\t\t\t<\/div>\n\t\t\t\t<\/div>\n\t\t\t\t\t<\/div>\n\t\t\t\t<\/div>\n\t\t<div class=\"elementor-element elementor-element-56cd23b e-grid e-con-boxed e-con e-parent\" data-id=\"56cd23b\" data-element_type=\"container\" data-e-type=\"container\">\n\t\t\t\t\t<div class=\"e-con-inner\">\n\t\t\t\t<div class=\"elementor-element elementor-element-63f321b elementor-widget elementor-widget-image\" data-id=\"63f321b\" data-element_type=\"widget\" data-e-type=\"widget\" data-widget_type=\"image.default\">\n\t\t\t\t<div class=\"elementor-widget-container\">\n\t\t\t\t\t\t\t\t\t\t\t\t<figure class=\"wp-caption\">\n\t\t\t\t\t\t\t\t\t\t<img decoding=\"async\" width=\"800\" height=\"384\" data-src=\"https:\/\/kmtwaterjet.com\/wp-content\/uploads\/MultiCam-1000-Series-CNC-Waterjet-Cutting-Table-1024x492.jpg\" class=\"attachment-large size-large wp-image-43996 lazyload\" alt=\"\" data-srcset=\"https:\/\/kmtwaterjet.com\/wp-content\/uploads\/MultiCam-1000-Series-CNC-Waterjet-Cutting-Table-1024x492.jpg 1024w, https:\/\/kmtwaterjet.com\/wp-content\/uploads\/MultiCam-1000-Series-CNC-Waterjet-Cutting-Table-300x144.jpg 300w, https:\/\/kmtwaterjet.com\/wp-content\/uploads\/MultiCam-1000-Series-CNC-Waterjet-Cutting-Table-768x369.jpg 768w, https:\/\/kmtwaterjet.com\/wp-content\/uploads\/MultiCam-1000-Series-CNC-Waterjet-Cutting-Table.jpg 1400w\" data-sizes=\"(max-width: 800px) 100vw, 800px\" src=\"data:image\/svg+xml;base64,PHN2ZyB3aWR0aD0iMSIgaGVpZ2h0PSIxIiB4bWxucz0iaHR0cDovL3d3dy53My5vcmcvMjAwMC9zdmciPjwvc3ZnPg==\" style=\"--smush-placeholder-width: 800px; --smush-placeholder-aspect-ratio: 800\/384;\" \/>\t\t\t\t\t\t\t\t\t\t\t<figcaption class=\"widget-image-caption wp-caption-text\">MultiCam 1000 Series CNC Waterjet Cutting Table<\/figcaption>\n\t\t\t\t\t\t\t\t\t\t<\/figure>\n\t\t\t\t\t\t\t\t\t<\/div>\n\t\t\t\t<\/div>\n\t\t\t\t<div class=\"elementor-element elementor-element-82a276b elementor-widget elementor-widget-image\" data-id=\"82a276b\" data-element_type=\"widget\" data-e-type=\"widget\" data-widget_type=\"image.default\">\n\t\t\t\t<div class=\"elementor-widget-container\">\n\t\t\t\t\t\t\t\t\t\t\t\t<figure class=\"wp-caption\">\n\t\t\t\t\t\t\t\t\t\t<img decoding=\"async\" width=\"800\" height=\"384\" data-src=\"https:\/\/kmtwaterjet.com\/wp-content\/uploads\/MultiCam-EZ-Control-G-Code-and-Coreo-Software-1024x492.jpg\" class=\"attachment-large size-large wp-image-43998 lazyload\" alt=\"\" data-srcset=\"https:\/\/kmtwaterjet.com\/wp-content\/uploads\/MultiCam-EZ-Control-G-Code-and-Coreo-Software-1024x492.jpg 1024w, https:\/\/kmtwaterjet.com\/wp-content\/uploads\/MultiCam-EZ-Control-G-Code-and-Coreo-Software-300x144.jpg 300w, https:\/\/kmtwaterjet.com\/wp-content\/uploads\/MultiCam-EZ-Control-G-Code-and-Coreo-Software-768x369.jpg 768w, https:\/\/kmtwaterjet.com\/wp-content\/uploads\/MultiCam-EZ-Control-G-Code-and-Coreo-Software.jpg 1400w\" data-sizes=\"(max-width: 800px) 100vw, 800px\" src=\"data:image\/svg+xml;base64,PHN2ZyB3aWR0aD0iMSIgaGVpZ2h0PSIxIiB4bWxucz0iaHR0cDovL3d3dy53My5vcmcvMjAwMC9zdmciPjwvc3ZnPg==\" style=\"--smush-placeholder-width: 800px; --smush-placeholder-aspect-ratio: 800\/384;\" \/>\t\t\t\t\t\t\t\t\t\t\t<figcaption class=\"widget-image-caption wp-caption-text\">MultiCam EZ Control G-Code and Coreo Software<\/figcaption>\n\t\t\t\t\t\t\t\t\t\t<\/figure>\n\t\t\t\t\t\t\t\t\t<\/div>\n\t\t\t\t<\/div>\n\t\t\t\t\t<\/div>\n\t\t\t\t<\/div>\n\t\t<div class=\"elementor-element elementor-element-6b78d1e e-flex e-con-boxed e-con e-parent\" data-id=\"6b78d1e\" data-element_type=\"container\" data-e-type=\"container\">\n\t\t\t\t\t<div class=\"e-con-inner\">\n\t\t\t\t<div class=\"elementor-element elementor-element-9115298 elementor-widget elementor-widget-spacer\" data-id=\"9115298\" data-element_type=\"widget\" data-e-type=\"widget\" data-widget_type=\"spacer.default\">\n\t\t\t\t<div class=\"elementor-widget-container\">\n\t\t\t\t\t\t\t<div class=\"elementor-spacer\">\n\t\t\t<div class=\"elementor-spacer-inner\"><\/div>\n\t\t<\/div>\n\t\t\t\t\t\t<\/div>\n\t\t\t\t<\/div>\n\t\t\t\t\t<\/div>\n\t\t\t\t<\/div>\n\t\t<div class=\"elementor-element elementor-element-5abe2a5 e-flex e-con-boxed e-con e-parent\" data-id=\"5abe2a5\" data-element_type=\"container\" data-e-type=\"container\">\n\t\t\t\t\t<div class=\"e-con-inner\">\n\t\t\t\t<div class=\"elementor-element elementor-element-ae0216d elementor-widget elementor-widget-heading\" data-id=\"ae0216d\" data-element_type=\"widget\" data-e-type=\"widget\" data-widget_type=\"heading.default\">\n\t\t\t\t<div class=\"elementor-widget-container\">\n\t\t\t\t\t<h2 class=\"elementor-heading-title elementor-size-default\">M\u00c1QUINAS DE CORTE CNC NORTHWOOD<\/h2>\t\t\t\t<\/div>\n\t\t\t\t<\/div>\n\t\t\t\t<div class=\"elementor-element elementor-element-8b293f1 elementor-widget elementor-widget-text-editor\" data-id=\"8b293f1\" data-element_type=\"widget\" data-e-type=\"widget\" data-widget_type=\"text-editor.default\">\n\t\t\t\t<div class=\"elementor-widget-container\">\n\t\t\t\t\t\t\t\t\t<div class=\"section\"><ul><li>Fabricamos fresadoras CNC y centros de mecanizado CNC de alta resistencia para el corte por chorro de agua en las industrias aeroespacial, de la madera, del pl\u00e1stico, de los materiales compuestos y de la piedra<br>.<\/li><li>Construida sobre tres principios b\u00e1sicos: Fabricado en EE.UU., componentes estandarizados de alta calidad y personas excepcionales<br>.<\/li><li>Northwood proporciona asistencia nacional con ingenieros, instalaciones de montaje y departamentos de servicio con sede en EE.UU.<\/li><\/ul><\/div><div class=\"section\"><h2>Equipo de corte especializado<\/h2><h3><span style=\"color: #000080;\">M\u00e1quinas CNC de 3 ejes<\/span><\/h3><ul><li>Centros de mecanizado CNC de 3 ejes con mesas de trabajo m\u00f3viles &#8211; Soluciones de mecanizado vers\u00e1tiles con superficies de trabajo m\u00f3viles<br>.<\/li><li>P\u00f3rtico m\u00f3vil de 3 ejes &#8211; Mesa de trabajo fija con dise\u00f1o de p\u00f3rtico m\u00f3vil para ampliar la capacidad.<\/li><li>Fresadoras CNC de tres ejes con sujeci\u00f3n de rodillos &#8211; Fresadoras especializadas con sistemas de sujeci\u00f3n de rodillos para una manipulaci\u00f3n segura de las piezas de trabajo<br>.<\/li><\/ul><h3><span style=\"color: #000080;\">M\u00e1quinas CNC de 5 ejes<\/span><\/h3><ul><li>Centro de mecanizado CNC por chorro de agua de 5 ejes con mesa de trabajo m\u00f3vil &#8211; Mecanizado multidireccional avanzado con superficie de trabajo m\u00f3vil<br>.<\/li><li>M\u00e1quinas CNC de p\u00f3rtico m\u00f3vil de 5 ejes &#8211; Mesa fija con dise\u00f1o de p\u00f3rtico m\u00f3vil que proporciona sobres de trabajo de hasta<br>12ft x 12ft (3658mm x 3658mm).<\/li><li>CNC de 5 ejes para la industria del vidrio &#8211; Ram de alta resistencia con carrera del eje Z de hasta 1829 mm (72&#8243;) y nudillo de 2 ejes de hierro fundido<br>.<\/li><\/ul><\/div><div class=\"section\"><h2>Especializaciones de la industria de la piedra<\/h2><ul><li>Northwood FabCenter (UFC 138) &#8211; Centro de fabricaci\u00f3n de \u00faltima generaci\u00f3n con motor de sierra Saccardo accionado por Fanuc.<\/li><li>Fresadora de piedra &#8211; M\u00e1quina dise\u00f1ada espec\u00edficamente para el tratamiento de la piedra.<\/li><li>CNC Raptor SawJet &#8211; Revolucionaria innovaci\u00f3n 2006 en el tratamiento de la piedra que combina tecnolog\u00eda de serrado y chorro de agua.<\/li><li>Esc\u00e1ner de losas Iris &#8211; Esc\u00e1ner vertical de losas de piedra con una resoluci\u00f3n de 12K para una visualizaci\u00f3n detallada de la piedra.<\/li><\/ul><\/div><div class=\"section\"><h2>Opciones adicionales<\/h2><ul><li>M\u00e1quinas usadas certificadas: m\u00e1quinas de segunda mano mantenidas seg\u00fan los est\u00e1ndares de Northwood, con asistencia de por vida y formaci\u00f3n en<br>.<br><hr><\/li><\/ul><p><em><span style=\"color: #000080;\"><strong>\u221a Rellena el siguiente formulario y un representante se pondr\u00e1 en contacto contigo en breve.<\/strong><\/span><\/em><\/p><\/div>\t\t\t\t\t\t\t\t<\/div>\n\t\t\t\t<\/div>\n\t\t\t\t\t<\/div>\n\t\t\t\t<\/div>\n\t\t\t\t<\/div>\n\t\t","protected":false},"excerpt":{"rendered":"<p>NORTHWOOD MACHINE &#8211; CORTE DE PIEDRA POR CHORRO DE AGUA, CENTROS DE MECANIZADO Y M\u00c1S M\u00e1quinas dise\u00f1adas para resistir el paso del tiempo. Durante m\u00e1s de 25 a\u00f1os, Northwood Machine ha construido m\u00e1quinas de chorro de agua a medida con componentes de la m\u00e1xima calidad. Nunca hemos cambiado la aplicaci\u00f3n de un cliente para adaptarla [&hellip;]<\/p>\n","protected":false},"author":12,"featured_media":0,"parent":0,"menu_order":0,"comment_status":"closed","ping_status":"closed","template":"","meta":{"_acf_changed":false,"footnotes":""},"page-type":[],"class_list":["post-44338","page","type-page","status-publish","hentry"],"acf":[],"yoast_head":"<!-- This site is optimized with the Yoast SEO plugin v27.3 - https:\/\/yoast.com\/product\/yoast-seo-wordpress\/ -->\n<title>M\u00c1QUINA NORTHWOOD OEM SAWJET | KMT Waterjet<\/title>\n<meta name=\"robots\" content=\"index, follow, max-snippet:-1, max-image-preview:large, max-video-preview:-1\" \/>\n<link rel=\"canonical\" href=\"https:\/\/kmtwaterjet.com\/es\/maquina-northwood-oem-sawjet-8\/\" \/>\n<meta property=\"og:locale\" content=\"es_ES\" \/>\n<meta property=\"og:type\" content=\"article\" \/>\n<meta property=\"og:title\" content=\"M\u00c1QUINA NORTHWOOD OEM SAWJET | KMT Waterjet\" \/>\n<meta property=\"og:description\" content=\"NORTHWOOD MACHINE &#8211; CORTE DE PIEDRA POR CHORRO DE AGUA, CENTROS DE MECANIZADO Y M\u00c1S M\u00e1quinas dise\u00f1adas para resistir el paso del tiempo. Durante m\u00e1s de 25 a\u00f1os, Northwood Machine ha construido m\u00e1quinas de chorro de agua a medida con componentes de la m\u00e1xima calidad. Nunca hemos cambiado la aplicaci\u00f3n de un cliente para adaptarla [&hellip;]\" \/>\n<meta property=\"og:url\" content=\"https:\/\/kmtwaterjet.com\/es\/maquina-northwood-oem-sawjet-8\/\" \/>\n<meta property=\"og:site_name\" content=\"KMT Waterjet\" \/>\n<meta property=\"article:modified_time\" content=\"2026-04-02T20:00:35+00:00\" \/>\n<meta property=\"og:image\" content=\"https:\/\/kmtwaterjet.com\/wp-content\/uploads\/MULTICAM-WATERJET-CUTTING-TABLES-BANNER.jpg\" \/>\n<meta name=\"twitter:card\" content=\"summary_large_image\" \/>\n<meta name=\"twitter:label1\" content=\"Tiempo de lectura\" \/>\n\t<meta name=\"twitter:data1\" content=\"2 minutos\" \/>\n<script type=\"application\/ld+json\" class=\"yoast-schema-graph\">{\"@context\":\"https:\\\/\\\/schema.org\",\"@graph\":[{\"@type\":\"WebPage\",\"@id\":\"https:\\\/\\\/kmtwaterjet.com\\\/es\\\/maquina-northwood-oem-sawjet-8\\\/\",\"url\":\"https:\\\/\\\/kmtwaterjet.com\\\/es\\\/maquina-northwood-oem-sawjet-8\\\/\",\"name\":\"M\u00c1QUINA NORTHWOOD OEM SAWJET | KMT Waterjet\",\"isPartOf\":{\"@id\":\"https:\\\/\\\/kmtwaterjet.com\\\/es\\\/#website\"},\"primaryImageOfPage\":{\"@id\":\"https:\\\/\\\/kmtwaterjet.com\\\/es\\\/maquina-northwood-oem-sawjet-8\\\/#primaryimage\"},\"image\":{\"@id\":\"https:\\\/\\\/kmtwaterjet.com\\\/es\\\/maquina-northwood-oem-sawjet-8\\\/#primaryimage\"},\"thumbnailUrl\":\"https:\\\/\\\/kmtwaterjet.com\\\/wp-content\\\/uploads\\\/MULTICAM-WATERJET-CUTTING-TABLES-BANNER.jpg\",\"datePublished\":\"2026-04-02T19:59:17+00:00\",\"dateModified\":\"2026-04-02T20:00:35+00:00\",\"breadcrumb\":{\"@id\":\"https:\\\/\\\/kmtwaterjet.com\\\/es\\\/maquina-northwood-oem-sawjet-8\\\/#breadcrumb\"},\"inLanguage\":\"es\",\"potentialAction\":[{\"@type\":\"ReadAction\",\"target\":[\"https:\\\/\\\/kmtwaterjet.com\\\/es\\\/maquina-northwood-oem-sawjet-8\\\/\"]}]},{\"@type\":\"ImageObject\",\"inLanguage\":\"es\",\"@id\":\"https:\\\/\\\/kmtwaterjet.com\\\/es\\\/maquina-northwood-oem-sawjet-8\\\/#primaryimage\",\"url\":\"https:\\\/\\\/kmtwaterjet.com\\\/wp-content\\\/uploads\\\/MULTICAM-WATERJET-CUTTING-TABLES-BANNER.jpg\",\"contentUrl\":\"https:\\\/\\\/kmtwaterjet.com\\\/wp-content\\\/uploads\\\/MULTICAM-WATERJET-CUTTING-TABLES-BANNER.jpg\"},{\"@type\":\"BreadcrumbList\",\"@id\":\"https:\\\/\\\/kmtwaterjet.com\\\/es\\\/maquina-northwood-oem-sawjet-8\\\/#breadcrumb\",\"itemListElement\":[{\"@type\":\"ListItem\",\"position\":1,\"name\":\"Home\",\"item\":\"https:\\\/\\\/kmtwaterjet.com\\\/es\\\/\"},{\"@type\":\"ListItem\",\"position\":2,\"name\":\"M\u00c1QUINA NORTHWOOD OEM SAWJET\"}]},{\"@type\":\"WebSite\",\"@id\":\"https:\\\/\\\/kmtwaterjet.com\\\/es\\\/#website\",\"url\":\"https:\\\/\\\/kmtwaterjet.com\\\/es\\\/\",\"name\":\"KMT Waterjet\",\"description\":\"KMT Waterjet for waterjet cutting metal, stone, glass, steel and more\",\"publisher\":{\"@id\":\"https:\\\/\\\/kmtwaterjet.com\\\/es\\\/#organization\"},\"potentialAction\":[{\"@type\":\"SearchAction\",\"target\":{\"@type\":\"EntryPoint\",\"urlTemplate\":\"https:\\\/\\\/kmtwaterjet.com\\\/es\\\/?s={search_term_string}\"},\"query-input\":{\"@type\":\"PropertyValueSpecification\",\"valueRequired\":true,\"valueName\":\"search_term_string\"}}],\"inLanguage\":\"es\"},{\"@type\":\"Organization\",\"@id\":\"https:\\\/\\\/kmtwaterjet.com\\\/es\\\/#organization\",\"name\":\"KMT Waterjet\",\"url\":\"https:\\\/\\\/kmtwaterjet.com\\\/es\\\/\",\"logo\":{\"@type\":\"ImageObject\",\"inLanguage\":\"es\",\"@id\":\"https:\\\/\\\/kmtwaterjet.com\\\/es\\\/#\\\/schema\\\/logo\\\/image\\\/\",\"url\":\"https:\\\/\\\/kmtwaterjet.com\\\/wp-content\\\/uploads\\\/kmt_logo_2020.png\",\"contentUrl\":\"https:\\\/\\\/kmtwaterjet.com\\\/wp-content\\\/uploads\\\/kmt_logo_2020.png\",\"width\":1002,\"height\":605,\"caption\":\"KMT Waterjet\"},\"image\":{\"@id\":\"https:\\\/\\\/kmtwaterjet.com\\\/es\\\/#\\\/schema\\\/logo\\\/image\\\/\"}}]}<\/script>\n<!-- \/ Yoast SEO plugin. -->","yoast_head_json":{"title":"M\u00c1QUINA NORTHWOOD OEM SAWJET | KMT Waterjet","robots":{"index":"index","follow":"follow","max-snippet":"max-snippet:-1","max-image-preview":"max-image-preview:large","max-video-preview":"max-video-preview:-1"},"canonical":"https:\/\/kmtwaterjet.com\/es\/maquina-northwood-oem-sawjet-8\/","og_locale":"es_ES","og_type":"article","og_title":"M\u00c1QUINA NORTHWOOD OEM SAWJET | KMT Waterjet","og_description":"NORTHWOOD MACHINE &#8211; CORTE DE PIEDRA POR CHORRO DE AGUA, CENTROS DE MECANIZADO Y M\u00c1S M\u00e1quinas dise\u00f1adas para resistir el paso del tiempo. Durante m\u00e1s de 25 a\u00f1os, Northwood Machine ha construido m\u00e1quinas de chorro de agua a medida con componentes de la m\u00e1xima calidad. Nunca hemos cambiado la aplicaci\u00f3n de un cliente para adaptarla [&hellip;]","og_url":"https:\/\/kmtwaterjet.com\/es\/maquina-northwood-oem-sawjet-8\/","og_site_name":"KMT Waterjet","article_modified_time":"2026-04-02T20:00:35+00:00","og_image":[{"url":"https:\/\/kmtwaterjet.com\/wp-content\/uploads\/MULTICAM-WATERJET-CUTTING-TABLES-BANNER.jpg","type":"","width":"","height":""}],"twitter_card":"summary_large_image","twitter_misc":{"Tiempo de lectura":"2 minutos"},"schema":{"@context":"https:\/\/schema.org","@graph":[{"@type":"WebPage","@id":"https:\/\/kmtwaterjet.com\/es\/maquina-northwood-oem-sawjet-8\/","url":"https:\/\/kmtwaterjet.com\/es\/maquina-northwood-oem-sawjet-8\/","name":"M\u00c1QUINA NORTHWOOD OEM SAWJET | KMT Waterjet","isPartOf":{"@id":"https:\/\/kmtwaterjet.com\/es\/#website"},"primaryImageOfPage":{"@id":"https:\/\/kmtwaterjet.com\/es\/maquina-northwood-oem-sawjet-8\/#primaryimage"},"image":{"@id":"https:\/\/kmtwaterjet.com\/es\/maquina-northwood-oem-sawjet-8\/#primaryimage"},"thumbnailUrl":"https:\/\/kmtwaterjet.com\/wp-content\/uploads\/MULTICAM-WATERJET-CUTTING-TABLES-BANNER.jpg","datePublished":"2026-04-02T19:59:17+00:00","dateModified":"2026-04-02T20:00:35+00:00","breadcrumb":{"@id":"https:\/\/kmtwaterjet.com\/es\/maquina-northwood-oem-sawjet-8\/#breadcrumb"},"inLanguage":"es","potentialAction":[{"@type":"ReadAction","target":["https:\/\/kmtwaterjet.com\/es\/maquina-northwood-oem-sawjet-8\/"]}]},{"@type":"ImageObject","inLanguage":"es","@id":"https:\/\/kmtwaterjet.com\/es\/maquina-northwood-oem-sawjet-8\/#primaryimage","url":"https:\/\/kmtwaterjet.com\/wp-content\/uploads\/MULTICAM-WATERJET-CUTTING-TABLES-BANNER.jpg","contentUrl":"https:\/\/kmtwaterjet.com\/wp-content\/uploads\/MULTICAM-WATERJET-CUTTING-TABLES-BANNER.jpg"},{"@type":"BreadcrumbList","@id":"https:\/\/kmtwaterjet.com\/es\/maquina-northwood-oem-sawjet-8\/#breadcrumb","itemListElement":[{"@type":"ListItem","position":1,"name":"Home","item":"https:\/\/kmtwaterjet.com\/es\/"},{"@type":"ListItem","position":2,"name":"M\u00c1QUINA NORTHWOOD OEM SAWJET"}]},{"@type":"WebSite","@id":"https:\/\/kmtwaterjet.com\/es\/#website","url":"https:\/\/kmtwaterjet.com\/es\/","name":"KMT Waterjet","description":"KMT Waterjet for waterjet cutting metal, stone, glass, steel and more","publisher":{"@id":"https:\/\/kmtwaterjet.com\/es\/#organization"},"potentialAction":[{"@type":"SearchAction","target":{"@type":"EntryPoint","urlTemplate":"https:\/\/kmtwaterjet.com\/es\/?s={search_term_string}"},"query-input":{"@type":"PropertyValueSpecification","valueRequired":true,"valueName":"search_term_string"}}],"inLanguage":"es"},{"@type":"Organization","@id":"https:\/\/kmtwaterjet.com\/es\/#organization","name":"KMT Waterjet","url":"https:\/\/kmtwaterjet.com\/es\/","logo":{"@type":"ImageObject","inLanguage":"es","@id":"https:\/\/kmtwaterjet.com\/es\/#\/schema\/logo\/image\/","url":"https:\/\/kmtwaterjet.com\/wp-content\/uploads\/kmt_logo_2020.png","contentUrl":"https:\/\/kmtwaterjet.com\/wp-content\/uploads\/kmt_logo_2020.png","width":1002,"height":605,"caption":"KMT Waterjet"},"image":{"@id":"https:\/\/kmtwaterjet.com\/es\/#\/schema\/logo\/image\/"}}]}},"_links":{"self":[{"href":"https:\/\/kmtwaterjet.com\/es\/wp-json\/wp\/v2\/pages\/44338","targetHints":{"allow":["GET"]}}],"collection":[{"href":"https:\/\/kmtwaterjet.com\/es\/wp-json\/wp\/v2\/pages"}],"about":[{"href":"https:\/\/kmtwaterjet.com\/es\/wp-json\/wp\/v2\/types\/page"}],"author":[{"embeddable":true,"href":"https:\/\/kmtwaterjet.com\/es\/wp-json\/wp\/v2\/users\/12"}],"replies":[{"embeddable":true,"href":"https:\/\/kmtwaterjet.com\/es\/wp-json\/wp\/v2\/comments?post=44338"}],"version-history":[{"count":0,"href":"https:\/\/kmtwaterjet.com\/es\/wp-json\/wp\/v2\/pages\/44338\/revisions"}],"wp:attachment":[{"href":"https:\/\/kmtwaterjet.com\/es\/wp-json\/wp\/v2\/media?parent=44338"}],"wp:term":[{"taxonomy":"page-type","embeddable":true,"href":"https:\/\/kmtwaterjet.com\/es\/wp-json\/wp\/v2\/page-type?post=44338"}],"curies":[{"name":"wp","href":"https:\/\/api.w.org\/{rel}","templated":true}]}}