{"id":43911,"date":"2026-04-01T09:53:42","date_gmt":"2026-04-01T14:53:42","guid":{"rendered":"https:\/\/kmtwaterjet.com\/?page_id=43911"},"modified":"2026-04-02T14:26:13","modified_gmt":"2026-04-02T19:26:13","slug":"maquina-northwood-oem-sawjet-5","status":"publish","type":"page","link":"https:\/\/kmtwaterjet.com\/es\/maquina-northwood-oem-sawjet-5\/","title":{"rendered":"CORTADORAS DE CHORRO DE AGUA CNC LAGUNA OEM"},"content":{"rendered":"\t\t<div data-elementor-type=\"wp-page\" data-elementor-id=\"43911\" class=\"elementor elementor-43911 elementor-43909\" data-elementor-post-type=\"page\">\n\t\t\t\t<div class=\"elementor-element elementor-element-a5186ce e-flex e-con-boxed e-con e-parent\" data-id=\"a5186ce\" data-element_type=\"container\" data-e-type=\"container\">\n\t\t\t\t\t<div class=\"e-con-inner\">\n\t\t\t\t<div class=\"elementor-element elementor-element-27eaaf2 elementor-widget elementor-widget-heading\" data-id=\"27eaaf2\" data-element_type=\"widget\" data-e-type=\"widget\" data-widget_type=\"heading.default\">\n\t\t\t\t<div class=\"elementor-widget-container\">\n\t\t\t\t\t<h1 class=\"elementor-heading-title elementor-size-default\">LAGUNA TOOLS M\u00c1QUINAS DE CORTE CNC POR CHORRO DE AGUA<\/h1>\t\t\t\t<\/div>\n\t\t\t\t<\/div>\n\t\t\t\t<div class=\"elementor-element elementor-element-9016e52 elementor-widget-divider--view-line elementor-widget elementor-widget-divider\" data-id=\"9016e52\" data-element_type=\"widget\" data-e-type=\"widget\" data-widget_type=\"divider.default\">\n\t\t\t\t<div class=\"elementor-widget-container\">\n\t\t\t\t\t\t\t<div class=\"elementor-divider\">\n\t\t\t<span class=\"elementor-divider-separator\">\n\t\t\t\t\t\t<\/span>\n\t\t<\/div>\n\t\t\t\t\t\t<\/div>\n\t\t\t\t<\/div>\n\t\t\t\t\t<\/div>\n\t\t\t\t<\/div>\n\t\t<div class=\"elementor-element elementor-element-08404e0 e-flex e-con-boxed e-con e-parent\" data-id=\"08404e0\" data-element_type=\"container\" data-e-type=\"container\">\n\t\t\t\t\t<div class=\"e-con-inner\">\n\t\t\t\t<div class=\"elementor-element elementor-element-7e9b4d7 elementor-widget elementor-widget-image\" data-id=\"7e9b4d7\" data-element_type=\"widget\" data-e-type=\"widget\" data-widget_type=\"image.default\">\n\t\t\t\t<div class=\"elementor-widget-container\">\n\t\t\t\t\t\t\t\t\t\t\t\t\t\t\t<img fetchpriority=\"high\" decoding=\"async\" width=\"1392\" height=\"518\" src=\"https:\/\/kmtwaterjet.com\/wp-content\/uploads\/LAGUNA-WATERJET-CUTTING-SYSTEM-TABLES-BANNER.jpg\" class=\"attachment-full size-full wp-image-43923\" alt=\"Laguna Waterjet Cutting Tables\" srcset=\"https:\/\/kmtwaterjet.com\/wp-content\/uploads\/LAGUNA-WATERJET-CUTTING-SYSTEM-TABLES-BANNER.jpg 1392w, https:\/\/kmtwaterjet.com\/wp-content\/uploads\/LAGUNA-WATERJET-CUTTING-SYSTEM-TABLES-BANNER-300x112.jpg 300w, https:\/\/kmtwaterjet.com\/wp-content\/uploads\/LAGUNA-WATERJET-CUTTING-SYSTEM-TABLES-BANNER-1024x381.jpg 1024w, https:\/\/kmtwaterjet.com\/wp-content\/uploads\/LAGUNA-WATERJET-CUTTING-SYSTEM-TABLES-BANNER-768x286.jpg 768w\" sizes=\"(max-width: 1392px) 100vw, 1392px\" \/>\t\t\t\t\t\t\t\t\t\t\t\t\t\t\t<\/div>\n\t\t\t\t<\/div>\n\t\t\t\t\t<\/div>\n\t\t\t\t<\/div>\n\t\t<div class=\"elementor-element elementor-element-5761e3a e-grid e-con-boxed e-con e-parent\" data-id=\"5761e3a\" data-element_type=\"container\" data-e-type=\"container\">\n\t\t\t\t\t<div class=\"e-con-inner\">\n\t\t\t\t<div class=\"elementor-element elementor-element-b79cae4 elementor-widget elementor-widget-image\" data-id=\"b79cae4\" data-element_type=\"widget\" data-e-type=\"widget\" data-widget_type=\"image.default\">\n\t\t\t\t<div class=\"elementor-widget-container\">\n\t\t\t\t\t\t\t\t\t\t\t\t\t\t\t<img decoding=\"async\" width=\"474\" height=\"263\" data-src=\"https:\/\/kmtwaterjet.com\/wp-content\/uploads\/LAGUNA-TOOLS-CNC-WATERJET-CUTTING-LOGO.jpg\" class=\"attachment-large size-large wp-image-43924 lazyload\" alt=\"Laguna Logo\" data-srcset=\"https:\/\/kmtwaterjet.com\/wp-content\/uploads\/LAGUNA-TOOLS-CNC-WATERJET-CUTTING-LOGO.jpg 474w, https:\/\/kmtwaterjet.com\/wp-content\/uploads\/LAGUNA-TOOLS-CNC-WATERJET-CUTTING-LOGO-300x166.jpg 300w\" data-sizes=\"(max-width: 474px) 100vw, 474px\" src=\"data:image\/svg+xml;base64,PHN2ZyB3aWR0aD0iMSIgaGVpZ2h0PSIxIiB4bWxucz0iaHR0cDovL3d3dy53My5vcmcvMjAwMC9zdmciPjwvc3ZnPg==\" style=\"--smush-placeholder-width: 474px; --smush-placeholder-aspect-ratio: 474\/263;\" \/>\t\t\t\t\t\t\t\t\t\t\t\t\t\t\t<\/div>\n\t\t\t\t<\/div>\n\t\t\t\t<div class=\"elementor-element elementor-element-932967f elementor-widget elementor-widget-text-editor\" data-id=\"932967f\" data-element_type=\"widget\" data-e-type=\"widget\" data-widget_type=\"text-editor.default\">\n\t\t\t\t<div class=\"elementor-widget-container\">\n\t\t\t\t\t\t\t\t\t<p><em><strong>Calidad de cantos inigualable con las m\u00e1quinas CNC de chorro de agua de Laguna Tools<\/strong><\/em><\/p><p><strong>Cortadoras por chorro de agua<\/strong><br>Las m\u00e1quinas CNC de chorro de agua utilizan agua a alta presi\u00f3n para cortar diversos materiales, de uso com\u00fan en aplicaciones de la industria aeroespacial, automovil\u00edstica y electr\u00f3nica. Las cortadoras por chorro de agua CNC Laguna ofrecen un corte de alto rendimiento en metales m\u00e1s gruesos y productos sensibles al calor, sin sacrificar la calidad de los bordes. <\/p>\t\t\t\t\t\t\t\t<\/div>\n\t\t\t\t<\/div>\n\t\t\t\t\t<\/div>\n\t\t\t\t<\/div>\n\t\t<div class=\"elementor-element elementor-element-ea56cbc e-flex e-con-boxed e-con e-parent\" data-id=\"ea56cbc\" data-element_type=\"container\" data-e-type=\"container\">\n\t\t\t\t\t<div class=\"e-con-inner\">\n\t\t\t\t<div class=\"elementor-element elementor-element-3b30ee9 elementor-widget-divider--view-line elementor-widget elementor-widget-divider\" data-id=\"3b30ee9\" data-element_type=\"widget\" data-e-type=\"widget\" data-widget_type=\"divider.default\">\n\t\t\t\t<div class=\"elementor-widget-container\">\n\t\t\t\t\t\t\t<div class=\"elementor-divider\">\n\t\t\t<span class=\"elementor-divider-separator\">\n\t\t\t\t\t\t<\/span>\n\t\t<\/div>\n\t\t\t\t\t\t<\/div>\n\t\t\t\t<\/div>\n\t\t\t\t\t<\/div>\n\t\t\t\t<\/div>\n\t\t<div class=\"elementor-element elementor-element-56cd23b e-grid e-con-boxed e-con e-parent\" data-id=\"56cd23b\" data-element_type=\"container\" data-e-type=\"container\">\n\t\t\t\t\t<div class=\"e-con-inner\">\n\t\t\t\t<div class=\"elementor-element elementor-element-63f321b elementor-widget elementor-widget-image\" data-id=\"63f321b\" data-element_type=\"widget\" data-e-type=\"widget\" data-widget_type=\"image.default\">\n\t\t\t\t<div class=\"elementor-widget-container\">\n\t\t\t\t\t\t\t\t\t\t\t\t<figure class=\"wp-caption\">\n\t\t\t\t\t\t\t\t\t\t<img decoding=\"async\" width=\"800\" height=\"384\" data-src=\"https:\/\/kmtwaterjet.com\/wp-content\/uploads\/Laguna-SmartJet-Waterjet-Cutter-Table-1024x492.jpg\" class=\"attachment-large size-large wp-image-44316 lazyload\" alt=\"Laguna SmartJet Waterjet Cutter Table\" data-srcset=\"https:\/\/kmtwaterjet.com\/wp-content\/uploads\/Laguna-SmartJet-Waterjet-Cutter-Table-1024x492.jpg 1024w, https:\/\/kmtwaterjet.com\/wp-content\/uploads\/Laguna-SmartJet-Waterjet-Cutter-Table-300x144.jpg 300w, https:\/\/kmtwaterjet.com\/wp-content\/uploads\/Laguna-SmartJet-Waterjet-Cutter-Table-768x369.jpg 768w, https:\/\/kmtwaterjet.com\/wp-content\/uploads\/Laguna-SmartJet-Waterjet-Cutter-Table.jpg 1400w\" data-sizes=\"(max-width: 800px) 100vw, 800px\" src=\"data:image\/svg+xml;base64,PHN2ZyB3aWR0aD0iMSIgaGVpZ2h0PSIxIiB4bWxucz0iaHR0cDovL3d3dy53My5vcmcvMjAwMC9zdmciPjwvc3ZnPg==\" style=\"--smush-placeholder-width: 800px; --smush-placeholder-aspect-ratio: 800\/384;\" \/>\t\t\t\t\t\t\t\t\t\t\t<figcaption class=\"widget-image-caption wp-caption-text\">Mesa de corte por chorro de agua Laguna SmartJet<\/figcaption>\n\t\t\t\t\t\t\t\t\t\t<\/figure>\n\t\t\t\t\t\t\t\t\t<\/div>\n\t\t\t\t<\/div>\n\t\t\t\t<div class=\"elementor-element elementor-element-82a276b elementor-widget elementor-widget-image\" data-id=\"82a276b\" data-element_type=\"widget\" data-e-type=\"widget\" data-widget_type=\"image.default\">\n\t\t\t\t<div class=\"elementor-widget-container\">\n\t\t\t\t\t\t\t\t\t\t\t\t<figure class=\"wp-caption\">\n\t\t\t\t\t\t\t\t\t\t<img decoding=\"async\" width=\"800\" height=\"384\" data-src=\"https:\/\/kmtwaterjet.com\/wp-content\/uploads\/LAGUNA-STEM-Education-Services-1024x492.jpg\" class=\"attachment-large size-large wp-image-44318 lazyload\" alt=\"CNC Machine Education Logo\" data-srcset=\"https:\/\/kmtwaterjet.com\/wp-content\/uploads\/LAGUNA-STEM-Education-Services-1024x492.jpg 1024w, https:\/\/kmtwaterjet.com\/wp-content\/uploads\/LAGUNA-STEM-Education-Services-300x144.jpg 300w, https:\/\/kmtwaterjet.com\/wp-content\/uploads\/LAGUNA-STEM-Education-Services-768x369.jpg 768w, https:\/\/kmtwaterjet.com\/wp-content\/uploads\/LAGUNA-STEM-Education-Services.jpg 1400w\" data-sizes=\"(max-width: 800px) 100vw, 800px\" src=\"data:image\/svg+xml;base64,PHN2ZyB3aWR0aD0iMSIgaGVpZ2h0PSIxIiB4bWxucz0iaHR0cDovL3d3dy53My5vcmcvMjAwMC9zdmciPjwvc3ZnPg==\" style=\"--smush-placeholder-width: 800px; --smush-placeholder-aspect-ratio: 800\/384;\" \/>\t\t\t\t\t\t\t\t\t\t\t<figcaption class=\"widget-image-caption wp-caption-text\">Servicios educativos LAGUNA STEM<\/figcaption>\n\t\t\t\t\t\t\t\t\t\t<\/figure>\n\t\t\t\t\t\t\t\t\t<\/div>\n\t\t\t\t<\/div>\n\t\t\t\t\t<\/div>\n\t\t\t\t<\/div>\n\t\t<div class=\"elementor-element elementor-element-6b78d1e e-flex e-con-boxed e-con e-parent\" data-id=\"6b78d1e\" data-element_type=\"container\" data-e-type=\"container\">\n\t\t\t\t\t<div class=\"e-con-inner\">\n\t\t\t\t<div class=\"elementor-element elementor-element-9115298 elementor-widget elementor-widget-spacer\" data-id=\"9115298\" data-element_type=\"widget\" data-e-type=\"widget\" data-widget_type=\"spacer.default\">\n\t\t\t\t<div class=\"elementor-widget-container\">\n\t\t\t\t\t\t\t<div class=\"elementor-spacer\">\n\t\t\t<div class=\"elementor-spacer-inner\"><\/div>\n\t\t<\/div>\n\t\t\t\t\t\t<\/div>\n\t\t\t\t<\/div>\n\t\t\t\t\t<\/div>\n\t\t\t\t<\/div>\n\t\t<div class=\"elementor-element elementor-element-5abe2a5 e-flex e-con-boxed e-con e-parent\" data-id=\"5abe2a5\" data-element_type=\"container\" data-e-type=\"container\">\n\t\t\t\t\t<div class=\"e-con-inner\">\n\t\t\t\t<div class=\"elementor-element elementor-element-ae0216d elementor-widget elementor-widget-heading\" data-id=\"ae0216d\" data-element_type=\"widget\" data-e-type=\"widget\" data-widget_type=\"heading.default\">\n\t\t\t\t<div class=\"elementor-widget-container\">\n\t\t\t\t\t<h2 class=\"elementor-heading-title elementor-size-default\">SOBRE LOS EQUIPOS DE CORTE POR CHORRO DE AGUA LAGUNA<\/h2>\t\t\t\t<\/div>\n\t\t\t\t<\/div>\n\t\t\t\t<div class=\"elementor-element elementor-element-8b293f1 elementor-widget elementor-widget-text-editor\" data-id=\"8b293f1\" data-element_type=\"widget\" data-e-type=\"widget\" data-widget_type=\"text-editor.default\">\n\t\t\t\t<div class=\"elementor-widget-container\">\n\t\t\t\t\t\t\t\t\t<div class=\"section\"><ul class=\"list-inside list-disc whitespace-normal [li_&amp;]:pl-6\" data-streamdown=\"unordered-list\"><li class=\"py-1 [&amp;&gt;p]:inline\" data-streamdown=\"list-item\"><strong>Calidad de bordes inigualable con las m\u00e1quinas<\/strong> CNC de chorro de agua de Laguna Tools<br>Cuando la precisi\u00f3n y la calidad superior de los bordes son fundamentales para tu negocio, las m\u00e1quinas CNC de chorro de agua de Laguna Tools son la elecci\u00f3n \u00f3ptima. Utilizando sistemas de bomba de alta presi\u00f3n de primera calidad, estas m\u00e1quinas realizan cortes excepcionalmente limpios, suaves y precisos en una amplia gama de materiales, incluidos metales, vidrio y materiales compuestos, sin inducir zonas afectadas por el calor. Esta t\u00e9cnica de corte en fr\u00edo garantiza que tus dise\u00f1os intrincados y fabricaciones detalladas se ejecuten sin defectos, eliminando problemas como la escoria y las rebabas que suelen asociarse a otros m\u00e9todos de corte. Con el compromiso de Laguna Tools con la innovaci\u00f3n y la calidad, nuestras m\u00e1quinas CNC de chorro de agua proporcionan la fiabilidad y la excelencia necesarias para los proyectos m\u00e1s exigentes.   <\/li><\/ul><ul><li><strong>Elegir la m\u00e1quina de chorro de agua adecuada<\/strong><br>Con tantas opciones en el mercado, puede ser dif\u00edcil discernir qu\u00e9 tipo de m\u00e1quina CNC es la mejor para tu negocio. Ten en cuenta estos factores a la hora de seleccionar una m\u00e1quina: <\/li><\/ul><p><strong>Finalidad:<\/strong> \u00bfC\u00f3mo vas a utilizar la m\u00e1quina y qu\u00e9 materiales vas a cortar? Esto determinar\u00e1 el tipo de m\u00e1quina y el tama\u00f1o de la mesa de corte que necesitas. <br><strong>M\u00e9todo de corte:<\/strong> \u00bfNecesitas un sistema s\u00f3lo de agua, o prefieres un cabezal de corte por chorro de agua abrasivo?<br><strong>Capacidades de corte:<\/strong> Seg\u00fan el tipo de piezas que produzcas, puedes necesitar una m\u00e1quina de chorro de agua de tres o cinco ejes.<br><strong>Personalizaci\u00f3n:<\/strong> \u00bfNecesitas una soluci\u00f3n de software lista para usar, o buscas ajustes y funciones m\u00e1s personalizables?<\/p><ul><li><strong>El compromiso de Laguna Tools con la precisi\u00f3n y la excelencia<\/strong><br>Como proveedor l\u00edder de equipos de control CNC y maquinaria industrial, Laguna Tools es tu fuente de referencia para CNC de chorro de agua, m\u00e1quinas de corte por plasma y mucho m\u00e1s. Fundado en 1983, el equipo de Laguna Tools tiene una amplia experiencia al servicio de los profesionales de la metalurgia, la rotulaci\u00f3n y las industrias afines. Laguna Tools cuenta con distribuidores en todo Estados Unidos y m\u00e1s all\u00e1, que ofrecen un r\u00e1pido servicio de atenci\u00f3n al cliente y formaci\u00f3n en CNC. Los clientes que cumplan los requisitos pueden solicitar financiaci\u00f3n CNC a terceros.   <\/li><\/ul><p> <\/p><hr><p> <\/p><p><span style=\"color: #000000;\"><em><strong>\u221a Rellena el siguiente formulario y un representante se pondr\u00e1 en contacto contigo en breve.<\/strong><\/em><\/span><\/p><\/div>\t\t\t\t\t\t\t\t<\/div>\n\t\t\t\t<\/div>\n\t\t\t\t\t<\/div>\n\t\t\t\t<\/div>\n\t\t\t\t<\/div>\n\t\t","protected":false},"excerpt":{"rendered":"<p>LAGUNA TOOLS M\u00c1QUINAS DE CORTE CNC POR CHORRO DE AGUA Calidad de cantos inigualable con las m\u00e1quinas CNC de chorro de agua de Laguna Tools Cortadoras por chorro de aguaLas m\u00e1quinas CNC de chorro de agua utilizan agua a alta presi\u00f3n para cortar diversos materiales, de uso com\u00fan en aplicaciones de la industria aeroespacial, automovil\u00edstica [&hellip;]<\/p>\n","protected":false},"author":12,"featured_media":0,"parent":0,"menu_order":0,"comment_status":"closed","ping_status":"closed","template":"","meta":{"_acf_changed":false,"footnotes":""},"page-type":[],"class_list":["post-43911","page","type-page","status-publish","hentry"],"acf":[],"yoast_head":"<!-- This site is optimized with the Yoast SEO plugin v27.3 - https:\/\/yoast.com\/product\/yoast-seo-wordpress\/ -->\n<title>CORTADORAS DE CHORRO DE AGUA CNC LAGUNA OEM | KMT Waterjet<\/title>\n<meta name=\"robots\" content=\"index, follow, max-snippet:-1, max-image-preview:large, max-video-preview:-1\" \/>\n<link rel=\"canonical\" href=\"https:\/\/kmtwaterjet.com\/es\/maquina-northwood-oem-sawjet-5\/\" \/>\n<meta property=\"og:locale\" content=\"es_ES\" \/>\n<meta property=\"og:type\" content=\"article\" \/>\n<meta property=\"og:title\" content=\"CORTADORAS DE CHORRO DE AGUA CNC LAGUNA OEM | KMT Waterjet\" \/>\n<meta property=\"og:description\" content=\"LAGUNA TOOLS M\u00c1QUINAS DE CORTE CNC POR CHORRO DE AGUA Calidad de cantos inigualable con las m\u00e1quinas CNC de chorro de agua de Laguna Tools Cortadoras por chorro de aguaLas m\u00e1quinas CNC de chorro de agua utilizan agua a alta presi\u00f3n para cortar diversos materiales, de uso com\u00fan en aplicaciones de la industria aeroespacial, automovil\u00edstica [&hellip;]\" \/>\n<meta property=\"og:url\" content=\"https:\/\/kmtwaterjet.com\/es\/maquina-northwood-oem-sawjet-5\/\" \/>\n<meta property=\"og:site_name\" content=\"KMT Waterjet\" \/>\n<meta property=\"article:modified_time\" content=\"2026-04-02T19:26:13+00:00\" \/>\n<meta property=\"og:image\" content=\"https:\/\/kmtwaterjet.com\/wp-content\/uploads\/LAGUNA-WATERJET-CUTTING-SYSTEM-TABLES-BANNER.jpg\" \/>\n\t<meta property=\"og:image:width\" content=\"1392\" \/>\n\t<meta property=\"og:image:height\" content=\"518\" \/>\n\t<meta property=\"og:image:type\" content=\"image\/jpeg\" \/>\n<meta name=\"twitter:card\" content=\"summary_large_image\" \/>\n<meta name=\"twitter:label1\" content=\"Tiempo de lectura\" \/>\n\t<meta name=\"twitter:data1\" content=\"3 minutos\" \/>\n<script type=\"application\/ld+json\" class=\"yoast-schema-graph\">{\"@context\":\"https:\\\/\\\/schema.org\",\"@graph\":[{\"@type\":\"WebPage\",\"@id\":\"https:\\\/\\\/kmtwaterjet.com\\\/es\\\/maquina-northwood-oem-sawjet-5\\\/\",\"url\":\"https:\\\/\\\/kmtwaterjet.com\\\/es\\\/maquina-northwood-oem-sawjet-5\\\/\",\"name\":\"CORTADORAS DE CHORRO DE AGUA CNC LAGUNA OEM | KMT Waterjet\",\"isPartOf\":{\"@id\":\"https:\\\/\\\/kmtwaterjet.com\\\/es\\\/#website\"},\"primaryImageOfPage\":{\"@id\":\"https:\\\/\\\/kmtwaterjet.com\\\/es\\\/maquina-northwood-oem-sawjet-5\\\/#primaryimage\"},\"image\":{\"@id\":\"https:\\\/\\\/kmtwaterjet.com\\\/es\\\/maquina-northwood-oem-sawjet-5\\\/#primaryimage\"},\"thumbnailUrl\":\"https:\\\/\\\/kmtwaterjet.com\\\/wp-content\\\/uploads\\\/LAGUNA-WATERJET-CUTTING-SYSTEM-TABLES-BANNER.jpg\",\"datePublished\":\"2026-04-01T14:53:42+00:00\",\"dateModified\":\"2026-04-02T19:26:13+00:00\",\"breadcrumb\":{\"@id\":\"https:\\\/\\\/kmtwaterjet.com\\\/es\\\/maquina-northwood-oem-sawjet-5\\\/#breadcrumb\"},\"inLanguage\":\"es\",\"potentialAction\":[{\"@type\":\"ReadAction\",\"target\":[\"https:\\\/\\\/kmtwaterjet.com\\\/es\\\/maquina-northwood-oem-sawjet-5\\\/\"]}]},{\"@type\":\"ImageObject\",\"inLanguage\":\"es\",\"@id\":\"https:\\\/\\\/kmtwaterjet.com\\\/es\\\/maquina-northwood-oem-sawjet-5\\\/#primaryimage\",\"url\":\"https:\\\/\\\/kmtwaterjet.com\\\/wp-content\\\/uploads\\\/LAGUNA-WATERJET-CUTTING-SYSTEM-TABLES-BANNER.jpg\",\"contentUrl\":\"https:\\\/\\\/kmtwaterjet.com\\\/wp-content\\\/uploads\\\/LAGUNA-WATERJET-CUTTING-SYSTEM-TABLES-BANNER.jpg\"},{\"@type\":\"BreadcrumbList\",\"@id\":\"https:\\\/\\\/kmtwaterjet.com\\\/es\\\/maquina-northwood-oem-sawjet-5\\\/#breadcrumb\",\"itemListElement\":[{\"@type\":\"ListItem\",\"position\":1,\"name\":\"Home\",\"item\":\"https:\\\/\\\/kmtwaterjet.com\\\/es\\\/\"},{\"@type\":\"ListItem\",\"position\":2,\"name\":\"CORTADORAS DE CHORRO DE AGUA CNC LAGUNA OEM\"}]},{\"@type\":\"WebSite\",\"@id\":\"https:\\\/\\\/kmtwaterjet.com\\\/es\\\/#website\",\"url\":\"https:\\\/\\\/kmtwaterjet.com\\\/es\\\/\",\"name\":\"KMT Waterjet\",\"description\":\"KMT Waterjet for waterjet cutting metal, stone, glass, steel and more\",\"publisher\":{\"@id\":\"https:\\\/\\\/kmtwaterjet.com\\\/es\\\/#organization\"},\"potentialAction\":[{\"@type\":\"SearchAction\",\"target\":{\"@type\":\"EntryPoint\",\"urlTemplate\":\"https:\\\/\\\/kmtwaterjet.com\\\/es\\\/?s={search_term_string}\"},\"query-input\":{\"@type\":\"PropertyValueSpecification\",\"valueRequired\":true,\"valueName\":\"search_term_string\"}}],\"inLanguage\":\"es\"},{\"@type\":\"Organization\",\"@id\":\"https:\\\/\\\/kmtwaterjet.com\\\/es\\\/#organization\",\"name\":\"KMT Waterjet\",\"url\":\"https:\\\/\\\/kmtwaterjet.com\\\/es\\\/\",\"logo\":{\"@type\":\"ImageObject\",\"inLanguage\":\"es\",\"@id\":\"https:\\\/\\\/kmtwaterjet.com\\\/es\\\/#\\\/schema\\\/logo\\\/image\\\/\",\"url\":\"https:\\\/\\\/kmtwaterjet.com\\\/wp-content\\\/uploads\\\/kmt_logo_2020.png\",\"contentUrl\":\"https:\\\/\\\/kmtwaterjet.com\\\/wp-content\\\/uploads\\\/kmt_logo_2020.png\",\"width\":1002,\"height\":605,\"caption\":\"KMT Waterjet\"},\"image\":{\"@id\":\"https:\\\/\\\/kmtwaterjet.com\\\/es\\\/#\\\/schema\\\/logo\\\/image\\\/\"}}]}<\/script>\n<!-- \/ Yoast SEO plugin. -->","yoast_head_json":{"title":"CORTADORAS DE CHORRO DE AGUA CNC LAGUNA OEM | KMT Waterjet","robots":{"index":"index","follow":"follow","max-snippet":"max-snippet:-1","max-image-preview":"max-image-preview:large","max-video-preview":"max-video-preview:-1"},"canonical":"https:\/\/kmtwaterjet.com\/es\/maquina-northwood-oem-sawjet-5\/","og_locale":"es_ES","og_type":"article","og_title":"CORTADORAS DE CHORRO DE AGUA CNC LAGUNA OEM | KMT Waterjet","og_description":"LAGUNA TOOLS M\u00c1QUINAS DE CORTE CNC POR CHORRO DE AGUA Calidad de cantos inigualable con las m\u00e1quinas CNC de chorro de agua de Laguna Tools Cortadoras por chorro de aguaLas m\u00e1quinas CNC de chorro de agua utilizan agua a alta presi\u00f3n para cortar diversos materiales, de uso com\u00fan en aplicaciones de la industria aeroespacial, automovil\u00edstica [&hellip;]","og_url":"https:\/\/kmtwaterjet.com\/es\/maquina-northwood-oem-sawjet-5\/","og_site_name":"KMT Waterjet","article_modified_time":"2026-04-02T19:26:13+00:00","og_image":[{"width":1392,"height":518,"url":"https:\/\/kmtwaterjet.com\/wp-content\/uploads\/LAGUNA-WATERJET-CUTTING-SYSTEM-TABLES-BANNER.jpg","type":"image\/jpeg"}],"twitter_card":"summary_large_image","twitter_misc":{"Tiempo de lectura":"3 minutos"},"schema":{"@context":"https:\/\/schema.org","@graph":[{"@type":"WebPage","@id":"https:\/\/kmtwaterjet.com\/es\/maquina-northwood-oem-sawjet-5\/","url":"https:\/\/kmtwaterjet.com\/es\/maquina-northwood-oem-sawjet-5\/","name":"CORTADORAS DE CHORRO DE AGUA CNC LAGUNA OEM | KMT Waterjet","isPartOf":{"@id":"https:\/\/kmtwaterjet.com\/es\/#website"},"primaryImageOfPage":{"@id":"https:\/\/kmtwaterjet.com\/es\/maquina-northwood-oem-sawjet-5\/#primaryimage"},"image":{"@id":"https:\/\/kmtwaterjet.com\/es\/maquina-northwood-oem-sawjet-5\/#primaryimage"},"thumbnailUrl":"https:\/\/kmtwaterjet.com\/wp-content\/uploads\/LAGUNA-WATERJET-CUTTING-SYSTEM-TABLES-BANNER.jpg","datePublished":"2026-04-01T14:53:42+00:00","dateModified":"2026-04-02T19:26:13+00:00","breadcrumb":{"@id":"https:\/\/kmtwaterjet.com\/es\/maquina-northwood-oem-sawjet-5\/#breadcrumb"},"inLanguage":"es","potentialAction":[{"@type":"ReadAction","target":["https:\/\/kmtwaterjet.com\/es\/maquina-northwood-oem-sawjet-5\/"]}]},{"@type":"ImageObject","inLanguage":"es","@id":"https:\/\/kmtwaterjet.com\/es\/maquina-northwood-oem-sawjet-5\/#primaryimage","url":"https:\/\/kmtwaterjet.com\/wp-content\/uploads\/LAGUNA-WATERJET-CUTTING-SYSTEM-TABLES-BANNER.jpg","contentUrl":"https:\/\/kmtwaterjet.com\/wp-content\/uploads\/LAGUNA-WATERJET-CUTTING-SYSTEM-TABLES-BANNER.jpg"},{"@type":"BreadcrumbList","@id":"https:\/\/kmtwaterjet.com\/es\/maquina-northwood-oem-sawjet-5\/#breadcrumb","itemListElement":[{"@type":"ListItem","position":1,"name":"Home","item":"https:\/\/kmtwaterjet.com\/es\/"},{"@type":"ListItem","position":2,"name":"CORTADORAS DE CHORRO DE AGUA CNC LAGUNA OEM"}]},{"@type":"WebSite","@id":"https:\/\/kmtwaterjet.com\/es\/#website","url":"https:\/\/kmtwaterjet.com\/es\/","name":"KMT Waterjet","description":"KMT Waterjet for waterjet cutting metal, stone, glass, steel and more","publisher":{"@id":"https:\/\/kmtwaterjet.com\/es\/#organization"},"potentialAction":[{"@type":"SearchAction","target":{"@type":"EntryPoint","urlTemplate":"https:\/\/kmtwaterjet.com\/es\/?s={search_term_string}"},"query-input":{"@type":"PropertyValueSpecification","valueRequired":true,"valueName":"search_term_string"}}],"inLanguage":"es"},{"@type":"Organization","@id":"https:\/\/kmtwaterjet.com\/es\/#organization","name":"KMT Waterjet","url":"https:\/\/kmtwaterjet.com\/es\/","logo":{"@type":"ImageObject","inLanguage":"es","@id":"https:\/\/kmtwaterjet.com\/es\/#\/schema\/logo\/image\/","url":"https:\/\/kmtwaterjet.com\/wp-content\/uploads\/kmt_logo_2020.png","contentUrl":"https:\/\/kmtwaterjet.com\/wp-content\/uploads\/kmt_logo_2020.png","width":1002,"height":605,"caption":"KMT Waterjet"},"image":{"@id":"https:\/\/kmtwaterjet.com\/es\/#\/schema\/logo\/image\/"}}]}},"_links":{"self":[{"href":"https:\/\/kmtwaterjet.com\/es\/wp-json\/wp\/v2\/pages\/43911","targetHints":{"allow":["GET"]}}],"collection":[{"href":"https:\/\/kmtwaterjet.com\/es\/wp-json\/wp\/v2\/pages"}],"about":[{"href":"https:\/\/kmtwaterjet.com\/es\/wp-json\/wp\/v2\/types\/page"}],"author":[{"embeddable":true,"href":"https:\/\/kmtwaterjet.com\/es\/wp-json\/wp\/v2\/users\/12"}],"replies":[{"embeddable":true,"href":"https:\/\/kmtwaterjet.com\/es\/wp-json\/wp\/v2\/comments?post=43911"}],"version-history":[{"count":0,"href":"https:\/\/kmtwaterjet.com\/es\/wp-json\/wp\/v2\/pages\/43911\/revisions"}],"wp:attachment":[{"href":"https:\/\/kmtwaterjet.com\/es\/wp-json\/wp\/v2\/media?parent=43911"}],"wp:term":[{"taxonomy":"page-type","embeddable":true,"href":"https:\/\/kmtwaterjet.com\/es\/wp-json\/wp\/v2\/page-type?post=43911"}],"curies":[{"name":"wp","href":"https:\/\/api.w.org\/{rel}","templated":true}]}}