{"id":41151,"date":"2025-04-02T08:55:56","date_gmt":"2025-04-02T13:55:56","guid":{"rendered":"https:\/\/kmtwaterjet.com\/?page_id=41151"},"modified":"2025-10-29T10:19:02","modified_gmt":"2025-10-29T15:19:02","slug":"contacto-gracias-2","status":"publish","type":"page","link":"https:\/\/kmtwaterjet.com\/es\/contacto-gracias-2\/","title":{"rendered":"Comunicados de prensa de KMT"},"content":{"rendered":"\t\t<div data-elementor-type=\"wp-page\" data-elementor-id=\"41151\" class=\"elementor elementor-41151 elementor-41148\" data-elementor-post-type=\"page\">\n\t\t\t\t<div class=\"elementor-element elementor-element-0e9108d e-flex e-con-boxed e-con e-parent\" data-id=\"0e9108d\" data-element_type=\"container\" data-e-type=\"container\" data-settings=\"{&quot;background_background&quot;:&quot;classic&quot;,&quot;shape_divider_bottom&quot;:&quot;waves&quot;}\">\n\t\t\t\t\t<div class=\"e-con-inner\">\n\t\t\t\t<div class=\"elementor-shape elementor-shape-bottom\" aria-hidden=\"true\" data-negative=\"false\">\n\t\t\t<svg xmlns=\"http:\/\/www.w3.org\/2000\/svg\" viewBox=\"0 0 1000 100\" preserveAspectRatio=\"none\">\n\t<path class=\"elementor-shape-fill\" d=\"M421.9,6.5c22.6-2.5,51.5,0.4,75.5,5.3c23.6,4.9,70.9,23.5,100.5,35.7c75.8,32.2,133.7,44.5,192.6,49.7\n\tc23.6,2.1,48.7,3.5,103.4-2.5c54.7-6,106.2-25.6,106.2-25.6V0H0v30.3c0,0,72,32.6,158.4,30.5c39.2-0.7,92.8-6.7,134-22.4\n\tc21.2-8.1,52.2-18.2,79.7-24.2C399.3,7.9,411.6,7.5,421.9,6.5z\"\/>\n<\/svg>\t\t<\/div>\n\t\t<div class=\"elementor-element elementor-element-41b8436 e-flex e-con-boxed e-con e-child\" data-id=\"41b8436\" data-element_type=\"container\" data-e-type=\"container\">\n\t\t\t\t\t<div class=\"e-con-inner\">\n\t\t\t\t<div class=\"elementor-element elementor-element-4b20a65 elementor-widget elementor-widget-heading\" data-id=\"4b20a65\" data-element_type=\"widget\" data-e-type=\"widget\" data-settings=\"{&quot;motion_fx_motion_fx_scrolling&quot;:&quot;yes&quot;,&quot;motion_fx_opacity_effect&quot;:&quot;yes&quot;,&quot;motion_fx_opacity_direction&quot;:&quot;out-in-out&quot;,&quot;motion_fx_opacity_level&quot;:{&quot;unit&quot;:&quot;px&quot;,&quot;size&quot;:10,&quot;sizes&quot;:[]},&quot;motion_fx_opacity_range&quot;:{&quot;unit&quot;:&quot;%&quot;,&quot;size&quot;:&quot;&quot;,&quot;sizes&quot;:{&quot;start&quot;:20,&quot;end&quot;:80}},&quot;motion_fx_devices&quot;:[&quot;desktop&quot;,&quot;tablet&quot;,&quot;mobile&quot;]}\" data-widget_type=\"heading.default\">\n\t\t\t\t<div class=\"elementor-widget-container\">\n\t\t\t\t\t<h1 class=\"elementor-heading-title elementor-size-default\">Comunicados de prensa<\/h1>\t\t\t\t<\/div>\n\t\t\t\t<\/div>\n\t\t\t\t\t<\/div>\n\t\t\t\t<\/div>\n\t\t\t\t\t<\/div>\n\t\t\t\t<\/div>\n\t\t<div class=\"elementor-element elementor-element-20e8b0c e-flex e-con-boxed e-con e-parent\" data-id=\"20e8b0c\" data-element_type=\"container\" data-e-type=\"container\" data-settings=\"{&quot;background_background&quot;:&quot;classic&quot;}\">\n\t\t\t\t\t<div class=\"e-con-inner\">\n\t\t<div class=\"elementor-element elementor-element-3db032c e-con-full e-flex e-con e-child\" data-id=\"3db032c\" data-element_type=\"container\" data-e-type=\"container\">\n\t\t\t\t<div class=\"elementor-element elementor-element-d577189 elementor-widget__width-initial elementor-widget elementor-widget-heading\" data-id=\"d577189\" data-element_type=\"widget\" data-e-type=\"widget\" data-widget_type=\"heading.default\">\n\t\t\t\t<div class=\"elementor-widget-container\">\n\t\t\t\t\t<h2 class=\"elementor-heading-title elementor-size-default\">Abril 2025<\/h2>\t\t\t\t<\/div>\n\t\t\t\t<\/div>\n\t\t\t\t<div class=\"elementor-element elementor-element-8ac114c elementor-widget-divider--view-line elementor-widget elementor-widget-divider\" data-id=\"8ac114c\" data-element_type=\"widget\" data-e-type=\"widget\" data-widget_type=\"divider.default\">\n\t\t\t\t<div class=\"elementor-widget-container\">\n\t\t\t\t\t\t\t<div class=\"elementor-divider\">\n\t\t\t<span class=\"elementor-divider-separator\">\n\t\t\t\t\t\t<\/span>\n\t\t<\/div>\n\t\t\t\t\t\t<\/div>\n\t\t\t\t<\/div>\n\t\t\t\t<\/div>\n\t\t\t\t\t<\/div>\n\t\t\t\t<\/div>\n\t\t<div class=\"elementor-element elementor-element-faa60c3 e-grid e-con-boxed e-con e-parent\" data-id=\"faa60c3\" data-element_type=\"container\" data-e-type=\"container\">\n\t\t\t\t\t<div class=\"e-con-inner\">\n\t\t\t\t<div class=\"elementor-element elementor-element-11a221b elementor-widget elementor-widget-image\" data-id=\"11a221b\" data-element_type=\"widget\" data-e-type=\"widget\" data-widget_type=\"image.default\">\n\t\t\t\t<div class=\"elementor-widget-container\">\n\t\t\t\t\t\t\t\t\t\t\t\t\t\t\t<img fetchpriority=\"high\" decoding=\"async\" width=\"960\" height=\"540\" src=\"https:\/\/kmtwaterjet.com\/wp-content\/uploads\/KMT-Group-Logo-72dpi.png\" class=\"attachment-full size-full wp-image-41180\" alt=\"KMT Group logo\" srcset=\"https:\/\/kmtwaterjet.com\/wp-content\/uploads\/KMT-Group-Logo-72dpi.png 960w, https:\/\/kmtwaterjet.com\/wp-content\/uploads\/KMT-Group-Logo-72dpi-300x169.png 300w, https:\/\/kmtwaterjet.com\/wp-content\/uploads\/KMT-Group-Logo-72dpi-768x432.png 768w\" sizes=\"(max-width: 960px) 100vw, 960px\" \/>\t\t\t\t\t\t\t\t\t\t\t\t\t\t\t<\/div>\n\t\t\t\t<\/div>\n\t\t\t\t<div class=\"elementor-element elementor-element-5cea7a5 elementor-widget elementor-widget-image\" data-id=\"5cea7a5\" data-element_type=\"widget\" data-e-type=\"widget\" data-widget_type=\"image.default\">\n\t\t\t\t<div class=\"elementor-widget-container\">\n\t\t\t\t\t\t\t\t\t\t\t\t\t\t\t<img decoding=\"async\" width=\"400\" height=\"182\" data-src=\"https:\/\/kmtwaterjet.com\/wp-content\/uploads\/SHAPE-TECHNOLOGIES-LOGO.jpg\" class=\"attachment-large size-large wp-image-41192 lazyload\" alt=\"shape technologies group logo\" data-srcset=\"https:\/\/kmtwaterjet.com\/wp-content\/uploads\/SHAPE-TECHNOLOGIES-LOGO.jpg 400w, https:\/\/kmtwaterjet.com\/wp-content\/uploads\/SHAPE-TECHNOLOGIES-LOGO-300x137.jpg 300w\" data-sizes=\"(max-width: 400px) 100vw, 400px\" src=\"data:image\/svg+xml;base64,PHN2ZyB3aWR0aD0iMSIgaGVpZ2h0PSIxIiB4bWxucz0iaHR0cDovL3d3dy53My5vcmcvMjAwMC9zdmciPjwvc3ZnPg==\" style=\"--smush-placeholder-width: 400px; --smush-placeholder-aspect-ratio: 400\/182;\" \/>\t\t\t\t\t\t\t\t\t\t\t\t\t\t\t<\/div>\n\t\t\t\t<\/div>\n\t\t\t\t\t<\/div>\n\t\t\t\t<\/div>\n\t\t<div class=\"elementor-element elementor-element-653ab06 e-flex e-con-boxed e-con e-parent\" data-id=\"653ab06\" data-element_type=\"container\" data-e-type=\"container\">\n\t\t\t\t\t<div class=\"e-con-inner\">\n\t\t\t\t<div class=\"elementor-element elementor-element-417c5e4 elementor-widget elementor-widget-heading\" data-id=\"417c5e4\" data-element_type=\"widget\" data-e-type=\"widget\" data-widget_type=\"heading.default\">\n\t\t\t\t<div class=\"elementor-widget-container\">\n\t\t\t\t\t<h2 class=\"elementor-heading-title elementor-size-default\">Lanzamiento del Grupo KMT: Marcando el comienzo de una nueva era en el chorro de agua Y \nInnovaci\u00f3n en ultra alta presi\u00f3n (UHP)<\/h2>\t\t\t\t<\/div>\n\t\t\t\t<\/div>\n\t\t\t\t\t<\/div>\n\t\t\t\t<\/div>\n\t\t<div class=\"elementor-element elementor-element-73cbc2e e-flex e-con-boxed e-con e-parent\" data-id=\"73cbc2e\" data-element_type=\"container\" data-e-type=\"container\">\n\t\t\t\t\t<div class=\"e-con-inner\">\n\t\t\t\t<div class=\"elementor-element elementor-element-893dca2 elementor-widget elementor-widget-text-editor\" data-id=\"893dca2\" data-element_type=\"widget\" data-e-type=\"widget\" data-widget_type=\"text-editor.default\">\n\t\t\t\t<div class=\"elementor-widget-container\">\n\t\t\t\t\t\t\t\t\t<p>2 de abril de 2025 | Comunicado de prensa, Grupo KMT<\/p><p><strong>Baxter Springs, Kansas<\/strong> &#8211; Shape Technologies Group, l\u00edder mundial en tecnolog\u00eda de chorro de agua, automatizaci\u00f3n rob\u00f3tica y soluciones de procesos de fabricaci\u00f3n a ultra alta presi\u00f3n (UHP), ha anunciado hoy que KMT Waterjet, H20 Jet y McCartney Engineering ampliar\u00e1n su colaboraci\u00f3n global como parte del reci\u00e9n formado KMT Group.<\/p><p>El Grupo KMT aprovechar\u00e1 las ventajas \u00fanicas de estas marcas hist\u00f3ricas.<\/p><p><strong>KMT Waterjet<\/strong> ofrece una amplia gama de modelos de bombas, incluidas bombas de accionamiento directo de 3.800 bar\/5.000 PSI, bombas intensificadoras de 4.100 bar\/60.000 PSI y las bombas de ultra alta presi\u00f3n PRO de 6.200 bar\/90.000 PSI. Con esta amplia gama y su asociaci\u00f3n con m\u00e1s de 180 fabricantes de equipos originales de todo el mundo, KMT ofrece la gama m\u00e1s amplia de sistemas de chorro de agua para todas las industrias del mundo. <\/p><p>La marca <strong>H2O<\/strong> Jet es mundialmente conocida por dise\u00f1ar piezas y componentes de alta presi\u00f3n de precisi\u00f3n. Su equipo de ingenieros tiene una amplia experiencia en alta presi\u00f3n y, gracias a la colaboraci\u00f3n con los clientes, est\u00e1n llevando la tecnolog\u00eda a un nuevo nivel de productos innovadores. <\/p><p>Desde su fundaci\u00f3n en 1946, <strong>McCartney Engineering<\/strong> ha sido l\u00edder mundial en sistemas de alta presi\u00f3n para la industria del polietileno de baja densidad, siendo pionera en la invenci\u00f3n de la tecnolog\u00eda de corte por chorro de agua en 1971 (comercializada bajo la marca KMT Waterjet). La capacidad de los ingenieros McCartney para realizar mecanizados de precisi\u00f3n encajaba perfectamente con los equipos de producci\u00f3n de alta presi\u00f3n utilizados en la producci\u00f3n de poliuretano de baja densidad. <\/p><p>\u00abEstamos encantados de servir mejor a nuestros clientes combinando recursos para impulsar mejor la innovaci\u00f3n y ofrecer las mejores soluciones a medida, ya sea mediante los sistemas de chorro de agua y LDPE est\u00e1ndar del sector o los innovadores sistemas de alta presi\u00f3n dise\u00f1ados a medida que a\u00fan no se han introducido en el mercado\u00bb, dijo Brendan Shackelford, Presidente Global del Grupo KMT. \u00abEste traslado representa un desarrollo emocionante para nuestro equipo y nuestros clientes\u00bb. <\/p><p>\u00abAlinear nuestras marcas KMT, H2O y McCartney bajo el Grupo KMT abre una oportunidad global para mejorar la innovaci\u00f3n y la eficiencia en el mercado de bombas y componentes UHP\u00bb, dijo Nino LaDuca, Consejero Delegado de Shape Technologies Group. \u00abEsta colaboraci\u00f3n global impulsar\u00e1 sinergias que aumentar\u00e1n significativamente el valor para el cliente y reforzar\u00e1n nuestra posici\u00f3n en el sector.\u00bb <\/p><p>Con el lanzamiento hoy de la marca global, el Grupo KMT tambi\u00e9n desvela su nuevo logotipo y espera compartir materiales de marca actualizados, incluido un nuevo sitio web unificado para sus marcas de productos, a finales de este a\u00f1o.<\/p><p>KMT Group desea expresar su gratitud a clientes, socios y empleados por su apoyo y contribuci\u00f3n al \u00e9xito de la empresa. Se trata de un importante paso adelante en la misi\u00f3n de la empresa de permitir que clientes, proveedores y empleados tengan \u00e9xito y crezcan ofreciendo soluciones de fabricaci\u00f3n innovadoras y fiables. <\/p><p><strong>Acerca de Shape Technologies Group  <\/strong><\/p><p>Shape Technologies Group, Inc. (\u00abSHAPE\u00bb) es el l\u00edder mundial en desarrollo y suministro de soluciones de procesos de ultra alta presi\u00f3n para aplicaciones avanzadas de fabricaci\u00f3n y procesamiento de materiales. Las empresas de SHAPE ofrecen soluciones innovadoras de procesos de fabricaci\u00f3n a clientes de 100 pa\u00edses y una amplia gama de sectores. Para m\u00e1s informaci\u00f3n, visita <a href=\"https:\/\/www.shapetechnologies.com\/\">shapetechnologies.com<\/a>.  <\/p><p><strong>Acerca del Grupo KMT  <\/strong><\/p><p>KMT Group, Inc. es el proveedor l\u00edder mundial de soluciones de proceso a ultra alta presi\u00f3n para la fabricaci\u00f3n avanzada. Las empresas del Grupo KMT ofrecen soluciones de productos innovadores a clientes de 100 pa\u00edses y una amplia gama de industrias. Para m\u00e1s informaci\u00f3n, visita <a href=\"https:\/\/kmtwaterjet.com\/es\/soluciones-de-corte\/pagina-de-inicio-maquinas-de-chorro-de-agua-2\/\">kmtwaterjet.com<\/a>.  <\/p><p><strong>Contacto con los medios de comunicaci\u00f3n:<\/strong><\/p><p>Kyle Keith Director de Marketing y Experiencia del Cliente, KMT Group <a href=\"mailto:kyle.keith@kmtwaterjet.com\">kyle.keith@kmtwaterjet.com.<\/a><\/p><p><a href=\"https:\/\/kmtwaterjet.com\/wp-content\/uploads\/KMT-Group-Brands-Announcement_4.2.25.pdf\">Comunicado del GRUPO KMT-Abril 2025<\/a><\/p>\t\t\t\t\t\t\t\t<\/div>\n\t\t\t\t<\/div>\n\t\t\t\t\t<\/div>\n\t\t\t\t<\/div>\n\t\t\t\t<\/div>\n\t\t","protected":false},"excerpt":{"rendered":"<p>Comunicados de prensa Abril 2025 Lanzamiento del Grupo KMT: Marcando el comienzo de una nueva era en el chorro de agua Y Innovaci\u00f3n en ultra alta presi\u00f3n (UHP) 2 de abril de 2025 | Comunicado de prensa, Grupo KMT Baxter Springs, Kansas &#8211; Shape Technologies Group, l\u00edder mundial en tecnolog\u00eda de chorro de agua, automatizaci\u00f3n [&hellip;]<\/p>\n","protected":false},"author":12,"featured_media":0,"parent":0,"menu_order":0,"comment_status":"closed","ping_status":"closed","template":"elementor_header_footer","meta":{"_acf_changed":false,"footnotes":""},"page-type":[],"class_list":["post-41151","page","type-page","status-publish","hentry"],"acf":[],"yoast_head":"<!-- This site is optimized with the Yoast SEO plugin v27.3 - https:\/\/yoast.com\/product\/yoast-seo-wordpress\/ -->\n<title>Comunicados de prensa de KMT | KMT Waterjet<\/title>\n<meta name=\"description\" content=\"Gracias por tu inter\u00e9s en los comunicados de prensa de KMT Waterjet Systems.\" \/>\n<meta name=\"robots\" content=\"index, follow, max-snippet:-1, max-image-preview:large, max-video-preview:-1\" \/>\n<link rel=\"canonical\" href=\"https:\/\/kmtwaterjet.com\/es\/contacto-gracias-2\/\" \/>\n<meta property=\"og:locale\" content=\"es_ES\" \/>\n<meta property=\"og:type\" content=\"article\" \/>\n<meta property=\"og:title\" content=\"Comunicados de prensa de KMT | KMT Waterjet\" \/>\n<meta property=\"og:description\" content=\"Gracias por tu inter\u00e9s en los comunicados de prensa de KMT Waterjet Systems.\" \/>\n<meta property=\"og:url\" content=\"https:\/\/kmtwaterjet.com\/es\/contacto-gracias-2\/\" \/>\n<meta property=\"og:site_name\" content=\"KMT Waterjet\" \/>\n<meta property=\"article:modified_time\" content=\"2025-10-29T15:19:02+00:00\" \/>\n<meta property=\"og:image\" content=\"https:\/\/kmtwaterjet.com\/wp-content\/uploads\/KMT-Group-Logo-72dpi.png\" \/>\n\t<meta property=\"og:image:width\" content=\"960\" \/>\n\t<meta property=\"og:image:height\" content=\"540\" \/>\n\t<meta property=\"og:image:type\" content=\"image\/png\" \/>\n<meta name=\"twitter:card\" content=\"summary_large_image\" \/>\n<meta name=\"twitter:label1\" content=\"Tiempo de lectura\" \/>\n\t<meta name=\"twitter:data1\" content=\"4 minutos\" \/>\n<script type=\"application\/ld+json\" class=\"yoast-schema-graph\">{\"@context\":\"https:\\\/\\\/schema.org\",\"@graph\":[{\"@type\":\"WebPage\",\"@id\":\"https:\\\/\\\/kmtwaterjet.com\\\/es\\\/contacto-gracias-2\\\/\",\"url\":\"https:\\\/\\\/kmtwaterjet.com\\\/es\\\/contacto-gracias-2\\\/\",\"name\":\"Comunicados de prensa de KMT | KMT Waterjet\",\"isPartOf\":{\"@id\":\"https:\\\/\\\/kmtwaterjet.com\\\/es\\\/#website\"},\"primaryImageOfPage\":{\"@id\":\"https:\\\/\\\/kmtwaterjet.com\\\/es\\\/contacto-gracias-2\\\/#primaryimage\"},\"image\":{\"@id\":\"https:\\\/\\\/kmtwaterjet.com\\\/es\\\/contacto-gracias-2\\\/#primaryimage\"},\"thumbnailUrl\":\"https:\\\/\\\/kmtwaterjet.com\\\/wp-content\\\/uploads\\\/KMT-Group-Logo-72dpi.png\",\"datePublished\":\"2025-04-02T13:55:56+00:00\",\"dateModified\":\"2025-10-29T15:19:02+00:00\",\"description\":\"Gracias por tu inter\u00e9s en los comunicados de prensa de KMT Waterjet Systems.\",\"breadcrumb\":{\"@id\":\"https:\\\/\\\/kmtwaterjet.com\\\/es\\\/contacto-gracias-2\\\/#breadcrumb\"},\"inLanguage\":\"es\",\"potentialAction\":[{\"@type\":\"ReadAction\",\"target\":[\"https:\\\/\\\/kmtwaterjet.com\\\/es\\\/contacto-gracias-2\\\/\"]}]},{\"@type\":\"ImageObject\",\"inLanguage\":\"es\",\"@id\":\"https:\\\/\\\/kmtwaterjet.com\\\/es\\\/contacto-gracias-2\\\/#primaryimage\",\"url\":\"https:\\\/\\\/kmtwaterjet.com\\\/wp-content\\\/uploads\\\/KMT-Group-Logo-72dpi.png\",\"contentUrl\":\"https:\\\/\\\/kmtwaterjet.com\\\/wp-content\\\/uploads\\\/KMT-Group-Logo-72dpi.png\"},{\"@type\":\"BreadcrumbList\",\"@id\":\"https:\\\/\\\/kmtwaterjet.com\\\/es\\\/contacto-gracias-2\\\/#breadcrumb\",\"itemListElement\":[{\"@type\":\"ListItem\",\"position\":1,\"name\":\"Home\",\"item\":\"https:\\\/\\\/kmtwaterjet.com\\\/es\\\/\"},{\"@type\":\"ListItem\",\"position\":2,\"name\":\"Comunicados de prensa de KMT\"}]},{\"@type\":\"WebSite\",\"@id\":\"https:\\\/\\\/kmtwaterjet.com\\\/es\\\/#website\",\"url\":\"https:\\\/\\\/kmtwaterjet.com\\\/es\\\/\",\"name\":\"KMT Waterjet\",\"description\":\"KMT Waterjet for waterjet cutting metal, stone, glass, steel and more\",\"publisher\":{\"@id\":\"https:\\\/\\\/kmtwaterjet.com\\\/es\\\/#organization\"},\"potentialAction\":[{\"@type\":\"SearchAction\",\"target\":{\"@type\":\"EntryPoint\",\"urlTemplate\":\"https:\\\/\\\/kmtwaterjet.com\\\/es\\\/?s={search_term_string}\"},\"query-input\":{\"@type\":\"PropertyValueSpecification\",\"valueRequired\":true,\"valueName\":\"search_term_string\"}}],\"inLanguage\":\"es\"},{\"@type\":\"Organization\",\"@id\":\"https:\\\/\\\/kmtwaterjet.com\\\/es\\\/#organization\",\"name\":\"KMT Waterjet\",\"url\":\"https:\\\/\\\/kmtwaterjet.com\\\/es\\\/\",\"logo\":{\"@type\":\"ImageObject\",\"inLanguage\":\"es\",\"@id\":\"https:\\\/\\\/kmtwaterjet.com\\\/es\\\/#\\\/schema\\\/logo\\\/image\\\/\",\"url\":\"https:\\\/\\\/kmtwaterjet.com\\\/wp-content\\\/uploads\\\/kmt_logo_2020.png\",\"contentUrl\":\"https:\\\/\\\/kmtwaterjet.com\\\/wp-content\\\/uploads\\\/kmt_logo_2020.png\",\"width\":1002,\"height\":605,\"caption\":\"KMT Waterjet\"},\"image\":{\"@id\":\"https:\\\/\\\/kmtwaterjet.com\\\/es\\\/#\\\/schema\\\/logo\\\/image\\\/\"}}]}<\/script>\n<!-- \/ Yoast SEO plugin. -->","yoast_head_json":{"title":"Comunicados de prensa de KMT | KMT Waterjet","description":"Gracias por tu inter\u00e9s en los comunicados de prensa de KMT Waterjet Systems.","robots":{"index":"index","follow":"follow","max-snippet":"max-snippet:-1","max-image-preview":"max-image-preview:large","max-video-preview":"max-video-preview:-1"},"canonical":"https:\/\/kmtwaterjet.com\/es\/contacto-gracias-2\/","og_locale":"es_ES","og_type":"article","og_title":"Comunicados de prensa de KMT | KMT Waterjet","og_description":"Gracias por tu inter\u00e9s en los comunicados de prensa de KMT Waterjet Systems.","og_url":"https:\/\/kmtwaterjet.com\/es\/contacto-gracias-2\/","og_site_name":"KMT Waterjet","article_modified_time":"2025-10-29T15:19:02+00:00","og_image":[{"width":960,"height":540,"url":"https:\/\/kmtwaterjet.com\/wp-content\/uploads\/KMT-Group-Logo-72dpi.png","type":"image\/png"}],"twitter_card":"summary_large_image","twitter_misc":{"Tiempo de lectura":"4 minutos"},"schema":{"@context":"https:\/\/schema.org","@graph":[{"@type":"WebPage","@id":"https:\/\/kmtwaterjet.com\/es\/contacto-gracias-2\/","url":"https:\/\/kmtwaterjet.com\/es\/contacto-gracias-2\/","name":"Comunicados de prensa de KMT | KMT Waterjet","isPartOf":{"@id":"https:\/\/kmtwaterjet.com\/es\/#website"},"primaryImageOfPage":{"@id":"https:\/\/kmtwaterjet.com\/es\/contacto-gracias-2\/#primaryimage"},"image":{"@id":"https:\/\/kmtwaterjet.com\/es\/contacto-gracias-2\/#primaryimage"},"thumbnailUrl":"https:\/\/kmtwaterjet.com\/wp-content\/uploads\/KMT-Group-Logo-72dpi.png","datePublished":"2025-04-02T13:55:56+00:00","dateModified":"2025-10-29T15:19:02+00:00","description":"Gracias por tu inter\u00e9s en los comunicados de prensa de KMT Waterjet Systems.","breadcrumb":{"@id":"https:\/\/kmtwaterjet.com\/es\/contacto-gracias-2\/#breadcrumb"},"inLanguage":"es","potentialAction":[{"@type":"ReadAction","target":["https:\/\/kmtwaterjet.com\/es\/contacto-gracias-2\/"]}]},{"@type":"ImageObject","inLanguage":"es","@id":"https:\/\/kmtwaterjet.com\/es\/contacto-gracias-2\/#primaryimage","url":"https:\/\/kmtwaterjet.com\/wp-content\/uploads\/KMT-Group-Logo-72dpi.png","contentUrl":"https:\/\/kmtwaterjet.com\/wp-content\/uploads\/KMT-Group-Logo-72dpi.png"},{"@type":"BreadcrumbList","@id":"https:\/\/kmtwaterjet.com\/es\/contacto-gracias-2\/#breadcrumb","itemListElement":[{"@type":"ListItem","position":1,"name":"Home","item":"https:\/\/kmtwaterjet.com\/es\/"},{"@type":"ListItem","position":2,"name":"Comunicados de prensa de KMT"}]},{"@type":"WebSite","@id":"https:\/\/kmtwaterjet.com\/es\/#website","url":"https:\/\/kmtwaterjet.com\/es\/","name":"KMT Waterjet","description":"KMT Waterjet for waterjet cutting metal, stone, glass, steel and more","publisher":{"@id":"https:\/\/kmtwaterjet.com\/es\/#organization"},"potentialAction":[{"@type":"SearchAction","target":{"@type":"EntryPoint","urlTemplate":"https:\/\/kmtwaterjet.com\/es\/?s={search_term_string}"},"query-input":{"@type":"PropertyValueSpecification","valueRequired":true,"valueName":"search_term_string"}}],"inLanguage":"es"},{"@type":"Organization","@id":"https:\/\/kmtwaterjet.com\/es\/#organization","name":"KMT Waterjet","url":"https:\/\/kmtwaterjet.com\/es\/","logo":{"@type":"ImageObject","inLanguage":"es","@id":"https:\/\/kmtwaterjet.com\/es\/#\/schema\/logo\/image\/","url":"https:\/\/kmtwaterjet.com\/wp-content\/uploads\/kmt_logo_2020.png","contentUrl":"https:\/\/kmtwaterjet.com\/wp-content\/uploads\/kmt_logo_2020.png","width":1002,"height":605,"caption":"KMT Waterjet"},"image":{"@id":"https:\/\/kmtwaterjet.com\/es\/#\/schema\/logo\/image\/"}}]}},"_links":{"self":[{"href":"https:\/\/kmtwaterjet.com\/es\/wp-json\/wp\/v2\/pages\/41151","targetHints":{"allow":["GET"]}}],"collection":[{"href":"https:\/\/kmtwaterjet.com\/es\/wp-json\/wp\/v2\/pages"}],"about":[{"href":"https:\/\/kmtwaterjet.com\/es\/wp-json\/wp\/v2\/types\/page"}],"author":[{"embeddable":true,"href":"https:\/\/kmtwaterjet.com\/es\/wp-json\/wp\/v2\/users\/12"}],"replies":[{"embeddable":true,"href":"https:\/\/kmtwaterjet.com\/es\/wp-json\/wp\/v2\/comments?post=41151"}],"version-history":[{"count":0,"href":"https:\/\/kmtwaterjet.com\/es\/wp-json\/wp\/v2\/pages\/41151\/revisions"}],"wp:attachment":[{"href":"https:\/\/kmtwaterjet.com\/es\/wp-json\/wp\/v2\/media?parent=41151"}],"wp:term":[{"taxonomy":"page-type","embeddable":true,"href":"https:\/\/kmtwaterjet.com\/es\/wp-json\/wp\/v2\/page-type?post=41151"}],"curies":[{"name":"wp","href":"https:\/\/api.w.org\/{rel}","templated":true}]}}