{"id":30860,"date":"2024-06-13T10:24:36","date_gmt":"2024-06-13T15:24:36","guid":{"rendered":"https:\/\/kmtwaterjet.com\/sobre-nosotros-los-pioneros-del-corte-por-chorro-de-agua\/declaracion-de-mision-vision-y-valores-de-kmt\/"},"modified":"2026-03-26T10:59:49","modified_gmt":"2026-03-26T15:59:49","slug":"declaracion-de-mision-vision-y-valores-de-kmt","status":"publish","type":"page","link":"https:\/\/kmtwaterjet.com\/es\/sobre-nosotros-los-pioneros-del-corte-por-chorro-de-agua\/declaracion-de-mision-vision-y-valores-de-kmt\/","title":{"rendered":"Declaraci\u00f3n de Misi\u00f3n, Visi\u00f3n y Valores de KMT"},"content":{"rendered":"\t\t<div data-elementor-type=\"wp-page\" data-elementor-id=\"30860\" class=\"elementor elementor-30860 elementor-19356\" data-elementor-post-type=\"page\">\n\t\t\t\t<div class=\"elementor-element elementor-element-cb093e1 e-con-full e-flex e-con e-parent\" data-id=\"cb093e1\" data-element_type=\"container\" data-e-type=\"container\" data-settings=\"{&quot;background_background&quot;:&quot;classic&quot;,&quot;shape_divider_top&quot;:&quot;mountains&quot;}\">\n\t\t\t\t<div class=\"elementor-shape elementor-shape-top\" aria-hidden=\"true\" data-negative=\"false\">\n\t\t\t<svg xmlns=\"http:\/\/www.w3.org\/2000\/svg\" viewBox=\"0 0 1000 100\" preserveAspectRatio=\"none\">\n\t<path class=\"elementor-shape-fill\" opacity=\"0.33\" d=\"M473,67.3c-203.9,88.3-263.1-34-320.3,0C66,119.1,0,59.7,0,59.7V0h1000v59.7 c0,0-62.1,26.1-94.9,29.3c-32.8,3.3-62.8-12.3-75.8-22.1C806,49.6,745.3,8.7,694.9,4.7S492.4,59,473,67.3z\"\/>\n\t<path class=\"elementor-shape-fill\" opacity=\"0.66\" d=\"M734,67.3c-45.5,0-77.2-23.2-129.1-39.1c-28.6-8.7-150.3-10.1-254,39.1 s-91.7-34.4-149.2,0C115.7,118.3,0,39.8,0,39.8V0h1000v36.5c0,0-28.2-18.5-92.1-18.5C810.2,18.1,775.7,67.3,734,67.3z\"\/>\n\t<path class=\"elementor-shape-fill\" d=\"M766.1,28.9c-200-57.5-266,65.5-395.1,19.5C242,1.8,242,5.4,184.8,20.6C128,35.8,132.3,44.9,89.9,52.5C28.6,63.7,0,0,0,0 h1000c0,0-9.9,40.9-83.6,48.1S829.6,47,766.1,28.9z\"\/>\n<\/svg>\t\t<\/div>\n\t\t<div class=\"elementor-element elementor-element-180e2e1 e-flex e-con-boxed e-con e-child\" data-id=\"180e2e1\" data-element_type=\"container\" data-e-type=\"container\" data-settings=\"{&quot;background_background&quot;:&quot;classic&quot;,&quot;shape_divider_bottom&quot;:&quot;waves&quot;}\">\n\t\t\t\t\t<div class=\"e-con-inner\">\n\t\t\t\t<div class=\"elementor-shape elementor-shape-bottom\" aria-hidden=\"true\" data-negative=\"false\">\n\t\t\t<svg xmlns=\"http:\/\/www.w3.org\/2000\/svg\" viewBox=\"0 0 1000 100\" preserveAspectRatio=\"none\">\n\t<path class=\"elementor-shape-fill\" d=\"M421.9,6.5c22.6-2.5,51.5,0.4,75.5,5.3c23.6,4.9,70.9,23.5,100.5,35.7c75.8,32.2,133.7,44.5,192.6,49.7\n\tc23.6,2.1,48.7,3.5,103.4-2.5c54.7-6,106.2-25.6,106.2-25.6V0H0v30.3c0,0,72,32.6,158.4,30.5c39.2-0.7,92.8-6.7,134-22.4\n\tc21.2-8.1,52.2-18.2,79.7-24.2C399.3,7.9,411.6,7.5,421.9,6.5z\"\/>\n<\/svg>\t\t<\/div>\n\t\t\t\t<div class=\"elementor-element elementor-element-ef50307 elementor-widget__width-initial elementor-widget elementor-widget-heading\" data-id=\"ef50307\" data-element_type=\"widget\" data-e-type=\"widget\" data-widget_type=\"heading.default\">\n\t\t\t\t<div class=\"elementor-widget-container\">\n\t\t\t\t\t<h1 class=\"elementor-heading-title elementor-size-default\">MISI\u00d3N, VISI\u00d3N Y VALORES DE KMT WATERJET<\/h1>\t\t\t\t<\/div>\n\t\t\t\t<\/div>\n\t\t\t\t\t<\/div>\n\t\t\t\t<\/div>\n\t\t\t\t<\/div>\n\t\t<div class=\"elementor-element elementor-element-9ae9aca e-flex e-con-boxed e-con e-parent\" data-id=\"9ae9aca\" data-element_type=\"container\" data-e-type=\"container\">\n\t\t\t\t\t<div class=\"e-con-inner\">\n\t\t<div class=\"elementor-element elementor-element-e6d123b e-con-full e-flex e-con e-child\" data-id=\"e6d123b\" data-element_type=\"container\" data-e-type=\"container\">\n\t\t\t\t<div class=\"elementor-element elementor-element-ad0efbc elementor-widget elementor-widget-heading\" data-id=\"ad0efbc\" data-element_type=\"widget\" data-e-type=\"widget\" data-widget_type=\"heading.default\">\n\t\t\t\t<div class=\"elementor-widget-container\">\n\t\t\t\t\t<h2 class=\"elementor-heading-title elementor-size-default\">MISI\u00d3N<\/h2>\t\t\t\t<\/div>\n\t\t\t\t<\/div>\n\t\t\t\t<div class=\"elementor-element elementor-element-e7f9a70 elementor-widget-divider--view-line elementor-widget elementor-widget-divider\" data-id=\"e7f9a70\" data-element_type=\"widget\" data-e-type=\"widget\" data-widget_type=\"divider.default\">\n\t\t\t\t<div class=\"elementor-widget-container\">\n\t\t\t\t\t\t\t<div class=\"elementor-divider\">\n\t\t\t<span class=\"elementor-divider-separator\">\n\t\t\t\t\t\t<\/span>\n\t\t<\/div>\n\t\t\t\t\t\t<\/div>\n\t\t\t\t<\/div>\n\t\t\t\t<div class=\"elementor-element elementor-element-6bc129c elementor-widget elementor-widget-text-editor\" data-id=\"6bc129c\" data-element_type=\"widget\" data-e-type=\"widget\" data-widget_type=\"text-editor.default\">\n\t\t\t\t<div class=\"elementor-widget-container\">\n\t\t\t\t\t\t\t\t\t<p>KMT perseguir\u00e1 con audacia y sin descanso nuestro compromiso de capacitar a nuestros clientes mediante productos innovadores respaldados por un servicio y una asistencia fan\u00e1ticos, proporcionar un entorno estimulante y de apoyo para que nuestros empleados trabajen y crezcan, y facilitar el \u00e9xito de nuestros proveedores y socios mediante una comunicaci\u00f3n s\u00f3lida y nuestra dedicaci\u00f3n a una cultura de colaboraci\u00f3n.<\/p>\t\t\t\t\t\t\t\t<\/div>\n\t\t\t\t<\/div>\n\t\t\t\t<div class=\"elementor-element elementor-element-2652cf8 elementor-widget elementor-widget-heading\" data-id=\"2652cf8\" data-element_type=\"widget\" data-e-type=\"widget\" data-widget_type=\"heading.default\">\n\t\t\t\t<div class=\"elementor-widget-container\">\n\t\t\t\t\t<h2 class=\"elementor-heading-title elementor-size-default\">VISI\u00d3N<\/h2>\t\t\t\t<\/div>\n\t\t\t\t<\/div>\n\t\t\t\t<div class=\"elementor-element elementor-element-7692b5b elementor-widget-divider--view-line elementor-widget elementor-widget-divider\" data-id=\"7692b5b\" data-element_type=\"widget\" data-e-type=\"widget\" data-widget_type=\"divider.default\">\n\t\t\t\t<div class=\"elementor-widget-container\">\n\t\t\t\t\t\t\t<div class=\"elementor-divider\">\n\t\t\t<span class=\"elementor-divider-separator\">\n\t\t\t\t\t\t<\/span>\n\t\t<\/div>\n\t\t\t\t\t\t<\/div>\n\t\t\t\t<\/div>\n\t\t\t\t<div class=\"elementor-element elementor-element-673cd8a elementor-widget elementor-widget-text-editor\" data-id=\"673cd8a\" data-element_type=\"widget\" data-e-type=\"widget\" data-widget_type=\"text-editor.default\">\n\t\t\t\t<div class=\"elementor-widget-container\">\n\t\t\t\t\t\t\t\t\t<p>Como pionera en la tecnolog\u00eda de agua a ultra alta presi\u00f3n, KMT est\u00e1 decidida a continuar nuestro legado como innovadora de elecci\u00f3n para la comunidad mundial de fabricantes, proporcionando tecnolog\u00edas de corte, conformado y presurizaci\u00f3n de dise\u00f1o inspirador y ampliando su valor mediante un servicio y un apoyo sin igual a nuestros clientes.<\/p><p><img fetchpriority=\"high\" decoding=\"async\" class=\"alignright size-full wp-image-17466\" src=\"https:\/\/kmtwaterjet.com\/wp-content\/uploads\/KMT-WATERJET-COMPLETE-CUTTING-SYSTEM-COMPONENTS-GRAPHIC.png\" alt=\"\" width=\"1000\" height=\"424\" srcset=\"https:\/\/kmtwaterjet.com\/wp-content\/uploads\/KMT-WATERJET-COMPLETE-CUTTING-SYSTEM-COMPONENTS-GRAPHIC.png 1000w, https:\/\/kmtwaterjet.com\/wp-content\/uploads\/KMT-WATERJET-COMPLETE-CUTTING-SYSTEM-COMPONENTS-GRAPHIC-300x127.png 300w, https:\/\/kmtwaterjet.com\/wp-content\/uploads\/KMT-WATERJET-COMPLETE-CUTTING-SYSTEM-COMPONENTS-GRAPHIC-768x326.png 768w\" sizes=\"(max-width: 1000px) 100vw, 1000px\" \/><\/p>\t\t\t\t\t\t\t\t<\/div>\n\t\t\t\t<\/div>\n\t\t\t\t<\/div>\n\t\t<div class=\"elementor-element elementor-element-6c64f62 e-con-full e-flex e-con e-child\" data-id=\"6c64f62\" data-element_type=\"container\" data-e-type=\"container\">\n\t\t<div class=\"elementor-element elementor-element-26bb391 e-con-full e-flex e-con e-child\" data-id=\"26bb391\" data-element_type=\"container\" data-e-type=\"container\">\n\t\t\t\t<div class=\"elementor-element elementor-element-f7fc0ed elementor-widget elementor-widget-heading\" data-id=\"f7fc0ed\" data-element_type=\"widget\" data-e-type=\"widget\" data-widget_type=\"heading.default\">\n\t\t\t\t<div class=\"elementor-widget-container\">\n\t\t\t\t\t<h2 class=\"elementor-heading-title elementor-size-default\">VALORES<\/h2>\t\t\t\t<\/div>\n\t\t\t\t<\/div>\n\t\t\t\t<div class=\"elementor-element elementor-element-e0a1126 elementor-widget-divider--view-line elementor-widget elementor-widget-divider\" data-id=\"e0a1126\" data-element_type=\"widget\" data-e-type=\"widget\" data-widget_type=\"divider.default\">\n\t\t\t\t<div class=\"elementor-widget-container\">\n\t\t\t\t\t\t\t<div class=\"elementor-divider\">\n\t\t\t<span class=\"elementor-divider-separator\">\n\t\t\t\t\t\t<\/span>\n\t\t<\/div>\n\t\t\t\t\t\t<\/div>\n\t\t\t\t<\/div>\n\t\t\t\t<div class=\"elementor-element elementor-element-e8d5bbf elementor-widget elementor-widget-text-editor\" data-id=\"e8d5bbf\" data-element_type=\"widget\" data-e-type=\"widget\" data-widget_type=\"text-editor.default\">\n\t\t\t\t<div class=\"elementor-widget-container\">\n\t\t\t\t\t\t\t\t\t<p><strong>Salud y seguridad &#8211;<\/strong> Somos inflexibles en nuestro compromiso con la salud y la seguridad de nuestros empleados, subcontratistas y clientes. La seguridad es responsabilidad de todos. <\/p><p><strong>Nuestra gente &#8211;<\/strong> Creemos que nuestra gente es nuestro mayor activo y les proporcionamos oportunidades globales de crecimiento y desarrollo.<\/p><p><strong>Clientes &#8211;<\/strong> Nuestros clientes, al igual que nuestra gente, son el n\u00facleo de nuestro negocio. Valoramos estas relaciones por encima de todo. <\/p><p><strong>Soluciones &#8211;<\/strong> Superamos los l\u00edmites de la tecnolog\u00eda avanzada para ofrecer soluciones innovadoras que mejoren las operaciones de nuestros clientes.<\/p><p><strong>Calidad &#8211;<\/strong> Impulsamos altos est\u00e1ndares en nuestros servicios, productos y metodolog\u00edas de gesti\u00f3n de proyectos. Vamos m\u00e1s all\u00e1 de las expectativas de nuestros clientes. <\/p><p><strong>Flexibilidad &#8211;<\/strong> Nos enorgullecemos de ser \u00e1giles y flexibles sin dejar de ser f\u00e1ciles para hacer negocios. Somos emprendedores. <\/p><p><strong>Sostenibilidad &#8211;<\/strong> Nos comportamos de una manera socialmente responsable que respeta todos los derechos humanos y protege nuestro medio ambiente.<\/p>\t\t\t\t\t\t\t\t<\/div>\n\t\t\t\t<\/div>\n\t\t\t\t<\/div>\n\t\t\t\t<\/div>\n\t\t\t\t\t<\/div>\n\t\t\t\t<\/div>\n\t\t\t\t<\/div>\n\t\t","protected":false},"excerpt":{"rendered":"<p>MISI\u00d3N, VISI\u00d3N Y VALORES DE KMT WATERJET MISI\u00d3N KMT perseguir\u00e1 con audacia y sin descanso nuestro compromiso de capacitar a nuestros clientes mediante productos innovadores respaldados por un servicio y una asistencia fan\u00e1ticos, proporcionar un entorno estimulante y de apoyo para que nuestros empleados trabajen y crezcan, y facilitar el \u00e9xito de nuestros proveedores y [&hellip;]<\/p>\n","protected":false},"author":11,"featured_media":0,"parent":25160,"menu_order":0,"comment_status":"closed","ping_status":"closed","template":"elementor_header_footer","meta":{"_acf_changed":false,"footnotes":""},"page-type":[],"class_list":["post-30860","page","type-page","status-publish","hentry"],"acf":[],"yoast_head":"<!-- This site is optimized with the Yoast SEO plugin v27.3 - https:\/\/yoast.com\/product\/yoast-seo-wordpress\/ -->\n<title>Declaraci\u00f3n de Misi\u00f3n, Visi\u00f3n y Valores de KMT | KMT Waterjet<\/title>\n<meta name=\"description\" content=\"KMT suministra soluciones innovadoras de agua a ultra alta presi\u00f3n respaldadas por un servicio excepcional, seguridad y compromiso con el \u00e9xito del cliente.\" \/>\n<meta name=\"robots\" content=\"index, follow, max-snippet:-1, max-image-preview:large, max-video-preview:-1\" \/>\n<link rel=\"canonical\" href=\"https:\/\/kmtwaterjet.com\/es\/sobre-nosotros-los-pioneros-del-corte-por-chorro-de-agua\/declaracion-de-mision-vision-y-valores-de-kmt\/\" \/>\n<meta property=\"og:locale\" content=\"es_ES\" \/>\n<meta property=\"og:type\" content=\"article\" \/>\n<meta property=\"og:title\" content=\"Declaraci\u00f3n de Misi\u00f3n, Visi\u00f3n y Valores de KMT | KMT Waterjet\" \/>\n<meta property=\"og:description\" content=\"KMT suministra soluciones innovadoras de agua a ultra alta presi\u00f3n respaldadas por un servicio excepcional, seguridad y compromiso con el \u00e9xito del cliente.\" \/>\n<meta property=\"og:url\" content=\"https:\/\/kmtwaterjet.com\/es\/sobre-nosotros-los-pioneros-del-corte-por-chorro-de-agua\/declaracion-de-mision-vision-y-valores-de-kmt\/\" \/>\n<meta property=\"og:site_name\" content=\"KMT Waterjet\" \/>\n<meta property=\"article:modified_time\" content=\"2026-03-26T15:59:49+00:00\" \/>\n<meta property=\"og:image\" content=\"https:\/\/kmtwaterjet.com\/wp-content\/uploads\/KMT-WATERJET-COMPLETE-CUTTING-SYSTEM-COMPONENTS-GRAPHIC.png\" \/>\n\t<meta property=\"og:image:width\" content=\"1000\" \/>\n\t<meta property=\"og:image:height\" content=\"424\" \/>\n\t<meta property=\"og:image:type\" content=\"image\/png\" \/>\n<meta name=\"twitter:card\" content=\"summary_large_image\" \/>\n<meta name=\"twitter:label1\" content=\"Tiempo de lectura\" \/>\n\t<meta name=\"twitter:data1\" content=\"1 minuto\" \/>\n<script type=\"application\/ld+json\" class=\"yoast-schema-graph\">{\"@context\":\"https:\\\/\\\/schema.org\",\"@graph\":[{\"@type\":\"WebPage\",\"@id\":\"https:\\\/\\\/kmtwaterjet.com\\\/es\\\/sobre-nosotros-los-pioneros-del-corte-por-chorro-de-agua\\\/declaracion-de-mision-vision-y-valores-de-kmt\\\/\",\"url\":\"https:\\\/\\\/kmtwaterjet.com\\\/es\\\/sobre-nosotros-los-pioneros-del-corte-por-chorro-de-agua\\\/declaracion-de-mision-vision-y-valores-de-kmt\\\/\",\"name\":\"Declaraci\u00f3n de Misi\u00f3n, Visi\u00f3n y Valores de KMT | KMT Waterjet\",\"isPartOf\":{\"@id\":\"https:\\\/\\\/kmtwaterjet.com\\\/es\\\/#website\"},\"primaryImageOfPage\":{\"@id\":\"https:\\\/\\\/kmtwaterjet.com\\\/es\\\/sobre-nosotros-los-pioneros-del-corte-por-chorro-de-agua\\\/declaracion-de-mision-vision-y-valores-de-kmt\\\/#primaryimage\"},\"image\":{\"@id\":\"https:\\\/\\\/kmtwaterjet.com\\\/es\\\/sobre-nosotros-los-pioneros-del-corte-por-chorro-de-agua\\\/declaracion-de-mision-vision-y-valores-de-kmt\\\/#primaryimage\"},\"thumbnailUrl\":\"https:\\\/\\\/kmtwaterjet.com\\\/wp-content\\\/uploads\\\/KMT-WATERJET-COMPLETE-CUTTING-SYSTEM-COMPONENTS-GRAPHIC.png\",\"datePublished\":\"2024-06-13T15:24:36+00:00\",\"dateModified\":\"2026-03-26T15:59:49+00:00\",\"description\":\"KMT suministra soluciones innovadoras de agua a ultra alta presi\u00f3n respaldadas por un servicio excepcional, seguridad y compromiso con el \u00e9xito del cliente.\",\"breadcrumb\":{\"@id\":\"https:\\\/\\\/kmtwaterjet.com\\\/es\\\/sobre-nosotros-los-pioneros-del-corte-por-chorro-de-agua\\\/declaracion-de-mision-vision-y-valores-de-kmt\\\/#breadcrumb\"},\"inLanguage\":\"es\",\"potentialAction\":[{\"@type\":\"ReadAction\",\"target\":[\"https:\\\/\\\/kmtwaterjet.com\\\/es\\\/sobre-nosotros-los-pioneros-del-corte-por-chorro-de-agua\\\/declaracion-de-mision-vision-y-valores-de-kmt\\\/\"]}]},{\"@type\":\"ImageObject\",\"inLanguage\":\"es\",\"@id\":\"https:\\\/\\\/kmtwaterjet.com\\\/es\\\/sobre-nosotros-los-pioneros-del-corte-por-chorro-de-agua\\\/declaracion-de-mision-vision-y-valores-de-kmt\\\/#primaryimage\",\"url\":\"https:\\\/\\\/kmtwaterjet.com\\\/wp-content\\\/uploads\\\/KMT-WATERJET-COMPLETE-CUTTING-SYSTEM-COMPONENTS-GRAPHIC.png\",\"contentUrl\":\"https:\\\/\\\/kmtwaterjet.com\\\/wp-content\\\/uploads\\\/KMT-WATERJET-COMPLETE-CUTTING-SYSTEM-COMPONENTS-GRAPHIC.png\"},{\"@type\":\"BreadcrumbList\",\"@id\":\"https:\\\/\\\/kmtwaterjet.com\\\/es\\\/sobre-nosotros-los-pioneros-del-corte-por-chorro-de-agua\\\/declaracion-de-mision-vision-y-valores-de-kmt\\\/#breadcrumb\",\"itemListElement\":[{\"@type\":\"ListItem\",\"position\":1,\"name\":\"Home\",\"item\":\"https:\\\/\\\/kmtwaterjet.com\\\/es\\\/\"},{\"@type\":\"ListItem\",\"position\":2,\"name\":\"Qui\u00e9nes somos: Los pioneros del corte por chorro de agua\",\"item\":\"https:\\\/\\\/kmtwaterjet.com\\\/es\\\/sobre-nosotros-los-pioneros-del-corte-por-chorro-de-agua\\\/\"},{\"@type\":\"ListItem\",\"position\":3,\"name\":\"Declaraci\u00f3n de Misi\u00f3n, Visi\u00f3n y Valores de KMT\"}]},{\"@type\":\"WebSite\",\"@id\":\"https:\\\/\\\/kmtwaterjet.com\\\/es\\\/#website\",\"url\":\"https:\\\/\\\/kmtwaterjet.com\\\/es\\\/\",\"name\":\"KMT Waterjet\",\"description\":\"KMT Waterjet for waterjet cutting metal, stone, glass, steel and more\",\"publisher\":{\"@id\":\"https:\\\/\\\/kmtwaterjet.com\\\/es\\\/#organization\"},\"potentialAction\":[{\"@type\":\"SearchAction\",\"target\":{\"@type\":\"EntryPoint\",\"urlTemplate\":\"https:\\\/\\\/kmtwaterjet.com\\\/es\\\/?s={search_term_string}\"},\"query-input\":{\"@type\":\"PropertyValueSpecification\",\"valueRequired\":true,\"valueName\":\"search_term_string\"}}],\"inLanguage\":\"es\"},{\"@type\":\"Organization\",\"@id\":\"https:\\\/\\\/kmtwaterjet.com\\\/es\\\/#organization\",\"name\":\"KMT Waterjet\",\"url\":\"https:\\\/\\\/kmtwaterjet.com\\\/es\\\/\",\"logo\":{\"@type\":\"ImageObject\",\"inLanguage\":\"es\",\"@id\":\"https:\\\/\\\/kmtwaterjet.com\\\/es\\\/#\\\/schema\\\/logo\\\/image\\\/\",\"url\":\"https:\\\/\\\/kmtwaterjet.com\\\/wp-content\\\/uploads\\\/kmt_logo_2020.png\",\"contentUrl\":\"https:\\\/\\\/kmtwaterjet.com\\\/wp-content\\\/uploads\\\/kmt_logo_2020.png\",\"width\":1002,\"height\":605,\"caption\":\"KMT Waterjet\"},\"image\":{\"@id\":\"https:\\\/\\\/kmtwaterjet.com\\\/es\\\/#\\\/schema\\\/logo\\\/image\\\/\"}}]}<\/script>\n<!-- \/ Yoast SEO plugin. -->","yoast_head_json":{"title":"Declaraci\u00f3n de Misi\u00f3n, Visi\u00f3n y Valores de KMT | KMT Waterjet","description":"KMT suministra soluciones innovadoras de agua a ultra alta presi\u00f3n respaldadas por un servicio excepcional, seguridad y compromiso con el \u00e9xito del cliente.","robots":{"index":"index","follow":"follow","max-snippet":"max-snippet:-1","max-image-preview":"max-image-preview:large","max-video-preview":"max-video-preview:-1"},"canonical":"https:\/\/kmtwaterjet.com\/es\/sobre-nosotros-los-pioneros-del-corte-por-chorro-de-agua\/declaracion-de-mision-vision-y-valores-de-kmt\/","og_locale":"es_ES","og_type":"article","og_title":"Declaraci\u00f3n de Misi\u00f3n, Visi\u00f3n y Valores de KMT | KMT Waterjet","og_description":"KMT suministra soluciones innovadoras de agua a ultra alta presi\u00f3n respaldadas por un servicio excepcional, seguridad y compromiso con el \u00e9xito del cliente.","og_url":"https:\/\/kmtwaterjet.com\/es\/sobre-nosotros-los-pioneros-del-corte-por-chorro-de-agua\/declaracion-de-mision-vision-y-valores-de-kmt\/","og_site_name":"KMT Waterjet","article_modified_time":"2026-03-26T15:59:49+00:00","og_image":[{"width":1000,"height":424,"url":"https:\/\/kmtwaterjet.com\/wp-content\/uploads\/KMT-WATERJET-COMPLETE-CUTTING-SYSTEM-COMPONENTS-GRAPHIC.png","type":"image\/png"}],"twitter_card":"summary_large_image","twitter_misc":{"Tiempo de lectura":"1 minuto"},"schema":{"@context":"https:\/\/schema.org","@graph":[{"@type":"WebPage","@id":"https:\/\/kmtwaterjet.com\/es\/sobre-nosotros-los-pioneros-del-corte-por-chorro-de-agua\/declaracion-de-mision-vision-y-valores-de-kmt\/","url":"https:\/\/kmtwaterjet.com\/es\/sobre-nosotros-los-pioneros-del-corte-por-chorro-de-agua\/declaracion-de-mision-vision-y-valores-de-kmt\/","name":"Declaraci\u00f3n de Misi\u00f3n, Visi\u00f3n y Valores de KMT | KMT Waterjet","isPartOf":{"@id":"https:\/\/kmtwaterjet.com\/es\/#website"},"primaryImageOfPage":{"@id":"https:\/\/kmtwaterjet.com\/es\/sobre-nosotros-los-pioneros-del-corte-por-chorro-de-agua\/declaracion-de-mision-vision-y-valores-de-kmt\/#primaryimage"},"image":{"@id":"https:\/\/kmtwaterjet.com\/es\/sobre-nosotros-los-pioneros-del-corte-por-chorro-de-agua\/declaracion-de-mision-vision-y-valores-de-kmt\/#primaryimage"},"thumbnailUrl":"https:\/\/kmtwaterjet.com\/wp-content\/uploads\/KMT-WATERJET-COMPLETE-CUTTING-SYSTEM-COMPONENTS-GRAPHIC.png","datePublished":"2024-06-13T15:24:36+00:00","dateModified":"2026-03-26T15:59:49+00:00","description":"KMT suministra soluciones innovadoras de agua a ultra alta presi\u00f3n respaldadas por un servicio excepcional, seguridad y compromiso con el \u00e9xito del cliente.","breadcrumb":{"@id":"https:\/\/kmtwaterjet.com\/es\/sobre-nosotros-los-pioneros-del-corte-por-chorro-de-agua\/declaracion-de-mision-vision-y-valores-de-kmt\/#breadcrumb"},"inLanguage":"es","potentialAction":[{"@type":"ReadAction","target":["https:\/\/kmtwaterjet.com\/es\/sobre-nosotros-los-pioneros-del-corte-por-chorro-de-agua\/declaracion-de-mision-vision-y-valores-de-kmt\/"]}]},{"@type":"ImageObject","inLanguage":"es","@id":"https:\/\/kmtwaterjet.com\/es\/sobre-nosotros-los-pioneros-del-corte-por-chorro-de-agua\/declaracion-de-mision-vision-y-valores-de-kmt\/#primaryimage","url":"https:\/\/kmtwaterjet.com\/wp-content\/uploads\/KMT-WATERJET-COMPLETE-CUTTING-SYSTEM-COMPONENTS-GRAPHIC.png","contentUrl":"https:\/\/kmtwaterjet.com\/wp-content\/uploads\/KMT-WATERJET-COMPLETE-CUTTING-SYSTEM-COMPONENTS-GRAPHIC.png"},{"@type":"BreadcrumbList","@id":"https:\/\/kmtwaterjet.com\/es\/sobre-nosotros-los-pioneros-del-corte-por-chorro-de-agua\/declaracion-de-mision-vision-y-valores-de-kmt\/#breadcrumb","itemListElement":[{"@type":"ListItem","position":1,"name":"Home","item":"https:\/\/kmtwaterjet.com\/es\/"},{"@type":"ListItem","position":2,"name":"Qui\u00e9nes somos: Los pioneros del corte por chorro de agua","item":"https:\/\/kmtwaterjet.com\/es\/sobre-nosotros-los-pioneros-del-corte-por-chorro-de-agua\/"},{"@type":"ListItem","position":3,"name":"Declaraci\u00f3n de Misi\u00f3n, Visi\u00f3n y Valores de KMT"}]},{"@type":"WebSite","@id":"https:\/\/kmtwaterjet.com\/es\/#website","url":"https:\/\/kmtwaterjet.com\/es\/","name":"KMT Waterjet","description":"KMT Waterjet for waterjet cutting metal, stone, glass, steel and more","publisher":{"@id":"https:\/\/kmtwaterjet.com\/es\/#organization"},"potentialAction":[{"@type":"SearchAction","target":{"@type":"EntryPoint","urlTemplate":"https:\/\/kmtwaterjet.com\/es\/?s={search_term_string}"},"query-input":{"@type":"PropertyValueSpecification","valueRequired":true,"valueName":"search_term_string"}}],"inLanguage":"es"},{"@type":"Organization","@id":"https:\/\/kmtwaterjet.com\/es\/#organization","name":"KMT Waterjet","url":"https:\/\/kmtwaterjet.com\/es\/","logo":{"@type":"ImageObject","inLanguage":"es","@id":"https:\/\/kmtwaterjet.com\/es\/#\/schema\/logo\/image\/","url":"https:\/\/kmtwaterjet.com\/wp-content\/uploads\/kmt_logo_2020.png","contentUrl":"https:\/\/kmtwaterjet.com\/wp-content\/uploads\/kmt_logo_2020.png","width":1002,"height":605,"caption":"KMT Waterjet"},"image":{"@id":"https:\/\/kmtwaterjet.com\/es\/#\/schema\/logo\/image\/"}}]}},"_links":{"self":[{"href":"https:\/\/kmtwaterjet.com\/es\/wp-json\/wp\/v2\/pages\/30860","targetHints":{"allow":["GET"]}}],"collection":[{"href":"https:\/\/kmtwaterjet.com\/es\/wp-json\/wp\/v2\/pages"}],"about":[{"href":"https:\/\/kmtwaterjet.com\/es\/wp-json\/wp\/v2\/types\/page"}],"author":[{"embeddable":true,"href":"https:\/\/kmtwaterjet.com\/es\/wp-json\/wp\/v2\/users\/11"}],"replies":[{"embeddable":true,"href":"https:\/\/kmtwaterjet.com\/es\/wp-json\/wp\/v2\/comments?post=30860"}],"version-history":[{"count":0,"href":"https:\/\/kmtwaterjet.com\/es\/wp-json\/wp\/v2\/pages\/30860\/revisions"}],"up":[{"embeddable":true,"href":"https:\/\/kmtwaterjet.com\/es\/wp-json\/wp\/v2\/pages\/25160"}],"wp:attachment":[{"href":"https:\/\/kmtwaterjet.com\/es\/wp-json\/wp\/v2\/media?parent=30860"}],"wp:term":[{"taxonomy":"page-type","embeddable":true,"href":"https:\/\/kmtwaterjet.com\/es\/wp-json\/wp\/v2\/page-type?post=30860"}],"curies":[{"name":"wp","href":"https:\/\/api.w.org\/{rel}","templated":true}]}}