{"id":44439,"date":"2026-04-08T13:51:38","date_gmt":"2026-04-08T18:51:38","guid":{"rendered":"https:\/\/kmtwaterjet.com\/?page_id=44439"},"modified":"2026-04-08T13:56:51","modified_gmt":"2026-04-08T18:56:51","slug":"oem-prussiani-maquina-sierra-corte-por-chorro-de-agua","status":"publish","type":"page","link":"https:\/\/kmtwaterjet.com\/es-mx\/oem-prussiani-maquina-sierra-corte-por-chorro-de-agua\/","title":{"rendered":"OEM PRUSSIANI M\u00c1QUINA SIERRA CORTE POR CHORRO DE AGUA"},"content":{"rendered":"\t\t<div data-elementor-type=\"wp-page\" data-elementor-id=\"44439\" class=\"elementor elementor-44439 elementor-44436\" data-elementor-post-type=\"page\">\n\t\t\t\t<div class=\"elementor-element elementor-element-a5186ce e-flex e-con-boxed e-con e-parent\" data-id=\"a5186ce\" data-element_type=\"container\" data-e-type=\"container\">\n\t\t\t\t\t<div class=\"e-con-inner\">\n\t\t\t\t<div class=\"elementor-element elementor-element-27eaaf2 elementor-widget elementor-widget-heading\" data-id=\"27eaaf2\" data-element_type=\"widget\" data-e-type=\"widget\" data-widget_type=\"heading.default\">\n\t\t\t\t<div class=\"elementor-widget-container\">\n\t\t\t\t\t<h1 class=\"elementor-heading-title elementor-size-default\">PRUSSIANI ENGINEERING SISTEMAS DE CORTE Y CHORRO<\/h1>\t\t\t\t<\/div>\n\t\t\t\t<\/div>\n\t\t\t\t<div class=\"elementor-element elementor-element-9016e52 elementor-widget-divider--view-line elementor-widget elementor-widget-divider\" data-id=\"9016e52\" data-element_type=\"widget\" data-e-type=\"widget\" data-widget_type=\"divider.default\">\n\t\t\t\t<div class=\"elementor-widget-container\">\n\t\t\t\t\t\t\t<div class=\"elementor-divider\">\n\t\t\t<span class=\"elementor-divider-separator\">\n\t\t\t\t\t\t<\/span>\n\t\t<\/div>\n\t\t\t\t\t\t<\/div>\n\t\t\t\t<\/div>\n\t\t\t\t\t<\/div>\n\t\t\t\t<\/div>\n\t\t<div class=\"elementor-element elementor-element-08404e0 e-flex e-con-boxed e-con e-parent\" data-id=\"08404e0\" data-element_type=\"container\" data-e-type=\"container\">\n\t\t\t\t\t<div class=\"e-con-inner\">\n\t\t\t\t<div class=\"elementor-element elementor-element-7e9b4d7 elementor-widget elementor-widget-image\" data-id=\"7e9b4d7\" data-element_type=\"widget\" data-e-type=\"widget\" data-widget_type=\"image.default\">\n\t\t\t\t<div class=\"elementor-widget-container\">\n\t\t\t\t\t\t\t\t\t\t\t\t\t\t\t<img fetchpriority=\"high\" decoding=\"async\" width=\"1897\" height=\"642\" src=\"https:\/\/kmtwaterjet.com\/wp-content\/uploads\/Prussiani-Cut-Jet-System-banner.jpg\" class=\"attachment-full size-full wp-image-44013\" alt=\"Prussiani Cut Jet System\" srcset=\"https:\/\/kmtwaterjet.com\/wp-content\/uploads\/Prussiani-Cut-Jet-System-banner.jpg 1897w, https:\/\/kmtwaterjet.com\/wp-content\/uploads\/Prussiani-Cut-Jet-System-banner-300x102.jpg 300w, https:\/\/kmtwaterjet.com\/wp-content\/uploads\/Prussiani-Cut-Jet-System-banner-1024x347.jpg 1024w, https:\/\/kmtwaterjet.com\/wp-content\/uploads\/Prussiani-Cut-Jet-System-banner-768x260.jpg 768w, https:\/\/kmtwaterjet.com\/wp-content\/uploads\/Prussiani-Cut-Jet-System-banner-1536x520.jpg 1536w\" sizes=\"(max-width: 1897px) 100vw, 1897px\" \/>\t\t\t\t\t\t\t\t\t\t\t\t\t\t\t<\/div>\n\t\t\t\t<\/div>\n\t\t\t\t\t<\/div>\n\t\t\t\t<\/div>\n\t\t<div class=\"elementor-element elementor-element-5761e3a e-grid e-con-boxed e-con e-parent\" data-id=\"5761e3a\" data-element_type=\"container\" data-e-type=\"container\">\n\t\t\t\t\t<div class=\"e-con-inner\">\n\t\t\t\t<div class=\"elementor-element elementor-element-b79cae4 elementor-widget elementor-widget-image\" data-id=\"b79cae4\" data-element_type=\"widget\" data-e-type=\"widget\" data-widget_type=\"image.default\">\n\t\t\t\t<div class=\"elementor-widget-container\">\n\t\t\t\t\t\t\t\t\t\t\t\t\t\t\t<img decoding=\"async\" width=\"350\" height=\"250\" data-src=\"https:\/\/kmtwaterjet.com\/wp-content\/uploads\/PRUSSIANI-WATERJET-SAW-STONE-CUTTING-MACHINE-LOGO___Source.jpeg\" class=\"attachment-large size-large wp-image-25941 lazyload\" alt=\"prussiani stone machines culture logo\" data-srcset=\"https:\/\/kmtwaterjet.com\/wp-content\/uploads\/PRUSSIANI-WATERJET-SAW-STONE-CUTTING-MACHINE-LOGO___Source.jpeg 350w, https:\/\/kmtwaterjet.com\/wp-content\/uploads\/PRUSSIANI-WATERJET-SAW-STONE-CUTTING-MACHINE-LOGO___Source-300x214.jpeg 300w\" data-sizes=\"(max-width: 350px) 100vw, 350px\" src=\"data:image\/svg+xml;base64,PHN2ZyB3aWR0aD0iMSIgaGVpZ2h0PSIxIiB4bWxucz0iaHR0cDovL3d3dy53My5vcmcvMjAwMC9zdmciPjwvc3ZnPg==\" style=\"--smush-placeholder-width: 350px; --smush-placeholder-aspect-ratio: 350\/250;\" \/>\t\t\t\t\t\t\t\t\t\t\t\t\t\t\t<\/div>\n\t\t\t\t<\/div>\n\t\t\t\t<div class=\"elementor-element elementor-element-932967f elementor-widget elementor-widget-text-editor\" data-id=\"932967f\" data-element_type=\"widget\" data-e-type=\"widget\" data-widget_type=\"text-editor.default\">\n\t\t\t\t<div class=\"elementor-widget-container\">\n\t\t\t\t\t\t\t\t\t<p><span style=\"color: #016f4a;\"><em><strong>Prussiani Engineering dise\u00f1a y construye m\u00e1quinas de control num\u00e9rico de alta calidad para trabajar m\u00e1rmol, granito, piedra, cuarzo artificial y porcelana.<\/strong><\/em><\/span><\/p><p>Ofrecer m\u00e1quinas avanzadas, eficaces y personalizadas es la misi\u00f3n de Prussiani Engineering, que desde 1991 se dedica al dise\u00f1o y la construcci\u00f3n de m\u00e1quinas de control num\u00e9rico de alta calidad.<\/p><p><br>Es el resultado de importantes inversiones en investigaci\u00f3n e innovaci\u00f3n tecnol\u00f3gica, de la constante expansi\u00f3n de la red t\u00e9cnico-comercial que garantiza la asistencia antes y despu\u00e9s de la compra y del continuo intercambio de conocimientos y experiencia entre colaboradores, clientes y proveedores.<\/p>\t\t\t\t\t\t\t\t<\/div>\n\t\t\t\t<\/div>\n\t\t\t\t\t<\/div>\n\t\t\t\t<\/div>\n\t\t<div class=\"elementor-element elementor-element-ea56cbc e-flex e-con-boxed e-con e-parent\" data-id=\"ea56cbc\" data-element_type=\"container\" data-e-type=\"container\">\n\t\t\t\t\t<div class=\"e-con-inner\">\n\t\t\t\t<div class=\"elementor-element elementor-element-3b30ee9 elementor-widget-divider--view-line elementor-widget elementor-widget-divider\" data-id=\"3b30ee9\" data-element_type=\"widget\" data-e-type=\"widget\" data-widget_type=\"divider.default\">\n\t\t\t\t<div class=\"elementor-widget-container\">\n\t\t\t\t\t\t\t<div class=\"elementor-divider\">\n\t\t\t<span class=\"elementor-divider-separator\">\n\t\t\t\t\t\t<\/span>\n\t\t<\/div>\n\t\t\t\t\t\t<\/div>\n\t\t\t\t<\/div>\n\t\t\t\t\t<\/div>\n\t\t\t\t<\/div>\n\t\t<div class=\"elementor-element elementor-element-56cd23b e-grid e-con-boxed e-con e-parent\" data-id=\"56cd23b\" data-element_type=\"container\" data-e-type=\"container\">\n\t\t\t\t\t<div class=\"e-con-inner\">\n\t\t\t\t<div class=\"elementor-element elementor-element-63f321b elementor-widget elementor-widget-image\" data-id=\"63f321b\" data-element_type=\"widget\" data-e-type=\"widget\" data-widget_type=\"image.default\">\n\t\t\t\t<div class=\"elementor-widget-container\">\n\t\t\t\t\t\t\t\t\t\t\t\t<figure class=\"wp-caption\">\n\t\t\t\t\t\t\t\t\t\t<img decoding=\"async\" width=\"800\" height=\"384\" data-src=\"https:\/\/kmtwaterjet.com\/wp-content\/uploads\/Prussiani-Cut-Jet-5-System-1024x492.jpg\" class=\"attachment-large size-large wp-image-44334 lazyload\" alt=\"\" data-srcset=\"https:\/\/kmtwaterjet.com\/wp-content\/uploads\/Prussiani-Cut-Jet-5-System-1024x492.jpg 1024w, https:\/\/kmtwaterjet.com\/wp-content\/uploads\/Prussiani-Cut-Jet-5-System-300x144.jpg 300w, https:\/\/kmtwaterjet.com\/wp-content\/uploads\/Prussiani-Cut-Jet-5-System-768x369.jpg 768w, https:\/\/kmtwaterjet.com\/wp-content\/uploads\/Prussiani-Cut-Jet-5-System.jpg 1400w\" data-sizes=\"(max-width: 800px) 100vw, 800px\" src=\"data:image\/svg+xml;base64,PHN2ZyB3aWR0aD0iMSIgaGVpZ2h0PSIxIiB4bWxucz0iaHR0cDovL3d3dy53My5vcmcvMjAwMC9zdmciPjwvc3ZnPg==\" style=\"--smush-placeholder-width: 800px; --smush-placeholder-aspect-ratio: 800\/384;\" \/>\t\t\t\t\t\t\t\t\t\t\t<figcaption class=\"widget-image-caption wp-caption-text\">Sistema Prussiani Cut &amp; Jet 5<\/figcaption>\n\t\t\t\t\t\t\t\t\t\t<\/figure>\n\t\t\t\t\t\t\t\t\t<\/div>\n\t\t\t\t<\/div>\n\t\t\t\t<div class=\"elementor-element elementor-element-82a276b elementor-widget elementor-widget-image\" data-id=\"82a276b\" data-element_type=\"widget\" data-e-type=\"widget\" data-widget_type=\"image.default\">\n\t\t\t\t<div class=\"elementor-widget-container\">\n\t\t\t\t\t\t\t\t\t\t\t\t<figure class=\"wp-caption\">\n\t\t\t\t\t\t\t\t\t\t<img decoding=\"async\" width=\"800\" height=\"384\" data-src=\"https:\/\/kmtwaterjet.com\/wp-content\/uploads\/Prussiani-Cut-Jet-Shuttle-System-1024x492.jpg\" class=\"attachment-large size-large wp-image-44332 lazyload\" alt=\"\" data-srcset=\"https:\/\/kmtwaterjet.com\/wp-content\/uploads\/Prussiani-Cut-Jet-Shuttle-System-1024x492.jpg 1024w, https:\/\/kmtwaterjet.com\/wp-content\/uploads\/Prussiani-Cut-Jet-Shuttle-System-300x144.jpg 300w, https:\/\/kmtwaterjet.com\/wp-content\/uploads\/Prussiani-Cut-Jet-Shuttle-System-768x369.jpg 768w, https:\/\/kmtwaterjet.com\/wp-content\/uploads\/Prussiani-Cut-Jet-Shuttle-System.jpg 1400w\" data-sizes=\"(max-width: 800px) 100vw, 800px\" src=\"data:image\/svg+xml;base64,PHN2ZyB3aWR0aD0iMSIgaGVpZ2h0PSIxIiB4bWxucz0iaHR0cDovL3d3dy53My5vcmcvMjAwMC9zdmciPjwvc3ZnPg==\" style=\"--smush-placeholder-width: 800px; --smush-placeholder-aspect-ratio: 800\/384;\" \/>\t\t\t\t\t\t\t\t\t\t\t<figcaption class=\"widget-image-caption wp-caption-text\">Sistema de lanzadera Prussiani Cut &amp; Jet<\/figcaption>\n\t\t\t\t\t\t\t\t\t\t<\/figure>\n\t\t\t\t\t\t\t\t\t<\/div>\n\t\t\t\t<\/div>\n\t\t\t\t<div class=\"elementor-element elementor-element-c31887e elementor-widget elementor-widget-image\" data-id=\"c31887e\" data-element_type=\"widget\" data-e-type=\"widget\" data-widget_type=\"image.default\">\n\t\t\t\t<div class=\"elementor-widget-container\">\n\t\t\t\t\t\t\t\t\t\t\t\t<figure class=\"wp-caption\">\n\t\t\t\t\t\t\t\t\t\t<img decoding=\"async\" width=\"800\" height=\"384\" data-src=\"https:\/\/kmtwaterjet.com\/wp-content\/uploads\/Prussiani-Cut-Jet-Plus-System-1024x492.jpg\" class=\"attachment-large size-large wp-image-44335 lazyload\" alt=\"\" data-srcset=\"https:\/\/kmtwaterjet.com\/wp-content\/uploads\/Prussiani-Cut-Jet-Plus-System-1024x492.jpg 1024w, https:\/\/kmtwaterjet.com\/wp-content\/uploads\/Prussiani-Cut-Jet-Plus-System-300x144.jpg 300w, https:\/\/kmtwaterjet.com\/wp-content\/uploads\/Prussiani-Cut-Jet-Plus-System-768x369.jpg 768w, https:\/\/kmtwaterjet.com\/wp-content\/uploads\/Prussiani-Cut-Jet-Plus-System.jpg 1400w\" data-sizes=\"(max-width: 800px) 100vw, 800px\" src=\"data:image\/svg+xml;base64,PHN2ZyB3aWR0aD0iMSIgaGVpZ2h0PSIxIiB4bWxucz0iaHR0cDovL3d3dy53My5vcmcvMjAwMC9zdmciPjwvc3ZnPg==\" style=\"--smush-placeholder-width: 800px; --smush-placeholder-aspect-ratio: 800\/384;\" \/>\t\t\t\t\t\t\t\t\t\t\t<figcaption class=\"widget-image-caption wp-caption-text\">Sistema Prussiani Cut &amp; Jet Plus<\/figcaption>\n\t\t\t\t\t\t\t\t\t\t<\/figure>\n\t\t\t\t\t\t\t\t\t<\/div>\n\t\t\t\t<\/div>\n\t\t\t\t<div class=\"elementor-element elementor-element-d837cd5 elementor-widget elementor-widget-image\" data-id=\"d837cd5\" data-element_type=\"widget\" data-e-type=\"widget\" data-widget_type=\"image.default\">\n\t\t\t\t<div class=\"elementor-widget-container\">\n\t\t\t\t\t\t\t\t\t\t\t\t<figure class=\"wp-caption\">\n\t\t\t\t\t\t\t\t\t\t<img decoding=\"async\" width=\"800\" height=\"384\" data-src=\"https:\/\/kmtwaterjet.com\/wp-content\/uploads\/Prussiani-Cut-Jet-2T-System-1024x492.jpg\" class=\"attachment-large size-large wp-image-44333 lazyload\" alt=\"\" data-srcset=\"https:\/\/kmtwaterjet.com\/wp-content\/uploads\/Prussiani-Cut-Jet-2T-System-1024x492.jpg 1024w, https:\/\/kmtwaterjet.com\/wp-content\/uploads\/Prussiani-Cut-Jet-2T-System-300x144.jpg 300w, https:\/\/kmtwaterjet.com\/wp-content\/uploads\/Prussiani-Cut-Jet-2T-System-768x369.jpg 768w, https:\/\/kmtwaterjet.com\/wp-content\/uploads\/Prussiani-Cut-Jet-2T-System.jpg 1400w\" data-sizes=\"(max-width: 800px) 100vw, 800px\" src=\"data:image\/svg+xml;base64,PHN2ZyB3aWR0aD0iMSIgaGVpZ2h0PSIxIiB4bWxucz0iaHR0cDovL3d3dy53My5vcmcvMjAwMC9zdmciPjwvc3ZnPg==\" style=\"--smush-placeholder-width: 800px; --smush-placeholder-aspect-ratio: 800\/384;\" \/>\t\t\t\t\t\t\t\t\t\t\t<figcaption class=\"widget-image-caption wp-caption-text\">Sistema Prussiani Cut &amp; Jet 2T<\/figcaption>\n\t\t\t\t\t\t\t\t\t\t<\/figure>\n\t\t\t\t\t\t\t\t\t<\/div>\n\t\t\t\t<\/div>\n\t\t\t\t\t<\/div>\n\t\t\t\t<\/div>\n\t\t<div class=\"elementor-element elementor-element-5abe2a5 e-flex e-con-boxed e-con e-parent\" data-id=\"5abe2a5\" data-element_type=\"container\" data-e-type=\"container\">\n\t\t\t\t\t<div class=\"e-con-inner\">\n\t\t\t\t<div class=\"elementor-element elementor-element-ae0216d elementor-widget elementor-widget-heading\" data-id=\"ae0216d\" data-element_type=\"widget\" data-e-type=\"widget\" data-widget_type=\"heading.default\">\n\t\t\t\t<div class=\"elementor-widget-container\">\n\t\t\t\t\t<h2 class=\"elementor-heading-title elementor-size-default\">Sistemas de corte y chorro Prussiani<\/h2>\t\t\t\t<\/div>\n\t\t\t\t<\/div>\n\t\t\t\t<div class=\"elementor-element elementor-element-8b293f1 elementor-widget elementor-widget-text-editor\" data-id=\"8b293f1\" data-element_type=\"widget\" data-e-type=\"widget\" data-widget_type=\"text-editor.default\">\n\t\t\t\t<div class=\"elementor-widget-container\">\n\t\t\t\t\t\t\t\t\t<div class=\"section\"><p><span style=\"color: #016f4a;\"><strong>Corte y Chorro Combinados<\/strong><\/span><br>M\u00e1quinas de 5 ejes dise\u00f1adas y construidas para fusionar la velocidad de corte de la cuchilla y la versatilidad del chorro de agua. Tanto para la fabricaci\u00f3n de piezas \u00fanicas como para la producci\u00f3n en serie, las m\u00e1quinas combinadas CUT &amp; JET permiten infinitas formas de cortes y recortes. <\/p><p>Accionados por un control num\u00e9rico interconectado con sistemas CAD\/CAM, son ideales tanto para la fabricaci\u00f3n de piezas \u00fanicas como para la producci\u00f3n en serie.<\/p><p><strong><span style=\"color: #016f4a;\">Caracter\u00edsticas<\/span><\/strong><br>Las m\u00e1quinas combinadas CUT &amp; JET, equipadas con electromandril para discos de diamante y chorro de agua a alta presi\u00f3n y abrasivo, est\u00e1n dise\u00f1adas y construidas para fusionar la velocidad de corte del disco, la versatilidad del chorro de agua y la eficacia del CUT &amp; MOVE.<\/p><ul><li><span style=\"color: #016f4a;\"><strong>Ventajas<\/strong><\/span><br>Estabilidad de la m\u00e1quina y perfecta calidad de corte Movimiento del puente mediante dos motores, uno a la derecha y otro a la izquierda (sistema GANTRY)<\/li><li>Software CAD\/CAM intuitivo<\/li><li>Precisi\u00f3n y perpendicularidad de los cortes<\/li><li>Compensaci\u00f3n de la conicidad del chorro<\/li><li>Planificaci\u00f3n controlada y guiada por CNC<\/li><li>No hay riesgo de manchas de aceite en las placas de m\u00e1rmol<\/li><li>Lubricaci\u00f3n con grasa de densidad EP1<\/li><li>Atenci\u00f3n a la seguridad: m\u00e1quinas que cumplen las normas de seguridad m\u00e1s recientes<\/li><\/ul><p> <\/p><hr><p> <\/p><p><span style=\"color: #016f4a;\"><em><strong>\u221a Rellena el siguiente formulario y un representante se pondr\u00e1 en contacto contigo en breve.<\/strong><\/em><\/span><\/p><\/div>\t\t\t\t\t\t\t\t<\/div>\n\t\t\t\t<\/div>\n\t\t\t\t\t<\/div>\n\t\t\t\t<\/div>\n\t\t\t\t<\/div>\n\t\t","protected":false},"excerpt":{"rendered":"<p>PRUSSIANI ENGINEERING SISTEMAS DE CORTE Y CHORRO Prussiani Engineering dise\u00f1a y construye m\u00e1quinas de control num\u00e9rico de alta calidad para trabajar m\u00e1rmol, granito, piedra, cuarzo artificial y porcelana. Ofrecer m\u00e1quinas avanzadas, eficaces y personalizadas es la misi\u00f3n de Prussiani Engineering, que desde 1991 se dedica al dise\u00f1o y la construcci\u00f3n de m\u00e1quinas de control num\u00e9rico [&hellip;]<\/p>\n","protected":false},"author":12,"featured_media":0,"parent":0,"menu_order":0,"comment_status":"closed","ping_status":"closed","template":"","meta":{"_acf_changed":false,"footnotes":""},"page-type":[],"class_list":["post-44439","page","type-page","status-publish","hentry"],"acf":[],"yoast_head":"<!-- This site is optimized with the Yoast SEO plugin v27.3 - https:\/\/yoast.com\/product\/yoast-seo-wordpress\/ -->\n<title>OEM PRUSSIANI M\u00c1QUINA SIERRA CORTE POR CHORRO DE AGUA | KMT Waterjet<\/title>\n<meta name=\"robots\" content=\"index, follow, max-snippet:-1, max-image-preview:large, max-video-preview:-1\" \/>\n<link rel=\"canonical\" href=\"https:\/\/kmtwaterjet.com\/es-mx\/oem-prussiani-maquina-sierra-corte-por-chorro-de-agua\/\" \/>\n<meta property=\"og:locale\" content=\"es_MX\" \/>\n<meta property=\"og:type\" content=\"article\" \/>\n<meta property=\"og:title\" content=\"OEM PRUSSIANI M\u00c1QUINA SIERRA CORTE POR CHORRO DE AGUA | KMT Waterjet\" \/>\n<meta property=\"og:description\" content=\"PRUSSIANI ENGINEERING SISTEMAS DE CORTE Y CHORRO Prussiani Engineering dise\u00f1a y construye m\u00e1quinas de control num\u00e9rico de alta calidad para trabajar m\u00e1rmol, granito, piedra, cuarzo artificial y porcelana. Ofrecer m\u00e1quinas avanzadas, eficaces y personalizadas es la misi\u00f3n de Prussiani Engineering, que desde 1991 se dedica al dise\u00f1o y la construcci\u00f3n de m\u00e1quinas de control num\u00e9rico [&hellip;]\" \/>\n<meta property=\"og:url\" content=\"https:\/\/kmtwaterjet.com\/es-mx\/oem-prussiani-maquina-sierra-corte-por-chorro-de-agua\/\" \/>\n<meta property=\"og:site_name\" content=\"KMT Waterjet\" \/>\n<meta property=\"article:modified_time\" content=\"2026-04-08T18:56:51+00:00\" \/>\n<meta property=\"og:image\" content=\"https:\/\/kmtwaterjet.com\/wp-content\/uploads\/Prussiani-Cut-Jet-System-banner.jpg\" \/>\n\t<meta property=\"og:image:width\" content=\"1897\" \/>\n\t<meta property=\"og:image:height\" content=\"642\" \/>\n\t<meta property=\"og:image:type\" content=\"image\/jpeg\" \/>\n<meta name=\"twitter:card\" content=\"summary_large_image\" \/>\n<meta name=\"twitter:label1\" content=\"Tiempo de lectura\" \/>\n\t<meta name=\"twitter:data1\" content=\"2 minutos\" \/>\n<script type=\"application\/ld+json\" class=\"yoast-schema-graph\">{\"@context\":\"https:\\\/\\\/schema.org\",\"@graph\":[{\"@type\":\"WebPage\",\"@id\":\"https:\\\/\\\/kmtwaterjet.com\\\/es-mx\\\/oem-prussiani-maquina-sierra-corte-por-chorro-de-agua\\\/\",\"url\":\"https:\\\/\\\/kmtwaterjet.com\\\/es-mx\\\/oem-prussiani-maquina-sierra-corte-por-chorro-de-agua\\\/\",\"name\":\"OEM PRUSSIANI M\u00c1QUINA SIERRA CORTE POR CHORRO DE AGUA | KMT Waterjet\",\"isPartOf\":{\"@id\":\"https:\\\/\\\/kmtwaterjet.com\\\/es-mx\\\/#website\"},\"primaryImageOfPage\":{\"@id\":\"https:\\\/\\\/kmtwaterjet.com\\\/es-mx\\\/oem-prussiani-maquina-sierra-corte-por-chorro-de-agua\\\/#primaryimage\"},\"image\":{\"@id\":\"https:\\\/\\\/kmtwaterjet.com\\\/es-mx\\\/oem-prussiani-maquina-sierra-corte-por-chorro-de-agua\\\/#primaryimage\"},\"thumbnailUrl\":\"https:\\\/\\\/kmtwaterjet.com\\\/wp-content\\\/uploads\\\/Prussiani-Cut-Jet-System-banner.jpg\",\"datePublished\":\"2026-04-08T18:51:38+00:00\",\"dateModified\":\"2026-04-08T18:56:51+00:00\",\"breadcrumb\":{\"@id\":\"https:\\\/\\\/kmtwaterjet.com\\\/es-mx\\\/oem-prussiani-maquina-sierra-corte-por-chorro-de-agua\\\/#breadcrumb\"},\"inLanguage\":\"es-MX\",\"potentialAction\":[{\"@type\":\"ReadAction\",\"target\":[\"https:\\\/\\\/kmtwaterjet.com\\\/es-mx\\\/oem-prussiani-maquina-sierra-corte-por-chorro-de-agua\\\/\"]}]},{\"@type\":\"ImageObject\",\"inLanguage\":\"es-MX\",\"@id\":\"https:\\\/\\\/kmtwaterjet.com\\\/es-mx\\\/oem-prussiani-maquina-sierra-corte-por-chorro-de-agua\\\/#primaryimage\",\"url\":\"https:\\\/\\\/kmtwaterjet.com\\\/wp-content\\\/uploads\\\/Prussiani-Cut-Jet-System-banner.jpg\",\"contentUrl\":\"https:\\\/\\\/kmtwaterjet.com\\\/wp-content\\\/uploads\\\/Prussiani-Cut-Jet-System-banner.jpg\"},{\"@type\":\"BreadcrumbList\",\"@id\":\"https:\\\/\\\/kmtwaterjet.com\\\/es-mx\\\/oem-prussiani-maquina-sierra-corte-por-chorro-de-agua\\\/#breadcrumb\",\"itemListElement\":[{\"@type\":\"ListItem\",\"position\":1,\"name\":\"Home\",\"item\":\"https:\\\/\\\/kmtwaterjet.com\\\/es-mx\\\/\"},{\"@type\":\"ListItem\",\"position\":2,\"name\":\"OEM PRUSSIANI M\u00c1QUINA SIERRA CORTE POR CHORRO DE AGUA\"}]},{\"@type\":\"WebSite\",\"@id\":\"https:\\\/\\\/kmtwaterjet.com\\\/es-mx\\\/#website\",\"url\":\"https:\\\/\\\/kmtwaterjet.com\\\/es-mx\\\/\",\"name\":\"KMT Waterjet\",\"description\":\"KMT Waterjet for waterjet cutting metal, stone, glass, steel and more\",\"publisher\":{\"@id\":\"https:\\\/\\\/kmtwaterjet.com\\\/es-mx\\\/#organization\"},\"potentialAction\":[{\"@type\":\"SearchAction\",\"target\":{\"@type\":\"EntryPoint\",\"urlTemplate\":\"https:\\\/\\\/kmtwaterjet.com\\\/es-mx\\\/?s={search_term_string}\"},\"query-input\":{\"@type\":\"PropertyValueSpecification\",\"valueRequired\":true,\"valueName\":\"search_term_string\"}}],\"inLanguage\":\"es-MX\"},{\"@type\":\"Organization\",\"@id\":\"https:\\\/\\\/kmtwaterjet.com\\\/es-mx\\\/#organization\",\"name\":\"KMT Waterjet\",\"url\":\"https:\\\/\\\/kmtwaterjet.com\\\/es-mx\\\/\",\"logo\":{\"@type\":\"ImageObject\",\"inLanguage\":\"es-MX\",\"@id\":\"https:\\\/\\\/kmtwaterjet.com\\\/es-mx\\\/#\\\/schema\\\/logo\\\/image\\\/\",\"url\":\"https:\\\/\\\/kmtwaterjet.com\\\/wp-content\\\/uploads\\\/kmt_logo_2020.png\",\"contentUrl\":\"https:\\\/\\\/kmtwaterjet.com\\\/wp-content\\\/uploads\\\/kmt_logo_2020.png\",\"width\":1002,\"height\":605,\"caption\":\"KMT Waterjet\"},\"image\":{\"@id\":\"https:\\\/\\\/kmtwaterjet.com\\\/es-mx\\\/#\\\/schema\\\/logo\\\/image\\\/\"}}]}<\/script>\n<!-- \/ Yoast SEO plugin. -->","yoast_head_json":{"title":"OEM PRUSSIANI M\u00c1QUINA SIERRA CORTE POR CHORRO DE AGUA | KMT Waterjet","robots":{"index":"index","follow":"follow","max-snippet":"max-snippet:-1","max-image-preview":"max-image-preview:large","max-video-preview":"max-video-preview:-1"},"canonical":"https:\/\/kmtwaterjet.com\/es-mx\/oem-prussiani-maquina-sierra-corte-por-chorro-de-agua\/","og_locale":"es_MX","og_type":"article","og_title":"OEM PRUSSIANI M\u00c1QUINA SIERRA CORTE POR CHORRO DE AGUA | KMT Waterjet","og_description":"PRUSSIANI ENGINEERING SISTEMAS DE CORTE Y CHORRO Prussiani Engineering dise\u00f1a y construye m\u00e1quinas de control num\u00e9rico de alta calidad para trabajar m\u00e1rmol, granito, piedra, cuarzo artificial y porcelana. Ofrecer m\u00e1quinas avanzadas, eficaces y personalizadas es la misi\u00f3n de Prussiani Engineering, que desde 1991 se dedica al dise\u00f1o y la construcci\u00f3n de m\u00e1quinas de control num\u00e9rico [&hellip;]","og_url":"https:\/\/kmtwaterjet.com\/es-mx\/oem-prussiani-maquina-sierra-corte-por-chorro-de-agua\/","og_site_name":"KMT Waterjet","article_modified_time":"2026-04-08T18:56:51+00:00","og_image":[{"width":1897,"height":642,"url":"https:\/\/kmtwaterjet.com\/wp-content\/uploads\/Prussiani-Cut-Jet-System-banner.jpg","type":"image\/jpeg"}],"twitter_card":"summary_large_image","twitter_misc":{"Tiempo de lectura":"2 minutos"},"schema":{"@context":"https:\/\/schema.org","@graph":[{"@type":"WebPage","@id":"https:\/\/kmtwaterjet.com\/es-mx\/oem-prussiani-maquina-sierra-corte-por-chorro-de-agua\/","url":"https:\/\/kmtwaterjet.com\/es-mx\/oem-prussiani-maquina-sierra-corte-por-chorro-de-agua\/","name":"OEM PRUSSIANI M\u00c1QUINA SIERRA CORTE POR CHORRO DE AGUA | KMT Waterjet","isPartOf":{"@id":"https:\/\/kmtwaterjet.com\/es-mx\/#website"},"primaryImageOfPage":{"@id":"https:\/\/kmtwaterjet.com\/es-mx\/oem-prussiani-maquina-sierra-corte-por-chorro-de-agua\/#primaryimage"},"image":{"@id":"https:\/\/kmtwaterjet.com\/es-mx\/oem-prussiani-maquina-sierra-corte-por-chorro-de-agua\/#primaryimage"},"thumbnailUrl":"https:\/\/kmtwaterjet.com\/wp-content\/uploads\/Prussiani-Cut-Jet-System-banner.jpg","datePublished":"2026-04-08T18:51:38+00:00","dateModified":"2026-04-08T18:56:51+00:00","breadcrumb":{"@id":"https:\/\/kmtwaterjet.com\/es-mx\/oem-prussiani-maquina-sierra-corte-por-chorro-de-agua\/#breadcrumb"},"inLanguage":"es-MX","potentialAction":[{"@type":"ReadAction","target":["https:\/\/kmtwaterjet.com\/es-mx\/oem-prussiani-maquina-sierra-corte-por-chorro-de-agua\/"]}]},{"@type":"ImageObject","inLanguage":"es-MX","@id":"https:\/\/kmtwaterjet.com\/es-mx\/oem-prussiani-maquina-sierra-corte-por-chorro-de-agua\/#primaryimage","url":"https:\/\/kmtwaterjet.com\/wp-content\/uploads\/Prussiani-Cut-Jet-System-banner.jpg","contentUrl":"https:\/\/kmtwaterjet.com\/wp-content\/uploads\/Prussiani-Cut-Jet-System-banner.jpg"},{"@type":"BreadcrumbList","@id":"https:\/\/kmtwaterjet.com\/es-mx\/oem-prussiani-maquina-sierra-corte-por-chorro-de-agua\/#breadcrumb","itemListElement":[{"@type":"ListItem","position":1,"name":"Home","item":"https:\/\/kmtwaterjet.com\/es-mx\/"},{"@type":"ListItem","position":2,"name":"OEM PRUSSIANI M\u00c1QUINA SIERRA CORTE POR CHORRO DE AGUA"}]},{"@type":"WebSite","@id":"https:\/\/kmtwaterjet.com\/es-mx\/#website","url":"https:\/\/kmtwaterjet.com\/es-mx\/","name":"KMT Waterjet","description":"KMT Waterjet for waterjet cutting metal, stone, glass, steel and more","publisher":{"@id":"https:\/\/kmtwaterjet.com\/es-mx\/#organization"},"potentialAction":[{"@type":"SearchAction","target":{"@type":"EntryPoint","urlTemplate":"https:\/\/kmtwaterjet.com\/es-mx\/?s={search_term_string}"},"query-input":{"@type":"PropertyValueSpecification","valueRequired":true,"valueName":"search_term_string"}}],"inLanguage":"es-MX"},{"@type":"Organization","@id":"https:\/\/kmtwaterjet.com\/es-mx\/#organization","name":"KMT Waterjet","url":"https:\/\/kmtwaterjet.com\/es-mx\/","logo":{"@type":"ImageObject","inLanguage":"es-MX","@id":"https:\/\/kmtwaterjet.com\/es-mx\/#\/schema\/logo\/image\/","url":"https:\/\/kmtwaterjet.com\/wp-content\/uploads\/kmt_logo_2020.png","contentUrl":"https:\/\/kmtwaterjet.com\/wp-content\/uploads\/kmt_logo_2020.png","width":1002,"height":605,"caption":"KMT Waterjet"},"image":{"@id":"https:\/\/kmtwaterjet.com\/es-mx\/#\/schema\/logo\/image\/"}}]}},"_links":{"self":[{"href":"https:\/\/kmtwaterjet.com\/es-mx\/wp-json\/wp\/v2\/pages\/44439","targetHints":{"allow":["GET"]}}],"collection":[{"href":"https:\/\/kmtwaterjet.com\/es-mx\/wp-json\/wp\/v2\/pages"}],"about":[{"href":"https:\/\/kmtwaterjet.com\/es-mx\/wp-json\/wp\/v2\/types\/page"}],"author":[{"embeddable":true,"href":"https:\/\/kmtwaterjet.com\/es-mx\/wp-json\/wp\/v2\/users\/12"}],"replies":[{"embeddable":true,"href":"https:\/\/kmtwaterjet.com\/es-mx\/wp-json\/wp\/v2\/comments?post=44439"}],"version-history":[{"count":0,"href":"https:\/\/kmtwaterjet.com\/es-mx\/wp-json\/wp\/v2\/pages\/44439\/revisions"}],"wp:attachment":[{"href":"https:\/\/kmtwaterjet.com\/es-mx\/wp-json\/wp\/v2\/media?parent=44439"}],"wp:term":[{"taxonomy":"page-type","embeddable":true,"href":"https:\/\/kmtwaterjet.com\/es-mx\/wp-json\/wp\/v2\/page-type?post=44439"}],"curies":[{"name":"wp","href":"https:\/\/api.w.org\/{rel}","templated":true}]}}