{"id":43889,"date":"2026-03-30T15:17:29","date_gmt":"2026-03-30T20:17:29","guid":{"rendered":"https:\/\/kmtwaterjet.com\/?page_id=43889"},"modified":"2026-04-02T14:26:06","modified_gmt":"2026-04-02T19:26:06","slug":"maquina-northwood-oem-sawjet-4","status":"publish","type":"page","link":"https:\/\/kmtwaterjet.com\/es-mx\/maquina-northwood-oem-sawjet-4\/","title":{"rendered":"M\u00c1QUINAS DE CORTE DE PIEDRA POR CHORRO DE AGUA OEM BRETON"},"content":{"rendered":"\t\t<div data-elementor-type=\"wp-page\" data-elementor-id=\"43889\" class=\"elementor elementor-43889 elementor-43886\" data-elementor-post-type=\"page\">\n\t\t\t\t<div class=\"elementor-element elementor-element-a5186ce e-flex e-con-boxed e-con e-parent\" data-id=\"a5186ce\" data-element_type=\"container\" data-e-type=\"container\">\n\t\t\t\t\t<div class=\"e-con-inner\">\n\t\t\t\t<div class=\"elementor-element elementor-element-27eaaf2 elementor-widget elementor-widget-heading\" data-id=\"27eaaf2\" data-element_type=\"widget\" data-e-type=\"widget\" data-widget_type=\"heading.default\">\n\t\t\t\t<div class=\"elementor-widget-container\">\n\t\t\t\t\t<h1 class=\"elementor-heading-title elementor-size-default\">CORTADORAS DE LOSAS BRETON SAWJET<\/h1>\t\t\t\t<\/div>\n\t\t\t\t<\/div>\n\t\t\t\t<div class=\"elementor-element elementor-element-9016e52 elementor-widget-divider--view-line elementor-widget elementor-widget-divider\" data-id=\"9016e52\" data-element_type=\"widget\" data-e-type=\"widget\" data-widget_type=\"divider.default\">\n\t\t\t\t<div class=\"elementor-widget-container\">\n\t\t\t\t\t\t\t<div class=\"elementor-divider\">\n\t\t\t<span class=\"elementor-divider-separator\">\n\t\t\t\t\t\t<\/span>\n\t\t<\/div>\n\t\t\t\t\t\t<\/div>\n\t\t\t\t<\/div>\n\t\t\t\t\t<\/div>\n\t\t\t\t<\/div>\n\t\t<div class=\"elementor-element elementor-element-08404e0 e-flex e-con-boxed e-con e-parent\" data-id=\"08404e0\" data-element_type=\"container\" data-e-type=\"container\">\n\t\t\t\t\t<div class=\"e-con-inner\">\n\t\t\t\t<div class=\"elementor-element elementor-element-7e9b4d7 elementor-widget elementor-widget-image\" data-id=\"7e9b4d7\" data-element_type=\"widget\" data-e-type=\"widget\" data-widget_type=\"image.default\">\n\t\t\t\t<div class=\"elementor-widget-container\">\n\t\t\t\t\t\t\t\t\t\t\t\t\t\t\t<img fetchpriority=\"high\" decoding=\"async\" width=\"800\" height=\"320\" src=\"https:\/\/kmtwaterjet.com\/wp-content\/uploads\/BRETON-TRINITY-SAWJET-STONE-CUTTING-MACHINE-1024x409.jpg\" class=\"attachment-large size-large wp-image-44299\" alt=\"\" srcset=\"https:\/\/kmtwaterjet.com\/wp-content\/uploads\/BRETON-TRINITY-SAWJET-STONE-CUTTING-MACHINE-1024x409.jpg 1024w, https:\/\/kmtwaterjet.com\/wp-content\/uploads\/BRETON-TRINITY-SAWJET-STONE-CUTTING-MACHINE-300x120.jpg 300w, https:\/\/kmtwaterjet.com\/wp-content\/uploads\/BRETON-TRINITY-SAWJET-STONE-CUTTING-MACHINE-768x307.jpg 768w, https:\/\/kmtwaterjet.com\/wp-content\/uploads\/BRETON-TRINITY-SAWJET-STONE-CUTTING-MACHINE.jpg 1285w\" sizes=\"(max-width: 800px) 100vw, 800px\" \/>\t\t\t\t\t\t\t\t\t\t\t\t\t\t\t<\/div>\n\t\t\t\t<\/div>\n\t\t\t\t\t<\/div>\n\t\t\t\t<\/div>\n\t\t<div class=\"elementor-element elementor-element-5761e3a e-grid e-con-boxed e-con e-parent\" data-id=\"5761e3a\" data-element_type=\"container\" data-e-type=\"container\">\n\t\t\t\t\t<div class=\"e-con-inner\">\n\t\t\t\t<div class=\"elementor-element elementor-element-b79cae4 elementor-widget elementor-widget-image\" data-id=\"b79cae4\" data-element_type=\"widget\" data-e-type=\"widget\" data-widget_type=\"image.default\">\n\t\t\t\t<div class=\"elementor-widget-container\">\n\t\t\t\t\t\t\t\t\t\t\t\t\t\t\t<img decoding=\"async\" width=\"800\" height=\"236\" data-src=\"https:\/\/kmtwaterjet.com\/wp-content\/uploads\/BRETON-STONE-CUTTING-LOGO.jpg\" class=\"attachment-large size-large wp-image-43899 lazyload\" alt=\"\" data-srcset=\"https:\/\/kmtwaterjet.com\/wp-content\/uploads\/BRETON-STONE-CUTTING-LOGO.jpg 800w, https:\/\/kmtwaterjet.com\/wp-content\/uploads\/BRETON-STONE-CUTTING-LOGO-300x89.jpg 300w, https:\/\/kmtwaterjet.com\/wp-content\/uploads\/BRETON-STONE-CUTTING-LOGO-768x227.jpg 768w\" data-sizes=\"(max-width: 800px) 100vw, 800px\" src=\"data:image\/svg+xml;base64,PHN2ZyB3aWR0aD0iMSIgaGVpZ2h0PSIxIiB4bWxucz0iaHR0cDovL3d3dy53My5vcmcvMjAwMC9zdmciPjwvc3ZnPg==\" style=\"--smush-placeholder-width: 800px; --smush-placeholder-aspect-ratio: 800\/236;\" \/>\t\t\t\t\t\t\t\t\t\t\t\t\t\t\t<\/div>\n\t\t\t\t<\/div>\n\t\t\t\t<div class=\"elementor-element elementor-element-932967f elementor-widget elementor-widget-text-editor\" data-id=\"932967f\" data-element_type=\"widget\" data-e-type=\"widget\" data-widget_type=\"text-editor.default\">\n\t\t\t\t<div class=\"elementor-widget-container\">\n\t\t\t\t\t\t\t\t\t<p><span style=\"color: #9b0137;\"><em><strong>Dise\u00f1o y producci\u00f3n de maquinaria avanzada, plantas industriales, tecnolog\u00eda y software<\/strong><\/em><\/span><\/p><p>Breton inventa, dise\u00f1a y construye centros de mecanizado espec\u00edficos de alta tecnolog\u00eda y alta producci\u00f3n, l\u00edneas y m\u00e1quinas aut\u00f3nomas para el tratamiento de materiales (piedra natural, m\u00e1rmol, granito, cuarzo, cer\u00e1mica, arcilla pesada, superficie mineral, resinas y espumas, pol\u00edmeros y metales) y para la fabricaci\u00f3n aditiva.<\/p><p>La m\u00e1quina de corte por sierra Breton Trinity es el centro de corte combinado por sierra y chorro de agua m\u00e1s avanzado. La combinaci\u00f3n de corte por sierra y chorro de agua, junto con herramientas como ventosas, c\u00e1mara en el puente y mesa basculante, hacen de la Trinity, evoluci\u00f3n de la Breton Combi, el centro de corte m\u00e1s avanzado para la creaci\u00f3n de encimeras de cocina, encimeras de lavabo y revestimientos. <\/p>\t\t\t\t\t\t\t\t<\/div>\n\t\t\t\t<\/div>\n\t\t\t\t\t<\/div>\n\t\t\t\t<\/div>\n\t\t<div class=\"elementor-element elementor-element-ea56cbc e-flex e-con-boxed e-con e-parent\" data-id=\"ea56cbc\" data-element_type=\"container\" data-e-type=\"container\">\n\t\t\t\t\t<div class=\"e-con-inner\">\n\t\t\t\t<div class=\"elementor-element elementor-element-3b30ee9 elementor-widget-divider--view-line elementor-widget elementor-widget-divider\" data-id=\"3b30ee9\" data-element_type=\"widget\" data-e-type=\"widget\" data-widget_type=\"divider.default\">\n\t\t\t\t<div class=\"elementor-widget-container\">\n\t\t\t\t\t\t\t<div class=\"elementor-divider\">\n\t\t\t<span class=\"elementor-divider-separator\">\n\t\t\t\t\t\t<\/span>\n\t\t<\/div>\n\t\t\t\t\t\t<\/div>\n\t\t\t\t<\/div>\n\t\t\t\t\t<\/div>\n\t\t\t\t<\/div>\n\t\t<div class=\"elementor-element elementor-element-02c348a e-flex e-con-boxed e-con e-parent\" data-id=\"02c348a\" data-element_type=\"container\" data-e-type=\"container\">\n\t\t\t\t\t<div class=\"e-con-inner\">\n\t\t\t\t<div class=\"elementor-element elementor-element-45adaeb elementor-widget elementor-widget-image\" data-id=\"45adaeb\" data-element_type=\"widget\" data-e-type=\"widget\" data-widget_type=\"image.default\">\n\t\t\t\t<div class=\"elementor-widget-container\">\n\t\t\t\t\t\t\t\t\t\t\t\t<figure class=\"wp-caption\">\n\t\t\t\t\t\t\t\t\t\t<img decoding=\"async\" width=\"1800\" height=\"963\" data-src=\"https:\/\/kmtwaterjet.com\/wp-content\/uploads\/BRETON-TRINITY-SAWJET-PHOTO-LAYOUT.jpg\" class=\"attachment-full size-full wp-image-44298 lazyload\" alt=\"\" data-srcset=\"https:\/\/kmtwaterjet.com\/wp-content\/uploads\/BRETON-TRINITY-SAWJET-PHOTO-LAYOUT.jpg 1800w, https:\/\/kmtwaterjet.com\/wp-content\/uploads\/BRETON-TRINITY-SAWJET-PHOTO-LAYOUT-300x161.jpg 300w, https:\/\/kmtwaterjet.com\/wp-content\/uploads\/BRETON-TRINITY-SAWJET-PHOTO-LAYOUT-1024x548.jpg 1024w, https:\/\/kmtwaterjet.com\/wp-content\/uploads\/BRETON-TRINITY-SAWJET-PHOTO-LAYOUT-768x411.jpg 768w, https:\/\/kmtwaterjet.com\/wp-content\/uploads\/BRETON-TRINITY-SAWJET-PHOTO-LAYOUT-1536x822.jpg 1536w\" data-sizes=\"(max-width: 1800px) 100vw, 1800px\" src=\"data:image\/svg+xml;base64,PHN2ZyB3aWR0aD0iMSIgaGVpZ2h0PSIxIiB4bWxucz0iaHR0cDovL3d3dy53My5vcmcvMjAwMC9zdmciPjwvc3ZnPg==\" style=\"--smush-placeholder-width: 1800px; --smush-placeholder-aspect-ratio: 1800\/963;\" \/>\t\t\t\t\t\t\t\t\t\t\t<figcaption class=\"widget-image-caption wp-caption-text\">M\u00e1quina de corte por sierra Breton Trinity Caracter\u00edsticas<\/figcaption>\n\t\t\t\t\t\t\t\t\t\t<\/figure>\n\t\t\t\t\t\t\t\t\t<\/div>\n\t\t\t\t<\/div>\n\t\t\t\t\t<\/div>\n\t\t\t\t<\/div>\n\t\t<div class=\"elementor-element elementor-element-6b78d1e e-flex e-con-boxed e-con e-parent\" data-id=\"6b78d1e\" data-element_type=\"container\" data-e-type=\"container\">\n\t\t\t\t\t<div class=\"e-con-inner\">\n\t\t\t\t<div class=\"elementor-element elementor-element-9115298 elementor-widget elementor-widget-spacer\" data-id=\"9115298\" data-element_type=\"widget\" data-e-type=\"widget\" data-widget_type=\"spacer.default\">\n\t\t\t\t<div class=\"elementor-widget-container\">\n\t\t\t\t\t\t\t<div class=\"elementor-spacer\">\n\t\t\t<div class=\"elementor-spacer-inner\"><\/div>\n\t\t<\/div>\n\t\t\t\t\t\t<\/div>\n\t\t\t\t<\/div>\n\t\t\t\t\t<\/div>\n\t\t\t\t<\/div>\n\t\t<div class=\"elementor-element elementor-element-5abe2a5 e-flex e-con-boxed e-con e-parent\" data-id=\"5abe2a5\" data-element_type=\"container\" data-e-type=\"container\">\n\t\t\t\t\t<div class=\"e-con-inner\">\n\t\t\t\t<div class=\"elementor-element elementor-element-ae0216d elementor-widget elementor-widget-heading\" data-id=\"ae0216d\" data-element_type=\"widget\" data-e-type=\"widget\" data-widget_type=\"heading.default\">\n\t\t\t\t<div class=\"elementor-widget-container\">\n\t\t\t\t\t<h2 class=\"elementor-heading-title elementor-size-default\">m\u00e1quina de chorro de sierra breton trinity<\/h2>\t\t\t\t<\/div>\n\t\t\t\t<\/div>\n\t\t\t\t<div class=\"elementor-element elementor-element-8b293f1 elementor-widget elementor-widget-text-editor\" data-id=\"8b293f1\" data-element_type=\"widget\" data-e-type=\"widget\" data-widget_type=\"text-editor.default\">\n\t\t\t\t<div class=\"elementor-widget-container\">\n\t\t\t\t\t\t\t\t\t<div class=\"section\"><p>Breton Trinity es m\u00e1s que una m\u00e1quina; es un proceso, una tecnolog\u00eda dise\u00f1ada espec\u00edficamente para procesar materiales cer\u00e1micos, pero tambi\u00e9n se adapta brillantemente a otros productos.<\/p><h3 class=\"mt-6 mb-2 font-semibold text-xl\" data-streamdown=\"heading-3\"><span style=\"color: #9b0137;\"><strong>Caracter\u00edsticas principales<\/strong><\/span><\/h3><ul class=\"list-inside list-disc whitespace-normal [li_&amp;]:pl-6\" data-streamdown=\"unordered-list\"><li data-section-id=\"uiwlcy\" data-start=\"0\" data-end=\"102\">Sistema de corte avanzado que combina tecnolog\u00eda de sierra y doble chorro de agua para materiales cer\u00e1micos y p\u00e9treos<\/li><li data-section-id=\"bfors1\" data-start=\"103\" data-end=\"219\">Selecciona autom\u00e1ticamente el m\u00e9todo m\u00e1s eficaz: sierra + chorro de agua para ahorrar costes, o chorro de agua puro cuando sea necesario<\/li><li data-section-id=\"4b48n4\" data-start=\"220\" data-end=\"308\">Permite el corte simult\u00e1neo sin mover el planch\u00f3n, reduciendo tiempo, residuos y costes<\/li><li data-section-id=\"ii435m\" data-start=\"309\" data-end=\"415\">Procesa losas directamente sobre una rejilla met\u00e1lica: elimina la necesidad de soportes de sacrificio y el consiguiente tiempo de inactividad<\/li><li data-section-id=\"h59ip\" data-start=\"416\" data-end=\"499\">Proporciona un corte de alta velocidad con un m\u00ednimo de astillado, agrietamiento o tensi\u00f3n del material<\/li><li data-section-id=\"11ph5yk\" data-start=\"500\" data-end=\"589\">La sierra garantiza un arranque de material r\u00e1pido y estable; el doble chorro de agua proporciona un acabado de precisi\u00f3n<\/li><li data-section-id=\"1u21ek6\" data-start=\"590\" data-end=\"692\">Capaz de producir cortes en \u00e1ngulo mediante chorro de agua de inclinaci\u00f3n variable (sin necesidad de fresar la superficie)<\/li><li data-section-id=\"1hja68d\" data-start=\"693\" data-end=\"766\">El sistema de ventosas permite un f\u00e1cil reposicionamiento para optimizar el corte con sierra<\/li><li data-section-id=\"u9r69c\" data-start=\"767\" data-end=\"870\">El husillo Rocket Tool opcional (hasta 14.000 rpm) admite operaciones de taladrado, fresado y galceado<\/li><li data-section-id=\"o6nc9y\" data-start=\"871\" data-end=\"951\">Aumenta la capacidad de producci\u00f3n hasta 3 veces en comparaci\u00f3n con los sistemas de chorro de agua est\u00e1ndar<\/li><li data-section-id=\"1k290sx\" data-start=\"952\" data-end=\"1021\" data-is-last-node=\"\">Reduce significativamente la rotura de planchas, mejorando el rendimiento y la eficacia<\/li><\/ul><p> <\/p><hr><p> <\/p><p><span style=\"color: #9b0137;\"><em><strong>\u221a Para obtener m\u00e1s informaci\u00f3n sobre la Trinity o cualquier otra m\u00e1quina de tratamiento de piedra Breton, rellena el siguiente formulario y un representante se pondr\u00e1 en contacto contigo en breve.<\/strong><\/em><\/span><\/p><\/div>\t\t\t\t\t\t\t\t<\/div>\n\t\t\t\t<\/div>\n\t\t\t\t\t<\/div>\n\t\t\t\t<\/div>\n\t\t\t\t<\/div>\n\t\t","protected":false},"excerpt":{"rendered":"<p>CORTADORAS DE LOSAS BRETON SAWJET Dise\u00f1o y producci\u00f3n de maquinaria avanzada, plantas industriales, tecnolog\u00eda y software Breton inventa, dise\u00f1a y construye centros de mecanizado espec\u00edficos de alta tecnolog\u00eda y alta producci\u00f3n, l\u00edneas y m\u00e1quinas aut\u00f3nomas para el tratamiento de materiales (piedra natural, m\u00e1rmol, granito, cuarzo, cer\u00e1mica, arcilla pesada, superficie mineral, resinas y espumas, pol\u00edmeros y [&hellip;]<\/p>\n","protected":false},"author":12,"featured_media":0,"parent":0,"menu_order":0,"comment_status":"closed","ping_status":"closed","template":"","meta":{"_acf_changed":false,"footnotes":""},"page-type":[],"class_list":["post-43889","page","type-page","status-publish","hentry"],"acf":[],"yoast_head":"<!-- This site is optimized with the Yoast SEO plugin v27.3 - https:\/\/yoast.com\/product\/yoast-seo-wordpress\/ -->\n<title>M\u00c1QUINAS DE CORTE DE PIEDRA POR CHORRO DE AGUA OEM BRETON | KMT Waterjet<\/title>\n<meta name=\"robots\" content=\"index, follow, max-snippet:-1, max-image-preview:large, max-video-preview:-1\" \/>\n<link rel=\"canonical\" href=\"https:\/\/kmtwaterjet.com\/es-mx\/maquina-northwood-oem-sawjet-4\/\" \/>\n<meta property=\"og:locale\" content=\"es_MX\" \/>\n<meta property=\"og:type\" content=\"article\" \/>\n<meta property=\"og:title\" content=\"M\u00c1QUINAS DE CORTE DE PIEDRA POR CHORRO DE AGUA OEM BRETON | KMT Waterjet\" \/>\n<meta property=\"og:description\" content=\"CORTADORAS DE LOSAS BRETON SAWJET Dise\u00f1o y producci\u00f3n de maquinaria avanzada, plantas industriales, tecnolog\u00eda y software Breton inventa, dise\u00f1a y construye centros de mecanizado espec\u00edficos de alta tecnolog\u00eda y alta producci\u00f3n, l\u00edneas y m\u00e1quinas aut\u00f3nomas para el tratamiento de materiales (piedra natural, m\u00e1rmol, granito, cuarzo, cer\u00e1mica, arcilla pesada, superficie mineral, resinas y espumas, pol\u00edmeros y [&hellip;]\" \/>\n<meta property=\"og:url\" content=\"https:\/\/kmtwaterjet.com\/es-mx\/maquina-northwood-oem-sawjet-4\/\" \/>\n<meta property=\"og:site_name\" content=\"KMT Waterjet\" \/>\n<meta property=\"article:modified_time\" content=\"2026-04-02T19:26:06+00:00\" \/>\n<meta property=\"og:image\" content=\"https:\/\/kmtwaterjet.com\/wp-content\/uploads\/BRETON-TRINITY-SAWJET-STONE-CUTTING-MACHINE.jpg\" \/>\n\t<meta property=\"og:image:width\" content=\"1285\" \/>\n\t<meta property=\"og:image:height\" content=\"513\" \/>\n\t<meta property=\"og:image:type\" content=\"image\/jpeg\" \/>\n<meta name=\"twitter:card\" content=\"summary_large_image\" \/>\n<meta name=\"twitter:label1\" content=\"Tiempo de lectura\" \/>\n\t<meta name=\"twitter:data1\" content=\"2 minutos\" \/>\n<script type=\"application\/ld+json\" class=\"yoast-schema-graph\">{\"@context\":\"https:\\\/\\\/schema.org\",\"@graph\":[{\"@type\":\"WebPage\",\"@id\":\"https:\\\/\\\/kmtwaterjet.com\\\/es-mx\\\/maquina-northwood-oem-sawjet-4\\\/\",\"url\":\"https:\\\/\\\/kmtwaterjet.com\\\/es-mx\\\/maquina-northwood-oem-sawjet-4\\\/\",\"name\":\"M\u00c1QUINAS DE CORTE DE PIEDRA POR CHORRO DE AGUA OEM BRETON | KMT Waterjet\",\"isPartOf\":{\"@id\":\"https:\\\/\\\/kmtwaterjet.com\\\/es-mx\\\/#website\"},\"primaryImageOfPage\":{\"@id\":\"https:\\\/\\\/kmtwaterjet.com\\\/es-mx\\\/maquina-northwood-oem-sawjet-4\\\/#primaryimage\"},\"image\":{\"@id\":\"https:\\\/\\\/kmtwaterjet.com\\\/es-mx\\\/maquina-northwood-oem-sawjet-4\\\/#primaryimage\"},\"thumbnailUrl\":\"https:\\\/\\\/kmtwaterjet.com\\\/wp-content\\\/uploads\\\/BRETON-TRINITY-SAWJET-STONE-CUTTING-MACHINE-1024x409.jpg\",\"datePublished\":\"2026-03-30T20:17:29+00:00\",\"dateModified\":\"2026-04-02T19:26:06+00:00\",\"breadcrumb\":{\"@id\":\"https:\\\/\\\/kmtwaterjet.com\\\/es-mx\\\/maquina-northwood-oem-sawjet-4\\\/#breadcrumb\"},\"inLanguage\":\"es-MX\",\"potentialAction\":[{\"@type\":\"ReadAction\",\"target\":[\"https:\\\/\\\/kmtwaterjet.com\\\/es-mx\\\/maquina-northwood-oem-sawjet-4\\\/\"]}]},{\"@type\":\"ImageObject\",\"inLanguage\":\"es-MX\",\"@id\":\"https:\\\/\\\/kmtwaterjet.com\\\/es-mx\\\/maquina-northwood-oem-sawjet-4\\\/#primaryimage\",\"url\":\"https:\\\/\\\/kmtwaterjet.com\\\/wp-content\\\/uploads\\\/BRETON-TRINITY-SAWJET-STONE-CUTTING-MACHINE-1024x409.jpg\",\"contentUrl\":\"https:\\\/\\\/kmtwaterjet.com\\\/wp-content\\\/uploads\\\/BRETON-TRINITY-SAWJET-STONE-CUTTING-MACHINE-1024x409.jpg\"},{\"@type\":\"BreadcrumbList\",\"@id\":\"https:\\\/\\\/kmtwaterjet.com\\\/es-mx\\\/maquina-northwood-oem-sawjet-4\\\/#breadcrumb\",\"itemListElement\":[{\"@type\":\"ListItem\",\"position\":1,\"name\":\"Home\",\"item\":\"https:\\\/\\\/kmtwaterjet.com\\\/es-mx\\\/\"},{\"@type\":\"ListItem\",\"position\":2,\"name\":\"M\u00c1QUINAS DE CORTE DE PIEDRA POR CHORRO DE AGUA OEM BRETON\"}]},{\"@type\":\"WebSite\",\"@id\":\"https:\\\/\\\/kmtwaterjet.com\\\/es-mx\\\/#website\",\"url\":\"https:\\\/\\\/kmtwaterjet.com\\\/es-mx\\\/\",\"name\":\"KMT Waterjet\",\"description\":\"KMT Waterjet for waterjet cutting metal, stone, glass, steel and more\",\"publisher\":{\"@id\":\"https:\\\/\\\/kmtwaterjet.com\\\/es-mx\\\/#organization\"},\"potentialAction\":[{\"@type\":\"SearchAction\",\"target\":{\"@type\":\"EntryPoint\",\"urlTemplate\":\"https:\\\/\\\/kmtwaterjet.com\\\/es-mx\\\/?s={search_term_string}\"},\"query-input\":{\"@type\":\"PropertyValueSpecification\",\"valueRequired\":true,\"valueName\":\"search_term_string\"}}],\"inLanguage\":\"es-MX\"},{\"@type\":\"Organization\",\"@id\":\"https:\\\/\\\/kmtwaterjet.com\\\/es-mx\\\/#organization\",\"name\":\"KMT Waterjet\",\"url\":\"https:\\\/\\\/kmtwaterjet.com\\\/es-mx\\\/\",\"logo\":{\"@type\":\"ImageObject\",\"inLanguage\":\"es-MX\",\"@id\":\"https:\\\/\\\/kmtwaterjet.com\\\/es-mx\\\/#\\\/schema\\\/logo\\\/image\\\/\",\"url\":\"https:\\\/\\\/kmtwaterjet.com\\\/wp-content\\\/uploads\\\/kmt_logo_2020.png\",\"contentUrl\":\"https:\\\/\\\/kmtwaterjet.com\\\/wp-content\\\/uploads\\\/kmt_logo_2020.png\",\"width\":1002,\"height\":605,\"caption\":\"KMT Waterjet\"},\"image\":{\"@id\":\"https:\\\/\\\/kmtwaterjet.com\\\/es-mx\\\/#\\\/schema\\\/logo\\\/image\\\/\"}}]}<\/script>\n<!-- \/ Yoast SEO plugin. -->","yoast_head_json":{"title":"M\u00c1QUINAS DE CORTE DE PIEDRA POR CHORRO DE AGUA OEM BRETON | KMT Waterjet","robots":{"index":"index","follow":"follow","max-snippet":"max-snippet:-1","max-image-preview":"max-image-preview:large","max-video-preview":"max-video-preview:-1"},"canonical":"https:\/\/kmtwaterjet.com\/es-mx\/maquina-northwood-oem-sawjet-4\/","og_locale":"es_MX","og_type":"article","og_title":"M\u00c1QUINAS DE CORTE DE PIEDRA POR CHORRO DE AGUA OEM BRETON | KMT Waterjet","og_description":"CORTADORAS DE LOSAS BRETON SAWJET Dise\u00f1o y producci\u00f3n de maquinaria avanzada, plantas industriales, tecnolog\u00eda y software Breton inventa, dise\u00f1a y construye centros de mecanizado espec\u00edficos de alta tecnolog\u00eda y alta producci\u00f3n, l\u00edneas y m\u00e1quinas aut\u00f3nomas para el tratamiento de materiales (piedra natural, m\u00e1rmol, granito, cuarzo, cer\u00e1mica, arcilla pesada, superficie mineral, resinas y espumas, pol\u00edmeros y [&hellip;]","og_url":"https:\/\/kmtwaterjet.com\/es-mx\/maquina-northwood-oem-sawjet-4\/","og_site_name":"KMT Waterjet","article_modified_time":"2026-04-02T19:26:06+00:00","og_image":[{"width":1285,"height":513,"url":"https:\/\/kmtwaterjet.com\/wp-content\/uploads\/BRETON-TRINITY-SAWJET-STONE-CUTTING-MACHINE.jpg","type":"image\/jpeg"}],"twitter_card":"summary_large_image","twitter_misc":{"Tiempo de lectura":"2 minutos"},"schema":{"@context":"https:\/\/schema.org","@graph":[{"@type":"WebPage","@id":"https:\/\/kmtwaterjet.com\/es-mx\/maquina-northwood-oem-sawjet-4\/","url":"https:\/\/kmtwaterjet.com\/es-mx\/maquina-northwood-oem-sawjet-4\/","name":"M\u00c1QUINAS DE CORTE DE PIEDRA POR CHORRO DE AGUA OEM BRETON | KMT Waterjet","isPartOf":{"@id":"https:\/\/kmtwaterjet.com\/es-mx\/#website"},"primaryImageOfPage":{"@id":"https:\/\/kmtwaterjet.com\/es-mx\/maquina-northwood-oem-sawjet-4\/#primaryimage"},"image":{"@id":"https:\/\/kmtwaterjet.com\/es-mx\/maquina-northwood-oem-sawjet-4\/#primaryimage"},"thumbnailUrl":"https:\/\/kmtwaterjet.com\/wp-content\/uploads\/BRETON-TRINITY-SAWJET-STONE-CUTTING-MACHINE-1024x409.jpg","datePublished":"2026-03-30T20:17:29+00:00","dateModified":"2026-04-02T19:26:06+00:00","breadcrumb":{"@id":"https:\/\/kmtwaterjet.com\/es-mx\/maquina-northwood-oem-sawjet-4\/#breadcrumb"},"inLanguage":"es-MX","potentialAction":[{"@type":"ReadAction","target":["https:\/\/kmtwaterjet.com\/es-mx\/maquina-northwood-oem-sawjet-4\/"]}]},{"@type":"ImageObject","inLanguage":"es-MX","@id":"https:\/\/kmtwaterjet.com\/es-mx\/maquina-northwood-oem-sawjet-4\/#primaryimage","url":"https:\/\/kmtwaterjet.com\/wp-content\/uploads\/BRETON-TRINITY-SAWJET-STONE-CUTTING-MACHINE-1024x409.jpg","contentUrl":"https:\/\/kmtwaterjet.com\/wp-content\/uploads\/BRETON-TRINITY-SAWJET-STONE-CUTTING-MACHINE-1024x409.jpg"},{"@type":"BreadcrumbList","@id":"https:\/\/kmtwaterjet.com\/es-mx\/maquina-northwood-oem-sawjet-4\/#breadcrumb","itemListElement":[{"@type":"ListItem","position":1,"name":"Home","item":"https:\/\/kmtwaterjet.com\/es-mx\/"},{"@type":"ListItem","position":2,"name":"M\u00c1QUINAS DE CORTE DE PIEDRA POR CHORRO DE AGUA OEM BRETON"}]},{"@type":"WebSite","@id":"https:\/\/kmtwaterjet.com\/es-mx\/#website","url":"https:\/\/kmtwaterjet.com\/es-mx\/","name":"KMT Waterjet","description":"KMT Waterjet for waterjet cutting metal, stone, glass, steel and more","publisher":{"@id":"https:\/\/kmtwaterjet.com\/es-mx\/#organization"},"potentialAction":[{"@type":"SearchAction","target":{"@type":"EntryPoint","urlTemplate":"https:\/\/kmtwaterjet.com\/es-mx\/?s={search_term_string}"},"query-input":{"@type":"PropertyValueSpecification","valueRequired":true,"valueName":"search_term_string"}}],"inLanguage":"es-MX"},{"@type":"Organization","@id":"https:\/\/kmtwaterjet.com\/es-mx\/#organization","name":"KMT Waterjet","url":"https:\/\/kmtwaterjet.com\/es-mx\/","logo":{"@type":"ImageObject","inLanguage":"es-MX","@id":"https:\/\/kmtwaterjet.com\/es-mx\/#\/schema\/logo\/image\/","url":"https:\/\/kmtwaterjet.com\/wp-content\/uploads\/kmt_logo_2020.png","contentUrl":"https:\/\/kmtwaterjet.com\/wp-content\/uploads\/kmt_logo_2020.png","width":1002,"height":605,"caption":"KMT Waterjet"},"image":{"@id":"https:\/\/kmtwaterjet.com\/es-mx\/#\/schema\/logo\/image\/"}}]}},"_links":{"self":[{"href":"https:\/\/kmtwaterjet.com\/es-mx\/wp-json\/wp\/v2\/pages\/43889","targetHints":{"allow":["GET"]}}],"collection":[{"href":"https:\/\/kmtwaterjet.com\/es-mx\/wp-json\/wp\/v2\/pages"}],"about":[{"href":"https:\/\/kmtwaterjet.com\/es-mx\/wp-json\/wp\/v2\/types\/page"}],"author":[{"embeddable":true,"href":"https:\/\/kmtwaterjet.com\/es-mx\/wp-json\/wp\/v2\/users\/12"}],"replies":[{"embeddable":true,"href":"https:\/\/kmtwaterjet.com\/es-mx\/wp-json\/wp\/v2\/comments?post=43889"}],"version-history":[{"count":0,"href":"https:\/\/kmtwaterjet.com\/es-mx\/wp-json\/wp\/v2\/pages\/43889\/revisions"}],"wp:attachment":[{"href":"https:\/\/kmtwaterjet.com\/es-mx\/wp-json\/wp\/v2\/media?parent=43889"}],"wp:term":[{"taxonomy":"page-type","embeddable":true,"href":"https:\/\/kmtwaterjet.com\/es-mx\/wp-json\/wp\/v2\/page-type?post=43889"}],"curies":[{"name":"wp","href":"https:\/\/api.w.org\/{rel}","templated":true}]}}