{"id":29215,"date":"2024-01-18T22:05:28","date_gmt":"2024-01-19T04:05:28","guid":{"rendered":"https:\/\/kmtwaterjet.com\/condiciones-de-la-orden-de-compra\/"},"modified":"2025-03-20T12:37:11","modified_gmt":"2025-03-20T17:37:11","slug":"condiciones-de-la-orden-de-compra","status":"publish","type":"page","link":"https:\/\/kmtwaterjet.com\/es-mx\/condiciones-de-la-orden-de-compra\/","title":{"rendered":"Condiciones de la orden de compra"},"content":{"rendered":"\t\t<div data-elementor-type=\"wp-page\" data-elementor-id=\"29215\" class=\"elementor elementor-29215 elementor-2902\" data-elementor-post-type=\"page\">\n\t\t\t\t<div class=\"elementor-element elementor-element-0e9108d e-flex e-con-boxed e-con e-parent\" data-id=\"0e9108d\" data-element_type=\"container\" data-e-type=\"container\" data-settings=\"{&quot;background_background&quot;:&quot;gradient&quot;,&quot;shape_divider_bottom&quot;:&quot;waves&quot;}\">\n\t\t\t\t\t<div class=\"e-con-inner\">\n\t\t\t\t<div class=\"elementor-shape elementor-shape-bottom\" aria-hidden=\"true\" data-negative=\"false\">\n\t\t\t<svg xmlns=\"http:\/\/www.w3.org\/2000\/svg\" viewBox=\"0 0 1000 100\" preserveAspectRatio=\"none\">\n\t<path class=\"elementor-shape-fill\" d=\"M421.9,6.5c22.6-2.5,51.5,0.4,75.5,5.3c23.6,4.9,70.9,23.5,100.5,35.7c75.8,32.2,133.7,44.5,192.6,49.7\n\tc23.6,2.1,48.7,3.5,103.4-2.5c54.7-6,106.2-25.6,106.2-25.6V0H0v30.3c0,0,72,32.6,158.4,30.5c39.2-0.7,92.8-6.7,134-22.4\n\tc21.2-8.1,52.2-18.2,79.7-24.2C399.3,7.9,411.6,7.5,421.9,6.5z\"\/>\n<\/svg>\t\t<\/div>\n\t\t<div class=\"elementor-element elementor-element-41b8436 e-flex e-con-boxed e-con e-child\" data-id=\"41b8436\" data-element_type=\"container\" data-e-type=\"container\">\n\t\t\t\t\t<div class=\"e-con-inner\">\n\t\t\t\t<div class=\"elementor-element elementor-element-4b20a65 elementor-widget elementor-widget-heading\" data-id=\"4b20a65\" data-element_type=\"widget\" data-e-type=\"widget\" data-settings=\"{&quot;motion_fx_motion_fx_scrolling&quot;:&quot;yes&quot;,&quot;motion_fx_opacity_effect&quot;:&quot;yes&quot;,&quot;motion_fx_opacity_direction&quot;:&quot;out-in-out&quot;,&quot;motion_fx_opacity_level&quot;:{&quot;unit&quot;:&quot;px&quot;,&quot;size&quot;:10,&quot;sizes&quot;:[]},&quot;motion_fx_opacity_range&quot;:{&quot;unit&quot;:&quot;%&quot;,&quot;size&quot;:&quot;&quot;,&quot;sizes&quot;:{&quot;start&quot;:20,&quot;end&quot;:80}},&quot;motion_fx_devices&quot;:[&quot;desktop&quot;,&quot;tablet&quot;,&quot;mobile&quot;]}\" data-widget_type=\"heading.default\">\n\t\t\t\t<div class=\"elementor-widget-container\">\n\t\t\t\t\t<h1 class=\"elementor-heading-title elementor-size-default\">CONDICIONES GENERALES DE VENTA<\/h1>\t\t\t\t<\/div>\n\t\t\t\t<\/div>\n\t\t\t\t\t<\/div>\n\t\t\t\t<\/div>\n\t\t\t\t\t<\/div>\n\t\t\t\t<\/div>\n\t\t<div class=\"elementor-element elementor-element-20e8b0c e-flex e-con-boxed e-con e-parent\" data-id=\"20e8b0c\" data-element_type=\"container\" data-e-type=\"container\" data-settings=\"{&quot;background_background&quot;:&quot;classic&quot;,&quot;shape_divider_bottom&quot;:&quot;waves&quot;,&quot;shape_divider_bottom_negative&quot;:&quot;yes&quot;}\">\n\t\t\t\t\t<div class=\"e-con-inner\">\n\t\t\t\t<div class=\"elementor-shape elementor-shape-bottom\" aria-hidden=\"true\" data-negative=\"true\">\n\t\t\t<svg xmlns=\"http:\/\/www.w3.org\/2000\/svg\" viewBox=\"0 0 1000 100\" preserveAspectRatio=\"none\">\n\t<path class=\"elementor-shape-fill\" d=\"M790.5,93.1c-59.3-5.3-116.8-18-192.6-50c-29.6-12.7-76.9-31-100.5-35.9c-23.6-4.9-52.6-7.8-75.5-5.3\n\tc-10.2,1.1-22.6,1.4-50.1,7.4c-27.2,6.3-58.2,16.6-79.4,24.7c-41.3,15.9-94.9,21.9-134,22.6C72,58.2,0,25.8,0,25.8V100h1000V65.3\n\tc0,0-51.5,19.4-106.2,25.7C839.5,97,814.1,95.2,790.5,93.1z\"\/>\n<\/svg>\t\t<\/div>\n\t\t\t\t<div class=\"elementor-element elementor-element-7721e1d elementor-widget__width-initial elementor-widget elementor-widget-text-editor\" data-id=\"7721e1d\" data-element_type=\"widget\" data-e-type=\"widget\" data-widget_type=\"text-editor.default\">\n\t\t\t\t<div class=\"elementor-widget-container\">\n\t\t\t\t\t\t\t\t\t<p><strong>1. General<\/strong><br>Los T\u00e9rminos y Condiciones de Venta aqu\u00ed expuestos se aplicar\u00e1n a la venta por parte de KMT Waterjet Systems Inc. (en lo sucesivo denominada Empresa) de productos, equipos y piezas relacionados con los mismos (en lo sucesivo denominados Equipos). A menos que se llegue a un acuerdo previo por escrito, se entender\u00e1 que la realizaci\u00f3n de cualquier trabajo por parte de la Empresa se har\u00e1 de acuerdo con los t\u00e9rminos y condiciones aqu\u00ed expuestos La Empresa cumplir\u00e1 las leyes y reglamentos vigentes en la fecha de la propuesta de la Empresa, en la medida en que puedan aplicarse a la fabricaci\u00f3n del Equipo. El cumplimiento de cualquier ley o normativa gubernamental local relativa a la ubicaci\u00f3n, uso o funcionamiento del Equipo, o a su uso junto con otros equipos, ser\u00e1 responsabilidad exclusiva del Comprador.  <br><strong>2. Titularidad y riesgo de p\u00e9rdida<\/strong><br>La titularidad y el riesgo de p\u00e9rdida o da\u00f1o del Equipo pasar\u00e1n al Comprador en el momento de la entrega F.O.B. en las instalaciones de fabricaci\u00f3n, salvo que las partes acuerden otra cosa, excepto que la Compa\u00f1\u00eda conservar\u00e1 un inter\u00e9s de garant\u00eda sobre el Equipo, independientemente del modo de vinculaci\u00f3n a bienes inmuebles u otra propiedad, hasta que se haya efectuado el pago completo del mismo. El Comprador se compromete, previa solicitud, a hacer todo lo necesario para perfeccionar y mantener dicho inter\u00e9s de garant\u00eda y proteger\u00e1 el inter\u00e9s de la Compa\u00f1\u00eda asegurando adecuadamente el Equipo contra p\u00e9rdidas o da\u00f1os por cualquier causa en la que la Compa\u00f1\u00eda sea nombrada como asegurado adicional. <br><strong>3. Cesi\u00f3n<\/strong><br>Ninguna de las partes podr\u00e1 ceder o transferir este contrato sin el consentimiento previo por escrito de la otra parte. No obstante, la Empresa podr\u00e1 ceder o transferir, sin el consentimiento previo por escrito del Comprador, el derecho de la Empresa a recibir la totalidad o parte del pago adeudado por el Comprador en virtud de este contrato. <br><strong>4. Entrega y retrasos<\/strong><br>Las fechas de entrega se interpretar\u00e1n como estimadas y en ning\u00fan caso se entender\u00e1 que las fechas entran dentro del significado de &#8220;el tiempo es esencial&#8221;. La Empresa no ser\u00e1 responsable de ninguna p\u00e9rdida o retraso debido a guerra, disturbios, incendios, inundaciones, huelgas u otras dificultades laborales, actos de la autoridad civil o militar, incluidas leyes, \u00f3rdenes, prioridades o reglamentos gubernamentales, actos del Comprador, embargo, escasez de veh\u00edculos, da\u00f1os o retrasos en el transporte, imposibilidad de obtener la mano de obra o los materiales necesarios de las fuentes habituales, piezas forjadas o fundidas defectuosas u otras causas que escapen al control razonable de la Empresa. En caso de retraso en el cumplimiento debido a cualquiera de estas causas, la fecha de entrega o el plazo de finalizaci\u00f3n se ajustar\u00e1n para reflejar el tiempo real perdido a causa de dicho retraso. La recepci\u00f3n del Equipo por parte del Comprador constituir\u00e1 una renuncia a cualquier reclamaci\u00f3n por retraso.    <br><strong>5. Impuestos<\/strong><br>El precio no incluye ning\u00fan impuesto federal, estatal o local, presente o futuro, sobre la propiedad, licencias, privilegios, ventas, uso, impuestos especiales, ingresos brutos u otros impuestos o grav\u00e1menes similares que puedan aplicarse, medirse, imponerse o derivarse de esta transacci\u00f3n o de cualquier servicio prestado en relaci\u00f3n con la misma. Dichos impuestos se detallar\u00e1n por separado al Comprador, que deber\u00e1 efectuar el pago puntual a la Empresa. La Empresa aceptar\u00e1 un certificado de exenci\u00f3n v\u00e1lido del Comprador, si procede. si dicho certificado de exenci\u00f3n no es reconocido por la autoridad fiscal gubernamental correspondiente. El Comprador se compromete a reembolsar sin demora a la Empresa cualquier impuesto cubierto por dicho certificado de exenci\u00f3n que la Empresa est\u00e9 obligada a pagar.<br>6. Compensaciones<br>Ni el Comprador ni ninguna empresa afiliada o cesionaria tendr\u00e1n derecho a reclamar compensaci\u00f3n o a compensar las cantidades que resulten pagaderas a la Empresa en virtud del presente contrato o por cualquier otro concepto.    <br><strong>7. Patentes<\/strong><br>La Compa\u00f1\u00eda defender\u00e1 cualquier Demanda o procedimiento entablado contra el Comprador y pagar\u00e1 cualquier sentencia adversa dictada en el mismo en la medida en que dicha Demanda o procedimiento se base en una reclamaci\u00f3n de que el uso del Equipo fabricado por la Compa\u00f1\u00eda y suministrado en virtud de este contrato constituye una infracci\u00f3n de cualquier patente de los Estados Unidos de Am\u00e9rica, siempre que la Compa\u00f1\u00eda sea notificada inmediatamente por escrito y se le otorgue autoridad, informaci\u00f3n y asistencia para la defensa de la misma; y la Empresa, a su elecci\u00f3n, procurar\u00e1 al Comprador el derecho a seguir utilizando dicho Equipo, o a modificarlo para que no infrinja la patente, o a sustituirlo por un equipo que no infrinja la patente, o a retirar dicho Equipo y reembolsar el precio de compra. Lo anterior no se interpretar\u00e1 como un acuerdo por parte de la Empresa de aceptar responsabilidad alguna con respecto a patentes de invenciones que incluyan m\u00e1s que el Equipo suministrado en virtud del presente o con respecto a patentes de m\u00e9todos y procesos que se lleven a cabo con la ayuda de dicho Equipo. Lo anterior establece toda la responsabilidad de la Empresa con respecto a la infracci\u00f3n de patentes.   <br><strong>8. Garant\u00eda<\/strong><br>La Empresa garantiza que el Equipo fabricado por ella y entregado en virtud del presente documento estar\u00e1 libre de defectos de material y mano de obra durante un periodo de doce meses a partir de la fecha de puesta en funcionamiento del Equipo o de dieciocho meses a partir de la fecha de env\u00edo, lo que ocurra primero. Las piezas no consumibles tienen una garant\u00eda de 180 d\u00edas a partir de la fecha de env\u00edo, excepto las piezas que tienen una garant\u00eda de [30-180] d\u00edas a partir de la fecha de env\u00edo. El Comprador estar\u00e1 obligado a informar inmediatamente por escrito a la Empresa, dentro de dicho plazo, de cualquier incumplimiento de esta garant\u00eda, tras lo cual la Empresa, a su elecci\u00f3n, corregir\u00e1 dicho incumplimiento mediante una reparaci\u00f3n adecuada del Equipo o suministrar\u00e1 una pieza de repuesto F.O.B. en el punto de env\u00edo, siempre que el Comprador haya almacenado, instalado, mantenido y operado dicho Equipo de acuerdo con las buenas pr\u00e1cticas de la industria y haya cumplido las recomendaciones espec\u00edficas de la Empresa. Los accesorios o equipos suministrados por la Empresa, pero fabricados por terceros, tendr\u00e1n la garant\u00eda que los fabricantes hayan transmitido a la Empresa y que pueda transmitirse al Comprador. La Empresa no ser\u00e1 responsable de ninguna reparaci\u00f3n, sustituci\u00f3n o ajuste del Equipo ni de ning\u00fan coste de mano de obra realizado por el Comprador u otros sin la aprobaci\u00f3n previa por escrito de la Empresa. Quedan espec\u00edficamente excluidos los efectos de la corrosi\u00f3n, la erosi\u00f3n y el desgaste normal. Las garant\u00edas de funcionamiento se limitan a las establecidas espec\u00edficamente en la propuesta de la Empresa. A menos que la responsabilidad del cumplimiento de dichas garant\u00edas de rendimiento se limite a las pruebas de taller o de campo especificadas, la obligaci\u00f3n de la Empresa ser\u00e1 corregir de la forma y durante el periodo de tiempo indicados anteriormente. LA EMPRESA NO OFRECE NINGUNA OTRA GARANT\u00cdA O REPRESENTACI\u00d3N DE NING\u00daN TIPO, EXPRESA O IMPL\u00cdCITA, EXCEPTO LA DE TITULARIDAD, Y POR LA PRESENTE SE RENUNCIA A TODAS LAS GARANT\u00cdAS IMPL\u00cdCITAS DE COMERCIABILIDAD E IDONEIDAD PARA UN FIN DETERMINADO.<br>La correcci\u00f3n por parte de la Empresa de las faltas de conformidad, ya sean patentes o latentes, en la forma y durante el periodo de tiempo indicados anteriormente, constituir\u00e1 el cumplimiento de todas las responsabilidades de la Empresa por dichas faltas de conformidad, ya est\u00e9n basadas en contrato, garant\u00eda, negligencia, indemnizaci\u00f3n, responsabilidad objetiva o de otro tipo, con respecto a dicho Equipo o derivadas del mismo. El Comprador no utilizar\u00e1 el Equipo que considere defectuoso, sin notificar previamente por escrito a la Empresa su intenci\u00f3n de hacerlo. Cualquier uso de este tipo del Equipo ser\u00e1 por cuenta y riesgo exclusivos del Comprador.           <br><strong>9. Limitaci\u00f3n de responsabilidad<\/strong><br>LOS RECURSOS DEL COMPRADOR ESTABLECIDOS EN EL PRESENTE CONTRATO SON EXCLUSIVOS, Y LA RESPONSABILIDAD TOTAL DE LA EMPRESA CON RESPECTO AL PRESENTE CONTRATO O A LOS EQUIPOS Y SERVICIOS SUMINISTRADOS EN EL PRESENTE CONTRATO. EN RELACI\u00d3N CON LA EJECUCI\u00d3N O INCUMPLIMIENTO DEL MISMO, O DE LA FABRICACI\u00d3N, VENTA, ENTREGA, INSTALACI\u00d3N, REPARACI\u00d3N O DIRECCI\u00d3N T\u00c9CNICA CUBIERTA POR EL PRESENTE CONTRATO O SUMINISTRADA EN VIRTUD DEL MISMO, YA SE BASE EN CONTRATO GARANT\u00cdA, NEGLIGENCIA, INDEMNIZACI\u00d3N, RESPONSABILIDAD OBJETIVA O DE OTRO TIPO, NO EXCEDER\u00c1 DEL PRECIO DE COMPRA DE LA UNIDAD DE EQUIPO EN LA QUE SE BASE DICHA RESPONSABILIDAD. LA EMPRESA Y SUS PROVEEDORES NO SER\u00c1N RESPONSABLES EN NING\u00daN CASO ANTE EL COMPRADOR. SUCESORES EN INTER\u00c9S O CUALQUIER BENEFICIARIO O CESIONARIO DE ESTE CONTRATO POR CUALQUIER DA\u00d1O CONSECUENCIAL. INCIDENTALES, INDIRECTOS. ESPECIALES O PUNITIVOS DERIVADOS DE ESTE CONTRATO O DE CUALQUIER INCUMPLIMIENTO DEL MISMO, O DE CUALQUIER DEFECTO EN. O FALLO O MAL FUNCIONAMIENTO DEL EQUIPO, YA SEA POR P\u00c9RDIDA DE USO, P\u00c9RDIDA DE BENEFICIOS O INGRESOS, INTERESES, P\u00c9RDIDA DE FONDO DE COMERCIO, PARALIZACI\u00d3N DEL TRABAJO. DETERIORO DE OTROS BIENES, P\u00c9RDIDA POR PARADA O NO FUNCIONAMIENTO, AUMENTO DE LOS GASTOS DE FUNCIONAMIENTO, COSTE DE COMPRA DE ENERG\u00cdA DE SUSTITUCI\u00d3N O RECLAMACIONES DEL COMPRADOR O DE CLIENTES DEL COMPRADOR POR INTERRUPCI\u00d3N DEL SERVICIO, TANTO SI DICHA P\u00c9RDIDA O DA\u00d1O SE BASA EN CONTRATO, GARANT\u00cdA, NEGLIGENCIA, INDEMNIZACI\u00d3N, RESPONSABILIDAD OBJETIVA O DE OTRO TIPO.        <br><strong>10. Responsabilidad nuclear<\/strong><br>En caso de que el Equipo vendido en virtud del presente Contrato vaya a ser utilizado en una instalaci\u00f3n nuclear, el Comprador deber\u00e1, antes de dicho uso, contratar un seguro o una indemnizaci\u00f3n gubernamental que proteja a la Empresa frente a cualquier responsabilidad, y por el presente libera y acepta indemnizar a la Empresa y a sus proveedores por cualquier da\u00f1o nuclear, incluida la p\u00e9rdida de uso, que se produzca de cualquier forma como consecuencia de un incidente nuclear, tanto si se alega que se debe, en todo o en parte, a la negligencia o a cualquier otra causa de la Empresa o de sus proveedores. <br><strong>11. Ley aplicable<\/strong><br>Los derechos y obligaciones de las partes se regir\u00e1n por las leyes del Estado de Delaware, excluyendo cualquier conflicto de disposiciones legales. La Convenci\u00f3n de las Naciones Unidas sobre los Contratos de Compraventa Internacional de Mercader\u00edas no se aplicar\u00e1 a este acuerdo.<br>12. Control de las exportaciones<br>Los productos de la Empresa son art\u00edculos de origen estadounidense y est\u00e1n sujetos a las leyes de control de las exportaciones de EE.UU., incluidas las Regulaciones de la Administraci\u00f3n de Exportaciones. El Cliente acepta que cumplir\u00e1 las leyes de control de exportaciones de EE.UU. y que no exportar\u00e1, reexportar\u00e1, transferir\u00e1, retransferir\u00e1, vender\u00e1, revender\u00e1 ni desviar\u00e1 de ning\u00fan otro modo los productos de la Empresa de forma contraria a la legislaci\u00f3n estadounidense. Asimismo, el Cliente acepta que obtendr\u00e1 todas las licencias de exportaci\u00f3n necesarias.   <br><strong>13. Ejecuci\u00f3n<\/strong><br>La Empresa no estar\u00e1 obligada por ning\u00fan contrato o modificaci\u00f3n del mismo hasta que sea aprobado por escrito por un directivo de la Empresa. El contrato, una vez aprobado, sustituir\u00e1 a todas las comunicaciones anteriores, ya sean orales o escritas. <\/p><p><br><a href=\"https:\/\/kmtwaterjet.com\/wp-content\/uploads\/KMT-LD-101-07-2009.pdf\"><strong>KMT Waterjet Systems Inc. (LD-101) 07-2009 (PDF)<\/strong><\/a><\/p>\t\t\t\t\t\t\t\t<\/div>\n\t\t\t\t<\/div>\n\t\t\t\t\t<\/div>\n\t\t\t\t<\/div>\n\t\t\t\t<\/div>\n\t\t","protected":false},"excerpt":{"rendered":"<p>CONDICIONES GENERALES DE VENTA 1. GeneralLos T\u00e9rminos y Condiciones de Venta aqu\u00ed expuestos se aplicar\u00e1n a la venta por parte de KMT Waterjet Systems Inc. (en lo sucesivo denominada Empresa) de productos, equipos y piezas relacionados con los mismos (en lo sucesivo denominados Equipos). A menos que se llegue a un acuerdo previo por escrito, [&hellip;]<\/p>\n","protected":false},"author":12,"featured_media":0,"parent":0,"menu_order":0,"comment_status":"closed","ping_status":"closed","template":"elementor_header_footer","meta":{"_acf_changed":false,"footnotes":""},"page-type":[],"class_list":["post-29215","page","type-page","status-publish","hentry"],"acf":[],"yoast_head":"<!-- This site is optimized with the Yoast SEO plugin v27.3 - https:\/\/yoast.com\/product\/yoast-seo-wordpress\/ -->\n<title>Condiciones de la orden de compra | KMT Waterjet<\/title>\n<meta name=\"description\" content=\"Explora los T\u00e9rminos y Condiciones de la Orden de Compra (Cadena de Suministro) de KMT para soluciones de chorro de agua de precisi\u00f3n. Aclara la entrega, la garant\u00eda y mucho m\u00e1s.\" \/>\n<meta name=\"robots\" content=\"index, follow, max-snippet:-1, max-image-preview:large, max-video-preview:-1\" \/>\n<link rel=\"canonical\" href=\"https:\/\/kmtwaterjet.com\/es-mx\/condiciones-de-la-orden-de-compra\/\" \/>\n<meta property=\"og:locale\" content=\"es_MX\" \/>\n<meta property=\"og:type\" content=\"article\" \/>\n<meta property=\"og:title\" content=\"Condiciones de la orden de compra | KMT Waterjet\" \/>\n<meta property=\"og:description\" content=\"Explora los T\u00e9rminos y Condiciones de la Orden de Compra (Cadena de Suministro) de KMT para soluciones de chorro de agua de precisi\u00f3n. Aclara la entrega, la garant\u00eda y mucho m\u00e1s.\" \/>\n<meta property=\"og:url\" content=\"https:\/\/kmtwaterjet.com\/es-mx\/condiciones-de-la-orden-de-compra\/\" \/>\n<meta property=\"og:site_name\" content=\"KMT Waterjet\" \/>\n<meta property=\"article:modified_time\" content=\"2025-03-20T17:37:11+00:00\" \/>\n<meta property=\"og:image\" content=\"https:\/\/kmtwaterjet.com\/wp-content\/uploads\/KMT-Social-Sharing.jpg\" \/>\n\t<meta property=\"og:image:width\" content=\"1200\" \/>\n\t<meta property=\"og:image:height\" content=\"675\" \/>\n\t<meta property=\"og:image:type\" content=\"image\/jpeg\" \/>\n<meta name=\"twitter:card\" content=\"summary_large_image\" \/>\n<meta name=\"twitter:label1\" content=\"Tiempo de lectura\" \/>\n\t<meta name=\"twitter:data1\" content=\"10 minutos\" \/>\n<script type=\"application\/ld+json\" class=\"yoast-schema-graph\">{\"@context\":\"https:\\\/\\\/schema.org\",\"@graph\":[{\"@type\":\"WebPage\",\"@id\":\"https:\\\/\\\/kmtwaterjet.com\\\/es-mx\\\/condiciones-de-la-orden-de-compra\\\/\",\"url\":\"https:\\\/\\\/kmtwaterjet.com\\\/es-mx\\\/condiciones-de-la-orden-de-compra\\\/\",\"name\":\"Condiciones de la orden de compra | KMT Waterjet\",\"isPartOf\":{\"@id\":\"https:\\\/\\\/kmtwaterjet.com\\\/es-mx\\\/#website\"},\"datePublished\":\"2024-01-19T04:05:28+00:00\",\"dateModified\":\"2025-03-20T17:37:11+00:00\",\"description\":\"Explora los T\u00e9rminos y Condiciones de la Orden de Compra (Cadena de Suministro) de KMT para soluciones de chorro de agua de precisi\u00f3n. Aclara la entrega, la garant\u00eda y mucho m\u00e1s.\",\"breadcrumb\":{\"@id\":\"https:\\\/\\\/kmtwaterjet.com\\\/es-mx\\\/condiciones-de-la-orden-de-compra\\\/#breadcrumb\"},\"inLanguage\":\"es-MX\",\"potentialAction\":[{\"@type\":\"ReadAction\",\"target\":[\"https:\\\/\\\/kmtwaterjet.com\\\/es-mx\\\/condiciones-de-la-orden-de-compra\\\/\"]}]},{\"@type\":\"BreadcrumbList\",\"@id\":\"https:\\\/\\\/kmtwaterjet.com\\\/es-mx\\\/condiciones-de-la-orden-de-compra\\\/#breadcrumb\",\"itemListElement\":[{\"@type\":\"ListItem\",\"position\":1,\"name\":\"Home\",\"item\":\"https:\\\/\\\/kmtwaterjet.com\\\/es-mx\\\/\"},{\"@type\":\"ListItem\",\"position\":2,\"name\":\"Condiciones de la orden de compra\"}]},{\"@type\":\"WebSite\",\"@id\":\"https:\\\/\\\/kmtwaterjet.com\\\/es-mx\\\/#website\",\"url\":\"https:\\\/\\\/kmtwaterjet.com\\\/es-mx\\\/\",\"name\":\"KMT Waterjet\",\"description\":\"KMT Waterjet for waterjet cutting metal, stone, glass, steel and more\",\"publisher\":{\"@id\":\"https:\\\/\\\/kmtwaterjet.com\\\/es-mx\\\/#organization\"},\"potentialAction\":[{\"@type\":\"SearchAction\",\"target\":{\"@type\":\"EntryPoint\",\"urlTemplate\":\"https:\\\/\\\/kmtwaterjet.com\\\/es-mx\\\/?s={search_term_string}\"},\"query-input\":{\"@type\":\"PropertyValueSpecification\",\"valueRequired\":true,\"valueName\":\"search_term_string\"}}],\"inLanguage\":\"es-MX\"},{\"@type\":\"Organization\",\"@id\":\"https:\\\/\\\/kmtwaterjet.com\\\/es-mx\\\/#organization\",\"name\":\"KMT Waterjet\",\"url\":\"https:\\\/\\\/kmtwaterjet.com\\\/es-mx\\\/\",\"logo\":{\"@type\":\"ImageObject\",\"inLanguage\":\"es-MX\",\"@id\":\"https:\\\/\\\/kmtwaterjet.com\\\/es-mx\\\/#\\\/schema\\\/logo\\\/image\\\/\",\"url\":\"https:\\\/\\\/kmtwaterjet.com\\\/wp-content\\\/uploads\\\/kmt_logo_2020.png\",\"contentUrl\":\"https:\\\/\\\/kmtwaterjet.com\\\/wp-content\\\/uploads\\\/kmt_logo_2020.png\",\"width\":1002,\"height\":605,\"caption\":\"KMT Waterjet\"},\"image\":{\"@id\":\"https:\\\/\\\/kmtwaterjet.com\\\/es-mx\\\/#\\\/schema\\\/logo\\\/image\\\/\"}}]}<\/script>\n<!-- \/ Yoast SEO plugin. -->","yoast_head_json":{"title":"Condiciones de la orden de compra | KMT Waterjet","description":"Explora los T\u00e9rminos y Condiciones de la Orden de Compra (Cadena de Suministro) de KMT para soluciones de chorro de agua de precisi\u00f3n. Aclara la entrega, la garant\u00eda y mucho m\u00e1s.","robots":{"index":"index","follow":"follow","max-snippet":"max-snippet:-1","max-image-preview":"max-image-preview:large","max-video-preview":"max-video-preview:-1"},"canonical":"https:\/\/kmtwaterjet.com\/es-mx\/condiciones-de-la-orden-de-compra\/","og_locale":"es_MX","og_type":"article","og_title":"Condiciones de la orden de compra | KMT Waterjet","og_description":"Explora los T\u00e9rminos y Condiciones de la Orden de Compra (Cadena de Suministro) de KMT para soluciones de chorro de agua de precisi\u00f3n. Aclara la entrega, la garant\u00eda y mucho m\u00e1s.","og_url":"https:\/\/kmtwaterjet.com\/es-mx\/condiciones-de-la-orden-de-compra\/","og_site_name":"KMT Waterjet","article_modified_time":"2025-03-20T17:37:11+00:00","og_image":[{"width":1200,"height":675,"url":"https:\/\/kmtwaterjet.com\/wp-content\/uploads\/KMT-Social-Sharing.jpg","type":"image\/jpeg"}],"twitter_card":"summary_large_image","twitter_misc":{"Tiempo de lectura":"10 minutos"},"schema":{"@context":"https:\/\/schema.org","@graph":[{"@type":"WebPage","@id":"https:\/\/kmtwaterjet.com\/es-mx\/condiciones-de-la-orden-de-compra\/","url":"https:\/\/kmtwaterjet.com\/es-mx\/condiciones-de-la-orden-de-compra\/","name":"Condiciones de la orden de compra | KMT Waterjet","isPartOf":{"@id":"https:\/\/kmtwaterjet.com\/es-mx\/#website"},"datePublished":"2024-01-19T04:05:28+00:00","dateModified":"2025-03-20T17:37:11+00:00","description":"Explora los T\u00e9rminos y Condiciones de la Orden de Compra (Cadena de Suministro) de KMT para soluciones de chorro de agua de precisi\u00f3n. Aclara la entrega, la garant\u00eda y mucho m\u00e1s.","breadcrumb":{"@id":"https:\/\/kmtwaterjet.com\/es-mx\/condiciones-de-la-orden-de-compra\/#breadcrumb"},"inLanguage":"es-MX","potentialAction":[{"@type":"ReadAction","target":["https:\/\/kmtwaterjet.com\/es-mx\/condiciones-de-la-orden-de-compra\/"]}]},{"@type":"BreadcrumbList","@id":"https:\/\/kmtwaterjet.com\/es-mx\/condiciones-de-la-orden-de-compra\/#breadcrumb","itemListElement":[{"@type":"ListItem","position":1,"name":"Home","item":"https:\/\/kmtwaterjet.com\/es-mx\/"},{"@type":"ListItem","position":2,"name":"Condiciones de la orden de compra"}]},{"@type":"WebSite","@id":"https:\/\/kmtwaterjet.com\/es-mx\/#website","url":"https:\/\/kmtwaterjet.com\/es-mx\/","name":"KMT Waterjet","description":"KMT Waterjet for waterjet cutting metal, stone, glass, steel and more","publisher":{"@id":"https:\/\/kmtwaterjet.com\/es-mx\/#organization"},"potentialAction":[{"@type":"SearchAction","target":{"@type":"EntryPoint","urlTemplate":"https:\/\/kmtwaterjet.com\/es-mx\/?s={search_term_string}"},"query-input":{"@type":"PropertyValueSpecification","valueRequired":true,"valueName":"search_term_string"}}],"inLanguage":"es-MX"},{"@type":"Organization","@id":"https:\/\/kmtwaterjet.com\/es-mx\/#organization","name":"KMT Waterjet","url":"https:\/\/kmtwaterjet.com\/es-mx\/","logo":{"@type":"ImageObject","inLanguage":"es-MX","@id":"https:\/\/kmtwaterjet.com\/es-mx\/#\/schema\/logo\/image\/","url":"https:\/\/kmtwaterjet.com\/wp-content\/uploads\/kmt_logo_2020.png","contentUrl":"https:\/\/kmtwaterjet.com\/wp-content\/uploads\/kmt_logo_2020.png","width":1002,"height":605,"caption":"KMT Waterjet"},"image":{"@id":"https:\/\/kmtwaterjet.com\/es-mx\/#\/schema\/logo\/image\/"}}]}},"_links":{"self":[{"href":"https:\/\/kmtwaterjet.com\/es-mx\/wp-json\/wp\/v2\/pages\/29215","targetHints":{"allow":["GET"]}}],"collection":[{"href":"https:\/\/kmtwaterjet.com\/es-mx\/wp-json\/wp\/v2\/pages"}],"about":[{"href":"https:\/\/kmtwaterjet.com\/es-mx\/wp-json\/wp\/v2\/types\/page"}],"author":[{"embeddable":true,"href":"https:\/\/kmtwaterjet.com\/es-mx\/wp-json\/wp\/v2\/users\/12"}],"replies":[{"embeddable":true,"href":"https:\/\/kmtwaterjet.com\/es-mx\/wp-json\/wp\/v2\/comments?post=29215"}],"version-history":[{"count":0,"href":"https:\/\/kmtwaterjet.com\/es-mx\/wp-json\/wp\/v2\/pages\/29215\/revisions"}],"wp:attachment":[{"href":"https:\/\/kmtwaterjet.com\/es-mx\/wp-json\/wp\/v2\/media?parent=29215"}],"wp:term":[{"taxonomy":"page-type","embeddable":true,"href":"https:\/\/kmtwaterjet.com\/es-mx\/wp-json\/wp\/v2\/page-type?post=29215"}],"curies":[{"name":"wp","href":"https:\/\/api.w.org\/{rel}","templated":true}]}}