{"id":28886,"date":"2024-01-26T11:11:48","date_gmt":"2024-01-26T17:11:48","guid":{"rendered":"https:\/\/kmtwaterjet.com\/politica-de-privacidad-de-kmt\/"},"modified":"2025-02-17T13:05:20","modified_gmt":"2025-02-17T19:05:20","slug":"politica-de-privacidad-de-kmt","status":"publish","type":"page","link":"https:\/\/kmtwaterjet.com\/es-mx\/politica-de-privacidad-de-kmt\/","title":{"rendered":"Pol\u00edtica de privacidad de KMT"},"content":{"rendered":"\t\t<div data-elementor-type=\"wp-page\" data-elementor-id=\"28886\" class=\"elementor elementor-28886 elementor-3781\" data-elementor-post-type=\"page\">\n\t\t\t\t<div class=\"elementor-element elementor-element-20e8b0c e-flex e-con-boxed e-con e-parent\" data-id=\"20e8b0c\" data-element_type=\"container\" data-e-type=\"container\" data-settings=\"{&quot;background_background&quot;:&quot;classic&quot;,&quot;shape_divider_bottom&quot;:&quot;waves&quot;,&quot;shape_divider_bottom_negative&quot;:&quot;yes&quot;}\">\n\t\t\t\t\t<div class=\"e-con-inner\">\n\t\t\t\t<div class=\"elementor-shape elementor-shape-bottom\" aria-hidden=\"true\" data-negative=\"true\">\n\t\t\t<svg xmlns=\"http:\/\/www.w3.org\/2000\/svg\" viewBox=\"0 0 1000 100\" preserveAspectRatio=\"none\">\n\t<path class=\"elementor-shape-fill\" d=\"M790.5,93.1c-59.3-5.3-116.8-18-192.6-50c-29.6-12.7-76.9-31-100.5-35.9c-23.6-4.9-52.6-7.8-75.5-5.3\n\tc-10.2,1.1-22.6,1.4-50.1,7.4c-27.2,6.3-58.2,16.6-79.4,24.7c-41.3,15.9-94.9,21.9-134,22.6C72,58.2,0,25.8,0,25.8V100h1000V65.3\n\tc0,0-51.5,19.4-106.2,25.7C839.5,97,814.1,95.2,790.5,93.1z\"\/>\n<\/svg>\t\t<\/div>\n\t\t<div class=\"elementor-element elementor-element-3db032c e-con-full e-flex e-con e-child\" data-id=\"3db032c\" data-element_type=\"container\" data-e-type=\"container\">\n\t\t\t\t<div class=\"elementor-element elementor-element-d577189 elementor-widget__width-initial elementor-widget elementor-widget-heading\" data-id=\"d577189\" data-element_type=\"widget\" data-e-type=\"widget\" data-widget_type=\"heading.default\">\n\t\t\t\t<div class=\"elementor-widget-container\">\n\t\t\t\t\t<h2 class=\"elementor-heading-title elementor-size-default\">POL\u00cdTICA DE PRIVACIDAD DE KMT<\/h2>\t\t\t\t<\/div>\n\t\t\t\t<\/div>\n\t\t\t\t<div class=\"elementor-element elementor-element-8ac114c elementor-widget-divider--view-line elementor-widget elementor-widget-divider\" data-id=\"8ac114c\" data-element_type=\"widget\" data-e-type=\"widget\" data-widget_type=\"divider.default\">\n\t\t\t\t<div class=\"elementor-widget-container\">\n\t\t\t\t\t\t\t<div class=\"elementor-divider\">\n\t\t\t<span class=\"elementor-divider-separator\">\n\t\t\t\t\t\t<\/span>\n\t\t<\/div>\n\t\t\t\t\t\t<\/div>\n\t\t\t\t<\/div>\n\t\t<div class=\"elementor-element elementor-element-cf345b2 e-con-full e-flex e-con e-child\" data-id=\"cf345b2\" data-element_type=\"container\" data-e-type=\"container\">\n\t\t\t\t<div class=\"elementor-element elementor-element-b64b37c elementor-widget elementor-widget-text-editor\" data-id=\"b64b37c\" data-element_type=\"widget\" data-e-type=\"widget\" data-widget_type=\"text-editor.default\">\n\t\t\t\t<div class=\"elementor-widget-container\">\n\t\t\t\t\t\t\t\t\t<p>Gracias por visitar el sitio web de Internet (&#8220;Sitio&#8221;) de KMT Waterjet Systems, Inc. (&#8220;KMT&#8221;), situado en www.kmtwaterjet.com y www.kmtgenuineparts.com. Esta Pol\u00edtica de Privacidad detalla ciertas pol\u00edticas implementadas en KMT que rigen el uso por KMT de la informaci\u00f3n personal identificable sobre los usuarios de nuestro Sitio.<\/p>\n<p>KMT reconoce la importancia de proteger la informaci\u00f3n personal, y protegemos la informaci\u00f3n personal de forma adecuada.<br \/>\nKMT sigue las normas y reglamentos relativos a la adquisici\u00f3n, uso y suministro, etc. de informaci\u00f3n personal, y bas\u00e1ndose en ellos, maneja la informaci\u00f3n personal de forma adecuada. <\/p>\n<p>Para garantizar la exactitud y seguridad de la informaci\u00f3n personal, KMT adopta medidas de seguridad y control de datos\/informaci\u00f3n, esforz\u00e1ndose as\u00ed por impedir el acceso no autorizado a la informaci\u00f3n personal o evitar la p\u00e9rdida, destrucci\u00f3n, falsificaci\u00f3n y filtraci\u00f3n de informaci\u00f3n personal.<\/p>\n<p>KMT puede recoger informaci\u00f3n relativa a la visita de usuarios individuales en el sitio de KMT.<br \/>\nKMT tambi\u00e9n puede utilizar informaci\u00f3n relativa a usuarios individuales para enviar informaci\u00f3n sobre productos y material promocional sobre KMT o sus afiliados.<br \/>\nLa informaci?n personal recogida en el sitio de KMT puede ser almacenada y procesada en Suecia o en cualquier otro pa?s en el que KMT o sus afiliados tengan instalaciones, y al utilizar el sitio o los servicios de KMT, das tu consentimiento a dicha transferencia de informaci?n fuera de tu pa?s.  <\/p>\n<p>Respetando los derechos de informaci\u00f3n de los usuarios\/clientes individuales, KMT cumplir\u00e1 con las solicitudes de los usuarios\/clientes individuales implicados para la divulgaci\u00f3n de su informaci\u00f3n personal, la modificaci\u00f3n, adici\u00f3n o eliminaci\u00f3n y borrado del contenido de su informaci\u00f3n personal, y la suspensi\u00f3n del suministro de informaci\u00f3n a terceros, de acuerdo con las disposiciones de las leyes pertinentes.  <\/p><\/p>\n\t\t\t\t\t\t\t\t<\/div>\n\t\t\t\t<\/div>\n\t\t\t\t<div class=\"elementor-element elementor-element-94b04af elementor-widget elementor-widget-heading\" data-id=\"94b04af\" data-element_type=\"widget\" data-e-type=\"widget\" data-widget_type=\"heading.default\">\n\t\t\t\t<div class=\"elementor-widget-container\">\n\t\t\t\t\t<h4 class=\"elementor-heading-title elementor-size-default\">Actualizaciones de la Pol\u00edtica de Privacidad<\/h4>\t\t\t\t<\/div>\n\t\t\t\t<\/div>\n\t\t\t\t<div class=\"elementor-element elementor-element-344d3f9 elementor-widget elementor-widget-text-editor\" data-id=\"344d3f9\" data-element_type=\"widget\" data-e-type=\"widget\" data-widget_type=\"text-editor.default\">\n\t\t\t\t<div class=\"elementor-widget-container\">\n\t\t\t\t\t\t\t\t\t<p>Debido a la r\u00e1pida evoluci\u00f3n de Internet, KMT puede necesitar actualizar esta Pol\u00edtica de Privacidad de vez en cuando. La Pol\u00edtica de Privacidad actualizada de KMT estar\u00e1 en https:\/\/kmtwaterjet.com\/a-kmt-genuine-parts-privacy.aspx. <\/p>\n<p>KMT puede enviar a los usuarios registrados un correo electr\u00f3nico, para que sepas en todo momento qu\u00e9 informaci\u00f3n personal identificable podemos recoger y c\u00f3mo podemos utilizar esta informaci\u00f3n.<br \/>\nKMT te anima a que revises regularmente esta Pol\u00edtica de Privacidad para conocer cualquier cambio.<br \/>\nTu uso continuado de este Sitio y\/o el suministro continuado de informaci\u00f3n personal identificable a nosotros estar\u00e1 sujeto a los t\u00e9rminos de la Pol\u00edtica de Privacidad vigente en ese momento.  <\/p>\n\t\t\t\t\t\t\t\t<\/div>\n\t\t\t\t<\/div>\n\t\t\t\t<div class=\"elementor-element elementor-element-1d1691a elementor-widget elementor-widget-heading\" data-id=\"1d1691a\" data-element_type=\"widget\" data-e-type=\"widget\" data-widget_type=\"heading.default\">\n\t\t\t\t<div class=\"elementor-widget-container\">\n\t\t\t\t\t<h4 class=\"elementor-heading-title elementor-size-default\">Recogida y uso de la informaci\u00f3n<\/h4>\t\t\t\t<\/div>\n\t\t\t\t<\/div>\n\t\t\t\t<div class=\"elementor-element elementor-element-5ed9843 elementor-widget elementor-widget-text-editor\" data-id=\"5ed9843\" data-element_type=\"widget\" data-e-type=\"widget\" data-widget_type=\"text-editor.default\">\n\t\t\t\t<div class=\"elementor-widget-container\">\n\t\t\t\t\t\t\t\t\t<p>Este sitio web se basa en el registro y en la introducci\u00f3n de una identificaci\u00f3n de usuario y una contrase\u00f1a.<br \/>\nSi compras productos, es posible que te invitemos a ponerte en contacto con nosotros para hacernos preguntas o comentarios o para solicitar informaci\u00f3n, hacernos llegar tus comentarios o rellenar un formulario de registro.<br \/>\nDebido a la naturaleza de algunas de estas actividades, recopilaremos informaci\u00f3n de identificaci\u00f3n personal, como tu nombre, datos de contacto como tu direcci\u00f3n, direcci\u00f3n de correo electr\u00f3nico, n\u00famero de tel\u00e9fono, nombre de usuario, contrase\u00f1a, n\u00famero de tarjeta de cr\u00e9dito u otra informaci\u00f3n de la cuenta financiera, y otra informaci\u00f3n de contacto que nos transmitas voluntariamente con tu comunicaci\u00f3n.  <br \/>Podemos utilizar tu informaci\u00f3n personal identificable para registrarte para utilizar nuestro Sitio, entregarte determinados productos, proporcionarte avisos relativos a productos que hayas comprado, proporcionarte avisos relativos a productos y\/o servicios que podr\u00edas querer comprar en el futuro y verificar tu autoridad para entrar en nuestro Sitio, y mejorar el contenido y la administraci\u00f3n general del Sitio y de nuestros Servicios y para publicidad dirigida.<\/p>\n\t\t\t\t\t\t\t\t<\/div>\n\t\t\t\t<\/div>\n\t\t\t\t<div class=\"elementor-element elementor-element-8e5967b elementor-widget elementor-widget-heading\" data-id=\"8e5967b\" data-element_type=\"widget\" data-e-type=\"widget\" data-widget_type=\"heading.default\">\n\t\t\t\t<div class=\"elementor-widget-container\">\n\t\t\t\t\t<h4 class=\"elementor-heading-title elementor-size-default\">Cookies<\/h4>\t\t\t\t<\/div>\n\t\t\t\t<\/div>\n\t\t\t\t<div class=\"elementor-element elementor-element-0fa3487 elementor-widget elementor-widget-text-editor\" data-id=\"0fa3487\" data-element_type=\"widget\" data-e-type=\"widget\" data-widget_type=\"text-editor.default\">\n\t\t\t\t<div class=\"elementor-widget-container\">\n\t\t\t\t\t\t\t\t\t<p>Podemos utilizar peque\u00f1os archivos de texto llamados cookies para mejorar la experiencia general del Sitio.<br \/>\nUna cookie es un dato almacenado en el disco duro del usuario que contiene informaci\u00f3n sobre el usuario.<br \/>\nPor lo general, las cookies no nos permiten identificarte personalmente.  <\/p>\n\t\t\t\t\t\t\t\t<\/div>\n\t\t\t\t<\/div>\n\t\t\t\t<div class=\"elementor-element elementor-element-dd13168 elementor-widget elementor-widget-heading\" data-id=\"dd13168\" data-element_type=\"widget\" data-e-type=\"widget\" data-widget_type=\"heading.default\">\n\t\t\t\t<div class=\"elementor-widget-container\">\n\t\t\t\t\t<h4 class=\"elementor-heading-title elementor-size-default\">Informaci\u00f3n agregada<\/h4>\t\t\t\t<\/div>\n\t\t\t\t<\/div>\n\t\t\t\t<div class=\"elementor-element elementor-element-c180bd3 elementor-widget elementor-widget-text-editor\" data-id=\"c180bd3\" data-element_type=\"widget\" data-e-type=\"widget\" data-widget_type=\"text-editor.default\">\n\t\t\t\t<div class=\"elementor-widget-container\">\n\t\t\t\t\t\t\t\t\t<p>El Sitio puede rastrear el n\u00famero total de visitantes de nuestro Sitio, el n\u00famero de visitantes de cada p\u00e1gina de nuestro Sitio, el tipo de navegador y las direcciones IP, y podemos analizar estos datos para obtener tendencias y estad\u00edsticas en conjunto, pero dicha informaci\u00f3n se mantendr\u00e1, utilizar\u00e1 y divulgar\u00e1 \u00fanicamente de forma agregada y no contendr\u00e1 informaci\u00f3n de identificaci\u00f3n personal.<br \/>\nPodemos utilizar dicha informaci\u00f3n agregada para analizar tendencias, administrar el Sitio, rastrear el movimiento de los usuarios y recopilar informaci\u00f3n demogr\u00e1fica amplia para uso agregado. <\/p>\n\t\t\t\t\t\t\t\t<\/div>\n\t\t\t\t<\/div>\n\t\t\t\t<div class=\"elementor-element elementor-element-450ac95 elementor-widget elementor-widget-heading\" data-id=\"450ac95\" data-element_type=\"widget\" data-e-type=\"widget\" data-widget_type=\"heading.default\">\n\t\t\t\t<div class=\"elementor-widget-container\">\n\t\t\t\t\t<h4 class=\"elementor-heading-title elementor-size-default\">Divulgaci\u00f3n<\/h4>\t\t\t\t<\/div>\n\t\t\t\t<\/div>\n\t\t\t\t<div class=\"elementor-element elementor-element-c264c5c elementor-widget elementor-widget-text-editor\" data-id=\"c264c5c\" data-element_type=\"widget\" data-e-type=\"widget\" data-widget_type=\"text-editor.default\">\n\t\t\t\t<div class=\"elementor-widget-container\">\n\t\t\t\t\t\t\t\t\t<p>Podemos proporcionar tu informaci\u00f3n personal identificable y los datos generados por las cookies y la informaci\u00f3n agregada a los proveedores y agencias de servicios que podamos contratar para que nos ayuden a prestarte nuestros Servicios.<br \/>\nPor ejemplo, podemos facilitar tus datos de identificaci\u00f3n personal a una empresa de procesamiento de tarjetas de cr\u00e9dito para que procese tu pago o a una agencia de marketing, investigaci\u00f3n y\/o publicidad para que te env\u00ede publicidad en nuestro nombre.<br \/>\nDichas entidades terceras pueden estar restringidas de distribuir m\u00e1s tu informaci\u00f3n personal identificable y de utilizar tu informaci\u00f3n personal identificable con fines comerciales y pueden estar obligadas a un acuerdo de confidencialidad por escrito que sea al menos tan protector de tu informaci\u00f3n personal identificable como los t\u00e9rminos de esta Pol\u00edtica de Privacidad.<br \/>\nRevelaremos tu informaci\u00f3n de identificaci\u00f3n personal si creemos razonablemente que estamos obligados a hacerlo por ley, reglamento u otra autoridad gubernamental.<br \/>\nNo venderemos tu informaci\u00f3n personal identificable a ninguna empresa u organizaci\u00f3n, salvo que podamos transferir tu informaci\u00f3n personal identificable a una entidad sucesora en caso de fusi\u00f3n, consolidaci\u00f3n u otra reorganizaci\u00f3n corporativa en la que participe KMT o a un comprador de todos o sustancialmente todos los activos de KMT a los que se refiere este Sitio.    <\/p>\n\t\t\t\t\t\t\t\t<\/div>\n\t\t\t\t<\/div>\n\t\t\t\t<div class=\"elementor-element elementor-element-b04d651 elementor-widget elementor-widget-heading\" data-id=\"b04d651\" data-element_type=\"widget\" data-e-type=\"widget\" data-widget_type=\"heading.default\">\n\t\t\t\t<div class=\"elementor-widget-container\">\n\t\t\t\t\t<h4 class=\"elementor-heading-title elementor-size-default\">Enlaces a sitios de terceros<\/h4>\t\t\t\t<\/div>\n\t\t\t\t<\/div>\n\t\t\t\t<div class=\"elementor-element elementor-element-9e062e2 elementor-widget elementor-widget-text-editor\" data-id=\"9e062e2\" data-element_type=\"widget\" data-e-type=\"widget\" data-widget_type=\"text-editor.default\">\n\t\t\t\t<div class=\"elementor-widget-container\">\n\t\t\t\t\t\t\t\t\t<p>El Sitio puede proporcionar enlaces a otros sitios Web o recursos sobre los que KMT no tiene control (&#8220;Sitios Web Externos&#8221;).<br \/>\nTales enlaces no constituyen un respaldo de KMT a esos Sitios Web Externos.<br \/>\nReconoces que KMT te proporciona estos enlaces s\u00f3lo para tu comodidad, y adem\u00e1s aceptas que KMT no es responsable del contenido de dichos Sitios Web Externos.<br \/>\nTu uso de Sitios Web Externos est\u00e1 sujeto a las condiciones de uso y pol\u00edticas de privacidad localizadas en los Sitios Web Externos enlazados.   <\/p>\n\t\t\t\t\t\t\t\t<\/div>\n\t\t\t\t<\/div>\n\t\t\t\t<div class=\"elementor-element elementor-element-3223930 elementor-widget elementor-widget-heading\" data-id=\"3223930\" data-element_type=\"widget\" data-e-type=\"widget\" data-widget_type=\"heading.default\">\n\t\t\t\t<div class=\"elementor-widget-container\">\n\t\t\t\t\t<h4 class=\"elementor-heading-title elementor-size-default\">Seguridad<\/h4>\t\t\t\t<\/div>\n\t\t\t\t<\/div>\n\t\t\t\t<div class=\"elementor-element elementor-element-1abf053 elementor-widget elementor-widget-text-editor\" data-id=\"1abf053\" data-element_type=\"widget\" data-e-type=\"widget\" data-widget_type=\"text-editor.default\">\n\t\t\t\t<div class=\"elementor-widget-container\">\n\t\t\t\t\t\t\t\t\t<p>Podemos emplear medidas de seguridad de procedimiento y tecnol\u00f3gicas que est\u00e9n razonablemente dise\u00f1adas para ayudar a proteger tu informaci\u00f3n personalmente identificable de la p\u00e9rdida, acceso no autorizado, revelaci\u00f3n, alteraci\u00f3n o destrucci\u00f3n. KMT puede utilizar una capa de conexi\u00f3n segura, protecci\u00f3n por contrase\u00f1a y otras medidas de seguridad para ayudar a prevenir el acceso no autorizado a tu informaci\u00f3n personal identificable.<br \/>Correcci\u00f3n\/Actualizaci\u00f3n de la Informaci\u00f3n Personal Identificable<br \/>KMT te proporciona la posibilidad de revisar, corregir y eliminar cualquier informaci\u00f3n personal identificable que nos hayas proporcionado. Si deseas revisar o corregir cualquier informaci\u00f3n que nos hayas proporcionado, puedes enviarnos una solicitud a trav\u00e9s de la informaci\u00f3n de contacto que aparece m\u00e1s abajo o acceder a tu cuenta online.  <\/p>\n<p>Si tienes alguna pregunta sobre esta Pol\u00edtica de privacidad, ponte en contacto con nosotros por correo electr\u00f3nico en sales@kmtwaterjet.com.<\/p>\n<p>Esta Pol\u00edtica de Privacidad es efectiva desde: 1 de mayo de 2011<\/p>\n<p><a href=\"https:\/\/kmtwaterjet.com\/es-mx\/politica-de-privacidad-del-tratamiento-de-datos-gdpr\/\">AVISO SOBRE LA POL\u00cdTICA DE PRIVACIDAD DEL TRATAMIENTO DE DATOS GDPR (UE)  &gt; <\/a><\/p>\n\t\t\t\t\t\t\t\t<\/div>\n\t\t\t\t<\/div>\n\t\t\t\t<\/div>\n\t\t\t\t<\/div>\n\t\t\t\t\t<\/div>\n\t\t\t\t<\/div>\n\t\t\t\t<\/div>\n\t\t","protected":false},"excerpt":{"rendered":"<p>POL\u00cdTICA DE PRIVACIDAD DE KMT Gracias por visitar el sitio web de Internet (&#8220;Sitio&#8221;) de KMT Waterjet Systems, Inc. (&#8220;KMT&#8221;), situado en www.kmtwaterjet.com y www.kmtgenuineparts.com. Esta Pol\u00edtica de Privacidad detalla ciertas pol\u00edticas implementadas en KMT que rigen el uso por KMT de la informaci\u00f3n personal identificable sobre los usuarios de nuestro Sitio. KMT reconoce la [&hellip;]<\/p>\n","protected":false},"author":17,"featured_media":0,"parent":0,"menu_order":0,"comment_status":"closed","ping_status":"closed","template":"elementor_header_footer","meta":{"_acf_changed":false,"footnotes":""},"page-type":[],"class_list":["post-28886","page","type-page","status-publish","hentry"],"acf":[],"yoast_head":"<!-- This site is optimized with the Yoast SEO plugin v27.3 - https:\/\/yoast.com\/product\/yoast-seo-wordpress\/ -->\n<title>Pol\u00edtica de privacidad de KMT | KMT Waterjet<\/title>\n<meta name=\"description\" content=\"Pol\u00edtica de privacidad de KMT: Protegiendo tu informaci\u00f3n personal con medidas de seguridad. Mantente informado sobre nuestras pr\u00e1cticas y actualizaciones.\" \/>\n<meta name=\"robots\" content=\"index, follow, max-snippet:-1, max-image-preview:large, max-video-preview:-1\" \/>\n<link rel=\"canonical\" href=\"https:\/\/kmtwaterjet.com\/es-mx\/politica-de-privacidad-de-kmt\/\" \/>\n<meta property=\"og:locale\" content=\"es_MX\" \/>\n<meta property=\"og:type\" content=\"article\" \/>\n<meta property=\"og:title\" content=\"Pol\u00edtica de privacidad de KMT | KMT Waterjet\" \/>\n<meta property=\"og:description\" content=\"Pol\u00edtica de privacidad de KMT: Protegiendo tu informaci\u00f3n personal con medidas de seguridad. Mantente informado sobre nuestras pr\u00e1cticas y actualizaciones.\" \/>\n<meta property=\"og:url\" content=\"https:\/\/kmtwaterjet.com\/es-mx\/politica-de-privacidad-de-kmt\/\" \/>\n<meta property=\"og:site_name\" content=\"KMT Waterjet\" \/>\n<meta property=\"article:modified_time\" content=\"2025-02-17T19:05:20+00:00\" \/>\n<meta property=\"og:image\" content=\"https:\/\/kmtwaterjet.com\/wp-content\/uploads\/KMT-Social-Sharing.jpg\" \/>\n\t<meta property=\"og:image:width\" content=\"1200\" \/>\n\t<meta property=\"og:image:height\" content=\"675\" \/>\n\t<meta property=\"og:image:type\" content=\"image\/jpeg\" \/>\n<meta name=\"twitter:card\" content=\"summary_large_image\" \/>\n<meta name=\"twitter:label1\" content=\"Tiempo de lectura\" \/>\n\t<meta name=\"twitter:data1\" content=\"7 minutos\" \/>\n<script type=\"application\/ld+json\" class=\"yoast-schema-graph\">{\"@context\":\"https:\\\/\\\/schema.org\",\"@graph\":[{\"@type\":\"WebPage\",\"@id\":\"https:\\\/\\\/kmtwaterjet.com\\\/es-mx\\\/politica-de-privacidad-de-kmt\\\/\",\"url\":\"https:\\\/\\\/kmtwaterjet.com\\\/es-mx\\\/politica-de-privacidad-de-kmt\\\/\",\"name\":\"Pol\u00edtica de privacidad de KMT | KMT Waterjet\",\"isPartOf\":{\"@id\":\"https:\\\/\\\/kmtwaterjet.com\\\/es-mx\\\/#website\"},\"datePublished\":\"2024-01-26T17:11:48+00:00\",\"dateModified\":\"2025-02-17T19:05:20+00:00\",\"description\":\"Pol\u00edtica de privacidad de KMT: Protegiendo tu informaci\u00f3n personal con medidas de seguridad. Mantente informado sobre nuestras pr\u00e1cticas y actualizaciones.\",\"breadcrumb\":{\"@id\":\"https:\\\/\\\/kmtwaterjet.com\\\/es-mx\\\/politica-de-privacidad-de-kmt\\\/#breadcrumb\"},\"inLanguage\":\"es-MX\",\"potentialAction\":[{\"@type\":\"ReadAction\",\"target\":[\"https:\\\/\\\/kmtwaterjet.com\\\/es-mx\\\/politica-de-privacidad-de-kmt\\\/\"]}]},{\"@type\":\"BreadcrumbList\",\"@id\":\"https:\\\/\\\/kmtwaterjet.com\\\/es-mx\\\/politica-de-privacidad-de-kmt\\\/#breadcrumb\",\"itemListElement\":[{\"@type\":\"ListItem\",\"position\":1,\"name\":\"Home\",\"item\":\"https:\\\/\\\/kmtwaterjet.com\\\/es-mx\\\/\"},{\"@type\":\"ListItem\",\"position\":2,\"name\":\"Pol\u00edtica de privacidad de KMT\"}]},{\"@type\":\"WebSite\",\"@id\":\"https:\\\/\\\/kmtwaterjet.com\\\/es-mx\\\/#website\",\"url\":\"https:\\\/\\\/kmtwaterjet.com\\\/es-mx\\\/\",\"name\":\"KMT Waterjet\",\"description\":\"KMT Waterjet for waterjet cutting metal, stone, glass, steel and more\",\"publisher\":{\"@id\":\"https:\\\/\\\/kmtwaterjet.com\\\/es-mx\\\/#organization\"},\"potentialAction\":[{\"@type\":\"SearchAction\",\"target\":{\"@type\":\"EntryPoint\",\"urlTemplate\":\"https:\\\/\\\/kmtwaterjet.com\\\/es-mx\\\/?s={search_term_string}\"},\"query-input\":{\"@type\":\"PropertyValueSpecification\",\"valueRequired\":true,\"valueName\":\"search_term_string\"}}],\"inLanguage\":\"es-MX\"},{\"@type\":\"Organization\",\"@id\":\"https:\\\/\\\/kmtwaterjet.com\\\/es-mx\\\/#organization\",\"name\":\"KMT Waterjet\",\"url\":\"https:\\\/\\\/kmtwaterjet.com\\\/es-mx\\\/\",\"logo\":{\"@type\":\"ImageObject\",\"inLanguage\":\"es-MX\",\"@id\":\"https:\\\/\\\/kmtwaterjet.com\\\/es-mx\\\/#\\\/schema\\\/logo\\\/image\\\/\",\"url\":\"https:\\\/\\\/kmtwaterjet.com\\\/wp-content\\\/uploads\\\/kmt_logo_2020.png\",\"contentUrl\":\"https:\\\/\\\/kmtwaterjet.com\\\/wp-content\\\/uploads\\\/kmt_logo_2020.png\",\"width\":1002,\"height\":605,\"caption\":\"KMT Waterjet\"},\"image\":{\"@id\":\"https:\\\/\\\/kmtwaterjet.com\\\/es-mx\\\/#\\\/schema\\\/logo\\\/image\\\/\"}}]}<\/script>\n<!-- \/ Yoast SEO plugin. -->","yoast_head_json":{"title":"Pol\u00edtica de privacidad de KMT | KMT Waterjet","description":"Pol\u00edtica de privacidad de KMT: Protegiendo tu informaci\u00f3n personal con medidas de seguridad. Mantente informado sobre nuestras pr\u00e1cticas y actualizaciones.","robots":{"index":"index","follow":"follow","max-snippet":"max-snippet:-1","max-image-preview":"max-image-preview:large","max-video-preview":"max-video-preview:-1"},"canonical":"https:\/\/kmtwaterjet.com\/es-mx\/politica-de-privacidad-de-kmt\/","og_locale":"es_MX","og_type":"article","og_title":"Pol\u00edtica de privacidad de KMT | KMT Waterjet","og_description":"Pol\u00edtica de privacidad de KMT: Protegiendo tu informaci\u00f3n personal con medidas de seguridad. Mantente informado sobre nuestras pr\u00e1cticas y actualizaciones.","og_url":"https:\/\/kmtwaterjet.com\/es-mx\/politica-de-privacidad-de-kmt\/","og_site_name":"KMT Waterjet","article_modified_time":"2025-02-17T19:05:20+00:00","og_image":[{"width":1200,"height":675,"url":"https:\/\/kmtwaterjet.com\/wp-content\/uploads\/KMT-Social-Sharing.jpg","type":"image\/jpeg"}],"twitter_card":"summary_large_image","twitter_misc":{"Tiempo de lectura":"7 minutos"},"schema":{"@context":"https:\/\/schema.org","@graph":[{"@type":"WebPage","@id":"https:\/\/kmtwaterjet.com\/es-mx\/politica-de-privacidad-de-kmt\/","url":"https:\/\/kmtwaterjet.com\/es-mx\/politica-de-privacidad-de-kmt\/","name":"Pol\u00edtica de privacidad de KMT | KMT Waterjet","isPartOf":{"@id":"https:\/\/kmtwaterjet.com\/es-mx\/#website"},"datePublished":"2024-01-26T17:11:48+00:00","dateModified":"2025-02-17T19:05:20+00:00","description":"Pol\u00edtica de privacidad de KMT: Protegiendo tu informaci\u00f3n personal con medidas de seguridad. Mantente informado sobre nuestras pr\u00e1cticas y actualizaciones.","breadcrumb":{"@id":"https:\/\/kmtwaterjet.com\/es-mx\/politica-de-privacidad-de-kmt\/#breadcrumb"},"inLanguage":"es-MX","potentialAction":[{"@type":"ReadAction","target":["https:\/\/kmtwaterjet.com\/es-mx\/politica-de-privacidad-de-kmt\/"]}]},{"@type":"BreadcrumbList","@id":"https:\/\/kmtwaterjet.com\/es-mx\/politica-de-privacidad-de-kmt\/#breadcrumb","itemListElement":[{"@type":"ListItem","position":1,"name":"Home","item":"https:\/\/kmtwaterjet.com\/es-mx\/"},{"@type":"ListItem","position":2,"name":"Pol\u00edtica de privacidad de KMT"}]},{"@type":"WebSite","@id":"https:\/\/kmtwaterjet.com\/es-mx\/#website","url":"https:\/\/kmtwaterjet.com\/es-mx\/","name":"KMT Waterjet","description":"KMT Waterjet for waterjet cutting metal, stone, glass, steel and more","publisher":{"@id":"https:\/\/kmtwaterjet.com\/es-mx\/#organization"},"potentialAction":[{"@type":"SearchAction","target":{"@type":"EntryPoint","urlTemplate":"https:\/\/kmtwaterjet.com\/es-mx\/?s={search_term_string}"},"query-input":{"@type":"PropertyValueSpecification","valueRequired":true,"valueName":"search_term_string"}}],"inLanguage":"es-MX"},{"@type":"Organization","@id":"https:\/\/kmtwaterjet.com\/es-mx\/#organization","name":"KMT Waterjet","url":"https:\/\/kmtwaterjet.com\/es-mx\/","logo":{"@type":"ImageObject","inLanguage":"es-MX","@id":"https:\/\/kmtwaterjet.com\/es-mx\/#\/schema\/logo\/image\/","url":"https:\/\/kmtwaterjet.com\/wp-content\/uploads\/kmt_logo_2020.png","contentUrl":"https:\/\/kmtwaterjet.com\/wp-content\/uploads\/kmt_logo_2020.png","width":1002,"height":605,"caption":"KMT Waterjet"},"image":{"@id":"https:\/\/kmtwaterjet.com\/es-mx\/#\/schema\/logo\/image\/"}}]}},"_links":{"self":[{"href":"https:\/\/kmtwaterjet.com\/es-mx\/wp-json\/wp\/v2\/pages\/28886","targetHints":{"allow":["GET"]}}],"collection":[{"href":"https:\/\/kmtwaterjet.com\/es-mx\/wp-json\/wp\/v2\/pages"}],"about":[{"href":"https:\/\/kmtwaterjet.com\/es-mx\/wp-json\/wp\/v2\/types\/page"}],"author":[{"embeddable":true,"href":"https:\/\/kmtwaterjet.com\/es-mx\/wp-json\/wp\/v2\/users\/17"}],"replies":[{"embeddable":true,"href":"https:\/\/kmtwaterjet.com\/es-mx\/wp-json\/wp\/v2\/comments?post=28886"}],"version-history":[{"count":0,"href":"https:\/\/kmtwaterjet.com\/es-mx\/wp-json\/wp\/v2\/pages\/28886\/revisions"}],"wp:attachment":[{"href":"https:\/\/kmtwaterjet.com\/es-mx\/wp-json\/wp\/v2\/media?parent=28886"}],"wp:term":[{"taxonomy":"page-type","embeddable":true,"href":"https:\/\/kmtwaterjet.com\/es-mx\/wp-json\/wp\/v2\/page-type?post=28886"}],"curies":[{"name":"wp","href":"https:\/\/api.w.org\/{rel}","templated":true}]}}