{"id":26961,"date":"2024-06-13T10:51:26","date_gmt":"2024-06-13T15:51:26","guid":{"rendered":"https:\/\/kmtwaterjet.com\/misc-cortar-pan-con-chorro-de-agua-los-beneficios-de-cortar-alimentos\/"},"modified":"2025-03-20T12:53:33","modified_gmt":"2025-03-20T17:53:33","slug":"misc-cortar-pan-con-chorro-de-agua-los-beneficios-de-cortar-alimentos","status":"publish","type":"page","link":"https:\/\/kmtwaterjet.com\/es-mx\/misc-cortar-pan-con-chorro-de-agua-los-beneficios-de-cortar-alimentos\/","title":{"rendered":"Cortar pan con chorro de agua: Los beneficios de cortar alimentos"},"content":{"rendered":"\t\t<div data-elementor-type=\"wp-page\" data-elementor-id=\"26961\" class=\"elementor elementor-26961 elementor-2256\" data-elementor-post-type=\"page\">\n\t\t\t\t<div class=\"elementor-element elementor-element-0e9108d e-flex e-con-boxed e-con e-parent\" data-id=\"0e9108d\" data-element_type=\"container\" data-e-type=\"container\" data-settings=\"{&quot;background_background&quot;:&quot;classic&quot;,&quot;shape_divider_bottom&quot;:&quot;mountains&quot;}\">\n\t\t\t\t\t<div class=\"e-con-inner\">\n\t\t\t\t<div class=\"elementor-shape elementor-shape-bottom\" aria-hidden=\"true\" data-negative=\"false\">\n\t\t\t<svg xmlns=\"http:\/\/www.w3.org\/2000\/svg\" viewBox=\"0 0 1000 100\" preserveAspectRatio=\"none\">\n\t<path class=\"elementor-shape-fill\" opacity=\"0.33\" d=\"M473,67.3c-203.9,88.3-263.1-34-320.3,0C66,119.1,0,59.7,0,59.7V0h1000v59.7 c0,0-62.1,26.1-94.9,29.3c-32.8,3.3-62.8-12.3-75.8-22.1C806,49.6,745.3,8.7,694.9,4.7S492.4,59,473,67.3z\"\/>\n\t<path class=\"elementor-shape-fill\" opacity=\"0.66\" d=\"M734,67.3c-45.5,0-77.2-23.2-129.1-39.1c-28.6-8.7-150.3-10.1-254,39.1 s-91.7-34.4-149.2,0C115.7,118.3,0,39.8,0,39.8V0h1000v36.5c0,0-28.2-18.5-92.1-18.5C810.2,18.1,775.7,67.3,734,67.3z\"\/>\n\t<path class=\"elementor-shape-fill\" d=\"M766.1,28.9c-200-57.5-266,65.5-395.1,19.5C242,1.8,242,5.4,184.8,20.6C128,35.8,132.3,44.9,89.9,52.5C28.6,63.7,0,0,0,0 h1000c0,0-9.9,40.9-83.6,48.1S829.6,47,766.1,28.9z\"\/>\n<\/svg>\t\t<\/div>\n\t\t<div class=\"elementor-element elementor-element-41b8436 e-con-full e-flex e-con e-child\" data-id=\"41b8436\" data-element_type=\"container\" data-e-type=\"container\">\n\t\t\t\t<div class=\"elementor-element elementor-element-4b20a65 elementor-widget elementor-widget-heading\" data-id=\"4b20a65\" data-element_type=\"widget\" data-e-type=\"widget\" data-settings=\"{&quot;motion_fx_motion_fx_scrolling&quot;:&quot;yes&quot;,&quot;motion_fx_opacity_effect&quot;:&quot;yes&quot;,&quot;motion_fx_opacity_direction&quot;:&quot;out-in-out&quot;,&quot;motion_fx_opacity_level&quot;:{&quot;unit&quot;:&quot;px&quot;,&quot;size&quot;:10,&quot;sizes&quot;:[]},&quot;motion_fx_opacity_range&quot;:{&quot;unit&quot;:&quot;%&quot;,&quot;size&quot;:&quot;&quot;,&quot;sizes&quot;:{&quot;start&quot;:20,&quot;end&quot;:80}},&quot;motion_fx_devices&quot;:[&quot;desktop&quot;,&quot;tablet&quot;,&quot;mobile&quot;]}\" data-widget_type=\"heading.default\">\n\t\t\t\t<div class=\"elementor-widget-container\">\n\t\t\t\t\t<h1 class=\"elementor-heading-title elementor-size-default\">Sistemas de chorro de agua para cortar pan y picatostes<\/h1>\t\t\t\t<\/div>\n\t\t\t\t<\/div>\n\t\t\t\t<\/div>\n\t\t\t\t\t<\/div>\n\t\t\t\t<\/div>\n\t\t<div class=\"elementor-element elementor-element-20e8b0c e-flex e-con-boxed e-con e-parent\" data-id=\"20e8b0c\" data-element_type=\"container\" data-e-type=\"container\" data-settings=\"{&quot;background_background&quot;:&quot;classic&quot;}\">\n\t\t\t\t\t<div class=\"e-con-inner\">\n\t\t<div class=\"elementor-element elementor-element-3db032c e-con-full e-flex e-con e-child\" data-id=\"3db032c\" data-element_type=\"container\" data-e-type=\"container\">\n\t\t\t\t<div class=\"elementor-element elementor-element-d577189 elementor-widget__width-initial elementor-widget elementor-widget-heading\" data-id=\"d577189\" data-element_type=\"widget\" data-e-type=\"widget\" data-widget_type=\"heading.default\">\n\t\t\t\t<div class=\"elementor-widget-container\">\n\t\t\t\t\t<h2 class=\"elementor-heading-title elementor-size-default\">Cortar el pan para hacer picatostes con KMT Waterjet\n<\/h2>\t\t\t\t<\/div>\n\t\t\t\t<\/div>\n\t\t\t\t<div class=\"elementor-element elementor-element-8ac114c elementor-widget-divider--view-line elementor-widget elementor-widget-divider\" data-id=\"8ac114c\" data-element_type=\"widget\" data-e-type=\"widget\" data-widget_type=\"divider.default\">\n\t\t\t\t<div class=\"elementor-widget-container\">\n\t\t\t\t\t\t\t<div class=\"elementor-divider\">\n\t\t\t<span class=\"elementor-divider-separator\">\n\t\t\t\t\t\t<\/span>\n\t\t<\/div>\n\t\t\t\t\t\t<\/div>\n\t\t\t\t<\/div>\n\t\t<div class=\"elementor-element elementor-element-cf345b2 e-flex e-con-boxed e-con e-child\" data-id=\"cf345b2\" data-element_type=\"container\" data-e-type=\"container\">\n\t\t\t\t\t<div class=\"e-con-inner\">\n\t\t\t\t<div class=\"elementor-element elementor-element-7503a8e elementor-widget elementor-widget-text-editor\" data-id=\"7503a8e\" data-element_type=\"widget\" data-e-type=\"widget\" data-widget_type=\"text-editor.default\">\n\t\t\t\t<div class=\"elementor-widget-container\">\n\t\t\t\t\t\t\t\t\t<p>Corte de pan por chorro de agua. \u00bfNunca has o\u00eddo hablar de esto? <\/p><p>En la fabricaci\u00f3n de alimentos, los m\u00e9todos tradicionales de corte en lonchas plantean problemas como el cambio frecuente de cuchillas y los residuos.\nEl corte por chorro de agua ofrece un corte preciso y eficaz, sin desgaste de cuchillas ni tiempos de inactividad. <\/p><p><strong>Las cuchillas requieren cambios<\/strong>, limpieza y mantenimiento <strong>frecuentes<\/strong>, lo que genera residuos y tiempos de inactividad.<\/p><p>El <strong>corte por chorro de agua <\/strong>a velocidad Mach II proporciona cortes precisos sin aplastar el pan.<img fetchpriority=\"high\" decoding=\"async\" class=\"alignright size-medium wp-image-23333\" src=\"https:\/\/kmtwaterjet.com\/wp-content\/uploads\/WATERJET-CUTTING-BREAD-CAKE-BAKED-GOODS-300x200.jpg\" alt=\"\" width=\"300\" height=\"200\" srcset=\"https:\/\/kmtwaterjet.com\/wp-content\/uploads\/WATERJET-CUTTING-BREAD-CAKE-BAKED-GOODS-300x200.jpg 300w, https:\/\/kmtwaterjet.com\/wp-content\/uploads\/WATERJET-CUTTING-BREAD-CAKE-BAKED-GOODS-768x512.jpg 768w, https:\/\/kmtwaterjet.com\/wp-content\/uploads\/WATERJET-CUTTING-BREAD-CAKE-BAKED-GOODS.jpg 900w\" sizes=\"(max-width: 300px) 100vw, 300px\" \/><\/p><p><strong>Pr\u00e1cticamente no hay residuos<\/strong>, lo que se traduce en mayores rendimientos y productos acabados uniformes.<\/p><p>Las <strong>m\u00faltiples boquillas de corte por chorro de agua<\/strong> pura maximizan la productividad y el rendimiento, adapt\u00e1ndose a diversos tipos y tama\u00f1os de pan.<\/p><p><strong>normas de<\/strong> higiene y elimina la necesidad de sustituir las cuchillas, reduciendo el tiempo de inactividad.\nEl corte por chorro de agua mantiene altos niveles de higiene, cruciales en el procesado de alimentos. <\/p><p><strong>Mayor rendimiento <\/strong>y ahorro de tiempo con el corte por chorro de agua, hasta duplicar el rendimiento en comparaci\u00f3n con los m\u00e9todos tradicionales.<\/p><p><strong>Cortes precisos:<\/strong> La tecnolog\u00eda de chorro de agua proporciona un corte preciso sin aplastar el pan.<\/p><p><strong>Sin residuos:<\/strong> Con el corte por chorro de agua, pr\u00e1cticamente no hay residuos, lo que se traduce en mayores rendimientos.<\/p><p>Cortes por chorro de agua <strong>uniformes<\/strong>: Disfruta de cortes por chorro de agua consistentes en todo momento, garantizando la uniformidad en la presentaci\u00f3n del producto.<\/p><p><strong>Eficacia:<\/strong> El corte por chorro de agua minimiza el tiempo de inactividad asociado a los cambios de cuchillas y el mantenimiento.<\/p><p><strong>Versatilidad:<\/strong> Adapta la tecnolog\u00eda de chorro de agua a distintos tipos y tama\u00f1os de pan, aumentando la flexibilidad de la producci\u00f3n.<\/p><p><strong>Facilidad de limpieza:<\/strong> Todos los transportadores KMT OEM son de acero inoxidable, para una limpieza r\u00e1pida al final de la jornada de producci\u00f3n.<\/p>\t\t\t\t\t\t\t\t<\/div>\n\t\t\t\t<\/div>\n\t\t\t\t\t<\/div>\n\t\t\t\t<\/div>\n\t\t\t\t<\/div>\n\t\t\t\t\t<\/div>\n\t\t\t\t<\/div>\n\t\t<div class=\"elementor-element elementor-element-226af80 e-flex e-con-boxed e-con e-parent\" data-id=\"226af80\" data-element_type=\"container\" data-e-type=\"container\" data-settings=\"{&quot;background_background&quot;:&quot;classic&quot;,&quot;shape_divider_top&quot;:&quot;mountains&quot;,&quot;shape_divider_bottom&quot;:&quot;mountains&quot;}\">\n\t\t\t\t\t<div class=\"e-con-inner\">\n\t\t\t\t<div class=\"elementor-shape elementor-shape-top\" aria-hidden=\"true\" data-negative=\"false\">\n\t\t\t<svg xmlns=\"http:\/\/www.w3.org\/2000\/svg\" viewBox=\"0 0 1000 100\" preserveAspectRatio=\"none\">\n\t<path class=\"elementor-shape-fill\" opacity=\"0.33\" d=\"M473,67.3c-203.9,88.3-263.1-34-320.3,0C66,119.1,0,59.7,0,59.7V0h1000v59.7 c0,0-62.1,26.1-94.9,29.3c-32.8,3.3-62.8-12.3-75.8-22.1C806,49.6,745.3,8.7,694.9,4.7S492.4,59,473,67.3z\"\/>\n\t<path class=\"elementor-shape-fill\" opacity=\"0.66\" d=\"M734,67.3c-45.5,0-77.2-23.2-129.1-39.1c-28.6-8.7-150.3-10.1-254,39.1 s-91.7-34.4-149.2,0C115.7,118.3,0,39.8,0,39.8V0h1000v36.5c0,0-28.2-18.5-92.1-18.5C810.2,18.1,775.7,67.3,734,67.3z\"\/>\n\t<path class=\"elementor-shape-fill\" d=\"M766.1,28.9c-200-57.5-266,65.5-395.1,19.5C242,1.8,242,5.4,184.8,20.6C128,35.8,132.3,44.9,89.9,52.5C28.6,63.7,0,0,0,0 h1000c0,0-9.9,40.9-83.6,48.1S829.6,47,766.1,28.9z\"\/>\n<\/svg>\t\t<\/div>\n\t\t\t\t<div class=\"elementor-shape elementor-shape-bottom\" aria-hidden=\"true\" data-negative=\"false\">\n\t\t\t<svg xmlns=\"http:\/\/www.w3.org\/2000\/svg\" viewBox=\"0 0 1000 100\" preserveAspectRatio=\"none\">\n\t<path class=\"elementor-shape-fill\" opacity=\"0.33\" d=\"M473,67.3c-203.9,88.3-263.1-34-320.3,0C66,119.1,0,59.7,0,59.7V0h1000v59.7 c0,0-62.1,26.1-94.9,29.3c-32.8,3.3-62.8-12.3-75.8-22.1C806,49.6,745.3,8.7,694.9,4.7S492.4,59,473,67.3z\"\/>\n\t<path class=\"elementor-shape-fill\" opacity=\"0.66\" d=\"M734,67.3c-45.5,0-77.2-23.2-129.1-39.1c-28.6-8.7-150.3-10.1-254,39.1 s-91.7-34.4-149.2,0C115.7,118.3,0,39.8,0,39.8V0h1000v36.5c0,0-28.2-18.5-92.1-18.5C810.2,18.1,775.7,67.3,734,67.3z\"\/>\n\t<path class=\"elementor-shape-fill\" d=\"M766.1,28.9c-200-57.5-266,65.5-395.1,19.5C242,1.8,242,5.4,184.8,20.6C128,35.8,132.3,44.9,89.9,52.5C28.6,63.7,0,0,0,0 h1000c0,0-9.9,40.9-83.6,48.1S829.6,47,766.1,28.9z\"\/>\n<\/svg>\t\t<\/div>\n\t\t<div class=\"elementor-element elementor-element-f50af5f e-con-full e-flex e-con e-child\" data-id=\"f50af5f\" data-element_type=\"container\" data-e-type=\"container\">\n\t\t<div class=\"elementor-element elementor-element-a5b59f0 e-flex e-con-boxed e-con e-child\" data-id=\"a5b59f0\" data-element_type=\"container\" data-e-type=\"container\">\n\t\t\t\t\t<div class=\"e-con-inner\">\n\t\t<div class=\"elementor-element elementor-element-f465617 e-flex e-con-boxed e-con e-child\" data-id=\"f465617\" data-element_type=\"container\" data-e-type=\"container\">\n\t\t\t\t\t<div class=\"e-con-inner\">\n\t\t\t\t<div class=\"elementor-element elementor-element-864a62e elementor-widget elementor-widget-video\" data-id=\"864a62e\" data-element_type=\"widget\" data-e-type=\"widget\" data-settings=\"{&quot;video_type&quot;:&quot;vimeo&quot;,&quot;show_image_overlay&quot;:&quot;yes&quot;,&quot;image_overlay&quot;:{&quot;url&quot;:&quot;https:\\\/\\\/kmtwaterjet.com\\\/wp-content\\\/uploads\\\/KMT-WATERJET-CUTTING-BREAD-CROUTONS.jpg&quot;,&quot;id&quot;:26963,&quot;size&quot;:&quot;&quot;,&quot;alt&quot;:&quot;&quot;,&quot;source&quot;:&quot;library&quot;}}\" data-widget_type=\"video.default\">\n\t\t\t\t<div class=\"elementor-widget-container\">\n\t\t\t\t\t\t\t<div class=\"elementor-wrapper elementor-open-inline\">\n\t\t\t<iframe class=\"elementor-video-iframe\" allowfullscreen allow=\"clipboard-write\" title=\"Reproductor de video vimeo\" src=\"https:\/\/player.vimeo.com\/video\/914455827?color&amp;autopause=0&amp;loop=0&amp;muted=0&amp;title=0&amp;portrait=0&amp;byline=0#t=\"><\/iframe>\t\t\t\t<div class=\"elementor-custom-embed-image-overlay lazyload\" style=\"background-image:inherit;\" data-bg-image=\"url(https:\/\/kmtwaterjet.com\/wp-content\/uploads\/KMT-WATERJET-CUTTING-BREAD-CROUTONS.jpg)\">\n\t\t\t\t\t\t\t\t\t\t\t\t\t\t\t\t<div class=\"elementor-custom-embed-play\" role=\"button\" aria-label=\"Reproducir video\" tabindex=\"0\">\n\t\t\t\t\t\t\t<i aria-hidden=\"true\" class=\"eicon-play\"><\/i>\t\t\t\t\t\t<\/div>\n\t\t\t\t\t\t\t\t\t<\/div>\n\t\t\t\t\t<\/div>\n\t\t\t\t\t\t<\/div>\n\t\t\t\t<\/div>\n\t\t\t\t<div class=\"elementor-element elementor-element-37f3b99 elementor-widget elementor-widget-spacer\" data-id=\"37f3b99\" data-element_type=\"widget\" data-e-type=\"widget\" data-widget_type=\"spacer.default\">\n\t\t\t\t<div class=\"elementor-widget-container\">\n\t\t\t\t\t\t\t<div class=\"elementor-spacer\">\n\t\t\t<div class=\"elementor-spacer-inner\"><\/div>\n\t\t<\/div>\n\t\t\t\t\t\t<\/div>\n\t\t\t\t<\/div>\n\t\t\t\t<div class=\"elementor-element elementor-element-51d0f79 elementor-widget elementor-widget-global elementor-global-33526 elementor-global-25337 elementor-widget-button\" data-id=\"51d0f79\" data-element_type=\"widget\" data-e-type=\"widget\" data-widget_type=\"button.default\">\n\t\t\t\t<div class=\"elementor-widget-container\">\n\t\t\t\t\t\t\t\t\t<div class=\"elementor-button-wrapper\">\n\t\t\t\t\t<a class=\"elementor-button elementor-button-link elementor-size-sm\" href=\"https:\/\/kmtwaterjet.com\/kmt-waterjet-videos\/\">\n\t\t\t\t\t\t<span class=\"elementor-button-content-wrapper\">\n\t\t\t\t\t\t\t\t\t<span class=\"elementor-button-text\">M\u00c1S VIDEOS<\/span>\n\t\t\t\t\t<\/span>\n\t\t\t\t\t<\/a>\n\t\t\t\t<\/div>\n\t\t\t\t\t\t\t\t<\/div>\n\t\t\t\t<\/div>\n\t\t\t\t\t<\/div>\n\t\t\t\t<\/div>\n\t\t\t\t\t<\/div>\n\t\t\t\t<\/div>\n\t\t\t\t<\/div>\n\t\t\t\t\t<\/div>\n\t\t\t\t<\/div>\n\t\t\t\t<\/div>\n\t\t","protected":false},"excerpt":{"rendered":"<p>Sistemas de chorro de agua para cortar pan y picatostes Cortar el pan para hacer picatostes con KMT Waterjet Corte de pan por chorro de agua. \u00bfNunca has o\u00eddo hablar de esto? En la fabricaci\u00f3n de alimentos, los m\u00e9todos tradicionales de corte en lonchas plantean problemas como el cambio frecuente de cuchillas y los residuos. [&hellip;]<\/p>\n","protected":false},"author":11,"featured_media":0,"parent":0,"menu_order":0,"comment_status":"closed","ping_status":"closed","template":"","meta":{"_acf_changed":false,"footnotes":""},"page-type":[],"class_list":["post-26961","page","type-page","status-publish","hentry"],"acf":[],"yoast_head":"<!-- This site is optimized with the Yoast SEO plugin v27.3 - https:\/\/yoast.com\/product\/yoast-seo-wordpress\/ -->\n<title>Cortar pan con chorro de agua: Los beneficios de cortar alimentos | KMT Waterjet<\/title>\n<meta name=\"description\" content=\"KMT Waterjet Corta el pan y los picatostes con precisi\u00f3n, sin desperdicios y sin desgaste de la cuchilla, garantizando un mayor rendimiento y eficacia.\" \/>\n<meta name=\"robots\" content=\"index, follow, max-snippet:-1, max-image-preview:large, max-video-preview:-1\" \/>\n<link rel=\"canonical\" href=\"https:\/\/kmtwaterjet.com\/es-mx\/misc-cortar-pan-con-chorro-de-agua-los-beneficios-de-cortar-alimentos\/\" \/>\n<meta property=\"og:locale\" content=\"es_MX\" \/>\n<meta property=\"og:type\" content=\"article\" \/>\n<meta property=\"og:title\" content=\"Cortar pan con chorro de agua: Los beneficios de cortar alimentos | KMT Waterjet\" \/>\n<meta property=\"og:description\" content=\"KMT Waterjet Corta el pan y los picatostes con precisi\u00f3n, sin desperdicios y sin desgaste de la cuchilla, garantizando un mayor rendimiento y eficacia.\" \/>\n<meta property=\"og:url\" content=\"https:\/\/kmtwaterjet.com\/es-mx\/misc-cortar-pan-con-chorro-de-agua-los-beneficios-de-cortar-alimentos\/\" \/>\n<meta property=\"og:site_name\" content=\"KMT Waterjet\" \/>\n<meta property=\"article:modified_time\" content=\"2025-03-20T17:53:33+00:00\" \/>\n<meta property=\"og:image\" content=\"https:\/\/kmtwaterjet.com\/wp-content\/uploads\/WATERJET-CUTTING-BREAD-CAKE-BAKED-GOODS-300x200.jpg\" \/>\n<meta name=\"twitter:card\" content=\"summary_large_image\" \/>\n<meta name=\"twitter:label1\" content=\"Tiempo de lectura\" \/>\n\t<meta name=\"twitter:data1\" content=\"2 minutos\" \/>\n<script type=\"application\/ld+json\" class=\"yoast-schema-graph\">{\"@context\":\"https:\\\/\\\/schema.org\",\"@graph\":[{\"@type\":\"WebPage\",\"@id\":\"https:\\\/\\\/kmtwaterjet.com\\\/es-mx\\\/misc-cortar-pan-con-chorro-de-agua-los-beneficios-de-cortar-alimentos\\\/\",\"url\":\"https:\\\/\\\/kmtwaterjet.com\\\/es-mx\\\/misc-cortar-pan-con-chorro-de-agua-los-beneficios-de-cortar-alimentos\\\/\",\"name\":\"Cortar pan con chorro de agua: Los beneficios de cortar alimentos | KMT Waterjet\",\"isPartOf\":{\"@id\":\"https:\\\/\\\/kmtwaterjet.com\\\/es-mx\\\/#website\"},\"primaryImageOfPage\":{\"@id\":\"https:\\\/\\\/kmtwaterjet.com\\\/es-mx\\\/misc-cortar-pan-con-chorro-de-agua-los-beneficios-de-cortar-alimentos\\\/#primaryimage\"},\"image\":{\"@id\":\"https:\\\/\\\/kmtwaterjet.com\\\/es-mx\\\/misc-cortar-pan-con-chorro-de-agua-los-beneficios-de-cortar-alimentos\\\/#primaryimage\"},\"thumbnailUrl\":\"https:\\\/\\\/kmtwaterjet.com\\\/wp-content\\\/uploads\\\/WATERJET-CUTTING-BREAD-CAKE-BAKED-GOODS-300x200.jpg\",\"datePublished\":\"2024-06-13T15:51:26+00:00\",\"dateModified\":\"2025-03-20T17:53:33+00:00\",\"description\":\"KMT Waterjet Corta el pan y los picatostes con precisi\u00f3n, sin desperdicios y sin desgaste de la cuchilla, garantizando un mayor rendimiento y eficacia.\",\"breadcrumb\":{\"@id\":\"https:\\\/\\\/kmtwaterjet.com\\\/es-mx\\\/misc-cortar-pan-con-chorro-de-agua-los-beneficios-de-cortar-alimentos\\\/#breadcrumb\"},\"inLanguage\":\"es-MX\",\"potentialAction\":[{\"@type\":\"ReadAction\",\"target\":[\"https:\\\/\\\/kmtwaterjet.com\\\/es-mx\\\/misc-cortar-pan-con-chorro-de-agua-los-beneficios-de-cortar-alimentos\\\/\"]}]},{\"@type\":\"ImageObject\",\"inLanguage\":\"es-MX\",\"@id\":\"https:\\\/\\\/kmtwaterjet.com\\\/es-mx\\\/misc-cortar-pan-con-chorro-de-agua-los-beneficios-de-cortar-alimentos\\\/#primaryimage\",\"url\":\"https:\\\/\\\/kmtwaterjet.com\\\/wp-content\\\/uploads\\\/WATERJET-CUTTING-BREAD-CAKE-BAKED-GOODS-300x200.jpg\",\"contentUrl\":\"https:\\\/\\\/kmtwaterjet.com\\\/wp-content\\\/uploads\\\/WATERJET-CUTTING-BREAD-CAKE-BAKED-GOODS-300x200.jpg\"},{\"@type\":\"BreadcrumbList\",\"@id\":\"https:\\\/\\\/kmtwaterjet.com\\\/es-mx\\\/misc-cortar-pan-con-chorro-de-agua-los-beneficios-de-cortar-alimentos\\\/#breadcrumb\",\"itemListElement\":[{\"@type\":\"ListItem\",\"position\":1,\"name\":\"Home\",\"item\":\"https:\\\/\\\/kmtwaterjet.com\\\/es-mx\\\/\"},{\"@type\":\"ListItem\",\"position\":2,\"name\":\"Cortar pan con chorro de agua: Los beneficios de cortar alimentos\"}]},{\"@type\":\"WebSite\",\"@id\":\"https:\\\/\\\/kmtwaterjet.com\\\/es-mx\\\/#website\",\"url\":\"https:\\\/\\\/kmtwaterjet.com\\\/es-mx\\\/\",\"name\":\"KMT Waterjet\",\"description\":\"KMT Waterjet for waterjet cutting metal, stone, glass, steel and more\",\"publisher\":{\"@id\":\"https:\\\/\\\/kmtwaterjet.com\\\/es-mx\\\/#organization\"},\"potentialAction\":[{\"@type\":\"SearchAction\",\"target\":{\"@type\":\"EntryPoint\",\"urlTemplate\":\"https:\\\/\\\/kmtwaterjet.com\\\/es-mx\\\/?s={search_term_string}\"},\"query-input\":{\"@type\":\"PropertyValueSpecification\",\"valueRequired\":true,\"valueName\":\"search_term_string\"}}],\"inLanguage\":\"es-MX\"},{\"@type\":\"Organization\",\"@id\":\"https:\\\/\\\/kmtwaterjet.com\\\/es-mx\\\/#organization\",\"name\":\"KMT Waterjet\",\"url\":\"https:\\\/\\\/kmtwaterjet.com\\\/es-mx\\\/\",\"logo\":{\"@type\":\"ImageObject\",\"inLanguage\":\"es-MX\",\"@id\":\"https:\\\/\\\/kmtwaterjet.com\\\/es-mx\\\/#\\\/schema\\\/logo\\\/image\\\/\",\"url\":\"https:\\\/\\\/kmtwaterjet.com\\\/wp-content\\\/uploads\\\/kmt_logo_2020.png\",\"contentUrl\":\"https:\\\/\\\/kmtwaterjet.com\\\/wp-content\\\/uploads\\\/kmt_logo_2020.png\",\"width\":1002,\"height\":605,\"caption\":\"KMT Waterjet\"},\"image\":{\"@id\":\"https:\\\/\\\/kmtwaterjet.com\\\/es-mx\\\/#\\\/schema\\\/logo\\\/image\\\/\"}}]}<\/script>\n<!-- \/ Yoast SEO plugin. -->","yoast_head_json":{"title":"Cortar pan con chorro de agua: Los beneficios de cortar alimentos | KMT Waterjet","description":"KMT Waterjet Corta el pan y los picatostes con precisi\u00f3n, sin desperdicios y sin desgaste de la cuchilla, garantizando un mayor rendimiento y eficacia.","robots":{"index":"index","follow":"follow","max-snippet":"max-snippet:-1","max-image-preview":"max-image-preview:large","max-video-preview":"max-video-preview:-1"},"canonical":"https:\/\/kmtwaterjet.com\/es-mx\/misc-cortar-pan-con-chorro-de-agua-los-beneficios-de-cortar-alimentos\/","og_locale":"es_MX","og_type":"article","og_title":"Cortar pan con chorro de agua: Los beneficios de cortar alimentos | KMT Waterjet","og_description":"KMT Waterjet Corta el pan y los picatostes con precisi\u00f3n, sin desperdicios y sin desgaste de la cuchilla, garantizando un mayor rendimiento y eficacia.","og_url":"https:\/\/kmtwaterjet.com\/es-mx\/misc-cortar-pan-con-chorro-de-agua-los-beneficios-de-cortar-alimentos\/","og_site_name":"KMT Waterjet","article_modified_time":"2025-03-20T17:53:33+00:00","og_image":[{"url":"https:\/\/kmtwaterjet.com\/wp-content\/uploads\/WATERJET-CUTTING-BREAD-CAKE-BAKED-GOODS-300x200.jpg","type":"","width":"","height":""}],"twitter_card":"summary_large_image","twitter_misc":{"Tiempo de lectura":"2 minutos"},"schema":{"@context":"https:\/\/schema.org","@graph":[{"@type":"WebPage","@id":"https:\/\/kmtwaterjet.com\/es-mx\/misc-cortar-pan-con-chorro-de-agua-los-beneficios-de-cortar-alimentos\/","url":"https:\/\/kmtwaterjet.com\/es-mx\/misc-cortar-pan-con-chorro-de-agua-los-beneficios-de-cortar-alimentos\/","name":"Cortar pan con chorro de agua: Los beneficios de cortar alimentos | KMT Waterjet","isPartOf":{"@id":"https:\/\/kmtwaterjet.com\/es-mx\/#website"},"primaryImageOfPage":{"@id":"https:\/\/kmtwaterjet.com\/es-mx\/misc-cortar-pan-con-chorro-de-agua-los-beneficios-de-cortar-alimentos\/#primaryimage"},"image":{"@id":"https:\/\/kmtwaterjet.com\/es-mx\/misc-cortar-pan-con-chorro-de-agua-los-beneficios-de-cortar-alimentos\/#primaryimage"},"thumbnailUrl":"https:\/\/kmtwaterjet.com\/wp-content\/uploads\/WATERJET-CUTTING-BREAD-CAKE-BAKED-GOODS-300x200.jpg","datePublished":"2024-06-13T15:51:26+00:00","dateModified":"2025-03-20T17:53:33+00:00","description":"KMT Waterjet Corta el pan y los picatostes con precisi\u00f3n, sin desperdicios y sin desgaste de la cuchilla, garantizando un mayor rendimiento y eficacia.","breadcrumb":{"@id":"https:\/\/kmtwaterjet.com\/es-mx\/misc-cortar-pan-con-chorro-de-agua-los-beneficios-de-cortar-alimentos\/#breadcrumb"},"inLanguage":"es-MX","potentialAction":[{"@type":"ReadAction","target":["https:\/\/kmtwaterjet.com\/es-mx\/misc-cortar-pan-con-chorro-de-agua-los-beneficios-de-cortar-alimentos\/"]}]},{"@type":"ImageObject","inLanguage":"es-MX","@id":"https:\/\/kmtwaterjet.com\/es-mx\/misc-cortar-pan-con-chorro-de-agua-los-beneficios-de-cortar-alimentos\/#primaryimage","url":"https:\/\/kmtwaterjet.com\/wp-content\/uploads\/WATERJET-CUTTING-BREAD-CAKE-BAKED-GOODS-300x200.jpg","contentUrl":"https:\/\/kmtwaterjet.com\/wp-content\/uploads\/WATERJET-CUTTING-BREAD-CAKE-BAKED-GOODS-300x200.jpg"},{"@type":"BreadcrumbList","@id":"https:\/\/kmtwaterjet.com\/es-mx\/misc-cortar-pan-con-chorro-de-agua-los-beneficios-de-cortar-alimentos\/#breadcrumb","itemListElement":[{"@type":"ListItem","position":1,"name":"Home","item":"https:\/\/kmtwaterjet.com\/es-mx\/"},{"@type":"ListItem","position":2,"name":"Cortar pan con chorro de agua: Los beneficios de cortar alimentos"}]},{"@type":"WebSite","@id":"https:\/\/kmtwaterjet.com\/es-mx\/#website","url":"https:\/\/kmtwaterjet.com\/es-mx\/","name":"KMT Waterjet","description":"KMT Waterjet for waterjet cutting metal, stone, glass, steel and more","publisher":{"@id":"https:\/\/kmtwaterjet.com\/es-mx\/#organization"},"potentialAction":[{"@type":"SearchAction","target":{"@type":"EntryPoint","urlTemplate":"https:\/\/kmtwaterjet.com\/es-mx\/?s={search_term_string}"},"query-input":{"@type":"PropertyValueSpecification","valueRequired":true,"valueName":"search_term_string"}}],"inLanguage":"es-MX"},{"@type":"Organization","@id":"https:\/\/kmtwaterjet.com\/es-mx\/#organization","name":"KMT Waterjet","url":"https:\/\/kmtwaterjet.com\/es-mx\/","logo":{"@type":"ImageObject","inLanguage":"es-MX","@id":"https:\/\/kmtwaterjet.com\/es-mx\/#\/schema\/logo\/image\/","url":"https:\/\/kmtwaterjet.com\/wp-content\/uploads\/kmt_logo_2020.png","contentUrl":"https:\/\/kmtwaterjet.com\/wp-content\/uploads\/kmt_logo_2020.png","width":1002,"height":605,"caption":"KMT Waterjet"},"image":{"@id":"https:\/\/kmtwaterjet.com\/es-mx\/#\/schema\/logo\/image\/"}}]}},"_links":{"self":[{"href":"https:\/\/kmtwaterjet.com\/es-mx\/wp-json\/wp\/v2\/pages\/26961","targetHints":{"allow":["GET"]}}],"collection":[{"href":"https:\/\/kmtwaterjet.com\/es-mx\/wp-json\/wp\/v2\/pages"}],"about":[{"href":"https:\/\/kmtwaterjet.com\/es-mx\/wp-json\/wp\/v2\/types\/page"}],"author":[{"embeddable":true,"href":"https:\/\/kmtwaterjet.com\/es-mx\/wp-json\/wp\/v2\/users\/11"}],"replies":[{"embeddable":true,"href":"https:\/\/kmtwaterjet.com\/es-mx\/wp-json\/wp\/v2\/comments?post=26961"}],"version-history":[{"count":0,"href":"https:\/\/kmtwaterjet.com\/es-mx\/wp-json\/wp\/v2\/pages\/26961\/revisions"}],"wp:attachment":[{"href":"https:\/\/kmtwaterjet.com\/es-mx\/wp-json\/wp\/v2\/media?parent=26961"}],"wp:term":[{"taxonomy":"page-type","embeddable":true,"href":"https:\/\/kmtwaterjet.com\/es-mx\/wp-json\/wp\/v2\/page-type?post=26961"}],"curies":[{"name":"wp","href":"https:\/\/api.w.org\/{rel}","templated":true}]}}