{"id":44337,"date":"2026-04-02T14:59:17","date_gmt":"2026-04-02T19:59:17","guid":{"rendered":"https:\/\/kmtwaterjet.com\/?page_id=44337"},"modified":"2026-04-02T17:05:52","modified_gmt":"2026-04-02T22:05:52","slug":"oem-northwood-maschine-sawjet-8","status":"publish","type":"page","link":"https:\/\/kmtwaterjet.com\/de\/oem-northwood-maschine-sawjet-8\/","title":{"rendered":"OEM LONE STAR WASSERSTRAHL-SCHNEIDL\u00d6SUNGEN"},"content":{"rendered":"\t\t<div data-elementor-type=\"wp-page\" data-elementor-id=\"44337\" class=\"elementor elementor-44337 elementor-44336\" data-elementor-post-type=\"page\">\n\t\t\t\t<div class=\"elementor-element elementor-element-a5186ce e-flex e-con-boxed e-con e-parent\" data-id=\"a5186ce\" data-element_type=\"container\" data-e-type=\"container\">\n\t\t\t\t\t<div class=\"e-con-inner\">\n\t\t\t\t<div class=\"elementor-element elementor-element-27eaaf2 elementor-widget elementor-widget-heading\" data-id=\"27eaaf2\" data-element_type=\"widget\" data-e-type=\"widget\" data-widget_type=\"heading.default\">\n\t\t\t\t<div class=\"elementor-widget-container\">\n\t\t\t\t\t<h1 class=\"elementor-heading-title elementor-size-default\">LONE STAR CNC WASSERSTRAHLSCHNEIDEN L\u00d6SUNGEN<\/h1>\t\t\t\t<\/div>\n\t\t\t\t<\/div>\n\t\t\t\t<div class=\"elementor-element elementor-element-9016e52 elementor-widget-divider--view-line elementor-widget elementor-widget-divider\" data-id=\"9016e52\" data-element_type=\"widget\" data-e-type=\"widget\" data-widget_type=\"divider.default\">\n\t\t\t\t<div class=\"elementor-widget-container\">\n\t\t\t\t\t\t\t<div class=\"elementor-divider\">\n\t\t\t<span class=\"elementor-divider-separator\">\n\t\t\t\t\t\t<\/span>\n\t\t<\/div>\n\t\t\t\t\t\t<\/div>\n\t\t\t\t<\/div>\n\t\t\t\t\t<\/div>\n\t\t\t\t<\/div>\n\t\t<div class=\"elementor-element elementor-element-08404e0 e-flex e-con-boxed e-con e-parent\" data-id=\"08404e0\" data-element_type=\"container\" data-e-type=\"container\">\n\t\t\t\t\t<div class=\"e-con-inner\">\n\t\t\t\t<div class=\"elementor-element elementor-element-7e9b4d7 elementor-widget elementor-widget-image\" data-id=\"7e9b4d7\" data-element_type=\"widget\" data-e-type=\"widget\" data-widget_type=\"image.default\">\n\t\t\t\t<div class=\"elementor-widget-container\">\n\t\t\t\t\t\t\t\t\t\t\t\t\t\t\t<img fetchpriority=\"high\" decoding=\"async\" width=\"1800\" height=\"464\" src=\"https:\/\/kmtwaterjet.com\/wp-content\/uploads\/LONE-STAR-WATERJET-CUTTING-MACHINES-SHOW-ROOM.jpg\" class=\"attachment-full size-full wp-image-43955\" alt=\"\" srcset=\"https:\/\/kmtwaterjet.com\/wp-content\/uploads\/LONE-STAR-WATERJET-CUTTING-MACHINES-SHOW-ROOM.jpg 1800w, https:\/\/kmtwaterjet.com\/wp-content\/uploads\/LONE-STAR-WATERJET-CUTTING-MACHINES-SHOW-ROOM-300x77.jpg 300w, https:\/\/kmtwaterjet.com\/wp-content\/uploads\/LONE-STAR-WATERJET-CUTTING-MACHINES-SHOW-ROOM-1024x264.jpg 1024w, https:\/\/kmtwaterjet.com\/wp-content\/uploads\/LONE-STAR-WATERJET-CUTTING-MACHINES-SHOW-ROOM-768x198.jpg 768w, https:\/\/kmtwaterjet.com\/wp-content\/uploads\/LONE-STAR-WATERJET-CUTTING-MACHINES-SHOW-ROOM-1536x396.jpg 1536w\" sizes=\"(max-width: 1800px) 100vw, 1800px\" \/>\t\t\t\t\t\t\t\t\t\t\t\t\t\t\t<\/div>\n\t\t\t\t<\/div>\n\t\t\t\t\t<\/div>\n\t\t\t\t<\/div>\n\t\t<div class=\"elementor-element elementor-element-5761e3a e-grid e-con-boxed e-con e-parent\" data-id=\"5761e3a\" data-element_type=\"container\" data-e-type=\"container\">\n\t\t\t\t\t<div class=\"e-con-inner\">\n\t\t\t\t<div class=\"elementor-element elementor-element-b79cae4 elementor-widget elementor-widget-image\" data-id=\"b79cae4\" data-element_type=\"widget\" data-e-type=\"widget\" data-widget_type=\"image.default\">\n\t\t\t\t<div class=\"elementor-widget-container\">\n\t\t\t\t\t\t\t\t\t\t\t\t\t\t\t<img decoding=\"async\" width=\"652\" height=\"420\" data-src=\"https:\/\/kmtwaterjet.com\/wp-content\/uploads\/LONE-STAR-WATERJET-BOTTOM-PAGE-LOGO___Source.png\" class=\"attachment-large size-large wp-image-2624 lazyload\" alt=\"Lone Star Cutting Solutions Logo\" data-srcset=\"https:\/\/kmtwaterjet.com\/wp-content\/uploads\/LONE-STAR-WATERJET-BOTTOM-PAGE-LOGO___Source.png 652w, https:\/\/kmtwaterjet.com\/wp-content\/uploads\/LONE-STAR-WATERJET-BOTTOM-PAGE-LOGO___Source-300x193.png 300w\" data-sizes=\"(max-width: 652px) 100vw, 652px\" src=\"data:image\/svg+xml;base64,PHN2ZyB3aWR0aD0iMSIgaGVpZ2h0PSIxIiB4bWxucz0iaHR0cDovL3d3dy53My5vcmcvMjAwMC9zdmciPjwvc3ZnPg==\" style=\"--smush-placeholder-width: 652px; --smush-placeholder-aspect-ratio: 652\/420;\" \/>\t\t\t\t\t\t\t\t\t\t\t\t\t\t\t<\/div>\n\t\t\t\t<\/div>\n\t\t\t\t<div class=\"elementor-element elementor-element-932967f elementor-widget elementor-widget-text-editor\" data-id=\"932967f\" data-element_type=\"widget\" data-e-type=\"widget\" data-widget_type=\"text-editor.default\">\n\t\t\t\t<div class=\"elementor-widget-container\">\n\t\t\t\t\t\t\t\t\t<p><span style=\"color: #800000;\"><em><strong>CNC-Wasserstrahl-L\u00f6sungen f\u00fcr jede Anwendung<\/strong><\/em><\/span><\/p><p>Lone Star Cutting Solutions bietet die hochwertigsten Wasserstrahlschneidmaschinen der Branche, die Unternehmen effiziente, pr\u00e4zise und vielseitige Schneidl\u00f6sungen bieten. Unsere CNC-Wasserstrahlschneidmaschinen eignen sich f\u00fcr eine Vielzahl von Substraten und Anwendungen und erm\u00f6glichen es den Anwendern, Materialien mit Pr\u00e4zision und Genauigkeit zu schneiden. <\/p><p data-start=\"0\" data-end=\"215\">Der Lariat-Wasserstrahltisch von Lone Star Cutting Solutions in Verbindung mit der KMT Waterjet-Technologie ist ein hochleistungsf\u00e4higes System, das praktisch jedes Material mit reinem Wasser oder mit Abrasivmitteln schneiden kann.<\/p><p data-start=\"217\" data-end=\"428\" data-is-last-node=\"\" data-is-only-node=\"\">Die CNC-Wasserstrahlmaschinen von Lariat werden von KMT-Pumpen, Schneidk\u00f6pfen und Abrasivsystemen angetrieben &#8211; eine Kombination aus Leistung, Effizienz und Pr\u00e4zision, die eine der fortschrittlichsten L\u00f6sungen f\u00fcr das Wasserstrahlschneiden in der Branche darstellt.<\/p>\t\t\t\t\t\t\t\t<\/div>\n\t\t\t\t<\/div>\n\t\t\t\t\t<\/div>\n\t\t\t\t<\/div>\n\t\t<div class=\"elementor-element elementor-element-ea56cbc e-flex e-con-boxed e-con e-parent\" data-id=\"ea56cbc\" data-element_type=\"container\" data-e-type=\"container\">\n\t\t\t\t\t<div class=\"e-con-inner\">\n\t\t\t\t<div class=\"elementor-element elementor-element-3b30ee9 elementor-widget-divider--view-line elementor-widget elementor-widget-divider\" data-id=\"3b30ee9\" data-element_type=\"widget\" data-e-type=\"widget\" data-widget_type=\"divider.default\">\n\t\t\t\t<div class=\"elementor-widget-container\">\n\t\t\t\t\t\t\t<div class=\"elementor-divider\">\n\t\t\t<span class=\"elementor-divider-separator\">\n\t\t\t\t\t\t<\/span>\n\t\t<\/div>\n\t\t\t\t\t\t<\/div>\n\t\t\t\t<\/div>\n\t\t\t\t\t<\/div>\n\t\t\t\t<\/div>\n\t\t<div class=\"elementor-element elementor-element-56cd23b e-grid e-con-boxed e-con e-parent\" data-id=\"56cd23b\" data-element_type=\"container\" data-e-type=\"container\">\n\t\t\t\t\t<div class=\"e-con-inner\">\n\t\t\t\t<div class=\"elementor-element elementor-element-63f321b elementor-widget elementor-widget-image\" data-id=\"63f321b\" data-element_type=\"widget\" data-e-type=\"widget\" data-widget_type=\"image.default\">\n\t\t\t\t<div class=\"elementor-widget-container\">\n\t\t\t\t\t\t\t\t\t\t\t\t<figure class=\"wp-caption\">\n\t\t\t\t\t\t\t\t\t\t<img decoding=\"async\" width=\"800\" height=\"384\" data-src=\"https:\/\/kmtwaterjet.com\/wp-content\/uploads\/LONE-STAR-Lariat-Waterjet-Table--1024x492.jpg\" class=\"attachment-large size-large wp-image-43956 lazyload\" alt=\"\" data-srcset=\"https:\/\/kmtwaterjet.com\/wp-content\/uploads\/LONE-STAR-Lariat-Waterjet-Table--1024x492.jpg 1024w, https:\/\/kmtwaterjet.com\/wp-content\/uploads\/LONE-STAR-Lariat-Waterjet-Table--300x144.jpg 300w, https:\/\/kmtwaterjet.com\/wp-content\/uploads\/LONE-STAR-Lariat-Waterjet-Table--768x369.jpg 768w, https:\/\/kmtwaterjet.com\/wp-content\/uploads\/LONE-STAR-Lariat-Waterjet-Table-.jpg 1400w\" data-sizes=\"(max-width: 800px) 100vw, 800px\" src=\"data:image\/svg+xml;base64,PHN2ZyB3aWR0aD0iMSIgaGVpZ2h0PSIxIiB4bWxucz0iaHR0cDovL3d3dy53My5vcmcvMjAwMC9zdmciPjwvc3ZnPg==\" style=\"--smush-placeholder-width: 800px; --smush-placeholder-aspect-ratio: 800\/384;\" \/>\t\t\t\t\t\t\t\t\t\t\t<figcaption class=\"widget-image-caption wp-caption-text\">LONE STAR Lariat Wasserstrahltisch  <\/figcaption>\n\t\t\t\t\t\t\t\t\t\t<\/figure>\n\t\t\t\t\t\t\t\t\t<\/div>\n\t\t\t\t<\/div>\n\t\t\t\t<div class=\"elementor-element elementor-element-82a276b elementor-widget elementor-widget-image\" data-id=\"82a276b\" data-element_type=\"widget\" data-e-type=\"widget\" data-widget_type=\"image.default\">\n\t\t\t\t<div class=\"elementor-widget-container\">\n\t\t\t\t\t\t\t\t\t\t\t\t<figure class=\"wp-caption\">\n\t\t\t\t\t\t\t\t\t\t<img decoding=\"async\" width=\"800\" height=\"384\" data-src=\"https:\/\/kmtwaterjet.com\/wp-content\/uploads\/LONE-STAR-Lariat-Waterjet-Table-Custom-Sizes-Available-1024x492.jpg\" class=\"attachment-large size-large wp-image-43957 lazyload\" alt=\"\" data-srcset=\"https:\/\/kmtwaterjet.com\/wp-content\/uploads\/LONE-STAR-Lariat-Waterjet-Table-Custom-Sizes-Available-1024x492.jpg 1024w, https:\/\/kmtwaterjet.com\/wp-content\/uploads\/LONE-STAR-Lariat-Waterjet-Table-Custom-Sizes-Available-300x144.jpg 300w, https:\/\/kmtwaterjet.com\/wp-content\/uploads\/LONE-STAR-Lariat-Waterjet-Table-Custom-Sizes-Available-768x369.jpg 768w, https:\/\/kmtwaterjet.com\/wp-content\/uploads\/LONE-STAR-Lariat-Waterjet-Table-Custom-Sizes-Available.jpg 1400w\" data-sizes=\"(max-width: 800px) 100vw, 800px\" src=\"data:image\/svg+xml;base64,PHN2ZyB3aWR0aD0iMSIgaGVpZ2h0PSIxIiB4bWxucz0iaHR0cDovL3d3dy53My5vcmcvMjAwMC9zdmciPjwvc3ZnPg==\" style=\"--smush-placeholder-width: 800px; --smush-placeholder-aspect-ratio: 800\/384;\" \/>\t\t\t\t\t\t\t\t\t\t\t<figcaption class=\"widget-image-caption wp-caption-text\">LONE STAR Lariat Wasserstrahltisch - Sondergr\u00f6\u00dfen verf\u00fcgbar<\/figcaption>\n\t\t\t\t\t\t\t\t\t\t<\/figure>\n\t\t\t\t\t\t\t\t\t<\/div>\n\t\t\t\t<\/div>\n\t\t\t\t\t<\/div>\n\t\t\t\t<\/div>\n\t\t<div class=\"elementor-element elementor-element-6b78d1e e-flex e-con-boxed e-con e-parent\" data-id=\"6b78d1e\" data-element_type=\"container\" data-e-type=\"container\">\n\t\t\t\t\t<div class=\"e-con-inner\">\n\t\t\t\t<div class=\"elementor-element elementor-element-9115298 elementor-widget elementor-widget-spacer\" data-id=\"9115298\" data-element_type=\"widget\" data-e-type=\"widget\" data-widget_type=\"spacer.default\">\n\t\t\t\t<div class=\"elementor-widget-container\">\n\t\t\t\t\t\t\t<div class=\"elementor-spacer\">\n\t\t\t<div class=\"elementor-spacer-inner\"><\/div>\n\t\t<\/div>\n\t\t\t\t\t\t<\/div>\n\t\t\t\t<\/div>\n\t\t\t\t\t<\/div>\n\t\t\t\t<\/div>\n\t\t<div class=\"elementor-element elementor-element-5abe2a5 e-flex e-con-boxed e-con e-parent\" data-id=\"5abe2a5\" data-element_type=\"container\" data-e-type=\"container\">\n\t\t\t\t\t<div class=\"e-con-inner\">\n\t\t\t\t<div class=\"elementor-element elementor-element-ae0216d elementor-widget elementor-widget-heading\" data-id=\"ae0216d\" data-element_type=\"widget\" data-e-type=\"widget\" data-widget_type=\"heading.default\">\n\t\t\t\t<div class=\"elementor-widget-container\">\n\t\t\t\t\t<h2 class=\"elementor-heading-title elementor-size-default\">\u00dcBER Lone Star Lariat Maschinen<\/h2>\t\t\t\t<\/div>\n\t\t\t\t<\/div>\n\t\t\t\t<div class=\"elementor-element elementor-element-8b293f1 elementor-widget elementor-widget-text-editor\" data-id=\"8b293f1\" data-element_type=\"widget\" data-e-type=\"widget\" data-widget_type=\"text-editor.default\">\n\t\t\t\t<div class=\"elementor-widget-container\">\n\t\t\t\t\t\t\t\t\t<div class=\"section\"><p>Unser Lariat Wasserstrahltisch ist f\u00fcr die nahtlose Integration mit dem KMT Wasserstrahlsystem konzipiert. Dieses dynamische Duo erm\u00f6glicht das Schneiden durch verschiedene Substrate, wobei entweder reines Wasser oder Abrasivmittel f\u00fcr den Schneidprozess verwendet wird. Das Design des Lariat Wasserstrahltisches gew\u00e4hrleistet Langlebigkeit und einfache Bedienung und bietet eine zuverl\u00e4ssige Wasserstrahlschneidmaschine f\u00fcr die Schneidanforderungen Ihres Unternehmens.  <\/p><p>Unser CNC-Wasserstrahlschneider ist auch f\u00fcr verschiedene Formen und Gr\u00f6\u00dfen geeignet, die f\u00fcr unterschiedliche Materialien und Dicken entwickelt wurden. Ganz gleich, ob Sie Metalle, Kunststoffe, Glas, Stoffe oder Schaumstoffe schneiden m\u00f6chten, Lone Star Cutting Solutions hat den perfekten CNC-Wasserstrahlschneider f\u00fcr die besonderen Anforderungen Ihres Unternehmens <\/p><p>Die Investition in einen professionellen, informativen und unkomplizierten Wasserstrahlschneider von Lone Star Cutting Solutions garantiert eine zuverl\u00e4ssige Schneidel\u00f6sung, die den Erfolg Ihres Unternehmens steigert. Entscheiden Sie sich noch heute f\u00fcr Ihre CNC-Wasserstrahlschneidmaschine und erleben Sie die Vorteile von hoher Pr\u00e4zision und Genauigkeit bei all Ihren Schneidarbeiten. <\/p><p><span style=\"color: #c30b4c;\"><strong>MERKMALE DER MASCHINE<\/strong><\/span><\/p><p>&#8211; Konstruiert aus schweren 3\/8&#8243; dicken Stahlw\u00e4nden und einem 1\/2 Zoll dicken Untergestell.<br>&#8211; Beidseitiges Y-Achsen-Antriebssystem<br>&#8211; Pr\u00e4zise 20mm HIWIN Linearschienen und Lager auf beiden Achsen<br>&#8211; Y-Achse gesch\u00fctzt durch ein L\u00e4ngsschienensystem<br>&#8211; KOLL-MORGEN A\/C Servo-Antriebsmotoren<br>&#8211; Vollst\u00e4ndig geschlossener Schutzbalg<br>&#8211; Schleifmittelflusssensor<br>&#8211; Laserpointer-System<br>&#8211; ZWEI JAHRE GARANTIE<\/p><p><strong><span style=\"color: #c30b4c;\">MASCHINENSPEZIFIKATIONEN<\/span><\/strong><\/p><p>&#8211; Effektive Schnittbreite &#8211; 4ft 4 Inch (52 INCHES)<br>&#8211; Effektive Schnittl\u00e4nge &#8211; 8ft 4 Inch (100 INCHES)<br>&#8211; Maschinenh\u00f6he: 72 Inch<br>&#8211; Tankh\u00f6he: 36 Inch<br>&#8211; Gesamtstellfl\u00e4che Breite: 123 Inch<br>&#8211; Gesamtstellfl\u00e4che L\u00e4nge: 164 Inch<br>&#8211; Lineare Genauigkeit &#8211; .002 Inch<br>&#8211; Wiederholbarkeit &#8211; .001 Inch<br>&#8211; Minimale Schnittgeschwindigkeit &#8211; .01 IPM<br>&#8211; Maximale Verfahrgeschwindigkeit &#8211; 500 IPM<\/p><p> <\/p><hr><p> <\/p><p><span style=\"color: #c30b4c;\"><em><strong>\u221a Bitte f\u00fcllen Sie das untenstehende Formular aus und ein Vertreter wird sich in K\u00fcrze mit Ihnen in Verbindung setzen.<\/strong><\/em><\/span><\/p><\/div>\t\t\t\t\t\t\t\t<\/div>\n\t\t\t\t<\/div>\n\t\t\t\t\t<\/div>\n\t\t\t\t<\/div>\n\t\t\t\t<\/div>\n\t\t","protected":false},"excerpt":{"rendered":"<p>LONE STAR CNC WASSERSTRAHLSCHNEIDEN L\u00d6SUNGEN CNC-Wasserstrahl-L\u00f6sungen f\u00fcr jede Anwendung Lone Star Cutting Solutions bietet die hochwertigsten Wasserstrahlschneidmaschinen der Branche, die Unternehmen effiziente, pr\u00e4zise und vielseitige Schneidl\u00f6sungen bieten. Unsere CNC-Wasserstrahlschneidmaschinen eignen sich f\u00fcr eine Vielzahl von Substraten und Anwendungen und erm\u00f6glichen es den Anwendern, Materialien mit Pr\u00e4zision und Genauigkeit zu schneiden. Der Lariat-Wasserstrahltisch von Lone Star [&hellip;]<\/p>\n","protected":false},"author":12,"featured_media":0,"parent":0,"menu_order":0,"comment_status":"closed","ping_status":"closed","template":"","meta":{"_acf_changed":false,"footnotes":""},"page-type":[],"class_list":["post-44337","page","type-page","status-publish","hentry"],"acf":[],"yoast_head":"<!-- This site is optimized with the Yoast SEO plugin v27.3 - https:\/\/yoast.com\/product\/yoast-seo-wordpress\/ -->\n<title>OEM LONE STAR WASSERSTRAHL-SCHNEIDL\u00d6SUNGEN | KMT Waterjet<\/title>\n<meta name=\"robots\" content=\"index, follow, max-snippet:-1, max-image-preview:large, max-video-preview:-1\" \/>\n<link rel=\"canonical\" href=\"https:\/\/kmtwaterjet.com\/de\/oem-northwood-maschine-sawjet-8\/\" \/>\n<meta property=\"og:locale\" content=\"de_DE\" \/>\n<meta property=\"og:type\" content=\"article\" \/>\n<meta property=\"og:title\" content=\"OEM LONE STAR WASSERSTRAHL-SCHNEIDL\u00d6SUNGEN | KMT Waterjet\" \/>\n<meta property=\"og:description\" content=\"LONE STAR CNC WASSERSTRAHLSCHNEIDEN L\u00d6SUNGEN CNC-Wasserstrahl-L\u00f6sungen f\u00fcr jede Anwendung Lone Star Cutting Solutions bietet die hochwertigsten Wasserstrahlschneidmaschinen der Branche, die Unternehmen effiziente, pr\u00e4zise und vielseitige Schneidl\u00f6sungen bieten. Unsere CNC-Wasserstrahlschneidmaschinen eignen sich f\u00fcr eine Vielzahl von Substraten und Anwendungen und erm\u00f6glichen es den Anwendern, Materialien mit Pr\u00e4zision und Genauigkeit zu schneiden. Der Lariat-Wasserstrahltisch von Lone Star [&hellip;]\" \/>\n<meta property=\"og:url\" content=\"https:\/\/kmtwaterjet.com\/de\/oem-northwood-maschine-sawjet-8\/\" \/>\n<meta property=\"og:site_name\" content=\"KMT Waterjet\" \/>\n<meta property=\"article:modified_time\" content=\"2026-04-02T22:05:52+00:00\" \/>\n<meta property=\"og:image\" content=\"https:\/\/kmtwaterjet.com\/wp-content\/uploads\/LONE-STAR-WATERJET-CUTTING-MACHINES-SHOW-ROOM.jpg\" \/>\n\t<meta property=\"og:image:width\" content=\"1800\" \/>\n\t<meta property=\"og:image:height\" content=\"464\" \/>\n\t<meta property=\"og:image:type\" content=\"image\/jpeg\" \/>\n<meta name=\"twitter:card\" content=\"summary_large_image\" \/>\n<meta name=\"twitter:label1\" content=\"Gesch\u00e4tzte Lesezeit\" \/>\n\t<meta name=\"twitter:data1\" content=\"2 Minuten\" \/>\n<script type=\"application\/ld+json\" class=\"yoast-schema-graph\">{\"@context\":\"https:\\\/\\\/schema.org\",\"@graph\":[{\"@type\":\"WebPage\",\"@id\":\"https:\\\/\\\/kmtwaterjet.com\\\/de\\\/oem-northwood-maschine-sawjet-8\\\/\",\"url\":\"https:\\\/\\\/kmtwaterjet.com\\\/de\\\/oem-northwood-maschine-sawjet-8\\\/\",\"name\":\"OEM LONE STAR WASSERSTRAHL-SCHNEIDL\u00d6SUNGEN | KMT Waterjet\",\"isPartOf\":{\"@id\":\"https:\\\/\\\/kmtwaterjet.com\\\/de\\\/#website\"},\"primaryImageOfPage\":{\"@id\":\"https:\\\/\\\/kmtwaterjet.com\\\/de\\\/oem-northwood-maschine-sawjet-8\\\/#primaryimage\"},\"image\":{\"@id\":\"https:\\\/\\\/kmtwaterjet.com\\\/de\\\/oem-northwood-maschine-sawjet-8\\\/#primaryimage\"},\"thumbnailUrl\":\"https:\\\/\\\/kmtwaterjet.com\\\/wp-content\\\/uploads\\\/LONE-STAR-WATERJET-CUTTING-MACHINES-SHOW-ROOM.jpg\",\"datePublished\":\"2026-04-02T19:59:17+00:00\",\"dateModified\":\"2026-04-02T22:05:52+00:00\",\"breadcrumb\":{\"@id\":\"https:\\\/\\\/kmtwaterjet.com\\\/de\\\/oem-northwood-maschine-sawjet-8\\\/#breadcrumb\"},\"inLanguage\":\"de-DE\",\"potentialAction\":[{\"@type\":\"ReadAction\",\"target\":[\"https:\\\/\\\/kmtwaterjet.com\\\/de\\\/oem-northwood-maschine-sawjet-8\\\/\"]}]},{\"@type\":\"ImageObject\",\"inLanguage\":\"de-DE\",\"@id\":\"https:\\\/\\\/kmtwaterjet.com\\\/de\\\/oem-northwood-maschine-sawjet-8\\\/#primaryimage\",\"url\":\"https:\\\/\\\/kmtwaterjet.com\\\/wp-content\\\/uploads\\\/LONE-STAR-WATERJET-CUTTING-MACHINES-SHOW-ROOM.jpg\",\"contentUrl\":\"https:\\\/\\\/kmtwaterjet.com\\\/wp-content\\\/uploads\\\/LONE-STAR-WATERJET-CUTTING-MACHINES-SHOW-ROOM.jpg\"},{\"@type\":\"BreadcrumbList\",\"@id\":\"https:\\\/\\\/kmtwaterjet.com\\\/de\\\/oem-northwood-maschine-sawjet-8\\\/#breadcrumb\",\"itemListElement\":[{\"@type\":\"ListItem\",\"position\":1,\"name\":\"Home\",\"item\":\"https:\\\/\\\/kmtwaterjet.com\\\/de\\\/\"},{\"@type\":\"ListItem\",\"position\":2,\"name\":\"OEM LONE STAR WASSERSTRAHL-SCHNEIDL\u00d6SUNGEN\"}]},{\"@type\":\"WebSite\",\"@id\":\"https:\\\/\\\/kmtwaterjet.com\\\/de\\\/#website\",\"url\":\"https:\\\/\\\/kmtwaterjet.com\\\/de\\\/\",\"name\":\"KMT Waterjet\",\"description\":\"KMT Waterjet for waterjet cutting metal, stone, glass, steel and more\",\"publisher\":{\"@id\":\"https:\\\/\\\/kmtwaterjet.com\\\/de\\\/#organization\"},\"potentialAction\":[{\"@type\":\"SearchAction\",\"target\":{\"@type\":\"EntryPoint\",\"urlTemplate\":\"https:\\\/\\\/kmtwaterjet.com\\\/de\\\/?s={search_term_string}\"},\"query-input\":{\"@type\":\"PropertyValueSpecification\",\"valueRequired\":true,\"valueName\":\"search_term_string\"}}],\"inLanguage\":\"de-DE\"},{\"@type\":\"Organization\",\"@id\":\"https:\\\/\\\/kmtwaterjet.com\\\/de\\\/#organization\",\"name\":\"KMT Waterjet\",\"url\":\"https:\\\/\\\/kmtwaterjet.com\\\/de\\\/\",\"logo\":{\"@type\":\"ImageObject\",\"inLanguage\":\"de-DE\",\"@id\":\"https:\\\/\\\/kmtwaterjet.com\\\/de\\\/#\\\/schema\\\/logo\\\/image\\\/\",\"url\":\"https:\\\/\\\/kmtwaterjet.com\\\/wp-content\\\/uploads\\\/kmt_logo_2020.png\",\"contentUrl\":\"https:\\\/\\\/kmtwaterjet.com\\\/wp-content\\\/uploads\\\/kmt_logo_2020.png\",\"width\":1002,\"height\":605,\"caption\":\"KMT Waterjet\"},\"image\":{\"@id\":\"https:\\\/\\\/kmtwaterjet.com\\\/de\\\/#\\\/schema\\\/logo\\\/image\\\/\"}}]}<\/script>\n<!-- \/ Yoast SEO plugin. -->","yoast_head_json":{"title":"OEM LONE STAR WASSERSTRAHL-SCHNEIDL\u00d6SUNGEN | KMT Waterjet","robots":{"index":"index","follow":"follow","max-snippet":"max-snippet:-1","max-image-preview":"max-image-preview:large","max-video-preview":"max-video-preview:-1"},"canonical":"https:\/\/kmtwaterjet.com\/de\/oem-northwood-maschine-sawjet-8\/","og_locale":"de_DE","og_type":"article","og_title":"OEM LONE STAR WASSERSTRAHL-SCHNEIDL\u00d6SUNGEN | KMT Waterjet","og_description":"LONE STAR CNC WASSERSTRAHLSCHNEIDEN L\u00d6SUNGEN CNC-Wasserstrahl-L\u00f6sungen f\u00fcr jede Anwendung Lone Star Cutting Solutions bietet die hochwertigsten Wasserstrahlschneidmaschinen der Branche, die Unternehmen effiziente, pr\u00e4zise und vielseitige Schneidl\u00f6sungen bieten. Unsere CNC-Wasserstrahlschneidmaschinen eignen sich f\u00fcr eine Vielzahl von Substraten und Anwendungen und erm\u00f6glichen es den Anwendern, Materialien mit Pr\u00e4zision und Genauigkeit zu schneiden. Der Lariat-Wasserstrahltisch von Lone Star [&hellip;]","og_url":"https:\/\/kmtwaterjet.com\/de\/oem-northwood-maschine-sawjet-8\/","og_site_name":"KMT Waterjet","article_modified_time":"2026-04-02T22:05:52+00:00","og_image":[{"width":1800,"height":464,"url":"https:\/\/kmtwaterjet.com\/wp-content\/uploads\/LONE-STAR-WATERJET-CUTTING-MACHINES-SHOW-ROOM.jpg","type":"image\/jpeg"}],"twitter_card":"summary_large_image","twitter_misc":{"Gesch\u00e4tzte Lesezeit":"2 Minuten"},"schema":{"@context":"https:\/\/schema.org","@graph":[{"@type":"WebPage","@id":"https:\/\/kmtwaterjet.com\/de\/oem-northwood-maschine-sawjet-8\/","url":"https:\/\/kmtwaterjet.com\/de\/oem-northwood-maschine-sawjet-8\/","name":"OEM LONE STAR WASSERSTRAHL-SCHNEIDL\u00d6SUNGEN | KMT Waterjet","isPartOf":{"@id":"https:\/\/kmtwaterjet.com\/de\/#website"},"primaryImageOfPage":{"@id":"https:\/\/kmtwaterjet.com\/de\/oem-northwood-maschine-sawjet-8\/#primaryimage"},"image":{"@id":"https:\/\/kmtwaterjet.com\/de\/oem-northwood-maschine-sawjet-8\/#primaryimage"},"thumbnailUrl":"https:\/\/kmtwaterjet.com\/wp-content\/uploads\/LONE-STAR-WATERJET-CUTTING-MACHINES-SHOW-ROOM.jpg","datePublished":"2026-04-02T19:59:17+00:00","dateModified":"2026-04-02T22:05:52+00:00","breadcrumb":{"@id":"https:\/\/kmtwaterjet.com\/de\/oem-northwood-maschine-sawjet-8\/#breadcrumb"},"inLanguage":"de-DE","potentialAction":[{"@type":"ReadAction","target":["https:\/\/kmtwaterjet.com\/de\/oem-northwood-maschine-sawjet-8\/"]}]},{"@type":"ImageObject","inLanguage":"de-DE","@id":"https:\/\/kmtwaterjet.com\/de\/oem-northwood-maschine-sawjet-8\/#primaryimage","url":"https:\/\/kmtwaterjet.com\/wp-content\/uploads\/LONE-STAR-WATERJET-CUTTING-MACHINES-SHOW-ROOM.jpg","contentUrl":"https:\/\/kmtwaterjet.com\/wp-content\/uploads\/LONE-STAR-WATERJET-CUTTING-MACHINES-SHOW-ROOM.jpg"},{"@type":"BreadcrumbList","@id":"https:\/\/kmtwaterjet.com\/de\/oem-northwood-maschine-sawjet-8\/#breadcrumb","itemListElement":[{"@type":"ListItem","position":1,"name":"Home","item":"https:\/\/kmtwaterjet.com\/de\/"},{"@type":"ListItem","position":2,"name":"OEM LONE STAR WASSERSTRAHL-SCHNEIDL\u00d6SUNGEN"}]},{"@type":"WebSite","@id":"https:\/\/kmtwaterjet.com\/de\/#website","url":"https:\/\/kmtwaterjet.com\/de\/","name":"KMT Waterjet","description":"KMT Waterjet for waterjet cutting metal, stone, glass, steel and more","publisher":{"@id":"https:\/\/kmtwaterjet.com\/de\/#organization"},"potentialAction":[{"@type":"SearchAction","target":{"@type":"EntryPoint","urlTemplate":"https:\/\/kmtwaterjet.com\/de\/?s={search_term_string}"},"query-input":{"@type":"PropertyValueSpecification","valueRequired":true,"valueName":"search_term_string"}}],"inLanguage":"de-DE"},{"@type":"Organization","@id":"https:\/\/kmtwaterjet.com\/de\/#organization","name":"KMT Waterjet","url":"https:\/\/kmtwaterjet.com\/de\/","logo":{"@type":"ImageObject","inLanguage":"de-DE","@id":"https:\/\/kmtwaterjet.com\/de\/#\/schema\/logo\/image\/","url":"https:\/\/kmtwaterjet.com\/wp-content\/uploads\/kmt_logo_2020.png","contentUrl":"https:\/\/kmtwaterjet.com\/wp-content\/uploads\/kmt_logo_2020.png","width":1002,"height":605,"caption":"KMT Waterjet"},"image":{"@id":"https:\/\/kmtwaterjet.com\/de\/#\/schema\/logo\/image\/"}}]}},"_links":{"self":[{"href":"https:\/\/kmtwaterjet.com\/de\/wp-json\/wp\/v2\/pages\/44337","targetHints":{"allow":["GET"]}}],"collection":[{"href":"https:\/\/kmtwaterjet.com\/de\/wp-json\/wp\/v2\/pages"}],"about":[{"href":"https:\/\/kmtwaterjet.com\/de\/wp-json\/wp\/v2\/types\/page"}],"author":[{"embeddable":true,"href":"https:\/\/kmtwaterjet.com\/de\/wp-json\/wp\/v2\/users\/12"}],"replies":[{"embeddable":true,"href":"https:\/\/kmtwaterjet.com\/de\/wp-json\/wp\/v2\/comments?post=44337"}],"version-history":[{"count":0,"href":"https:\/\/kmtwaterjet.com\/de\/wp-json\/wp\/v2\/pages\/44337\/revisions"}],"wp:attachment":[{"href":"https:\/\/kmtwaterjet.com\/de\/wp-json\/wp\/v2\/media?parent=44337"}],"wp:term":[{"taxonomy":"page-type","embeddable":true,"href":"https:\/\/kmtwaterjet.com\/de\/wp-json\/wp\/v2\/page-type?post=44337"}],"curies":[{"name":"wp","href":"https:\/\/api.w.org\/{rel}","templated":true}]}}