{"id":43910,"date":"2026-04-01T09:53:42","date_gmt":"2026-04-01T14:53:42","guid":{"rendered":"https:\/\/kmtwaterjet.com\/?page_id=43910"},"modified":"2026-04-02T14:26:13","modified_gmt":"2026-04-02T19:26:13","slug":"oem-northwood-maschine-sawjet-5","status":"publish","type":"page","link":"https:\/\/kmtwaterjet.com\/de\/oem-northwood-maschine-sawjet-5\/","title":{"rendered":"OEM LAGUNA CNC WASSERSTRAHLSCHNEIDER"},"content":{"rendered":"\t\t<div data-elementor-type=\"wp-page\" data-elementor-id=\"43910\" class=\"elementor elementor-43910 elementor-43909\" data-elementor-post-type=\"page\">\n\t\t\t\t<div class=\"elementor-element elementor-element-a5186ce e-flex e-con-boxed e-con e-parent\" data-id=\"a5186ce\" data-element_type=\"container\" data-e-type=\"container\">\n\t\t\t\t\t<div class=\"e-con-inner\">\n\t\t\t\t<div class=\"elementor-element elementor-element-27eaaf2 elementor-widget elementor-widget-heading\" data-id=\"27eaaf2\" data-element_type=\"widget\" data-e-type=\"widget\" data-widget_type=\"heading.default\">\n\t\t\t\t<div class=\"elementor-widget-container\">\n\t\t\t\t\t<h1 class=\"elementor-heading-title elementor-size-default\">LAGUNA TOOLS CNC WASSERSTRAHL-SCHNEIDMASCHINEN<\/h1>\t\t\t\t<\/div>\n\t\t\t\t<\/div>\n\t\t\t\t<div class=\"elementor-element elementor-element-9016e52 elementor-widget-divider--view-line elementor-widget elementor-widget-divider\" data-id=\"9016e52\" data-element_type=\"widget\" data-e-type=\"widget\" data-widget_type=\"divider.default\">\n\t\t\t\t<div class=\"elementor-widget-container\">\n\t\t\t\t\t\t\t<div class=\"elementor-divider\">\n\t\t\t<span class=\"elementor-divider-separator\">\n\t\t\t\t\t\t<\/span>\n\t\t<\/div>\n\t\t\t\t\t\t<\/div>\n\t\t\t\t<\/div>\n\t\t\t\t\t<\/div>\n\t\t\t\t<\/div>\n\t\t<div class=\"elementor-element elementor-element-08404e0 e-flex e-con-boxed e-con e-parent\" data-id=\"08404e0\" data-element_type=\"container\" data-e-type=\"container\">\n\t\t\t\t\t<div class=\"e-con-inner\">\n\t\t\t\t<div class=\"elementor-element elementor-element-7e9b4d7 elementor-widget elementor-widget-image\" data-id=\"7e9b4d7\" data-element_type=\"widget\" data-e-type=\"widget\" data-widget_type=\"image.default\">\n\t\t\t\t<div class=\"elementor-widget-container\">\n\t\t\t\t\t\t\t\t\t\t\t\t\t\t\t<img fetchpriority=\"high\" decoding=\"async\" width=\"1392\" height=\"518\" src=\"https:\/\/kmtwaterjet.com\/wp-content\/uploads\/LAGUNA-WATERJET-CUTTING-SYSTEM-TABLES-BANNER.jpg\" class=\"attachment-full size-full wp-image-43921\" alt=\"\" srcset=\"https:\/\/kmtwaterjet.com\/wp-content\/uploads\/LAGUNA-WATERJET-CUTTING-SYSTEM-TABLES-BANNER.jpg 1392w, https:\/\/kmtwaterjet.com\/wp-content\/uploads\/LAGUNA-WATERJET-CUTTING-SYSTEM-TABLES-BANNER-300x112.jpg 300w, https:\/\/kmtwaterjet.com\/wp-content\/uploads\/LAGUNA-WATERJET-CUTTING-SYSTEM-TABLES-BANNER-1024x381.jpg 1024w, https:\/\/kmtwaterjet.com\/wp-content\/uploads\/LAGUNA-WATERJET-CUTTING-SYSTEM-TABLES-BANNER-768x286.jpg 768w\" sizes=\"(max-width: 1392px) 100vw, 1392px\" \/>\t\t\t\t\t\t\t\t\t\t\t\t\t\t\t<\/div>\n\t\t\t\t<\/div>\n\t\t\t\t\t<\/div>\n\t\t\t\t<\/div>\n\t\t<div class=\"elementor-element elementor-element-5761e3a e-grid e-con-boxed e-con e-parent\" data-id=\"5761e3a\" data-element_type=\"container\" data-e-type=\"container\">\n\t\t\t\t\t<div class=\"e-con-inner\">\n\t\t\t\t<div class=\"elementor-element elementor-element-b79cae4 elementor-widget elementor-widget-image\" data-id=\"b79cae4\" data-element_type=\"widget\" data-e-type=\"widget\" data-widget_type=\"image.default\">\n\t\t\t\t<div class=\"elementor-widget-container\">\n\t\t\t\t\t\t\t\t\t\t\t\t\t\t\t<img decoding=\"async\" width=\"474\" height=\"263\" data-src=\"https:\/\/kmtwaterjet.com\/wp-content\/uploads\/LAGUNA-TOOLS-CNC-WATERJET-CUTTING-LOGO.jpg\" class=\"attachment-large size-large wp-image-43922 lazyload\" alt=\"\" data-srcset=\"https:\/\/kmtwaterjet.com\/wp-content\/uploads\/LAGUNA-TOOLS-CNC-WATERJET-CUTTING-LOGO.jpg 474w, https:\/\/kmtwaterjet.com\/wp-content\/uploads\/LAGUNA-TOOLS-CNC-WATERJET-CUTTING-LOGO-300x166.jpg 300w\" data-sizes=\"(max-width: 474px) 100vw, 474px\" src=\"data:image\/svg+xml;base64,PHN2ZyB3aWR0aD0iMSIgaGVpZ2h0PSIxIiB4bWxucz0iaHR0cDovL3d3dy53My5vcmcvMjAwMC9zdmciPjwvc3ZnPg==\" style=\"--smush-placeholder-width: 474px; --smush-placeholder-aspect-ratio: 474\/263;\" \/>\t\t\t\t\t\t\t\t\t\t\t\t\t\t\t<\/div>\n\t\t\t\t<\/div>\n\t\t\t\t<div class=\"elementor-element elementor-element-932967f elementor-widget elementor-widget-text-editor\" data-id=\"932967f\" data-element_type=\"widget\" data-e-type=\"widget\" data-widget_type=\"text-editor.default\">\n\t\t\t\t<div class=\"elementor-widget-container\">\n\t\t\t\t\t\t\t\t\t<p><em><strong>Unerreichte Kantenqualit\u00e4t mit Laguna Tools Wasserstrahl-CNC-Maschinen<\/strong><\/em><\/p><p><strong>Wasserstrahlschneider<\/strong><br>CNC-Wasserstrahlmaschinen verwenden Hochdruckwasser zum Schneiden verschiedener Materialien, die h\u00e4ufig in der Luft- und Raumfahrt-, Automobil- und Elektronikindustrie eingesetzt werden. Die CNC-Wasserstrahlschneider von Laguna bieten Hochleistungsschnitte in dickeren Metallen und hitzeempfindlichen Produkten, ohne die Qualit\u00e4t der Kanten zu beeintr\u00e4chtigen. <\/p>\t\t\t\t\t\t\t\t<\/div>\n\t\t\t\t<\/div>\n\t\t\t\t\t<\/div>\n\t\t\t\t<\/div>\n\t\t<div class=\"elementor-element elementor-element-ea56cbc e-flex e-con-boxed e-con e-parent\" data-id=\"ea56cbc\" data-element_type=\"container\" data-e-type=\"container\">\n\t\t\t\t\t<div class=\"e-con-inner\">\n\t\t\t\t<div class=\"elementor-element elementor-element-3b30ee9 elementor-widget-divider--view-line elementor-widget elementor-widget-divider\" data-id=\"3b30ee9\" data-element_type=\"widget\" data-e-type=\"widget\" data-widget_type=\"divider.default\">\n\t\t\t\t<div class=\"elementor-widget-container\">\n\t\t\t\t\t\t\t<div class=\"elementor-divider\">\n\t\t\t<span class=\"elementor-divider-separator\">\n\t\t\t\t\t\t<\/span>\n\t\t<\/div>\n\t\t\t\t\t\t<\/div>\n\t\t\t\t<\/div>\n\t\t\t\t\t<\/div>\n\t\t\t\t<\/div>\n\t\t<div class=\"elementor-element elementor-element-56cd23b e-grid e-con-boxed e-con e-parent\" data-id=\"56cd23b\" data-element_type=\"container\" data-e-type=\"container\">\n\t\t\t\t\t<div class=\"e-con-inner\">\n\t\t\t\t<div class=\"elementor-element elementor-element-63f321b elementor-widget elementor-widget-image\" data-id=\"63f321b\" data-element_type=\"widget\" data-e-type=\"widget\" data-widget_type=\"image.default\">\n\t\t\t\t<div class=\"elementor-widget-container\">\n\t\t\t\t\t\t\t\t\t\t\t\t<figure class=\"wp-caption\">\n\t\t\t\t\t\t\t\t\t\t<img decoding=\"async\" width=\"800\" height=\"384\" data-src=\"https:\/\/kmtwaterjet.com\/wp-content\/uploads\/Laguna-SmartJet-Waterjet-Cutter-Table-1024x492.jpg\" class=\"attachment-large size-large wp-image-44313 lazyload\" alt=\"\" data-srcset=\"https:\/\/kmtwaterjet.com\/wp-content\/uploads\/Laguna-SmartJet-Waterjet-Cutter-Table-1024x492.jpg 1024w, https:\/\/kmtwaterjet.com\/wp-content\/uploads\/Laguna-SmartJet-Waterjet-Cutter-Table-300x144.jpg 300w, https:\/\/kmtwaterjet.com\/wp-content\/uploads\/Laguna-SmartJet-Waterjet-Cutter-Table-768x369.jpg 768w, https:\/\/kmtwaterjet.com\/wp-content\/uploads\/Laguna-SmartJet-Waterjet-Cutter-Table.jpg 1400w\" data-sizes=\"(max-width: 800px) 100vw, 800px\" src=\"data:image\/svg+xml;base64,PHN2ZyB3aWR0aD0iMSIgaGVpZ2h0PSIxIiB4bWxucz0iaHR0cDovL3d3dy53My5vcmcvMjAwMC9zdmciPjwvc3ZnPg==\" style=\"--smush-placeholder-width: 800px; --smush-placeholder-aspect-ratio: 800\/384;\" \/>\t\t\t\t\t\t\t\t\t\t\t<figcaption class=\"widget-image-caption wp-caption-text\">Laguna SmartJet Wasserstrahlschneider Tisch<\/figcaption>\n\t\t\t\t\t\t\t\t\t\t<\/figure>\n\t\t\t\t\t\t\t\t\t<\/div>\n\t\t\t\t<\/div>\n\t\t\t\t<div class=\"elementor-element elementor-element-82a276b elementor-widget elementor-widget-image\" data-id=\"82a276b\" data-element_type=\"widget\" data-e-type=\"widget\" data-widget_type=\"image.default\">\n\t\t\t\t<div class=\"elementor-widget-container\">\n\t\t\t\t\t\t\t\t\t\t\t\t<figure class=\"wp-caption\">\n\t\t\t\t\t\t\t\t\t\t<img decoding=\"async\" width=\"800\" height=\"384\" data-src=\"https:\/\/kmtwaterjet.com\/wp-content\/uploads\/LAGUNA-STEM-Education-Services-1024x492.jpg\" class=\"attachment-large size-large wp-image-44315 lazyload\" alt=\"\" data-srcset=\"https:\/\/kmtwaterjet.com\/wp-content\/uploads\/LAGUNA-STEM-Education-Services-1024x492.jpg 1024w, https:\/\/kmtwaterjet.com\/wp-content\/uploads\/LAGUNA-STEM-Education-Services-300x144.jpg 300w, https:\/\/kmtwaterjet.com\/wp-content\/uploads\/LAGUNA-STEM-Education-Services-768x369.jpg 768w, https:\/\/kmtwaterjet.com\/wp-content\/uploads\/LAGUNA-STEM-Education-Services.jpg 1400w\" data-sizes=\"(max-width: 800px) 100vw, 800px\" src=\"data:image\/svg+xml;base64,PHN2ZyB3aWR0aD0iMSIgaGVpZ2h0PSIxIiB4bWxucz0iaHR0cDovL3d3dy53My5vcmcvMjAwMC9zdmciPjwvc3ZnPg==\" style=\"--smush-placeholder-width: 800px; --smush-placeholder-aspect-ratio: 800\/384;\" \/>\t\t\t\t\t\t\t\t\t\t\t<figcaption class=\"widget-image-caption wp-caption-text\">LAGUNA STEM Education Dienstleistungen<\/figcaption>\n\t\t\t\t\t\t\t\t\t\t<\/figure>\n\t\t\t\t\t\t\t\t\t<\/div>\n\t\t\t\t<\/div>\n\t\t\t\t\t<\/div>\n\t\t\t\t<\/div>\n\t\t<div class=\"elementor-element elementor-element-6b78d1e e-flex e-con-boxed e-con e-parent\" data-id=\"6b78d1e\" data-element_type=\"container\" data-e-type=\"container\">\n\t\t\t\t\t<div class=\"e-con-inner\">\n\t\t\t\t<div class=\"elementor-element elementor-element-9115298 elementor-widget elementor-widget-spacer\" data-id=\"9115298\" data-element_type=\"widget\" data-e-type=\"widget\" data-widget_type=\"spacer.default\">\n\t\t\t\t<div class=\"elementor-widget-container\">\n\t\t\t\t\t\t\t<div class=\"elementor-spacer\">\n\t\t\t<div class=\"elementor-spacer-inner\"><\/div>\n\t\t<\/div>\n\t\t\t\t\t\t<\/div>\n\t\t\t\t<\/div>\n\t\t\t\t\t<\/div>\n\t\t\t\t<\/div>\n\t\t<div class=\"elementor-element elementor-element-5abe2a5 e-flex e-con-boxed e-con e-parent\" data-id=\"5abe2a5\" data-element_type=\"container\" data-e-type=\"container\">\n\t\t\t\t\t<div class=\"e-con-inner\">\n\t\t\t\t<div class=\"elementor-element elementor-element-ae0216d elementor-widget elementor-widget-heading\" data-id=\"ae0216d\" data-element_type=\"widget\" data-e-type=\"widget\" data-widget_type=\"heading.default\">\n\t\t\t\t<div class=\"elementor-widget-container\">\n\t\t\t\t\t<h2 class=\"elementor-heading-title elementor-size-default\">\u00dcBER LAGUNA WASSERSTRAHLSCHNEIDANLAGEN<\/h2>\t\t\t\t<\/div>\n\t\t\t\t<\/div>\n\t\t\t\t<div class=\"elementor-element elementor-element-8b293f1 elementor-widget elementor-widget-text-editor\" data-id=\"8b293f1\" data-element_type=\"widget\" data-e-type=\"widget\" data-widget_type=\"text-editor.default\">\n\t\t\t\t<div class=\"elementor-widget-container\">\n\t\t\t\t\t\t\t\t\t<div class=\"section\"><ul class=\"list-inside list-disc whitespace-normal [li_&amp;]:pl-6\" data-streamdown=\"unordered-list\"><li class=\"py-1 [&amp;&gt;p]:inline\" data-streamdown=\"list-item\"><strong>Unerreichte Kantenqualit\u00e4t mit den CNC-Wasserstrahlmaschinen von Laguna Tools<\/strong><br>Wenn Pr\u00e4zision und hervorragende Kantenqualit\u00e4t f\u00fcr Ihr Unternehmen entscheidend sind, sind die CNC-Wasserstrahlmaschinen von Laguna Tools die optimale Wahl. Durch den Einsatz hochwertiger Hochdruckpumpensysteme liefern diese Maschinen au\u00dfergew\u00f6hnlich saubere, glatte und pr\u00e4zise Schnitte in einer Vielzahl von Materialien, darunter Metalle, Glas und Verbundwerkstoffe, ohne W\u00e4rmeeinflusszonen zu erzeugen. Diese Kaltschneidetechnik stellt sicher, dass Ihre komplizierten Entw\u00fcrfe und detaillierten Anfertigungen einwandfrei ausgef\u00fchrt werden und dass Probleme wie Kr\u00e4tze und Grate, die bei anderen Schneidmethoden h\u00e4ufig auftreten, vermieden werden. Mit dem Engagement von Laguna Tools f\u00fcr Innovation und Qualit\u00e4t bieten unsere CNC-Wasserstrahlmaschinen die Zuverl\u00e4ssigkeit und Exzellenz, die f\u00fcr die anspruchsvollsten Projekte erforderlich sind.   <\/li><\/ul><ul><li><strong>Die Wahl der richtigen Wasserstrahlmaschine<\/strong><br>Bei so vielen Optionen auf dem Markt kann es schwierig sein, zu entscheiden, welche Art von CNC-Maschine f\u00fcr Ihr Unternehmen am besten geeignet ist. Beachten Sie diese Faktoren bei der Auswahl einer Maschine: <\/li><\/ul><p><strong>Zweck:<\/strong> Wie werden Sie die Maschine verwenden und welche Materialien werden Sie schneiden? Dies bestimmt den Typ der Maschine und die Gr\u00f6\u00dfe des Schneidetisches, den Sie ben\u00f6tigen. <br><strong>Schneidverfahren:<\/strong> Ben\u00f6tigen Sie ein reines Wasserschneidesystem oder bevorzugen Sie einen abrasiven Wasserstrahlschneidkopf?<br><strong>Schneidef\u00e4higkeiten:<\/strong> Je nach Art der Teile, die Sie herstellen, ben\u00f6tigen Sie vielleicht eine drei- oder f\u00fcnfachsige Wasserstrahlmaschine.<br><strong>Anpassungen:<\/strong> Ben\u00f6tigen Sie eine sofort einsatzbereite Softwarel\u00f6sung oder sind Sie auf der Suche nach mehr anpassbaren Einstellungen und Funktionen?<\/p><ul><li><strong>Laguna Tools&#8216; Engagement f\u00fcr Pr\u00e4zision und Exzellenz<\/strong><br>Als f\u00fchrender Anbieter von CNC-Steuerungsanlagen und Industriemaschinen ist Laguna Tools Ihre erste Adresse f\u00fcr Wasserstrahl-CNCs, Plasmaschneidmaschinen und mehr. Das Team von Laguna Tools wurde 1983 gegr\u00fcndet und verf\u00fcgt \u00fcber umfangreiche Erfahrung im Dienste von Fachleuten in der Metallverarbeitung, der Schilderherstellung und verwandten Branchen. Laguna Tools hat H\u00e4ndler in den gesamten Vereinigten Staaten und dar\u00fcber hinaus, die prompten Kundenservice und CNC-Schulungen anbieten. F\u00fcr Kunden, die sich qualifizieren, ist eine CNC-Finanzierung durch Dritte m\u00f6glich.   <\/li><\/ul><p> <\/p><hr><p> <\/p><p><span style=\"color: #000000;\"><em><strong>\u221a Bitte f\u00fcllen Sie das untenstehende Formular aus und ein Vertreter wird sich in K\u00fcrze mit Ihnen in Verbindung setzen.<\/strong><\/em><\/span><\/p><\/div>\t\t\t\t\t\t\t\t<\/div>\n\t\t\t\t<\/div>\n\t\t\t\t\t<\/div>\n\t\t\t\t<\/div>\n\t\t\t\t<\/div>\n\t\t","protected":false},"excerpt":{"rendered":"<p>LAGUNA TOOLS CNC WASSERSTRAHL-SCHNEIDMASCHINEN Unerreichte Kantenqualit\u00e4t mit Laguna Tools Wasserstrahl-CNC-Maschinen WasserstrahlschneiderCNC-Wasserstrahlmaschinen verwenden Hochdruckwasser zum Schneiden verschiedener Materialien, die h\u00e4ufig in der Luft- und Raumfahrt-, Automobil- und Elektronikindustrie eingesetzt werden. Die CNC-Wasserstrahlschneider von Laguna bieten Hochleistungsschnitte in dickeren Metallen und hitzeempfindlichen Produkten, ohne die Qualit\u00e4t der Kanten zu beeintr\u00e4chtigen. Laguna SmartJet Waterjet Cutter Table LAGUNA STEM [&hellip;]<\/p>\n","protected":false},"author":12,"featured_media":0,"parent":0,"menu_order":0,"comment_status":"closed","ping_status":"closed","template":"","meta":{"_acf_changed":false,"footnotes":""},"page-type":[],"class_list":["post-43910","page","type-page","status-publish","hentry"],"acf":[],"yoast_head":"<!-- This site is optimized with the Yoast SEO plugin v27.3 - https:\/\/yoast.com\/product\/yoast-seo-wordpress\/ -->\n<title>OEM LAGUNA CNC WASSERSTRAHLSCHNEIDER | KMT Waterjet<\/title>\n<meta name=\"robots\" content=\"index, follow, max-snippet:-1, max-image-preview:large, max-video-preview:-1\" \/>\n<link rel=\"canonical\" href=\"https:\/\/kmtwaterjet.com\/de\/oem-northwood-maschine-sawjet-5\/\" \/>\n<meta property=\"og:locale\" content=\"de_DE\" \/>\n<meta property=\"og:type\" content=\"article\" \/>\n<meta property=\"og:title\" content=\"OEM LAGUNA CNC WASSERSTRAHLSCHNEIDER | KMT Waterjet\" \/>\n<meta property=\"og:description\" content=\"LAGUNA TOOLS CNC WASSERSTRAHL-SCHNEIDMASCHINEN Unerreichte Kantenqualit\u00e4t mit Laguna Tools Wasserstrahl-CNC-Maschinen WasserstrahlschneiderCNC-Wasserstrahlmaschinen verwenden Hochdruckwasser zum Schneiden verschiedener Materialien, die h\u00e4ufig in der Luft- und Raumfahrt-, Automobil- und Elektronikindustrie eingesetzt werden. Die CNC-Wasserstrahlschneider von Laguna bieten Hochleistungsschnitte in dickeren Metallen und hitzeempfindlichen Produkten, ohne die Qualit\u00e4t der Kanten zu beeintr\u00e4chtigen. Laguna SmartJet Waterjet Cutter Table LAGUNA STEM [&hellip;]\" \/>\n<meta property=\"og:url\" content=\"https:\/\/kmtwaterjet.com\/de\/oem-northwood-maschine-sawjet-5\/\" \/>\n<meta property=\"og:site_name\" content=\"KMT Waterjet\" \/>\n<meta property=\"article:modified_time\" content=\"2026-04-02T19:26:13+00:00\" \/>\n<meta property=\"og:image\" content=\"https:\/\/kmtwaterjet.com\/wp-content\/uploads\/LAGUNA-WATERJET-CUTTING-SYSTEM-TABLES-BANNER.jpg\" \/>\n\t<meta property=\"og:image:width\" content=\"1392\" \/>\n\t<meta property=\"og:image:height\" content=\"518\" \/>\n\t<meta property=\"og:image:type\" content=\"image\/jpeg\" \/>\n<meta name=\"twitter:card\" content=\"summary_large_image\" \/>\n<meta name=\"twitter:label1\" content=\"Gesch\u00e4tzte Lesezeit\" \/>\n\t<meta name=\"twitter:data1\" content=\"2 Minuten\" \/>\n<script type=\"application\/ld+json\" class=\"yoast-schema-graph\">{\"@context\":\"https:\\\/\\\/schema.org\",\"@graph\":[{\"@type\":\"WebPage\",\"@id\":\"https:\\\/\\\/kmtwaterjet.com\\\/de\\\/oem-northwood-maschine-sawjet-5\\\/\",\"url\":\"https:\\\/\\\/kmtwaterjet.com\\\/de\\\/oem-northwood-maschine-sawjet-5\\\/\",\"name\":\"OEM LAGUNA CNC WASSERSTRAHLSCHNEIDER | KMT Waterjet\",\"isPartOf\":{\"@id\":\"https:\\\/\\\/kmtwaterjet.com\\\/de\\\/#website\"},\"primaryImageOfPage\":{\"@id\":\"https:\\\/\\\/kmtwaterjet.com\\\/de\\\/oem-northwood-maschine-sawjet-5\\\/#primaryimage\"},\"image\":{\"@id\":\"https:\\\/\\\/kmtwaterjet.com\\\/de\\\/oem-northwood-maschine-sawjet-5\\\/#primaryimage\"},\"thumbnailUrl\":\"https:\\\/\\\/kmtwaterjet.com\\\/wp-content\\\/uploads\\\/LAGUNA-WATERJET-CUTTING-SYSTEM-TABLES-BANNER.jpg\",\"datePublished\":\"2026-04-01T14:53:42+00:00\",\"dateModified\":\"2026-04-02T19:26:13+00:00\",\"breadcrumb\":{\"@id\":\"https:\\\/\\\/kmtwaterjet.com\\\/de\\\/oem-northwood-maschine-sawjet-5\\\/#breadcrumb\"},\"inLanguage\":\"de-DE\",\"potentialAction\":[{\"@type\":\"ReadAction\",\"target\":[\"https:\\\/\\\/kmtwaterjet.com\\\/de\\\/oem-northwood-maschine-sawjet-5\\\/\"]}]},{\"@type\":\"ImageObject\",\"inLanguage\":\"de-DE\",\"@id\":\"https:\\\/\\\/kmtwaterjet.com\\\/de\\\/oem-northwood-maschine-sawjet-5\\\/#primaryimage\",\"url\":\"https:\\\/\\\/kmtwaterjet.com\\\/wp-content\\\/uploads\\\/LAGUNA-WATERJET-CUTTING-SYSTEM-TABLES-BANNER.jpg\",\"contentUrl\":\"https:\\\/\\\/kmtwaterjet.com\\\/wp-content\\\/uploads\\\/LAGUNA-WATERJET-CUTTING-SYSTEM-TABLES-BANNER.jpg\"},{\"@type\":\"BreadcrumbList\",\"@id\":\"https:\\\/\\\/kmtwaterjet.com\\\/de\\\/oem-northwood-maschine-sawjet-5\\\/#breadcrumb\",\"itemListElement\":[{\"@type\":\"ListItem\",\"position\":1,\"name\":\"Home\",\"item\":\"https:\\\/\\\/kmtwaterjet.com\\\/de\\\/\"},{\"@type\":\"ListItem\",\"position\":2,\"name\":\"OEM LAGUNA CNC WASSERSTRAHLSCHNEIDER\"}]},{\"@type\":\"WebSite\",\"@id\":\"https:\\\/\\\/kmtwaterjet.com\\\/de\\\/#website\",\"url\":\"https:\\\/\\\/kmtwaterjet.com\\\/de\\\/\",\"name\":\"KMT Waterjet\",\"description\":\"KMT Waterjet for waterjet cutting metal, stone, glass, steel and more\",\"publisher\":{\"@id\":\"https:\\\/\\\/kmtwaterjet.com\\\/de\\\/#organization\"},\"potentialAction\":[{\"@type\":\"SearchAction\",\"target\":{\"@type\":\"EntryPoint\",\"urlTemplate\":\"https:\\\/\\\/kmtwaterjet.com\\\/de\\\/?s={search_term_string}\"},\"query-input\":{\"@type\":\"PropertyValueSpecification\",\"valueRequired\":true,\"valueName\":\"search_term_string\"}}],\"inLanguage\":\"de-DE\"},{\"@type\":\"Organization\",\"@id\":\"https:\\\/\\\/kmtwaterjet.com\\\/de\\\/#organization\",\"name\":\"KMT Waterjet\",\"url\":\"https:\\\/\\\/kmtwaterjet.com\\\/de\\\/\",\"logo\":{\"@type\":\"ImageObject\",\"inLanguage\":\"de-DE\",\"@id\":\"https:\\\/\\\/kmtwaterjet.com\\\/de\\\/#\\\/schema\\\/logo\\\/image\\\/\",\"url\":\"https:\\\/\\\/kmtwaterjet.com\\\/wp-content\\\/uploads\\\/kmt_logo_2020.png\",\"contentUrl\":\"https:\\\/\\\/kmtwaterjet.com\\\/wp-content\\\/uploads\\\/kmt_logo_2020.png\",\"width\":1002,\"height\":605,\"caption\":\"KMT Waterjet\"},\"image\":{\"@id\":\"https:\\\/\\\/kmtwaterjet.com\\\/de\\\/#\\\/schema\\\/logo\\\/image\\\/\"}}]}<\/script>\n<!-- \/ Yoast SEO plugin. -->","yoast_head_json":{"title":"OEM LAGUNA CNC WASSERSTRAHLSCHNEIDER | KMT Waterjet","robots":{"index":"index","follow":"follow","max-snippet":"max-snippet:-1","max-image-preview":"max-image-preview:large","max-video-preview":"max-video-preview:-1"},"canonical":"https:\/\/kmtwaterjet.com\/de\/oem-northwood-maschine-sawjet-5\/","og_locale":"de_DE","og_type":"article","og_title":"OEM LAGUNA CNC WASSERSTRAHLSCHNEIDER | KMT Waterjet","og_description":"LAGUNA TOOLS CNC WASSERSTRAHL-SCHNEIDMASCHINEN Unerreichte Kantenqualit\u00e4t mit Laguna Tools Wasserstrahl-CNC-Maschinen WasserstrahlschneiderCNC-Wasserstrahlmaschinen verwenden Hochdruckwasser zum Schneiden verschiedener Materialien, die h\u00e4ufig in der Luft- und Raumfahrt-, Automobil- und Elektronikindustrie eingesetzt werden. Die CNC-Wasserstrahlschneider von Laguna bieten Hochleistungsschnitte in dickeren Metallen und hitzeempfindlichen Produkten, ohne die Qualit\u00e4t der Kanten zu beeintr\u00e4chtigen. Laguna SmartJet Waterjet Cutter Table LAGUNA STEM [&hellip;]","og_url":"https:\/\/kmtwaterjet.com\/de\/oem-northwood-maschine-sawjet-5\/","og_site_name":"KMT Waterjet","article_modified_time":"2026-04-02T19:26:13+00:00","og_image":[{"width":1392,"height":518,"url":"https:\/\/kmtwaterjet.com\/wp-content\/uploads\/LAGUNA-WATERJET-CUTTING-SYSTEM-TABLES-BANNER.jpg","type":"image\/jpeg"}],"twitter_card":"summary_large_image","twitter_misc":{"Gesch\u00e4tzte Lesezeit":"2 Minuten"},"schema":{"@context":"https:\/\/schema.org","@graph":[{"@type":"WebPage","@id":"https:\/\/kmtwaterjet.com\/de\/oem-northwood-maschine-sawjet-5\/","url":"https:\/\/kmtwaterjet.com\/de\/oem-northwood-maschine-sawjet-5\/","name":"OEM LAGUNA CNC WASSERSTRAHLSCHNEIDER | KMT Waterjet","isPartOf":{"@id":"https:\/\/kmtwaterjet.com\/de\/#website"},"primaryImageOfPage":{"@id":"https:\/\/kmtwaterjet.com\/de\/oem-northwood-maschine-sawjet-5\/#primaryimage"},"image":{"@id":"https:\/\/kmtwaterjet.com\/de\/oem-northwood-maschine-sawjet-5\/#primaryimage"},"thumbnailUrl":"https:\/\/kmtwaterjet.com\/wp-content\/uploads\/LAGUNA-WATERJET-CUTTING-SYSTEM-TABLES-BANNER.jpg","datePublished":"2026-04-01T14:53:42+00:00","dateModified":"2026-04-02T19:26:13+00:00","breadcrumb":{"@id":"https:\/\/kmtwaterjet.com\/de\/oem-northwood-maschine-sawjet-5\/#breadcrumb"},"inLanguage":"de-DE","potentialAction":[{"@type":"ReadAction","target":["https:\/\/kmtwaterjet.com\/de\/oem-northwood-maschine-sawjet-5\/"]}]},{"@type":"ImageObject","inLanguage":"de-DE","@id":"https:\/\/kmtwaterjet.com\/de\/oem-northwood-maschine-sawjet-5\/#primaryimage","url":"https:\/\/kmtwaterjet.com\/wp-content\/uploads\/LAGUNA-WATERJET-CUTTING-SYSTEM-TABLES-BANNER.jpg","contentUrl":"https:\/\/kmtwaterjet.com\/wp-content\/uploads\/LAGUNA-WATERJET-CUTTING-SYSTEM-TABLES-BANNER.jpg"},{"@type":"BreadcrumbList","@id":"https:\/\/kmtwaterjet.com\/de\/oem-northwood-maschine-sawjet-5\/#breadcrumb","itemListElement":[{"@type":"ListItem","position":1,"name":"Home","item":"https:\/\/kmtwaterjet.com\/de\/"},{"@type":"ListItem","position":2,"name":"OEM LAGUNA CNC WASSERSTRAHLSCHNEIDER"}]},{"@type":"WebSite","@id":"https:\/\/kmtwaterjet.com\/de\/#website","url":"https:\/\/kmtwaterjet.com\/de\/","name":"KMT Waterjet","description":"KMT Waterjet for waterjet cutting metal, stone, glass, steel and more","publisher":{"@id":"https:\/\/kmtwaterjet.com\/de\/#organization"},"potentialAction":[{"@type":"SearchAction","target":{"@type":"EntryPoint","urlTemplate":"https:\/\/kmtwaterjet.com\/de\/?s={search_term_string}"},"query-input":{"@type":"PropertyValueSpecification","valueRequired":true,"valueName":"search_term_string"}}],"inLanguage":"de-DE"},{"@type":"Organization","@id":"https:\/\/kmtwaterjet.com\/de\/#organization","name":"KMT Waterjet","url":"https:\/\/kmtwaterjet.com\/de\/","logo":{"@type":"ImageObject","inLanguage":"de-DE","@id":"https:\/\/kmtwaterjet.com\/de\/#\/schema\/logo\/image\/","url":"https:\/\/kmtwaterjet.com\/wp-content\/uploads\/kmt_logo_2020.png","contentUrl":"https:\/\/kmtwaterjet.com\/wp-content\/uploads\/kmt_logo_2020.png","width":1002,"height":605,"caption":"KMT Waterjet"},"image":{"@id":"https:\/\/kmtwaterjet.com\/de\/#\/schema\/logo\/image\/"}}]}},"_links":{"self":[{"href":"https:\/\/kmtwaterjet.com\/de\/wp-json\/wp\/v2\/pages\/43910","targetHints":{"allow":["GET"]}}],"collection":[{"href":"https:\/\/kmtwaterjet.com\/de\/wp-json\/wp\/v2\/pages"}],"about":[{"href":"https:\/\/kmtwaterjet.com\/de\/wp-json\/wp\/v2\/types\/page"}],"author":[{"embeddable":true,"href":"https:\/\/kmtwaterjet.com\/de\/wp-json\/wp\/v2\/users\/12"}],"replies":[{"embeddable":true,"href":"https:\/\/kmtwaterjet.com\/de\/wp-json\/wp\/v2\/comments?post=43910"}],"version-history":[{"count":0,"href":"https:\/\/kmtwaterjet.com\/de\/wp-json\/wp\/v2\/pages\/43910\/revisions"}],"wp:attachment":[{"href":"https:\/\/kmtwaterjet.com\/de\/wp-json\/wp\/v2\/media?parent=43910"}],"wp:term":[{"taxonomy":"page-type","embeddable":true,"href":"https:\/\/kmtwaterjet.com\/de\/wp-json\/wp\/v2\/page-type?post=43910"}],"curies":[{"name":"wp","href":"https:\/\/api.w.org\/{rel}","templated":true}]}}