{"id":43602,"date":"2026-03-23T13:45:42","date_gmt":"2026-03-23T18:45:42","guid":{"rendered":"https:\/\/kmtwaterjet.com\/?page_id=43602"},"modified":"2026-04-27T11:48:45","modified_gmt":"2026-04-27T16:48:45","slug":"wasserstrahlschneiden-vs-laser-3","status":"publish","type":"page","link":"https:\/\/kmtwaterjet.com\/de\/wasserstrahlschneiden-vs-laser-3\/","title":{"rendered":"OEM FORM PROZESSAUTOMATISIERUNG"},"content":{"rendered":"\t\t<div data-elementor-type=\"wp-page\" data-elementor-id=\"43602\" class=\"elementor elementor-43602 elementor-43599\" data-elementor-post-type=\"page\">\n\t\t\t\t<div class=\"elementor-element elementor-element-a5186ce e-flex e-con-boxed e-con e-parent\" data-id=\"a5186ce\" data-element_type=\"container\" data-e-type=\"container\">\n\t\t\t\t\t<div class=\"e-con-inner\">\n\t\t\t\t<div class=\"elementor-element elementor-element-27eaaf2 elementor-widget elementor-widget-heading\" data-id=\"27eaaf2\" data-element_type=\"widget\" data-e-type=\"widget\" data-widget_type=\"heading.default\">\n\t\t\t\t<div class=\"elementor-widget-container\">\n\t\t\t\t\t<h1 class=\"elementor-heading-title elementor-size-default\">AUTOMATISIERUNG VON FORMGEBUNGSPROZESSEN - ROBOTER-WASSERSTRAHLSCHNEIDEN UND MATERIALBEARBEITUNG<\/h1>\t\t\t\t<\/div>\n\t\t\t\t<\/div>\n\t\t\t\t<div class=\"elementor-element elementor-element-9016e52 elementor-widget-divider--view-line elementor-widget elementor-widget-divider\" data-id=\"9016e52\" data-element_type=\"widget\" data-e-type=\"widget\" data-widget_type=\"divider.default\">\n\t\t\t\t<div class=\"elementor-widget-container\">\n\t\t\t\t\t\t\t<div class=\"elementor-divider\">\n\t\t\t<span class=\"elementor-divider-separator\">\n\t\t\t\t\t\t<\/span>\n\t\t<\/div>\n\t\t\t\t\t\t<\/div>\n\t\t\t\t<\/div>\n\t\t\t\t\t<\/div>\n\t\t\t\t<\/div>\n\t\t<div class=\"elementor-element elementor-element-d39161e e-con-full e-flex e-con e-parent\" data-id=\"d39161e\" data-element_type=\"container\" data-e-type=\"container\">\n\t\t\t\t<div class=\"elementor-element elementor-element-06f8879 elementor-widget elementor-widget-image\" data-id=\"06f8879\" data-element_type=\"widget\" data-e-type=\"widget\" data-widget_type=\"image.default\">\n\t\t\t\t<div class=\"elementor-widget-container\">\n\t\t\t\t\t\t\t\t\t\t\t\t\t\t\t<img fetchpriority=\"high\" decoding=\"async\" width=\"1800\" height=\"797\" src=\"https:\/\/kmtwaterjet.com\/wp-content\/uploads\/SPA-WATERJET-CUTTING-BANNER-ABB-Single-WJ-Plumbing-Pk.jpg\" class=\"attachment-full size-full wp-image-44421\" alt=\"Shape Process Automation waterjet cutting machine\" srcset=\"https:\/\/kmtwaterjet.com\/wp-content\/uploads\/SPA-WATERJET-CUTTING-BANNER-ABB-Single-WJ-Plumbing-Pk.jpg 1800w, https:\/\/kmtwaterjet.com\/wp-content\/uploads\/SPA-WATERJET-CUTTING-BANNER-ABB-Single-WJ-Plumbing-Pk-300x133.jpg 300w, https:\/\/kmtwaterjet.com\/wp-content\/uploads\/SPA-WATERJET-CUTTING-BANNER-ABB-Single-WJ-Plumbing-Pk-1024x453.jpg 1024w, https:\/\/kmtwaterjet.com\/wp-content\/uploads\/SPA-WATERJET-CUTTING-BANNER-ABB-Single-WJ-Plumbing-Pk-768x340.jpg 768w, https:\/\/kmtwaterjet.com\/wp-content\/uploads\/SPA-WATERJET-CUTTING-BANNER-ABB-Single-WJ-Plumbing-Pk-1536x680.jpg 1536w\" sizes=\"(max-width: 1800px) 100vw, 1800px\" \/>\t\t\t\t\t\t\t\t\t\t\t\t\t\t\t<\/div>\n\t\t\t\t<\/div>\n\t\t\t\t<\/div>\n\t\t<div class=\"elementor-element elementor-element-5761e3a e-grid e-con-boxed e-con e-parent\" data-id=\"5761e3a\" data-element_type=\"container\" data-e-type=\"container\">\n\t\t\t\t\t<div class=\"e-con-inner\">\n\t\t\t\t<div class=\"elementor-element elementor-element-b79cae4 elementor-widget elementor-widget-image\" data-id=\"b79cae4\" data-element_type=\"widget\" data-e-type=\"widget\" data-widget_type=\"image.default\">\n\t\t\t\t<div class=\"elementor-widget-container\">\n\t\t\t\t\t\t\t\t\t\t\t\t\t\t\t<img decoding=\"async\" width=\"800\" height=\"201\" data-src=\"https:\/\/kmtwaterjet.com\/wp-content\/uploads\/SPA-SHAPE-PROCESS-AUTOMATION-LOGO.jpg\" class=\"attachment-large size-large wp-image-43620 lazyload\" alt=\"Shape Process Automation logo\" data-srcset=\"https:\/\/kmtwaterjet.com\/wp-content\/uploads\/SPA-SHAPE-PROCESS-AUTOMATION-LOGO.jpg 800w, https:\/\/kmtwaterjet.com\/wp-content\/uploads\/SPA-SHAPE-PROCESS-AUTOMATION-LOGO-300x75.jpg 300w, https:\/\/kmtwaterjet.com\/wp-content\/uploads\/SPA-SHAPE-PROCESS-AUTOMATION-LOGO-768x193.jpg 768w\" data-sizes=\"(max-width: 800px) 100vw, 800px\" src=\"data:image\/svg+xml;base64,PHN2ZyB3aWR0aD0iMSIgaGVpZ2h0PSIxIiB4bWxucz0iaHR0cDovL3d3dy53My5vcmcvMjAwMC9zdmciPjwvc3ZnPg==\" style=\"--smush-placeholder-width: 800px; --smush-placeholder-aspect-ratio: 800\/201;\" \/>\t\t\t\t\t\t\t\t\t\t\t\t\t\t\t<\/div>\n\t\t\t\t<\/div>\n\t\t\t\t<div class=\"elementor-element elementor-element-932967f elementor-widget elementor-widget-text-editor\" data-id=\"932967f\" data-element_type=\"widget\" data-e-type=\"widget\" data-widget_type=\"text-editor.default\">\n\t\t\t\t<div class=\"elementor-widget-container\">\n\t\t\t\t\t\t\t\t\t<p><span style=\"color: #006aa8;\"><em><strong>Die Grenzen der Automatisierung verschieben<\/strong><\/em><\/span><\/p><p>Shape Process Automation ist Ihr globaler Anbieter von Hightech-Engineering und Prozessautomatisierung. Wir entwickeln<strong> integrierte Fertigungsstrategien<\/strong> und <strong>industrielle Automatisierungsl\u00f6sungen<\/strong> f\u00fcr Tier I- und Tier II-Zulieferer und dar\u00fcber hinaus. Unser umfassender Ansatz und das leidenschaftliche Team, das dahinter steht, sorgen daf\u00fcr, dass wir die Fertigung mit Roboterautomation neu definieren.  <\/p>\t\t\t\t\t\t\t\t<\/div>\n\t\t\t\t<\/div>\n\t\t\t\t\t<\/div>\n\t\t\t\t<\/div>\n\t\t<div class=\"elementor-element elementor-element-ea56cbc e-flex e-con-boxed e-con e-parent\" data-id=\"ea56cbc\" data-element_type=\"container\" data-e-type=\"container\">\n\t\t\t\t\t<div class=\"e-con-inner\">\n\t\t\t\t<div class=\"elementor-element elementor-element-3b30ee9 elementor-widget-divider--view-line elementor-widget elementor-widget-divider\" data-id=\"3b30ee9\" data-element_type=\"widget\" data-e-type=\"widget\" data-widget_type=\"divider.default\">\n\t\t\t\t<div class=\"elementor-widget-container\">\n\t\t\t\t\t\t\t<div class=\"elementor-divider\">\n\t\t\t<span class=\"elementor-divider-separator\">\n\t\t\t\t\t\t<\/span>\n\t\t<\/div>\n\t\t\t\t\t\t<\/div>\n\t\t\t\t<\/div>\n\t\t\t\t\t<\/div>\n\t\t\t\t<\/div>\n\t\t<div class=\"elementor-element elementor-element-56cd23b e-grid e-con-boxed e-con e-parent\" data-id=\"56cd23b\" data-element_type=\"container\" data-e-type=\"container\">\n\t\t\t\t\t<div class=\"e-con-inner\">\n\t\t\t\t<div class=\"elementor-element elementor-element-63f321b elementor-widget elementor-widget-image\" data-id=\"63f321b\" data-element_type=\"widget\" data-e-type=\"widget\" data-widget_type=\"image.default\">\n\t\t\t\t<div class=\"elementor-widget-container\">\n\t\t\t\t\t\t\t\t\t\t\t\t<figure class=\"wp-caption\">\n\t\t\t\t\t\t\t\t\t\t<img decoding=\"async\" width=\"800\" height=\"384\" data-src=\"https:\/\/kmtwaterjet.com\/wp-content\/uploads\/SPA-ROBOTIC-WATER-ONLY-CUTTING-CELL-1024x492.jpg\" class=\"attachment-large size-large wp-image-44125 lazyload\" alt=\"SPA Robotic water only cutting cell\" data-srcset=\"https:\/\/kmtwaterjet.com\/wp-content\/uploads\/SPA-ROBOTIC-WATER-ONLY-CUTTING-CELL-1024x492.jpg 1024w, https:\/\/kmtwaterjet.com\/wp-content\/uploads\/SPA-ROBOTIC-WATER-ONLY-CUTTING-CELL-300x144.jpg 300w, https:\/\/kmtwaterjet.com\/wp-content\/uploads\/SPA-ROBOTIC-WATER-ONLY-CUTTING-CELL-768x369.jpg 768w, https:\/\/kmtwaterjet.com\/wp-content\/uploads\/SPA-ROBOTIC-WATER-ONLY-CUTTING-CELL.jpg 1400w\" data-sizes=\"(max-width: 800px) 100vw, 800px\" src=\"data:image\/svg+xml;base64,PHN2ZyB3aWR0aD0iMSIgaGVpZ2h0PSIxIiB4bWxucz0iaHR0cDovL3d3dy53My5vcmcvMjAwMC9zdmciPjwvc3ZnPg==\" style=\"--smush-placeholder-width: 800px; --smush-placeholder-aspect-ratio: 800\/384;\" \/>\t\t\t\t\t\t\t\t\t\t\t<figcaption class=\"widget-image-caption wp-caption-text\">Shape Process Automation Robotic Water-Only Cutting Cell<\/figcaption>\n\t\t\t\t\t\t\t\t\t\t<\/figure>\n\t\t\t\t\t\t\t\t\t<\/div>\n\t\t\t\t<\/div>\n\t\t\t\t<div class=\"elementor-element elementor-element-82a276b elementor-widget elementor-widget-image\" data-id=\"82a276b\" data-element_type=\"widget\" data-e-type=\"widget\" data-widget_type=\"image.default\">\n\t\t\t\t<div class=\"elementor-widget-container\">\n\t\t\t\t\t\t\t\t\t\t\t\t<figure class=\"wp-caption\">\n\t\t\t\t\t\t\t\t\t\t<img decoding=\"async\" width=\"800\" height=\"384\" data-src=\"https:\/\/kmtwaterjet.com\/wp-content\/uploads\/SPA-ROBOTIC-CUTTING-AUTOMOTIVE-GLASS-1024x492.jpg\" class=\"attachment-large size-large wp-image-44126 lazyload\" alt=\"SPA Robotic cutting automotive glass\" data-srcset=\"https:\/\/kmtwaterjet.com\/wp-content\/uploads\/SPA-ROBOTIC-CUTTING-AUTOMOTIVE-GLASS-1024x492.jpg 1024w, https:\/\/kmtwaterjet.com\/wp-content\/uploads\/SPA-ROBOTIC-CUTTING-AUTOMOTIVE-GLASS-300x144.jpg 300w, https:\/\/kmtwaterjet.com\/wp-content\/uploads\/SPA-ROBOTIC-CUTTING-AUTOMOTIVE-GLASS-768x369.jpg 768w, https:\/\/kmtwaterjet.com\/wp-content\/uploads\/SPA-ROBOTIC-CUTTING-AUTOMOTIVE-GLASS.jpg 1400w\" data-sizes=\"(max-width: 800px) 100vw, 800px\" src=\"data:image\/svg+xml;base64,PHN2ZyB3aWR0aD0iMSIgaGVpZ2h0PSIxIiB4bWxucz0iaHR0cDovL3d3dy53My5vcmcvMjAwMC9zdmciPjwvc3ZnPg==\" style=\"--smush-placeholder-width: 800px; --smush-placeholder-aspect-ratio: 800\/384;\" \/>\t\t\t\t\t\t\t\t\t\t\t<figcaption class=\"widget-image-caption wp-caption-text\">Shape Process Automation Robotisches Schneiden von Autoglas<\/figcaption>\n\t\t\t\t\t\t\t\t\t\t<\/figure>\n\t\t\t\t\t\t\t\t\t<\/div>\n\t\t\t\t<\/div>\n\t\t\t\t<div class=\"elementor-element elementor-element-928e5c0 elementor-widget elementor-widget-image\" data-id=\"928e5c0\" data-element_type=\"widget\" data-e-type=\"widget\" data-widget_type=\"image.default\">\n\t\t\t\t<div class=\"elementor-widget-container\">\n\t\t\t\t\t\t\t\t\t\t\t\t<figure class=\"wp-caption\">\n\t\t\t\t\t\t\t\t\t\t<img decoding=\"async\" width=\"800\" height=\"384\" data-src=\"https:\/\/kmtwaterjet.com\/wp-content\/uploads\/SPA-WATER-ONLY-ROBOT-CUTTING-AUTO-HEADLINERS-1024x492.jpg\" class=\"attachment-large size-large wp-image-44127 lazyload\" alt=\"SPA Water Only robot cutting auto headliners\" data-srcset=\"https:\/\/kmtwaterjet.com\/wp-content\/uploads\/SPA-WATER-ONLY-ROBOT-CUTTING-AUTO-HEADLINERS-1024x492.jpg 1024w, https:\/\/kmtwaterjet.com\/wp-content\/uploads\/SPA-WATER-ONLY-ROBOT-CUTTING-AUTO-HEADLINERS-300x144.jpg 300w, https:\/\/kmtwaterjet.com\/wp-content\/uploads\/SPA-WATER-ONLY-ROBOT-CUTTING-AUTO-HEADLINERS-768x369.jpg 768w, https:\/\/kmtwaterjet.com\/wp-content\/uploads\/SPA-WATER-ONLY-ROBOT-CUTTING-AUTO-HEADLINERS.jpg 1400w\" data-sizes=\"(max-width: 800px) 100vw, 800px\" src=\"data:image\/svg+xml;base64,PHN2ZyB3aWR0aD0iMSIgaGVpZ2h0PSIxIiB4bWxucz0iaHR0cDovL3d3dy53My5vcmcvMjAwMC9zdmciPjwvc3ZnPg==\" style=\"--smush-placeholder-width: 800px; --smush-placeholder-aspect-ratio: 800\/384;\" \/>\t\t\t\t\t\t\t\t\t\t\t<figcaption class=\"widget-image-caption wp-caption-text\">Shape Process Automation Schneiden von Auto-Dachhimmeln nur mit Wasser<\/figcaption>\n\t\t\t\t\t\t\t\t\t\t<\/figure>\n\t\t\t\t\t\t\t\t\t<\/div>\n\t\t\t\t<\/div>\n\t\t\t\t<div class=\"elementor-element elementor-element-d9a738d elementor-widget elementor-widget-image\" data-id=\"d9a738d\" data-element_type=\"widget\" data-e-type=\"widget\" data-widget_type=\"image.default\">\n\t\t\t\t<div class=\"elementor-widget-container\">\n\t\t\t\t\t\t\t\t\t\t\t\t<figure class=\"wp-caption\">\n\t\t\t\t\t\t\t\t\t\t<img decoding=\"async\" width=\"800\" height=\"384\" data-src=\"https:\/\/kmtwaterjet.com\/wp-content\/uploads\/SPA-6-AXIS-ROBOTIC-CUTTING-BOX-1024x492.jpg\" class=\"attachment-large size-large wp-image-44128 lazyload\" alt=\"SPA 6 axis robotic cutting box\" data-srcset=\"https:\/\/kmtwaterjet.com\/wp-content\/uploads\/SPA-6-AXIS-ROBOTIC-CUTTING-BOX-1024x492.jpg 1024w, https:\/\/kmtwaterjet.com\/wp-content\/uploads\/SPA-6-AXIS-ROBOTIC-CUTTING-BOX-300x144.jpg 300w, https:\/\/kmtwaterjet.com\/wp-content\/uploads\/SPA-6-AXIS-ROBOTIC-CUTTING-BOX-768x369.jpg 768w, https:\/\/kmtwaterjet.com\/wp-content\/uploads\/SPA-6-AXIS-ROBOTIC-CUTTING-BOX.jpg 1400w\" data-sizes=\"(max-width: 800px) 100vw, 800px\" src=\"data:image\/svg+xml;base64,PHN2ZyB3aWR0aD0iMSIgaGVpZ2h0PSIxIiB4bWxucz0iaHR0cDovL3d3dy53My5vcmcvMjAwMC9zdmciPjwvc3ZnPg==\" style=\"--smush-placeholder-width: 800px; --smush-placeholder-aspect-ratio: 800\/384;\" \/>\t\t\t\t\t\t\t\t\t\t\t<figcaption class=\"widget-image-caption wp-caption-text\">Shape Process Automation 6-Achsen-Roboter-Schneidebox<\/figcaption>\n\t\t\t\t\t\t\t\t\t\t<\/figure>\n\t\t\t\t\t\t\t\t\t<\/div>\n\t\t\t\t<\/div>\n\t\t\t\t\t<\/div>\n\t\t\t\t<\/div>\n\t\t<div class=\"elementor-element elementor-element-5abe2a5 e-flex e-con-boxed e-con e-parent\" data-id=\"5abe2a5\" data-element_type=\"container\" data-e-type=\"container\">\n\t\t\t\t\t<div class=\"e-con-inner\">\n\t\t\t\t<div class=\"elementor-element elementor-element-ae0216d elementor-widget elementor-widget-heading\" data-id=\"ae0216d\" data-element_type=\"widget\" data-e-type=\"widget\" data-widget_type=\"heading.default\">\n\t\t\t\t<div class=\"elementor-widget-container\">\n\t\t\t\t\t<h2 class=\"elementor-heading-title elementor-size-default\">\u00dcBER SHAPE PROCESS AUTOMATION<\/h2>\t\t\t\t<\/div>\n\t\t\t\t<\/div>\n\t\t\t\t<div class=\"elementor-element elementor-element-8b293f1 elementor-widget elementor-widget-text-editor\" data-id=\"8b293f1\" data-element_type=\"widget\" data-e-type=\"widget\" data-widget_type=\"text-editor.default\">\n\t\t\t\t<div class=\"elementor-widget-container\">\n\t\t\t\t\t\t\t\t\t<div class=\"section\"><p><span style=\"color: #006aa8;\"><em><strong>Steigern Sie Ihre Produktion mit Waterjet!<\/strong><\/em> <\/span><\/p><p>Roboter-Wasserstrahlschneidl\u00f6sungen kombinieren die Vielseitigkeit des Wasserstrahls mit der intelligenten Fertigungsleistung der Automatisierung und erh\u00f6hen die Flexibilit\u00e4t, die Kapazit\u00e4t und den Aussto\u00df der Produktion.<\/p><p>Der Wasserstrahl ist als die vielseitigste L\u00f6sung f\u00fcr die Materialbearbeitung anerkannt und schneidet praktisch jedes Material in jeder Form &#8211; mit Leichtigkeit. Vom 2-dimensionalen Flachmaterial bis zu 3-dimensionalen Formteilen, von Metallen bis zu Stoffen, Kunststoffverbundstoffen und Lebensmitteln ist der Wasserstrahl eine effektive und effiziente Schneidl\u00f6sung.<\/p><\/div><div class=\"section\"><h2><span style=\"color: #006aa8;\">Kundenspezifische Wasserstrahlschneidl\u00f6sungen &#8211; f\u00fcr Sie entwickelt.<\/span><\/h2><\/div><div class=\"section\"><p>Wir haben die Integration des Wasserstrahls in Ihre Fertigung sorgf\u00e4ltig geplant, um eine nahtlose Installation und Produktivit\u00e4tssteigerung zu erreichen.<\/p><p>Jede 6-Achsen-Roboter-Wasserstrahlschneidzelle wird so konzipiert und konfiguriert, dass sie Ihren spezifischen Fertigungsanforderungen entspricht &#8211; von einem einzelnen Roboter bis hin zu mehreren Roboterzellen, komplett mit Produktvorrichtungen und Materialhandhabung. Unsere Experten begleiten Sie von Anfang bis Ende bei der Verbesserung Ihrer Produktion. <\/p><ul><li data-rocket-lazy-bg-2ba85613-f305-45a5-87a2-7b2f32935cc6=\"excluded\">Zusammengesetzte Strukturen<\/li><li data-rocket-lazy-bg-2ba85613-f305-45a5-87a2-7b2f32935cc6=\"excluded\">Autoteppiche<\/li><li data-rocket-lazy-bg-2ba85613-f305-45a5-87a2-7b2f32935cc6=\"excluded\">Beschneiden von Autohimmel<\/li><li data-rocket-lazy-bg-2ba85613-f305-45a5-87a2-7b2f32935cc6=\"excluded\">Autot\u00fcrverkleidungen<\/li><li data-rocket-lazy-bg-2ba85613-f305-45a5-87a2-7b2f32935cc6=\"excluded\">Au\u00dfenbauteile f\u00fcr schwere Lastwagen aus Fiberglas<\/li><li data-rocket-lazy-bg-2ba85613-f305-45a5-87a2-7b2f32935cc6=\"excluded\">Glasgef\u00e4\u00dfe f\u00fcr Lebensmittel (Lebensmittelindustrie)<\/li><li data-rocket-lazy-bg-2ba85613-f305-45a5-87a2-7b2f32935cc6=\"excluded\">Gummischuhsohlen (allgemeine Industrie)<\/li><li data-rocket-lazy-bg-2ba85613-f305-45a5-87a2-7b2f32935cc6=\"excluded\">Boote, Wohnmobile<\/li><li data-rocket-lazy-bg-2ba85613-f305-45a5-87a2-7b2f32935cc6=\"excluded\">Whirlpools<\/li><li data-rocket-lazy-bg-2ba85613-f305-45a5-87a2-7b2f32935cc6=\"excluded\">Und mehr&#8230;<\/li><\/ul><p> <\/p><hr><p> <\/p><p><span style=\"color: #006aa8;\"><em><strong>\u221a Bitte f\u00fcllen Sie das untenstehende Formular aus und ein Vertreter wird sich in K\u00fcrze mit Ihnen in Verbindung setzen.<\/strong><\/em><\/span><\/p><\/div>\t\t\t\t\t\t\t\t<\/div>\n\t\t\t\t<\/div>\n\t\t\t\t\t<\/div>\n\t\t\t\t<\/div>\n\t\t\t\t<\/div>\n\t\t","protected":false},"excerpt":{"rendered":"<p>AUTOMATISIERUNG VON FORMGEBUNGSPROZESSEN &#8211; ROBOTER-WASSERSTRAHLSCHNEIDEN UND MATERIALBEARBEITUNG Die Grenzen der Automatisierung verschieben Shape Process Automation ist Ihr globaler Anbieter von Hightech-Engineering und Prozessautomatisierung. Wir entwickeln integrierte Fertigungsstrategien und industrielle Automatisierungsl\u00f6sungen f\u00fcr Tier I- und Tier II-Zulieferer und dar\u00fcber hinaus. Unser umfassender Ansatz und das leidenschaftliche Team, das dahinter steht, sorgen daf\u00fcr, dass wir die Fertigung [&hellip;]<\/p>\n","protected":false},"author":12,"featured_media":0,"parent":0,"menu_order":0,"comment_status":"closed","ping_status":"closed","template":"","meta":{"_acf_changed":false,"footnotes":""},"page-type":[],"class_list":["post-43602","page","type-page","status-publish","hentry"],"acf":[],"yoast_head":"<!-- This site is optimized with the Yoast SEO plugin v27.3 - https:\/\/yoast.com\/product\/yoast-seo-wordpress\/ -->\n<title>OEM FORM PROZESSAUTOMATISIERUNG | KMT Waterjet<\/title>\n<meta name=\"robots\" content=\"index, follow, max-snippet:-1, max-image-preview:large, max-video-preview:-1\" \/>\n<link rel=\"canonical\" href=\"https:\/\/kmtwaterjet.com\/de\/wasserstrahlschneiden-vs-laser-3\/\" \/>\n<meta property=\"og:locale\" content=\"de_DE\" \/>\n<meta property=\"og:type\" content=\"article\" \/>\n<meta property=\"og:title\" content=\"OEM FORM PROZESSAUTOMATISIERUNG | KMT Waterjet\" \/>\n<meta property=\"og:description\" content=\"AUTOMATISIERUNG VON FORMGEBUNGSPROZESSEN &#8211; ROBOTER-WASSERSTRAHLSCHNEIDEN UND MATERIALBEARBEITUNG Die Grenzen der Automatisierung verschieben Shape Process Automation ist Ihr globaler Anbieter von Hightech-Engineering und Prozessautomatisierung. Wir entwickeln integrierte Fertigungsstrategien und industrielle Automatisierungsl\u00f6sungen f\u00fcr Tier I- und Tier II-Zulieferer und dar\u00fcber hinaus. Unser umfassender Ansatz und das leidenschaftliche Team, das dahinter steht, sorgen daf\u00fcr, dass wir die Fertigung [&hellip;]\" \/>\n<meta property=\"og:url\" content=\"https:\/\/kmtwaterjet.com\/de\/wasserstrahlschneiden-vs-laser-3\/\" \/>\n<meta property=\"og:site_name\" content=\"KMT Waterjet\" \/>\n<meta property=\"article:modified_time\" content=\"2026-04-27T16:48:45+00:00\" \/>\n<meta property=\"og:image\" content=\"https:\/\/kmtwaterjet.com\/wp-content\/uploads\/SPA-WATERJET-CUTTING-BANNER-ABB-Single-WJ-Plumbing-Pk.jpg\" \/>\n\t<meta property=\"og:image:width\" content=\"1800\" \/>\n\t<meta property=\"og:image:height\" content=\"797\" \/>\n\t<meta property=\"og:image:type\" content=\"image\/jpeg\" \/>\n<meta name=\"twitter:card\" content=\"summary_large_image\" \/>\n<meta name=\"twitter:label1\" content=\"Gesch\u00e4tzte Lesezeit\" \/>\n\t<meta name=\"twitter:data1\" content=\"1 Minute\" \/>\n<script type=\"application\/ld+json\" class=\"yoast-schema-graph\">{\"@context\":\"https:\\\/\\\/schema.org\",\"@graph\":[{\"@type\":\"WebPage\",\"@id\":\"https:\\\/\\\/kmtwaterjet.com\\\/de\\\/wasserstrahlschneiden-vs-laser-3\\\/\",\"url\":\"https:\\\/\\\/kmtwaterjet.com\\\/de\\\/wasserstrahlschneiden-vs-laser-3\\\/\",\"name\":\"OEM FORM PROZESSAUTOMATISIERUNG | KMT Waterjet\",\"isPartOf\":{\"@id\":\"https:\\\/\\\/kmtwaterjet.com\\\/de\\\/#website\"},\"primaryImageOfPage\":{\"@id\":\"https:\\\/\\\/kmtwaterjet.com\\\/de\\\/wasserstrahlschneiden-vs-laser-3\\\/#primaryimage\"},\"image\":{\"@id\":\"https:\\\/\\\/kmtwaterjet.com\\\/de\\\/wasserstrahlschneiden-vs-laser-3\\\/#primaryimage\"},\"thumbnailUrl\":\"https:\\\/\\\/kmtwaterjet.com\\\/wp-content\\\/uploads\\\/SPA-WATERJET-CUTTING-BANNER-ABB-Single-WJ-Plumbing-Pk.jpg\",\"datePublished\":\"2026-03-23T18:45:42+00:00\",\"dateModified\":\"2026-04-27T16:48:45+00:00\",\"breadcrumb\":{\"@id\":\"https:\\\/\\\/kmtwaterjet.com\\\/de\\\/wasserstrahlschneiden-vs-laser-3\\\/#breadcrumb\"},\"inLanguage\":\"de-DE\",\"potentialAction\":[{\"@type\":\"ReadAction\",\"target\":[\"https:\\\/\\\/kmtwaterjet.com\\\/de\\\/wasserstrahlschneiden-vs-laser-3\\\/\"]}]},{\"@type\":\"ImageObject\",\"inLanguage\":\"de-DE\",\"@id\":\"https:\\\/\\\/kmtwaterjet.com\\\/de\\\/wasserstrahlschneiden-vs-laser-3\\\/#primaryimage\",\"url\":\"https:\\\/\\\/kmtwaterjet.com\\\/wp-content\\\/uploads\\\/SPA-WATERJET-CUTTING-BANNER-ABB-Single-WJ-Plumbing-Pk.jpg\",\"contentUrl\":\"https:\\\/\\\/kmtwaterjet.com\\\/wp-content\\\/uploads\\\/SPA-WATERJET-CUTTING-BANNER-ABB-Single-WJ-Plumbing-Pk.jpg\"},{\"@type\":\"BreadcrumbList\",\"@id\":\"https:\\\/\\\/kmtwaterjet.com\\\/de\\\/wasserstrahlschneiden-vs-laser-3\\\/#breadcrumb\",\"itemListElement\":[{\"@type\":\"ListItem\",\"position\":1,\"name\":\"Home\",\"item\":\"https:\\\/\\\/kmtwaterjet.com\\\/de\\\/\"},{\"@type\":\"ListItem\",\"position\":2,\"name\":\"OEM FORM PROZESSAUTOMATISIERUNG\"}]},{\"@type\":\"WebSite\",\"@id\":\"https:\\\/\\\/kmtwaterjet.com\\\/de\\\/#website\",\"url\":\"https:\\\/\\\/kmtwaterjet.com\\\/de\\\/\",\"name\":\"KMT Waterjet\",\"description\":\"KMT Waterjet for waterjet cutting metal, stone, glass, steel and more\",\"publisher\":{\"@id\":\"https:\\\/\\\/kmtwaterjet.com\\\/de\\\/#organization\"},\"potentialAction\":[{\"@type\":\"SearchAction\",\"target\":{\"@type\":\"EntryPoint\",\"urlTemplate\":\"https:\\\/\\\/kmtwaterjet.com\\\/de\\\/?s={search_term_string}\"},\"query-input\":{\"@type\":\"PropertyValueSpecification\",\"valueRequired\":true,\"valueName\":\"search_term_string\"}}],\"inLanguage\":\"de-DE\"},{\"@type\":\"Organization\",\"@id\":\"https:\\\/\\\/kmtwaterjet.com\\\/de\\\/#organization\",\"name\":\"KMT Waterjet\",\"url\":\"https:\\\/\\\/kmtwaterjet.com\\\/de\\\/\",\"logo\":{\"@type\":\"ImageObject\",\"inLanguage\":\"de-DE\",\"@id\":\"https:\\\/\\\/kmtwaterjet.com\\\/de\\\/#\\\/schema\\\/logo\\\/image\\\/\",\"url\":\"https:\\\/\\\/kmtwaterjet.com\\\/wp-content\\\/uploads\\\/kmt_logo_2020.png\",\"contentUrl\":\"https:\\\/\\\/kmtwaterjet.com\\\/wp-content\\\/uploads\\\/kmt_logo_2020.png\",\"width\":1002,\"height\":605,\"caption\":\"KMT Waterjet\"},\"image\":{\"@id\":\"https:\\\/\\\/kmtwaterjet.com\\\/de\\\/#\\\/schema\\\/logo\\\/image\\\/\"}}]}<\/script>\n<!-- \/ Yoast SEO plugin. -->","yoast_head_json":{"title":"OEM FORM PROZESSAUTOMATISIERUNG | KMT Waterjet","robots":{"index":"index","follow":"follow","max-snippet":"max-snippet:-1","max-image-preview":"max-image-preview:large","max-video-preview":"max-video-preview:-1"},"canonical":"https:\/\/kmtwaterjet.com\/de\/wasserstrahlschneiden-vs-laser-3\/","og_locale":"de_DE","og_type":"article","og_title":"OEM FORM PROZESSAUTOMATISIERUNG | KMT Waterjet","og_description":"AUTOMATISIERUNG VON FORMGEBUNGSPROZESSEN &#8211; ROBOTER-WASSERSTRAHLSCHNEIDEN UND MATERIALBEARBEITUNG Die Grenzen der Automatisierung verschieben Shape Process Automation ist Ihr globaler Anbieter von Hightech-Engineering und Prozessautomatisierung. Wir entwickeln integrierte Fertigungsstrategien und industrielle Automatisierungsl\u00f6sungen f\u00fcr Tier I- und Tier II-Zulieferer und dar\u00fcber hinaus. Unser umfassender Ansatz und das leidenschaftliche Team, das dahinter steht, sorgen daf\u00fcr, dass wir die Fertigung [&hellip;]","og_url":"https:\/\/kmtwaterjet.com\/de\/wasserstrahlschneiden-vs-laser-3\/","og_site_name":"KMT Waterjet","article_modified_time":"2026-04-27T16:48:45+00:00","og_image":[{"width":1800,"height":797,"url":"https:\/\/kmtwaterjet.com\/wp-content\/uploads\/SPA-WATERJET-CUTTING-BANNER-ABB-Single-WJ-Plumbing-Pk.jpg","type":"image\/jpeg"}],"twitter_card":"summary_large_image","twitter_misc":{"Gesch\u00e4tzte Lesezeit":"1 Minute"},"schema":{"@context":"https:\/\/schema.org","@graph":[{"@type":"WebPage","@id":"https:\/\/kmtwaterjet.com\/de\/wasserstrahlschneiden-vs-laser-3\/","url":"https:\/\/kmtwaterjet.com\/de\/wasserstrahlschneiden-vs-laser-3\/","name":"OEM FORM PROZESSAUTOMATISIERUNG | KMT Waterjet","isPartOf":{"@id":"https:\/\/kmtwaterjet.com\/de\/#website"},"primaryImageOfPage":{"@id":"https:\/\/kmtwaterjet.com\/de\/wasserstrahlschneiden-vs-laser-3\/#primaryimage"},"image":{"@id":"https:\/\/kmtwaterjet.com\/de\/wasserstrahlschneiden-vs-laser-3\/#primaryimage"},"thumbnailUrl":"https:\/\/kmtwaterjet.com\/wp-content\/uploads\/SPA-WATERJET-CUTTING-BANNER-ABB-Single-WJ-Plumbing-Pk.jpg","datePublished":"2026-03-23T18:45:42+00:00","dateModified":"2026-04-27T16:48:45+00:00","breadcrumb":{"@id":"https:\/\/kmtwaterjet.com\/de\/wasserstrahlschneiden-vs-laser-3\/#breadcrumb"},"inLanguage":"de-DE","potentialAction":[{"@type":"ReadAction","target":["https:\/\/kmtwaterjet.com\/de\/wasserstrahlschneiden-vs-laser-3\/"]}]},{"@type":"ImageObject","inLanguage":"de-DE","@id":"https:\/\/kmtwaterjet.com\/de\/wasserstrahlschneiden-vs-laser-3\/#primaryimage","url":"https:\/\/kmtwaterjet.com\/wp-content\/uploads\/SPA-WATERJET-CUTTING-BANNER-ABB-Single-WJ-Plumbing-Pk.jpg","contentUrl":"https:\/\/kmtwaterjet.com\/wp-content\/uploads\/SPA-WATERJET-CUTTING-BANNER-ABB-Single-WJ-Plumbing-Pk.jpg"},{"@type":"BreadcrumbList","@id":"https:\/\/kmtwaterjet.com\/de\/wasserstrahlschneiden-vs-laser-3\/#breadcrumb","itemListElement":[{"@type":"ListItem","position":1,"name":"Home","item":"https:\/\/kmtwaterjet.com\/de\/"},{"@type":"ListItem","position":2,"name":"OEM FORM PROZESSAUTOMATISIERUNG"}]},{"@type":"WebSite","@id":"https:\/\/kmtwaterjet.com\/de\/#website","url":"https:\/\/kmtwaterjet.com\/de\/","name":"KMT Waterjet","description":"KMT Waterjet for waterjet cutting metal, stone, glass, steel and more","publisher":{"@id":"https:\/\/kmtwaterjet.com\/de\/#organization"},"potentialAction":[{"@type":"SearchAction","target":{"@type":"EntryPoint","urlTemplate":"https:\/\/kmtwaterjet.com\/de\/?s={search_term_string}"},"query-input":{"@type":"PropertyValueSpecification","valueRequired":true,"valueName":"search_term_string"}}],"inLanguage":"de-DE"},{"@type":"Organization","@id":"https:\/\/kmtwaterjet.com\/de\/#organization","name":"KMT Waterjet","url":"https:\/\/kmtwaterjet.com\/de\/","logo":{"@type":"ImageObject","inLanguage":"de-DE","@id":"https:\/\/kmtwaterjet.com\/de\/#\/schema\/logo\/image\/","url":"https:\/\/kmtwaterjet.com\/wp-content\/uploads\/kmt_logo_2020.png","contentUrl":"https:\/\/kmtwaterjet.com\/wp-content\/uploads\/kmt_logo_2020.png","width":1002,"height":605,"caption":"KMT Waterjet"},"image":{"@id":"https:\/\/kmtwaterjet.com\/de\/#\/schema\/logo\/image\/"}}]}},"_links":{"self":[{"href":"https:\/\/kmtwaterjet.com\/de\/wp-json\/wp\/v2\/pages\/43602","targetHints":{"allow":["GET"]}}],"collection":[{"href":"https:\/\/kmtwaterjet.com\/de\/wp-json\/wp\/v2\/pages"}],"about":[{"href":"https:\/\/kmtwaterjet.com\/de\/wp-json\/wp\/v2\/types\/page"}],"author":[{"embeddable":true,"href":"https:\/\/kmtwaterjet.com\/de\/wp-json\/wp\/v2\/users\/12"}],"replies":[{"embeddable":true,"href":"https:\/\/kmtwaterjet.com\/de\/wp-json\/wp\/v2\/comments?post=43602"}],"version-history":[{"count":0,"href":"https:\/\/kmtwaterjet.com\/de\/wp-json\/wp\/v2\/pages\/43602\/revisions"}],"wp:attachment":[{"href":"https:\/\/kmtwaterjet.com\/de\/wp-json\/wp\/v2\/media?parent=43602"}],"wp:term":[{"taxonomy":"page-type","embeddable":true,"href":"https:\/\/kmtwaterjet.com\/de\/wp-json\/wp\/v2\/page-type?post=43602"}],"curies":[{"name":"wp","href":"https:\/\/api.w.org\/{rel}","templated":true}]}}