{"id":42305,"date":"2025-06-03T08:15:34","date_gmt":"2025-06-03T13:15:34","guid":{"rendered":"https:\/\/kmtwaterjet.com\/?page_id=42305"},"modified":"2025-10-29T10:18:53","modified_gmt":"2025-10-29T15:18:53","slug":"kmt-datenschutzrichtlinie-2","status":"publish","type":"page","link":"https:\/\/kmtwaterjet.com\/de\/kmt-datenschutzrichtlinie-2\/","title":{"rendered":"KMT Datenschutzrichtlinie"},"content":{"rendered":"\t\t<div data-elementor-type=\"wp-page\" data-elementor-id=\"42305\" class=\"elementor elementor-42305 elementor-42306\" data-elementor-post-type=\"page\">\n\t\t\t\t<div class=\"elementor-element elementor-element-20e8b0c e-flex e-con-boxed e-con e-parent\" data-id=\"20e8b0c\" data-element_type=\"container\" data-e-type=\"container\" data-settings=\"{&quot;background_background&quot;:&quot;classic&quot;,&quot;shape_divider_bottom&quot;:&quot;waves&quot;,&quot;shape_divider_bottom_negative&quot;:&quot;yes&quot;}\">\n\t\t\t\t\t<div class=\"e-con-inner\">\n\t\t\t\t<div class=\"elementor-shape elementor-shape-bottom\" aria-hidden=\"true\" data-negative=\"true\">\n\t\t\t<svg xmlns=\"http:\/\/www.w3.org\/2000\/svg\" viewBox=\"0 0 1000 100\" preserveAspectRatio=\"none\">\n\t<path class=\"elementor-shape-fill\" d=\"M790.5,93.1c-59.3-5.3-116.8-18-192.6-50c-29.6-12.7-76.9-31-100.5-35.9c-23.6-4.9-52.6-7.8-75.5-5.3\n\tc-10.2,1.1-22.6,1.4-50.1,7.4c-27.2,6.3-58.2,16.6-79.4,24.7c-41.3,15.9-94.9,21.9-134,22.6C72,58.2,0,25.8,0,25.8V100h1000V65.3\n\tc0,0-51.5,19.4-106.2,25.7C839.5,97,814.1,95.2,790.5,93.1z\"\/>\n<\/svg>\t\t<\/div>\n\t\t<div class=\"elementor-element elementor-element-3db032c e-con-full e-flex e-con e-child\" data-id=\"3db032c\" data-element_type=\"container\" data-e-type=\"container\">\n\t\t\t\t<div class=\"elementor-element elementor-element-d577189 elementor-widget__width-initial elementor-widget elementor-widget-heading\" data-id=\"d577189\" data-element_type=\"widget\" data-e-type=\"widget\" data-widget_type=\"heading.default\">\n\t\t\t\t<div class=\"elementor-widget-container\">\n\t\t\t\t\t<h2 class=\"elementor-heading-title elementor-size-default\">VERKAUFSBESTIMMUNGEN UND -BEDINGUNGEN<\/h2>\t\t\t\t<\/div>\n\t\t\t\t<\/div>\n\t\t\t\t<div class=\"elementor-element elementor-element-8ac114c elementor-widget-divider--view-line elementor-widget elementor-widget-divider\" data-id=\"8ac114c\" data-element_type=\"widget\" data-e-type=\"widget\" data-widget_type=\"divider.default\">\n\t\t\t\t<div class=\"elementor-widget-container\">\n\t\t\t\t\t\t\t<div class=\"elementor-divider\">\n\t\t\t<span class=\"elementor-divider-separator\">\n\t\t\t\t\t\t<\/span>\n\t\t<\/div>\n\t\t\t\t\t\t<\/div>\n\t\t\t\t<\/div>\n\t\t<div class=\"elementor-element elementor-element-cf345b2 e-con-full e-flex e-con e-child\" data-id=\"cf345b2\" data-element_type=\"container\" data-e-type=\"container\">\n\t\t\t\t<div class=\"elementor-element elementor-element-b64b37c elementor-widget elementor-widget-text-editor\" data-id=\"b64b37c\" data-element_type=\"widget\" data-e-type=\"widget\" data-widget_type=\"text-editor.default\">\n\t\t\t\t<div class=\"elementor-widget-container\">\n\t\t\t\t\t\t\t\t\t<ol><li><strong>  Allgemein  <\/strong><\/li><\/ol><p>Die hier dargelegten Verkaufsbedingungen gelten f\u00fcr den Verkauf von Produkten, Ausr\u00fcstungen und dazugeh\u00f6rigen Teilen (im Folgenden als &#8222;Ausr\u00fcstung&#8220; bezeichnet) durch KMT Waterjet Systems Inc. Sofern keine vorherige schriftliche Vereinbarung getroffen wurde, wird davon ausgegangen, dass das Unternehmen alle Arbeiten in \u00dcbereinstimmung mit den hier dargelegten Bedingungen durchf\u00fchrt. Das Unternehmen h\u00e4lt sich an die zum Zeitpunkt des Angebots des Unternehmens geltenden Gesetze und Vorschriften, soweit sie f\u00fcr die Herstellung der Ausr\u00fcstung gelten. Der K\u00e4ufer ist allein f\u00fcr die Einhaltung aller lokalen Gesetze und Vorschriften verantwortlich, die sich auf den Standort, die Verwendung oder den Betrieb der Ausr\u00fcstung oder deren Verwendung in Verbindung mit anderen Ger\u00e4ten beziehen.  <\/p><ol start=\"2\"><li><strong>  Titel und Verlustrisiko  <\/strong><\/li><\/ol><p>Das Eigentum und das Risiko des Verlustes oder der Besch\u00e4digung der Ausr\u00fcstung gehen mit der Lieferung F.O.B. an den Hersteller auf den K\u00e4ufer \u00fcber, es sei denn, die Parteien haben etwas anderes vereinbart, au\u00dfer dass ein Sicherungsrecht an der Ausr\u00fcstung bei dem Unternehmen verbleibt, unabh\u00e4ngig von der Art der Verbindung mit einem Grundst\u00fcck oder anderem Eigentum, bis die vollst\u00e4ndige Zahlung daf\u00fcr erfolgt ist. Der K\u00e4ufer verpflichtet sich, auf Verlangen alles zu tun, was zur Vervollkommnung und Aufrechterhaltung des Sicherungsrechts erforderlich ist, und das Interesse des Unternehmens zu sch\u00fctzen, indem er die Ausr\u00fcstung in angemessener Weise gegen Verlust oder Besch\u00e4digung aus jeglicher Ursache versichert, wobei das Unternehmen als Zusatzversicherter genannt werden muss. <\/p><ol start=\"3\"><li><strong>  Zuweisung  <\/strong><\/li><\/ol><p>Keine der Parteien darf diesen Vertrag ohne die vorherige schriftliche Zustimmung der anderen Partei abtreten oder \u00fcbertragen. Dem Unternehmen ist es jedoch gestattet, ohne vorherige schriftliche Zustimmung des K\u00e4ufers das Recht des Unternehmens auf Erhalt der gesamten oder eines Teils der vom K\u00e4ufer gem\u00e4\u00df diesem Vertrag geschuldeten Zahlung abzutreten oder zu \u00fcbertragen. <\/p><ol start=\"4\"><li><strong>  Lieferung und Verz\u00f6gerungen  <\/strong><\/li><\/ol><p>Liefertermine sind als Sch\u00e4tzungen zu verstehen, und in keinem Fall d\u00fcrfen Termine so ausgelegt werden, dass sie unter die Bedeutung von &#8222;Zeit ist von wesentlicher Bedeutung&#8220; fallen. Das Unternehmen haftet nicht f\u00fcr Verluste oder Verz\u00f6gerungen aufgrund von Krieg, Aufruhr, Feuer, \u00dcberschwemmung, Streiks oder anderen arbeitsrechtlichen Schwierigkeiten, zivilen oder milit\u00e4rischen Ma\u00dfnahmen, einschlie\u00dflich staatlicher Gesetze, Anordnungen, Priorit\u00e4ten oder Vorschriften, Handlungen des K\u00e4ufers, Embargo, Fahrzeugmangel, Besch\u00e4digung oder Verz\u00f6gerung beim Transport, Unf\u00e4higkeit, die erforderlichen Arbeitskr\u00e4fte oder Materialien aus den \u00fcblichen Quellen zu beschaffen, fehlerhafte Schmiedest\u00fccke oder Gussteile oder andere Ursachen, die au\u00dferhalb der Kontrolle des Unternehmens liegen. Im Falle einer Verz\u00f6gerung der Leistung aufgrund eines solchen Grundes wird das Lieferdatum oder die Fertigstellungszeit entsprechend der durch die Verz\u00f6gerung tats\u00e4chlich verlorenen Zeit angepasst. Der Erhalt der Ausr\u00fcstung durch den K\u00e4ufer stellt einen Verzicht auf jegliche Anspr\u00fcche wegen Verz\u00f6gerung dar.    <\/p><ol start=\"5\"><li><strong>  Steuern  <\/strong><\/li><\/ol><p>Der Preis beinhaltet keine gegenw\u00e4rtigen oder zuk\u00fcnftigen Bundes-, Staats- oder lokalen Eigentums-, Lizenz-, Privilegien-, Verkaufs-, Nutzungs-, Verbrauchssteuern, Bruttoeinnahmen oder andere \u00e4hnliche Steuern oder Veranlagungen, die auf diese Transaktion oder die in Verbindung damit erbrachten Dienstleistungen anwendbar sind, daran gemessen werden, darauf erhoben werden oder daraus resultieren. Derartige Steuern werden dem K\u00e4ufer gesondert ausgewiesen, der sie unverz\u00fcglich an das Unternehmen zu zahlen hat. Das Unternehmen akzeptiert gegebenenfalls eine g\u00fcltige Freistellungsbescheinigung des K\u00e4ufers, wenn eine solche Freistellungsbescheinigung von der betreffenden staatlichen Steuerbeh\u00f6rde nicht anerkannt wird. Der K\u00e4ufer verpflichtet sich, dem Unternehmen unverz\u00fcglich alle Steuern zu erstatten, die durch eine solche Freistellungsbescheinigung abgedeckt sind und die das Unternehmen zu zahlen hat.    <\/p><ol start=\"6\"><li><strong>  Aufrechnungen  <\/strong><\/li><\/ol><p>Weder der K\u00e4ufer noch ein verbundenes Unternehmen oder ein Abtretungsempf\u00e4nger haben das Recht, eine Entsch\u00e4digung zu fordern oder mit Betr\u00e4gen aufzurechnen, die im Rahmen dieses Vertrags oder anderweitig an das Unternehmen zu zahlen sind.<\/p><ol start=\"7\"><li><strong>  Patente  <\/strong><\/li><\/ol><p>Das Unternehmen verteidigt jede Klage oder jedes Verfahren, das gegen den K\u00e4ufer angestrengt wird, und tr\u00e4gt jedes darin ergangene negative Urteil, soweit diese Klage oder dieses Verfahren auf der Behauptung beruht, dass die Verwendung der vom Unternehmen hergestellten und im Rahmen dieses Vertrages gelieferten Ausr\u00fcstung eine Verletzung eines Patents der Vereinigten Staaten von Amerika darstellt, vorausgesetzt, das Unternehmen wird unverz\u00fcglich schriftlich benachrichtigt und erh\u00e4lt Vollmacht, Informationen und Unterst\u00fctzung f\u00fcr die Verteidigung; und das Unternehmen dem K\u00e4ufer nach eigenem Ermessen das Recht verschafft, die besagte Ausr\u00fcstung weiter zu nutzen oder sie so zu modifizieren, dass sie nicht mehr gegen das Patent verst\u00f6\u00dft, oder sie durch eine Ausr\u00fcstung zu ersetzen, die nicht gegen das Patent verst\u00f6\u00dft, oder die besagte Ausr\u00fcstung zu entfernen und den Kaufpreis zu erstatten. Das Vorstehende ist nicht so auszulegen, dass das Unternehmen eine wie auch immer geartete Haftung in Bezug auf Patente f\u00fcr Erfindungen, die mehr als die hierunter gelieferte Ausr\u00fcstung umfassen, oder in Bezug auf Patente f\u00fcr Methoden und Prozesse, die mit Hilfe dieser Ausr\u00fcstung durchgef\u00fchrt werden, \u00fcbernimmt. Das Vorstehende regelt die gesamte Haftung des Unternehmens in Bezug auf Patentverletzungen.   <\/p><ol start=\"8\"><li><strong>  Garantie  <\/strong><\/li><\/ol><p>Das Unternehmen garantiert, dass die von ihm hergestellten und im Rahmen dieser Vereinbarung gelieferten Ger\u00e4te f\u00fcr einen Zeitraum von zw\u00f6lf Monaten ab dem Versanddatum oder 2.000 Betriebsstunden, je nachdem, was zuerst eintritt, frei von Material- und Verarbeitungsfehlern sind. Die Garantie deckt nur den Ersatz von Teilen ab &#8211; keine Arbeitsleistung. Was die Garantie f\u00fcr den Verkauf von Ersatzteilen betrifft, so gilt f\u00fcr nicht verbrauchbare Teile eine Garantie von 3 Monaten ab dem Versanddatum, f\u00fcr elektrische Komponenten eine Garantie von einem Monat ab dem Versanddatum. Keine Garantie f\u00fcr Verbrauchsmaterialien wie Hochdruckdichtungen, R\u00fcckschlagventile, Hydraulikdichtungspatronen, HP-Schl\u00e4uche.   <\/p><p>  Der K\u00e4ufer ist verpflichtet, dem Unternehmen jede Nichteinhaltung dieser Garantie innerhalb der genannten Frist schriftlich mitzuteilen, woraufhin das Unternehmen nach eigenem Ermessen die Nichteinhaltung der Garantie durch eine geeignete Reparatur des Ger\u00e4ts behebt oder ein Ersatzteil frachtfrei liefert, vorausgesetzt, der K\u00e4ufer hat das Ger\u00e4t in \u00dcbereinstimmung mit der guten Industriepraxis gelagert, installiert, gewartet und betrieben und die spezifischen Empfehlungen des Unternehmens befolgt. F\u00fcr vom Unternehmen geliefertes, aber von Dritten hergestelltes Zubeh\u00f6r oder Ger\u00e4te gilt die Garantie, die der Hersteller dem Unternehmen gew\u00e4hrt hat und die an den K\u00e4ufer weitergegeben werden kann. Das Unternehmen haftet nicht f\u00fcr Reparaturen, Ersatz oder Anpassungen an der Ausr\u00fcstung oder f\u00fcr Arbeitskosten, die vom K\u00e4ufer oder von Dritten ohne vorherige schriftliche Genehmigung des Unternehmens durchgef\u00fchrt werden. Die Auswirkungen von Korrosion, Erosion und normaler Abnutzung sind ausdr\u00fccklich ausgeschlossen. Die Leistungsgarantien beschr\u00e4nken sich auf die im Angebot des Unternehmens ausdr\u00fccklich genannten Garantien. Sofern sich die Verantwortung f\u00fcr die Erf\u00fcllung dieser Leistungsgarantien nicht auf bestimmte Werkstatt- oder Feldtests beschr\u00e4nkt, besteht die Verpflichtung des Unternehmens darin, die M\u00e4ngel in der oben genannten Weise und f\u00fcr den oben genannten Zeitraum zu beheben. DAS UNTERNEHMEN \u00dcBERNIMMT KEINE WEITEREN GARANTIEN ODER ZUSICHERUNGEN JEGLICHER ART, WEDER AUSDR\u00dcCKLICH NOCH STILLSCHWEIGEND, MIT AUSNAHME DER EIGENTUMSGARANTIE, UND ALLE STILLSCHWEIGENDEN GARANTIEN DER MARKTG\u00c4NGIGKEIT UND EIGNUNG F\u00dcR EINEN BESTIMMTEN ZWECK WERDEN HIERMIT ABGELEHNT.      <\/p><p>Die Behebung von offensichtlichen oder verborgenen M\u00e4ngeln durch das Unternehmen in der oben genannten Art und Weise und innerhalb des oben genannten Zeitraums stellt die Erf\u00fcllung aller Verpflichtungen des Unternehmens f\u00fcr solche M\u00e4ngel dar, unabh\u00e4ngig davon, ob diese auf Vertrag, Gew\u00e4hrleistung, Fahrl\u00e4ssigkeit, Entsch\u00e4digung, verschuldensunabh\u00e4ngiger Haftung oder anderweitig in Bezug auf die Ausr\u00fcstung beruhen oder sich aus ihr ergeben. Der K\u00e4ufer darf die Ausr\u00fcstung, die er f\u00fcr mangelhaft h\u00e4lt, nicht in Betrieb nehmen, ohne das Unternehmen zuvor schriftlich von seiner Absicht in Kenntnis zu setzen, dies zu tun. Jegliche Nutzung der Ausr\u00fcstung erfolgt auf eigenes Risiko und auf eigene Haftung des K\u00e4ufers.   <\/p><ol start=\"9\"><li><strong>  Einschr\u00e4nkung der Haftung  <\/strong><\/li><\/ol><p>DIE HIER DARGELEGTEN RECHTSMITTEL DES K\u00c4UFERS SIND EXKLUSIV UND DIE GESAMTE HAFTUNG DES UNTERNEHMENS IN BEZUG AUF DIESEN VERTRAG ODER DIE IM RAHMEN DIESES VERTRAGS GELIEFERTEN GER\u00c4TE UND DIENSTLEISTUNGEN. IM ZUSAMMENHANG MIT DER ERF\u00dcLLUNG ODER VERLETZUNG DIESES VERTRAGS ODER AUS DER HERSTELLUNG, DEM VERKAUF, DER LIEFERUNG, DER INSTALLATION, DER REPARATUR ODER DER TECHNISCHEN ANLEITUNG, DIE DURCH DIESEN VERTRAG ABGEDECKT SIND ODER IM RAHMEN DIESES VERTRAGS ERBRACHT WERDEN, UNABH\u00c4NGIG DAVON, OB SIE AUF VERTRAG. DIE GARANTIE, FAHRL\u00c4SSIGKEIT, ENTSCH\u00c4DIGUNG, VERSCHULDENSUNABH\u00c4NGIGE HAFTUNG ODER ANDERWEITIG, \u00dcBERSTEIGT NICHT DEN KAUFPREIS DER GER\u00c4TEEINHEIT, AUF DER DIESE HAFTUNG BERUHT. DAS UNTERNEHMEN UND SEINE LIEFERANTEN SIND IN KEINEM FALL GEGEN\u00dcBER DEM K\u00c4UFER HAFTBAR. RECHTSNACHFOLGERN ODER EINEM BEG\u00dcNSTIGTEN ODER ZESSIONAR DIESES VERTRAGES F\u00dcR JEGLICHE FOLGESCH\u00c4DEN. ZUF\u00c4LLIGE, INDIREKTE. ODER STRAFSCHADENSERSATZ, DIE SICH AUS DIESEM VERTRAG ODER EINER VERLETZUNG DESSELBEN ODER AUS EINEM DEFEKT IN. ODER EINEM AUSFALL ODER EINER FEHLFUNKTION DER VERTRAGSGEGENST\u00c4NDLICHEN AUSR\u00dcSTUNG ENTSTEHEN, UNABH\u00c4NGIG DAVON, OB SIE AUF NUTZUNGSAUSFALL, ENTGANGENEN GEWINNEN ODER EINNAHMEN, ZINSEN, ENTGANGENEM GESCH\u00c4FTSWERT, ARBEITSUNTERBRECHUNG. BEEINTR\u00c4CHTIGUNG ANDERER G\u00dcTER, VERLUST DURCH ABSCHALTUNG ODER NICHTBETRIEB, ERH\u00d6HTE BETRIEBSKOSTEN, KOSTEN F\u00dcR DEN KAUF VON ERSATZSTROM ODER ANSPR\u00dcCHE DES K\u00c4UFERS ODER SEINER KUNDEN WEGEN BETRIEBSUNTERBRECHUNG, UNABH\u00c4NGIG DAVON, OB EIN SOLCHER VERLUST ODER SCHADEN AUF EINEM VERTRAG, EINER GARANTIE, FAHRL\u00c4SSIGKEIT, ENTSCH\u00c4DIGUNG, GEF\u00c4HRDUNGSHAFTUNG ODER ANDERWEITIG BERUHT.        <\/p><ol start=\"10\"><li><strong>  Nukleare Haftung  <\/strong><\/li><\/ol><p>F\u00fcr den Fall, dass die hierunter verkaufte Ausr\u00fcstung in einer kerntechnischen Anlage verwendet werden soll, muss der K\u00e4ufer vor einer solchen Verwendung eine Versicherung oder staatliche Entsch\u00e4digung abschlie\u00dfen, die das Unternehmen vor Haftung sch\u00fctzt, und er erkl\u00e4rt sich hiermit bereit, das Unternehmen und seine Lieferanten f\u00fcr alle nuklearen Sch\u00e4den, einschlie\u00dflich Nutzungsausfall, zu entsch\u00e4digen, die in irgendeiner Weise aus einem nuklearen Zwischenfall entstehen, unabh\u00e4ngig davon, ob diese ganz oder teilweise auf Fahrl\u00e4ssigkeit oder andere Gr\u00fcnde des Unternehmens oder seiner Lieferanten zur\u00fcckzuf\u00fchren sind. <\/p><ol start=\"11\"><li><strong>  Geltendes Recht  <\/strong><\/li><\/ol><p>Die Rechte und Pflichten der Parteien unterliegen den Gesetzen des US-Bundesstaates Delaware unter Ausschluss jeglicher kollisionsrechtlicher Bestimmungen. Das \u00dcbereinkommen der Vereinten Nationen \u00fcber Vertr\u00e4ge \u00fcber den internationalen Warenkauf findet auf diesen Vertrag keine Anwendung. <\/p><ol start=\"12\"><li><strong>  Exportkontrolle  <\/strong><\/li><\/ol><p>Die Produkte des Unternehmens sind US-Ursprungswaren und unterliegen den US-Exportkontrollgesetzen, einschlie\u00dflich der Export Administration Regulations. Der Kunde verpflichtet sich, die US-Exportkontrollgesetze einzuhalten und die Produkte des Unternehmens nicht zu exportieren, zu reexportieren, zu \u00fcbertragen, weiterzugeben, zu verkaufen, weiterzuverkaufen oder anderweitig entgegen den US-Gesetzen umzuleiten. Der Kunde erkl\u00e4rt sich ferner damit einverstanden, alle erforderlichen Exportlizenzen einzuholen.  <\/p><ol start=\"13\"><li><strong>  Ausf\u00fchrung  <\/strong><\/li><\/ol><p>Das Unternehmen ist an einen Vertrag oder eine Vertrags\u00e4nderung erst dann gebunden, wenn er von einem leitenden Angestellten des Unternehmens schriftlich genehmigt wurde. Der so genehmigte Vertrag ersetzt alle vorherigen m\u00fcndlichen oder schriftlichen Mitteilungen. <\/p><p><a href=\"https:\/\/kmtwaterjet.com\/wp-content\/uploads\/TERMS-AND-CONDITIONS-OF-SALE-KMT-APAC.pdf\"><strong>KMT Waterjet Systems Inc. (LD-101) 07-2009<\/strong><\/a><\/p>\t\t\t\t\t\t\t\t<\/div>\n\t\t\t\t<\/div>\n\t\t\t\t<\/div>\n\t\t\t\t<\/div>\n\t\t\t\t\t<\/div>\n\t\t\t\t<\/div>\n\t\t\t\t<\/div>\n\t\t","protected":false},"excerpt":{"rendered":"<p>VERKAUFSBESTIMMUNGEN UND -BEDINGUNGEN Allgemein Die hier dargelegten Verkaufsbedingungen gelten f\u00fcr den Verkauf von Produkten, Ausr\u00fcstungen und dazugeh\u00f6rigen Teilen (im Folgenden als &#8222;Ausr\u00fcstung&#8220; bezeichnet) durch KMT Waterjet Systems Inc. Sofern keine vorherige schriftliche Vereinbarung getroffen wurde, wird davon ausgegangen, dass das Unternehmen alle Arbeiten in \u00dcbereinstimmung mit den hier dargelegten Bedingungen durchf\u00fchrt. Das Unternehmen h\u00e4lt sich [&hellip;]<\/p>\n","protected":false},"author":12,"featured_media":0,"parent":0,"menu_order":0,"comment_status":"closed","ping_status":"closed","template":"elementor_header_footer","meta":{"_acf_changed":false,"footnotes":""},"page-type":[],"class_list":["post-42305","page","type-page","status-publish","hentry"],"acf":[],"yoast_head":"<!-- This site is optimized with the Yoast SEO plugin v27.3 - https:\/\/yoast.com\/product\/yoast-seo-wordpress\/ -->\n<title>KMT Datenschutzrichtlinie | KMT Waterjet<\/title>\n<meta name=\"description\" content=\"KMT Datenschutzrichtlinie: Schutz Ihrer pers\u00f6nlichen Daten durch Sicherheitsma\u00dfnahmen. Bleiben Sie \u00fcber unsere Praktiken und Updates informiert.\" \/>\n<meta name=\"robots\" content=\"index, follow, max-snippet:-1, max-image-preview:large, max-video-preview:-1\" \/>\n<link rel=\"canonical\" href=\"https:\/\/kmtwaterjet.com\/de\/kmt-datenschutzrichtlinie-2\/\" \/>\n<meta property=\"og:locale\" content=\"de_DE\" \/>\n<meta property=\"og:type\" content=\"article\" \/>\n<meta property=\"og:title\" content=\"KMT Datenschutzrichtlinie | KMT Waterjet\" \/>\n<meta property=\"og:description\" content=\"KMT Datenschutzrichtlinie: Schutz Ihrer pers\u00f6nlichen Daten durch Sicherheitsma\u00dfnahmen. Bleiben Sie \u00fcber unsere Praktiken und Updates informiert.\" \/>\n<meta property=\"og:url\" content=\"https:\/\/kmtwaterjet.com\/de\/kmt-datenschutzrichtlinie-2\/\" \/>\n<meta property=\"og:site_name\" content=\"KMT Waterjet\" \/>\n<meta property=\"article:modified_time\" content=\"2025-10-29T15:18:53+00:00\" \/>\n<meta property=\"og:image\" content=\"https:\/\/kmtwaterjet.com\/wp-content\/uploads\/KMT-Social-Sharing.jpg\" \/>\n\t<meta property=\"og:image:width\" content=\"1200\" \/>\n\t<meta property=\"og:image:height\" content=\"675\" \/>\n\t<meta property=\"og:image:type\" content=\"image\/jpeg\" \/>\n<meta name=\"twitter:card\" content=\"summary_large_image\" \/>\n<meta name=\"twitter:label1\" content=\"Gesch\u00e4tzte Lesezeit\" \/>\n\t<meta name=\"twitter:data1\" content=\"9 Minuten\" \/>\n<script type=\"application\/ld+json\" class=\"yoast-schema-graph\">{\"@context\":\"https:\\\/\\\/schema.org\",\"@graph\":[{\"@type\":\"WebPage\",\"@id\":\"https:\\\/\\\/kmtwaterjet.com\\\/de\\\/kmt-datenschutzrichtlinie-2\\\/\",\"url\":\"https:\\\/\\\/kmtwaterjet.com\\\/de\\\/kmt-datenschutzrichtlinie-2\\\/\",\"name\":\"KMT Datenschutzrichtlinie | KMT Waterjet\",\"isPartOf\":{\"@id\":\"https:\\\/\\\/kmtwaterjet.com\\\/de\\\/#website\"},\"datePublished\":\"2025-06-03T13:15:34+00:00\",\"dateModified\":\"2025-10-29T15:18:53+00:00\",\"description\":\"KMT Datenschutzrichtlinie: Schutz Ihrer pers\u00f6nlichen Daten durch Sicherheitsma\u00dfnahmen. Bleiben Sie \u00fcber unsere Praktiken und Updates informiert.\",\"breadcrumb\":{\"@id\":\"https:\\\/\\\/kmtwaterjet.com\\\/de\\\/kmt-datenschutzrichtlinie-2\\\/#breadcrumb\"},\"inLanguage\":\"de-DE\",\"potentialAction\":[{\"@type\":\"ReadAction\",\"target\":[\"https:\\\/\\\/kmtwaterjet.com\\\/de\\\/kmt-datenschutzrichtlinie-2\\\/\"]}]},{\"@type\":\"BreadcrumbList\",\"@id\":\"https:\\\/\\\/kmtwaterjet.com\\\/de\\\/kmt-datenschutzrichtlinie-2\\\/#breadcrumb\",\"itemListElement\":[{\"@type\":\"ListItem\",\"position\":1,\"name\":\"Home\",\"item\":\"https:\\\/\\\/kmtwaterjet.com\\\/de\\\/\"},{\"@type\":\"ListItem\",\"position\":2,\"name\":\"KMT Datenschutzrichtlinie\"}]},{\"@type\":\"WebSite\",\"@id\":\"https:\\\/\\\/kmtwaterjet.com\\\/de\\\/#website\",\"url\":\"https:\\\/\\\/kmtwaterjet.com\\\/de\\\/\",\"name\":\"KMT Waterjet\",\"description\":\"KMT Waterjet for waterjet cutting metal, stone, glass, steel and more\",\"publisher\":{\"@id\":\"https:\\\/\\\/kmtwaterjet.com\\\/de\\\/#organization\"},\"potentialAction\":[{\"@type\":\"SearchAction\",\"target\":{\"@type\":\"EntryPoint\",\"urlTemplate\":\"https:\\\/\\\/kmtwaterjet.com\\\/de\\\/?s={search_term_string}\"},\"query-input\":{\"@type\":\"PropertyValueSpecification\",\"valueRequired\":true,\"valueName\":\"search_term_string\"}}],\"inLanguage\":\"de-DE\"},{\"@type\":\"Organization\",\"@id\":\"https:\\\/\\\/kmtwaterjet.com\\\/de\\\/#organization\",\"name\":\"KMT Waterjet\",\"url\":\"https:\\\/\\\/kmtwaterjet.com\\\/de\\\/\",\"logo\":{\"@type\":\"ImageObject\",\"inLanguage\":\"de-DE\",\"@id\":\"https:\\\/\\\/kmtwaterjet.com\\\/de\\\/#\\\/schema\\\/logo\\\/image\\\/\",\"url\":\"https:\\\/\\\/kmtwaterjet.com\\\/wp-content\\\/uploads\\\/kmt_logo_2020.png\",\"contentUrl\":\"https:\\\/\\\/kmtwaterjet.com\\\/wp-content\\\/uploads\\\/kmt_logo_2020.png\",\"width\":1002,\"height\":605,\"caption\":\"KMT Waterjet\"},\"image\":{\"@id\":\"https:\\\/\\\/kmtwaterjet.com\\\/de\\\/#\\\/schema\\\/logo\\\/image\\\/\"}}]}<\/script>\n<!-- \/ Yoast SEO plugin. -->","yoast_head_json":{"title":"KMT Datenschutzrichtlinie | KMT Waterjet","description":"KMT Datenschutzrichtlinie: Schutz Ihrer pers\u00f6nlichen Daten durch Sicherheitsma\u00dfnahmen. Bleiben Sie \u00fcber unsere Praktiken und Updates informiert.","robots":{"index":"index","follow":"follow","max-snippet":"max-snippet:-1","max-image-preview":"max-image-preview:large","max-video-preview":"max-video-preview:-1"},"canonical":"https:\/\/kmtwaterjet.com\/de\/kmt-datenschutzrichtlinie-2\/","og_locale":"de_DE","og_type":"article","og_title":"KMT Datenschutzrichtlinie | KMT Waterjet","og_description":"KMT Datenschutzrichtlinie: Schutz Ihrer pers\u00f6nlichen Daten durch Sicherheitsma\u00dfnahmen. Bleiben Sie \u00fcber unsere Praktiken und Updates informiert.","og_url":"https:\/\/kmtwaterjet.com\/de\/kmt-datenschutzrichtlinie-2\/","og_site_name":"KMT Waterjet","article_modified_time":"2025-10-29T15:18:53+00:00","og_image":[{"width":1200,"height":675,"url":"https:\/\/kmtwaterjet.com\/wp-content\/uploads\/KMT-Social-Sharing.jpg","type":"image\/jpeg"}],"twitter_card":"summary_large_image","twitter_misc":{"Gesch\u00e4tzte Lesezeit":"9 Minuten"},"schema":{"@context":"https:\/\/schema.org","@graph":[{"@type":"WebPage","@id":"https:\/\/kmtwaterjet.com\/de\/kmt-datenschutzrichtlinie-2\/","url":"https:\/\/kmtwaterjet.com\/de\/kmt-datenschutzrichtlinie-2\/","name":"KMT Datenschutzrichtlinie | KMT Waterjet","isPartOf":{"@id":"https:\/\/kmtwaterjet.com\/de\/#website"},"datePublished":"2025-06-03T13:15:34+00:00","dateModified":"2025-10-29T15:18:53+00:00","description":"KMT Datenschutzrichtlinie: Schutz Ihrer pers\u00f6nlichen Daten durch Sicherheitsma\u00dfnahmen. Bleiben Sie \u00fcber unsere Praktiken und Updates informiert.","breadcrumb":{"@id":"https:\/\/kmtwaterjet.com\/de\/kmt-datenschutzrichtlinie-2\/#breadcrumb"},"inLanguage":"de-DE","potentialAction":[{"@type":"ReadAction","target":["https:\/\/kmtwaterjet.com\/de\/kmt-datenschutzrichtlinie-2\/"]}]},{"@type":"BreadcrumbList","@id":"https:\/\/kmtwaterjet.com\/de\/kmt-datenschutzrichtlinie-2\/#breadcrumb","itemListElement":[{"@type":"ListItem","position":1,"name":"Home","item":"https:\/\/kmtwaterjet.com\/de\/"},{"@type":"ListItem","position":2,"name":"KMT Datenschutzrichtlinie"}]},{"@type":"WebSite","@id":"https:\/\/kmtwaterjet.com\/de\/#website","url":"https:\/\/kmtwaterjet.com\/de\/","name":"KMT Waterjet","description":"KMT Waterjet for waterjet cutting metal, stone, glass, steel and more","publisher":{"@id":"https:\/\/kmtwaterjet.com\/de\/#organization"},"potentialAction":[{"@type":"SearchAction","target":{"@type":"EntryPoint","urlTemplate":"https:\/\/kmtwaterjet.com\/de\/?s={search_term_string}"},"query-input":{"@type":"PropertyValueSpecification","valueRequired":true,"valueName":"search_term_string"}}],"inLanguage":"de-DE"},{"@type":"Organization","@id":"https:\/\/kmtwaterjet.com\/de\/#organization","name":"KMT Waterjet","url":"https:\/\/kmtwaterjet.com\/de\/","logo":{"@type":"ImageObject","inLanguage":"de-DE","@id":"https:\/\/kmtwaterjet.com\/de\/#\/schema\/logo\/image\/","url":"https:\/\/kmtwaterjet.com\/wp-content\/uploads\/kmt_logo_2020.png","contentUrl":"https:\/\/kmtwaterjet.com\/wp-content\/uploads\/kmt_logo_2020.png","width":1002,"height":605,"caption":"KMT Waterjet"},"image":{"@id":"https:\/\/kmtwaterjet.com\/de\/#\/schema\/logo\/image\/"}}]}},"_links":{"self":[{"href":"https:\/\/kmtwaterjet.com\/de\/wp-json\/wp\/v2\/pages\/42305","targetHints":{"allow":["GET"]}}],"collection":[{"href":"https:\/\/kmtwaterjet.com\/de\/wp-json\/wp\/v2\/pages"}],"about":[{"href":"https:\/\/kmtwaterjet.com\/de\/wp-json\/wp\/v2\/types\/page"}],"author":[{"embeddable":true,"href":"https:\/\/kmtwaterjet.com\/de\/wp-json\/wp\/v2\/users\/12"}],"replies":[{"embeddable":true,"href":"https:\/\/kmtwaterjet.com\/de\/wp-json\/wp\/v2\/comments?post=42305"}],"version-history":[{"count":0,"href":"https:\/\/kmtwaterjet.com\/de\/wp-json\/wp\/v2\/pages\/42305\/revisions"}],"wp:attachment":[{"href":"https:\/\/kmtwaterjet.com\/de\/wp-json\/wp\/v2\/media?parent=42305"}],"wp:term":[{"taxonomy":"page-type","embeddable":true,"href":"https:\/\/kmtwaterjet.com\/de\/wp-json\/wp\/v2\/page-type?post=42305"}],"curies":[{"name":"wp","href":"https:\/\/api.w.org\/{rel}","templated":true}]}}