{"id":41149,"date":"2025-04-02T08:55:56","date_gmt":"2025-04-02T13:55:56","guid":{"rendered":"https:\/\/kmtwaterjet.com\/?page_id=41149"},"modified":"2025-10-29T10:19:29","modified_gmt":"2025-10-29T15:19:29","slug":"kontakt-wir-danken-ihnen-2","status":"publish","type":"page","link":"https:\/\/kmtwaterjet.com\/de\/kontakt-wir-danken-ihnen-2\/","title":{"rendered":"KMT-Pressemitteilungen"},"content":{"rendered":"\t\t<div data-elementor-type=\"wp-page\" data-elementor-id=\"41149\" class=\"elementor elementor-41149 elementor-41148\" data-elementor-post-type=\"page\">\n\t\t\t\t<div class=\"elementor-element elementor-element-0e9108d e-flex e-con-boxed e-con e-parent\" data-id=\"0e9108d\" data-element_type=\"container\" data-e-type=\"container\" data-settings=\"{&quot;background_background&quot;:&quot;classic&quot;,&quot;shape_divider_bottom&quot;:&quot;waves&quot;}\">\n\t\t\t\t\t<div class=\"e-con-inner\">\n\t\t\t\t<div class=\"elementor-shape elementor-shape-bottom\" aria-hidden=\"true\" data-negative=\"false\">\n\t\t\t<svg xmlns=\"http:\/\/www.w3.org\/2000\/svg\" viewBox=\"0 0 1000 100\" preserveAspectRatio=\"none\">\n\t<path class=\"elementor-shape-fill\" d=\"M421.9,6.5c22.6-2.5,51.5,0.4,75.5,5.3c23.6,4.9,70.9,23.5,100.5,35.7c75.8,32.2,133.7,44.5,192.6,49.7\n\tc23.6,2.1,48.7,3.5,103.4-2.5c54.7-6,106.2-25.6,106.2-25.6V0H0v30.3c0,0,72,32.6,158.4,30.5c39.2-0.7,92.8-6.7,134-22.4\n\tc21.2-8.1,52.2-18.2,79.7-24.2C399.3,7.9,411.6,7.5,421.9,6.5z\"\/>\n<\/svg>\t\t<\/div>\n\t\t<div class=\"elementor-element elementor-element-41b8436 e-flex e-con-boxed e-con e-child\" data-id=\"41b8436\" data-element_type=\"container\" data-e-type=\"container\">\n\t\t\t\t\t<div class=\"e-con-inner\">\n\t\t\t\t<div class=\"elementor-element elementor-element-4b20a65 elementor-widget elementor-widget-heading\" data-id=\"4b20a65\" data-element_type=\"widget\" data-e-type=\"widget\" data-settings=\"{&quot;motion_fx_motion_fx_scrolling&quot;:&quot;yes&quot;,&quot;motion_fx_opacity_effect&quot;:&quot;yes&quot;,&quot;motion_fx_opacity_direction&quot;:&quot;out-in-out&quot;,&quot;motion_fx_opacity_level&quot;:{&quot;unit&quot;:&quot;px&quot;,&quot;size&quot;:10,&quot;sizes&quot;:[]},&quot;motion_fx_opacity_range&quot;:{&quot;unit&quot;:&quot;%&quot;,&quot;size&quot;:&quot;&quot;,&quot;sizes&quot;:{&quot;start&quot;:20,&quot;end&quot;:80}},&quot;motion_fx_devices&quot;:[&quot;desktop&quot;,&quot;tablet&quot;,&quot;mobile&quot;]}\" data-widget_type=\"heading.default\">\n\t\t\t\t<div class=\"elementor-widget-container\">\n\t\t\t\t\t<h1 class=\"elementor-heading-title elementor-size-default\">Pressemeldungen<\/h1>\t\t\t\t<\/div>\n\t\t\t\t<\/div>\n\t\t\t\t\t<\/div>\n\t\t\t\t<\/div>\n\t\t\t\t\t<\/div>\n\t\t\t\t<\/div>\n\t\t<div class=\"elementor-element elementor-element-20e8b0c e-flex e-con-boxed e-con e-parent\" data-id=\"20e8b0c\" data-element_type=\"container\" data-e-type=\"container\" data-settings=\"{&quot;background_background&quot;:&quot;classic&quot;}\">\n\t\t\t\t\t<div class=\"e-con-inner\">\n\t\t<div class=\"elementor-element elementor-element-3db032c e-con-full e-flex e-con e-child\" data-id=\"3db032c\" data-element_type=\"container\" data-e-type=\"container\">\n\t\t\t\t<div class=\"elementor-element elementor-element-d577189 elementor-widget__width-initial elementor-widget elementor-widget-heading\" data-id=\"d577189\" data-element_type=\"widget\" data-e-type=\"widget\" data-widget_type=\"heading.default\">\n\t\t\t\t<div class=\"elementor-widget-container\">\n\t\t\t\t\t<h2 class=\"elementor-heading-title elementor-size-default\">April 2025<\/h2>\t\t\t\t<\/div>\n\t\t\t\t<\/div>\n\t\t\t\t<div class=\"elementor-element elementor-element-8ac114c elementor-widget-divider--view-line elementor-widget elementor-widget-divider\" data-id=\"8ac114c\" data-element_type=\"widget\" data-e-type=\"widget\" data-widget_type=\"divider.default\">\n\t\t\t\t<div class=\"elementor-widget-container\">\n\t\t\t\t\t\t\t<div class=\"elementor-divider\">\n\t\t\t<span class=\"elementor-divider-separator\">\n\t\t\t\t\t\t<\/span>\n\t\t<\/div>\n\t\t\t\t\t\t<\/div>\n\t\t\t\t<\/div>\n\t\t\t\t<\/div>\n\t\t\t\t\t<\/div>\n\t\t\t\t<\/div>\n\t\t<div class=\"elementor-element elementor-element-faa60c3 e-grid e-con-boxed e-con e-parent\" data-id=\"faa60c3\" data-element_type=\"container\" data-e-type=\"container\">\n\t\t\t\t\t<div class=\"e-con-inner\">\n\t\t\t\t<div class=\"elementor-element elementor-element-11a221b elementor-widget elementor-widget-image\" data-id=\"11a221b\" data-element_type=\"widget\" data-e-type=\"widget\" data-widget_type=\"image.default\">\n\t\t\t\t<div class=\"elementor-widget-container\">\n\t\t\t\t\t\t\t\t\t\t\t\t\t\t\t<img fetchpriority=\"high\" decoding=\"async\" width=\"960\" height=\"540\" src=\"https:\/\/kmtwaterjet.com\/wp-content\/uploads\/KMT-Group-Logo-72dpi.png\" class=\"attachment-full size-full wp-image-41176\" alt=\"KMT Group logo\" srcset=\"https:\/\/kmtwaterjet.com\/wp-content\/uploads\/KMT-Group-Logo-72dpi.png 960w, https:\/\/kmtwaterjet.com\/wp-content\/uploads\/KMT-Group-Logo-72dpi-300x169.png 300w, https:\/\/kmtwaterjet.com\/wp-content\/uploads\/KMT-Group-Logo-72dpi-768x432.png 768w\" sizes=\"(max-width: 960px) 100vw, 960px\" \/>\t\t\t\t\t\t\t\t\t\t\t\t\t\t\t<\/div>\n\t\t\t\t<\/div>\n\t\t\t\t<div class=\"elementor-element elementor-element-5cea7a5 elementor-widget elementor-widget-image\" data-id=\"5cea7a5\" data-element_type=\"widget\" data-e-type=\"widget\" data-widget_type=\"image.default\">\n\t\t\t\t<div class=\"elementor-widget-container\">\n\t\t\t\t\t\t\t\t\t\t\t\t\t\t\t<img decoding=\"async\" width=\"400\" height=\"182\" data-src=\"https:\/\/kmtwaterjet.com\/wp-content\/uploads\/SHAPE-TECHNOLOGIES-LOGO.jpg\" class=\"attachment-large size-large wp-image-41188 lazyload\" alt=\"shape technologies group logo\" data-srcset=\"https:\/\/kmtwaterjet.com\/wp-content\/uploads\/SHAPE-TECHNOLOGIES-LOGO.jpg 400w, https:\/\/kmtwaterjet.com\/wp-content\/uploads\/SHAPE-TECHNOLOGIES-LOGO-300x137.jpg 300w\" data-sizes=\"(max-width: 400px) 100vw, 400px\" src=\"data:image\/svg+xml;base64,PHN2ZyB3aWR0aD0iMSIgaGVpZ2h0PSIxIiB4bWxucz0iaHR0cDovL3d3dy53My5vcmcvMjAwMC9zdmciPjwvc3ZnPg==\" style=\"--smush-placeholder-width: 400px; --smush-placeholder-aspect-ratio: 400\/182;\" \/>\t\t\t\t\t\t\t\t\t\t\t\t\t\t\t<\/div>\n\t\t\t\t<\/div>\n\t\t\t\t\t<\/div>\n\t\t\t\t<\/div>\n\t\t<div class=\"elementor-element elementor-element-653ab06 e-flex e-con-boxed e-con e-parent\" data-id=\"653ab06\" data-element_type=\"container\" data-e-type=\"container\">\n\t\t\t\t\t<div class=\"e-con-inner\">\n\t\t\t\t<div class=\"elementor-element elementor-element-417c5e4 elementor-widget elementor-widget-heading\" data-id=\"417c5e4\" data-element_type=\"widget\" data-e-type=\"widget\" data-widget_type=\"heading.default\">\n\t\t\t\t<div class=\"elementor-widget-container\">\n\t\t\t\t\t<h2 class=\"elementor-heading-title elementor-size-default\">KMT Group startet durch: Eine neue \u00c4ra der Wasserstrahl- und \nUltrahochdruck-Innovation (UHP) wird eingel\u00e4utet<\/h2>\t\t\t\t<\/div>\n\t\t\t\t<\/div>\n\t\t\t\t\t<\/div>\n\t\t\t\t<\/div>\n\t\t<div class=\"elementor-element elementor-element-73cbc2e e-flex e-con-boxed e-con e-parent\" data-id=\"73cbc2e\" data-element_type=\"container\" data-e-type=\"container\">\n\t\t\t\t\t<div class=\"e-con-inner\">\n\t\t\t\t<div class=\"elementor-element elementor-element-893dca2 elementor-widget elementor-widget-text-editor\" data-id=\"893dca2\" data-element_type=\"widget\" data-e-type=\"widget\" data-widget_type=\"text-editor.default\">\n\t\t\t\t<div class=\"elementor-widget-container\">\n\t\t\t\t\t\t\t\t\t<p>2. April 2025 | Pressemitteilung, KMT Group<\/p><p><strong>Baxter Springs, Kansas<\/strong> &#8211; Die Shape Technologies Group, weltweit f\u00fchrend in den Bereichen Wasserstrahltechnologie, Roboterautomatisierung und Ultrahochdruck (UHP)-Fertigungsverfahren, gab heute bekannt, dass KMT Waterjet, H20 Jet und McCartney Engineering ihre globale Zusammenarbeit als Teil der neu gegr\u00fcndeten KMT Group erweitern werden.<\/p><p>Die KMT Group wird die einzigartigen St\u00e4rken dieser historischen Marken nutzen.<\/p><p><strong>KMT Waterjet<\/strong> bietet eine breite Palette von Pumpenmodellen an, darunter 55.000 PSI\/3.800 bar direkt angetriebene Pumpen, 60.000 PSI\/4.100 bar Verst\u00e4rkerpumpen und die PRO 90.000 PSI\/6.200 bar Ultrahochdruckpumpen. Mit dieser umfangreichen Produktpalette und Partnerschaften mit mehr als 180 globalen OEMs bietet KMT die breiteste Palette an Wasserstrahlsystemen f\u00fcr alle Branchen auf der ganzen Welt. <\/p><p>Die Marke <strong>H2O Jet<\/strong> ist weltweit f\u00fcr die Entwicklung von Pr\u00e4zisions-Hochdruckteilen und -komponenten bekannt. Das Team von Ingenieuren verf\u00fcgt \u00fcber umfangreiche Hochdruck-Erfahrung und bringt die Technologie durch die Zusammenarbeit mit Kunden auf ein neues Niveau innovativer Produkte. <\/p><p>Seit seiner Gr\u00fcndung im Jahr 1946 ist <strong>McCartney Engineering<\/strong> weltweit f\u00fchrend bei Hochdrucksystemen f\u00fcr die LDPE-Industrie und leistete 1971 Pionierarbeit bei der Erfindung der Wasserstrahlschneidetechnologie (verkauft unter der Marke KMT Waterjet). Die F\u00e4higkeit der McCartney-Ingenieure zur Pr\u00e4zisionsbearbeitung passte perfekt zu den Hochdruck-Produktionsanlagen f\u00fcr die Herstellung von Polyurethan niedriger Dichte. <\/p><p>&#8222;Wir freuen uns, unseren Kunden durch die B\u00fcndelung von Ressourcen einen besseren Service bieten zu k\u00f6nnen, um Innovationen voranzutreiben und die besten ma\u00dfgeschneiderten L\u00f6sungen zu liefern &#8211; sei es durch branchen\u00fcbliche Wasserstrahl- und LDPE-Systeme oder innovative, ma\u00dfgeschneiderte Hochdrucksysteme, die noch nicht auf dem Markt sind&#8220;, sagte Brendan Shackelford, Global President der KMT Group. &#8222;Dieser Schritt stellt eine spannende Entwicklung f\u00fcr unser Team und unsere Kunden dar.&#8220; <\/p><p>&#8222;Die Zusammenf\u00fchrung unserer Marken KMT, H2O und McCartney unter dem Dach der KMT Group er\u00f6ffnet uns die M\u00f6glichkeit, Innovation und Effizienz auf dem Markt f\u00fcr UHP-Pumpen und -Komponenten weltweit zu steigern&#8220;, sagte Nino LaDuca, CEO der Shape Technologies Group. &#8222;Diese globale Zusammenarbeit wird Synergien schaffen, die den Kundennutzen deutlich erh\u00f6hen und unsere Position in der Branche st\u00e4rken.&#8220; <\/p><p>Mit der heutigen Einf\u00fchrung der globalen Marke stellt die KMT Group auch ihr neues Logo vor und freut sich darauf, im Laufe des Jahres aktualisiertes Markenmaterial, einschlie\u00dflich einer neuen, einheitlichen Website f\u00fcr ihre Produktmarken, zu pr\u00e4sentieren.<\/p><p>Die KMT Group m\u00f6chte sich bei ihren Kunden, Partnern und Mitarbeitern f\u00fcr ihre Unterst\u00fctzung und ihren Beitrag zum Erfolg des Unternehmens bedanken. Dies ist ein bedeutender Schritt vorw\u00e4rts in der Mission des Unternehmens, Kunden, Lieferanten und Mitarbeitern durch das Angebot innovativer und zuverl\u00e4ssiger Fertigungsl\u00f6sungen Erfolg und Wachstum zu erm\u00f6glichen. <\/p><p><strong>\u00dcber die Shape Technologies Group  <\/strong><\/p><p>Die Shape Technologies Group, Inc. (&#8222;SHAPE&#8220;) ist der weltweit f\u00fchrende Entwickler und Anbieter von Ultrahochdruck-Prozessl\u00f6sungen f\u00fcr fortschrittliche Fertigungs- und Materialverarbeitungsanwendungen. Die Unternehmen von SHAPE liefern innovative L\u00f6sungen f\u00fcr Fertigungsprozesse an Kunden in 100 L\u00e4ndern und einer breiten Palette von Branchen. Weitere Informationen finden Sie unter <a href=\"https:\/\/www.shapetechnologies.com\/\">shapetechnologies.com<\/a>.  <\/p><p><strong>\u00dcber KMT Group  <\/strong><\/p><p>KMT Group, Inc. ist der weltweit f\u00fchrende Anbieter von Ultrahochdruck-Prozessl\u00f6sungen f\u00fcr die moderne Fertigung. Die Unternehmen der KMT Group liefern innovative Produktl\u00f6sungen an Kunden in 100 L\u00e4ndern und einer breiten Palette von Branchen. Weitere Informationen finden Sie unter <a href=\"https:\/\/kmtwaterjet.com\/de\/schneiden-von-loesungen\/landing-page-wasserstrahlmaschinen-2\/\">kmtwaterjet.com<\/a>.  <\/p><p><strong>Medienkontakt:<\/strong><\/p><p>Kyle Keith Direktor f\u00fcr Marketing und Kundenerfahrung, KMT Group <a href=\"mailto:kyle.keith@kmtwaterjet.com\">kyle.keith@kmtwaterjet.com.<\/a><\/p><p><a href=\"https:\/\/kmtwaterjet.com\/wp-content\/uploads\/KMT-Group-Brands-Announcement_4.2.25.pdf\">KMT GROUP Ver\u00f6ffentlichung-April 2025<\/a><\/p>\t\t\t\t\t\t\t\t<\/div>\n\t\t\t\t<\/div>\n\t\t\t\t\t<\/div>\n\t\t\t\t<\/div>\n\t\t\t\t<\/div>\n\t\t","protected":false},"excerpt":{"rendered":"<p>Pressemeldungen April 2025 KMT Group startet durch: Eine neue \u00c4ra der Wasserstrahl- und Ultrahochdruck-Innovation (UHP) wird eingel\u00e4utet 2. April 2025 | Pressemitteilung, KMT Group Baxter Springs, Kansas &#8211; Die Shape Technologies Group, weltweit f\u00fchrend in den Bereichen Wasserstrahltechnologie, Roboterautomatisierung und Ultrahochdruck (UHP)-Fertigungsverfahren, gab heute bekannt, dass KMT Waterjet, H20 Jet und McCartney Engineering ihre globale [&hellip;]<\/p>\n","protected":false},"author":12,"featured_media":0,"parent":0,"menu_order":0,"comment_status":"closed","ping_status":"closed","template":"elementor_header_footer","meta":{"_acf_changed":false,"footnotes":""},"page-type":[],"class_list":["post-41149","page","type-page","status-publish","hentry"],"acf":[],"yoast_head":"<!-- This site is optimized with the Yoast SEO plugin v27.3 - https:\/\/yoast.com\/product\/yoast-seo-wordpress\/ -->\n<title>KMT-Pressemitteilungen | KMT Waterjet<\/title>\n<meta name=\"description\" content=\"Vielen Dank f\u00fcr Ihr Interesse an den Pressemitteilungen von KMT Waterjet Systems.\" \/>\n<meta name=\"robots\" content=\"index, follow, max-snippet:-1, max-image-preview:large, max-video-preview:-1\" \/>\n<link rel=\"canonical\" href=\"https:\/\/kmtwaterjet.com\/de\/kontakt-wir-danken-ihnen-2\/\" \/>\n<meta property=\"og:locale\" content=\"de_DE\" \/>\n<meta property=\"og:type\" content=\"article\" \/>\n<meta property=\"og:title\" content=\"KMT-Pressemitteilungen | KMT Waterjet\" \/>\n<meta property=\"og:description\" content=\"Vielen Dank f\u00fcr Ihr Interesse an den Pressemitteilungen von KMT Waterjet Systems.\" \/>\n<meta property=\"og:url\" content=\"https:\/\/kmtwaterjet.com\/de\/kontakt-wir-danken-ihnen-2\/\" \/>\n<meta property=\"og:site_name\" content=\"KMT Waterjet\" \/>\n<meta property=\"article:modified_time\" content=\"2025-10-29T15:19:29+00:00\" \/>\n<meta property=\"og:image\" content=\"https:\/\/kmtwaterjet.com\/wp-content\/uploads\/KMT-Group-Logo-72dpi.png\" \/>\n\t<meta property=\"og:image:width\" content=\"960\" \/>\n\t<meta property=\"og:image:height\" content=\"540\" \/>\n\t<meta property=\"og:image:type\" content=\"image\/png\" \/>\n<meta name=\"twitter:card\" content=\"summary_large_image\" \/>\n<meta name=\"twitter:label1\" content=\"Gesch\u00e4tzte Lesezeit\" \/>\n\t<meta name=\"twitter:data1\" content=\"3 Minuten\" \/>\n<script type=\"application\/ld+json\" class=\"yoast-schema-graph\">{\"@context\":\"https:\\\/\\\/schema.org\",\"@graph\":[{\"@type\":\"WebPage\",\"@id\":\"https:\\\/\\\/kmtwaterjet.com\\\/de\\\/kontakt-wir-danken-ihnen-2\\\/\",\"url\":\"https:\\\/\\\/kmtwaterjet.com\\\/de\\\/kontakt-wir-danken-ihnen-2\\\/\",\"name\":\"KMT-Pressemitteilungen | KMT Waterjet\",\"isPartOf\":{\"@id\":\"https:\\\/\\\/kmtwaterjet.com\\\/de\\\/#website\"},\"primaryImageOfPage\":{\"@id\":\"https:\\\/\\\/kmtwaterjet.com\\\/de\\\/kontakt-wir-danken-ihnen-2\\\/#primaryimage\"},\"image\":{\"@id\":\"https:\\\/\\\/kmtwaterjet.com\\\/de\\\/kontakt-wir-danken-ihnen-2\\\/#primaryimage\"},\"thumbnailUrl\":\"https:\\\/\\\/kmtwaterjet.com\\\/wp-content\\\/uploads\\\/KMT-Group-Logo-72dpi.png\",\"datePublished\":\"2025-04-02T13:55:56+00:00\",\"dateModified\":\"2025-10-29T15:19:29+00:00\",\"description\":\"Vielen Dank f\u00fcr Ihr Interesse an den Pressemitteilungen von KMT Waterjet Systems.\",\"breadcrumb\":{\"@id\":\"https:\\\/\\\/kmtwaterjet.com\\\/de\\\/kontakt-wir-danken-ihnen-2\\\/#breadcrumb\"},\"inLanguage\":\"de-DE\",\"potentialAction\":[{\"@type\":\"ReadAction\",\"target\":[\"https:\\\/\\\/kmtwaterjet.com\\\/de\\\/kontakt-wir-danken-ihnen-2\\\/\"]}]},{\"@type\":\"ImageObject\",\"inLanguage\":\"de-DE\",\"@id\":\"https:\\\/\\\/kmtwaterjet.com\\\/de\\\/kontakt-wir-danken-ihnen-2\\\/#primaryimage\",\"url\":\"https:\\\/\\\/kmtwaterjet.com\\\/wp-content\\\/uploads\\\/KMT-Group-Logo-72dpi.png\",\"contentUrl\":\"https:\\\/\\\/kmtwaterjet.com\\\/wp-content\\\/uploads\\\/KMT-Group-Logo-72dpi.png\"},{\"@type\":\"BreadcrumbList\",\"@id\":\"https:\\\/\\\/kmtwaterjet.com\\\/de\\\/kontakt-wir-danken-ihnen-2\\\/#breadcrumb\",\"itemListElement\":[{\"@type\":\"ListItem\",\"position\":1,\"name\":\"Home\",\"item\":\"https:\\\/\\\/kmtwaterjet.com\\\/de\\\/\"},{\"@type\":\"ListItem\",\"position\":2,\"name\":\"KMT-Pressemitteilungen\"}]},{\"@type\":\"WebSite\",\"@id\":\"https:\\\/\\\/kmtwaterjet.com\\\/de\\\/#website\",\"url\":\"https:\\\/\\\/kmtwaterjet.com\\\/de\\\/\",\"name\":\"KMT Waterjet\",\"description\":\"KMT Waterjet for waterjet cutting metal, stone, glass, steel and more\",\"publisher\":{\"@id\":\"https:\\\/\\\/kmtwaterjet.com\\\/de\\\/#organization\"},\"potentialAction\":[{\"@type\":\"SearchAction\",\"target\":{\"@type\":\"EntryPoint\",\"urlTemplate\":\"https:\\\/\\\/kmtwaterjet.com\\\/de\\\/?s={search_term_string}\"},\"query-input\":{\"@type\":\"PropertyValueSpecification\",\"valueRequired\":true,\"valueName\":\"search_term_string\"}}],\"inLanguage\":\"de-DE\"},{\"@type\":\"Organization\",\"@id\":\"https:\\\/\\\/kmtwaterjet.com\\\/de\\\/#organization\",\"name\":\"KMT Waterjet\",\"url\":\"https:\\\/\\\/kmtwaterjet.com\\\/de\\\/\",\"logo\":{\"@type\":\"ImageObject\",\"inLanguage\":\"de-DE\",\"@id\":\"https:\\\/\\\/kmtwaterjet.com\\\/de\\\/#\\\/schema\\\/logo\\\/image\\\/\",\"url\":\"https:\\\/\\\/kmtwaterjet.com\\\/wp-content\\\/uploads\\\/kmt_logo_2020.png\",\"contentUrl\":\"https:\\\/\\\/kmtwaterjet.com\\\/wp-content\\\/uploads\\\/kmt_logo_2020.png\",\"width\":1002,\"height\":605,\"caption\":\"KMT Waterjet\"},\"image\":{\"@id\":\"https:\\\/\\\/kmtwaterjet.com\\\/de\\\/#\\\/schema\\\/logo\\\/image\\\/\"}}]}<\/script>\n<!-- \/ Yoast SEO plugin. -->","yoast_head_json":{"title":"KMT-Pressemitteilungen | KMT Waterjet","description":"Vielen Dank f\u00fcr Ihr Interesse an den Pressemitteilungen von KMT Waterjet Systems.","robots":{"index":"index","follow":"follow","max-snippet":"max-snippet:-1","max-image-preview":"max-image-preview:large","max-video-preview":"max-video-preview:-1"},"canonical":"https:\/\/kmtwaterjet.com\/de\/kontakt-wir-danken-ihnen-2\/","og_locale":"de_DE","og_type":"article","og_title":"KMT-Pressemitteilungen | KMT Waterjet","og_description":"Vielen Dank f\u00fcr Ihr Interesse an den Pressemitteilungen von KMT Waterjet Systems.","og_url":"https:\/\/kmtwaterjet.com\/de\/kontakt-wir-danken-ihnen-2\/","og_site_name":"KMT Waterjet","article_modified_time":"2025-10-29T15:19:29+00:00","og_image":[{"width":960,"height":540,"url":"https:\/\/kmtwaterjet.com\/wp-content\/uploads\/KMT-Group-Logo-72dpi.png","type":"image\/png"}],"twitter_card":"summary_large_image","twitter_misc":{"Gesch\u00e4tzte Lesezeit":"3 Minuten"},"schema":{"@context":"https:\/\/schema.org","@graph":[{"@type":"WebPage","@id":"https:\/\/kmtwaterjet.com\/de\/kontakt-wir-danken-ihnen-2\/","url":"https:\/\/kmtwaterjet.com\/de\/kontakt-wir-danken-ihnen-2\/","name":"KMT-Pressemitteilungen | KMT Waterjet","isPartOf":{"@id":"https:\/\/kmtwaterjet.com\/de\/#website"},"primaryImageOfPage":{"@id":"https:\/\/kmtwaterjet.com\/de\/kontakt-wir-danken-ihnen-2\/#primaryimage"},"image":{"@id":"https:\/\/kmtwaterjet.com\/de\/kontakt-wir-danken-ihnen-2\/#primaryimage"},"thumbnailUrl":"https:\/\/kmtwaterjet.com\/wp-content\/uploads\/KMT-Group-Logo-72dpi.png","datePublished":"2025-04-02T13:55:56+00:00","dateModified":"2025-10-29T15:19:29+00:00","description":"Vielen Dank f\u00fcr Ihr Interesse an den Pressemitteilungen von KMT Waterjet Systems.","breadcrumb":{"@id":"https:\/\/kmtwaterjet.com\/de\/kontakt-wir-danken-ihnen-2\/#breadcrumb"},"inLanguage":"de-DE","potentialAction":[{"@type":"ReadAction","target":["https:\/\/kmtwaterjet.com\/de\/kontakt-wir-danken-ihnen-2\/"]}]},{"@type":"ImageObject","inLanguage":"de-DE","@id":"https:\/\/kmtwaterjet.com\/de\/kontakt-wir-danken-ihnen-2\/#primaryimage","url":"https:\/\/kmtwaterjet.com\/wp-content\/uploads\/KMT-Group-Logo-72dpi.png","contentUrl":"https:\/\/kmtwaterjet.com\/wp-content\/uploads\/KMT-Group-Logo-72dpi.png"},{"@type":"BreadcrumbList","@id":"https:\/\/kmtwaterjet.com\/de\/kontakt-wir-danken-ihnen-2\/#breadcrumb","itemListElement":[{"@type":"ListItem","position":1,"name":"Home","item":"https:\/\/kmtwaterjet.com\/de\/"},{"@type":"ListItem","position":2,"name":"KMT-Pressemitteilungen"}]},{"@type":"WebSite","@id":"https:\/\/kmtwaterjet.com\/de\/#website","url":"https:\/\/kmtwaterjet.com\/de\/","name":"KMT Waterjet","description":"KMT Waterjet for waterjet cutting metal, stone, glass, steel and more","publisher":{"@id":"https:\/\/kmtwaterjet.com\/de\/#organization"},"potentialAction":[{"@type":"SearchAction","target":{"@type":"EntryPoint","urlTemplate":"https:\/\/kmtwaterjet.com\/de\/?s={search_term_string}"},"query-input":{"@type":"PropertyValueSpecification","valueRequired":true,"valueName":"search_term_string"}}],"inLanguage":"de-DE"},{"@type":"Organization","@id":"https:\/\/kmtwaterjet.com\/de\/#organization","name":"KMT Waterjet","url":"https:\/\/kmtwaterjet.com\/de\/","logo":{"@type":"ImageObject","inLanguage":"de-DE","@id":"https:\/\/kmtwaterjet.com\/de\/#\/schema\/logo\/image\/","url":"https:\/\/kmtwaterjet.com\/wp-content\/uploads\/kmt_logo_2020.png","contentUrl":"https:\/\/kmtwaterjet.com\/wp-content\/uploads\/kmt_logo_2020.png","width":1002,"height":605,"caption":"KMT Waterjet"},"image":{"@id":"https:\/\/kmtwaterjet.com\/de\/#\/schema\/logo\/image\/"}}]}},"_links":{"self":[{"href":"https:\/\/kmtwaterjet.com\/de\/wp-json\/wp\/v2\/pages\/41149","targetHints":{"allow":["GET"]}}],"collection":[{"href":"https:\/\/kmtwaterjet.com\/de\/wp-json\/wp\/v2\/pages"}],"about":[{"href":"https:\/\/kmtwaterjet.com\/de\/wp-json\/wp\/v2\/types\/page"}],"author":[{"embeddable":true,"href":"https:\/\/kmtwaterjet.com\/de\/wp-json\/wp\/v2\/users\/12"}],"replies":[{"embeddable":true,"href":"https:\/\/kmtwaterjet.com\/de\/wp-json\/wp\/v2\/comments?post=41149"}],"version-history":[{"count":0,"href":"https:\/\/kmtwaterjet.com\/de\/wp-json\/wp\/v2\/pages\/41149\/revisions"}],"wp:attachment":[{"href":"https:\/\/kmtwaterjet.com\/de\/wp-json\/wp\/v2\/media?parent=41149"}],"wp:term":[{"taxonomy":"page-type","embeddable":true,"href":"https:\/\/kmtwaterjet.com\/de\/wp-json\/wp\/v2\/page-type?post=41149"}],"curies":[{"name":"wp","href":"https:\/\/api.w.org\/{rel}","templated":true}]}}