{"id":35519,"date":"2024-05-01T23:10:21","date_gmt":"2024-05-02T04:10:21","guid":{"rendered":"https:\/\/kmtwaterjet.com\/testen-sie-den-schnitt-ihres-materials-im-kmt-schnittlabor\/"},"modified":"2025-03-20T12:39:40","modified_gmt":"2025-03-20T17:39:40","slug":"testen-sie-den-schnitt-ihres-materials-im-kmt-schnittlabor","status":"publish","type":"page","link":"https:\/\/kmtwaterjet.com\/de\/testen-sie-den-schnitt-ihres-materials-im-kmt-schnittlabor\/","title":{"rendered":"Testen Sie den Schnitt Ihres Materials im KMT Schnittlabor"},"content":{"rendered":"\t\t<div data-elementor-type=\"wp-page\" data-elementor-id=\"35519\" class=\"elementor elementor-35519 elementor-3215\" data-elementor-post-type=\"page\">\n\t\t\t\t<div class=\"elementor-element elementor-element-0e9108d e-flex e-con-boxed e-con e-parent\" data-id=\"0e9108d\" data-element_type=\"container\" data-e-type=\"container\" data-settings=\"{&quot;shape_divider_bottom&quot;:&quot;waves&quot;}\">\n\t\t\t\t\t<div class=\"e-con-inner\">\n\t\t\t\t<div class=\"elementor-shape elementor-shape-bottom\" aria-hidden=\"true\" data-negative=\"false\">\n\t\t\t<svg xmlns=\"http:\/\/www.w3.org\/2000\/svg\" viewBox=\"0 0 1000 100\" preserveAspectRatio=\"none\">\n\t<path class=\"elementor-shape-fill\" d=\"M421.9,6.5c22.6-2.5,51.5,0.4,75.5,5.3c23.6,4.9,70.9,23.5,100.5,35.7c75.8,32.2,133.7,44.5,192.6,49.7\n\tc23.6,2.1,48.7,3.5,103.4-2.5c54.7-6,106.2-25.6,106.2-25.6V0H0v30.3c0,0,72,32.6,158.4,30.5c39.2-0.7,92.8-6.7,134-22.4\n\tc21.2-8.1,52.2-18.2,79.7-24.2C399.3,7.9,411.6,7.5,421.9,6.5z\"\/>\n<\/svg>\t\t<\/div>\n\t\t<div class=\"elementor-element elementor-element-41b8436 e-flex e-con-boxed e-con e-child\" data-id=\"41b8436\" data-element_type=\"container\" data-e-type=\"container\">\n\t\t\t\t\t<div class=\"e-con-inner\">\n\t\t\t\t<div class=\"elementor-element elementor-element-4b20a65 elementor-widget elementor-widget-heading\" data-id=\"4b20a65\" data-element_type=\"widget\" data-e-type=\"widget\" data-settings=\"{&quot;motion_fx_motion_fx_scrolling&quot;:&quot;yes&quot;,&quot;motion_fx_opacity_effect&quot;:&quot;yes&quot;,&quot;motion_fx_opacity_direction&quot;:&quot;out-in-out&quot;,&quot;motion_fx_opacity_level&quot;:{&quot;unit&quot;:&quot;px&quot;,&quot;size&quot;:10,&quot;sizes&quot;:[]},&quot;motion_fx_opacity_range&quot;:{&quot;unit&quot;:&quot;%&quot;,&quot;size&quot;:&quot;&quot;,&quot;sizes&quot;:{&quot;start&quot;:20,&quot;end&quot;:80}},&quot;motion_fx_devices&quot;:[&quot;desktop&quot;,&quot;tablet&quot;,&quot;mobile&quot;]}\" data-widget_type=\"heading.default\">\n\t\t\t\t<div class=\"elementor-widget-container\">\n\t\t\t\t\t<h1 class=\"elementor-heading-title elementor-size-default\">Was schneiden Sie?<\/h1>\t\t\t\t<\/div>\n\t\t\t\t<\/div>\n\t\t\t\t\t<\/div>\n\t\t\t\t<\/div>\n\t\t\t\t\t<\/div>\n\t\t\t\t<\/div>\n\t\t<div class=\"elementor-element elementor-element-b79c8e0 e-flex e-con-boxed e-con e-parent\" data-id=\"b79c8e0\" data-element_type=\"container\" data-e-type=\"container\">\n\t\t\t\t\t<div class=\"e-con-inner\">\n\t\t\t\t<div class=\"elementor-element elementor-element-1bfab22 elementor-widget elementor-widget-heading\" data-id=\"1bfab22\" data-element_type=\"widget\" data-e-type=\"widget\" data-widget_type=\"heading.default\">\n\t\t\t\t<div class=\"elementor-widget-container\">\n\t\t\t\t\t<h2 class=\"elementor-heading-title elementor-size-default\">SAGEN SIE UNS, WAS SIE SCHNEIDEN<\/h2>\t\t\t\t<\/div>\n\t\t\t\t<\/div>\n\t\t\t\t<div class=\"elementor-element elementor-element-585b345 elementor-widget elementor-widget-spacer\" data-id=\"585b345\" data-element_type=\"widget\" data-e-type=\"widget\" data-widget_type=\"spacer.default\">\n\t\t\t\t<div class=\"elementor-widget-container\">\n\t\t\t\t\t\t\t<div class=\"elementor-spacer\">\n\t\t\t<div class=\"elementor-spacer-inner\"><\/div>\n\t\t<\/div>\n\t\t\t\t\t\t<\/div>\n\t\t\t\t<\/div>\n\t\t\t\t<div class=\"elementor-element elementor-element-380dd1a elementor-widget elementor-widget-text-editor\" data-id=\"380dd1a\" data-element_type=\"widget\" data-e-type=\"widget\" data-widget_type=\"text-editor.default\">\n\t\t\t\t<div class=\"elementor-widget-container\">\n\t\t\t\t\t\t\t\t\t<p>Es gibt eine Vielzahl von Materialien, die mit der Wasserstrahltechnologie geschnitten werden k\u00f6nnen. Ganz gleich, ob Sie nach Abrasiv-Wasserstrahlmaschinen, reinen Wasserstrahltischen oder Wasserstrahlschneiddiensten suchen, KMT Waterjet bietet Ihnen die gr\u00f6\u00dfte Auswahl an Abrasiv-Wasserstrahlherstellern und Wasserstrahlschneidzentren in Ihrer N\u00e4he, um Ihre Anforderungen zu erf\u00fcllen. Bitte f\u00fcllen Sie dieses kurze Formular aus und pr\u00fcfen Sie alle Materialien, die Sie schneiden m\u00f6chten, um das beste Wasserstrahl-Komplettsystem f\u00fcr Ihre Bed\u00fcrfnisse zu ermitteln.  <\/p>\t\t\t\t\t\t\t\t<\/div>\n\t\t\t\t<\/div>\n\t\t\t\t\t<\/div>\n\t\t\t\t<\/div>\n\t\t<div class=\"elementor-element elementor-element-fb2c255 e-flex e-con-boxed e-con e-parent\" data-id=\"fb2c255\" data-element_type=\"container\" data-e-type=\"container\">\n\t\t\t\t\t<div class=\"e-con-inner\">\n\t\t\t\t<div class=\"elementor-element elementor-element-972d3c6 elementor-button-align-stretch elementor-widget elementor-widget-form\" data-id=\"972d3c6\" data-element_type=\"widget\" data-e-type=\"widget\" data-settings=\"{&quot;step_next_label&quot;:&quot;N\\u00e4chste&quot;,&quot;step_previous_label&quot;:&quot;Vorherige&quot;,&quot;button_width&quot;:&quot;100&quot;,&quot;step_type&quot;:&quot;number_text&quot;,&quot;step_icon_shape&quot;:&quot;circle&quot;}\" data-widget_type=\"form.default\">\n\t\t\t\t<div class=\"elementor-widget-container\">\n\t\t\t\t\t\t\t<form class=\"elementor-form\" method=\"post\" name=\"Neue Form\" aria-label=\"Neue Form\">\n\t\t\t<input type=\"hidden\" name=\"post_id\" value=\"35519\"\/>\n\t\t\t<input type=\"hidden\" name=\"form_id\" value=\"972d3c6\"\/>\n\t\t\t<input type=\"hidden\" name=\"referer_title\" value=\"KMT Waterjet\" \/>\n\n\t\t\t\n\t\t\t<div class=\"elementor-form-fields-wrapper elementor-labels-above\">\n\t\t\t\t\t\t\t\t<div class=\"elementor-field-type-text elementor-field-group elementor-column elementor-field-group-name elementor-col-100 elementor-field-required elementor-mark-required\">\n\t\t\t\t\t\t\t\t\t\t\t\t<label for=\"form-field-name\" class=\"elementor-field-label\">\n\t\t\t\t\t\t\t\tName\t\t\t\t\t\t\t<\/label>\n\t\t\t\t\t\t\t\t\t\t\t\t\t\t<input size=\"1\" type=\"text\" name=\"form_fields[name]\" id=\"form-field-name\" class=\"elementor-field elementor-size-sm  elementor-field-textual\" required=\"required\">\n\t\t\t\t\t\t\t\t\t\t\t<\/div>\n\t\t\t\t\t\t\t\t<div class=\"elementor-field-type-email elementor-field-group elementor-column elementor-field-group-email elementor-col-100 elementor-field-required elementor-mark-required\">\n\t\t\t\t\t\t\t\t\t\t\t\t<label for=\"form-field-email\" class=\"elementor-field-label\">\n\t\t\t\t\t\t\t\tE-Mail\t\t\t\t\t\t\t<\/label>\n\t\t\t\t\t\t\t\t\t\t\t\t\t\t<input size=\"1\" type=\"email\" name=\"form_fields[email]\" id=\"form-field-email\" class=\"elementor-field elementor-size-sm  elementor-field-textual\" required=\"required\">\n\t\t\t\t\t\t\t\t\t\t\t<\/div>\n\t\t\t\t\t\t\t\t<div class=\"elementor-field-type-textarea elementor-field-group elementor-column elementor-field-group-message elementor-col-100 elementor-field-required elementor-mark-required\">\n\t\t\t\t\t\t\t\t\t\t\t\t<label for=\"form-field-message\" class=\"elementor-field-label\">\n\t\t\t\t\t\t\t\tFirma &amp; Adresse\t\t\t\t\t\t\t<\/label>\n\t\t\t\t\t\t<textarea class=\"elementor-field-textual elementor-field  elementor-size-sm\" name=\"form_fields[message]\" id=\"form-field-message\" rows=\"4\" required=\"required\"><\/textarea>\t\t\t\t<\/div>\n\t\t\t\t\t\t\t\t<div class=\"elementor-field-type-tel elementor-field-group elementor-column elementor-field-group-field_852289d elementor-col-100\">\n\t\t\t\t\t\t\t\t\t\t\t\t<label for=\"form-field-field_852289d\" class=\"elementor-field-label\">\n\t\t\t\t\t\t\t\tTelefon\t\t\t\t\t\t\t<\/label>\n\t\t\t\t\t\t\t\t<input size=\"1\" type=\"tel\" name=\"form_fields[field_852289d]\" id=\"form-field-field_852289d\" class=\"elementor-field elementor-size-sm  elementor-field-textual\" pattern=\"[0-9()#&amp;+*-=.]+\" title=\"Nur Nummern oder Telefon-Zeichen (#, -, *, etc) werden akzeptiert.\">\n\n\t\t\t\t\t\t<\/div>\n\t\t\t\t\t\t\t\t<div class=\"elementor-field-type-checkbox elementor-field-group elementor-column elementor-field-group-field_41b48c7 elementor-col-100\">\n\t\t\t\t\t\t\t\t\t\t\t\t<label for=\"form-field-field_41b48c7\" class=\"elementor-field-label\">\n\t\t\t\t\t\t\t\tSagen Sie uns, was Sie schneiden (alles Zutreffende ankreuzen)\t\t\t\t\t\t\t<\/label>\n\t\t\t\t\t\t<div class=\"elementor-field-subgroup  \"><span class=\"elementor-field-option\"><input type=\"checkbox\" value=\"Stein\" id=\"form-field-field_41b48c7-0\" name=\"form_fields[field_41b48c7][]\"> <label for=\"form-field-field_41b48c7-0\">Stein<\/label><\/span><span class=\"elementor-field-option\"><input type=\"checkbox\" value=\"Metall\" id=\"form-field-field_41b48c7-1\" name=\"form_fields[field_41b48c7][]\"> <label for=\"form-field-field_41b48c7-1\">Metall<\/label><\/span><span class=\"elementor-field-option\"><input type=\"checkbox\" value=\"Glas\" id=\"form-field-field_41b48c7-2\" name=\"form_fields[field_41b48c7][]\"> <label for=\"form-field-field_41b48c7-2\">Glas<\/label><\/span><span class=\"elementor-field-option\"><input type=\"checkbox\" value=\"Gummi\" id=\"form-field-field_41b48c7-3\" name=\"form_fields[field_41b48c7][]\"> <label for=\"form-field-field_41b48c7-3\">Gummi<\/label><\/span><span class=\"elementor-field-option\"><input type=\"checkbox\" value=\"Papier\" id=\"form-field-field_41b48c7-4\" name=\"form_fields[field_41b48c7][]\"> <label for=\"form-field-field_41b48c7-4\">Papier<\/label><\/span><span class=\"elementor-field-option\"><input type=\"checkbox\" value=\"Verbundwerkstoffe\" id=\"form-field-field_41b48c7-5\" name=\"form_fields[field_41b48c7][]\"> <label for=\"form-field-field_41b48c7-5\">Verbundwerkstoffe<\/label><\/span><span class=\"elementor-field-option\"><input type=\"checkbox\" value=\"Lebensmittel (Produkte)\" id=\"form-field-field_41b48c7-6\" name=\"form_fields[field_41b48c7][]\"> <label for=\"form-field-field_41b48c7-6\">Lebensmittel (Produkte)<\/label><\/span><span class=\"elementor-field-option\"><input type=\"checkbox\" value=\"Lebensmittel (Backwaren)\" id=\"form-field-field_41b48c7-7\" name=\"form_fields[field_41b48c7][]\"> <label for=\"form-field-field_41b48c7-7\">Lebensmittel (Backwaren)<\/label><\/span><span class=\"elementor-field-option\"><input type=\"checkbox\" value=\"Mikroschneiden\" id=\"form-field-field_41b48c7-8\" name=\"form_fields[field_41b48c7][]\"> <label for=\"form-field-field_41b48c7-8\">Mikroschneiden<\/label><\/span><span class=\"elementor-field-option\"><input type=\"checkbox\" value=\"Roboter\" id=\"form-field-field_41b48c7-9\" name=\"form_fields[field_41b48c7][]\"> <label for=\"form-field-field_41b48c7-9\">Roboter<\/label><\/span><span class=\"elementor-field-option\"><input type=\"checkbox\" value=\"Andere\" id=\"form-field-field_41b48c7-10\" name=\"form_fields[field_41b48c7][]\"> <label for=\"form-field-field_41b48c7-10\">Andere<\/label><\/span><\/div>\t\t\t\t<\/div>\n\t\t\t\t\t\t\t\t<div class=\"elementor-field-type-text elementor-field-group elementor-column elementor-field-group-field_213a9d9 elementor-col-100\">\n\t\t\t\t\t\t\t\t\t\t\t\t<label for=\"form-field-field_213a9d9\" class=\"elementor-field-label\">\n\t\t\t\t\t\t\t\tZeitrahmen f\u00fcr die Anschaffung Ihrer Wasserstrahlschneidl\u00f6sung\t\t\t\t\t\t\t<\/label>\n\t\t\t\t\t\t\t\t\t\t\t\t\t\t<input size=\"1\" type=\"text\" name=\"form_fields[field_213a9d9]\" id=\"form-field-field_213a9d9\" class=\"elementor-field elementor-size-sm  elementor-field-textual\">\n\t\t\t\t\t\t\t\t\t\t\t<\/div>\n\t\t\t\t\t\t\t\t<div class=\"elementor-field-type-radio elementor-field-group elementor-column elementor-field-group-field_ea4c173 elementor-col-100\">\n\t\t\t\t\t\t\t\t\t\t\t\t<label for=\"form-field-field_ea4c173\" class=\"elementor-field-label\">\n\t\t\t\t\t\t\t\tSind Sie an einem kostenlosen Testschnitt interessiert?\t\t\t\t\t\t\t<\/label>\n\t\t\t\t\t\t<div class=\"elementor-field-subgroup  \"><span class=\"elementor-field-option\"><input type=\"radio\" value=\"JA\" id=\"form-field-field_ea4c173-0\" name=\"form_fields[field_ea4c173]\"> <label for=\"form-field-field_ea4c173-0\">JA<\/label><\/span><span class=\"elementor-field-option\"><input type=\"radio\" value=\"NEIN\" id=\"form-field-field_ea4c173-1\" name=\"form_fields[field_ea4c173]\"> <label for=\"form-field-field_ea4c173-1\">NEIN<\/label><\/span><\/div>\t\t\t\t<\/div>\n\t\t\t\t\t\t\t\t<div class=\"elementor-field-type-text elementor-field-group elementor-column elementor-field-group-field_f07d75a elementor-col-100\">\n\t\t\t\t\t\t\t\t\t\t\t\t<label for=\"form-field-field_f07d75a\" class=\"elementor-field-label\">\n\t\t\t\t\t\t\t\tWenn ja, werden wir uns mit Ihnen in Verbindung setzen und Ihnen Anweisungen f\u00fcr die \u00dcbersendung Ihrer Mustermaterialien geben.\t\t\t\t\t\t\t<\/label>\n\t\t\t\t\t\t\t\t\t\t\t\t\t\t<input size=\"1\" type=\"text\" name=\"form_fields[field_f07d75a]\" id=\"form-field-field_f07d75a\" class=\"elementor-field elementor-size-sm  elementor-field-textual\">\n\t\t\t\t\t\t\t\t\t\t\t<\/div>\n\t\t\t\t\t\t\t\t<div class=\"elementor-field-type-recaptcha_v3 elementor-field-group elementor-column elementor-field-group-field_8f57043 elementor-col-100 recaptcha_v3-bottomright\">\n\t\t\t\t\t<div class=\"elementor-field\" id=\"form-field-field_8f57043\"><div class=\"elementor-g-recaptcha\" data-sitekey=\"6LefhigpAAAAAD825_DqOXPGyX6NWofLlrVKzWoy\" data-type=\"v3\" data-action=\"Form\" data-badge=\"bottomright\" data-size=\"invisible\"><\/div><\/div>\t\t\t\t<\/div>\n\t\t\t\t\t\t\t\t<div class=\"elementor-field-type-text\">\n\t\t\t\t\t<input size=\"1\" type=\"text\" name=\"form_fields[field_3010412]\" id=\"form-field-field_3010412\" class=\"elementor-field elementor-size-sm \" style=\"display:none !important;\">\t\t\t\t<\/div>\n\t\t\t\t\t\t\t\t<div class=\"elementor-field-group elementor-column elementor-field-type-submit elementor-col-100 e-form__buttons\">\n\t\t\t\t\t<button class=\"elementor-button elementor-size-sm\" type=\"submit\">\n\t\t\t\t\t\t<span class=\"elementor-button-content-wrapper\">\n\t\t\t\t\t\t\t\t\t\t\t\t\t\t\t\t\t\t\t\t\t\t<span class=\"elementor-button-text\">Senden Sie<\/span>\n\t\t\t\t\t\t\t\t\t\t\t\t\t<\/span>\n\t\t\t\t\t<\/button>\n\t\t\t\t<\/div>\n\t\t\t<\/div>\n\t\t<\/form>\n\t\t\t\t\t\t<\/div>\n\t\t\t\t<\/div>\n\t\t\t\t\t<\/div>\n\t\t\t\t<\/div>\n\t\t\t\t<\/div>\n\t\t","protected":false},"excerpt":{"rendered":"<p>Was schneiden Sie? SAGEN SIE UNS, WAS SIE SCHNEIDEN Es gibt eine Vielzahl von Materialien, die mit der Wasserstrahltechnologie geschnitten werden k\u00f6nnen. Ganz gleich, ob Sie nach Abrasiv-Wasserstrahlmaschinen, reinen Wasserstrahltischen oder Wasserstrahlschneiddiensten suchen, KMT Waterjet bietet Ihnen die gr\u00f6\u00dfte Auswahl an Abrasiv-Wasserstrahlherstellern und Wasserstrahlschneidzentren in Ihrer N\u00e4he, um Ihre Anforderungen zu erf\u00fcllen. Bitte f\u00fcllen Sie [&hellip;]<\/p>\n","protected":false},"author":11,"featured_media":0,"parent":0,"menu_order":0,"comment_status":"closed","ping_status":"closed","template":"","meta":{"_acf_changed":false,"footnotes":""},"page-type":[],"class_list":["post-35519","page","type-page","status-publish","hentry"],"acf":[],"yoast_head":"<!-- This site is optimized with the Yoast SEO plugin v27.3 - https:\/\/yoast.com\/product\/yoast-seo-wordpress\/ -->\n<title>Testen Sie den Schnitt Ihres Materials im KMT Schnittlabor | KMT Waterjet<\/title>\n<meta name=\"description\" content=\"Testen Sie Ihr Material im KMT Waterjet Schnittlabor. Kostenlose Wasserstrahl-Testschnitte. Wasserstrahlschneiden von Aluminium, Stahl, Lebensmitteln, Verbundwerkstoffen, Testschnitt bei 6.200bar\" \/>\n<meta name=\"robots\" content=\"index, follow, max-snippet:-1, max-image-preview:large, max-video-preview:-1\" \/>\n<link rel=\"canonical\" href=\"https:\/\/kmtwaterjet.com\/de\/testen-sie-den-schnitt-ihres-materials-im-kmt-schnittlabor\/\" \/>\n<meta property=\"og:locale\" content=\"de_DE\" \/>\n<meta property=\"og:type\" content=\"article\" \/>\n<meta property=\"og:title\" content=\"Testen Sie den Schnitt Ihres Materials im KMT Schnittlabor | KMT Waterjet\" \/>\n<meta property=\"og:description\" content=\"Testen Sie Ihr Material im KMT Waterjet Schnittlabor. Kostenlose Wasserstrahl-Testschnitte. Wasserstrahlschneiden von Aluminium, Stahl, Lebensmitteln, Verbundwerkstoffen, Testschnitt bei 6.200bar\" \/>\n<meta property=\"og:url\" content=\"https:\/\/kmtwaterjet.com\/de\/testen-sie-den-schnitt-ihres-materials-im-kmt-schnittlabor\/\" \/>\n<meta property=\"og:site_name\" content=\"KMT Waterjet\" \/>\n<meta property=\"article:modified_time\" content=\"2025-03-20T17:39:40+00:00\" \/>\n<meta property=\"og:image\" content=\"https:\/\/kmtwaterjet.com\/wp-content\/uploads\/KMT-Social-Sharing.jpg\" \/>\n\t<meta property=\"og:image:width\" content=\"1200\" \/>\n\t<meta property=\"og:image:height\" content=\"675\" \/>\n\t<meta property=\"og:image:type\" content=\"image\/jpeg\" \/>\n<meta name=\"twitter:card\" content=\"summary_large_image\" \/>\n<script type=\"application\/ld+json\" class=\"yoast-schema-graph\">{\"@context\":\"https:\\\/\\\/schema.org\",\"@graph\":[{\"@type\":\"WebPage\",\"@id\":\"https:\\\/\\\/kmtwaterjet.com\\\/de\\\/testen-sie-den-schnitt-ihres-materials-im-kmt-schnittlabor\\\/\",\"url\":\"https:\\\/\\\/kmtwaterjet.com\\\/de\\\/testen-sie-den-schnitt-ihres-materials-im-kmt-schnittlabor\\\/\",\"name\":\"Testen Sie den Schnitt Ihres Materials im KMT Schnittlabor | KMT Waterjet\",\"isPartOf\":{\"@id\":\"https:\\\/\\\/kmtwaterjet.com\\\/de\\\/#website\"},\"datePublished\":\"2024-05-02T04:10:21+00:00\",\"dateModified\":\"2025-03-20T17:39:40+00:00\",\"description\":\"Testen Sie Ihr Material im KMT Waterjet Schnittlabor. Kostenlose Wasserstrahl-Testschnitte. Wasserstrahlschneiden von Aluminium, Stahl, Lebensmitteln, Verbundwerkstoffen, Testschnitt bei 6.200bar\",\"breadcrumb\":{\"@id\":\"https:\\\/\\\/kmtwaterjet.com\\\/de\\\/testen-sie-den-schnitt-ihres-materials-im-kmt-schnittlabor\\\/#breadcrumb\"},\"inLanguage\":\"de-DE\",\"potentialAction\":[{\"@type\":\"ReadAction\",\"target\":[\"https:\\\/\\\/kmtwaterjet.com\\\/de\\\/testen-sie-den-schnitt-ihres-materials-im-kmt-schnittlabor\\\/\"]}]},{\"@type\":\"BreadcrumbList\",\"@id\":\"https:\\\/\\\/kmtwaterjet.com\\\/de\\\/testen-sie-den-schnitt-ihres-materials-im-kmt-schnittlabor\\\/#breadcrumb\",\"itemListElement\":[{\"@type\":\"ListItem\",\"position\":1,\"name\":\"Home\",\"item\":\"https:\\\/\\\/kmtwaterjet.com\\\/de\\\/\"},{\"@type\":\"ListItem\",\"position\":2,\"name\":\"Testen Sie den Schnitt Ihres Materials im KMT Schnittlabor\"}]},{\"@type\":\"WebSite\",\"@id\":\"https:\\\/\\\/kmtwaterjet.com\\\/de\\\/#website\",\"url\":\"https:\\\/\\\/kmtwaterjet.com\\\/de\\\/\",\"name\":\"KMT Waterjet\",\"description\":\"KMT Waterjet for waterjet cutting metal, stone, glass, steel and more\",\"publisher\":{\"@id\":\"https:\\\/\\\/kmtwaterjet.com\\\/de\\\/#organization\"},\"potentialAction\":[{\"@type\":\"SearchAction\",\"target\":{\"@type\":\"EntryPoint\",\"urlTemplate\":\"https:\\\/\\\/kmtwaterjet.com\\\/de\\\/?s={search_term_string}\"},\"query-input\":{\"@type\":\"PropertyValueSpecification\",\"valueRequired\":true,\"valueName\":\"search_term_string\"}}],\"inLanguage\":\"de-DE\"},{\"@type\":\"Organization\",\"@id\":\"https:\\\/\\\/kmtwaterjet.com\\\/de\\\/#organization\",\"name\":\"KMT Waterjet\",\"url\":\"https:\\\/\\\/kmtwaterjet.com\\\/de\\\/\",\"logo\":{\"@type\":\"ImageObject\",\"inLanguage\":\"de-DE\",\"@id\":\"https:\\\/\\\/kmtwaterjet.com\\\/de\\\/#\\\/schema\\\/logo\\\/image\\\/\",\"url\":\"https:\\\/\\\/kmtwaterjet.com\\\/wp-content\\\/uploads\\\/kmt_logo_2020.png\",\"contentUrl\":\"https:\\\/\\\/kmtwaterjet.com\\\/wp-content\\\/uploads\\\/kmt_logo_2020.png\",\"width\":1002,\"height\":605,\"caption\":\"KMT Waterjet\"},\"image\":{\"@id\":\"https:\\\/\\\/kmtwaterjet.com\\\/de\\\/#\\\/schema\\\/logo\\\/image\\\/\"}}]}<\/script>\n<!-- \/ Yoast SEO plugin. -->","yoast_head_json":{"title":"Testen Sie den Schnitt Ihres Materials im KMT Schnittlabor | KMT Waterjet","description":"Testen Sie Ihr Material im KMT Waterjet Schnittlabor. Kostenlose Wasserstrahl-Testschnitte. Wasserstrahlschneiden von Aluminium, Stahl, Lebensmitteln, Verbundwerkstoffen, Testschnitt bei 6.200bar","robots":{"index":"index","follow":"follow","max-snippet":"max-snippet:-1","max-image-preview":"max-image-preview:large","max-video-preview":"max-video-preview:-1"},"canonical":"https:\/\/kmtwaterjet.com\/de\/testen-sie-den-schnitt-ihres-materials-im-kmt-schnittlabor\/","og_locale":"de_DE","og_type":"article","og_title":"Testen Sie den Schnitt Ihres Materials im KMT Schnittlabor | KMT Waterjet","og_description":"Testen Sie Ihr Material im KMT Waterjet Schnittlabor. Kostenlose Wasserstrahl-Testschnitte. Wasserstrahlschneiden von Aluminium, Stahl, Lebensmitteln, Verbundwerkstoffen, Testschnitt bei 6.200bar","og_url":"https:\/\/kmtwaterjet.com\/de\/testen-sie-den-schnitt-ihres-materials-im-kmt-schnittlabor\/","og_site_name":"KMT Waterjet","article_modified_time":"2025-03-20T17:39:40+00:00","og_image":[{"width":1200,"height":675,"url":"https:\/\/kmtwaterjet.com\/wp-content\/uploads\/KMT-Social-Sharing.jpg","type":"image\/jpeg"}],"twitter_card":"summary_large_image","schema":{"@context":"https:\/\/schema.org","@graph":[{"@type":"WebPage","@id":"https:\/\/kmtwaterjet.com\/de\/testen-sie-den-schnitt-ihres-materials-im-kmt-schnittlabor\/","url":"https:\/\/kmtwaterjet.com\/de\/testen-sie-den-schnitt-ihres-materials-im-kmt-schnittlabor\/","name":"Testen Sie den Schnitt Ihres Materials im KMT Schnittlabor | KMT Waterjet","isPartOf":{"@id":"https:\/\/kmtwaterjet.com\/de\/#website"},"datePublished":"2024-05-02T04:10:21+00:00","dateModified":"2025-03-20T17:39:40+00:00","description":"Testen Sie Ihr Material im KMT Waterjet Schnittlabor. Kostenlose Wasserstrahl-Testschnitte. Wasserstrahlschneiden von Aluminium, Stahl, Lebensmitteln, Verbundwerkstoffen, Testschnitt bei 6.200bar","breadcrumb":{"@id":"https:\/\/kmtwaterjet.com\/de\/testen-sie-den-schnitt-ihres-materials-im-kmt-schnittlabor\/#breadcrumb"},"inLanguage":"de-DE","potentialAction":[{"@type":"ReadAction","target":["https:\/\/kmtwaterjet.com\/de\/testen-sie-den-schnitt-ihres-materials-im-kmt-schnittlabor\/"]}]},{"@type":"BreadcrumbList","@id":"https:\/\/kmtwaterjet.com\/de\/testen-sie-den-schnitt-ihres-materials-im-kmt-schnittlabor\/#breadcrumb","itemListElement":[{"@type":"ListItem","position":1,"name":"Home","item":"https:\/\/kmtwaterjet.com\/de\/"},{"@type":"ListItem","position":2,"name":"Testen Sie den Schnitt Ihres Materials im KMT Schnittlabor"}]},{"@type":"WebSite","@id":"https:\/\/kmtwaterjet.com\/de\/#website","url":"https:\/\/kmtwaterjet.com\/de\/","name":"KMT Waterjet","description":"KMT Waterjet for waterjet cutting metal, stone, glass, steel and more","publisher":{"@id":"https:\/\/kmtwaterjet.com\/de\/#organization"},"potentialAction":[{"@type":"SearchAction","target":{"@type":"EntryPoint","urlTemplate":"https:\/\/kmtwaterjet.com\/de\/?s={search_term_string}"},"query-input":{"@type":"PropertyValueSpecification","valueRequired":true,"valueName":"search_term_string"}}],"inLanguage":"de-DE"},{"@type":"Organization","@id":"https:\/\/kmtwaterjet.com\/de\/#organization","name":"KMT Waterjet","url":"https:\/\/kmtwaterjet.com\/de\/","logo":{"@type":"ImageObject","inLanguage":"de-DE","@id":"https:\/\/kmtwaterjet.com\/de\/#\/schema\/logo\/image\/","url":"https:\/\/kmtwaterjet.com\/wp-content\/uploads\/kmt_logo_2020.png","contentUrl":"https:\/\/kmtwaterjet.com\/wp-content\/uploads\/kmt_logo_2020.png","width":1002,"height":605,"caption":"KMT Waterjet"},"image":{"@id":"https:\/\/kmtwaterjet.com\/de\/#\/schema\/logo\/image\/"}}]}},"_links":{"self":[{"href":"https:\/\/kmtwaterjet.com\/de\/wp-json\/wp\/v2\/pages\/35519","targetHints":{"allow":["GET"]}}],"collection":[{"href":"https:\/\/kmtwaterjet.com\/de\/wp-json\/wp\/v2\/pages"}],"about":[{"href":"https:\/\/kmtwaterjet.com\/de\/wp-json\/wp\/v2\/types\/page"}],"author":[{"embeddable":true,"href":"https:\/\/kmtwaterjet.com\/de\/wp-json\/wp\/v2\/users\/11"}],"replies":[{"embeddable":true,"href":"https:\/\/kmtwaterjet.com\/de\/wp-json\/wp\/v2\/comments?post=35519"}],"version-history":[{"count":0,"href":"https:\/\/kmtwaterjet.com\/de\/wp-json\/wp\/v2\/pages\/35519\/revisions"}],"wp:attachment":[{"href":"https:\/\/kmtwaterjet.com\/de\/wp-json\/wp\/v2\/media?parent=35519"}],"wp:term":[{"taxonomy":"page-type","embeddable":true,"href":"https:\/\/kmtwaterjet.com\/de\/wp-json\/wp\/v2\/page-type?post=35519"}],"curies":[{"name":"wp","href":"https:\/\/api.w.org\/{rel}","templated":true}]}}