{"id":32423,"date":"2024-01-18T22:05:28","date_gmt":"2024-01-19T04:05:28","guid":{"rendered":"https:\/\/kmtwaterjet.com\/allgemeine-geschaeftsbedingungen-fuer-die-bestellung\/"},"modified":"2025-03-20T12:37:12","modified_gmt":"2025-03-20T17:37:12","slug":"allgemeine-geschaeftsbedingungen-fuer-die-bestellung","status":"publish","type":"page","link":"https:\/\/kmtwaterjet.com\/de\/allgemeine-geschaeftsbedingungen-fuer-die-bestellung\/","title":{"rendered":"Allgemeine Gesch\u00e4ftsbedingungen f\u00fcr die Bestellung"},"content":{"rendered":"\t\t<div data-elementor-type=\"wp-page\" data-elementor-id=\"32423\" class=\"elementor elementor-32423 elementor-2902\" data-elementor-post-type=\"page\">\n\t\t\t\t<div class=\"elementor-element elementor-element-0e9108d e-flex e-con-boxed e-con e-parent\" data-id=\"0e9108d\" data-element_type=\"container\" data-e-type=\"container\" data-settings=\"{&quot;background_background&quot;:&quot;gradient&quot;,&quot;shape_divider_bottom&quot;:&quot;waves&quot;}\">\n\t\t\t\t\t<div class=\"e-con-inner\">\n\t\t\t\t<div class=\"elementor-shape elementor-shape-bottom\" aria-hidden=\"true\" data-negative=\"false\">\n\t\t\t<svg xmlns=\"http:\/\/www.w3.org\/2000\/svg\" viewBox=\"0 0 1000 100\" preserveAspectRatio=\"none\">\n\t<path class=\"elementor-shape-fill\" d=\"M421.9,6.5c22.6-2.5,51.5,0.4,75.5,5.3c23.6,4.9,70.9,23.5,100.5,35.7c75.8,32.2,133.7,44.5,192.6,49.7\n\tc23.6,2.1,48.7,3.5,103.4-2.5c54.7-6,106.2-25.6,106.2-25.6V0H0v30.3c0,0,72,32.6,158.4,30.5c39.2-0.7,92.8-6.7,134-22.4\n\tc21.2-8.1,52.2-18.2,79.7-24.2C399.3,7.9,411.6,7.5,421.9,6.5z\"\/>\n<\/svg>\t\t<\/div>\n\t\t<div class=\"elementor-element elementor-element-41b8436 e-flex e-con-boxed e-con e-child\" data-id=\"41b8436\" data-element_type=\"container\" data-e-type=\"container\">\n\t\t\t\t\t<div class=\"e-con-inner\">\n\t\t\t\t<div class=\"elementor-element elementor-element-4b20a65 elementor-widget elementor-widget-heading\" data-id=\"4b20a65\" data-element_type=\"widget\" data-e-type=\"widget\" data-settings=\"{&quot;motion_fx_motion_fx_scrolling&quot;:&quot;yes&quot;,&quot;motion_fx_opacity_effect&quot;:&quot;yes&quot;,&quot;motion_fx_opacity_direction&quot;:&quot;out-in-out&quot;,&quot;motion_fx_opacity_level&quot;:{&quot;unit&quot;:&quot;px&quot;,&quot;size&quot;:10,&quot;sizes&quot;:[]},&quot;motion_fx_opacity_range&quot;:{&quot;unit&quot;:&quot;%&quot;,&quot;size&quot;:&quot;&quot;,&quot;sizes&quot;:{&quot;start&quot;:20,&quot;end&quot;:80}},&quot;motion_fx_devices&quot;:[&quot;desktop&quot;,&quot;tablet&quot;,&quot;mobile&quot;]}\" data-widget_type=\"heading.default\">\n\t\t\t\t<div class=\"elementor-widget-container\">\n\t\t\t\t\t<h1 class=\"elementor-heading-title elementor-size-default\">VERKAUFSBEDINGUNGEN UND KONDITIONEN<\/h1>\t\t\t\t<\/div>\n\t\t\t\t<\/div>\n\t\t\t\t\t<\/div>\n\t\t\t\t<\/div>\n\t\t\t\t\t<\/div>\n\t\t\t\t<\/div>\n\t\t<div class=\"elementor-element elementor-element-20e8b0c e-flex e-con-boxed e-con e-parent\" data-id=\"20e8b0c\" data-element_type=\"container\" data-e-type=\"container\" data-settings=\"{&quot;background_background&quot;:&quot;classic&quot;,&quot;shape_divider_bottom&quot;:&quot;waves&quot;,&quot;shape_divider_bottom_negative&quot;:&quot;yes&quot;}\">\n\t\t\t\t\t<div class=\"e-con-inner\">\n\t\t\t\t<div class=\"elementor-shape elementor-shape-bottom\" aria-hidden=\"true\" data-negative=\"true\">\n\t\t\t<svg xmlns=\"http:\/\/www.w3.org\/2000\/svg\" viewBox=\"0 0 1000 100\" preserveAspectRatio=\"none\">\n\t<path class=\"elementor-shape-fill\" d=\"M790.5,93.1c-59.3-5.3-116.8-18-192.6-50c-29.6-12.7-76.9-31-100.5-35.9c-23.6-4.9-52.6-7.8-75.5-5.3\n\tc-10.2,1.1-22.6,1.4-50.1,7.4c-27.2,6.3-58.2,16.6-79.4,24.7c-41.3,15.9-94.9,21.9-134,22.6C72,58.2,0,25.8,0,25.8V100h1000V65.3\n\tc0,0-51.5,19.4-106.2,25.7C839.5,97,814.1,95.2,790.5,93.1z\"\/>\n<\/svg>\t\t<\/div>\n\t\t\t\t<div class=\"elementor-element elementor-element-7721e1d elementor-widget__width-initial elementor-widget elementor-widget-text-editor\" data-id=\"7721e1d\" data-element_type=\"widget\" data-e-type=\"widget\" data-widget_type=\"text-editor.default\">\n\t\t\t\t<div class=\"elementor-widget-container\">\n\t\t\t\t\t\t\t\t\t<p><strong>1. Allgemeines<\/strong><br>Die hier dargelegten Verkaufsbedingungen gelten f\u00fcr den Verkauf von KMT Waterjet Systems Inc. (im Folgenden als Unternehmen bezeichnet) von Produkten, Ger\u00e4ten und dazugeh\u00f6rigen Teilen (im Folgenden als Ger\u00e4te bezeichnet). Sofern keine vorherige schriftliche Vereinbarung getroffen wurde, wird davon ausgegangen, dass das Unternehmen alle Arbeiten in \u00dcbereinstimmung mit den hier dargelegten Bedingungen durchf\u00fchrt. Das Unternehmen h\u00e4lt sich an die zum Zeitpunkt des Angebots des Unternehmens geltenden Gesetze und Vorschriften, die f\u00fcr die Herstellung der Ausr\u00fcstung gelten. Der K\u00e4ufer ist allein f\u00fcr die Einhaltung aller lokalen Gesetze und Vorschriften verantwortlich, die sich auf den Standort, die Verwendung oder den Betrieb der Ausr\u00fcstung oder deren Verwendung in Verbindung mit anderen Ger\u00e4ten beziehen.  <br><strong>2. Eigentumsrecht und Verlustrisiko<\/strong><br>Das Eigentumsrecht und das Risiko des Verlustes oder der Besch\u00e4digung der Ausr\u00fcstung gehen mit der Lieferung F.O.B. Produktionsst\u00e4tte auf den K\u00e4ufer \u00fcber, sofern die Parteien nichts anderes vereinbart haben, es sei denn, das Unternehmen hat ein Sicherungsrecht an der Ausr\u00fcstung, unabh\u00e4ngig von der Art der Pf\u00e4ndung von Grundst\u00fccken oder anderem Eigentum, bis zur vollst\u00e4ndigen Bezahlung. Der K\u00e4ufer verpflichtet sich, auf Verlangen alles zu tun, was zur Vervollkommnung und Aufrechterhaltung des Sicherungsrechts erforderlich ist, und das Interesse des Unternehmens zu sch\u00fctzen, indem er die Ausr\u00fcstung in angemessener Weise gegen Verlust oder Besch\u00e4digung aus jeglicher Ursache versichert, wobei das Unternehmen als Zusatzversicherter genannt wird. <br><strong>3. Abtretung<\/strong><br>Keine der Parteien darf diesen Vertrag ohne die vorherige schriftliche Zustimmung der anderen Partei abtreten oder \u00fcbertragen. Dem Unternehmen ist es jedoch gestattet, ohne vorherige schriftliche Zustimmung des K\u00e4ufers das Recht des Unternehmens auf Erhalt der gesamten oder eines Teils der vom K\u00e4ufer gem\u00e4\u00df diesem Vertrag geschuldeten Zahlung abzutreten oder zu \u00fcbertragen. <br><strong>4. Lieferung und Verzug<\/strong><br>Liefertermine sind als Sch\u00e4tzungen zu verstehen, und in keinem Fall d\u00fcrfen Termine so ausgelegt werden, dass sie unter den Begriff &#8222;Zeit ist von wesentlicher Bedeutung&#8220; fallen. Das Unternehmen haftet nicht f\u00fcr Verluste oder Verz\u00f6gerungen aufgrund von Krieg, Aufruhr, Feuer, \u00dcberschwemmung, Streiks oder anderen arbeitsrechtlichen Schwierigkeiten, zivilen oder milit\u00e4rischen Ma\u00dfnahmen, einschlie\u00dflich staatlicher Gesetze, Anordnungen, Priorit\u00e4ten oder Vorschriften, Ma\u00dfnahmen des K\u00e4ufers, Embargo, Fahrzeugmangel, Besch\u00e4digung oder Verz\u00f6gerung des Transports, Unf\u00e4higkeit, die erforderlichen Arbeitskr\u00e4fte oder Materialien aus den \u00fcblichen Quellen zu beschaffen, fehlerhafte Schmiede- oder Gussteile oder andere Ursachen, die au\u00dferhalb der Kontrolle des Unternehmens liegen. Im Falle einer Verz\u00f6gerung der Leistung aufgrund eines solchen Grundes wird das Lieferdatum oder die Fertigstellungszeit entsprechend der durch die Verz\u00f6gerung tats\u00e4chlich verlorenen Zeit angepasst. Der Erhalt der Ausr\u00fcstung durch den K\u00e4ufer stellt einen Verzicht auf jegliche Anspr\u00fcche wegen Verz\u00f6gerung dar.    <br><strong>5. Steuern<\/strong><br>Der Preis beinhaltet keine gegenw\u00e4rtigen oder zuk\u00fcnftigen Bundes-, Staats- oder lokalen Eigentums-, Lizenz-, Privilegien-, Verkaufs-, Nutzungs-, Verbrauchssteuern, Bruttoeinnahmen oder andere \u00e4hnliche Steuern oder Veranlagungen, die auf diese Transaktion oder die in Verbindung damit erbrachten Dienstleistungen anwendbar sind, daran gemessen werden, darauf erhoben werden oder daraus resultieren. Derartige Steuern werden dem K\u00e4ufer gesondert ausgewiesen, der sie unverz\u00fcglich an das Unternehmen zu zahlen hat. Das Unternehmen akzeptiert gegebenenfalls eine g\u00fcltige Freistellungsbescheinigung des K\u00e4ufers, wenn eine solche Freistellungsbescheinigung von der betreffenden staatlichen Steuerbeh\u00f6rde nicht anerkannt wird. Der K\u00e4ufer verpflichtet sich, dem Unternehmen unverz\u00fcglich alle Steuern zu erstatten, die durch eine solche Freistellungsbescheinigung abgedeckt sind und die das Unternehmen zu zahlen hat.<br>6. Aufrechnungen<br>Weder der K\u00e4ufer noch ein verbundenes Unternehmen oder ein Abtretungsempf\u00e4nger haben das Recht, eine Entsch\u00e4digung zu fordern oder mit Betr\u00e4gen aufzurechnen, die dem Unternehmen im Rahmen dieses Vertrags oder anderweitig zu zahlen sind.    <br><strong>7. Patente<\/strong><br>Das Unternehmen verteidigt jede Klage oder jedes Verfahren, das gegen den K\u00e4ufer angestrengt wird, und tr\u00e4gt jedes darin ergangene negative Urteil, soweit diese Klage oder dieses Verfahren auf der Behauptung beruht, dass die Verwendung der vom Unternehmen hergestellten und im Rahmen dieses Vertrages gelieferten Ausr\u00fcstung eine Verletzung eines Patents der Vereinigten Staaten von Amerika darstellt, vorausgesetzt, das Unternehmen wird unverz\u00fcglich schriftlich benachrichtigt und erh\u00e4lt Vollmacht, Informationen und Unterst\u00fctzung f\u00fcr die Verteidigung; und das Unternehmen dem K\u00e4ufer nach eigenem Ermessen das Recht verschafft, die besagte Ausr\u00fcstung weiter zu nutzen oder sie so zu modifizieren, dass sie nicht mehr gegen das Patent verst\u00f6\u00dft, oder sie durch eine Ausr\u00fcstung zu ersetzen, die nicht gegen das Patent verst\u00f6\u00dft, oder die besagte Ausr\u00fcstung zu entfernen und den Kaufpreis zu erstatten. Das Vorstehende ist nicht so auszulegen, dass das Unternehmen eine wie auch immer geartete Haftung in Bezug auf Patente f\u00fcr Erfindungen, die mehr als die hierunter gelieferte Ausr\u00fcstung umfassen, oder in Bezug auf Patente f\u00fcr Methoden und Prozesse, die mit Hilfe dieser Ausr\u00fcstung durchgef\u00fchrt werden, \u00fcbernimmt. Das Vorstehende regelt die gesamte Haftung des Unternehmens in Bezug auf Patentverletzungen.   <br><strong>8. Garantie<\/strong><br>Das Unternehmen garantiert, dass die von ihm hergestellten und im Rahmen dieses Vertrags gelieferten Ger\u00e4te f\u00fcr einen Zeitraum von zw\u00f6lf Monaten ab dem Datum der Inbetriebnahme oder achtzehn Monaten ab dem Versanddatum, je nachdem, was zuerst eintritt, frei von Material- und Verarbeitungsfehlern sind. F\u00fcr nicht verbrauchbare Teile gilt eine Garantie von 180 Tagen ab Versanddatum, f\u00fcr andere Teile gilt eine Garantie von [30-180] Tagen ab Versanddatum. Der K\u00e4ufer ist verpflichtet, dem Unternehmen innerhalb dieses Zeitraums jede Nichteinhaltung dieser Garantie unverz\u00fcglich schriftlich mitzuteilen, woraufhin das Unternehmen nach eigenem Ermessen die Nichteinhaltung durch eine geeignete Reparatur des Ger\u00e4ts behebt oder ein Ersatzteil frachtfrei liefert, vorausgesetzt, der K\u00e4ufer hat das Ger\u00e4t in \u00dcbereinstimmung mit der guten Industriepraxis gelagert, installiert, gewartet und betrieben und die spezifischen Empfehlungen des Unternehmens befolgt. F\u00fcr vom Unternehmen geliefertes, aber von Dritten hergestelltes Zubeh\u00f6r oder Ger\u00e4te gilt die Garantie, die der Hersteller dem Unternehmen gew\u00e4hrt hat und die an den K\u00e4ufer weitergegeben werden kann. Das Unternehmen haftet nicht f\u00fcr Reparaturen, Ersatz oder Anpassungen an der Ausr\u00fcstung oder f\u00fcr Arbeitskosten, die vom K\u00e4ufer oder von Dritten ohne vorherige schriftliche Genehmigung des Unternehmens durchgef\u00fchrt werden. Die Auswirkungen von Korrosion, Erosion und normaler Abnutzung sind ausdr\u00fccklich ausgeschlossen. Die Leistungsgarantien beschr\u00e4nken sich auf die im Angebot des Unternehmens ausdr\u00fccklich genannten Garantien. Sofern sich die Verantwortung f\u00fcr die Erf\u00fcllung dieser Leistungsgarantien nicht auf bestimmte Werkstatt- oder Feldtests beschr\u00e4nkt, besteht die Verpflichtung des Unternehmens darin, die M\u00e4ngel in der oben genannten Weise und f\u00fcr den oben genannten Zeitraum zu beheben. DAS UNTERNEHMEN GIBT KEINE WEITEREN GARANTIEN ODER ZUSICHERUNGEN JEGLICHER ART, WEDER AUSDR\u00dcCKLICH NOCH STILLSCHWEIGEND, MIT AUSNAHME DER EIGENTUMSGARANTIE, UND ALLE STILLSCHWEIGENDEN GARANTIEN DER MARKTG\u00c4NGIGKEIT UND EIGNUNG F\u00dcR EINEN BESTIMMTEN ZWECK WERDEN HIERMIT ABGELEHNT.<br>Die Behebung von offensichtlichen oder verborgenen M\u00e4ngeln durch das Unternehmen in der oben genannten Art und Weise und innerhalb des oben genannten Zeitraums stellt die Erf\u00fcllung aller Verpflichtungen des Unternehmens f\u00fcr solche M\u00e4ngel dar, unabh\u00e4ngig davon, ob diese auf Vertrag, Gew\u00e4hrleistung, Fahrl\u00e4ssigkeit, Entsch\u00e4digung, verschuldensunabh\u00e4ngiger Haftung oder anderweitig in Bezug auf die Ausr\u00fcstung beruhen oder sich daraus ergeben. Der K\u00e4ufer darf die Ausr\u00fcstung, die er f\u00fcr mangelhaft h\u00e4lt, nicht in Betrieb nehmen, ohne das Unternehmen zuvor schriftlich von seiner Absicht in Kenntnis zu setzen. Jegliche Nutzung der Ausr\u00fcstung erfolgt auf eigenes Risiko und auf eigene Haftung des K\u00e4ufers.           <br><strong>9. Haftungsbeschr\u00e4nkung<\/strong><br>DIE HIERIN ANGEGEBENEN RECHTSMITTEL DES K\u00c4UFERS SIND AUSSCHLIESSLICH, UND DIE GESAMTE HAFTUNG DES UNTERNEHMENS IN BEZUG AUF DIESEN VERTRAG ODER DIE HIERIN GEBRACHTEN GER\u00c4TE UND DIENSTLEISTUNGEN. IM ZUSAMMENHANG MIT DER ERF\u00dcLLUNG ODER VERLETZUNG DESSELBEN ODER AUS DER HERSTELLUNG, DEM VERKAUF, DER LIEFERUNG, DER INSTALLATION, DER REPARATUR ODER DER TECHNISCHEN ANLEITUNG, DIE DURCH DIESEN VERTRAG ABGEDECKT SIND ODER IM RAHMEN DIESES VERTRAGS ERBRACHT WERDEN, UNABH\u00c4NGIG DAVON, OB SIE AUF VERTRAG. GARANTIE, FAHRL\u00c4SSIGKEIT, SCHADENSERSATZ, VERSCHULDENSUNABH\u00c4NGIGE HAFTUNG ODER ANDERWEITIG, DARF DEN KAUFPREIS DER GER\u00c4TEEINHEIT, AUF DER DIESE HAFTUNG BERUHT, NICHT \u00dcBERSTEIGEN. DAS UNTERNEHMEN UND SEINE LIEFERANTEN SIND IN KEINEM FALL GEGEN\u00dcBER DEM K\u00c4UFER HAFTBAR. RECHTSNACHFOLGERN ODER EINEM BEG\u00dcNSTIGTEN ODER ZESSIONAR DIESES VERTRAGES F\u00dcR JEGLICHE FOLGESCH\u00c4DEN. ZUF\u00c4LLIGE, INDIREKTE. ODER STRAFSCHADENSERSATZ, DIE SICH AUS DIESEM VERTRAG ODER EINER VERLETZUNG DESSELBEN ODER AUS EINEM DEFEKT IN. ODER EINEM AUSFALL ODER EINER FEHLFUNKTION DER VERTRAGSGEGENST\u00c4NDLICHEN AUSR\u00dcSTUNG ENTSTEHEN, UNABH\u00c4NGIG DAVON, OB SIE AUF NUTZUNGSAUSFALL, ENTGANGENEN GEWINNEN ODER EINNAHMEN, ZINSEN, ENTGANGENEM GESCH\u00c4FTSWERT, ARBEITSUNTERBRECHUNG. BEEINTR\u00c4CHTIGUNG ANDERER G\u00dcTER, VERLUST DURCH ABSCHALTUNG ODER NICHTBETRIEB, ERH\u00d6HTE BETRIEBSKOSTEN, KOSTEN F\u00dcR DEN KAUF VON ERSATZSTROM ODER ANSPR\u00dcCHE DES K\u00c4UFERS ODER SEINER KUNDEN WEGEN BETRIEBSUNTERBRECHUNG, UNABH\u00c4NGIG DAVON, OB EIN SOLCHER VERLUST ODER SCHADEN AUF EINEM VERTRAG, EINER GARANTIE, FAHRL\u00c4SSIGKEIT, ENTSCH\u00c4DIGUNG, GEF\u00c4HRDUNGSHAFTUNG ODER ANDERWEITIG BERUHT.        <br><strong>10. Nukleare Haftung<\/strong><br>F\u00fcr den Fall, dass die hierunter verkaufte Ausr\u00fcstung in einer Nuklearanlage verwendet werden soll, muss der K\u00e4ufer vor einer solchen Verwendung eine Versicherung oder staatliche Entsch\u00e4digung abschlie\u00dfen, die das Unternehmen vor Haftung sch\u00fctzt, und er erkl\u00e4rt sich hiermit bereit, das Unternehmen und seine Lieferanten f\u00fcr alle nuklearen Sch\u00e4den, einschlie\u00dflich Nutzungsausfall, zu entsch\u00e4digen, die in irgendeiner Weise aus einem nuklearen Vorfall entstehen, unabh\u00e4ngig davon, ob dies ganz oder teilweise auf Fahrl\u00e4ssigkeit oder andere Gr\u00fcnde des Unternehmens oder seiner Lieferanten zur\u00fcckzuf\u00fchren ist. <br><strong>11. Geltendes Recht<\/strong><br>Die Rechte und Pflichten der Parteien unterliegen den Gesetzen des Staates Delaware unter Ausschluss jeglicher kollisionsrechtlicher Bestimmungen. Das \u00dcbereinkommen der Vereinten Nationen \u00fcber Vertr\u00e4ge \u00fcber den internationalen Warenkauf findet auf diesen Vertrag keine Anwendung.<br>12. Exportkontrolle<br>Die Produkte des Unternehmens sind US-Ursprungswaren und unterliegen den US-Exportkontrollgesetzen, einschlie\u00dflich der Export Administration Regulations. Der Kunde verpflichtet sich, die US-Exportkontrollgesetze einzuhalten und die Produkte des Unternehmens nicht zu exportieren, zu reexportieren, zu \u00fcbertragen, weiterzugeben, zu verkaufen, weiterzuverkaufen oder anderweitig entgegen den US-Gesetzen umzuleiten. Der Kunde erkl\u00e4rt sich ferner damit einverstanden, alle erforderlichen Exportlizenzen einzuholen.   <br><strong>13. Ausf\u00fchrung<\/strong><br>Das Unternehmen ist an einen Vertrag oder eine \u00c4nderung desselben erst dann gebunden, wenn er von einem leitenden Angestellten des Unternehmens schriftlich genehmigt wurde. Der so genehmigte Vertrag ersetzt alle vorherigen m\u00fcndlichen oder schriftlichen Mitteilungen. <\/p><p><br><a href=\"https:\/\/kmtwaterjet.com\/wp-content\/uploads\/KMT-LD-101-07-2009.pdf\"><strong>KMT Waterjet Systems Inc. (LD-101) 07-2009 (PDF)<\/strong><\/a><\/p>\t\t\t\t\t\t\t\t<\/div>\n\t\t\t\t<\/div>\n\t\t\t\t\t<\/div>\n\t\t\t\t<\/div>\n\t\t\t\t<\/div>\n\t\t","protected":false},"excerpt":{"rendered":"<p>VERKAUFSBEDINGUNGEN UND KONDITIONEN 1. AllgemeinesDie hier dargelegten Verkaufsbedingungen gelten f\u00fcr den Verkauf von KMT Waterjet Systems Inc. (im Folgenden als Unternehmen bezeichnet) von Produkten, Ger\u00e4ten und dazugeh\u00f6rigen Teilen (im Folgenden als Ger\u00e4te bezeichnet). Sofern keine vorherige schriftliche Vereinbarung getroffen wurde, wird davon ausgegangen, dass das Unternehmen alle Arbeiten in \u00dcbereinstimmung mit den hier dargelegten Bedingungen [&hellip;]<\/p>\n","protected":false},"author":12,"featured_media":0,"parent":0,"menu_order":0,"comment_status":"closed","ping_status":"closed","template":"elementor_header_footer","meta":{"_acf_changed":false,"footnotes":""},"page-type":[],"class_list":["post-32423","page","type-page","status-publish","hentry"],"acf":[],"yoast_head":"<!-- This site is optimized with the Yoast SEO plugin v27.3 - https:\/\/yoast.com\/product\/yoast-seo-wordpress\/ -->\n<title>Allgemeine Gesch\u00e4ftsbedingungen f\u00fcr die Bestellung | KMT Waterjet<\/title>\n<meta name=\"description\" content=\"Informieren Sie sich \u00fcber die KMT Bestellbedingungen (Supply Chain) f\u00fcr Pr\u00e4zisionswasserstrahl-L\u00f6sungen. Kl\u00e4ren Sie Lieferung, Garantie und mehr.\" \/>\n<meta name=\"robots\" content=\"index, follow, max-snippet:-1, max-image-preview:large, max-video-preview:-1\" \/>\n<link rel=\"canonical\" href=\"https:\/\/kmtwaterjet.com\/de\/allgemeine-geschaeftsbedingungen-fuer-die-bestellung\/\" \/>\n<meta property=\"og:locale\" content=\"de_DE\" \/>\n<meta property=\"og:type\" content=\"article\" \/>\n<meta property=\"og:title\" content=\"Allgemeine Gesch\u00e4ftsbedingungen f\u00fcr die Bestellung | KMT Waterjet\" \/>\n<meta property=\"og:description\" content=\"Informieren Sie sich \u00fcber die KMT Bestellbedingungen (Supply Chain) f\u00fcr Pr\u00e4zisionswasserstrahl-L\u00f6sungen. Kl\u00e4ren Sie Lieferung, Garantie und mehr.\" \/>\n<meta property=\"og:url\" content=\"https:\/\/kmtwaterjet.com\/de\/allgemeine-geschaeftsbedingungen-fuer-die-bestellung\/\" \/>\n<meta property=\"og:site_name\" content=\"KMT Waterjet\" \/>\n<meta property=\"article:modified_time\" content=\"2025-03-20T17:37:12+00:00\" \/>\n<meta property=\"og:image\" content=\"https:\/\/kmtwaterjet.com\/wp-content\/uploads\/KMT-Social-Sharing.jpg\" \/>\n\t<meta property=\"og:image:width\" content=\"1200\" \/>\n\t<meta property=\"og:image:height\" content=\"675\" \/>\n\t<meta property=\"og:image:type\" content=\"image\/jpeg\" \/>\n<meta name=\"twitter:card\" content=\"summary_large_image\" \/>\n<meta name=\"twitter:label1\" content=\"Gesch\u00e4tzte Lesezeit\" \/>\n\t<meta name=\"twitter:data1\" content=\"8 Minuten\" \/>\n<script type=\"application\/ld+json\" class=\"yoast-schema-graph\">{\"@context\":\"https:\\\/\\\/schema.org\",\"@graph\":[{\"@type\":\"WebPage\",\"@id\":\"https:\\\/\\\/kmtwaterjet.com\\\/de\\\/allgemeine-geschaeftsbedingungen-fuer-die-bestellung\\\/\",\"url\":\"https:\\\/\\\/kmtwaterjet.com\\\/de\\\/allgemeine-geschaeftsbedingungen-fuer-die-bestellung\\\/\",\"name\":\"Allgemeine Gesch\u00e4ftsbedingungen f\u00fcr die Bestellung | KMT Waterjet\",\"isPartOf\":{\"@id\":\"https:\\\/\\\/kmtwaterjet.com\\\/de\\\/#website\"},\"datePublished\":\"2024-01-19T04:05:28+00:00\",\"dateModified\":\"2025-03-20T17:37:12+00:00\",\"description\":\"Informieren Sie sich \u00fcber die KMT Bestellbedingungen (Supply Chain) f\u00fcr Pr\u00e4zisionswasserstrahl-L\u00f6sungen. Kl\u00e4ren Sie Lieferung, Garantie und mehr.\",\"breadcrumb\":{\"@id\":\"https:\\\/\\\/kmtwaterjet.com\\\/de\\\/allgemeine-geschaeftsbedingungen-fuer-die-bestellung\\\/#breadcrumb\"},\"inLanguage\":\"de-DE\",\"potentialAction\":[{\"@type\":\"ReadAction\",\"target\":[\"https:\\\/\\\/kmtwaterjet.com\\\/de\\\/allgemeine-geschaeftsbedingungen-fuer-die-bestellung\\\/\"]}]},{\"@type\":\"BreadcrumbList\",\"@id\":\"https:\\\/\\\/kmtwaterjet.com\\\/de\\\/allgemeine-geschaeftsbedingungen-fuer-die-bestellung\\\/#breadcrumb\",\"itemListElement\":[{\"@type\":\"ListItem\",\"position\":1,\"name\":\"Home\",\"item\":\"https:\\\/\\\/kmtwaterjet.com\\\/de\\\/\"},{\"@type\":\"ListItem\",\"position\":2,\"name\":\"Allgemeine Gesch\u00e4ftsbedingungen f\u00fcr die Bestellung\"}]},{\"@type\":\"WebSite\",\"@id\":\"https:\\\/\\\/kmtwaterjet.com\\\/de\\\/#website\",\"url\":\"https:\\\/\\\/kmtwaterjet.com\\\/de\\\/\",\"name\":\"KMT Waterjet\",\"description\":\"KMT Waterjet for waterjet cutting metal, stone, glass, steel and more\",\"publisher\":{\"@id\":\"https:\\\/\\\/kmtwaterjet.com\\\/de\\\/#organization\"},\"potentialAction\":[{\"@type\":\"SearchAction\",\"target\":{\"@type\":\"EntryPoint\",\"urlTemplate\":\"https:\\\/\\\/kmtwaterjet.com\\\/de\\\/?s={search_term_string}\"},\"query-input\":{\"@type\":\"PropertyValueSpecification\",\"valueRequired\":true,\"valueName\":\"search_term_string\"}}],\"inLanguage\":\"de-DE\"},{\"@type\":\"Organization\",\"@id\":\"https:\\\/\\\/kmtwaterjet.com\\\/de\\\/#organization\",\"name\":\"KMT Waterjet\",\"url\":\"https:\\\/\\\/kmtwaterjet.com\\\/de\\\/\",\"logo\":{\"@type\":\"ImageObject\",\"inLanguage\":\"de-DE\",\"@id\":\"https:\\\/\\\/kmtwaterjet.com\\\/de\\\/#\\\/schema\\\/logo\\\/image\\\/\",\"url\":\"https:\\\/\\\/kmtwaterjet.com\\\/wp-content\\\/uploads\\\/kmt_logo_2020.png\",\"contentUrl\":\"https:\\\/\\\/kmtwaterjet.com\\\/wp-content\\\/uploads\\\/kmt_logo_2020.png\",\"width\":1002,\"height\":605,\"caption\":\"KMT Waterjet\"},\"image\":{\"@id\":\"https:\\\/\\\/kmtwaterjet.com\\\/de\\\/#\\\/schema\\\/logo\\\/image\\\/\"}}]}<\/script>\n<!-- \/ Yoast SEO plugin. -->","yoast_head_json":{"title":"Allgemeine Gesch\u00e4ftsbedingungen f\u00fcr die Bestellung | KMT Waterjet","description":"Informieren Sie sich \u00fcber die KMT Bestellbedingungen (Supply Chain) f\u00fcr Pr\u00e4zisionswasserstrahl-L\u00f6sungen. Kl\u00e4ren Sie Lieferung, Garantie und mehr.","robots":{"index":"index","follow":"follow","max-snippet":"max-snippet:-1","max-image-preview":"max-image-preview:large","max-video-preview":"max-video-preview:-1"},"canonical":"https:\/\/kmtwaterjet.com\/de\/allgemeine-geschaeftsbedingungen-fuer-die-bestellung\/","og_locale":"de_DE","og_type":"article","og_title":"Allgemeine Gesch\u00e4ftsbedingungen f\u00fcr die Bestellung | KMT Waterjet","og_description":"Informieren Sie sich \u00fcber die KMT Bestellbedingungen (Supply Chain) f\u00fcr Pr\u00e4zisionswasserstrahl-L\u00f6sungen. Kl\u00e4ren Sie Lieferung, Garantie und mehr.","og_url":"https:\/\/kmtwaterjet.com\/de\/allgemeine-geschaeftsbedingungen-fuer-die-bestellung\/","og_site_name":"KMT Waterjet","article_modified_time":"2025-03-20T17:37:12+00:00","og_image":[{"width":1200,"height":675,"url":"https:\/\/kmtwaterjet.com\/wp-content\/uploads\/KMT-Social-Sharing.jpg","type":"image\/jpeg"}],"twitter_card":"summary_large_image","twitter_misc":{"Gesch\u00e4tzte Lesezeit":"8 Minuten"},"schema":{"@context":"https:\/\/schema.org","@graph":[{"@type":"WebPage","@id":"https:\/\/kmtwaterjet.com\/de\/allgemeine-geschaeftsbedingungen-fuer-die-bestellung\/","url":"https:\/\/kmtwaterjet.com\/de\/allgemeine-geschaeftsbedingungen-fuer-die-bestellung\/","name":"Allgemeine Gesch\u00e4ftsbedingungen f\u00fcr die Bestellung | KMT Waterjet","isPartOf":{"@id":"https:\/\/kmtwaterjet.com\/de\/#website"},"datePublished":"2024-01-19T04:05:28+00:00","dateModified":"2025-03-20T17:37:12+00:00","description":"Informieren Sie sich \u00fcber die KMT Bestellbedingungen (Supply Chain) f\u00fcr Pr\u00e4zisionswasserstrahl-L\u00f6sungen. Kl\u00e4ren Sie Lieferung, Garantie und mehr.","breadcrumb":{"@id":"https:\/\/kmtwaterjet.com\/de\/allgemeine-geschaeftsbedingungen-fuer-die-bestellung\/#breadcrumb"},"inLanguage":"de-DE","potentialAction":[{"@type":"ReadAction","target":["https:\/\/kmtwaterjet.com\/de\/allgemeine-geschaeftsbedingungen-fuer-die-bestellung\/"]}]},{"@type":"BreadcrumbList","@id":"https:\/\/kmtwaterjet.com\/de\/allgemeine-geschaeftsbedingungen-fuer-die-bestellung\/#breadcrumb","itemListElement":[{"@type":"ListItem","position":1,"name":"Home","item":"https:\/\/kmtwaterjet.com\/de\/"},{"@type":"ListItem","position":2,"name":"Allgemeine Gesch\u00e4ftsbedingungen f\u00fcr die Bestellung"}]},{"@type":"WebSite","@id":"https:\/\/kmtwaterjet.com\/de\/#website","url":"https:\/\/kmtwaterjet.com\/de\/","name":"KMT Waterjet","description":"KMT Waterjet for waterjet cutting metal, stone, glass, steel and more","publisher":{"@id":"https:\/\/kmtwaterjet.com\/de\/#organization"},"potentialAction":[{"@type":"SearchAction","target":{"@type":"EntryPoint","urlTemplate":"https:\/\/kmtwaterjet.com\/de\/?s={search_term_string}"},"query-input":{"@type":"PropertyValueSpecification","valueRequired":true,"valueName":"search_term_string"}}],"inLanguage":"de-DE"},{"@type":"Organization","@id":"https:\/\/kmtwaterjet.com\/de\/#organization","name":"KMT Waterjet","url":"https:\/\/kmtwaterjet.com\/de\/","logo":{"@type":"ImageObject","inLanguage":"de-DE","@id":"https:\/\/kmtwaterjet.com\/de\/#\/schema\/logo\/image\/","url":"https:\/\/kmtwaterjet.com\/wp-content\/uploads\/kmt_logo_2020.png","contentUrl":"https:\/\/kmtwaterjet.com\/wp-content\/uploads\/kmt_logo_2020.png","width":1002,"height":605,"caption":"KMT Waterjet"},"image":{"@id":"https:\/\/kmtwaterjet.com\/de\/#\/schema\/logo\/image\/"}}]}},"_links":{"self":[{"href":"https:\/\/kmtwaterjet.com\/de\/wp-json\/wp\/v2\/pages\/32423","targetHints":{"allow":["GET"]}}],"collection":[{"href":"https:\/\/kmtwaterjet.com\/de\/wp-json\/wp\/v2\/pages"}],"about":[{"href":"https:\/\/kmtwaterjet.com\/de\/wp-json\/wp\/v2\/types\/page"}],"author":[{"embeddable":true,"href":"https:\/\/kmtwaterjet.com\/de\/wp-json\/wp\/v2\/users\/12"}],"replies":[{"embeddable":true,"href":"https:\/\/kmtwaterjet.com\/de\/wp-json\/wp\/v2\/comments?post=32423"}],"version-history":[{"count":0,"href":"https:\/\/kmtwaterjet.com\/de\/wp-json\/wp\/v2\/pages\/32423\/revisions"}],"wp:attachment":[{"href":"https:\/\/kmtwaterjet.com\/de\/wp-json\/wp\/v2\/media?parent=32423"}],"wp:term":[{"taxonomy":"page-type","embeddable":true,"href":"https:\/\/kmtwaterjet.com\/de\/wp-json\/wp\/v2\/page-type?post=32423"}],"curies":[{"name":"wp","href":"https:\/\/api.w.org\/{rel}","templated":true}]}}