{"id":31438,"date":"2024-01-26T11:11:48","date_gmt":"2024-01-26T17:11:48","guid":{"rendered":"https:\/\/kmtwaterjet.com\/kmt-datenschutzrichtlinie\/"},"modified":"2025-02-17T13:05:20","modified_gmt":"2025-02-17T19:05:20","slug":"kmt-datenschutzrichtlinie","status":"publish","type":"page","link":"https:\/\/kmtwaterjet.com\/de\/kmt-datenschutzrichtlinie\/","title":{"rendered":"KMT Datenschutzrichtlinie"},"content":{"rendered":"\t\t<div data-elementor-type=\"wp-page\" data-elementor-id=\"31438\" class=\"elementor elementor-31438 elementor-3781\" data-elementor-post-type=\"page\">\n\t\t\t\t<div class=\"elementor-element elementor-element-20e8b0c e-flex e-con-boxed e-con e-parent\" data-id=\"20e8b0c\" data-element_type=\"container\" data-e-type=\"container\" data-settings=\"{&quot;background_background&quot;:&quot;classic&quot;,&quot;shape_divider_bottom&quot;:&quot;waves&quot;,&quot;shape_divider_bottom_negative&quot;:&quot;yes&quot;}\">\n\t\t\t\t\t<div class=\"e-con-inner\">\n\t\t\t\t<div class=\"elementor-shape elementor-shape-bottom\" aria-hidden=\"true\" data-negative=\"true\">\n\t\t\t<svg xmlns=\"http:\/\/www.w3.org\/2000\/svg\" viewBox=\"0 0 1000 100\" preserveAspectRatio=\"none\">\n\t<path class=\"elementor-shape-fill\" d=\"M790.5,93.1c-59.3-5.3-116.8-18-192.6-50c-29.6-12.7-76.9-31-100.5-35.9c-23.6-4.9-52.6-7.8-75.5-5.3\n\tc-10.2,1.1-22.6,1.4-50.1,7.4c-27.2,6.3-58.2,16.6-79.4,24.7c-41.3,15.9-94.9,21.9-134,22.6C72,58.2,0,25.8,0,25.8V100h1000V65.3\n\tc0,0-51.5,19.4-106.2,25.7C839.5,97,814.1,95.2,790.5,93.1z\"\/>\n<\/svg>\t\t<\/div>\n\t\t<div class=\"elementor-element elementor-element-3db032c e-con-full e-flex e-con e-child\" data-id=\"3db032c\" data-element_type=\"container\" data-e-type=\"container\">\n\t\t\t\t<div class=\"elementor-element elementor-element-d577189 elementor-widget__width-initial elementor-widget elementor-widget-heading\" data-id=\"d577189\" data-element_type=\"widget\" data-e-type=\"widget\" data-widget_type=\"heading.default\">\n\t\t\t\t<div class=\"elementor-widget-container\">\n\t\t\t\t\t<h2 class=\"elementor-heading-title elementor-size-default\">KMT DATENSCHUTZRICHTLINIE<\/h2>\t\t\t\t<\/div>\n\t\t\t\t<\/div>\n\t\t\t\t<div class=\"elementor-element elementor-element-8ac114c elementor-widget-divider--view-line elementor-widget elementor-widget-divider\" data-id=\"8ac114c\" data-element_type=\"widget\" data-e-type=\"widget\" data-widget_type=\"divider.default\">\n\t\t\t\t<div class=\"elementor-widget-container\">\n\t\t\t\t\t\t\t<div class=\"elementor-divider\">\n\t\t\t<span class=\"elementor-divider-separator\">\n\t\t\t\t\t\t<\/span>\n\t\t<\/div>\n\t\t\t\t\t\t<\/div>\n\t\t\t\t<\/div>\n\t\t<div class=\"elementor-element elementor-element-cf345b2 e-con-full e-flex e-con e-child\" data-id=\"cf345b2\" data-element_type=\"container\" data-e-type=\"container\">\n\t\t\t\t<div class=\"elementor-element elementor-element-b64b37c elementor-widget elementor-widget-text-editor\" data-id=\"b64b37c\" data-element_type=\"widget\" data-e-type=\"widget\" data-widget_type=\"text-editor.default\">\n\t\t\t\t<div class=\"elementor-widget-container\">\n\t\t\t\t\t\t\t\t\t<p>Vielen Dank f\u00fcr Ihren Besuch auf der Internet-Website von KMT Waterjet Systems, Inc. (&#8222;KMT&#8220;), die Sie unter www.kmtwaterjet.com und www.kmtgenuineparts.com finden. Diese Datenschutzrichtlinie beschreibt bestimmte Richtlinien, die KMT f\u00fcr den Umgang mit personenbezogenen Daten von Nutzern unserer Website umsetzt.<\/p>\n<p>KMT ist sich der Bedeutung des Schutzes pers\u00f6nlicher Daten bewusst und sch\u00fctzt diese in angemessener Weise.<br \/>\nKMT befolgt die Regeln und Vorschriften f\u00fcr den Erwerb, die Nutzung und die Bereitstellung usw. von pers\u00f6nlichen Daten und geht auf dieser Grundlage angemessen mit pers\u00f6nlichen Daten um. <\/p>\n<p>Um die Richtigkeit und Sicherheit pers\u00f6nlicher Informationen zu gew\u00e4hrleisten, ergreift KMT Ma\u00dfnahmen zur Daten-\/Informationssicherheit und -kontrolle, um den unbefugten Zugriff auf pers\u00f6nliche Informationen oder den Verlust, die Zerst\u00f6rung, die F\u00e4lschung und das Durchsickern von pers\u00f6nlichen Informationen zu verhindern.<\/p>\n<p>KMT kann Informationen \u00fcber den Besuch einzelner Benutzer auf der KMT-Website sammeln.<br \/>\nKMT kann auch Informationen \u00fcber einzelne Nutzer verwenden, um Produktinformationen und Werbematerial \u00fcber KMT oder seine Tochtergesellschaften zu versenden.<br \/>\nPers\u00f6nliche Daten, die auf der Website von KMT gesammelt werden, k\u00f6nnen in Schweden oder einem anderen Land, in dem KMT oder seine Tochtergesellschaften Einrichtungen unterhalten, gespeichert und verarbeitet werden, und durch die Nutzung der Website oder der Dienste von KMT stimmen Sie einer solchen \u00dcbertragung von Daten au\u00dferhalb Ihres Landes zu.  <\/p>\n<p>KMT respektiert das Recht des einzelnen Nutzers\/Kunden auf Information und kommt den Anfragen der betroffenen Nutzer\/Kunden nach Offenlegung ihrer pers\u00f6nlichen Daten, \u00c4nderung, Erg\u00e4nzung oder L\u00f6schung und L\u00f6schung des Inhalts ihrer pers\u00f6nlichen Daten sowie der Aussetzung der Weitergabe von Informationen an Dritte in \u00dcbereinstimmung mit den Bestimmungen der einschl\u00e4gigen Gesetze nach.  <\/p><\/p>\n\t\t\t\t\t\t\t\t<\/div>\n\t\t\t\t<\/div>\n\t\t\t\t<div class=\"elementor-element elementor-element-94b04af elementor-widget elementor-widget-heading\" data-id=\"94b04af\" data-element_type=\"widget\" data-e-type=\"widget\" data-widget_type=\"heading.default\">\n\t\t\t\t<div class=\"elementor-widget-container\">\n\t\t\t\t\t<h4 class=\"elementor-heading-title elementor-size-default\">Aktualisierungen der Datenschutzrichtlinie<\/h4>\t\t\t\t<\/div>\n\t\t\t\t<\/div>\n\t\t\t\t<div class=\"elementor-element elementor-element-344d3f9 elementor-widget elementor-widget-text-editor\" data-id=\"344d3f9\" data-element_type=\"widget\" data-e-type=\"widget\" data-widget_type=\"text-editor.default\">\n\t\t\t\t<div class=\"elementor-widget-container\">\n\t\t\t\t\t\t\t\t\t<p>Da sich das Internet schnell weiterentwickelt, kann es sein, dass KMT diese Datenschutzrichtlinie von Zeit zu Zeit aktualisieren muss. Die aktualisierte KMT-Datenschutzrichtlinie finden Sie unter https:\/\/kmtwaterjet.com\/a-kmt-genuine-parts-privacy.aspx <\/p>\n<p>KMT kann registrierten Benutzern eine E-Mail schicken, damit Sie immer wissen, welche personenbezogenen Daten wir sammeln und wie wir diese Informationen verwenden.<br \/>\nKMT empfiehlt Ihnen, diese Datenschutzrichtlinie regelm\u00e4\u00dfig auf \u00c4nderungen zu \u00fcberpr\u00fcfen.<br \/>\nIhre fortgesetzte Nutzung dieser Website und\/oder die fortgesetzte \u00dcbermittlung von personenbezogenen Daten an uns unterliegt den Bedingungen der jeweils aktuellen Datenschutzrichtlinie.  <\/p>\n\t\t\t\t\t\t\t\t<\/div>\n\t\t\t\t<\/div>\n\t\t\t\t<div class=\"elementor-element elementor-element-1d1691a elementor-widget elementor-widget-heading\" data-id=\"1d1691a\" data-element_type=\"widget\" data-e-type=\"widget\" data-widget_type=\"heading.default\">\n\t\t\t\t<div class=\"elementor-widget-container\">\n\t\t\t\t\t<h4 class=\"elementor-heading-title elementor-size-default\">Sammlung und Verwendung von Informationen<\/h4>\t\t\t\t<\/div>\n\t\t\t\t<\/div>\n\t\t\t\t<div class=\"elementor-element elementor-element-5ed9843 elementor-widget elementor-widget-text-editor\" data-id=\"5ed9843\" data-element_type=\"widget\" data-e-type=\"widget\" data-widget_type=\"text-editor.default\">\n\t\t\t\t<div class=\"elementor-widget-container\">\n\t\t\t\t\t\t\t\t\t<p>Diese Website basiert auf der Registrierung und der anschlie\u00dfenden Eingabe einer Benutzerkennung und eines Passworts.<br \/>\nWenn Sie Produkte kaufen, k\u00f6nnen wir Sie auffordern, sich mit Fragen oder Kommentaren an uns zu wenden oder Informationen anzufordern, uns Feedback zu geben oder ein Registrierungsformular auszuf\u00fcllen.<br \/>\nAufgrund der Art einiger dieser Aktivit\u00e4ten werden wir pers\u00f6nlich identifizierbare Daten wie Ihren Namen, Kontaktdaten wie Ihre Adresse, Ihre E-Mail-Adresse, Ihre Telefonnummer, Ihren Benutzernamen, Ihr Passwort, Ihre Kreditkartennummer oder andere finanzielle Kontoinformationen sowie andere Kontaktinformationen, die Sie uns freiwillig mit Ihrer Kommunikation \u00fcbermitteln, erfassen.  <br \/>Wir k\u00f6nnen Ihre personenbezogenen Daten verwenden, um Sie f\u00fcr die Nutzung unserer Website zu registrieren, um bestimmte Produkte zu liefern, um Sie \u00fcber Produkte zu informieren, die Sie gekauft haben, um Sie \u00fcber Produkte und\/oder Dienstleistungen zu informieren, die Sie m\u00f6glicherweise in Zukunft kaufen m\u00f6chten, um Ihre Berechtigung zum Betreten unserer Website zu \u00fcberpr\u00fcfen und um den Inhalt und die allgemeine Verwaltung der Website und unserer Dienstleistungen zu verbessern sowie f\u00fcr gezielte Werbung.<\/p>\n\t\t\t\t\t\t\t\t<\/div>\n\t\t\t\t<\/div>\n\t\t\t\t<div class=\"elementor-element elementor-element-8e5967b elementor-widget elementor-widget-heading\" data-id=\"8e5967b\" data-element_type=\"widget\" data-e-type=\"widget\" data-widget_type=\"heading.default\">\n\t\t\t\t<div class=\"elementor-widget-container\">\n\t\t\t\t\t<h4 class=\"elementor-heading-title elementor-size-default\">Cookies<\/h4>\t\t\t\t<\/div>\n\t\t\t\t<\/div>\n\t\t\t\t<div class=\"elementor-element elementor-element-0fa3487 elementor-widget elementor-widget-text-editor\" data-id=\"0fa3487\" data-element_type=\"widget\" data-e-type=\"widget\" data-widget_type=\"text-editor.default\">\n\t\t\t\t<div class=\"elementor-widget-container\">\n\t\t\t\t\t\t\t\t\t<p>Wir k\u00f6nnen kleine Textdateien, so genannte Cookies, verwenden, um die Website insgesamt zu verbessern.<br \/>\nEin Cookie ist ein Datenelement, das auf der Festplatte des Benutzers gespeichert wird und Informationen \u00fcber den Benutzer enth\u00e4lt.<br \/>\nCookies erlauben es uns im Allgemeinen nicht, Sie pers\u00f6nlich zu identifizieren.  <\/p>\n\t\t\t\t\t\t\t\t<\/div>\n\t\t\t\t<\/div>\n\t\t\t\t<div class=\"elementor-element elementor-element-dd13168 elementor-widget elementor-widget-heading\" data-id=\"dd13168\" data-element_type=\"widget\" data-e-type=\"widget\" data-widget_type=\"heading.default\">\n\t\t\t\t<div class=\"elementor-widget-container\">\n\t\t\t\t\t<h4 class=\"elementor-heading-title elementor-size-default\">Aggregierte Informationen<\/h4>\t\t\t\t<\/div>\n\t\t\t\t<\/div>\n\t\t\t\t<div class=\"elementor-element elementor-element-c180bd3 elementor-widget elementor-widget-text-editor\" data-id=\"c180bd3\" data-element_type=\"widget\" data-e-type=\"widget\" data-widget_type=\"text-editor.default\">\n\t\t\t\t<div class=\"elementor-widget-container\">\n\t\t\t\t\t\t\t\t\t<p>Die Website kann die Gesamtzahl der Besucher auf unserer Website, die Anzahl der Besucher auf den einzelnen Seiten unserer Website, den Browsertyp und die IP-Adressen verfolgen, und wir k\u00f6nnen diese Daten f\u00fcr Trends und Statistiken in der Gesamtheit analysieren, aber diese Informationen werden nur in der Gesamtheit aufbewahrt, verwendet und weitergegeben und enthalten keine pers\u00f6nlich identifizierbaren Informationen.<br \/>\nWir k\u00f6nnen solche zusammengefassten Daten verwenden, um Trends zu analysieren, die Website zu verwalten, die Bewegungen der Benutzer zu verfolgen und allgemeine demografische Informationen f\u00fcr die allgemeine Verwendung zu sammeln. <\/p>\n\t\t\t\t\t\t\t\t<\/div>\n\t\t\t\t<\/div>\n\t\t\t\t<div class=\"elementor-element elementor-element-450ac95 elementor-widget elementor-widget-heading\" data-id=\"450ac95\" data-element_type=\"widget\" data-e-type=\"widget\" data-widget_type=\"heading.default\">\n\t\t\t\t<div class=\"elementor-widget-container\">\n\t\t\t\t\t<h4 class=\"elementor-heading-title elementor-size-default\">Offenlegung<\/h4>\t\t\t\t<\/div>\n\t\t\t\t<\/div>\n\t\t\t\t<div class=\"elementor-element elementor-element-c264c5c elementor-widget elementor-widget-text-editor\" data-id=\"c264c5c\" data-element_type=\"widget\" data-e-type=\"widget\" data-widget_type=\"text-editor.default\">\n\t\t\t\t<div class=\"elementor-widget-container\">\n\t\t\t\t\t\t\t\t\t<p>Wir k\u00f6nnen Ihre personenbezogenen Daten und die von Cookies erzeugten Daten sowie die gesammelten Informationen an die Anbieter und Dienstleistungsagenturen weitergeben, die wir beauftragen k\u00f6nnen, uns bei der Erbringung unserer Dienstleistungen f\u00fcr Sie zu unterst\u00fctzen.<br \/>\nSo k\u00f6nnen wir beispielsweise Ihre personenbezogenen Daten an ein Kreditkartenunternehmen weitergeben, um Ihre Zahlung zu bearbeiten, oder an eine Marketing-, Forschungs- und\/oder Werbeagentur, um Ihnen in unserem Namen Werbung zu schicken.<br \/>\nDiese Drittunternehmen d\u00fcrfen Ihre personenbezogenen Daten nicht weitergeben und nicht f\u00fcr kommerzielle Zwecke verwenden und m\u00fcssen sich einer schriftlichen Vertraulichkeitsvereinbarung unterwerfen, die Ihre personenbezogenen Daten mindestens ebenso gut sch\u00fctzt wie die Bestimmungen dieser Datenschutzrichtlinie.<br \/>\nWir werden Ihre personenbezogenen Daten offenlegen, wenn wir vern\u00fcnftigerweise davon ausgehen, dass wir durch ein Gesetz, eine Verordnung oder eine andere staatliche Beh\u00f6rde dazu verpflichtet sind, dies zu tun.<br \/>\nWir werden Ihre pers\u00f6nlich identifizierbaren Daten nicht an ein Unternehmen oder eine Organisation verkaufen, es sei denn, wir \u00fcbertragen Ihre pers\u00f6nlich identifizierbaren Daten an ein Nachfolgeunternehmen im Rahmen einer Fusion, Konsolidierung oder anderen Unternehmensumstrukturierung, an der KMT beteiligt ist, oder an einen K\u00e4ufer aller oder im Wesentlichen aller Verm\u00f6genswerte von KMT, auf die sich diese Website bezieht.    <\/p>\n\t\t\t\t\t\t\t\t<\/div>\n\t\t\t\t<\/div>\n\t\t\t\t<div class=\"elementor-element elementor-element-b04d651 elementor-widget elementor-widget-heading\" data-id=\"b04d651\" data-element_type=\"widget\" data-e-type=\"widget\" data-widget_type=\"heading.default\">\n\t\t\t\t<div class=\"elementor-widget-container\">\n\t\t\t\t\t<h4 class=\"elementor-heading-title elementor-size-default\">Links zu Websites von Drittanbietern<\/h4>\t\t\t\t<\/div>\n\t\t\t\t<\/div>\n\t\t\t\t<div class=\"elementor-element elementor-element-9e062e2 elementor-widget elementor-widget-text-editor\" data-id=\"9e062e2\" data-element_type=\"widget\" data-e-type=\"widget\" data-widget_type=\"text-editor.default\">\n\t\t\t\t<div class=\"elementor-widget-container\">\n\t\t\t\t\t\t\t\t\t<p>Die Website kann Links zu anderen Websites oder Ressourcen enthalten, die nicht unter der Kontrolle von KMT stehen (&#8222;Externe Websites&#8220;).<br \/>\nSolche Links stellen keine Billigung dieser externen Websites durch KMT dar.<br \/>\nSie erkennen an, dass KMT Ihnen diese Links nur als Annehmlichkeit zur Verf\u00fcgung stellt, und erkl\u00e4ren sich ferner damit einverstanden, dass KMT nicht f\u00fcr den Inhalt dieser externen Websites verantwortlich ist.<br \/>\nIhre Nutzung der externen Websites unterliegt den Nutzungsbedingungen und Datenschutzrichtlinien, die auf den verlinkten externen Websites zu finden sind.   <\/p>\n\t\t\t\t\t\t\t\t<\/div>\n\t\t\t\t<\/div>\n\t\t\t\t<div class=\"elementor-element elementor-element-3223930 elementor-widget elementor-widget-heading\" data-id=\"3223930\" data-element_type=\"widget\" data-e-type=\"widget\" data-widget_type=\"heading.default\">\n\t\t\t\t<div class=\"elementor-widget-container\">\n\t\t\t\t\t<h4 class=\"elementor-heading-title elementor-size-default\">Sicherheit<\/h4>\t\t\t\t<\/div>\n\t\t\t\t<\/div>\n\t\t\t\t<div class=\"elementor-element elementor-element-1abf053 elementor-widget elementor-widget-text-editor\" data-id=\"1abf053\" data-element_type=\"widget\" data-e-type=\"widget\" data-widget_type=\"text-editor.default\">\n\t\t\t\t<div class=\"elementor-widget-container\">\n\t\t\t\t\t\t\t\t\t<p>Wir k\u00f6nnen verfahrenstechnische und technologische Sicherheitsma\u00dfnahmen ergreifen, die in angemessener Weise dazu beitragen, Ihre personenbezogenen Daten vor Verlust, unbefugtem Zugriff, Offenlegung, \u00c4nderung oder Zerst\u00f6rung zu sch\u00fctzen.<br \/>\nKMT kann Secure Socket Layer, Passwortschutz und andere Sicherheitsma\u00dfnahmen einsetzen, um den unbefugten Zugriff auf Ihre personenbezogenen Daten zu verhindern.<br \/>Korrektur\/Aktualisierung personenbezogener Daten<br \/>KMT bietet Ihnen die M\u00f6glichkeit, alle personenbezogenen Daten, die Sie uns zur Verf\u00fcgung gestellt haben, zu \u00fcberpr\u00fcfen, zu korrigieren und zu l\u00f6schen.<br \/>\nWenn Sie Informationen, die Sie uns zur Verf\u00fcgung gestellt haben, \u00fcberpr\u00fcfen oder korrigieren m\u00f6chten, k\u00f6nnen Sie eine Anfrage an uns richten (siehe Kontaktinformationen unten) oder online auf Ihr Konto zugreifen.  <\/p>\n<p>Wenn Sie Fragen zu dieser Datenschutzrichtlinie haben, kontaktieren Sie uns bitte per E-Mail unter sales@kmtwaterjet.com.<\/p>\n<p>Diese Datenschutzrichtlinie ist g\u00fcltig ab: Mai 1, 2011<\/p>\n<p><a href=\"https:\/\/kmtwaterjet.com\/de\/gdpr-datenverarbeitung-datenschutzrichtlinie\/\">GDPR DATENVERARBEITUNG DATENSCHUTZERKL\u00c4RUNG (EU)  &gt; <\/a><\/p>\n\t\t\t\t\t\t\t\t<\/div>\n\t\t\t\t<\/div>\n\t\t\t\t<\/div>\n\t\t\t\t<\/div>\n\t\t\t\t\t<\/div>\n\t\t\t\t<\/div>\n\t\t\t\t<\/div>\n\t\t","protected":false},"excerpt":{"rendered":"<p>KMT DATENSCHUTZRICHTLINIE Vielen Dank f\u00fcr Ihren Besuch auf der Internet-Website von KMT Waterjet Systems, Inc. (&#8222;KMT&#8220;), die Sie unter www.kmtwaterjet.com und www.kmtgenuineparts.com finden. Diese Datenschutzrichtlinie beschreibt bestimmte Richtlinien, die KMT f\u00fcr den Umgang mit personenbezogenen Daten von Nutzern unserer Website umsetzt. KMT ist sich der Bedeutung des Schutzes pers\u00f6nlicher Daten bewusst und sch\u00fctzt diese in [&hellip;]<\/p>\n","protected":false},"author":17,"featured_media":0,"parent":0,"menu_order":0,"comment_status":"closed","ping_status":"closed","template":"elementor_header_footer","meta":{"_acf_changed":false,"footnotes":""},"page-type":[],"class_list":["post-31438","page","type-page","status-publish","hentry"],"acf":[],"yoast_head":"<!-- This site is optimized with the Yoast SEO plugin v27.3 - https:\/\/yoast.com\/product\/yoast-seo-wordpress\/ -->\n<title>KMT Datenschutzrichtlinie | KMT Waterjet<\/title>\n<meta name=\"description\" content=\"KMT Datenschutzrichtlinie: Schutz Ihrer pers\u00f6nlichen Daten durch Sicherheitsma\u00dfnahmen. Bleiben Sie \u00fcber unsere Praktiken und Updates informiert.\" \/>\n<meta name=\"robots\" content=\"index, follow, max-snippet:-1, max-image-preview:large, max-video-preview:-1\" \/>\n<link rel=\"canonical\" href=\"https:\/\/kmtwaterjet.com\/de\/kmt-datenschutzrichtlinie\/\" \/>\n<meta property=\"og:locale\" content=\"de_DE\" \/>\n<meta property=\"og:type\" content=\"article\" \/>\n<meta property=\"og:title\" content=\"KMT Datenschutzrichtlinie | KMT Waterjet\" \/>\n<meta property=\"og:description\" content=\"KMT Datenschutzrichtlinie: Schutz Ihrer pers\u00f6nlichen Daten durch Sicherheitsma\u00dfnahmen. Bleiben Sie \u00fcber unsere Praktiken und Updates informiert.\" \/>\n<meta property=\"og:url\" content=\"https:\/\/kmtwaterjet.com\/de\/kmt-datenschutzrichtlinie\/\" \/>\n<meta property=\"og:site_name\" content=\"KMT Waterjet\" \/>\n<meta property=\"article:modified_time\" content=\"2025-02-17T19:05:20+00:00\" \/>\n<meta property=\"og:image\" content=\"https:\/\/kmtwaterjet.com\/wp-content\/uploads\/KMT-Social-Sharing.jpg\" \/>\n\t<meta property=\"og:image:width\" content=\"1200\" \/>\n\t<meta property=\"og:image:height\" content=\"675\" \/>\n\t<meta property=\"og:image:type\" content=\"image\/jpeg\" \/>\n<meta name=\"twitter:card\" content=\"summary_large_image\" \/>\n<meta name=\"twitter:label1\" content=\"Gesch\u00e4tzte Lesezeit\" \/>\n\t<meta name=\"twitter:data1\" content=\"6 Minuten\" \/>\n<script type=\"application\/ld+json\" class=\"yoast-schema-graph\">{\"@context\":\"https:\\\/\\\/schema.org\",\"@graph\":[{\"@type\":\"WebPage\",\"@id\":\"https:\\\/\\\/kmtwaterjet.com\\\/de\\\/kmt-datenschutzrichtlinie\\\/\",\"url\":\"https:\\\/\\\/kmtwaterjet.com\\\/de\\\/kmt-datenschutzrichtlinie\\\/\",\"name\":\"KMT Datenschutzrichtlinie | KMT Waterjet\",\"isPartOf\":{\"@id\":\"https:\\\/\\\/kmtwaterjet.com\\\/de\\\/#website\"},\"datePublished\":\"2024-01-26T17:11:48+00:00\",\"dateModified\":\"2025-02-17T19:05:20+00:00\",\"description\":\"KMT Datenschutzrichtlinie: Schutz Ihrer pers\u00f6nlichen Daten durch Sicherheitsma\u00dfnahmen. Bleiben Sie \u00fcber unsere Praktiken und Updates informiert.\",\"breadcrumb\":{\"@id\":\"https:\\\/\\\/kmtwaterjet.com\\\/de\\\/kmt-datenschutzrichtlinie\\\/#breadcrumb\"},\"inLanguage\":\"de-DE\",\"potentialAction\":[{\"@type\":\"ReadAction\",\"target\":[\"https:\\\/\\\/kmtwaterjet.com\\\/de\\\/kmt-datenschutzrichtlinie\\\/\"]}]},{\"@type\":\"BreadcrumbList\",\"@id\":\"https:\\\/\\\/kmtwaterjet.com\\\/de\\\/kmt-datenschutzrichtlinie\\\/#breadcrumb\",\"itemListElement\":[{\"@type\":\"ListItem\",\"position\":1,\"name\":\"Home\",\"item\":\"https:\\\/\\\/kmtwaterjet.com\\\/de\\\/\"},{\"@type\":\"ListItem\",\"position\":2,\"name\":\"KMT Datenschutzrichtlinie\"}]},{\"@type\":\"WebSite\",\"@id\":\"https:\\\/\\\/kmtwaterjet.com\\\/de\\\/#website\",\"url\":\"https:\\\/\\\/kmtwaterjet.com\\\/de\\\/\",\"name\":\"KMT Waterjet\",\"description\":\"KMT Waterjet for waterjet cutting metal, stone, glass, steel and more\",\"publisher\":{\"@id\":\"https:\\\/\\\/kmtwaterjet.com\\\/de\\\/#organization\"},\"potentialAction\":[{\"@type\":\"SearchAction\",\"target\":{\"@type\":\"EntryPoint\",\"urlTemplate\":\"https:\\\/\\\/kmtwaterjet.com\\\/de\\\/?s={search_term_string}\"},\"query-input\":{\"@type\":\"PropertyValueSpecification\",\"valueRequired\":true,\"valueName\":\"search_term_string\"}}],\"inLanguage\":\"de-DE\"},{\"@type\":\"Organization\",\"@id\":\"https:\\\/\\\/kmtwaterjet.com\\\/de\\\/#organization\",\"name\":\"KMT Waterjet\",\"url\":\"https:\\\/\\\/kmtwaterjet.com\\\/de\\\/\",\"logo\":{\"@type\":\"ImageObject\",\"inLanguage\":\"de-DE\",\"@id\":\"https:\\\/\\\/kmtwaterjet.com\\\/de\\\/#\\\/schema\\\/logo\\\/image\\\/\",\"url\":\"https:\\\/\\\/kmtwaterjet.com\\\/wp-content\\\/uploads\\\/kmt_logo_2020.png\",\"contentUrl\":\"https:\\\/\\\/kmtwaterjet.com\\\/wp-content\\\/uploads\\\/kmt_logo_2020.png\",\"width\":1002,\"height\":605,\"caption\":\"KMT Waterjet\"},\"image\":{\"@id\":\"https:\\\/\\\/kmtwaterjet.com\\\/de\\\/#\\\/schema\\\/logo\\\/image\\\/\"}}]}<\/script>\n<!-- \/ Yoast SEO plugin. -->","yoast_head_json":{"title":"KMT Datenschutzrichtlinie | KMT Waterjet","description":"KMT Datenschutzrichtlinie: Schutz Ihrer pers\u00f6nlichen Daten durch Sicherheitsma\u00dfnahmen. Bleiben Sie \u00fcber unsere Praktiken und Updates informiert.","robots":{"index":"index","follow":"follow","max-snippet":"max-snippet:-1","max-image-preview":"max-image-preview:large","max-video-preview":"max-video-preview:-1"},"canonical":"https:\/\/kmtwaterjet.com\/de\/kmt-datenschutzrichtlinie\/","og_locale":"de_DE","og_type":"article","og_title":"KMT Datenschutzrichtlinie | KMT Waterjet","og_description":"KMT Datenschutzrichtlinie: Schutz Ihrer pers\u00f6nlichen Daten durch Sicherheitsma\u00dfnahmen. Bleiben Sie \u00fcber unsere Praktiken und Updates informiert.","og_url":"https:\/\/kmtwaterjet.com\/de\/kmt-datenschutzrichtlinie\/","og_site_name":"KMT Waterjet","article_modified_time":"2025-02-17T19:05:20+00:00","og_image":[{"width":1200,"height":675,"url":"https:\/\/kmtwaterjet.com\/wp-content\/uploads\/KMT-Social-Sharing.jpg","type":"image\/jpeg"}],"twitter_card":"summary_large_image","twitter_misc":{"Gesch\u00e4tzte Lesezeit":"6 Minuten"},"schema":{"@context":"https:\/\/schema.org","@graph":[{"@type":"WebPage","@id":"https:\/\/kmtwaterjet.com\/de\/kmt-datenschutzrichtlinie\/","url":"https:\/\/kmtwaterjet.com\/de\/kmt-datenschutzrichtlinie\/","name":"KMT Datenschutzrichtlinie | KMT Waterjet","isPartOf":{"@id":"https:\/\/kmtwaterjet.com\/de\/#website"},"datePublished":"2024-01-26T17:11:48+00:00","dateModified":"2025-02-17T19:05:20+00:00","description":"KMT Datenschutzrichtlinie: Schutz Ihrer pers\u00f6nlichen Daten durch Sicherheitsma\u00dfnahmen. Bleiben Sie \u00fcber unsere Praktiken und Updates informiert.","breadcrumb":{"@id":"https:\/\/kmtwaterjet.com\/de\/kmt-datenschutzrichtlinie\/#breadcrumb"},"inLanguage":"de-DE","potentialAction":[{"@type":"ReadAction","target":["https:\/\/kmtwaterjet.com\/de\/kmt-datenschutzrichtlinie\/"]}]},{"@type":"BreadcrumbList","@id":"https:\/\/kmtwaterjet.com\/de\/kmt-datenschutzrichtlinie\/#breadcrumb","itemListElement":[{"@type":"ListItem","position":1,"name":"Home","item":"https:\/\/kmtwaterjet.com\/de\/"},{"@type":"ListItem","position":2,"name":"KMT Datenschutzrichtlinie"}]},{"@type":"WebSite","@id":"https:\/\/kmtwaterjet.com\/de\/#website","url":"https:\/\/kmtwaterjet.com\/de\/","name":"KMT Waterjet","description":"KMT Waterjet for waterjet cutting metal, stone, glass, steel and more","publisher":{"@id":"https:\/\/kmtwaterjet.com\/de\/#organization"},"potentialAction":[{"@type":"SearchAction","target":{"@type":"EntryPoint","urlTemplate":"https:\/\/kmtwaterjet.com\/de\/?s={search_term_string}"},"query-input":{"@type":"PropertyValueSpecification","valueRequired":true,"valueName":"search_term_string"}}],"inLanguage":"de-DE"},{"@type":"Organization","@id":"https:\/\/kmtwaterjet.com\/de\/#organization","name":"KMT Waterjet","url":"https:\/\/kmtwaterjet.com\/de\/","logo":{"@type":"ImageObject","inLanguage":"de-DE","@id":"https:\/\/kmtwaterjet.com\/de\/#\/schema\/logo\/image\/","url":"https:\/\/kmtwaterjet.com\/wp-content\/uploads\/kmt_logo_2020.png","contentUrl":"https:\/\/kmtwaterjet.com\/wp-content\/uploads\/kmt_logo_2020.png","width":1002,"height":605,"caption":"KMT Waterjet"},"image":{"@id":"https:\/\/kmtwaterjet.com\/de\/#\/schema\/logo\/image\/"}}]}},"_links":{"self":[{"href":"https:\/\/kmtwaterjet.com\/de\/wp-json\/wp\/v2\/pages\/31438","targetHints":{"allow":["GET"]}}],"collection":[{"href":"https:\/\/kmtwaterjet.com\/de\/wp-json\/wp\/v2\/pages"}],"about":[{"href":"https:\/\/kmtwaterjet.com\/de\/wp-json\/wp\/v2\/types\/page"}],"author":[{"embeddable":true,"href":"https:\/\/kmtwaterjet.com\/de\/wp-json\/wp\/v2\/users\/17"}],"replies":[{"embeddable":true,"href":"https:\/\/kmtwaterjet.com\/de\/wp-json\/wp\/v2\/comments?post=31438"}],"version-history":[{"count":0,"href":"https:\/\/kmtwaterjet.com\/de\/wp-json\/wp\/v2\/pages\/31438\/revisions"}],"wp:attachment":[{"href":"https:\/\/kmtwaterjet.com\/de\/wp-json\/wp\/v2\/media?parent=31438"}],"wp:term":[{"taxonomy":"page-type","embeddable":true,"href":"https:\/\/kmtwaterjet.com\/de\/wp-json\/wp\/v2\/page-type?post=31438"}],"curies":[{"name":"wp","href":"https:\/\/api.w.org\/{rel}","templated":true}]}}